{"id":1445099,"date":"2023-05-14T14:01:53","date_gmt":"2023-05-14T14:01:53","guid":{"rendered":"https:\/\/talkpal.ai\/gramadeg-estoneg\/"},"modified":"2025-12-13T15:18:43","modified_gmt":"2025-12-13T15:18:43","slug":"gramadeg-estoneg","status":"publish","type":"page","link":"https:\/\/talkpal.ai\/cy\/gramadeg-estoneg\/","title":{"rendered":"Gramadeg Estoneg"},"content":{"rendered":"\r\n\r\n\r\n<section class=\"languageChallengeSection\">\r\n    <div class=\"languageInfoWrapper\">\r\n        \r\n        <h1>Gramadeg Estoneg<\/h1>\r\n        <p>Meddwl am ddysgu <a href=\"https:\/\/talkpal.ai\/learn-estonian\/\">Estoneg<\/a>? Camwch i fyd gramadeg <a href=\"https:\/\/talkpal.ai\/locations\/language-courses-in-estonia\/\">Estonia<\/a>, lle mae agglutination, cytgord llafariad, ac ystod eang o achosion enwol yn creu profiad iaith gwirioneddol unigryw. Dechreuwch archwilio heddiw &#8211; bydd meistroli gramadeg Estonia nid yn unig yn rhoi hwb i&#039;ch rhuglder ond hefyd yn eich cysylltu \u00e2 diwylliant a hanes cyfoethog Estonia!<\/p>\r\n\r\n                            <a class=\"getStartedHidden\" href=\"https:\/\/app.talkpal.ai\/signup?lng=\">Dechrau<\/a>\r\n        \r\n    <\/div>\r\n\r\n    <figure>\r\n    <img decoding=\"async\" width=\"768\" height=\"768\" src=\"https:\/\/talkpal.ai\/wp-content\/uploads\/2023\/06\/Estonian-768x768.png\" class=\"languageImage no-lazy\" alt=\"Secret tricks of language learning\" fetchpriority=\"high\" sizes=\"(max-width: 768px) 150px, 768px\" srcset=\"https:\/\/talkpal.ai\/wp-content\/uploads\/2023\/06\/Estonian-768x768.png 768w, https:\/\/talkpal.ai\/wp-content\/uploads\/2023\/06\/Estonian-300x300.png 300w\" \/>\r\n    \r\n\r\n    <\/figure>\r\n\r\n            <a class=\"getStartedVisible\" href=\"https:\/\/app.talkpal.ai\/signup?lng=\">Dechrau<\/a>\r\n    \r\n<\/section>\r\n<section class=\"promotionalBanner\">\r\n    <p class=\"promotionalText\">Y ffordd fwyaf effeithlon o ddysgu iaith<\/p>\r\n    <a class=\"promotionalLink\" href=\"https:\/\/app.talkpal.ai\/signup?lng=\">Rhowch gynnig ar Talkpal am ddim<\/a>\r\n<\/section>\n<div class=\"wp-block-group pageContainerStyle\"><div class=\"wp-block-group__inner-container is-layout-constrained wp-block-group-is-layout-constrained\">\n<h2 class=\"wp-block-heading\" id=\"h-estonian-grammar-the-gateway-to-a-unique-language-journey\">Gramadeg Estonia: Y Porth i Daith Iaith Unigryw<\/h2>\n\n\n\n<p>Croeso i fyd diddorol Estoneg! Gyda dros filiwn o siaradwyr brodorol, mae <a href=\"https:\/\/talkpal.ai\/learn-estonian\/\">Estonian<\/a> yn cynnig cyfle unigryw i chi ehangu eich gorwelion ieithyddol a darganfod diwylliant bywiog. Er y gall cymhlethdodau gramadeg Estonia ymddangos yn frawychus ar yr olwg gyntaf, mae&#8217;r canllaw cyfeillgar hwn i ddechreuwyr yma i ddadansoddi sylfeini gramadeg Estonia mewn ffordd syml a diddorol.<\/p>\n\n\n\n<h3 class=\"wp-block-heading\" id=\"h-1-embracing-the-estonian-alphabet\">1. Cofleidio&#8217;r wyddor Estonia<\/h3>\n\n\n\n<p>Mae&#8217;r daith i feistroli Estonia yn dechrau gyda&#8217;i wyddor. Mae Estoneg yn defnyddio&#8217;r sgript Ladin, wedi&#8217;i ategu \u00e2 naw cymeriad arbennig: \u00c4, \u00d6, \u00dc, \u00d5, \u0160, \u017d, a&#8217;u cymheiriaid llythrennau bach. Bydd ymgyfarwyddo \u00e2&#8217;r cymeriadau hyn yn creu sylfaen gadarn ar gyfer eich profiad dysgu Estoneg.<\/p>\n\n\n\n<h3 class=\"wp-block-heading\" id=\"h-2-getting-a-grip-on-estonian-nouns\">2. Cael gafael ar enwau Estoneg<\/h3>\n\n\n\n<p>Yn wahanol i lawer o ieithoedd Ewropeaidd, nid yw Estonian yn gwahaniaethu rhwng rhywiau gwrywaidd a benywaidd. Yn hytrach, mae enwau yn cael eu dosbarthu fel unigol neu luosog, ac mae gan bob enw 14 achos. Er y gall hyn ymddangos yn llethol iawn, mae&#8217;n hanfodol deall bod strwythur morffolegol enwau yn eithaf rheolaidd, gan ei gwneud hi&#8217;n haws ei ddysgu. I ddechrau, canolbwyntiwch ar feistroli&#8217;r achosion mwyaf cyffredin: Enwebol, Genitive, a Partitive.<\/p>\n\n\n\n<h3 class=\"wp-block-heading\" id=\"h-3-conquering-estonian-verb-conjugation\">3. Goresgyn cyfuniad berf Estonia<\/h3>\n\n\n\n<p>Mae berfau Estoniag yn cael eu cyfuno yn seiliedig ar amser, person a rhif. <a href=\"https:\/\/talkpal.ai\/culture\/how-do-i-use-dim-ond-for-only\/\">Dim ond<\/a> tri amser sydd yna: presennol, gorffennol (wedi&#8217;i amgodio gan y cyfranogiad gorffennol), a dyfodol (wedi&#8217;i fynegi gan ffurf amser presennol y ferf, wedi&#8217;i gyfuno \u00e2 chynorthwyydd yn y dyfodol).<\/p>\n\n\n\n<p>Er enghraifft, dyma gyfuniadau ar gyfer y ferf &#8220;lugema&#8221; (i&#8217;w ddarllen):<\/p>\n\n\n\n<p><strong>\u2013 Presennol: Ma loen (Rwy&#8217;n darllen)<\/strong><\/p>\n\n\n\n<p><strong>\u2013 Gorffennol: Ma lugesin (Rwy&#8217;n darllen\/Rydw i wedi darllen)<\/strong><\/p>\n\n\n\n<p><strong>\u2013 Dyfodol: Ma loen raamatuid (Byddaf yn darllen llyfrau)<\/strong><\/p>\n\n\n\n<h3 class=\"wp-block-heading\" id=\"h-4-unraveling-the-mystery-of-estonian-pronouns\">4. Datgelu dirgelwch rhagenwau Estonia<\/h3>\n\n\n\n<p>Mae rhagenwau yn Estoniag yn gwasanaethu i ddisodli enwau a gwneud lleferydd yn fwy llyfn ac yn fwy deinamig. Canolbwyntiwch ar ddysgu&#8217;r rhagenwau personol a meddiannol:<\/p>\n\n\n\n<p><strong>\u2013 Rhagenwau personol: mina (I), sina (chi, anffurfiol), tema (ef \/ hi), meie (ni), teie (chi, lluosog \/ ffurfiol), nemad (nhw)<\/strong><\/p>\n\n\n\n<p><strong>\u2013 Rhagenwau meddiannol: minu (my), sinu (eich, anffurfiol), tema (ei \/ hi), meie (ein), teie (eich, lluosog \/ ffurfiol), nende (eu hunain)<\/strong><\/p>\n\n\n\n<h3 class=\"wp-block-heading\" id=\"h-5-no-articles-no-problem\">5. Dim erthyglau, dim problem!<\/h3>\n\n\n\n<p>Nid yw Estonian yn defnyddio erthyglau pendant neu amhenodol, gan eich galluogi i anadlu ochenaid o ryddhad. Er enghraifft:<\/p>\n\n\n\n<p><strong>\u2013 Koer \u2013 &#8220;ci&#8221; neu &#8220;gi&#8221;<\/strong><\/p>\n\n\n\n<p><strong>\u2013 Maja \u2013 &#8220;t\u0177&#8221; neu &#8220;t\u0177&#8221;<\/strong><\/p>\n\n\n\n<p>Mae meistroli gramadeg Estonia yn broses gyffrous a chyfoethog, sy&#8217;n agor drysau i brofiad diwylliannol cyfoethog. Cofiwch fod ymarfer yn allweddol, felly ymgollwch mewn gramadeg Estoneg, ymgysylltu \u00e2 siaradwyr brodorol, ac adeiladu sylfaen gadarn ar gyfer eich taith iaith. Edu! (Pob lwc!)<\/p>\n<\/div><\/div>\n\r\n<section class=\"learnNavigationSection\">\r\n            \r\n        <a href=\"https:\/\/talkpal.ai\/cy\/dysgu-estoneg\/\">\r\n            <div class=\"learnNavigationWrapper\">\r\n                <div class=\"learnNavigationContent\">\r\n                    <img decoding=\"async\" src=\"https:\/\/talkpal.ai\/wp-content\/uploads\/2024\/08\/Estonian.jpg\" alt=\"Estonian Flag\">\r\n                    <div>\r\n                        <h4>Yngl\u0177n \u00e2 Dysgu Estonia<\/h4>\r\n                        <p>Darganfyddwch bopeth am ramadeg Estoneg.<\/p>\r\n                    <\/div>\r\n                <\/div>\r\n            <\/div>\r\n        <\/a>\r\n\r\n        \r\n        <a href=\"https:\/\/talkpal.ai\/cy\/ymarferion-gramadeg-estonia\/\">\r\n            <div class=\"learnNavigationWrapper\">\r\n                <div class=\"learnNavigationContent\">\r\n                    <img decoding=\"async\" src=\"https:\/\/talkpal.ai\/wp-content\/uploads\/2024\/08\/Estonian.jpg\" alt=\"Estonian Flag\">\r\n                    <div>\r\n                        <h4>Ymarfer Gramadeg Estoniag<\/h4>\r\n                        <p>Ymarfer gramadeg Estoneg.<\/p>\r\n                    <\/div>\r\n                <\/div>\r\n            <\/div>\r\n        <\/a>\r\n\r\n        \r\n        <a href=\"https:\/\/talkpal.ai\/vocabulary_language\/estonian\/\">\r\n            <div class=\"learnNavigationWrapper\">\r\n                <div class=\"learnNavigationContent\">\r\n                    <img decoding=\"async\" src=\"https:\/\/talkpal.ai\/wp-content\/uploads\/2024\/08\/Estonian.jpg\" alt=\"Estonian Flag\">\r\n                    <div>\r\n                        <h4>Geirfa Estoneg<\/h4>\r\n                        <p>Ehangwch eich geirfa Estoneg.<\/p>\r\n                    <\/div>\r\n                <\/div>\r\n            <\/div>\r\n        <\/a>\r\n\r\n            <\/section>","protected":false},"excerpt":{"rendered":"<p>Gramadeg Estonia: Y Porth i Daith Iaith Unigryw Croeso i fyd diddorol Estoneg! Gyda dros filiwn o siaradwyr brodorol, mae Estonian yn cynnig cyfle unigryw i chi ehangu eich gorwelion ieithyddol a darganfod diwylliant bywiog. Er y gall cymhlethdodau gramadeg Estonia ymddangos yn frawychus ar yr olwg gyntaf, mae&#8217;r canllaw cyfeillgar hwn i ddechreuwyr yma [&hellip;]<\/p>\n","protected":false},"author":1,"featured_media":1445101,"parent":0,"menu_order":0,"comment_status":"closed","ping_status":"closed","template":"LearningContentPage.php","meta":{"_acf_changed":false,"footnotes":""},"class_list":["post-1445099","page","type-page","status-publish","has-post-thumbnail","hentry"],"acf":[],"yoast_head":"<!-- This site is optimized with the Yoast SEO Premium plugin v27.2 (Yoast SEO v27.2) - https:\/\/yoast.com\/product\/yoast-seo-premium-wordpress\/ -->\n<title>Gramadeg Estoneg - Talkpal<\/title>\n<meta name=\"description\" content=\"Archwiliwch gysyniadau hanfodol gramadeg Estoneg, gan gynnwys achosion, berfau, strwythur brawddegau, ynganiad, ac awgrymiadau.\" \/>\n<meta name=\"robots\" content=\"index, follow, max-snippet:-1, max-image-preview:large, max-video-preview:-1\" \/>\n<link rel=\"canonical\" href=\"https:\/\/talkpal.ai\/cy\/gramadeg-estoneg\/\" \/>\n<meta property=\"og:locale\" content=\"cy_GB\" \/>\n<meta property=\"og:type\" content=\"article\" \/>\n<meta property=\"og:title\" content=\"Gramadeg Estoneg\" \/>\n<meta property=\"og:description\" content=\"Gramadeg Estonia: Y Porth i Daith Iaith Unigryw Croeso i fyd diddorol Estoneg! Gyda dros filiwn o siaradwyr brodorol, mae Estonian yn cynnig cyfle unigryw\" \/>\n<meta property=\"og:url\" content=\"https:\/\/talkpal.ai\/cy\/gramadeg-estoneg\/\" \/>\n<meta property=\"og:site_name\" content=\"Talkpal\" \/>\n<meta property=\"article:publisher\" content=\"https:\/\/www.facebook.com\/profile.php?id=100090733639311\" \/>\n<meta property=\"article:modified_time\" content=\"2025-12-13T15:18:43+00:00\" \/>\n<meta property=\"og:image\" content=\"https:\/\/talkpal.ai\/wp-content\/uploads\/2023\/05\/estonia.png\" \/>\n\t<meta property=\"og:image:width\" content=\"512\" \/>\n\t<meta property=\"og:image:height\" content=\"512\" \/>\n\t<meta property=\"og:image:type\" content=\"image\/png\" \/>\n<meta name=\"twitter:card\" content=\"summary_large_image\" \/>\n<meta name=\"twitter:site\" content=\"@talkpalai\" \/>\n<meta name=\"twitter:label1\" content=\"Est. reading time\" \/>\n\t<meta name=\"twitter:data1\" content=\"2 minutes\" \/>\n<script type=\"application\/ld+json\" class=\"yoast-schema-graph\">{\"@context\":\"https:\/\/schema.org\",\"@graph\":[{\"@type\":\"WebPage\",\"@id\":\"https:\/\/talkpal.ai\/cy\/gramadeg-estoneg\/\",\"url\":\"https:\/\/talkpal.ai\/cy\/gramadeg-estoneg\/\",\"name\":\"Gramadeg Estoneg - Talkpal\",\"isPartOf\":{\"@id\":\"https:\/\/talkpal.ai\/cy\/#website\"},\"primaryImageOfPage\":{\"@id\":\"https:\/\/talkpal.ai\/cy\/gramadeg-estoneg\/#primaryimage\"},\"image\":{\"@id\":\"https:\/\/talkpal.ai\/cy\/gramadeg-estoneg\/#primaryimage\"},\"thumbnailUrl\":\"https:\/\/talkpal.ai\/wp-content\/uploads\/2023\/05\/estonia.png\",\"datePublished\":\"2023-05-14T14:01:53+00:00\",\"dateModified\":\"2025-12-13T15:18:43+00:00\",\"description\":\"Archwiliwch gysyniadau hanfodol gramadeg Estoneg, gan gynnwys achosion, berfau, strwythur brawddegau, ynganiad, ac awgrymiadau.\",\"breadcrumb\":{\"@id\":\"https:\/\/talkpal.ai\/cy\/gramadeg-estoneg\/#breadcrumb\"},\"inLanguage\":\"cy-GB\",\"potentialAction\":[{\"@type\":\"ReadAction\",\"target\":[\"https:\/\/talkpal.ai\/cy\/gramadeg-estoneg\/\"]}]},{\"@type\":\"ImageObject\",\"inLanguage\":\"cy-GB\",\"@id\":\"https:\/\/talkpal.ai\/cy\/gramadeg-estoneg\/#primaryimage\",\"url\":\"https:\/\/talkpal.ai\/wp-content\/uploads\/2023\/05\/estonia.png\",\"contentUrl\":\"https:\/\/talkpal.ai\/wp-content\/uploads\/2023\/05\/estonia.png\",\"width\":512,\"height\":512,\"caption\":\"TalkPal Estonia Flag\"},{\"@type\":\"BreadcrumbList\",\"@id\":\"https:\/\/talkpal.ai\/cy\/gramadeg-estoneg\/#breadcrumb\",\"itemListElement\":[{\"@type\":\"ListItem\",\"position\":1,\"name\":\"Homepage\",\"item\":\"https:\/\/talkpal.ai\/cy\/ai-athro-iaith-3\/\"},{\"@type\":\"ListItem\",\"position\":2,\"name\":\"Gramadeg Estoneg\"}]},{\"@type\":\"WebSite\",\"@id\":\"https:\/\/talkpal.ai\/cy\/#website\",\"url\":\"https:\/\/talkpal.ai\/cy\/\",\"name\":\"Talkpal\",\"description\":\"AI Language Learning\",\"publisher\":{\"@id\":\"https:\/\/talkpal.ai\/cy\/#organization\"},\"alternateName\":\"Talkpal AI\",\"potentialAction\":[{\"@type\":\"SearchAction\",\"target\":{\"@type\":\"EntryPoint\",\"urlTemplate\":\"https:\/\/talkpal.ai\/cy\/?s={search_term_string}\"},\"query-input\":{\"@type\":\"PropertyValueSpecification\",\"valueRequired\":true,\"valueName\":\"search_term_string\"}}],\"inLanguage\":\"cy-GB\"},{\"@type\":\"Organization\",\"@id\":\"https:\/\/talkpal.ai\/cy\/#organization\",\"name\":\"Talkpal, Inc.\",\"alternateName\":\"Talkpal AI\",\"url\":\"https:\/\/talkpal.ai\/cy\/\",\"logo\":{\"@type\":\"ImageObject\",\"inLanguage\":\"cy-GB\",\"@id\":\"https:\/\/talkpal.ai\/cy\/#\/schema\/logo\/image\/\",\"url\":\"https:\/\/talkpal.ai\/wp-content\/uploads\/2024\/03\/Talkpal-Logo-Icon.png\",\"contentUrl\":\"https:\/\/talkpal.ai\/wp-content\/uploads\/2024\/03\/Talkpal-Logo-Icon.png\",\"width\":2880,\"height\":2880,\"caption\":\"Talkpal, Inc.\"},\"image\":{\"@id\":\"https:\/\/talkpal.ai\/cy\/#\/schema\/logo\/image\/\"},\"sameAs\":[\"https:\/\/www.facebook.com\/profile.php?id=100090733639311\",\"https:\/\/x.com\/talkpalai\",\"https:\/\/www.linkedin.com\/company\/talkpal\/\",\"https:\/\/www.youtube.com\/@TalkPal\/\",\"https:\/\/www.tiktok.com\/@talkpal\",\"https:\/\/www.instagram.com\/talkpal_ai\/\",\"https:\/\/www.crunchbase.com\/organization\/talkpal-9cde\",\"https:\/\/www.g2.com\/products\/talkpal-for-business\/\",\"https:\/\/www.trustpilot.com\/review\/talkpal.ai\",\"https:\/\/www.capterra.com\/p\/10006800\/TalkPal\/\"],\"description\":\"Talkpal is a language learning web and mobile education app, powered by the latest AI technologies, that provides engaging experiences to its customers in many different languages to help them improve their language skills. Users can chat about unlimited amount of topics with the app and use other modes to practice their language learning.\",\"email\":\"support@talkpal.ai\",\"legalName\":\"Talkpal, Inc.\",\"foundingDate\":\"2023-04-03\",\"duns\":\"118989042\",\"numberOfEmployees\":{\"@type\":\"QuantitativeValue\",\"minValue\":\"11\",\"maxValue\":\"50\"},\"publishingPrinciples\":\"https:\/\/talkpal.ai\/publishing-principles\/\",\"actionableFeedbackPolicy\":\"https:\/\/talkpal.ai\/actionable-feedback-policy\/\",\"correctionsPolicy\":\"https:\/\/talkpal.ai\/corrections-policy\/\",\"ethicsPolicy\":\"https:\/\/talkpal.ai\/ethics-policy\/\",\"diversityPolicy\":\"https:\/\/talkpal.ai\/diversity-policy\/\",\"diversityStaffingReport\":\"https:\/\/talkpal.ai\/diversity-policy\/\"}]}<\/script>\n<!-- \/ Yoast SEO Premium plugin. -->","yoast_head_json":{"title":"Gramadeg Estoneg - Talkpal","description":"Archwiliwch gysyniadau hanfodol gramadeg Estoneg, gan gynnwys achosion, berfau, strwythur brawddegau, ynganiad, ac awgrymiadau.","robots":{"index":"index","follow":"follow","max-snippet":"max-snippet:-1","max-image-preview":"max-image-preview:large","max-video-preview":"max-video-preview:-1"},"canonical":"https:\/\/talkpal.ai\/cy\/gramadeg-estoneg\/","og_locale":"cy_GB","og_type":"article","og_title":"Gramadeg Estoneg","og_description":"Gramadeg Estonia: Y Porth i Daith Iaith Unigryw Croeso i fyd diddorol Estoneg! Gyda dros filiwn o siaradwyr brodorol, mae Estonian yn cynnig cyfle unigryw","og_url":"https:\/\/talkpal.ai\/cy\/gramadeg-estoneg\/","og_site_name":"Talkpal","article_publisher":"https:\/\/www.facebook.com\/profile.php?id=100090733639311","article_modified_time":"2025-12-13T15:18:43+00:00","og_image":[{"width":512,"height":512,"url":"https:\/\/talkpal.ai\/wp-content\/uploads\/2023\/05\/estonia.png","type":"image\/png"}],"twitter_card":"summary_large_image","twitter_site":"@talkpalai","twitter_misc":{"Est. reading time":"2 minutes"},"schema":{"@context":"https:\/\/schema.org","@graph":[{"@type":"WebPage","@id":"https:\/\/talkpal.ai\/cy\/gramadeg-estoneg\/","url":"https:\/\/talkpal.ai\/cy\/gramadeg-estoneg\/","name":"Gramadeg Estoneg - Talkpal","isPartOf":{"@id":"https:\/\/talkpal.ai\/cy\/#website"},"primaryImageOfPage":{"@id":"https:\/\/talkpal.ai\/cy\/gramadeg-estoneg\/#primaryimage"},"image":{"@id":"https:\/\/talkpal.ai\/cy\/gramadeg-estoneg\/#primaryimage"},"thumbnailUrl":"https:\/\/talkpal.ai\/wp-content\/uploads\/2023\/05\/estonia.png","datePublished":"2023-05-14T14:01:53+00:00","dateModified":"2025-12-13T15:18:43+00:00","description":"Archwiliwch gysyniadau hanfodol gramadeg Estoneg, gan gynnwys achosion, berfau, strwythur brawddegau, ynganiad, ac awgrymiadau.","breadcrumb":{"@id":"https:\/\/talkpal.ai\/cy\/gramadeg-estoneg\/#breadcrumb"},"inLanguage":"cy-GB","potentialAction":[{"@type":"ReadAction","target":["https:\/\/talkpal.ai\/cy\/gramadeg-estoneg\/"]}]},{"@type":"ImageObject","inLanguage":"cy-GB","@id":"https:\/\/talkpal.ai\/cy\/gramadeg-estoneg\/#primaryimage","url":"https:\/\/talkpal.ai\/wp-content\/uploads\/2023\/05\/estonia.png","contentUrl":"https:\/\/talkpal.ai\/wp-content\/uploads\/2023\/05\/estonia.png","width":512,"height":512,"caption":"TalkPal Estonia Flag"},{"@type":"BreadcrumbList","@id":"https:\/\/talkpal.ai\/cy\/gramadeg-estoneg\/#breadcrumb","itemListElement":[{"@type":"ListItem","position":1,"name":"Homepage","item":"https:\/\/talkpal.ai\/cy\/ai-athro-iaith-3\/"},{"@type":"ListItem","position":2,"name":"Gramadeg Estoneg"}]},{"@type":"WebSite","@id":"https:\/\/talkpal.ai\/cy\/#website","url":"https:\/\/talkpal.ai\/cy\/","name":"Talkpal","description":"AI Language Learning","publisher":{"@id":"https:\/\/talkpal.ai\/cy\/#organization"},"alternateName":"Talkpal AI","potentialAction":[{"@type":"SearchAction","target":{"@type":"EntryPoint","urlTemplate":"https:\/\/talkpal.ai\/cy\/?s={search_term_string}"},"query-input":{"@type":"PropertyValueSpecification","valueRequired":true,"valueName":"search_term_string"}}],"inLanguage":"cy-GB"},{"@type":"Organization","@id":"https:\/\/talkpal.ai\/cy\/#organization","name":"Talkpal, Inc.","alternateName":"Talkpal AI","url":"https:\/\/talkpal.ai\/cy\/","logo":{"@type":"ImageObject","inLanguage":"cy-GB","@id":"https:\/\/talkpal.ai\/cy\/#\/schema\/logo\/image\/","url":"https:\/\/talkpal.ai\/wp-content\/uploads\/2024\/03\/Talkpal-Logo-Icon.png","contentUrl":"https:\/\/talkpal.ai\/wp-content\/uploads\/2024\/03\/Talkpal-Logo-Icon.png","width":2880,"height":2880,"caption":"Talkpal, Inc."},"image":{"@id":"https:\/\/talkpal.ai\/cy\/#\/schema\/logo\/image\/"},"sameAs":["https:\/\/www.facebook.com\/profile.php?id=100090733639311","https:\/\/x.com\/talkpalai","https:\/\/www.linkedin.com\/company\/talkpal\/","https:\/\/www.youtube.com\/@TalkPal\/","https:\/\/www.tiktok.com\/@talkpal","https:\/\/www.instagram.com\/talkpal_ai\/","https:\/\/www.crunchbase.com\/organization\/talkpal-9cde","https:\/\/www.g2.com\/products\/talkpal-for-business\/","https:\/\/www.trustpilot.com\/review\/talkpal.ai","https:\/\/www.capterra.com\/p\/10006800\/TalkPal\/"],"description":"Talkpal is a language learning web and mobile education app, powered by the latest AI technologies, that provides engaging experiences to its customers in many different languages to help them improve their language skills. Users can chat about unlimited amount of topics with the app and use other modes to practice their language learning.","email":"support@talkpal.ai","legalName":"Talkpal, Inc.","foundingDate":"2023-04-03","duns":"118989042","numberOfEmployees":{"@type":"QuantitativeValue","minValue":"11","maxValue":"50"},"publishingPrinciples":"https:\/\/talkpal.ai\/publishing-principles\/","actionableFeedbackPolicy":"https:\/\/talkpal.ai\/actionable-feedback-policy\/","correctionsPolicy":"https:\/\/talkpal.ai\/corrections-policy\/","ethicsPolicy":"https:\/\/talkpal.ai\/ethics-policy\/","diversityPolicy":"https:\/\/talkpal.ai\/diversity-policy\/","diversityStaffingReport":"https:\/\/talkpal.ai\/diversity-policy\/"}]}},"_links":{"self":[{"href":"https:\/\/talkpal.ai\/cy\/wp-json\/wp\/v2\/pages\/1445099","targetHints":{"allow":["GET"]}}],"collection":[{"href":"https:\/\/talkpal.ai\/cy\/wp-json\/wp\/v2\/pages"}],"about":[{"href":"https:\/\/talkpal.ai\/cy\/wp-json\/wp\/v2\/types\/page"}],"author":[{"embeddable":true,"href":"https:\/\/talkpal.ai\/cy\/wp-json\/wp\/v2\/users\/1"}],"replies":[{"embeddable":true,"href":"https:\/\/talkpal.ai\/cy\/wp-json\/wp\/v2\/comments?post=1445099"}],"version-history":[{"count":0,"href":"https:\/\/talkpal.ai\/cy\/wp-json\/wp\/v2\/pages\/1445099\/revisions"}],"wp:featuredmedia":[{"embeddable":true,"href":"https:\/\/talkpal.ai\/cy\/wp-json\/wp\/v2\/media\/1445101"}],"wp:attachment":[{"href":"https:\/\/talkpal.ai\/cy\/wp-json\/wp\/v2\/media?parent=1445099"}],"curies":[{"name":"wp","href":"https:\/\/api.w.org\/{rel}","templated":true}]}}