{"id":1445017,"date":"2023-05-14T13:53:48","date_gmt":"2023-05-14T13:53:48","guid":{"rendered":"https:\/\/talkpal.ai\/gramadeg-aserbaijan\/"},"modified":"2025-09-06T19:57:46","modified_gmt":"2025-09-06T19:57:46","slug":"gramadeg-aserbaijan","status":"publish","type":"page","link":"https:\/\/talkpal.ai\/cy\/gramadeg-aserbaijan\/","title":{"rendered":"Gramadeg Aserbaijan"},"content":{"rendered":"\r\n\r\n\r\n<section class=\"languageChallengeSection\">\r\n    <div class=\"languageInfoWrapper\">\r\n        \r\n        <h1>Gramadeg Aserbaijan<\/h1>\r\n        <p>Yn barod i ddatgloi harddwch yr iaith <a href=\"https:\/\/talkpal.ai\/learn-azerbaijani\/\">Azerbaijani<\/a>? Plymiwch i ramadeg Azerbaijani a darganfyddwch ei strwythur unigryw, o harmoni llafariaid i ffurfiau berfau mynegiannol. Dechreuwch ddysgu heddiw, a phrofi sut mae meistroli gramadeg yn agor eich llwybr i sgwrs rhugl a dealltwriaeth ddyfnach o ddiwylliant Azerbaijani!<\/p>\r\n\r\n                            <a class=\"getStartedHidden\" href=\"https:\/\/app.talkpal.ai\/signup?lng=\">Dechrau<\/a>\r\n        \r\n    <\/div>\r\n\r\n    <figure>\r\n    <img decoding=\"async\" width=\"768\" height=\"768\" src=\"https:\/\/talkpal.ai\/wp-content\/uploads\/2023\/06\/azerbaijani-768x768.png\" class=\"languageImage no-lazy\" alt=\"Language learning for enhanced cognitive skills\" fetchpriority=\"high\" sizes=\"(max-width: 768px) 150px, 768px\" srcset=\"https:\/\/talkpal.ai\/wp-content\/uploads\/2023\/06\/azerbaijani-768x768.png 768w, https:\/\/talkpal.ai\/wp-content\/uploads\/2023\/06\/azerbaijani-300x300.png 300w\" \/>\r\n    \r\n\r\n    <\/figure>\r\n\r\n            <a class=\"getStartedVisible\" href=\"https:\/\/app.talkpal.ai\/signup?lng=\">Dechrau<\/a>\r\n    \r\n<\/section>\r\n<section class=\"promotionalBanner\">\r\n    <p class=\"promotionalText\">Y ffordd fwyaf effeithlon o ddysgu iaith<\/p>\r\n    <a class=\"promotionalLink\" href=\"https:\/\/app.talkpal.ai\/signup?lng=\">Rhowch gynnig ar Talkpal rhad ac am ddim<\/a>\r\n<\/section>\n<div class=\"wp-block-group pageContainerStyle\"><div class=\"wp-block-group__inner-container is-layout-constrained wp-block-group-is-layout-constrained\">\n<h2 class=\"wp-block-heading\" id=\"h-a-comprehensive-guide-to-azerbaijani-grammar\">Canllaw Cynhwysfawr i Ramadeg Azerbaijani<\/h2>\n\n\n\n<p>Ydych chi erioed wedi meddwl am ddysgu Azerbaijani? Fel iaith swyddogol Azerbaijan ac a siaredir gan filiynau o bobl yn rhanbarth y Cawcasws, mae Azerbaijani yn iaith unigryw a diddorol. Gyda hanes cyfoethog, diwylliant amrywiol, a chymysgedd o ddylanwadau o ieithoedd Twrceg, Rwseg a <a href=\"https:\/\/talkpal.ai\/learn-persian\/\">Persia<\/a>, mae Azerbaijani yn darparu profiad ieithyddol unigryw. Ond peidiwch ag ofni, fy ffrind! Yn yr erthygl hon, byddwn yn datgelu rhyfeddodau gramadeg Azerbaijani, gan ei gwneud yn hygyrch, ac yn meiddio dweud, yn bleserus i <a href=\"https:\/\/talkpal.ai\/talkpal-discount-for-language-enthusiasts\/\">selogion iaith<\/a> fel chi.<\/p>\n\n\n\n<p><strong>Gadewch i ni ddechrau, a wnawn?<\/strong><\/p>\n\n\n\n<h3 class=\"wp-block-heading\" id=\"h-1-the-azerbaijani-alphabet-a-fusion-of-beauty-and-simplicity\">1. Yr Wyddor Azerbaijani: Cyfuniad o Harddwch a Symlrwydd<\/h3>\n\n\n\n<p>Mae&#8217;r wyddor Azerbaijani yn seiliedig ar y sgript Ladin, sy&#8217;n cynnwys 32 llythyren. Peidiwch \u00e2 phoeni, ni fydd yn rhaid i chi ddehongli cymeriadau cryptig, gan ei fod yn debyg iawn i&#8217;r wyddor <a href=\"https:\/\/talkpal.ai\/learn-english-with-ai\/\">Saesneg<\/a>. Mae rhai llythrennau, fodd bynnag, yn meddu ar acenion unigryw a marciau diacritig i gynrychioli synau Azerbaijani penodol. Beth yw&#8217;r tecaw\u00ea allweddol? Meistroli&#8217;r wyddor yw&#8217;r cam bach ond hanfodol cyntaf i ddysgu&#8217;r iaith.<\/p>\n\n\n\n<h3 class=\"wp-block-heading\" id=\"h-2-word-order-simple-as-s-o-v\">2. Gorchymyn Geiriau: Syml fel S-O-V!<\/h3>\n\n\n\n<p>Yn wahanol i&#8217;r Saesneg, sy&#8217;n dilyn trefn geiriau pwnc-berf-gwrthrych (SVO), mae Azerbaijaneg yn iaith SOV. Mae hynny&#8217;n golygu y byddwch fel arfer yn dod o hyd i&#8217;r pwnc ar ddechrau brawddeg, ac yna&#8217;r gwrthrych, ac yn gorffen gyda&#8217;r ferf. Efallai y bydd hyn yn ymddangos ychydig yn od ar y dechrau, ond credwch fi, byddwch chi&#8217;n cael y hang ohono mewn dim o dro! Er enghraifft, yn Saesneg, rydyn ni&#8217;n dweud &#8220;I love Azerbaijan&#8221;. Yn Azerbaijani, y frawddeg fyddai &#8220;M\u0259n Az\u0259rbaycan\u0131 sevir\u0259m&#8221; (yn llythrennol, &#8220;Rwy&#8217;n caru Azerbaijan&#8221;). Darn o gacen, iawn?<\/p>\n\n\n\n<h3 class=\"wp-block-heading\" id=\"h-3-noun-cases-a-colorful-display-of-linguistic-variety\">3. Achosion Enwau: Arddangosfa Lliwgar o Amrywiaeth Ieithyddol<\/h3>\n\n\n\n<p>Un o nodweddion mwyaf trawiadol gramadeg Azerbaijani yw ei achosion enwau. Mae&#8217;r iaith yn ymfalch\u00efo mewn chwe achos gwahanol, pob un yn gwasanaethu swyddogaeth benodol. Mae&#8217;r rhain yn: enwadol, genitive, dative, accusative, locative, ac ablative. Nawr, efallai y bydd hynny&#8217;n swnio&#8217;n ddychrynllyd, ond peidiwch ag ofni! Yn <a href=\"https:\/\/talkpal.ai\/locations\/language-courses-in-union\/\">union<\/a> fel paentio llun gyda lliwiau gwahanol, mae&#8217;r achosion hyn yn ychwanegu dyfnder ac ystyr i&#8217;ch brawddegau. Er enghraifft, gall &#8220;kitab&#8221; (llyfr) drawsnewid yn &#8220;kitab\u0131n&#8221; (o&#8217;r llyfr) i gyfleu meddiant. Wrth i chi ymgyfarwyddo&#8217;n raddol \u00e2&#8217;r achosion hyn, byddwch chi&#8217;n dechrau gwerthfawrogi eu harwyddoc\u00e2d yn yr iaith.<\/p>\n\n\n\n<h3 class=\"wp-block-heading\" id=\"h-4-verb-conjugation-express-yourself-with-ease\">4. Cyfuniad Berf: Mynegwch eich hun yn rhwydd<\/h3>\n\n\n\n<p>Mae berfau Azerbaijani yn gyfoethog ac yn fyneginol, gan eich galluogi i gyfleu ystod eang o weithredoedd, emosiynau, bwriadau, a mwy. Yr allwedd i feistroli cyfuniad berf Azerbaijani yw deall y ffurf anfeidredd (ffurf sylfaenol, unconjugated y ferf) ac amrywiol \u00f4l-ddodiadau sy&#8217;n nodi amser, person a rhif. Er enghraifft, gall yr anfeidredd &#8220;g\u00f6rm\u0259k&#8221; (i weld) ddod yn &#8220;g\u00f6r\u00fcr\u0259m&#8221; (Rwy&#8217;n gweld) neu &#8220;g\u00f6rd\u00fcm&#8221; (gwelais) trwy hud cyfuniad. Mae ymarfer yn gwneud perffaith, felly cadwch ati a byddwch chi&#8217;n whiz conjugation berf mewn dim o dro!<\/p>\n\n\n\n<h3 class=\"wp-block-heading\" id=\"h-5-it-s-all-about-the-context-dig-deep-into-the-azerbaijani-mindset\">5. Mae&#8217;n ymwneud \u00e2&#8217;r cyd-destun: Cloddiwch yn ddwfn i mewn i&#8217;r meddylfryd Azerbaijani!<\/h3>\n\n\n\n<p>Wrth i chi ddechrau llunio brawddegau at ei gilydd ac ymgolli yn yr iaith Azerbaijani, cofiwch bob amser bod y cyd-destun yn hanfodol. Mae diwylliant, hanes a byd-olwg Azerbaijani yn chwarae rhan fawr wrth lunio&#8217;r iaith. Felly, fel y dywedant, &#8220;pan fyddant yn Rhufain, gwnewch fel y mae&#8217;r Rhufeiniaid yn ei wneud.&#8221; Plymiwch i mewn i&#8217;r meddylfryd Azerbaijani i gael gwir synnwyr o&#8217;r iaith. Ymgysylltu \u00e2 siaradwyr brodorol, archwilio llenyddiaeth leol, a chofleidio idiosyncrasies yr iaith. Ymddiried ynof fi, byddwch nid yn unig yn gwella eich hyfedredd iaith, ond hefyd yn ennill profiadau ac atgofion bythgofiadwy.<\/p>\n\n\n\n<p>I gloi, efallai y bydd gramadeg Azerbaijani yn ymddangos yn heriol ar y dechrau, ond gydag ymroddiad, ymarfer, a diddordeb brwd yn y diwylliant, byddwch chi&#8217;n pro mewn dim o dro! Felly, pam aros? Cymerwch y cam a dechrau ar yr antur ieithyddol gyffrous hon a fydd yn eich gadael mewn rhyfeddod o harddwch a dyfnder yr iaith Azerbaijani.<\/p>\n<\/div><\/div>\n\r\n<section class=\"learnNavigationSection\">\r\n            \r\n        <a href=\"https:\/\/talkpal.ai\/cy\/dysgu-azerbaijani\/\">\r\n            <div class=\"learnNavigationWrapper\">\r\n                <div class=\"learnNavigationContent\">\r\n                    <img decoding=\"async\" src=\"https:\/\/talkpal.ai\/wp-content\/uploads\/2024\/08\/Azerbaijani.jpg\" alt=\"Azerbaijani Flag\">\r\n                    <div>\r\n                        <h4>Yngl\u0177n \u00e2 Dysgu Azerbaijani<\/h4>\r\n                        <p>Darganfyddwch bopeth am ramadeg Azerbaijani.<\/p>\r\n                    <\/div>\r\n                <\/div>\r\n            <\/div>\r\n        <\/a>\r\n\r\n        \r\n        <a href=\"https:\/\/talkpal.ai\/cy\/ymarferion-ramadeg-aserbaijanaidd\/\">\r\n            <div class=\"learnNavigationWrapper\">\r\n                <div class=\"learnNavigationContent\">\r\n                    <img decoding=\"async\" src=\"https:\/\/talkpal.ai\/wp-content\/uploads\/2024\/08\/Azerbaijani.jpg\" alt=\"Azerbaijani Flag\">\r\n                    <div>\r\n                        <h4>Ymarfer Gramadeg Azerbaijani<\/h4>\r\n                        <p>Ymarfer gramadeg Azerbaijani.<\/p>\r\n                    <\/div>\r\n                <\/div>\r\n            <\/div>\r\n        <\/a>\r\n\r\n        \r\n        <a href=\"https:\/\/talkpal.ai\/vocabulary_language\/azerbaijani\/\">\r\n            <div class=\"learnNavigationWrapper\">\r\n                <div class=\"learnNavigationContent\">\r\n                    <img decoding=\"async\" src=\"https:\/\/talkpal.ai\/wp-content\/uploads\/2024\/08\/Azerbaijani.jpg\" alt=\"Azerbaijani Flag\">\r\n                    <div>\r\n                        <h4>Geirfa Aserbaijan<\/h4>\r\n                        <p>Ehangwch eich geirfa Azerbaijani.<\/p>\r\n                    <\/div>\r\n                <\/div>\r\n            <\/div>\r\n        <\/a>\r\n\r\n            <\/section>","protected":false},"excerpt":{"rendered":"<p>Canllaw Cynhwysfawr i Ramadeg Azerbaijani Ydych chi erioed wedi meddwl am ddysgu Azerbaijani? Fel iaith swyddogol Azerbaijan ac a siaredir gan filiynau o bobl yn rhanbarth y Cawcasws, mae Azerbaijani yn iaith unigryw a diddorol. Gyda hanes cyfoethog, diwylliant amrywiol, a chymysgedd o ddylanwadau o ieithoedd Twrceg, Rwseg a Persia, mae Azerbaijani yn darparu profiad [&hellip;]<\/p>\n","protected":false},"author":1,"featured_media":1442902,"parent":0,"menu_order":0,"comment_status":"closed","ping_status":"closed","template":"LearningContentPage.php","meta":{"_acf_changed":false,"footnotes":""},"class_list":["post-1445017","page","type-page","status-publish","has-post-thumbnail","hentry"],"acf":[],"yoast_head":"<!-- This site is optimized with the Yoast SEO Premium plugin v27.2 (Yoast SEO v27.2) - https:\/\/yoast.com\/product\/yoast-seo-premium-wordpress\/ -->\n<title>Gramadeg Aserbaijan - Talkpal<\/title>\n<meta name=\"description\" content=\"Meistr Gramadeg Azerbaijani yn ddiymdrech gyda TalkPal, eich tiwtor wedi&#039;i bweru gan AI. Darganfyddwch esboniadau hawdd, ymarferion rhyngweithiol, ac awgrymiadau ymarferol\" \/>\n<meta name=\"robots\" content=\"index, follow, max-snippet:-1, max-image-preview:large, max-video-preview:-1\" \/>\n<link rel=\"canonical\" href=\"https:\/\/talkpal.ai\/cy\/gramadeg-aserbaijan\/\" \/>\n<meta property=\"og:locale\" content=\"cy_GB\" \/>\n<meta property=\"og:type\" content=\"article\" \/>\n<meta property=\"og:title\" content=\"Gramadeg Aserbaijan\" \/>\n<meta property=\"og:description\" content=\"Canllaw Cynhwysfawr i Ramadeg Azerbaijani Ydych chi erioed wedi meddwl am ddysgu Azerbaijani? Fel iaith swyddogol Azerbaijan ac a siaredir gan filiynau o\" \/>\n<meta property=\"og:url\" content=\"https:\/\/talkpal.ai\/cy\/gramadeg-aserbaijan\/\" \/>\n<meta property=\"og:site_name\" content=\"Talkpal\" \/>\n<meta property=\"article:publisher\" content=\"https:\/\/www.facebook.com\/profile.php?id=100090733639311\" \/>\n<meta property=\"article:modified_time\" content=\"2025-09-06T19:57:46+00:00\" \/>\n<meta property=\"og:image\" content=\"https:\/\/talkpal.ai\/wp-content\/uploads\/2023\/05\/azerbaijan.png\" \/>\n\t<meta property=\"og:image:width\" content=\"512\" \/>\n\t<meta property=\"og:image:height\" content=\"512\" \/>\n\t<meta property=\"og:image:type\" content=\"image\/png\" \/>\n<meta name=\"twitter:card\" content=\"summary_large_image\" \/>\n<meta name=\"twitter:site\" content=\"@talkpalai\" \/>\n<meta name=\"twitter:label1\" content=\"Est. reading time\" \/>\n\t<meta name=\"twitter:data1\" content=\"3 minutes\" \/>\n<script type=\"application\/ld+json\" class=\"yoast-schema-graph\">{\"@context\":\"https:\/\/schema.org\",\"@graph\":[{\"@type\":\"WebPage\",\"@id\":\"https:\/\/talkpal.ai\/cy\/gramadeg-aserbaijan\/\",\"url\":\"https:\/\/talkpal.ai\/cy\/gramadeg-aserbaijan\/\",\"name\":\"Gramadeg Aserbaijan - Talkpal\",\"isPartOf\":{\"@id\":\"https:\/\/talkpal.ai\/cy\/#website\"},\"primaryImageOfPage\":{\"@id\":\"https:\/\/talkpal.ai\/cy\/gramadeg-aserbaijan\/#primaryimage\"},\"image\":{\"@id\":\"https:\/\/talkpal.ai\/cy\/gramadeg-aserbaijan\/#primaryimage\"},\"thumbnailUrl\":\"https:\/\/talkpal.ai\/wp-content\/uploads\/2023\/05\/azerbaijan.png\",\"datePublished\":\"2023-05-14T13:53:48+00:00\",\"dateModified\":\"2025-09-06T19:57:46+00:00\",\"description\":\"Meistr Gramadeg Azerbaijani yn ddiymdrech gyda TalkPal, eich tiwtor wedi'i bweru gan AI. Darganfyddwch esboniadau hawdd, ymarferion rhyngweithiol, ac awgrymiadau ymarferol\",\"breadcrumb\":{\"@id\":\"https:\/\/talkpal.ai\/cy\/gramadeg-aserbaijan\/#breadcrumb\"},\"inLanguage\":\"cy-GB\",\"potentialAction\":[{\"@type\":\"ReadAction\",\"target\":[\"https:\/\/talkpal.ai\/cy\/gramadeg-aserbaijan\/\"]}]},{\"@type\":\"ImageObject\",\"inLanguage\":\"cy-GB\",\"@id\":\"https:\/\/talkpal.ai\/cy\/gramadeg-aserbaijan\/#primaryimage\",\"url\":\"https:\/\/talkpal.ai\/wp-content\/uploads\/2023\/05\/azerbaijan.png\",\"contentUrl\":\"https:\/\/talkpal.ai\/wp-content\/uploads\/2023\/05\/azerbaijan.png\",\"width\":512,\"height\":512,\"caption\":\"TalkPal Azerbaijan Flag\"},{\"@type\":\"BreadcrumbList\",\"@id\":\"https:\/\/talkpal.ai\/cy\/gramadeg-aserbaijan\/#breadcrumb\",\"itemListElement\":[{\"@type\":\"ListItem\",\"position\":1,\"name\":\"Homepage\",\"item\":\"https:\/\/talkpal.ai\/cy\/ai-athro-iaith-3\/\"},{\"@type\":\"ListItem\",\"position\":2,\"name\":\"Gramadeg Aserbaijan\"}]},{\"@type\":\"WebSite\",\"@id\":\"https:\/\/talkpal.ai\/cy\/#website\",\"url\":\"https:\/\/talkpal.ai\/cy\/\",\"name\":\"Talkpal\",\"description\":\"AI Language Learning\",\"publisher\":{\"@id\":\"https:\/\/talkpal.ai\/cy\/#organization\"},\"alternateName\":\"Talkpal AI\",\"potentialAction\":[{\"@type\":\"SearchAction\",\"target\":{\"@type\":\"EntryPoint\",\"urlTemplate\":\"https:\/\/talkpal.ai\/cy\/?s={search_term_string}\"},\"query-input\":{\"@type\":\"PropertyValueSpecification\",\"valueRequired\":true,\"valueName\":\"search_term_string\"}}],\"inLanguage\":\"cy-GB\"},{\"@type\":\"Organization\",\"@id\":\"https:\/\/talkpal.ai\/cy\/#organization\",\"name\":\"Talkpal, Inc.\",\"alternateName\":\"Talkpal AI\",\"url\":\"https:\/\/talkpal.ai\/cy\/\",\"logo\":{\"@type\":\"ImageObject\",\"inLanguage\":\"cy-GB\",\"@id\":\"https:\/\/talkpal.ai\/cy\/#\/schema\/logo\/image\/\",\"url\":\"https:\/\/talkpal.ai\/wp-content\/uploads\/2024\/03\/Talkpal-Logo-Icon.png\",\"contentUrl\":\"https:\/\/talkpal.ai\/wp-content\/uploads\/2024\/03\/Talkpal-Logo-Icon.png\",\"width\":2880,\"height\":2880,\"caption\":\"Talkpal, Inc.\"},\"image\":{\"@id\":\"https:\/\/talkpal.ai\/cy\/#\/schema\/logo\/image\/\"},\"sameAs\":[\"https:\/\/www.facebook.com\/profile.php?id=100090733639311\",\"https:\/\/x.com\/talkpalai\",\"https:\/\/www.linkedin.com\/company\/talkpal\/\",\"https:\/\/www.youtube.com\/@TalkPal\/\",\"https:\/\/www.tiktok.com\/@talkpal\",\"https:\/\/www.instagram.com\/talkpal_ai\/\",\"https:\/\/www.crunchbase.com\/organization\/talkpal-9cde\",\"https:\/\/www.g2.com\/products\/talkpal-for-business\/\",\"https:\/\/www.trustpilot.com\/review\/talkpal.ai\",\"https:\/\/www.capterra.com\/p\/10006800\/TalkPal\/\"],\"description\":\"Talkpal is a language learning web and mobile education app, powered by the latest AI technologies, that provides engaging experiences to its customers in many different languages to help them improve their language skills. Users can chat about unlimited amount of topics with the app and use other modes to practice their language learning.\",\"email\":\"support@talkpal.ai\",\"legalName\":\"Talkpal, Inc.\",\"foundingDate\":\"2023-04-03\",\"duns\":\"118989042\",\"numberOfEmployees\":{\"@type\":\"QuantitativeValue\",\"minValue\":\"11\",\"maxValue\":\"50\"},\"publishingPrinciples\":\"https:\/\/talkpal.ai\/publishing-principles\/\",\"actionableFeedbackPolicy\":\"https:\/\/talkpal.ai\/actionable-feedback-policy\/\",\"correctionsPolicy\":\"https:\/\/talkpal.ai\/corrections-policy\/\",\"ethicsPolicy\":\"https:\/\/talkpal.ai\/ethics-policy\/\",\"diversityPolicy\":\"https:\/\/talkpal.ai\/diversity-policy\/\",\"diversityStaffingReport\":\"https:\/\/talkpal.ai\/diversity-policy\/\"}]}<\/script>\n<!-- \/ Yoast SEO Premium plugin. -->","yoast_head_json":{"title":"Gramadeg Aserbaijan - Talkpal","description":"Meistr Gramadeg Azerbaijani yn ddiymdrech gyda TalkPal, eich tiwtor wedi'i bweru gan AI. Darganfyddwch esboniadau hawdd, ymarferion rhyngweithiol, ac awgrymiadau ymarferol","robots":{"index":"index","follow":"follow","max-snippet":"max-snippet:-1","max-image-preview":"max-image-preview:large","max-video-preview":"max-video-preview:-1"},"canonical":"https:\/\/talkpal.ai\/cy\/gramadeg-aserbaijan\/","og_locale":"cy_GB","og_type":"article","og_title":"Gramadeg Aserbaijan","og_description":"Canllaw Cynhwysfawr i Ramadeg Azerbaijani Ydych chi erioed wedi meddwl am ddysgu Azerbaijani? Fel iaith swyddogol Azerbaijan ac a siaredir gan filiynau o","og_url":"https:\/\/talkpal.ai\/cy\/gramadeg-aserbaijan\/","og_site_name":"Talkpal","article_publisher":"https:\/\/www.facebook.com\/profile.php?id=100090733639311","article_modified_time":"2025-09-06T19:57:46+00:00","og_image":[{"width":512,"height":512,"url":"https:\/\/talkpal.ai\/wp-content\/uploads\/2023\/05\/azerbaijan.png","type":"image\/png"}],"twitter_card":"summary_large_image","twitter_site":"@talkpalai","twitter_misc":{"Est. reading time":"3 minutes"},"schema":{"@context":"https:\/\/schema.org","@graph":[{"@type":"WebPage","@id":"https:\/\/talkpal.ai\/cy\/gramadeg-aserbaijan\/","url":"https:\/\/talkpal.ai\/cy\/gramadeg-aserbaijan\/","name":"Gramadeg Aserbaijan - Talkpal","isPartOf":{"@id":"https:\/\/talkpal.ai\/cy\/#website"},"primaryImageOfPage":{"@id":"https:\/\/talkpal.ai\/cy\/gramadeg-aserbaijan\/#primaryimage"},"image":{"@id":"https:\/\/talkpal.ai\/cy\/gramadeg-aserbaijan\/#primaryimage"},"thumbnailUrl":"https:\/\/talkpal.ai\/wp-content\/uploads\/2023\/05\/azerbaijan.png","datePublished":"2023-05-14T13:53:48+00:00","dateModified":"2025-09-06T19:57:46+00:00","description":"Meistr Gramadeg Azerbaijani yn ddiymdrech gyda TalkPal, eich tiwtor wedi'i bweru gan AI. Darganfyddwch esboniadau hawdd, ymarferion rhyngweithiol, ac awgrymiadau ymarferol","breadcrumb":{"@id":"https:\/\/talkpal.ai\/cy\/gramadeg-aserbaijan\/#breadcrumb"},"inLanguage":"cy-GB","potentialAction":[{"@type":"ReadAction","target":["https:\/\/talkpal.ai\/cy\/gramadeg-aserbaijan\/"]}]},{"@type":"ImageObject","inLanguage":"cy-GB","@id":"https:\/\/talkpal.ai\/cy\/gramadeg-aserbaijan\/#primaryimage","url":"https:\/\/talkpal.ai\/wp-content\/uploads\/2023\/05\/azerbaijan.png","contentUrl":"https:\/\/talkpal.ai\/wp-content\/uploads\/2023\/05\/azerbaijan.png","width":512,"height":512,"caption":"TalkPal Azerbaijan Flag"},{"@type":"BreadcrumbList","@id":"https:\/\/talkpal.ai\/cy\/gramadeg-aserbaijan\/#breadcrumb","itemListElement":[{"@type":"ListItem","position":1,"name":"Homepage","item":"https:\/\/talkpal.ai\/cy\/ai-athro-iaith-3\/"},{"@type":"ListItem","position":2,"name":"Gramadeg Aserbaijan"}]},{"@type":"WebSite","@id":"https:\/\/talkpal.ai\/cy\/#website","url":"https:\/\/talkpal.ai\/cy\/","name":"Talkpal","description":"AI Language Learning","publisher":{"@id":"https:\/\/talkpal.ai\/cy\/#organization"},"alternateName":"Talkpal AI","potentialAction":[{"@type":"SearchAction","target":{"@type":"EntryPoint","urlTemplate":"https:\/\/talkpal.ai\/cy\/?s={search_term_string}"},"query-input":{"@type":"PropertyValueSpecification","valueRequired":true,"valueName":"search_term_string"}}],"inLanguage":"cy-GB"},{"@type":"Organization","@id":"https:\/\/talkpal.ai\/cy\/#organization","name":"Talkpal, Inc.","alternateName":"Talkpal AI","url":"https:\/\/talkpal.ai\/cy\/","logo":{"@type":"ImageObject","inLanguage":"cy-GB","@id":"https:\/\/talkpal.ai\/cy\/#\/schema\/logo\/image\/","url":"https:\/\/talkpal.ai\/wp-content\/uploads\/2024\/03\/Talkpal-Logo-Icon.png","contentUrl":"https:\/\/talkpal.ai\/wp-content\/uploads\/2024\/03\/Talkpal-Logo-Icon.png","width":2880,"height":2880,"caption":"Talkpal, Inc."},"image":{"@id":"https:\/\/talkpal.ai\/cy\/#\/schema\/logo\/image\/"},"sameAs":["https:\/\/www.facebook.com\/profile.php?id=100090733639311","https:\/\/x.com\/talkpalai","https:\/\/www.linkedin.com\/company\/talkpal\/","https:\/\/www.youtube.com\/@TalkPal\/","https:\/\/www.tiktok.com\/@talkpal","https:\/\/www.instagram.com\/talkpal_ai\/","https:\/\/www.crunchbase.com\/organization\/talkpal-9cde","https:\/\/www.g2.com\/products\/talkpal-for-business\/","https:\/\/www.trustpilot.com\/review\/talkpal.ai","https:\/\/www.capterra.com\/p\/10006800\/TalkPal\/"],"description":"Talkpal is a language learning web and mobile education app, powered by the latest AI technologies, that provides engaging experiences to its customers in many different languages to help them improve their language skills. Users can chat about unlimited amount of topics with the app and use other modes to practice their language learning.","email":"support@talkpal.ai","legalName":"Talkpal, Inc.","foundingDate":"2023-04-03","duns":"118989042","numberOfEmployees":{"@type":"QuantitativeValue","minValue":"11","maxValue":"50"},"publishingPrinciples":"https:\/\/talkpal.ai\/publishing-principles\/","actionableFeedbackPolicy":"https:\/\/talkpal.ai\/actionable-feedback-policy\/","correctionsPolicy":"https:\/\/talkpal.ai\/corrections-policy\/","ethicsPolicy":"https:\/\/talkpal.ai\/ethics-policy\/","diversityPolicy":"https:\/\/talkpal.ai\/diversity-policy\/","diversityStaffingReport":"https:\/\/talkpal.ai\/diversity-policy\/"}]}},"_links":{"self":[{"href":"https:\/\/talkpal.ai\/cy\/wp-json\/wp\/v2\/pages\/1445017","targetHints":{"allow":["GET"]}}],"collection":[{"href":"https:\/\/talkpal.ai\/cy\/wp-json\/wp\/v2\/pages"}],"about":[{"href":"https:\/\/talkpal.ai\/cy\/wp-json\/wp\/v2\/types\/page"}],"author":[{"embeddable":true,"href":"https:\/\/talkpal.ai\/cy\/wp-json\/wp\/v2\/users\/1"}],"replies":[{"embeddable":true,"href":"https:\/\/talkpal.ai\/cy\/wp-json\/wp\/v2\/comments?post=1445017"}],"version-history":[{"count":0,"href":"https:\/\/talkpal.ai\/cy\/wp-json\/wp\/v2\/pages\/1445017\/revisions"}],"wp:featuredmedia":[{"embeddable":true,"href":"https:\/\/talkpal.ai\/cy\/wp-json\/wp\/v2\/media\/1442902"}],"wp:attachment":[{"href":"https:\/\/talkpal.ai\/cy\/wp-json\/wp\/v2\/media?parent=1445017"}],"curies":[{"name":"wp","href":"https:\/\/api.w.org\/{rel}","templated":true}]}}