{"id":1444985,"date":"2023-05-14T13:51:46","date_gmt":"2023-05-14T13:51:46","guid":{"rendered":"https:\/\/talkpal.ai\/gramadeg-portiwgaleg\/"},"modified":"2025-12-11T16:45:36","modified_gmt":"2025-12-11T16:45:36","slug":"gramadeg-portiwgaleg","status":"publish","type":"page","link":"https:\/\/talkpal.ai\/cy\/gramadeg-portiwgaleg\/","title":{"rendered":"Gramadeg Portiwgaleg"},"content":{"rendered":"\r\n\r\n\r\n<section class=\"languageChallengeSection\">\r\n    <div class=\"languageInfoWrapper\">\r\n        \r\n        <h1>Gramadeg Portiwgaleg<\/h1>\r\n        <p>Archwiliwch hanfodion gramadeg <a href=\"https:\/\/talkpal.ai\/learn-portuguese\/\">Portiwgaleg<\/a> a datgloi byd o gyfleoedd i gysylltu \u00e2 miliynau o siaradwyr ledled y byd. Trwy feistroli ei reolau a&#039;i strwythurau allweddol, byddwch chi&#039;n barod i gyfathrebu yn hyder a mwynhau diwylliant Portiwgal yn llawn. Dechreuwch ddysgu gramadeg Portiwgaleg heddiw a chymerwch eich cam cyntaf tuag at rhuglder!<\/p>\r\n\r\n                            <a class=\"getStartedHidden\" href=\"https:\/\/app.talkpal.ai\/signup?lng=\">Dechrau<\/a>\r\n        \r\n    <\/div>\r\n\r\n    <figure>\r\n    <img decoding=\"async\" width=\"768\" height=\"768\" src=\"https:\/\/talkpal.ai\/wp-content\/uploads\/2023\/06\/portuguese-768x768.png\" class=\"languageImage no-lazy\" alt=\"Language learning for broader world view\" fetchpriority=\"high\" sizes=\"(max-width: 768px) 150px, 768px\" srcset=\"https:\/\/talkpal.ai\/wp-content\/uploads\/2023\/06\/portuguese-768x768.png 768w, https:\/\/talkpal.ai\/wp-content\/uploads\/2023\/06\/portuguese-300x300.png 300w\" \/>\r\n    \r\n\r\n    <\/figure>\r\n\r\n            <a class=\"getStartedVisible\" href=\"https:\/\/app.talkpal.ai\/signup?lng=\">Dechrau<\/a>\r\n    \r\n<\/section>\r\n<section class=\"promotionalBanner\">\r\n    <p class=\"promotionalText\">Y ffordd fwyaf effeithlon o ddysgu iaith<\/p>\r\n    <a class=\"promotionalLink\" href=\"https:\/\/app.talkpal.ai\/signup?lng=\">Rhowch gynnig ar Talkpal am ddim<\/a>\r\n<\/section>\n<div class=\"wp-block-group pageContainerStyle\"><div class=\"wp-block-group__inner-container is-layout-constrained wp-block-group-is-layout-constrained\">\n<h2 class=\"wp-block-heading\" id=\"h-a-beginner-s-guide-to-understanding-portuguese-grammar\">Canllaw i Ddechreuwyr i Ddeall Gramadeg Portiwgaleg<\/h2>\n\n\n\n<p>P&#8217;un a ydych chi&#8217;n cynllunio taith i Bortiwgal neu&#8217;n syml \u00e2 diddordeb mewn meistroli iaith <a href=\"https:\/\/talkpal.ai\/talkpal-new-years-discount\/\">newydd<\/a>, gall <a href=\"https:\/\/talkpal.ai\/cy\/dysgu-portiwgaleg-ar-lein-gydag-ai\/\">dysgu Portiwgaleg<\/a> fod yn brofiad cyffrous a gwerth chweil. Un agwedd hanfodol ar ddysgu iaith Portiwgaleg, fel unrhyw un arall, yw deall ei gramadeg. Bydd yr erthygl hon yn eich tywys trwy hanfodion gramadeg Portiwgaleg, gan roi awgrymiadau a mewnwelediadau hanfodol i chi i&#8217;ch helpu i lywio a chyfathrebu&#8217;n ddidrafferth. Felly, os ydych chi <a href=\"https:\/\/talkpal.ai\/culture\/how-do-i-use-wedi-bod-to-express-have-been\/\">wedi bod<\/a> yn aros i blymio i fyd Portiwgaleg, gadewch i ni ddechrau!<\/p>\n\n\n\n<h3 class=\"wp-block-heading\" id=\"h-1-the-basics-nouns-pronouns-and-articles\">1. Y Pethau Sylfaenol: Enwau, Rhagenwau, ac Erthyglau<\/h3>\n\n\n\n<p>Fel yn <a href=\"https:\/\/talkpal.ai\/learn-english-with-ai\/\">Saesneg<\/a>, mae gramadeg Portiwgaleg wedi&#8217;i adeiladu o amgylch enwau, rhagenwau ac erthyglau. Gall enwau mewn Portiwgaleg fod yn wrywaidd neu&#8217;n fenywaidd, ac mae&#8217;n bwysig sefydlu&#8217;r rhyw ar gyfer ffurfio brawddegau priodol. Er enghraifft, mae &#8220;o menino&#8221; yn cyfieithu i &#8220;y bachgen,&#8221; tra bod &#8220;a menina&#8221; yn cyfieithu i &#8220;y ferch.&#8221;<\/p>\n\n\n\n<p>Mae rhagenwau yn Portiwgaleg, fel Saesneg, yn gweithredu fel amnewidiadau ar gyfer enwau. Mae ganddyn nhw rywiau hefyd. Mae rhagenwau personol yn cynnwys eu (I), voc\u00ea\/tu (chi), ele\/ela (ef\/hi), n\u00f3s (ni), ac eles\/elas (nhw).<\/p>\n\n\n\n<p>Mae erthyglau penodol (y) ac erthyglau amhenodol (a\/an) hefyd yn rhywedd-benodol ac yn hanfodol ar gyfer adeiladu brawddegau priodol. Yn Portiwgaleg, yr erthyglau pendant yw &#8220;o&#8221; (gwrywaidd) ac &#8220;a&#8221; (benywaidd), a&#8217;r erthyglau amhenodol yw &#8220;um&#8221; (gwrywaidd) ac &#8220;uma&#8221; (benywaidd).<\/p>\n\n\n\n<h3 class=\"wp-block-heading\" id=\"h-2-adjectives-and-adverbs-add-spice-to-your-sentences\">2. Ansoddeiriau ac adferfau: Ychwanegwch sbeis i&#8217;ch brawddegau<\/h3>\n\n\n\n<p>Mae ansoddeiriau yn eiriau sy&#8217;n disgrifio neu&#8217;n addasu enwau, ac fel enwau, mae ganddynt rywiau. Fel arfer, mae ansoddeiriau sy&#8217;n gorffen yn &#8220;o&#8221; yn wrywaidd, tra bod y rhai sy&#8217;n gorffen mewn &#8220;a&#8221; yn fenywaidd. Mae&#8217;n hanfodol cyfateb rhyw yr ansoddair i&#8217;r enw y mae&#8217;n ei ddisgrifio. Er enghraifft, mae &#8220;homem alto&#8221; yn cyfieithu i &#8220;ddyn tal,&#8221; tra bod &#8220;mulher alta&#8221; yn golygu &#8220;menyw tal.&#8221;<\/p>\n\n\n\n<p>Adferfau, ar y llaw arall, yn addasu berfau, ansoddeiriau, neu adferfau eraill. Yn Portiwgaleg, nid oes gan adferfau ffurfiau rhywedd-benodol fel arfer. Mae rhai adferfau cyffredin yn cynnwys &#8220;rapidamente&#8221; (yn gyflym), &#8220;lentamente&#8221; (yn araf), a &#8220;sempre&#8221; (bob amser).<\/p>\n\n\n\n<h3 class=\"wp-block-heading\" id=\"h-3-verbs-the-action-words\">3. Berfau: Y Geiriau Gweithredu<\/h3>\n\n\n\n<p>Mae berfau Portiwgaleg yn cael eu dosbarthu&#8217;n dri gr\u0175p cyfuniad (-ar, -er, -ir), ac mae eu ffurfiau&#8217;n newid yn dibynnu ar amser a phwnc. Dyma rai amserau hanfodol y bydd angen i chi eu gwybod:<\/p>\n\n\n\n<p>&#8211; Amser presennol (Cyflwyno): Yn disgrifio gweithredoedd sy&#8217;n digwydd nawr neu weithredoedd arferol.<br\/>&#8211; Amser gorffennol (Pret\u00e9rito): Yn disgrifio gweithredoedd a ddigwyddodd yn y gorffennol. Mae dau fath: <a href=\"https:\/\/talkpal.ai\/grammar\/preterite-perfect-in-portuguese-grammar\/\">Pret\u00e9rito Perfeito<\/a> (gorffennol syml) a <a href=\"https:\/\/talkpal.ai\/grammar\/preterito-imperfeito-in-portuguese-grammar\/\">Pret\u00e9rito Imperfeito<\/a> (gorffennol parhaus).<br\/>\u2013 <a href=\"https:\/\/talkpal.ai\/fr\/grammar\/future-continue-en-grammaire-ourdou\/\">Future tense<\/a> (Futuro): Yn disgrifio gweithredoedd a fydd yn digwydd yn y dyfodol.<\/p>\n\n\n\n<p>Gall meistroli cyfuniad berfau fod yn her yn Portiwgaleg, ond bydd ymarfer a chysondeb yn eich helpu i&#8217;w ddeall yn fwy effeithlon.<\/p>\n\n\n\n<h3 class=\"wp-block-heading\" id=\"h-4-word-order-building-understandable-sentences\">4. Trefn Geiriau: Adeiladu Brawddegau Dealladwy<\/h3>\n\n\n\n<p>Mae&#8217;r strwythur brawddegau Portiwgaleg nodweddiadol yn dilyn y drefn Subject-Verb-Object (SVO). Er enghraifft, mae&#8217;r frawddeg &#8220;Eu amo pizza&#8221; (&#8220;Rwy&#8217;n caru pizza&#8221;) yn dilyn y patrwm hwn. Fodd bynnag, gall gramadeg Portiwgaleg fod yn eithaf hyblyg, ac efallai y byddwch chi&#8217;n dod ar draws amrywiadau mewn trefn geiriau, yn enwedig mewn llenyddiaeth neu sgyrsiau anffurfiol. Mae cyd-destun a synnwyr cyffredin yn hanfodol wrth ddeall yr amrywiadau hyn.<\/p>\n\n\n\n<h3 class=\"wp-block-heading\" id=\"h-5-negation-and-interrogation-say-no-and-ask-questions\">5. Negation and Interrogation: Say No and Ask Questions<\/h3>\n\n\n\n<p>I negyddu brawddeg yn Portiwgaleg, rydych chi&#8217;n syml yn rhoi&#8217;r gair &#8220;n\u00e3o&#8221; o flaen y ferf. Er enghraifft, mae &#8220;Eu n\u00e3o falo portugu\u00eas&#8221; yn golygu &#8220;Nid wyf yn siarad Portiwgaleg.&#8221;<\/p>\n\n\n\n<p>I droi datganiad yn gwestiwn yn Portiwgaleg, gallwch naill ai newid trefn y geiriau neu ddefnyddio gair cwestiynol (fel &#8220;quem&#8221; am &#8220;pwy,&#8221; &#8220;o que&#8221; am &#8220;beth,&#8221; neu &#8220;onde&#8221; am &#8220;ble&#8221;). Er enghraifft, mae &#8220;Voc\u00ea fala ingl\u00eas?&#8221; yn cyfieithu i &#8220;Ydych chi&#8217;n siarad Saesneg?&#8221;<\/p>\n\n\n\n<h3 class=\"wp-block-heading\" id=\"h-conclusion\">Casgliad<\/h3>\n\n\n\n<p>Efallai y bydd dysgu gramadeg Portiwgaleg yn ymddangos yn frawychus, ond peidiwch \u00e2 chael eich digalonni! Mae gan bob iaith ei chymhlethdodau, ond gyda chysondeb, ymarfer, ac ychydig o amynedd, byddwch chi&#8217;n cyfathrebu&#8217;n hyderus ac yn effeithiol. Cofiwch mai dim ond un rhan o gaffael iaith yw dysgu gramadeg, a dylech hefyd ymarfer gwrando, siarad a darllen yn Portiwgaleg. Boa sorte! (Pob lwc!)<\/p>\n<\/div><\/div>\n\r\n<section class=\"learnNavigationSection\">\r\n            \r\n        <a href=\"https:\/\/talkpal.ai\/cy\/dysgwch-portiwgaleg\/\">\r\n            <div class=\"learnNavigationWrapper\">\r\n                <div class=\"learnNavigationContent\">\r\n                    <img decoding=\"async\" src=\"https:\/\/talkpal.ai\/wp-content\/uploads\/2024\/08\/Portuguese.jpg\" alt=\"Portuguese Flag\">\r\n                    <div>\r\n                        <h4>Yngl\u0177n \u00e2 Dysgu Portiwgal<\/h4>\r\n                        <p>Darganfyddwch bopeth am ramadeg Portiwgal.<\/p>\r\n                    <\/div>\r\n                <\/div>\r\n            <\/div>\r\n        <\/a>\r\n\r\n        \r\n        <a href=\"https:\/\/talkpal.ai\/cy\/ymarferion-gramadeg-portiwgaleg\/\">\r\n            <div class=\"learnNavigationWrapper\">\r\n                <div class=\"learnNavigationContent\">\r\n                    <img decoding=\"async\" src=\"https:\/\/talkpal.ai\/wp-content\/uploads\/2024\/08\/Portuguese.jpg\" alt=\"Portuguese Flag\">\r\n                    <div>\r\n                        <h4>Ymarfer Gramadeg Portiwgaleg<\/h4>\r\n                        <p>Ymarfer gramadeg Portiwgaleg.<\/p>\r\n                    <\/div>\r\n                <\/div>\r\n            <\/div>\r\n        <\/a>\r\n\r\n        \r\n        <a href=\"https:\/\/talkpal.ai\/vocabulary_language\/portuguese\/\">\r\n            <div class=\"learnNavigationWrapper\">\r\n                <div class=\"learnNavigationContent\">\r\n                    <img decoding=\"async\" src=\"https:\/\/talkpal.ai\/wp-content\/uploads\/2024\/08\/Portuguese.jpg\" alt=\"Portuguese Flag\">\r\n                    <div>\r\n                        <h4>Geirfa Portiwgaleg<\/h4>\r\n                        <p>Ehangwch eich geirfa Portiwgaleg.<\/p>\r\n                    <\/div>\r\n                <\/div>\r\n            <\/div>\r\n        <\/a>\r\n\r\n            <\/section>","protected":false},"excerpt":{"rendered":"<p>Canllaw i Ddechreuwyr i Ddeall Gramadeg Portiwgaleg P&#8217;un a ydych chi&#8217;n cynllunio taith i Bortiwgal neu&#8217;n syml \u00e2 diddordeb mewn meistroli iaith newydd, gall dysgu Portiwgaleg fod yn brofiad cyffrous a gwerth chweil. Un agwedd hanfodol ar ddysgu iaith Portiwgaleg, fel unrhyw un arall, yw deall ei gramadeg. Bydd yr erthygl hon yn eich tywys [&hellip;]<\/p>\n","protected":false},"author":1,"featured_media":1440141,"parent":0,"menu_order":0,"comment_status":"closed","ping_status":"closed","template":"LearningContentPage.php","meta":{"_acf_changed":false,"footnotes":""},"class_list":["post-1444985","page","type-page","status-publish","has-post-thumbnail","hentry"],"acf":[],"yoast_head":"<!-- This site is optimized with the Yoast SEO Premium plugin v27.2 (Yoast SEO v27.2) - https:\/\/yoast.com\/product\/yoast-seo-premium-wordpress\/ -->\n<title>Gramadeg Portiwgaleg - Talkpal<\/title>\n<meta name=\"description\" content=\"Meistr gramadeg Portiwgaleg gydag ymarferion rhyngweithiol wedi&#039;u cynllunio ar gyfer pob lefel sgiliau. Gwella eich hyfedredd iaith!\" \/>\n<meta name=\"robots\" content=\"index, follow, max-snippet:-1, max-image-preview:large, max-video-preview:-1\" \/>\n<link rel=\"canonical\" href=\"https:\/\/talkpal.ai\/cy\/gramadeg-portiwgaleg\/\" \/>\n<meta property=\"og:locale\" content=\"cy_GB\" \/>\n<meta property=\"og:type\" content=\"article\" \/>\n<meta property=\"og:title\" content=\"Gramadeg Portiwgaleg\" \/>\n<meta property=\"og:description\" content=\"Canllaw i Ddechreuwyr i Ddeall Gramadeg Portiwgaleg P&#039;un a ydych chi&#039;n cynllunio taith i Bortiwgal neu&#039;n syml \u00e2 diddordeb mewn meistroli iaith newydd,\" \/>\n<meta property=\"og:url\" content=\"https:\/\/talkpal.ai\/cy\/gramadeg-portiwgaleg\/\" \/>\n<meta property=\"og:site_name\" content=\"Talkpal\" \/>\n<meta property=\"article:publisher\" content=\"https:\/\/www.facebook.com\/profile.php?id=100090733639311\" \/>\n<meta property=\"article:modified_time\" content=\"2025-12-11T16:45:36+00:00\" \/>\n<meta property=\"og:image\" content=\"https:\/\/talkpal.ai\/wp-content\/uploads\/2023\/04\/portugal.png\" \/>\n\t<meta property=\"og:image:width\" content=\"512\" \/>\n\t<meta property=\"og:image:height\" content=\"512\" \/>\n\t<meta property=\"og:image:type\" content=\"image\/png\" \/>\n<meta name=\"twitter:card\" content=\"summary_large_image\" \/>\n<meta name=\"twitter:site\" content=\"@talkpalai\" \/>\n<meta name=\"twitter:label1\" content=\"Est. reading time\" \/>\n\t<meta name=\"twitter:data1\" content=\"3 minutes\" \/>\n<script type=\"application\/ld+json\" class=\"yoast-schema-graph\">{\"@context\":\"https:\/\/schema.org\",\"@graph\":[{\"@type\":\"WebPage\",\"@id\":\"https:\/\/talkpal.ai\/cy\/gramadeg-portiwgaleg\/\",\"url\":\"https:\/\/talkpal.ai\/cy\/gramadeg-portiwgaleg\/\",\"name\":\"Gramadeg Portiwgaleg - Talkpal\",\"isPartOf\":{\"@id\":\"https:\/\/talkpal.ai\/cy\/#website\"},\"primaryImageOfPage\":{\"@id\":\"https:\/\/talkpal.ai\/cy\/gramadeg-portiwgaleg\/#primaryimage\"},\"image\":{\"@id\":\"https:\/\/talkpal.ai\/cy\/gramadeg-portiwgaleg\/#primaryimage\"},\"thumbnailUrl\":\"https:\/\/talkpal.ai\/wp-content\/uploads\/2023\/04\/portugal.png\",\"datePublished\":\"2023-05-14T13:51:46+00:00\",\"dateModified\":\"2025-12-11T16:45:36+00:00\",\"description\":\"Meistr gramadeg Portiwgaleg gydag ymarferion rhyngweithiol wedi'u cynllunio ar gyfer pob lefel sgiliau. Gwella eich hyfedredd iaith!\",\"breadcrumb\":{\"@id\":\"https:\/\/talkpal.ai\/cy\/gramadeg-portiwgaleg\/#breadcrumb\"},\"inLanguage\":\"cy-GB\",\"potentialAction\":[{\"@type\":\"ReadAction\",\"target\":[\"https:\/\/talkpal.ai\/cy\/gramadeg-portiwgaleg\/\"]}]},{\"@type\":\"ImageObject\",\"inLanguage\":\"cy-GB\",\"@id\":\"https:\/\/talkpal.ai\/cy\/gramadeg-portiwgaleg\/#primaryimage\",\"url\":\"https:\/\/talkpal.ai\/wp-content\/uploads\/2023\/04\/portugal.png\",\"contentUrl\":\"https:\/\/talkpal.ai\/wp-content\/uploads\/2023\/04\/portugal.png\",\"width\":512,\"height\":512,\"caption\":\"TalkPal Catalan Flag\"},{\"@type\":\"BreadcrumbList\",\"@id\":\"https:\/\/talkpal.ai\/cy\/gramadeg-portiwgaleg\/#breadcrumb\",\"itemListElement\":[{\"@type\":\"ListItem\",\"position\":1,\"name\":\"Homepage\",\"item\":\"https:\/\/talkpal.ai\/cy\/ai-athro-iaith-3\/\"},{\"@type\":\"ListItem\",\"position\":2,\"name\":\"Gramadeg Portiwgaleg\"}]},{\"@type\":\"WebSite\",\"@id\":\"https:\/\/talkpal.ai\/cy\/#website\",\"url\":\"https:\/\/talkpal.ai\/cy\/\",\"name\":\"Talkpal\",\"description\":\"AI Language Learning\",\"publisher\":{\"@id\":\"https:\/\/talkpal.ai\/cy\/#organization\"},\"alternateName\":\"Talkpal AI\",\"potentialAction\":[{\"@type\":\"SearchAction\",\"target\":{\"@type\":\"EntryPoint\",\"urlTemplate\":\"https:\/\/talkpal.ai\/cy\/?s={search_term_string}\"},\"query-input\":{\"@type\":\"PropertyValueSpecification\",\"valueRequired\":true,\"valueName\":\"search_term_string\"}}],\"inLanguage\":\"cy-GB\"},{\"@type\":\"Organization\",\"@id\":\"https:\/\/talkpal.ai\/cy\/#organization\",\"name\":\"Talkpal, Inc.\",\"alternateName\":\"Talkpal AI\",\"url\":\"https:\/\/talkpal.ai\/cy\/\",\"logo\":{\"@type\":\"ImageObject\",\"inLanguage\":\"cy-GB\",\"@id\":\"https:\/\/talkpal.ai\/cy\/#\/schema\/logo\/image\/\",\"url\":\"https:\/\/talkpal.ai\/wp-content\/uploads\/2024\/03\/Talkpal-Logo-Icon.png\",\"contentUrl\":\"https:\/\/talkpal.ai\/wp-content\/uploads\/2024\/03\/Talkpal-Logo-Icon.png\",\"width\":2880,\"height\":2880,\"caption\":\"Talkpal, Inc.\"},\"image\":{\"@id\":\"https:\/\/talkpal.ai\/cy\/#\/schema\/logo\/image\/\"},\"sameAs\":[\"https:\/\/www.facebook.com\/profile.php?id=100090733639311\",\"https:\/\/x.com\/talkpalai\",\"https:\/\/www.linkedin.com\/company\/talkpal\/\",\"https:\/\/www.youtube.com\/@TalkPal\/\",\"https:\/\/www.tiktok.com\/@talkpal\",\"https:\/\/www.instagram.com\/talkpal_ai\/\",\"https:\/\/www.crunchbase.com\/organization\/talkpal-9cde\",\"https:\/\/www.g2.com\/products\/talkpal-for-business\/\",\"https:\/\/www.trustpilot.com\/review\/talkpal.ai\",\"https:\/\/www.capterra.com\/p\/10006800\/TalkPal\/\"],\"description\":\"Talkpal is a language learning web and mobile education app, powered by the latest AI technologies, that provides engaging experiences to its customers in many different languages to help them improve their language skills. Users can chat about unlimited amount of topics with the app and use other modes to practice their language learning.\",\"email\":\"support@talkpal.ai\",\"legalName\":\"Talkpal, Inc.\",\"foundingDate\":\"2023-04-03\",\"duns\":\"118989042\",\"numberOfEmployees\":{\"@type\":\"QuantitativeValue\",\"minValue\":\"11\",\"maxValue\":\"50\"},\"publishingPrinciples\":\"https:\/\/talkpal.ai\/publishing-principles\/\",\"actionableFeedbackPolicy\":\"https:\/\/talkpal.ai\/actionable-feedback-policy\/\",\"correctionsPolicy\":\"https:\/\/talkpal.ai\/corrections-policy\/\",\"ethicsPolicy\":\"https:\/\/talkpal.ai\/ethics-policy\/\",\"diversityPolicy\":\"https:\/\/talkpal.ai\/diversity-policy\/\",\"diversityStaffingReport\":\"https:\/\/talkpal.ai\/diversity-policy\/\"}]}<\/script>\n<!-- \/ Yoast SEO Premium plugin. -->","yoast_head_json":{"title":"Gramadeg Portiwgaleg - Talkpal","description":"Meistr gramadeg Portiwgaleg gydag ymarferion rhyngweithiol wedi'u cynllunio ar gyfer pob lefel sgiliau. Gwella eich hyfedredd iaith!","robots":{"index":"index","follow":"follow","max-snippet":"max-snippet:-1","max-image-preview":"max-image-preview:large","max-video-preview":"max-video-preview:-1"},"canonical":"https:\/\/talkpal.ai\/cy\/gramadeg-portiwgaleg\/","og_locale":"cy_GB","og_type":"article","og_title":"Gramadeg Portiwgaleg","og_description":"Canllaw i Ddechreuwyr i Ddeall Gramadeg Portiwgaleg P'un a ydych chi'n cynllunio taith i Bortiwgal neu'n syml \u00e2 diddordeb mewn meistroli iaith newydd,","og_url":"https:\/\/talkpal.ai\/cy\/gramadeg-portiwgaleg\/","og_site_name":"Talkpal","article_publisher":"https:\/\/www.facebook.com\/profile.php?id=100090733639311","article_modified_time":"2025-12-11T16:45:36+00:00","og_image":[{"width":512,"height":512,"url":"https:\/\/talkpal.ai\/wp-content\/uploads\/2023\/04\/portugal.png","type":"image\/png"}],"twitter_card":"summary_large_image","twitter_site":"@talkpalai","twitter_misc":{"Est. reading time":"3 minutes"},"schema":{"@context":"https:\/\/schema.org","@graph":[{"@type":"WebPage","@id":"https:\/\/talkpal.ai\/cy\/gramadeg-portiwgaleg\/","url":"https:\/\/talkpal.ai\/cy\/gramadeg-portiwgaleg\/","name":"Gramadeg Portiwgaleg - Talkpal","isPartOf":{"@id":"https:\/\/talkpal.ai\/cy\/#website"},"primaryImageOfPage":{"@id":"https:\/\/talkpal.ai\/cy\/gramadeg-portiwgaleg\/#primaryimage"},"image":{"@id":"https:\/\/talkpal.ai\/cy\/gramadeg-portiwgaleg\/#primaryimage"},"thumbnailUrl":"https:\/\/talkpal.ai\/wp-content\/uploads\/2023\/04\/portugal.png","datePublished":"2023-05-14T13:51:46+00:00","dateModified":"2025-12-11T16:45:36+00:00","description":"Meistr gramadeg Portiwgaleg gydag ymarferion rhyngweithiol wedi'u cynllunio ar gyfer pob lefel sgiliau. Gwella eich hyfedredd iaith!","breadcrumb":{"@id":"https:\/\/talkpal.ai\/cy\/gramadeg-portiwgaleg\/#breadcrumb"},"inLanguage":"cy-GB","potentialAction":[{"@type":"ReadAction","target":["https:\/\/talkpal.ai\/cy\/gramadeg-portiwgaleg\/"]}]},{"@type":"ImageObject","inLanguage":"cy-GB","@id":"https:\/\/talkpal.ai\/cy\/gramadeg-portiwgaleg\/#primaryimage","url":"https:\/\/talkpal.ai\/wp-content\/uploads\/2023\/04\/portugal.png","contentUrl":"https:\/\/talkpal.ai\/wp-content\/uploads\/2023\/04\/portugal.png","width":512,"height":512,"caption":"TalkPal Catalan Flag"},{"@type":"BreadcrumbList","@id":"https:\/\/talkpal.ai\/cy\/gramadeg-portiwgaleg\/#breadcrumb","itemListElement":[{"@type":"ListItem","position":1,"name":"Homepage","item":"https:\/\/talkpal.ai\/cy\/ai-athro-iaith-3\/"},{"@type":"ListItem","position":2,"name":"Gramadeg Portiwgaleg"}]},{"@type":"WebSite","@id":"https:\/\/talkpal.ai\/cy\/#website","url":"https:\/\/talkpal.ai\/cy\/","name":"Talkpal","description":"AI Language Learning","publisher":{"@id":"https:\/\/talkpal.ai\/cy\/#organization"},"alternateName":"Talkpal AI","potentialAction":[{"@type":"SearchAction","target":{"@type":"EntryPoint","urlTemplate":"https:\/\/talkpal.ai\/cy\/?s={search_term_string}"},"query-input":{"@type":"PropertyValueSpecification","valueRequired":true,"valueName":"search_term_string"}}],"inLanguage":"cy-GB"},{"@type":"Organization","@id":"https:\/\/talkpal.ai\/cy\/#organization","name":"Talkpal, Inc.","alternateName":"Talkpal AI","url":"https:\/\/talkpal.ai\/cy\/","logo":{"@type":"ImageObject","inLanguage":"cy-GB","@id":"https:\/\/talkpal.ai\/cy\/#\/schema\/logo\/image\/","url":"https:\/\/talkpal.ai\/wp-content\/uploads\/2024\/03\/Talkpal-Logo-Icon.png","contentUrl":"https:\/\/talkpal.ai\/wp-content\/uploads\/2024\/03\/Talkpal-Logo-Icon.png","width":2880,"height":2880,"caption":"Talkpal, Inc."},"image":{"@id":"https:\/\/talkpal.ai\/cy\/#\/schema\/logo\/image\/"},"sameAs":["https:\/\/www.facebook.com\/profile.php?id=100090733639311","https:\/\/x.com\/talkpalai","https:\/\/www.linkedin.com\/company\/talkpal\/","https:\/\/www.youtube.com\/@TalkPal\/","https:\/\/www.tiktok.com\/@talkpal","https:\/\/www.instagram.com\/talkpal_ai\/","https:\/\/www.crunchbase.com\/organization\/talkpal-9cde","https:\/\/www.g2.com\/products\/talkpal-for-business\/","https:\/\/www.trustpilot.com\/review\/talkpal.ai","https:\/\/www.capterra.com\/p\/10006800\/TalkPal\/"],"description":"Talkpal is a language learning web and mobile education app, powered by the latest AI technologies, that provides engaging experiences to its customers in many different languages to help them improve their language skills. Users can chat about unlimited amount of topics with the app and use other modes to practice their language learning.","email":"support@talkpal.ai","legalName":"Talkpal, Inc.","foundingDate":"2023-04-03","duns":"118989042","numberOfEmployees":{"@type":"QuantitativeValue","minValue":"11","maxValue":"50"},"publishingPrinciples":"https:\/\/talkpal.ai\/publishing-principles\/","actionableFeedbackPolicy":"https:\/\/talkpal.ai\/actionable-feedback-policy\/","correctionsPolicy":"https:\/\/talkpal.ai\/corrections-policy\/","ethicsPolicy":"https:\/\/talkpal.ai\/ethics-policy\/","diversityPolicy":"https:\/\/talkpal.ai\/diversity-policy\/","diversityStaffingReport":"https:\/\/talkpal.ai\/diversity-policy\/"}]}},"_links":{"self":[{"href":"https:\/\/talkpal.ai\/cy\/wp-json\/wp\/v2\/pages\/1444985","targetHints":{"allow":["GET"]}}],"collection":[{"href":"https:\/\/talkpal.ai\/cy\/wp-json\/wp\/v2\/pages"}],"about":[{"href":"https:\/\/talkpal.ai\/cy\/wp-json\/wp\/v2\/types\/page"}],"author":[{"embeddable":true,"href":"https:\/\/talkpal.ai\/cy\/wp-json\/wp\/v2\/users\/1"}],"replies":[{"embeddable":true,"href":"https:\/\/talkpal.ai\/cy\/wp-json\/wp\/v2\/comments?post=1444985"}],"version-history":[{"count":0,"href":"https:\/\/talkpal.ai\/cy\/wp-json\/wp\/v2\/pages\/1444985\/revisions"}],"wp:featuredmedia":[{"embeddable":true,"href":"https:\/\/talkpal.ai\/cy\/wp-json\/wp\/v2\/media\/1440141"}],"wp:attachment":[{"href":"https:\/\/talkpal.ai\/cy\/wp-json\/wp\/v2\/media?parent=1444985"}],"curies":[{"name":"wp","href":"https:\/\/api.w.org\/{rel}","templated":true}]}}