{"id":1444964,"date":"2023-05-14T13:50:21","date_gmt":"2023-05-14T13:50:21","guid":{"rendered":"https:\/\/talkpal.ai\/gramadeg-ffinneg\/"},"modified":"2025-12-11T17:04:50","modified_gmt":"2025-12-11T17:04:50","slug":"gramadeg-ffinneg","status":"publish","type":"page","link":"https:\/\/talkpal.ai\/cy\/gramadeg-ffinneg\/","title":{"rendered":"Gramadeg Ffinneg"},"content":{"rendered":"\r\n\r\n\r\n<section class=\"languageChallengeSection\">\r\n    <div class=\"languageInfoWrapper\">\r\n        \r\n        <h1>Gramadeg Ffinneg<\/h1>\r\n        <p>Yn barod i ddarganfod cyfrinachau&#039;r <a href=\"https:\/\/talkpal.ai\/learn-finnish\/\">Ffinneg<\/a>? Plymiwch i ramadeg y Ffinneg, sy&#039;n enwog am ei strwythur rhesymegol, cytgord llafariad, ac amrywiaeth drawiadol o achosion. Dechreuwch ddysgu heddiw &#8211; bydd meistroli gramadeg Ffinneg yn rhoi&#039;r hyder i chi siarad a chysylltu wrth agor y drws i ddiwylliant a thraddodiadau cyfoethog y Ffindir!<\/p>\r\n\r\n                            <a class=\"getStartedHidden\" href=\"https:\/\/app.talkpal.ai\/signup?lng=\">Dechrau<\/a>\r\n        \r\n    <\/div>\r\n\r\n    <figure>\r\n    <img decoding=\"async\" width=\"768\" height=\"768\" src=\"https:\/\/talkpal.ai\/wp-content\/uploads\/2023\/06\/Finnish-768x768.png\" class=\"languageImage no-lazy\" alt=\"Develop your language aptitude learning\" fetchpriority=\"high\" sizes=\"(max-width: 768px) 150px, 768px\" srcset=\"https:\/\/talkpal.ai\/wp-content\/uploads\/2023\/06\/Finnish-768x768.png 768w, https:\/\/talkpal.ai\/wp-content\/uploads\/2023\/06\/Finnish-300x300.png 300w\" \/>\r\n    \r\n\r\n    <\/figure>\r\n\r\n            <a class=\"getStartedVisible\" href=\"https:\/\/app.talkpal.ai\/signup?lng=\">Dechrau<\/a>\r\n    \r\n<\/section>\r\n<section class=\"promotionalBanner\">\r\n    <p class=\"promotionalText\">Y ffordd fwyaf effeithlon o ddysgu iaith<\/p>\r\n    <a class=\"promotionalLink\" href=\"https:\/\/app.talkpal.ai\/signup?lng=\">Rhowch gynnig ar Talkpal am ddim<\/a>\r\n<\/section>\n<div class=\"wp-block-group pageContainerStyle\"><div class=\"wp-block-group__inner-container is-layout-constrained wp-block-group-is-layout-constrained\">\n<h2 class=\"wp-block-heading\" id=\"h-finnish-grammar-a-guide-to-mastering-the-complexities-of-the-finnish-language\">Gramadeg Ffinneg: Canllaw i Feistroli Cymhlethdodau&#8217;r Iaith Ffindir<\/h2>\n\n\n\n<p>Mae Ffinneg, iaith unigryw a diddorol a siaredir gan oddeutu 5 miliwn o bobl, yn adnabyddus am ei chymhlethdodau a&#8217;i system ramadeg nodweddiadol. Ar yr olwg gyntaf, gall y rheolau a&#8217;r strwythurau mewn gramadeg Ffinneg ymddangos yn frawychus, ond peidiwch ag ofni! Gydag amynedd, ymarfer ac arweiniad, gallwch ddadorchuddio dirgelion gramadeg Ffinneg a gwella eich sgiliau iaith. Yn yr erthygl hon, byddwn yn darparu trosolwg o ramadeg Ffinneg ac yn rhannu rhai awgrymiadau i wneud eich taith ddysgu yn llyfnach.<\/p>\n\n\n\n<h3 class=\"wp-block-heading\" id=\"h-the-basics-of-finnish-grammar\">Hanfodion Gramadeg Ffinneg:<\/h3>\n\n\n\n<p>Nodweddir gramadeg Ffinneg, sy&#8217;n wahanol iawn i ramadeg <a href=\"https:\/\/talkpal.ai\/learn-english-with-ai\/\">Saesneg<\/a>, gan ei ddefnydd cyfoethog o achosion, diffyg rhywedd ramadeg, a system gyfuniad berfau unigryw. Dyma rai agweddau hanfodol ar ramadeg Ffinneg y dylech fod yn gyfarwydd \u00e2 nhw:<\/p>\n\n\n\n<p><strong>1. Achosion enwau:<\/strong> Mae gan y Ffinneg 15 achos enw, sy&#8217;n dynodi&#8217;r berthynas rhwng enw ac elfenwyr eraill brawddeg. Mae gan bob achos enw derfyniad penodol sy&#8217;n gysylltiedig \u00e2 choesyn yr enw. Mae ychydig o enghreifftiau o achosion enwol yn cynnwys enwebol, genitive, accusative, a partitive.<\/p>\n\n\n\n<p><strong>2. Dim rhywedd ramadeg:<\/strong> Yn wahanol i lawer o ieithoedd, nid yw&#8217;r Ffinneg yn neilltuo rhywedd i enwau. Yn hytrach, mae&#8217;r iaith yn defnyddio un gair \u2013 h\u00e4n \u2013 i gyfeirio at &#8216;ef&#8217; a &#8216;hi.&#8217; Mae&#8217;r nodwedd hon yn symleiddio&#8217;r broses o ddysgu Ffinneg ac yn dileu&#8217;r angen i gofio erthyglau rhywedd neu ffurfiau rhagenwau.<\/p>\n\n\n\n<p><strong>3. Cyfuniad berfau:<\/strong> Mae berfau Ffinneg yn cael eu cyfuno yn seiliedig ar amser, hwyliau a llais. Mae pedwar amser berf yn Ffinneg: presennol, gorffennol, perffaith, a pluperfect. Yn ogystal, mae gan ferfau Ffinneg bum hwyliau: dangosol, amodol, potensial, gorfodol, a digwyddiadau.<\/p>\n\n\n\n<p><strong>4. Cytgord llafariad:<\/strong> Yn Ffinneg, rhennir llafariaid yn dri gr\u0175p: blaen (\u00e4, \u00f6, y), cefn (a, o, u), a niwtral (i, e). Oherwydd cytgord llafariad, ni all llafariaid blaen a chefn fel arfer ymddangos yn yr un gair, ac eithrio geiriau cyfansawdd a rhai benthyciadau.<\/p>\n\n\n\n<h3 class=\"wp-block-heading\" id=\"h-strategies-for-learning-finnish-grammar\">Strategaethau ar gyfer Dysgu Gramadeg Ffinneg:<\/h3>\n\n\n\n<p>Gall deall gramadeg Ffinneg ymddangos yn llethol iawn, ond gyda&#8217;r meddylfryd a&#8217;r strategaethau dysgu cywir, byddwch chi&#8217;n gallu cael y hang ohono. Dyma rai awgrymiadau defnyddiol i lywio&#8217;ch astudiaeth:<\/p>\n\n\n\n<p><strong>1. Cymerwch gamau babi:<\/strong> Dechreuwch gyda hanfodion gramadeg Ffinneg, fel achosion enwau a chyfuniad berfau. Trwy dorri rheolau cymhleth yn ddarnau llai, treuliadwy, byddwch yn gallu symud ymlaen yn gyson ac adeiladu sylfaen gadarn.<\/p>\n\n\n\n<p><strong>2. Ymarfer yn rheolaidd:<\/strong> Mae cysondeb yn allweddol wrth ddysgu iaith. Dyrannu amser bob dydd neu wythnos i <a href=\"https:\/\/talkpal.ai\/grammar\/\">ymarfer gramadeg<\/a> trwy ymarferion, darllen ac ysgrifennu yn Ffinneg.<\/p>\n\n\n\n<p><strong>3. Defnyddio adnoddau brodorol:<\/strong> <a href=\"https:\/\/talkpal.ai\/culture\/how-do-i-use-er-mwyn-correctly\/\">Er mwyn<\/a> cael gwell dealltwriaeth o ramadeg y Ffindir mewn cyd-destun, ymgollwch mewn deunyddiau brodorol, fel llenyddiaeth, erthyglau newyddion, a phodlediadau. Bydd hyn yn eich helpu i fewnoli&#8217;r rheolau a gwella eich sgiliau gwrando a darllen.<\/p>\n\n\n\n<p><strong>4. Cysylltu \u00e2 siaradwyr brodorol:<\/strong> Mae cymryd rhan mewn sgwrs gyda siaradwyr Ffinneg brodorol yn ffordd wych o ymarfer gramadeg a derbyn <a href=\"https:\/\/talkpal.ai\/contact\/\">adborth<\/a> gwerthfawr. Ystyriwch ymuno \u00e2 grwpiau cyfnewid iaith neu fforymau ar-lein lle gallwch gysylltu \u00e2 phobl sy&#8217;n siarad Ffinneg.<\/p>\n\n\n\n<p><strong>5. Byddwch yn amyneddgar ac yn barhaus:<\/strong> Mae <a href=\"https:\/\/talkpal.ai\/grammar\/\">dysgu gramadeg<\/a> Ffinneg yn daith heriol, ond gydag amynedd ac ymroddiad, byddwch chi&#8217;n datgloi ei gymhlethdodau ac yn dod yn hyfedr yn yr iaith.<\/p>\n\n\n\n<h3 class=\"wp-block-heading\" id=\"h-conclusion\">Casgliad:<\/h3>\n\n\n\n<p>Mae byd gramadeg y Ffinneg, er ei fod yn gymhleth, yn un diddorol y gellir ei ddatrys trwy benderfyniad ac ymarfer. Trwy ddod yn gyfarwydd ag elfennau craidd gramadeg Ffinneg a dilyn ein strategaethau dysgu, byddwch yn paratoi&#8217;r ffordd tuag at rhuglder a gwerthfawrogiad dyfnach o&#8217;r iaith hudolus hon. Felly, plymiwch i gymhlethdodau gramadeg Ffinneg gyda meddylfryd cadarnhaol, a chyn i chi wybod, byddwch chi&#8217;n llywio&#8217;n hyderus dirwedd ieithyddol Suomi!<\/p>\n<\/div><\/div>\n\r\n<section class=\"learnNavigationSection\">\r\n            \r\n        <a href=\"https:\/\/talkpal.ai\/cy\/dysgu-ffinneg\/\">\r\n            <div class=\"learnNavigationWrapper\">\r\n                <div class=\"learnNavigationContent\">\r\n                    <img decoding=\"async\" src=\"https:\/\/talkpal.ai\/wp-content\/uploads\/2024\/08\/Finnish.jpg\" alt=\"Finnish Flag\">\r\n                    <div>\r\n                        <h4>Yngl\u0177n \u00e2 Dysgu Ffindir<\/h4>\r\n                        <p>Darganfyddwch bopeth am ramadeg Ffinneg.<\/p>\r\n                    <\/div>\r\n                <\/div>\r\n            <\/div>\r\n        <\/a>\r\n\r\n        \r\n        <a href=\"https:\/\/talkpal.ai\/cy\/ymarferion-gramadeg-y-ffindir\/\">\r\n            <div class=\"learnNavigationWrapper\">\r\n                <div class=\"learnNavigationContent\">\r\n                    <img decoding=\"async\" src=\"https:\/\/talkpal.ai\/wp-content\/uploads\/2024\/08\/Finnish.jpg\" alt=\"Finnish Flag\">\r\n                    <div>\r\n                        <h4>Ymarfer Gramadeg Ffinneg<\/h4>\r\n                        <p>Ymarfer gramadeg Ffinneg.<\/p>\r\n                    <\/div>\r\n                <\/div>\r\n            <\/div>\r\n        <\/a>\r\n\r\n        \r\n        <a href=\"https:\/\/talkpal.ai\/vocabulary_language\/finnish\/\">\r\n            <div class=\"learnNavigationWrapper\">\r\n                <div class=\"learnNavigationContent\">\r\n                    <img decoding=\"async\" src=\"https:\/\/talkpal.ai\/wp-content\/uploads\/2024\/08\/Finnish.jpg\" alt=\"Finnish Flag\">\r\n                    <div>\r\n                        <h4>Geirfa Ffinneg<\/h4>\r\n                        <p>Ehangwch eich geirfa Ffinneg.<\/p>\r\n                    <\/div>\r\n                <\/div>\r\n            <\/div>\r\n        <\/a>\r\n\r\n            <\/section>","protected":false},"excerpt":{"rendered":"<p>Gramadeg Ffinneg: Canllaw i Feistroli Cymhlethdodau&#8217;r Iaith Ffindir Mae Ffinneg, iaith unigryw a diddorol a siaredir gan oddeutu 5 miliwn o bobl, yn adnabyddus am ei chymhlethdodau a&#8217;i system ramadeg nodweddiadol. Ar yr olwg gyntaf, gall y rheolau a&#8217;r strwythurau mewn gramadeg Ffinneg ymddangos yn frawychus, ond peidiwch ag ofni! Gydag amynedd, ymarfer ac arweiniad, [&hellip;]<\/p>\n","protected":false},"author":1,"featured_media":1441002,"parent":0,"menu_order":0,"comment_status":"closed","ping_status":"closed","template":"LearningContentPage.php","meta":{"_acf_changed":false,"footnotes":""},"class_list":["post-1444964","page","type-page","status-publish","has-post-thumbnail","hentry"],"acf":[],"yoast_head":"<!-- This site is optimized with the Yoast SEO Premium plugin v27.2 (Yoast SEO v27.2) - https:\/\/yoast.com\/product\/yoast-seo-premium-wordpress\/ -->\n<title>Gramadeg Ffinneg - Talkpal<\/title>\n<meta name=\"description\" content=\"Dysgwch agweddau hanfodol ar ramadeg Ffinneg, gan gynnwys achosion, berfau, strwythur brawddegau, ac awgrymiadau ynganiad ar gyfer meistroli&#039;r iaith Ffinneg.\" \/>\n<meta name=\"robots\" content=\"index, follow, max-snippet:-1, max-image-preview:large, max-video-preview:-1\" \/>\n<link rel=\"canonical\" href=\"https:\/\/talkpal.ai\/cy\/gramadeg-ffinneg\/\" \/>\n<meta property=\"og:locale\" content=\"cy_GB\" \/>\n<meta property=\"og:type\" content=\"article\" \/>\n<meta property=\"og:title\" content=\"Gramadeg Ffinneg\" \/>\n<meta property=\"og:description\" content=\"Gramadeg Ffinneg: Canllaw i Feistroli Cymhlethdodau&#039;r Iaith Ffindir Mae Ffinneg, iaith unigryw a diddorol a siaredir gan oddeutu 5 miliwn o bobl, yn\" \/>\n<meta property=\"og:url\" content=\"https:\/\/talkpal.ai\/cy\/gramadeg-ffinneg\/\" \/>\n<meta property=\"og:site_name\" content=\"Talkpal\" \/>\n<meta property=\"article:publisher\" content=\"https:\/\/www.facebook.com\/profile.php?id=100090733639311\" \/>\n<meta property=\"article:modified_time\" content=\"2025-12-11T17:04:50+00:00\" \/>\n<meta property=\"og:image\" content=\"https:\/\/talkpal.ai\/wp-content\/uploads\/2023\/04\/finland.png\" \/>\n\t<meta property=\"og:image:width\" content=\"512\" \/>\n\t<meta property=\"og:image:height\" content=\"512\" \/>\n\t<meta property=\"og:image:type\" content=\"image\/png\" \/>\n<meta name=\"twitter:card\" content=\"summary_large_image\" \/>\n<meta name=\"twitter:site\" content=\"@talkpalai\" \/>\n<meta name=\"twitter:label1\" content=\"Est. reading time\" \/>\n\t<meta name=\"twitter:data1\" content=\"3 minutes\" \/>\n<script type=\"application\/ld+json\" class=\"yoast-schema-graph\">{\"@context\":\"https:\/\/schema.org\",\"@graph\":[{\"@type\":\"WebPage\",\"@id\":\"https:\/\/talkpal.ai\/cy\/gramadeg-ffinneg\/\",\"url\":\"https:\/\/talkpal.ai\/cy\/gramadeg-ffinneg\/\",\"name\":\"Gramadeg Ffinneg - Talkpal\",\"isPartOf\":{\"@id\":\"https:\/\/talkpal.ai\/cy\/#website\"},\"primaryImageOfPage\":{\"@id\":\"https:\/\/talkpal.ai\/cy\/gramadeg-ffinneg\/#primaryimage\"},\"image\":{\"@id\":\"https:\/\/talkpal.ai\/cy\/gramadeg-ffinneg\/#primaryimage\"},\"thumbnailUrl\":\"https:\/\/talkpal.ai\/wp-content\/uploads\/2023\/04\/finland.png\",\"datePublished\":\"2023-05-14T13:50:21+00:00\",\"dateModified\":\"2025-12-11T17:04:50+00:00\",\"description\":\"Dysgwch agweddau hanfodol ar ramadeg Ffinneg, gan gynnwys achosion, berfau, strwythur brawddegau, ac awgrymiadau ynganiad ar gyfer meistroli'r iaith Ffinneg.\",\"breadcrumb\":{\"@id\":\"https:\/\/talkpal.ai\/cy\/gramadeg-ffinneg\/#breadcrumb\"},\"inLanguage\":\"cy-GB\",\"potentialAction\":[{\"@type\":\"ReadAction\",\"target\":[\"https:\/\/talkpal.ai\/cy\/gramadeg-ffinneg\/\"]}]},{\"@type\":\"ImageObject\",\"inLanguage\":\"cy-GB\",\"@id\":\"https:\/\/talkpal.ai\/cy\/gramadeg-ffinneg\/#primaryimage\",\"url\":\"https:\/\/talkpal.ai\/wp-content\/uploads\/2023\/04\/finland.png\",\"contentUrl\":\"https:\/\/talkpal.ai\/wp-content\/uploads\/2023\/04\/finland.png\",\"width\":512,\"height\":512,\"caption\":\"TalkPal Catalan Flag\"},{\"@type\":\"BreadcrumbList\",\"@id\":\"https:\/\/talkpal.ai\/cy\/gramadeg-ffinneg\/#breadcrumb\",\"itemListElement\":[{\"@type\":\"ListItem\",\"position\":1,\"name\":\"Homepage\",\"item\":\"https:\/\/talkpal.ai\/cy\/ai-athro-iaith-3\/\"},{\"@type\":\"ListItem\",\"position\":2,\"name\":\"Gramadeg Ffinneg\"}]},{\"@type\":\"WebSite\",\"@id\":\"https:\/\/talkpal.ai\/cy\/#website\",\"url\":\"https:\/\/talkpal.ai\/cy\/\",\"name\":\"Talkpal\",\"description\":\"AI Language Learning\",\"publisher\":{\"@id\":\"https:\/\/talkpal.ai\/cy\/#organization\"},\"alternateName\":\"Talkpal AI\",\"potentialAction\":[{\"@type\":\"SearchAction\",\"target\":{\"@type\":\"EntryPoint\",\"urlTemplate\":\"https:\/\/talkpal.ai\/cy\/?s={search_term_string}\"},\"query-input\":{\"@type\":\"PropertyValueSpecification\",\"valueRequired\":true,\"valueName\":\"search_term_string\"}}],\"inLanguage\":\"cy-GB\"},{\"@type\":\"Organization\",\"@id\":\"https:\/\/talkpal.ai\/cy\/#organization\",\"name\":\"Talkpal, Inc.\",\"alternateName\":\"Talkpal AI\",\"url\":\"https:\/\/talkpal.ai\/cy\/\",\"logo\":{\"@type\":\"ImageObject\",\"inLanguage\":\"cy-GB\",\"@id\":\"https:\/\/talkpal.ai\/cy\/#\/schema\/logo\/image\/\",\"url\":\"https:\/\/talkpal.ai\/wp-content\/uploads\/2024\/03\/Talkpal-Logo-Icon.png\",\"contentUrl\":\"https:\/\/talkpal.ai\/wp-content\/uploads\/2024\/03\/Talkpal-Logo-Icon.png\",\"width\":2880,\"height\":2880,\"caption\":\"Talkpal, Inc.\"},\"image\":{\"@id\":\"https:\/\/talkpal.ai\/cy\/#\/schema\/logo\/image\/\"},\"sameAs\":[\"https:\/\/www.facebook.com\/profile.php?id=100090733639311\",\"https:\/\/x.com\/talkpalai\",\"https:\/\/www.linkedin.com\/company\/talkpal\/\",\"https:\/\/www.youtube.com\/@TalkPal\/\",\"https:\/\/www.tiktok.com\/@talkpal\",\"https:\/\/www.instagram.com\/talkpal_ai\/\",\"https:\/\/www.crunchbase.com\/organization\/talkpal-9cde\",\"https:\/\/www.g2.com\/products\/talkpal-for-business\/\",\"https:\/\/www.trustpilot.com\/review\/talkpal.ai\",\"https:\/\/www.capterra.com\/p\/10006800\/TalkPal\/\"],\"description\":\"Talkpal is a language learning web and mobile education app, powered by the latest AI technologies, that provides engaging experiences to its customers in many different languages to help them improve their language skills. Users can chat about unlimited amount of topics with the app and use other modes to practice their language learning.\",\"email\":\"support@talkpal.ai\",\"legalName\":\"Talkpal, Inc.\",\"foundingDate\":\"2023-04-03\",\"duns\":\"118989042\",\"numberOfEmployees\":{\"@type\":\"QuantitativeValue\",\"minValue\":\"11\",\"maxValue\":\"50\"},\"publishingPrinciples\":\"https:\/\/talkpal.ai\/publishing-principles\/\",\"actionableFeedbackPolicy\":\"https:\/\/talkpal.ai\/actionable-feedback-policy\/\",\"correctionsPolicy\":\"https:\/\/talkpal.ai\/corrections-policy\/\",\"ethicsPolicy\":\"https:\/\/talkpal.ai\/ethics-policy\/\",\"diversityPolicy\":\"https:\/\/talkpal.ai\/diversity-policy\/\",\"diversityStaffingReport\":\"https:\/\/talkpal.ai\/diversity-policy\/\"}]}<\/script>\n<!-- \/ Yoast SEO Premium plugin. -->","yoast_head_json":{"title":"Gramadeg Ffinneg - Talkpal","description":"Dysgwch agweddau hanfodol ar ramadeg Ffinneg, gan gynnwys achosion, berfau, strwythur brawddegau, ac awgrymiadau ynganiad ar gyfer meistroli'r iaith Ffinneg.","robots":{"index":"index","follow":"follow","max-snippet":"max-snippet:-1","max-image-preview":"max-image-preview:large","max-video-preview":"max-video-preview:-1"},"canonical":"https:\/\/talkpal.ai\/cy\/gramadeg-ffinneg\/","og_locale":"cy_GB","og_type":"article","og_title":"Gramadeg Ffinneg","og_description":"Gramadeg Ffinneg: Canllaw i Feistroli Cymhlethdodau'r Iaith Ffindir Mae Ffinneg, iaith unigryw a diddorol a siaredir gan oddeutu 5 miliwn o bobl, yn","og_url":"https:\/\/talkpal.ai\/cy\/gramadeg-ffinneg\/","og_site_name":"Talkpal","article_publisher":"https:\/\/www.facebook.com\/profile.php?id=100090733639311","article_modified_time":"2025-12-11T17:04:50+00:00","og_image":[{"width":512,"height":512,"url":"https:\/\/talkpal.ai\/wp-content\/uploads\/2023\/04\/finland.png","type":"image\/png"}],"twitter_card":"summary_large_image","twitter_site":"@talkpalai","twitter_misc":{"Est. reading time":"3 minutes"},"schema":{"@context":"https:\/\/schema.org","@graph":[{"@type":"WebPage","@id":"https:\/\/talkpal.ai\/cy\/gramadeg-ffinneg\/","url":"https:\/\/talkpal.ai\/cy\/gramadeg-ffinneg\/","name":"Gramadeg Ffinneg - Talkpal","isPartOf":{"@id":"https:\/\/talkpal.ai\/cy\/#website"},"primaryImageOfPage":{"@id":"https:\/\/talkpal.ai\/cy\/gramadeg-ffinneg\/#primaryimage"},"image":{"@id":"https:\/\/talkpal.ai\/cy\/gramadeg-ffinneg\/#primaryimage"},"thumbnailUrl":"https:\/\/talkpal.ai\/wp-content\/uploads\/2023\/04\/finland.png","datePublished":"2023-05-14T13:50:21+00:00","dateModified":"2025-12-11T17:04:50+00:00","description":"Dysgwch agweddau hanfodol ar ramadeg Ffinneg, gan gynnwys achosion, berfau, strwythur brawddegau, ac awgrymiadau ynganiad ar gyfer meistroli'r iaith Ffinneg.","breadcrumb":{"@id":"https:\/\/talkpal.ai\/cy\/gramadeg-ffinneg\/#breadcrumb"},"inLanguage":"cy-GB","potentialAction":[{"@type":"ReadAction","target":["https:\/\/talkpal.ai\/cy\/gramadeg-ffinneg\/"]}]},{"@type":"ImageObject","inLanguage":"cy-GB","@id":"https:\/\/talkpal.ai\/cy\/gramadeg-ffinneg\/#primaryimage","url":"https:\/\/talkpal.ai\/wp-content\/uploads\/2023\/04\/finland.png","contentUrl":"https:\/\/talkpal.ai\/wp-content\/uploads\/2023\/04\/finland.png","width":512,"height":512,"caption":"TalkPal Catalan Flag"},{"@type":"BreadcrumbList","@id":"https:\/\/talkpal.ai\/cy\/gramadeg-ffinneg\/#breadcrumb","itemListElement":[{"@type":"ListItem","position":1,"name":"Homepage","item":"https:\/\/talkpal.ai\/cy\/ai-athro-iaith-3\/"},{"@type":"ListItem","position":2,"name":"Gramadeg Ffinneg"}]},{"@type":"WebSite","@id":"https:\/\/talkpal.ai\/cy\/#website","url":"https:\/\/talkpal.ai\/cy\/","name":"Talkpal","description":"AI Language Learning","publisher":{"@id":"https:\/\/talkpal.ai\/cy\/#organization"},"alternateName":"Talkpal AI","potentialAction":[{"@type":"SearchAction","target":{"@type":"EntryPoint","urlTemplate":"https:\/\/talkpal.ai\/cy\/?s={search_term_string}"},"query-input":{"@type":"PropertyValueSpecification","valueRequired":true,"valueName":"search_term_string"}}],"inLanguage":"cy-GB"},{"@type":"Organization","@id":"https:\/\/talkpal.ai\/cy\/#organization","name":"Talkpal, Inc.","alternateName":"Talkpal AI","url":"https:\/\/talkpal.ai\/cy\/","logo":{"@type":"ImageObject","inLanguage":"cy-GB","@id":"https:\/\/talkpal.ai\/cy\/#\/schema\/logo\/image\/","url":"https:\/\/talkpal.ai\/wp-content\/uploads\/2024\/03\/Talkpal-Logo-Icon.png","contentUrl":"https:\/\/talkpal.ai\/wp-content\/uploads\/2024\/03\/Talkpal-Logo-Icon.png","width":2880,"height":2880,"caption":"Talkpal, Inc."},"image":{"@id":"https:\/\/talkpal.ai\/cy\/#\/schema\/logo\/image\/"},"sameAs":["https:\/\/www.facebook.com\/profile.php?id=100090733639311","https:\/\/x.com\/talkpalai","https:\/\/www.linkedin.com\/company\/talkpal\/","https:\/\/www.youtube.com\/@TalkPal\/","https:\/\/www.tiktok.com\/@talkpal","https:\/\/www.instagram.com\/talkpal_ai\/","https:\/\/www.crunchbase.com\/organization\/talkpal-9cde","https:\/\/www.g2.com\/products\/talkpal-for-business\/","https:\/\/www.trustpilot.com\/review\/talkpal.ai","https:\/\/www.capterra.com\/p\/10006800\/TalkPal\/"],"description":"Talkpal is a language learning web and mobile education app, powered by the latest AI technologies, that provides engaging experiences to its customers in many different languages to help them improve their language skills. Users can chat about unlimited amount of topics with the app and use other modes to practice their language learning.","email":"support@talkpal.ai","legalName":"Talkpal, Inc.","foundingDate":"2023-04-03","duns":"118989042","numberOfEmployees":{"@type":"QuantitativeValue","minValue":"11","maxValue":"50"},"publishingPrinciples":"https:\/\/talkpal.ai\/publishing-principles\/","actionableFeedbackPolicy":"https:\/\/talkpal.ai\/actionable-feedback-policy\/","correctionsPolicy":"https:\/\/talkpal.ai\/corrections-policy\/","ethicsPolicy":"https:\/\/talkpal.ai\/ethics-policy\/","diversityPolicy":"https:\/\/talkpal.ai\/diversity-policy\/","diversityStaffingReport":"https:\/\/talkpal.ai\/diversity-policy\/"}]}},"_links":{"self":[{"href":"https:\/\/talkpal.ai\/cy\/wp-json\/wp\/v2\/pages\/1444964","targetHints":{"allow":["GET"]}}],"collection":[{"href":"https:\/\/talkpal.ai\/cy\/wp-json\/wp\/v2\/pages"}],"about":[{"href":"https:\/\/talkpal.ai\/cy\/wp-json\/wp\/v2\/types\/page"}],"author":[{"embeddable":true,"href":"https:\/\/talkpal.ai\/cy\/wp-json\/wp\/v2\/users\/1"}],"replies":[{"embeddable":true,"href":"https:\/\/talkpal.ai\/cy\/wp-json\/wp\/v2\/comments?post=1444964"}],"version-history":[{"count":0,"href":"https:\/\/talkpal.ai\/cy\/wp-json\/wp\/v2\/pages\/1444964\/revisions"}],"wp:featuredmedia":[{"embeddable":true,"href":"https:\/\/talkpal.ai\/cy\/wp-json\/wp\/v2\/media\/1441002"}],"wp:attachment":[{"href":"https:\/\/talkpal.ai\/cy\/wp-json\/wp\/v2\/media?parent=1444964"}],"curies":[{"name":"wp","href":"https:\/\/api.w.org\/{rel}","templated":true}]}}