{"id":1444953,"date":"2023-05-14T13:48:36","date_gmt":"2023-05-14T13:48:36","guid":{"rendered":"https:\/\/talkpal.ai\/gramadeg-tsieineeg\/"},"modified":"2025-09-06T19:55:34","modified_gmt":"2025-09-06T19:55:34","slug":"gramadeg-tsieineeg","status":"publish","type":"page","link":"https:\/\/talkpal.ai\/cy\/gramadeg-tsieineeg\/","title":{"rendered":"Gramadeg Tsiein\u00ebeg"},"content":{"rendered":"\r\n\r\n\r\n<section class=\"languageChallengeSection\">\r\n    <div class=\"languageInfoWrapper\">\r\n        \r\n        <h1>Gramadeg Tsiein\u00ebeg<\/h1>\r\n        <p>Cryfhau eich sgiliau iaith <a href=\"https:\/\/talkpal.ai\/learn-chinese\/\">Tsieineaidd<\/a> trwy ddysgu strwythurau gramadeg allweddol a phatrymau defnydd. Dechreuwch wella eich gramadeg Tsieineaidd heddiw a chyfathrebu yn hyderus!<\/p>\r\n\r\n                            <a class=\"getStartedHidden\" href=\"https:\/\/app.talkpal.ai\/signup?lng=\">Dechrau<\/a>\r\n        \r\n    <\/div>\r\n\r\n    <figure>\r\n    <img decoding=\"async\" width=\"768\" height=\"768\" src=\"https:\/\/talkpal.ai\/wp-content\/uploads\/2023\/06\/chinese-768x768.png\" class=\"languageImage no-lazy\" alt=\"Language learning for flexible communication\" fetchpriority=\"high\" sizes=\"(max-width: 768px) 150px, 768px\" srcset=\"https:\/\/talkpal.ai\/wp-content\/uploads\/2023\/06\/chinese-768x768.png 768w, https:\/\/talkpal.ai\/wp-content\/uploads\/2023\/06\/chinese-300x300.png 300w\" \/>\r\n    \r\n\r\n    <\/figure>\r\n\r\n            <a class=\"getStartedVisible\" href=\"https:\/\/app.talkpal.ai\/signup?lng=\">Dechrau<\/a>\r\n    \r\n<\/section>\r\n<section class=\"promotionalBanner\">\r\n    <p class=\"promotionalText\">Y ffordd fwyaf effeithlon o ddysgu iaith<\/p>\r\n    <a class=\"promotionalLink\" href=\"https:\/\/app.talkpal.ai\/signup?lng=\">Rhowch gynnig ar Talkpal rhad ac am ddim<\/a>\r\n<\/section>\n<div class=\"wp-block-group pageContainerStyle\"><div class=\"wp-block-group__inner-container is-layout-constrained wp-block-group-is-layout-constrained\">\n<h2 class=\"wp-block-heading\" id=\"h-chinese-grammar-the-key-to-mastering-mandarin\">Gramadeg Tsieineaidd: Yr Allwedd i Feistroli Mandarin<\/h2>\n\n\n\n<p>Ydych chi&#8217;n ddysgwr iaith uchelgeisiol sydd wedi gosod eu golygon ar feistroli Mandarin? Os felly, llongyfarchiadau! Mae mynd i&#8217;r afael \u00e2 Tsiein\u00ebeg yn ffordd wych o ehangu eich meddylfryd byd-eang, cysylltu ag ystod eang o siaradwyr, a herio&#8217;ch hun yn ddeallusol. Fodd bynnag, gyda 1.2 biliwn o siaradwyr brodorol a system iaith sy&#8217;n wahanol iawn i ieithoedd y Gorllewin, gall gramadeg Tsieineaidd ymddangos yn eithaf brawychus. Peidiwch ag ofni! Darllenwch ymlaen am gwrs crash sy&#8217;n gyfeillgar i ddechreuwyr ar ramadeg Tsieineaidd sy&#8217;n ddiddorol ac yn addysgiadol.<\/p>\n\n\n\n<p><strong>Y pethau cyntaf yn gyntaf: anghofiwch yr hyn rydych chi&#8217;n ei wybod am ieithoedd Ewropeaidd!<\/strong><\/p>\n\n\n\n<p>Un prif resymau pam mae <a href=\"https:\/\/talkpal.ai\/talkpal-discount-for-students\/\">myfyrwyr<\/a> iaith yn cael eu dychryn gan ramadeg Tsieineaidd yw ei fod yn radical wahanol i&#8217;r strwythur &#8220;pwnc-berf-gwrthrych&#8221; rydyn ni&#8217;n arfer ag ef mewn ieithoedd fel <a href=\"https:\/\/talkpal.ai\/learn-english-with-ai\/\">Saesneg<\/a>, Sbaeneg, neu Ffrangeg. Felly cymerwch anadl ddwfn, a gadewch i ni blymio i fydysawd <a href=\"https:\/\/talkpal.ai\/talkpal-new-years-discount\/\">newydd<\/a> sbon o reolau a chysyniadau ieithyddol!<\/p>\n\n\n\n<h3 class=\"wp-block-heading\" id=\"h-1-word-order-is-king\">1. Mae trefn geiriau yn frenin<\/h3>\n\n\n\n<p>Er nad oes amserau, cyfuniadau berfau, na lluosog mewn gramadeg Tsieineaidd, mae strwythur brawddeg priodol yn hollbwysig. Felly sut mae trefn geiriau cywir yn cael ei gyflawni? Yn y rhan fwyaf o achosion, dilynwch y patrwm &#8220;subject-verb-object&#8221; (yn debyg i&#8217;r Saesneg). Er enghraifft:<\/p>\n\n\n\n<p>Saesneg: Rwy&#8217;n dy garu di.<br\/>Tsiein\u00ebeg: \u6211\u7231\u4f60\u3002 W\u01d2 \u00e0i n\u01d0.<\/p>\n\n\n\n<p>Mae yna strwythurau mwy cymhleth ond bydd datblygu sylfaen gadarn yn eu gwneud yn haws i&#8217;w deall pan fyddwch chi&#8217;n symud ymlaen.<\/p>\n\n\n\n<h3 class=\"wp-block-heading\" id=\"h-2-particles-particles-everywhere\">2. Gronynnau, gronynnau ym mhobman!<\/h3>\n\n\n\n<p>Mewn gramadeg Tsieineaidd, mae gronynnau yn chwarae r\u00f4l hanfodol wrth gyfleu ystyr. Un o&#8217;r gronynnau mwyaf cyffredin yw &#8220;\u4e86 (le),&#8221; sy&#8217;n arwydd o weithred wedi&#8217;i chwblhau. Er enghraifft:<\/p>\n\n\n\n<p>\u6211\u5403\u4e86\u3002 W\u01d2 ch\u012b le. \u2013 &#8220;Rydw i wedi bwyta.&#8221;<\/p>\n\n\n\n<p>Gronyn cyffredin arall yw &#8220;\u5427 (ba),&#8221; sy&#8217;n troi datganiad yn awgrym neu gwestiwn:<\/p>\n\n\n\n<p>\u8d70\u5427!Z\u01d2u ba! \u2013 &#8220;Gadewch i ni fynd!&#8221;<\/p>\n\n\n\n<p>Mae deall swyddogaethau gwahanol ronynnau yn allweddol i feistroli naws gramadeg Tsieineaidd.<\/p>\n\n\n\n<h3 class=\"wp-block-heading\" id=\"h-3-measure-words-quality-not-quantity\">3. Mesur geiriau: ansawdd, nid maint<\/h3>\n\n\n\n<p>Yn Tsiein\u00ebeg, nid oes gan enwau luosog. Yn hytrach, maent yn defnyddio geiriau mesur (a elwir hefyd yn ddosbarthwyr) i fynegi maint. Ychwanegir geiriau mesur rhwng y rhif a&#8217;r enw. Er enghraifft:<\/p>\n\n\n\n<p>\u4e00\u672c\u4e66 \u2013 Y\u012b b\u011bn <a href=\"https:\/\/talkpal.ai\/locations\/language-courses-in-shu\/\">sh\u016b<\/a> \u2013 &#8220;un llyfr&#8221;<\/p>\n\n\n\n<p>Sylwch ar y defnydd o \u672c (b\u011bn) fel y gair mesur ar gyfer llyfrau. Mae gwahanol enwau yn gofyn am wahanol eiriau mesur, ac er y gall hyn ymddangos yn ddryslyd ar y dechrau, bydd yn dod yn ail natur gydag ymarfer.<\/p>\n\n\n\n<h3 class=\"wp-block-heading\" id=\"h-4-the-magic-of-compound-words\">4. Hud geiriau cyfansawdd<\/h3>\n\n\n\n<p>Mae Tsiein\u00ebeg yn llawn geiriau cyfansawdd, sy&#8217;n cael eu ffurfio trwy gyfuno dau neu fwy o gymeriadau. Nid yn unig mae hyn yn symleiddio dysgu geirfa, ond mae hefyd yn caniat\u00e1u delweddau a chyd-destun byw. Er enghraifft:<\/p>\n\n\n\n<p>\u706b\u8f66 &#8211; Hu\u01d2ch\u0113 &#8211; &#8220;tr\u00ean&#8221; (yn llythrennol: &#8220;cerbyd t\u00e2n&#8221;)<br\/>\u7535\u8bdd \u2013 Di\u00e0nhu\u00e0 \u2013 &#8220;ff\u00f4n&#8221; (yn llythrennol: &#8220;lleferydd trydanol&#8221;)<\/p>\n\n\n\n<p>Trwy ddeall ystyr y cymeriadau unigol, gallwch chi ddod i&#8217;r casgliad yn hawdd ystyr geiriau cyfansawdd nad ydych erioed wedi dod ar eu traws o&#8217;r blaen.<\/p>\n\n\n\n<h3 class=\"wp-block-heading\" id=\"h-5-no-tenses-no-problem\">5. Dim amserau? Dim problem!<\/h3>\n\n\n\n<p>Un o&#8217;r agweddau mwyaf adfywiol ar Tsiein\u00ebeg yw&#8217;r diffyg cyfuniadau berfau ar gyfer gwahanol amserau. Ond sut ydych chi&#8217;n mynegi amser? Syml! <a href=\"https:\/\/talkpal.ai\/culture\/how-do-i-use-dim-ond-for-only\/\">Dim ond<\/a> cynnwys geiriau sy&#8217;n nodi&#8217;r ffr\u00e2m amser, megis:<\/p>\n\n\n\n<p>\u6628\u5929 \u2013 Zu\u00f3ti\u0101n \u2013 &#8220;ddoe&#8221;<br\/>\u660e\u5929 \u2013 M\u00edngti\u0101n \u2013 &#8220;yfory&#8221;<\/p>\n\n\n\n<p><strong>Er enghraifft:<\/strong><\/p>\n\n\n\n<p>\u6211\u6628\u5929\u5403\u4e86\u996d\u3002 W\u01d2 zu\u00f3ti\u0101n ch\u012b le f\u00e0n. \u2013 &#8220;Fe wnes i fwyta bwyd ddoe.&#8221;<br\/>\u6211\u660e\u5929\u5403\u996d\u3002 W\u01d2 m\u00edngti\u0101n ch\u012b f\u00e0n. \u2013 &#8220;Byddaf yn bwyta bwyd yfory.&#8221;<\/p>\n\n\n\n<p>Llongyfarchiadau! Rydych chi wedi cymryd y camau cyntaf tuag at feistroli gramadeg Tsieineaidd. Cofiwch: mae ymarfer yn gwneud perffaith. Felly, peidiwch \u00e2 swil rhag archwilio strwythurau gramadegol newydd, sgwrsio \u00e2 siaradwyr brodorol, ac atgyfnerthu eich sylfaen. Mae byd Mandarin yn eich disgwyl \u2013 dysgu hapus!<\/p>\n<\/div><\/div>\n\r\n<section class=\"learnNavigationSection\">\r\n            \r\n        <a href=\"https:\/\/talkpal.ai\/cy\/dysgu-tsieineeg\/\">\r\n            <div class=\"learnNavigationWrapper\">\r\n                <div class=\"learnNavigationContent\">\r\n                    <img decoding=\"async\" src=\"https:\/\/talkpal.ai\/wp-content\/uploads\/2024\/08\/Chinese.jpg\" alt=\"Chinese Flag\u00a0\">\r\n                    <div>\r\n                        <h4>Yngl\u0177n \u00e2 Dysgu Tsiein\u00ebeg<\/h4>\r\n                        <p>Darganfyddwch bopeth am ramadeg Tsieineaidd.<\/p>\r\n                    <\/div>\r\n                <\/div>\r\n            <\/div>\r\n        <\/a>\r\n\r\n        \r\n        <a href=\"https:\/\/talkpal.ai\/cy\/ymarferion-gramadeg-tsieineaidd\/\">\r\n            <div class=\"learnNavigationWrapper\">\r\n                <div class=\"learnNavigationContent\">\r\n                    <img decoding=\"async\" src=\"https:\/\/talkpal.ai\/wp-content\/uploads\/2024\/08\/Chinese.jpg\" alt=\"Chinese Flag\u00a0\">\r\n                    <div>\r\n                        <h4>Ymarfer Gramadeg Tsieineaidd<\/h4>\r\n                        <p>Ymarfer gramadeg Tsieineaidd.<\/p>\r\n                    <\/div>\r\n                <\/div>\r\n            <\/div>\r\n        <\/a>\r\n\r\n        \r\n        <a href=\"https:\/\/talkpal.ai\/vocabulary_language\/chinese\/\">\r\n            <div class=\"learnNavigationWrapper\">\r\n                <div class=\"learnNavigationContent\">\r\n                    <img decoding=\"async\" src=\"https:\/\/talkpal.ai\/wp-content\/uploads\/2024\/08\/Chinese.jpg\" alt=\"Chinese Flag\u00a0\">\r\n                    <div>\r\n                        <h4>Geirfa Tsiein\u00ebeg<\/h4>\r\n                        <p>Ehangwch eich geirfa Tsieineaidd.<\/p>\r\n                    <\/div>\r\n                <\/div>\r\n            <\/div>\r\n        <\/a>\r\n\r\n            <\/section>","protected":false},"excerpt":{"rendered":"<p>Gramadeg Tsieineaidd: Yr Allwedd i Feistroli Mandarin Ydych chi&#8217;n ddysgwr iaith uchelgeisiol sydd wedi gosod eu golygon ar feistroli Mandarin? Os felly, llongyfarchiadau! Mae mynd i&#8217;r afael \u00e2 Tsiein\u00ebeg yn ffordd wych o ehangu eich meddylfryd byd-eang, cysylltu ag ystod eang o siaradwyr, a herio&#8217;ch hun yn ddeallusol. Fodd bynnag, gyda 1.2 biliwn o siaradwyr [&hellip;]<\/p>\n","protected":false},"author":1,"featured_media":1440944,"parent":0,"menu_order":0,"comment_status":"closed","ping_status":"closed","template":"LearningContentPage.php","meta":{"_acf_changed":false,"footnotes":""},"class_list":["post-1444953","page","type-page","status-publish","has-post-thumbnail","hentry"],"acf":[],"yoast_head":"<!-- This site is optimized with the Yoast SEO Premium plugin v27.2 (Yoast SEO v27.2) - https:\/\/yoast.com\/product\/yoast-seo-premium-wordpress\/ -->\n<title>Gramadeg Tsiein\u00ebeg - Talkpal<\/title>\n<meta name=\"description\" content=\"Datgloi cyfrinachau Gramadeg Tsieineaidd ar gyfer gwell dealltwriaeth o&#039;r iaith a&#039;r diwylliant Tsieineaidd.\" \/>\n<meta name=\"robots\" content=\"index, follow, max-snippet:-1, max-image-preview:large, max-video-preview:-1\" \/>\n<link rel=\"canonical\" href=\"https:\/\/talkpal.ai\/cy\/gramadeg-tsieineeg\/\" \/>\n<meta property=\"og:locale\" content=\"cy_GB\" \/>\n<meta property=\"og:type\" content=\"article\" \/>\n<meta property=\"og:title\" content=\"Gramadeg Tsiein\u00ebeg\" \/>\n<meta property=\"og:description\" content=\"Gramadeg Tsieineaidd: Yr Allwedd i Feistroli Mandarin Ydych chi&#039;n ddysgwr iaith uchelgeisiol sydd wedi gosod eu golygon ar feistroli Mandarin? Os felly,\" \/>\n<meta property=\"og:url\" content=\"https:\/\/talkpal.ai\/cy\/gramadeg-tsieineeg\/\" \/>\n<meta property=\"og:site_name\" content=\"Talkpal\" \/>\n<meta property=\"article:publisher\" content=\"https:\/\/www.facebook.com\/profile.php?id=100090733639311\" \/>\n<meta property=\"article:modified_time\" content=\"2025-09-06T19:55:34+00:00\" \/>\n<meta property=\"og:image\" content=\"https:\/\/talkpal.ai\/wp-content\/uploads\/2023\/04\/china.png\" \/>\n\t<meta property=\"og:image:width\" content=\"512\" \/>\n\t<meta property=\"og:image:height\" content=\"512\" \/>\n\t<meta property=\"og:image:type\" content=\"image\/png\" \/>\n<meta name=\"twitter:card\" content=\"summary_large_image\" \/>\n<meta name=\"twitter:site\" content=\"@talkpalai\" \/>\n<meta name=\"twitter:label1\" content=\"Est. reading time\" \/>\n\t<meta name=\"twitter:data1\" content=\"3 minutes\" \/>\n<script type=\"application\/ld+json\" class=\"yoast-schema-graph\">{\"@context\":\"https:\/\/schema.org\",\"@graph\":[{\"@type\":\"WebPage\",\"@id\":\"https:\/\/talkpal.ai\/cy\/gramadeg-tsieineeg\/\",\"url\":\"https:\/\/talkpal.ai\/cy\/gramadeg-tsieineeg\/\",\"name\":\"Gramadeg Tsiein\u00ebeg - Talkpal\",\"isPartOf\":{\"@id\":\"https:\/\/talkpal.ai\/cy\/#website\"},\"primaryImageOfPage\":{\"@id\":\"https:\/\/talkpal.ai\/cy\/gramadeg-tsieineeg\/#primaryimage\"},\"image\":{\"@id\":\"https:\/\/talkpal.ai\/cy\/gramadeg-tsieineeg\/#primaryimage\"},\"thumbnailUrl\":\"https:\/\/talkpal.ai\/wp-content\/uploads\/2023\/04\/china.png\",\"datePublished\":\"2023-05-14T13:48:36+00:00\",\"dateModified\":\"2025-09-06T19:55:34+00:00\",\"description\":\"Datgloi cyfrinachau Gramadeg Tsieineaidd ar gyfer gwell dealltwriaeth o'r iaith a'r diwylliant Tsieineaidd.\",\"breadcrumb\":{\"@id\":\"https:\/\/talkpal.ai\/cy\/gramadeg-tsieineeg\/#breadcrumb\"},\"inLanguage\":\"cy-GB\",\"potentialAction\":[{\"@type\":\"ReadAction\",\"target\":[\"https:\/\/talkpal.ai\/cy\/gramadeg-tsieineeg\/\"]}]},{\"@type\":\"ImageObject\",\"inLanguage\":\"cy-GB\",\"@id\":\"https:\/\/talkpal.ai\/cy\/gramadeg-tsieineeg\/#primaryimage\",\"url\":\"https:\/\/talkpal.ai\/wp-content\/uploads\/2023\/04\/china.png\",\"contentUrl\":\"https:\/\/talkpal.ai\/wp-content\/uploads\/2023\/04\/china.png\",\"width\":512,\"height\":512,\"caption\":\"TalkPal Catalan Flag\"},{\"@type\":\"BreadcrumbList\",\"@id\":\"https:\/\/talkpal.ai\/cy\/gramadeg-tsieineeg\/#breadcrumb\",\"itemListElement\":[{\"@type\":\"ListItem\",\"position\":1,\"name\":\"Homepage\",\"item\":\"https:\/\/talkpal.ai\/cy\/ai-athro-iaith-3\/\"},{\"@type\":\"ListItem\",\"position\":2,\"name\":\"Gramadeg Tsiein\u00ebeg\"}]},{\"@type\":\"WebSite\",\"@id\":\"https:\/\/talkpal.ai\/cy\/#website\",\"url\":\"https:\/\/talkpal.ai\/cy\/\",\"name\":\"Talkpal\",\"description\":\"AI Language Learning\",\"publisher\":{\"@id\":\"https:\/\/talkpal.ai\/cy\/#organization\"},\"alternateName\":\"Talkpal AI\",\"potentialAction\":[{\"@type\":\"SearchAction\",\"target\":{\"@type\":\"EntryPoint\",\"urlTemplate\":\"https:\/\/talkpal.ai\/cy\/?s={search_term_string}\"},\"query-input\":{\"@type\":\"PropertyValueSpecification\",\"valueRequired\":true,\"valueName\":\"search_term_string\"}}],\"inLanguage\":\"cy-GB\"},{\"@type\":\"Organization\",\"@id\":\"https:\/\/talkpal.ai\/cy\/#organization\",\"name\":\"Talkpal, Inc.\",\"alternateName\":\"Talkpal AI\",\"url\":\"https:\/\/talkpal.ai\/cy\/\",\"logo\":{\"@type\":\"ImageObject\",\"inLanguage\":\"cy-GB\",\"@id\":\"https:\/\/talkpal.ai\/cy\/#\/schema\/logo\/image\/\",\"url\":\"https:\/\/talkpal.ai\/wp-content\/uploads\/2024\/03\/Talkpal-Logo-Icon.png\",\"contentUrl\":\"https:\/\/talkpal.ai\/wp-content\/uploads\/2024\/03\/Talkpal-Logo-Icon.png\",\"width\":2880,\"height\":2880,\"caption\":\"Talkpal, Inc.\"},\"image\":{\"@id\":\"https:\/\/talkpal.ai\/cy\/#\/schema\/logo\/image\/\"},\"sameAs\":[\"https:\/\/www.facebook.com\/profile.php?id=100090733639311\",\"https:\/\/x.com\/talkpalai\",\"https:\/\/www.linkedin.com\/company\/talkpal\/\",\"https:\/\/www.youtube.com\/@TalkPal\/\",\"https:\/\/www.tiktok.com\/@talkpal\",\"https:\/\/www.instagram.com\/talkpal_ai\/\",\"https:\/\/www.crunchbase.com\/organization\/talkpal-9cde\",\"https:\/\/www.g2.com\/products\/talkpal-for-business\/\",\"https:\/\/www.trustpilot.com\/review\/talkpal.ai\",\"https:\/\/www.capterra.com\/p\/10006800\/TalkPal\/\"],\"description\":\"Talkpal is a language learning web and mobile education app, powered by the latest AI technologies, that provides engaging experiences to its customers in many different languages to help them improve their language skills. Users can chat about unlimited amount of topics with the app and use other modes to practice their language learning.\",\"email\":\"support@talkpal.ai\",\"legalName\":\"Talkpal, Inc.\",\"foundingDate\":\"2023-04-03\",\"duns\":\"118989042\",\"numberOfEmployees\":{\"@type\":\"QuantitativeValue\",\"minValue\":\"11\",\"maxValue\":\"50\"},\"publishingPrinciples\":\"https:\/\/talkpal.ai\/publishing-principles\/\",\"actionableFeedbackPolicy\":\"https:\/\/talkpal.ai\/actionable-feedback-policy\/\",\"correctionsPolicy\":\"https:\/\/talkpal.ai\/corrections-policy\/\",\"ethicsPolicy\":\"https:\/\/talkpal.ai\/ethics-policy\/\",\"diversityPolicy\":\"https:\/\/talkpal.ai\/diversity-policy\/\",\"diversityStaffingReport\":\"https:\/\/talkpal.ai\/diversity-policy\/\"}]}<\/script>\n<!-- \/ Yoast SEO Premium plugin. -->","yoast_head_json":{"title":"Gramadeg Tsiein\u00ebeg - Talkpal","description":"Datgloi cyfrinachau Gramadeg Tsieineaidd ar gyfer gwell dealltwriaeth o'r iaith a'r diwylliant Tsieineaidd.","robots":{"index":"index","follow":"follow","max-snippet":"max-snippet:-1","max-image-preview":"max-image-preview:large","max-video-preview":"max-video-preview:-1"},"canonical":"https:\/\/talkpal.ai\/cy\/gramadeg-tsieineeg\/","og_locale":"cy_GB","og_type":"article","og_title":"Gramadeg Tsiein\u00ebeg","og_description":"Gramadeg Tsieineaidd: Yr Allwedd i Feistroli Mandarin Ydych chi'n ddysgwr iaith uchelgeisiol sydd wedi gosod eu golygon ar feistroli Mandarin? Os felly,","og_url":"https:\/\/talkpal.ai\/cy\/gramadeg-tsieineeg\/","og_site_name":"Talkpal","article_publisher":"https:\/\/www.facebook.com\/profile.php?id=100090733639311","article_modified_time":"2025-09-06T19:55:34+00:00","og_image":[{"width":512,"height":512,"url":"https:\/\/talkpal.ai\/wp-content\/uploads\/2023\/04\/china.png","type":"image\/png"}],"twitter_card":"summary_large_image","twitter_site":"@talkpalai","twitter_misc":{"Est. reading time":"3 minutes"},"schema":{"@context":"https:\/\/schema.org","@graph":[{"@type":"WebPage","@id":"https:\/\/talkpal.ai\/cy\/gramadeg-tsieineeg\/","url":"https:\/\/talkpal.ai\/cy\/gramadeg-tsieineeg\/","name":"Gramadeg Tsiein\u00ebeg - Talkpal","isPartOf":{"@id":"https:\/\/talkpal.ai\/cy\/#website"},"primaryImageOfPage":{"@id":"https:\/\/talkpal.ai\/cy\/gramadeg-tsieineeg\/#primaryimage"},"image":{"@id":"https:\/\/talkpal.ai\/cy\/gramadeg-tsieineeg\/#primaryimage"},"thumbnailUrl":"https:\/\/talkpal.ai\/wp-content\/uploads\/2023\/04\/china.png","datePublished":"2023-05-14T13:48:36+00:00","dateModified":"2025-09-06T19:55:34+00:00","description":"Datgloi cyfrinachau Gramadeg Tsieineaidd ar gyfer gwell dealltwriaeth o'r iaith a'r diwylliant Tsieineaidd.","breadcrumb":{"@id":"https:\/\/talkpal.ai\/cy\/gramadeg-tsieineeg\/#breadcrumb"},"inLanguage":"cy-GB","potentialAction":[{"@type":"ReadAction","target":["https:\/\/talkpal.ai\/cy\/gramadeg-tsieineeg\/"]}]},{"@type":"ImageObject","inLanguage":"cy-GB","@id":"https:\/\/talkpal.ai\/cy\/gramadeg-tsieineeg\/#primaryimage","url":"https:\/\/talkpal.ai\/wp-content\/uploads\/2023\/04\/china.png","contentUrl":"https:\/\/talkpal.ai\/wp-content\/uploads\/2023\/04\/china.png","width":512,"height":512,"caption":"TalkPal Catalan Flag"},{"@type":"BreadcrumbList","@id":"https:\/\/talkpal.ai\/cy\/gramadeg-tsieineeg\/#breadcrumb","itemListElement":[{"@type":"ListItem","position":1,"name":"Homepage","item":"https:\/\/talkpal.ai\/cy\/ai-athro-iaith-3\/"},{"@type":"ListItem","position":2,"name":"Gramadeg Tsiein\u00ebeg"}]},{"@type":"WebSite","@id":"https:\/\/talkpal.ai\/cy\/#website","url":"https:\/\/talkpal.ai\/cy\/","name":"Talkpal","description":"AI Language Learning","publisher":{"@id":"https:\/\/talkpal.ai\/cy\/#organization"},"alternateName":"Talkpal AI","potentialAction":[{"@type":"SearchAction","target":{"@type":"EntryPoint","urlTemplate":"https:\/\/talkpal.ai\/cy\/?s={search_term_string}"},"query-input":{"@type":"PropertyValueSpecification","valueRequired":true,"valueName":"search_term_string"}}],"inLanguage":"cy-GB"},{"@type":"Organization","@id":"https:\/\/talkpal.ai\/cy\/#organization","name":"Talkpal, Inc.","alternateName":"Talkpal AI","url":"https:\/\/talkpal.ai\/cy\/","logo":{"@type":"ImageObject","inLanguage":"cy-GB","@id":"https:\/\/talkpal.ai\/cy\/#\/schema\/logo\/image\/","url":"https:\/\/talkpal.ai\/wp-content\/uploads\/2024\/03\/Talkpal-Logo-Icon.png","contentUrl":"https:\/\/talkpal.ai\/wp-content\/uploads\/2024\/03\/Talkpal-Logo-Icon.png","width":2880,"height":2880,"caption":"Talkpal, Inc."},"image":{"@id":"https:\/\/talkpal.ai\/cy\/#\/schema\/logo\/image\/"},"sameAs":["https:\/\/www.facebook.com\/profile.php?id=100090733639311","https:\/\/x.com\/talkpalai","https:\/\/www.linkedin.com\/company\/talkpal\/","https:\/\/www.youtube.com\/@TalkPal\/","https:\/\/www.tiktok.com\/@talkpal","https:\/\/www.instagram.com\/talkpal_ai\/","https:\/\/www.crunchbase.com\/organization\/talkpal-9cde","https:\/\/www.g2.com\/products\/talkpal-for-business\/","https:\/\/www.trustpilot.com\/review\/talkpal.ai","https:\/\/www.capterra.com\/p\/10006800\/TalkPal\/"],"description":"Talkpal is a language learning web and mobile education app, powered by the latest AI technologies, that provides engaging experiences to its customers in many different languages to help them improve their language skills. Users can chat about unlimited amount of topics with the app and use other modes to practice their language learning.","email":"support@talkpal.ai","legalName":"Talkpal, Inc.","foundingDate":"2023-04-03","duns":"118989042","numberOfEmployees":{"@type":"QuantitativeValue","minValue":"11","maxValue":"50"},"publishingPrinciples":"https:\/\/talkpal.ai\/publishing-principles\/","actionableFeedbackPolicy":"https:\/\/talkpal.ai\/actionable-feedback-policy\/","correctionsPolicy":"https:\/\/talkpal.ai\/corrections-policy\/","ethicsPolicy":"https:\/\/talkpal.ai\/ethics-policy\/","diversityPolicy":"https:\/\/talkpal.ai\/diversity-policy\/","diversityStaffingReport":"https:\/\/talkpal.ai\/diversity-policy\/"}]}},"_links":{"self":[{"href":"https:\/\/talkpal.ai\/cy\/wp-json\/wp\/v2\/pages\/1444953","targetHints":{"allow":["GET"]}}],"collection":[{"href":"https:\/\/talkpal.ai\/cy\/wp-json\/wp\/v2\/pages"}],"about":[{"href":"https:\/\/talkpal.ai\/cy\/wp-json\/wp\/v2\/types\/page"}],"author":[{"embeddable":true,"href":"https:\/\/talkpal.ai\/cy\/wp-json\/wp\/v2\/users\/1"}],"replies":[{"embeddable":true,"href":"https:\/\/talkpal.ai\/cy\/wp-json\/wp\/v2\/comments?post=1444953"}],"version-history":[{"count":0,"href":"https:\/\/talkpal.ai\/cy\/wp-json\/wp\/v2\/pages\/1444953\/revisions"}],"wp:featuredmedia":[{"embeddable":true,"href":"https:\/\/talkpal.ai\/cy\/wp-json\/wp\/v2\/media\/1440944"}],"wp:attachment":[{"href":"https:\/\/talkpal.ai\/cy\/wp-json\/wp\/v2\/media?parent=1444953"}],"curies":[{"name":"wp","href":"https:\/\/api.w.org\/{rel}","templated":true}]}}