{"id":1443875,"date":"2023-05-14T14:18:46","date_gmt":"2023-05-14T14:18:46","guid":{"rendered":"https:\/\/talkpal.ai\/gramadeg-pwyleg\/"},"modified":"2025-12-17T17:13:59","modified_gmt":"2025-12-17T17:13:59","slug":"gramadeg-pwyleg","status":"publish","type":"page","link":"https:\/\/talkpal.ai\/cy\/gramadeg-pwyleg\/","title":{"rendered":"Gramadeg Pwyleg"},"content":{"rendered":"\r\n\r\n\r\n<section class=\"languageChallengeSection\">\r\n    <div class=\"languageInfoWrapper\">\r\n        \r\n        <h1>Gramadeg Pwyleg<\/h1>\r\n        <p>Ymchwiliwch i fyd diddorol gramadeg <a href=\"https:\/\/talkpal.ai\/learn-polish\/\">Pwyleg<\/a> a darganfyddwch sylfeini un o ieithoedd mwyaf eang Canolbarth Ewrop. Trwy feistroli&#039;r rheolau hanfodol, byddwch chi&#039;n cyfathrebu&#039;n fwy effeithiol ac yn cael dealltwriaeth ddyfnach o ddiwylliant Pwylaidd. Dechreuwch ddysgu gramadeg Pwyleg heddiw a chymryd eich cam cyntaf tuag at rhuglder!<\/p>\r\n\r\n                            <a class=\"getStartedHidden\" href=\"https:\/\/app.talkpal.ai\/signup?lng=\">Dechrau<\/a>\r\n        \r\n    <\/div>\r\n\r\n    <figure>\r\n    <img decoding=\"async\" width=\"768\" height=\"768\" src=\"https:\/\/talkpal.ai\/wp-content\/uploads\/2023\/06\/polish-768x768.png\" class=\"languageImage no-lazy\" alt=\"Practical tips on language learning techniques\" fetchpriority=\"high\" sizes=\"(max-width: 768px) 150px, 768px\" srcset=\"https:\/\/talkpal.ai\/wp-content\/uploads\/2023\/06\/polish-768x768.png 768w, https:\/\/talkpal.ai\/wp-content\/uploads\/2023\/06\/polish-300x300.png 300w\" \/>\r\n    \r\n\r\n    <\/figure>\r\n\r\n            <a class=\"getStartedVisible\" href=\"https:\/\/app.talkpal.ai\/signup?lng=\">Dechrau<\/a>\r\n    \r\n<\/section>\r\n<section class=\"promotionalBanner\">\r\n    <p class=\"promotionalText\">Y ffordd fwyaf effeithlon o ddysgu iaith<\/p>\r\n    <a class=\"promotionalLink\" href=\"https:\/\/app.talkpal.ai\/signup?lng=\">Rhowch gynnig ar Talkpal am ddim<\/a>\r\n<\/section>\n<div class=\"wp-block-group pageContainerStyle\"><div class=\"wp-block-group__inner-container is-layout-constrained wp-block-group-is-layout-constrained\">\n<h2 class=\"wp-block-heading\" id=\"h-breaking-down-the-puzzle-of-polish-grammar\">Chwalu Pos Gramadeg Pwyleg<\/h2>\n\n\n\n<p>Mae Pwyleg, iaith Slafeg, yn heriol ac yn werth chweil i ddysgwyr iaith sy&#8217;n chwilio am antur ieithyddol unigryw. Wrth i chi blymio i mewn i Pwyleg, byddwch yn datgelu hanes a diwylliant diddorol sy&#8217;n ategu cyfoeth yr iaith ei hun. Er y gall gramadeg Pwyleg ymddangos yn gymhleth, mae ei ddadadeiladu&#8217;n elfennau rheoladwy yn gwneud y broses ddysgu yn fwy hygyrch. Nod yr erthygl hon yw eich cyflwyno i fyd cyfareddol gramadeg Pwyleg a rhoi arweiniad ar sut i fynd i&#8217;r afael \u00e2&#8217;i gymhlethdodau.<\/p>\n\n\n\n<h3 class=\"wp-block-heading\" id=\"h-1-noun-gender-and-cases\">1. Enw, Rhyw ac Achosion<\/h3>\n\n\n\n<p>Mae gan enwau Pwyleg rywiau gramadegol &#8211; gwrywaidd, benywaidd, a niwtral &#8211; sy&#8217;n effeithio ar ffurfiau ansoddeiriau, rhagenwau, a berfau sy&#8217;n cyd-fynd \u00e2 nhw. Ar ben hynny, mae gan Pwyleg saith achos gramadeg: enwadol, genitive, dative, accusative, instrumental, locative, a vocative. Mae ymgyfarwyddo \u00e2&#8217;r system rhywedd ac achos yn hanfodol ar gyfer deall ac adeiladu brawddegau Pwyleg cywir.<\/p>\n\n\n\n<h3 class=\"wp-block-heading\" id=\"h-2-verb-conjugation-person-tense-and-aspect\">2. Cyfuniad Berf: Person, Amser, ac Agwedd<\/h3>\n\n\n\n<p>Rhaid cyfuno berfau Pwyleg yn \u00f4l yr amser, yr agwedd, a&#8217;r person (cyntaf, ail, neu drydydd). Mae tri phrif amser: presennol, gorffennol a dyfodol. Yn ogystal, mae gan ferfau Pwyleg ddwy agwedd: perffaith (ar gyfer gweithredoedd wedi&#8217;u cwblhau) ac amherffeithiol (ar gyfer gweithredoedd parhaus neu arferol). Bydd meistroli&#8217;r rheolau cyfuniad hyn yn gwella eich sgiliau cyfathrebu llafar yn Wlad Pwyleg yn sylweddol.<\/p>\n\n\n\n<h3 class=\"wp-block-heading\" id=\"h-3-adjectives-agreement-and-placement\">3. Ansoddeiriau: Cytundeb a Lleoliad<\/h3>\n\n\n\n<p>Rhaid i ansoddeiriau Pwyleg gytuno \u00e2&#8217;r enw maen nhw&#8217;n ei addasu yngl\u0177n \u00e2 rhyw, rhif ac achos. Mae ansoddeiriau fel arfer yn rhagflaenu&#8217;r enw, gan ddarparu cyd-destun disgrifiadol hanfodol ar gyfer y frawddeg.<\/p>\n\n\n\n<p>Enghreifftiau:<\/p>\n\n\n\n<p>&#8211; Czerwona sukienka (ffrog <a href=\"https:\/\/talkpal.ai\/locations\/learn-english-in-goch\/\">goch<\/a>)<\/p>\n\n\n\n<p>\u2013 Pi\u0119kny Ogr\u00f3d (gardd hardd)<\/p>\n\n\n\n<h3 class=\"wp-block-heading\" id=\"h-4-pronouns-types-and-uses\">4. Rhagenwau: Mathau a Defnyddiau<\/h3>\n\n\n\n<p>Mae rhagenwau Pwyleg yn dod mewn gwahanol ffurfiau, gan gynnwys rhagenwau personol, meddiannol, adfyfyriol, arddangosol a chwestiynol. Bydd deall sut a phryd i ddefnyddio&#8217;r rhagenwau hyn yn gwneud eich gramadeg Pwyleg yn fwy cywir ac yn gwella eich sgiliau iaith cyffredinol.<\/p>\n\n\n\n<h3 class=\"wp-block-heading\" id=\"h-5-negation-conveying-the-opposite\">5. Negation: Cyfleu&#8217;r gwrthwyneb<\/h3>\n\n\n\n<p>Mewn gramadeg Pwyleg, cyflawnir negiad trwy ychwanegu&#8217;r gair &#8220;nie&#8221; cyn berfau, ansoddeiriau, adferfau, neu ragenwau. Fodd bynnag, mae rheolau penodol yn berthnasol i negyddu brawddegau gydag enwau, a allai fod angen arddodiad ychwanegol neu ffurf enwol wahanol. Bydd cydnabod y patrymau negu hyn yn eich helpu i gyfleu eich ystyr arfaethedig yn glir yn Pwyleg.<\/p>\n\n\n\n<h3 class=\"wp-block-heading\" id=\"h-6-engage-with-the-language\">6. Ymgysylltu \u00e2&#8217;r iaith<\/h3>\n\n\n\n<p>Y ffordd fwyaf effeithiol o ddeall a mewnoli gramadeg Pwyleg yw ymgysylltu \u00e2&#8217;r iaith yn rheolaidd. O ddarllen llenyddiaeth Pwylaidd, gwylio ffilmiau Pwyleg, neu sgwrsio&#8217;n weithredol \u00e2 siaradwyr brodorol, bydd ymgolli mewn gwahanol gyd-destunau yn atgyfnerthu eich dealltwriaeth o ramadeg wrth ehangu eich geirfa.<\/p>\n\n\n\n<h3 class=\"wp-block-heading\" id=\"h-conclusion\">Casgliad<\/h3>\n\n\n\n<p>Er y gall gramadeg Pwyleg ymddangos yn gymhleth, bydd ymarfer a mynd i&#8217;r afael \u00e2 hi gam wrth gam yn eich helpu i ddod yn hyfedr yn yr iaith unigryw hon. Cofleidio&#8217;r her wrth i chi ddechrau eich taith iaith Pwyleg, a chyn bo hir, byddwch chi&#8217;n cael eich hun yn hyderus yn datgodio cymhlethdodau ei gramadeg. Pob lwc gyda&#8217;ch astudiaethau, a mwynhewch archwilio haenau gramadeg Pwyleg!<\/p>\n<\/div><\/div>\n\r\n<section class=\"learnNavigationSection\">\r\n            \r\n        <a href=\"https:\/\/talkpal.ai\/cy\/dysgu-pwyleg\/\">\r\n            <div class=\"learnNavigationWrapper\">\r\n                <div class=\"learnNavigationContent\">\r\n                    <img decoding=\"async\" src=\"https:\/\/talkpal.ai\/wp-content\/uploads\/2024\/08\/Polish.jpg\" alt=\"Polish Flag\">\r\n                    <div>\r\n                        <h4>Yngl\u0177n \u00e2 Dysgu Pwyleg<\/h4>\r\n                        <p>Darganfyddwch bopeth am ramadeg Pwyleg.<\/p>\r\n                    <\/div>\r\n                <\/div>\r\n            <\/div>\r\n        <\/a>\r\n\r\n        \r\n        <a href=\"https:\/\/talkpal.ai\/cy\/ymarferion-gramadeg-pwyleg\/\">\r\n            <div class=\"learnNavigationWrapper\">\r\n                <div class=\"learnNavigationContent\">\r\n                    <img decoding=\"async\" src=\"https:\/\/talkpal.ai\/wp-content\/uploads\/2024\/08\/Polish.jpg\" alt=\"Polish Flag\">\r\n                    <div>\r\n                        <h4>Ymarfer Gramadeg Pwyleg<\/h4>\r\n                        <p>Ymarfer gramadeg Pwyleg.<\/p>\r\n                    <\/div>\r\n                <\/div>\r\n            <\/div>\r\n        <\/a>\r\n\r\n        \r\n        <a href=\"https:\/\/talkpal.ai\/vocabulary_language\/polish\/\">\r\n            <div class=\"learnNavigationWrapper\">\r\n                <div class=\"learnNavigationContent\">\r\n                    <img decoding=\"async\" src=\"https:\/\/talkpal.ai\/wp-content\/uploads\/2024\/08\/Polish.jpg\" alt=\"Polish Flag\">\r\n                    <div>\r\n                        <h4>Geirfa Pwyleg<\/h4>\r\n                        <p>Ehangwch eich geirfa Pwyleg.<\/p>\r\n                    <\/div>\r\n                <\/div>\r\n            <\/div>\r\n        <\/a>\r\n\r\n            <\/section>","protected":false},"excerpt":{"rendered":"<p>Chwalu Pos Gramadeg Pwyleg Mae Pwyleg, iaith Slafeg, yn heriol ac yn werth chweil i ddysgwyr iaith sy&#8217;n chwilio am antur ieithyddol unigryw. Wrth i chi blymio i mewn i Pwyleg, byddwch yn datgelu hanes a diwylliant diddorol sy&#8217;n ategu cyfoeth yr iaith ei hun. Er y gall gramadeg Pwyleg ymddangos yn gymhleth, mae ei [&hellip;]<\/p>\n","protected":false},"author":1,"featured_media":1443876,"parent":0,"menu_order":0,"comment_status":"closed","ping_status":"closed","template":"LearningContentPage.php","meta":{"_acf_changed":false,"footnotes":""},"class_list":["post-1443875","page","type-page","status-publish","has-post-thumbnail","hentry"],"acf":[],"yoast_head":"<!-- This site is optimized with the Yoast SEO Premium plugin v27.2 (Yoast SEO v27.2) - https:\/\/yoast.com\/product\/yoast-seo-premium-wordpress\/ -->\n<title>Gramadeg Pwyleg - Talkpal<\/title>\n<meta name=\"description\" content=\"Meistr gramadeg Pwyleg gydag ymarferion rhyngweithiol wedi&#039;u cynllunio ar gyfer pob lefel dysgu. Rhowch hwb i&#039;ch sgiliau Pwylaidd!\" \/>\n<meta name=\"robots\" content=\"index, follow, max-snippet:-1, max-image-preview:large, max-video-preview:-1\" \/>\n<link rel=\"canonical\" href=\"https:\/\/talkpal.ai\/cy\/gramadeg-pwyleg\/\" \/>\n<meta property=\"og:locale\" content=\"cy_GB\" \/>\n<meta property=\"og:type\" content=\"article\" \/>\n<meta property=\"og:title\" content=\"Gramadeg Pwyleg\" \/>\n<meta property=\"og:description\" content=\"Chwalu Pos Gramadeg Pwyleg Mae Pwyleg, iaith Slafeg, yn heriol ac yn werth chweil i ddysgwyr iaith sy&#039;n chwilio am antur ieithyddol unigryw. Wrth i chi\" \/>\n<meta property=\"og:url\" content=\"https:\/\/talkpal.ai\/cy\/gramadeg-pwyleg\/\" \/>\n<meta property=\"og:site_name\" content=\"Talkpal\" \/>\n<meta property=\"article:publisher\" content=\"https:\/\/www.facebook.com\/profile.php?id=100090733639311\" \/>\n<meta property=\"article:modified_time\" content=\"2025-12-17T17:13:59+00:00\" \/>\n<meta property=\"og:image\" content=\"https:\/\/talkpal.ai\/wp-content\/uploads\/2023\/05\/poland.png\" \/>\n\t<meta property=\"og:image:width\" content=\"512\" \/>\n\t<meta property=\"og:image:height\" content=\"512\" \/>\n\t<meta property=\"og:image:type\" content=\"image\/png\" \/>\n<meta name=\"twitter:card\" content=\"summary_large_image\" \/>\n<meta name=\"twitter:site\" content=\"@talkpalai\" \/>\n<meta name=\"twitter:label1\" content=\"Est. reading time\" \/>\n\t<meta name=\"twitter:data1\" content=\"2 minutes\" \/>\n<script type=\"application\/ld+json\" class=\"yoast-schema-graph\">{\"@context\":\"https:\/\/schema.org\",\"@graph\":[{\"@type\":\"WebPage\",\"@id\":\"https:\/\/talkpal.ai\/cy\/gramadeg-pwyleg\/\",\"url\":\"https:\/\/talkpal.ai\/cy\/gramadeg-pwyleg\/\",\"name\":\"Gramadeg Pwyleg - Talkpal\",\"isPartOf\":{\"@id\":\"https:\/\/talkpal.ai\/cy\/#website\"},\"primaryImageOfPage\":{\"@id\":\"https:\/\/talkpal.ai\/cy\/gramadeg-pwyleg\/#primaryimage\"},\"image\":{\"@id\":\"https:\/\/talkpal.ai\/cy\/gramadeg-pwyleg\/#primaryimage\"},\"thumbnailUrl\":\"https:\/\/talkpal.ai\/wp-content\/uploads\/2023\/05\/poland.png\",\"datePublished\":\"2023-05-14T14:18:46+00:00\",\"dateModified\":\"2025-12-17T17:13:59+00:00\",\"description\":\"Meistr gramadeg Pwyleg gydag ymarferion rhyngweithiol wedi'u cynllunio ar gyfer pob lefel dysgu. Rhowch hwb i'ch sgiliau Pwylaidd!\",\"breadcrumb\":{\"@id\":\"https:\/\/talkpal.ai\/cy\/gramadeg-pwyleg\/#breadcrumb\"},\"inLanguage\":\"cy-GB\",\"potentialAction\":[{\"@type\":\"ReadAction\",\"target\":[\"https:\/\/talkpal.ai\/cy\/gramadeg-pwyleg\/\"]}]},{\"@type\":\"ImageObject\",\"inLanguage\":\"cy-GB\",\"@id\":\"https:\/\/talkpal.ai\/cy\/gramadeg-pwyleg\/#primaryimage\",\"url\":\"https:\/\/talkpal.ai\/wp-content\/uploads\/2023\/05\/poland.png\",\"contentUrl\":\"https:\/\/talkpal.ai\/wp-content\/uploads\/2023\/05\/poland.png\",\"width\":512,\"height\":512,\"caption\":\"TalkPal Poland Flag\"},{\"@type\":\"BreadcrumbList\",\"@id\":\"https:\/\/talkpal.ai\/cy\/gramadeg-pwyleg\/#breadcrumb\",\"itemListElement\":[{\"@type\":\"ListItem\",\"position\":1,\"name\":\"Homepage\",\"item\":\"https:\/\/talkpal.ai\/cy\/ai-athro-iaith-3\/\"},{\"@type\":\"ListItem\",\"position\":2,\"name\":\"Gramadeg Pwyleg\"}]},{\"@type\":\"WebSite\",\"@id\":\"https:\/\/talkpal.ai\/cy\/#website\",\"url\":\"https:\/\/talkpal.ai\/cy\/\",\"name\":\"Talkpal\",\"description\":\"AI Language Learning\",\"publisher\":{\"@id\":\"https:\/\/talkpal.ai\/cy\/#organization\"},\"alternateName\":\"Talkpal AI\",\"potentialAction\":[{\"@type\":\"SearchAction\",\"target\":{\"@type\":\"EntryPoint\",\"urlTemplate\":\"https:\/\/talkpal.ai\/cy\/?s={search_term_string}\"},\"query-input\":{\"@type\":\"PropertyValueSpecification\",\"valueRequired\":true,\"valueName\":\"search_term_string\"}}],\"inLanguage\":\"cy-GB\"},{\"@type\":\"Organization\",\"@id\":\"https:\/\/talkpal.ai\/cy\/#organization\",\"name\":\"Talkpal, Inc.\",\"alternateName\":\"Talkpal AI\",\"url\":\"https:\/\/talkpal.ai\/cy\/\",\"logo\":{\"@type\":\"ImageObject\",\"inLanguage\":\"cy-GB\",\"@id\":\"https:\/\/talkpal.ai\/cy\/#\/schema\/logo\/image\/\",\"url\":\"https:\/\/talkpal.ai\/wp-content\/uploads\/2024\/03\/Talkpal-Logo-Icon.png\",\"contentUrl\":\"https:\/\/talkpal.ai\/wp-content\/uploads\/2024\/03\/Talkpal-Logo-Icon.png\",\"width\":2880,\"height\":2880,\"caption\":\"Talkpal, Inc.\"},\"image\":{\"@id\":\"https:\/\/talkpal.ai\/cy\/#\/schema\/logo\/image\/\"},\"sameAs\":[\"https:\/\/www.facebook.com\/profile.php?id=100090733639311\",\"https:\/\/x.com\/talkpalai\",\"https:\/\/www.linkedin.com\/company\/talkpal\/\",\"https:\/\/www.youtube.com\/@TalkPal\/\",\"https:\/\/www.tiktok.com\/@talkpal\",\"https:\/\/www.instagram.com\/talkpal_ai\/\",\"https:\/\/www.crunchbase.com\/organization\/talkpal-9cde\",\"https:\/\/www.g2.com\/products\/talkpal-for-business\/\",\"https:\/\/www.trustpilot.com\/review\/talkpal.ai\",\"https:\/\/www.capterra.com\/p\/10006800\/TalkPal\/\"],\"description\":\"Talkpal is a language learning web and mobile education app, powered by the latest AI technologies, that provides engaging experiences to its customers in many different languages to help them improve their language skills. Users can chat about unlimited amount of topics with the app and use other modes to practice their language learning.\",\"email\":\"support@talkpal.ai\",\"legalName\":\"Talkpal, Inc.\",\"foundingDate\":\"2023-04-03\",\"duns\":\"118989042\",\"numberOfEmployees\":{\"@type\":\"QuantitativeValue\",\"minValue\":\"11\",\"maxValue\":\"50\"},\"publishingPrinciples\":\"https:\/\/talkpal.ai\/publishing-principles\/\",\"actionableFeedbackPolicy\":\"https:\/\/talkpal.ai\/actionable-feedback-policy\/\",\"correctionsPolicy\":\"https:\/\/talkpal.ai\/corrections-policy\/\",\"ethicsPolicy\":\"https:\/\/talkpal.ai\/ethics-policy\/\",\"diversityPolicy\":\"https:\/\/talkpal.ai\/diversity-policy\/\",\"diversityStaffingReport\":\"https:\/\/talkpal.ai\/diversity-policy\/\"}]}<\/script>\n<!-- \/ Yoast SEO Premium plugin. -->","yoast_head_json":{"title":"Gramadeg Pwyleg - Talkpal","description":"Meistr gramadeg Pwyleg gydag ymarferion rhyngweithiol wedi'u cynllunio ar gyfer pob lefel dysgu. Rhowch hwb i'ch sgiliau Pwylaidd!","robots":{"index":"index","follow":"follow","max-snippet":"max-snippet:-1","max-image-preview":"max-image-preview:large","max-video-preview":"max-video-preview:-1"},"canonical":"https:\/\/talkpal.ai\/cy\/gramadeg-pwyleg\/","og_locale":"cy_GB","og_type":"article","og_title":"Gramadeg Pwyleg","og_description":"Chwalu Pos Gramadeg Pwyleg Mae Pwyleg, iaith Slafeg, yn heriol ac yn werth chweil i ddysgwyr iaith sy'n chwilio am antur ieithyddol unigryw. Wrth i chi","og_url":"https:\/\/talkpal.ai\/cy\/gramadeg-pwyleg\/","og_site_name":"Talkpal","article_publisher":"https:\/\/www.facebook.com\/profile.php?id=100090733639311","article_modified_time":"2025-12-17T17:13:59+00:00","og_image":[{"width":512,"height":512,"url":"https:\/\/talkpal.ai\/wp-content\/uploads\/2023\/05\/poland.png","type":"image\/png"}],"twitter_card":"summary_large_image","twitter_site":"@talkpalai","twitter_misc":{"Est. reading time":"2 minutes"},"schema":{"@context":"https:\/\/schema.org","@graph":[{"@type":"WebPage","@id":"https:\/\/talkpal.ai\/cy\/gramadeg-pwyleg\/","url":"https:\/\/talkpal.ai\/cy\/gramadeg-pwyleg\/","name":"Gramadeg Pwyleg - Talkpal","isPartOf":{"@id":"https:\/\/talkpal.ai\/cy\/#website"},"primaryImageOfPage":{"@id":"https:\/\/talkpal.ai\/cy\/gramadeg-pwyleg\/#primaryimage"},"image":{"@id":"https:\/\/talkpal.ai\/cy\/gramadeg-pwyleg\/#primaryimage"},"thumbnailUrl":"https:\/\/talkpal.ai\/wp-content\/uploads\/2023\/05\/poland.png","datePublished":"2023-05-14T14:18:46+00:00","dateModified":"2025-12-17T17:13:59+00:00","description":"Meistr gramadeg Pwyleg gydag ymarferion rhyngweithiol wedi'u cynllunio ar gyfer pob lefel dysgu. Rhowch hwb i'ch sgiliau Pwylaidd!","breadcrumb":{"@id":"https:\/\/talkpal.ai\/cy\/gramadeg-pwyleg\/#breadcrumb"},"inLanguage":"cy-GB","potentialAction":[{"@type":"ReadAction","target":["https:\/\/talkpal.ai\/cy\/gramadeg-pwyleg\/"]}]},{"@type":"ImageObject","inLanguage":"cy-GB","@id":"https:\/\/talkpal.ai\/cy\/gramadeg-pwyleg\/#primaryimage","url":"https:\/\/talkpal.ai\/wp-content\/uploads\/2023\/05\/poland.png","contentUrl":"https:\/\/talkpal.ai\/wp-content\/uploads\/2023\/05\/poland.png","width":512,"height":512,"caption":"TalkPal Poland Flag"},{"@type":"BreadcrumbList","@id":"https:\/\/talkpal.ai\/cy\/gramadeg-pwyleg\/#breadcrumb","itemListElement":[{"@type":"ListItem","position":1,"name":"Homepage","item":"https:\/\/talkpal.ai\/cy\/ai-athro-iaith-3\/"},{"@type":"ListItem","position":2,"name":"Gramadeg Pwyleg"}]},{"@type":"WebSite","@id":"https:\/\/talkpal.ai\/cy\/#website","url":"https:\/\/talkpal.ai\/cy\/","name":"Talkpal","description":"AI Language Learning","publisher":{"@id":"https:\/\/talkpal.ai\/cy\/#organization"},"alternateName":"Talkpal AI","potentialAction":[{"@type":"SearchAction","target":{"@type":"EntryPoint","urlTemplate":"https:\/\/talkpal.ai\/cy\/?s={search_term_string}"},"query-input":{"@type":"PropertyValueSpecification","valueRequired":true,"valueName":"search_term_string"}}],"inLanguage":"cy-GB"},{"@type":"Organization","@id":"https:\/\/talkpal.ai\/cy\/#organization","name":"Talkpal, Inc.","alternateName":"Talkpal AI","url":"https:\/\/talkpal.ai\/cy\/","logo":{"@type":"ImageObject","inLanguage":"cy-GB","@id":"https:\/\/talkpal.ai\/cy\/#\/schema\/logo\/image\/","url":"https:\/\/talkpal.ai\/wp-content\/uploads\/2024\/03\/Talkpal-Logo-Icon.png","contentUrl":"https:\/\/talkpal.ai\/wp-content\/uploads\/2024\/03\/Talkpal-Logo-Icon.png","width":2880,"height":2880,"caption":"Talkpal, Inc."},"image":{"@id":"https:\/\/talkpal.ai\/cy\/#\/schema\/logo\/image\/"},"sameAs":["https:\/\/www.facebook.com\/profile.php?id=100090733639311","https:\/\/x.com\/talkpalai","https:\/\/www.linkedin.com\/company\/talkpal\/","https:\/\/www.youtube.com\/@TalkPal\/","https:\/\/www.tiktok.com\/@talkpal","https:\/\/www.instagram.com\/talkpal_ai\/","https:\/\/www.crunchbase.com\/organization\/talkpal-9cde","https:\/\/www.g2.com\/products\/talkpal-for-business\/","https:\/\/www.trustpilot.com\/review\/talkpal.ai","https:\/\/www.capterra.com\/p\/10006800\/TalkPal\/"],"description":"Talkpal is a language learning web and mobile education app, powered by the latest AI technologies, that provides engaging experiences to its customers in many different languages to help them improve their language skills. Users can chat about unlimited amount of topics with the app and use other modes to practice their language learning.","email":"support@talkpal.ai","legalName":"Talkpal, Inc.","foundingDate":"2023-04-03","duns":"118989042","numberOfEmployees":{"@type":"QuantitativeValue","minValue":"11","maxValue":"50"},"publishingPrinciples":"https:\/\/talkpal.ai\/publishing-principles\/","actionableFeedbackPolicy":"https:\/\/talkpal.ai\/actionable-feedback-policy\/","correctionsPolicy":"https:\/\/talkpal.ai\/corrections-policy\/","ethicsPolicy":"https:\/\/talkpal.ai\/ethics-policy\/","diversityPolicy":"https:\/\/talkpal.ai\/diversity-policy\/","diversityStaffingReport":"https:\/\/talkpal.ai\/diversity-policy\/"}]}},"_links":{"self":[{"href":"https:\/\/talkpal.ai\/cy\/wp-json\/wp\/v2\/pages\/1443875","targetHints":{"allow":["GET"]}}],"collection":[{"href":"https:\/\/talkpal.ai\/cy\/wp-json\/wp\/v2\/pages"}],"about":[{"href":"https:\/\/talkpal.ai\/cy\/wp-json\/wp\/v2\/types\/page"}],"author":[{"embeddable":true,"href":"https:\/\/talkpal.ai\/cy\/wp-json\/wp\/v2\/users\/1"}],"replies":[{"embeddable":true,"href":"https:\/\/talkpal.ai\/cy\/wp-json\/wp\/v2\/comments?post=1443875"}],"version-history":[{"count":0,"href":"https:\/\/talkpal.ai\/cy\/wp-json\/wp\/v2\/pages\/1443875\/revisions"}],"wp:featuredmedia":[{"embeddable":true,"href":"https:\/\/talkpal.ai\/cy\/wp-json\/wp\/v2\/media\/1443876"}],"wp:attachment":[{"href":"https:\/\/talkpal.ai\/cy\/wp-json\/wp\/v2\/media?parent=1443875"}],"curies":[{"name":"wp","href":"https:\/\/api.w.org\/{rel}","templated":true}]}}