{"id":1443859,"date":"2023-05-14T14:18:22","date_gmt":"2023-05-14T14:18:22","guid":{"rendered":"https:\/\/talkpal.ai\/gramadeg-perseg\/"},"modified":"2025-12-12T10:35:47","modified_gmt":"2025-12-12T10:35:47","slug":"gramadeg-perseg","status":"publish","type":"page","link":"https:\/\/talkpal.ai\/cy\/gramadeg-perseg\/","title":{"rendered":"Gramadeg Perseg"},"content":{"rendered":"\r\n\r\n\r\n<section class=\"languageChallengeSection\">\r\n    <div class=\"languageInfoWrapper\">\r\n        \r\n        <h1>Gramadeg Perseg<\/h1>\r\n        <p>Chwilfrydig am Berseg? Archwiliwch ramadeg <a href=\"https:\/\/talkpal.ai\/learn-persian\/\">Perseg<\/a>, sy&#039;n enwog am ei symlrwydd &#8211; dim rhyweddau enwau, cyfuniadau berfau syml, a strwythur brawddeg hyblyg yn ei gwneud yn adfywiol hygyrch. Dechreuwch eich antur Perseg heddiw &#8211; bydd meistroli ei ramadeg yn datgloi cyfleoedd newydd ar gyfer cyfathrebu ac yn eich trochi ym marddoniaeth a diwylliant cyfoethog Iran a thu hwnt!<\/p>\r\n\r\n                            <a class=\"getStartedHidden\" href=\"https:\/\/app.talkpal.ai\/signup?lng=\">Dechrau<\/a>\r\n        \r\n    <\/div>\r\n\r\n    <figure>\r\n    <img decoding=\"async\" width=\"768\" height=\"768\" src=\"https:\/\/talkpal.ai\/wp-content\/uploads\/2023\/06\/persian-768x768.png\" class=\"languageImage no-lazy\" alt=\"Language learning to comprehend global news\" fetchpriority=\"high\" sizes=\"(max-width: 768px) 150px, 768px\" srcset=\"https:\/\/talkpal.ai\/wp-content\/uploads\/2023\/06\/persian-768x768.png 768w, https:\/\/talkpal.ai\/wp-content\/uploads\/2023\/06\/persian-300x300.png 300w\" \/>\r\n    \r\n\r\n    <\/figure>\r\n\r\n            <a class=\"getStartedVisible\" href=\"https:\/\/app.talkpal.ai\/signup?lng=\">Dechrau<\/a>\r\n    \r\n<\/section>\r\n<section class=\"promotionalBanner\">\r\n    <p class=\"promotionalText\">Y ffordd fwyaf effeithlon o ddysgu iaith<\/p>\r\n    <a class=\"promotionalLink\" href=\"https:\/\/app.talkpal.ai\/signup?lng=\">Rhowch gynnig ar Talkpal am ddim<\/a>\r\n<\/section>\n<div class=\"wp-block-group pageContainerStyle\"><div class=\"wp-block-group__inner-container is-layout-constrained wp-block-group-is-layout-constrained\">\n<h2 class=\"wp-block-heading\" id=\"h-mastering-persian-grammar-your-ultimate-guide\">Meistroli Gramadeg Perseg: Eich Canllaw Ultimate<\/h2>\n\n\n\n<p>Salam, <a href=\"https:\/\/talkpal.ai\/talkpal-discount-for-language-enthusiasts\/\">selogion iaith<\/a>! Ydych chi&#8217;n barod i gychwyn ar daith i fyd gramadeg <a href=\"https:\/\/talkpal.ai\/learn-persian\/\">Persia<\/a>? Rydych chi wedi dod i&#8217;r lle iawn. Wedi&#8217;i llenwi \u00e2 gwybodaeth hawdd ei deall a th\u00f4n sgwrsio, bydd yr erthygl hon yn eich tywys trwy faes cyfareddol gramadeg Perseg. Cyn bo hir, byddwch yn gallu adeiladu brawddegau a chymryd rhan mewn sgyrsiau ystyrlon gyda siaradwyr brodorol. Felly, gadewch i ni ddechrau datgloi cyfrinachau gramadeg Perseg!<\/p>\n\n\n\n<p><strong>Ond yn gyntaf, pam gramadeg Perseg?<\/strong><\/p>\n\n\n\n<p>Os ydych chi&#8217;n dysgu Perseg, mae sylfaen gref mewn gramadeg yn hanfodol ar gyfer siarad, darllen ac ysgrifennu yn rhugl. Er y gallai gramadeg Perseg ymddangos yn gymhleth i ddechrau, mae&#8217;n dod yn fwy hygyrch unwaith y byddwch chi&#8217;n ei rannu&#8217;n segmentau llai, mwy rheoladwy. Felly, gadewch i ni ddechrau ar eich taith i feistroli gramadeg Perseg!<\/p>\n\n\n\n<h3 class=\"wp-block-heading\" id=\"h-1-nouns-gender-and-number\">1. Enwau, rhyw, a rhif<\/h3>\n\n\n\n<p>Yn Perseg, nid oes gan enwau ryw &#8211; gan ei gwneud yn symlach na llawer o ieithoedd eraill. Mae&#8217;r ffurf unigol o enwau yn aros yr un fath, tra bod y ffurf lluosog fel arfer yn gorffen yn &#8220;-\u0647\u0627&#8221; neu &#8220;-\u0627\u0646.&#8221; Er enghraifft:<\/p>\n\n\n\n<p>\u2013 \u06a9\u062a\u0627\u0628 (ket\u0101b \u2013 llyfr)<\/p>\n\n\n\n<p>&#8211; \u06a9\u062a\u0627\u0628 \u0647\u0627 (ket\u0101b-h\u0101 &#8211; llyfrau)<\/p>\n\n\n\n<h3 class=\"wp-block-heading\" id=\"h-2-adjectives-agreement-and-definite-articles\">2. Ansoddeiriau, cytundeb, ac erthyglau penodol<\/h3>\n\n\n\n<p>Mae ansoddeiriau yn Perseg fel arfer yn dilyn yr enw maen nhw&#8217;n ei addasu ac nid oes angen iddynt gytuno mewn rhyw neu nifer. Er enghraifft:<\/p>\n\n\n\n<p><strong>&#8211; \u062e\u0627\u0646\u0647 \u0628\u0632\u0631\u06af (kh\u0101ne bozorg \u2013 t\u0177 mawr)<\/strong><\/p>\n\n\n\n<p><strong>&#8211; \u0645\u0646\u0632\u0644 \u06a9\u0648\u0686\u06a9 (manzel kuchak &#8211; t\u0177 bach)<\/strong><\/p>\n\n\n\n<p>Does dim erthygl bendant yn Perseg, ond ychwanegir yr erthygl amhenodol fel \u00f4l-ddodiad &#8220;-\u06cc&#8221; (i) ar gyfer geiriau unigol.<\/p>\n\n\n\n<h3 class=\"wp-block-heading\" id=\"h-3-verbs-tense-and-conjugation\">3. Berfau, amser, a chyfuniad<\/h3>\n\n\n\n<p>Mae berfau Perseg yn chwarae r\u00f4l hanfodol mewn gramadeg ac maent yn hanfodol ar gyfer adeiladu brawddegau. Mae gan bob ferf wraidd sy&#8217;n cyfuno \u00e2 rhagddodiadau ac \u00f4l-ddodiadau amrywiol i nodi amser a chytundeb \u00e2&#8217;r pwnc.<\/p>\n\n\n\n<p>I roi trosolwg byr i chi, gadewch i ni drafod berfau rheolaidd yn yr amser presennol:<\/p>\n\n\n\n<p><strong>\u2013 \u0645\u0646 \u0645\u06cc \u062e\u0648\u0627\u0646\u0645 (man mikh\u0101nam \u2013 dwi&#8217;n darllen)<\/strong><\/p>\n\n\n\n<p><strong>\u2013 \u062a\u0648 \u0645\u06cc \u062e\u0648\u0627\u0646\u06cc (i mikh\u0101ni \u2013 rydych chi&#8217;n darllen, anffurfiol)<\/strong><\/p>\n\n\n\n<p><strong>\u2013 \u0627\u0648 \u0645\u06cc \u062e\u0648\u0627\u0646\u062f (u mikh\u0101nad \u2013 mae\/hi yn darllen)<\/strong><\/p>\n\n\n\n<p>Cofiwch, <a href=\"https:\/\/talkpal.ai\/culture\/how-do-i-use-dim-ond-for-only\/\">dim ond<\/a> y dechrau yw hwn! Byddwch yn dod ar draws amrywiol amserau eraill, berfau afreolaidd, a chymhlethdodau wrth i chi ymchwilio&#8217;n ddyfnach i ramadeg Perseg.<\/p>\n\n\n\n<h3 class=\"wp-block-heading\" id=\"h-4-pronouns-prepositions-and-more\">4. Rhagenwau, arddodiaid, a mwy!<\/h3>\n\n\n\n<p>Mae gramadeg Perseg yn cwmpasu cydrannau eraill fel rhagenwau (\u0645\u0646, \u062a\u0648, \u0627\u0648, ac ati), arddodiaid (\u0628\u0647, \u0627\u0632, \u062f\u0631, ac ati), ac ymadroddion idiomatig. Mae meistroli pob elfen un cam ar y tro yn allweddol i gyflawni rhuglder cynhwysfawr yn Perseg.<\/p>\n\n\n\n<p>I gloi, nid oes llwybr byr i feistroli gramadeg Perseg. Mae&#8217;n gofyn am ddyfalbarhad, ymarfer ac amynedd. Fodd bynnag, unwaith y byddwch chi&#8217;n deall ei gymhlethdodau, byddwch chi&#8217;n barod i werthfawrogi naws sgwrsio yn Berseg, archwilio diwylliant a hanes cyfoethog rhanbarthau Perseg eu hiaith, a dyfnhau eich cariad at yr iaith. \u0645\u0648\u0641\u0642 \u0628\u0627\u0634\u06cc\u062f (movaffagh b\u0101shid \u2013 pob lwc)!<\/p>\n<\/div><\/div>\n\r\n<section class=\"learnNavigationSection\">\r\n            \r\n        <a href=\"https:\/\/talkpal.ai\/cy\/dysgu-perseg\/\">\r\n            <div class=\"learnNavigationWrapper\">\r\n                <div class=\"learnNavigationContent\">\r\n                    <img decoding=\"async\" src=\"https:\/\/talkpal.ai\/wp-content\/uploads\/2024\/08\/Persian.jpg\" alt=\"Persian Flag\">\r\n                    <div>\r\n                        <h4>Yngl\u0177n \u00e2 Dysgu Perseg<\/h4>\r\n                        <p>Darganfyddwch bopeth am ramadeg Perseg.<\/p>\r\n                    <\/div>\r\n                <\/div>\r\n            <\/div>\r\n        <\/a>\r\n\r\n        \r\n        <a href=\"https:\/\/talkpal.ai\/cy\/ymarferion-gramadeg-persia\/\">\r\n            <div class=\"learnNavigationWrapper\">\r\n                <div class=\"learnNavigationContent\">\r\n                    <img decoding=\"async\" src=\"https:\/\/talkpal.ai\/wp-content\/uploads\/2024\/08\/Persian.jpg\" alt=\"Persian Flag\">\r\n                    <div>\r\n                        <h4>Ymarfer Gramadeg Perseg<\/h4>\r\n                        <p>Ymarfer gramadeg Perseg.<\/p>\r\n                    <\/div>\r\n                <\/div>\r\n            <\/div>\r\n        <\/a>\r\n\r\n        \r\n        <a href=\"https:\/\/talkpal.ai\/vocabulary_language\/persian\/\">\r\n            <div class=\"learnNavigationWrapper\">\r\n                <div class=\"learnNavigationContent\">\r\n                    <img decoding=\"async\" src=\"https:\/\/talkpal.ai\/wp-content\/uploads\/2024\/08\/Persian.jpg\" alt=\"Persian Flag\">\r\n                    <div>\r\n                        <h4>Geirfa Perseg<\/h4>\r\n                        <p>Ehangwch eich geirfa Perseg.<\/p>\r\n                    <\/div>\r\n                <\/div>\r\n            <\/div>\r\n        <\/a>\r\n\r\n            <\/section>","protected":false},"excerpt":{"rendered":"<p>Meistroli Gramadeg Perseg: Eich Canllaw Ultimate Salam, selogion iaith! Ydych chi&#8217;n barod i gychwyn ar daith i fyd gramadeg Persia? Rydych chi wedi dod i&#8217;r lle iawn. Wedi&#8217;i llenwi \u00e2 gwybodaeth hawdd ei deall a th\u00f4n sgwrsio, bydd yr erthygl hon yn eich tywys trwy faes cyfareddol gramadeg Perseg. Cyn bo hir, byddwch yn gallu [&hellip;]<\/p>\n","protected":false},"author":1,"featured_media":1443861,"parent":0,"menu_order":0,"comment_status":"closed","ping_status":"closed","template":"LearningContentPage.php","meta":{"_acf_changed":false,"footnotes":""},"class_list":["post-1443859","page","type-page","status-publish","has-post-thumbnail","hentry"],"acf":[],"yoast_head":"<!-- This site is optimized with the Yoast SEO Premium plugin v27.2 (Yoast SEO v27.2) - https:\/\/yoast.com\/product\/yoast-seo-premium-wordpress\/ -->\n<title>Gramadeg Perseg - Talkpal<\/title>\n<meta name=\"description\" content=\"Archwiliwch gymhlethdodau Gramadeg Perseg i wella eich dealltwriaeth a&#039;ch rhuglder yn yr iaith Berseg.\" \/>\n<meta name=\"robots\" content=\"index, follow, max-snippet:-1, max-image-preview:large, max-video-preview:-1\" \/>\n<link rel=\"canonical\" href=\"https:\/\/talkpal.ai\/cy\/gramadeg-perseg\/\" \/>\n<meta property=\"og:locale\" content=\"cy_GB\" \/>\n<meta property=\"og:type\" content=\"article\" \/>\n<meta property=\"og:title\" content=\"Gramadeg Perseg\" \/>\n<meta property=\"og:description\" content=\"Meistroli Gramadeg Perseg: Eich Canllaw Ultimate Salam, selogion iaith! Ydych chi&#039;n barod i gychwyn ar daith i fyd gramadeg Persia? Rydych chi wedi dod\" \/>\n<meta property=\"og:url\" content=\"https:\/\/talkpal.ai\/cy\/gramadeg-perseg\/\" \/>\n<meta property=\"og:site_name\" content=\"Talkpal\" \/>\n<meta property=\"article:publisher\" content=\"https:\/\/www.facebook.com\/profile.php?id=100090733639311\" \/>\n<meta property=\"article:modified_time\" content=\"2025-12-12T10:35:47+00:00\" \/>\n<meta property=\"og:image\" content=\"https:\/\/talkpal.ai\/wp-content\/uploads\/2023\/05\/Persian-iran.png\" \/>\n\t<meta property=\"og:image:width\" content=\"512\" \/>\n\t<meta property=\"og:image:height\" content=\"512\" \/>\n\t<meta property=\"og:image:type\" content=\"image\/png\" \/>\n<meta name=\"twitter:card\" content=\"summary_large_image\" \/>\n<meta name=\"twitter:site\" content=\"@talkpalai\" \/>\n<meta name=\"twitter:label1\" content=\"Est. reading time\" \/>\n\t<meta name=\"twitter:data1\" content=\"2 minutes\" \/>\n<script type=\"application\/ld+json\" class=\"yoast-schema-graph\">{\"@context\":\"https:\/\/schema.org\",\"@graph\":[{\"@type\":\"WebPage\",\"@id\":\"https:\/\/talkpal.ai\/cy\/gramadeg-perseg\/\",\"url\":\"https:\/\/talkpal.ai\/cy\/gramadeg-perseg\/\",\"name\":\"Gramadeg Perseg - Talkpal\",\"isPartOf\":{\"@id\":\"https:\/\/talkpal.ai\/cy\/#website\"},\"primaryImageOfPage\":{\"@id\":\"https:\/\/talkpal.ai\/cy\/gramadeg-perseg\/#primaryimage\"},\"image\":{\"@id\":\"https:\/\/talkpal.ai\/cy\/gramadeg-perseg\/#primaryimage\"},\"thumbnailUrl\":\"https:\/\/talkpal.ai\/wp-content\/uploads\/2023\/05\/Persian-iran.png\",\"datePublished\":\"2023-05-14T14:18:22+00:00\",\"dateModified\":\"2025-12-12T10:35:47+00:00\",\"description\":\"Archwiliwch gymhlethdodau Gramadeg Perseg i wella eich dealltwriaeth a'ch rhuglder yn yr iaith Berseg.\",\"breadcrumb\":{\"@id\":\"https:\/\/talkpal.ai\/cy\/gramadeg-perseg\/#breadcrumb\"},\"inLanguage\":\"cy-GB\",\"potentialAction\":[{\"@type\":\"ReadAction\",\"target\":[\"https:\/\/talkpal.ai\/cy\/gramadeg-perseg\/\"]}]},{\"@type\":\"ImageObject\",\"inLanguage\":\"cy-GB\",\"@id\":\"https:\/\/talkpal.ai\/cy\/gramadeg-perseg\/#primaryimage\",\"url\":\"https:\/\/talkpal.ai\/wp-content\/uploads\/2023\/05\/Persian-iran.png\",\"contentUrl\":\"https:\/\/talkpal.ai\/wp-content\/uploads\/2023\/05\/Persian-iran.png\",\"width\":512,\"height\":512,\"caption\":\"TalkPal Persian - Iran Flag\"},{\"@type\":\"BreadcrumbList\",\"@id\":\"https:\/\/talkpal.ai\/cy\/gramadeg-perseg\/#breadcrumb\",\"itemListElement\":[{\"@type\":\"ListItem\",\"position\":1,\"name\":\"Homepage\",\"item\":\"https:\/\/talkpal.ai\/cy\/ai-athro-iaith-3\/\"},{\"@type\":\"ListItem\",\"position\":2,\"name\":\"Gramadeg Perseg\"}]},{\"@type\":\"WebSite\",\"@id\":\"https:\/\/talkpal.ai\/cy\/#website\",\"url\":\"https:\/\/talkpal.ai\/cy\/\",\"name\":\"Talkpal\",\"description\":\"AI Language Learning\",\"publisher\":{\"@id\":\"https:\/\/talkpal.ai\/cy\/#organization\"},\"alternateName\":\"Talkpal AI\",\"potentialAction\":[{\"@type\":\"SearchAction\",\"target\":{\"@type\":\"EntryPoint\",\"urlTemplate\":\"https:\/\/talkpal.ai\/cy\/?s={search_term_string}\"},\"query-input\":{\"@type\":\"PropertyValueSpecification\",\"valueRequired\":true,\"valueName\":\"search_term_string\"}}],\"inLanguage\":\"cy-GB\"},{\"@type\":\"Organization\",\"@id\":\"https:\/\/talkpal.ai\/cy\/#organization\",\"name\":\"Talkpal, Inc.\",\"alternateName\":\"Talkpal AI\",\"url\":\"https:\/\/talkpal.ai\/cy\/\",\"logo\":{\"@type\":\"ImageObject\",\"inLanguage\":\"cy-GB\",\"@id\":\"https:\/\/talkpal.ai\/cy\/#\/schema\/logo\/image\/\",\"url\":\"https:\/\/talkpal.ai\/wp-content\/uploads\/2024\/03\/Talkpal-Logo-Icon.png\",\"contentUrl\":\"https:\/\/talkpal.ai\/wp-content\/uploads\/2024\/03\/Talkpal-Logo-Icon.png\",\"width\":2880,\"height\":2880,\"caption\":\"Talkpal, Inc.\"},\"image\":{\"@id\":\"https:\/\/talkpal.ai\/cy\/#\/schema\/logo\/image\/\"},\"sameAs\":[\"https:\/\/www.facebook.com\/profile.php?id=100090733639311\",\"https:\/\/x.com\/talkpalai\",\"https:\/\/www.linkedin.com\/company\/talkpal\/\",\"https:\/\/www.youtube.com\/@TalkPal\/\",\"https:\/\/www.tiktok.com\/@talkpal\",\"https:\/\/www.instagram.com\/talkpal_ai\/\",\"https:\/\/www.crunchbase.com\/organization\/talkpal-9cde\",\"https:\/\/www.g2.com\/products\/talkpal-for-business\/\",\"https:\/\/www.trustpilot.com\/review\/talkpal.ai\",\"https:\/\/www.capterra.com\/p\/10006800\/TalkPal\/\"],\"description\":\"Talkpal is a language learning web and mobile education app, powered by the latest AI technologies, that provides engaging experiences to its customers in many different languages to help them improve their language skills. Users can chat about unlimited amount of topics with the app and use other modes to practice their language learning.\",\"email\":\"support@talkpal.ai\",\"legalName\":\"Talkpal, Inc.\",\"foundingDate\":\"2023-04-03\",\"duns\":\"118989042\",\"numberOfEmployees\":{\"@type\":\"QuantitativeValue\",\"minValue\":\"11\",\"maxValue\":\"50\"},\"publishingPrinciples\":\"https:\/\/talkpal.ai\/publishing-principles\/\",\"actionableFeedbackPolicy\":\"https:\/\/talkpal.ai\/actionable-feedback-policy\/\",\"correctionsPolicy\":\"https:\/\/talkpal.ai\/corrections-policy\/\",\"ethicsPolicy\":\"https:\/\/talkpal.ai\/ethics-policy\/\",\"diversityPolicy\":\"https:\/\/talkpal.ai\/diversity-policy\/\",\"diversityStaffingReport\":\"https:\/\/talkpal.ai\/diversity-policy\/\"}]}<\/script>\n<!-- \/ Yoast SEO Premium plugin. -->","yoast_head_json":{"title":"Gramadeg Perseg - Talkpal","description":"Archwiliwch gymhlethdodau Gramadeg Perseg i wella eich dealltwriaeth a'ch rhuglder yn yr iaith Berseg.","robots":{"index":"index","follow":"follow","max-snippet":"max-snippet:-1","max-image-preview":"max-image-preview:large","max-video-preview":"max-video-preview:-1"},"canonical":"https:\/\/talkpal.ai\/cy\/gramadeg-perseg\/","og_locale":"cy_GB","og_type":"article","og_title":"Gramadeg Perseg","og_description":"Meistroli Gramadeg Perseg: Eich Canllaw Ultimate Salam, selogion iaith! Ydych chi'n barod i gychwyn ar daith i fyd gramadeg Persia? Rydych chi wedi dod","og_url":"https:\/\/talkpal.ai\/cy\/gramadeg-perseg\/","og_site_name":"Talkpal","article_publisher":"https:\/\/www.facebook.com\/profile.php?id=100090733639311","article_modified_time":"2025-12-12T10:35:47+00:00","og_image":[{"width":512,"height":512,"url":"https:\/\/talkpal.ai\/wp-content\/uploads\/2023\/05\/Persian-iran.png","type":"image\/png"}],"twitter_card":"summary_large_image","twitter_site":"@talkpalai","twitter_misc":{"Est. reading time":"2 minutes"},"schema":{"@context":"https:\/\/schema.org","@graph":[{"@type":"WebPage","@id":"https:\/\/talkpal.ai\/cy\/gramadeg-perseg\/","url":"https:\/\/talkpal.ai\/cy\/gramadeg-perseg\/","name":"Gramadeg Perseg - Talkpal","isPartOf":{"@id":"https:\/\/talkpal.ai\/cy\/#website"},"primaryImageOfPage":{"@id":"https:\/\/talkpal.ai\/cy\/gramadeg-perseg\/#primaryimage"},"image":{"@id":"https:\/\/talkpal.ai\/cy\/gramadeg-perseg\/#primaryimage"},"thumbnailUrl":"https:\/\/talkpal.ai\/wp-content\/uploads\/2023\/05\/Persian-iran.png","datePublished":"2023-05-14T14:18:22+00:00","dateModified":"2025-12-12T10:35:47+00:00","description":"Archwiliwch gymhlethdodau Gramadeg Perseg i wella eich dealltwriaeth a'ch rhuglder yn yr iaith Berseg.","breadcrumb":{"@id":"https:\/\/talkpal.ai\/cy\/gramadeg-perseg\/#breadcrumb"},"inLanguage":"cy-GB","potentialAction":[{"@type":"ReadAction","target":["https:\/\/talkpal.ai\/cy\/gramadeg-perseg\/"]}]},{"@type":"ImageObject","inLanguage":"cy-GB","@id":"https:\/\/talkpal.ai\/cy\/gramadeg-perseg\/#primaryimage","url":"https:\/\/talkpal.ai\/wp-content\/uploads\/2023\/05\/Persian-iran.png","contentUrl":"https:\/\/talkpal.ai\/wp-content\/uploads\/2023\/05\/Persian-iran.png","width":512,"height":512,"caption":"TalkPal Persian - Iran Flag"},{"@type":"BreadcrumbList","@id":"https:\/\/talkpal.ai\/cy\/gramadeg-perseg\/#breadcrumb","itemListElement":[{"@type":"ListItem","position":1,"name":"Homepage","item":"https:\/\/talkpal.ai\/cy\/ai-athro-iaith-3\/"},{"@type":"ListItem","position":2,"name":"Gramadeg Perseg"}]},{"@type":"WebSite","@id":"https:\/\/talkpal.ai\/cy\/#website","url":"https:\/\/talkpal.ai\/cy\/","name":"Talkpal","description":"AI Language Learning","publisher":{"@id":"https:\/\/talkpal.ai\/cy\/#organization"},"alternateName":"Talkpal AI","potentialAction":[{"@type":"SearchAction","target":{"@type":"EntryPoint","urlTemplate":"https:\/\/talkpal.ai\/cy\/?s={search_term_string}"},"query-input":{"@type":"PropertyValueSpecification","valueRequired":true,"valueName":"search_term_string"}}],"inLanguage":"cy-GB"},{"@type":"Organization","@id":"https:\/\/talkpal.ai\/cy\/#organization","name":"Talkpal, Inc.","alternateName":"Talkpal AI","url":"https:\/\/talkpal.ai\/cy\/","logo":{"@type":"ImageObject","inLanguage":"cy-GB","@id":"https:\/\/talkpal.ai\/cy\/#\/schema\/logo\/image\/","url":"https:\/\/talkpal.ai\/wp-content\/uploads\/2024\/03\/Talkpal-Logo-Icon.png","contentUrl":"https:\/\/talkpal.ai\/wp-content\/uploads\/2024\/03\/Talkpal-Logo-Icon.png","width":2880,"height":2880,"caption":"Talkpal, Inc."},"image":{"@id":"https:\/\/talkpal.ai\/cy\/#\/schema\/logo\/image\/"},"sameAs":["https:\/\/www.facebook.com\/profile.php?id=100090733639311","https:\/\/x.com\/talkpalai","https:\/\/www.linkedin.com\/company\/talkpal\/","https:\/\/www.youtube.com\/@TalkPal\/","https:\/\/www.tiktok.com\/@talkpal","https:\/\/www.instagram.com\/talkpal_ai\/","https:\/\/www.crunchbase.com\/organization\/talkpal-9cde","https:\/\/www.g2.com\/products\/talkpal-for-business\/","https:\/\/www.trustpilot.com\/review\/talkpal.ai","https:\/\/www.capterra.com\/p\/10006800\/TalkPal\/"],"description":"Talkpal is a language learning web and mobile education app, powered by the latest AI technologies, that provides engaging experiences to its customers in many different languages to help them improve their language skills. Users can chat about unlimited amount of topics with the app and use other modes to practice their language learning.","email":"support@talkpal.ai","legalName":"Talkpal, Inc.","foundingDate":"2023-04-03","duns":"118989042","numberOfEmployees":{"@type":"QuantitativeValue","minValue":"11","maxValue":"50"},"publishingPrinciples":"https:\/\/talkpal.ai\/publishing-principles\/","actionableFeedbackPolicy":"https:\/\/talkpal.ai\/actionable-feedback-policy\/","correctionsPolicy":"https:\/\/talkpal.ai\/corrections-policy\/","ethicsPolicy":"https:\/\/talkpal.ai\/ethics-policy\/","diversityPolicy":"https:\/\/talkpal.ai\/diversity-policy\/","diversityStaffingReport":"https:\/\/talkpal.ai\/diversity-policy\/"}]}},"_links":{"self":[{"href":"https:\/\/talkpal.ai\/cy\/wp-json\/wp\/v2\/pages\/1443859","targetHints":{"allow":["GET"]}}],"collection":[{"href":"https:\/\/talkpal.ai\/cy\/wp-json\/wp\/v2\/pages"}],"about":[{"href":"https:\/\/talkpal.ai\/cy\/wp-json\/wp\/v2\/types\/page"}],"author":[{"embeddable":true,"href":"https:\/\/talkpal.ai\/cy\/wp-json\/wp\/v2\/users\/1"}],"replies":[{"embeddable":true,"href":"https:\/\/talkpal.ai\/cy\/wp-json\/wp\/v2\/comments?post=1443859"}],"version-history":[{"count":0,"href":"https:\/\/talkpal.ai\/cy\/wp-json\/wp\/v2\/pages\/1443859\/revisions"}],"wp:featuredmedia":[{"embeddable":true,"href":"https:\/\/talkpal.ai\/cy\/wp-json\/wp\/v2\/media\/1443861"}],"wp:attachment":[{"href":"https:\/\/talkpal.ai\/cy\/wp-json\/wp\/v2\/media?parent=1443859"}],"curies":[{"name":"wp","href":"https:\/\/api.w.org\/{rel}","templated":true}]}}