{"id":1443841,"date":"2023-05-14T14:13:06","date_gmt":"2023-05-14T14:13:06","guid":{"rendered":"https:\/\/talkpal.ai\/gramadeg-norwyaidd\/"},"modified":"2025-12-17T17:01:06","modified_gmt":"2025-12-17T17:01:06","slug":"gramadeg-norwyaidd","status":"publish","type":"page","link":"https:\/\/talkpal.ai\/cy\/gramadeg-norwyaidd\/","title":{"rendered":"Gramadeg Norwyaidd"},"content":{"rendered":"\r\n\r\n\r\n<section class=\"languageChallengeSection\">\r\n    <div class=\"languageInfoWrapper\">\r\n        \r\n        <h1>Gramadeg Norwyaidd<\/h1>\r\n        <p>Darganfyddwch hanfodion gramadeg Norwyaidd a datgloi&#039;r gallu i gyfathrebu yn hyderus yn un o ieithoedd harddaf Sgandinafia. Bydd deall gramadeg Norwyaidd yn agor drysau i brofiadau diwylliannol <a href=\"https:\/\/talkpal.ai\/talkpal-new-years-discount\/\">newydd<\/a> a sgyrsiau ystyrlon. Dechreuwch ddysgu gramadeg <a href=\"https:\/\/talkpal.ai\/learn-norwegian\/\">Norwyeg<\/a> heddiw a chymerwch eich cam cyntaf tuag at rhuglder!<\/p>\r\n\r\n                            <a class=\"getStartedHidden\" href=\"https:\/\/app.talkpal.ai\/signup?lng=\">Dechrau<\/a>\r\n        \r\n    <\/div>\r\n\r\n    <figure>\r\n    <img decoding=\"async\" width=\"768\" height=\"768\" src=\"https:\/\/talkpal.ai\/wp-content\/uploads\/2023\/06\/norwegian-768x768.png\" class=\"languageImage no-lazy\" alt=\"Language learning for extensive vocabulary\" fetchpriority=\"high\" sizes=\"(max-width: 768px) 150px, 768px\" srcset=\"https:\/\/talkpal.ai\/wp-content\/uploads\/2023\/06\/norwegian-768x768.png 768w, https:\/\/talkpal.ai\/wp-content\/uploads\/2023\/06\/norwegian-300x300.png 300w\" \/>\r\n    \r\n\r\n    <\/figure>\r\n\r\n            <a class=\"getStartedVisible\" href=\"https:\/\/app.talkpal.ai\/signup?lng=\">Dechrau<\/a>\r\n    \r\n<\/section>\r\n<section class=\"promotionalBanner\">\r\n    <p class=\"promotionalText\">Y ffordd fwyaf effeithlon o ddysgu iaith<\/p>\r\n    <a class=\"promotionalLink\" href=\"https:\/\/app.talkpal.ai\/signup?lng=\">Rhowch gynnig ar Talkpal am ddim<\/a>\r\n<\/section>\n<div class=\"wp-block-group pageContainerStyle\"><div class=\"wp-block-group__inner-container is-layout-constrained wp-block-group-is-layout-constrained\">\n<h2 class=\"wp-block-heading\" id=\"h-dive-into-norwegian-grammar-a-comprehensive-guide\">Plymio i mewn i Ramadeg Norwyaidd: Canllaw Cynhwysfawr<\/h2>\n\n\n\n<p>Norwyeg, iaith ddiddorol a mynegiannol, yn cynnig cyfle unigryw i ddysgwyr iaith archwilio treftadaeth ddiwylliannol a hanesyddol gyfoethog Norwy. Y newyddion da yw bod <a href=\"https:\/\/talkpal.ai\/norwegian-grammar\/\">gramadeg Norwyeg<\/a> yn rhannu rhai tebygrwydd \u00e2&#8217;r <a href=\"https:\/\/talkpal.ai\/learn-english-with-ai\/\">Saesneg<\/a>, gan ei gwneud yn iaith hygyrch i&#8217;w dysgu. Bydd yr erthygl hon yn eich tywys trwy agweddau hanfodol gramadeg Norwy, gan sicrhau eich bod yn adeiladu sylfaen gadarn ac yn gafael ar yr iaith yn hyderus.<\/p>\n\n\n\n<h3 class=\"wp-block-heading\" id=\"h-1-embracing-norwegian-nouns-and-articles\">1. Cofleidio enwau ac erthyglau Norwyaidd<\/h3>\n\n\n\n<p>Mae enwau Norwyaidd, fel eu cymheiriaid Saesneg, yn cynrychioli pobl, lleoedd, pethau neu syniadau. Fe&#8217;u dosbarthir yn dri rhyw: gwrywaidd, benywaidd, a neuter. Mae rhywedd yn hanfodol wrth benderfynu terfyniadau&#8217;r enw a&#8217;r erthyglau y dylid ei baru \u00e2 nhw.<\/p>\n\n\n\n<p>Mae dau fath o erthyglau yn Norwyeg: pendant ac amhenodol. Mae erthyglau penodol yn ymddangos fel \u00f4l-ddodiadau ar ddiwedd enwau, tra bod erthyglau amhenodol yn eiriau ar wah\u00e2n sy&#8217;n rhagflaenu enwau. Rhaid i erthyglau gytuno ag enwau o ran rhyw a rhif.<\/p>\n\n\n\n<p><strong>\u2013 Erthyglau pendant: -en (gwrywaidd), -a (benywaidd), -et (neuter)<\/strong><\/p>\n\n\n\n<p><strong>\u2013 Erthyglau amhenodol: en (gwrywaidd), ei (benywaidd), et (neuter)<\/strong><\/p>\n\n\n\n<h3 class=\"wp-block-heading\" id=\"h-2-mastering-norwegian-verbs-conjugation-and-tenses\">2. Meistroli Berfau Norwyaidd: Cyfuniad ac Amserau<\/h3>\n\n\n\n<p>Mae berfau Norwyeg yn gymharol hawdd i&#8217;w dysgu, gan fod ganddynt lai o gyfuniadau na llawer o ieithoedd eraill. Mae berfau yn cael eu cyfuno yn \u00f4l amser a hwyliau. Rhennir berfau Norwyaidd yn bennaf yn bedwar gr\u0175p, pob un \u00e2&#8217;i batrwm cyfunol. Fodd bynnag, y newyddion da yw, yn wahanol i lawer o ieithoedd eraill, nad yw berfau Norwyeg yn newid eu ffurf yn seiliedig ar y pwnc neu&#8217;r rhif.<\/p>\n\n\n\n<p>Mae gan Norwyeg lai o amseroedd na Saesneg, gyda <a href=\"https:\/\/talkpal.ai\/culture\/how-do-i-use-dim-ond-for-only\/\">dim ond<\/a> tri amser: amser presennol, amser gorffennol, a gorffennol amser perffaith. Defnyddir amser presennol i fynegi digwyddiadau presennol a dyfodol, tra bod amser gorffennol yn dynodi gweithredoedd wedi&#8217;u cwblhau, ac amser gorffennol perffaith yn dynodi profiad neu gyflyrau a ddigwyddodd cyn pwynt penodol yn y gorffennol.<\/p>\n\n\n\n<h3 class=\"wp-block-heading\" id=\"h-3-expressing-yourself-with-norwegian-adjectives-and-adverbs\">3. Mynegi eich hun gydag ansoddeiriau ac adferfau Norwyaidd<\/h3>\n\n\n\n<p>Mae defnyddio ansoddeiriau yn effeithiol yn gwella&#8217;ch gallu i fynegi eich hun yn Norwyeg. Mae ansoddeiriau yn disgrifio rhinweddau neu nodweddion enwau ac mae angen cytuno ag enwau o ran rhywedd a rhif. Yn Norwyeg, mae ansoddeiriau fel arfer yn dod cyn yr enw maen nhw&#8217;n ei ddisgrifio.<\/p>\n\n\n\n<p>Mae adferfau yn Norwyeg yn addasu berfau, ansoddeiriau, neu adferfau eraill. Maent yn cyfleu gwybodaeth am sut, pryd, ble, ac i ba raddau y mae gweithred yn digwydd. Yn wahanol i ansoddeiriau, mae ansoddeiriau yn aros yr un fath waeth beth fo&#8217;r rhyw neu nifer yr enwau sy&#8217;n cael eu disgrifio.<\/p>\n\n\n\n<h3 class=\"wp-block-heading\" id=\"h-4-constructing-sentences-with-norwegian-pronouns-and-word-order\">4. Adeiladu Brawddegau gyda Rhagenwau Norwyeg a Threfn Geiriau<\/h3>\n\n\n\n<p>Mae rhagenwau Norwyaidd yn disodli enwau ac fel arfer yn cytuno \u00e2&#8217;r enw maen nhw&#8217;n ei gynrychioli mewn rhyw, rhif, ac achos. Mae gwahanol fathau o ragenwau yn Norwyeg, gan gynnwys rhagenwau personol, meddiannol, arddangosol, adfyfyriol, perthynol a chwestiynol.<\/p>\n\n\n\n<p>Mae strwythur brawddegau Norwyaidd yn dilyn trefn pwnc-berf-gwrthrych (SVO), yn debyg i&#8217;r Saesneg. Fodd bynnag, mae hefyd yn defnyddio rheol Berf-ail (V2) lle mae&#8217;r ferf fel arfer yn meddiannu&#8217;r ail safle yn y prif gymalau. Mae deall ac ymarfer trefn geiriau Norwyaidd yn hanfodol i gyflawni rhuglder yn yr iaith.<\/p>\n\n\n\n<h3 class=\"wp-block-heading\" id=\"h-conclusion\">Casgliad<\/h3>\n\n\n\n<p>Mae cyflawni rhuglder mewn gramadeg Norwyaidd yn gofyn am ymroddiad, ymarfer a meddwl agored i archwilio nodweddion unigryw&#8217;r iaith. P&#8217;un a oes gennych ddiddordeb mewn ymgolli yn niwylliant Norwy neu&#8217;n awyddus i ddysgu iaith newydd, mae meistroli gramadeg Norwyaidd yn gosod y sylfaen ar gyfer cyfathrebu llwyddiannus. Wrth i chi ymchwilio i enwau, berfau, ansoddeiriau, a threfn geiriau Norwyaidd, cofiwch fwynhau&#8217;r broses a gwerthfawrogi&#8217;r profiadau ieithyddol cyfoethog sy&#8217;n aros amdanoch chi. <a href=\"https:\/\/talkpal.ai\/culture\/how-do-you-say-good-luck-with-that-in-norwegian\/\">Lykke til<\/a>!<\/p>\n<\/div><\/div>\n\r\n<section class=\"learnNavigationSection\">\r\n            \r\n        <a href=\"https:\/\/talkpal.ai\/cy\/dysgu-norwyeg\/\">\r\n            <div class=\"learnNavigationWrapper\">\r\n                <div class=\"learnNavigationContent\">\r\n                    <img decoding=\"async\" src=\"https:\/\/talkpal.ai\/wp-content\/uploads\/2024\/08\/Norwegian.jpg\" alt=\"Norwegian Flag\">\r\n                    <div>\r\n                        <h4>Yngl\u0177n \u00e2 Dysgu Norwyeg<\/h4>\r\n                        <p>Darganfyddwch bopeth am ramadeg Norwyaidd.<\/p>\r\n                    <\/div>\r\n                <\/div>\r\n            <\/div>\r\n        <\/a>\r\n\r\n        \r\n        <a href=\"https:\/\/talkpal.ai\/cy\/ymarferion-gramadeg-norwyaidd\/\">\r\n            <div class=\"learnNavigationWrapper\">\r\n                <div class=\"learnNavigationContent\">\r\n                    <img decoding=\"async\" src=\"https:\/\/talkpal.ai\/wp-content\/uploads\/2024\/08\/Norwegian.jpg\" alt=\"Norwegian Flag\">\r\n                    <div>\r\n                        <h4>Ymarfer Gramadeg Norwyaidd<\/h4>\r\n                        <p>Ymarfer gramadeg Norwyaidd.<\/p>\r\n                    <\/div>\r\n                <\/div>\r\n            <\/div>\r\n        <\/a>\r\n\r\n        \r\n        <a href=\"https:\/\/talkpal.ai\/vocabulary_language\/norwegian\/\">\r\n            <div class=\"learnNavigationWrapper\">\r\n                <div class=\"learnNavigationContent\">\r\n                    <img decoding=\"async\" src=\"https:\/\/talkpal.ai\/wp-content\/uploads\/2024\/08\/Norwegian.jpg\" alt=\"Norwegian Flag\">\r\n                    <div>\r\n                        <h4>Geirfa Norwyeg<\/h4>\r\n                        <p>Ehangwch eich geirfa Norwyeg.<\/p>\r\n                    <\/div>\r\n                <\/div>\r\n            <\/div>\r\n        <\/a>\r\n\r\n            <\/section>","protected":false},"excerpt":{"rendered":"<p>Plymio i mewn i Ramadeg Norwyaidd: Canllaw Cynhwysfawr Norwyeg, iaith ddiddorol a mynegiannol, yn cynnig cyfle unigryw i ddysgwyr iaith archwilio treftadaeth ddiwylliannol a hanesyddol gyfoethog Norwy. Y newyddion da yw bod gramadeg Norwyeg yn rhannu rhai tebygrwydd \u00e2&#8217;r Saesneg, gan ei gwneud yn iaith hygyrch i&#8217;w dysgu. Bydd yr erthygl hon yn eich tywys [&hellip;]<\/p>\n","protected":false},"author":1,"featured_media":1443843,"parent":0,"menu_order":0,"comment_status":"closed","ping_status":"closed","template":"LearningContentPage.php","meta":{"_acf_changed":false,"footnotes":""},"class_list":["post-1443841","page","type-page","status-publish","has-post-thumbnail","hentry"],"acf":[],"yoast_head":"<!-- This site is optimized with the Yoast SEO Premium plugin v27.2 (Yoast SEO v27.2) - https:\/\/yoast.com\/product\/yoast-seo-premium-wordpress\/ -->\n<title>Gramadeg Norwyaidd - Talkpal<\/title>\n<meta name=\"description\" content=\"Archwiliwch gymhlethdodau gramadeg Norwyaidd a dyrchafwch eich sgiliau iaith i&#039;r lefel nesaf.\" \/>\n<meta name=\"robots\" content=\"index, follow, max-snippet:-1, max-image-preview:large, max-video-preview:-1\" \/>\n<link rel=\"canonical\" href=\"https:\/\/talkpal.ai\/cy\/gramadeg-norwyaidd\/\" \/>\n<meta property=\"og:locale\" content=\"cy_GB\" \/>\n<meta property=\"og:type\" content=\"article\" \/>\n<meta property=\"og:title\" content=\"Gramadeg Norwyaidd\" \/>\n<meta property=\"og:description\" content=\"Plymio i mewn i Ramadeg Norwyaidd: Canllaw Cynhwysfawr Norwyeg, iaith ddiddorol a mynegiannol, yn cynnig cyfle unigryw i ddysgwyr iaith archwilio\" \/>\n<meta property=\"og:url\" content=\"https:\/\/talkpal.ai\/cy\/gramadeg-norwyaidd\/\" \/>\n<meta property=\"og:site_name\" content=\"Talkpal\" \/>\n<meta property=\"article:publisher\" content=\"https:\/\/www.facebook.com\/profile.php?id=100090733639311\" \/>\n<meta property=\"article:modified_time\" content=\"2025-12-17T17:01:06+00:00\" \/>\n<meta property=\"og:image\" content=\"https:\/\/talkpal.ai\/wp-content\/uploads\/2023\/05\/norway.png\" \/>\n\t<meta property=\"og:image:width\" content=\"512\" \/>\n\t<meta property=\"og:image:height\" content=\"512\" \/>\n\t<meta property=\"og:image:type\" content=\"image\/png\" \/>\n<meta name=\"twitter:card\" content=\"summary_large_image\" \/>\n<meta name=\"twitter:site\" content=\"@talkpalai\" \/>\n<meta name=\"twitter:label1\" content=\"Est. reading time\" \/>\n\t<meta name=\"twitter:data1\" content=\"3 minutes\" \/>\n<script type=\"application\/ld+json\" class=\"yoast-schema-graph\">{\"@context\":\"https:\/\/schema.org\",\"@graph\":[{\"@type\":\"WebPage\",\"@id\":\"https:\/\/talkpal.ai\/cy\/gramadeg-norwyaidd\/\",\"url\":\"https:\/\/talkpal.ai\/cy\/gramadeg-norwyaidd\/\",\"name\":\"Gramadeg Norwyaidd - Talkpal\",\"isPartOf\":{\"@id\":\"https:\/\/talkpal.ai\/cy\/#website\"},\"primaryImageOfPage\":{\"@id\":\"https:\/\/talkpal.ai\/cy\/gramadeg-norwyaidd\/#primaryimage\"},\"image\":{\"@id\":\"https:\/\/talkpal.ai\/cy\/gramadeg-norwyaidd\/#primaryimage\"},\"thumbnailUrl\":\"https:\/\/talkpal.ai\/wp-content\/uploads\/2023\/05\/norway.png\",\"datePublished\":\"2023-05-14T14:13:06+00:00\",\"dateModified\":\"2025-12-17T17:01:06+00:00\",\"description\":\"Archwiliwch gymhlethdodau gramadeg Norwyaidd a dyrchafwch eich sgiliau iaith i'r lefel nesaf.\",\"breadcrumb\":{\"@id\":\"https:\/\/talkpal.ai\/cy\/gramadeg-norwyaidd\/#breadcrumb\"},\"inLanguage\":\"cy-GB\",\"potentialAction\":[{\"@type\":\"ReadAction\",\"target\":[\"https:\/\/talkpal.ai\/cy\/gramadeg-norwyaidd\/\"]}]},{\"@type\":\"ImageObject\",\"inLanguage\":\"cy-GB\",\"@id\":\"https:\/\/talkpal.ai\/cy\/gramadeg-norwyaidd\/#primaryimage\",\"url\":\"https:\/\/talkpal.ai\/wp-content\/uploads\/2023\/05\/norway.png\",\"contentUrl\":\"https:\/\/talkpal.ai\/wp-content\/uploads\/2023\/05\/norway.png\",\"width\":512,\"height\":512,\"caption\":\"TalkPal Norway\u00a0 Flag\"},{\"@type\":\"BreadcrumbList\",\"@id\":\"https:\/\/talkpal.ai\/cy\/gramadeg-norwyaidd\/#breadcrumb\",\"itemListElement\":[{\"@type\":\"ListItem\",\"position\":1,\"name\":\"Homepage\",\"item\":\"https:\/\/talkpal.ai\/cy\/ai-athro-iaith-3\/\"},{\"@type\":\"ListItem\",\"position\":2,\"name\":\"Gramadeg Norwyaidd\"}]},{\"@type\":\"WebSite\",\"@id\":\"https:\/\/talkpal.ai\/cy\/#website\",\"url\":\"https:\/\/talkpal.ai\/cy\/\",\"name\":\"Talkpal\",\"description\":\"AI Language Learning\",\"publisher\":{\"@id\":\"https:\/\/talkpal.ai\/cy\/#organization\"},\"alternateName\":\"Talkpal AI\",\"potentialAction\":[{\"@type\":\"SearchAction\",\"target\":{\"@type\":\"EntryPoint\",\"urlTemplate\":\"https:\/\/talkpal.ai\/cy\/?s={search_term_string}\"},\"query-input\":{\"@type\":\"PropertyValueSpecification\",\"valueRequired\":true,\"valueName\":\"search_term_string\"}}],\"inLanguage\":\"cy-GB\"},{\"@type\":\"Organization\",\"@id\":\"https:\/\/talkpal.ai\/cy\/#organization\",\"name\":\"Talkpal, Inc.\",\"alternateName\":\"Talkpal AI\",\"url\":\"https:\/\/talkpal.ai\/cy\/\",\"logo\":{\"@type\":\"ImageObject\",\"inLanguage\":\"cy-GB\",\"@id\":\"https:\/\/talkpal.ai\/cy\/#\/schema\/logo\/image\/\",\"url\":\"https:\/\/talkpal.ai\/wp-content\/uploads\/2024\/03\/Talkpal-Logo-Icon.png\",\"contentUrl\":\"https:\/\/talkpal.ai\/wp-content\/uploads\/2024\/03\/Talkpal-Logo-Icon.png\",\"width\":2880,\"height\":2880,\"caption\":\"Talkpal, Inc.\"},\"image\":{\"@id\":\"https:\/\/talkpal.ai\/cy\/#\/schema\/logo\/image\/\"},\"sameAs\":[\"https:\/\/www.facebook.com\/profile.php?id=100090733639311\",\"https:\/\/x.com\/talkpalai\",\"https:\/\/www.linkedin.com\/company\/talkpal\/\",\"https:\/\/www.youtube.com\/@TalkPal\/\",\"https:\/\/www.tiktok.com\/@talkpal\",\"https:\/\/www.instagram.com\/talkpal_ai\/\",\"https:\/\/www.crunchbase.com\/organization\/talkpal-9cde\",\"https:\/\/www.g2.com\/products\/talkpal-for-business\/\",\"https:\/\/www.trustpilot.com\/review\/talkpal.ai\",\"https:\/\/www.capterra.com\/p\/10006800\/TalkPal\/\"],\"description\":\"Talkpal is a language learning web and mobile education app, powered by the latest AI technologies, that provides engaging experiences to its customers in many different languages to help them improve their language skills. Users can chat about unlimited amount of topics with the app and use other modes to practice their language learning.\",\"email\":\"support@talkpal.ai\",\"legalName\":\"Talkpal, Inc.\",\"foundingDate\":\"2023-04-03\",\"duns\":\"118989042\",\"numberOfEmployees\":{\"@type\":\"QuantitativeValue\",\"minValue\":\"11\",\"maxValue\":\"50\"},\"publishingPrinciples\":\"https:\/\/talkpal.ai\/publishing-principles\/\",\"actionableFeedbackPolicy\":\"https:\/\/talkpal.ai\/actionable-feedback-policy\/\",\"correctionsPolicy\":\"https:\/\/talkpal.ai\/corrections-policy\/\",\"ethicsPolicy\":\"https:\/\/talkpal.ai\/ethics-policy\/\",\"diversityPolicy\":\"https:\/\/talkpal.ai\/diversity-policy\/\",\"diversityStaffingReport\":\"https:\/\/talkpal.ai\/diversity-policy\/\"}]}<\/script>\n<!-- \/ Yoast SEO Premium plugin. -->","yoast_head_json":{"title":"Gramadeg Norwyaidd - Talkpal","description":"Archwiliwch gymhlethdodau gramadeg Norwyaidd a dyrchafwch eich sgiliau iaith i'r lefel nesaf.","robots":{"index":"index","follow":"follow","max-snippet":"max-snippet:-1","max-image-preview":"max-image-preview:large","max-video-preview":"max-video-preview:-1"},"canonical":"https:\/\/talkpal.ai\/cy\/gramadeg-norwyaidd\/","og_locale":"cy_GB","og_type":"article","og_title":"Gramadeg Norwyaidd","og_description":"Plymio i mewn i Ramadeg Norwyaidd: Canllaw Cynhwysfawr Norwyeg, iaith ddiddorol a mynegiannol, yn cynnig cyfle unigryw i ddysgwyr iaith archwilio","og_url":"https:\/\/talkpal.ai\/cy\/gramadeg-norwyaidd\/","og_site_name":"Talkpal","article_publisher":"https:\/\/www.facebook.com\/profile.php?id=100090733639311","article_modified_time":"2025-12-17T17:01:06+00:00","og_image":[{"width":512,"height":512,"url":"https:\/\/talkpal.ai\/wp-content\/uploads\/2023\/05\/norway.png","type":"image\/png"}],"twitter_card":"summary_large_image","twitter_site":"@talkpalai","twitter_misc":{"Est. reading time":"3 minutes"},"schema":{"@context":"https:\/\/schema.org","@graph":[{"@type":"WebPage","@id":"https:\/\/talkpal.ai\/cy\/gramadeg-norwyaidd\/","url":"https:\/\/talkpal.ai\/cy\/gramadeg-norwyaidd\/","name":"Gramadeg Norwyaidd - Talkpal","isPartOf":{"@id":"https:\/\/talkpal.ai\/cy\/#website"},"primaryImageOfPage":{"@id":"https:\/\/talkpal.ai\/cy\/gramadeg-norwyaidd\/#primaryimage"},"image":{"@id":"https:\/\/talkpal.ai\/cy\/gramadeg-norwyaidd\/#primaryimage"},"thumbnailUrl":"https:\/\/talkpal.ai\/wp-content\/uploads\/2023\/05\/norway.png","datePublished":"2023-05-14T14:13:06+00:00","dateModified":"2025-12-17T17:01:06+00:00","description":"Archwiliwch gymhlethdodau gramadeg Norwyaidd a dyrchafwch eich sgiliau iaith i'r lefel nesaf.","breadcrumb":{"@id":"https:\/\/talkpal.ai\/cy\/gramadeg-norwyaidd\/#breadcrumb"},"inLanguage":"cy-GB","potentialAction":[{"@type":"ReadAction","target":["https:\/\/talkpal.ai\/cy\/gramadeg-norwyaidd\/"]}]},{"@type":"ImageObject","inLanguage":"cy-GB","@id":"https:\/\/talkpal.ai\/cy\/gramadeg-norwyaidd\/#primaryimage","url":"https:\/\/talkpal.ai\/wp-content\/uploads\/2023\/05\/norway.png","contentUrl":"https:\/\/talkpal.ai\/wp-content\/uploads\/2023\/05\/norway.png","width":512,"height":512,"caption":"TalkPal Norway\u00a0 Flag"},{"@type":"BreadcrumbList","@id":"https:\/\/talkpal.ai\/cy\/gramadeg-norwyaidd\/#breadcrumb","itemListElement":[{"@type":"ListItem","position":1,"name":"Homepage","item":"https:\/\/talkpal.ai\/cy\/ai-athro-iaith-3\/"},{"@type":"ListItem","position":2,"name":"Gramadeg Norwyaidd"}]},{"@type":"WebSite","@id":"https:\/\/talkpal.ai\/cy\/#website","url":"https:\/\/talkpal.ai\/cy\/","name":"Talkpal","description":"AI Language Learning","publisher":{"@id":"https:\/\/talkpal.ai\/cy\/#organization"},"alternateName":"Talkpal AI","potentialAction":[{"@type":"SearchAction","target":{"@type":"EntryPoint","urlTemplate":"https:\/\/talkpal.ai\/cy\/?s={search_term_string}"},"query-input":{"@type":"PropertyValueSpecification","valueRequired":true,"valueName":"search_term_string"}}],"inLanguage":"cy-GB"},{"@type":"Organization","@id":"https:\/\/talkpal.ai\/cy\/#organization","name":"Talkpal, Inc.","alternateName":"Talkpal AI","url":"https:\/\/talkpal.ai\/cy\/","logo":{"@type":"ImageObject","inLanguage":"cy-GB","@id":"https:\/\/talkpal.ai\/cy\/#\/schema\/logo\/image\/","url":"https:\/\/talkpal.ai\/wp-content\/uploads\/2024\/03\/Talkpal-Logo-Icon.png","contentUrl":"https:\/\/talkpal.ai\/wp-content\/uploads\/2024\/03\/Talkpal-Logo-Icon.png","width":2880,"height":2880,"caption":"Talkpal, Inc."},"image":{"@id":"https:\/\/talkpal.ai\/cy\/#\/schema\/logo\/image\/"},"sameAs":["https:\/\/www.facebook.com\/profile.php?id=100090733639311","https:\/\/x.com\/talkpalai","https:\/\/www.linkedin.com\/company\/talkpal\/","https:\/\/www.youtube.com\/@TalkPal\/","https:\/\/www.tiktok.com\/@talkpal","https:\/\/www.instagram.com\/talkpal_ai\/","https:\/\/www.crunchbase.com\/organization\/talkpal-9cde","https:\/\/www.g2.com\/products\/talkpal-for-business\/","https:\/\/www.trustpilot.com\/review\/talkpal.ai","https:\/\/www.capterra.com\/p\/10006800\/TalkPal\/"],"description":"Talkpal is a language learning web and mobile education app, powered by the latest AI technologies, that provides engaging experiences to its customers in many different languages to help them improve their language skills. Users can chat about unlimited amount of topics with the app and use other modes to practice their language learning.","email":"support@talkpal.ai","legalName":"Talkpal, Inc.","foundingDate":"2023-04-03","duns":"118989042","numberOfEmployees":{"@type":"QuantitativeValue","minValue":"11","maxValue":"50"},"publishingPrinciples":"https:\/\/talkpal.ai\/publishing-principles\/","actionableFeedbackPolicy":"https:\/\/talkpal.ai\/actionable-feedback-policy\/","correctionsPolicy":"https:\/\/talkpal.ai\/corrections-policy\/","ethicsPolicy":"https:\/\/talkpal.ai\/ethics-policy\/","diversityPolicy":"https:\/\/talkpal.ai\/diversity-policy\/","diversityStaffingReport":"https:\/\/talkpal.ai\/diversity-policy\/"}]}},"_links":{"self":[{"href":"https:\/\/talkpal.ai\/cy\/wp-json\/wp\/v2\/pages\/1443841","targetHints":{"allow":["GET"]}}],"collection":[{"href":"https:\/\/talkpal.ai\/cy\/wp-json\/wp\/v2\/pages"}],"about":[{"href":"https:\/\/talkpal.ai\/cy\/wp-json\/wp\/v2\/types\/page"}],"author":[{"embeddable":true,"href":"https:\/\/talkpal.ai\/cy\/wp-json\/wp\/v2\/users\/1"}],"replies":[{"embeddable":true,"href":"https:\/\/talkpal.ai\/cy\/wp-json\/wp\/v2\/comments?post=1443841"}],"version-history":[{"count":0,"href":"https:\/\/talkpal.ai\/cy\/wp-json\/wp\/v2\/pages\/1443841\/revisions"}],"wp:featuredmedia":[{"embeddable":true,"href":"https:\/\/talkpal.ai\/cy\/wp-json\/wp\/v2\/media\/1443843"}],"wp:attachment":[{"href":"https:\/\/talkpal.ai\/cy\/wp-json\/wp\/v2\/media?parent=1443841"}],"curies":[{"name":"wp","href":"https:\/\/api.w.org\/{rel}","templated":true}]}}