{"id":1443835,"date":"2023-05-14T14:12:25","date_gmt":"2023-05-14T14:12:25","guid":{"rendered":"https:\/\/talkpal.ai\/gramadeg-maori\/"},"modified":"2025-12-17T16:43:26","modified_gmt":"2025-12-17T16:43:26","slug":"gramadeg-maori","status":"publish","type":"page","link":"https:\/\/talkpal.ai\/cy\/gramadeg-maori\/","title":{"rendered":"Gramadeg Maori"},"content":{"rendered":"\r\n\r\n\r\n<section class=\"languageChallengeSection\">\r\n    <div class=\"languageInfoWrapper\">\r\n        \r\n        <h1>Gramadeg Maori<\/h1>\r\n        <p>Awyddus i ddysgu M\u0101ori? Ymchwiliwch i ramadeg M\u0101ori, sy&#039;n adnabyddus am ei symlrwydd, defnydd o erthyglau, a r\u00f4l bwysig gronynnau i lunio ystyr. Dechreuwch heddiw &#8211; bydd meistroli gramadeg M\u0101ori yn eich helpu i gysylltu&#039;n ddyfnach \u00e2 threftadaeth gyfoethog yr iaith a diwylliant bywiog Aotearoa Seland <a href=\"https:\/\/talkpal.ai\/talkpal-new-years-discount\/\">Newydd<\/a>!<\/p>\r\n\r\n                            <a class=\"getStartedHidden\" href=\"https:\/\/app.talkpal.ai\/signup?lng=\">Dechrau<\/a>\r\n        \r\n    <\/div>\r\n\r\n    <figure>\r\n    <img decoding=\"async\" width=\"768\" height=\"768\" src=\"https:\/\/talkpal.ai\/wp-content\/uploads\/2023\/06\/maori-768x768.png\" class=\"languageImage no-lazy\" alt=\"Language learning for social and professional settings\" fetchpriority=\"high\" sizes=\"(max-width: 768px) 150px, 768px\" srcset=\"https:\/\/talkpal.ai\/wp-content\/uploads\/2023\/06\/maori-768x768.png 768w, https:\/\/talkpal.ai\/wp-content\/uploads\/2023\/06\/maori-300x300.png 300w\" \/>\r\n    \r\n\r\n    <\/figure>\r\n\r\n            <a class=\"getStartedVisible\" href=\"https:\/\/app.talkpal.ai\/signup?lng=\">Dechrau<\/a>\r\n    \r\n<\/section>\r\n<section class=\"promotionalBanner\">\r\n    <p class=\"promotionalText\">Y ffordd fwyaf effeithlon o ddysgu iaith<\/p>\r\n    <a class=\"promotionalLink\" href=\"https:\/\/app.talkpal.ai\/signup?lng=\">Rhowch gynnig ar Talkpal am ddim<\/a>\r\n<\/section>\n<div class=\"wp-block-group pageContainerStyle\"><div class=\"wp-block-group__inner-container is-layout-constrained wp-block-group-is-layout-constrained\">\n<h2 class=\"wp-block-heading\" id=\"h-maori-grammar-your-ticket-to-a-vibrant-bicultural-world\">Gramadeg Maori: Eich Tocyn i Fyd Deuddiwylliannol Bywiog<\/h2>\n\n\n\n<p><a href=\"https:\/\/talkpal.ai\/culture\/how-do-you-say-lets-go-in-maori\/\">Kia ora<\/a>! Croeso i fyd gwych yr iaith <a href=\"https:\/\/talkpal.ai\/learn-maori\/\">Maori<\/a>. Fel iaith frodorol Seland Newydd, mae Maori neu te reo Maori yn cynnig cyfle unigryw i chi gysylltu \u00e2 diwylliant hynafol a&#8217;i gymuned fywiog o siaradwyr. Fel unrhyw iaith, gall <a href=\"https:\/\/talkpal.ai\/maori-grammar\/\">gramadeg Maori<\/a> ymddangos yn heriol, ond peidiwch \u00e2 phoeni! Bydd y canllaw hwn sy&#8217;n gyfeillgar i ddechreuwyr yn symleiddio cydrannau craidd <a href=\"https:\/\/talkpal.ai\/maori-grammar\/\">gramadeg Maori<\/a> ar gyfer taith weledol ddifyr ac addysgiadol.<\/p>\n\n\n\n<h3 class=\"wp-block-heading\" id=\"h-1-starting-with-the-basics-maori-alphabet-and-pronunciation\">1. Gan ddechrau gyda&#8217;r Hanfodion: Wyddor Maori ac ynganiad<\/h3>\n\n\n\n<p>Mae Maori yn defnyddio sgript Ladin wedi&#8217;i haddasu, sy&#8217;n cynnwys <a href=\"https:\/\/talkpal.ai\/culture\/how-do-i-use-dim-ond-for-only\/\">dim ond<\/a> 15 llythyren: pum llafariad (a, e, i, o, ac u) a deg cytsain (h, k, m, n, p, r, t, w, ng, a wh). Ymgyfarwyddwch \u00e2&#8217;r llythrennau hyn a&#8217;u ynganiadau gwahanol, gan eu bod yn gosod y sylfaen ar gyfer yr holl ddysgu gramadeg Maori dilynol.<\/p>\n\n\n\n<h3 class=\"wp-block-heading\" id=\"h-2-exploring-maori-sentence-structure\">2. Archwilio Strwythur Brawddegau Maori<\/h3>\n\n\n\n<p>Yn ei hanfod, mae gramadeg Maori yn dilyn strwythur pwnc-berf (-gwrthrych) syml, gyda&#8217;r ferf fel arfer yn rhagflaenu&#8217;r pwnc. Y ffordd gliriaf o ddeall y strwythur hwn yw ei weld ar waith:<\/p>\n\n\n\n<p><strong>Saesneg: Mae&#8217;r plentyn yn chwarae.<\/strong><\/p>\n\n\n\n<p><strong>Maori: Kei te t\u0101karo te tamaiti.<\/strong><\/p>\n\n\n\n<p>Yn Maori, nodir amser y ferf trwy gyfuniad o ronynnau neu drwy ychwanegu dangosydd amser i&#8217;r frawddeg.<\/p>\n\n\n\n<h3 class=\"wp-block-heading\" id=\"h-3-demystifying-particles-building-blocks-of-maori-grammar\">3. Demystifying Gronynnau: Blociau Adeiladu Gramadeg Maori<\/h3>\n\n\n\n<p>Mae gronynnau yn chwarae rhan hanfodol mewn gramadeg Maori, gan gysylltu geiriau ac ymadroddion gyda&#8217;i gilydd i greu brawddegau cydlynol a mynegiannol. Fel dechreuwr, canolbwyntiwch ar ddeall ychydig o ronynnau hanfodol:<\/p>\n\n\n\n<p><strong>&#8211; Kia: a ddefnyddir ar gyfer gorchmynion, dymuniadau, ac i nodi pwrpas gweithred.<\/strong><\/p>\n\n\n\n<p><strong>\u2013 Kei: a ddefnyddir i ffurfio&#8217;r amser parhaus.<\/strong><\/p>\n\n\n\n<p><strong>\u2013 Ko: a ddefnyddir i nodi pwnc brawddeg.<\/strong><\/p>\n\n\n\n<h3 class=\"wp-block-heading\" id=\"h-4-getting-to-know-maori-pronouns\">4. Dod i adnabod rhagenwau Maori<\/h3>\n\n\n\n<p>Mae rhagenwau yn Maori yn disodli enwau ac yn helpu i gadw&#8217;ch sgyrsiau yn naturiol ac yn hylif. Fel dechreuwr, canolbwyntiwch ar ddeall rhagenwau personol a meddiannol:<\/p>\n\n\n\n<p>Rhagenwau personol: ahau (I), koe (chi, unigol), ia (ef\/hi), t\u0101ua (ni, gan gynnwys person sy&#8217;n siarad ag ef), m\u0101ua (ni, ac eithrio person y siaradwyd ag ef), koutou (chi, lluosog), r\u0101tau (nhw)<\/p>\n\n\n\n<p>Rhagenwau meddiannol: taku\/t\u014dku (my), t\u014du (eich, unigol), t\u014dna (ei hun), t\u014d t\u0101ua (ein, gan gynnwys siaradwr a gwrand\u00e4wr), t\u014d m\u0101ua (ein, siaradwr a rhywun arall), t\u014d koutou (eich, lluosog), t\u014d r\u0101tau (eu hunain)<\/p>\n\n\n\n<h3 class=\"wp-block-heading\" id=\"h-5-navigating-maori-nouns-and-adjectives\">5. Llywio Enwau ac Ansoddeiriau Maori<\/h3>\n\n\n\n<p>Mae enwau ac ansoddeiriau Maori yn dilyn rheolau gramadegol syml, gan ei gwneud hi&#8217;n hawdd i ddechreuwyr ei ddeall. Mae ansoddeiriau fel arfer yn dilyn yr enw maen nhw&#8217;n ei ddisgrifio, ac mae enwau lluosog yn syml yn cynnwys ychwanegu gronyn, &#8220;ng\u0101,&#8221; cyn yr enw. Er enghraifft:<\/p>\n\n\n\n<p><strong>Te whare nui \u2013 &#8220;y t\u0177 mawr&#8221;<\/strong><\/p>\n\n\n\n<p><strong>Ng\u0101 tamariki &#8211; &#8220;y plant&#8221;<\/strong><\/p>\n\n\n\n<p>Dyna chi! Rydych chi wedi cymryd y camau cyntaf tuag at feistroli gramadeg Maori a chyfoethogi eich taith gyda&#8217;r iaith a&#8217;r diwylliant Maori. Cofiwch fod ymarfer, dyfalbarhad a throchi yn hanfodol ar gyfer llwyddiant, felly ymgysylltu \u00e2 siaradwyr brodorol, archwilio testunau Maori, a chryfhau eich sylfaen iaith. <a href=\"https:\/\/talkpal.ai\/culture\/how-do-you-say-be-strong-in-maori\/\">Kia kaha<\/a>! (Ewch yn gryf!)<\/p>\n<\/div><\/div>\n\r\n<section class=\"learnNavigationSection\">\r\n            \r\n        <a href=\"https:\/\/talkpal.ai\/cy\/dysgu-maori\/\">\r\n            <div class=\"learnNavigationWrapper\">\r\n                <div class=\"learnNavigationContent\">\r\n                    <img decoding=\"async\" src=\"https:\/\/talkpal.ai\/wp-content\/uploads\/2024\/08\/Maori.jpg\" alt=\"New Zealand Flag\">\r\n                    <div>\r\n                        <h4>Gwersi Gramadeg Maori<\/h4>\r\n                        <p>Darganfyddwch bopeth am ramadeg Maori.<\/p>\r\n                    <\/div>\r\n                <\/div>\r\n            <\/div>\r\n        <\/a>\r\n\r\n        \r\n        <a href=\"https:\/\/talkpal.ai\/cy\/ymarferion-gramadeg-maori\/\">\r\n            <div class=\"learnNavigationWrapper\">\r\n                <div class=\"learnNavigationContent\">\r\n                    <img decoding=\"async\" src=\"https:\/\/talkpal.ai\/wp-content\/uploads\/2024\/08\/Maori.jpg\" alt=\"New Zealand Flag\">\r\n                    <div>\r\n                        <h4>Ymarfer Gramadeg Maori<\/h4>\r\n                        <p>Ymarfer gramadeg Maori.<\/p>\r\n                    <\/div>\r\n                <\/div>\r\n            <\/div>\r\n        <\/a>\r\n\r\n        \r\n        <a href=\"https:\/\/talkpal.ai\/vocabulary_language\/maori\/\">\r\n            <div class=\"learnNavigationWrapper\">\r\n                <div class=\"learnNavigationContent\">\r\n                    <img decoding=\"async\" src=\"https:\/\/talkpal.ai\/wp-content\/uploads\/2024\/08\/Maori.jpg\" alt=\"New Zealand Flag\">\r\n                    <div>\r\n                        <h4>Geirfa Maori<\/h4>\r\n                        <p>Ehangwch eich geirfa Maori.<\/p>\r\n                    <\/div>\r\n                <\/div>\r\n            <\/div>\r\n        <\/a>\r\n\r\n            <\/section>","protected":false},"excerpt":{"rendered":"<p>Gramadeg Maori: Eich Tocyn i Fyd Deuddiwylliannol Bywiog Kia ora! Croeso i fyd gwych yr iaith Maori. Fel iaith frodorol Seland Newydd, mae Maori neu te reo Maori yn cynnig cyfle unigryw i chi gysylltu \u00e2 diwylliant hynafol a&#8217;i gymuned fywiog o siaradwyr. Fel unrhyw iaith, gall gramadeg Maori ymddangos yn heriol, ond peidiwch \u00e2 [&hellip;]<\/p>\n","protected":false},"author":1,"featured_media":1443836,"parent":0,"menu_order":0,"comment_status":"closed","ping_status":"closed","template":"LearningContentPage.php","meta":{"_acf_changed":false,"footnotes":""},"class_list":["post-1443835","page","type-page","status-publish","has-post-thumbnail","hentry"],"acf":[],"yoast_head":"<!-- This site is optimized with the Yoast SEO Premium plugin v27.2 (Yoast SEO v27.2) - https:\/\/yoast.com\/product\/yoast-seo-premium-wordpress\/ -->\n<title>Gramadeg Maori - Talkpal<\/title>\n<meta name=\"description\" content=\"Archwiliwch hanfodion gramadeg Maori gyda&#039;n canllaw sy&#039;n gyfeillgar i ddechreuwyr. Darganfyddwch y 15 llythyren a rheolau hanfodol te reo Maori.\" \/>\n<meta name=\"robots\" content=\"index, follow, max-snippet:-1, max-image-preview:large, max-video-preview:-1\" \/>\n<link rel=\"canonical\" href=\"https:\/\/talkpal.ai\/cy\/gramadeg-maori\/\" \/>\n<meta property=\"og:locale\" content=\"cy_GB\" \/>\n<meta property=\"og:type\" content=\"article\" \/>\n<meta property=\"og:title\" content=\"Gramadeg Maori\" \/>\n<meta property=\"og:description\" content=\"Gramadeg Maori: Eich Tocyn i Fyd Deuddiwylliannol Bywiog Kia ora! Croeso i fyd gwych yr iaith Maori. Fel iaith frodorol Seland Newydd, mae Maori neu te\" \/>\n<meta property=\"og:url\" content=\"https:\/\/talkpal.ai\/cy\/gramadeg-maori\/\" \/>\n<meta property=\"og:site_name\" content=\"Talkpal\" \/>\n<meta property=\"article:publisher\" content=\"https:\/\/www.facebook.com\/profile.php?id=100090733639311\" \/>\n<meta property=\"article:modified_time\" content=\"2025-12-17T16:43:26+00:00\" \/>\n<meta property=\"og:image\" content=\"https:\/\/talkpal.ai\/wp-content\/uploads\/2023\/05\/Maori-new-zealand.png\" \/>\n\t<meta property=\"og:image:width\" content=\"512\" \/>\n\t<meta property=\"og:image:height\" content=\"512\" \/>\n\t<meta property=\"og:image:type\" content=\"image\/png\" \/>\n<meta name=\"twitter:card\" content=\"summary_large_image\" \/>\n<meta name=\"twitter:site\" content=\"@talkpalai\" \/>\n<meta name=\"twitter:label1\" content=\"Est. reading time\" \/>\n\t<meta name=\"twitter:data1\" content=\"2 minutes\" \/>\n<script type=\"application\/ld+json\" class=\"yoast-schema-graph\">{\"@context\":\"https:\/\/schema.org\",\"@graph\":[{\"@type\":\"WebPage\",\"@id\":\"https:\/\/talkpal.ai\/cy\/gramadeg-maori\/\",\"url\":\"https:\/\/talkpal.ai\/cy\/gramadeg-maori\/\",\"name\":\"Gramadeg Maori - Talkpal\",\"isPartOf\":{\"@id\":\"https:\/\/talkpal.ai\/cy\/#website\"},\"primaryImageOfPage\":{\"@id\":\"https:\/\/talkpal.ai\/cy\/gramadeg-maori\/#primaryimage\"},\"image\":{\"@id\":\"https:\/\/talkpal.ai\/cy\/gramadeg-maori\/#primaryimage\"},\"thumbnailUrl\":\"https:\/\/talkpal.ai\/wp-content\/uploads\/2023\/05\/Maori-new-zealand.png\",\"datePublished\":\"2023-05-14T14:12:25+00:00\",\"dateModified\":\"2025-12-17T16:43:26+00:00\",\"description\":\"Archwiliwch hanfodion gramadeg Maori gyda'n canllaw sy'n gyfeillgar i ddechreuwyr. Darganfyddwch y 15 llythyren a rheolau hanfodol te reo Maori.\",\"breadcrumb\":{\"@id\":\"https:\/\/talkpal.ai\/cy\/gramadeg-maori\/#breadcrumb\"},\"inLanguage\":\"cy-GB\",\"potentialAction\":[{\"@type\":\"ReadAction\",\"target\":[\"https:\/\/talkpal.ai\/cy\/gramadeg-maori\/\"]}]},{\"@type\":\"ImageObject\",\"inLanguage\":\"cy-GB\",\"@id\":\"https:\/\/talkpal.ai\/cy\/gramadeg-maori\/#primaryimage\",\"url\":\"https:\/\/talkpal.ai\/wp-content\/uploads\/2023\/05\/Maori-new-zealand.png\",\"contentUrl\":\"https:\/\/talkpal.ai\/wp-content\/uploads\/2023\/05\/Maori-new-zealand.png\",\"width\":512,\"height\":512,\"caption\":\"TalkPal Maori Flag\"},{\"@type\":\"BreadcrumbList\",\"@id\":\"https:\/\/talkpal.ai\/cy\/gramadeg-maori\/#breadcrumb\",\"itemListElement\":[{\"@type\":\"ListItem\",\"position\":1,\"name\":\"Homepage\",\"item\":\"https:\/\/talkpal.ai\/cy\/ai-athro-iaith-3\/\"},{\"@type\":\"ListItem\",\"position\":2,\"name\":\"Gramadeg Maori\"}]},{\"@type\":\"WebSite\",\"@id\":\"https:\/\/talkpal.ai\/cy\/#website\",\"url\":\"https:\/\/talkpal.ai\/cy\/\",\"name\":\"Talkpal\",\"description\":\"AI Language Learning\",\"publisher\":{\"@id\":\"https:\/\/talkpal.ai\/cy\/#organization\"},\"alternateName\":\"Talkpal AI\",\"potentialAction\":[{\"@type\":\"SearchAction\",\"target\":{\"@type\":\"EntryPoint\",\"urlTemplate\":\"https:\/\/talkpal.ai\/cy\/?s={search_term_string}\"},\"query-input\":{\"@type\":\"PropertyValueSpecification\",\"valueRequired\":true,\"valueName\":\"search_term_string\"}}],\"inLanguage\":\"cy-GB\"},{\"@type\":\"Organization\",\"@id\":\"https:\/\/talkpal.ai\/cy\/#organization\",\"name\":\"Talkpal, Inc.\",\"alternateName\":\"Talkpal AI\",\"url\":\"https:\/\/talkpal.ai\/cy\/\",\"logo\":{\"@type\":\"ImageObject\",\"inLanguage\":\"cy-GB\",\"@id\":\"https:\/\/talkpal.ai\/cy\/#\/schema\/logo\/image\/\",\"url\":\"https:\/\/talkpal.ai\/wp-content\/uploads\/2024\/03\/Talkpal-Logo-Icon.png\",\"contentUrl\":\"https:\/\/talkpal.ai\/wp-content\/uploads\/2024\/03\/Talkpal-Logo-Icon.png\",\"width\":2880,\"height\":2880,\"caption\":\"Talkpal, Inc.\"},\"image\":{\"@id\":\"https:\/\/talkpal.ai\/cy\/#\/schema\/logo\/image\/\"},\"sameAs\":[\"https:\/\/www.facebook.com\/profile.php?id=100090733639311\",\"https:\/\/x.com\/talkpalai\",\"https:\/\/www.linkedin.com\/company\/talkpal\/\",\"https:\/\/www.youtube.com\/@TalkPal\/\",\"https:\/\/www.tiktok.com\/@talkpal\",\"https:\/\/www.instagram.com\/talkpal_ai\/\",\"https:\/\/www.crunchbase.com\/organization\/talkpal-9cde\",\"https:\/\/www.g2.com\/products\/talkpal-for-business\/\",\"https:\/\/www.trustpilot.com\/review\/talkpal.ai\",\"https:\/\/www.capterra.com\/p\/10006800\/TalkPal\/\"],\"description\":\"Talkpal is a language learning web and mobile education app, powered by the latest AI technologies, that provides engaging experiences to its customers in many different languages to help them improve their language skills. Users can chat about unlimited amount of topics with the app and use other modes to practice their language learning.\",\"email\":\"support@talkpal.ai\",\"legalName\":\"Talkpal, Inc.\",\"foundingDate\":\"2023-04-03\",\"duns\":\"118989042\",\"numberOfEmployees\":{\"@type\":\"QuantitativeValue\",\"minValue\":\"11\",\"maxValue\":\"50\"},\"publishingPrinciples\":\"https:\/\/talkpal.ai\/publishing-principles\/\",\"actionableFeedbackPolicy\":\"https:\/\/talkpal.ai\/actionable-feedback-policy\/\",\"correctionsPolicy\":\"https:\/\/talkpal.ai\/corrections-policy\/\",\"ethicsPolicy\":\"https:\/\/talkpal.ai\/ethics-policy\/\",\"diversityPolicy\":\"https:\/\/talkpal.ai\/diversity-policy\/\",\"diversityStaffingReport\":\"https:\/\/talkpal.ai\/diversity-policy\/\"}]}<\/script>\n<!-- \/ Yoast SEO Premium plugin. -->","yoast_head_json":{"title":"Gramadeg Maori - Talkpal","description":"Archwiliwch hanfodion gramadeg Maori gyda'n canllaw sy'n gyfeillgar i ddechreuwyr. Darganfyddwch y 15 llythyren a rheolau hanfodol te reo Maori.","robots":{"index":"index","follow":"follow","max-snippet":"max-snippet:-1","max-image-preview":"max-image-preview:large","max-video-preview":"max-video-preview:-1"},"canonical":"https:\/\/talkpal.ai\/cy\/gramadeg-maori\/","og_locale":"cy_GB","og_type":"article","og_title":"Gramadeg Maori","og_description":"Gramadeg Maori: Eich Tocyn i Fyd Deuddiwylliannol Bywiog Kia ora! Croeso i fyd gwych yr iaith Maori. Fel iaith frodorol Seland Newydd, mae Maori neu te","og_url":"https:\/\/talkpal.ai\/cy\/gramadeg-maori\/","og_site_name":"Talkpal","article_publisher":"https:\/\/www.facebook.com\/profile.php?id=100090733639311","article_modified_time":"2025-12-17T16:43:26+00:00","og_image":[{"width":512,"height":512,"url":"https:\/\/talkpal.ai\/wp-content\/uploads\/2023\/05\/Maori-new-zealand.png","type":"image\/png"}],"twitter_card":"summary_large_image","twitter_site":"@talkpalai","twitter_misc":{"Est. reading time":"2 minutes"},"schema":{"@context":"https:\/\/schema.org","@graph":[{"@type":"WebPage","@id":"https:\/\/talkpal.ai\/cy\/gramadeg-maori\/","url":"https:\/\/talkpal.ai\/cy\/gramadeg-maori\/","name":"Gramadeg Maori - Talkpal","isPartOf":{"@id":"https:\/\/talkpal.ai\/cy\/#website"},"primaryImageOfPage":{"@id":"https:\/\/talkpal.ai\/cy\/gramadeg-maori\/#primaryimage"},"image":{"@id":"https:\/\/talkpal.ai\/cy\/gramadeg-maori\/#primaryimage"},"thumbnailUrl":"https:\/\/talkpal.ai\/wp-content\/uploads\/2023\/05\/Maori-new-zealand.png","datePublished":"2023-05-14T14:12:25+00:00","dateModified":"2025-12-17T16:43:26+00:00","description":"Archwiliwch hanfodion gramadeg Maori gyda'n canllaw sy'n gyfeillgar i ddechreuwyr. Darganfyddwch y 15 llythyren a rheolau hanfodol te reo Maori.","breadcrumb":{"@id":"https:\/\/talkpal.ai\/cy\/gramadeg-maori\/#breadcrumb"},"inLanguage":"cy-GB","potentialAction":[{"@type":"ReadAction","target":["https:\/\/talkpal.ai\/cy\/gramadeg-maori\/"]}]},{"@type":"ImageObject","inLanguage":"cy-GB","@id":"https:\/\/talkpal.ai\/cy\/gramadeg-maori\/#primaryimage","url":"https:\/\/talkpal.ai\/wp-content\/uploads\/2023\/05\/Maori-new-zealand.png","contentUrl":"https:\/\/talkpal.ai\/wp-content\/uploads\/2023\/05\/Maori-new-zealand.png","width":512,"height":512,"caption":"TalkPal Maori Flag"},{"@type":"BreadcrumbList","@id":"https:\/\/talkpal.ai\/cy\/gramadeg-maori\/#breadcrumb","itemListElement":[{"@type":"ListItem","position":1,"name":"Homepage","item":"https:\/\/talkpal.ai\/cy\/ai-athro-iaith-3\/"},{"@type":"ListItem","position":2,"name":"Gramadeg Maori"}]},{"@type":"WebSite","@id":"https:\/\/talkpal.ai\/cy\/#website","url":"https:\/\/talkpal.ai\/cy\/","name":"Talkpal","description":"AI Language Learning","publisher":{"@id":"https:\/\/talkpal.ai\/cy\/#organization"},"alternateName":"Talkpal AI","potentialAction":[{"@type":"SearchAction","target":{"@type":"EntryPoint","urlTemplate":"https:\/\/talkpal.ai\/cy\/?s={search_term_string}"},"query-input":{"@type":"PropertyValueSpecification","valueRequired":true,"valueName":"search_term_string"}}],"inLanguage":"cy-GB"},{"@type":"Organization","@id":"https:\/\/talkpal.ai\/cy\/#organization","name":"Talkpal, Inc.","alternateName":"Talkpal AI","url":"https:\/\/talkpal.ai\/cy\/","logo":{"@type":"ImageObject","inLanguage":"cy-GB","@id":"https:\/\/talkpal.ai\/cy\/#\/schema\/logo\/image\/","url":"https:\/\/talkpal.ai\/wp-content\/uploads\/2024\/03\/Talkpal-Logo-Icon.png","contentUrl":"https:\/\/talkpal.ai\/wp-content\/uploads\/2024\/03\/Talkpal-Logo-Icon.png","width":2880,"height":2880,"caption":"Talkpal, Inc."},"image":{"@id":"https:\/\/talkpal.ai\/cy\/#\/schema\/logo\/image\/"},"sameAs":["https:\/\/www.facebook.com\/profile.php?id=100090733639311","https:\/\/x.com\/talkpalai","https:\/\/www.linkedin.com\/company\/talkpal\/","https:\/\/www.youtube.com\/@TalkPal\/","https:\/\/www.tiktok.com\/@talkpal","https:\/\/www.instagram.com\/talkpal_ai\/","https:\/\/www.crunchbase.com\/organization\/talkpal-9cde","https:\/\/www.g2.com\/products\/talkpal-for-business\/","https:\/\/www.trustpilot.com\/review\/talkpal.ai","https:\/\/www.capterra.com\/p\/10006800\/TalkPal\/"],"description":"Talkpal is a language learning web and mobile education app, powered by the latest AI technologies, that provides engaging experiences to its customers in many different languages to help them improve their language skills. Users can chat about unlimited amount of topics with the app and use other modes to practice their language learning.","email":"support@talkpal.ai","legalName":"Talkpal, Inc.","foundingDate":"2023-04-03","duns":"118989042","numberOfEmployees":{"@type":"QuantitativeValue","minValue":"11","maxValue":"50"},"publishingPrinciples":"https:\/\/talkpal.ai\/publishing-principles\/","actionableFeedbackPolicy":"https:\/\/talkpal.ai\/actionable-feedback-policy\/","correctionsPolicy":"https:\/\/talkpal.ai\/corrections-policy\/","ethicsPolicy":"https:\/\/talkpal.ai\/ethics-policy\/","diversityPolicy":"https:\/\/talkpal.ai\/diversity-policy\/","diversityStaffingReport":"https:\/\/talkpal.ai\/diversity-policy\/"}]}},"_links":{"self":[{"href":"https:\/\/talkpal.ai\/cy\/wp-json\/wp\/v2\/pages\/1443835","targetHints":{"allow":["GET"]}}],"collection":[{"href":"https:\/\/talkpal.ai\/cy\/wp-json\/wp\/v2\/pages"}],"about":[{"href":"https:\/\/talkpal.ai\/cy\/wp-json\/wp\/v2\/types\/page"}],"author":[{"embeddable":true,"href":"https:\/\/talkpal.ai\/cy\/wp-json\/wp\/v2\/users\/1"}],"replies":[{"embeddable":true,"href":"https:\/\/talkpal.ai\/cy\/wp-json\/wp\/v2\/comments?post=1443835"}],"version-history":[{"count":0,"href":"https:\/\/talkpal.ai\/cy\/wp-json\/wp\/v2\/pages\/1443835\/revisions"}],"wp:featuredmedia":[{"embeddable":true,"href":"https:\/\/talkpal.ai\/cy\/wp-json\/wp\/v2\/media\/1443836"}],"wp:attachment":[{"href":"https:\/\/talkpal.ai\/cy\/wp-json\/wp\/v2\/media?parent=1443835"}],"curies":[{"name":"wp","href":"https:\/\/api.w.org\/{rel}","templated":true}]}}