{"id":1443804,"date":"2023-05-14T14:10:42","date_gmt":"2023-05-14T14:10:42","guid":{"rendered":"https:\/\/talkpal.ai\/gramadeg-lithwaneg\/"},"modified":"2025-12-12T10:41:31","modified_gmt":"2025-12-12T10:41:31","slug":"gramadeg-lithwaneg","status":"publish","type":"page","link":"https:\/\/talkpal.ai\/cy\/gramadeg-lithwaneg\/","title":{"rendered":"Gramadeg Lithwaneg"},"content":{"rendered":"\r\n\r\n\r\n<section class=\"languageChallengeSection\">\r\n    <div class=\"languageInfoWrapper\">\r\n        \r\n        <h1>Gramadeg Lithwaneg<\/h1>\r\n        <p>Dechreuwch eich taith i ramadeg Lithwania a darganfod un o&#039;r ieithoedd hynaf a mwyaf diddorol yn Ewrop. Dysgwch reolau a phatrymau hanfodol i adeiladu sylfaen iaith gadarn. Plymiwch i mewn nawr a dechrau meistroli <a href=\"https:\/\/talkpal.ai\/learn-lithuanian\/\">Lithwaneg<\/a> heddiw!<\/p>\r\n\r\n                            <a class=\"getStartedHidden\" href=\"https:\/\/app.talkpal.ai\/signup?lng=\">Dechrau<\/a>\r\n        \r\n    <\/div>\r\n\r\n    <figure>\r\n    <img decoding=\"async\" width=\"768\" height=\"768\" src=\"https:\/\/talkpal.ai\/wp-content\/uploads\/2023\/06\/lithuenian-768x768.png\" class=\"languageImage no-lazy\" alt=\"Language learning for boosting creativity\" fetchpriority=\"high\" sizes=\"(max-width: 768px) 150px, 768px\" srcset=\"https:\/\/talkpal.ai\/wp-content\/uploads\/2023\/06\/lithuenian-768x768.png 768w, https:\/\/talkpal.ai\/wp-content\/uploads\/2023\/06\/lithuenian-300x300.png 300w\" \/>\r\n    \r\n\r\n    <\/figure>\r\n\r\n            <a class=\"getStartedVisible\" href=\"https:\/\/app.talkpal.ai\/signup?lng=\">Dechrau<\/a>\r\n    \r\n<\/section>\r\n<section class=\"promotionalBanner\">\r\n    <p class=\"promotionalText\">Y ffordd fwyaf effeithlon o ddysgu iaith<\/p>\r\n    <a class=\"promotionalLink\" href=\"https:\/\/app.talkpal.ai\/signup?lng=\">Rhowch gynnig ar Talkpal am ddim<\/a>\r\n<\/section>\n<div class=\"wp-block-group pageContainerStyle\"><div class=\"wp-block-group__inner-container is-layout-constrained wp-block-group-is-layout-constrained\">\n<h2 class=\"wp-block-heading\" id=\"h-lithuanian-grammar-a-fascinating-journey-through-language\">Gramadeg Lithwaneg: Taith Ddiddorol Trwy Iaith<\/h2>\n\n\n\n<p>Ydych chi erioed wedi ystyried <a href=\"https:\/\/talkpal.ai\/cy\/dysgu-lithwaneg\/\">dysgu Lithwaneg<\/a> neu wedi cael eich diddori gan ei ramadeg unigryw? Wel, rydych chi mewn am wledd! Efallai y bydd gramadeg Lithwaneg yn ymddangos yn rhyfedd ar y dechrau, ond peidiwch \u00e2 gwneud camgymeriad \u2013 mae&#8217;n arddangos rhesymeg ieithyddol cain. Yn yr erthygl hon, byddwn yn datblygu&#8217;r gwahanol agweddau ar ramadeg Lithwania, gan eich grymuso i werthfawrogi ei swyn.<\/p>\n\n\n\n<p>Yn gyntaf, cefndir byr: Mae Lithwaneg yn iaith Baltig a siaredir yn bennaf yn Lithwania ond sydd hefyd yn cael ei chael mewn gwledydd cyfagos. Fel un o&#8217;r ieithoedd Indo-Ewropeaidd byw hynaf, mae&#8217;n cadw nodweddion hynaig, gan roi mewnwelediad i ddatblygiad ieithoedd eraill o fewn y teulu ieithydd. Mae&#8217;r arwyddoc\u00e2d hanesyddol hwn yn gwneud Lithwaneg yn arbennig o hudolus i gariadon iaith.<\/p>\n\n\n\n<p>Gadewch i ni nawr ymchwilio i rai agweddau allweddol ar ramadeg Lithwania.<\/p>\n\n\n\n<h3 class=\"wp-block-heading\" id=\"h-1-nouns-cases-and-declensions\">1. Enwau, achosion, a dirywiadau<\/h3>\n\n\n\n<p>Un o nodweddion amlycaf gramadeg Lithwania yw ei system achosion cymhleth. Mae enwau yn mabwysiadu ffurfiau gwahanol yn dibynnu ar eu swyddogaeth mewn brawddeg ac a ydynt yn adlewyrchu pwnc, gwrthrych, neu dderbynnydd gweithred. Mae gan Lithwaneg saith achos: enwadol, genitive, dative, accusative, offerynnol, locative, a vocative.<\/p>\n\n\n\n<p>Cymerwch yr enw &#8220;vaikas&#8221; (plentyn) fel enghraifft. Gall drawsnewid yn &#8220;vaiko,&#8221; &#8220;vaikui,&#8221; &#8220;vaik\u0105,&#8221; ac yn y blaen yn seiliedig ar y r\u00f4l y mae&#8217;n ei chwarae o fewn brawddeg. Yn ogystal, mae&#8217;r terfyniadau yn cael eu dylanwadu gan ryw yr enw (gwrywaidd neu fenywaidd) ac wedi&#8217;u rhannu ymhellach yn ddirdyniadau, gan wneud yr iaith hyd yn oed yn fwy amlbwrpas.<\/p>\n\n\n\n<h3 class=\"wp-block-heading\" id=\"h-2-verb-conjugation-and-tenses\">2. Cyfuniad berfau ac amserau<\/h3>\n\n\n\n<p>Mae berfau Lithwaneg yn newid eu terfyniadau yn dibynnu ar berson a rhif (unigol neu luosog) y pwnc. Er enghraifft, gall y ferf &#8220;eiti&#8221; (mynd) ddod yn &#8220;einu&#8221; (Rwy&#8217;n mynd), &#8220;einate&#8221; (chi -lluosog- go), &#8220;eina&#8221; (maen nhw&#8217;n mynd), ymhlith ffurfiau eraill.<\/p>\n\n\n\n<p>Mae gan Lithwaneg bedwar prif amser: presennol, gorffennol, gorffennol iterative, a dyfodol. Yn ddiddorol, mae&#8217;r iaith hefyd yn cynnwys marcwyr agwedd: perffaith ac amherffaith. Mae&#8217;r marcwyr hyn yn darparu gwybodaeth ychwanegol <a href=\"https:\/\/talkpal.ai\/cy\/ynghylch\/\">ynghylch<\/a> a yw gweithred wedi&#8217;i chwblhau neu&#8217;n parhau. Er enghraifft, &#8220;ne\u0161ti&#8221; (cario &#8211; amherffaith) yn erbyn &#8220;nat&#8221; (i fod wedi cario &#8211; perffaith).<\/p>\n\n\n\n<h3 class=\"wp-block-heading\" id=\"h-3-sentence-structure-and-word-order\">3. Strwythur brawddeg a threfn geiriau<\/h3>\n\n\n\n<p>Er bod Lithwaneg yn gyffredinol yn dilyn trefn geiriau SVO (pwnc-berf-gwrthrych), mae ei system achos yn caniat\u00e1u hyblygrwydd sylweddol. Yn wahanol i&#8217;r <a href=\"https:\/\/talkpal.ai\/learn-english-with-ai\/\">Saesneg<\/a>, lle mae trefn geiriau fel arfer yn diffinio ystyr brawddeg, nid yw symud geiriau o gwmpas yn Lithwaneg yn newid yr ystyr. Er enghraifft, gall &#8220;kat\u0117 valgo \u017euv\u012f&#8221; (mae&#8217;r gath yn bwyta&#8217;r pysgod) hefyd fod yn &#8220;\u017euv\u012f valgo kat\u0117&#8221; heb golli neu newid ei ystyr.<\/p>\n\n\n\n<p>Mae&#8217;r hyblygrwydd hwn yn eich galluogi i chwarae gyda strwythur brawddegau, pwysleisio elfennau penodol, neu gynhyrchu nuances wrth i chi ddod yn fwy hyfedr yn yr iaith.<\/p>\n\n\n\n<h3 class=\"wp-block-heading\" id=\"h-4-adjectives-adverbs-and-agreement-rules\">4. Ansoddeiriau, adferfau, a rheolau cytundeb<\/h3>\n\n\n\n<p>Fel llawer o ieithoedd, mae ansoddeiriau ac adferfau yn Lithwaneg yn disgrifio enwau a berfau, ond maent hefyd yn dilyn rheolau cytundeb penodol. Yn benodol, rhaid i ansoddeiriau gytuno \u00e2&#8217;r enw maen nhw&#8217;n ei addasu mewn achos, rhyw a rhif. Unwaith y byddwch chi&#8217;n deall yr achosion enwol a&#8217;r cyfuniadau berfau, bydd y rheolau hyn yn dod yn fwy naturiol.<\/p>\n\n\n\n<p>Felly, ydych chi&#8217;n barod i blymio i ramadeg Lithwania? Gyda dyfalbarhad, ymroddiad, ac adnoddau priodol, mae dysgu Lithwaneg &#8211; cyfoethog mewn hanes a threftadaeth ddiwylliannol &#8211; yn brofiad hynod werth chweil. Mynd i&#8217;r afael \u00e2&#8217;r iaith gam wrth gam, ymarfer yn gyson, ac arhoswch yn agored i ddysgu o&#8217;ch camgymeriadau. S\u0117km\u0117s! (Pob lwc!)<\/p>\n<\/div><\/div>\n\r\n<section class=\"learnNavigationSection\">\r\n            \r\n        <a href=\"https:\/\/talkpal.ai\/cy\/dysgu-lithwaneg\/\">\r\n            <div class=\"learnNavigationWrapper\">\r\n                <div class=\"learnNavigationContent\">\r\n                    <img decoding=\"async\" src=\"https:\/\/talkpal.ai\/wp-content\/uploads\/2024\/08\/Lithuanian.jpg\" alt=\"Lithuanian Flag\">\r\n                    <div>\r\n                        <h4>Yngl\u0177n \u00e2 Dysgu Lithwaneg<\/h4>\r\n                        <p>Darganfyddwch bopeth am ramadeg Lithwania.<\/p>\r\n                    <\/div>\r\n                <\/div>\r\n            <\/div>\r\n        <\/a>\r\n\r\n        \r\n        <a href=\"https:\/\/talkpal.ai\/cy\/ymarferion-ramadeg-lithwania\/\">\r\n            <div class=\"learnNavigationWrapper\">\r\n                <div class=\"learnNavigationContent\">\r\n                    <img decoding=\"async\" src=\"https:\/\/talkpal.ai\/wp-content\/uploads\/2024\/08\/Lithuanian.jpg\" alt=\"Lithuanian Flag\">\r\n                    <div>\r\n                        <h4>Ymarfer Gramadeg Lithwaneg<\/h4>\r\n                        <p>Ymarfer gramadeg Lithwaneg.<\/p>\r\n                    <\/div>\r\n                <\/div>\r\n            <\/div>\r\n        <\/a>\r\n\r\n        \r\n        <a href=\"https:\/\/talkpal.ai\/vocabulary_language\/lithuanian\/\">\r\n            <div class=\"learnNavigationWrapper\">\r\n                <div class=\"learnNavigationContent\">\r\n                    <img decoding=\"async\" src=\"https:\/\/talkpal.ai\/wp-content\/uploads\/2024\/08\/Lithuanian.jpg\" alt=\"Lithuanian Flag\">\r\n                    <div>\r\n                        <h4>Geirfa Lithwaneg<\/h4>\r\n                        <p>Ehangwch eich geirfa Lithwaneg.<\/p>\r\n                    <\/div>\r\n                <\/div>\r\n            <\/div>\r\n        <\/a>\r\n\r\n            <\/section>","protected":false},"excerpt":{"rendered":"<p>Gramadeg Lithwaneg: Taith Ddiddorol Trwy Iaith Ydych chi erioed wedi ystyried dysgu Lithwaneg neu wedi cael eich diddori gan ei ramadeg unigryw? Wel, rydych chi mewn am wledd! Efallai y bydd gramadeg Lithwaneg yn ymddangos yn rhyfedd ar y dechrau, ond peidiwch \u00e2 gwneud camgymeriad \u2013 mae&#8217;n arddangos rhesymeg ieithyddol cain. Yn yr erthygl hon, [&hellip;]<\/p>\n","protected":false},"author":1,"featured_media":1443807,"parent":0,"menu_order":0,"comment_status":"closed","ping_status":"closed","template":"LearningContentPage.php","meta":{"_acf_changed":false,"footnotes":""},"class_list":["post-1443804","page","type-page","status-publish","has-post-thumbnail","hentry"],"acf":[],"yoast_head":"<!-- This site is optimized with the Yoast SEO Premium plugin v27.2 (Yoast SEO v27.2) - https:\/\/yoast.com\/product\/yoast-seo-premium-wordpress\/ -->\n<title>Gramadeg Lithwaneg - Talkpal<\/title>\n<meta name=\"description\" content=\"Darganfyddwch sut mae gramadeg Lithwaneg yn adlewyrchu cyfoeth a rhesymeg hanesyddol, gan ei gwneud yn astudiaeth berffaith i gariadon iaith.\" \/>\n<meta name=\"robots\" content=\"index, follow, max-snippet:-1, max-image-preview:large, max-video-preview:-1\" \/>\n<link rel=\"canonical\" href=\"https:\/\/talkpal.ai\/cy\/gramadeg-lithwaneg\/\" \/>\n<meta property=\"og:locale\" content=\"cy_GB\" \/>\n<meta property=\"og:type\" content=\"article\" \/>\n<meta property=\"og:title\" content=\"Gramadeg Lithwaneg\" \/>\n<meta property=\"og:description\" content=\"Gramadeg Lithwaneg: Taith Ddiddorol Trwy Iaith Ydych chi erioed wedi ystyried dysgu Lithwaneg neu wedi cael eich diddori gan ei ramadeg unigryw? Wel,\" \/>\n<meta property=\"og:url\" content=\"https:\/\/talkpal.ai\/cy\/gramadeg-lithwaneg\/\" \/>\n<meta property=\"og:site_name\" content=\"Talkpal\" \/>\n<meta property=\"article:publisher\" content=\"https:\/\/www.facebook.com\/profile.php?id=100090733639311\" \/>\n<meta property=\"article:modified_time\" content=\"2025-12-12T10:41:31+00:00\" \/>\n<meta property=\"og:image\" content=\"https:\/\/talkpal.ai\/wp-content\/uploads\/2023\/05\/Lithuanian.png\" \/>\n\t<meta property=\"og:image:width\" content=\"512\" \/>\n\t<meta property=\"og:image:height\" content=\"512\" \/>\n\t<meta property=\"og:image:type\" content=\"image\/png\" \/>\n<meta name=\"twitter:card\" content=\"summary_large_image\" \/>\n<meta name=\"twitter:site\" content=\"@talkpalai\" \/>\n<meta name=\"twitter:label1\" content=\"Est. reading time\" \/>\n\t<meta name=\"twitter:data1\" content=\"3 minutes\" \/>\n<script type=\"application\/ld+json\" class=\"yoast-schema-graph\">{\"@context\":\"https:\/\/schema.org\",\"@graph\":[{\"@type\":\"WebPage\",\"@id\":\"https:\/\/talkpal.ai\/cy\/gramadeg-lithwaneg\/\",\"url\":\"https:\/\/talkpal.ai\/cy\/gramadeg-lithwaneg\/\",\"name\":\"Gramadeg Lithwaneg - Talkpal\",\"isPartOf\":{\"@id\":\"https:\/\/talkpal.ai\/cy\/#website\"},\"primaryImageOfPage\":{\"@id\":\"https:\/\/talkpal.ai\/cy\/gramadeg-lithwaneg\/#primaryimage\"},\"image\":{\"@id\":\"https:\/\/talkpal.ai\/cy\/gramadeg-lithwaneg\/#primaryimage\"},\"thumbnailUrl\":\"https:\/\/talkpal.ai\/wp-content\/uploads\/2023\/05\/Lithuanian.png\",\"datePublished\":\"2023-05-14T14:10:42+00:00\",\"dateModified\":\"2025-12-12T10:41:31+00:00\",\"description\":\"Darganfyddwch sut mae gramadeg Lithwaneg yn adlewyrchu cyfoeth a rhesymeg hanesyddol, gan ei gwneud yn astudiaeth berffaith i gariadon iaith.\",\"breadcrumb\":{\"@id\":\"https:\/\/talkpal.ai\/cy\/gramadeg-lithwaneg\/#breadcrumb\"},\"inLanguage\":\"cy-GB\",\"potentialAction\":[{\"@type\":\"ReadAction\",\"target\":[\"https:\/\/talkpal.ai\/cy\/gramadeg-lithwaneg\/\"]}]},{\"@type\":\"ImageObject\",\"inLanguage\":\"cy-GB\",\"@id\":\"https:\/\/talkpal.ai\/cy\/gramadeg-lithwaneg\/#primaryimage\",\"url\":\"https:\/\/talkpal.ai\/wp-content\/uploads\/2023\/05\/Lithuanian.png\",\"contentUrl\":\"https:\/\/talkpal.ai\/wp-content\/uploads\/2023\/05\/Lithuanian.png\",\"width\":512,\"height\":512,\"caption\":\"TalkPal Lithuanian Flag\"},{\"@type\":\"BreadcrumbList\",\"@id\":\"https:\/\/talkpal.ai\/cy\/gramadeg-lithwaneg\/#breadcrumb\",\"itemListElement\":[{\"@type\":\"ListItem\",\"position\":1,\"name\":\"Homepage\",\"item\":\"https:\/\/talkpal.ai\/cy\/ai-athro-iaith-3\/\"},{\"@type\":\"ListItem\",\"position\":2,\"name\":\"Gramadeg Lithwaneg\"}]},{\"@type\":\"WebSite\",\"@id\":\"https:\/\/talkpal.ai\/cy\/#website\",\"url\":\"https:\/\/talkpal.ai\/cy\/\",\"name\":\"Talkpal\",\"description\":\"AI Language Learning\",\"publisher\":{\"@id\":\"https:\/\/talkpal.ai\/cy\/#organization\"},\"alternateName\":\"Talkpal AI\",\"potentialAction\":[{\"@type\":\"SearchAction\",\"target\":{\"@type\":\"EntryPoint\",\"urlTemplate\":\"https:\/\/talkpal.ai\/cy\/?s={search_term_string}\"},\"query-input\":{\"@type\":\"PropertyValueSpecification\",\"valueRequired\":true,\"valueName\":\"search_term_string\"}}],\"inLanguage\":\"cy-GB\"},{\"@type\":\"Organization\",\"@id\":\"https:\/\/talkpal.ai\/cy\/#organization\",\"name\":\"Talkpal, Inc.\",\"alternateName\":\"Talkpal AI\",\"url\":\"https:\/\/talkpal.ai\/cy\/\",\"logo\":{\"@type\":\"ImageObject\",\"inLanguage\":\"cy-GB\",\"@id\":\"https:\/\/talkpal.ai\/cy\/#\/schema\/logo\/image\/\",\"url\":\"https:\/\/talkpal.ai\/wp-content\/uploads\/2024\/03\/Talkpal-Logo-Icon.png\",\"contentUrl\":\"https:\/\/talkpal.ai\/wp-content\/uploads\/2024\/03\/Talkpal-Logo-Icon.png\",\"width\":2880,\"height\":2880,\"caption\":\"Talkpal, Inc.\"},\"image\":{\"@id\":\"https:\/\/talkpal.ai\/cy\/#\/schema\/logo\/image\/\"},\"sameAs\":[\"https:\/\/www.facebook.com\/profile.php?id=100090733639311\",\"https:\/\/x.com\/talkpalai\",\"https:\/\/www.linkedin.com\/company\/talkpal\/\",\"https:\/\/www.youtube.com\/@TalkPal\/\",\"https:\/\/www.tiktok.com\/@talkpal\",\"https:\/\/www.instagram.com\/talkpal_ai\/\",\"https:\/\/www.crunchbase.com\/organization\/talkpal-9cde\",\"https:\/\/www.g2.com\/products\/talkpal-for-business\/\",\"https:\/\/www.trustpilot.com\/review\/talkpal.ai\",\"https:\/\/www.capterra.com\/p\/10006800\/TalkPal\/\"],\"description\":\"Talkpal is a language learning web and mobile education app, powered by the latest AI technologies, that provides engaging experiences to its customers in many different languages to help them improve their language skills. Users can chat about unlimited amount of topics with the app and use other modes to practice their language learning.\",\"email\":\"support@talkpal.ai\",\"legalName\":\"Talkpal, Inc.\",\"foundingDate\":\"2023-04-03\",\"duns\":\"118989042\",\"numberOfEmployees\":{\"@type\":\"QuantitativeValue\",\"minValue\":\"11\",\"maxValue\":\"50\"},\"publishingPrinciples\":\"https:\/\/talkpal.ai\/publishing-principles\/\",\"actionableFeedbackPolicy\":\"https:\/\/talkpal.ai\/actionable-feedback-policy\/\",\"correctionsPolicy\":\"https:\/\/talkpal.ai\/corrections-policy\/\",\"ethicsPolicy\":\"https:\/\/talkpal.ai\/ethics-policy\/\",\"diversityPolicy\":\"https:\/\/talkpal.ai\/diversity-policy\/\",\"diversityStaffingReport\":\"https:\/\/talkpal.ai\/diversity-policy\/\"}]}<\/script>\n<!-- \/ Yoast SEO Premium plugin. -->","yoast_head_json":{"title":"Gramadeg Lithwaneg - Talkpal","description":"Darganfyddwch sut mae gramadeg Lithwaneg yn adlewyrchu cyfoeth a rhesymeg hanesyddol, gan ei gwneud yn astudiaeth berffaith i gariadon iaith.","robots":{"index":"index","follow":"follow","max-snippet":"max-snippet:-1","max-image-preview":"max-image-preview:large","max-video-preview":"max-video-preview:-1"},"canonical":"https:\/\/talkpal.ai\/cy\/gramadeg-lithwaneg\/","og_locale":"cy_GB","og_type":"article","og_title":"Gramadeg Lithwaneg","og_description":"Gramadeg Lithwaneg: Taith Ddiddorol Trwy Iaith Ydych chi erioed wedi ystyried dysgu Lithwaneg neu wedi cael eich diddori gan ei ramadeg unigryw? Wel,","og_url":"https:\/\/talkpal.ai\/cy\/gramadeg-lithwaneg\/","og_site_name":"Talkpal","article_publisher":"https:\/\/www.facebook.com\/profile.php?id=100090733639311","article_modified_time":"2025-12-12T10:41:31+00:00","og_image":[{"width":512,"height":512,"url":"https:\/\/talkpal.ai\/wp-content\/uploads\/2023\/05\/Lithuanian.png","type":"image\/png"}],"twitter_card":"summary_large_image","twitter_site":"@talkpalai","twitter_misc":{"Est. reading time":"3 minutes"},"schema":{"@context":"https:\/\/schema.org","@graph":[{"@type":"WebPage","@id":"https:\/\/talkpal.ai\/cy\/gramadeg-lithwaneg\/","url":"https:\/\/talkpal.ai\/cy\/gramadeg-lithwaneg\/","name":"Gramadeg Lithwaneg - Talkpal","isPartOf":{"@id":"https:\/\/talkpal.ai\/cy\/#website"},"primaryImageOfPage":{"@id":"https:\/\/talkpal.ai\/cy\/gramadeg-lithwaneg\/#primaryimage"},"image":{"@id":"https:\/\/talkpal.ai\/cy\/gramadeg-lithwaneg\/#primaryimage"},"thumbnailUrl":"https:\/\/talkpal.ai\/wp-content\/uploads\/2023\/05\/Lithuanian.png","datePublished":"2023-05-14T14:10:42+00:00","dateModified":"2025-12-12T10:41:31+00:00","description":"Darganfyddwch sut mae gramadeg Lithwaneg yn adlewyrchu cyfoeth a rhesymeg hanesyddol, gan ei gwneud yn astudiaeth berffaith i gariadon iaith.","breadcrumb":{"@id":"https:\/\/talkpal.ai\/cy\/gramadeg-lithwaneg\/#breadcrumb"},"inLanguage":"cy-GB","potentialAction":[{"@type":"ReadAction","target":["https:\/\/talkpal.ai\/cy\/gramadeg-lithwaneg\/"]}]},{"@type":"ImageObject","inLanguage":"cy-GB","@id":"https:\/\/talkpal.ai\/cy\/gramadeg-lithwaneg\/#primaryimage","url":"https:\/\/talkpal.ai\/wp-content\/uploads\/2023\/05\/Lithuanian.png","contentUrl":"https:\/\/talkpal.ai\/wp-content\/uploads\/2023\/05\/Lithuanian.png","width":512,"height":512,"caption":"TalkPal Lithuanian Flag"},{"@type":"BreadcrumbList","@id":"https:\/\/talkpal.ai\/cy\/gramadeg-lithwaneg\/#breadcrumb","itemListElement":[{"@type":"ListItem","position":1,"name":"Homepage","item":"https:\/\/talkpal.ai\/cy\/ai-athro-iaith-3\/"},{"@type":"ListItem","position":2,"name":"Gramadeg Lithwaneg"}]},{"@type":"WebSite","@id":"https:\/\/talkpal.ai\/cy\/#website","url":"https:\/\/talkpal.ai\/cy\/","name":"Talkpal","description":"AI Language Learning","publisher":{"@id":"https:\/\/talkpal.ai\/cy\/#organization"},"alternateName":"Talkpal AI","potentialAction":[{"@type":"SearchAction","target":{"@type":"EntryPoint","urlTemplate":"https:\/\/talkpal.ai\/cy\/?s={search_term_string}"},"query-input":{"@type":"PropertyValueSpecification","valueRequired":true,"valueName":"search_term_string"}}],"inLanguage":"cy-GB"},{"@type":"Organization","@id":"https:\/\/talkpal.ai\/cy\/#organization","name":"Talkpal, Inc.","alternateName":"Talkpal AI","url":"https:\/\/talkpal.ai\/cy\/","logo":{"@type":"ImageObject","inLanguage":"cy-GB","@id":"https:\/\/talkpal.ai\/cy\/#\/schema\/logo\/image\/","url":"https:\/\/talkpal.ai\/wp-content\/uploads\/2024\/03\/Talkpal-Logo-Icon.png","contentUrl":"https:\/\/talkpal.ai\/wp-content\/uploads\/2024\/03\/Talkpal-Logo-Icon.png","width":2880,"height":2880,"caption":"Talkpal, Inc."},"image":{"@id":"https:\/\/talkpal.ai\/cy\/#\/schema\/logo\/image\/"},"sameAs":["https:\/\/www.facebook.com\/profile.php?id=100090733639311","https:\/\/x.com\/talkpalai","https:\/\/www.linkedin.com\/company\/talkpal\/","https:\/\/www.youtube.com\/@TalkPal\/","https:\/\/www.tiktok.com\/@talkpal","https:\/\/www.instagram.com\/talkpal_ai\/","https:\/\/www.crunchbase.com\/organization\/talkpal-9cde","https:\/\/www.g2.com\/products\/talkpal-for-business\/","https:\/\/www.trustpilot.com\/review\/talkpal.ai","https:\/\/www.capterra.com\/p\/10006800\/TalkPal\/"],"description":"Talkpal is a language learning web and mobile education app, powered by the latest AI technologies, that provides engaging experiences to its customers in many different languages to help them improve their language skills. Users can chat about unlimited amount of topics with the app and use other modes to practice their language learning.","email":"support@talkpal.ai","legalName":"Talkpal, Inc.","foundingDate":"2023-04-03","duns":"118989042","numberOfEmployees":{"@type":"QuantitativeValue","minValue":"11","maxValue":"50"},"publishingPrinciples":"https:\/\/talkpal.ai\/publishing-principles\/","actionableFeedbackPolicy":"https:\/\/talkpal.ai\/actionable-feedback-policy\/","correctionsPolicy":"https:\/\/talkpal.ai\/corrections-policy\/","ethicsPolicy":"https:\/\/talkpal.ai\/ethics-policy\/","diversityPolicy":"https:\/\/talkpal.ai\/diversity-policy\/","diversityStaffingReport":"https:\/\/talkpal.ai\/diversity-policy\/"}]}},"_links":{"self":[{"href":"https:\/\/talkpal.ai\/cy\/wp-json\/wp\/v2\/pages\/1443804","targetHints":{"allow":["GET"]}}],"collection":[{"href":"https:\/\/talkpal.ai\/cy\/wp-json\/wp\/v2\/pages"}],"about":[{"href":"https:\/\/talkpal.ai\/cy\/wp-json\/wp\/v2\/types\/page"}],"author":[{"embeddable":true,"href":"https:\/\/talkpal.ai\/cy\/wp-json\/wp\/v2\/users\/1"}],"replies":[{"embeddable":true,"href":"https:\/\/talkpal.ai\/cy\/wp-json\/wp\/v2\/comments?post=1443804"}],"version-history":[{"count":0,"href":"https:\/\/talkpal.ai\/cy\/wp-json\/wp\/v2\/pages\/1443804\/revisions"}],"wp:featuredmedia":[{"embeddable":true,"href":"https:\/\/talkpal.ai\/cy\/wp-json\/wp\/v2\/media\/1443807"}],"wp:attachment":[{"href":"https:\/\/talkpal.ai\/cy\/wp-json\/wp\/v2\/media?parent=1443804"}],"curies":[{"name":"wp","href":"https:\/\/api.w.org\/{rel}","templated":true}]}}