{"id":1443799,"date":"2023-05-14T14:11:47","date_gmt":"2023-05-14T14:11:47","guid":{"rendered":"https:\/\/talkpal.ai\/gramadeg-malay\/"},"modified":"2025-12-17T16:40:09","modified_gmt":"2025-12-17T16:40:09","slug":"gramadeg-malay","status":"publish","type":"page","link":"https:\/\/talkpal.ai\/cy\/gramadeg-malay\/","title":{"rendered":"Gramadeg Malay"},"content":{"rendered":"\r\n\r\n\r\n<section class=\"languageChallengeSection\">\r\n    <div class=\"languageInfoWrapper\">\r\n        \r\n        <h1>Gramadeg Malay<\/h1>\r\n        <p>Chwilfrydig am ddysgu <a href=\"https:\/\/talkpal.ai\/learn-malay\/\">Malay<\/a>? Plymiwch i ramadeg Malay, sy&#039;n adnabyddus am ei rheolau syml, diffyg cyfuniad berfau, a&#039;r defnydd o affixes i greu ystyr. Dechreuwch heddiw &#8211; bydd meistroli gramadeg Malay yn rhoi&#039;r hyder i chi gyfathrebu&#039;n hawdd ac agor drysau i ddiwylliannau amrywiol a deinamig De-ddwyrain Asia!<\/p>\r\n\r\n                            <a class=\"getStartedHidden\" href=\"https:\/\/app.talkpal.ai\/signup?lng=\">Dechrau<\/a>\r\n        \r\n    <\/div>\r\n\r\n    <figure>\r\n    <img decoding=\"async\" width=\"768\" height=\"768\" src=\"https:\/\/talkpal.ai\/wp-content\/uploads\/2023\/06\/malay-768x768.png\" class=\"languageImage no-lazy\" alt=\"Language learning for personal accomplishments\" fetchpriority=\"high\" sizes=\"(max-width: 768px) 150px, 768px\" srcset=\"https:\/\/talkpal.ai\/wp-content\/uploads\/2023\/06\/malay-768x768.png 768w, https:\/\/talkpal.ai\/wp-content\/uploads\/2023\/06\/malay-300x300.png 300w\" \/>\r\n    \r\n\r\n    <\/figure>\r\n\r\n            <a class=\"getStartedVisible\" href=\"https:\/\/app.talkpal.ai\/signup?lng=\">Dechrau<\/a>\r\n    \r\n<\/section>\r\n<section class=\"promotionalBanner\">\r\n    <p class=\"promotionalText\">Y ffordd fwyaf effeithlon o ddysgu iaith<\/p>\r\n    <a class=\"promotionalLink\" href=\"https:\/\/app.talkpal.ai\/signup?lng=\">Rhowch gynnig ar Talkpal am ddim<\/a>\r\n<\/section>\n<div class=\"wp-block-group pageContainerStyle\"><div class=\"wp-block-group__inner-container is-layout-constrained wp-block-group-is-layout-constrained\">\n<h2 class=\"wp-block-heading\" id=\"h-malay-grammar-exploring-the-richness-of-bahasa-melayu\">Gramadeg Malay: Archwilio Cyfoeth Bahasa Melayu<\/h2>\n\n\n\n<p>Mae&#8217;r iaith Malay, neu <a href=\"https:\/\/talkpal.ai\/ms\/belajar-bahasa-melayu\/\">Bahasa Melayu<\/a>, ymhlith ieithoedd mwyaf siaredol y byd, gan uno pobloedd amrywiol Malaysia, <a href=\"https:\/\/talkpal.ai\/learn-indonesian\/\">Indonesia<\/a>, Brunei, a <a href=\"https:\/\/talkpal.ai\/locations\/language-courses-in-singapore\/\">Singapore<\/a>. Wrth i chi ymchwilio i ddysgu Malay, byddwch chi&#8217;n darganfod harddwch ei ramadeg a&#8217;i dirwedd ieithyddol sy&#8217;n cynyddu&#8217;n gyflym. Nod yr erthygl hon yw eich cyflwyno i egwyddorion craidd gramadeg Malay, gan eich tywys i ddeall a gwerthfawrogi&#8217;r iaith amlbwrpas hon yn well.<\/p>\n\n\n\n<h3 class=\"wp-block-heading\" id=\"h-1-nouns-simplicity-rules\">1. Enwau &#8211; Rheolau Symlrwydd<\/h3>\n\n\n\n<p>Mewn cyferbyniad ag ieithoedd eraill, nid yw gramadeg Malay yn cynnwys dirywiadau na dosbarthiadau rhywedd ar gyfer ei enwau. Yn hytrach, mae defnydd enwau yn rhoi pwyslais cryf ar symlrwydd. Mae ffurfiau lluosog o enwau yn cael eu creu trwy eu dyblygu yn unig. Swnio&#8217;n hawdd, iawn? Er enghraifft, &#8220;afal&#8221; yw &#8220;buah epal,&#8221; felly mae &#8220;afalau&#8221; yn dod yn &#8220;buah-buah epal.&#8221; Gallwch ollwng y dyblygu mewn lleferydd anffurfiol.<\/p>\n\n\n\n<h3 class=\"wp-block-heading\" id=\"h-2-adjectives-straightforward-descriptions\">2. Ansoddeiriau &#8211; Disgrifiadau Syml<\/h3>\n\n\n\n<p>Mae ansoddeiriau Malay yn aros yn ddigyfnewid waeth beth fo&#8217;r enw maen nhw&#8217;n ei ddisgrifio, gan eu gwneud yn anhygoel o hawdd i&#8217;w defnyddio \u2013 tystiolaeth arall o symlrwydd yr iaith. Daw lleoliad ansoddair ar \u00f4l yr enw, gan greu llif dymunol mewn brawddegau. Er enghraifft, &#8220;t\u0177 mawr&#8221; yw &#8220;rumah besar,&#8221; gyda &#8220;rumah&#8221; yn cyfeirio at &#8220;t\u0177&#8221; a &#8220;besar&#8221; yn golygu &#8220;mawr.&#8221;<\/p>\n\n\n\n<h3 class=\"wp-block-heading\" id=\"h-3-verbs-the-magic-of-prefixes-and-suffixes\">3. Berfau \u2013 Hud rhagddodiadau ac \u00f4l-ddodiadau<\/h3>\n\n\n\n<p>Mae berfau Malay yn ymfalch\u00efo mewn amlochredd sy&#8217;n gyffrous ac yn syml. Yn Bahasa Melayu, nid yw amserau yn cael eu cyfleu&#8217;n benodol trwy ffurfiau berfau; yn hytrach, maent yn cael eu nodi trwy gyd-destun neu farcwyr amser. Yn ogystal, mae Malay yn gwneud defnydd helaeth o ragddodiadau ac \u00f4l-ddodiadau i fynegi gwahanol agweddau berfau.<\/p>\n\n\n\n<p>Mae tri phrif ragddodiad: &#8220;meN-&#8220;, &#8220;ber-&#8220;, a &#8220;ter-&#8220;. Mae gan y rhagddodiad &#8220;meN-&#8221; ystod eang o ddefnyddiau, gan gynnwys ffurfio berfau gweithredol a dynodi gweithredoedd achosol. Yn y cyfamser, mae &#8220;ber-&#8221; yn golygu gweithredoedd intransitive, ac mae &#8220;ter-&#8221; yn dynodi digwyddiadau damweiniol neu weithredoedd goddefol. Mae&#8217;n bwysig nodi y gall pob rhagddodiad sbarduno newidiadau sillafu bach i&#8217;r ferf sylfaenol.<\/p>\n\n\n\n<p>Mae \u00f4l-ddodiadau, fel &#8220;-kan&#8221; a &#8220;-i&#8221;, yn helpu i ddarparu penodoldeb pellach, tra bod y mewnosodiad &#8220;-el-&#8221; yn chwistrellu dwyster i&#8217;r ferf sylfaenol.<\/p>\n\n\n\n<h3 class=\"wp-block-heading\" id=\"h-4-prepositions-amp-particles-adding-flavor-to-sentences\">4. Arddodiaid a Gronynnau &#8211; Ychwanegu Blas at Frawddegau<\/h3>\n\n\n\n<p>Mae arddodiaid a gronynnau yn chwarae rhan hanfodol mewn gramadeg Malay, gan weithredu fel glud ieithyddol a darparu cyd-destun hanfodol. Mae arddodiaid, fel &#8220;di&#8221; (at), &#8220;ke&#8221; (i), a &#8220;dari&#8221; (oddi wrth), yn helpu i sefydlu perthnasoedd rhwng geiriau. Ar y llaw arall, defnyddir gronynnau, fel &#8220;lah,&#8221; &#8220;kah,&#8221; a &#8220;pun,&#8221; i ychwanegu pwyslais, emosiwn, a marciau cwestiwn i frawddegau.<\/p>\n\n\n\n<p>Er enghraifft, mae&#8217;r frawddeg &#8220;Kamu pergi sana,&#8221; sy&#8217;n golygu &#8220;Rydych chi&#8217;n mynd yno,&#8221; yn dod yn fwy pwysig os ydych chi&#8217;n ychwanegu &#8220;lah&#8221; ar y diwedd: &#8220;Kamu pergi sana lah.&#8221; Mae&#8217;n golygu nawr &#8220;Rydych chi&#8217;n mynd yno (ar hyn o bryd).&#8221;<\/p>\n\n\n\n<h3 class=\"wp-block-heading\" id=\"h-5-embracing-the-journey\">5. Cofleidio&#8217;r Daith<\/h3>\n\n\n\n<p>Er y gall gramadeg Malay ymddangos yn syml o&#8217;i gymharu ag ieithoedd eraill, mae ei harddwch yn gorwedd yn y cyfoeth a&#8217;r amrywiaeth o ymadroddion a gyflawnir trwy reolau syml. Bydd rhwyddineb <a href=\"https:\/\/talkpal.ai\/grammar\/\">dysgu gramadeg<\/a> Malay yn eich galluogi i ymgysylltu \u00e2&#8217;r byd amrywiol sy&#8217;n siarad Malay yn fwy effeithiol ac ymgolli yn ei ddiwylliant unigryw.<\/p>\n\n\n\n<p>Cyn plymio benben i fyd Bahasa Melayu, cofiwch efallai na fydd y daith bob amser yn hwylio llyfn. Cadwch feddwl agored, ymgysylltu \u00e2 siaradwyr brodorol, ac, yn bwysicaf oll, mwynhau&#8217;r profiad o ddarganfod y naws o fewn yr iaith hardd hon. Selamat belajar \u2013 dysgu hapus!<\/p>\n<\/div><\/div>\n\r\n<section class=\"learnNavigationSection\">\r\n            \r\n        <a href=\"https:\/\/talkpal.ai\/cy\/dysgu-malay\/\">\r\n            <div class=\"learnNavigationWrapper\">\r\n                <div class=\"learnNavigationContent\">\r\n                    <img decoding=\"async\" src=\"https:\/\/talkpal.ai\/wp-content\/uploads\/2024\/08\/Malay.jpg\" alt=\"Malaysian Flag\">\r\n                    <div>\r\n                        <h4>Yngl\u0177n \u00e2 Dysgu Malay<\/h4>\r\n                        <p>Darganfyddwch bopeth am ramadeg Malay.<\/p>\r\n                    <\/div>\r\n                <\/div>\r\n            <\/div>\r\n        <\/a>\r\n\r\n        \r\n        <a href=\"https:\/\/talkpal.ai\/cy\/ymarferion-gramadeg-malay\/\">\r\n            <div class=\"learnNavigationWrapper\">\r\n                <div class=\"learnNavigationContent\">\r\n                    <img decoding=\"async\" src=\"https:\/\/talkpal.ai\/wp-content\/uploads\/2024\/08\/Malay.jpg\" alt=\"Malaysian Flag\">\r\n                    <div>\r\n                        <h4>Ymarfer Gramadeg Malay<\/h4>\r\n                        <p>Ymarfer gramadeg Malay<\/p>\r\n                    <\/div>\r\n                <\/div>\r\n            <\/div>\r\n        <\/a>\r\n\r\n        \r\n        <a href=\"https:\/\/talkpal.ai\/vocabulary_language\/malay\/\">\r\n            <div class=\"learnNavigationWrapper\">\r\n                <div class=\"learnNavigationContent\">\r\n                    <img decoding=\"async\" src=\"https:\/\/talkpal.ai\/wp-content\/uploads\/2024\/08\/Malay.jpg\" alt=\"Malaysian Flag\">\r\n                    <div>\r\n                        <h4>Geirfa Malay<\/h4>\r\n                        <p>Ehangwch eich geirfa Malay.<\/p>\r\n                    <\/div>\r\n                <\/div>\r\n            <\/div>\r\n        <\/a>\r\n\r\n            <\/section>","protected":false},"excerpt":{"rendered":"<p>Gramadeg Malay: Archwilio Cyfoeth Bahasa Melayu Mae&#8217;r iaith Malay, neu Bahasa Melayu, ymhlith ieithoedd mwyaf siaredol y byd, gan uno pobloedd amrywiol Malaysia, Indonesia, Brunei, a Singapore. Wrth i chi ymchwilio i ddysgu Malay, byddwch chi&#8217;n darganfod harddwch ei ramadeg a&#8217;i dirwedd ieithyddol sy&#8217;n cynyddu&#8217;n gyflym. Nod yr erthygl hon yw eich cyflwyno i egwyddorion [&hellip;]<\/p>\n","protected":false},"author":1,"featured_media":1443800,"parent":0,"menu_order":0,"comment_status":"closed","ping_status":"closed","template":"LearningContentPage.php","meta":{"_acf_changed":false,"footnotes":""},"class_list":["post-1443799","page","type-page","status-publish","has-post-thumbnail","hentry"],"acf":[],"yoast_head":"<!-- This site is optimized with the Yoast SEO Premium plugin v27.2 (Yoast SEO v27.2) - https:\/\/yoast.com\/product\/yoast-seo-premium-wordpress\/ -->\n<title>Gramadeg Malay - Talkpal<\/title>\n<meta name=\"description\" content=\"Archwiliwch ramadeg Malay a dysgu sut y gall ei symlrwydd wella eich dealltwriaeth o&#039;r iaith Malay.\" \/>\n<meta name=\"robots\" content=\"index, follow, max-snippet:-1, max-image-preview:large, max-video-preview:-1\" \/>\n<link rel=\"canonical\" href=\"https:\/\/talkpal.ai\/cy\/gramadeg-malay\/\" \/>\n<meta property=\"og:locale\" content=\"cy_GB\" \/>\n<meta property=\"og:type\" content=\"article\" \/>\n<meta property=\"og:title\" content=\"Gramadeg Malay\" \/>\n<meta property=\"og:description\" content=\"Gramadeg Malay: Archwilio Cyfoeth Bahasa Melayu Mae&#039;r iaith Malay, neu Bahasa Melayu, ymhlith ieithoedd mwyaf siaredol y byd, gan uno pobloedd amrywiol\" \/>\n<meta property=\"og:url\" content=\"https:\/\/talkpal.ai\/cy\/gramadeg-malay\/\" \/>\n<meta property=\"og:site_name\" content=\"Talkpal\" \/>\n<meta property=\"article:publisher\" content=\"https:\/\/www.facebook.com\/profile.php?id=100090733639311\" \/>\n<meta property=\"article:modified_time\" content=\"2025-12-17T16:40:09+00:00\" \/>\n<meta property=\"og:image\" content=\"https:\/\/talkpal.ai\/wp-content\/uploads\/2023\/05\/malaysia.png\" \/>\n\t<meta property=\"og:image:width\" content=\"512\" \/>\n\t<meta property=\"og:image:height\" content=\"512\" \/>\n\t<meta property=\"og:image:type\" content=\"image\/png\" \/>\n<meta name=\"twitter:card\" content=\"summary_large_image\" \/>\n<meta name=\"twitter:site\" content=\"@talkpalai\" \/>\n<meta name=\"twitter:label1\" content=\"Est. reading time\" \/>\n\t<meta name=\"twitter:data1\" content=\"3 minutes\" \/>\n<script type=\"application\/ld+json\" class=\"yoast-schema-graph\">{\"@context\":\"https:\/\/schema.org\",\"@graph\":[{\"@type\":\"WebPage\",\"@id\":\"https:\/\/talkpal.ai\/cy\/gramadeg-malay\/\",\"url\":\"https:\/\/talkpal.ai\/cy\/gramadeg-malay\/\",\"name\":\"Gramadeg Malay - Talkpal\",\"isPartOf\":{\"@id\":\"https:\/\/talkpal.ai\/cy\/#website\"},\"primaryImageOfPage\":{\"@id\":\"https:\/\/talkpal.ai\/cy\/gramadeg-malay\/#primaryimage\"},\"image\":{\"@id\":\"https:\/\/talkpal.ai\/cy\/gramadeg-malay\/#primaryimage\"},\"thumbnailUrl\":\"https:\/\/talkpal.ai\/wp-content\/uploads\/2023\/05\/malaysia.png\",\"datePublished\":\"2023-05-14T14:11:47+00:00\",\"dateModified\":\"2025-12-17T16:40:09+00:00\",\"description\":\"Archwiliwch ramadeg Malay a dysgu sut y gall ei symlrwydd wella eich dealltwriaeth o'r iaith Malay.\",\"breadcrumb\":{\"@id\":\"https:\/\/talkpal.ai\/cy\/gramadeg-malay\/#breadcrumb\"},\"inLanguage\":\"cy-GB\",\"potentialAction\":[{\"@type\":\"ReadAction\",\"target\":[\"https:\/\/talkpal.ai\/cy\/gramadeg-malay\/\"]}]},{\"@type\":\"ImageObject\",\"inLanguage\":\"cy-GB\",\"@id\":\"https:\/\/talkpal.ai\/cy\/gramadeg-malay\/#primaryimage\",\"url\":\"https:\/\/talkpal.ai\/wp-content\/uploads\/2023\/05\/malaysia.png\",\"contentUrl\":\"https:\/\/talkpal.ai\/wp-content\/uploads\/2023\/05\/malaysia.png\",\"width\":512,\"height\":512,\"caption\":\"TalkPal Malaysia Flag\"},{\"@type\":\"BreadcrumbList\",\"@id\":\"https:\/\/talkpal.ai\/cy\/gramadeg-malay\/#breadcrumb\",\"itemListElement\":[{\"@type\":\"ListItem\",\"position\":1,\"name\":\"Homepage\",\"item\":\"https:\/\/talkpal.ai\/cy\/ai-athro-iaith-3\/\"},{\"@type\":\"ListItem\",\"position\":2,\"name\":\"Gramadeg Malay\"}]},{\"@type\":\"WebSite\",\"@id\":\"https:\/\/talkpal.ai\/cy\/#website\",\"url\":\"https:\/\/talkpal.ai\/cy\/\",\"name\":\"Talkpal\",\"description\":\"AI Language Learning\",\"publisher\":{\"@id\":\"https:\/\/talkpal.ai\/cy\/#organization\"},\"alternateName\":\"Talkpal AI\",\"potentialAction\":[{\"@type\":\"SearchAction\",\"target\":{\"@type\":\"EntryPoint\",\"urlTemplate\":\"https:\/\/talkpal.ai\/cy\/?s={search_term_string}\"},\"query-input\":{\"@type\":\"PropertyValueSpecification\",\"valueRequired\":true,\"valueName\":\"search_term_string\"}}],\"inLanguage\":\"cy-GB\"},{\"@type\":\"Organization\",\"@id\":\"https:\/\/talkpal.ai\/cy\/#organization\",\"name\":\"Talkpal, Inc.\",\"alternateName\":\"Talkpal AI\",\"url\":\"https:\/\/talkpal.ai\/cy\/\",\"logo\":{\"@type\":\"ImageObject\",\"inLanguage\":\"cy-GB\",\"@id\":\"https:\/\/talkpal.ai\/cy\/#\/schema\/logo\/image\/\",\"url\":\"https:\/\/talkpal.ai\/wp-content\/uploads\/2024\/03\/Talkpal-Logo-Icon.png\",\"contentUrl\":\"https:\/\/talkpal.ai\/wp-content\/uploads\/2024\/03\/Talkpal-Logo-Icon.png\",\"width\":2880,\"height\":2880,\"caption\":\"Talkpal, Inc.\"},\"image\":{\"@id\":\"https:\/\/talkpal.ai\/cy\/#\/schema\/logo\/image\/\"},\"sameAs\":[\"https:\/\/www.facebook.com\/profile.php?id=100090733639311\",\"https:\/\/x.com\/talkpalai\",\"https:\/\/www.linkedin.com\/company\/talkpal\/\",\"https:\/\/www.youtube.com\/@TalkPal\/\",\"https:\/\/www.tiktok.com\/@talkpal\",\"https:\/\/www.instagram.com\/talkpal_ai\/\",\"https:\/\/www.crunchbase.com\/organization\/talkpal-9cde\",\"https:\/\/www.g2.com\/products\/talkpal-for-business\/\",\"https:\/\/www.trustpilot.com\/review\/talkpal.ai\",\"https:\/\/www.capterra.com\/p\/10006800\/TalkPal\/\"],\"description\":\"Talkpal is a language learning web and mobile education app, powered by the latest AI technologies, that provides engaging experiences to its customers in many different languages to help them improve their language skills. Users can chat about unlimited amount of topics with the app and use other modes to practice their language learning.\",\"email\":\"support@talkpal.ai\",\"legalName\":\"Talkpal, Inc.\",\"foundingDate\":\"2023-04-03\",\"duns\":\"118989042\",\"numberOfEmployees\":{\"@type\":\"QuantitativeValue\",\"minValue\":\"11\",\"maxValue\":\"50\"},\"publishingPrinciples\":\"https:\/\/talkpal.ai\/publishing-principles\/\",\"actionableFeedbackPolicy\":\"https:\/\/talkpal.ai\/actionable-feedback-policy\/\",\"correctionsPolicy\":\"https:\/\/talkpal.ai\/corrections-policy\/\",\"ethicsPolicy\":\"https:\/\/talkpal.ai\/ethics-policy\/\",\"diversityPolicy\":\"https:\/\/talkpal.ai\/diversity-policy\/\",\"diversityStaffingReport\":\"https:\/\/talkpal.ai\/diversity-policy\/\"}]}<\/script>\n<!-- \/ Yoast SEO Premium plugin. -->","yoast_head_json":{"title":"Gramadeg Malay - Talkpal","description":"Archwiliwch ramadeg Malay a dysgu sut y gall ei symlrwydd wella eich dealltwriaeth o'r iaith Malay.","robots":{"index":"index","follow":"follow","max-snippet":"max-snippet:-1","max-image-preview":"max-image-preview:large","max-video-preview":"max-video-preview:-1"},"canonical":"https:\/\/talkpal.ai\/cy\/gramadeg-malay\/","og_locale":"cy_GB","og_type":"article","og_title":"Gramadeg Malay","og_description":"Gramadeg Malay: Archwilio Cyfoeth Bahasa Melayu Mae'r iaith Malay, neu Bahasa Melayu, ymhlith ieithoedd mwyaf siaredol y byd, gan uno pobloedd amrywiol","og_url":"https:\/\/talkpal.ai\/cy\/gramadeg-malay\/","og_site_name":"Talkpal","article_publisher":"https:\/\/www.facebook.com\/profile.php?id=100090733639311","article_modified_time":"2025-12-17T16:40:09+00:00","og_image":[{"width":512,"height":512,"url":"https:\/\/talkpal.ai\/wp-content\/uploads\/2023\/05\/malaysia.png","type":"image\/png"}],"twitter_card":"summary_large_image","twitter_site":"@talkpalai","twitter_misc":{"Est. reading time":"3 minutes"},"schema":{"@context":"https:\/\/schema.org","@graph":[{"@type":"WebPage","@id":"https:\/\/talkpal.ai\/cy\/gramadeg-malay\/","url":"https:\/\/talkpal.ai\/cy\/gramadeg-malay\/","name":"Gramadeg Malay - Talkpal","isPartOf":{"@id":"https:\/\/talkpal.ai\/cy\/#website"},"primaryImageOfPage":{"@id":"https:\/\/talkpal.ai\/cy\/gramadeg-malay\/#primaryimage"},"image":{"@id":"https:\/\/talkpal.ai\/cy\/gramadeg-malay\/#primaryimage"},"thumbnailUrl":"https:\/\/talkpal.ai\/wp-content\/uploads\/2023\/05\/malaysia.png","datePublished":"2023-05-14T14:11:47+00:00","dateModified":"2025-12-17T16:40:09+00:00","description":"Archwiliwch ramadeg Malay a dysgu sut y gall ei symlrwydd wella eich dealltwriaeth o'r iaith Malay.","breadcrumb":{"@id":"https:\/\/talkpal.ai\/cy\/gramadeg-malay\/#breadcrumb"},"inLanguage":"cy-GB","potentialAction":[{"@type":"ReadAction","target":["https:\/\/talkpal.ai\/cy\/gramadeg-malay\/"]}]},{"@type":"ImageObject","inLanguage":"cy-GB","@id":"https:\/\/talkpal.ai\/cy\/gramadeg-malay\/#primaryimage","url":"https:\/\/talkpal.ai\/wp-content\/uploads\/2023\/05\/malaysia.png","contentUrl":"https:\/\/talkpal.ai\/wp-content\/uploads\/2023\/05\/malaysia.png","width":512,"height":512,"caption":"TalkPal Malaysia Flag"},{"@type":"BreadcrumbList","@id":"https:\/\/talkpal.ai\/cy\/gramadeg-malay\/#breadcrumb","itemListElement":[{"@type":"ListItem","position":1,"name":"Homepage","item":"https:\/\/talkpal.ai\/cy\/ai-athro-iaith-3\/"},{"@type":"ListItem","position":2,"name":"Gramadeg Malay"}]},{"@type":"WebSite","@id":"https:\/\/talkpal.ai\/cy\/#website","url":"https:\/\/talkpal.ai\/cy\/","name":"Talkpal","description":"AI Language Learning","publisher":{"@id":"https:\/\/talkpal.ai\/cy\/#organization"},"alternateName":"Talkpal AI","potentialAction":[{"@type":"SearchAction","target":{"@type":"EntryPoint","urlTemplate":"https:\/\/talkpal.ai\/cy\/?s={search_term_string}"},"query-input":{"@type":"PropertyValueSpecification","valueRequired":true,"valueName":"search_term_string"}}],"inLanguage":"cy-GB"},{"@type":"Organization","@id":"https:\/\/talkpal.ai\/cy\/#organization","name":"Talkpal, Inc.","alternateName":"Talkpal AI","url":"https:\/\/talkpal.ai\/cy\/","logo":{"@type":"ImageObject","inLanguage":"cy-GB","@id":"https:\/\/talkpal.ai\/cy\/#\/schema\/logo\/image\/","url":"https:\/\/talkpal.ai\/wp-content\/uploads\/2024\/03\/Talkpal-Logo-Icon.png","contentUrl":"https:\/\/talkpal.ai\/wp-content\/uploads\/2024\/03\/Talkpal-Logo-Icon.png","width":2880,"height":2880,"caption":"Talkpal, Inc."},"image":{"@id":"https:\/\/talkpal.ai\/cy\/#\/schema\/logo\/image\/"},"sameAs":["https:\/\/www.facebook.com\/profile.php?id=100090733639311","https:\/\/x.com\/talkpalai","https:\/\/www.linkedin.com\/company\/talkpal\/","https:\/\/www.youtube.com\/@TalkPal\/","https:\/\/www.tiktok.com\/@talkpal","https:\/\/www.instagram.com\/talkpal_ai\/","https:\/\/www.crunchbase.com\/organization\/talkpal-9cde","https:\/\/www.g2.com\/products\/talkpal-for-business\/","https:\/\/www.trustpilot.com\/review\/talkpal.ai","https:\/\/www.capterra.com\/p\/10006800\/TalkPal\/"],"description":"Talkpal is a language learning web and mobile education app, powered by the latest AI technologies, that provides engaging experiences to its customers in many different languages to help them improve their language skills. Users can chat about unlimited amount of topics with the app and use other modes to practice their language learning.","email":"support@talkpal.ai","legalName":"Talkpal, Inc.","foundingDate":"2023-04-03","duns":"118989042","numberOfEmployees":{"@type":"QuantitativeValue","minValue":"11","maxValue":"50"},"publishingPrinciples":"https:\/\/talkpal.ai\/publishing-principles\/","actionableFeedbackPolicy":"https:\/\/talkpal.ai\/actionable-feedback-policy\/","correctionsPolicy":"https:\/\/talkpal.ai\/corrections-policy\/","ethicsPolicy":"https:\/\/talkpal.ai\/ethics-policy\/","diversityPolicy":"https:\/\/talkpal.ai\/diversity-policy\/","diversityStaffingReport":"https:\/\/talkpal.ai\/diversity-policy\/"}]}},"_links":{"self":[{"href":"https:\/\/talkpal.ai\/cy\/wp-json\/wp\/v2\/pages\/1443799","targetHints":{"allow":["GET"]}}],"collection":[{"href":"https:\/\/talkpal.ai\/cy\/wp-json\/wp\/v2\/pages"}],"about":[{"href":"https:\/\/talkpal.ai\/cy\/wp-json\/wp\/v2\/types\/page"}],"author":[{"embeddable":true,"href":"https:\/\/talkpal.ai\/cy\/wp-json\/wp\/v2\/users\/1"}],"replies":[{"embeddable":true,"href":"https:\/\/talkpal.ai\/cy\/wp-json\/wp\/v2\/comments?post=1443799"}],"version-history":[{"count":0,"href":"https:\/\/talkpal.ai\/cy\/wp-json\/wp\/v2\/pages\/1443799\/revisions"}],"wp:featuredmedia":[{"embeddable":true,"href":"https:\/\/talkpal.ai\/cy\/wp-json\/wp\/v2\/media\/1443800"}],"wp:attachment":[{"href":"https:\/\/talkpal.ai\/cy\/wp-json\/wp\/v2\/media?parent=1443799"}],"curies":[{"name":"wp","href":"https:\/\/api.w.org\/{rel}","templated":true}]}}