{"id":1443786,"date":"2023-05-14T14:11:00","date_gmt":"2023-05-14T14:11:00","guid":{"rendered":"https:\/\/talkpal.ai\/gramadeg-kazakh\/"},"modified":"2025-12-17T17:17:51","modified_gmt":"2025-12-17T17:17:51","slug":"gramadeg-kazakh","status":"publish","type":"page","link":"https:\/\/talkpal.ai\/cy\/gramadeg-kazakh\/","title":{"rendered":"Gramadeg Kazakh"},"content":{"rendered":"\r\n\r\n\r\n<section class=\"languageChallengeSection\">\r\n    <div class=\"languageInfoWrapper\">\r\n        \r\n        <h1>Gramadeg Kazakh<\/h1>\r\n        <p>Mae dysgu Kazakeg yn agor y drws i iaith sy&#039;n gyfoethog o hanes a diwylliant, ac yn ei chalon mae system ramadeg ddiddorol. Er y gall <a href=\"https:\/\/talkpal.ai\/kazakh-grammar\/\">gramadeg Kazakh<\/a> ymddangos yn gymhleth ar y dechrau, mae deall ei nodweddion craidd &#8211; fel cytgord llafariad, achosion enwau, ac amserau berfau &#8211; yn gwneud meistroli&#039;r iaith yn gyraeddadwy ac yn werth chweil. Plymiwch i mewn a darganfod beth sy&#039;n gwneud <a href=\"https:\/\/talkpal.ai\/learn-kazakh\/\">Kazakh<\/a> yn unigryw!<\/p>\r\n\r\n                            <a class=\"getStartedHidden\" href=\"https:\/\/app.talkpal.ai\/signup?lng=\">Dechrau<\/a>\r\n        \r\n    <\/div>\r\n\r\n    <figure>\r\n    <img decoding=\"async\" width=\"768\" height=\"768\" src=\"https:\/\/talkpal.ai\/wp-content\/uploads\/2023\/06\/Khazak-768x768.png\" class=\"languageImage no-lazy\" alt=\"Language learning for increased negotiation skills\" fetchpriority=\"high\" sizes=\"(max-width: 768px) 150px, 768px\" srcset=\"https:\/\/talkpal.ai\/wp-content\/uploads\/2023\/06\/Khazak-768x768.png 768w, https:\/\/talkpal.ai\/wp-content\/uploads\/2023\/06\/Khazak-300x300.png 300w\" \/>\r\n    \r\n\r\n    <\/figure>\r\n\r\n            <a class=\"getStartedVisible\" href=\"https:\/\/app.talkpal.ai\/signup?lng=\">Dechrau<\/a>\r\n    \r\n<\/section>\r\n<section class=\"promotionalBanner\">\r\n    <p class=\"promotionalText\">Y ffordd fwyaf effeithlon o ddysgu iaith<\/p>\r\n    <a class=\"promotionalLink\" href=\"https:\/\/app.talkpal.ai\/signup?lng=\">Rhowch gynnig ar Talkpal am ddim<\/a>\r\n<\/section>\n<div class=\"wp-block-group pageContainerStyle\"><div class=\"wp-block-group__inner-container is-layout-constrained wp-block-group-is-layout-constrained\">\n<h2 class=\"wp-block-heading\" id=\"h-kazakh-grammar-unlocking-the-secrets-of-the-kazakh-language\">Gramadeg Kazakh: Datgloi Cyfrinachau&#8217;r Iaith Kazakh<\/h2>\n\n\n\n<p>Pan ddaw i ddysgu&#8217;r iaith Kazakh, mae deall hanfodion <a href=\"https:\/\/talkpal.ai\/kazakh-grammar\/\">gramadeg Kazakh<\/a> yn hanfodol i ddatgloi ei chyfrinachau. Er ei fod yn ymddangos yn frawychus ar y dechrau, mae&#8217;r system ramadeg yn ymfalch\u00efo mewn nodweddion unigryw sy&#8217;n gwneud yr iaith yn ddiddorol. Mae&#8217;r erthygl hon yn ceisio taflu goleuni ar agweddau allweddol ar ramadeg Kazakh, gan ddarparu cyflwyniad sgwrsio ac anffurfiol i strwythur cyfoethog yr iaith.<\/p>\n\n\n\n<h3 class=\"wp-block-heading\" id=\"h-1-nouns-harmony-in-cases-and-declensions\">1. Enwau &#8211; Cytgord mewn Achosion a Dirywiadau<\/h3>\n\n\n\n<p>Un o&#8217;r pethau cyntaf i&#8217;w ystyried mewn gramadeg Kazakh yw strwythur yr enw. Mae&#8217;r iaith yn defnyddio system harmoni llafariad, lle mae llafariaid naill ai&#8217;n flaen neu&#8217;n \u00f4l, ac mae&#8217;n well gan gyfuniadau cyt\u00fbn. Mae&#8217;r system hon yn cysylltu \u00e2 lluosog enwau, sy&#8217;n cael eu ffurfio trwy amrywiol \u00f4l-ddodiadau sy&#8217;n cyfateb i gr\u0175p harmonig yr enw cychwynnol.<\/p>\n\n\n\n<p>Mae enwau Kazakh yn cydymffurfio \u00e2 saith achos: enwadol, genitive, dative, accusative, locative, ablative, ac offerynnol. Er ei fod yn frawychus ar y dechrau, mae meistrolaeth yr achosion hyn yn hanfodol wrth ffurfio strwythurau brawddegau cywir. Mae achosion yn pennu&#8217;r berthynas rhwng geiriau, gan ganiat\u00e1u hyblygrwydd mewn trefn geiriau heb golli&#8217;r ystyr.<\/p>\n\n\n\n<h3 class=\"wp-block-heading\" id=\"h-2-adjectives-agreement-and-comparison\">2. Ansoddeiriau \u2013 Cytundeb a chymhariaeth<\/h3>\n\n\n\n<p>Defnyddir ansoddeiriau Kazakh i ddisgrifio a darparu mwy o wybodaeth am enwau. Rhaid iddynt gytuno \u00e2&#8217;r enw maen nhw&#8217;n ei addasu o ran achos a rhif. Yn ogystal, gellir cymharu ansoddeiriau gan ddefnyddio graddau cymharol a rhagorol, a gyflawnir trwy ychwanegu \u00f4l-ddodiadau cyfatebol, i gyfleu gwahanol lefelau o bwyslais.<\/p>\n\n\n\n<p>Er enghraifft, y gair am &#8220;hardd&#8221; yn Kazakh yw &#8220;\u0441\u044b\u04a3\u0448\u044b.&#8221; Wrth ddisgrifio gardd hardd (\u0431\u0430\u049b), yr ymadrodd fyddai &#8220;\u0441\u044b\u04a3\u0448\u044b \u0431\u0430\u049b.&#8221; I ddweud &#8220;mwy prydferth,&#8221; byddech chi&#8217;n defnyddio &#8220;\u0441\u044b\u04a3\u0448\u044b\u0440\u0430\u049b,&#8221; tra byddai &#8220;y harddaf&#8221; yn cael ei ffurfio gan ddefnyddio &#8220;\u0441\u044b\u04a3\u0448\u044b.&#8221; I ddweud &#8220;yr ardd harddaf,&#8221; byddech chi&#8217;n defnyddio &#8220;\u0441\u044b\u04a3\u0448\u044b \u0431\u0430\u049b.&#8221;<\/p>\n\n\n\n<h3 class=\"wp-block-heading\" id=\"h-3-verbs-tense-mood-and-aspect\">3. Berfau &#8211; Amser, Hwyliau, ac Agwedd<\/h3>\n\n\n\n<p>Mae berfau yn Kazakh yn portreadu amser, hwyliau ac agwedd. Mae&#8217;r iaith yn cynnwys tri phrif amser: gorffennol, presennol a dyfodol. Mae gan bob amser ffurfiau gwahanol yn seiliedig ar ragenw pwnc, hwyliau (fel gorchymyn neu amodol), ac agwedd (p&#8217;un a yw&#8217;r weithred yn berffaith, yn adlewyrchu gweithred gyflawn, neu&#8217;n amherffaith, sy&#8217;n nodi gweithred barhaus neu arferol).<\/p>\n\n\n\n<h3 class=\"wp-block-heading\" id=\"h-4-pronouns-personal-and-demonstrative\">4. Rhagenwau \u2013 Personol ac Arddangosol<\/h3>\n\n\n\n<p>Mae rhagenwau mewn gramadeg Kazakh yn cynnwys amrywiaethau personol, meddiannol, arddangosol, cwestiynol, a chymharol. Rhaid iddynt gytuno mewn achos a rhif gyda&#8217;r enw y maent yn cyfeirio ato neu&#8217;n ei ddisodli. Mae gan ragenwau arddangosol, er enghraifft, dair ffurf: proximal (\u0431\u04b1\u043b), medial (\u043e\u0441\u044b), a distal (\u0430\u043d\u0430\u0443), yn dibynnu ar y pellter i&#8217;r siaradwr.<\/p>\n\n\n\n<h3 class=\"wp-block-heading\" id=\"h-5-embracing-the-uniqueness-of-kazakh-grammar\">5. Cofleidio Unigrywrwydd Gramadeg Kazakh<\/h3>\n\n\n\n<p>Wrth i chi gychwyn ar eich taith iaith Kazakh, cofiwch nad yw&#8217;n ymwneud \u00e2 meistroli&#8217;r naws i gyd ar unwaith. Ymhyfrydwch yn darganfod y system ramadeg unigryw sy&#8217;n gosod Kazakh ar wah\u00e2n ac yn cymryd yr amser i&#8217;w ddeall heb deimlo&#8217;n llethu.<\/p>\n\n\n\n<p>Trwy werthfawrogi ac archwilio hynodrwydd gramadeg Kazakh, gallwch wirioneddol ddatgloi harddwch yr iaith, gan gael mwy o fynediad i&#8217;r dreftadaeth ddiwylliannol gyfoethog y mae&#8217;n ei ymgorffori. \u0421\u04d9\u0442\u0442\u0442\u0456 \u043e\u049b\u0443 \u2013 Dysgu hapus!<\/p>\n<\/div><\/div>\n\r\n<section class=\"learnNavigationSection\">\r\n            \r\n        <a href=\"https:\/\/talkpal.ai\/cy\/dysgu-kazakh\/\">\r\n            <div class=\"learnNavigationWrapper\">\r\n                <div class=\"learnNavigationContent\">\r\n                    <img decoding=\"async\" src=\"https:\/\/talkpal.ai\/wp-content\/uploads\/2024\/08\/Kazakh.jpg\" alt=\"Kazakh Flag\">\r\n                    <div>\r\n                        <h4>Yngl\u0177n \u00e2 Dysgu Kazakh<\/h4>\r\n                        <p>Darganfyddwch bopeth am ramadeg Kazakh.<\/p>\r\n                    <\/div>\r\n                <\/div>\r\n            <\/div>\r\n        <\/a>\r\n\r\n        \r\n        <a href=\"https:\/\/talkpal.ai\/cy\/ymarferion-gramadeg-kazakh\/\">\r\n            <div class=\"learnNavigationWrapper\">\r\n                <div class=\"learnNavigationContent\">\r\n                    <img decoding=\"async\" src=\"https:\/\/talkpal.ai\/wp-content\/uploads\/2024\/08\/Kazakh.jpg\" alt=\"Kazakh Flag\">\r\n                    <div>\r\n                        <h4>Ymarfer Gramadeg Kazakh<\/h4>\r\n                        <p>Ymarfer gramadeg Kazakh.<\/p>\r\n                    <\/div>\r\n                <\/div>\r\n            <\/div>\r\n        <\/a>\r\n\r\n        \r\n        <a href=\"https:\/\/talkpal.ai\/vocabulary_language\/kazakh\/\">\r\n            <div class=\"learnNavigationWrapper\">\r\n                <div class=\"learnNavigationContent\">\r\n                    <img decoding=\"async\" src=\"https:\/\/talkpal.ai\/wp-content\/uploads\/2024\/08\/Kazakh.jpg\" alt=\"Kazakh Flag\">\r\n                    <div>\r\n                        <h4>Geirfa Kazakh<\/h4>\r\n                        <p>Ehangwch eich geirfa Kazakh.<\/p>\r\n                    <\/div>\r\n                <\/div>\r\n            <\/div>\r\n        <\/a>\r\n\r\n            <\/section>","protected":false},"excerpt":{"rendered":"<p>Gramadeg Kazakh: Datgloi Cyfrinachau&#8217;r Iaith Kazakh Pan ddaw i ddysgu&#8217;r iaith Kazakh, mae deall hanfodion gramadeg Kazakh yn hanfodol i ddatgloi ei chyfrinachau. Er ei fod yn ymddangos yn frawychus ar y dechrau, mae&#8217;r system ramadeg yn ymfalch\u00efo mewn nodweddion unigryw sy&#8217;n gwneud yr iaith yn ddiddorol. Mae&#8217;r erthygl hon yn ceisio taflu goleuni ar [&hellip;]<\/p>\n","protected":false},"author":1,"featured_media":1443789,"parent":0,"menu_order":0,"comment_status":"closed","ping_status":"closed","template":"LearningContentPage.php","meta":{"_acf_changed":false,"footnotes":""},"class_list":["post-1443786","page","type-page","status-publish","has-post-thumbnail","hentry"],"acf":[],"yoast_head":"<!-- This site is optimized with the Yoast SEO Premium plugin v27.2 (Yoast SEO v27.2) - https:\/\/yoast.com\/product\/yoast-seo-premium-wordpress\/ -->\n<title>Gramadeg Kazakh - Talkpal<\/title>\n<meta name=\"description\" content=\"Meistr gramadeg Kazakh yn ddiymdrech - dysgwch reolau hanfodol, ymarferwch strwythur brawddegau, a gwella eich rhuglder yn gyflym\" \/>\n<meta name=\"robots\" content=\"index, follow, max-snippet:-1, max-image-preview:large, max-video-preview:-1\" \/>\n<link rel=\"canonical\" href=\"https:\/\/talkpal.ai\/cy\/gramadeg-kazakh\/\" \/>\n<meta property=\"og:locale\" content=\"cy_GB\" \/>\n<meta property=\"og:type\" content=\"article\" \/>\n<meta property=\"og:title\" content=\"Gramadeg Kazakh\" \/>\n<meta property=\"og:description\" content=\"Gramadeg Kazakh: Datgloi Cyfrinachau&#039;r Iaith Kazakh Pan ddaw i ddysgu&#039;r iaith Kazakh, mae deall hanfodion gramadeg Kazakh yn hanfodol i ddatgloi ei\" \/>\n<meta property=\"og:url\" content=\"https:\/\/talkpal.ai\/cy\/gramadeg-kazakh\/\" \/>\n<meta property=\"og:site_name\" content=\"Talkpal\" \/>\n<meta property=\"article:publisher\" content=\"https:\/\/www.facebook.com\/profile.php?id=100090733639311\" \/>\n<meta property=\"article:modified_time\" content=\"2025-12-17T17:17:51+00:00\" \/>\n<meta property=\"og:image\" content=\"https:\/\/talkpal.ai\/wp-content\/uploads\/2023\/05\/kazakhstan.png\" \/>\n\t<meta property=\"og:image:width\" content=\"512\" \/>\n\t<meta property=\"og:image:height\" content=\"512\" \/>\n\t<meta property=\"og:image:type\" content=\"image\/png\" \/>\n<meta name=\"twitter:card\" content=\"summary_large_image\" \/>\n<meta name=\"twitter:site\" content=\"@talkpalai\" \/>\n<meta name=\"twitter:label1\" content=\"Est. reading time\" \/>\n\t<meta name=\"twitter:data1\" content=\"2 minutes\" \/>\n<script type=\"application\/ld+json\" class=\"yoast-schema-graph\">{\"@context\":\"https:\/\/schema.org\",\"@graph\":[{\"@type\":\"WebPage\",\"@id\":\"https:\/\/talkpal.ai\/cy\/gramadeg-kazakh\/\",\"url\":\"https:\/\/talkpal.ai\/cy\/gramadeg-kazakh\/\",\"name\":\"Gramadeg Kazakh - Talkpal\",\"isPartOf\":{\"@id\":\"https:\/\/talkpal.ai\/cy\/#website\"},\"primaryImageOfPage\":{\"@id\":\"https:\/\/talkpal.ai\/cy\/gramadeg-kazakh\/#primaryimage\"},\"image\":{\"@id\":\"https:\/\/talkpal.ai\/cy\/gramadeg-kazakh\/#primaryimage\"},\"thumbnailUrl\":\"https:\/\/talkpal.ai\/wp-content\/uploads\/2023\/05\/kazakhstan.png\",\"datePublished\":\"2023-05-14T14:11:00+00:00\",\"dateModified\":\"2025-12-17T17:17:51+00:00\",\"description\":\"Meistr gramadeg Kazakh yn ddiymdrech - dysgwch reolau hanfodol, ymarferwch strwythur brawddegau, a gwella eich rhuglder yn gyflym\",\"breadcrumb\":{\"@id\":\"https:\/\/talkpal.ai\/cy\/gramadeg-kazakh\/#breadcrumb\"},\"inLanguage\":\"cy-GB\",\"potentialAction\":[{\"@type\":\"ReadAction\",\"target\":[\"https:\/\/talkpal.ai\/cy\/gramadeg-kazakh\/\"]}]},{\"@type\":\"ImageObject\",\"inLanguage\":\"cy-GB\",\"@id\":\"https:\/\/talkpal.ai\/cy\/gramadeg-kazakh\/#primaryimage\",\"url\":\"https:\/\/talkpal.ai\/wp-content\/uploads\/2023\/05\/kazakhstan.png\",\"contentUrl\":\"https:\/\/talkpal.ai\/wp-content\/uploads\/2023\/05\/kazakhstan.png\",\"width\":512,\"height\":512,\"caption\":\"TalkPal Kazakhstan Flag\"},{\"@type\":\"BreadcrumbList\",\"@id\":\"https:\/\/talkpal.ai\/cy\/gramadeg-kazakh\/#breadcrumb\",\"itemListElement\":[{\"@type\":\"ListItem\",\"position\":1,\"name\":\"Homepage\",\"item\":\"https:\/\/talkpal.ai\/cy\/ai-athro-iaith-3\/\"},{\"@type\":\"ListItem\",\"position\":2,\"name\":\"Gramadeg Kazakh\"}]},{\"@type\":\"WebSite\",\"@id\":\"https:\/\/talkpal.ai\/cy\/#website\",\"url\":\"https:\/\/talkpal.ai\/cy\/\",\"name\":\"Talkpal\",\"description\":\"AI Language Learning\",\"publisher\":{\"@id\":\"https:\/\/talkpal.ai\/cy\/#organization\"},\"alternateName\":\"Talkpal AI\",\"potentialAction\":[{\"@type\":\"SearchAction\",\"target\":{\"@type\":\"EntryPoint\",\"urlTemplate\":\"https:\/\/talkpal.ai\/cy\/?s={search_term_string}\"},\"query-input\":{\"@type\":\"PropertyValueSpecification\",\"valueRequired\":true,\"valueName\":\"search_term_string\"}}],\"inLanguage\":\"cy-GB\"},{\"@type\":\"Organization\",\"@id\":\"https:\/\/talkpal.ai\/cy\/#organization\",\"name\":\"Talkpal, Inc.\",\"alternateName\":\"Talkpal AI\",\"url\":\"https:\/\/talkpal.ai\/cy\/\",\"logo\":{\"@type\":\"ImageObject\",\"inLanguage\":\"cy-GB\",\"@id\":\"https:\/\/talkpal.ai\/cy\/#\/schema\/logo\/image\/\",\"url\":\"https:\/\/talkpal.ai\/wp-content\/uploads\/2024\/03\/Talkpal-Logo-Icon.png\",\"contentUrl\":\"https:\/\/talkpal.ai\/wp-content\/uploads\/2024\/03\/Talkpal-Logo-Icon.png\",\"width\":2880,\"height\":2880,\"caption\":\"Talkpal, Inc.\"},\"image\":{\"@id\":\"https:\/\/talkpal.ai\/cy\/#\/schema\/logo\/image\/\"},\"sameAs\":[\"https:\/\/www.facebook.com\/profile.php?id=100090733639311\",\"https:\/\/x.com\/talkpalai\",\"https:\/\/www.linkedin.com\/company\/talkpal\/\",\"https:\/\/www.youtube.com\/@TalkPal\/\",\"https:\/\/www.tiktok.com\/@talkpal\",\"https:\/\/www.instagram.com\/talkpal_ai\/\",\"https:\/\/www.crunchbase.com\/organization\/talkpal-9cde\",\"https:\/\/www.g2.com\/products\/talkpal-for-business\/\",\"https:\/\/www.trustpilot.com\/review\/talkpal.ai\",\"https:\/\/www.capterra.com\/p\/10006800\/TalkPal\/\"],\"description\":\"Talkpal is a language learning web and mobile education app, powered by the latest AI technologies, that provides engaging experiences to its customers in many different languages to help them improve their language skills. Users can chat about unlimited amount of topics with the app and use other modes to practice their language learning.\",\"email\":\"support@talkpal.ai\",\"legalName\":\"Talkpal, Inc.\",\"foundingDate\":\"2023-04-03\",\"duns\":\"118989042\",\"numberOfEmployees\":{\"@type\":\"QuantitativeValue\",\"minValue\":\"11\",\"maxValue\":\"50\"},\"publishingPrinciples\":\"https:\/\/talkpal.ai\/publishing-principles\/\",\"actionableFeedbackPolicy\":\"https:\/\/talkpal.ai\/actionable-feedback-policy\/\",\"correctionsPolicy\":\"https:\/\/talkpal.ai\/corrections-policy\/\",\"ethicsPolicy\":\"https:\/\/talkpal.ai\/ethics-policy\/\",\"diversityPolicy\":\"https:\/\/talkpal.ai\/diversity-policy\/\",\"diversityStaffingReport\":\"https:\/\/talkpal.ai\/diversity-policy\/\"}]}<\/script>\n<!-- \/ Yoast SEO Premium plugin. -->","yoast_head_json":{"title":"Gramadeg Kazakh - Talkpal","description":"Meistr gramadeg Kazakh yn ddiymdrech - dysgwch reolau hanfodol, ymarferwch strwythur brawddegau, a gwella eich rhuglder yn gyflym","robots":{"index":"index","follow":"follow","max-snippet":"max-snippet:-1","max-image-preview":"max-image-preview:large","max-video-preview":"max-video-preview:-1"},"canonical":"https:\/\/talkpal.ai\/cy\/gramadeg-kazakh\/","og_locale":"cy_GB","og_type":"article","og_title":"Gramadeg Kazakh","og_description":"Gramadeg Kazakh: Datgloi Cyfrinachau'r Iaith Kazakh Pan ddaw i ddysgu'r iaith Kazakh, mae deall hanfodion gramadeg Kazakh yn hanfodol i ddatgloi ei","og_url":"https:\/\/talkpal.ai\/cy\/gramadeg-kazakh\/","og_site_name":"Talkpal","article_publisher":"https:\/\/www.facebook.com\/profile.php?id=100090733639311","article_modified_time":"2025-12-17T17:17:51+00:00","og_image":[{"width":512,"height":512,"url":"https:\/\/talkpal.ai\/wp-content\/uploads\/2023\/05\/kazakhstan.png","type":"image\/png"}],"twitter_card":"summary_large_image","twitter_site":"@talkpalai","twitter_misc":{"Est. reading time":"2 minutes"},"schema":{"@context":"https:\/\/schema.org","@graph":[{"@type":"WebPage","@id":"https:\/\/talkpal.ai\/cy\/gramadeg-kazakh\/","url":"https:\/\/talkpal.ai\/cy\/gramadeg-kazakh\/","name":"Gramadeg Kazakh - Talkpal","isPartOf":{"@id":"https:\/\/talkpal.ai\/cy\/#website"},"primaryImageOfPage":{"@id":"https:\/\/talkpal.ai\/cy\/gramadeg-kazakh\/#primaryimage"},"image":{"@id":"https:\/\/talkpal.ai\/cy\/gramadeg-kazakh\/#primaryimage"},"thumbnailUrl":"https:\/\/talkpal.ai\/wp-content\/uploads\/2023\/05\/kazakhstan.png","datePublished":"2023-05-14T14:11:00+00:00","dateModified":"2025-12-17T17:17:51+00:00","description":"Meistr gramadeg Kazakh yn ddiymdrech - dysgwch reolau hanfodol, ymarferwch strwythur brawddegau, a gwella eich rhuglder yn gyflym","breadcrumb":{"@id":"https:\/\/talkpal.ai\/cy\/gramadeg-kazakh\/#breadcrumb"},"inLanguage":"cy-GB","potentialAction":[{"@type":"ReadAction","target":["https:\/\/talkpal.ai\/cy\/gramadeg-kazakh\/"]}]},{"@type":"ImageObject","inLanguage":"cy-GB","@id":"https:\/\/talkpal.ai\/cy\/gramadeg-kazakh\/#primaryimage","url":"https:\/\/talkpal.ai\/wp-content\/uploads\/2023\/05\/kazakhstan.png","contentUrl":"https:\/\/talkpal.ai\/wp-content\/uploads\/2023\/05\/kazakhstan.png","width":512,"height":512,"caption":"TalkPal Kazakhstan Flag"},{"@type":"BreadcrumbList","@id":"https:\/\/talkpal.ai\/cy\/gramadeg-kazakh\/#breadcrumb","itemListElement":[{"@type":"ListItem","position":1,"name":"Homepage","item":"https:\/\/talkpal.ai\/cy\/ai-athro-iaith-3\/"},{"@type":"ListItem","position":2,"name":"Gramadeg Kazakh"}]},{"@type":"WebSite","@id":"https:\/\/talkpal.ai\/cy\/#website","url":"https:\/\/talkpal.ai\/cy\/","name":"Talkpal","description":"AI Language Learning","publisher":{"@id":"https:\/\/talkpal.ai\/cy\/#organization"},"alternateName":"Talkpal AI","potentialAction":[{"@type":"SearchAction","target":{"@type":"EntryPoint","urlTemplate":"https:\/\/talkpal.ai\/cy\/?s={search_term_string}"},"query-input":{"@type":"PropertyValueSpecification","valueRequired":true,"valueName":"search_term_string"}}],"inLanguage":"cy-GB"},{"@type":"Organization","@id":"https:\/\/talkpal.ai\/cy\/#organization","name":"Talkpal, Inc.","alternateName":"Talkpal AI","url":"https:\/\/talkpal.ai\/cy\/","logo":{"@type":"ImageObject","inLanguage":"cy-GB","@id":"https:\/\/talkpal.ai\/cy\/#\/schema\/logo\/image\/","url":"https:\/\/talkpal.ai\/wp-content\/uploads\/2024\/03\/Talkpal-Logo-Icon.png","contentUrl":"https:\/\/talkpal.ai\/wp-content\/uploads\/2024\/03\/Talkpal-Logo-Icon.png","width":2880,"height":2880,"caption":"Talkpal, Inc."},"image":{"@id":"https:\/\/talkpal.ai\/cy\/#\/schema\/logo\/image\/"},"sameAs":["https:\/\/www.facebook.com\/profile.php?id=100090733639311","https:\/\/x.com\/talkpalai","https:\/\/www.linkedin.com\/company\/talkpal\/","https:\/\/www.youtube.com\/@TalkPal\/","https:\/\/www.tiktok.com\/@talkpal","https:\/\/www.instagram.com\/talkpal_ai\/","https:\/\/www.crunchbase.com\/organization\/talkpal-9cde","https:\/\/www.g2.com\/products\/talkpal-for-business\/","https:\/\/www.trustpilot.com\/review\/talkpal.ai","https:\/\/www.capterra.com\/p\/10006800\/TalkPal\/"],"description":"Talkpal is a language learning web and mobile education app, powered by the latest AI technologies, that provides engaging experiences to its customers in many different languages to help them improve their language skills. Users can chat about unlimited amount of topics with the app and use other modes to practice their language learning.","email":"support@talkpal.ai","legalName":"Talkpal, Inc.","foundingDate":"2023-04-03","duns":"118989042","numberOfEmployees":{"@type":"QuantitativeValue","minValue":"11","maxValue":"50"},"publishingPrinciples":"https:\/\/talkpal.ai\/publishing-principles\/","actionableFeedbackPolicy":"https:\/\/talkpal.ai\/actionable-feedback-policy\/","correctionsPolicy":"https:\/\/talkpal.ai\/corrections-policy\/","ethicsPolicy":"https:\/\/talkpal.ai\/ethics-policy\/","diversityPolicy":"https:\/\/talkpal.ai\/diversity-policy\/","diversityStaffingReport":"https:\/\/talkpal.ai\/diversity-policy\/"}]}},"_links":{"self":[{"href":"https:\/\/talkpal.ai\/cy\/wp-json\/wp\/v2\/pages\/1443786","targetHints":{"allow":["GET"]}}],"collection":[{"href":"https:\/\/talkpal.ai\/cy\/wp-json\/wp\/v2\/pages"}],"about":[{"href":"https:\/\/talkpal.ai\/cy\/wp-json\/wp\/v2\/types\/page"}],"author":[{"embeddable":true,"href":"https:\/\/talkpal.ai\/cy\/wp-json\/wp\/v2\/users\/1"}],"replies":[{"embeddable":true,"href":"https:\/\/talkpal.ai\/cy\/wp-json\/wp\/v2\/comments?post=1443786"}],"version-history":[{"count":0,"href":"https:\/\/talkpal.ai\/cy\/wp-json\/wp\/v2\/pages\/1443786\/revisions"}],"wp:featuredmedia":[{"embeddable":true,"href":"https:\/\/talkpal.ai\/cy\/wp-json\/wp\/v2\/media\/1443789"}],"wp:attachment":[{"href":"https:\/\/talkpal.ai\/cy\/wp-json\/wp\/v2\/media?parent=1443786"}],"curies":[{"name":"wp","href":"https:\/\/api.w.org\/{rel}","templated":true}]}}