{"id":1443774,"date":"2023-05-14T14:10:24","date_gmt":"2023-05-14T14:10:24","guid":{"rendered":"https:\/\/talkpal.ai\/gramadeg-latfieg\/"},"modified":"2025-12-17T17:08:52","modified_gmt":"2025-12-17T17:08:52","slug":"gramadeg-latfieg","status":"publish","type":"page","link":"https:\/\/talkpal.ai\/cy\/gramadeg-latfieg\/","title":{"rendered":"Gramadeg Latfieg"},"content":{"rendered":"\r\n\r\n\r\n<section class=\"languageChallengeSection\">\r\n    <div class=\"languageInfoWrapper\">\r\n        \r\n        <h1>Gramadeg Latfieg<\/h1>\r\n        <p>Archwiliwch fyd unigryw gramadeg <a href=\"https:\/\/talkpal.ai\/learn-latvian\/\">Latfieg<\/a> a datgloi harddwch un o ieithoedd mwyaf bywiog rhanbarth y Baltig. Trwy ddeall ei strwythur a&#039;i reolau, byddwch chi&#039;n rhoi hwb i&#039;ch hyder a&#039;ch sgiliau cyfathrebu. Dechreuwch ddysgu gramadeg Latfieg heddiw a chymerwch eich cam cyntaf tuag at rhuglder!\n\n<\/p>\r\n\r\n                            <a class=\"getStartedHidden\" href=\"https:\/\/app.talkpal.ai\/signup?lng=\">Dechrau<\/a>\r\n        \r\n    <\/div>\r\n\r\n    <figure>\r\n    <img decoding=\"async\" width=\"768\" height=\"768\" src=\"https:\/\/talkpal.ai\/wp-content\/uploads\/2023\/06\/latvian-768x768.png\" class=\"languageImage no-lazy\" alt=\"Language learning to access more cultures\" fetchpriority=\"high\" sizes=\"(max-width: 768px) 150px, 768px\" srcset=\"https:\/\/talkpal.ai\/wp-content\/uploads\/2023\/06\/latvian-768x768.png 768w, https:\/\/talkpal.ai\/wp-content\/uploads\/2023\/06\/latvian-300x300.png 300w\" \/>\r\n    \r\n\r\n    <\/figure>\r\n\r\n            <a class=\"getStartedVisible\" href=\"https:\/\/app.talkpal.ai\/signup?lng=\">Dechrau<\/a>\r\n    \r\n<\/section>\r\n<section class=\"promotionalBanner\">\r\n    <p class=\"promotionalText\">Y ffordd fwyaf effeithlon o ddysgu iaith<\/p>\r\n    <a class=\"promotionalLink\" href=\"https:\/\/app.talkpal.ai\/signup?lng=\">Rhowch gynnig ar Talkpal am ddim<\/a>\r\n<\/section>\n<div class=\"wp-block-group pageContainerStyle\"><div class=\"wp-block-group__inner-container is-layout-constrained wp-block-group-is-layout-constrained\">\n<h2 class=\"wp-block-heading\" id=\"h-the-ultimate-guide-to-latvian-grammar-navigating-the-intricacies-of-a-unique-language\">Y Canllaw Ultimate i Ramadeg Latfieg: Llywio Cymhlethdodau Iaith Unigryw<\/h2>\n\n\n\n<p>Mae gramadeg Latfieg, fel yr iaith ei hun, yn cyflwyno tapestri cyfoethog a diddorol o elfennau ieithyddol. Fel iaith Baltig, mae Latfieg yn swyno dysgwyr gyda&#8217;i nodweddion amrywiol ac yn herio hyd yn oed y siaradwyr mwyaf medrus. Yn y canllaw hwn, byddwn yn archwilio egwyddorion allweddol gramadeg Latfieg, yn demystify ei chymhlethdodau, a&#8217;ch cefnogi ar eich taith i ddod yn rhugl yn yr iaith hudolus hon. Gadewch i ni ddechrau!<\/p>\n\n\n\n<h3 class=\"wp-block-heading\" id=\"h-the-nuts-and-bolts-latvian-sentence-structure\">Y Cnau a&#8217;r Bolltau: Strwythur Brawddeg Latfia<\/h3>\n\n\n\n<p>Yn ei hanfod, mae gramadeg Latfieg yn eithaf syml. Mae&#8217;r iaith yn gyffredinol yn dilyn strwythur brawddegau Subject-Verb-Object (SVO), yn debyg i&#8217;r <a href=\"https:\/\/talkpal.ai\/learn-english-with-ai\/\">Saesneg<\/a> a llawer o ieithoedd eraill. Er enghraifft, mae&#8217;r frawddeg &#8220;Rwy&#8217;n bwyta afal&#8221; yn cyfieithu i &#8220;Es \u0113du \u0101bolu&#8221; (Es \u0113du \u0101bolu). Syml, iawn? Fodd bynnag, wrth i ni gloddio&#8217;n ddyfnach, fe welwch rai nodweddion diddorol a nodweddiadol gramadeg Latfieg.<\/p>\n\n\n\n<h3 class=\"wp-block-heading\" id=\"h-meet-the-family-latvian-nouns-and-their-cases\">Cwrdd \u00e2&#8217;r Teulu: Enwau Latfieg a&#8217;u hachosion<\/h3>\n\n\n\n<p>Un o nodweddion mwyaf dryslyd gramadeg Latfieg i siaradwyr Saesneg yw&#8217;r syniad o achosion gramadeg. Yn Latfieg, mae saith achos: enwadol, genitive, dative, accusative, locative, instrumental, a vocative. Mae gan bob achos ei swyddogaeth ei hun ac mae&#8217;n effeithio ar ffurf enwau, ansoddeiriau, rhagenwau, ac weithiau hyd yn oed berfau.<\/p>\n\n\n\n<p>Er enghraifft, gadewch i ni gymryd y gair &#8220;\u0101bols&#8221; (\u0101bols) sy&#8217;n golygu &#8220;afal&#8221;:<\/p>\n\n\n\n<p><strong>\u2013 Achos enwadol (a ddefnyddir ar gyfer pynciau): \u0101bols<\/strong><\/p>\n\n\n\n<p><strong>&#8211; Achos genitive (a ddefnyddir ar gyfer meddiant): \u0101bola<\/strong><\/p>\n\n\n\n<p><strong>\u2013 Achos dadiol (a ddefnyddir ar gyfer gwrthrychau anuniongyrchol): \u0101bolam<\/strong><\/p>\n\n\n\n<p><strong>&#8211; Achos cyhuddiadol (a ddefnyddir ar gyfer gwrthrychau uniongyrchol): \u0101bolu<\/strong><\/p>\n\n\n\n<p><strong>\u2013 Llythrennau lleol (a ddefnyddir ar gyfer lleoliad): \u0101bol\u0101<\/strong><\/p>\n\n\n\n<p><strong>\u2013 Achos offerynnol (a ddefnyddir ar gyfer y modd y mae gweithred yn cael ei berfformio): \u0101bolu\/-iem<\/strong><\/p>\n\n\n\n<p><strong>\u2013 Achos vocative (a ddefnyddir ar gyfer annerch rhywun neu rywbeth): \u0101bol<\/strong><\/p>\n\n\n\n<p>Mae&#8217;n bwysig ymgyfarwyddo \u00e2&#8217;r achosion hyn, gan y gallant newid ystyr eich brawddegau yn ddramatig.<\/p>\n\n\n\n<h3 class=\"wp-block-heading\" id=\"h-playing-with-numbers-latvian-plurals-and-genders\">Chwarae gyda Rhifau: Lluosog a Rhywiau Latfieg<\/h3>\n\n\n\n<p>Wrth ffurfio lluosog yn Latfieg, mae&#8217;n hanfodol cadw mewn cof rhyw yr enw. Yn Latfieg, mae gan enwau ddau ryw &#8211; gwrywaidd a benywaidd. Mae rhywedd yn effeithio ar derfyniadau enwau, ansoddeiriau, rhifolion a rhai ffurfiau berfau.<\/p>\n\n\n\n<p>Yn gyffredinol, mae enwau gwrywaidd yn yr achos enwadol lluosog yn gorffen yn -i, tra bod enwau benywaidd yn gorffen yn -as. Er enghraifft, mae &#8220;zirgs&#8221; (zirgs, enw gwrywaidd sy&#8217;n golygu &#8220;ceffyl&#8221;) yn dod yn &#8220;zirgi&#8221; (zirgi, ceffylau), a &#8220;sieviete&#8221; (sieviete, enw benywaidd sy&#8217;n golygu &#8220;menyw&#8221;) yn dod yn &#8220;sievietes&#8221; (sievietes, menywod).<\/p>\n\n\n\n<p><a href=\"https:\/\/talkpal.ai\/culture\/how-do-i-use-wrth-gwrs-in-conversation\/\">Wrth gwrs<\/a>, mae rhai eithriadau yn bodoli, a dyna pam mae&#8217;n hanfodol dysgu enwau ynghyd \u00e2&#8217;u rhyweddau a bod yn ymwybodol o unrhyw luosog afreolaidd.<\/p>\n\n\n\n<h3 class=\"wp-block-heading\" id=\"h-the-art-of-conjugation-latvian-verbs\">Y Grefft o Gyfuno: Berfau Latfieg<\/h3>\n\n\n\n<p>Gall berfau Latfieg ymddangos yn frawychus i ddechrau oherwydd eu hamau, hwyliau a chyfuniadau niferus. Fodd bynnag, yr allwedd i&#8217;w deall yw adnabod patrymau cyffredin ac ymarfer yn rheolaidd.<\/p>\n\n\n\n<p>Yn Latfig, rhennir berfau&#8217;n dri gr\u0175p yn seiliedig ar eu terfyniadau anfeidredd, -t, -ties, a -ties\/-t. Mae gan bob gr\u0175p reolau conjugation penodol. Gadewch i ni gymryd y ferf &#8220;las\u012bt&#8221; (darllen, &#8220;darllen&#8221;) fel enghraifft:<\/p>\n\n\n\n<p><strong>Amser presennol: Es lasu (Es lasu, &#8220;Rwy&#8217;n darllen&#8221;)<\/strong><\/p>\n\n\n\n<p><strong>Amser gorffennol: Es las\u012bju (Es las\u012bju, &#8220;rwy&#8217;n darllen&#8221;)<\/strong><\/p>\n\n\n\n<p><strong>Amser y dyfodol: Es las\u012b\u0161u (Es las\u012b\u0161u, &#8220;byddaf yn darllen&#8221;)<\/strong><\/p>\n\n\n\n<p>Fel y gwelwch, mae&#8217;r terfyniadau yn newid yn \u00f4l yr amser. Ac nid yw hyn hyd yn oed yn crafu wyneb cyfuniad berfau Latfieg! Fodd bynnag, peidiwch \u00e2 gadael iddo eich digalonni. Gydag ymarfer ac amynedd, byddwch chi&#8217;n dechrau adnabod y patrymau ac yn goresgyn yr her hon.<\/p>\n\n\n\n<h3 class=\"wp-block-heading\" id=\"h-the-finishing-touches-latvian-adjectives-adverbs-and-more\">Y Cyffyrddiadau Terfynol: Ansoddeiriau Latfieg, Adferfau, a Mwy<\/h3>\n\n\n\n<p>Pan ddaw i ansoddeiriau ac adferfau Latfieg, maent yn chwarae rhan hanfodol wrth ychwanegu dyfnder a chymhlethdod i&#8217;ch lleferydd. Rhaid i ansoddeiriau gytuno \u00e2&#8217;r enwau maen nhw&#8217;n eu haddasu o ran rhyw ac achos, gyda therfyniadau sy&#8217;n amrywio yn unol \u00e2 hynny.<\/p>\n\n\n\n<p>Er enghraifft, mae &#8220;gar\u0161\u012bgs&#8221; (gar\u0161\u012bgs) yn golygu &#8220;blasus,&#8221; ac efallai y byddwch chi&#8217;n ei weld fel &#8220;gar\u0161\u012bgs \u0101bols&#8221; (gar\u0161\u012bgs \u0101bols, &#8220;afal blasus&#8221;) neu &#8220;gar\u0161\u012bga zupa&#8221; (gar\u0161\u012bga zupa, &#8220;cawl blasus&#8221;), gyda gwahanol derfyniadau ar gyfer enwau gwrywaidd a benywaidd.<\/p>\n\n\n\n<p>Mae adferfau fel arfer yn dilyn patrymau tebyg, yn aml yn deillio o ansoddeiriau. Yn Latfieg, mae&#8217;r mwyafrif o adferfau yn gorffen yn -i, sef yr un ffurf \u00e2&#8217;r cyhuddiad unigol gwrywaidd ar gyfer ansoddeiriau.<\/p>\n\n\n\n<p>I gloi, mae cymhlethdodau a hynodrwydd gramadeg Latfieg, er eu bod yn heriol, yn rhoi harddwch a chymeriad cyfareddol i&#8217;r iaith. Gyda chyfuniad o ddyfalbarhad, chwilfrydedd, a chymhwysiad ymarferol, byddwch yn fuan yn llywio gramadeg Latfieg yn rhwydd a hyder. Dysgu hapus!<\/p>\n<\/div><\/div>\n\r\n<section class=\"learnNavigationSection\">\r\n            \r\n        <a href=\"https:\/\/talkpal.ai\/cy\/dysgu-latfia\/\">\r\n            <div class=\"learnNavigationWrapper\">\r\n                <div class=\"learnNavigationContent\">\r\n                    <img decoding=\"async\" src=\"https:\/\/talkpal.ai\/wp-content\/uploads\/2024\/08\/Latvian.jpg\" alt=\"Latvian Flag\">\r\n                    <div>\r\n                        <h4>Yngl\u0177n \u00e2 Dysgu Latfieg<\/h4>\r\n                        <p>Darganfyddwch bopeth am ramadeg Latfieg.<\/p>\r\n                    <\/div>\r\n                <\/div>\r\n            <\/div>\r\n        <\/a>\r\n\r\n        \r\n        <a href=\"https:\/\/talkpal.ai\/cy\/ymarferion-gramadeg-latfia\/\">\r\n            <div class=\"learnNavigationWrapper\">\r\n                <div class=\"learnNavigationContent\">\r\n                    <img decoding=\"async\" src=\"https:\/\/talkpal.ai\/wp-content\/uploads\/2024\/08\/Latvian.jpg\" alt=\"Latvian Flag\">\r\n                    <div>\r\n                        <h4>Ymarfer Gramadeg Latfieg<\/h4>\r\n                        <p>Ymarfer gramadeg Latfieg.<\/p>\r\n                    <\/div>\r\n                <\/div>\r\n            <\/div>\r\n        <\/a>\r\n\r\n        \r\n        <a href=\"https:\/\/talkpal.ai\/vocabulary_language\/latvian\/\">\r\n            <div class=\"learnNavigationWrapper\">\r\n                <div class=\"learnNavigationContent\">\r\n                    <img decoding=\"async\" src=\"https:\/\/talkpal.ai\/wp-content\/uploads\/2024\/08\/Latvian.jpg\" alt=\"Latvian Flag\">\r\n                    <div>\r\n                        <h4>Geirfa Latfieg<\/h4>\r\n                        <p>Ehangwch eich geirfa Latfieg.<\/p>\r\n                    <\/div>\r\n                <\/div>\r\n            <\/div>\r\n        <\/a>\r\n\r\n            <\/section>","protected":false},"excerpt":{"rendered":"<p>Y Canllaw Ultimate i Ramadeg Latfieg: Llywio Cymhlethdodau Iaith Unigryw Mae gramadeg Latfieg, fel yr iaith ei hun, yn cyflwyno tapestri cyfoethog a diddorol o elfennau ieithyddol. Fel iaith Baltig, mae Latfieg yn swyno dysgwyr gyda&#8217;i nodweddion amrywiol ac yn herio hyd yn oed y siaradwyr mwyaf medrus. Yn y canllaw hwn, byddwn yn archwilio [&hellip;]<\/p>\n","protected":false},"author":1,"featured_media":1443777,"parent":0,"menu_order":0,"comment_status":"closed","ping_status":"closed","template":"LearningContentPage.php","meta":{"_acf_changed":false,"footnotes":""},"class_list":["post-1443774","page","type-page","status-publish","has-post-thumbnail","hentry"],"acf":[],"yoast_head":"<!-- This site is optimized with the Yoast SEO Premium plugin v27.2 (Yoast SEO v27.2) - https:\/\/yoast.com\/product\/yoast-seo-premium-wordpress\/ -->\n<title>Gramadeg Latfieg - Talkpal<\/title>\n<meta name=\"description\" content=\"Meistr gramadeg Latfieg yn hyderus - dysgu rheolau, ymarfer defnydd, a rhoi hwb i gywirdeb iaith yn hawdd gyda chanllawiau AI personol TalkPal.\" \/>\n<meta name=\"robots\" content=\"index, follow, max-snippet:-1, max-image-preview:large, max-video-preview:-1\" \/>\n<link rel=\"canonical\" href=\"https:\/\/talkpal.ai\/cy\/gramadeg-latfieg\/\" \/>\n<meta property=\"og:locale\" content=\"cy_GB\" \/>\n<meta property=\"og:type\" content=\"article\" \/>\n<meta property=\"og:title\" content=\"Gramadeg Latfieg\" \/>\n<meta property=\"og:description\" content=\"Y Canllaw Ultimate i Ramadeg Latfieg: Llywio Cymhlethdodau Iaith Unigryw Mae gramadeg Latfieg, fel yr iaith ei hun, yn cyflwyno tapestri cyfoethog a\" \/>\n<meta property=\"og:url\" content=\"https:\/\/talkpal.ai\/cy\/gramadeg-latfieg\/\" \/>\n<meta property=\"og:site_name\" content=\"Talkpal\" \/>\n<meta property=\"article:publisher\" content=\"https:\/\/www.facebook.com\/profile.php?id=100090733639311\" \/>\n<meta property=\"article:modified_time\" content=\"2025-12-17T17:08:52+00:00\" \/>\n<meta property=\"og:image\" content=\"https:\/\/talkpal.ai\/wp-content\/uploads\/2023\/05\/latvia.png\" \/>\n\t<meta property=\"og:image:width\" content=\"512\" \/>\n\t<meta property=\"og:image:height\" content=\"512\" \/>\n\t<meta property=\"og:image:type\" content=\"image\/png\" \/>\n<meta name=\"twitter:card\" content=\"summary_large_image\" \/>\n<meta name=\"twitter:site\" content=\"@talkpalai\" \/>\n<meta name=\"twitter:label1\" content=\"Est. reading time\" \/>\n\t<meta name=\"twitter:data1\" content=\"4 minutes\" \/>\n<script type=\"application\/ld+json\" class=\"yoast-schema-graph\">{\"@context\":\"https:\/\/schema.org\",\"@graph\":[{\"@type\":\"WebPage\",\"@id\":\"https:\/\/talkpal.ai\/cy\/gramadeg-latfieg\/\",\"url\":\"https:\/\/talkpal.ai\/cy\/gramadeg-latfieg\/\",\"name\":\"Gramadeg Latfieg - Talkpal\",\"isPartOf\":{\"@id\":\"https:\/\/talkpal.ai\/cy\/#website\"},\"primaryImageOfPage\":{\"@id\":\"https:\/\/talkpal.ai\/cy\/gramadeg-latfieg\/#primaryimage\"},\"image\":{\"@id\":\"https:\/\/talkpal.ai\/cy\/gramadeg-latfieg\/#primaryimage\"},\"thumbnailUrl\":\"https:\/\/talkpal.ai\/wp-content\/uploads\/2023\/05\/latvia.png\",\"datePublished\":\"2023-05-14T14:10:24+00:00\",\"dateModified\":\"2025-12-17T17:08:52+00:00\",\"description\":\"Meistr gramadeg Latfieg yn hyderus - dysgu rheolau, ymarfer defnydd, a rhoi hwb i gywirdeb iaith yn hawdd gyda chanllawiau AI personol TalkPal.\",\"breadcrumb\":{\"@id\":\"https:\/\/talkpal.ai\/cy\/gramadeg-latfieg\/#breadcrumb\"},\"inLanguage\":\"cy-GB\",\"potentialAction\":[{\"@type\":\"ReadAction\",\"target\":[\"https:\/\/talkpal.ai\/cy\/gramadeg-latfieg\/\"]}]},{\"@type\":\"ImageObject\",\"inLanguage\":\"cy-GB\",\"@id\":\"https:\/\/talkpal.ai\/cy\/gramadeg-latfieg\/#primaryimage\",\"url\":\"https:\/\/talkpal.ai\/wp-content\/uploads\/2023\/05\/latvia.png\",\"contentUrl\":\"https:\/\/talkpal.ai\/wp-content\/uploads\/2023\/05\/latvia.png\",\"width\":512,\"height\":512,\"caption\":\"TalkPal Latvia Flag\"},{\"@type\":\"BreadcrumbList\",\"@id\":\"https:\/\/talkpal.ai\/cy\/gramadeg-latfieg\/#breadcrumb\",\"itemListElement\":[{\"@type\":\"ListItem\",\"position\":1,\"name\":\"Homepage\",\"item\":\"https:\/\/talkpal.ai\/cy\/ai-athro-iaith-3\/\"},{\"@type\":\"ListItem\",\"position\":2,\"name\":\"Gramadeg Latfieg\"}]},{\"@type\":\"WebSite\",\"@id\":\"https:\/\/talkpal.ai\/cy\/#website\",\"url\":\"https:\/\/talkpal.ai\/cy\/\",\"name\":\"Talkpal\",\"description\":\"AI Language Learning\",\"publisher\":{\"@id\":\"https:\/\/talkpal.ai\/cy\/#organization\"},\"alternateName\":\"Talkpal AI\",\"potentialAction\":[{\"@type\":\"SearchAction\",\"target\":{\"@type\":\"EntryPoint\",\"urlTemplate\":\"https:\/\/talkpal.ai\/cy\/?s={search_term_string}\"},\"query-input\":{\"@type\":\"PropertyValueSpecification\",\"valueRequired\":true,\"valueName\":\"search_term_string\"}}],\"inLanguage\":\"cy-GB\"},{\"@type\":\"Organization\",\"@id\":\"https:\/\/talkpal.ai\/cy\/#organization\",\"name\":\"Talkpal, Inc.\",\"alternateName\":\"Talkpal AI\",\"url\":\"https:\/\/talkpal.ai\/cy\/\",\"logo\":{\"@type\":\"ImageObject\",\"inLanguage\":\"cy-GB\",\"@id\":\"https:\/\/talkpal.ai\/cy\/#\/schema\/logo\/image\/\",\"url\":\"https:\/\/talkpal.ai\/wp-content\/uploads\/2024\/03\/Talkpal-Logo-Icon.png\",\"contentUrl\":\"https:\/\/talkpal.ai\/wp-content\/uploads\/2024\/03\/Talkpal-Logo-Icon.png\",\"width\":2880,\"height\":2880,\"caption\":\"Talkpal, Inc.\"},\"image\":{\"@id\":\"https:\/\/talkpal.ai\/cy\/#\/schema\/logo\/image\/\"},\"sameAs\":[\"https:\/\/www.facebook.com\/profile.php?id=100090733639311\",\"https:\/\/x.com\/talkpalai\",\"https:\/\/www.linkedin.com\/company\/talkpal\/\",\"https:\/\/www.youtube.com\/@TalkPal\/\",\"https:\/\/www.tiktok.com\/@talkpal\",\"https:\/\/www.instagram.com\/talkpal_ai\/\",\"https:\/\/www.crunchbase.com\/organization\/talkpal-9cde\",\"https:\/\/www.g2.com\/products\/talkpal-for-business\/\",\"https:\/\/www.trustpilot.com\/review\/talkpal.ai\",\"https:\/\/www.capterra.com\/p\/10006800\/TalkPal\/\"],\"description\":\"Talkpal is a language learning web and mobile education app, powered by the latest AI technologies, that provides engaging experiences to its customers in many different languages to help them improve their language skills. Users can chat about unlimited amount of topics with the app and use other modes to practice their language learning.\",\"email\":\"support@talkpal.ai\",\"legalName\":\"Talkpal, Inc.\",\"foundingDate\":\"2023-04-03\",\"duns\":\"118989042\",\"numberOfEmployees\":{\"@type\":\"QuantitativeValue\",\"minValue\":\"11\",\"maxValue\":\"50\"},\"publishingPrinciples\":\"https:\/\/talkpal.ai\/publishing-principles\/\",\"actionableFeedbackPolicy\":\"https:\/\/talkpal.ai\/actionable-feedback-policy\/\",\"correctionsPolicy\":\"https:\/\/talkpal.ai\/corrections-policy\/\",\"ethicsPolicy\":\"https:\/\/talkpal.ai\/ethics-policy\/\",\"diversityPolicy\":\"https:\/\/talkpal.ai\/diversity-policy\/\",\"diversityStaffingReport\":\"https:\/\/talkpal.ai\/diversity-policy\/\"}]}<\/script>\n<!-- \/ Yoast SEO Premium plugin. -->","yoast_head_json":{"title":"Gramadeg Latfieg - Talkpal","description":"Meistr gramadeg Latfieg yn hyderus - dysgu rheolau, ymarfer defnydd, a rhoi hwb i gywirdeb iaith yn hawdd gyda chanllawiau AI personol TalkPal.","robots":{"index":"index","follow":"follow","max-snippet":"max-snippet:-1","max-image-preview":"max-image-preview:large","max-video-preview":"max-video-preview:-1"},"canonical":"https:\/\/talkpal.ai\/cy\/gramadeg-latfieg\/","og_locale":"cy_GB","og_type":"article","og_title":"Gramadeg Latfieg","og_description":"Y Canllaw Ultimate i Ramadeg Latfieg: Llywio Cymhlethdodau Iaith Unigryw Mae gramadeg Latfieg, fel yr iaith ei hun, yn cyflwyno tapestri cyfoethog a","og_url":"https:\/\/talkpal.ai\/cy\/gramadeg-latfieg\/","og_site_name":"Talkpal","article_publisher":"https:\/\/www.facebook.com\/profile.php?id=100090733639311","article_modified_time":"2025-12-17T17:08:52+00:00","og_image":[{"width":512,"height":512,"url":"https:\/\/talkpal.ai\/wp-content\/uploads\/2023\/05\/latvia.png","type":"image\/png"}],"twitter_card":"summary_large_image","twitter_site":"@talkpalai","twitter_misc":{"Est. reading time":"4 minutes"},"schema":{"@context":"https:\/\/schema.org","@graph":[{"@type":"WebPage","@id":"https:\/\/talkpal.ai\/cy\/gramadeg-latfieg\/","url":"https:\/\/talkpal.ai\/cy\/gramadeg-latfieg\/","name":"Gramadeg Latfieg - Talkpal","isPartOf":{"@id":"https:\/\/talkpal.ai\/cy\/#website"},"primaryImageOfPage":{"@id":"https:\/\/talkpal.ai\/cy\/gramadeg-latfieg\/#primaryimage"},"image":{"@id":"https:\/\/talkpal.ai\/cy\/gramadeg-latfieg\/#primaryimage"},"thumbnailUrl":"https:\/\/talkpal.ai\/wp-content\/uploads\/2023\/05\/latvia.png","datePublished":"2023-05-14T14:10:24+00:00","dateModified":"2025-12-17T17:08:52+00:00","description":"Meistr gramadeg Latfieg yn hyderus - dysgu rheolau, ymarfer defnydd, a rhoi hwb i gywirdeb iaith yn hawdd gyda chanllawiau AI personol TalkPal.","breadcrumb":{"@id":"https:\/\/talkpal.ai\/cy\/gramadeg-latfieg\/#breadcrumb"},"inLanguage":"cy-GB","potentialAction":[{"@type":"ReadAction","target":["https:\/\/talkpal.ai\/cy\/gramadeg-latfieg\/"]}]},{"@type":"ImageObject","inLanguage":"cy-GB","@id":"https:\/\/talkpal.ai\/cy\/gramadeg-latfieg\/#primaryimage","url":"https:\/\/talkpal.ai\/wp-content\/uploads\/2023\/05\/latvia.png","contentUrl":"https:\/\/talkpal.ai\/wp-content\/uploads\/2023\/05\/latvia.png","width":512,"height":512,"caption":"TalkPal Latvia Flag"},{"@type":"BreadcrumbList","@id":"https:\/\/talkpal.ai\/cy\/gramadeg-latfieg\/#breadcrumb","itemListElement":[{"@type":"ListItem","position":1,"name":"Homepage","item":"https:\/\/talkpal.ai\/cy\/ai-athro-iaith-3\/"},{"@type":"ListItem","position":2,"name":"Gramadeg Latfieg"}]},{"@type":"WebSite","@id":"https:\/\/talkpal.ai\/cy\/#website","url":"https:\/\/talkpal.ai\/cy\/","name":"Talkpal","description":"AI Language Learning","publisher":{"@id":"https:\/\/talkpal.ai\/cy\/#organization"},"alternateName":"Talkpal AI","potentialAction":[{"@type":"SearchAction","target":{"@type":"EntryPoint","urlTemplate":"https:\/\/talkpal.ai\/cy\/?s={search_term_string}"},"query-input":{"@type":"PropertyValueSpecification","valueRequired":true,"valueName":"search_term_string"}}],"inLanguage":"cy-GB"},{"@type":"Organization","@id":"https:\/\/talkpal.ai\/cy\/#organization","name":"Talkpal, Inc.","alternateName":"Talkpal AI","url":"https:\/\/talkpal.ai\/cy\/","logo":{"@type":"ImageObject","inLanguage":"cy-GB","@id":"https:\/\/talkpal.ai\/cy\/#\/schema\/logo\/image\/","url":"https:\/\/talkpal.ai\/wp-content\/uploads\/2024\/03\/Talkpal-Logo-Icon.png","contentUrl":"https:\/\/talkpal.ai\/wp-content\/uploads\/2024\/03\/Talkpal-Logo-Icon.png","width":2880,"height":2880,"caption":"Talkpal, Inc."},"image":{"@id":"https:\/\/talkpal.ai\/cy\/#\/schema\/logo\/image\/"},"sameAs":["https:\/\/www.facebook.com\/profile.php?id=100090733639311","https:\/\/x.com\/talkpalai","https:\/\/www.linkedin.com\/company\/talkpal\/","https:\/\/www.youtube.com\/@TalkPal\/","https:\/\/www.tiktok.com\/@talkpal","https:\/\/www.instagram.com\/talkpal_ai\/","https:\/\/www.crunchbase.com\/organization\/talkpal-9cde","https:\/\/www.g2.com\/products\/talkpal-for-business\/","https:\/\/www.trustpilot.com\/review\/talkpal.ai","https:\/\/www.capterra.com\/p\/10006800\/TalkPal\/"],"description":"Talkpal is a language learning web and mobile education app, powered by the latest AI technologies, that provides engaging experiences to its customers in many different languages to help them improve their language skills. Users can chat about unlimited amount of topics with the app and use other modes to practice their language learning.","email":"support@talkpal.ai","legalName":"Talkpal, Inc.","foundingDate":"2023-04-03","duns":"118989042","numberOfEmployees":{"@type":"QuantitativeValue","minValue":"11","maxValue":"50"},"publishingPrinciples":"https:\/\/talkpal.ai\/publishing-principles\/","actionableFeedbackPolicy":"https:\/\/talkpal.ai\/actionable-feedback-policy\/","correctionsPolicy":"https:\/\/talkpal.ai\/corrections-policy\/","ethicsPolicy":"https:\/\/talkpal.ai\/ethics-policy\/","diversityPolicy":"https:\/\/talkpal.ai\/diversity-policy\/","diversityStaffingReport":"https:\/\/talkpal.ai\/diversity-policy\/"}]}},"_links":{"self":[{"href":"https:\/\/talkpal.ai\/cy\/wp-json\/wp\/v2\/pages\/1443774","targetHints":{"allow":["GET"]}}],"collection":[{"href":"https:\/\/talkpal.ai\/cy\/wp-json\/wp\/v2\/pages"}],"about":[{"href":"https:\/\/talkpal.ai\/cy\/wp-json\/wp\/v2\/types\/page"}],"author":[{"embeddable":true,"href":"https:\/\/talkpal.ai\/cy\/wp-json\/wp\/v2\/users\/1"}],"replies":[{"embeddable":true,"href":"https:\/\/talkpal.ai\/cy\/wp-json\/wp\/v2\/comments?post=1443774"}],"version-history":[{"count":0,"href":"https:\/\/talkpal.ai\/cy\/wp-json\/wp\/v2\/pages\/1443774\/revisions"}],"wp:featuredmedia":[{"embeddable":true,"href":"https:\/\/talkpal.ai\/cy\/wp-json\/wp\/v2\/media\/1443777"}],"wp:attachment":[{"href":"https:\/\/talkpal.ai\/cy\/wp-json\/wp\/v2\/media?parent=1443774"}],"curies":[{"name":"wp","href":"https:\/\/api.w.org\/{rel}","templated":true}]}}