{"id":1443739,"date":"2023-05-14T14:09:11","date_gmt":"2023-05-14T14:09:11","guid":{"rendered":"https:\/\/talkpal.ai\/gramadeg-gwlad-yr-ia\/"},"modified":"2025-12-12T10:50:27","modified_gmt":"2025-12-12T10:50:27","slug":"gramadeg-gwlad-yr-ia","status":"publish","type":"page","link":"https:\/\/talkpal.ai\/cy\/gramadeg-gwlad-yr-ia\/","title":{"rendered":"Gramadeg Gwlad yr I\u00e2"},"content":{"rendered":"\r\n\r\n\r\n<section class=\"languageChallengeSection\">\r\n    <div class=\"languageInfoWrapper\">\r\n        \r\n        <h1>Gramadeg Gwlad yr I\u00e2<\/h1>\r\n        <p>Archwiliwch strwythur diddorol Gwlad yr I\u00e2 trwy ddysgu ei rheolau gramadeg sylfaenol. Bydd meistroli gramadeg Gwlad yr I\u00e2 yn eich helpu i gyfathrebu&#039;n effeithiol a chysylltu&#039;n ddyfnach \u00e2 diwylliant a hanes unigryw Gwlad yr I\u00e2. Dechreuwch ddysgu gramadeg Gwlad yr I\u00e2 heddiw a chymerwch eich cam cyntaf tuag at rhuglder!<\/p>\r\n\r\n                            <a class=\"getStartedHidden\" href=\"https:\/\/app.talkpal.ai\/signup?lng=\">Dechrau<\/a>\r\n        \r\n    <\/div>\r\n\r\n    <figure>\r\n    <img decoding=\"async\" width=\"768\" height=\"768\" src=\"https:\/\/talkpal.ai\/wp-content\/uploads\/2023\/06\/Icelandic-768x768.png\" class=\"languageImage no-lazy\" alt=\"Language learning for better job opportunities\" fetchpriority=\"high\" sizes=\"(max-width: 768px) 150px, 768px\" srcset=\"https:\/\/talkpal.ai\/wp-content\/uploads\/2023\/06\/Icelandic-768x768.png 768w, https:\/\/talkpal.ai\/wp-content\/uploads\/2023\/06\/Icelandic-300x300.png 300w\" \/>\r\n    \r\n\r\n    <\/figure>\r\n\r\n            <a class=\"getStartedVisible\" href=\"https:\/\/app.talkpal.ai\/signup?lng=\">Dechrau<\/a>\r\n    \r\n<\/section>\r\n<section class=\"promotionalBanner\">\r\n    <p class=\"promotionalText\">Y ffordd fwyaf effeithlon o ddysgu iaith<\/p>\r\n    <a class=\"promotionalLink\" href=\"https:\/\/app.talkpal.ai\/signup?lng=\">Rhowch gynnig ar Talkpal am ddim<\/a>\r\n<\/section>\n<div class=\"wp-block-group pageContainerStyle\"><div class=\"wp-block-group__inner-container is-layout-constrained wp-block-group-is-layout-constrained\">\n<h2 class=\"wp-block-heading\" id=\"h-the-magic-of-icelandic-grammar-unlocking-the-secrets-of-the-viking-tongue\">Hud Gramadeg Gwlad yr I\u00e2: Datgloi Cyfrinachau&#8217;r Tafod Llychlynnaidd<\/h2>\n\n\n\n<h3 class=\"wp-block-heading\" id=\"h-introduction-icelandic-the-land-of-fire-and-ice\">Cyflwyniad: Gwlad yr I\u00e2, Gwlad y T\u00e2n a&#8217;r I\u00e2<\/h3>\n\n\n\n<p>Mae&#8217;r iaith Gwlad yr I\u00e2, a siaredir gan bobl cenedl ynys syfrdanol Gwlad yr I\u00e2, yn enwog am ei hanes cyfoethog, traddodiad barddonol cyfareddol, a&#8217;i gallu eithriadol i addasu ac esblygu gyda&#8217;r amseroedd. Yn ddisgynnydd o&#8217;r Hen Norseg, mae gan <a href=\"https:\/\/talkpal.ai\/learn-icelandic\/\">Islandeg<\/a> swyn arbennig sy&#8217;n swyno cariadon iaith a polyglots uchelgeisiol. Felly, clymwch eich gwregysau diogelwch, folks! Rydyn ni ar <a href=\"https:\/\/talkpal.ai\/learn-finnish\/\">fin<\/a> plymio i fyd hardd, cymhleth gramadeg Gwlad yr I\u00e2, gan ddatgelu ei dirgelion a darganfod ei drysorau cudd ar hyd y ffordd.<\/p>\n\n\n\n<h3 class=\"wp-block-heading\" id=\"h-1-runic-scripts-to-latin-alphabet-a-story-of-transformation\">1. Sgriptiau Runig i&#8217;r Wyddor Ladin: Stori Trawsnewid<\/h3>\n\n\n\n<p>Mae&#8217;r wyddor Gwlad yr I\u00e2 yn antur ynddo&#8217;i hun, sy&#8217;n cynnwys 32 o gymeriadau sy&#8217;n tarddu o wahanol wreiddiau hanesyddol. Er ei fod yn seiliedig yn bennaf ar y sgript Ladin, mae&#8217;r wyddor yn cadw rhai cymeriadau nodedig o sgript rwnig ei hynafiaid Llychlynnaidd hynafol. Meistroli&#8217;r cymeriadau hyn yw&#8217;r rhwystr cyntaf wrth ddysgu&#8217;r iaith, ond gydag ymarfer, byddwch chi&#8217;n feistr mewn dim o dro!<\/p>\n\n\n\n<h3 class=\"wp-block-heading\" id=\"h-2-noun-mastery-getting-to-the-roots-of-icelandic-grammar\">2. Meistrolaeth Enwau: Cyrraedd Gwreiddiau Gramadeg Gwlad yr I\u00e2<\/h3>\n\n\n\n<p>Un o nodweddion craidd gramadeg Gwlad yr I\u00e2 yw trawsnewid enwau yn \u00f4l rhyw, rhif, ac achos. Gall enwau Gwlad yr I\u00e2 fod yn fenywaidd, gwrywaidd, neu neuter, ac mae pob rhyw yn dod \u00e2&#8217;i set unigryw o reolau ar gyfer dirywiad. Er y gallai hyn ymddangos fel taith rollercoaster ieithyddol, mae deall y cymhlethdodau hyn yn hanfodol i ddeall yr iaith yn ei chyfanrwydd. Bydd y wybodaeth a enillwch yn agor byd o bosibiliadau i fynegi ystod o ystyron cynnil a chymhleth \u2013 gwir ogoniant gramadeg Gwlad yr I\u00e2!<\/p>\n\n\n\n<h3 class=\"wp-block-heading\" id=\"h-3-the-mighty-verb-icelandic-s-unsung-hero\">3. The Mighty Verb: Islandic&#8217;s Unsung Hero<\/h3>\n\n\n\n<p>Fel enwau, mae berfau Gwlad yr I\u00e2 yn cael trawsnewidiad helaeth yn dibynnu ar eu hamser, hwyliau, a pherson a rhif y pwnc. Mae&#8217;r system gymhleth hon yn gallu bod yn frawychus ar y dechrau ond bear gyda mi! Wrth i chi ddysgu&#8217;r patrymau rheolaidd a&#8217;r rhyfeddod afreolaidd, byddwch chi&#8217;n dechrau gweld pa mor cain ac amlbwrpas y gall cyfuniad berfau Gwlad yr I\u00e2 fod. Bydd goresgyn y berfau Gwlad yr I\u00e2 yn datgloi&#8217;r p\u0175er i fynegi meddyliau, teimladau a gweithredoedd gyda manwl gywirdeb a chreadigrwydd.<\/p>\n\n\n\n<h3 class=\"wp-block-heading\" id=\"h-4-word-order-icelandic-s-flexible-backbone\">4. Trefn Geiriau: Asgwrn cefn hyblyg Gwlad yr I\u00e2<\/h3>\n\n\n\n<p>Mewn cyferbyniad ag anhyblygrwydd rhai elfennau o ramadeg Gwlad yr I\u00e2, mae&#8217;r iaith yn cynnig hyblygrwydd wrth drefnu geiriau. Mae hyn yn golygu y gallwch roi&#8217;r pwnc, y ferf a&#8217;r gwrthrych mewn trefniadau amrywiol cyn belled \u00e2&#8217;ch bod chi&#8217;n cadw cytundeb mewn rhyw, rhif, achosion, a mwy \u2013 byddwch chi&#8217;n rhyddhau&#8217;r artist ynoch chi! Gall addasu eich brawddegau yn y modd chwareus hwn helpu i greu pwyslais, nuance, a th\u00f4n sgwrsio, gan wneud eich lleferydd yn fwy diddorol a phleserus.<\/p>\n\n\n\n<h3 class=\"wp-block-heading\" id=\"h-5-embrace-the-culture-discover-the-pulse-of-the-icelandic-language\">5. Cofleidio&#8217;r Diwylliant: Darganfyddwch Pwls yr Iaith Gwlad yr I\u00e2<\/h3>\n\n\n\n<p>Ni ellir ysgaru&#8217;r iaith Gwlad yr I\u00e2 o&#8217;i gwreiddiau diwylliannol, gyda&#8217;i chysylltiadau cryf \u00e2&#8217;r sagas, yr Eddas, a hanes unigryw a byd-olwg y genedl. <a href=\"https:\/\/talkpal.ai\/culture\/how-do-i-use-er-mwyn-correctly\/\">Er mwyn<\/a> ymgolli yn wirioneddol yn yr iaith, cofleidio ei chyd-destun yn llwyr. Plymiwch i&#8217;w ll\u00ean gwerin, bwyta ei drysorau llenyddol, ac ymgysylltu \u00e2 siaradwyr brodorol. Mae&#8217;r dull hwn yn allweddol i gyflawni hyfedredd ieithyddol a chysylltiad dyfnach \u00e2 phobl Gwlad yr I\u00e2 a&#8217;u treftadaeth ddiwylliannol gyfoethog.<\/p>\n\n\n\n<h3 class=\"wp-block-heading\" id=\"h-conclusion-an-icelandic-grammar-journey-worth-taking\">Casgliad: Taith Ramadeg Gwlad yr I\u00e2 sy&#8217;n werth ei chymryd<\/h3>\n\n\n\n<p>Er y gall gramadeg Gwlad yr I\u00e2 ymddangos fel her aruthrol, mae&#8217;r gwobrau&#8217;n helaeth i&#8217;r rhai sy&#8217;n cymryd y cam. Gyda dyfalbarhad, diddordeb brwd yn y diwylliant, a chwistrellu hael o chwilfrydedd, byddwch chi&#8217;n cael eich swyno gan gymhlethdodau&#8217;r iaith Gwlad yr I\u00e2. Felly, ymunwch \u00e2 ni yn yr antur hon a datgelwch hud gramadeg Gwlad yr I\u00e2, un cam cyffrous ar y tro.<\/p>\n<\/div><\/div>\n\r\n<section class=\"learnNavigationSection\">\r\n            \r\n        <a href=\"https:\/\/talkpal.ai\/cy\/dysgu-gwlad-yr-ia\/\">\r\n            <div class=\"learnNavigationWrapper\">\r\n                <div class=\"learnNavigationContent\">\r\n                    <img decoding=\"async\" src=\"https:\/\/talkpal.ai\/wp-content\/uploads\/2024\/08\/Icelandic.jpg\" alt=\"Iceland Flag\">\r\n                    <div>\r\n                        <h4>Yngl\u0177n \u00e2 Dysgu Gwlad yr I\u00e2<\/h4>\r\n                        <p>Darganfyddwch bopeth am ramadeg Gwlad yr I\u00e2.<\/p>\r\n                    <\/div>\r\n                <\/div>\r\n            <\/div>\r\n        <\/a>\r\n\r\n        \r\n        <a href=\"https:\/\/talkpal.ai\/cy\/ymarferion-ramadeg-gwlad-yr-ia\/\">\r\n            <div class=\"learnNavigationWrapper\">\r\n                <div class=\"learnNavigationContent\">\r\n                    <img decoding=\"async\" src=\"https:\/\/talkpal.ai\/wp-content\/uploads\/2024\/08\/Icelandic.jpg\" alt=\"Iceland Flag\">\r\n                    <div>\r\n                        <h4>Ymarfer Gramadeg Gwlad yr I\u00e2<\/h4>\r\n                        <p>Ymarfer gramadeg Gwlad yr I\u00e2.<\/p>\r\n                    <\/div>\r\n                <\/div>\r\n            <\/div>\r\n        <\/a>\r\n\r\n        \r\n        <a href=\"https:\/\/talkpal.ai\/vocabulary_language\/icelandic\/\">\r\n            <div class=\"learnNavigationWrapper\">\r\n                <div class=\"learnNavigationContent\">\r\n                    <img decoding=\"async\" src=\"https:\/\/talkpal.ai\/wp-content\/uploads\/2024\/08\/Icelandic.jpg\" alt=\"Iceland Flag\">\r\n                    <div>\r\n                        <h4>Geirfa Gwlad yr I\u00e2<\/h4>\r\n                        <p>Ehangwch eich geirfa Gwlad yr I\u00e2.<\/p>\r\n                    <\/div>\r\n                <\/div>\r\n            <\/div>\r\n        <\/a>\r\n\r\n            <\/section>","protected":false},"excerpt":{"rendered":"<p>Hud Gramadeg Gwlad yr I\u00e2: Datgloi Cyfrinachau&#8217;r Tafod Llychlynnaidd Cyflwyniad: Gwlad yr I\u00e2, Gwlad y T\u00e2n a&#8217;r I\u00e2 Mae&#8217;r iaith Gwlad yr I\u00e2, a siaredir gan bobl cenedl ynys syfrdanol Gwlad yr I\u00e2, yn enwog am ei hanes cyfoethog, traddodiad barddonol cyfareddol, a&#8217;i gallu eithriadol i addasu ac esblygu gyda&#8217;r amseroedd. Yn ddisgynnydd o&#8217;r Hen [&hellip;]<\/p>\n","protected":false},"author":1,"featured_media":1443741,"parent":0,"menu_order":0,"comment_status":"closed","ping_status":"closed","template":"LearningContentPage.php","meta":{"_acf_changed":false,"footnotes":""},"class_list":["post-1443739","page","type-page","status-publish","has-post-thumbnail","hentry"],"acf":[],"yoast_head":"<!-- This site is optimized with the Yoast SEO Premium plugin v27.2 (Yoast SEO v27.2) - https:\/\/yoast.com\/product\/yoast-seo-premium-wordpress\/ -->\n<title>Gramadeg Gwlad yr I\u00e2 - Talkpal<\/title>\n<meta name=\"description\" content=\"Dysgwch ramadeg Gwlad yr I\u00e2 yn glir - deall rheolau gramadeg allweddol, ffurfio brawddegau cywir, a rhoi hwb i hyder yn gyflym gan ddefnyddio gwersi AI TalkPal.\" \/>\n<meta name=\"robots\" content=\"index, follow, max-snippet:-1, max-image-preview:large, max-video-preview:-1\" \/>\n<link rel=\"canonical\" href=\"https:\/\/talkpal.ai\/cy\/gramadeg-gwlad-yr-ia\/\" \/>\n<meta property=\"og:locale\" content=\"cy_GB\" \/>\n<meta property=\"og:type\" content=\"article\" \/>\n<meta property=\"og:title\" content=\"Gramadeg Gwlad yr I\u00e2\" \/>\n<meta property=\"og:description\" content=\"Hud Gramadeg Gwlad yr I\u00e2: Datgloi Cyfrinachau&#039;r Tafod Llychlynnaidd Cyflwyniad: Gwlad yr I\u00e2, Gwlad y T\u00e2n a&#039;r I\u00e2 Mae&#039;r iaith Gwlad yr I\u00e2, a siaredir gan\" \/>\n<meta property=\"og:url\" content=\"https:\/\/talkpal.ai\/cy\/gramadeg-gwlad-yr-ia\/\" \/>\n<meta property=\"og:site_name\" content=\"Talkpal\" \/>\n<meta property=\"article:publisher\" content=\"https:\/\/www.facebook.com\/profile.php?id=100090733639311\" \/>\n<meta property=\"article:modified_time\" content=\"2025-12-12T10:50:27+00:00\" \/>\n<meta property=\"og:image\" content=\"https:\/\/talkpal.ai\/wp-content\/uploads\/2023\/05\/iceland.png\" \/>\n\t<meta property=\"og:image:width\" content=\"512\" \/>\n\t<meta property=\"og:image:height\" content=\"512\" \/>\n\t<meta property=\"og:image:type\" content=\"image\/png\" \/>\n<meta name=\"twitter:card\" content=\"summary_large_image\" \/>\n<meta name=\"twitter:site\" content=\"@talkpalai\" \/>\n<meta name=\"twitter:label1\" content=\"Est. reading time\" \/>\n\t<meta name=\"twitter:data1\" content=\"3 minutes\" \/>\n<script type=\"application\/ld+json\" class=\"yoast-schema-graph\">{\"@context\":\"https:\/\/schema.org\",\"@graph\":[{\"@type\":\"WebPage\",\"@id\":\"https:\/\/talkpal.ai\/cy\/gramadeg-gwlad-yr-ia\/\",\"url\":\"https:\/\/talkpal.ai\/cy\/gramadeg-gwlad-yr-ia\/\",\"name\":\"Gramadeg Gwlad yr I\u00e2 - Talkpal\",\"isPartOf\":{\"@id\":\"https:\/\/talkpal.ai\/cy\/#website\"},\"primaryImageOfPage\":{\"@id\":\"https:\/\/talkpal.ai\/cy\/gramadeg-gwlad-yr-ia\/#primaryimage\"},\"image\":{\"@id\":\"https:\/\/talkpal.ai\/cy\/gramadeg-gwlad-yr-ia\/#primaryimage\"},\"thumbnailUrl\":\"https:\/\/talkpal.ai\/wp-content\/uploads\/2023\/05\/iceland.png\",\"datePublished\":\"2023-05-14T14:09:11+00:00\",\"dateModified\":\"2025-12-12T10:50:27+00:00\",\"description\":\"Dysgwch ramadeg Gwlad yr I\u00e2 yn glir - deall rheolau gramadeg allweddol, ffurfio brawddegau cywir, a rhoi hwb i hyder yn gyflym gan ddefnyddio gwersi AI TalkPal.\",\"breadcrumb\":{\"@id\":\"https:\/\/talkpal.ai\/cy\/gramadeg-gwlad-yr-ia\/#breadcrumb\"},\"inLanguage\":\"cy-GB\",\"potentialAction\":[{\"@type\":\"ReadAction\",\"target\":[\"https:\/\/talkpal.ai\/cy\/gramadeg-gwlad-yr-ia\/\"]}]},{\"@type\":\"ImageObject\",\"inLanguage\":\"cy-GB\",\"@id\":\"https:\/\/talkpal.ai\/cy\/gramadeg-gwlad-yr-ia\/#primaryimage\",\"url\":\"https:\/\/talkpal.ai\/wp-content\/uploads\/2023\/05\/iceland.png\",\"contentUrl\":\"https:\/\/talkpal.ai\/wp-content\/uploads\/2023\/05\/iceland.png\",\"width\":512,\"height\":512,\"caption\":\"TalkPal Iceland Flag\"},{\"@type\":\"BreadcrumbList\",\"@id\":\"https:\/\/talkpal.ai\/cy\/gramadeg-gwlad-yr-ia\/#breadcrumb\",\"itemListElement\":[{\"@type\":\"ListItem\",\"position\":1,\"name\":\"Homepage\",\"item\":\"https:\/\/talkpal.ai\/cy\/ai-athro-iaith-3\/\"},{\"@type\":\"ListItem\",\"position\":2,\"name\":\"Gramadeg Gwlad yr I\u00e2\"}]},{\"@type\":\"WebSite\",\"@id\":\"https:\/\/talkpal.ai\/cy\/#website\",\"url\":\"https:\/\/talkpal.ai\/cy\/\",\"name\":\"Talkpal\",\"description\":\"AI Language Learning\",\"publisher\":{\"@id\":\"https:\/\/talkpal.ai\/cy\/#organization\"},\"alternateName\":\"Talkpal AI\",\"potentialAction\":[{\"@type\":\"SearchAction\",\"target\":{\"@type\":\"EntryPoint\",\"urlTemplate\":\"https:\/\/talkpal.ai\/cy\/?s={search_term_string}\"},\"query-input\":{\"@type\":\"PropertyValueSpecification\",\"valueRequired\":true,\"valueName\":\"search_term_string\"}}],\"inLanguage\":\"cy-GB\"},{\"@type\":\"Organization\",\"@id\":\"https:\/\/talkpal.ai\/cy\/#organization\",\"name\":\"Talkpal, Inc.\",\"alternateName\":\"Talkpal AI\",\"url\":\"https:\/\/talkpal.ai\/cy\/\",\"logo\":{\"@type\":\"ImageObject\",\"inLanguage\":\"cy-GB\",\"@id\":\"https:\/\/talkpal.ai\/cy\/#\/schema\/logo\/image\/\",\"url\":\"https:\/\/talkpal.ai\/wp-content\/uploads\/2024\/03\/Talkpal-Logo-Icon.png\",\"contentUrl\":\"https:\/\/talkpal.ai\/wp-content\/uploads\/2024\/03\/Talkpal-Logo-Icon.png\",\"width\":2880,\"height\":2880,\"caption\":\"Talkpal, Inc.\"},\"image\":{\"@id\":\"https:\/\/talkpal.ai\/cy\/#\/schema\/logo\/image\/\"},\"sameAs\":[\"https:\/\/www.facebook.com\/profile.php?id=100090733639311\",\"https:\/\/x.com\/talkpalai\",\"https:\/\/www.linkedin.com\/company\/talkpal\/\",\"https:\/\/www.youtube.com\/@TalkPal\/\",\"https:\/\/www.tiktok.com\/@talkpal\",\"https:\/\/www.instagram.com\/talkpal_ai\/\",\"https:\/\/www.crunchbase.com\/organization\/talkpal-9cde\",\"https:\/\/www.g2.com\/products\/talkpal-for-business\/\",\"https:\/\/www.trustpilot.com\/review\/talkpal.ai\",\"https:\/\/www.capterra.com\/p\/10006800\/TalkPal\/\"],\"description\":\"Talkpal is a language learning web and mobile education app, powered by the latest AI technologies, that provides engaging experiences to its customers in many different languages to help them improve their language skills. Users can chat about unlimited amount of topics with the app and use other modes to practice their language learning.\",\"email\":\"support@talkpal.ai\",\"legalName\":\"Talkpal, Inc.\",\"foundingDate\":\"2023-04-03\",\"duns\":\"118989042\",\"numberOfEmployees\":{\"@type\":\"QuantitativeValue\",\"minValue\":\"11\",\"maxValue\":\"50\"},\"publishingPrinciples\":\"https:\/\/talkpal.ai\/publishing-principles\/\",\"actionableFeedbackPolicy\":\"https:\/\/talkpal.ai\/actionable-feedback-policy\/\",\"correctionsPolicy\":\"https:\/\/talkpal.ai\/corrections-policy\/\",\"ethicsPolicy\":\"https:\/\/talkpal.ai\/ethics-policy\/\",\"diversityPolicy\":\"https:\/\/talkpal.ai\/diversity-policy\/\",\"diversityStaffingReport\":\"https:\/\/talkpal.ai\/diversity-policy\/\"}]}<\/script>\n<!-- \/ Yoast SEO Premium plugin. -->","yoast_head_json":{"title":"Gramadeg Gwlad yr I\u00e2 - Talkpal","description":"Dysgwch ramadeg Gwlad yr I\u00e2 yn glir - deall rheolau gramadeg allweddol, ffurfio brawddegau cywir, a rhoi hwb i hyder yn gyflym gan ddefnyddio gwersi AI TalkPal.","robots":{"index":"index","follow":"follow","max-snippet":"max-snippet:-1","max-image-preview":"max-image-preview:large","max-video-preview":"max-video-preview:-1"},"canonical":"https:\/\/talkpal.ai\/cy\/gramadeg-gwlad-yr-ia\/","og_locale":"cy_GB","og_type":"article","og_title":"Gramadeg Gwlad yr I\u00e2","og_description":"Hud Gramadeg Gwlad yr I\u00e2: Datgloi Cyfrinachau'r Tafod Llychlynnaidd Cyflwyniad: Gwlad yr I\u00e2, Gwlad y T\u00e2n a'r I\u00e2 Mae'r iaith Gwlad yr I\u00e2, a siaredir gan","og_url":"https:\/\/talkpal.ai\/cy\/gramadeg-gwlad-yr-ia\/","og_site_name":"Talkpal","article_publisher":"https:\/\/www.facebook.com\/profile.php?id=100090733639311","article_modified_time":"2025-12-12T10:50:27+00:00","og_image":[{"width":512,"height":512,"url":"https:\/\/talkpal.ai\/wp-content\/uploads\/2023\/05\/iceland.png","type":"image\/png"}],"twitter_card":"summary_large_image","twitter_site":"@talkpalai","twitter_misc":{"Est. reading time":"3 minutes"},"schema":{"@context":"https:\/\/schema.org","@graph":[{"@type":"WebPage","@id":"https:\/\/talkpal.ai\/cy\/gramadeg-gwlad-yr-ia\/","url":"https:\/\/talkpal.ai\/cy\/gramadeg-gwlad-yr-ia\/","name":"Gramadeg Gwlad yr I\u00e2 - Talkpal","isPartOf":{"@id":"https:\/\/talkpal.ai\/cy\/#website"},"primaryImageOfPage":{"@id":"https:\/\/talkpal.ai\/cy\/gramadeg-gwlad-yr-ia\/#primaryimage"},"image":{"@id":"https:\/\/talkpal.ai\/cy\/gramadeg-gwlad-yr-ia\/#primaryimage"},"thumbnailUrl":"https:\/\/talkpal.ai\/wp-content\/uploads\/2023\/05\/iceland.png","datePublished":"2023-05-14T14:09:11+00:00","dateModified":"2025-12-12T10:50:27+00:00","description":"Dysgwch ramadeg Gwlad yr I\u00e2 yn glir - deall rheolau gramadeg allweddol, ffurfio brawddegau cywir, a rhoi hwb i hyder yn gyflym gan ddefnyddio gwersi AI TalkPal.","breadcrumb":{"@id":"https:\/\/talkpal.ai\/cy\/gramadeg-gwlad-yr-ia\/#breadcrumb"},"inLanguage":"cy-GB","potentialAction":[{"@type":"ReadAction","target":["https:\/\/talkpal.ai\/cy\/gramadeg-gwlad-yr-ia\/"]}]},{"@type":"ImageObject","inLanguage":"cy-GB","@id":"https:\/\/talkpal.ai\/cy\/gramadeg-gwlad-yr-ia\/#primaryimage","url":"https:\/\/talkpal.ai\/wp-content\/uploads\/2023\/05\/iceland.png","contentUrl":"https:\/\/talkpal.ai\/wp-content\/uploads\/2023\/05\/iceland.png","width":512,"height":512,"caption":"TalkPal Iceland Flag"},{"@type":"BreadcrumbList","@id":"https:\/\/talkpal.ai\/cy\/gramadeg-gwlad-yr-ia\/#breadcrumb","itemListElement":[{"@type":"ListItem","position":1,"name":"Homepage","item":"https:\/\/talkpal.ai\/cy\/ai-athro-iaith-3\/"},{"@type":"ListItem","position":2,"name":"Gramadeg Gwlad yr I\u00e2"}]},{"@type":"WebSite","@id":"https:\/\/talkpal.ai\/cy\/#website","url":"https:\/\/talkpal.ai\/cy\/","name":"Talkpal","description":"AI Language Learning","publisher":{"@id":"https:\/\/talkpal.ai\/cy\/#organization"},"alternateName":"Talkpal AI","potentialAction":[{"@type":"SearchAction","target":{"@type":"EntryPoint","urlTemplate":"https:\/\/talkpal.ai\/cy\/?s={search_term_string}"},"query-input":{"@type":"PropertyValueSpecification","valueRequired":true,"valueName":"search_term_string"}}],"inLanguage":"cy-GB"},{"@type":"Organization","@id":"https:\/\/talkpal.ai\/cy\/#organization","name":"Talkpal, Inc.","alternateName":"Talkpal AI","url":"https:\/\/talkpal.ai\/cy\/","logo":{"@type":"ImageObject","inLanguage":"cy-GB","@id":"https:\/\/talkpal.ai\/cy\/#\/schema\/logo\/image\/","url":"https:\/\/talkpal.ai\/wp-content\/uploads\/2024\/03\/Talkpal-Logo-Icon.png","contentUrl":"https:\/\/talkpal.ai\/wp-content\/uploads\/2024\/03\/Talkpal-Logo-Icon.png","width":2880,"height":2880,"caption":"Talkpal, Inc."},"image":{"@id":"https:\/\/talkpal.ai\/cy\/#\/schema\/logo\/image\/"},"sameAs":["https:\/\/www.facebook.com\/profile.php?id=100090733639311","https:\/\/x.com\/talkpalai","https:\/\/www.linkedin.com\/company\/talkpal\/","https:\/\/www.youtube.com\/@TalkPal\/","https:\/\/www.tiktok.com\/@talkpal","https:\/\/www.instagram.com\/talkpal_ai\/","https:\/\/www.crunchbase.com\/organization\/talkpal-9cde","https:\/\/www.g2.com\/products\/talkpal-for-business\/","https:\/\/www.trustpilot.com\/review\/talkpal.ai","https:\/\/www.capterra.com\/p\/10006800\/TalkPal\/"],"description":"Talkpal is a language learning web and mobile education app, powered by the latest AI technologies, that provides engaging experiences to its customers in many different languages to help them improve their language skills. Users can chat about unlimited amount of topics with the app and use other modes to practice their language learning.","email":"support@talkpal.ai","legalName":"Talkpal, Inc.","foundingDate":"2023-04-03","duns":"118989042","numberOfEmployees":{"@type":"QuantitativeValue","minValue":"11","maxValue":"50"},"publishingPrinciples":"https:\/\/talkpal.ai\/publishing-principles\/","actionableFeedbackPolicy":"https:\/\/talkpal.ai\/actionable-feedback-policy\/","correctionsPolicy":"https:\/\/talkpal.ai\/corrections-policy\/","ethicsPolicy":"https:\/\/talkpal.ai\/ethics-policy\/","diversityPolicy":"https:\/\/talkpal.ai\/diversity-policy\/","diversityStaffingReport":"https:\/\/talkpal.ai\/diversity-policy\/"}]}},"_links":{"self":[{"href":"https:\/\/talkpal.ai\/cy\/wp-json\/wp\/v2\/pages\/1443739","targetHints":{"allow":["GET"]}}],"collection":[{"href":"https:\/\/talkpal.ai\/cy\/wp-json\/wp\/v2\/pages"}],"about":[{"href":"https:\/\/talkpal.ai\/cy\/wp-json\/wp\/v2\/types\/page"}],"author":[{"embeddable":true,"href":"https:\/\/talkpal.ai\/cy\/wp-json\/wp\/v2\/users\/1"}],"replies":[{"embeddable":true,"href":"https:\/\/talkpal.ai\/cy\/wp-json\/wp\/v2\/comments?post=1443739"}],"version-history":[{"count":0,"href":"https:\/\/talkpal.ai\/cy\/wp-json\/wp\/v2\/pages\/1443739\/revisions"}],"wp:featuredmedia":[{"embeddable":true,"href":"https:\/\/talkpal.ai\/cy\/wp-json\/wp\/v2\/media\/1443741"}],"wp:attachment":[{"href":"https:\/\/talkpal.ai\/cy\/wp-json\/wp\/v2\/media?parent=1443739"}],"curies":[{"name":"wp","href":"https:\/\/api.w.org\/{rel}","templated":true}]}}