{"id":1443674,"date":"2023-05-14T14:03:07","date_gmt":"2023-05-14T14:03:07","guid":{"rendered":"https:\/\/talkpal.ai\/gramadeg-tsieceg\/"},"modified":"2025-12-13T15:35:12","modified_gmt":"2025-12-13T15:35:12","slug":"gramadeg-tsieceg","status":"publish","type":"page","link":"https:\/\/talkpal.ai\/cy\/gramadeg-tsieceg\/","title":{"rendered":"Gramadeg Tsieceg"},"content":{"rendered":"\r\n\r\n\r\n<section class=\"languageChallengeSection\">\r\n    <div class=\"languageInfoWrapper\">\r\n        \r\n        <h1>Gramadeg Tsieceg<\/h1>\r\n        <p>Archwiliwch gymhlethdodau gramadeg Tsiec ac agorwch y drws i ddeall yr iaith Ganolbarth Ewrop. Trwy feistroli&#039;r rheolau a&#039;r patrymau hanfodol, byddwch yn cyfathrebu&#039;n fwy effeithiol ac yn cael mewnwelediad dyfnach i ddiwylliant Tsiec. Dechreuwch ddysgu gramadeg <a href=\"https:\/\/talkpal.ai\/learn-czech\/\">Tsieceg<\/a> heddiw a chymerwch eich cam cyntaf tuag at rhuglder!<\/p>\r\n\r\n                            <a class=\"getStartedHidden\" href=\"https:\/\/app.talkpal.ai\/signup?lng=\">Dechrau<\/a>\r\n        \r\n    <\/div>\r\n\r\n    <figure>\r\n    <img decoding=\"async\" width=\"768\" height=\"768\" src=\"https:\/\/talkpal.ai\/wp-content\/uploads\/2023\/06\/Czech-768x768.png\" class=\"languageImage no-lazy\" alt=\"Language learning for intellectual development\" fetchpriority=\"high\" sizes=\"(max-width: 768px) 150px, 768px\" srcset=\"https:\/\/talkpal.ai\/wp-content\/uploads\/2023\/06\/Czech-768x768.png 768w, https:\/\/talkpal.ai\/wp-content\/uploads\/2023\/06\/Czech-300x300.png 300w\" \/>\r\n    \r\n\r\n    <\/figure>\r\n\r\n            <a class=\"getStartedVisible\" href=\"https:\/\/app.talkpal.ai\/signup?lng=\">Dechrau<\/a>\r\n    \r\n<\/section>\r\n<section class=\"promotionalBanner\">\r\n    <p class=\"promotionalText\">Y ffordd fwyaf effeithlon o ddysgu iaith<\/p>\r\n    <a class=\"promotionalLink\" href=\"https:\/\/app.talkpal.ai\/signup?lng=\">Rhowch gynnig ar Talkpal am ddim<\/a>\r\n<\/section>\n<div class=\"wp-block-group pageContainerStyle\"><div class=\"wp-block-group__inner-container is-layout-constrained wp-block-group-is-layout-constrained\">\n<h2 class=\"wp-block-heading\" id=\"h-czech-grammar-making-sense-of-the-czech-language-s-unique-structure\">Gramadeg Tsiec: Gwneud Synnwyr o Strwythur Unigryw&#8217;r Iaith Tsiec<\/h2>\n\n\n\n<p>Os ydych chi erioed wedi ceisio <a href=\"https:\/\/talkpal.ai\/learn-czech\/\">dysgu Tsieceg<\/a> \u2013 neu hyd yn oed <a href=\"https:\/\/talkpal.ai\/culture\/how-do-i-use-dim-ond-for-only\/\">dim ond<\/a> darllen erthygl neu lyfr Tsiec \u2013 mae&#8217;n debyg eich bod wedi sylwi bod ei ramadeg yn gallu bod yn eithaf heriol. Ystyrir yn eang fel un o&#8217;r systemau iaith mwyaf cymhleth, mae gramadeg Tsiec wedi drysu llawer o fyfyrwyr tramor. Ond peidiwch \u00e2 gadael i hynny eich dychryn chi! Nodweddion gramadeg Tsiec yw&#8217;r hyn sy&#8217;n ei gwneud yn ddiddorol ac unigryw. Yn yr erthygl hon, byddwn yn demystify ychydig o elfennau allweddol o ramadeg Tsiec mewn ffordd sgwrsio, gan eich helpu i ddeall yr iaith hardd hon yn ddyfnach.<\/p>\n\n\n\n<h3 class=\"wp-block-heading\" id=\"h-1-nouns-declensions-and-cases-galore\">1. Enwau \u2013 Declensions and Cases Galore!<\/h3>\n\n\n\n<p>Un o&#8217;r pethau cyntaf y byddwch chi&#8217;n sylwi arno am ramadeg Tsiec yw ei declensions enwau. Gr\u0175p o enwau sydd \u00e2 nodweddion gramadegol tebyg yw declension, ac mae gan Tsieceg hyd at 14 declension gwahanol. Sut mae hynny ar gyfer amrywiaeth? Mae gan bob declension batrwm penodol ar gyfer cynrychioli ffurfiau enwau unigol a lluosog.<\/p>\n\n\n\n<p>Mae gan enwau Tsiec hefyd saith achos gwahanol: enwadol, genitive, dative, accusative, vocative, locative, ac offerynnol. Er y gallai nifer o&#8217;r fath ymddangos yn frawychus, mae&#8217;n hanfodol dysgu am yr achosion hyn oherwydd eu bod yn allweddol wrth gyfleu ystyr. Er enghraifft, yn Tsieceg, nid yw trefn y geiriau mor feirniadol ag y mae yn <a href=\"https:\/\/talkpal.ai\/learn-english-with-ai\/\">Saesneg<\/a> &#8211; mae&#8217;n yr achosion sy&#8217;n nodi perthnasoedd rhwng geiriau.<\/p>\n\n\n\n<h3 class=\"wp-block-heading\" id=\"h-2-adjectives-agreeing-with-nouns\">2. Ansoddeiriau \u2013 Cytuno ag enwau<\/h3>\n\n\n\n<p>Mae gan ansoddeiriau Tsiec ddyletswydd arbennig: rhaid iddynt gytuno \u00e2&#8217;r enwau maen nhw&#8217;n eu haddasu mewn rhyw, rhif, ac achos. Meddyliwch amdano fel deuawd ddeinamig, y tango gramadeg, lle mae un hanner yn addasu&#8217;n graslon i ategu&#8217;r llall. Mae&#8217;r cytundeb hwn yn helpu i greu cytgord mewn brawddegau ac yn cynyddu eglurder.<\/p>\n\n\n\n<p>Er enghraifft, y gair am &#8220;hardd&#8221; yn Tsieceg yw &#8220;kr\u00e1sn\u00fd.&#8221; Os ydych chi&#8217;n disgrifio t\u0177 hardd (d\u016fm), sy&#8217;n wrywaidd, byddwch chi&#8217;n defnyddio &#8220;kr\u00e1sn\u00fd d\u016fm.&#8221; I ferch hardd (d\u00edvka), sy&#8217;n fenywaidd, mae&#8217;n dod yn &#8220;kr\u00e1sn\u00e1 d\u00edvka.&#8221; Ac am ddiwrnod hardd (den), sy&#8217;n neuter, byddwch chi&#8217;n dweud &#8220;kr\u00e1sn\u00fd den.&#8221; Gweld sut mae&#8217;r ansoddair yn dawnsio ynghyd \u00e2&#8217;r enw?<\/p>\n\n\n\n<h3 class=\"wp-block-heading\" id=\"h-3-verbs-the-art-of-conjugation\">3. Berfau \u2013 Y Grefft o Conjugation<\/h3>\n\n\n\n<p>Yn Tsiec, mae&#8217;r grefft o gyfuniad \u2013 hynny yw, newid ffurfiau berfau yn seiliedig ar amser, hwyliau, a pherson \u2013 yn cymryd bywyd ei hun. Mae berfau Tsiec yn disgyn i ddau gategori: perffaith ac amherffaith. Mae berfau perffaith yn dangos bod gweithred wedi&#8217;i chwblhau, tra bod berfau amherffeithiol yn awgrymu gweithredoedd parhaus neu arferol.  <\/p>\n\n\n\n<p>Mae gan ramadeg Tsiec rai quirks cyffrous o ran berfau. Er enghraifft, dim ond ar gyfer berfau amherffaith y mae&#8217;r amser yn y dyfodol yn cael ei ffurfio&#8217;n rheolaidd. Ar gyfer berfau perffaith, mae&#8217;n uno \u00e2&#8217;r amser presennol! Hefyd, yn hytrach na chael llais goddefol penodol, mae Tsiec yn ymgorffori cystrawennau goddefol gan ddefnyddio berfau ategol. Gadewch i ni beidio ag anghofio am ferfau adfyfyriol Tsiec, lle mae gweithredoedd yn adlamu yn \u00f4l i&#8217;r pwnc, gan ychwanegu haen arall o naws i&#8217;r iaith ddiddorol hon.<\/p>\n\n\n\n<h3 class=\"wp-block-heading\" id=\"h-4-pronouns-the-mirror-of-linguistic-diversity\">4. Rhagenwau: Drych Amrywiaeth Ieithyddol<\/h3>\n\n\n\n<p>Rhagenwau mewn gramadeg Tsiec &#8211; rydym yn siarad rhagenwau personol, meddiannol, arddangosol, cwestiynol, a pherthynol &#8211; i gyd yn arddangos yr un amrywiaeth \u00e2 rhannau eraill o leferydd. Rhaid iddynt hefyd gytuno o ran rhyw, rhif, ac achos gyda&#8217;r enwau maen nhw&#8217;n eu disodli neu&#8217;n cyfeirio atynt.<\/p>\n\n\n\n<p>Er enghraifft, os ydych chi&#8217;n siarad am lyfr rydych chi&#8217;n ei hoffi, byddech chi&#8217;n dweud &#8220;<a href=\"https:\/\/talkpal.ai\/culture\/how-to-say-i-like-in-slovak-using-mam-rad\/\">M\u00e1m r\u00e1d<\/a> tu knihu&#8221; (Rwy&#8217;n hoffi&#8217;r llyfr hwnnw). Yma, &#8220;tu&#8221; yw ffurf fenywaidd y rhagenw arddangosol &#8220;that,&#8221; sy&#8217;n cytuno \u00e2 &#8220;kniha&#8221; (llyfr), sydd hefyd yn fenywaidd.<\/p>\n\n\n\n<h3 class=\"wp-block-heading\" id=\"h-5-embracing-the-challenge\">5. Cofleidio&#8217;r Her<\/h3>\n\n\n\n<p>Efallai y bydd gramadeg Tsiec yn ddryslyd ac yn ddychrynllyd, ond mae hefyd yn gwneud i&#8217;r iaith ddiddorol hon sefyll allan. Peidiwch \u00e2 swil rhag yr her! Cofiwch, nid yw&#8217;n ymwneud \u00e2 meistroli popeth ar unwaith ond gwneud cynnydd gam wrth gam. Cymerwch yr amser i ddeall system unigryw gramadeg Tsiec, a byddwch ar eich ffordd i feistroli&#8217;r iaith hardd, gymhleth hon. Ac, wrth i chi gofleidio&#8217;r nuance hyfryd sydd gan ramadeg Tsiec i&#8217;w gynnig, byddwch yn sicr yn darganfod gwerthfawrogiad <a href=\"https:\/\/talkpal.ai\/talkpal-new-years-discount\/\">newydd<\/a> am ei gymhlethdodau. Dysgu hapus!<\/p>\n<\/div><\/div>\n\r\n<section class=\"learnNavigationSection\">\r\n            \r\n        <a href=\"https:\/\/talkpal.ai\/cy\/dysgu-tsiec\/\">\r\n            <div class=\"learnNavigationWrapper\">\r\n                <div class=\"learnNavigationContent\">\r\n                    <img decoding=\"async\" src=\"https:\/\/talkpal.ai\/wp-content\/uploads\/2024\/08\/Czech.jpg\" alt=\"Czech Flag\">\r\n                    <div>\r\n                        <h4>Yngl\u0177n \u00e2 Dysgu Tsiec<\/h4>\r\n                        <p>Darganfyddwch bopeth am ramadeg Tsiec.<\/p>\r\n                    <\/div>\r\n                <\/div>\r\n            <\/div>\r\n        <\/a>\r\n\r\n        \r\n        <a href=\"https:\/\/talkpal.ai\/cy\/ymarferion-gramadeg-tsiec\/\">\r\n            <div class=\"learnNavigationWrapper\">\r\n                <div class=\"learnNavigationContent\">\r\n                    <img decoding=\"async\" src=\"https:\/\/talkpal.ai\/wp-content\/uploads\/2024\/08\/Czech.jpg\" alt=\"Czech Flag\">\r\n                    <div>\r\n                        <h4>Ymarfer Gramadeg Tsiec<\/h4>\r\n                        <p>Ymarfer gramadeg Tsiec.<\/p>\r\n                    <\/div>\r\n                <\/div>\r\n            <\/div>\r\n        <\/a>\r\n\r\n        \r\n        <a href=\"https:\/\/talkpal.ai\/vocabulary_language\/czech\/\">\r\n            <div class=\"learnNavigationWrapper\">\r\n                <div class=\"learnNavigationContent\">\r\n                    <img decoding=\"async\" src=\"https:\/\/talkpal.ai\/wp-content\/uploads\/2024\/08\/Czech.jpg\" alt=\"Czech Flag\">\r\n                    <div>\r\n                        <h4>Geirfa Tsieceg<\/h4>\r\n                        <p>Ehangwch eich geirfa Tsieceg.<\/p>\r\n                    <\/div>\r\n                <\/div>\r\n            <\/div>\r\n        <\/a>\r\n\r\n            <\/section>","protected":false},"excerpt":{"rendered":"<p>Gramadeg Tsiec: Gwneud Synnwyr o Strwythur Unigryw&#8217;r Iaith Tsiec Os ydych chi erioed wedi ceisio dysgu Tsieceg \u2013 neu hyd yn oed dim ond darllen erthygl neu lyfr Tsiec \u2013 mae&#8217;n debyg eich bod wedi sylwi bod ei ramadeg yn gallu bod yn eithaf heriol. Ystyrir yn eang fel un o&#8217;r systemau iaith mwyaf cymhleth, [&hellip;]<\/p>\n","protected":false},"author":1,"featured_media":1443676,"parent":0,"menu_order":0,"comment_status":"closed","ping_status":"closed","template":"LearningContentPage.php","meta":{"_acf_changed":false,"footnotes":""},"class_list":["post-1443674","page","type-page","status-publish","has-post-thumbnail","hentry"],"acf":[],"yoast_head":"<!-- This site is optimized with the Yoast SEO Premium plugin v27.2 (Yoast SEO v27.2) - https:\/\/yoast.com\/product\/yoast-seo-premium-wordpress\/ -->\n<title>Gramadeg Tsieceg - Talkpal<\/title>\n<meta name=\"description\" content=\"Datgloi cyfrinachau gramadeg Tsiec. Dysgwch am ei gymhlethdod unigryw a sut i feistroli declensions enwau yn effeithiol.\" \/>\n<meta name=\"robots\" content=\"index, follow, max-snippet:-1, max-image-preview:large, max-video-preview:-1\" \/>\n<link rel=\"canonical\" href=\"https:\/\/talkpal.ai\/cy\/gramadeg-tsieceg\/\" \/>\n<meta property=\"og:locale\" content=\"cy_GB\" \/>\n<meta property=\"og:type\" content=\"article\" \/>\n<meta property=\"og:title\" content=\"Gramadeg Tsieceg\" \/>\n<meta property=\"og:description\" content=\"Gramadeg Tsiec: Gwneud Synnwyr o Strwythur Unigryw&#039;r Iaith Tsiec Os ydych chi erioed wedi ceisio dysgu Tsieceg \u2013 neu hyd yn oed dim ond darllen erthygl\" \/>\n<meta property=\"og:url\" content=\"https:\/\/talkpal.ai\/cy\/gramadeg-tsieceg\/\" \/>\n<meta property=\"og:site_name\" content=\"Talkpal\" \/>\n<meta property=\"article:publisher\" content=\"https:\/\/www.facebook.com\/profile.php?id=100090733639311\" \/>\n<meta property=\"article:modified_time\" content=\"2025-12-13T15:35:12+00:00\" \/>\n<meta property=\"og:image\" content=\"https:\/\/talkpal.ai\/wp-content\/uploads\/2023\/05\/czech-republic.png\" \/>\n\t<meta property=\"og:image:width\" content=\"512\" \/>\n\t<meta property=\"og:image:height\" content=\"512\" \/>\n\t<meta property=\"og:image:type\" content=\"image\/png\" \/>\n<meta name=\"twitter:card\" content=\"summary_large_image\" \/>\n<meta name=\"twitter:site\" content=\"@talkpalai\" \/>\n<meta name=\"twitter:label1\" content=\"Est. reading time\" \/>\n\t<meta name=\"twitter:data1\" content=\"3 minutes\" \/>\n<script type=\"application\/ld+json\" class=\"yoast-schema-graph\">{\"@context\":\"https:\/\/schema.org\",\"@graph\":[{\"@type\":\"WebPage\",\"@id\":\"https:\/\/talkpal.ai\/cy\/gramadeg-tsieceg\/\",\"url\":\"https:\/\/talkpal.ai\/cy\/gramadeg-tsieceg\/\",\"name\":\"Gramadeg Tsieceg - Talkpal\",\"isPartOf\":{\"@id\":\"https:\/\/talkpal.ai\/cy\/#website\"},\"primaryImageOfPage\":{\"@id\":\"https:\/\/talkpal.ai\/cy\/gramadeg-tsieceg\/#primaryimage\"},\"image\":{\"@id\":\"https:\/\/talkpal.ai\/cy\/gramadeg-tsieceg\/#primaryimage\"},\"thumbnailUrl\":\"https:\/\/talkpal.ai\/wp-content\/uploads\/2023\/05\/czech-republic.png\",\"datePublished\":\"2023-05-14T14:03:07+00:00\",\"dateModified\":\"2025-12-13T15:35:12+00:00\",\"description\":\"Datgloi cyfrinachau gramadeg Tsiec. Dysgwch am ei gymhlethdod unigryw a sut i feistroli declensions enwau yn effeithiol.\",\"breadcrumb\":{\"@id\":\"https:\/\/talkpal.ai\/cy\/gramadeg-tsieceg\/#breadcrumb\"},\"inLanguage\":\"cy-GB\",\"potentialAction\":[{\"@type\":\"ReadAction\",\"target\":[\"https:\/\/talkpal.ai\/cy\/gramadeg-tsieceg\/\"]}]},{\"@type\":\"ImageObject\",\"inLanguage\":\"cy-GB\",\"@id\":\"https:\/\/talkpal.ai\/cy\/gramadeg-tsieceg\/#primaryimage\",\"url\":\"https:\/\/talkpal.ai\/wp-content\/uploads\/2023\/05\/czech-republic.png\",\"contentUrl\":\"https:\/\/talkpal.ai\/wp-content\/uploads\/2023\/05\/czech-republic.png\",\"width\":512,\"height\":512,\"caption\":\"TalkPal Czech republic Flag\"},{\"@type\":\"BreadcrumbList\",\"@id\":\"https:\/\/talkpal.ai\/cy\/gramadeg-tsieceg\/#breadcrumb\",\"itemListElement\":[{\"@type\":\"ListItem\",\"position\":1,\"name\":\"Homepage\",\"item\":\"https:\/\/talkpal.ai\/cy\/ai-athro-iaith-3\/\"},{\"@type\":\"ListItem\",\"position\":2,\"name\":\"Gramadeg Tsieceg\"}]},{\"@type\":\"WebSite\",\"@id\":\"https:\/\/talkpal.ai\/cy\/#website\",\"url\":\"https:\/\/talkpal.ai\/cy\/\",\"name\":\"Talkpal\",\"description\":\"AI Language Learning\",\"publisher\":{\"@id\":\"https:\/\/talkpal.ai\/cy\/#organization\"},\"alternateName\":\"Talkpal AI\",\"potentialAction\":[{\"@type\":\"SearchAction\",\"target\":{\"@type\":\"EntryPoint\",\"urlTemplate\":\"https:\/\/talkpal.ai\/cy\/?s={search_term_string}\"},\"query-input\":{\"@type\":\"PropertyValueSpecification\",\"valueRequired\":true,\"valueName\":\"search_term_string\"}}],\"inLanguage\":\"cy-GB\"},{\"@type\":\"Organization\",\"@id\":\"https:\/\/talkpal.ai\/cy\/#organization\",\"name\":\"Talkpal, Inc.\",\"alternateName\":\"Talkpal AI\",\"url\":\"https:\/\/talkpal.ai\/cy\/\",\"logo\":{\"@type\":\"ImageObject\",\"inLanguage\":\"cy-GB\",\"@id\":\"https:\/\/talkpal.ai\/cy\/#\/schema\/logo\/image\/\",\"url\":\"https:\/\/talkpal.ai\/wp-content\/uploads\/2024\/03\/Talkpal-Logo-Icon.png\",\"contentUrl\":\"https:\/\/talkpal.ai\/wp-content\/uploads\/2024\/03\/Talkpal-Logo-Icon.png\",\"width\":2880,\"height\":2880,\"caption\":\"Talkpal, Inc.\"},\"image\":{\"@id\":\"https:\/\/talkpal.ai\/cy\/#\/schema\/logo\/image\/\"},\"sameAs\":[\"https:\/\/www.facebook.com\/profile.php?id=100090733639311\",\"https:\/\/x.com\/talkpalai\",\"https:\/\/www.linkedin.com\/company\/talkpal\/\",\"https:\/\/www.youtube.com\/@TalkPal\/\",\"https:\/\/www.tiktok.com\/@talkpal\",\"https:\/\/www.instagram.com\/talkpal_ai\/\",\"https:\/\/www.crunchbase.com\/organization\/talkpal-9cde\",\"https:\/\/www.g2.com\/products\/talkpal-for-business\/\",\"https:\/\/www.trustpilot.com\/review\/talkpal.ai\",\"https:\/\/www.capterra.com\/p\/10006800\/TalkPal\/\"],\"description\":\"Talkpal is a language learning web and mobile education app, powered by the latest AI technologies, that provides engaging experiences to its customers in many different languages to help them improve their language skills. Users can chat about unlimited amount of topics with the app and use other modes to practice their language learning.\",\"email\":\"support@talkpal.ai\",\"legalName\":\"Talkpal, Inc.\",\"foundingDate\":\"2023-04-03\",\"duns\":\"118989042\",\"numberOfEmployees\":{\"@type\":\"QuantitativeValue\",\"minValue\":\"11\",\"maxValue\":\"50\"},\"publishingPrinciples\":\"https:\/\/talkpal.ai\/publishing-principles\/\",\"actionableFeedbackPolicy\":\"https:\/\/talkpal.ai\/actionable-feedback-policy\/\",\"correctionsPolicy\":\"https:\/\/talkpal.ai\/corrections-policy\/\",\"ethicsPolicy\":\"https:\/\/talkpal.ai\/ethics-policy\/\",\"diversityPolicy\":\"https:\/\/talkpal.ai\/diversity-policy\/\",\"diversityStaffingReport\":\"https:\/\/talkpal.ai\/diversity-policy\/\"}]}<\/script>\n<!-- \/ Yoast SEO Premium plugin. -->","yoast_head_json":{"title":"Gramadeg Tsieceg - Talkpal","description":"Datgloi cyfrinachau gramadeg Tsiec. Dysgwch am ei gymhlethdod unigryw a sut i feistroli declensions enwau yn effeithiol.","robots":{"index":"index","follow":"follow","max-snippet":"max-snippet:-1","max-image-preview":"max-image-preview:large","max-video-preview":"max-video-preview:-1"},"canonical":"https:\/\/talkpal.ai\/cy\/gramadeg-tsieceg\/","og_locale":"cy_GB","og_type":"article","og_title":"Gramadeg Tsieceg","og_description":"Gramadeg Tsiec: Gwneud Synnwyr o Strwythur Unigryw'r Iaith Tsiec Os ydych chi erioed wedi ceisio dysgu Tsieceg \u2013 neu hyd yn oed dim ond darllen erthygl","og_url":"https:\/\/talkpal.ai\/cy\/gramadeg-tsieceg\/","og_site_name":"Talkpal","article_publisher":"https:\/\/www.facebook.com\/profile.php?id=100090733639311","article_modified_time":"2025-12-13T15:35:12+00:00","og_image":[{"width":512,"height":512,"url":"https:\/\/talkpal.ai\/wp-content\/uploads\/2023\/05\/czech-republic.png","type":"image\/png"}],"twitter_card":"summary_large_image","twitter_site":"@talkpalai","twitter_misc":{"Est. reading time":"3 minutes"},"schema":{"@context":"https:\/\/schema.org","@graph":[{"@type":"WebPage","@id":"https:\/\/talkpal.ai\/cy\/gramadeg-tsieceg\/","url":"https:\/\/talkpal.ai\/cy\/gramadeg-tsieceg\/","name":"Gramadeg Tsieceg - Talkpal","isPartOf":{"@id":"https:\/\/talkpal.ai\/cy\/#website"},"primaryImageOfPage":{"@id":"https:\/\/talkpal.ai\/cy\/gramadeg-tsieceg\/#primaryimage"},"image":{"@id":"https:\/\/talkpal.ai\/cy\/gramadeg-tsieceg\/#primaryimage"},"thumbnailUrl":"https:\/\/talkpal.ai\/wp-content\/uploads\/2023\/05\/czech-republic.png","datePublished":"2023-05-14T14:03:07+00:00","dateModified":"2025-12-13T15:35:12+00:00","description":"Datgloi cyfrinachau gramadeg Tsiec. Dysgwch am ei gymhlethdod unigryw a sut i feistroli declensions enwau yn effeithiol.","breadcrumb":{"@id":"https:\/\/talkpal.ai\/cy\/gramadeg-tsieceg\/#breadcrumb"},"inLanguage":"cy-GB","potentialAction":[{"@type":"ReadAction","target":["https:\/\/talkpal.ai\/cy\/gramadeg-tsieceg\/"]}]},{"@type":"ImageObject","inLanguage":"cy-GB","@id":"https:\/\/talkpal.ai\/cy\/gramadeg-tsieceg\/#primaryimage","url":"https:\/\/talkpal.ai\/wp-content\/uploads\/2023\/05\/czech-republic.png","contentUrl":"https:\/\/talkpal.ai\/wp-content\/uploads\/2023\/05\/czech-republic.png","width":512,"height":512,"caption":"TalkPal Czech republic Flag"},{"@type":"BreadcrumbList","@id":"https:\/\/talkpal.ai\/cy\/gramadeg-tsieceg\/#breadcrumb","itemListElement":[{"@type":"ListItem","position":1,"name":"Homepage","item":"https:\/\/talkpal.ai\/cy\/ai-athro-iaith-3\/"},{"@type":"ListItem","position":2,"name":"Gramadeg Tsieceg"}]},{"@type":"WebSite","@id":"https:\/\/talkpal.ai\/cy\/#website","url":"https:\/\/talkpal.ai\/cy\/","name":"Talkpal","description":"AI Language Learning","publisher":{"@id":"https:\/\/talkpal.ai\/cy\/#organization"},"alternateName":"Talkpal AI","potentialAction":[{"@type":"SearchAction","target":{"@type":"EntryPoint","urlTemplate":"https:\/\/talkpal.ai\/cy\/?s={search_term_string}"},"query-input":{"@type":"PropertyValueSpecification","valueRequired":true,"valueName":"search_term_string"}}],"inLanguage":"cy-GB"},{"@type":"Organization","@id":"https:\/\/talkpal.ai\/cy\/#organization","name":"Talkpal, Inc.","alternateName":"Talkpal AI","url":"https:\/\/talkpal.ai\/cy\/","logo":{"@type":"ImageObject","inLanguage":"cy-GB","@id":"https:\/\/talkpal.ai\/cy\/#\/schema\/logo\/image\/","url":"https:\/\/talkpal.ai\/wp-content\/uploads\/2024\/03\/Talkpal-Logo-Icon.png","contentUrl":"https:\/\/talkpal.ai\/wp-content\/uploads\/2024\/03\/Talkpal-Logo-Icon.png","width":2880,"height":2880,"caption":"Talkpal, Inc."},"image":{"@id":"https:\/\/talkpal.ai\/cy\/#\/schema\/logo\/image\/"},"sameAs":["https:\/\/www.facebook.com\/profile.php?id=100090733639311","https:\/\/x.com\/talkpalai","https:\/\/www.linkedin.com\/company\/talkpal\/","https:\/\/www.youtube.com\/@TalkPal\/","https:\/\/www.tiktok.com\/@talkpal","https:\/\/www.instagram.com\/talkpal_ai\/","https:\/\/www.crunchbase.com\/organization\/talkpal-9cde","https:\/\/www.g2.com\/products\/talkpal-for-business\/","https:\/\/www.trustpilot.com\/review\/talkpal.ai","https:\/\/www.capterra.com\/p\/10006800\/TalkPal\/"],"description":"Talkpal is a language learning web and mobile education app, powered by the latest AI technologies, that provides engaging experiences to its customers in many different languages to help them improve their language skills. Users can chat about unlimited amount of topics with the app and use other modes to practice their language learning.","email":"support@talkpal.ai","legalName":"Talkpal, Inc.","foundingDate":"2023-04-03","duns":"118989042","numberOfEmployees":{"@type":"QuantitativeValue","minValue":"11","maxValue":"50"},"publishingPrinciples":"https:\/\/talkpal.ai\/publishing-principles\/","actionableFeedbackPolicy":"https:\/\/talkpal.ai\/actionable-feedback-policy\/","correctionsPolicy":"https:\/\/talkpal.ai\/corrections-policy\/","ethicsPolicy":"https:\/\/talkpal.ai\/ethics-policy\/","diversityPolicy":"https:\/\/talkpal.ai\/diversity-policy\/","diversityStaffingReport":"https:\/\/talkpal.ai\/diversity-policy\/"}]}},"_links":{"self":[{"href":"https:\/\/talkpal.ai\/cy\/wp-json\/wp\/v2\/pages\/1443674","targetHints":{"allow":["GET"]}}],"collection":[{"href":"https:\/\/talkpal.ai\/cy\/wp-json\/wp\/v2\/pages"}],"about":[{"href":"https:\/\/talkpal.ai\/cy\/wp-json\/wp\/v2\/types\/page"}],"author":[{"embeddable":true,"href":"https:\/\/talkpal.ai\/cy\/wp-json\/wp\/v2\/users\/1"}],"replies":[{"embeddable":true,"href":"https:\/\/talkpal.ai\/cy\/wp-json\/wp\/v2\/comments?post=1443674"}],"version-history":[{"count":0,"href":"https:\/\/talkpal.ai\/cy\/wp-json\/wp\/v2\/pages\/1443674\/revisions"}],"wp:featuredmedia":[{"embeddable":true,"href":"https:\/\/talkpal.ai\/cy\/wp-json\/wp\/v2\/media\/1443676"}],"wp:attachment":[{"href":"https:\/\/talkpal.ai\/cy\/wp-json\/wp\/v2\/media?parent=1443674"}],"curies":[{"name":"wp","href":"https:\/\/api.w.org\/{rel}","templated":true}]}}