{"id":998138,"date":"2023-10-09T10:03:45","date_gmt":"2023-10-09T10:03:45","guid":{"rendered":"https:\/\/talkpal.ai\/pokyny-pro-spravu-predplatneho\/"},"modified":"2025-07-12T09:45:30","modified_gmt":"2025-07-12T09:45:30","slug":"pokyny-pro-spravu-predplatneho","status":"publish","type":"page","link":"https:\/\/talkpal.ai\/cs\/pokyny-pro-spravu-predplatneho\/","title":{"rendered":"Pokyny pro spr\u00e1vu p\u0159edplatn\u00e9ho"},"content":{"rendered":"\n<p>P\u0159edplatn\u00e9 m\u016f\u017eete spravovat v na\u0161ich aplikac\u00edch <a href=\"https:\/\/talkpal.ai\/es\/descargar-la-aplicacion-talkpal-para-android-e-ios\/\">App Store<\/a> (Apple <a href=\"https:\/\/talkpal.ai\/es\/descargar-la-aplicacion-talkpal-para-android-e-ios\/\">iOS<\/a>), Google Play (Android) nebo na webov\u00fdch str\u00e1nk\u00e1ch.<\/p>\n\n<h2 class=\"wp-block-heading\" id=\"h-app-store-apple-ios\">App Store (Apple iOS)<\/h2>\n\n<p>Upozorn\u011bn\u00ed: P\u0159edplatn\u00e9 nebo zku\u0161ebn\u00ed obdob\u00ed Apple mus\u00edte zru\u0161it alespo\u0148 24 hodin p\u0159ed jeho skon\u010den\u00edm. Pokud ji zru\u0161\u00edte posledn\u00ed den, automaticky se obnov\u00ed.<\/p>\n\n<p>Chcete-li zru\u0161it p\u0159edplatn\u00e9 <a href=\"https:\/\/talkpal.ai\/ko\/ai-%ec%96%b8%ec%96%b4-%ea%b5%90%ec%82%ac\/\">Talkpal<\/a> prost\u0159ednictv\u00edm App Store, postupujte v za\u0159\u00edzen\u00ed iOS podle n\u00e1sleduj\u00edc\u00edch krok\u016f:<\/p>\n\n<p><strong>Krok 1<\/strong> &#8211; Otev\u0159ete aplikaci Nastaven\u00ed.<\/p>\n\n<p><strong>Krok 2<\/strong> &#8211; Vyberte sv\u00e9 Apple ID v horn\u00ed \u010d\u00e1sti str\u00e1nky.<\/p>\n\n<p><strong>Krok 3<\/strong> &#8211; Vyberte mo\u017enost &#8222;Zobrazit Apple ID&#8220;<\/p>\n\n<p><strong>Krok 4<\/strong> &#8211; P\u0159ejd\u011bte na &#8222;P\u0159edplatn\u00e9&#8220; a vyberte to, kter\u00e9 chcete zru\u0161it.<\/p>\n\n<p><strong>Krok 5<\/strong> &#8211; Klepn\u011bte na mo\u017enost &#8222;Zru\u0161it p\u0159edplatn\u00e9&#8220;.<\/p>\n\n<h2 class=\"wp-block-heading\" id=\"h-google-play-android\">Google Play (Android)<\/h2>\n\n<p><b>Krok 1<\/b> &#8211; V za\u0159\u00edzen\u00ed se syst\u00e9mem Android p\u0159ejd\u011bte na sv\u00e9 odb\u011bry v Google Play.<\/p>\n\n<p><b>Krok 2<\/b> &#8211; Vyberte p\u0159edplatn\u00e9, kter\u00e9 chcete zru\u0161it.<\/p>\n\n<p><b>Krok 3<\/b> &#8211; Stiskn\u011bte tla\u010d\u00edtko Zru\u0161it odb\u011br.<\/p>\n\n<h2 class=\"wp-block-heading\" id=\"h-website\">Webov\u00e9 str\u00e1nky<\/h2>\n\n<p><b>Krok 1<\/b> &#8211; P\u0159ejd\u011bte na str\u00e1nku sv\u00e9ho \u00fa\u010dtu.<\/p>\n\n<p><b>Krok 2<\/b> &#8211; P\u0159ejd\u011bte dol\u016f do sekce &#8222;P\u0159edplatn\u00e9&#8220;.<\/p>\n\n<p><b>Krok 3<\/b> &#8211; Klikn\u011bte na &#8222;Zru\u0161it p\u0159edplatn\u00e9&#8220;.<\/p>\n","protected":false},"excerpt":{"rendered":"<p>P\u0159edplatn\u00e9 m\u016f\u017eete spravovat v na\u0161ich aplikac\u00edch App Store (Apple iOS), Google Play (Android) nebo na webov\u00fdch str\u00e1nk\u00e1ch. App Store (Apple iOS) Upozorn\u011bn\u00ed: P\u0159edplatn\u00e9 nebo zku\u0161ebn\u00ed obdob\u00ed Apple mus\u00edte zru\u0161it alespo\u0148 24 hodin p\u0159ed jeho skon\u010den\u00edm. Pokud ji zru\u0161\u00edte posledn\u00ed den, automaticky se obnov\u00ed. Chcete-li zru\u0161it p\u0159edplatn\u00e9 Talkpal prost\u0159ednictv\u00edm App Store, postupujte v za\u0159\u00edzen\u00ed iOS podle [&hellip;]<\/p>\n","protected":false},"author":10,"featured_media":197949,"parent":0,"menu_order":0,"comment_status":"closed","ping_status":"closed","template":"","meta":{"_acf_changed":false,"footnotes":""},"class_list":["post-998138","page","type-page","status-publish","has-post-thumbnail","hentry"],"acf":[],"yoast_head":"<!-- This site is optimized with the Yoast SEO Premium plugin v27.2 (Yoast SEO v27.2) - https:\/\/yoast.com\/product\/yoast-seo-premium-wordpress\/ -->\n<title>Pokyny pro spr\u00e1vu p\u0159edplatn\u00e9ho - Talkpal<\/title>\n<meta name=\"description\" content=\"Postupujte podle t\u011bchto pokyn\u016f pro spr\u00e1vu p\u0159edplatn\u00e9ho a snadno ru\u0161te sv\u00e1 p\u0159edplatn\u00e1 v aplikac\u00edch Apple nebo Google Play.\" \/>\n<meta name=\"robots\" content=\"index, follow, max-snippet:-1, max-image-preview:large, max-video-preview:-1\" \/>\n<link rel=\"canonical\" href=\"https:\/\/talkpal.ai\/cs\/pokyny-pro-spravu-predplatneho\/\" \/>\n<meta property=\"og:locale\" content=\"cs_CZ\" \/>\n<meta property=\"og:type\" content=\"article\" \/>\n<meta property=\"og:title\" content=\"Pokyny pro spr\u00e1vu p\u0159edplatn\u00e9ho\" \/>\n<meta property=\"og:description\" content=\"P\u0159edplatn\u00e9 m\u016f\u017eete spravovat v na\u0161ich aplikac\u00edch App Store (Apple iOS), Google Play (Android) nebo na webov\u00fdch str\u00e1nk\u00e1ch. App Store (Apple iOS) Upozorn\u011bn\u00ed:\" \/>\n<meta property=\"og:url\" content=\"https:\/\/talkpal.ai\/cs\/pokyny-pro-spravu-predplatneho\/\" \/>\n<meta property=\"og:site_name\" content=\"Talkpal\" \/>\n<meta property=\"article:publisher\" content=\"https:\/\/www.facebook.com\/profile.php?id=100090733639311\" \/>\n<meta property=\"article:modified_time\" content=\"2025-07-12T09:45:30+00:00\" \/>\n<meta property=\"og:image\" content=\"https:\/\/talkpal.ai\/wp-content\/uploads\/2024\/03\/Talkpal-Logo-Icon.png\" \/>\n\t<meta property=\"og:image:width\" content=\"5000\" \/>\n\t<meta property=\"og:image:height\" content=\"5000\" \/>\n\t<meta property=\"og:image:type\" content=\"image\/png\" \/>\n<meta name=\"twitter:card\" content=\"summary_large_image\" \/>\n<meta name=\"twitter:site\" content=\"@talkpalai\" \/>\n<meta name=\"twitter:label1\" content=\"Odhadovan\u00e1 doba \u010dten\u00ed\" \/>\n\t<meta name=\"twitter:data1\" content=\"1 minuta\" \/>\n<script type=\"application\/ld+json\" class=\"yoast-schema-graph\">{\"@context\":\"https:\/\/schema.org\",\"@graph\":[{\"@type\":\"WebPage\",\"@id\":\"https:\/\/talkpal.ai\/cs\/pokyny-pro-spravu-predplatneho\/\",\"url\":\"https:\/\/talkpal.ai\/cs\/pokyny-pro-spravu-predplatneho\/\",\"name\":\"Pokyny pro spr\u00e1vu p\u0159edplatn\u00e9ho - Talkpal\",\"isPartOf\":{\"@id\":\"https:\/\/talkpal.ai\/cs\/#website\"},\"primaryImageOfPage\":{\"@id\":\"https:\/\/talkpal.ai\/cs\/pokyny-pro-spravu-predplatneho\/#primaryimage\"},\"image\":{\"@id\":\"https:\/\/talkpal.ai\/cs\/pokyny-pro-spravu-predplatneho\/#primaryimage\"},\"thumbnailUrl\":\"https:\/\/talkpal.ai\/wp-content\/uploads\/2024\/03\/Talkpal-Logo-Icon.png\",\"datePublished\":\"2023-10-09T10:03:45+00:00\",\"dateModified\":\"2025-07-12T09:45:30+00:00\",\"description\":\"Postupujte podle t\u011bchto pokyn\u016f pro spr\u00e1vu p\u0159edplatn\u00e9ho a snadno ru\u0161te sv\u00e1 p\u0159edplatn\u00e1 v aplikac\u00edch Apple nebo Google Play.\",\"breadcrumb\":{\"@id\":\"https:\/\/talkpal.ai\/cs\/pokyny-pro-spravu-predplatneho\/#breadcrumb\"},\"inLanguage\":\"cs\",\"potentialAction\":[{\"@type\":\"ReadAction\",\"target\":[\"https:\/\/talkpal.ai\/cs\/pokyny-pro-spravu-predplatneho\/\"]}]},{\"@type\":\"ImageObject\",\"inLanguage\":\"cs\",\"@id\":\"https:\/\/talkpal.ai\/cs\/pokyny-pro-spravu-predplatneho\/#primaryimage\",\"url\":\"https:\/\/talkpal.ai\/wp-content\/uploads\/2024\/03\/Talkpal-Logo-Icon.png\",\"contentUrl\":\"https:\/\/talkpal.ai\/wp-content\/uploads\/2024\/03\/Talkpal-Logo-Icon.png\",\"width\":5000,\"height\":5000,\"caption\":\"Logo Talkpal\"},{\"@type\":\"BreadcrumbList\",\"@id\":\"https:\/\/talkpal.ai\/cs\/pokyny-pro-spravu-predplatneho\/#breadcrumb\",\"itemListElement\":[{\"@type\":\"ListItem\",\"position\":1,\"name\":\"Homepage\",\"item\":\"https:\/\/talkpal.ai\/cs\/\"},{\"@type\":\"ListItem\",\"position\":2,\"name\":\"Pokyny pro spr\u00e1vu p\u0159edplatn\u00e9ho\"}]},{\"@type\":\"WebSite\",\"@id\":\"https:\/\/talkpal.ai\/cs\/#website\",\"url\":\"https:\/\/talkpal.ai\/cs\/\",\"name\":\"Talkpal\",\"description\":\"AI Language Learning\",\"publisher\":{\"@id\":\"https:\/\/talkpal.ai\/cs\/#organization\"},\"alternateName\":\"Talkpal AI\",\"potentialAction\":[{\"@type\":\"SearchAction\",\"target\":{\"@type\":\"EntryPoint\",\"urlTemplate\":\"https:\/\/talkpal.ai\/cs\/?s={search_term_string}\"},\"query-input\":{\"@type\":\"PropertyValueSpecification\",\"valueRequired\":true,\"valueName\":\"search_term_string\"}}],\"inLanguage\":\"cs\"},{\"@type\":\"Organization\",\"@id\":\"https:\/\/talkpal.ai\/cs\/#organization\",\"name\":\"Talkpal, Inc.\",\"alternateName\":\"Talkpal AI\",\"url\":\"https:\/\/talkpal.ai\/cs\/\",\"logo\":{\"@type\":\"ImageObject\",\"inLanguage\":\"cs\",\"@id\":\"https:\/\/talkpal.ai\/cs\/#\/schema\/logo\/image\/\",\"url\":\"https:\/\/talkpal.ai\/wp-content\/uploads\/2024\/03\/Talkpal-Logo-Icon.png\",\"contentUrl\":\"https:\/\/talkpal.ai\/wp-content\/uploads\/2024\/03\/Talkpal-Logo-Icon.png\",\"width\":2880,\"height\":2880,\"caption\":\"Talkpal, Inc.\"},\"image\":{\"@id\":\"https:\/\/talkpal.ai\/cs\/#\/schema\/logo\/image\/\"},\"sameAs\":[\"https:\/\/www.facebook.com\/profile.php?id=100090733639311\",\"https:\/\/x.com\/talkpalai\",\"https:\/\/www.linkedin.com\/company\/talkpal\/\",\"https:\/\/www.youtube.com\/@TalkPal\/\",\"https:\/\/www.tiktok.com\/@talkpal\",\"https:\/\/www.instagram.com\/talkpal_ai\/\",\"https:\/\/www.crunchbase.com\/organization\/talkpal-9cde\",\"https:\/\/www.g2.com\/products\/talkpal-for-business\/\",\"https:\/\/www.trustpilot.com\/review\/talkpal.ai\",\"https:\/\/www.capterra.com\/p\/10006800\/TalkPal\/\"],\"description\":\"Talkpal is a language learning web and mobile education app, powered by the latest AI technologies, that provides engaging experiences to its customers in many different languages to help them improve their language skills. Users can chat about unlimited amount of topics with the app and use other modes to practice their language learning.\",\"email\":\"support@talkpal.ai\",\"legalName\":\"Talkpal, Inc.\",\"foundingDate\":\"2023-04-03\",\"duns\":\"118989042\",\"numberOfEmployees\":{\"@type\":\"QuantitativeValue\",\"minValue\":\"11\",\"maxValue\":\"50\"},\"publishingPrinciples\":\"https:\/\/talkpal.ai\/publishing-principles\/\",\"actionableFeedbackPolicy\":\"https:\/\/talkpal.ai\/actionable-feedback-policy\/\",\"correctionsPolicy\":\"https:\/\/talkpal.ai\/corrections-policy\/\",\"ethicsPolicy\":\"https:\/\/talkpal.ai\/ethics-policy\/\",\"diversityPolicy\":\"https:\/\/talkpal.ai\/diversity-policy\/\",\"diversityStaffingReport\":\"https:\/\/talkpal.ai\/diversity-policy\/\"}]}<\/script>\n<!-- \/ Yoast SEO Premium plugin. -->","yoast_head_json":{"title":"Pokyny pro spr\u00e1vu p\u0159edplatn\u00e9ho - Talkpal","description":"Postupujte podle t\u011bchto pokyn\u016f pro spr\u00e1vu p\u0159edplatn\u00e9ho a snadno ru\u0161te sv\u00e1 p\u0159edplatn\u00e1 v aplikac\u00edch Apple nebo Google Play.","robots":{"index":"index","follow":"follow","max-snippet":"max-snippet:-1","max-image-preview":"max-image-preview:large","max-video-preview":"max-video-preview:-1"},"canonical":"https:\/\/talkpal.ai\/cs\/pokyny-pro-spravu-predplatneho\/","og_locale":"cs_CZ","og_type":"article","og_title":"Pokyny pro spr\u00e1vu p\u0159edplatn\u00e9ho","og_description":"P\u0159edplatn\u00e9 m\u016f\u017eete spravovat v na\u0161ich aplikac\u00edch App Store (Apple iOS), Google Play (Android) nebo na webov\u00fdch str\u00e1nk\u00e1ch. App Store (Apple iOS) Upozorn\u011bn\u00ed:","og_url":"https:\/\/talkpal.ai\/cs\/pokyny-pro-spravu-predplatneho\/","og_site_name":"Talkpal","article_publisher":"https:\/\/www.facebook.com\/profile.php?id=100090733639311","article_modified_time":"2025-07-12T09:45:30+00:00","og_image":[{"width":5000,"height":5000,"url":"https:\/\/talkpal.ai\/wp-content\/uploads\/2024\/03\/Talkpal-Logo-Icon.png","type":"image\/png"}],"twitter_card":"summary_large_image","twitter_site":"@talkpalai","twitter_misc":{"Odhadovan\u00e1 doba \u010dten\u00ed":"1 minuta"},"schema":{"@context":"https:\/\/schema.org","@graph":[{"@type":"WebPage","@id":"https:\/\/talkpal.ai\/cs\/pokyny-pro-spravu-predplatneho\/","url":"https:\/\/talkpal.ai\/cs\/pokyny-pro-spravu-predplatneho\/","name":"Pokyny pro spr\u00e1vu p\u0159edplatn\u00e9ho - Talkpal","isPartOf":{"@id":"https:\/\/talkpal.ai\/cs\/#website"},"primaryImageOfPage":{"@id":"https:\/\/talkpal.ai\/cs\/pokyny-pro-spravu-predplatneho\/#primaryimage"},"image":{"@id":"https:\/\/talkpal.ai\/cs\/pokyny-pro-spravu-predplatneho\/#primaryimage"},"thumbnailUrl":"https:\/\/talkpal.ai\/wp-content\/uploads\/2024\/03\/Talkpal-Logo-Icon.png","datePublished":"2023-10-09T10:03:45+00:00","dateModified":"2025-07-12T09:45:30+00:00","description":"Postupujte podle t\u011bchto pokyn\u016f pro spr\u00e1vu p\u0159edplatn\u00e9ho a snadno ru\u0161te sv\u00e1 p\u0159edplatn\u00e1 v aplikac\u00edch Apple nebo Google Play.","breadcrumb":{"@id":"https:\/\/talkpal.ai\/cs\/pokyny-pro-spravu-predplatneho\/#breadcrumb"},"inLanguage":"cs","potentialAction":[{"@type":"ReadAction","target":["https:\/\/talkpal.ai\/cs\/pokyny-pro-spravu-predplatneho\/"]}]},{"@type":"ImageObject","inLanguage":"cs","@id":"https:\/\/talkpal.ai\/cs\/pokyny-pro-spravu-predplatneho\/#primaryimage","url":"https:\/\/talkpal.ai\/wp-content\/uploads\/2024\/03\/Talkpal-Logo-Icon.png","contentUrl":"https:\/\/talkpal.ai\/wp-content\/uploads\/2024\/03\/Talkpal-Logo-Icon.png","width":5000,"height":5000,"caption":"Logo Talkpal"},{"@type":"BreadcrumbList","@id":"https:\/\/talkpal.ai\/cs\/pokyny-pro-spravu-predplatneho\/#breadcrumb","itemListElement":[{"@type":"ListItem","position":1,"name":"Homepage","item":"https:\/\/talkpal.ai\/cs\/"},{"@type":"ListItem","position":2,"name":"Pokyny pro spr\u00e1vu p\u0159edplatn\u00e9ho"}]},{"@type":"WebSite","@id":"https:\/\/talkpal.ai\/cs\/#website","url":"https:\/\/talkpal.ai\/cs\/","name":"Talkpal","description":"AI Language Learning","publisher":{"@id":"https:\/\/talkpal.ai\/cs\/#organization"},"alternateName":"Talkpal AI","potentialAction":[{"@type":"SearchAction","target":{"@type":"EntryPoint","urlTemplate":"https:\/\/talkpal.ai\/cs\/?s={search_term_string}"},"query-input":{"@type":"PropertyValueSpecification","valueRequired":true,"valueName":"search_term_string"}}],"inLanguage":"cs"},{"@type":"Organization","@id":"https:\/\/talkpal.ai\/cs\/#organization","name":"Talkpal, Inc.","alternateName":"Talkpal AI","url":"https:\/\/talkpal.ai\/cs\/","logo":{"@type":"ImageObject","inLanguage":"cs","@id":"https:\/\/talkpal.ai\/cs\/#\/schema\/logo\/image\/","url":"https:\/\/talkpal.ai\/wp-content\/uploads\/2024\/03\/Talkpal-Logo-Icon.png","contentUrl":"https:\/\/talkpal.ai\/wp-content\/uploads\/2024\/03\/Talkpal-Logo-Icon.png","width":2880,"height":2880,"caption":"Talkpal, Inc."},"image":{"@id":"https:\/\/talkpal.ai\/cs\/#\/schema\/logo\/image\/"},"sameAs":["https:\/\/www.facebook.com\/profile.php?id=100090733639311","https:\/\/x.com\/talkpalai","https:\/\/www.linkedin.com\/company\/talkpal\/","https:\/\/www.youtube.com\/@TalkPal\/","https:\/\/www.tiktok.com\/@talkpal","https:\/\/www.instagram.com\/talkpal_ai\/","https:\/\/www.crunchbase.com\/organization\/talkpal-9cde","https:\/\/www.g2.com\/products\/talkpal-for-business\/","https:\/\/www.trustpilot.com\/review\/talkpal.ai","https:\/\/www.capterra.com\/p\/10006800\/TalkPal\/"],"description":"Talkpal is a language learning web and mobile education app, powered by the latest AI technologies, that provides engaging experiences to its customers in many different languages to help them improve their language skills. Users can chat about unlimited amount of topics with the app and use other modes to practice their language learning.","email":"support@talkpal.ai","legalName":"Talkpal, Inc.","foundingDate":"2023-04-03","duns":"118989042","numberOfEmployees":{"@type":"QuantitativeValue","minValue":"11","maxValue":"50"},"publishingPrinciples":"https:\/\/talkpal.ai\/publishing-principles\/","actionableFeedbackPolicy":"https:\/\/talkpal.ai\/actionable-feedback-policy\/","correctionsPolicy":"https:\/\/talkpal.ai\/corrections-policy\/","ethicsPolicy":"https:\/\/talkpal.ai\/ethics-policy\/","diversityPolicy":"https:\/\/talkpal.ai\/diversity-policy\/","diversityStaffingReport":"https:\/\/talkpal.ai\/diversity-policy\/"}]}},"_links":{"self":[{"href":"https:\/\/talkpal.ai\/cs\/wp-json\/wp\/v2\/pages\/998138","targetHints":{"allow":["GET"]}}],"collection":[{"href":"https:\/\/talkpal.ai\/cs\/wp-json\/wp\/v2\/pages"}],"about":[{"href":"https:\/\/talkpal.ai\/cs\/wp-json\/wp\/v2\/types\/page"}],"author":[{"embeddable":true,"href":"https:\/\/talkpal.ai\/cs\/wp-json\/wp\/v2\/users\/10"}],"replies":[{"embeddable":true,"href":"https:\/\/talkpal.ai\/cs\/wp-json\/wp\/v2\/comments?post=998138"}],"version-history":[{"count":0,"href":"https:\/\/talkpal.ai\/cs\/wp-json\/wp\/v2\/pages\/998138\/revisions"}],"wp:featuredmedia":[{"embeddable":true,"href":"https:\/\/talkpal.ai\/cs\/wp-json\/wp\/v2\/media\/197949"}],"wp:attachment":[{"href":"https:\/\/talkpal.ai\/cs\/wp-json\/wp\/v2\/media?parent=998138"}],"curies":[{"name":"wp","href":"https:\/\/api.w.org\/{rel}","templated":true}]}}