{"id":994862,"date":"2023-12-20T15:42:12","date_gmt":"2023-12-20T15:42:12","guid":{"rendered":"https:\/\/talkpal.ai\/pokyny-pro-pridani-kodu-kuponu-do-pokladny-stripe\/"},"modified":"2025-06-19T18:07:11","modified_gmt":"2025-06-19T18:07:11","slug":"pokyny-pro-pridani-kodu-kuponu-do-pokladny-stripe","status":"publish","type":"page","link":"https:\/\/talkpal.ai\/cs\/pokyny-pro-pridani-kodu-kuponu-do-pokladny-stripe\/","title":{"rendered":"Pokyny pro p\u0159id\u00e1n\u00ed k\u00f3du kuponu do pokladny Stripe"},"content":{"rendered":"\n<p>P\u0159idejte <a href=\"https:\/\/talkpal.ai\/sk\/pokyny-na-pridanie-kodu-kuponu-v-sluzbe-stripe-checkout\/\">k\u00f3d kup\u00f3nu<\/a> a z\u00edskejte slevu.<\/p>\n\n<h2 class=\"wp-block-heading\" id=\"h-follow-the-steps\">Postupujte podle krok\u016f<\/h2>\n\n<h3 class=\"wp-block-heading\" id=\"h-step-1\">Krok 1:<\/h3>\n\n<p>Vyberte si preferovan\u00fd pl\u00e1n.<\/p>\n\n<figure class=\"wp-block-image\"><img decoding=\"async\" src=\"https:\/\/talkpal.ai\/wp-content\/uploads\/2024\/12\/Choos-plan-screen-768x389.png\" alt=\"\"\/><\/figure>\n\n<h3 class=\"wp-block-heading\" id=\"h-step-2\">Krok 2:<\/h3>\n\n<p>Vyberte mo\u017enost platby kartou a stiskn\u011bte tla\u010d\u00edtko Start.<\/p>\n\n<figure class=\"wp-block-image\"><img decoding=\"async\" src=\"https:\/\/talkpal.ai\/wp-content\/uploads\/2024\/12\/Payment-method-screen-768x389.png\" alt=\"\"\/><\/figure>\n\n<h3 class=\"wp-block-heading\" id=\"h-step-3\">Krok 3:<\/h3>\n\n<p>Budete p\u0159esm\u011brov\u00e1ni na pokladn\u00ed str\u00e1nku spole\u010dnosti Stripe.<\/p>\n\n<h3 class=\"wp-block-heading\" id=\"h-step-4\">Krok 4:<\/h3>\n\n<p>Stiskn\u011bte tla\u010d\u00edtko \u201eP\u0159idat propaga\u010dn\u00ed k\u00f3d\u201c a zadejte k\u00f3d, nap\u0159\u00edklad: <strong>JOIN25<\/strong> a stiskn\u011bte tla\u010d\u00edtko \u201ePou\u017e\u00edt\u201c.<\/p>\n\n<figure class=\"wp-block-image\"><img decoding=\"async\" src=\"https:\/\/talkpal.ai\/wp-content\/uploads\/2024\/05\/Talkpal-Stripe-instructions-1024x593.png\" alt=\"\"\/><\/figure>\n\n<h3 class=\"wp-block-heading\" id=\"h-step-5\">Krok 5:<\/h3>\n\n<p>Vypl\u0148te \u00fadaje o sv\u00e9 kart\u011b a za\u010dn\u011bte prozkoum\u00e1vat sv\u016fj \u00fa\u010det Premium.<\/p>\n\n<p><\/p>\n","protected":false},"excerpt":{"rendered":"<p>P\u0159idejte k\u00f3d kup\u00f3nu a z\u00edskejte slevu. Postupujte podle krok\u016f Krok 1: Vyberte si preferovan\u00fd pl\u00e1n. Krok 2: Vyberte mo\u017enost platby kartou a stiskn\u011bte tla\u010d\u00edtko Start. Krok 3: Budete p\u0159esm\u011brov\u00e1ni na pokladn\u00ed str\u00e1nku spole\u010dnosti Stripe. Krok 4: Stiskn\u011bte tla\u010d\u00edtko \u201eP\u0159idat propaga\u010dn\u00ed k\u00f3d\u201c a zadejte k\u00f3d, nap\u0159\u00edklad: JOIN25 a stiskn\u011bte tla\u010d\u00edtko \u201ePou\u017e\u00edt\u201c. Krok 5: Vypl\u0148te \u00fadaje o [&hellip;]<\/p>\n","protected":false},"author":6,"featured_media":197949,"parent":0,"menu_order":0,"comment_status":"closed","ping_status":"closed","template":"","meta":{"_acf_changed":false,"footnotes":""},"class_list":["post-994862","page","type-page","status-publish","has-post-thumbnail","hentry"],"acf":[],"yoast_head":"<!-- This site is optimized with the Yoast SEO Premium plugin v27.2 (Yoast SEO v27.2) - https:\/\/yoast.com\/product\/yoast-seo-premium-wordpress\/ -->\n<title>Pokyny pro p\u0159id\u00e1n\u00ed k\u00f3du kuponu do pokladny Stripe - Talkpal<\/title>\n<meta name=\"description\" content=\"P\u0159e\u010dt\u011bte si, jak snadno p\u0159idat kup\u00f3nov\u00e9 k\u00f3dy do slu\u017eby Stripe Checkout. Postupujte podle jednoduch\u00fdch krok\u016f, abyste vylep\u0161ili zku\u0161enosti z\u00e1kazn\u00edk\u016f p\u0159i placen\u00ed.\" \/>\n<meta name=\"robots\" content=\"index, follow, max-snippet:-1, max-image-preview:large, max-video-preview:-1\" \/>\n<link rel=\"canonical\" href=\"https:\/\/talkpal.ai\/cs\/pokyny-pro-pridani-kodu-kuponu-do-pokladny-stripe\/\" \/>\n<meta property=\"og:locale\" content=\"cs_CZ\" \/>\n<meta property=\"og:type\" content=\"article\" \/>\n<meta property=\"og:title\" content=\"Pokyny pro p\u0159id\u00e1n\u00ed k\u00f3du kuponu do pokladny Stripe\" \/>\n<meta property=\"og:description\" content=\"P\u0159idejte k\u00f3d kup\u00f3nu a z\u00edskejte slevu. Postupujte podle krok\u016f Krok 1: Vyberte si preferovan\u00fd pl\u00e1n. Krok 2: Vyberte mo\u017enost platby kartou a stiskn\u011bte\" \/>\n<meta property=\"og:url\" content=\"https:\/\/talkpal.ai\/cs\/pokyny-pro-pridani-kodu-kuponu-do-pokladny-stripe\/\" \/>\n<meta property=\"og:site_name\" content=\"Talkpal\" \/>\n<meta property=\"article:publisher\" content=\"https:\/\/www.facebook.com\/profile.php?id=100090733639311\" \/>\n<meta property=\"article:modified_time\" content=\"2025-06-19T18:07:11+00:00\" \/>\n<meta property=\"og:image\" content=\"https:\/\/talkpal.ai\/wp-content\/uploads\/2024\/03\/Talkpal-Logo-Icon.png\" \/>\n\t<meta property=\"og:image:width\" content=\"5000\" \/>\n\t<meta property=\"og:image:height\" content=\"5000\" \/>\n\t<meta property=\"og:image:type\" content=\"image\/png\" \/>\n<meta name=\"twitter:card\" content=\"summary_large_image\" \/>\n<meta name=\"twitter:site\" content=\"@talkpalai\" \/>\n<script type=\"application\/ld+json\" class=\"yoast-schema-graph\">{\"@context\":\"https:\/\/schema.org\",\"@graph\":[{\"@type\":\"WebPage\",\"@id\":\"https:\/\/talkpal.ai\/cs\/pokyny-pro-pridani-kodu-kuponu-do-pokladny-stripe\/\",\"url\":\"https:\/\/talkpal.ai\/cs\/pokyny-pro-pridani-kodu-kuponu-do-pokladny-stripe\/\",\"name\":\"Pokyny pro p\u0159id\u00e1n\u00ed k\u00f3du kuponu do pokladny Stripe - Talkpal\",\"isPartOf\":{\"@id\":\"https:\/\/talkpal.ai\/cs\/#website\"},\"primaryImageOfPage\":{\"@id\":\"https:\/\/talkpal.ai\/cs\/pokyny-pro-pridani-kodu-kuponu-do-pokladny-stripe\/#primaryimage\"},\"image\":{\"@id\":\"https:\/\/talkpal.ai\/cs\/pokyny-pro-pridani-kodu-kuponu-do-pokladny-stripe\/#primaryimage\"},\"thumbnailUrl\":\"https:\/\/talkpal.ai\/wp-content\/uploads\/2024\/03\/Talkpal-Logo-Icon.png\",\"datePublished\":\"2023-12-20T15:42:12+00:00\",\"dateModified\":\"2025-06-19T18:07:11+00:00\",\"description\":\"P\u0159e\u010dt\u011bte si, jak snadno p\u0159idat kup\u00f3nov\u00e9 k\u00f3dy do slu\u017eby Stripe Checkout. Postupujte podle jednoduch\u00fdch krok\u016f, abyste vylep\u0161ili zku\u0161enosti z\u00e1kazn\u00edk\u016f p\u0159i placen\u00ed.\",\"breadcrumb\":{\"@id\":\"https:\/\/talkpal.ai\/cs\/pokyny-pro-pridani-kodu-kuponu-do-pokladny-stripe\/#breadcrumb\"},\"inLanguage\":\"cs\",\"potentialAction\":[{\"@type\":\"ReadAction\",\"target\":[\"https:\/\/talkpal.ai\/cs\/pokyny-pro-pridani-kodu-kuponu-do-pokladny-stripe\/\"]}]},{\"@type\":\"ImageObject\",\"inLanguage\":\"cs\",\"@id\":\"https:\/\/talkpal.ai\/cs\/pokyny-pro-pridani-kodu-kuponu-do-pokladny-stripe\/#primaryimage\",\"url\":\"https:\/\/talkpal.ai\/wp-content\/uploads\/2024\/03\/Talkpal-Logo-Icon.png\",\"contentUrl\":\"https:\/\/talkpal.ai\/wp-content\/uploads\/2024\/03\/Talkpal-Logo-Icon.png\",\"width\":5000,\"height\":5000,\"caption\":\"Logo Talkpal\"},{\"@type\":\"BreadcrumbList\",\"@id\":\"https:\/\/talkpal.ai\/cs\/pokyny-pro-pridani-kodu-kuponu-do-pokladny-stripe\/#breadcrumb\",\"itemListElement\":[{\"@type\":\"ListItem\",\"position\":1,\"name\":\"Homepage\",\"item\":\"https:\/\/talkpal.ai\/cs\/\"},{\"@type\":\"ListItem\",\"position\":2,\"name\":\"Pokyny pro p\u0159id\u00e1n\u00ed k\u00f3du kuponu do pokladny Stripe\"}]},{\"@type\":\"WebSite\",\"@id\":\"https:\/\/talkpal.ai\/cs\/#website\",\"url\":\"https:\/\/talkpal.ai\/cs\/\",\"name\":\"Talkpal\",\"description\":\"AI Language Learning\",\"publisher\":{\"@id\":\"https:\/\/talkpal.ai\/cs\/#organization\"},\"alternateName\":\"Talkpal AI\",\"potentialAction\":[{\"@type\":\"SearchAction\",\"target\":{\"@type\":\"EntryPoint\",\"urlTemplate\":\"https:\/\/talkpal.ai\/cs\/?s={search_term_string}\"},\"query-input\":{\"@type\":\"PropertyValueSpecification\",\"valueRequired\":true,\"valueName\":\"search_term_string\"}}],\"inLanguage\":\"cs\"},{\"@type\":\"Organization\",\"@id\":\"https:\/\/talkpal.ai\/cs\/#organization\",\"name\":\"Talkpal, Inc.\",\"alternateName\":\"Talkpal AI\",\"url\":\"https:\/\/talkpal.ai\/cs\/\",\"logo\":{\"@type\":\"ImageObject\",\"inLanguage\":\"cs\",\"@id\":\"https:\/\/talkpal.ai\/cs\/#\/schema\/logo\/image\/\",\"url\":\"https:\/\/talkpal.ai\/wp-content\/uploads\/2024\/03\/Talkpal-Logo-Icon.png\",\"contentUrl\":\"https:\/\/talkpal.ai\/wp-content\/uploads\/2024\/03\/Talkpal-Logo-Icon.png\",\"width\":2880,\"height\":2880,\"caption\":\"Talkpal, Inc.\"},\"image\":{\"@id\":\"https:\/\/talkpal.ai\/cs\/#\/schema\/logo\/image\/\"},\"sameAs\":[\"https:\/\/www.facebook.com\/profile.php?id=100090733639311\",\"https:\/\/x.com\/talkpalai\",\"https:\/\/www.linkedin.com\/company\/talkpal\/\",\"https:\/\/www.youtube.com\/@TalkPal\/\",\"https:\/\/www.tiktok.com\/@talkpal\",\"https:\/\/www.instagram.com\/talkpal_ai\/\",\"https:\/\/www.crunchbase.com\/organization\/talkpal-9cde\",\"https:\/\/www.g2.com\/products\/talkpal-for-business\/\",\"https:\/\/www.trustpilot.com\/review\/talkpal.ai\",\"https:\/\/www.capterra.com\/p\/10006800\/TalkPal\/\"],\"description\":\"Talkpal is a language learning web and mobile education app, powered by the latest AI technologies, that provides engaging experiences to its customers in many different languages to help them improve their language skills. Users can chat about unlimited amount of topics with the app and use other modes to practice their language learning.\",\"email\":\"support@talkpal.ai\",\"legalName\":\"Talkpal, Inc.\",\"foundingDate\":\"2023-04-03\",\"duns\":\"118989042\",\"numberOfEmployees\":{\"@type\":\"QuantitativeValue\",\"minValue\":\"11\",\"maxValue\":\"50\"},\"publishingPrinciples\":\"https:\/\/talkpal.ai\/publishing-principles\/\",\"actionableFeedbackPolicy\":\"https:\/\/talkpal.ai\/actionable-feedback-policy\/\",\"correctionsPolicy\":\"https:\/\/talkpal.ai\/corrections-policy\/\",\"ethicsPolicy\":\"https:\/\/talkpal.ai\/ethics-policy\/\",\"diversityPolicy\":\"https:\/\/talkpal.ai\/diversity-policy\/\",\"diversityStaffingReport\":\"https:\/\/talkpal.ai\/diversity-policy\/\"}]}<\/script>\n<!-- \/ Yoast SEO Premium plugin. -->","yoast_head_json":{"title":"Pokyny pro p\u0159id\u00e1n\u00ed k\u00f3du kuponu do pokladny Stripe - Talkpal","description":"P\u0159e\u010dt\u011bte si, jak snadno p\u0159idat kup\u00f3nov\u00e9 k\u00f3dy do slu\u017eby Stripe Checkout. Postupujte podle jednoduch\u00fdch krok\u016f, abyste vylep\u0161ili zku\u0161enosti z\u00e1kazn\u00edk\u016f p\u0159i placen\u00ed.","robots":{"index":"index","follow":"follow","max-snippet":"max-snippet:-1","max-image-preview":"max-image-preview:large","max-video-preview":"max-video-preview:-1"},"canonical":"https:\/\/talkpal.ai\/cs\/pokyny-pro-pridani-kodu-kuponu-do-pokladny-stripe\/","og_locale":"cs_CZ","og_type":"article","og_title":"Pokyny pro p\u0159id\u00e1n\u00ed k\u00f3du kuponu do pokladny Stripe","og_description":"P\u0159idejte k\u00f3d kup\u00f3nu a z\u00edskejte slevu. Postupujte podle krok\u016f Krok 1: Vyberte si preferovan\u00fd pl\u00e1n. Krok 2: Vyberte mo\u017enost platby kartou a stiskn\u011bte","og_url":"https:\/\/talkpal.ai\/cs\/pokyny-pro-pridani-kodu-kuponu-do-pokladny-stripe\/","og_site_name":"Talkpal","article_publisher":"https:\/\/www.facebook.com\/profile.php?id=100090733639311","article_modified_time":"2025-06-19T18:07:11+00:00","og_image":[{"width":5000,"height":5000,"url":"https:\/\/talkpal.ai\/wp-content\/uploads\/2024\/03\/Talkpal-Logo-Icon.png","type":"image\/png"}],"twitter_card":"summary_large_image","twitter_site":"@talkpalai","schema":{"@context":"https:\/\/schema.org","@graph":[{"@type":"WebPage","@id":"https:\/\/talkpal.ai\/cs\/pokyny-pro-pridani-kodu-kuponu-do-pokladny-stripe\/","url":"https:\/\/talkpal.ai\/cs\/pokyny-pro-pridani-kodu-kuponu-do-pokladny-stripe\/","name":"Pokyny pro p\u0159id\u00e1n\u00ed k\u00f3du kuponu do pokladny Stripe - Talkpal","isPartOf":{"@id":"https:\/\/talkpal.ai\/cs\/#website"},"primaryImageOfPage":{"@id":"https:\/\/talkpal.ai\/cs\/pokyny-pro-pridani-kodu-kuponu-do-pokladny-stripe\/#primaryimage"},"image":{"@id":"https:\/\/talkpal.ai\/cs\/pokyny-pro-pridani-kodu-kuponu-do-pokladny-stripe\/#primaryimage"},"thumbnailUrl":"https:\/\/talkpal.ai\/wp-content\/uploads\/2024\/03\/Talkpal-Logo-Icon.png","datePublished":"2023-12-20T15:42:12+00:00","dateModified":"2025-06-19T18:07:11+00:00","description":"P\u0159e\u010dt\u011bte si, jak snadno p\u0159idat kup\u00f3nov\u00e9 k\u00f3dy do slu\u017eby Stripe Checkout. Postupujte podle jednoduch\u00fdch krok\u016f, abyste vylep\u0161ili zku\u0161enosti z\u00e1kazn\u00edk\u016f p\u0159i placen\u00ed.","breadcrumb":{"@id":"https:\/\/talkpal.ai\/cs\/pokyny-pro-pridani-kodu-kuponu-do-pokladny-stripe\/#breadcrumb"},"inLanguage":"cs","potentialAction":[{"@type":"ReadAction","target":["https:\/\/talkpal.ai\/cs\/pokyny-pro-pridani-kodu-kuponu-do-pokladny-stripe\/"]}]},{"@type":"ImageObject","inLanguage":"cs","@id":"https:\/\/talkpal.ai\/cs\/pokyny-pro-pridani-kodu-kuponu-do-pokladny-stripe\/#primaryimage","url":"https:\/\/talkpal.ai\/wp-content\/uploads\/2024\/03\/Talkpal-Logo-Icon.png","contentUrl":"https:\/\/talkpal.ai\/wp-content\/uploads\/2024\/03\/Talkpal-Logo-Icon.png","width":5000,"height":5000,"caption":"Logo Talkpal"},{"@type":"BreadcrumbList","@id":"https:\/\/talkpal.ai\/cs\/pokyny-pro-pridani-kodu-kuponu-do-pokladny-stripe\/#breadcrumb","itemListElement":[{"@type":"ListItem","position":1,"name":"Homepage","item":"https:\/\/talkpal.ai\/cs\/"},{"@type":"ListItem","position":2,"name":"Pokyny pro p\u0159id\u00e1n\u00ed k\u00f3du kuponu do pokladny Stripe"}]},{"@type":"WebSite","@id":"https:\/\/talkpal.ai\/cs\/#website","url":"https:\/\/talkpal.ai\/cs\/","name":"Talkpal","description":"AI Language Learning","publisher":{"@id":"https:\/\/talkpal.ai\/cs\/#organization"},"alternateName":"Talkpal AI","potentialAction":[{"@type":"SearchAction","target":{"@type":"EntryPoint","urlTemplate":"https:\/\/talkpal.ai\/cs\/?s={search_term_string}"},"query-input":{"@type":"PropertyValueSpecification","valueRequired":true,"valueName":"search_term_string"}}],"inLanguage":"cs"},{"@type":"Organization","@id":"https:\/\/talkpal.ai\/cs\/#organization","name":"Talkpal, Inc.","alternateName":"Talkpal AI","url":"https:\/\/talkpal.ai\/cs\/","logo":{"@type":"ImageObject","inLanguage":"cs","@id":"https:\/\/talkpal.ai\/cs\/#\/schema\/logo\/image\/","url":"https:\/\/talkpal.ai\/wp-content\/uploads\/2024\/03\/Talkpal-Logo-Icon.png","contentUrl":"https:\/\/talkpal.ai\/wp-content\/uploads\/2024\/03\/Talkpal-Logo-Icon.png","width":2880,"height":2880,"caption":"Talkpal, Inc."},"image":{"@id":"https:\/\/talkpal.ai\/cs\/#\/schema\/logo\/image\/"},"sameAs":["https:\/\/www.facebook.com\/profile.php?id=100090733639311","https:\/\/x.com\/talkpalai","https:\/\/www.linkedin.com\/company\/talkpal\/","https:\/\/www.youtube.com\/@TalkPal\/","https:\/\/www.tiktok.com\/@talkpal","https:\/\/www.instagram.com\/talkpal_ai\/","https:\/\/www.crunchbase.com\/organization\/talkpal-9cde","https:\/\/www.g2.com\/products\/talkpal-for-business\/","https:\/\/www.trustpilot.com\/review\/talkpal.ai","https:\/\/www.capterra.com\/p\/10006800\/TalkPal\/"],"description":"Talkpal is a language learning web and mobile education app, powered by the latest AI technologies, that provides engaging experiences to its customers in many different languages to help them improve their language skills. Users can chat about unlimited amount of topics with the app and use other modes to practice their language learning.","email":"support@talkpal.ai","legalName":"Talkpal, Inc.","foundingDate":"2023-04-03","duns":"118989042","numberOfEmployees":{"@type":"QuantitativeValue","minValue":"11","maxValue":"50"},"publishingPrinciples":"https:\/\/talkpal.ai\/publishing-principles\/","actionableFeedbackPolicy":"https:\/\/talkpal.ai\/actionable-feedback-policy\/","correctionsPolicy":"https:\/\/talkpal.ai\/corrections-policy\/","ethicsPolicy":"https:\/\/talkpal.ai\/ethics-policy\/","diversityPolicy":"https:\/\/talkpal.ai\/diversity-policy\/","diversityStaffingReport":"https:\/\/talkpal.ai\/diversity-policy\/"}]}},"_links":{"self":[{"href":"https:\/\/talkpal.ai\/cs\/wp-json\/wp\/v2\/pages\/994862","targetHints":{"allow":["GET"]}}],"collection":[{"href":"https:\/\/talkpal.ai\/cs\/wp-json\/wp\/v2\/pages"}],"about":[{"href":"https:\/\/talkpal.ai\/cs\/wp-json\/wp\/v2\/types\/page"}],"author":[{"embeddable":true,"href":"https:\/\/talkpal.ai\/cs\/wp-json\/wp\/v2\/users\/6"}],"replies":[{"embeddable":true,"href":"https:\/\/talkpal.ai\/cs\/wp-json\/wp\/v2\/comments?post=994862"}],"version-history":[{"count":0,"href":"https:\/\/talkpal.ai\/cs\/wp-json\/wp\/v2\/pages\/994862\/revisions"}],"wp:featuredmedia":[{"embeddable":true,"href":"https:\/\/talkpal.ai\/cs\/wp-json\/wp\/v2\/media\/197949"}],"wp:attachment":[{"href":"https:\/\/talkpal.ai\/cs\/wp-json\/wp\/v2\/media?parent=994862"}],"curies":[{"name":"wp","href":"https:\/\/api.w.org\/{rel}","templated":true}]}}