{"id":93064,"date":"2023-12-05T11:40:43","date_gmt":"2023-12-05T11:40:43","guid":{"rendered":"http:\/\/talkpal.ai\/certifikaty-z-nemeckeho-jazyka\/"},"modified":"2026-01-07T14:46:45","modified_gmt":"2026-01-07T14:46:45","slug":"certifikaty-z-nemeckeho-jazyka","status":"publish","type":"page","link":"https:\/\/talkpal.ai\/cs\/certifikaty-z-nemeckeho-jazyka\/","title":{"rendered":"Certifik\u00e1ty z n\u011bmeck\u00e9ho jazyka"},"content":{"rendered":"\r\n\r\n\r\n<section class=\"languageChallengeSection\">\r\n    <div class=\"languageInfoWrapper\">\r\n        \r\n        <h1>Certifik\u00e1ty z n\u011bmeck\u00e9ho jazyka<\/h1>\r\n        <p>Talkpal je aplikace pro v\u00fduku jazyk\u016f generovan\u00e1 um\u011blou inteligenc\u00ed, kter\u00e1 m\u016f\u017ee u\u017eivatel\u016fm pomoci p\u0159ipravit se na tyto zkou\u0161ky z anglick\u00e9ho jazyka. Talkpal se prim\u00e1rn\u011b zam\u011b\u0159uje na zlep\u0161en\u00ed mluven\u00ed a poslechu a poskytuje realistick\u00e9 interaktivn\u00ed konverzace a procvi\u010dov\u00e1n\u00ed v\u00fdslovnosti. Jeho povaha um\u011bl\u00e9 inteligence umo\u017e\u0148uje personalizovanou zp\u011btnou vazbu, kter\u00e1 u\u017eivatel\u016fm pom\u00e1h\u00e1 pochopit jejich pokrok a oblasti, kter\u00e9 je t\u0159eba zlep\u0161it. Znalost n\u011bmeck\u00e9ho jazyka se \u010dasto posuzuje n\u011bkolika zkou\u0161kami, jako jsou TestDaF, Goethe-Zertifikat, DSH, \u00d6SD a telc. Tyto zkou\u0161ky poskytuj\u00ed hodnocen\u00ed schopnost\u00ed nerodil\u00e9ho mluv\u010d\u00edho v n\u011bmeck\u00e9m jazyce a jsou \u0161iroce uzn\u00e1v\u00e1ny jako form\u00e1ln\u00ed osv\u011bd\u010den\u00ed o odbornosti. Ka\u017ed\u00fd test m\u00e1 specifick\u00e9 vlastnosti, kter\u00e9 jej odli\u0161uj\u00ed od ostatn\u00edch, pokud jde o \u00farove\u0148 jazykov\u00fdch znalost\u00ed, pou\u017eit\u00ed aplikace a syst\u00e9m bodov\u00e1n\u00ed.<\/p>\r\n\r\n                \r\n    <\/div>\r\n\r\n    <figure>\r\n    <img decoding=\"async\" width=\"768\" height=\"768\" src=\"https:\/\/talkpal.ai\/wp-content\/uploads\/2026\/01\/group-with-phone-in-circle-768x768.webp\" class=\"languageImage no-lazy\" alt=\"Default alt text\" fetchpriority=\"high\" sizes=\"(max-width: 768px) 150px, 768px\" srcset=\"https:\/\/talkpal.ai\/wp-content\/uploads\/2026\/01\/group-with-phone-in-circle-768x768.webp 768w, https:\/\/talkpal.ai\/wp-content\/uploads\/2026\/01\/group-with-phone-in-circle-300x300.webp 300w\" \/>\r\n    \r\n\r\n    <\/figure>\r\n\r\n    \r\n<\/section>\n<div class=\"wp-block-group pageContainerStyle\"><div class=\"wp-block-group__inner-container is-layout-constrained wp-block-group-is-layout-constrained\">\n<h2 class=\"wp-block-heading\" id=\"h-german-language-certificates\">Certifik\u00e1ty z n\u011bmeck\u00e9ho jazyka<\/h2>\n\n\n\r\n                    <div class=\"methodWraper\">\r\n            <div class=\"methodContent\">\r\n                <img decoding=\"async\" src=\"https:\/\/talkpal.ai\/wp-content\/uploads\/2025\/05\/check_icon.png\" alt=\"Checkmark Icon\">\r\n                <h3>TestDaF:<\/h3>\r\n            <\/div>\r\n            <p>TestDaF (Test Deutsch als Fremdsprache): Jedn\u00e1 se o standardizovan\u00fd test ur\u010den\u00fd pro zahrani\u010dn\u00ed studenty n\u011bm\u010diny, kte\u0159\u00ed pl\u00e1nuj\u00ed studovat nebo prov\u00e1d\u011bt v\u00fdzkum v N\u011bmecku. Zkou\u0161ka prov\u011b\u0159uje znalosti uchaze\u010de ve v\u0161ech \u010dty\u0159ech aspektech v\u00fduky jazyk\u016f &#8211; \u010dten\u00ed, psan\u00ed, poslech a mluven\u00ed.<\/p>\r\n        <\/div>\r\n                    <div class=\"methodWraper\">\r\n            <div class=\"methodContent\">\r\n                <img decoding=\"async\" src=\"https:\/\/talkpal.ai\/wp-content\/uploads\/2025\/05\/check_icon.png\" alt=\"Checkmark Icon\">\r\n                <h3>Goethe-Zertifikat:<\/h3>\r\n            <\/div>\r\n            <p>Goethe-Zertifikat je celosv\u011btov\u011b uzn\u00e1van\u00fd, Goethe-Zertifikat test m\u00e1 n\u011bkolik r\u016fzn\u00fdch \u00farovn\u00ed, aby vyhovoval \u00farovni znalost\u00ed r\u016fzn\u00fdch student\u016f. D\u00e1le se d\u011bl\u00ed na \u0161est modul\u016f: A1 (za\u010d\u00e1te\u010dn\u00edci), A2, B1, B2, C1 a C2 (nadstandardn\u00ed).<\/p>\r\n        <\/div>\r\n                    <div class=\"methodWraper\">\r\n            <div class=\"methodContent\">\r\n                <img decoding=\"async\" src=\"https:\/\/talkpal.ai\/wp-content\/uploads\/2025\/05\/check_icon.png\" alt=\"Checkmark Icon\">\r\n                <h3>DSH:<\/h3>\r\n            <\/div>\r\n            <p>DSH (Deutsche Sprachpr\u00fcfung f\u00fcr den Hochschulzugang): Tato zkou\u0161ka je ur\u010dena pro ty, kte\u0159\u00ed cht\u011bj\u00ed studovat na n\u011bmeck\u00e9 univerzit\u011b a pot\u0159ebuj\u00ed prok\u00e1zat sv\u00e9 jazykov\u00e9 znalosti. DSH je obvykle nab\u00edzen prost\u0159ednictv\u00edm univerzit a \u00fasp\u011b\u0161nost je obvykle pom\u011brn\u011b vysok\u00e1.<\/p>\r\n        <\/div>\r\n                    <div class=\"methodWraper\">\r\n            <div class=\"methodContent\">\r\n                <img decoding=\"async\" src=\"https:\/\/talkpal.ai\/wp-content\/uploads\/2025\/05\/check_icon.png\" alt=\"Checkmark Icon\">\r\n                <h3>\u00d6SD:<\/h3>\r\n            <\/div>\r\n            <p>\u00d6SD (\u00d6sterreichisches Sprachdiplom Deutsch): Certifik\u00e1t \u00d6SD je mezin\u00e1rodn\u011b uzn\u00e1van\u00fdm dokladem o znalosti n\u011bmeck\u00e9ho jazyka. D\u00edky r\u016fzn\u00fdm zkou\u0161k\u00e1m, kter\u00e9 uspokoj\u00ed r\u016fzn\u00e9 \u00farovn\u011b znalost\u00ed, je obl\u00edbenou volbou mezi studenty, kte\u0159\u00ed usiluj\u00ed o \u0161irok\u00e9 porozum\u011bn\u00ed n\u011bmeck\u00e9mu jazyku.<\/p>\r\n        <\/div>\r\n                    <div class=\"methodWraper\">\r\n            <div class=\"methodContent\">\r\n                <img decoding=\"async\" src=\"https:\/\/talkpal.ai\/wp-content\/uploads\/2025\/05\/check_icon.png\" alt=\"Checkmark Icon\">\r\n                <h3>TELC:<\/h3>\r\n            <\/div>\r\n            <p>telc (Evropsk\u00e9 jazykov\u00e9 certifik\u00e1ty): Jedn\u00e1 se o dal\u0161\u00ed mezin\u00e1rodn\u00ed standardizovan\u00fd syst\u00e9m zkou\u0161en\u00ed jazykov\u00fdch znalost\u00ed. telc nab\u00edz\u00ed certifikace pro v\u0161echny \u00farovn\u011b, od A1 do C2. D\u016fraz je kladen na ka\u017edodenn\u00ed \u017eivot a sc\u00e9n\u00e1\u0159e na pracovi\u0161ti, d\u00edky \u010demu\u017e je certifik\u00e1t u\u017eite\u010dn\u00fd zejm\u00e9na pro ty, kte\u0159\u00ed hledaj\u00ed zam\u011bstn\u00e1n\u00ed v n\u011bmecky mluv\u00edc\u00edch zem\u00edch.<\/p>\r\n        <\/div>\r\n    <\/div><\/div>\n","protected":false},"excerpt":{"rendered":"<p>Certifik\u00e1ty z n\u011bmeck\u00e9ho jazyka<\/p>\n","protected":false},"author":8,"featured_media":75537,"parent":0,"menu_order":0,"comment_status":"closed","ping_status":"closed","template":"simpleContentPage.php","meta":{"_acf_changed":false,"footnotes":""},"class_list":["post-93064","page","type-page","status-publish","has-post-thumbnail","hentry"],"acf":[],"yoast_head":"<!-- This site is optimized with the Yoast SEO Premium plugin v27.2 (Yoast SEO v27.2) - https:\/\/yoast.com\/product\/yoast-seo-premium-wordpress\/ -->\n<title>Certifik\u00e1ty z n\u011bmeck\u00e9ho jazyka - Talkpal<\/title>\n<meta name=\"description\" content=\"Z\u00edskejte uzn\u00e1van\u00e9 certifik\u00e1ty n\u011bmeck\u00e9ho jazyka - ov\u011b\u0159te sv\u00e9 dovednosti a urychlete svou kari\u00e9ru!\" \/>\n<meta name=\"robots\" content=\"index, follow, max-snippet:-1, max-image-preview:large, max-video-preview:-1\" \/>\n<link rel=\"canonical\" href=\"https:\/\/talkpal.ai\/cs\/certifikaty-z-nemeckeho-jazyka\/\" \/>\n<meta property=\"og:locale\" content=\"cs_CZ\" \/>\n<meta property=\"og:type\" content=\"article\" \/>\n<meta property=\"og:title\" content=\"Certifik\u00e1ty z n\u011bmeck\u00e9ho jazyka\" \/>\n<meta property=\"og:description\" content=\"Certifik\u00e1ty z n\u011bmeck\u00e9ho jazyka\" \/>\n<meta property=\"og:url\" content=\"https:\/\/talkpal.ai\/cs\/certifikaty-z-nemeckeho-jazyka\/\" \/>\n<meta property=\"og:site_name\" content=\"Talkpal\" \/>\n<meta property=\"article:publisher\" content=\"https:\/\/www.facebook.com\/profile.php?id=100090733639311\" \/>\n<meta property=\"article:modified_time\" content=\"2026-01-07T14:46:45+00:00\" \/>\n<meta property=\"og:image\" content=\"https:\/\/talkpal.ai\/wp-content\/uploads\/2023\/03\/germany.png\" \/>\n\t<meta property=\"og:image:width\" content=\"512\" \/>\n\t<meta property=\"og:image:height\" content=\"512\" \/>\n\t<meta property=\"og:image:type\" content=\"image\/png\" \/>\n<meta name=\"twitter:card\" content=\"summary_large_image\" \/>\n<meta name=\"twitter:site\" content=\"@talkpalai\" \/>\n<script type=\"application\/ld+json\" class=\"yoast-schema-graph\">{\"@context\":\"https:\/\/schema.org\",\"@graph\":[{\"@type\":\"WebPage\",\"@id\":\"https:\/\/talkpal.ai\/cs\/certifikaty-z-nemeckeho-jazyka\/\",\"url\":\"https:\/\/talkpal.ai\/cs\/certifikaty-z-nemeckeho-jazyka\/\",\"name\":\"Certifik\u00e1ty z n\u011bmeck\u00e9ho jazyka - Talkpal\",\"isPartOf\":{\"@id\":\"https:\/\/talkpal.ai\/cs\/#website\"},\"primaryImageOfPage\":{\"@id\":\"https:\/\/talkpal.ai\/cs\/certifikaty-z-nemeckeho-jazyka\/#primaryimage\"},\"image\":{\"@id\":\"https:\/\/talkpal.ai\/cs\/certifikaty-z-nemeckeho-jazyka\/#primaryimage\"},\"thumbnailUrl\":\"https:\/\/talkpal.ai\/wp-content\/uploads\/2023\/03\/germany.png\",\"datePublished\":\"2023-12-05T11:40:43+00:00\",\"dateModified\":\"2026-01-07T14:46:45+00:00\",\"description\":\"Z\u00edskejte uzn\u00e1van\u00e9 certifik\u00e1ty n\u011bmeck\u00e9ho jazyka - ov\u011b\u0159te sv\u00e9 dovednosti a urychlete svou kari\u00e9ru!\",\"breadcrumb\":{\"@id\":\"https:\/\/talkpal.ai\/cs\/certifikaty-z-nemeckeho-jazyka\/#breadcrumb\"},\"inLanguage\":\"cs\",\"potentialAction\":[{\"@type\":\"ReadAction\",\"target\":[\"https:\/\/talkpal.ai\/cs\/certifikaty-z-nemeckeho-jazyka\/\"]}]},{\"@type\":\"ImageObject\",\"inLanguage\":\"cs\",\"@id\":\"https:\/\/talkpal.ai\/cs\/certifikaty-z-nemeckeho-jazyka\/#primaryimage\",\"url\":\"https:\/\/talkpal.ai\/wp-content\/uploads\/2023\/03\/germany.png\",\"contentUrl\":\"https:\/\/talkpal.ai\/wp-content\/uploads\/2023\/03\/germany.png\",\"width\":512,\"height\":512,\"caption\":\"TalkPal AI learn German\"},{\"@type\":\"BreadcrumbList\",\"@id\":\"https:\/\/talkpal.ai\/cs\/certifikaty-z-nemeckeho-jazyka\/#breadcrumb\",\"itemListElement\":[{\"@type\":\"ListItem\",\"position\":1,\"name\":\"Homepage\",\"item\":\"https:\/\/talkpal.ai\/cs\/\"},{\"@type\":\"ListItem\",\"position\":2,\"name\":\"Certifik\u00e1ty z n\u011bmeck\u00e9ho jazyka\"}]},{\"@type\":\"WebSite\",\"@id\":\"https:\/\/talkpal.ai\/cs\/#website\",\"url\":\"https:\/\/talkpal.ai\/cs\/\",\"name\":\"Talkpal\",\"description\":\"AI Language Learning\",\"publisher\":{\"@id\":\"https:\/\/talkpal.ai\/cs\/#organization\"},\"alternateName\":\"Talkpal AI\",\"potentialAction\":[{\"@type\":\"SearchAction\",\"target\":{\"@type\":\"EntryPoint\",\"urlTemplate\":\"https:\/\/talkpal.ai\/cs\/?s={search_term_string}\"},\"query-input\":{\"@type\":\"PropertyValueSpecification\",\"valueRequired\":true,\"valueName\":\"search_term_string\"}}],\"inLanguage\":\"cs\"},{\"@type\":\"Organization\",\"@id\":\"https:\/\/talkpal.ai\/cs\/#organization\",\"name\":\"Talkpal, Inc.\",\"alternateName\":\"Talkpal AI\",\"url\":\"https:\/\/talkpal.ai\/cs\/\",\"logo\":{\"@type\":\"ImageObject\",\"inLanguage\":\"cs\",\"@id\":\"https:\/\/talkpal.ai\/cs\/#\/schema\/logo\/image\/\",\"url\":\"https:\/\/talkpal.ai\/wp-content\/uploads\/2024\/03\/Talkpal-Logo-Icon.png\",\"contentUrl\":\"https:\/\/talkpal.ai\/wp-content\/uploads\/2024\/03\/Talkpal-Logo-Icon.png\",\"width\":2880,\"height\":2880,\"caption\":\"Talkpal, Inc.\"},\"image\":{\"@id\":\"https:\/\/talkpal.ai\/cs\/#\/schema\/logo\/image\/\"},\"sameAs\":[\"https:\/\/www.facebook.com\/profile.php?id=100090733639311\",\"https:\/\/x.com\/talkpalai\",\"https:\/\/www.linkedin.com\/company\/talkpal\/\",\"https:\/\/www.youtube.com\/@TalkPal\/\",\"https:\/\/www.tiktok.com\/@talkpal\",\"https:\/\/www.instagram.com\/talkpal_ai\/\",\"https:\/\/www.crunchbase.com\/organization\/talkpal-9cde\",\"https:\/\/www.g2.com\/products\/talkpal-for-business\/\",\"https:\/\/www.trustpilot.com\/review\/talkpal.ai\",\"https:\/\/www.capterra.com\/p\/10006800\/TalkPal\/\"],\"description\":\"Talkpal is a language learning web and mobile education app, powered by the latest AI technologies, that provides engaging experiences to its customers in many different languages to help them improve their language skills. Users can chat about unlimited amount of topics with the app and use other modes to practice their language learning.\",\"email\":\"support@talkpal.ai\",\"legalName\":\"Talkpal, Inc.\",\"foundingDate\":\"2023-04-03\",\"duns\":\"118989042\",\"numberOfEmployees\":{\"@type\":\"QuantitativeValue\",\"minValue\":\"11\",\"maxValue\":\"50\"},\"publishingPrinciples\":\"https:\/\/talkpal.ai\/publishing-principles\/\",\"actionableFeedbackPolicy\":\"https:\/\/talkpal.ai\/actionable-feedback-policy\/\",\"correctionsPolicy\":\"https:\/\/talkpal.ai\/corrections-policy\/\",\"ethicsPolicy\":\"https:\/\/talkpal.ai\/ethics-policy\/\",\"diversityPolicy\":\"https:\/\/talkpal.ai\/diversity-policy\/\",\"diversityStaffingReport\":\"https:\/\/talkpal.ai\/diversity-policy\/\"}]}<\/script>\n<!-- \/ Yoast SEO Premium plugin. -->","yoast_head_json":{"title":"Certifik\u00e1ty z n\u011bmeck\u00e9ho jazyka - Talkpal","description":"Z\u00edskejte uzn\u00e1van\u00e9 certifik\u00e1ty n\u011bmeck\u00e9ho jazyka - ov\u011b\u0159te sv\u00e9 dovednosti a urychlete svou kari\u00e9ru!","robots":{"index":"index","follow":"follow","max-snippet":"max-snippet:-1","max-image-preview":"max-image-preview:large","max-video-preview":"max-video-preview:-1"},"canonical":"https:\/\/talkpal.ai\/cs\/certifikaty-z-nemeckeho-jazyka\/","og_locale":"cs_CZ","og_type":"article","og_title":"Certifik\u00e1ty z n\u011bmeck\u00e9ho jazyka","og_description":"Certifik\u00e1ty z n\u011bmeck\u00e9ho jazyka","og_url":"https:\/\/talkpal.ai\/cs\/certifikaty-z-nemeckeho-jazyka\/","og_site_name":"Talkpal","article_publisher":"https:\/\/www.facebook.com\/profile.php?id=100090733639311","article_modified_time":"2026-01-07T14:46:45+00:00","og_image":[{"width":512,"height":512,"url":"https:\/\/talkpal.ai\/wp-content\/uploads\/2023\/03\/germany.png","type":"image\/png"}],"twitter_card":"summary_large_image","twitter_site":"@talkpalai","schema":{"@context":"https:\/\/schema.org","@graph":[{"@type":"WebPage","@id":"https:\/\/talkpal.ai\/cs\/certifikaty-z-nemeckeho-jazyka\/","url":"https:\/\/talkpal.ai\/cs\/certifikaty-z-nemeckeho-jazyka\/","name":"Certifik\u00e1ty z n\u011bmeck\u00e9ho jazyka - Talkpal","isPartOf":{"@id":"https:\/\/talkpal.ai\/cs\/#website"},"primaryImageOfPage":{"@id":"https:\/\/talkpal.ai\/cs\/certifikaty-z-nemeckeho-jazyka\/#primaryimage"},"image":{"@id":"https:\/\/talkpal.ai\/cs\/certifikaty-z-nemeckeho-jazyka\/#primaryimage"},"thumbnailUrl":"https:\/\/talkpal.ai\/wp-content\/uploads\/2023\/03\/germany.png","datePublished":"2023-12-05T11:40:43+00:00","dateModified":"2026-01-07T14:46:45+00:00","description":"Z\u00edskejte uzn\u00e1van\u00e9 certifik\u00e1ty n\u011bmeck\u00e9ho jazyka - ov\u011b\u0159te sv\u00e9 dovednosti a urychlete svou kari\u00e9ru!","breadcrumb":{"@id":"https:\/\/talkpal.ai\/cs\/certifikaty-z-nemeckeho-jazyka\/#breadcrumb"},"inLanguage":"cs","potentialAction":[{"@type":"ReadAction","target":["https:\/\/talkpal.ai\/cs\/certifikaty-z-nemeckeho-jazyka\/"]}]},{"@type":"ImageObject","inLanguage":"cs","@id":"https:\/\/talkpal.ai\/cs\/certifikaty-z-nemeckeho-jazyka\/#primaryimage","url":"https:\/\/talkpal.ai\/wp-content\/uploads\/2023\/03\/germany.png","contentUrl":"https:\/\/talkpal.ai\/wp-content\/uploads\/2023\/03\/germany.png","width":512,"height":512,"caption":"TalkPal AI learn German"},{"@type":"BreadcrumbList","@id":"https:\/\/talkpal.ai\/cs\/certifikaty-z-nemeckeho-jazyka\/#breadcrumb","itemListElement":[{"@type":"ListItem","position":1,"name":"Homepage","item":"https:\/\/talkpal.ai\/cs\/"},{"@type":"ListItem","position":2,"name":"Certifik\u00e1ty z n\u011bmeck\u00e9ho jazyka"}]},{"@type":"WebSite","@id":"https:\/\/talkpal.ai\/cs\/#website","url":"https:\/\/talkpal.ai\/cs\/","name":"Talkpal","description":"AI Language Learning","publisher":{"@id":"https:\/\/talkpal.ai\/cs\/#organization"},"alternateName":"Talkpal AI","potentialAction":[{"@type":"SearchAction","target":{"@type":"EntryPoint","urlTemplate":"https:\/\/talkpal.ai\/cs\/?s={search_term_string}"},"query-input":{"@type":"PropertyValueSpecification","valueRequired":true,"valueName":"search_term_string"}}],"inLanguage":"cs"},{"@type":"Organization","@id":"https:\/\/talkpal.ai\/cs\/#organization","name":"Talkpal, Inc.","alternateName":"Talkpal AI","url":"https:\/\/talkpal.ai\/cs\/","logo":{"@type":"ImageObject","inLanguage":"cs","@id":"https:\/\/talkpal.ai\/cs\/#\/schema\/logo\/image\/","url":"https:\/\/talkpal.ai\/wp-content\/uploads\/2024\/03\/Talkpal-Logo-Icon.png","contentUrl":"https:\/\/talkpal.ai\/wp-content\/uploads\/2024\/03\/Talkpal-Logo-Icon.png","width":2880,"height":2880,"caption":"Talkpal, Inc."},"image":{"@id":"https:\/\/talkpal.ai\/cs\/#\/schema\/logo\/image\/"},"sameAs":["https:\/\/www.facebook.com\/profile.php?id=100090733639311","https:\/\/x.com\/talkpalai","https:\/\/www.linkedin.com\/company\/talkpal\/","https:\/\/www.youtube.com\/@TalkPal\/","https:\/\/www.tiktok.com\/@talkpal","https:\/\/www.instagram.com\/talkpal_ai\/","https:\/\/www.crunchbase.com\/organization\/talkpal-9cde","https:\/\/www.g2.com\/products\/talkpal-for-business\/","https:\/\/www.trustpilot.com\/review\/talkpal.ai","https:\/\/www.capterra.com\/p\/10006800\/TalkPal\/"],"description":"Talkpal is a language learning web and mobile education app, powered by the latest AI technologies, that provides engaging experiences to its customers in many different languages to help them improve their language skills. Users can chat about unlimited amount of topics with the app and use other modes to practice their language learning.","email":"support@talkpal.ai","legalName":"Talkpal, Inc.","foundingDate":"2023-04-03","duns":"118989042","numberOfEmployees":{"@type":"QuantitativeValue","minValue":"11","maxValue":"50"},"publishingPrinciples":"https:\/\/talkpal.ai\/publishing-principles\/","actionableFeedbackPolicy":"https:\/\/talkpal.ai\/actionable-feedback-policy\/","correctionsPolicy":"https:\/\/talkpal.ai\/corrections-policy\/","ethicsPolicy":"https:\/\/talkpal.ai\/ethics-policy\/","diversityPolicy":"https:\/\/talkpal.ai\/diversity-policy\/","diversityStaffingReport":"https:\/\/talkpal.ai\/diversity-policy\/"}]}},"_links":{"self":[{"href":"https:\/\/talkpal.ai\/cs\/wp-json\/wp\/v2\/pages\/93064","targetHints":{"allow":["GET"]}}],"collection":[{"href":"https:\/\/talkpal.ai\/cs\/wp-json\/wp\/v2\/pages"}],"about":[{"href":"https:\/\/talkpal.ai\/cs\/wp-json\/wp\/v2\/types\/page"}],"author":[{"embeddable":true,"href":"https:\/\/talkpal.ai\/cs\/wp-json\/wp\/v2\/users\/8"}],"replies":[{"embeddable":true,"href":"https:\/\/talkpal.ai\/cs\/wp-json\/wp\/v2\/comments?post=93064"}],"version-history":[{"count":0,"href":"https:\/\/talkpal.ai\/cs\/wp-json\/wp\/v2\/pages\/93064\/revisions"}],"wp:featuredmedia":[{"embeddable":true,"href":"https:\/\/talkpal.ai\/cs\/wp-json\/wp\/v2\/media\/75537"}],"wp:attachment":[{"href":"https:\/\/talkpal.ai\/cs\/wp-json\/wp\/v2\/media?parent=93064"}],"curies":[{"name":"wp","href":"https:\/\/api.w.org\/{rel}","templated":true}]}}