{"id":91992,"date":"2023-06-14T13:25:23","date_gmt":"2023-06-14T13:25:23","guid":{"rendered":"http:\/\/talkpal.ai\/cviceni-z-anglicke-gramatiky\/"},"modified":"2025-12-17T16:36:18","modified_gmt":"2025-12-17T16:36:18","slug":"cviceni-z-anglicke-gramatiky","status":"publish","type":"page","link":"https:\/\/talkpal.ai\/cs\/cviceni-z-anglicke-gramatiky\/","title":{"rendered":"Cvi\u010den\u00ed z anglick\u00e9 gramatiky"},"content":{"rendered":"\r\n\r\n\r\n<section class=\"languageChallengeSection\">\r\n    <div class=\"languageInfoWrapper\">\r\n        \r\n        <h1>Cvi\u010den\u00ed z anglick\u00e9 gramatiky<\/h1>\r\n        <p>Chcete zv\u00fd\u0161it sv\u00e9 sebev\u011bdom\u00ed v angli\u010dtin\u011b? Procvi\u010dov\u00e1n\u00ed gramatick\u00fdch cvi\u010den\u00ed je skv\u011bl\u00fd <a href=\"https:\/\/talkpal.ai\/best-way-to-learn\/\">zp\u016fsob<\/a>, jak si zlep\u0161it porozum\u011bn\u00ed gramatick\u00fdm pravidl\u016fm, spr\u00e1vn\u011b pou\u017e\u00edvat slovesa a roz\u0161\u00ed\u0159it si slovn\u00ed z\u00e1sobu. Za\u010dn\u011bte pracovat na sv\u00e9 anglick\u00e9 gramatice je\u0161t\u011b dnes a s ka\u017ed\u00fdm cvi\u010den\u00edm uvid\u00edte, jak va\u0161e dovednosti a plynulost rostou!\n\n<\/p>\r\n\r\n                            <a class=\"getStartedHidden\" href=\"https:\/\/app.talkpal.ai\/cs\/signup?lng=\">Za\u010dni<\/a>\r\n        \r\n    <\/div>\r\n\r\n    <figure>\r\n    <img decoding=\"async\" width=\"768\" height=\"768\" src=\"https:\/\/talkpal.ai\/wp-content\/uploads\/2023\/06\/English-768x768.png\" class=\"languageImage no-lazy\" alt=\"Language learning for improved multitasking\" fetchpriority=\"high\" sizes=\"(max-width: 768px) 150px, 768px\" srcset=\"https:\/\/talkpal.ai\/wp-content\/uploads\/2023\/06\/English-768x768.png 768w, https:\/\/talkpal.ai\/wp-content\/uploads\/2023\/06\/English-300x300.png 300w\" \/>\r\n    \r\n\r\n    <\/figure>\r\n\r\n            <a class=\"getStartedVisible\" href=\"https:\/\/app.talkpal.ai\/cs\/signup?lng=\">Za\u010dni<\/a>\r\n    \r\n<\/section>\r\n\r\n\r\n<!-- <section class=\"grammarSection\">\r\n    <div class=\"grammarLinks\">\r\n        <a href=\"https:\/\/talkpal.ai\/cs\/exercise_language\/casy-anglicka-gramatika\/\">\u010casy <\/a><a href=\"https:\/\/talkpal.ai\/cs\/exercise_language\/clanky-anglicka-gramatika\/\">\u010cl\u00e1nky <\/a><a href=\"https:\/\/talkpal.ai\/cs\/exercise_language\/podminovaci-vety-anglicka-gramatika\/\">Podmi\u0148ovac\u00ed v\u011bty <\/a><a href=\"https:\/\/talkpal.ai\/cs\/exercise_language\/podstatna-jmena-anglicka-gramatika\/\">Podstatn\u00e1 jm\u00e9na <\/a><a href=\"https:\/\/talkpal.ai\/cs\/exercise_language\/predlozky-anglicka-gramatika\/\">P\u0159edlo\u017eky <\/a><a href=\"https:\/\/talkpal.ai\/cs\/exercise_language\/pridavna-jmena-anglicka-gramatika\/\">P\u0159\u00eddavn\u00e1 jm\u00e9na <\/a><a href=\"https:\/\/talkpal.ai\/cs\/exercise_language\/prislovce-anglicka-gramatika\/\">P\u0159\u00edslovce <\/a><a href=\"https:\/\/talkpal.ai\/cs\/exercise_language\/sentence-anglicka-gramatika\/\">Sentence <\/a><a href=\"https:\/\/talkpal.ai\/cs\/exercise_language\/slovesa-anglicka-gramatika\/\">Slovesa <\/a><a href=\"https:\/\/talkpal.ai\/cs\/exercise_language\/srovnani-casu-anglicka-gramatika\/\">Srovn\u00e1n\u00ed \u010das\u016f <\/a><a href=\"https:\/\/talkpal.ai\/cs\/exercise_language\/zajmena-determinanty-anglicka-gramatika\/\">Z\u00e1jmena\/determinanty <\/a>    <\/div>\r\n<\/section> -->\r\n\r\n\r\n\r\n\r\n        <section class=\"grammarSection\">\r\n            <div class=\"grammarLinks\">\r\n                <a href=\"https:\/\/talkpal.ai\/cs\/exercise_language\/casy-anglicka-gramatika\/\">\u010casy <\/a><a href=\"https:\/\/talkpal.ai\/cs\/exercise_language\/clanky-anglicka-gramatika\/\">\u010cl\u00e1nky <\/a><a href=\"https:\/\/talkpal.ai\/cs\/exercise_language\/podminovaci-vety-anglicka-gramatika\/\">Podmi\u0148ovac\u00ed v\u011bty <\/a><a href=\"https:\/\/talkpal.ai\/cs\/exercise_language\/podstatna-jmena-anglicka-gramatika\/\">Podstatn\u00e1 jm\u00e9na <\/a><a href=\"https:\/\/talkpal.ai\/cs\/exercise_language\/predlozky-anglicka-gramatika\/\">P\u0159edlo\u017eky <\/a><a href=\"https:\/\/talkpal.ai\/cs\/exercise_language\/pridavna-jmena-anglicka-gramatika\/\">P\u0159\u00eddavn\u00e1 jm\u00e9na <\/a><a href=\"https:\/\/talkpal.ai\/cs\/exercise_language\/prislovce-anglicka-gramatika\/\">P\u0159\u00edslovce <\/a><a href=\"https:\/\/talkpal.ai\/cs\/exercise_language\/sentence-anglicka-gramatika\/\">Sentence <\/a><a href=\"https:\/\/talkpal.ai\/cs\/exercise_language\/slovesa-anglicka-gramatika\/\">Slovesa <\/a><a href=\"https:\/\/talkpal.ai\/cs\/exercise_language\/srovnani-casu-anglicka-gramatika\/\">Srovn\u00e1n\u00ed \u010das\u016f <\/a><a href=\"https:\/\/talkpal.ai\/cs\/exercise_language\/zajmena-determinanty-anglicka-gramatika\/\">Z\u00e1jmena\/determinanty <\/a>            <\/div>\r\n        <\/section>\r\n<section class=\"promotionalBanner\">\r\n    <p class=\"promotionalText\">Nejefektivn\u011bj\u0161\u00ed zp\u016fsob, jak se nau\u010dit jazyk<\/p>\r\n    <a class=\"promotionalLink\" href=\"https:\/\/app.talkpal.ai\/cs\/signup?lng=\">Vyzkou\u0161ejte Talkpal zdarma<\/a>\r\n<\/section>\n<div class=\"wp-block-group pageContainerStyle\"><div class=\"wp-block-group__inner-container is-layout-constrained wp-block-group-is-layout-constrained\">\n<h2 class=\"wp-block-heading\" id=\"h-english-grammar-topics\">T\u00e9mata anglick\u00e9 gramatiky<\/h2>\n\n\n\n<p><a href=\"https:\/\/talkpal.ai\/sk\/grammar\/ukazky-z-anglickej-gramatiky\/\">Anglick\u00e1 gramatika<\/a> je soubor pravidel a pokyn\u016f, kter\u00e9 ur\u010duj\u00ed strukturu anglick\u00e9ho jazyka. Umo\u017e\u0148uje n\u00e1m spolu komunikovat jasn\u011b a efektivn\u011b. P\u0159i v\u00fduce angli\u010dtiny je porozum\u011bn\u00ed gramatice nezbytn\u00e9 pro rozvoj dobr\u00fdch dovednost\u00ed \u010dten\u00ed, psan\u00ed a mluven\u00ed. Tato cesta zahrnuje r\u016fzn\u00e9 slo\u017eky gramatiky, jako jsou p\u0159\u00eddavn\u00e1 jm\u00e9na, p\u0159\u00edslovce, \u010dleny, podm\u00ednkov\u00e9 v\u011bty, podstatn\u00e1 jm\u00e9na, p\u0159edlo\u017eky, z\u00e1jmena\/determinanty, v\u011bty, porovn\u00e1v\u00e1n\u00ed \u010das\u016f, \u010dasy a slovesa. Prozkoumejme ka\u017ed\u00e9 z t\u011bchto t\u00e9mat v navrhovan\u00e9m po\u0159ad\u00ed, aby u\u010den\u00ed anglick\u00e9 gramatiky bylo efektivn\u011bj\u0161\u00ed a z\u00e1bavn\u011bj\u0161\u00ed.<\/p>\n\n\n\n<h3 class=\"wp-block-heading\" id=\"h-1-nouns\">1. Podstatn\u00e1 jm\u00e9na:<\/h3>\n\n\n\n<p>Podstatn\u00e1 jm\u00e9na jsou nejz\u00e1kladn\u011bj\u0161\u00edmi stavebn\u00edmi kameny anglick\u00e9 gramatiky. Jsou to slova, kter\u00e1 p\u0159edstavuj\u00ed lidi, m\u00edsta, v\u011bci nebo my\u0161lenky. Porozum\u011bn\u00ed podstatn\u00fdm jm\u00e9n\u016fm je nezbytn\u00e9 pro tvo\u0159en\u00ed v\u011bt a p\u0159ed\u00e1v\u00e1n\u00ed v\u00fdznamu v jazyce.<\/p>\n\n\n\n<h3 class=\"wp-block-heading\" id=\"h-2-pronouns-determiners\">2. Z\u00e1jmena\/determinanty:<\/h3>\n\n\n\n<p>Jakmile se vyzn\u00e1te v podstatn\u00fdch jm\u00e9nech, dal\u0161\u00edm krokem je sezn\u00e1men\u00ed se se z\u00e1jmeny a determinanty. Z\u00e1jmena nahrazuj\u00ed podstatn\u00e1 jm\u00e9na ve v\u011bt\u011b, aby se zabr\u00e1nilo opakov\u00e1n\u00ed, zat\u00edmco determinanty poskytuj\u00ed informace o podstatn\u00e9m jm\u00e9nu, jako je mno\u017estv\u00ed nebo vlastnictv\u00ed.<\/p>\n\n\n\n<h3 class=\"wp-block-heading\" id=\"h-3-verbs\">3. Slovesa:<\/h3>\n\n\n\n<p>Slovesa jsou ak\u010dn\u00ed slova, kter\u00e1 vyjad\u0159uj\u00ed, co podstatn\u00e9 jm\u00e9no d\u011bl\u00e1 nebo pro\u017e\u00edv\u00e1. Jsou kl\u00ed\u010dovou sou\u010d\u00e1st\u00ed ka\u017ed\u00e9 v\u011bty a pochopen\u00ed toho, jak funguj\u00ed, je z\u00e1sadn\u00ed pro vytvo\u0159en\u00ed jasn\u00fdch a stru\u010dn\u00fdch prohl\u00e1\u0161en\u00ed.<\/p>\n\n\n\n<h3 class=\"wp-block-heading\" id=\"h-4-adjectives\">4. P\u0159\u00eddavn\u00e1 jm\u00e9na:<\/h3>\n\n\n\n<p>P\u0159\u00eddavn\u00e1 jm\u00e9na popisuj\u00ed nebo modifikuj\u00ed podstatn\u00e1 jm\u00e9na a poskytuj\u00ed v\u00edce informac\u00ed o jejich vlastnostech nebo vlastnostech. Nau\u010d\u00edte-li se efektivn\u011b pou\u017e\u00edvat p\u0159\u00eddavn\u00e1 jm\u00e9na, zlep\u0161\u00edte svou schopnost komunikovat v angli\u010dtin\u011b.<\/p>\n\n\n\n<h3 class=\"wp-block-heading\" id=\"h-5-adverbs\">5. P\u0159\u00edslovce:<\/h3>\n\n\n\n<p>P\u0159\u00edslovce jsou podobn\u00e1 p\u0159\u00eddavn\u00fdm jm\u00e9n\u016fm, ale modifikuj\u00ed slovesa, p\u0159\u00eddavn\u00e1 jm\u00e9na nebo jin\u00e1 p\u0159\u00edslovce. \u010casto popisuj\u00ed, jak, kdy nebo kde k akci doch\u00e1z\u00ed. Znalost pou\u017e\u00edv\u00e1n\u00ed p\u0159\u00edslovc\u00ed dod\u00e1 va\u0161\u00ed komunikaci v angli\u010dtin\u011b hloubku a detaily.<\/p>\n\n\n\n<h3 class=\"wp-block-heading\" id=\"h-6-prepositions\">6. P\u0159edlo\u017eky:<\/h3>\n\n\n\n<p>P\u0159edlo\u017eky jsou slova, kter\u00e1 ukazuj\u00ed vztah mezi podstatn\u00fdmi jm\u00e9ny, z\u00e1jmeny a dal\u0161\u00edmi slovy ve v\u011bt\u011b. Pom\u00e1haj\u00ed poskytnout kontext, jako je m\u00edsto, \u010das nebo sm\u011br.<\/p>\n\n\n\n<h3 class=\"wp-block-heading\" id=\"h-7-articles\">7. \u010cl\u00e1nky:<\/h3>\n\n\n\n<p>\u010cleny jsou typem determin\u00e1toru, kter\u00fd ur\u010duje, zda je podstatn\u00e9 jm\u00e9no ur\u010dit\u00e9 nebo neur\u010dit\u00e9. Jsou d\u016fle\u017eit\u00e9 pro spr\u00e1vn\u00e9 tvo\u0159en\u00ed v\u011bt a pom\u00e1haj\u00ed objasnit v\u00fdznam v\u00fdroku.<\/p>\n\n\n\n<h3 class=\"wp-block-heading\" id=\"h-8-tenses\">8. \u010casy:<\/h3>\n\n\n\n<p>\u010casy ozna\u010duj\u00ed \u010das d\u011bje nebo stav byt\u00ed. Znalost r\u016fzn\u00fdch \u010das\u016f v angli\u010dtin\u011b v\u00e1m umo\u017en\u00ed p\u0159esn\u011b se vyjad\u0159ovat, a\u0165 u\u017e mluv\u00edte o minulosti, p\u0159\u00edtomnosti nebo budoucnosti.<\/p>\n\n\n\n<h3 class=\"wp-block-heading\" id=\"h-9-tense-comparison\">9. Srovn\u00e1n\u00ed \u010das\u016f:<\/h3>\n\n\n\n<p>Pochopen\u00ed porovn\u00e1v\u00e1n\u00ed \u010das\u016f je d\u016fle\u017eit\u00e9 pro porovn\u00e1v\u00e1n\u00ed akc\u00ed nebo stav\u016f v r\u016fzn\u00fdch \u010dasov\u00fdch r\u00e1mc\u00edch. Tato dovednost v\u00e1m pom\u016f\u017ee sd\u011blit slo\u017eit\u00e9 my\u0161lenky a rozvinout pokro\u010dilej\u0161\u00ed porozum\u011bn\u00ed anglick\u00e9 gramatice.<\/p>\n\n\n\n<h3 class=\"wp-block-heading\" id=\"h-10-sentences\">10. V\u011bty:<\/h3>\n\n\n\n<p>V\u011bty jsou z\u00e1kladem p\u00edsemn\u00e9 i mluven\u00e9 komunikace v angli\u010dtin\u011b. Na z\u00e1klad\u011b znalost\u00ed podstatn\u00fdch jmen, sloves a dal\u0161\u00edch gramatick\u00fdch slo\u017eek v\u00e1m znalost struktury v\u011bt umo\u017en\u00ed efektivn\u011b sd\u011blit sv\u00e9 my\u0161lenky v jazyce.<\/p>\n\n\n\n<h3 class=\"wp-block-heading\" id=\"h-11-conditionals\">11. Kondicion\u00e1ly:<\/h3>\n\n\n\n<p>Podmi\u0148ovac\u00ed zp\u016fsob jsou v\u011bty, kter\u00e9 vyjad\u0159uj\u00ed podm\u00ednku a jej\u00ed potenci\u00e1ln\u00ed d\u016fsledek. Jsou pokro\u010dil\u00fdm aspektem anglick\u00e9 gramatiky, kter\u00fd v\u00e1m pom\u016f\u017ee vyj\u00e1d\u0159it hypotetick\u00e9 situace a slo\u017eit\u00e9 my\u0161lenky.<\/p>\n<\/div><\/div>\n\r\n<section class=\"learnNavigationSection\">\r\n            \r\n        <a href=\"https:\/\/talkpal.ai\/cs\/ucte-se-anglicky\/\">\r\n            <div class=\"learnNavigationWrapper\">\r\n                <div class=\"learnNavigationContent\">\r\n                    <img decoding=\"async\" src=\"https:\/\/talkpal.ai\/wp-content\/uploads\/2024\/08\/English.jpg\" alt=\"English Flag\">\r\n                    <div>\r\n                        <h4>O v\u00fduce angli\u010dtiny<\/h4>\r\n                        <p>Zjist\u011bte v\u0161e o anglick\u00e9 gramatice.<\/p>\r\n                    <\/div>\r\n                <\/div>\r\n            <\/div>\r\n        <\/a>\r\n\r\n        \r\n        <a href=\"https:\/\/talkpal.ai\/cs\/anglicka-gramatika\/\">\r\n            <div class=\"learnNavigationWrapper\">\r\n                <div class=\"learnNavigationContent\">\r\n                    <img decoding=\"async\" src=\"https:\/\/talkpal.ai\/wp-content\/uploads\/2024\/08\/English.jpg\" alt=\"English Flag\">\r\n                    <div>\r\n                        <h4>Lekce anglick\u00e9 gramatiky<\/h4>\r\n                        <p>Procvi\u010dov\u00e1n\u00ed angli\u010dtiny gramatika.<\/p>\r\n                    <\/div>\r\n                <\/div>\r\n            <\/div>\r\n        <\/a>\r\n\r\n        \r\n        <a href=\"https:\/\/talkpal.ai\/vocabulary_language\/english\/\">\r\n            <div class=\"learnNavigationWrapper\">\r\n                <div class=\"learnNavigationContent\">\r\n                    <img decoding=\"async\" src=\"https:\/\/talkpal.ai\/wp-content\/uploads\/2024\/08\/English.jpg\" alt=\"English Flag\">\r\n                    <div>\r\n                        <h4>Anglick\u00e1 slovn\u00ed z\u00e1soba<\/h4>\r\n                        <p>Roz\u0161i\u0159te si slovn\u00ed z\u00e1sobu angli\u010dtiny.<\/p>\r\n                    <\/div>\r\n                <\/div>\r\n            <\/div>\r\n        <\/a>\r\n\r\n            <\/section>","protected":false},"excerpt":{"rendered":"<p>T\u00e9mata anglick\u00e9 gramatiky Anglick\u00e1 gramatika je soubor pravidel a pokyn\u016f, kter\u00e9 ur\u010duj\u00ed strukturu anglick\u00e9ho jazyka. Umo\u017e\u0148uje n\u00e1m spolu komunikovat jasn\u011b a efektivn\u011b. P\u0159i v\u00fduce angli\u010dtiny je porozum\u011bn\u00ed gramatice nezbytn\u00e9 pro rozvoj dobr\u00fdch dovednost\u00ed \u010dten\u00ed, psan\u00ed a mluven\u00ed. Tato cesta zahrnuje r\u016fzn\u00e9 slo\u017eky gramatiky, jako jsou p\u0159\u00eddavn\u00e1 jm\u00e9na, p\u0159\u00edslovce, \u010dleny, podm\u00ednkov\u00e9 v\u011bty, podstatn\u00e1 jm\u00e9na, p\u0159edlo\u017eky, z\u00e1jmena\/determinanty, [&hellip;]<\/p>\n","protected":false},"author":1,"featured_media":64466,"parent":0,"menu_order":0,"comment_status":"closed","ping_status":"closed","template":"LearningContentPage.php","meta":{"_acf_changed":false,"footnotes":""},"class_list":["post-91992","page","type-page","status-publish","has-post-thumbnail","hentry"],"acf":[],"yoast_head":"<!-- This site is optimized with the Yoast SEO Premium plugin v27.2 (Yoast SEO v27.2) - https:\/\/yoast.com\/product\/yoast-seo-premium-wordpress\/ -->\n<title>Cvi\u010den\u00ed z anglick\u00e9 gramatiky - Talkpal<\/title>\n<meta name=\"description\" content=\"Zlep\u0161ete sv\u00e9 znalosti angli\u010dtiny pomoc\u00ed efektivn\u00edch gramatick\u00fdch cvi\u010den\u00ed na Talkpal&#039;s. Zlep\u0161ete sv\u00e9 jazykov\u00e9 znalosti hned te\u010f!\" \/>\n<meta name=\"robots\" content=\"index, follow, max-snippet:-1, max-image-preview:large, max-video-preview:-1\" \/>\n<link rel=\"canonical\" href=\"https:\/\/talkpal.ai\/cs\/cviceni-z-anglicke-gramatiky\/\" \/>\n<meta property=\"og:locale\" content=\"cs_CZ\" \/>\n<meta property=\"og:type\" content=\"article\" \/>\n<meta property=\"og:title\" content=\"Cvi\u010den\u00ed z anglick\u00e9 gramatiky\" \/>\n<meta property=\"og:description\" content=\"T\u00e9mata anglick\u00e9 gramatiky Anglick\u00e1 gramatika je soubor pravidel a pokyn\u016f, kter\u00e9 ur\u010duj\u00ed strukturu anglick\u00e9ho jazyka. Umo\u017e\u0148uje n\u00e1m spolu komunikovat jasn\u011b a\" \/>\n<meta property=\"og:url\" content=\"https:\/\/talkpal.ai\/cs\/cviceni-z-anglicke-gramatiky\/\" \/>\n<meta property=\"og:site_name\" content=\"Talkpal\" \/>\n<meta property=\"article:publisher\" content=\"https:\/\/www.facebook.com\/profile.php?id=100090733639311\" \/>\n<meta property=\"article:modified_time\" content=\"2025-12-17T16:36:18+00:00\" \/>\n<meta property=\"og:image\" content=\"https:\/\/talkpal.ai\/wp-content\/uploads\/2023\/03\/united-kingdom.png\" \/>\n\t<meta property=\"og:image:width\" content=\"512\" \/>\n\t<meta property=\"og:image:height\" content=\"512\" \/>\n\t<meta property=\"og:image:type\" content=\"image\/png\" \/>\n<meta name=\"twitter:card\" content=\"summary_large_image\" \/>\n<meta name=\"twitter:site\" content=\"@talkpalai\" \/>\n<meta name=\"twitter:label1\" content=\"Odhadovan\u00e1 doba \u010dten\u00ed\" \/>\n\t<meta name=\"twitter:data1\" content=\"3 minuty\" \/>\n<script type=\"application\/ld+json\" class=\"yoast-schema-graph\">{\"@context\":\"https:\/\/schema.org\",\"@graph\":[{\"@type\":\"WebPage\",\"@id\":\"https:\/\/talkpal.ai\/cs\/cviceni-z-anglicke-gramatiky\/\",\"url\":\"https:\/\/talkpal.ai\/cs\/cviceni-z-anglicke-gramatiky\/\",\"name\":\"Cvi\u010den\u00ed z anglick\u00e9 gramatiky - Talkpal\",\"isPartOf\":{\"@id\":\"https:\/\/talkpal.ai\/cs\/#website\"},\"primaryImageOfPage\":{\"@id\":\"https:\/\/talkpal.ai\/cs\/cviceni-z-anglicke-gramatiky\/#primaryimage\"},\"image\":{\"@id\":\"https:\/\/talkpal.ai\/cs\/cviceni-z-anglicke-gramatiky\/#primaryimage\"},\"thumbnailUrl\":\"https:\/\/talkpal.ai\/wp-content\/uploads\/2023\/03\/united-kingdom.png\",\"datePublished\":\"2023-06-14T13:25:23+00:00\",\"dateModified\":\"2025-12-17T16:36:18+00:00\",\"description\":\"Zlep\u0161ete sv\u00e9 znalosti angli\u010dtiny pomoc\u00ed efektivn\u00edch gramatick\u00fdch cvi\u010den\u00ed na Talkpal's. Zlep\u0161ete sv\u00e9 jazykov\u00e9 znalosti hned te\u010f!\",\"breadcrumb\":{\"@id\":\"https:\/\/talkpal.ai\/cs\/cviceni-z-anglicke-gramatiky\/#breadcrumb\"},\"inLanguage\":\"cs\",\"potentialAction\":[{\"@type\":\"ReadAction\",\"target\":[\"https:\/\/talkpal.ai\/cs\/cviceni-z-anglicke-gramatiky\/\"]}]},{\"@type\":\"ImageObject\",\"inLanguage\":\"cs\",\"@id\":\"https:\/\/talkpal.ai\/cs\/cviceni-z-anglicke-gramatiky\/#primaryimage\",\"url\":\"https:\/\/talkpal.ai\/wp-content\/uploads\/2023\/03\/united-kingdom.png\",\"contentUrl\":\"https:\/\/talkpal.ai\/wp-content\/uploads\/2023\/03\/united-kingdom.png\",\"width\":512,\"height\":512,\"caption\":\"TalkPal AI learn English\"},{\"@type\":\"BreadcrumbList\",\"@id\":\"https:\/\/talkpal.ai\/cs\/cviceni-z-anglicke-gramatiky\/#breadcrumb\",\"itemListElement\":[{\"@type\":\"ListItem\",\"position\":1,\"name\":\"Homepage\",\"item\":\"https:\/\/talkpal.ai\/cs\/\"},{\"@type\":\"ListItem\",\"position\":2,\"name\":\"Cvi\u010den\u00ed z anglick\u00e9 gramatiky\"}]},{\"@type\":\"WebSite\",\"@id\":\"https:\/\/talkpal.ai\/cs\/#website\",\"url\":\"https:\/\/talkpal.ai\/cs\/\",\"name\":\"Talkpal\",\"description\":\"AI Language Learning\",\"publisher\":{\"@id\":\"https:\/\/talkpal.ai\/cs\/#organization\"},\"alternateName\":\"Talkpal AI\",\"potentialAction\":[{\"@type\":\"SearchAction\",\"target\":{\"@type\":\"EntryPoint\",\"urlTemplate\":\"https:\/\/talkpal.ai\/cs\/?s={search_term_string}\"},\"query-input\":{\"@type\":\"PropertyValueSpecification\",\"valueRequired\":true,\"valueName\":\"search_term_string\"}}],\"inLanguage\":\"cs\"},{\"@type\":\"Organization\",\"@id\":\"https:\/\/talkpal.ai\/cs\/#organization\",\"name\":\"Talkpal, Inc.\",\"alternateName\":\"Talkpal AI\",\"url\":\"https:\/\/talkpal.ai\/cs\/\",\"logo\":{\"@type\":\"ImageObject\",\"inLanguage\":\"cs\",\"@id\":\"https:\/\/talkpal.ai\/cs\/#\/schema\/logo\/image\/\",\"url\":\"https:\/\/talkpal.ai\/wp-content\/uploads\/2024\/03\/Talkpal-Logo-Icon.png\",\"contentUrl\":\"https:\/\/talkpal.ai\/wp-content\/uploads\/2024\/03\/Talkpal-Logo-Icon.png\",\"width\":2880,\"height\":2880,\"caption\":\"Talkpal, Inc.\"},\"image\":{\"@id\":\"https:\/\/talkpal.ai\/cs\/#\/schema\/logo\/image\/\"},\"sameAs\":[\"https:\/\/www.facebook.com\/profile.php?id=100090733639311\",\"https:\/\/x.com\/talkpalai\",\"https:\/\/www.linkedin.com\/company\/talkpal\/\",\"https:\/\/www.youtube.com\/@TalkPal\/\",\"https:\/\/www.tiktok.com\/@talkpal\",\"https:\/\/www.instagram.com\/talkpal_ai\/\",\"https:\/\/www.crunchbase.com\/organization\/talkpal-9cde\",\"https:\/\/www.g2.com\/products\/talkpal-for-business\/\",\"https:\/\/www.trustpilot.com\/review\/talkpal.ai\",\"https:\/\/www.capterra.com\/p\/10006800\/TalkPal\/\"],\"description\":\"Talkpal is a language learning web and mobile education app, powered by the latest AI technologies, that provides engaging experiences to its customers in many different languages to help them improve their language skills. Users can chat about unlimited amount of topics with the app and use other modes to practice their language learning.\",\"email\":\"support@talkpal.ai\",\"legalName\":\"Talkpal, Inc.\",\"foundingDate\":\"2023-04-03\",\"duns\":\"118989042\",\"numberOfEmployees\":{\"@type\":\"QuantitativeValue\",\"minValue\":\"11\",\"maxValue\":\"50\"},\"publishingPrinciples\":\"https:\/\/talkpal.ai\/publishing-principles\/\",\"actionableFeedbackPolicy\":\"https:\/\/talkpal.ai\/actionable-feedback-policy\/\",\"correctionsPolicy\":\"https:\/\/talkpal.ai\/corrections-policy\/\",\"ethicsPolicy\":\"https:\/\/talkpal.ai\/ethics-policy\/\",\"diversityPolicy\":\"https:\/\/talkpal.ai\/diversity-policy\/\",\"diversityStaffingReport\":\"https:\/\/talkpal.ai\/diversity-policy\/\"}]}<\/script>\n<!-- \/ Yoast SEO Premium plugin. -->","yoast_head_json":{"title":"Cvi\u010den\u00ed z anglick\u00e9 gramatiky - Talkpal","description":"Zlep\u0161ete sv\u00e9 znalosti angli\u010dtiny pomoc\u00ed efektivn\u00edch gramatick\u00fdch cvi\u010den\u00ed na Talkpal's. Zlep\u0161ete sv\u00e9 jazykov\u00e9 znalosti hned te\u010f!","robots":{"index":"index","follow":"follow","max-snippet":"max-snippet:-1","max-image-preview":"max-image-preview:large","max-video-preview":"max-video-preview:-1"},"canonical":"https:\/\/talkpal.ai\/cs\/cviceni-z-anglicke-gramatiky\/","og_locale":"cs_CZ","og_type":"article","og_title":"Cvi\u010den\u00ed z anglick\u00e9 gramatiky","og_description":"T\u00e9mata anglick\u00e9 gramatiky Anglick\u00e1 gramatika je soubor pravidel a pokyn\u016f, kter\u00e9 ur\u010duj\u00ed strukturu anglick\u00e9ho jazyka. Umo\u017e\u0148uje n\u00e1m spolu komunikovat jasn\u011b a","og_url":"https:\/\/talkpal.ai\/cs\/cviceni-z-anglicke-gramatiky\/","og_site_name":"Talkpal","article_publisher":"https:\/\/www.facebook.com\/profile.php?id=100090733639311","article_modified_time":"2025-12-17T16:36:18+00:00","og_image":[{"width":512,"height":512,"url":"https:\/\/talkpal.ai\/wp-content\/uploads\/2023\/03\/united-kingdom.png","type":"image\/png"}],"twitter_card":"summary_large_image","twitter_site":"@talkpalai","twitter_misc":{"Odhadovan\u00e1 doba \u010dten\u00ed":"3 minuty"},"schema":{"@context":"https:\/\/schema.org","@graph":[{"@type":"WebPage","@id":"https:\/\/talkpal.ai\/cs\/cviceni-z-anglicke-gramatiky\/","url":"https:\/\/talkpal.ai\/cs\/cviceni-z-anglicke-gramatiky\/","name":"Cvi\u010den\u00ed z anglick\u00e9 gramatiky - Talkpal","isPartOf":{"@id":"https:\/\/talkpal.ai\/cs\/#website"},"primaryImageOfPage":{"@id":"https:\/\/talkpal.ai\/cs\/cviceni-z-anglicke-gramatiky\/#primaryimage"},"image":{"@id":"https:\/\/talkpal.ai\/cs\/cviceni-z-anglicke-gramatiky\/#primaryimage"},"thumbnailUrl":"https:\/\/talkpal.ai\/wp-content\/uploads\/2023\/03\/united-kingdom.png","datePublished":"2023-06-14T13:25:23+00:00","dateModified":"2025-12-17T16:36:18+00:00","description":"Zlep\u0161ete sv\u00e9 znalosti angli\u010dtiny pomoc\u00ed efektivn\u00edch gramatick\u00fdch cvi\u010den\u00ed na Talkpal's. Zlep\u0161ete sv\u00e9 jazykov\u00e9 znalosti hned te\u010f!","breadcrumb":{"@id":"https:\/\/talkpal.ai\/cs\/cviceni-z-anglicke-gramatiky\/#breadcrumb"},"inLanguage":"cs","potentialAction":[{"@type":"ReadAction","target":["https:\/\/talkpal.ai\/cs\/cviceni-z-anglicke-gramatiky\/"]}]},{"@type":"ImageObject","inLanguage":"cs","@id":"https:\/\/talkpal.ai\/cs\/cviceni-z-anglicke-gramatiky\/#primaryimage","url":"https:\/\/talkpal.ai\/wp-content\/uploads\/2023\/03\/united-kingdom.png","contentUrl":"https:\/\/talkpal.ai\/wp-content\/uploads\/2023\/03\/united-kingdom.png","width":512,"height":512,"caption":"TalkPal AI learn English"},{"@type":"BreadcrumbList","@id":"https:\/\/talkpal.ai\/cs\/cviceni-z-anglicke-gramatiky\/#breadcrumb","itemListElement":[{"@type":"ListItem","position":1,"name":"Homepage","item":"https:\/\/talkpal.ai\/cs\/"},{"@type":"ListItem","position":2,"name":"Cvi\u010den\u00ed z anglick\u00e9 gramatiky"}]},{"@type":"WebSite","@id":"https:\/\/talkpal.ai\/cs\/#website","url":"https:\/\/talkpal.ai\/cs\/","name":"Talkpal","description":"AI Language Learning","publisher":{"@id":"https:\/\/talkpal.ai\/cs\/#organization"},"alternateName":"Talkpal AI","potentialAction":[{"@type":"SearchAction","target":{"@type":"EntryPoint","urlTemplate":"https:\/\/talkpal.ai\/cs\/?s={search_term_string}"},"query-input":{"@type":"PropertyValueSpecification","valueRequired":true,"valueName":"search_term_string"}}],"inLanguage":"cs"},{"@type":"Organization","@id":"https:\/\/talkpal.ai\/cs\/#organization","name":"Talkpal, Inc.","alternateName":"Talkpal AI","url":"https:\/\/talkpal.ai\/cs\/","logo":{"@type":"ImageObject","inLanguage":"cs","@id":"https:\/\/talkpal.ai\/cs\/#\/schema\/logo\/image\/","url":"https:\/\/talkpal.ai\/wp-content\/uploads\/2024\/03\/Talkpal-Logo-Icon.png","contentUrl":"https:\/\/talkpal.ai\/wp-content\/uploads\/2024\/03\/Talkpal-Logo-Icon.png","width":2880,"height":2880,"caption":"Talkpal, Inc."},"image":{"@id":"https:\/\/talkpal.ai\/cs\/#\/schema\/logo\/image\/"},"sameAs":["https:\/\/www.facebook.com\/profile.php?id=100090733639311","https:\/\/x.com\/talkpalai","https:\/\/www.linkedin.com\/company\/talkpal\/","https:\/\/www.youtube.com\/@TalkPal\/","https:\/\/www.tiktok.com\/@talkpal","https:\/\/www.instagram.com\/talkpal_ai\/","https:\/\/www.crunchbase.com\/organization\/talkpal-9cde","https:\/\/www.g2.com\/products\/talkpal-for-business\/","https:\/\/www.trustpilot.com\/review\/talkpal.ai","https:\/\/www.capterra.com\/p\/10006800\/TalkPal\/"],"description":"Talkpal is a language learning web and mobile education app, powered by the latest AI technologies, that provides engaging experiences to its customers in many different languages to help them improve their language skills. Users can chat about unlimited amount of topics with the app and use other modes to practice their language learning.","email":"support@talkpal.ai","legalName":"Talkpal, Inc.","foundingDate":"2023-04-03","duns":"118989042","numberOfEmployees":{"@type":"QuantitativeValue","minValue":"11","maxValue":"50"},"publishingPrinciples":"https:\/\/talkpal.ai\/publishing-principles\/","actionableFeedbackPolicy":"https:\/\/talkpal.ai\/actionable-feedback-policy\/","correctionsPolicy":"https:\/\/talkpal.ai\/corrections-policy\/","ethicsPolicy":"https:\/\/talkpal.ai\/ethics-policy\/","diversityPolicy":"https:\/\/talkpal.ai\/diversity-policy\/","diversityStaffingReport":"https:\/\/talkpal.ai\/diversity-policy\/"}]}},"_links":{"self":[{"href":"https:\/\/talkpal.ai\/cs\/wp-json\/wp\/v2\/pages\/91992","targetHints":{"allow":["GET"]}}],"collection":[{"href":"https:\/\/talkpal.ai\/cs\/wp-json\/wp\/v2\/pages"}],"about":[{"href":"https:\/\/talkpal.ai\/cs\/wp-json\/wp\/v2\/types\/page"}],"author":[{"embeddable":true,"href":"https:\/\/talkpal.ai\/cs\/wp-json\/wp\/v2\/users\/1"}],"replies":[{"embeddable":true,"href":"https:\/\/talkpal.ai\/cs\/wp-json\/wp\/v2\/comments?post=91992"}],"version-history":[{"count":0,"href":"https:\/\/talkpal.ai\/cs\/wp-json\/wp\/v2\/pages\/91992\/revisions"}],"wp:featuredmedia":[{"embeddable":true,"href":"https:\/\/talkpal.ai\/cs\/wp-json\/wp\/v2\/media\/64466"}],"wp:attachment":[{"href":"https:\/\/talkpal.ai\/cs\/wp-json\/wp\/v2\/media?parent=91992"}],"curies":[{"name":"wp","href":"https:\/\/api.w.org\/{rel}","templated":true}]}}