{"id":91798,"date":"2023-03-25T16:57:06","date_gmt":"2023-03-25T16:57:06","guid":{"rendered":"http:\/\/talkpal.ai\/anglicka-gramatika\/"},"modified":"2025-05-22T19:25:35","modified_gmt":"2025-05-22T19:25:35","slug":"anglicka-gramatika","status":"publish","type":"page","link":"https:\/\/talkpal.ai\/cs\/anglicka-gramatika\/","title":{"rendered":"Anglick\u00e1 gramatika"},"content":{"rendered":"\r\n\r\n\r\n<section class=\"languageChallengeSection\">\r\n    <div class=\"languageInfoWrapper\">\r\n        \r\n        <h1>Anglick\u00e1 gramatika<\/h1>\r\n        <p>Jste p\u0159ipraveni za\u010d\u00edt se u\u010dit anglicky? Sta\u010d\u00ed trocha gramatiky a p\u00e1r nov\u00fdch slov\u00ed\u010dek a b\u011bhem chvilky budete chatovat a komunikovat s lidmi z cel\u00e9ho sv\u011bta. Pono\u0159te se do v\u00fduky angli\u010dtiny a ud\u011blejme ji z\u00e1bavnou a snadnou &#8211; va\u0161e cesta k plynulosti za\u010d\u00edn\u00e1 dnes!\n\n<\/p>\r\n\r\n                            <a class=\"getStartedHidden\" href=\"https:\/\/app.talkpal.ai\/cs\/signup?lng=\">Za\u010dni<\/a>\r\n        \r\n    <\/div>\r\n\r\n    <figure>\r\n    <img decoding=\"async\" width=\"768\" height=\"768\" src=\"https:\/\/talkpal.ai\/wp-content\/uploads\/2023\/06\/English-768x768.png\" class=\"languageImage no-lazy\" alt=\"Language learning for improved multitasking\" fetchpriority=\"high\" sizes=\"(max-width: 768px) 150px, 768px\" srcset=\"https:\/\/talkpal.ai\/wp-content\/uploads\/2023\/06\/English-768x768.png 768w, https:\/\/talkpal.ai\/wp-content\/uploads\/2023\/06\/English-300x300.png 300w\" \/>\r\n    \r\n\r\n    <\/figure>\r\n\r\n            <a class=\"getStartedVisible\" href=\"https:\/\/app.talkpal.ai\/cs\/signup?lng=\">Za\u010dni<\/a>\r\n    \r\n<\/section>\r\n        <section class=\"grammarSection\">\r\n            <div class=\"grammarLinks\">\r\n                <a href=\"https:\/\/talkpal.ai\/cs\/language\/casy-anglicka-gramatika\/\">\u010casy <\/a><a href=\"https:\/\/talkpal.ai\/cs\/language\/clanky-anglicka-gramatika\/\">\u010cl\u00e1nky <\/a><a href=\"https:\/\/talkpal.ai\/cs\/language\/podminovaci-vety-anglicka-gramatika\/\">Podmi\u0148ovac\u00ed v\u011bty <\/a><a href=\"https:\/\/talkpal.ai\/cs\/language\/podstatna-jmena-anglicka-gramatika\/\">Podstatn\u00e1 jm\u00e9na <\/a><a href=\"https:\/\/talkpal.ai\/cs\/language\/predlozky-anglicka-gramatika\/\">P\u0159edlo\u017eky <\/a><a href=\"https:\/\/talkpal.ai\/cs\/language\/pridavna-jmena-anglicka-gramatika\/\">P\u0159\u00eddavn\u00e1 jm\u00e9na <\/a><a href=\"https:\/\/talkpal.ai\/cs\/language\/prislovce-anglicka-gramatika\/\">P\u0159\u00edslovce <\/a><a href=\"https:\/\/talkpal.ai\/cs\/language\/sentence-anglicka-gramatika\/\">Sentence <\/a><a href=\"https:\/\/talkpal.ai\/cs\/language\/slovesa-anglicka-gramatika\/\">Slovesa <\/a><a href=\"https:\/\/talkpal.ai\/cs\/language\/zajmena-determinanty-anglicka-gramatika\/\">Z\u00e1jmena\/determinanty <\/a>            <\/div>\r\n        <\/section>\r\n    <section class=\"promotionalBanner\">\r\n    <p class=\"promotionalText\">Nejefektivn\u011bj\u0161\u00ed <a href=\"https:\/\/talkpal.ai\/best-way-to-learn\/\">zp\u016fsob<\/a>, jak se nau\u010dit jazyk<\/p>\r\n    <a class=\"promotionalLink\" href=\"https:\/\/app.talkpal.ai\/cs\/signup?lng=\">Vyzkou\u0161ejte Talkpal zdarma<\/a>\r\n<\/section>\n<div class=\"wp-block-group pageContainerStyle\"><div class=\"wp-block-group__inner-container is-layout-constrained wp-block-group-is-layout-constrained\">\n<h2 class=\"wp-block-heading\" id=\"h-the-importance-of-english-grammar-a-guide-to-mastering-the-rules-and-principles\">V\u00fdznam anglick\u00e9 gramatiky: Pr\u016fvodce zvl\u00e1dnut\u00edm pravidel a princip\u016f<\/h2>\n\n\n\n<p><a href=\"https:\/\/talkpal.ai\/learn-english-with-ai\/\">Angli\u010dtina<\/a> je jedn\u00edm z nejpou\u017e\u00edvan\u011bj\u0161\u00edch jazyk\u016f na sv\u011bt\u011b, a proto nen\u00ed divu, \u017ee se lid\u00e9 cht\u011bj\u00ed zdokonalit v jej\u00edm ovl\u00e1d\u00e1n\u00ed. Jedn\u00edm z kl\u00ed\u010dov\u00fdch aspekt\u016f zvl\u00e1dnut\u00ed anglick\u00e9ho jazyka je porozum\u011bn\u00ed jeho gramatice. Pro\u010d je ale <a href=\"https:\/\/talkpal.ai\/sq\/gramatika\/\">gramatika<\/a> tak d\u016fle\u017eit\u00e1 a jak se ji m\u016f\u017eeme efektivn\u011b nau\u010dit? V tomto \u010dl\u00e1nku se pono\u0159\u00edme do v\u00fdznamu anglick\u00e9 gramatiky, probereme jej\u00ed kl\u00ed\u010dov\u00e9 z\u00e1sady a pod\u011bl\u00edme se o n\u011bkolik u\u017eite\u010dn\u00fdch tip\u016f, kter\u00e9 v\u00e1m pomohou zdokonalit se v n\u00ed.<\/p>\n\n\n\n<h3 class=\"wp-block-heading\" id=\"h-the-role-of-grammar-in-the-english-language\">\u00daloha gramatiky v anglick\u00e9m jazyce:<\/h3>\n\n\n\n<p>Co <a href=\"https:\/\/talkpal.ai\/culture\/what-is-the-difference-between-je-and-na-for-i\/\">je na<\/a> gramatice tak d\u016fle\u017eit\u00e9ho? <a href=\"https:\/\/talkpal.ai\/sq\/gramatika\/\">Gramatika<\/a> v podstat\u011b slou\u017e\u00ed jako stavebn\u00ed k\u00e1men ka\u017ed\u00e9ho jazyka &#8211; je to soubor pravidel a z\u00e1sad, kter\u00fdmi se \u0159\u00edd\u00ed pou\u017e\u00edv\u00e1n\u00ed slov k vytv\u00e1\u0159en\u00ed smyslupln\u00fdch v\u011bt. Dodr\u017eov\u00e1n\u00edm t\u011bchto pravidel m\u016f\u017eeme zajistit jasnou komunikaci a vyhnout se nedorozum\u011bn\u00edm. P\u0159edstavte si, \u017ee se sna\u017e\u00edte uva\u0159it j\u00eddlo, ani\u017e byste dodr\u017eeli recept \u2013 kone\u010dn\u00fd v\u00fdsledek m\u016f\u017ee b\u00fdt nechutn\u00fd! Stejn\u011b tak zanedb\u00e1v\u00e1n\u00ed gramatiky v na\u0161\u00ed ka\u017edodenn\u00ed \u0159e\u010di a psan\u00ed m\u016f\u017ee v\u00e9st ke zmatku a nespr\u00e1vn\u00e9 interpretaci.<\/p>\n\n\n\n<h3 class=\"wp-block-heading\" id=\"h-key-principles-of-english-grammar\">Z\u00e1kladn\u00ed principy anglick\u00e9 gramatiky:<\/h3>\n\n\n\n<p>Zat\u00edmco <a href=\"https:\/\/talkpal.ai\/sk\/grammar\/ukazky-z-anglickej-gramatiky\/\">anglick\u00e1 gramatika<\/a> zahrnuje \u0161irokou \u0161k\u00e1lu pravidel, existuje n\u011bkolik kl\u00ed\u010dov\u00fdch princip\u016f, kter\u00e9 byste si m\u011bli uv\u011bdomit:<\/p>\n\n\n\n<p><strong>1. Slovn\u00ed druhy:<\/strong> Jedn\u00e1 se o role, kter\u00e9 slova hraj\u00ed ve v\u011bt\u011b. V z\u00e1vislosti na jejich funkci lze slova klasifikovat jako podstatn\u00e1 jm\u00e9na, z\u00e1jmena, slovesa, p\u0159\u00eddavn\u00e1 jm\u00e9na, p\u0159\u00edslovce, p\u0159edlo\u017eky, spojky nebo citoslovce.<\/p>\n\n\n\n<p><strong>2. \u010casy: \u010casy<\/strong> ozna\u010duj\u00ed \u010das akc\u00ed nebo stav\u016f byt\u00ed. D\u011bl\u00ed se na minul\u00fd, p\u0159\u00edtomn\u00fd a budouc\u00ed \u010das, p\u0159i\u010dem\u017e ka\u017ed\u00fd \u010das m\u00e1 \u010dty\u0159i aspekty &#8211; prost\u00fd, pr\u016fb\u011bhov\u00fd, dokonav\u00fd a dokonav\u00fd pr\u016fb\u011bhov\u00fd.<\/p>\n\n\n\n<p><strong>3. Shoda podm\u011btu a slovesa: Podm\u011bt<\/strong> (podstatn\u00e9 jm\u00e9no nebo z\u00e1jmeno) a sloveso ve v\u011bt\u011b se v podstat\u011b mus\u00ed shodovat v \u010d\u00edsle \u2013 jednotn\u00e9m nebo mno\u017en\u00e9m \u010d\u00edsle. Nap\u0159\u00edklad v\u011bty &#8222;\u010cte knihu&#8220; a &#8222;\u010ctou knihy&#8220; jsou gramaticky spr\u00e1vn\u00e9.<\/p>\n\n\n\n<p><strong>4. V\u011btn\u00e1 struktura:<\/strong> Dob\u0159e strukturovan\u00e1 v\u011bta se skl\u00e1d\u00e1 z podm\u011btu, slovesa a \u010dasto p\u0159edm\u011btu. V\u011bty mohou b\u00fdt jednoduch\u00e9 (jedna nez\u00e1visl\u00e1 v\u011bta), slo\u017een\u00e9 (dv\u011b nebo v\u00edce nez\u00e1visl\u00fdch v\u011bt) nebo slo\u017eit\u00e9 (jedna nez\u00e1visl\u00e1 v\u011bta a jedna nebo v\u00edce z\u00e1visl\u00fdch v\u011bt).<\/p>\n\n\n\n<p><strong>5. Interpunkce: Interpunk\u010dn\u00ed<\/strong> znam\u00e9nka, jako jsou \u010d\u00e1rky, te\u010dky a st\u0159edn\u00edky, jsou rozhoduj\u00edc\u00ed pro organizaci a objas\u0148ov\u00e1n\u00ed psan\u00e9ho jazyka. Spr\u00e1vn\u00e1 interpunkce zaji\u0161\u0165uje, \u017ee va\u0161e my\u0161lenky budou sd\u011bleny p\u0159esn\u011b a souvisle.<\/p>\n\n\n\n<h3 class=\"wp-block-heading\" id=\"h-tips-to-improve-your-english-grammar\">Tipy, jak zlep\u0161it anglickou gramatiku:<\/h3>\n\n\n\n<p>Nyn\u00ed, kdy\u017e jsme probrali z\u00e1klady anglick\u00e9 gramatiky, prozkoumejme n\u011bkter\u00e9 \u00fa\u010dinn\u00e9 zp\u016fsoby, jak se zdokonalit ve sv\u00fdch dovednostech:<\/p>\n\n\n\n<p><strong>1. Pravideln\u011b \u010dt\u011bte:<\/strong> \u010cten\u00ed je vynikaj\u00edc\u00ed zp\u016fsob, jak si osvojit spr\u00e1vnou gramatiku. \u010c\u00edm v\u00edce se budete setk\u00e1vat s dob\u0159e napsan\u00fdmi \u010dl\u00e1nky, knihami nebo eseji, t\u00edm l\u00e9pe si osvoj\u00edte pravidla a struktury.<\/p>\n\n\n\n<p><strong>2. Procvi\u010dujte si psan\u00ed: Pravideln\u00e9 psan\u00ed<\/strong> v\u00e1m umo\u017en\u00ed uplatnit sv\u00e9 znalosti gramatiky a identifikovat oblasti, ve kter\u00fdch se pot\u0159ebujete zlep\u0161it. Zva\u017ete veden\u00ed den\u00edku nebo zalo\u017een\u00ed <a href=\"https:\/\/talkpal.ai\/blog\/\">blogu<\/a>, abyste rozv\u00edjeli sv\u00e9 dovednosti psan\u00ed.<\/p>\n\n\n\n<p><strong>3. Prostudujte si zdroje gramatiky:<\/strong> Z\u00edskejte n\u011bkter\u00e9 renomovan\u00e9 gramatick\u00e9 knihy, webov\u00e9 str\u00e1nky nebo <a href=\"https:\/\/talkpal.ai\/es\/descargar-la-aplicacion-talkpal-para-android-e-ios\/\">aplikace<\/a>, abyste prohloubili sv\u00e9 porozum\u011bn\u00ed pravidl\u016fm. Pravideln\u00e1 kontrola t\u011bchto materi\u00e1l\u016f v\u00e1m pom\u016f\u017ee upevnit va\u0161e znalosti.<\/p>\n\n\n\n<p><strong>4. Hledejte zp\u011btnou vazbu:<\/strong> Komunikujte s ostatn\u00edmi, abyste z\u00edskali konstruktivn\u00ed kritiku sv\u00e9 psan\u00e9 a mluven\u00e9 angli\u010dtiny. M\u016f\u017ee to b\u00fdt prost\u0159ednictv\u00edm online f\u00f3r, jazykov\u00fdch v\u00fdm\u011bnn\u00fdch skupin nebo p\u0159\u00e1tel a koleg\u016f, kte\u0159\u00ed ovl\u00e1daj\u00ed angli\u010dtinu.<\/p>\n\n\n\n<p><strong>5. Bu\u010fte trp\u011bliv\u00ed a vytrval\u00ed:<\/strong> U\u010den\u00ed gramatiky je postupn\u00fd proces, kter\u00fd vy\u017eaduje \u010das a \u00fasil\u00ed. Z\u016fsta\u0148te oddan\u00ed, pokra\u010dujte ve cvi\u010den\u00ed a oslavujte sv\u016fj pokrok.<\/p>\n\n\n\n<h3 class=\"wp-block-heading\" id=\"h-conclusion\">Z\u00e1v\u011br:<\/h3>\n\n\n\n<p>Zvl\u00e1dnut\u00ed anglick\u00e9 gramatiky je nezbytn\u00fdm odrazov\u00fdm m\u016fstkem na cest\u011b k plynulosti. Pokud pochop\u00edte jeho v\u00fdznam, sezn\u00e1m\u00edte se s jeho kl\u00ed\u010dov\u00fdmi principy a budete jej aktivn\u011b procvi\u010dovat, brzy si vytvo\u0159\u00edte silnou znalost tohoto jazyka. Pamatujte, \u017ee \u0158\u00edm nebyl postaven za den &#8211; bu\u010fte trp\u011bliv\u00ed, bavte se a vychutn\u00e1vejte si cestu k bezchybn\u00e9 gramatice!<\/p>\n<\/div><\/div>\n\r\n<section class=\"learnNavigationSection\">\r\n            \r\n        <a href=\"https:\/\/talkpal.ai\/cs\/ucte-se-anglicky\/\">\r\n            <div class=\"learnNavigationWrapper\">\r\n                <div class=\"learnNavigationContent\">\r\n                    <img decoding=\"async\" src=\"https:\/\/talkpal.ai\/wp-content\/uploads\/2024\/08\/English.jpg\" alt=\"English Flag\">\r\n                    <div>\r\n                        <h4>O v\u00fduce angli\u010dtiny<\/h4>\r\n                        <p>Zjist\u011bte v\u0161e o anglick\u00e9 gramatice.<\/p>\r\n                    <\/div>\r\n                <\/div>\r\n            <\/div>\r\n        <\/a>\r\n\r\n        \r\n        <a href=\"https:\/\/talkpal.ai\/cs\/cviceni-z-anglicke-gramatiky\/\">\r\n            <div class=\"learnNavigationWrapper\">\r\n                <div class=\"learnNavigationContent\">\r\n                    <img decoding=\"async\" src=\"https:\/\/talkpal.ai\/wp-content\/uploads\/2024\/08\/English.jpg\" alt=\"English Flag\">\r\n                    <div>\r\n                        <h4>Cvi\u010den\u00ed z anglick\u00e9 gramatiky<\/h4>\r\n                        <p>Procvi\u010dov\u00e1n\u00ed angli\u010dtiny gramatika.<\/p>\r\n                    <\/div>\r\n                <\/div>\r\n            <\/div>\r\n        <\/a>\r\n\r\n        \r\n        <a href=\"https:\/\/talkpal.ai\/vocabulary_language\/english\/\">\r\n            <div class=\"learnNavigationWrapper\">\r\n                <div class=\"learnNavigationContent\">\r\n                    <img decoding=\"async\" src=\"https:\/\/talkpal.ai\/wp-content\/uploads\/2024\/08\/English.jpg\" alt=\"English Flag\">\r\n                    <div>\r\n                        <h4>Anglick\u00e1 slovn\u00ed z\u00e1soba<\/h4>\r\n                        <p>Roz\u0161i\u0159te si slovn\u00ed z\u00e1sobu angli\u010dtiny.<\/p>\r\n                    <\/div>\r\n                <\/div>\r\n            <\/div>\r\n        <\/a>\r\n\r\n            <\/section>","protected":false},"excerpt":{"rendered":"<p>V\u00fdznam anglick\u00e9 gramatiky: Pr\u016fvodce zvl\u00e1dnut\u00edm pravidel a princip\u016f Angli\u010dtina je jedn\u00edm z nejpou\u017e\u00edvan\u011bj\u0161\u00edch jazyk\u016f na sv\u011bt\u011b, a proto nen\u00ed divu, \u017ee se lid\u00e9 cht\u011bj\u00ed zdokonalit v jej\u00edm ovl\u00e1d\u00e1n\u00ed. Jedn\u00edm z kl\u00ed\u010dov\u00fdch aspekt\u016f zvl\u00e1dnut\u00ed anglick\u00e9ho jazyka je porozum\u011bn\u00ed jeho gramatice. Pro\u010d je ale gramatika tak d\u016fle\u017eit\u00e1 a jak se ji m\u016f\u017eeme efektivn\u011b nau\u010dit? V tomto \u010dl\u00e1nku [&hellip;]<\/p>\n","protected":false},"author":1,"featured_media":64466,"parent":0,"menu_order":0,"comment_status":"closed","ping_status":"closed","template":"LearningContentPage.php","meta":{"_acf_changed":false,"footnotes":""},"class_list":["post-91798","page","type-page","status-publish","has-post-thumbnail","hentry"],"acf":[],"yoast_head":"<!-- This site is optimized with the Yoast SEO Premium plugin v27.2 (Yoast SEO v27.2) - https:\/\/yoast.com\/product\/yoast-seo-premium-wordpress\/ -->\n<title>Anglick\u00e1 gramatika - Talkpal<\/title>\n<meta name=\"description\" content=\"Zlep\u0161ete sv\u00e9 znalosti anglick\u00e9 gramatiky bez n\u00e1mahy pomoc\u00ed Talkpals aplikac\u00ed pro v\u00fduku jazyk\u016f poh\u00e1n\u011bnou um\u011blou inteligenc\u00ed.\" \/>\n<meta name=\"robots\" content=\"index, follow, max-snippet:-1, max-image-preview:large, max-video-preview:-1\" \/>\n<link rel=\"canonical\" href=\"https:\/\/talkpal.ai\/cs\/anglicka-gramatika\/\" \/>\n<meta property=\"og:locale\" content=\"cs_CZ\" \/>\n<meta property=\"og:type\" content=\"article\" \/>\n<meta property=\"og:title\" content=\"Anglick\u00e1 gramatika\" \/>\n<meta property=\"og:description\" content=\"V\u00fdznam anglick\u00e9 gramatiky: Pr\u016fvodce zvl\u00e1dnut\u00edm pravidel a princip\u016f Angli\u010dtina je jedn\u00edm z nejpou\u017e\u00edvan\u011bj\u0161\u00edch jazyk\u016f na sv\u011bt\u011b, a proto nen\u00ed divu, \u017ee se lid\u00e9\" \/>\n<meta property=\"og:url\" content=\"https:\/\/talkpal.ai\/cs\/anglicka-gramatika\/\" \/>\n<meta property=\"og:site_name\" content=\"Talkpal\" \/>\n<meta property=\"article:publisher\" content=\"https:\/\/www.facebook.com\/profile.php?id=100090733639311\" \/>\n<meta property=\"article:modified_time\" content=\"2025-05-22T19:25:35+00:00\" \/>\n<meta property=\"og:image\" content=\"https:\/\/talkpal.ai\/wp-content\/uploads\/2023\/03\/united-kingdom.png\" \/>\n\t<meta property=\"og:image:width\" content=\"512\" \/>\n\t<meta property=\"og:image:height\" content=\"512\" \/>\n\t<meta property=\"og:image:type\" content=\"image\/png\" \/>\n<meta name=\"twitter:card\" content=\"summary_large_image\" \/>\n<meta name=\"twitter:site\" content=\"@talkpalai\" \/>\n<meta name=\"twitter:label1\" content=\"Odhadovan\u00e1 doba \u010dten\u00ed\" \/>\n\t<meta name=\"twitter:data1\" content=\"4 minuty\" \/>\n<script type=\"application\/ld+json\" class=\"yoast-schema-graph\">{\"@context\":\"https:\/\/schema.org\",\"@graph\":[{\"@type\":\"WebPage\",\"@id\":\"https:\/\/talkpal.ai\/cs\/anglicka-gramatika\/\",\"url\":\"https:\/\/talkpal.ai\/cs\/anglicka-gramatika\/\",\"name\":\"Anglick\u00e1 gramatika - Talkpal\",\"isPartOf\":{\"@id\":\"https:\/\/talkpal.ai\/cs\/#website\"},\"primaryImageOfPage\":{\"@id\":\"https:\/\/talkpal.ai\/cs\/anglicka-gramatika\/#primaryimage\"},\"image\":{\"@id\":\"https:\/\/talkpal.ai\/cs\/anglicka-gramatika\/#primaryimage\"},\"thumbnailUrl\":\"https:\/\/talkpal.ai\/wp-content\/uploads\/2023\/03\/united-kingdom.png\",\"datePublished\":\"2023-03-25T16:57:06+00:00\",\"dateModified\":\"2025-05-22T19:25:35+00:00\",\"description\":\"Zlep\u0161ete sv\u00e9 znalosti anglick\u00e9 gramatiky bez n\u00e1mahy pomoc\u00ed Talkpals aplikac\u00ed pro v\u00fduku jazyk\u016f poh\u00e1n\u011bnou um\u011blou inteligenc\u00ed.\",\"breadcrumb\":{\"@id\":\"https:\/\/talkpal.ai\/cs\/anglicka-gramatika\/#breadcrumb\"},\"inLanguage\":\"cs\",\"potentialAction\":[{\"@type\":\"ReadAction\",\"target\":[\"https:\/\/talkpal.ai\/cs\/anglicka-gramatika\/\"]}]},{\"@type\":\"ImageObject\",\"inLanguage\":\"cs\",\"@id\":\"https:\/\/talkpal.ai\/cs\/anglicka-gramatika\/#primaryimage\",\"url\":\"https:\/\/talkpal.ai\/wp-content\/uploads\/2023\/03\/united-kingdom.png\",\"contentUrl\":\"https:\/\/talkpal.ai\/wp-content\/uploads\/2023\/03\/united-kingdom.png\",\"width\":512,\"height\":512,\"caption\":\"TalkPal AI learn English\"},{\"@type\":\"BreadcrumbList\",\"@id\":\"https:\/\/talkpal.ai\/cs\/anglicka-gramatika\/#breadcrumb\",\"itemListElement\":[{\"@type\":\"ListItem\",\"position\":1,\"name\":\"Homepage\",\"item\":\"https:\/\/talkpal.ai\/cs\/\"},{\"@type\":\"ListItem\",\"position\":2,\"name\":\"Anglick\u00e1 gramatika\"}]},{\"@type\":\"WebSite\",\"@id\":\"https:\/\/talkpal.ai\/cs\/#website\",\"url\":\"https:\/\/talkpal.ai\/cs\/\",\"name\":\"Talkpal\",\"description\":\"AI Language Learning\",\"publisher\":{\"@id\":\"https:\/\/talkpal.ai\/cs\/#organization\"},\"alternateName\":\"Talkpal AI\",\"potentialAction\":[{\"@type\":\"SearchAction\",\"target\":{\"@type\":\"EntryPoint\",\"urlTemplate\":\"https:\/\/talkpal.ai\/cs\/?s={search_term_string}\"},\"query-input\":{\"@type\":\"PropertyValueSpecification\",\"valueRequired\":true,\"valueName\":\"search_term_string\"}}],\"inLanguage\":\"cs\"},{\"@type\":\"Organization\",\"@id\":\"https:\/\/talkpal.ai\/cs\/#organization\",\"name\":\"Talkpal, Inc.\",\"alternateName\":\"Talkpal AI\",\"url\":\"https:\/\/talkpal.ai\/cs\/\",\"logo\":{\"@type\":\"ImageObject\",\"inLanguage\":\"cs\",\"@id\":\"https:\/\/talkpal.ai\/cs\/#\/schema\/logo\/image\/\",\"url\":\"https:\/\/talkpal.ai\/wp-content\/uploads\/2024\/03\/Talkpal-Logo-Icon.png\",\"contentUrl\":\"https:\/\/talkpal.ai\/wp-content\/uploads\/2024\/03\/Talkpal-Logo-Icon.png\",\"width\":2880,\"height\":2880,\"caption\":\"Talkpal, Inc.\"},\"image\":{\"@id\":\"https:\/\/talkpal.ai\/cs\/#\/schema\/logo\/image\/\"},\"sameAs\":[\"https:\/\/www.facebook.com\/profile.php?id=100090733639311\",\"https:\/\/x.com\/talkpalai\",\"https:\/\/www.linkedin.com\/company\/talkpal\/\",\"https:\/\/www.youtube.com\/@TalkPal\/\",\"https:\/\/www.tiktok.com\/@talkpal\",\"https:\/\/www.instagram.com\/talkpal_ai\/\",\"https:\/\/www.crunchbase.com\/organization\/talkpal-9cde\",\"https:\/\/www.g2.com\/products\/talkpal-for-business\/\",\"https:\/\/www.trustpilot.com\/review\/talkpal.ai\",\"https:\/\/www.capterra.com\/p\/10006800\/TalkPal\/\"],\"description\":\"Talkpal is a language learning web and mobile education app, powered by the latest AI technologies, that provides engaging experiences to its customers in many different languages to help them improve their language skills. Users can chat about unlimited amount of topics with the app and use other modes to practice their language learning.\",\"email\":\"support@talkpal.ai\",\"legalName\":\"Talkpal, Inc.\",\"foundingDate\":\"2023-04-03\",\"duns\":\"118989042\",\"numberOfEmployees\":{\"@type\":\"QuantitativeValue\",\"minValue\":\"11\",\"maxValue\":\"50\"},\"publishingPrinciples\":\"https:\/\/talkpal.ai\/publishing-principles\/\",\"actionableFeedbackPolicy\":\"https:\/\/talkpal.ai\/actionable-feedback-policy\/\",\"correctionsPolicy\":\"https:\/\/talkpal.ai\/corrections-policy\/\",\"ethicsPolicy\":\"https:\/\/talkpal.ai\/ethics-policy\/\",\"diversityPolicy\":\"https:\/\/talkpal.ai\/diversity-policy\/\",\"diversityStaffingReport\":\"https:\/\/talkpal.ai\/diversity-policy\/\"}]}<\/script>\n<!-- \/ Yoast SEO Premium plugin. -->","yoast_head_json":{"title":"Anglick\u00e1 gramatika - Talkpal","description":"Zlep\u0161ete sv\u00e9 znalosti anglick\u00e9 gramatiky bez n\u00e1mahy pomoc\u00ed Talkpals aplikac\u00ed pro v\u00fduku jazyk\u016f poh\u00e1n\u011bnou um\u011blou inteligenc\u00ed.","robots":{"index":"index","follow":"follow","max-snippet":"max-snippet:-1","max-image-preview":"max-image-preview:large","max-video-preview":"max-video-preview:-1"},"canonical":"https:\/\/talkpal.ai\/cs\/anglicka-gramatika\/","og_locale":"cs_CZ","og_type":"article","og_title":"Anglick\u00e1 gramatika","og_description":"V\u00fdznam anglick\u00e9 gramatiky: Pr\u016fvodce zvl\u00e1dnut\u00edm pravidel a princip\u016f Angli\u010dtina je jedn\u00edm z nejpou\u017e\u00edvan\u011bj\u0161\u00edch jazyk\u016f na sv\u011bt\u011b, a proto nen\u00ed divu, \u017ee se lid\u00e9","og_url":"https:\/\/talkpal.ai\/cs\/anglicka-gramatika\/","og_site_name":"Talkpal","article_publisher":"https:\/\/www.facebook.com\/profile.php?id=100090733639311","article_modified_time":"2025-05-22T19:25:35+00:00","og_image":[{"width":512,"height":512,"url":"https:\/\/talkpal.ai\/wp-content\/uploads\/2023\/03\/united-kingdom.png","type":"image\/png"}],"twitter_card":"summary_large_image","twitter_site":"@talkpalai","twitter_misc":{"Odhadovan\u00e1 doba \u010dten\u00ed":"4 minuty"},"schema":{"@context":"https:\/\/schema.org","@graph":[{"@type":"WebPage","@id":"https:\/\/talkpal.ai\/cs\/anglicka-gramatika\/","url":"https:\/\/talkpal.ai\/cs\/anglicka-gramatika\/","name":"Anglick\u00e1 gramatika - Talkpal","isPartOf":{"@id":"https:\/\/talkpal.ai\/cs\/#website"},"primaryImageOfPage":{"@id":"https:\/\/talkpal.ai\/cs\/anglicka-gramatika\/#primaryimage"},"image":{"@id":"https:\/\/talkpal.ai\/cs\/anglicka-gramatika\/#primaryimage"},"thumbnailUrl":"https:\/\/talkpal.ai\/wp-content\/uploads\/2023\/03\/united-kingdom.png","datePublished":"2023-03-25T16:57:06+00:00","dateModified":"2025-05-22T19:25:35+00:00","description":"Zlep\u0161ete sv\u00e9 znalosti anglick\u00e9 gramatiky bez n\u00e1mahy pomoc\u00ed Talkpals aplikac\u00ed pro v\u00fduku jazyk\u016f poh\u00e1n\u011bnou um\u011blou inteligenc\u00ed.","breadcrumb":{"@id":"https:\/\/talkpal.ai\/cs\/anglicka-gramatika\/#breadcrumb"},"inLanguage":"cs","potentialAction":[{"@type":"ReadAction","target":["https:\/\/talkpal.ai\/cs\/anglicka-gramatika\/"]}]},{"@type":"ImageObject","inLanguage":"cs","@id":"https:\/\/talkpal.ai\/cs\/anglicka-gramatika\/#primaryimage","url":"https:\/\/talkpal.ai\/wp-content\/uploads\/2023\/03\/united-kingdom.png","contentUrl":"https:\/\/talkpal.ai\/wp-content\/uploads\/2023\/03\/united-kingdom.png","width":512,"height":512,"caption":"TalkPal AI learn English"},{"@type":"BreadcrumbList","@id":"https:\/\/talkpal.ai\/cs\/anglicka-gramatika\/#breadcrumb","itemListElement":[{"@type":"ListItem","position":1,"name":"Homepage","item":"https:\/\/talkpal.ai\/cs\/"},{"@type":"ListItem","position":2,"name":"Anglick\u00e1 gramatika"}]},{"@type":"WebSite","@id":"https:\/\/talkpal.ai\/cs\/#website","url":"https:\/\/talkpal.ai\/cs\/","name":"Talkpal","description":"AI Language Learning","publisher":{"@id":"https:\/\/talkpal.ai\/cs\/#organization"},"alternateName":"Talkpal AI","potentialAction":[{"@type":"SearchAction","target":{"@type":"EntryPoint","urlTemplate":"https:\/\/talkpal.ai\/cs\/?s={search_term_string}"},"query-input":{"@type":"PropertyValueSpecification","valueRequired":true,"valueName":"search_term_string"}}],"inLanguage":"cs"},{"@type":"Organization","@id":"https:\/\/talkpal.ai\/cs\/#organization","name":"Talkpal, Inc.","alternateName":"Talkpal AI","url":"https:\/\/talkpal.ai\/cs\/","logo":{"@type":"ImageObject","inLanguage":"cs","@id":"https:\/\/talkpal.ai\/cs\/#\/schema\/logo\/image\/","url":"https:\/\/talkpal.ai\/wp-content\/uploads\/2024\/03\/Talkpal-Logo-Icon.png","contentUrl":"https:\/\/talkpal.ai\/wp-content\/uploads\/2024\/03\/Talkpal-Logo-Icon.png","width":2880,"height":2880,"caption":"Talkpal, Inc."},"image":{"@id":"https:\/\/talkpal.ai\/cs\/#\/schema\/logo\/image\/"},"sameAs":["https:\/\/www.facebook.com\/profile.php?id=100090733639311","https:\/\/x.com\/talkpalai","https:\/\/www.linkedin.com\/company\/talkpal\/","https:\/\/www.youtube.com\/@TalkPal\/","https:\/\/www.tiktok.com\/@talkpal","https:\/\/www.instagram.com\/talkpal_ai\/","https:\/\/www.crunchbase.com\/organization\/talkpal-9cde","https:\/\/www.g2.com\/products\/talkpal-for-business\/","https:\/\/www.trustpilot.com\/review\/talkpal.ai","https:\/\/www.capterra.com\/p\/10006800\/TalkPal\/"],"description":"Talkpal is a language learning web and mobile education app, powered by the latest AI technologies, that provides engaging experiences to its customers in many different languages to help them improve their language skills. Users can chat about unlimited amount of topics with the app and use other modes to practice their language learning.","email":"support@talkpal.ai","legalName":"Talkpal, Inc.","foundingDate":"2023-04-03","duns":"118989042","numberOfEmployees":{"@type":"QuantitativeValue","minValue":"11","maxValue":"50"},"publishingPrinciples":"https:\/\/talkpal.ai\/publishing-principles\/","actionableFeedbackPolicy":"https:\/\/talkpal.ai\/actionable-feedback-policy\/","correctionsPolicy":"https:\/\/talkpal.ai\/corrections-policy\/","ethicsPolicy":"https:\/\/talkpal.ai\/ethics-policy\/","diversityPolicy":"https:\/\/talkpal.ai\/diversity-policy\/","diversityStaffingReport":"https:\/\/talkpal.ai\/diversity-policy\/"}]}},"_links":{"self":[{"href":"https:\/\/talkpal.ai\/cs\/wp-json\/wp\/v2\/pages\/91798","targetHints":{"allow":["GET"]}}],"collection":[{"href":"https:\/\/talkpal.ai\/cs\/wp-json\/wp\/v2\/pages"}],"about":[{"href":"https:\/\/talkpal.ai\/cs\/wp-json\/wp\/v2\/types\/page"}],"author":[{"embeddable":true,"href":"https:\/\/talkpal.ai\/cs\/wp-json\/wp\/v2\/users\/1"}],"replies":[{"embeddable":true,"href":"https:\/\/talkpal.ai\/cs\/wp-json\/wp\/v2\/comments?post=91798"}],"version-history":[{"count":0,"href":"https:\/\/talkpal.ai\/cs\/wp-json\/wp\/v2\/pages\/91798\/revisions"}],"wp:featuredmedia":[{"embeddable":true,"href":"https:\/\/talkpal.ai\/cs\/wp-json\/wp\/v2\/media\/64466"}],"wp:attachment":[{"href":"https:\/\/talkpal.ai\/cs\/wp-json\/wp\/v2\/media?parent=91798"}],"curies":[{"name":"wp","href":"https:\/\/api.w.org\/{rel}","templated":true}]}}