{"id":74963,"date":"2023-05-14T14:03:07","date_gmt":"2023-05-14T14:03:07","guid":{"rendered":"http:\/\/talkpal.ai\/ceska-gramatika\/"},"modified":"2025-12-13T15:24:06","modified_gmt":"2025-12-13T15:24:06","slug":"ceska-gramatika","status":"publish","type":"page","link":"https:\/\/talkpal.ai\/cs\/ceska-gramatika\/","title":{"rendered":"\u010cesk\u00e1 gramatika"},"content":{"rendered":"\r\n\r\n\r\n<section class=\"languageChallengeSection\">\r\n    <div class=\"languageInfoWrapper\">\r\n        \r\n        <h1>\u010cesk\u00e1 gramatika<\/h1>\r\n        <p>Prozkoumejte slo\u017eitosti \u010desk\u00e9 gramatiky a otev\u0159ete si cestu k porozum\u011bn\u00ed tomuto st\u0159edoevropsk\u00e9mu jazyku. Osvoj\u00edte-li si z\u00e1kladn\u00ed pravidla a vzorce, budete komunikovat efektivn\u011bji a z\u00edsk\u00e1te hlub\u0161\u00ed vhled do \u010desk\u00e9 kultury. Za\u010dn\u011bte se u\u010dit \u010deskou gramatiku je\u0161t\u011b dnes a ud\u011blejte prvn\u00ed krok k plynulosti!<\/p>\r\n\r\n                            <a class=\"getStartedHidden\" href=\"https:\/\/app.talkpal.ai\/cs\/signup?lng=\">Za\u010dni<\/a>\r\n        \r\n    <\/div>\r\n\r\n    <figure>\r\n    <img decoding=\"async\" width=\"768\" height=\"768\" src=\"https:\/\/talkpal.ai\/wp-content\/uploads\/2023\/06\/Czech-768x768.png\" class=\"languageImage no-lazy\" alt=\"Language learning for intellectual development\" fetchpriority=\"high\" sizes=\"(max-width: 768px) 150px, 768px\" srcset=\"https:\/\/talkpal.ai\/wp-content\/uploads\/2023\/06\/Czech-768x768.png 768w, https:\/\/talkpal.ai\/wp-content\/uploads\/2023\/06\/Czech-300x300.png 300w\" \/>\r\n    \r\n\r\n    <\/figure>\r\n\r\n            <a class=\"getStartedVisible\" href=\"https:\/\/app.talkpal.ai\/cs\/signup?lng=\">Za\u010dni<\/a>\r\n    \r\n<\/section>\r\n<section class=\"promotionalBanner\">\r\n    <p class=\"promotionalText\">Nejefektivn\u011bj\u0161\u00ed zp\u016fsob, jak se nau\u010dit jazyk<\/p>\r\n    <a class=\"promotionalLink\" href=\"https:\/\/app.talkpal.ai\/cs\/signup?lng=\">Vyzkou\u0161ejte Talkpal zdarma<\/a>\r\n<\/section>\n<div class=\"wp-block-group pageContainerStyle\"><div class=\"wp-block-group__inner-container is-layout-constrained wp-block-group-is-layout-constrained\">\n<h2 class=\"wp-block-heading\" id=\"h-czech-grammar-making-sense-of-the-czech-language-s-unique-structure\">Gramatika \u010de\u0161tiny: porozum\u011bn\u00ed jedine\u010dn\u00e9 struktu\u0159e \u010desk\u00e9ho jazyka<\/h2>\n\n\n\n<p>Pokud jste se n\u011bkdy pokou\u0161eli nau\u010dit \u010desky &#8211; nebo dokonce jen prolistovali n\u011bjak\u00fd \u010desk\u00fd \u010dl\u00e1nek \u010di knihu &#8211; pravd\u011bpodobn\u011b jste si v\u0161imli, \u017ee <a href=\"https:\/\/talkpal.ai\/sq\/gramatika\/\">gramatika<\/a> m\u016f\u017ee b\u00fdt pom\u011brn\u011b n\u00e1ro\u010dn\u00e1. \u010cesk\u00e1 <a href=\"https:\/\/talkpal.ai\/sq\/gramatika\/\">gramatika<\/a>, kter\u00e1 je v\u0161eobecn\u011b pova\u017eov\u00e1na za jeden z nejslo\u017eit\u011bj\u0161\u00edch jazykov\u00fdch syst\u00e9m\u016f, zm\u00e1tla mnoho zahrani\u010dn\u00edch student\u016f. Ale nenechte se t\u00edm zastra\u0161it! Zvl\u00e1\u0161tnosti \u010desk\u00e9 gramatiky jsou t\u00edm, co ji \u010din\u00ed fascinuj\u00edc\u00ed a jedine\u010dnou. V tomto \u010dl\u00e1nku v\u00e1m konverza\u010dn\u00edm zp\u016fsobem p\u0159ibl\u00ed\u017e\u00edme n\u011bkolik kl\u00ed\u010dov\u00fdch prvk\u016f \u010desk\u00e9 gramatiky, kter\u00e9 v\u00e1m pomohou hloub\u011bji porozum\u011bt tomuto kr\u00e1sn\u00e9mu jazyku.<\/p>\n\n\n\n<h3 class=\"wp-block-heading\" id=\"h-1-nouns-declensions-and-cases-galore\">1. Podstatn\u00e1 jm\u00e9na \u2013 sklo\u0148ov\u00e1n\u00ed a p\u00e1dy habad\u011bj!<\/h3>\n\n\n\n<p>Jednou z prvn\u00edch v\u011bc\u00ed, kter\u00e9 si v \u010desk\u00e9 gramatice v\u0161imnete, je deklinace podstatn\u00fdch jmen. Sklo\u0148ov\u00e1n\u00ed je skupina podstatn\u00fdch jmen s podobn\u00fdmi gramatick\u00fdmi rysy a <a href=\"https:\/\/talkpal.ai\/learn-czech\/\">\u010de\u0161tina<\/a> m\u00e1 a\u017e 14 r\u016fzn\u00fdch sklo\u0148ov\u00e1n\u00ed. Co \u0159\u00edk\u00e1te na rozmanitost? Ka\u017ed\u00e9 sklo\u0148ov\u00e1n\u00ed m\u00e1 specifick\u00fd vzor pro reprezentaci tvar\u016f podstatn\u00fdch jmen v jednotn\u00e9m a mno\u017en\u00e9m \u010d\u00edsle.<\/p>\n\n\n\n<p>\u010cesk\u00e1 podstatn\u00e1 jm\u00e9na maj\u00ed tak\u00e9 sedm r\u016fzn\u00fdch p\u00e1d\u016f: nominativ, genitiv, dativ, akuzativ, vokativ, lok\u00e1l a instrument\u00e1l. A\u010dkoli se takov\u00e9 mno\u017estv\u00ed m\u016f\u017ee zd\u00e1t skli\u010duj\u00edc\u00ed, je nezbytn\u00e9 se o t\u011bchto p\u0159\u00edpadech dozv\u011bd\u011bt, proto\u017ee jsou kl\u00ed\u010dov\u00e9 pro vyj\u00e1d\u0159en\u00ed v\u00fdznamu. Nap\u0159\u00edklad v \u010de\u0161tin\u011b nen\u00ed po\u0159ad\u00ed slov tak rozhoduj\u00edc\u00ed jako v angli\u010dtin\u011b &#8211; vztahy mezi slovy nazna\u010duj\u00ed p\u00e1dy.<\/p>\n\n\n\n<h3 class=\"wp-block-heading\" id=\"h-2-adjectives-agreeing-with-nouns\">2. P\u0159\u00eddavn\u00e1 jm\u00e9na \u2013 shoda s podstatn\u00fdmi jm\u00e9ny<\/h3>\n\n\n\n<p>\u010cesk\u00e1 p\u0159\u00eddavn\u00e1 jm\u00e9na maj\u00ed zvl\u00e1\u0161tn\u00ed povinnost: mus\u00ed souhlasit s podstatn\u00fdmi jm\u00e9ny, kter\u00e1 modifikuj\u00ed v rod\u011b, \u010d\u00edsle a p\u00e1du. P\u0159edstavte si to jako dynamick\u00e9 duo, gramatick\u00e9 tango, kde se jedna polovina elegantn\u011b p\u0159izp\u016fsobuje, aby dopl\u0148ovala druhou. Tato dohoda pom\u00e1h\u00e1 vytv\u00e1\u0159et harmonii ve v\u011bt\u00e1ch a zvy\u0161uje srozumitelnost.<\/p>\n\n\n\n<p>Nap\u0159\u00edklad slovo &#8222;kr\u00e1sn\u00fd&#8220; se v \u010de\u0161tin\u011b \u0159ekne &#8222;kr\u00e1sn\u00fd&#8220;. Pokud popisujete kr\u00e1sn\u00fd d\u016fm (d\u016fm), kter\u00fd je mu\u017esk\u00e9ho rodu, pou\u017eijete &#8222;kr\u00e1sn\u00fd d\u016fm&#8220;. Pro kr\u00e1snou d\u00edvku (d\u00edvka), kter\u00e1 je \u017eensk\u00e9ho rodu, je to &#8222;kr\u00e1sn\u00e1 d\u00edvka&#8220;. A pro kr\u00e1sn\u00fd den (den), kter\u00fd je st\u0159edn\u00edho rodu, se \u0159ekne &#8222;kr\u00e1sn\u00fd den&#8220;. Vid\u00edte, jak p\u0159\u00eddavn\u00e9 jm\u00e9no tan\u010d\u00ed spolu s podstatn\u00fdm jm\u00e9nem?<\/p>\n\n\n\n<h3 class=\"wp-block-heading\" id=\"h-3-verbs-the-art-of-conjugation\">3. Slovesa \u2013 um\u011bn\u00ed \u010dasov\u00e1n\u00ed<\/h3>\n\n\n\n<p>Um\u011bn\u00ed \u010dasov\u00e1n\u00ed \u2013 tedy obm\u011b\u0148ov\u00e1n\u00ed slovesn\u00fdch tvar\u016f v z\u00e1vislosti na \u010dase, n\u00e1lad\u011b a osob\u011b \u2013 v \u010de\u0161tin\u011b \u017eije sv\u00fdm vlastn\u00edm \u017eivotem. \u010cesk\u00e1 slovesa se d\u011bl\u00ed do dvou kategori\u00ed: dokonav\u00fd a nedokonav\u00fd. Dokonav\u00e1 slovesa vyjad\u0159uj\u00ed, \u017ee d\u011bj byl dokon\u010den, zat\u00edmco nedokonav\u00e1 slovesa nazna\u010duj\u00ed prob\u00edhaj\u00edc\u00ed nebo navykl\u00e9 \u010dinnosti.  <\/p>\n\n\n\n<p><a href=\"https:\/\/talkpal.ai\/sv\/grammar\/case-i-tjeckisk-grammatik\/\">\u010cesk\u00e1 gramatika<\/a> m\u00e1 n\u011bkolik zaj\u00edmav\u00fdch zvl\u00e1\u0161tnost\u00ed, pokud jde o slovesa. Nap\u0159\u00edklad budouc\u00ed \u010das se pravideln\u011b tvo\u0159\u00ed pouze u nedokonav\u00fdch sloves. U dokonav\u00fdch sloves spl\u00fdv\u00e1 s p\u0159\u00edtomn\u00fdm \u010dasem! Tak\u00e9 m\u00edsto toho, aby \u010de\u0161tina m\u011bla specifick\u00fd trpn\u00fd rod, za\u010dle\u0148uje trpn\u00fd rod pomoc\u00ed pomocn\u00fdch sloves. Nezapom\u00ednejme ani na \u010desk\u00e1 reflexivn\u00ed slovesa, u nich\u017e se d\u011bj odr\u00e1\u017e\u00ed zp\u011bt k p\u0159edm\u011btu, co\u017e dod\u00e1v\u00e1 tomuto zaj\u00edmav\u00e9mu jazyku dal\u0161\u00ed nuance.<\/p>\n\n\n\n<h3 class=\"wp-block-heading\" id=\"h-4-pronouns-the-mirror-of-linguistic-diversity\">4. Z\u00e1jmena: Zrcadlo jazykov\u00e9 rozmanitosti<\/h3>\n\n\n\n<p>Z\u00e1jmena v \u010desk\u00e9 gramatice &#8211; mluv\u00edme o osobn\u00edch, p\u0159ivlast\u0148ovac\u00edch, ukazovac\u00edch, t\u00e1zac\u00edch a vzta\u017en\u00fdch z\u00e1jmenech &#8211; vykazuj\u00ed stejnou rozmanitost jako ostatn\u00ed \u010d\u00e1sti \u0159e\u010di. I oni se mus\u00ed shodovat v rod\u011b, \u010d\u00edsle a p\u00e1d\u011b s podstatn\u00fdmi jm\u00e9ny, kter\u00e1 nahrazuj\u00ed nebo na kter\u00e1 odkazuj\u00ed.<\/p>\n\n\n\n<p>Pokud nap\u0159\u00edklad mluv\u00edte o knize, kter\u00e1 se v\u00e1m l\u00edb\u00ed, \u0159eknete &#8222;<a href=\"https:\/\/talkpal.ai\/culture\/how-to-say-i-like-in-slovak-using-mam-rad\/\">M\u00e1m r\u00e1d<\/a> tu knihu&#8220;. Zde je &#8222;tu&#8220; \u017eensk\u00fd tvar ukazovac\u00edho z\u00e1jmena &#8222;to&#8220;, kter\u00fd se shoduje se z\u00e1jmenem &#8222;kniha&#8220;, kter\u00e9 je tak\u00e9 \u017eensk\u00e9ho rodu.<\/p>\n\n\n\n<h3 class=\"wp-block-heading\" id=\"h-5-embracing-the-challenge\">5. P\u0159ijm\u011bte v\u00fdzvu<\/h3>\n\n\n\n<p>\u010cesk\u00e1 gramatika m\u016f\u017ee b\u00fdt matouc\u00ed a d\u011bsiv\u00e1, ale je to tak\u00e9 to, co d\u011bl\u00e1 tento fascinuj\u00edc\u00ed jazyk v\u00fdjime\u010dn\u00fdm. Nevyh\u00fdbejte se v\u00fdzv\u011b! Pamatujte, \u017ee nejde o to zvl\u00e1dnout v\u0161e najednou, ale postupovat krok za krokem. V\u011bnujte \u010das pochopen\u00ed jedine\u010dn\u00e9ho syst\u00e9mu \u010desk\u00e9 gramatiky a budete na dobr\u00e9 cest\u011b k ovl\u00e1dnut\u00ed tohoto kr\u00e1sn\u00e9ho a slo\u017eit\u00e9ho jazyka. A kdy\u017e si osvoj\u00edte n\u00e1dhern\u00e9 nuance, kter\u00e9 \u010desk\u00e1 gramatika nab\u00edz\u00ed, nepochybn\u011b objev\u00edte nov\u00e9 uzn\u00e1n\u00ed pro jej\u00ed slo\u017eitosti. \u0160\u0165astn\u00e9 u\u010den\u00ed!<\/p>\n<\/div><\/div>\n\r\n<section class=\"learnNavigationSection\">\r\n            \r\n        <a href=\"https:\/\/talkpal.ai\/cs\/naucte-se-cesky\/\">\r\n            <div class=\"learnNavigationWrapper\">\r\n                <div class=\"learnNavigationContent\">\r\n                    <img decoding=\"async\" src=\"https:\/\/talkpal.ai\/wp-content\/uploads\/2024\/08\/Czech.jpg\" alt=\"Czech Flag\">\r\n                    <div>\r\n                        <h4>O \u010desk\u00e9m vzd\u011bl\u00e1v\u00e1n\u00ed<\/h4>\r\n                        <p>Zjist\u011bte v\u0161e o \u010de\u0161tin\u011b gramatika.<\/p>\r\n                    <\/div>\r\n                <\/div>\r\n            <\/div>\r\n        <\/a>\r\n\r\n        \r\n        <a href=\"https:\/\/talkpal.ai\/cs\/cviceni-z-ceske-gramatiky\/\">\r\n            <div class=\"learnNavigationWrapper\">\r\n                <div class=\"learnNavigationContent\">\r\n                    <img decoding=\"async\" src=\"https:\/\/talkpal.ai\/wp-content\/uploads\/2024\/08\/Czech.jpg\" alt=\"Czech Flag\">\r\n                    <div>\r\n                        <h4>Cvi\u010den\u00ed z \u010desk\u00e9 gramatiky<\/h4>\r\n                        <p>Praktick\u00e1 \u010de\u0161tina gramatika.<\/p>\r\n                    <\/div>\r\n                <\/div>\r\n            <\/div>\r\n        <\/a>\r\n\r\n        \r\n        <a href=\"https:\/\/talkpal.ai\/vocabulary_language\/czech\/\">\r\n            <div class=\"learnNavigationWrapper\">\r\n                <div class=\"learnNavigationContent\">\r\n                    <img decoding=\"async\" src=\"https:\/\/talkpal.ai\/wp-content\/uploads\/2024\/08\/Czech.jpg\" alt=\"Czech Flag\">\r\n                    <div>\r\n                        <h4>\u010cesk\u00e1 slovn\u00ed z\u00e1soba<\/h4>\r\n                        <p>Roz\u0161i\u0159te si \u010deskou slovn\u00ed z\u00e1sobu.<\/p>\r\n                    <\/div>\r\n                <\/div>\r\n            <\/div>\r\n        <\/a>\r\n\r\n            <\/section>","protected":false},"excerpt":{"rendered":"<p>Gramatika \u010de\u0161tiny: porozum\u011bn\u00ed jedine\u010dn\u00e9 struktu\u0159e \u010desk\u00e9ho jazyka Pokud jste se n\u011bkdy pokou\u0161eli nau\u010dit \u010desky &#8211; nebo dokonce jen prolistovali n\u011bjak\u00fd \u010desk\u00fd \u010dl\u00e1nek \u010di knihu &#8211; pravd\u011bpodobn\u011b jste si v\u0161imli, \u017ee gramatika m\u016f\u017ee b\u00fdt pom\u011brn\u011b n\u00e1ro\u010dn\u00e1. \u010cesk\u00e1 gramatika, kter\u00e1 je v\u0161eobecn\u011b pova\u017eov\u00e1na za jeden z nejslo\u017eit\u011bj\u0161\u00edch jazykov\u00fdch syst\u00e9m\u016f, zm\u00e1tla mnoho zahrani\u010dn\u00edch student\u016f. Ale nenechte se t\u00edm [&hellip;]<\/p>\n","protected":false},"author":1,"featured_media":64124,"parent":0,"menu_order":0,"comment_status":"closed","ping_status":"closed","template":"LearningContentPage.php","meta":{"_acf_changed":false,"footnotes":""},"class_list":["post-74963","page","type-page","status-publish","has-post-thumbnail","hentry"],"acf":[],"yoast_head":"<!-- This site is optimized with the Yoast SEO Premium plugin v27.2 (Yoast SEO v27.2) - https:\/\/yoast.com\/product\/yoast-seo-premium-wordpress\/ -->\n<title>\u010cesk\u00e1 gramatika - Talkpal<\/title>\n<meta name=\"description\" content=\"Odhalte tajemstv\u00ed \u010desk\u00e9 gramatiky. Poznejte jeho jedine\u010dnou slo\u017eitost a zjist\u011bte, jak efektivn\u011b zvl\u00e1dnout deklinaci podstatn\u00fdch jmen.\" \/>\n<meta name=\"robots\" content=\"index, follow, max-snippet:-1, max-image-preview:large, max-video-preview:-1\" \/>\n<link rel=\"canonical\" href=\"https:\/\/talkpal.ai\/cs\/ceska-gramatika\/\" \/>\n<meta property=\"og:locale\" content=\"cs_CZ\" \/>\n<meta property=\"og:type\" content=\"article\" \/>\n<meta property=\"og:title\" content=\"\u010cesk\u00e1 gramatika\" \/>\n<meta property=\"og:description\" content=\"Gramatika \u010de\u0161tiny: porozum\u011bn\u00ed jedine\u010dn\u00e9 struktu\u0159e \u010desk\u00e9ho jazyka Pokud jste se n\u011bkdy pokou\u0161eli nau\u010dit \u010desky - nebo dokonce jen prolistovali n\u011bjak\u00fd \u010desk\u00fd\" \/>\n<meta property=\"og:url\" content=\"https:\/\/talkpal.ai\/cs\/ceska-gramatika\/\" \/>\n<meta property=\"og:site_name\" content=\"Talkpal\" \/>\n<meta property=\"article:publisher\" content=\"https:\/\/www.facebook.com\/profile.php?id=100090733639311\" \/>\n<meta property=\"article:modified_time\" content=\"2025-12-13T15:24:06+00:00\" \/>\n<meta property=\"og:image\" content=\"https:\/\/talkpal.ai\/wp-content\/uploads\/2023\/05\/czech-republic.png\" \/>\n\t<meta property=\"og:image:width\" content=\"512\" \/>\n\t<meta property=\"og:image:height\" content=\"512\" \/>\n\t<meta property=\"og:image:type\" content=\"image\/png\" \/>\n<meta name=\"twitter:card\" content=\"summary_large_image\" \/>\n<meta name=\"twitter:site\" content=\"@talkpalai\" \/>\n<meta name=\"twitter:label1\" content=\"Odhadovan\u00e1 doba \u010dten\u00ed\" \/>\n\t<meta name=\"twitter:data1\" content=\"4 minuty\" \/>\n<script type=\"application\/ld+json\" class=\"yoast-schema-graph\">{\"@context\":\"https:\/\/schema.org\",\"@graph\":[{\"@type\":\"WebPage\",\"@id\":\"https:\/\/talkpal.ai\/cs\/ceska-gramatika\/\",\"url\":\"https:\/\/talkpal.ai\/cs\/ceska-gramatika\/\",\"name\":\"\u010cesk\u00e1 gramatika - Talkpal\",\"isPartOf\":{\"@id\":\"https:\/\/talkpal.ai\/cs\/#website\"},\"primaryImageOfPage\":{\"@id\":\"https:\/\/talkpal.ai\/cs\/ceska-gramatika\/#primaryimage\"},\"image\":{\"@id\":\"https:\/\/talkpal.ai\/cs\/ceska-gramatika\/#primaryimage\"},\"thumbnailUrl\":\"https:\/\/talkpal.ai\/wp-content\/uploads\/2023\/05\/czech-republic.png\",\"datePublished\":\"2023-05-14T14:03:07+00:00\",\"dateModified\":\"2025-12-13T15:24:06+00:00\",\"description\":\"Odhalte tajemstv\u00ed \u010desk\u00e9 gramatiky. Poznejte jeho jedine\u010dnou slo\u017eitost a zjist\u011bte, jak efektivn\u011b zvl\u00e1dnout deklinaci podstatn\u00fdch jmen.\",\"breadcrumb\":{\"@id\":\"https:\/\/talkpal.ai\/cs\/ceska-gramatika\/#breadcrumb\"},\"inLanguage\":\"cs\",\"potentialAction\":[{\"@type\":\"ReadAction\",\"target\":[\"https:\/\/talkpal.ai\/cs\/ceska-gramatika\/\"]}]},{\"@type\":\"ImageObject\",\"inLanguage\":\"cs\",\"@id\":\"https:\/\/talkpal.ai\/cs\/ceska-gramatika\/#primaryimage\",\"url\":\"https:\/\/talkpal.ai\/wp-content\/uploads\/2023\/05\/czech-republic.png\",\"contentUrl\":\"https:\/\/talkpal.ai\/wp-content\/uploads\/2023\/05\/czech-republic.png\",\"width\":512,\"height\":512},{\"@type\":\"BreadcrumbList\",\"@id\":\"https:\/\/talkpal.ai\/cs\/ceska-gramatika\/#breadcrumb\",\"itemListElement\":[{\"@type\":\"ListItem\",\"position\":1,\"name\":\"Homepage\",\"item\":\"https:\/\/talkpal.ai\/cs\/\"},{\"@type\":\"ListItem\",\"position\":2,\"name\":\"\u010cesk\u00e1 gramatika\"}]},{\"@type\":\"WebSite\",\"@id\":\"https:\/\/talkpal.ai\/cs\/#website\",\"url\":\"https:\/\/talkpal.ai\/cs\/\",\"name\":\"Talkpal\",\"description\":\"AI Language Learning\",\"publisher\":{\"@id\":\"https:\/\/talkpal.ai\/cs\/#organization\"},\"alternateName\":\"Talkpal AI\",\"potentialAction\":[{\"@type\":\"SearchAction\",\"target\":{\"@type\":\"EntryPoint\",\"urlTemplate\":\"https:\/\/talkpal.ai\/cs\/?s={search_term_string}\"},\"query-input\":{\"@type\":\"PropertyValueSpecification\",\"valueRequired\":true,\"valueName\":\"search_term_string\"}}],\"inLanguage\":\"cs\"},{\"@type\":\"Organization\",\"@id\":\"https:\/\/talkpal.ai\/cs\/#organization\",\"name\":\"Talkpal, Inc.\",\"alternateName\":\"Talkpal AI\",\"url\":\"https:\/\/talkpal.ai\/cs\/\",\"logo\":{\"@type\":\"ImageObject\",\"inLanguage\":\"cs\",\"@id\":\"https:\/\/talkpal.ai\/cs\/#\/schema\/logo\/image\/\",\"url\":\"https:\/\/talkpal.ai\/wp-content\/uploads\/2024\/03\/Talkpal-Logo-Icon.png\",\"contentUrl\":\"https:\/\/talkpal.ai\/wp-content\/uploads\/2024\/03\/Talkpal-Logo-Icon.png\",\"width\":2880,\"height\":2880,\"caption\":\"Talkpal, Inc.\"},\"image\":{\"@id\":\"https:\/\/talkpal.ai\/cs\/#\/schema\/logo\/image\/\"},\"sameAs\":[\"https:\/\/www.facebook.com\/profile.php?id=100090733639311\",\"https:\/\/x.com\/talkpalai\",\"https:\/\/www.linkedin.com\/company\/talkpal\/\",\"https:\/\/www.youtube.com\/@TalkPal\/\",\"https:\/\/www.tiktok.com\/@talkpal\",\"https:\/\/www.instagram.com\/talkpal_ai\/\",\"https:\/\/www.crunchbase.com\/organization\/talkpal-9cde\",\"https:\/\/www.g2.com\/products\/talkpal-for-business\/\",\"https:\/\/www.trustpilot.com\/review\/talkpal.ai\",\"https:\/\/www.capterra.com\/p\/10006800\/TalkPal\/\"],\"description\":\"Talkpal is a language learning web and mobile education app, powered by the latest AI technologies, that provides engaging experiences to its customers in many different languages to help them improve their language skills. Users can chat about unlimited amount of topics with the app and use other modes to practice their language learning.\",\"email\":\"support@talkpal.ai\",\"legalName\":\"Talkpal, Inc.\",\"foundingDate\":\"2023-04-03\",\"duns\":\"118989042\",\"numberOfEmployees\":{\"@type\":\"QuantitativeValue\",\"minValue\":\"11\",\"maxValue\":\"50\"},\"publishingPrinciples\":\"https:\/\/talkpal.ai\/publishing-principles\/\",\"actionableFeedbackPolicy\":\"https:\/\/talkpal.ai\/actionable-feedback-policy\/\",\"correctionsPolicy\":\"https:\/\/talkpal.ai\/corrections-policy\/\",\"ethicsPolicy\":\"https:\/\/talkpal.ai\/ethics-policy\/\",\"diversityPolicy\":\"https:\/\/talkpal.ai\/diversity-policy\/\",\"diversityStaffingReport\":\"https:\/\/talkpal.ai\/diversity-policy\/\"}]}<\/script>\n<!-- \/ Yoast SEO Premium plugin. -->","yoast_head_json":{"title":"\u010cesk\u00e1 gramatika - Talkpal","description":"Odhalte tajemstv\u00ed \u010desk\u00e9 gramatiky. Poznejte jeho jedine\u010dnou slo\u017eitost a zjist\u011bte, jak efektivn\u011b zvl\u00e1dnout deklinaci podstatn\u00fdch jmen.","robots":{"index":"index","follow":"follow","max-snippet":"max-snippet:-1","max-image-preview":"max-image-preview:large","max-video-preview":"max-video-preview:-1"},"canonical":"https:\/\/talkpal.ai\/cs\/ceska-gramatika\/","og_locale":"cs_CZ","og_type":"article","og_title":"\u010cesk\u00e1 gramatika","og_description":"Gramatika \u010de\u0161tiny: porozum\u011bn\u00ed jedine\u010dn\u00e9 struktu\u0159e \u010desk\u00e9ho jazyka Pokud jste se n\u011bkdy pokou\u0161eli nau\u010dit \u010desky - nebo dokonce jen prolistovali n\u011bjak\u00fd \u010desk\u00fd","og_url":"https:\/\/talkpal.ai\/cs\/ceska-gramatika\/","og_site_name":"Talkpal","article_publisher":"https:\/\/www.facebook.com\/profile.php?id=100090733639311","article_modified_time":"2025-12-13T15:24:06+00:00","og_image":[{"width":512,"height":512,"url":"https:\/\/talkpal.ai\/wp-content\/uploads\/2023\/05\/czech-republic.png","type":"image\/png"}],"twitter_card":"summary_large_image","twitter_site":"@talkpalai","twitter_misc":{"Odhadovan\u00e1 doba \u010dten\u00ed":"4 minuty"},"schema":{"@context":"https:\/\/schema.org","@graph":[{"@type":"WebPage","@id":"https:\/\/talkpal.ai\/cs\/ceska-gramatika\/","url":"https:\/\/talkpal.ai\/cs\/ceska-gramatika\/","name":"\u010cesk\u00e1 gramatika - Talkpal","isPartOf":{"@id":"https:\/\/talkpal.ai\/cs\/#website"},"primaryImageOfPage":{"@id":"https:\/\/talkpal.ai\/cs\/ceska-gramatika\/#primaryimage"},"image":{"@id":"https:\/\/talkpal.ai\/cs\/ceska-gramatika\/#primaryimage"},"thumbnailUrl":"https:\/\/talkpal.ai\/wp-content\/uploads\/2023\/05\/czech-republic.png","datePublished":"2023-05-14T14:03:07+00:00","dateModified":"2025-12-13T15:24:06+00:00","description":"Odhalte tajemstv\u00ed \u010desk\u00e9 gramatiky. Poznejte jeho jedine\u010dnou slo\u017eitost a zjist\u011bte, jak efektivn\u011b zvl\u00e1dnout deklinaci podstatn\u00fdch jmen.","breadcrumb":{"@id":"https:\/\/talkpal.ai\/cs\/ceska-gramatika\/#breadcrumb"},"inLanguage":"cs","potentialAction":[{"@type":"ReadAction","target":["https:\/\/talkpal.ai\/cs\/ceska-gramatika\/"]}]},{"@type":"ImageObject","inLanguage":"cs","@id":"https:\/\/talkpal.ai\/cs\/ceska-gramatika\/#primaryimage","url":"https:\/\/talkpal.ai\/wp-content\/uploads\/2023\/05\/czech-republic.png","contentUrl":"https:\/\/talkpal.ai\/wp-content\/uploads\/2023\/05\/czech-republic.png","width":512,"height":512},{"@type":"BreadcrumbList","@id":"https:\/\/talkpal.ai\/cs\/ceska-gramatika\/#breadcrumb","itemListElement":[{"@type":"ListItem","position":1,"name":"Homepage","item":"https:\/\/talkpal.ai\/cs\/"},{"@type":"ListItem","position":2,"name":"\u010cesk\u00e1 gramatika"}]},{"@type":"WebSite","@id":"https:\/\/talkpal.ai\/cs\/#website","url":"https:\/\/talkpal.ai\/cs\/","name":"Talkpal","description":"AI Language Learning","publisher":{"@id":"https:\/\/talkpal.ai\/cs\/#organization"},"alternateName":"Talkpal AI","potentialAction":[{"@type":"SearchAction","target":{"@type":"EntryPoint","urlTemplate":"https:\/\/talkpal.ai\/cs\/?s={search_term_string}"},"query-input":{"@type":"PropertyValueSpecification","valueRequired":true,"valueName":"search_term_string"}}],"inLanguage":"cs"},{"@type":"Organization","@id":"https:\/\/talkpal.ai\/cs\/#organization","name":"Talkpal, Inc.","alternateName":"Talkpal AI","url":"https:\/\/talkpal.ai\/cs\/","logo":{"@type":"ImageObject","inLanguage":"cs","@id":"https:\/\/talkpal.ai\/cs\/#\/schema\/logo\/image\/","url":"https:\/\/talkpal.ai\/wp-content\/uploads\/2024\/03\/Talkpal-Logo-Icon.png","contentUrl":"https:\/\/talkpal.ai\/wp-content\/uploads\/2024\/03\/Talkpal-Logo-Icon.png","width":2880,"height":2880,"caption":"Talkpal, Inc."},"image":{"@id":"https:\/\/talkpal.ai\/cs\/#\/schema\/logo\/image\/"},"sameAs":["https:\/\/www.facebook.com\/profile.php?id=100090733639311","https:\/\/x.com\/talkpalai","https:\/\/www.linkedin.com\/company\/talkpal\/","https:\/\/www.youtube.com\/@TalkPal\/","https:\/\/www.tiktok.com\/@talkpal","https:\/\/www.instagram.com\/talkpal_ai\/","https:\/\/www.crunchbase.com\/organization\/talkpal-9cde","https:\/\/www.g2.com\/products\/talkpal-for-business\/","https:\/\/www.trustpilot.com\/review\/talkpal.ai","https:\/\/www.capterra.com\/p\/10006800\/TalkPal\/"],"description":"Talkpal is a language learning web and mobile education app, powered by the latest AI technologies, that provides engaging experiences to its customers in many different languages to help them improve their language skills. Users can chat about unlimited amount of topics with the app and use other modes to practice their language learning.","email":"support@talkpal.ai","legalName":"Talkpal, Inc.","foundingDate":"2023-04-03","duns":"118989042","numberOfEmployees":{"@type":"QuantitativeValue","minValue":"11","maxValue":"50"},"publishingPrinciples":"https:\/\/talkpal.ai\/publishing-principles\/","actionableFeedbackPolicy":"https:\/\/talkpal.ai\/actionable-feedback-policy\/","correctionsPolicy":"https:\/\/talkpal.ai\/corrections-policy\/","ethicsPolicy":"https:\/\/talkpal.ai\/ethics-policy\/","diversityPolicy":"https:\/\/talkpal.ai\/diversity-policy\/","diversityStaffingReport":"https:\/\/talkpal.ai\/diversity-policy\/"}]}},"_links":{"self":[{"href":"https:\/\/talkpal.ai\/cs\/wp-json\/wp\/v2\/pages\/74963","targetHints":{"allow":["GET"]}}],"collection":[{"href":"https:\/\/talkpal.ai\/cs\/wp-json\/wp\/v2\/pages"}],"about":[{"href":"https:\/\/talkpal.ai\/cs\/wp-json\/wp\/v2\/types\/page"}],"author":[{"embeddable":true,"href":"https:\/\/talkpal.ai\/cs\/wp-json\/wp\/v2\/users\/1"}],"replies":[{"embeddable":true,"href":"https:\/\/talkpal.ai\/cs\/wp-json\/wp\/v2\/comments?post=74963"}],"version-history":[{"count":0,"href":"https:\/\/talkpal.ai\/cs\/wp-json\/wp\/v2\/pages\/74963\/revisions"}],"wp:featuredmedia":[{"embeddable":true,"href":"https:\/\/talkpal.ai\/cs\/wp-json\/wp\/v2\/media\/64124"}],"wp:attachment":[{"href":"https:\/\/talkpal.ai\/cs\/wp-json\/wp\/v2\/media?parent=74963"}],"curies":[{"name":"wp","href":"https:\/\/api.w.org\/{rel}","templated":true}]}}