{"id":506529,"date":"2023-04-03T15:47:36","date_gmt":"2023-04-03T15:47:36","guid":{"rendered":"https:\/\/talkpal.ai\/tisk\/"},"modified":"2025-06-17T16:32:02","modified_gmt":"2025-06-17T16:32:02","slug":"tisk","status":"publish","type":"page","link":"https:\/\/talkpal.ai\/cs\/tisk\/","title":{"rendered":"Tisk"},"content":{"rendered":"<h1>Data, fakta, \u010d\u00edsla<\/h1>\n<p>V\u00edtejte na tiskov\u00e9 str\u00e1nce <a href=\"https:\/\/talkpal.ai\/ko\/ai-%ec%96%b8%ec%96%b4-%ea%b5%90%ec%82%ac\/\">Talkpal<\/a>, kde poskytujeme novin\u00e1\u0159\u016fm a pracovn\u00edk\u016fm m\u00e9di\u00ed p\u0159\u00edstup k exkluzivn\u00edm informac\u00edm, \u00fadaj\u016fm a novink\u00e1m o na\u0161\u00ed inovativn\u00ed platform\u011b pro v\u00fduku jazyk\u016f. Jsme r\u00e1di, \u017ee se s v\u00e1mi m\u016f\u017eeme pod\u011blit o n\u00e1\u0161 p\u0159\u00edb\u011bh, a jsme odhodl\u00e1ni poskytovat p\u0159esn\u00e9 a aktu\u00e1ln\u00ed informace, kter\u00e9 v\u00e1m pomohou vytv\u00e1\u0159et poutav\u00fd obsah.<\/p>\n<p>\t\t\t\t<svg aria-hidden=\"true\" viewBox=\"0 0 384 512\" xmlns=\"http:\/\/www.w3.org\/2000\/svg\"><path d=\"M224 136V0H24C10.7 0 0 10.7 0 24v464c0 13.3 10.7 24 24 24h336c13.3 0 24-10.7 24-24V160H248c-13.2 0-24-10.8-24-24zm65.18 216.01H224v80c0 8.84-7.16 16-16 16h-32c-8.84 0-16-7.16-16-16v-80H94.82c-14.28 0-21.41-17.29-11.27-27.36l96.42-95.7c6.65-6.61 17.39-6.61 24.04 0l96.42 95.7c10.15 10.07 3.03 27.36-11.25 27.36zM377 105L279.1 7c-4.5-4.5-10.6-7-17-7H256v128h128v-6.1c0-6.3-2.5-12.4-7-16.9z\"><\/path><\/svg>\t\t\t\t<\/p>\n<h3>\n\t\t\t\t\t\t\tExkluzivn\u00ed data a poznatky<br \/>\n\t\t\t\t\t<\/h3>\n<p>\n\t\t\t\t\t\tCh\u00e1peme, \u017ee p\u0159i vytv\u00e1\u0159en\u00ed p\u0159esn\u00fdch a aktu\u00e1ln\u00edch dat je d\u016fle\u017eit\u00e9, aby byly p\u0159\u00edb\u011bhy p\u0159esv\u011bd\u010div\u00e9. Obra\u0165te se pros\u00edm na n\u00e1\u0161 t\u00fdm pro styk s m\u00e9dii na adrese info@talkpal.ai a vy\u017e\u00e1dejte si jak\u00e9koli informace nebo \u00fadaje, kter\u00e9 m\u016f\u017eete pot\u0159ebovat.\t\t\t\t\t<\/p>\n<p>\t\t\t\t<svg aria-hidden=\"true\" viewBox=\"0 0 448 512\" xmlns=\"http:\/\/www.w3.org\/2000\/svg\"><path d=\"M352 320c-22.608 0-43.387 7.819-59.79 20.895l-102.486-64.054a96.551 96.551 0 0 0 0-41.683l102.486-64.054C308.613 184.181 329.392 192 352 192c53.019 0 96-42.981 96-96S405.019 0 352 0s-96 42.981-96 96c0 7.158.79 14.13 2.276 20.841L155.79 180.895C139.387 167.819 118.608 160 96 160c-53.019 0-96 42.981-96 96s42.981 96 96 96c22.608 0 43.387-7.819 59.79-20.895l102.486 64.054A96.301 96.301 0 0 0 256 416c0 53.019 42.981 96 96 96s96-42.981 96-96-42.981-96-96-96z\"><\/path><\/svg>\t\t\t\t<\/p>\n<h3>\n\t\t\t\t\t\t\tZ\u016fsta\u0148te ve spojen\u00ed s Talkpal<br \/>\n\t\t\t\t\t<\/h3>\n<p>\n\t\t\t\t\t\tDoporu\u010dujeme novin\u00e1\u0159\u016fm, aby s n\u00e1mi z\u016fstali ve spojen\u00ed a informovali se o nejnov\u011bj\u0161\u00edch zpr\u00e1v\u00e1ch, aktualizac\u00edch a ozn\u00e1men\u00edch. Sledujte n\u00e1s na na\u0161ich soci\u00e1ln\u00edch s\u00edt\u00edch a z\u00edskejte exkluzivn\u00ed informace o sv\u011bt\u011b <a href=\"https:\/\/talkpal.ai\/ko\/ai-%ec%96%b8%ec%96%b4-%ea%b5%90%ec%82%ac\/\">Talkpal<\/a>.\t\t\t\t\t<\/p>\n<p>\t\t\t\t\t<a role=\"button\"><br \/>\n\t\t\t\t\t\t\t\t\tzkuste talkpal<br \/>\n\t\t\t\t\t<\/a><\/p>\n<h2>Tiskov\u00e1 sada<\/h2>\n<p>Pro va\u0161e pohodl\u00ed jsme vytvo\u0159ili komplexn\u00ed medi\u00e1ln\u00ed sadu obsahuj\u00edc\u00ed loga ve vysok\u00e9m rozli\u0161en\u00ed, obr\u00e1zky a dal\u0161\u00ed zdroje, kter\u00e9 v\u00e1m pomohou vytvo\u0159it vizu\u00e1ln\u011b poutav\u00fd obsah. M\u016f\u017eete si st\u00e1hnout na\u0161i medi\u00e1ln\u00ed sadu<\/p>\n<h2>Tiskov\u00e1 sada<\/h2>\n<p>Pro va\u0161e pohodl\u00ed jsme vytvo\u0159ili komplexn\u00ed medi\u00e1ln\u00ed sadu obsahuj\u00edc\u00ed loga ve vysok\u00e9m rozli\u0161en\u00ed, obr\u00e1zky a dal\u0161\u00ed zdroje, kter\u00e9 v\u00e1m pomohou vytvo\u0159it vizu\u00e1ln\u011b poutav\u00fd obsah. M\u016f\u017eete si st\u00e1hnout na\u0161i medi\u00e1ln\u00ed sadu<\/p>\n<p>\t\t\t\t\t<a href=\"https:\/\/talkpal.ai\/wp-content\/uploads\/2024\/03\/Talkpal-Press-Kit.zip\"><br \/>\n\t\t\t\t\t\t\t\t\tSt\u00e1hnout tiskovou sadu<br \/>\n\t\t\t\t\t<\/a><\/p>\n","protected":false},"excerpt":{"rendered":"<p>Data, fakta, \u010d\u00edsla V\u00edtejte na tiskov\u00e9 str\u00e1nce Talkpal, kde poskytujeme novin\u00e1\u0159\u016fm a pracovn\u00edk\u016fm m\u00e9di\u00ed p\u0159\u00edstup k exkluzivn\u00edm informac\u00edm, \u00fadaj\u016fm a novink\u00e1m o na\u0161\u00ed inovativn\u00ed platform\u011b pro v\u00fduku jazyk\u016f. Jsme r\u00e1di, \u017ee se s v\u00e1mi m\u016f\u017eeme pod\u011blit o n\u00e1\u0161 p\u0159\u00edb\u011bh, a jsme odhodl\u00e1ni poskytovat p\u0159esn\u00e9 a aktu\u00e1ln\u00ed informace, kter\u00e9 v\u00e1m pomohou vytv\u00e1\u0159et poutav\u00fd obsah. Exkluzivn\u00ed data [&hellip;]<\/p>\n","protected":false},"author":1,"featured_media":197949,"parent":0,"menu_order":0,"comment_status":"closed","ping_status":"closed","template":"press-releases-page.php","meta":{"_acf_changed":false,"footnotes":""},"class_list":["post-506529","page","type-page","status-publish","has-post-thumbnail","hentry"],"acf":[],"yoast_head":"<!-- This site is optimized with the Yoast SEO Premium plugin v27.2 (Yoast SEO v27.2) - https:\/\/yoast.com\/product\/yoast-seo-premium-wordpress\/ -->\n<title>Tisk - Talkpal<\/title>\n<meta name=\"description\" content=\"Prozkoumejte nejnov\u011bj\u0161\u00ed tiskov\u00e9 informace o Talkpal. Z\u00edskejte p\u0159\u00edstup k exkluzivn\u00edm aktualizac\u00edm a dat\u016fm pro pot\u0159eby vypr\u00e1v\u011bn\u00ed p\u0159\u00edb\u011bh\u016f.\" \/>\n<meta name=\"robots\" content=\"index, follow, max-snippet:-1, max-image-preview:large, max-video-preview:-1\" \/>\n<link rel=\"canonical\" href=\"https:\/\/talkpal.ai\/cs\/tisk\/\" \/>\n<meta property=\"og:locale\" content=\"cs_CZ\" \/>\n<meta property=\"og:type\" content=\"article\" \/>\n<meta property=\"og:title\" content=\"Tisk\" \/>\n<meta property=\"og:description\" content=\"Data, fakta, \u010d\u00edsla V\u00edtejte na tiskov\u00e9 str\u00e1nce Talkpal, kde poskytujeme novin\u00e1\u0159\u016fm a pracovn\u00edk\u016fm m\u00e9di\u00ed p\u0159\u00edstup k exkluzivn\u00edm informac\u00edm, \u00fadaj\u016fm a novink\u00e1m o\" \/>\n<meta property=\"og:url\" content=\"https:\/\/talkpal.ai\/cs\/tisk\/\" \/>\n<meta property=\"og:site_name\" content=\"Talkpal\" \/>\n<meta property=\"article:publisher\" content=\"https:\/\/www.facebook.com\/profile.php?id=100090733639311\" \/>\n<meta property=\"article:modified_time\" content=\"2025-06-17T16:32:02+00:00\" \/>\n<meta property=\"og:image\" content=\"https:\/\/talkpal.ai\/wp-content\/uploads\/2024\/03\/Talkpal-Logo-Icon.png\" \/>\n\t<meta property=\"og:image:width\" content=\"5000\" \/>\n\t<meta property=\"og:image:height\" content=\"5000\" \/>\n\t<meta property=\"og:image:type\" content=\"image\/png\" \/>\n<meta name=\"twitter:card\" content=\"summary_large_image\" \/>\n<meta name=\"twitter:site\" content=\"@talkpalai\" \/>\n<meta name=\"twitter:label1\" content=\"Odhadovan\u00e1 doba \u010dten\u00ed\" \/>\n\t<meta name=\"twitter:data1\" content=\"1 minuta\" \/>\n<script type=\"application\/ld+json\" class=\"yoast-schema-graph\">{\"@context\":\"https:\/\/schema.org\",\"@graph\":[{\"@type\":\"WebPage\",\"@id\":\"https:\/\/talkpal.ai\/cs\/tisk\/\",\"url\":\"https:\/\/talkpal.ai\/cs\/tisk\/\",\"name\":\"Tisk - Talkpal\",\"isPartOf\":{\"@id\":\"https:\/\/talkpal.ai\/cs\/#website\"},\"primaryImageOfPage\":{\"@id\":\"https:\/\/talkpal.ai\/cs\/tisk\/#primaryimage\"},\"image\":{\"@id\":\"https:\/\/talkpal.ai\/cs\/tisk\/#primaryimage\"},\"thumbnailUrl\":\"https:\/\/talkpal.ai\/wp-content\/uploads\/2024\/03\/Talkpal-Logo-Icon.png\",\"datePublished\":\"2023-04-03T15:47:36+00:00\",\"dateModified\":\"2025-06-17T16:32:02+00:00\",\"description\":\"Prozkoumejte nejnov\u011bj\u0161\u00ed tiskov\u00e9 informace o Talkpal. Z\u00edskejte p\u0159\u00edstup k exkluzivn\u00edm aktualizac\u00edm a dat\u016fm pro pot\u0159eby vypr\u00e1v\u011bn\u00ed p\u0159\u00edb\u011bh\u016f.\",\"breadcrumb\":{\"@id\":\"https:\/\/talkpal.ai\/cs\/tisk\/#breadcrumb\"},\"inLanguage\":\"cs\",\"potentialAction\":[{\"@type\":\"ReadAction\",\"target\":[\"https:\/\/talkpal.ai\/cs\/tisk\/\"]}]},{\"@type\":\"ImageObject\",\"inLanguage\":\"cs\",\"@id\":\"https:\/\/talkpal.ai\/cs\/tisk\/#primaryimage\",\"url\":\"https:\/\/talkpal.ai\/wp-content\/uploads\/2024\/03\/Talkpal-Logo-Icon.png\",\"contentUrl\":\"https:\/\/talkpal.ai\/wp-content\/uploads\/2024\/03\/Talkpal-Logo-Icon.png\",\"width\":5000,\"height\":5000,\"caption\":\"Logo Talkpal\"},{\"@type\":\"BreadcrumbList\",\"@id\":\"https:\/\/talkpal.ai\/cs\/tisk\/#breadcrumb\",\"itemListElement\":[{\"@type\":\"ListItem\",\"position\":1,\"name\":\"Homepage\",\"item\":\"https:\/\/talkpal.ai\/cs\/\"},{\"@type\":\"ListItem\",\"position\":2,\"name\":\"Tisk\"}]},{\"@type\":\"WebSite\",\"@id\":\"https:\/\/talkpal.ai\/cs\/#website\",\"url\":\"https:\/\/talkpal.ai\/cs\/\",\"name\":\"Talkpal\",\"description\":\"AI Language Learning\",\"publisher\":{\"@id\":\"https:\/\/talkpal.ai\/cs\/#organization\"},\"alternateName\":\"Talkpal AI\",\"potentialAction\":[{\"@type\":\"SearchAction\",\"target\":{\"@type\":\"EntryPoint\",\"urlTemplate\":\"https:\/\/talkpal.ai\/cs\/?s={search_term_string}\"},\"query-input\":{\"@type\":\"PropertyValueSpecification\",\"valueRequired\":true,\"valueName\":\"search_term_string\"}}],\"inLanguage\":\"cs\"},{\"@type\":\"Organization\",\"@id\":\"https:\/\/talkpal.ai\/cs\/#organization\",\"name\":\"Talkpal, Inc.\",\"alternateName\":\"Talkpal AI\",\"url\":\"https:\/\/talkpal.ai\/cs\/\",\"logo\":{\"@type\":\"ImageObject\",\"inLanguage\":\"cs\",\"@id\":\"https:\/\/talkpal.ai\/cs\/#\/schema\/logo\/image\/\",\"url\":\"https:\/\/talkpal.ai\/wp-content\/uploads\/2024\/03\/Talkpal-Logo-Icon.png\",\"contentUrl\":\"https:\/\/talkpal.ai\/wp-content\/uploads\/2024\/03\/Talkpal-Logo-Icon.png\",\"width\":2880,\"height\":2880,\"caption\":\"Talkpal, Inc.\"},\"image\":{\"@id\":\"https:\/\/talkpal.ai\/cs\/#\/schema\/logo\/image\/\"},\"sameAs\":[\"https:\/\/www.facebook.com\/profile.php?id=100090733639311\",\"https:\/\/x.com\/talkpalai\",\"https:\/\/www.linkedin.com\/company\/talkpal\/\",\"https:\/\/www.youtube.com\/@TalkPal\/\",\"https:\/\/www.tiktok.com\/@talkpal\",\"https:\/\/www.instagram.com\/talkpal_ai\/\",\"https:\/\/www.crunchbase.com\/organization\/talkpal-9cde\",\"https:\/\/www.g2.com\/products\/talkpal-for-business\/\",\"https:\/\/www.trustpilot.com\/review\/talkpal.ai\",\"https:\/\/www.capterra.com\/p\/10006800\/TalkPal\/\"],\"description\":\"Talkpal is a language learning web and mobile education app, powered by the latest AI technologies, that provides engaging experiences to its customers in many different languages to help them improve their language skills. Users can chat about unlimited amount of topics with the app and use other modes to practice their language learning.\",\"email\":\"support@talkpal.ai\",\"legalName\":\"Talkpal, Inc.\",\"foundingDate\":\"2023-04-03\",\"duns\":\"118989042\",\"numberOfEmployees\":{\"@type\":\"QuantitativeValue\",\"minValue\":\"11\",\"maxValue\":\"50\"},\"publishingPrinciples\":\"https:\/\/talkpal.ai\/publishing-principles\/\",\"actionableFeedbackPolicy\":\"https:\/\/talkpal.ai\/actionable-feedback-policy\/\",\"correctionsPolicy\":\"https:\/\/talkpal.ai\/corrections-policy\/\",\"ethicsPolicy\":\"https:\/\/talkpal.ai\/ethics-policy\/\",\"diversityPolicy\":\"https:\/\/talkpal.ai\/diversity-policy\/\",\"diversityStaffingReport\":\"https:\/\/talkpal.ai\/diversity-policy\/\"}]}<\/script>\n<!-- \/ Yoast SEO Premium plugin. -->","yoast_head_json":{"title":"Tisk - Talkpal","description":"Prozkoumejte nejnov\u011bj\u0161\u00ed tiskov\u00e9 informace o Talkpal. Z\u00edskejte p\u0159\u00edstup k exkluzivn\u00edm aktualizac\u00edm a dat\u016fm pro pot\u0159eby vypr\u00e1v\u011bn\u00ed p\u0159\u00edb\u011bh\u016f.","robots":{"index":"index","follow":"follow","max-snippet":"max-snippet:-1","max-image-preview":"max-image-preview:large","max-video-preview":"max-video-preview:-1"},"canonical":"https:\/\/talkpal.ai\/cs\/tisk\/","og_locale":"cs_CZ","og_type":"article","og_title":"Tisk","og_description":"Data, fakta, \u010d\u00edsla V\u00edtejte na tiskov\u00e9 str\u00e1nce Talkpal, kde poskytujeme novin\u00e1\u0159\u016fm a pracovn\u00edk\u016fm m\u00e9di\u00ed p\u0159\u00edstup k exkluzivn\u00edm informac\u00edm, \u00fadaj\u016fm a novink\u00e1m o","og_url":"https:\/\/talkpal.ai\/cs\/tisk\/","og_site_name":"Talkpal","article_publisher":"https:\/\/www.facebook.com\/profile.php?id=100090733639311","article_modified_time":"2025-06-17T16:32:02+00:00","og_image":[{"width":5000,"height":5000,"url":"https:\/\/talkpal.ai\/wp-content\/uploads\/2024\/03\/Talkpal-Logo-Icon.png","type":"image\/png"}],"twitter_card":"summary_large_image","twitter_site":"@talkpalai","twitter_misc":{"Odhadovan\u00e1 doba \u010dten\u00ed":"1 minuta"},"schema":{"@context":"https:\/\/schema.org","@graph":[{"@type":"WebPage","@id":"https:\/\/talkpal.ai\/cs\/tisk\/","url":"https:\/\/talkpal.ai\/cs\/tisk\/","name":"Tisk - Talkpal","isPartOf":{"@id":"https:\/\/talkpal.ai\/cs\/#website"},"primaryImageOfPage":{"@id":"https:\/\/talkpal.ai\/cs\/tisk\/#primaryimage"},"image":{"@id":"https:\/\/talkpal.ai\/cs\/tisk\/#primaryimage"},"thumbnailUrl":"https:\/\/talkpal.ai\/wp-content\/uploads\/2024\/03\/Talkpal-Logo-Icon.png","datePublished":"2023-04-03T15:47:36+00:00","dateModified":"2025-06-17T16:32:02+00:00","description":"Prozkoumejte nejnov\u011bj\u0161\u00ed tiskov\u00e9 informace o Talkpal. Z\u00edskejte p\u0159\u00edstup k exkluzivn\u00edm aktualizac\u00edm a dat\u016fm pro pot\u0159eby vypr\u00e1v\u011bn\u00ed p\u0159\u00edb\u011bh\u016f.","breadcrumb":{"@id":"https:\/\/talkpal.ai\/cs\/tisk\/#breadcrumb"},"inLanguage":"cs","potentialAction":[{"@type":"ReadAction","target":["https:\/\/talkpal.ai\/cs\/tisk\/"]}]},{"@type":"ImageObject","inLanguage":"cs","@id":"https:\/\/talkpal.ai\/cs\/tisk\/#primaryimage","url":"https:\/\/talkpal.ai\/wp-content\/uploads\/2024\/03\/Talkpal-Logo-Icon.png","contentUrl":"https:\/\/talkpal.ai\/wp-content\/uploads\/2024\/03\/Talkpal-Logo-Icon.png","width":5000,"height":5000,"caption":"Logo Talkpal"},{"@type":"BreadcrumbList","@id":"https:\/\/talkpal.ai\/cs\/tisk\/#breadcrumb","itemListElement":[{"@type":"ListItem","position":1,"name":"Homepage","item":"https:\/\/talkpal.ai\/cs\/"},{"@type":"ListItem","position":2,"name":"Tisk"}]},{"@type":"WebSite","@id":"https:\/\/talkpal.ai\/cs\/#website","url":"https:\/\/talkpal.ai\/cs\/","name":"Talkpal","description":"AI Language Learning","publisher":{"@id":"https:\/\/talkpal.ai\/cs\/#organization"},"alternateName":"Talkpal AI","potentialAction":[{"@type":"SearchAction","target":{"@type":"EntryPoint","urlTemplate":"https:\/\/talkpal.ai\/cs\/?s={search_term_string}"},"query-input":{"@type":"PropertyValueSpecification","valueRequired":true,"valueName":"search_term_string"}}],"inLanguage":"cs"},{"@type":"Organization","@id":"https:\/\/talkpal.ai\/cs\/#organization","name":"Talkpal, Inc.","alternateName":"Talkpal AI","url":"https:\/\/talkpal.ai\/cs\/","logo":{"@type":"ImageObject","inLanguage":"cs","@id":"https:\/\/talkpal.ai\/cs\/#\/schema\/logo\/image\/","url":"https:\/\/talkpal.ai\/wp-content\/uploads\/2024\/03\/Talkpal-Logo-Icon.png","contentUrl":"https:\/\/talkpal.ai\/wp-content\/uploads\/2024\/03\/Talkpal-Logo-Icon.png","width":2880,"height":2880,"caption":"Talkpal, Inc."},"image":{"@id":"https:\/\/talkpal.ai\/cs\/#\/schema\/logo\/image\/"},"sameAs":["https:\/\/www.facebook.com\/profile.php?id=100090733639311","https:\/\/x.com\/talkpalai","https:\/\/www.linkedin.com\/company\/talkpal\/","https:\/\/www.youtube.com\/@TalkPal\/","https:\/\/www.tiktok.com\/@talkpal","https:\/\/www.instagram.com\/talkpal_ai\/","https:\/\/www.crunchbase.com\/organization\/talkpal-9cde","https:\/\/www.g2.com\/products\/talkpal-for-business\/","https:\/\/www.trustpilot.com\/review\/talkpal.ai","https:\/\/www.capterra.com\/p\/10006800\/TalkPal\/"],"description":"Talkpal is a language learning web and mobile education app, powered by the latest AI technologies, that provides engaging experiences to its customers in many different languages to help them improve their language skills. Users can chat about unlimited amount of topics with the app and use other modes to practice their language learning.","email":"support@talkpal.ai","legalName":"Talkpal, Inc.","foundingDate":"2023-04-03","duns":"118989042","numberOfEmployees":{"@type":"QuantitativeValue","minValue":"11","maxValue":"50"},"publishingPrinciples":"https:\/\/talkpal.ai\/publishing-principles\/","actionableFeedbackPolicy":"https:\/\/talkpal.ai\/actionable-feedback-policy\/","correctionsPolicy":"https:\/\/talkpal.ai\/corrections-policy\/","ethicsPolicy":"https:\/\/talkpal.ai\/ethics-policy\/","diversityPolicy":"https:\/\/talkpal.ai\/diversity-policy\/","diversityStaffingReport":"https:\/\/talkpal.ai\/diversity-policy\/"}]}},"_links":{"self":[{"href":"https:\/\/talkpal.ai\/cs\/wp-json\/wp\/v2\/pages\/506529","targetHints":{"allow":["GET"]}}],"collection":[{"href":"https:\/\/talkpal.ai\/cs\/wp-json\/wp\/v2\/pages"}],"about":[{"href":"https:\/\/talkpal.ai\/cs\/wp-json\/wp\/v2\/types\/page"}],"author":[{"embeddable":true,"href":"https:\/\/talkpal.ai\/cs\/wp-json\/wp\/v2\/users\/1"}],"replies":[{"embeddable":true,"href":"https:\/\/talkpal.ai\/cs\/wp-json\/wp\/v2\/comments?post=506529"}],"version-history":[{"count":0,"href":"https:\/\/talkpal.ai\/cs\/wp-json\/wp\/v2\/pages\/506529\/revisions"}],"wp:featuredmedia":[{"embeddable":true,"href":"https:\/\/talkpal.ai\/cs\/wp-json\/wp\/v2\/media\/197949"}],"wp:attachment":[{"href":"https:\/\/talkpal.ai\/cs\/wp-json\/wp\/v2\/media?parent=506529"}],"curies":[{"name":"wp","href":"https:\/\/api.w.org\/{rel}","templated":true}]}}