{"id":166775,"date":"2023-04-03T14:56:00","date_gmt":"2023-04-03T14:56:00","guid":{"rendered":"http:\/\/talkpal.ai\/o-strankach\/"},"modified":"2026-03-06T16:35:06","modified_gmt":"2026-03-06T16:35:06","slug":"o-strankach","status":"publish","type":"page","link":"https:\/\/talkpal.ai\/cs\/o-strankach\/","title":{"rendered":"O str\u00e1nk\u00e1ch"},"content":{"rendered":"\n<p id=\"h-\"><a href=\"https:\/\/talkpal.ai\/ko\/ai-%ec%96%b8%ec%96%b4-%ea%b5%90%ec%82%ac\/\">Talkpal<\/a>, Inc. je spole\u010dnost zab\u00fdvaj\u00edc\u00ed se v\u00fdukou jazyk\u016f pomoc\u00ed um\u011bl\u00e9 inteligence, jej\u00edm\u017e c\u00edlem je zp\u0159\u00edstupnit mluven\u00ed jak\u00fdmkoli jazykem v\u0161em a v\u0161ude. Spole\u010dnost Talkpal vyv\u00edj\u00ed jednu z nejpokro\u010dilej\u0161\u00edch v\u00fdukov\u00fdch platforem pro v\u00fduku jazyk\u016f s um\u011blou inteligenc\u00ed na sv\u011bt\u011b, kter\u00e1 pom\u00e1h\u00e1 milion\u016fm student\u016f s jistotou procvi\u010dovat skute\u010dn\u00e9 <a href=\"https:\/\/talkpal.ai\/cs\/nemcina-konverzace-naucte-se-plynule-mluvit-rychle-a-snadno\/\">konverzace<\/a>.<\/p>\n\n<p>Spole\u010dnost Talkpal byla zalo\u017eena v roce 2023 na z\u00e1klad\u011b jednoduch\u00e9ho, ale siln\u00e9ho p\u0159esv\u011bd\u010den\u00ed: u\u010den\u00ed jazyk\u016f by nem\u011blo b\u00fdt v\u00fdsadou a m\u011blo by b\u00fdt dostupn\u00e9 v\u0161em. Spojen\u00edm \u0161pi\u010dkov\u00e9 um\u011bl\u00e9 inteligence s jazykov\u00fdmi znalostmi a v\u00fdzkumem odstra\u0148uje Talkpal <a href=\"https:\/\/talkpal.ai\/will-ai-kill-traditional-language-learning\/\">tradi\u010dn\u00ed<\/a> p\u0159ek\u00e1\u017eky, jako jsou n\u00e1klady, \u010das a strach z mluven\u00ed, a nahrazuje je personalizovan\u00fdm cvi\u010den\u00edm bez n\u00e1tlaku, kter\u00e9 je k dispozici na r\u016fzn\u00fdch platform\u00e1ch 24 hodin denn\u011b, 7 dn\u00ed v t\u00fddnu.<\/p>\n\n<p>Dnes Talkpal podporuje v\u00edce ne\u017e 80 jazyk\u016f, slou\u017e\u00ed milion\u016fm student\u016f ve v\u00edce ne\u017e 180 zem\u00edch a je k dispozici na webu, v syst\u00e9mech <a href=\"https:\/\/talkpal.ai\/es\/descargar-la-aplicacion-talkpal-para-android-e-ios\/\">iOS<\/a> a <a href=\"https:\/\/talkpal.ai\/es\/descargar-la-aplicacion-talkpal-para-android-e-ios\/\">Android<\/a>.<\/p>\n\n<h2 class=\"wp-block-heading\" id=\"h-our-mission\">Na\u0161e posl\u00e1n\u00ed<\/h2>\n\n<p>Na\u0161\u00edm posl\u00e1n\u00edm je revolu\u010dn\u011b zm\u011bnit v\u00fduku jazyk\u016f t\u00edm, \u017ee poskytneme poutav\u00e9, interaktivn\u00ed a personalizovan\u00e9 dou\u010dov\u00e1n\u00ed jazyk\u016f na b\u00e1zi um\u011bl\u00e9 inteligence.<br\/><br\/>Sna\u017e\u00edme se prolomit jazykov\u00e9 bari\u00e9ry, podporovat glob\u00e1ln\u00ed spojen\u00ed a kultivovat komunitu nad\u0161en\u00fdch student\u016f, kter\u00fdm umo\u017e\u0148ujeme sebev\u011bdom\u011b a plynule komunikovat ve zvolen\u00e9m jazyce.<\/p>\n\n<h2 class=\"wp-block-heading\" id=\"h-our-vision\">Na\u0161e vize<\/h2>\n\n<p>Na\u0161\u00ed viz\u00ed je st\u00e1t se p\u0159edn\u00edm sv\u011btov\u00fdm jazykov\u00fdm tutorem s um\u011blou inteligenc\u00ed, kter\u00fd zm\u011bn\u00ed <a href=\"https:\/\/talkpal.ai\/best-way-to-learn\/\">zp\u016fsob<\/a>, jak\u00fdm se lid\u00e9 u\u010d\u00ed <a href=\"https:\/\/talkpal.ai\/what-language-is-spoken-on-the-international-space-station\/\">jazyky<\/a>, a to prost\u0159ednictv\u00edm pohlcuj\u00edc\u00edch kontextov\u00fdch konverzac\u00ed a adaptivn\u00ed technologie u\u010den\u00ed.<br\/><br\/>Na\u0161\u00edm c\u00edlem je inspirovat a p\u011bstovat l\u00e1sku ke studiu jazyk\u016f, podporovat kulturn\u00ed v\u00fdm\u011bnu a p\u0159eklenout komunika\u010dn\u00ed propast nap\u0159\u00ed\u010d hranicemi, co\u017e v kone\u010dn\u00e9m d\u016fsledku utv\u00e1\u0159\u00ed propojen\u011bj\u0161\u00ed a ch\u00e1pav\u011bj\u0161\u00ed sv\u011bt.<\/p>\n\n<h2 class=\"wp-block-heading\" id=\"h-our-story\">N\u00e1\u0161 p\u0159\u00edb\u011bh<\/h2>\n\n<p>Spole\u010dnost Talkpal zalo\u017eili <a href=\"https:\/\/talkpal.ai\/locations\/language-courses-in-david\/\">David<\/a> Gegechkori (na obr\u00e1zku vlevo) a Dimitri Dekanozishvili (na obr\u00e1zku vpravo), kter\u00e9 vedla spole\u010dn\u00e1 frustrace z tradi\u010dn\u00edch metod v\u00fduky jazyk\u016f, kter\u00e9 \u010dasto nep\u0159ipravuj\u00ed studenty na mluven\u00ed v re\u00e1ln\u00e9m sv\u011bt\u011b.<\/p>\n\n<div class=\"wp-block-columns is-layout-flex wp-container-core-columns-is-layout-9d6595d7 wp-block-columns-is-layout-flex\">\n<div class=\"wp-block-column is-layout-flow wp-block-column-is-layout-flow\" style=\"flex-basis:50%\"><div class=\"wp-block-image\">\n<figure class=\"alignleft size-large\"><img decoding=\"async\" width=\"1024\" height=\"683\" src=\"https:\/\/talkpal.ai\/wp-content\/uploads\/2025\/12\/Talkpal-Entrepreneur-1024x683.jpg\" alt=\"\" class=\"wp-image-1557444\" style=\"aspect-ratio:1.4992888417882142\" srcset=\"https:\/\/talkpal.ai\/wp-content\/uploads\/2025\/12\/Talkpal-Entrepreneur-1024x683.jpg 1024w, https:\/\/talkpal.ai\/wp-content\/uploads\/2025\/12\/Talkpal-Entrepreneur-300x200.jpg 300w, https:\/\/talkpal.ai\/wp-content\/uploads\/2025\/12\/Talkpal-Entrepreneur-768x512.jpg 768w, https:\/\/talkpal.ai\/wp-content\/uploads\/2025\/12\/Talkpal-Entrepreneur.jpg 1344w\" sizes=\"(max-width: 1024px) 100vw, 1024px\" \/><\/figure>\n<\/div><\/div>\n\n\n\n<div class=\"wp-block-column is-layout-flow wp-block-column-is-layout-flow\" style=\"flex-basis:50%\">\n<p>Od sam\u00e9ho po\u010d\u00e1tku byl c\u00edl jasn\u00fd: vytvo\u0159it jazykov\u00e9ho spole\u010dn\u00edka s um\u011blou inteligenc\u00ed, kter\u00fd nebude p\u0159ipom\u00ednat u\u010debnici, ale sp\u00ed\u0161e partnera pro konverzaci. N\u00e1zev &#8222;Talkpal&#8220; odr\u00e1\u017e\u00ed tuto filozofii &#8211; p\u0159\u00e1telsk\u00fd, v\u017edy dostupn\u00fd spole\u010dn\u00edk, kter\u00fd podporuje studenty v procvi\u010dov\u00e1n\u00ed mluven\u00ed bez obav z odsouzen\u00ed.<\/p>\n\n\n\n<p>Talkpal za\u010dal jako webov\u00fd produkt, rychle se roz\u0161\u00ed\u0159il na mobiln\u00ed platformy a sestavil glob\u00e1ln\u00ed t\u00fdm in\u017een\u00fdr\u016f um\u011bl\u00e9 inteligence, lingvist\u016f, pedagog\u016f, market\u00e9r\u016f a produktov\u00fdch design\u00e9r\u016f. D\u00edky neust\u00e1l\u00e9mu zdokonalov\u00e1n\u00ed, v\u00fdzkumu a zp\u011btn\u00e9 vazb\u011b od u\u017eivatel\u016f se Talkpal vyvinul v komplexn\u00ed platformu pro u\u010den\u00ed jazyk\u016f s um\u011blou inteligenc\u00ed, kter\u00e9 d\u016fv\u011b\u0159uj\u00ed miliony lid\u00ed po cel\u00e9m sv\u011bt\u011b.<\/p>\n<\/div>\n<\/div>\n\n<h2 class=\"wp-block-heading\" id=\"h-what-we-do\">Co d\u011bl\u00e1me<\/h2>\n\n<p>Talkpal poskytuje textov\u00e9 a hlasov\u00e9 u\u010den\u00ed s vyu\u017eit\u00edm um\u011bl\u00e9 inteligence, kter\u00e9 je navr\u017eeno tak, aby simulovalo skute\u010dnou interakci s lidmi. Na\u0161e platforma se dynamicky p\u0159izp\u016fsobuje \u00farovni, c\u00edl\u016fm a stylu u\u010den\u00ed ka\u017ed\u00e9ho studenta.<\/p>\n\n<p>Mezi kl\u00ed\u010dov\u00e9 funkce pat\u0159\u00ed:<\/p>\n\n<ul class=\"wp-block-list\">\n<li>P\u0159irozen\u00e9 konverzace s um\u011blou inteligenc\u00ed pro n\u00e1cvik mluven\u00ed<\/li>\n\n\n\n<li>Zp\u011btn\u00e1 vazba v re\u00e1ln\u00e9m \u010dase t\u00fdkaj\u00edc\u00ed se v\u00fdslovnosti, gramatiky a plynulosti.<\/li>\n\n\n\n<li>Podpora pro za\u010d\u00e1te\u010dn\u00edky i pokro\u010dil\u00e9<\/li>\n\n\n\n<li>V\u00fduka v\u00edce ne\u017e 80 sv\u011btov\u00fdch jazyk\u016f, v\u010detn\u011b angli\u010dtiny, \u0161pan\u011bl\u0161tiny, n\u011bm\u010diny, francouz\u0161tiny, ital\u0161tiny, japon\u0161tiny, \u010d\u00edn\u0161tiny, korej\u0161tiny, arab\u0161tiny, nizozem\u0161tiny, portugal\u0161tiny, \u0161v\u00e9d\u0161tiny, hebrej\u0161tiny, \u0159e\u010dtiny, ture\u010dtiny, fin\u0161tiny a afrik\u00e1n\u0161tiny, alb\u00e1n\u0161tiny, arm\u00e9n\u0161tiny, as\u00e1m\u0161tiny, \u00e1zerb\u00e1jd\u017e\u00e1n\u0161tiny, baski\u010dtiny, b\u011bloru\u0161tiny, beng\u00e1l\u0161tiny, beng\u00e1l\u0161tiny, b\u00far\u0161tiny, kanton\u0161tiny, katal\u00e1n\u0161tiny, chorvat\u0161tiny, \u010de\u0161tiny, d\u00e1n\u0161tiny, eston\u0161tiny, galicij\u0161tiny, gruz\u00edn\u0161tiny, gud\u017ear\u00e1t\u0161tiny, hind\u0161tiny, ma\u010far\u0161tina, island\u0161tina, indon\u00e9\u0161tina, ir\u0161tina, jav\u00e1n\u0161tina, kannad\u0161tina, kaza\u0161tina, khmer\u0161tina, laos\u0161tina, litev\u0161tina, loty\u0161tina, makedon\u0161tina, malaj\u0161tina, malajalam\u0161tina, malt\u0161tina, maor\u0161tina, mar\u00e1th\u0161tina, mongol\u0161tina, nep\u00e1l\u0161tina, nor\u0161tina, odia, pa\u0161tun\u0161tina, per\u0161tina, pol\u0161tina, pa\u0148d\u017e\u00e1b\u0161tina, rumun\u0161tina, ru\u0161tina, srb\u0161tina, sinh\u00e1l\u0161tina, sloven\u0161tina, slovin\u0161tina, som\u00e1l\u0161tina, svahil\u0161tina, tagalog, tamil\u0161tina, telug\u0161tina, thaj\u0161tina, ukrajin\u0161tina, urd\u0161tina, uzbe\u010dtina, vietnam\u0161tina, vel\u0161tina, zulu\u0161tina a dal\u0161\u00ed.<\/li>\n\n\n\n<li>Model freemium s flexibiln\u00edmi pl\u00e1ny p\u0159edplatn\u00e9ho<\/li>\n\n\n\n<li>Specializovan\u00e1 podnikov\u00e1 \u0159e\u0161en\u00ed pro univerzity, jazykov\u00e9 \u0161koly, firmy a dal\u0161\u00ed organizace<\/li>\n<\/ul>\n\n<p>N\u00e1\u0161 obsah a syst\u00e9my jsou vyv\u00edjeny ve spolupr\u00e1ci s jazykov\u00fdmi odborn\u00edky a v\u00fdzkumn\u00edky v oblasti um\u011bl\u00e9 inteligence, co\u017e zaji\u0161\u0165uje pedagogickou i technickou dokonalost.<\/p>\n\n<h2 class=\"wp-block-heading\" id=\"h-research-backed-learning\">V\u00fdzkumem podporovan\u00e9 u\u010den\u00ed<\/h2>\n\n<p>\u00da\u010dinnost Talkpal byla zkoum\u00e1na v mnoha v\u011bdeck\u00fdch studi\u00edch, zejm\u00e9na v kontextu ESL a EFL. V\u00fdzkum prok\u00e1zal statisticky v\u00fdznamn\u00e9 zlep\u0161en\u00ed plynulosti mluven\u00ed, v\u00fdslovnosti, gramatiky a sebed\u016fv\u011bry student\u016f p\u0159i pou\u017e\u00edv\u00e1n\u00ed konverza\u010dn\u00edch n\u00e1stroj\u016f zalo\u017een\u00fdch na um\u011bl\u00e9 inteligenci, jako je Talkpal.<\/p>\n\n<p>Tento p\u0159\u00edstup zalo\u017een\u00fd na v\u00fdzkumu je z\u00e1kladem na\u0161eho z\u00e1vazku vytv\u00e1\u0159et nejen inovativn\u00ed technologie, ale tak\u00e9 m\u011b\u0159iteln\u011b efektivn\u00ed jazykov\u00e9 kurzy.<\/p>\n\n<h2 class=\"wp-block-heading\" id=\"h-trusted-by-learners-worldwide\">D\u016fv\u011bra \u017e\u00e1k\u016f po cel\u00e9m sv\u011bt\u011b<\/h2>\n\n<p>Talkpal d\u016fv\u011b\u0159uj\u00ed miliony u\u017eivatel\u016f po cel\u00e9m sv\u011bt\u011b a v obchodech s aplikacemi a na recenzn\u00edch platform\u00e1ch z\u00edsk\u00e1v\u00e1 trvale vysok\u00e1 hodnocen\u00ed. \u017d\u00e1ci \u010dasto zd\u016fraz\u0148uj\u00ed:<\/p>\n\n<ul class=\"wp-block-list\">\n<li>Prost\u0159ed\u00ed bez tlaku pro n\u00e1cvik mluven\u00ed<\/li>\n\n\n\n<li>Okam\u017eit\u00e1 a pou\u017eiteln\u00e1 zp\u011btn\u00e1 vazba<\/li>\n\n\n\n<li>Flexibilita u\u010den\u00ed kdykoli a kdekoli<\/li>\n\n\n\n<li>Mo\u017enost cvi\u010dit bez nutnosti lidsk\u00e9ho jazykov\u00e9ho partnera<\/li>\n<\/ul>\n\n<h2 class=\"wp-block-heading\" id=\"h-our-commitment\">N\u00e1\u0161 z\u00e1vazek<\/h2>\n\n<p>Ve spole\u010dnosti Talkpal se zavazujeme:<\/p>\n\n<ul class=\"wp-block-list\">\n<li><strong>Inovace &#8211;<\/strong> neust\u00e1l\u00fd pokrok v oblasti um\u011bl\u00e9 inteligence a vzd\u011bl\u00e1vac\u00edch technologi\u00ed<\/li>\n\n\n\n<li><strong>Kvalita &#8211;<\/strong> v\u00fdzkumem podlo\u017een\u00e9 vzd\u011bl\u00e1vac\u00ed zku\u0161enosti<\/li>\n\n\n\n<li><strong>Dostupnost &#8211;<\/strong> cenov\u011b dostupn\u00e9 a inkluzivn\u00ed jazykov\u00e9 vzd\u011bl\u00e1v\u00e1n\u00ed pro v\u0161echny<\/li>\n\n\n\n<li><strong>Glob\u00e1ln\u00ed dopad &#8211;<\/strong> pos\u00edlen\u00ed komunikace nap\u0159\u00ed\u010d kulturami<\/li>\n<\/ul>\n\n<p>V\u011b\u0159\u00edme, \u017ee jazyk m\u00e1 moc m\u011bnit \u017eivoty &#8211; a d\u00edky um\u011bl\u00e9 inteligenci m\u016f\u017ee tato moc oslovit ka\u017ed\u00e9ho.<\/p>\n\n<p><\/p>\n","protected":false},"excerpt":{"rendered":"<p>Talkpal, Inc. je spole\u010dnost zab\u00fdvaj\u00edc\u00ed se v\u00fdukou jazyk\u016f pomoc\u00ed um\u011bl\u00e9 inteligence, jej\u00edm\u017e c\u00edlem je zp\u0159\u00edstupnit mluven\u00ed jak\u00fdmkoli jazykem v\u0161em a v\u0161ude. Spole\u010dnost Talkpal vyv\u00edj\u00ed jednu z nejpokro\u010dilej\u0161\u00edch v\u00fdukov\u00fdch platforem pro v\u00fduku jazyk\u016f s um\u011blou inteligenc\u00ed na sv\u011bt\u011b, kter\u00e1 pom\u00e1h\u00e1 milion\u016fm student\u016f s jistotou procvi\u010dovat skute\u010dn\u00e9 konverzace. Spole\u010dnost Talkpal byla zalo\u017eena v roce 2023 na z\u00e1klad\u011b [&hellip;]<\/p>\n","protected":false},"author":1,"featured_media":197949,"parent":0,"menu_order":0,"comment_status":"closed","ping_status":"closed","template":"","meta":{"_acf_changed":false,"footnotes":""},"class_list":["post-166775","page","type-page","status-publish","has-post-thumbnail","hentry"],"acf":[],"yoast_head":"<!-- This site is optimized with the Yoast SEO Premium plugin v27.2 (Yoast SEO v27.2) - https:\/\/yoast.com\/product\/yoast-seo-premium-wordpress\/ -->\n<title>O str\u00e1nk\u00e1ch - Talkpal<\/title>\n<meta name=\"description\" content=\"Talkpal je jazykov\u00fd lektor poh\u00e1n\u011bn\u00fd pomoc\u00ed GPT, zalo\u017een\u00fd s p\u0159esv\u011bd\u010den\u00edm, \u017ee u\u010den\u00ed jazyk\u016f by m\u011blo b\u00fdt p\u0159\u00edstupn\u00e9 v\u0161em.\" \/>\n<meta name=\"robots\" content=\"index, follow, max-snippet:-1, max-image-preview:large, max-video-preview:-1\" \/>\n<link rel=\"canonical\" href=\"https:\/\/talkpal.ai\/cs\/o-strankach\/\" \/>\n<meta property=\"og:locale\" content=\"cs_CZ\" \/>\n<meta property=\"og:type\" content=\"article\" \/>\n<meta property=\"og:title\" content=\"O str\u00e1nk\u00e1ch\" \/>\n<meta property=\"og:description\" content=\"Talkpal, Inc. je spole\u010dnost zab\u00fdvaj\u00edc\u00ed se v\u00fdukou jazyk\u016f pomoc\u00ed um\u011bl\u00e9 inteligence, jej\u00edm\u017e c\u00edlem je zp\u0159\u00edstupnit mluven\u00ed jak\u00fdmkoli jazykem v\u0161em a v\u0161ude.\" \/>\n<meta property=\"og:url\" content=\"https:\/\/talkpal.ai\/cs\/o-strankach\/\" \/>\n<meta property=\"og:site_name\" content=\"Talkpal\" \/>\n<meta property=\"article:publisher\" content=\"https:\/\/www.facebook.com\/profile.php?id=100090733639311\" \/>\n<meta property=\"article:modified_time\" content=\"2026-03-06T16:35:06+00:00\" \/>\n<meta property=\"og:image\" content=\"https:\/\/talkpal.ai\/wp-content\/uploads\/2024\/03\/Talkpal-Logo-Icon.png\" \/>\n\t<meta property=\"og:image:width\" content=\"5000\" \/>\n\t<meta property=\"og:image:height\" content=\"5000\" \/>\n\t<meta property=\"og:image:type\" content=\"image\/png\" \/>\n<meta name=\"twitter:card\" content=\"summary_large_image\" \/>\n<meta name=\"twitter:site\" content=\"@talkpalai\" \/>\n<meta name=\"twitter:label1\" content=\"Odhadovan\u00e1 doba \u010dten\u00ed\" \/>\n\t<meta name=\"twitter:data1\" content=\"6 minut\" \/>\n<script type=\"application\/ld+json\" class=\"yoast-schema-graph\">{\"@context\":\"https:\/\/schema.org\",\"@graph\":[{\"@type\":\"WebPage\",\"@id\":\"https:\/\/talkpal.ai\/cs\/o-strankach\/\",\"url\":\"https:\/\/talkpal.ai\/cs\/o-strankach\/\",\"name\":\"O str\u00e1nk\u00e1ch - Talkpal\",\"isPartOf\":{\"@id\":\"https:\/\/talkpal.ai\/cs\/#website\"},\"primaryImageOfPage\":{\"@id\":\"https:\/\/talkpal.ai\/cs\/o-strankach\/#primaryimage\"},\"image\":{\"@id\":\"https:\/\/talkpal.ai\/cs\/o-strankach\/#primaryimage\"},\"thumbnailUrl\":\"https:\/\/talkpal.ai\/wp-content\/uploads\/2024\/03\/Talkpal-Logo-Icon.png\",\"datePublished\":\"2023-04-03T14:56:00+00:00\",\"dateModified\":\"2026-03-06T16:35:06+00:00\",\"description\":\"Talkpal je jazykov\u00fd lektor poh\u00e1n\u011bn\u00fd pomoc\u00ed GPT, zalo\u017een\u00fd s p\u0159esv\u011bd\u010den\u00edm, \u017ee u\u010den\u00ed jazyk\u016f by m\u011blo b\u00fdt p\u0159\u00edstupn\u00e9 v\u0161em.\",\"breadcrumb\":{\"@id\":\"https:\/\/talkpal.ai\/cs\/o-strankach\/#breadcrumb\"},\"inLanguage\":\"cs\",\"potentialAction\":[{\"@type\":\"ReadAction\",\"target\":[\"https:\/\/talkpal.ai\/cs\/o-strankach\/\"]}]},{\"@type\":\"ImageObject\",\"inLanguage\":\"cs\",\"@id\":\"https:\/\/talkpal.ai\/cs\/o-strankach\/#primaryimage\",\"url\":\"https:\/\/talkpal.ai\/wp-content\/uploads\/2024\/03\/Talkpal-Logo-Icon.png\",\"contentUrl\":\"https:\/\/talkpal.ai\/wp-content\/uploads\/2024\/03\/Talkpal-Logo-Icon.png\",\"width\":5000,\"height\":5000,\"caption\":\"Logo Talkpal\"},{\"@type\":\"BreadcrumbList\",\"@id\":\"https:\/\/talkpal.ai\/cs\/o-strankach\/#breadcrumb\",\"itemListElement\":[{\"@type\":\"ListItem\",\"position\":1,\"name\":\"Homepage\",\"item\":\"https:\/\/talkpal.ai\/cs\/\"},{\"@type\":\"ListItem\",\"position\":2,\"name\":\"O str\u00e1nk\u00e1ch\"}]},{\"@type\":\"WebSite\",\"@id\":\"https:\/\/talkpal.ai\/cs\/#website\",\"url\":\"https:\/\/talkpal.ai\/cs\/\",\"name\":\"Talkpal\",\"description\":\"AI Language Learning\",\"publisher\":{\"@id\":\"https:\/\/talkpal.ai\/cs\/#organization\"},\"alternateName\":\"Talkpal AI\",\"potentialAction\":[{\"@type\":\"SearchAction\",\"target\":{\"@type\":\"EntryPoint\",\"urlTemplate\":\"https:\/\/talkpal.ai\/cs\/?s={search_term_string}\"},\"query-input\":{\"@type\":\"PropertyValueSpecification\",\"valueRequired\":true,\"valueName\":\"search_term_string\"}}],\"inLanguage\":\"cs\"},{\"@type\":\"Organization\",\"@id\":\"https:\/\/talkpal.ai\/cs\/#organization\",\"name\":\"Talkpal, Inc.\",\"alternateName\":\"Talkpal AI\",\"url\":\"https:\/\/talkpal.ai\/cs\/\",\"logo\":{\"@type\":\"ImageObject\",\"inLanguage\":\"cs\",\"@id\":\"https:\/\/talkpal.ai\/cs\/#\/schema\/logo\/image\/\",\"url\":\"https:\/\/talkpal.ai\/wp-content\/uploads\/2024\/03\/Talkpal-Logo-Icon.png\",\"contentUrl\":\"https:\/\/talkpal.ai\/wp-content\/uploads\/2024\/03\/Talkpal-Logo-Icon.png\",\"width\":2880,\"height\":2880,\"caption\":\"Talkpal, Inc.\"},\"image\":{\"@id\":\"https:\/\/talkpal.ai\/cs\/#\/schema\/logo\/image\/\"},\"sameAs\":[\"https:\/\/www.facebook.com\/profile.php?id=100090733639311\",\"https:\/\/x.com\/talkpalai\",\"https:\/\/www.linkedin.com\/company\/talkpal\/\",\"https:\/\/www.youtube.com\/@TalkPal\/\",\"https:\/\/www.tiktok.com\/@talkpal\",\"https:\/\/www.instagram.com\/talkpal_ai\/\",\"https:\/\/www.crunchbase.com\/organization\/talkpal-9cde\",\"https:\/\/www.g2.com\/products\/talkpal-for-business\/\",\"https:\/\/www.trustpilot.com\/review\/talkpal.ai\",\"https:\/\/www.capterra.com\/p\/10006800\/TalkPal\/\"],\"description\":\"Talkpal is a language learning web and mobile education app, powered by the latest AI technologies, that provides engaging experiences to its customers in many different languages to help them improve their language skills. Users can chat about unlimited amount of topics with the app and use other modes to practice their language learning.\",\"email\":\"support@talkpal.ai\",\"legalName\":\"Talkpal, Inc.\",\"foundingDate\":\"2023-04-03\",\"duns\":\"118989042\",\"numberOfEmployees\":{\"@type\":\"QuantitativeValue\",\"minValue\":\"11\",\"maxValue\":\"50\"},\"publishingPrinciples\":\"https:\/\/talkpal.ai\/publishing-principles\/\",\"actionableFeedbackPolicy\":\"https:\/\/talkpal.ai\/actionable-feedback-policy\/\",\"correctionsPolicy\":\"https:\/\/talkpal.ai\/corrections-policy\/\",\"ethicsPolicy\":\"https:\/\/talkpal.ai\/ethics-policy\/\",\"diversityPolicy\":\"https:\/\/talkpal.ai\/diversity-policy\/\",\"diversityStaffingReport\":\"https:\/\/talkpal.ai\/diversity-policy\/\"}]}<\/script>\n<!-- \/ Yoast SEO Premium plugin. -->","yoast_head_json":{"title":"O str\u00e1nk\u00e1ch - Talkpal","description":"Talkpal je jazykov\u00fd lektor poh\u00e1n\u011bn\u00fd pomoc\u00ed GPT, zalo\u017een\u00fd s p\u0159esv\u011bd\u010den\u00edm, \u017ee u\u010den\u00ed jazyk\u016f by m\u011blo b\u00fdt p\u0159\u00edstupn\u00e9 v\u0161em.","robots":{"index":"index","follow":"follow","max-snippet":"max-snippet:-1","max-image-preview":"max-image-preview:large","max-video-preview":"max-video-preview:-1"},"canonical":"https:\/\/talkpal.ai\/cs\/o-strankach\/","og_locale":"cs_CZ","og_type":"article","og_title":"O str\u00e1nk\u00e1ch","og_description":"Talkpal, Inc. je spole\u010dnost zab\u00fdvaj\u00edc\u00ed se v\u00fdukou jazyk\u016f pomoc\u00ed um\u011bl\u00e9 inteligence, jej\u00edm\u017e c\u00edlem je zp\u0159\u00edstupnit mluven\u00ed jak\u00fdmkoli jazykem v\u0161em a v\u0161ude.","og_url":"https:\/\/talkpal.ai\/cs\/o-strankach\/","og_site_name":"Talkpal","article_publisher":"https:\/\/www.facebook.com\/profile.php?id=100090733639311","article_modified_time":"2026-03-06T16:35:06+00:00","og_image":[{"width":5000,"height":5000,"url":"https:\/\/talkpal.ai\/wp-content\/uploads\/2024\/03\/Talkpal-Logo-Icon.png","type":"image\/png"}],"twitter_card":"summary_large_image","twitter_site":"@talkpalai","twitter_misc":{"Odhadovan\u00e1 doba \u010dten\u00ed":"6 minut"},"schema":{"@context":"https:\/\/schema.org","@graph":[{"@type":"WebPage","@id":"https:\/\/talkpal.ai\/cs\/o-strankach\/","url":"https:\/\/talkpal.ai\/cs\/o-strankach\/","name":"O str\u00e1nk\u00e1ch - Talkpal","isPartOf":{"@id":"https:\/\/talkpal.ai\/cs\/#website"},"primaryImageOfPage":{"@id":"https:\/\/talkpal.ai\/cs\/o-strankach\/#primaryimage"},"image":{"@id":"https:\/\/talkpal.ai\/cs\/o-strankach\/#primaryimage"},"thumbnailUrl":"https:\/\/talkpal.ai\/wp-content\/uploads\/2024\/03\/Talkpal-Logo-Icon.png","datePublished":"2023-04-03T14:56:00+00:00","dateModified":"2026-03-06T16:35:06+00:00","description":"Talkpal je jazykov\u00fd lektor poh\u00e1n\u011bn\u00fd pomoc\u00ed GPT, zalo\u017een\u00fd s p\u0159esv\u011bd\u010den\u00edm, \u017ee u\u010den\u00ed jazyk\u016f by m\u011blo b\u00fdt p\u0159\u00edstupn\u00e9 v\u0161em.","breadcrumb":{"@id":"https:\/\/talkpal.ai\/cs\/o-strankach\/#breadcrumb"},"inLanguage":"cs","potentialAction":[{"@type":"ReadAction","target":["https:\/\/talkpal.ai\/cs\/o-strankach\/"]}]},{"@type":"ImageObject","inLanguage":"cs","@id":"https:\/\/talkpal.ai\/cs\/o-strankach\/#primaryimage","url":"https:\/\/talkpal.ai\/wp-content\/uploads\/2024\/03\/Talkpal-Logo-Icon.png","contentUrl":"https:\/\/talkpal.ai\/wp-content\/uploads\/2024\/03\/Talkpal-Logo-Icon.png","width":5000,"height":5000,"caption":"Logo Talkpal"},{"@type":"BreadcrumbList","@id":"https:\/\/talkpal.ai\/cs\/o-strankach\/#breadcrumb","itemListElement":[{"@type":"ListItem","position":1,"name":"Homepage","item":"https:\/\/talkpal.ai\/cs\/"},{"@type":"ListItem","position":2,"name":"O str\u00e1nk\u00e1ch"}]},{"@type":"WebSite","@id":"https:\/\/talkpal.ai\/cs\/#website","url":"https:\/\/talkpal.ai\/cs\/","name":"Talkpal","description":"AI Language Learning","publisher":{"@id":"https:\/\/talkpal.ai\/cs\/#organization"},"alternateName":"Talkpal AI","potentialAction":[{"@type":"SearchAction","target":{"@type":"EntryPoint","urlTemplate":"https:\/\/talkpal.ai\/cs\/?s={search_term_string}"},"query-input":{"@type":"PropertyValueSpecification","valueRequired":true,"valueName":"search_term_string"}}],"inLanguage":"cs"},{"@type":"Organization","@id":"https:\/\/talkpal.ai\/cs\/#organization","name":"Talkpal, Inc.","alternateName":"Talkpal AI","url":"https:\/\/talkpal.ai\/cs\/","logo":{"@type":"ImageObject","inLanguage":"cs","@id":"https:\/\/talkpal.ai\/cs\/#\/schema\/logo\/image\/","url":"https:\/\/talkpal.ai\/wp-content\/uploads\/2024\/03\/Talkpal-Logo-Icon.png","contentUrl":"https:\/\/talkpal.ai\/wp-content\/uploads\/2024\/03\/Talkpal-Logo-Icon.png","width":2880,"height":2880,"caption":"Talkpal, Inc."},"image":{"@id":"https:\/\/talkpal.ai\/cs\/#\/schema\/logo\/image\/"},"sameAs":["https:\/\/www.facebook.com\/profile.php?id=100090733639311","https:\/\/x.com\/talkpalai","https:\/\/www.linkedin.com\/company\/talkpal\/","https:\/\/www.youtube.com\/@TalkPal\/","https:\/\/www.tiktok.com\/@talkpal","https:\/\/www.instagram.com\/talkpal_ai\/","https:\/\/www.crunchbase.com\/organization\/talkpal-9cde","https:\/\/www.g2.com\/products\/talkpal-for-business\/","https:\/\/www.trustpilot.com\/review\/talkpal.ai","https:\/\/www.capterra.com\/p\/10006800\/TalkPal\/"],"description":"Talkpal is a language learning web and mobile education app, powered by the latest AI technologies, that provides engaging experiences to its customers in many different languages to help them improve their language skills. Users can chat about unlimited amount of topics with the app and use other modes to practice their language learning.","email":"support@talkpal.ai","legalName":"Talkpal, Inc.","foundingDate":"2023-04-03","duns":"118989042","numberOfEmployees":{"@type":"QuantitativeValue","minValue":"11","maxValue":"50"},"publishingPrinciples":"https:\/\/talkpal.ai\/publishing-principles\/","actionableFeedbackPolicy":"https:\/\/talkpal.ai\/actionable-feedback-policy\/","correctionsPolicy":"https:\/\/talkpal.ai\/corrections-policy\/","ethicsPolicy":"https:\/\/talkpal.ai\/ethics-policy\/","diversityPolicy":"https:\/\/talkpal.ai\/diversity-policy\/","diversityStaffingReport":"https:\/\/talkpal.ai\/diversity-policy\/"}]}},"_links":{"self":[{"href":"https:\/\/talkpal.ai\/cs\/wp-json\/wp\/v2\/pages\/166775","targetHints":{"allow":["GET"]}}],"collection":[{"href":"https:\/\/talkpal.ai\/cs\/wp-json\/wp\/v2\/pages"}],"about":[{"href":"https:\/\/talkpal.ai\/cs\/wp-json\/wp\/v2\/types\/page"}],"author":[{"embeddable":true,"href":"https:\/\/talkpal.ai\/cs\/wp-json\/wp\/v2\/users\/1"}],"replies":[{"embeddable":true,"href":"https:\/\/talkpal.ai\/cs\/wp-json\/wp\/v2\/comments?post=166775"}],"version-history":[{"count":0,"href":"https:\/\/talkpal.ai\/cs\/wp-json\/wp\/v2\/pages\/166775\/revisions"}],"wp:featuredmedia":[{"embeddable":true,"href":"https:\/\/talkpal.ai\/cs\/wp-json\/wp\/v2\/media\/197949"}],"wp:attachment":[{"href":"https:\/\/talkpal.ai\/cs\/wp-json\/wp\/v2\/media?parent=166775"}],"curies":[{"name":"wp","href":"https:\/\/api.w.org\/{rel}","templated":true}]}}