{"id":166625,"date":"2023-06-16T10:58:35","date_gmt":"2023-06-16T10:58:35","guid":{"rendered":"http:\/\/talkpal.ai\/cviceni-z-ruske-gramatiky\/"},"modified":"2025-12-17T16:24:47","modified_gmt":"2025-12-17T16:24:47","slug":"cviceni-z-ruske-gramatiky","status":"publish","type":"page","link":"https:\/\/talkpal.ai\/cs\/cviceni-z-ruske-gramatiky\/","title":{"rendered":"Cvi\u010den\u00ed z rusk\u00e9 gramatiky"},"content":{"rendered":"\r\n\r\n\r\n<section class=\"languageChallengeSection\">\r\n    <div class=\"languageInfoWrapper\">\r\n        \r\n        <h1>Cvi\u010den\u00ed z rusk\u00e9 gramatiky<\/h1>\r\n        <p>Jste p\u0159ipraveni pos\u00edlit sv\u00e9 znalosti ru\u0161tiny? Procvi\u010dov\u00e1n\u00ed gramatick\u00fdch cvi\u010den\u00ed je jedn\u00edm z nejlep\u0161\u00edch zp\u016fsob\u016f, jak si osvojit stavbu v\u011bty, \u010dasov\u00e1n\u00ed sloves a jedine\u010dn\u00e1 pravidla rusk\u00e9ho jazyka. Za\u010dn\u011bte zkoumat ruskou gramatiku je\u0161t\u011b dnes a sledujte, jak s ka\u017ed\u00fdm cvi\u010den\u00edm roste va\u0161e porozum\u011bn\u00ed a plynulost!<\/p>\r\n\r\n                            <a class=\"getStartedHidden\" href=\"https:\/\/app.talkpal.ai\/cs\/signup?lng=\">Za\u010dni<\/a>\r\n        \r\n    <\/div>\r\n\r\n    <figure>\r\n    <img decoding=\"async\" width=\"768\" height=\"768\" src=\"https:\/\/talkpal.ai\/wp-content\/uploads\/2023\/06\/russian-768x768.png\" class=\"languageImage no-lazy\" alt=\"Language learning for multicultural understanding\" fetchpriority=\"high\" sizes=\"(max-width: 768px) 150px, 768px\" srcset=\"https:\/\/talkpal.ai\/wp-content\/uploads\/2023\/06\/russian-768x768.png 768w, https:\/\/talkpal.ai\/wp-content\/uploads\/2023\/06\/russian-300x300.png 300w\" \/>\r\n    \r\n\r\n    <\/figure>\r\n\r\n            <a class=\"getStartedVisible\" href=\"https:\/\/app.talkpal.ai\/cs\/signup?lng=\">Za\u010dni<\/a>\r\n    \r\n<\/section>\r\n\r\n\r\n<!-- <section class=\"grammarSection\">\r\n    <div class=\"grammarLinks\">\r\n            <\/div>\r\n<\/section> -->\r\n\r\n\r\n\r\n\r\n<section class=\"promotionalBanner\">\r\n    <p class=\"promotionalText\">Nejefektivn\u011bj\u0161\u00ed zp\u016fsob, jak se nau\u010dit jazyk<\/p>\r\n    <a class=\"promotionalLink\" href=\"https:\/\/app.talkpal.ai\/cs\/signup?lng=\">Vyzkou\u0161ejte Talkpal zdarma<\/a>\r\n<\/section>\n<div class=\"wp-block-group pageContainerStyle\"><div class=\"wp-block-group__inner-container is-layout-constrained wp-block-group-is-layout-constrained\">\n<h2 class=\"wp-block-heading\" id=\"h-russian-grammar-topics\">T\u00e9mata rusk\u00e9 gramatiky<\/h2>\n\n\n\n<p>U\u010den\u00ed ru\u0161tiny m\u016f\u017ee b\u00fdt neuv\u011b\u0159iteln\u011b obohacuj\u00edc\u00ed a intelektu\u00e1ln\u011b stimuluj\u00edc\u00ed zku\u0161enost\u00ed. Rusk\u00fd jazyk je nejen bohat\u00fd na slovn\u00ed z\u00e1sobu a vyjad\u0159ovac\u00ed s\u00edlu, ale tak\u00e9 poskytuje okno do fascinuj\u00edc\u00ed kultury, historie a literatury Ruska a b\u00fdval\u00e9ho Sov\u011btsk\u00e9ho svazu. Kdy\u017e se vyd\u00e1te na cestu za v\u00fdukou ru\u0161tiny, je d\u016fle\u017eit\u00e9 sezn\u00e1mit se s r\u016fzn\u00fdmi gramatick\u00fdmi t\u00e9maty, kter\u00e1 budou tvo\u0159it z\u00e1klad va\u0161ich jazykov\u00fdch dovednost\u00ed. V t\u00e9to p\u0159\u00edru\u010dce poskytneme p\u0159ehled z\u00e1kladn\u00edch t\u00e9mat rusk\u00e9 gramatiky, v\u010detn\u011b \u010das\u016f, sloves, podstatn\u00fdch jmen, \u010dlen\u016f, z\u00e1jmen, p\u0159\u00eddavn\u00fdch jmen, p\u0159\u00edslovc\u00ed, p\u0159edlo\u017eek a v\u011btn\u00e9 struktury. Zvl\u00e1dnete-li tyto z\u00e1klady, budete na dobr\u00e9 cest\u011b k plynul\u00e9 znalosti ru\u0161tiny.<\/p>\n\n\n\n<h3 class=\"wp-block-heading\" id=\"h-1-nouns\">1. Podstatn\u00e1 jm\u00e9na:<\/h3>\n\n\n\n<p>Za\u010dn\u011bte t\u00edm, \u017ee se nau\u010d\u00edte rusk\u00e1 podstatn\u00e1 jm\u00e9na, proto\u017ee jsou z\u00e1kladn\u00edmi stavebn\u00edmi kameny jazyka. Rusk\u00e1 podstatn\u00e1 jm\u00e9na maj\u00ed t\u0159i rody (mu\u017esk\u00fd, \u017eensk\u00fd a st\u0159edn\u00ed) a \u0161est p\u00e1d\u016f (nominativ, genitiv, dativ, akuzativ, instrument\u00e1l a p\u0159edlo\u017eka). Pochopen\u00ed rodu a p\u00e1dov\u00e9ho syst\u00e9mu je z\u00e1sadn\u00ed pro spr\u00e1vn\u00e9 pou\u017e\u00edv\u00e1n\u00ed podstatn\u00fdch jmen ve v\u011bt\u00e1ch.<\/p>\n\n\n\n<h3 class=\"wp-block-heading\" id=\"h-2-pronouns\">2. Z\u00e1jmena:<\/h3>\n\n\n\n<p>Jakmile se sezn\u00e1m\u00edte s podstatn\u00fdmi jm\u00e9ny, p\u0159ejd\u011bte k z\u00e1jmen\u016fm, kter\u00e1 ve v\u011bt\u00e1ch nahrazuj\u00ed podstatn\u00e1 jm\u00e9na, abyste se vyhnuli opakov\u00e1n\u00ed. Z\u00e1jmena maj\u00ed tak\u00e9 rody a p\u00e1dy a je d\u016fle\u017eit\u00e9 nau\u010dit se jejich tvary a pou\u017eit\u00ed.<\/p>\n\n\n\n<h3 class=\"wp-block-heading\" id=\"h-3-adjectives\">3. P\u0159\u00eddavn\u00e1 jm\u00e9na:<\/h3>\n\n\n\n<p>P\u0159\u00eddavn\u00e1 jm\u00e9na popisuj\u00ed nebo modifikuj\u00ed podstatn\u00e1 jm\u00e9na a z\u00e1jmena. Souhlas\u00ed s podstatn\u00fdmi jm\u00e9ny, kter\u00e1 upravuj\u00ed v rod\u011b, \u010d\u00edsle a p\u00e1du. Nau\u010dte se r\u016fzn\u00e9 tvary a koncovky p\u0159\u00eddavn\u00fdch jmen, abyste je mohli spr\u00e1vn\u011b pou\u017e\u00edvat.<\/p>\n\n\n\n<h3 class=\"wp-block-heading\" id=\"h-4-verbs\">4. Slovesa:<\/h3>\n\n\n\n<p>Slovesa jsou p\u00e1te\u0159\u00ed ka\u017ed\u00e9 v\u011bty, proto\u017ee vyjad\u0159uj\u00ed d\u011bje, stavy nebo v\u00fdskyty. V ru\u0161tin\u011b maj\u00ed slovesa dva vidy (dokonav\u00fd a nedokonav\u00fd) a \u010dasuj\u00ed se podle osoby, \u010d\u00edsla a \u010dasu. Seznamte se se vzory a aspekty \u010dasov\u00e1n\u00ed a vytvo\u0159te p\u0159esn\u00e9 slovesn\u00e9 tvary.<\/p>\n\n\n\n<h3 class=\"wp-block-heading\" id=\"h-5-tenses-indicative\">5. Indikativn\u00ed \u010dasy:<\/h3>\n\n\n\n<p><a href=\"https:\/\/talkpal.ai\/learn-russian\/\">Ru\u0161tina<\/a> m\u00e1 t\u0159i indikativn\u00ed \u010dasy: minul\u00fd, p\u0159\u00edtomn\u00fd a budouc\u00ed. Nau\u010dte se, jak tvo\u0159it a pou\u017e\u00edvat tyto \u010dasy k vyj\u00e1d\u0159en\u00ed akc\u00ed a ud\u00e1lost\u00ed v r\u016fzn\u00fdch \u010dasov\u00fdch r\u00e1mc\u00edch.<\/p>\n\n\n\n<h3 class=\"wp-block-heading\" id=\"h-6-tenses-subjunctive\">6. Konjunktiv \u010das\u016f:<\/h3>\n\n\n\n<p><a href=\"https:\/\/talkpal.ai\/ja\/grammar_exercises\/konjunktiv-%e3%83%89%e3%82%a4%e3%83%84%e6%96%87%e6%b3%95%e3%81%ae%e6%bc%94%e7%bf%92\/\">Konjunktiv<\/a> vyjad\u0159uje hypotetick\u00e9 situace, p\u0159\u00e1n\u00ed nebo nere\u00e1ln\u00e9 podm\u00ednky. Nau\u010dte se, jak tvo\u0159it konjunktiv v ru\u0161tin\u011b a kdy ho pou\u017e\u00edvat ve v\u011bt\u00e1ch.<\/p>\n\n\n\n<h3 class=\"wp-block-heading\" id=\"h-7-tense-comparison\">7. Srovn\u00e1n\u00ed \u010das\u016f:<\/h3>\n\n\n\n<p>Pochopen\u00ed toho, jak porovn\u00e1vat a porovn\u00e1vat akce v r\u016fzn\u00fdch \u010dasech, je nezbytn\u00e9 pro jasnou komunikaci. Procvi\u010dte si spole\u010dn\u00e9 pou\u017e\u00edv\u00e1n\u00ed r\u016fzn\u00fdch \u010das\u016f k vyj\u00e1d\u0159en\u00ed slo\u017eit\u00fdch my\u0161lenek a n\u00e1pad\u016f.<\/p>\n\n\n\n<h3 class=\"wp-block-heading\" id=\"h-8-adverbs\">8. P\u0159\u00edslovce:<\/h3>\n\n\n\n<p>P\u0159\u00edslovce modifikuj\u00ed slovesa, p\u0159\u00eddavn\u00e1 jm\u00e9na nebo jin\u00e1 p\u0159\u00edslovce a poskytuj\u00ed informace o tom, jak, kdy, kde nebo do jak\u00e9 m\u00edry doch\u00e1z\u00ed k d\u011bji. Nau\u010dte se b\u011b\u017en\u00e1 rusk\u00e1 p\u0159\u00edslovce a jejich pou\u017eit\u00ed k vylep\u0161en\u00ed v\u011bt.<\/p>\n\n\n\n<h3 class=\"wp-block-heading\" id=\"h-9-prepositions\">9. P\u0159edlo\u017eky:<\/h3>\n\n\n\n<p>P\u0159edlo\u017eky spojuj\u00ed podstatn\u00e1 jm\u00e9na, z\u00e1jmena nebo fr\u00e1ze s jin\u00fdmi slovy ve v\u011bt\u011b a ozna\u010duj\u00ed vztahy, jako je m\u00edsto, sm\u011br, \u010das nebo \u00fa\u010del. Seznamte se s rusk\u00fdmi p\u0159edlo\u017ekami a jim odpov\u00eddaj\u00edc\u00edmi p\u00e1dy, abyste mohli sestavit gramaticky spr\u00e1vn\u00e9 v\u011bty.<\/p>\n\n\n\n<h3 class=\"wp-block-heading\" id=\"h-10-sentence-structure\">10. V\u011btn\u00e1 stavba:<\/h3>\n\n\n\n<p>Nakonec se nau\u010d\u00edte z\u00e1klady rusk\u00e9 v\u011btn\u00e9 struktury, v\u010detn\u011b slovosledu, negace a tvo\u0159en\u00ed ot\u00e1zek. Pochopen\u00ed toho, jak spr\u00e1vn\u011b sestavovat v\u011bty, zajist\u00ed, \u017ee va\u0161e mluven\u00e1 i psan\u00e1 <a href=\"https:\/\/talkpal.ai\/learn-russian\/\">ru\u0161tina<\/a> bude jasn\u00e1 a srozumiteln\u00e1.<\/p>\n\n\n\n<p>Dodr\u017eov\u00e1n\u00edm t\u00e9to posloupnosti a v\u011bnov\u00e1n\u00edm \u010dasu ka\u017ed\u00e9mu gramatick\u00e9mu t\u00e9matu si vybudujete pevn\u00e9 z\u00e1klady v ru\u0161tin\u011b, kter\u00e9 v\u00e1m umo\u017en\u00ed efektivn\u011b komunikovat a ocenit kr\u00e1su a hloubku jazyka.<\/p>\n<\/div><\/div>\n\r\n<section class=\"learnNavigationSection\">\r\n            \r\n        <a href=\"https:\/\/talkpal.ai\/cs\/naucte-se-rusky\/\">\r\n            <div class=\"learnNavigationWrapper\">\r\n                <div class=\"learnNavigationContent\">\r\n                    <img decoding=\"async\" src=\"https:\/\/talkpal.ai\/wp-content\/uploads\/2024\/08\/Russian.jpg\" alt=\"Russian Flag\">\r\n                    <div>\r\n                        <h4>O v\u00fduce ru\u0161tiny<\/h4>\r\n                        <p>Zjist\u011bte v\u0161e o rusk\u00e9 gramatice.<\/p>\r\n                    <\/div>\r\n                <\/div>\r\n            <\/div>\r\n        <\/a>\r\n\r\n        \r\n        <a href=\"https:\/\/talkpal.ai\/cs\/ruska-gramatika\/\">\r\n            <div class=\"learnNavigationWrapper\">\r\n                <div class=\"learnNavigationContent\">\r\n                    <img decoding=\"async\" src=\"https:\/\/talkpal.ai\/wp-content\/uploads\/2024\/08\/Russian.jpg\" alt=\"Russian Flag\">\r\n                    <div>\r\n                        <h4>Lekce rusk\u00e9 gramatiky<\/h4>\r\n                        <p>Procvi\u010dte si ruskou gramatiku.<\/p>\r\n                    <\/div>\r\n                <\/div>\r\n            <\/div>\r\n        <\/a>\r\n\r\n        \r\n        <a href=\"https:\/\/talkpal.ai\/vocabulary_language\/russian\/\">\r\n            <div class=\"learnNavigationWrapper\">\r\n                <div class=\"learnNavigationContent\">\r\n                    <img decoding=\"async\" src=\"https:\/\/talkpal.ai\/wp-content\/uploads\/2024\/08\/Russian.jpg\" alt=\"Russian Flag\">\r\n                    <div>\r\n                        <h4>Rusk\u00e1 slovn\u00ed z\u00e1soba<\/h4>\r\n                        <p>Roz\u0161i\u0159te si slovn\u00ed z\u00e1sobu ru\u0161tiny.<\/p>\r\n                    <\/div>\r\n                <\/div>\r\n            <\/div>\r\n        <\/a>\r\n\r\n            <\/section>","protected":false},"excerpt":{"rendered":"<p>T\u00e9mata rusk\u00e9 gramatiky U\u010den\u00ed ru\u0161tiny m\u016f\u017ee b\u00fdt neuv\u011b\u0159iteln\u011b obohacuj\u00edc\u00ed a intelektu\u00e1ln\u011b stimuluj\u00edc\u00ed zku\u0161enost\u00ed. Rusk\u00fd jazyk je nejen bohat\u00fd na slovn\u00ed z\u00e1sobu a vyjad\u0159ovac\u00ed s\u00edlu, ale tak\u00e9 poskytuje okno do fascinuj\u00edc\u00ed kultury, historie a literatury Ruska a b\u00fdval\u00e9ho Sov\u011btsk\u00e9ho svazu. Kdy\u017e se vyd\u00e1te na cestu za v\u00fdukou ru\u0161tiny, je d\u016fle\u017eit\u00e9 sezn\u00e1mit se s r\u016fzn\u00fdmi gramatick\u00fdmi t\u00e9maty, [&hellip;]<\/p>\n","protected":false},"author":6,"featured_media":108006,"parent":0,"menu_order":0,"comment_status":"closed","ping_status":"closed","template":"LearningContentPage.php","meta":{"_acf_changed":false,"footnotes":""},"class_list":["post-166625","page","type-page","status-publish","has-post-thumbnail","hentry"],"acf":[],"yoast_head":"<!-- This site is optimized with the Yoast SEO Premium plugin v27.2 (Yoast SEO v27.2) - https:\/\/yoast.com\/product\/yoast-seo-premium-wordpress\/ -->\n<title>Cvi\u010den\u00ed z rusk\u00e9 gramatiky - Talkpal<\/title>\n<meta name=\"description\" content=\"Prozkoumejte z\u00e1kladn\u00ed cvi\u010den\u00ed rusk\u00e9 gramatiky, abyste pos\u00edlili sv\u00e9 jazykov\u00e9 dovednosti a dos\u00e1hli plynulosti v ru\u0161tin\u011b.\" \/>\n<meta name=\"robots\" content=\"index, follow, max-snippet:-1, max-image-preview:large, max-video-preview:-1\" \/>\n<link rel=\"canonical\" href=\"https:\/\/talkpal.ai\/cs\/cviceni-z-ruske-gramatiky\/\" \/>\n<meta property=\"og:locale\" content=\"cs_CZ\" \/>\n<meta property=\"og:type\" content=\"article\" \/>\n<meta property=\"og:title\" content=\"Cvi\u010den\u00ed z rusk\u00e9 gramatiky\" \/>\n<meta property=\"og:description\" content=\"T\u00e9mata rusk\u00e9 gramatiky U\u010den\u00ed ru\u0161tiny m\u016f\u017ee b\u00fdt neuv\u011b\u0159iteln\u011b obohacuj\u00edc\u00ed a intelektu\u00e1ln\u011b stimuluj\u00edc\u00ed zku\u0161enost\u00ed. Rusk\u00fd jazyk je nejen bohat\u00fd na slovn\u00ed\" \/>\n<meta property=\"og:url\" content=\"https:\/\/talkpal.ai\/cs\/cviceni-z-ruske-gramatiky\/\" \/>\n<meta property=\"og:site_name\" content=\"Talkpal\" \/>\n<meta property=\"article:publisher\" content=\"https:\/\/www.facebook.com\/profile.php?id=100090733639311\" \/>\n<meta property=\"article:modified_time\" content=\"2025-12-17T16:24:47+00:00\" \/>\n<meta property=\"og:image\" content=\"https:\/\/talkpal.ai\/wp-content\/uploads\/2023\/04\/rusia.png\" \/>\n\t<meta property=\"og:image:width\" content=\"512\" \/>\n\t<meta property=\"og:image:height\" content=\"512\" \/>\n\t<meta property=\"og:image:type\" content=\"image\/png\" \/>\n<meta name=\"twitter:card\" content=\"summary_large_image\" \/>\n<meta name=\"twitter:site\" content=\"@talkpalai\" \/>\n<meta name=\"twitter:label1\" content=\"Odhadovan\u00e1 doba \u010dten\u00ed\" \/>\n\t<meta name=\"twitter:data1\" content=\"3 minuty\" \/>\n<script type=\"application\/ld+json\" class=\"yoast-schema-graph\">{\"@context\":\"https:\/\/schema.org\",\"@graph\":[{\"@type\":\"WebPage\",\"@id\":\"https:\/\/talkpal.ai\/cs\/cviceni-z-ruske-gramatiky\/\",\"url\":\"https:\/\/talkpal.ai\/cs\/cviceni-z-ruske-gramatiky\/\",\"name\":\"Cvi\u010den\u00ed z rusk\u00e9 gramatiky - Talkpal\",\"isPartOf\":{\"@id\":\"https:\/\/talkpal.ai\/cs\/#website\"},\"primaryImageOfPage\":{\"@id\":\"https:\/\/talkpal.ai\/cs\/cviceni-z-ruske-gramatiky\/#primaryimage\"},\"image\":{\"@id\":\"https:\/\/talkpal.ai\/cs\/cviceni-z-ruske-gramatiky\/#primaryimage\"},\"thumbnailUrl\":\"https:\/\/talkpal.ai\/wp-content\/uploads\/2023\/04\/rusia.png\",\"datePublished\":\"2023-06-16T10:58:35+00:00\",\"dateModified\":\"2025-12-17T16:24:47+00:00\",\"description\":\"Prozkoumejte z\u00e1kladn\u00ed cvi\u010den\u00ed rusk\u00e9 gramatiky, abyste pos\u00edlili sv\u00e9 jazykov\u00e9 dovednosti a dos\u00e1hli plynulosti v ru\u0161tin\u011b.\",\"breadcrumb\":{\"@id\":\"https:\/\/talkpal.ai\/cs\/cviceni-z-ruske-gramatiky\/#breadcrumb\"},\"inLanguage\":\"cs\",\"potentialAction\":[{\"@type\":\"ReadAction\",\"target\":[\"https:\/\/talkpal.ai\/cs\/cviceni-z-ruske-gramatiky\/\"]}]},{\"@type\":\"ImageObject\",\"inLanguage\":\"cs\",\"@id\":\"https:\/\/talkpal.ai\/cs\/cviceni-z-ruske-gramatiky\/#primaryimage\",\"url\":\"https:\/\/talkpal.ai\/wp-content\/uploads\/2023\/04\/rusia.png\",\"contentUrl\":\"https:\/\/talkpal.ai\/wp-content\/uploads\/2023\/04\/rusia.png\",\"width\":512,\"height\":512},{\"@type\":\"BreadcrumbList\",\"@id\":\"https:\/\/talkpal.ai\/cs\/cviceni-z-ruske-gramatiky\/#breadcrumb\",\"itemListElement\":[{\"@type\":\"ListItem\",\"position\":1,\"name\":\"Homepage\",\"item\":\"https:\/\/talkpal.ai\/cs\/\"},{\"@type\":\"ListItem\",\"position\":2,\"name\":\"Cvi\u010den\u00ed z rusk\u00e9 gramatiky\"}]},{\"@type\":\"WebSite\",\"@id\":\"https:\/\/talkpal.ai\/cs\/#website\",\"url\":\"https:\/\/talkpal.ai\/cs\/\",\"name\":\"Talkpal\",\"description\":\"AI Language Learning\",\"publisher\":{\"@id\":\"https:\/\/talkpal.ai\/cs\/#organization\"},\"alternateName\":\"Talkpal AI\",\"potentialAction\":[{\"@type\":\"SearchAction\",\"target\":{\"@type\":\"EntryPoint\",\"urlTemplate\":\"https:\/\/talkpal.ai\/cs\/?s={search_term_string}\"},\"query-input\":{\"@type\":\"PropertyValueSpecification\",\"valueRequired\":true,\"valueName\":\"search_term_string\"}}],\"inLanguage\":\"cs\"},{\"@type\":\"Organization\",\"@id\":\"https:\/\/talkpal.ai\/cs\/#organization\",\"name\":\"Talkpal, Inc.\",\"alternateName\":\"Talkpal AI\",\"url\":\"https:\/\/talkpal.ai\/cs\/\",\"logo\":{\"@type\":\"ImageObject\",\"inLanguage\":\"cs\",\"@id\":\"https:\/\/talkpal.ai\/cs\/#\/schema\/logo\/image\/\",\"url\":\"https:\/\/talkpal.ai\/wp-content\/uploads\/2024\/03\/Talkpal-Logo-Icon.png\",\"contentUrl\":\"https:\/\/talkpal.ai\/wp-content\/uploads\/2024\/03\/Talkpal-Logo-Icon.png\",\"width\":2880,\"height\":2880,\"caption\":\"Talkpal, Inc.\"},\"image\":{\"@id\":\"https:\/\/talkpal.ai\/cs\/#\/schema\/logo\/image\/\"},\"sameAs\":[\"https:\/\/www.facebook.com\/profile.php?id=100090733639311\",\"https:\/\/x.com\/talkpalai\",\"https:\/\/www.linkedin.com\/company\/talkpal\/\",\"https:\/\/www.youtube.com\/@TalkPal\/\",\"https:\/\/www.tiktok.com\/@talkpal\",\"https:\/\/www.instagram.com\/talkpal_ai\/\",\"https:\/\/www.crunchbase.com\/organization\/talkpal-9cde\",\"https:\/\/www.g2.com\/products\/talkpal-for-business\/\",\"https:\/\/www.trustpilot.com\/review\/talkpal.ai\",\"https:\/\/www.capterra.com\/p\/10006800\/TalkPal\/\"],\"description\":\"Talkpal is a language learning web and mobile education app, powered by the latest AI technologies, that provides engaging experiences to its customers in many different languages to help them improve their language skills. Users can chat about unlimited amount of topics with the app and use other modes to practice their language learning.\",\"email\":\"support@talkpal.ai\",\"legalName\":\"Talkpal, Inc.\",\"foundingDate\":\"2023-04-03\",\"duns\":\"118989042\",\"numberOfEmployees\":{\"@type\":\"QuantitativeValue\",\"minValue\":\"11\",\"maxValue\":\"50\"},\"publishingPrinciples\":\"https:\/\/talkpal.ai\/publishing-principles\/\",\"actionableFeedbackPolicy\":\"https:\/\/talkpal.ai\/actionable-feedback-policy\/\",\"correctionsPolicy\":\"https:\/\/talkpal.ai\/corrections-policy\/\",\"ethicsPolicy\":\"https:\/\/talkpal.ai\/ethics-policy\/\",\"diversityPolicy\":\"https:\/\/talkpal.ai\/diversity-policy\/\",\"diversityStaffingReport\":\"https:\/\/talkpal.ai\/diversity-policy\/\"}]}<\/script>\n<!-- \/ Yoast SEO Premium plugin. -->","yoast_head_json":{"title":"Cvi\u010den\u00ed z rusk\u00e9 gramatiky - Talkpal","description":"Prozkoumejte z\u00e1kladn\u00ed cvi\u010den\u00ed rusk\u00e9 gramatiky, abyste pos\u00edlili sv\u00e9 jazykov\u00e9 dovednosti a dos\u00e1hli plynulosti v ru\u0161tin\u011b.","robots":{"index":"index","follow":"follow","max-snippet":"max-snippet:-1","max-image-preview":"max-image-preview:large","max-video-preview":"max-video-preview:-1"},"canonical":"https:\/\/talkpal.ai\/cs\/cviceni-z-ruske-gramatiky\/","og_locale":"cs_CZ","og_type":"article","og_title":"Cvi\u010den\u00ed z rusk\u00e9 gramatiky","og_description":"T\u00e9mata rusk\u00e9 gramatiky U\u010den\u00ed ru\u0161tiny m\u016f\u017ee b\u00fdt neuv\u011b\u0159iteln\u011b obohacuj\u00edc\u00ed a intelektu\u00e1ln\u011b stimuluj\u00edc\u00ed zku\u0161enost\u00ed. Rusk\u00fd jazyk je nejen bohat\u00fd na slovn\u00ed","og_url":"https:\/\/talkpal.ai\/cs\/cviceni-z-ruske-gramatiky\/","og_site_name":"Talkpal","article_publisher":"https:\/\/www.facebook.com\/profile.php?id=100090733639311","article_modified_time":"2025-12-17T16:24:47+00:00","og_image":[{"width":512,"height":512,"url":"https:\/\/talkpal.ai\/wp-content\/uploads\/2023\/04\/rusia.png","type":"image\/png"}],"twitter_card":"summary_large_image","twitter_site":"@talkpalai","twitter_misc":{"Odhadovan\u00e1 doba \u010dten\u00ed":"3 minuty"},"schema":{"@context":"https:\/\/schema.org","@graph":[{"@type":"WebPage","@id":"https:\/\/talkpal.ai\/cs\/cviceni-z-ruske-gramatiky\/","url":"https:\/\/talkpal.ai\/cs\/cviceni-z-ruske-gramatiky\/","name":"Cvi\u010den\u00ed z rusk\u00e9 gramatiky - Talkpal","isPartOf":{"@id":"https:\/\/talkpal.ai\/cs\/#website"},"primaryImageOfPage":{"@id":"https:\/\/talkpal.ai\/cs\/cviceni-z-ruske-gramatiky\/#primaryimage"},"image":{"@id":"https:\/\/talkpal.ai\/cs\/cviceni-z-ruske-gramatiky\/#primaryimage"},"thumbnailUrl":"https:\/\/talkpal.ai\/wp-content\/uploads\/2023\/04\/rusia.png","datePublished":"2023-06-16T10:58:35+00:00","dateModified":"2025-12-17T16:24:47+00:00","description":"Prozkoumejte z\u00e1kladn\u00ed cvi\u010den\u00ed rusk\u00e9 gramatiky, abyste pos\u00edlili sv\u00e9 jazykov\u00e9 dovednosti a dos\u00e1hli plynulosti v ru\u0161tin\u011b.","breadcrumb":{"@id":"https:\/\/talkpal.ai\/cs\/cviceni-z-ruske-gramatiky\/#breadcrumb"},"inLanguage":"cs","potentialAction":[{"@type":"ReadAction","target":["https:\/\/talkpal.ai\/cs\/cviceni-z-ruske-gramatiky\/"]}]},{"@type":"ImageObject","inLanguage":"cs","@id":"https:\/\/talkpal.ai\/cs\/cviceni-z-ruske-gramatiky\/#primaryimage","url":"https:\/\/talkpal.ai\/wp-content\/uploads\/2023\/04\/rusia.png","contentUrl":"https:\/\/talkpal.ai\/wp-content\/uploads\/2023\/04\/rusia.png","width":512,"height":512},{"@type":"BreadcrumbList","@id":"https:\/\/talkpal.ai\/cs\/cviceni-z-ruske-gramatiky\/#breadcrumb","itemListElement":[{"@type":"ListItem","position":1,"name":"Homepage","item":"https:\/\/talkpal.ai\/cs\/"},{"@type":"ListItem","position":2,"name":"Cvi\u010den\u00ed z rusk\u00e9 gramatiky"}]},{"@type":"WebSite","@id":"https:\/\/talkpal.ai\/cs\/#website","url":"https:\/\/talkpal.ai\/cs\/","name":"Talkpal","description":"AI Language Learning","publisher":{"@id":"https:\/\/talkpal.ai\/cs\/#organization"},"alternateName":"Talkpal AI","potentialAction":[{"@type":"SearchAction","target":{"@type":"EntryPoint","urlTemplate":"https:\/\/talkpal.ai\/cs\/?s={search_term_string}"},"query-input":{"@type":"PropertyValueSpecification","valueRequired":true,"valueName":"search_term_string"}}],"inLanguage":"cs"},{"@type":"Organization","@id":"https:\/\/talkpal.ai\/cs\/#organization","name":"Talkpal, Inc.","alternateName":"Talkpal AI","url":"https:\/\/talkpal.ai\/cs\/","logo":{"@type":"ImageObject","inLanguage":"cs","@id":"https:\/\/talkpal.ai\/cs\/#\/schema\/logo\/image\/","url":"https:\/\/talkpal.ai\/wp-content\/uploads\/2024\/03\/Talkpal-Logo-Icon.png","contentUrl":"https:\/\/talkpal.ai\/wp-content\/uploads\/2024\/03\/Talkpal-Logo-Icon.png","width":2880,"height":2880,"caption":"Talkpal, Inc."},"image":{"@id":"https:\/\/talkpal.ai\/cs\/#\/schema\/logo\/image\/"},"sameAs":["https:\/\/www.facebook.com\/profile.php?id=100090733639311","https:\/\/x.com\/talkpalai","https:\/\/www.linkedin.com\/company\/talkpal\/","https:\/\/www.youtube.com\/@TalkPal\/","https:\/\/www.tiktok.com\/@talkpal","https:\/\/www.instagram.com\/talkpal_ai\/","https:\/\/www.crunchbase.com\/organization\/talkpal-9cde","https:\/\/www.g2.com\/products\/talkpal-for-business\/","https:\/\/www.trustpilot.com\/review\/talkpal.ai","https:\/\/www.capterra.com\/p\/10006800\/TalkPal\/"],"description":"Talkpal is a language learning web and mobile education app, powered by the latest AI technologies, that provides engaging experiences to its customers in many different languages to help them improve their language skills. Users can chat about unlimited amount of topics with the app and use other modes to practice their language learning.","email":"support@talkpal.ai","legalName":"Talkpal, Inc.","foundingDate":"2023-04-03","duns":"118989042","numberOfEmployees":{"@type":"QuantitativeValue","minValue":"11","maxValue":"50"},"publishingPrinciples":"https:\/\/talkpal.ai\/publishing-principles\/","actionableFeedbackPolicy":"https:\/\/talkpal.ai\/actionable-feedback-policy\/","correctionsPolicy":"https:\/\/talkpal.ai\/corrections-policy\/","ethicsPolicy":"https:\/\/talkpal.ai\/ethics-policy\/","diversityPolicy":"https:\/\/talkpal.ai\/diversity-policy\/","diversityStaffingReport":"https:\/\/talkpal.ai\/diversity-policy\/"}]}},"_links":{"self":[{"href":"https:\/\/talkpal.ai\/cs\/wp-json\/wp\/v2\/pages\/166625","targetHints":{"allow":["GET"]}}],"collection":[{"href":"https:\/\/talkpal.ai\/cs\/wp-json\/wp\/v2\/pages"}],"about":[{"href":"https:\/\/talkpal.ai\/cs\/wp-json\/wp\/v2\/types\/page"}],"author":[{"embeddable":true,"href":"https:\/\/talkpal.ai\/cs\/wp-json\/wp\/v2\/users\/6"}],"replies":[{"embeddable":true,"href":"https:\/\/talkpal.ai\/cs\/wp-json\/wp\/v2\/comments?post=166625"}],"version-history":[{"count":0,"href":"https:\/\/talkpal.ai\/cs\/wp-json\/wp\/v2\/pages\/166625\/revisions"}],"wp:featuredmedia":[{"embeddable":true,"href":"https:\/\/talkpal.ai\/cs\/wp-json\/wp\/v2\/media\/108006"}],"wp:attachment":[{"href":"https:\/\/talkpal.ai\/cs\/wp-json\/wp\/v2\/media?parent=166625"}],"curies":[{"name":"wp","href":"https:\/\/api.w.org\/{rel}","templated":true}]}}