{"id":166255,"date":"2023-06-16T11:31:43","date_gmt":"2023-06-16T11:31:43","guid":{"rendered":"http:\/\/talkpal.ai\/armenska-gramaticka-cviceni\/"},"modified":"2025-05-22T19:40:34","modified_gmt":"2025-05-22T19:40:34","slug":"armenska-gramaticka-cviceni","status":"publish","type":"page","link":"https:\/\/talkpal.ai\/cs\/armenska-gramaticka-cviceni\/","title":{"rendered":"Arm\u00e9nsk\u00e1 gramatick\u00e1 cvi\u010den\u00ed"},"content":{"rendered":"\r\n\r\n\r\n<section class=\"languageChallengeSection\">\r\n    <div class=\"languageInfoWrapper\">\r\n        \r\n        <h1>Arm\u00e9nsk\u00e1 gramatick\u00e1 cvi\u010den\u00ed<\/h1>\r\n        <p>Poj\u010fme se sezn\u00e1mit s arm\u00e9nskou gramatikou pomoc\u00ed n\u011bkolika snadn\u00fdch a z\u00e1bavn\u00fdch cvi\u010den\u00ed! Tyto aktivity v\u00e1m pomohou osvojit si z\u00e1klady a poskytnou v\u00e1m skv\u011bl\u00fd za\u010d\u00e1tek va\u0161\u00ed cesty za pozn\u00e1n\u00edm.<\/p>\r\n\r\n                            <a class=\"getStartedHidden\" href=\"https:\/\/app.talkpal.ai\/cs\/signup?lng=\">Za\u010dni<\/a>\r\n        \r\n    <\/div>\r\n\r\n    <figure>\r\n    <img decoding=\"async\" width=\"768\" height=\"768\" src=\"https:\/\/talkpal.ai\/wp-content\/uploads\/2023\/06\/armenian-768x768.png\" class=\"languageImage no-lazy\" alt=\"Language learning for higher cognition\" fetchpriority=\"high\" sizes=\"(max-width: 768px) 150px, 768px\" srcset=\"https:\/\/talkpal.ai\/wp-content\/uploads\/2023\/06\/armenian-768x768.png 768w, https:\/\/talkpal.ai\/wp-content\/uploads\/2023\/06\/armenian-300x300.png 300w\" \/>\r\n    \r\n\r\n    <\/figure>\r\n\r\n            <a class=\"getStartedVisible\" href=\"https:\/\/app.talkpal.ai\/cs\/signup?lng=\">Za\u010dni<\/a>\r\n    \r\n<\/section>\r\n\r\n\r\n<!-- <section class=\"grammarSection\">\r\n    <div class=\"grammarLinks\">\r\n            <\/div>\r\n<\/section> -->\r\n\r\n\r\n\r\n\r\n<section class=\"promotionalBanner\">\r\n    <p class=\"promotionalText\">Nejefektivn\u011bj\u0161\u00ed <a href=\"https:\/\/talkpal.ai\/best-way-to-learn\/\">zp\u016fsob<\/a>, jak se nau\u010dit jazyk<\/p>\r\n    <a class=\"promotionalLink\" href=\"https:\/\/app.talkpal.ai\/cs\/signup?lng=\">Vyzkou\u0161ejte Talkpal zdarma<\/a>\r\n<\/section>\n<div class=\"wp-block-group pageContainerStyle\"><div class=\"wp-block-group__inner-container is-layout-constrained wp-block-group-is-layout-constrained\">\n<h2 class=\"wp-block-heading\" id=\"h-armenian-grammar-topics\">T\u00e9mata arm\u00e9nsk\u00e9 gramatiky<\/h2>\n\n\n\n<p><a href=\"https:\/\/talkpal.ai\/learn-armenian\/\">Arm\u00e9n\u0161tina<\/a> je indoevropsk\u00fd jazyk, kter\u00fdm se mluv\u00ed p\u0159edev\u0161\u00edm v Arm\u00e9nsk\u00e9 republice a arm\u00e9nskou diasporou po cel\u00e9m sv\u011bt\u011b. D\u00edky dlouh\u00e9 historii a jedine\u010dn\u00e9mu syst\u00e9mu psan\u00ed nab\u00edz\u00ed <a href=\"https:\/\/talkpal.ai\/learn-armenian\/\">arm\u00e9n\u0161tina<\/a> student\u016fm jazyk\u016f fascinuj\u00edc\u00ed jazykov\u00fd z\u00e1\u017eitek. Stejn\u011b jako u ka\u017ed\u00e9ho jazyka je znalost gramatiky nezbytnou sou\u010d\u00e1st\u00ed zvl\u00e1dnut\u00ed arm\u00e9n\u0161tiny. Tato p\u0159\u00edru\u010dka poskytuje p\u0159ehled kl\u00ed\u010dov\u00fdch t\u00e9mat arm\u00e9nsk\u00e9 gramatiky, kter\u00e1 v\u00e1m pomohou z\u00edskat pevn\u00e9 z\u00e1klady v jazyce. Dodr\u017eov\u00e1n\u00edm navrhovan\u00e9ho po\u0159ad\u00ed t\u00e9mat se budete moci u\u010dit arm\u00e9nsky efektivn\u011bji a efektivn\u011bji.<\/p>\n\n\n\n<h3 class=\"wp-block-heading\" id=\"h-1-nouns\">1. Podstatn\u00e1 jm\u00e9na:<\/h3>\n\n\n\n<p>Za\u010dn\u011bte svou cestu arm\u00e9nsk\u00e9 gramatiky podstatn\u00fdmi jm\u00e9ny, kter\u00e1 jsou p\u00e1te\u0159\u00ed ka\u017ed\u00e9ho jazyka. Seznamte se s arm\u00e9nsk\u00fdmi t\u0159\u00eddami podstatn\u00fdch jmen (b\u011b\u017en\u00e9 a vlastn\u00ed), sklo\u0148ov\u00e1n\u00edm a p\u00e1dy (nominativ, genitiv, dativ, akuzativ, ablativem, instrument\u00e1lem a lokativem). Pochopen\u00ed toho, jak podstatn\u00e1 jm\u00e9na funguj\u00ed v arm\u00e9n\u0161tin\u011b, poskytne pevn\u00fd z\u00e1klad pro stavbu v\u011bt.<\/p>\n\n\n\n<h3 class=\"wp-block-heading\" id=\"h-2-articles\">2. \u010cl\u00e1nky:<\/h3>\n\n\n\n<p>Arm\u00e9n\u0161tina m\u00e1 ur\u010dit\u00e9 a neur\u010dit\u00e9 \u010dleny, podobn\u011b jako <a href=\"https:\/\/talkpal.ai\/learn-english-with-ai\/\">angli\u010dtina<\/a>. Nau\u010dte se, jak je spr\u00e1vn\u011b pou\u017e\u00edvat s podstatn\u00fdmi jm\u00e9ny, abyste nazna\u010dili specifi\u010dnost a vytvo\u0159ili souvisl\u00e9 v\u011bty.<\/p>\n\n\n\n<h3 class=\"wp-block-heading\" id=\"h-3-adjectives\">3. P\u0159\u00eddavn\u00e1 jm\u00e9na:<\/h3>\n\n\n\n<p>P\u0159\u00eddavn\u00e1 jm\u00e9na jsou nezbytn\u00e1 pro popis podstatn\u00fdch jmen. Prostudujte si pravidla pro pou\u017e\u00edv\u00e1n\u00ed p\u0159\u00eddavn\u00fdch jmen v arm\u00e9n\u0161tin\u011b, v\u010detn\u011b shody s podstatn\u00fdmi jm\u00e9ny v rod\u011b, \u010d\u00edsle a p\u00e1du.<\/p>\n\n\n\n<h3 class=\"wp-block-heading\" id=\"h-4-pronouns-determiners\">4. Z\u00e1jmena\/determinanty:<\/h3>\n\n\n\n<p>Z\u00e1jmena nahrazuj\u00ed podstatn\u00e1 jm\u00e9na ve v\u011bt\u00e1ch, zat\u00edmco determinanty je specifikuj\u00ed a kvantifikuj\u00ed. Seznamte se s r\u016fzn\u00fdmi typy z\u00e1jmen (osobn\u00ed, p\u0159ivlast\u0148ovac\u00ed, ukazovac\u00ed, vzta\u017en\u00e1, t\u00e1zac\u00ed, reflexivn\u00ed) a determinanty v arm\u00e9n\u0161tin\u011b a jejich pou\u017eit\u00edm.<\/p>\n\n\n\n<h3 class=\"wp-block-heading\" id=\"h-5-verbs\">5. Slovesa:<\/h3>\n\n\n\n<p>Slovesa jsou d\u011bjov\u00e1 slova jazyka. Seznamte se s arm\u00e9nsk\u00fdm \u010dasov\u00e1n\u00edm sloves, pravideln\u00fdmi a nepravideln\u00fdmi slovesy a r\u016fzn\u00fdmi slovesn\u00fdmi tvary (infinitiv, rozkazovac\u00ed zp\u016fsob, <a href=\"https:\/\/talkpal.ai\/ja\/grammar_exercises\/konjunktiv-%e3%83%89%e3%82%a4%e3%83%84%e6%96%87%e6%b3%95%e3%81%ae%e6%bc%94%e7%bf%92\/\">konjunktiv<\/a>).<\/p>\n\n\n\n<h3 class=\"wp-block-heading\" id=\"h-6-tenses\">6. \u010casy:<\/h3>\n\n\n\n<p>Arm\u00e9n\u0161tina m\u00e1 \u010dty\u0159i slovesn\u00e9 \u010dasy: p\u0159\u00edtomn\u00fd, minul\u00fd, budouc\u00ed a aorist. Prostudujte si tvo\u0159en\u00ed a pou\u017e\u00edv\u00e1n\u00ed jednotliv\u00fdch \u010das\u016f a rozd\u00edly mezi jednoduch\u00fdmi a pr\u016fb\u011bhov\u00fdmi tvary.<\/p>\n\n\n\n<h3 class=\"wp-block-heading\" id=\"h-7-tense-comparison\">7. Srovn\u00e1n\u00ed \u010das\u016f:<\/h3>\n\n\n\n<p>Pochopen\u00ed nuanc\u00ed mezi r\u016fzn\u00fdmi \u010dasy je nezbytn\u00e9 pro efektivn\u00ed komunikaci. Nau\u010dte se porovn\u00e1vat arm\u00e9nsk\u00e9 \u010dasy, abyste p\u0159esn\u011b vyj\u00e1d\u0159ili zam\u00fd\u0161len\u00fd v\u00fdznam.<\/p>\n\n\n\n<h3 class=\"wp-block-heading\" id=\"h-8-progressive\">8. Progresivn\u00ed:<\/h3>\n\n\n\n<p>Progresivn\u00ed aspekt v arm\u00e9n\u0161tin\u011b nazna\u010duje prob\u00edhaj\u00edc\u00ed akce. Nau\u010dte se tvo\u0159it a pou\u017e\u00edvat pr\u016fb\u011bhov\u00fd vid v r\u016fzn\u00fdch \u010dasech.<\/p>\n\n\n\n<h3 class=\"wp-block-heading\" id=\"h-9-perfect-progressive\">9. Perfektn\u00ed progresivn\u00ed:<\/h3>\n\n\n\n<p>Dokonal\u00fd pokrok kombinuje dokonal\u00e9 a progresivn\u00ed aspekty a ozna\u010duje \u010dinnost, kter\u00e1 za\u010dala v minulosti a pokra\u010duje v p\u0159\u00edtomnosti. Nau\u010dte se jeho vznik a pou\u017eit\u00ed v arm\u00e9n\u0161tin\u011b.<\/p>\n\n\n\n<h3 class=\"wp-block-heading\" id=\"h-10-adverbs\">10. P\u0159\u00edslovce:<\/h3>\n\n\n\n<p>P\u0159\u00edslovce modifikuj\u00ed slovesa, p\u0159\u00eddavn\u00e1 jm\u00e9na a dal\u0161\u00ed p\u0159\u00edslovce a poskytuj\u00ed dal\u0161\u00ed informace o d\u011bj\u00edch nebo vlastnostech. Studujte r\u016fzn\u00e9 typy p\u0159\u00edslovc\u00ed v arm\u00e9n\u0161tin\u011b a jejich um\u00edst\u011bn\u00ed ve v\u011bt\u00e1ch.<\/p>\n\n\n\n<h3 class=\"wp-block-heading\" id=\"h-11-prepositions\">11. P\u0159edlo\u017eky:<\/h3>\n\n\n\n<p>P\u0159edlo\u017eky v arm\u00e9n\u0161tin\u011b jsou nezbytn\u00e9 pro ozna\u010den\u00ed vztah\u016f mezi slovy, jako je m\u00edsto, sm\u011br, \u010das a p\u0159\u00ed\u010dina. Nau\u010dte se nejb\u011b\u017en\u011bj\u0161\u00ed arm\u00e9nsk\u00e9 p\u0159edlo\u017eky a jejich pou\u017eit\u00ed.<\/p>\n\n\n\n<h3 class=\"wp-block-heading\" id=\"h-12-conditionals\">12. Podm\u00ednkov\u00e9 v\u011bty:<\/h3>\n\n\n\n<p>Podmi\u0148ovac\u00ed zp\u016fsob vyjad\u0159uje hypotetick\u00e9 situace a jejich mo\u017en\u00e9 v\u00fdsledky. Studujte r\u016fzn\u00e9 typy kondicion\u00e1l\u016f v arm\u00e9n\u0161tin\u011b (nula, prvn\u00ed, druh\u00e1 a t\u0159et\u00ed) a jejich odpov\u00eddaj\u00edc\u00ed slovesn\u00e9 tvary.<\/p>\n\n\n\n<h3 class=\"wp-block-heading\" id=\"h-13-sentences\">13. V\u011bty:<\/h3>\n\n\n\n<p>Nakonec spojte v\u0161echny gramatick\u00e9 prvky dohromady a vytvo\u0159te cel\u00e9 v\u011bty v arm\u00e9n\u0161tin\u011b. Seznamte se s r\u016fzn\u00fdmi v\u011btn\u00fdmi strukturami, slovosledem a pravidly interpunkce.<\/p>\n<\/div><\/div>\n\r\n<section class=\"learnNavigationSection\">\r\n            \r\n        <a href=\"https:\/\/talkpal.ai\/cs\/naucte-se-armensky\/\">\r\n            <div class=\"learnNavigationWrapper\">\r\n                <div class=\"learnNavigationContent\">\r\n                    <img decoding=\"async\" src=\"https:\/\/talkpal.ai\/wp-content\/uploads\/2024\/08\/Armenian.jpg\" alt=\"Armenian Flag\">\r\n                    <div>\r\n                        <h4>O arm\u00e9nsk\u00e9m vzd\u011bl\u00e1v\u00e1n\u00ed<\/h4>\r\n                        <p>Zjist\u011bte v\u0161e o arm\u00e9nsk\u00e9 gramatice.<\/p>\r\n                    <\/div>\r\n                <\/div>\r\n            <\/div>\r\n        <\/a>\r\n\r\n        \r\n        <a href=\"https:\/\/talkpal.ai\/cs\/armenska-gramatika\/\">\r\n            <div class=\"learnNavigationWrapper\">\r\n                <div class=\"learnNavigationContent\">\r\n                    <img decoding=\"async\" src=\"https:\/\/talkpal.ai\/wp-content\/uploads\/2024\/08\/Armenian.jpg\" alt=\"Armenian Flag\">\r\n                    <div>\r\n                        <h4>Lekce arm\u00e9nsk\u00e9 gramatiky<\/h4>\r\n                        <p>Procvi\u010dte si arm\u00e9nskou gramatiku.<\/p>\r\n                    <\/div>\r\n                <\/div>\r\n            <\/div>\r\n        <\/a>\r\n\r\n        \r\n        <a href=\"https:\/\/talkpal.ai\/vocabulary_language\/armenian\/\">\r\n            <div class=\"learnNavigationWrapper\">\r\n                <div class=\"learnNavigationContent\">\r\n                    <img decoding=\"async\" src=\"https:\/\/talkpal.ai\/wp-content\/uploads\/2024\/08\/Armenian.jpg\" alt=\"Armenian Flag\">\r\n                    <div>\r\n                        <h4>Arm\u00e9nsk\u00e1 slovn\u00ed z\u00e1soba<\/h4>\r\n                        <p>Roz\u0161i\u0159te si slovn\u00ed z\u00e1sobu arm\u00e9n\u0161tiny.<\/p>\r\n                    <\/div>\r\n                <\/div>\r\n            <\/div>\r\n        <\/a>\r\n\r\n            <\/section>","protected":false},"excerpt":{"rendered":"<p>T\u00e9mata arm\u00e9nsk\u00e9 gramatiky Arm\u00e9n\u0161tina je indoevropsk\u00fd jazyk, kter\u00fdm se mluv\u00ed p\u0159edev\u0161\u00edm v Arm\u00e9nsk\u00e9 republice a arm\u00e9nskou diasporou po cel\u00e9m sv\u011bt\u011b. D\u00edky dlouh\u00e9 historii a jedine\u010dn\u00e9mu syst\u00e9mu psan\u00ed nab\u00edz\u00ed arm\u00e9n\u0161tina student\u016fm jazyk\u016f fascinuj\u00edc\u00ed jazykov\u00fd z\u00e1\u017eitek. Stejn\u011b jako u ka\u017ed\u00e9ho jazyka je znalost gramatiky nezbytnou sou\u010d\u00e1st\u00ed zvl\u00e1dnut\u00ed arm\u00e9n\u0161tiny. Tato p\u0159\u00edru\u010dka poskytuje p\u0159ehled kl\u00ed\u010dov\u00fdch t\u00e9mat arm\u00e9nsk\u00e9 gramatiky, kter\u00e1 [&hellip;]<\/p>\n","protected":false},"author":6,"featured_media":109087,"parent":0,"menu_order":0,"comment_status":"closed","ping_status":"closed","template":"LearningContentPage.php","meta":{"_acf_changed":false,"footnotes":""},"class_list":["post-166255","page","type-page","status-publish","has-post-thumbnail","hentry"],"acf":[],"yoast_head":"<!-- This site is optimized with the Yoast SEO Premium plugin v27.2 (Yoast SEO v27.2) - https:\/\/yoast.com\/product\/yoast-seo-premium-wordpress\/ -->\n<title>Arm\u00e9nsk\u00e1 gramatick\u00e1 cvi\u010den\u00ed - Talkpal<\/title>\n<meta name=\"description\" content=\"Zvl\u00e1dn\u011bte arm\u00e9nskou gramatiku pomoc\u00ed poutav\u00fdch cvi\u010den\u00ed arm\u00e9nsk\u00e9 gramatiky p\u0159izp\u016fsoben\u00fdch podle Talkpal, va\u0161eho jazykov\u00e9ho u\u010ditele s um\u011blou inteligenc\u00ed.\" \/>\n<meta name=\"robots\" content=\"index, follow, max-snippet:-1, max-image-preview:large, max-video-preview:-1\" \/>\n<link rel=\"canonical\" href=\"https:\/\/talkpal.ai\/cs\/armenska-gramaticka-cviceni\/\" \/>\n<meta property=\"og:locale\" content=\"cs_CZ\" \/>\n<meta property=\"og:type\" content=\"article\" \/>\n<meta property=\"og:title\" content=\"Arm\u00e9nsk\u00e1 gramatick\u00e1 cvi\u010den\u00ed\" \/>\n<meta property=\"og:description\" content=\"T\u00e9mata arm\u00e9nsk\u00e9 gramatiky Arm\u00e9n\u0161tina je indoevropsk\u00fd jazyk, kter\u00fdm se mluv\u00ed p\u0159edev\u0161\u00edm v Arm\u00e9nsk\u00e9 republice a arm\u00e9nskou diasporou po cel\u00e9m sv\u011bt\u011b. D\u00edky\" \/>\n<meta property=\"og:url\" content=\"https:\/\/talkpal.ai\/cs\/armenska-gramaticka-cviceni\/\" \/>\n<meta property=\"og:site_name\" content=\"Talkpal\" \/>\n<meta property=\"article:publisher\" content=\"https:\/\/www.facebook.com\/profile.php?id=100090733639311\" \/>\n<meta property=\"article:modified_time\" content=\"2025-05-22T19:40:34+00:00\" \/>\n<meta property=\"og:image\" content=\"https:\/\/talkpal.ai\/wp-content\/uploads\/2023\/05\/armenia.png\" \/>\n\t<meta property=\"og:image:width\" content=\"512\" \/>\n\t<meta property=\"og:image:height\" content=\"512\" \/>\n\t<meta property=\"og:image:type\" content=\"image\/png\" \/>\n<meta name=\"twitter:card\" content=\"summary_large_image\" \/>\n<meta name=\"twitter:site\" content=\"@talkpalai\" \/>\n<meta name=\"twitter:label1\" content=\"Odhadovan\u00e1 doba \u010dten\u00ed\" \/>\n\t<meta name=\"twitter:data1\" content=\"3 minuty\" \/>\n<script type=\"application\/ld+json\" class=\"yoast-schema-graph\">{\"@context\":\"https:\/\/schema.org\",\"@graph\":[{\"@type\":\"WebPage\",\"@id\":\"https:\/\/talkpal.ai\/cs\/armenska-gramaticka-cviceni\/\",\"url\":\"https:\/\/talkpal.ai\/cs\/armenska-gramaticka-cviceni\/\",\"name\":\"Arm\u00e9nsk\u00e1 gramatick\u00e1 cvi\u010den\u00ed - Talkpal\",\"isPartOf\":{\"@id\":\"https:\/\/talkpal.ai\/cs\/#website\"},\"primaryImageOfPage\":{\"@id\":\"https:\/\/talkpal.ai\/cs\/armenska-gramaticka-cviceni\/#primaryimage\"},\"image\":{\"@id\":\"https:\/\/talkpal.ai\/cs\/armenska-gramaticka-cviceni\/#primaryimage\"},\"thumbnailUrl\":\"https:\/\/talkpal.ai\/wp-content\/uploads\/2023\/05\/armenia.png\",\"datePublished\":\"2023-06-16T11:31:43+00:00\",\"dateModified\":\"2025-05-22T19:40:34+00:00\",\"description\":\"Zvl\u00e1dn\u011bte arm\u00e9nskou gramatiku pomoc\u00ed poutav\u00fdch cvi\u010den\u00ed arm\u00e9nsk\u00e9 gramatiky p\u0159izp\u016fsoben\u00fdch podle Talkpal, va\u0161eho jazykov\u00e9ho u\u010ditele s um\u011blou inteligenc\u00ed.\",\"breadcrumb\":{\"@id\":\"https:\/\/talkpal.ai\/cs\/armenska-gramaticka-cviceni\/#breadcrumb\"},\"inLanguage\":\"cs\",\"potentialAction\":[{\"@type\":\"ReadAction\",\"target\":[\"https:\/\/talkpal.ai\/cs\/armenska-gramaticka-cviceni\/\"]}]},{\"@type\":\"ImageObject\",\"inLanguage\":\"cs\",\"@id\":\"https:\/\/talkpal.ai\/cs\/armenska-gramaticka-cviceni\/#primaryimage\",\"url\":\"https:\/\/talkpal.ai\/wp-content\/uploads\/2023\/05\/armenia.png\",\"contentUrl\":\"https:\/\/talkpal.ai\/wp-content\/uploads\/2023\/05\/armenia.png\",\"width\":512,\"height\":512},{\"@type\":\"BreadcrumbList\",\"@id\":\"https:\/\/talkpal.ai\/cs\/armenska-gramaticka-cviceni\/#breadcrumb\",\"itemListElement\":[{\"@type\":\"ListItem\",\"position\":1,\"name\":\"Homepage\",\"item\":\"https:\/\/talkpal.ai\/cs\/\"},{\"@type\":\"ListItem\",\"position\":2,\"name\":\"Arm\u00e9nsk\u00e1 gramatick\u00e1 cvi\u010den\u00ed\"}]},{\"@type\":\"WebSite\",\"@id\":\"https:\/\/talkpal.ai\/cs\/#website\",\"url\":\"https:\/\/talkpal.ai\/cs\/\",\"name\":\"Talkpal\",\"description\":\"AI Language Learning\",\"publisher\":{\"@id\":\"https:\/\/talkpal.ai\/cs\/#organization\"},\"alternateName\":\"Talkpal AI\",\"potentialAction\":[{\"@type\":\"SearchAction\",\"target\":{\"@type\":\"EntryPoint\",\"urlTemplate\":\"https:\/\/talkpal.ai\/cs\/?s={search_term_string}\"},\"query-input\":{\"@type\":\"PropertyValueSpecification\",\"valueRequired\":true,\"valueName\":\"search_term_string\"}}],\"inLanguage\":\"cs\"},{\"@type\":\"Organization\",\"@id\":\"https:\/\/talkpal.ai\/cs\/#organization\",\"name\":\"Talkpal, Inc.\",\"alternateName\":\"Talkpal AI\",\"url\":\"https:\/\/talkpal.ai\/cs\/\",\"logo\":{\"@type\":\"ImageObject\",\"inLanguage\":\"cs\",\"@id\":\"https:\/\/talkpal.ai\/cs\/#\/schema\/logo\/image\/\",\"url\":\"https:\/\/talkpal.ai\/wp-content\/uploads\/2024\/03\/Talkpal-Logo-Icon.png\",\"contentUrl\":\"https:\/\/talkpal.ai\/wp-content\/uploads\/2024\/03\/Talkpal-Logo-Icon.png\",\"width\":2880,\"height\":2880,\"caption\":\"Talkpal, Inc.\"},\"image\":{\"@id\":\"https:\/\/talkpal.ai\/cs\/#\/schema\/logo\/image\/\"},\"sameAs\":[\"https:\/\/www.facebook.com\/profile.php?id=100090733639311\",\"https:\/\/x.com\/talkpalai\",\"https:\/\/www.linkedin.com\/company\/talkpal\/\",\"https:\/\/www.youtube.com\/@TalkPal\/\",\"https:\/\/www.tiktok.com\/@talkpal\",\"https:\/\/www.instagram.com\/talkpal_ai\/\",\"https:\/\/www.crunchbase.com\/organization\/talkpal-9cde\",\"https:\/\/www.g2.com\/products\/talkpal-for-business\/\",\"https:\/\/www.trustpilot.com\/review\/talkpal.ai\",\"https:\/\/www.capterra.com\/p\/10006800\/TalkPal\/\"],\"description\":\"Talkpal is a language learning web and mobile education app, powered by the latest AI technologies, that provides engaging experiences to its customers in many different languages to help them improve their language skills. Users can chat about unlimited amount of topics with the app and use other modes to practice their language learning.\",\"email\":\"support@talkpal.ai\",\"legalName\":\"Talkpal, Inc.\",\"foundingDate\":\"2023-04-03\",\"duns\":\"118989042\",\"numberOfEmployees\":{\"@type\":\"QuantitativeValue\",\"minValue\":\"11\",\"maxValue\":\"50\"},\"publishingPrinciples\":\"https:\/\/talkpal.ai\/publishing-principles\/\",\"actionableFeedbackPolicy\":\"https:\/\/talkpal.ai\/actionable-feedback-policy\/\",\"correctionsPolicy\":\"https:\/\/talkpal.ai\/corrections-policy\/\",\"ethicsPolicy\":\"https:\/\/talkpal.ai\/ethics-policy\/\",\"diversityPolicy\":\"https:\/\/talkpal.ai\/diversity-policy\/\",\"diversityStaffingReport\":\"https:\/\/talkpal.ai\/diversity-policy\/\"}]}<\/script>\n<!-- \/ Yoast SEO Premium plugin. -->","yoast_head_json":{"title":"Arm\u00e9nsk\u00e1 gramatick\u00e1 cvi\u010den\u00ed - Talkpal","description":"Zvl\u00e1dn\u011bte arm\u00e9nskou gramatiku pomoc\u00ed poutav\u00fdch cvi\u010den\u00ed arm\u00e9nsk\u00e9 gramatiky p\u0159izp\u016fsoben\u00fdch podle Talkpal, va\u0161eho jazykov\u00e9ho u\u010ditele s um\u011blou inteligenc\u00ed.","robots":{"index":"index","follow":"follow","max-snippet":"max-snippet:-1","max-image-preview":"max-image-preview:large","max-video-preview":"max-video-preview:-1"},"canonical":"https:\/\/talkpal.ai\/cs\/armenska-gramaticka-cviceni\/","og_locale":"cs_CZ","og_type":"article","og_title":"Arm\u00e9nsk\u00e1 gramatick\u00e1 cvi\u010den\u00ed","og_description":"T\u00e9mata arm\u00e9nsk\u00e9 gramatiky Arm\u00e9n\u0161tina je indoevropsk\u00fd jazyk, kter\u00fdm se mluv\u00ed p\u0159edev\u0161\u00edm v Arm\u00e9nsk\u00e9 republice a arm\u00e9nskou diasporou po cel\u00e9m sv\u011bt\u011b. D\u00edky","og_url":"https:\/\/talkpal.ai\/cs\/armenska-gramaticka-cviceni\/","og_site_name":"Talkpal","article_publisher":"https:\/\/www.facebook.com\/profile.php?id=100090733639311","article_modified_time":"2025-05-22T19:40:34+00:00","og_image":[{"width":512,"height":512,"url":"https:\/\/talkpal.ai\/wp-content\/uploads\/2023\/05\/armenia.png","type":"image\/png"}],"twitter_card":"summary_large_image","twitter_site":"@talkpalai","twitter_misc":{"Odhadovan\u00e1 doba \u010dten\u00ed":"3 minuty"},"schema":{"@context":"https:\/\/schema.org","@graph":[{"@type":"WebPage","@id":"https:\/\/talkpal.ai\/cs\/armenska-gramaticka-cviceni\/","url":"https:\/\/talkpal.ai\/cs\/armenska-gramaticka-cviceni\/","name":"Arm\u00e9nsk\u00e1 gramatick\u00e1 cvi\u010den\u00ed - Talkpal","isPartOf":{"@id":"https:\/\/talkpal.ai\/cs\/#website"},"primaryImageOfPage":{"@id":"https:\/\/talkpal.ai\/cs\/armenska-gramaticka-cviceni\/#primaryimage"},"image":{"@id":"https:\/\/talkpal.ai\/cs\/armenska-gramaticka-cviceni\/#primaryimage"},"thumbnailUrl":"https:\/\/talkpal.ai\/wp-content\/uploads\/2023\/05\/armenia.png","datePublished":"2023-06-16T11:31:43+00:00","dateModified":"2025-05-22T19:40:34+00:00","description":"Zvl\u00e1dn\u011bte arm\u00e9nskou gramatiku pomoc\u00ed poutav\u00fdch cvi\u010den\u00ed arm\u00e9nsk\u00e9 gramatiky p\u0159izp\u016fsoben\u00fdch podle Talkpal, va\u0161eho jazykov\u00e9ho u\u010ditele s um\u011blou inteligenc\u00ed.","breadcrumb":{"@id":"https:\/\/talkpal.ai\/cs\/armenska-gramaticka-cviceni\/#breadcrumb"},"inLanguage":"cs","potentialAction":[{"@type":"ReadAction","target":["https:\/\/talkpal.ai\/cs\/armenska-gramaticka-cviceni\/"]}]},{"@type":"ImageObject","inLanguage":"cs","@id":"https:\/\/talkpal.ai\/cs\/armenska-gramaticka-cviceni\/#primaryimage","url":"https:\/\/talkpal.ai\/wp-content\/uploads\/2023\/05\/armenia.png","contentUrl":"https:\/\/talkpal.ai\/wp-content\/uploads\/2023\/05\/armenia.png","width":512,"height":512},{"@type":"BreadcrumbList","@id":"https:\/\/talkpal.ai\/cs\/armenska-gramaticka-cviceni\/#breadcrumb","itemListElement":[{"@type":"ListItem","position":1,"name":"Homepage","item":"https:\/\/talkpal.ai\/cs\/"},{"@type":"ListItem","position":2,"name":"Arm\u00e9nsk\u00e1 gramatick\u00e1 cvi\u010den\u00ed"}]},{"@type":"WebSite","@id":"https:\/\/talkpal.ai\/cs\/#website","url":"https:\/\/talkpal.ai\/cs\/","name":"Talkpal","description":"AI Language Learning","publisher":{"@id":"https:\/\/talkpal.ai\/cs\/#organization"},"alternateName":"Talkpal AI","potentialAction":[{"@type":"SearchAction","target":{"@type":"EntryPoint","urlTemplate":"https:\/\/talkpal.ai\/cs\/?s={search_term_string}"},"query-input":{"@type":"PropertyValueSpecification","valueRequired":true,"valueName":"search_term_string"}}],"inLanguage":"cs"},{"@type":"Organization","@id":"https:\/\/talkpal.ai\/cs\/#organization","name":"Talkpal, Inc.","alternateName":"Talkpal AI","url":"https:\/\/talkpal.ai\/cs\/","logo":{"@type":"ImageObject","inLanguage":"cs","@id":"https:\/\/talkpal.ai\/cs\/#\/schema\/logo\/image\/","url":"https:\/\/talkpal.ai\/wp-content\/uploads\/2024\/03\/Talkpal-Logo-Icon.png","contentUrl":"https:\/\/talkpal.ai\/wp-content\/uploads\/2024\/03\/Talkpal-Logo-Icon.png","width":2880,"height":2880,"caption":"Talkpal, Inc."},"image":{"@id":"https:\/\/talkpal.ai\/cs\/#\/schema\/logo\/image\/"},"sameAs":["https:\/\/www.facebook.com\/profile.php?id=100090733639311","https:\/\/x.com\/talkpalai","https:\/\/www.linkedin.com\/company\/talkpal\/","https:\/\/www.youtube.com\/@TalkPal\/","https:\/\/www.tiktok.com\/@talkpal","https:\/\/www.instagram.com\/talkpal_ai\/","https:\/\/www.crunchbase.com\/organization\/talkpal-9cde","https:\/\/www.g2.com\/products\/talkpal-for-business\/","https:\/\/www.trustpilot.com\/review\/talkpal.ai","https:\/\/www.capterra.com\/p\/10006800\/TalkPal\/"],"description":"Talkpal is a language learning web and mobile education app, powered by the latest AI technologies, that provides engaging experiences to its customers in many different languages to help them improve their language skills. Users can chat about unlimited amount of topics with the app and use other modes to practice their language learning.","email":"support@talkpal.ai","legalName":"Talkpal, Inc.","foundingDate":"2023-04-03","duns":"118989042","numberOfEmployees":{"@type":"QuantitativeValue","minValue":"11","maxValue":"50"},"publishingPrinciples":"https:\/\/talkpal.ai\/publishing-principles\/","actionableFeedbackPolicy":"https:\/\/talkpal.ai\/actionable-feedback-policy\/","correctionsPolicy":"https:\/\/talkpal.ai\/corrections-policy\/","ethicsPolicy":"https:\/\/talkpal.ai\/ethics-policy\/","diversityPolicy":"https:\/\/talkpal.ai\/diversity-policy\/","diversityStaffingReport":"https:\/\/talkpal.ai\/diversity-policy\/"}]}},"_links":{"self":[{"href":"https:\/\/talkpal.ai\/cs\/wp-json\/wp\/v2\/pages\/166255","targetHints":{"allow":["GET"]}}],"collection":[{"href":"https:\/\/talkpal.ai\/cs\/wp-json\/wp\/v2\/pages"}],"about":[{"href":"https:\/\/talkpal.ai\/cs\/wp-json\/wp\/v2\/types\/page"}],"author":[{"embeddable":true,"href":"https:\/\/talkpal.ai\/cs\/wp-json\/wp\/v2\/users\/6"}],"replies":[{"embeddable":true,"href":"https:\/\/talkpal.ai\/cs\/wp-json\/wp\/v2\/comments?post=166255"}],"version-history":[{"count":0,"href":"https:\/\/talkpal.ai\/cs\/wp-json\/wp\/v2\/pages\/166255\/revisions"}],"wp:featuredmedia":[{"embeddable":true,"href":"https:\/\/talkpal.ai\/cs\/wp-json\/wp\/v2\/media\/109087"}],"wp:attachment":[{"href":"https:\/\/talkpal.ai\/cs\/wp-json\/wp\/v2\/media?parent=166255"}],"curies":[{"name":"wp","href":"https:\/\/api.w.org\/{rel}","templated":true}]}}