{"id":166017,"date":"2023-06-16T11:38:32","date_gmt":"2023-06-16T11:38:32","guid":{"rendered":"http:\/\/talkpal.ai\/azerbajdzanska-gramaticka-cviceni\/"},"modified":"2025-05-22T21:36:07","modified_gmt":"2025-05-22T21:36:07","slug":"azerbajdzanska-gramaticka-cviceni","status":"publish","type":"page","link":"https:\/\/talkpal.ai\/cs\/azerbajdzanska-gramaticka-cviceni\/","title":{"rendered":"\u00c1zerb\u00e1jd\u017e\u00e1nsk\u00e1 gramatick\u00e1 cvi\u010den\u00ed"},"content":{"rendered":"\r\n\r\n\r\n<section class=\"languageChallengeSection\">\r\n    <div class=\"languageInfoWrapper\">\r\n        \r\n        <h1>\u00c1zerb\u00e1jd\u017e\u00e1nsk\u00e1 gramatick\u00e1 cvi\u010den\u00ed<\/h1>\r\n        <p>Chcete zlep\u0161it sv\u00e9 znalosti \u00e1zerb\u00e1jd\u017e\u00e1n\u0161tiny? Procvi\u010dov\u00e1n\u00ed gramatick\u00fdch cvi\u010den\u00ed je ide\u00e1ln\u00ed <a href=\"https:\/\/talkpal.ai\/best-way-to-learn\/\">zp\u016fsob<\/a>, jak pochopit strukturu v\u011bty, koncovky sloves a vzorce, kter\u00e9 d\u011blaj\u00ed jazyk jedine\u010dn\u00fdm. Za\u010dn\u011bte procvi\u010dovat \u00e1zerb\u00e1jd\u017e\u00e1nskou gramatiku je\u0161t\u011b dnes a sledujte, jak s ka\u017ed\u00fdm krokem roste va\u0161e sebev\u011bdom\u00ed a plynulost!<\/p>\r\n\r\n                            <a class=\"getStartedHidden\" href=\"https:\/\/app.talkpal.ai\/cs\/signup?lng=\">Za\u010dni<\/a>\r\n        \r\n    <\/div>\r\n\r\n    <figure>\r\n    <img decoding=\"async\" width=\"768\" height=\"768\" src=\"https:\/\/talkpal.ai\/wp-content\/uploads\/2023\/06\/azerbaijani-768x768.png\" class=\"languageImage no-lazy\" alt=\"Language learning for enhanced cognitive skills\" fetchpriority=\"high\" sizes=\"(max-width: 768px) 150px, 768px\" srcset=\"https:\/\/talkpal.ai\/wp-content\/uploads\/2023\/06\/azerbaijani-768x768.png 768w, https:\/\/talkpal.ai\/wp-content\/uploads\/2023\/06\/azerbaijani-300x300.png 300w\" \/>\r\n    \r\n\r\n    <\/figure>\r\n\r\n            <a class=\"getStartedVisible\" href=\"https:\/\/app.talkpal.ai\/cs\/signup?lng=\">Za\u010dni<\/a>\r\n    \r\n<\/section>\r\n\r\n\r\n<!-- <section class=\"grammarSection\">\r\n    <div class=\"grammarLinks\">\r\n            <\/div>\r\n<\/section> -->\r\n\r\n\r\n\r\n\r\n<section class=\"promotionalBanner\">\r\n    <p class=\"promotionalText\">Nejefektivn\u011bj\u0161\u00ed zp\u016fsob, jak se nau\u010dit jazyk<\/p>\r\n    <a class=\"promotionalLink\" href=\"https:\/\/app.talkpal.ai\/cs\/signup?lng=\">Vyzkou\u0161ejte Talkpal zdarma<\/a>\r\n<\/section>\n<div class=\"wp-block-group pageContainerStyle\"><div class=\"wp-block-group__inner-container is-layout-constrained wp-block-group-is-layout-constrained\">\n<h2 class=\"wp-block-heading\" id=\"h-azerbaijani-grammar-topics\">T\u00e9mata \u00e1zerb\u00e1jd\u017e\u00e1nsk\u00e9 gramatiky<\/h2>\n\n\n\n<p><a href=\"https:\/\/talkpal.ai\/learn-azerbaijani\/\">\u00c1zerb\u00e1jd\u017e\u00e1n\u0161tina<\/a>, zn\u00e1m\u00e1 tak\u00e9 jako <a href=\"https:\/\/talkpal.ai\/learn-azerbaijani\/\">\u00e1zerb\u00e1jd\u017e\u00e1n\u0161tina<\/a>, je turkick\u00fd jazyk, kter\u00fdm se mluv\u00ed p\u0159edev\u0161\u00edm v \u00c1zerb\u00e1jd\u017e\u00e1nu a okoln\u00edch regionech. Je ofici\u00e1ln\u00edm jazykem \u00c1zerb\u00e1jd\u017e\u00e1nsk\u00e9 republiky a m\u00e1 v\u00fdznamn\u00e9 mluv\u010d\u00ed v \u00cdr\u00e1nu, Turecku, Gruzii a Rusku. Jako student \u00e1zerb\u00e1jd\u017e\u00e1n\u0161tiny je nezbytn\u00e9 porozum\u011bt z\u00e1kladn\u00edm aspekt\u016fm jazyka, jako je jeho <a href=\"https:\/\/talkpal.ai\/sq\/gramatika\/\">gramatika<\/a>, syntax a <a href=\"https:\/\/talkpal.ai\/cs\/jak-si-zlepsit-slovni-zasobu-rychle-a-efektivne\/\">slovn\u00ed z\u00e1soba<\/a>. Tato p\u0159\u00edru\u010dka v\u00e1m poskytne p\u0159ehled z\u00e1kladn\u00edch t\u00e9mat \u00e1zerb\u00e1jd\u017e\u00e1nsk\u00e9 gramatiky, seskupen\u00fdch v logick\u00e9m sledu, kter\u00fd v\u00e1m pom\u016f\u017ee nau\u010dit se jazyk efektivn\u011b a snadno.<\/p>\n\n\n\n<h3 class=\"wp-block-heading\" id=\"h-1-nouns-and-articles\">1. Podstatn\u00e1 jm\u00e9na a \u010dleny:<\/h3>\n\n\n\n<p>V \u00e1zerb\u00e1jd\u017e\u00e1n\u0161tin\u011b jsou podstatn\u00e1 jm\u00e9na stavebn\u00edmi kameny v\u011bt a pochopen\u00ed jejich pou\u017eit\u00ed je z\u00e1sadn\u00ed. Podstatn\u00e1 jm\u00e9na nemaj\u00ed rod a neexistuje neur\u010dit\u00fd \u010dlen. Ur\u010dit\u00fd \u010dlen se v\u0161ak p\u0159id\u00e1v\u00e1 jako p\u0159\u00edpona k podstatn\u00e9mu jm\u00e9nu.<\/p>\n\n\n\n<h3 class=\"wp-block-heading\" id=\"h-2-adjectives\">2. P\u0159\u00eddavn\u00e1 jm\u00e9na:<\/h3>\n\n\n\n<p>P\u0159\u00eddavn\u00e1 jm\u00e9na v \u00e1zerb\u00e1jd\u017e\u00e1n\u0161tin\u011b se pou\u017e\u00edvaj\u00ed k popisu podstatn\u00fdch jmen. V\u017edy stoj\u00ed p\u0159ed podstatn\u00fdm jm\u00e9nem, kter\u00e9 modifikuj\u00ed, a nem\u011bn\u00ed sv\u016fj tvar podle rodu nebo \u010d\u00edsla podstatn\u00e9ho jm\u00e9na.<\/p>\n\n\n\n<h3 class=\"wp-block-heading\" id=\"h-3-pronouns-determiners\">3. Z\u00e1jmena\/determinanty:<\/h3>\n\n\n\n<p>Z\u00e1jmena se pou\u017e\u00edvaj\u00ed k nahrazen\u00ed podstatn\u00fdch jmen, zat\u00edmco ur\u010duj\u00edc\u00ed \u010dleny slou\u017e\u00ed k ur\u010den\u00ed mno\u017estv\u00ed nebo ur\u010ditosti podstatn\u00e9ho jm\u00e9na. Oboj\u00ed je podstatnou sou\u010d\u00e1st\u00ed \u00e1zerb\u00e1jd\u017e\u00e1nsk\u00fdch v\u011bt.<\/p>\n\n\n\n<h3 class=\"wp-block-heading\" id=\"h-4-verbs\">4. Slovesa:<\/h3>\n\n\n\n<p>\u00c1zerb\u00e1jd\u017e\u00e1nsk\u00e1 slovesa jsou d\u011bjov\u00e1 slova jazyka. M\u011bn\u00ed svou podobu v z\u00e1vislosti na \u010dase, n\u00e1lad\u011b a hlase. Pochopen\u00ed \u010dasov\u00e1n\u00ed sloves je kl\u00ed\u010dov\u00e9 pro zvl\u00e1dnut\u00ed \u00e1zerb\u00e1jd\u017e\u00e1nsk\u00e9 gramatiky.<\/p>\n\n\n\n<h3 class=\"wp-block-heading\" id=\"h-5-tenses\">5. \u010casy:<\/h3>\n\n\n\n<p>\u00c1zerb\u00e1jd\u017e\u00e1n\u0161tina m\u00e1 \u0161est \u010das\u016f &#8211; p\u0159\u00edtomn\u00fd, minul\u00fd, budouc\u00ed, p\u0159\u00edtomn\u00fd pr\u016fb\u011bhov\u00fd, minul\u00fd pr\u016fb\u011bhov\u00fd a budouc\u00ed pr\u016fb\u011bhov\u00fd. Ka\u017ed\u00fd \u010das m\u00e1 sv\u00e1 pravidla \u010dasov\u00e1n\u00ed a pou\u017e\u00edv\u00e1 se k vyj\u00e1d\u0159en\u00ed d\u011bj\u016f nebo stav\u016f v r\u016fzn\u00fdch \u010dasech.<\/p>\n\n\n\n<h3 class=\"wp-block-heading\" id=\"h-6-tense-comparison\">6. Srovn\u00e1n\u00ed \u010das\u016f:<\/h3>\n\n\n\n<p>Porovn\u00e1v\u00e1n\u00ed \u010das\u016f v \u00e1zerb\u00e1jd\u017e\u00e1n\u0161tin\u011b v\u00e1m pom\u016f\u017ee pochopit rozd\u00edly ve vyjad\u0159ov\u00e1n\u00ed \u010dasu a \u010din\u016f. Je to kl\u00ed\u010dov\u00e1 dovednost pro efektivn\u00ed komunikaci.<\/p>\n\n\n\n<h3 class=\"wp-block-heading\" id=\"h-7-progressive\">7. Progresivn\u00ed:<\/h3>\n\n\n\n<p>Progresivn\u00ed aspekt se v \u00e1zerb\u00e1jd\u017e\u00e1n\u0161tin\u011b pou\u017e\u00edv\u00e1 k popisu prob\u00edhaj\u00edc\u00edch akc\u00ed. Tvo\u0159\u00ed se pomoc\u00ed pomocn\u00fdch sloves a je nezbytn\u00fd pro pochopen\u00ed toku ud\u00e1lost\u00ed ve v\u011bt\u011b.<\/p>\n\n\n\n<h3 class=\"wp-block-heading\" id=\"h-8-perfect-progressive\">8. Perfektn\u00ed progresivn\u00ed:<\/h3>\n\n\n\n<p>Perfektum progresivn\u00ed \u010dasy se pou\u017e\u00edvaj\u00ed k popisu d\u011bj\u016f, kter\u00e9 za\u010daly v minulosti a pokra\u010duj\u00ed a\u017e do sou\u010dasnosti nebo budoucnosti. Kombinuj\u00ed dokonal\u00e9 a progresivn\u00ed aspekty a jsou nezbytn\u00e9 pro vyj\u00e1d\u0159en\u00ed slo\u017eit\u00fdch akc\u00ed.<\/p>\n\n\n\n<h3 class=\"wp-block-heading\" id=\"h-9-adverbs\">9. P\u0159\u00edslovce:<\/h3>\n\n\n\n<p>P\u0159\u00edslovce v \u00e1zerb\u00e1jd\u017e\u00e1n\u0161tin\u011b se pou\u017e\u00edvaj\u00ed k \u00faprav\u011b sloves, p\u0159\u00eddavn\u00fdch jmen nebo jin\u00fdch p\u0159\u00edslovc\u00ed. Poskytuj\u00ed dal\u0161\u00ed informace o akc\u00edch nebo stavech a jsou nezbytn\u00e9 pro vytv\u00e1\u0159en\u00ed p\u0159esn\u011bj\u0161\u00edch a popisn\u011bj\u0161\u00edch v\u011bt.<\/p>\n\n\n\n<h3 class=\"wp-block-heading\" id=\"h-10-conditionals\">10. Kondicion\u00e1ly:<\/h3>\n\n\n\n<p>Podmi\u0148ovac\u00ed zp\u016fsob se pou\u017e\u00edv\u00e1 k vyj\u00e1d\u0159en\u00ed hypotetick\u00fdch situac\u00ed a jejich mo\u017en\u00fdch d\u016fsledk\u016f. Jsou nezbytn\u00e9 pro vyjad\u0159ov\u00e1n\u00ed nejistot a vytv\u00e1\u0159en\u00ed p\u0159edpov\u011bd\u00ed v \u00e1zerb\u00e1jd\u017e\u00e1n\u0161tin\u011b.<\/p>\n\n\n\n<h3 class=\"wp-block-heading\" id=\"h-11-prepositions\">11. P\u0159edlo\u017eky:<\/h3>\n\n\n\n<p>P\u0159edlo\u017eky se pou\u017e\u00edvaj\u00ed k vyj\u00e1d\u0159en\u00ed vztah\u016f mezi podstatn\u00fdmi jm\u00e9ny nebo z\u00e1jmeny a jin\u00fdmi slovy ve v\u011bt\u011b. Jsou nezbytn\u00e9 pro vyj\u00e1d\u0159en\u00ed prostorov\u00fdch, \u010dasov\u00fdch a logick\u00fdch vztah\u016f v \u00e1zerb\u00e1jd\u017e\u00e1n\u0161tin\u011b.<\/p>\n\n\n\n<h3 class=\"wp-block-heading\" id=\"h-12-sentences\">12. V\u011bty:<\/h3>\n\n\n\n<p>\u00c1zerb\u00e1jd\u017e\u00e1nsk\u00e9 v\u011bty se \u0159\u00edd\u00ed slovosledem podm\u011bt-objekt-sloveso (SOV). Pochopen\u00ed struktury v\u011bt je kl\u00ed\u010dov\u00e9 pro efektivn\u00ed komunikaci a zvl\u00e1dnut\u00ed \u00e1zerb\u00e1jd\u017e\u00e1nsk\u00e9ho jazyka.<\/p>\n<\/div><\/div>\n\r\n<section class=\"learnNavigationSection\">\r\n            \r\n        <a href=\"https:\/\/talkpal.ai\/cs\/naucte-se-azerbajdzansky\/\">\r\n            <div class=\"learnNavigationWrapper\">\r\n                <div class=\"learnNavigationContent\">\r\n                    <img decoding=\"async\" src=\"https:\/\/talkpal.ai\/wp-content\/uploads\/2024\/08\/Azerbaijani.jpg\" alt=\"Azerbaijani Flag\">\r\n                    <div>\r\n                        <h4>O \u00e1zerb\u00e1jd\u017e\u00e1nsk\u00e9m vzd\u011bl\u00e1v\u00e1n\u00ed<\/h4>\r\n                        <p>Zjist\u011bte v\u0161e o \u00e1zerb\u00e1jd\u017e\u00e1nsk\u00e9 gramatice.<\/p>\r\n                    <\/div>\r\n                <\/div>\r\n            <\/div>\r\n        <\/a>\r\n\r\n        \r\n        <a href=\"https:\/\/talkpal.ai\/cs\/azerbajdzanska-gramatika\/\">\r\n            <div class=\"learnNavigationWrapper\">\r\n                <div class=\"learnNavigationContent\">\r\n                    <img decoding=\"async\" src=\"https:\/\/talkpal.ai\/wp-content\/uploads\/2024\/08\/Azerbaijani.jpg\" alt=\"Azerbaijani Flag\">\r\n                    <div>\r\n                        <h4>Lekce \u00e1zerb\u00e1jd\u017e\u00e1nsk\u00e9 gramatiky<\/h4>\r\n                        <p>Procvi\u010dte si \u00e1zerb\u00e1jd\u017e\u00e1nskou gramatiku.<\/p>\r\n                    <\/div>\r\n                <\/div>\r\n            <\/div>\r\n        <\/a>\r\n\r\n        \r\n        <a href=\"https:\/\/talkpal.ai\/vocabulary_language\/azerbaijani\/\">\r\n            <div class=\"learnNavigationWrapper\">\r\n                <div class=\"learnNavigationContent\">\r\n                    <img decoding=\"async\" src=\"https:\/\/talkpal.ai\/wp-content\/uploads\/2024\/08\/Azerbaijani.jpg\" alt=\"Azerbaijani Flag\">\r\n                    <div>\r\n                        <h4>\u00c1zerb\u00e1jd\u017e\u00e1nsk\u00e1 slovn\u00ed z\u00e1soba<\/h4>\r\n                        <p>Roz\u0161i\u0159te si slovn\u00ed z\u00e1sobu \u00e1zerb\u00e1jd\u017e\u00e1n\u0161tiny.<\/p>\r\n                    <\/div>\r\n                <\/div>\r\n            <\/div>\r\n        <\/a>\r\n\r\n            <\/section>","protected":false},"excerpt":{"rendered":"<p>T\u00e9mata \u00e1zerb\u00e1jd\u017e\u00e1nsk\u00e9 gramatiky \u00c1zerb\u00e1jd\u017e\u00e1n\u0161tina, zn\u00e1m\u00e1 tak\u00e9 jako \u00e1zerb\u00e1jd\u017e\u00e1n\u0161tina, je turkick\u00fd jazyk, kter\u00fdm se mluv\u00ed p\u0159edev\u0161\u00edm v \u00c1zerb\u00e1jd\u017e\u00e1nu a okoln\u00edch regionech. Je ofici\u00e1ln\u00edm jazykem \u00c1zerb\u00e1jd\u017e\u00e1nsk\u00e9 republiky a m\u00e1 v\u00fdznamn\u00e9 mluv\u010d\u00ed v \u00cdr\u00e1nu, Turecku, Gruzii a Rusku. Jako student \u00e1zerb\u00e1jd\u017e\u00e1n\u0161tiny je nezbytn\u00e9 porozum\u011bt z\u00e1kladn\u00edm aspekt\u016fm jazyka, jako je jeho gramatika, syntax a slovn\u00ed z\u00e1soba. Tato p\u0159\u00edru\u010dka v\u00e1m [&hellip;]<\/p>\n","protected":false},"author":6,"featured_media":109367,"parent":0,"menu_order":0,"comment_status":"closed","ping_status":"closed","template":"LearningContentPage.php","meta":{"_acf_changed":false,"footnotes":""},"class_list":["post-166017","page","type-page","status-publish","has-post-thumbnail","hentry"],"acf":[],"yoast_head":"<!-- This site is optimized with the Yoast SEO Premium plugin v27.2 (Yoast SEO v27.2) - https:\/\/yoast.com\/product\/yoast-seo-premium-wordpress\/ -->\n<title>\u00c1zerb\u00e1jd\u017e\u00e1nsk\u00e1 gramatick\u00e1 cvi\u010den\u00ed - Talkpal<\/title>\n<meta name=\"description\" content=\"Zlep\u0161ete sv\u00e9 znalosti \u00e1zerb\u00e1jd\u017e\u00e1n\u0161tiny pomoc\u00ed interaktivn\u00edch cvi\u010den\u00ed z \u00e1zerb\u00e1jd\u017e\u00e1nsk\u00e9 gramatiky od spole\u010dnosti Talkpal, va\u0161eho jazykov\u00e9ho tutora s um\u011blou inteligenc\u00ed.\" \/>\n<meta name=\"robots\" content=\"index, follow, max-snippet:-1, max-image-preview:large, max-video-preview:-1\" \/>\n<link rel=\"canonical\" href=\"https:\/\/talkpal.ai\/cs\/azerbajdzanska-gramaticka-cviceni\/\" \/>\n<meta property=\"og:locale\" content=\"cs_CZ\" \/>\n<meta property=\"og:type\" content=\"article\" \/>\n<meta property=\"og:title\" content=\"\u00c1zerb\u00e1jd\u017e\u00e1nsk\u00e1 gramatick\u00e1 cvi\u010den\u00ed\" \/>\n<meta property=\"og:description\" content=\"T\u00e9mata \u00e1zerb\u00e1jd\u017e\u00e1nsk\u00e9 gramatiky \u00c1zerb\u00e1jd\u017e\u00e1n\u0161tina, zn\u00e1m\u00e1 tak\u00e9 jako \u00e1zerb\u00e1jd\u017e\u00e1n\u0161tina, je turkick\u00fd jazyk, kter\u00fdm se mluv\u00ed p\u0159edev\u0161\u00edm v \u00c1zerb\u00e1jd\u017e\u00e1nu a okoln\u00edch\" \/>\n<meta property=\"og:url\" content=\"https:\/\/talkpal.ai\/cs\/azerbajdzanska-gramaticka-cviceni\/\" \/>\n<meta property=\"og:site_name\" content=\"Talkpal\" \/>\n<meta property=\"article:publisher\" content=\"https:\/\/www.facebook.com\/profile.php?id=100090733639311\" \/>\n<meta property=\"article:modified_time\" content=\"2025-05-22T21:36:07+00:00\" \/>\n<meta property=\"og:image\" content=\"https:\/\/talkpal.ai\/wp-content\/uploads\/2023\/05\/azerbaijan.png\" \/>\n\t<meta property=\"og:image:width\" content=\"512\" \/>\n\t<meta property=\"og:image:height\" content=\"512\" \/>\n\t<meta property=\"og:image:type\" content=\"image\/png\" \/>\n<meta name=\"twitter:card\" content=\"summary_large_image\" \/>\n<meta name=\"twitter:site\" content=\"@talkpalai\" \/>\n<meta name=\"twitter:label1\" content=\"Odhadovan\u00e1 doba \u010dten\u00ed\" \/>\n\t<meta name=\"twitter:data1\" content=\"3 minuty\" \/>\n<script type=\"application\/ld+json\" class=\"yoast-schema-graph\">{\"@context\":\"https:\/\/schema.org\",\"@graph\":[{\"@type\":\"WebPage\",\"@id\":\"https:\/\/talkpal.ai\/cs\/azerbajdzanska-gramaticka-cviceni\/\",\"url\":\"https:\/\/talkpal.ai\/cs\/azerbajdzanska-gramaticka-cviceni\/\",\"name\":\"\u00c1zerb\u00e1jd\u017e\u00e1nsk\u00e1 gramatick\u00e1 cvi\u010den\u00ed - Talkpal\",\"isPartOf\":{\"@id\":\"https:\/\/talkpal.ai\/cs\/#website\"},\"primaryImageOfPage\":{\"@id\":\"https:\/\/talkpal.ai\/cs\/azerbajdzanska-gramaticka-cviceni\/#primaryimage\"},\"image\":{\"@id\":\"https:\/\/talkpal.ai\/cs\/azerbajdzanska-gramaticka-cviceni\/#primaryimage\"},\"thumbnailUrl\":\"https:\/\/talkpal.ai\/wp-content\/uploads\/2023\/05\/azerbaijan.png\",\"datePublished\":\"2023-06-16T11:38:32+00:00\",\"dateModified\":\"2025-05-22T21:36:07+00:00\",\"description\":\"Zlep\u0161ete sv\u00e9 znalosti \u00e1zerb\u00e1jd\u017e\u00e1n\u0161tiny pomoc\u00ed interaktivn\u00edch cvi\u010den\u00ed z \u00e1zerb\u00e1jd\u017e\u00e1nsk\u00e9 gramatiky od spole\u010dnosti Talkpal, va\u0161eho jazykov\u00e9ho tutora s um\u011blou inteligenc\u00ed.\",\"breadcrumb\":{\"@id\":\"https:\/\/talkpal.ai\/cs\/azerbajdzanska-gramaticka-cviceni\/#breadcrumb\"},\"inLanguage\":\"cs\",\"potentialAction\":[{\"@type\":\"ReadAction\",\"target\":[\"https:\/\/talkpal.ai\/cs\/azerbajdzanska-gramaticka-cviceni\/\"]}]},{\"@type\":\"ImageObject\",\"inLanguage\":\"cs\",\"@id\":\"https:\/\/talkpal.ai\/cs\/azerbajdzanska-gramaticka-cviceni\/#primaryimage\",\"url\":\"https:\/\/talkpal.ai\/wp-content\/uploads\/2023\/05\/azerbaijan.png\",\"contentUrl\":\"https:\/\/talkpal.ai\/wp-content\/uploads\/2023\/05\/azerbaijan.png\",\"width\":512,\"height\":512},{\"@type\":\"BreadcrumbList\",\"@id\":\"https:\/\/talkpal.ai\/cs\/azerbajdzanska-gramaticka-cviceni\/#breadcrumb\",\"itemListElement\":[{\"@type\":\"ListItem\",\"position\":1,\"name\":\"Homepage\",\"item\":\"https:\/\/talkpal.ai\/cs\/\"},{\"@type\":\"ListItem\",\"position\":2,\"name\":\"\u00c1zerb\u00e1jd\u017e\u00e1nsk\u00e1 gramatick\u00e1 cvi\u010den\u00ed\"}]},{\"@type\":\"WebSite\",\"@id\":\"https:\/\/talkpal.ai\/cs\/#website\",\"url\":\"https:\/\/talkpal.ai\/cs\/\",\"name\":\"Talkpal\",\"description\":\"AI Language Learning\",\"publisher\":{\"@id\":\"https:\/\/talkpal.ai\/cs\/#organization\"},\"alternateName\":\"Talkpal AI\",\"potentialAction\":[{\"@type\":\"SearchAction\",\"target\":{\"@type\":\"EntryPoint\",\"urlTemplate\":\"https:\/\/talkpal.ai\/cs\/?s={search_term_string}\"},\"query-input\":{\"@type\":\"PropertyValueSpecification\",\"valueRequired\":true,\"valueName\":\"search_term_string\"}}],\"inLanguage\":\"cs\"},{\"@type\":\"Organization\",\"@id\":\"https:\/\/talkpal.ai\/cs\/#organization\",\"name\":\"Talkpal, Inc.\",\"alternateName\":\"Talkpal AI\",\"url\":\"https:\/\/talkpal.ai\/cs\/\",\"logo\":{\"@type\":\"ImageObject\",\"inLanguage\":\"cs\",\"@id\":\"https:\/\/talkpal.ai\/cs\/#\/schema\/logo\/image\/\",\"url\":\"https:\/\/talkpal.ai\/wp-content\/uploads\/2024\/03\/Talkpal-Logo-Icon.png\",\"contentUrl\":\"https:\/\/talkpal.ai\/wp-content\/uploads\/2024\/03\/Talkpal-Logo-Icon.png\",\"width\":2880,\"height\":2880,\"caption\":\"Talkpal, Inc.\"},\"image\":{\"@id\":\"https:\/\/talkpal.ai\/cs\/#\/schema\/logo\/image\/\"},\"sameAs\":[\"https:\/\/www.facebook.com\/profile.php?id=100090733639311\",\"https:\/\/x.com\/talkpalai\",\"https:\/\/www.linkedin.com\/company\/talkpal\/\",\"https:\/\/www.youtube.com\/@TalkPal\/\",\"https:\/\/www.tiktok.com\/@talkpal\",\"https:\/\/www.instagram.com\/talkpal_ai\/\",\"https:\/\/www.crunchbase.com\/organization\/talkpal-9cde\",\"https:\/\/www.g2.com\/products\/talkpal-for-business\/\",\"https:\/\/www.trustpilot.com\/review\/talkpal.ai\",\"https:\/\/www.capterra.com\/p\/10006800\/TalkPal\/\"],\"description\":\"Talkpal is a language learning web and mobile education app, powered by the latest AI technologies, that provides engaging experiences to its customers in many different languages to help them improve their language skills. Users can chat about unlimited amount of topics with the app and use other modes to practice their language learning.\",\"email\":\"support@talkpal.ai\",\"legalName\":\"Talkpal, Inc.\",\"foundingDate\":\"2023-04-03\",\"duns\":\"118989042\",\"numberOfEmployees\":{\"@type\":\"QuantitativeValue\",\"minValue\":\"11\",\"maxValue\":\"50\"},\"publishingPrinciples\":\"https:\/\/talkpal.ai\/publishing-principles\/\",\"actionableFeedbackPolicy\":\"https:\/\/talkpal.ai\/actionable-feedback-policy\/\",\"correctionsPolicy\":\"https:\/\/talkpal.ai\/corrections-policy\/\",\"ethicsPolicy\":\"https:\/\/talkpal.ai\/ethics-policy\/\",\"diversityPolicy\":\"https:\/\/talkpal.ai\/diversity-policy\/\",\"diversityStaffingReport\":\"https:\/\/talkpal.ai\/diversity-policy\/\"}]}<\/script>\n<!-- \/ Yoast SEO Premium plugin. -->","yoast_head_json":{"title":"\u00c1zerb\u00e1jd\u017e\u00e1nsk\u00e1 gramatick\u00e1 cvi\u010den\u00ed - Talkpal","description":"Zlep\u0161ete sv\u00e9 znalosti \u00e1zerb\u00e1jd\u017e\u00e1n\u0161tiny pomoc\u00ed interaktivn\u00edch cvi\u010den\u00ed z \u00e1zerb\u00e1jd\u017e\u00e1nsk\u00e9 gramatiky od spole\u010dnosti Talkpal, va\u0161eho jazykov\u00e9ho tutora s um\u011blou inteligenc\u00ed.","robots":{"index":"index","follow":"follow","max-snippet":"max-snippet:-1","max-image-preview":"max-image-preview:large","max-video-preview":"max-video-preview:-1"},"canonical":"https:\/\/talkpal.ai\/cs\/azerbajdzanska-gramaticka-cviceni\/","og_locale":"cs_CZ","og_type":"article","og_title":"\u00c1zerb\u00e1jd\u017e\u00e1nsk\u00e1 gramatick\u00e1 cvi\u010den\u00ed","og_description":"T\u00e9mata \u00e1zerb\u00e1jd\u017e\u00e1nsk\u00e9 gramatiky \u00c1zerb\u00e1jd\u017e\u00e1n\u0161tina, zn\u00e1m\u00e1 tak\u00e9 jako \u00e1zerb\u00e1jd\u017e\u00e1n\u0161tina, je turkick\u00fd jazyk, kter\u00fdm se mluv\u00ed p\u0159edev\u0161\u00edm v \u00c1zerb\u00e1jd\u017e\u00e1nu a okoln\u00edch","og_url":"https:\/\/talkpal.ai\/cs\/azerbajdzanska-gramaticka-cviceni\/","og_site_name":"Talkpal","article_publisher":"https:\/\/www.facebook.com\/profile.php?id=100090733639311","article_modified_time":"2025-05-22T21:36:07+00:00","og_image":[{"width":512,"height":512,"url":"https:\/\/talkpal.ai\/wp-content\/uploads\/2023\/05\/azerbaijan.png","type":"image\/png"}],"twitter_card":"summary_large_image","twitter_site":"@talkpalai","twitter_misc":{"Odhadovan\u00e1 doba \u010dten\u00ed":"3 minuty"},"schema":{"@context":"https:\/\/schema.org","@graph":[{"@type":"WebPage","@id":"https:\/\/talkpal.ai\/cs\/azerbajdzanska-gramaticka-cviceni\/","url":"https:\/\/talkpal.ai\/cs\/azerbajdzanska-gramaticka-cviceni\/","name":"\u00c1zerb\u00e1jd\u017e\u00e1nsk\u00e1 gramatick\u00e1 cvi\u010den\u00ed - Talkpal","isPartOf":{"@id":"https:\/\/talkpal.ai\/cs\/#website"},"primaryImageOfPage":{"@id":"https:\/\/talkpal.ai\/cs\/azerbajdzanska-gramaticka-cviceni\/#primaryimage"},"image":{"@id":"https:\/\/talkpal.ai\/cs\/azerbajdzanska-gramaticka-cviceni\/#primaryimage"},"thumbnailUrl":"https:\/\/talkpal.ai\/wp-content\/uploads\/2023\/05\/azerbaijan.png","datePublished":"2023-06-16T11:38:32+00:00","dateModified":"2025-05-22T21:36:07+00:00","description":"Zlep\u0161ete sv\u00e9 znalosti \u00e1zerb\u00e1jd\u017e\u00e1n\u0161tiny pomoc\u00ed interaktivn\u00edch cvi\u010den\u00ed z \u00e1zerb\u00e1jd\u017e\u00e1nsk\u00e9 gramatiky od spole\u010dnosti Talkpal, va\u0161eho jazykov\u00e9ho tutora s um\u011blou inteligenc\u00ed.","breadcrumb":{"@id":"https:\/\/talkpal.ai\/cs\/azerbajdzanska-gramaticka-cviceni\/#breadcrumb"},"inLanguage":"cs","potentialAction":[{"@type":"ReadAction","target":["https:\/\/talkpal.ai\/cs\/azerbajdzanska-gramaticka-cviceni\/"]}]},{"@type":"ImageObject","inLanguage":"cs","@id":"https:\/\/talkpal.ai\/cs\/azerbajdzanska-gramaticka-cviceni\/#primaryimage","url":"https:\/\/talkpal.ai\/wp-content\/uploads\/2023\/05\/azerbaijan.png","contentUrl":"https:\/\/talkpal.ai\/wp-content\/uploads\/2023\/05\/azerbaijan.png","width":512,"height":512},{"@type":"BreadcrumbList","@id":"https:\/\/talkpal.ai\/cs\/azerbajdzanska-gramaticka-cviceni\/#breadcrumb","itemListElement":[{"@type":"ListItem","position":1,"name":"Homepage","item":"https:\/\/talkpal.ai\/cs\/"},{"@type":"ListItem","position":2,"name":"\u00c1zerb\u00e1jd\u017e\u00e1nsk\u00e1 gramatick\u00e1 cvi\u010den\u00ed"}]},{"@type":"WebSite","@id":"https:\/\/talkpal.ai\/cs\/#website","url":"https:\/\/talkpal.ai\/cs\/","name":"Talkpal","description":"AI Language Learning","publisher":{"@id":"https:\/\/talkpal.ai\/cs\/#organization"},"alternateName":"Talkpal AI","potentialAction":[{"@type":"SearchAction","target":{"@type":"EntryPoint","urlTemplate":"https:\/\/talkpal.ai\/cs\/?s={search_term_string}"},"query-input":{"@type":"PropertyValueSpecification","valueRequired":true,"valueName":"search_term_string"}}],"inLanguage":"cs"},{"@type":"Organization","@id":"https:\/\/talkpal.ai\/cs\/#organization","name":"Talkpal, Inc.","alternateName":"Talkpal AI","url":"https:\/\/talkpal.ai\/cs\/","logo":{"@type":"ImageObject","inLanguage":"cs","@id":"https:\/\/talkpal.ai\/cs\/#\/schema\/logo\/image\/","url":"https:\/\/talkpal.ai\/wp-content\/uploads\/2024\/03\/Talkpal-Logo-Icon.png","contentUrl":"https:\/\/talkpal.ai\/wp-content\/uploads\/2024\/03\/Talkpal-Logo-Icon.png","width":2880,"height":2880,"caption":"Talkpal, Inc."},"image":{"@id":"https:\/\/talkpal.ai\/cs\/#\/schema\/logo\/image\/"},"sameAs":["https:\/\/www.facebook.com\/profile.php?id=100090733639311","https:\/\/x.com\/talkpalai","https:\/\/www.linkedin.com\/company\/talkpal\/","https:\/\/www.youtube.com\/@TalkPal\/","https:\/\/www.tiktok.com\/@talkpal","https:\/\/www.instagram.com\/talkpal_ai\/","https:\/\/www.crunchbase.com\/organization\/talkpal-9cde","https:\/\/www.g2.com\/products\/talkpal-for-business\/","https:\/\/www.trustpilot.com\/review\/talkpal.ai","https:\/\/www.capterra.com\/p\/10006800\/TalkPal\/"],"description":"Talkpal is a language learning web and mobile education app, powered by the latest AI technologies, that provides engaging experiences to its customers in many different languages to help them improve their language skills. Users can chat about unlimited amount of topics with the app and use other modes to practice their language learning.","email":"support@talkpal.ai","legalName":"Talkpal, Inc.","foundingDate":"2023-04-03","duns":"118989042","numberOfEmployees":{"@type":"QuantitativeValue","minValue":"11","maxValue":"50"},"publishingPrinciples":"https:\/\/talkpal.ai\/publishing-principles\/","actionableFeedbackPolicy":"https:\/\/talkpal.ai\/actionable-feedback-policy\/","correctionsPolicy":"https:\/\/talkpal.ai\/corrections-policy\/","ethicsPolicy":"https:\/\/talkpal.ai\/ethics-policy\/","diversityPolicy":"https:\/\/talkpal.ai\/diversity-policy\/","diversityStaffingReport":"https:\/\/talkpal.ai\/diversity-policy\/"}]}},"_links":{"self":[{"href":"https:\/\/talkpal.ai\/cs\/wp-json\/wp\/v2\/pages\/166017","targetHints":{"allow":["GET"]}}],"collection":[{"href":"https:\/\/talkpal.ai\/cs\/wp-json\/wp\/v2\/pages"}],"about":[{"href":"https:\/\/talkpal.ai\/cs\/wp-json\/wp\/v2\/types\/page"}],"author":[{"embeddable":true,"href":"https:\/\/talkpal.ai\/cs\/wp-json\/wp\/v2\/users\/6"}],"replies":[{"embeddable":true,"href":"https:\/\/talkpal.ai\/cs\/wp-json\/wp\/v2\/comments?post=166017"}],"version-history":[{"count":0,"href":"https:\/\/talkpal.ai\/cs\/wp-json\/wp\/v2\/pages\/166017\/revisions"}],"wp:featuredmedia":[{"embeddable":true,"href":"https:\/\/talkpal.ai\/cs\/wp-json\/wp\/v2\/media\/109367"}],"wp:attachment":[{"href":"https:\/\/talkpal.ai\/cs\/wp-json\/wp\/v2\/media?parent=166017"}],"curies":[{"name":"wp","href":"https:\/\/api.w.org\/{rel}","templated":true}]}}