{"id":165716,"date":"2023-06-16T11:55:18","date_gmt":"2023-06-16T11:55:18","guid":{"rendered":"http:\/\/talkpal.ai\/cviceni-na-beloruskou-gramatiku\/"},"modified":"2025-05-23T11:31:43","modified_gmt":"2025-05-23T11:31:43","slug":"cviceni-na-beloruskou-gramatiku","status":"publish","type":"page","link":"https:\/\/talkpal.ai\/cs\/cviceni-na-beloruskou-gramatiku\/","title":{"rendered":"Cvi\u010den\u00ed na b\u011bloruskou gramatiku"},"content":{"rendered":"\r\n\r\n\r\n<section class=\"languageChallengeSection\">\r\n    <div class=\"languageInfoWrapper\">\r\n        \r\n        <h1>Cvi\u010den\u00ed na b\u011bloruskou gramatiku<\/h1>\r\n        <p>Chcete si zlep\u0161it sv\u00e9 znalosti b\u011bloru\u0161tiny? Procvi\u010dov\u00e1n\u00ed gramatick\u00fdch cvi\u010den\u00ed je skv\u011bl\u00fdm zp\u016fsobem, jak si osvojit stavbu v\u011bty, slovesn\u00e9 tvary a charakteristick\u00e9 rysy b\u011bloru\u0161tiny. Za\u010dn\u011bte zkoumat b\u011bloruskou gramatiku je\u0161t\u011b dnes a sledujte, jak s ka\u017ed\u00fdm cvi\u010den\u00edm roste va\u0161e porozum\u011bn\u00ed a plynulost!<\/p>\r\n\r\n                            <a class=\"getStartedHidden\" href=\"https:\/\/app.talkpal.ai\/cs\/signup?lng=\">Za\u010dni<\/a>\r\n        \r\n    <\/div>\r\n\r\n    <figure>\r\n    <img decoding=\"async\" width=\"768\" height=\"768\" src=\"https:\/\/talkpal.ai\/wp-content\/uploads\/2023\/06\/belarusian-768x768.png\" class=\"languageImage no-lazy\" alt=\"Language learning for academic excellence\" fetchpriority=\"high\" sizes=\"(max-width: 768px) 150px, 768px\" srcset=\"https:\/\/talkpal.ai\/wp-content\/uploads\/2023\/06\/belarusian-768x768.png 768w, https:\/\/talkpal.ai\/wp-content\/uploads\/2023\/06\/belarusian-300x300.png 300w\" \/>\r\n    \r\n\r\n    <\/figure>\r\n\r\n            <a class=\"getStartedVisible\" href=\"https:\/\/app.talkpal.ai\/cs\/signup?lng=\">Za\u010dni<\/a>\r\n    \r\n<\/section>\r\n\r\n\r\n<!-- <section class=\"grammarSection\">\r\n    <div class=\"grammarLinks\">\r\n            <\/div>\r\n<\/section> -->\r\n\r\n\r\n\r\n\r\n<section class=\"promotionalBanner\">\r\n    <p class=\"promotionalText\">Nejefektivn\u011bj\u0161\u00ed zp\u016fsob, jak se nau\u010dit jazyk<\/p>\r\n    <a class=\"promotionalLink\" href=\"https:\/\/app.talkpal.ai\/cs\/signup?lng=\">Vyzkou\u0161ejte Talkpal zdarma<\/a>\r\n<\/section>\n<div class=\"wp-block-group pageContainerStyle\"><div class=\"wp-block-group__inner-container is-layout-constrained wp-block-group-is-layout-constrained\">\n<h2 class=\"wp-block-heading\" id=\"h-belarusian-grammar-topics\">T\u00e9mata b\u011blorusk\u00e9 gramatiky<\/h2>\n\n\n\n<p><a href=\"https:\/\/talkpal.ai\/learn-belarusian\/\">B\u011bloru\u0161tina<\/a> je v\u00fdchodoslovansk\u00fd jazyk, kter\u00fdm v B\u011blorusku mluv\u00ed p\u0159ev\u00e1\u017en\u011b p\u0159ibli\u017en\u011b 70 % obyvatel. Jako slovansk\u00fd jazyk sd\u00edl\u00ed podobnosti s ru\u0161tinou a ukrajin\u0161tinou, co\u017e mluv\u010d\u00edm t\u011bchto jazyk\u016f usnad\u0148uje u\u010den\u00ed b\u011bloru\u0161tiny. M\u00e1 v\u0161ak sv\u00e9 jedine\u010dn\u00e9 vlastnosti a u\u010den\u00ed se jeho gramatice m\u016f\u017ee b\u00fdt pro jazykov\u00e9 nad\u0161ence obohacuj\u00edc\u00edm z\u00e1\u017eitkem. V tomto \u010dl\u00e1nku prozkoum\u00e1me z\u00e1kladn\u00ed t\u00e9mata b\u011blorusk\u00e9 gramatiky v po\u0159ad\u00ed, kter\u00e9 v\u00e1m pom\u016f\u017ee nau\u010dit se jazyk efektivn\u011bji.<\/p>\n\n\n\n<h3 class=\"wp-block-heading\" id=\"h-1-nouns\">1. Podstatn\u00e1 jm\u00e9na:<\/h3>\n\n\n\n<p>Za\u010dn\u011bte t\u00edm, \u017ee se nau\u010d\u00edte b\u011blorusk\u00e1 podstatn\u00e1 jm\u00e9na, kter\u00e1 mohou b\u00fdt mu\u017esk\u00e9ho, \u017eensk\u00e9ho nebo st\u0159edn\u00edho. Maj\u00ed \u0161est p\u00e1d\u016f: nominativ, akuzativ, genitiv, dativ, instrument\u00e1l a p\u0159edlo\u017eku, kter\u00e9 ur\u010duj\u00ed funkci podstatn\u00e9ho jm\u00e9na ve v\u011bt\u011b. V\u011bnujte pozornost koncovk\u00e1m podstatn\u00fdch jmen a vzor\u016fm sklo\u0148ov\u00e1n\u00ed, proto\u017ee v\u00e1m pomohou pochopit, jak se podstatn\u00e1 jm\u00e9na m\u011bn\u00ed v r\u016fzn\u00fdch p\u00e1dech.<\/p>\n\n\n\n<h3 class=\"wp-block-heading\" id=\"h-2-articles\">2. \u010cl\u00e1nky:<\/h3>\n\n\n\n<p>Na rozd\u00edl od angli\u010dtiny nem\u00e1 <a href=\"https:\/\/talkpal.ai\/learn-belarusian\/\">b\u011bloru\u0161tina<\/a> \u010dleny. Proto se m\u016f\u017eete soust\u0159edit na u\u010den\u00ed dal\u0161\u00edch aspekt\u016f jazyka, ani\u017e byste se museli starat o toto t\u00e9ma.<\/p>\n\n\n\n<h3 class=\"wp-block-heading\" id=\"h-3-pronouns-determiners\">3. Z\u00e1jmena\/determinanty:<\/h3>\n\n\n\n<p>D\u00e1le se nau\u010dte z\u00e1jmena a determinanty, kter\u00e9 funguj\u00ed podobn\u011b jako jejich anglick\u00e9 ekvivalenty. Nahrazuj\u00ed podstatn\u00e1 jm\u00e9na a sd\u011bluj\u00ed informace o vlastnictv\u00ed, mno\u017estv\u00ed nebo identit\u011b. V b\u011bloru\u0161tin\u011b existuj\u00ed osobn\u00ed, p\u0159ivlast\u0148ovac\u00ed, ukazovac\u00ed, t\u00e1zac\u00ed a <a href=\"https:\/\/talkpal.ai\/cs\/grammar_exercises\/cviceni-vztazna-zajmena-pro-anglickou-gramatiku\/\">vzta\u017en\u00e1 z\u00e1jmena<\/a> a mus\u00edte si zapamatovat jejich tvary a pou\u017eit\u00ed.<\/p>\n\n\n\n<h3 class=\"wp-block-heading\" id=\"h-4-adjectives\">4. P\u0159\u00eddavn\u00e1 jm\u00e9na:<\/h3>\n\n\n\n<p>P\u0159\u00eddavn\u00e1 jm\u00e9na v b\u011bloru\u0161tin\u011b souhlas\u00ed s podstatn\u00fdm jm\u00e9nem, kter\u00e9 modifikuj\u00ed v rod\u011b, \u010d\u00edsle a p\u00e1du. Nau\u010dte se koncovky p\u0159\u00eddavn\u00fdch jmen a jak tvo\u0159it srovn\u00e1vac\u00ed a superlativy pro vyj\u00e1d\u0159en\u00ed r\u016fzn\u00fdch \u00farovn\u00ed srovn\u00e1n\u00ed.<\/p>\n\n\n\n<h3 class=\"wp-block-heading\" id=\"h-5-verbs\">5. Slovesa:<\/h3>\n\n\n\n<p>Slovesa jsou v b\u011bloru\u0161tin\u011b kl\u00ed\u010dov\u00e1, proto\u017ee vyjad\u0159uj\u00ed d\u011bje, stavy a ud\u00e1losti. Seznamte se s \u010dasov\u00e1n\u00edm sloves, kter\u00e9 se skl\u00e1d\u00e1 ze dvou skupin: prvn\u00ed konjugace (v\u011bt\u0161inou slovesa mu\u017esk\u00e9ho rodu) a druh\u00e1 konjugace (v\u011bt\u0161inou slovesa \u017eensk\u00e9ho rodu). Prostudujte si tak\u00e9 rozkazovac\u00ed a konjunktivn\u00ed zp\u016fsoby a jak je tvo\u0159it.<\/p>\n\n\n\n<h3 class=\"wp-block-heading\" id=\"h-6-tenses\">6. \u010casy:<\/h3>\n\n\n\n<p>B\u011bloru\u0161tina m\u00e1 t\u0159i hlavn\u00ed \u010dasy: minulost, p\u0159\u00edtomnost a budoucnost. Nau\u010dte se, jak tvo\u0159it a pou\u017e\u00edvat tyto \u010dasy k mluven\u00ed o ud\u00e1lostech a akc\u00edch v r\u016fzn\u00fdch \u010dasech.<\/p>\n\n\n\n<h3 class=\"wp-block-heading\" id=\"h-7-tense-comparison\">7. Srovn\u00e1n\u00ed \u010das\u016f:<\/h3>\n\n\n\n<p>Porovn\u00e1v\u00e1n\u00ed \u010das\u016f v b\u011bloru\u0161tin\u011b je nezbytn\u00e9 pro pochopen\u00ed vztahu mezi minul\u00fdmi, sou\u010dasn\u00fdmi a budouc\u00edmi ud\u00e1lostmi. Prostudujte si posloupnost \u010das\u016f a jak je pou\u017e\u00edvat ve slo\u017eit\u00fdch souv\u011bt\u00edch.<\/p>\n\n\n\n<h3 class=\"wp-block-heading\" id=\"h-8-progressive\">8. Progresivn\u00ed:<\/h3>\n\n\n\n<p>B\u011bloru\u0161tina pou\u017e\u00edv\u00e1 progresivn\u00ed formu k vyj\u00e1d\u0159en\u00ed prob\u00edhaj\u00edc\u00edch akc\u00ed. Nau\u010dte se, jak tento aspekt tvo\u0159it pomoc\u00ed vhodn\u00e9ho \u010dasov\u00e1n\u00ed sloves a pomocn\u00fdch sloves.<\/p>\n\n\n\n<h3 class=\"wp-block-heading\" id=\"h-9-perfect-progressive\">9. Perfektn\u00ed progresivn\u00ed:<\/h3>\n\n\n\n<p>Dokonal\u00fd progresivn\u00ed aspekt v b\u011bloru\u0161tin\u011b kombinuje koncepty dokon\u010den\u00ed a trv\u00e1n\u00ed. Nau\u010dte se, jak tento aspekt tvo\u0159it pomoc\u00ed pomocn\u00fdch sloves a spr\u00e1vn\u00fdch slovesn\u00fdch tvar\u016f.<\/p>\n\n\n\n<h3 class=\"wp-block-heading\" id=\"h-10-adverbs\">10. P\u0159\u00edslovce:<\/h3>\n\n\n\n<p>P\u0159\u00edslovce upravuj\u00ed slovesa, p\u0159\u00eddavn\u00e1 jm\u00e9na a dal\u0161\u00ed p\u0159\u00edslovce a p\u0159id\u00e1vaj\u00ed do v\u011bty dal\u0161\u00ed informace. Nau\u010dte se r\u016fzn\u00e9 typy p\u0159\u00edslovc\u00ed v b\u011bloru\u0161tin\u011b, jejich tvo\u0159en\u00ed a um\u00edst\u011bn\u00ed ve v\u011bt\u011b.<\/p>\n\n\n\n<h3 class=\"wp-block-heading\" id=\"h-11-prepositions\">11. P\u0159edlo\u017eky:<\/h3>\n\n\n\n<p>P\u0159edlo\u017eky jsou nezbytn\u00e9 pro vyj\u00e1d\u0159en\u00ed vztah\u016f mezi slovy ve v\u011bt\u011b. Nau\u010dte se nejb\u011b\u017en\u011bj\u0161\u00ed b\u011blorusk\u00e9 p\u0159edlo\u017eky, jejich p\u00e1dy a jak je pou\u017e\u00edvat s podstatn\u00fdmi jm\u00e9ny a z\u00e1jmeny.<\/p>\n\n\n\n<h3 class=\"wp-block-heading\" id=\"h-12-conditionals\">12. Podm\u00ednkov\u00e9 v\u011bty:<\/h3>\n\n\n\n<p>Kondicion\u00e1ly vyjad\u0159uj\u00ed hypotetick\u00e9 situace a jejich d\u016fsledky. Prostudujte si t\u0159i typy kondicion\u00e1l\u016f v b\u011bloru\u0161tin\u011b: re\u00e1ln\u00e9, nere\u00e1ln\u00e9 a sm\u00ed\u0161en\u00e9 a jejich odpov\u00eddaj\u00edc\u00ed slovesn\u00e9 tvary.<\/p>\n\n\n\n<h3 class=\"wp-block-heading\" id=\"h-13-sentences\">13. V\u011bty:<\/h3>\n\n\n\n<p>Nakonec se sezn\u00e1m\u00edte s b\u011blorusk\u00fdmi v\u011btn\u00fdmi strukturami, v\u010detn\u011b jednoduch\u00fdch, slo\u017een\u00fdch a slo\u017eit\u00fdch v\u011bt. Procvi\u010dte si kombinov\u00e1n\u00ed r\u016fzn\u00fdch gramatick\u00fdch prvk\u016f, abyste mohli vytv\u00e1\u0159et v\u011bty a zlep\u0161ovat sv\u00e9 celkov\u00e9 <a href=\"https:\/\/talkpal.ai\/cs\/procvicovani-cestiny-nejlepsi-zpusoby-jak-zlepsit-sve-jazykove-dovednosti\/\">jazykov\u00e9 dovednosti<\/a>.<\/p>\n<\/div><\/div>\n\r\n<section class=\"learnNavigationSection\">\r\n            \r\n        <a href=\"https:\/\/talkpal.ai\/cs\/naucte-se-belorusky\/\">\r\n            <div class=\"learnNavigationWrapper\">\r\n                <div class=\"learnNavigationContent\">\r\n                    <img decoding=\"async\" src=\"https:\/\/talkpal.ai\/wp-content\/uploads\/2024\/08\/Belarusian.jpg\" alt=\"Belarusian Flag\">\r\n                    <div>\r\n                        <h4>O b\u011blorusk\u00e9m vzd\u011bl\u00e1v\u00e1n\u00ed<\/h4>\r\n                        <p>Zjist\u011bte v\u0161e o b\u011blorusk\u00e9 gramatice.<\/p>\r\n                    <\/div>\r\n                <\/div>\r\n            <\/div>\r\n        <\/a>\r\n\r\n        \r\n        <a href=\"https:\/\/talkpal.ai\/cs\/beloruska-gramatika\/\">\r\n            <div class=\"learnNavigationWrapper\">\r\n                <div class=\"learnNavigationContent\">\r\n                    <img decoding=\"async\" src=\"https:\/\/talkpal.ai\/wp-content\/uploads\/2024\/08\/Belarusian.jpg\" alt=\"Belarusian Flag\">\r\n                    <div>\r\n                        <h4>Lekce b\u011blorusk\u00e9 gramatiky<\/h4>\r\n                        <p>Procvi\u010dte si b\u011bloruskou gramatiku.<\/p>\r\n                    <\/div>\r\n                <\/div>\r\n            <\/div>\r\n        <\/a>\r\n\r\n        \r\n        <a href=\"https:\/\/talkpal.ai\/vocabulary_language\/belarusian\/\">\r\n            <div class=\"learnNavigationWrapper\">\r\n                <div class=\"learnNavigationContent\">\r\n                    <img decoding=\"async\" src=\"https:\/\/talkpal.ai\/wp-content\/uploads\/2024\/08\/Belarusian.jpg\" alt=\"Belarusian Flag\">\r\n                    <div>\r\n                        <h4>B\u011blorusk\u00e1 slovn\u00ed z\u00e1soba<\/h4>\r\n                        <p>Roz\u0161i\u0159te si slovn\u00ed z\u00e1sobu b\u011blorusk\u00e9ho jazyka.<\/p>\r\n                    <\/div>\r\n                <\/div>\r\n            <\/div>\r\n        <\/a>\r\n\r\n            <\/section>","protected":false},"excerpt":{"rendered":"<p>T\u00e9mata b\u011blorusk\u00e9 gramatiky B\u011bloru\u0161tina je v\u00fdchodoslovansk\u00fd jazyk, kter\u00fdm v B\u011blorusku mluv\u00ed p\u0159ev\u00e1\u017en\u011b p\u0159ibli\u017en\u011b 70 % obyvatel. Jako slovansk\u00fd jazyk sd\u00edl\u00ed podobnosti s ru\u0161tinou a ukrajin\u0161tinou, co\u017e mluv\u010d\u00edm t\u011bchto jazyk\u016f usnad\u0148uje u\u010den\u00ed b\u011bloru\u0161tiny. M\u00e1 v\u0161ak sv\u00e9 jedine\u010dn\u00e9 vlastnosti a u\u010den\u00ed se jeho gramatice m\u016f\u017ee b\u00fdt pro jazykov\u00e9 nad\u0161ence obohacuj\u00edc\u00edm z\u00e1\u017eitkem. V tomto \u010dl\u00e1nku prozkoum\u00e1me z\u00e1kladn\u00ed t\u00e9mata [&hellip;]<\/p>\n","protected":false},"author":6,"featured_media":110549,"parent":0,"menu_order":0,"comment_status":"closed","ping_status":"closed","template":"LearningContentPage.php","meta":{"_acf_changed":false,"footnotes":""},"class_list":["post-165716","page","type-page","status-publish","has-post-thumbnail","hentry"],"acf":[],"yoast_head":"<!-- This site is optimized with the Yoast SEO Premium plugin v27.2 (Yoast SEO v27.2) - https:\/\/yoast.com\/product\/yoast-seo-premium-wordpress\/ -->\n<title>Cvi\u010den\u00ed na b\u011bloruskou gramatiku - Talkpal<\/title>\n<meta name=\"description\" content=\"Posilte sv\u00e9 znalosti b\u011bloru\u0161tiny pomoc\u00ed interaktivn\u00edch cvi\u010den\u00ed z b\u011blorusk\u00e9 gramatiky od spole\u010dnosti Talkpal, va\u0161eho jazykov\u00e9ho tutora s um\u011blou inteligenc\u00ed.\" \/>\n<meta name=\"robots\" content=\"index, follow, max-snippet:-1, max-image-preview:large, max-video-preview:-1\" \/>\n<link rel=\"canonical\" href=\"https:\/\/talkpal.ai\/cs\/cviceni-na-beloruskou-gramatiku\/\" \/>\n<meta property=\"og:locale\" content=\"cs_CZ\" \/>\n<meta property=\"og:type\" content=\"article\" \/>\n<meta property=\"og:title\" content=\"Cvi\u010den\u00ed na b\u011bloruskou gramatiku\" \/>\n<meta property=\"og:description\" content=\"T\u00e9mata b\u011blorusk\u00e9 gramatiky B\u011bloru\u0161tina je v\u00fdchodoslovansk\u00fd jazyk, kter\u00fdm v B\u011blorusku mluv\u00ed p\u0159ev\u00e1\u017en\u011b p\u0159ibli\u017en\u011b 70 % obyvatel. Jako slovansk\u00fd jazyk sd\u00edl\u00ed\" \/>\n<meta property=\"og:url\" content=\"https:\/\/talkpal.ai\/cs\/cviceni-na-beloruskou-gramatiku\/\" \/>\n<meta property=\"og:site_name\" content=\"Talkpal\" \/>\n<meta property=\"article:publisher\" content=\"https:\/\/www.facebook.com\/profile.php?id=100090733639311\" \/>\n<meta property=\"article:modified_time\" content=\"2025-05-23T11:31:43+00:00\" \/>\n<meta property=\"og:image\" content=\"https:\/\/talkpal.ai\/wp-content\/uploads\/2023\/05\/belarus.png\" \/>\n\t<meta property=\"og:image:width\" content=\"512\" \/>\n\t<meta property=\"og:image:height\" content=\"512\" \/>\n\t<meta property=\"og:image:type\" content=\"image\/png\" \/>\n<meta name=\"twitter:card\" content=\"summary_large_image\" \/>\n<meta name=\"twitter:site\" content=\"@talkpalai\" \/>\n<meta name=\"twitter:label1\" content=\"Odhadovan\u00e1 doba \u010dten\u00ed\" \/>\n\t<meta name=\"twitter:data1\" content=\"4 minuty\" \/>\n<script type=\"application\/ld+json\" class=\"yoast-schema-graph\">{\"@context\":\"https:\/\/schema.org\",\"@graph\":[{\"@type\":\"WebPage\",\"@id\":\"https:\/\/talkpal.ai\/cs\/cviceni-na-beloruskou-gramatiku\/\",\"url\":\"https:\/\/talkpal.ai\/cs\/cviceni-na-beloruskou-gramatiku\/\",\"name\":\"Cvi\u010den\u00ed na b\u011bloruskou gramatiku - Talkpal\",\"isPartOf\":{\"@id\":\"https:\/\/talkpal.ai\/cs\/#website\"},\"primaryImageOfPage\":{\"@id\":\"https:\/\/talkpal.ai\/cs\/cviceni-na-beloruskou-gramatiku\/#primaryimage\"},\"image\":{\"@id\":\"https:\/\/talkpal.ai\/cs\/cviceni-na-beloruskou-gramatiku\/#primaryimage\"},\"thumbnailUrl\":\"https:\/\/talkpal.ai\/wp-content\/uploads\/2023\/05\/belarus.png\",\"datePublished\":\"2023-06-16T11:55:18+00:00\",\"dateModified\":\"2025-05-23T11:31:43+00:00\",\"description\":\"Posilte sv\u00e9 znalosti b\u011bloru\u0161tiny pomoc\u00ed interaktivn\u00edch cvi\u010den\u00ed z b\u011blorusk\u00e9 gramatiky od spole\u010dnosti Talkpal, va\u0161eho jazykov\u00e9ho tutora s um\u011blou inteligenc\u00ed.\",\"breadcrumb\":{\"@id\":\"https:\/\/talkpal.ai\/cs\/cviceni-na-beloruskou-gramatiku\/#breadcrumb\"},\"inLanguage\":\"cs\",\"potentialAction\":[{\"@type\":\"ReadAction\",\"target\":[\"https:\/\/talkpal.ai\/cs\/cviceni-na-beloruskou-gramatiku\/\"]}]},{\"@type\":\"ImageObject\",\"inLanguage\":\"cs\",\"@id\":\"https:\/\/talkpal.ai\/cs\/cviceni-na-beloruskou-gramatiku\/#primaryimage\",\"url\":\"https:\/\/talkpal.ai\/wp-content\/uploads\/2023\/05\/belarus.png\",\"contentUrl\":\"https:\/\/talkpal.ai\/wp-content\/uploads\/2023\/05\/belarus.png\",\"width\":512,\"height\":512},{\"@type\":\"BreadcrumbList\",\"@id\":\"https:\/\/talkpal.ai\/cs\/cviceni-na-beloruskou-gramatiku\/#breadcrumb\",\"itemListElement\":[{\"@type\":\"ListItem\",\"position\":1,\"name\":\"Homepage\",\"item\":\"https:\/\/talkpal.ai\/cs\/\"},{\"@type\":\"ListItem\",\"position\":2,\"name\":\"Cvi\u010den\u00ed na b\u011bloruskou gramatiku\"}]},{\"@type\":\"WebSite\",\"@id\":\"https:\/\/talkpal.ai\/cs\/#website\",\"url\":\"https:\/\/talkpal.ai\/cs\/\",\"name\":\"Talkpal\",\"description\":\"AI Language Learning\",\"publisher\":{\"@id\":\"https:\/\/talkpal.ai\/cs\/#organization\"},\"alternateName\":\"Talkpal AI\",\"potentialAction\":[{\"@type\":\"SearchAction\",\"target\":{\"@type\":\"EntryPoint\",\"urlTemplate\":\"https:\/\/talkpal.ai\/cs\/?s={search_term_string}\"},\"query-input\":{\"@type\":\"PropertyValueSpecification\",\"valueRequired\":true,\"valueName\":\"search_term_string\"}}],\"inLanguage\":\"cs\"},{\"@type\":\"Organization\",\"@id\":\"https:\/\/talkpal.ai\/cs\/#organization\",\"name\":\"Talkpal, Inc.\",\"alternateName\":\"Talkpal AI\",\"url\":\"https:\/\/talkpal.ai\/cs\/\",\"logo\":{\"@type\":\"ImageObject\",\"inLanguage\":\"cs\",\"@id\":\"https:\/\/talkpal.ai\/cs\/#\/schema\/logo\/image\/\",\"url\":\"https:\/\/talkpal.ai\/wp-content\/uploads\/2024\/03\/Talkpal-Logo-Icon.png\",\"contentUrl\":\"https:\/\/talkpal.ai\/wp-content\/uploads\/2024\/03\/Talkpal-Logo-Icon.png\",\"width\":2880,\"height\":2880,\"caption\":\"Talkpal, Inc.\"},\"image\":{\"@id\":\"https:\/\/talkpal.ai\/cs\/#\/schema\/logo\/image\/\"},\"sameAs\":[\"https:\/\/www.facebook.com\/profile.php?id=100090733639311\",\"https:\/\/x.com\/talkpalai\",\"https:\/\/www.linkedin.com\/company\/talkpal\/\",\"https:\/\/www.youtube.com\/@TalkPal\/\",\"https:\/\/www.tiktok.com\/@talkpal\",\"https:\/\/www.instagram.com\/talkpal_ai\/\",\"https:\/\/www.crunchbase.com\/organization\/talkpal-9cde\",\"https:\/\/www.g2.com\/products\/talkpal-for-business\/\",\"https:\/\/www.trustpilot.com\/review\/talkpal.ai\",\"https:\/\/www.capterra.com\/p\/10006800\/TalkPal\/\"],\"description\":\"Talkpal is a language learning web and mobile education app, powered by the latest AI technologies, that provides engaging experiences to its customers in many different languages to help them improve their language skills. Users can chat about unlimited amount of topics with the app and use other modes to practice their language learning.\",\"email\":\"support@talkpal.ai\",\"legalName\":\"Talkpal, Inc.\",\"foundingDate\":\"2023-04-03\",\"duns\":\"118989042\",\"numberOfEmployees\":{\"@type\":\"QuantitativeValue\",\"minValue\":\"11\",\"maxValue\":\"50\"},\"publishingPrinciples\":\"https:\/\/talkpal.ai\/publishing-principles\/\",\"actionableFeedbackPolicy\":\"https:\/\/talkpal.ai\/actionable-feedback-policy\/\",\"correctionsPolicy\":\"https:\/\/talkpal.ai\/corrections-policy\/\",\"ethicsPolicy\":\"https:\/\/talkpal.ai\/ethics-policy\/\",\"diversityPolicy\":\"https:\/\/talkpal.ai\/diversity-policy\/\",\"diversityStaffingReport\":\"https:\/\/talkpal.ai\/diversity-policy\/\"}]}<\/script>\n<!-- \/ Yoast SEO Premium plugin. -->","yoast_head_json":{"title":"Cvi\u010den\u00ed na b\u011bloruskou gramatiku - Talkpal","description":"Posilte sv\u00e9 znalosti b\u011bloru\u0161tiny pomoc\u00ed interaktivn\u00edch cvi\u010den\u00ed z b\u011blorusk\u00e9 gramatiky od spole\u010dnosti Talkpal, va\u0161eho jazykov\u00e9ho tutora s um\u011blou inteligenc\u00ed.","robots":{"index":"index","follow":"follow","max-snippet":"max-snippet:-1","max-image-preview":"max-image-preview:large","max-video-preview":"max-video-preview:-1"},"canonical":"https:\/\/talkpal.ai\/cs\/cviceni-na-beloruskou-gramatiku\/","og_locale":"cs_CZ","og_type":"article","og_title":"Cvi\u010den\u00ed na b\u011bloruskou gramatiku","og_description":"T\u00e9mata b\u011blorusk\u00e9 gramatiky B\u011bloru\u0161tina je v\u00fdchodoslovansk\u00fd jazyk, kter\u00fdm v B\u011blorusku mluv\u00ed p\u0159ev\u00e1\u017en\u011b p\u0159ibli\u017en\u011b 70 % obyvatel. Jako slovansk\u00fd jazyk sd\u00edl\u00ed","og_url":"https:\/\/talkpal.ai\/cs\/cviceni-na-beloruskou-gramatiku\/","og_site_name":"Talkpal","article_publisher":"https:\/\/www.facebook.com\/profile.php?id=100090733639311","article_modified_time":"2025-05-23T11:31:43+00:00","og_image":[{"width":512,"height":512,"url":"https:\/\/talkpal.ai\/wp-content\/uploads\/2023\/05\/belarus.png","type":"image\/png"}],"twitter_card":"summary_large_image","twitter_site":"@talkpalai","twitter_misc":{"Odhadovan\u00e1 doba \u010dten\u00ed":"4 minuty"},"schema":{"@context":"https:\/\/schema.org","@graph":[{"@type":"WebPage","@id":"https:\/\/talkpal.ai\/cs\/cviceni-na-beloruskou-gramatiku\/","url":"https:\/\/talkpal.ai\/cs\/cviceni-na-beloruskou-gramatiku\/","name":"Cvi\u010den\u00ed na b\u011bloruskou gramatiku - Talkpal","isPartOf":{"@id":"https:\/\/talkpal.ai\/cs\/#website"},"primaryImageOfPage":{"@id":"https:\/\/talkpal.ai\/cs\/cviceni-na-beloruskou-gramatiku\/#primaryimage"},"image":{"@id":"https:\/\/talkpal.ai\/cs\/cviceni-na-beloruskou-gramatiku\/#primaryimage"},"thumbnailUrl":"https:\/\/talkpal.ai\/wp-content\/uploads\/2023\/05\/belarus.png","datePublished":"2023-06-16T11:55:18+00:00","dateModified":"2025-05-23T11:31:43+00:00","description":"Posilte sv\u00e9 znalosti b\u011bloru\u0161tiny pomoc\u00ed interaktivn\u00edch cvi\u010den\u00ed z b\u011blorusk\u00e9 gramatiky od spole\u010dnosti Talkpal, va\u0161eho jazykov\u00e9ho tutora s um\u011blou inteligenc\u00ed.","breadcrumb":{"@id":"https:\/\/talkpal.ai\/cs\/cviceni-na-beloruskou-gramatiku\/#breadcrumb"},"inLanguage":"cs","potentialAction":[{"@type":"ReadAction","target":["https:\/\/talkpal.ai\/cs\/cviceni-na-beloruskou-gramatiku\/"]}]},{"@type":"ImageObject","inLanguage":"cs","@id":"https:\/\/talkpal.ai\/cs\/cviceni-na-beloruskou-gramatiku\/#primaryimage","url":"https:\/\/talkpal.ai\/wp-content\/uploads\/2023\/05\/belarus.png","contentUrl":"https:\/\/talkpal.ai\/wp-content\/uploads\/2023\/05\/belarus.png","width":512,"height":512},{"@type":"BreadcrumbList","@id":"https:\/\/talkpal.ai\/cs\/cviceni-na-beloruskou-gramatiku\/#breadcrumb","itemListElement":[{"@type":"ListItem","position":1,"name":"Homepage","item":"https:\/\/talkpal.ai\/cs\/"},{"@type":"ListItem","position":2,"name":"Cvi\u010den\u00ed na b\u011bloruskou gramatiku"}]},{"@type":"WebSite","@id":"https:\/\/talkpal.ai\/cs\/#website","url":"https:\/\/talkpal.ai\/cs\/","name":"Talkpal","description":"AI Language Learning","publisher":{"@id":"https:\/\/talkpal.ai\/cs\/#organization"},"alternateName":"Talkpal AI","potentialAction":[{"@type":"SearchAction","target":{"@type":"EntryPoint","urlTemplate":"https:\/\/talkpal.ai\/cs\/?s={search_term_string}"},"query-input":{"@type":"PropertyValueSpecification","valueRequired":true,"valueName":"search_term_string"}}],"inLanguage":"cs"},{"@type":"Organization","@id":"https:\/\/talkpal.ai\/cs\/#organization","name":"Talkpal, Inc.","alternateName":"Talkpal AI","url":"https:\/\/talkpal.ai\/cs\/","logo":{"@type":"ImageObject","inLanguage":"cs","@id":"https:\/\/talkpal.ai\/cs\/#\/schema\/logo\/image\/","url":"https:\/\/talkpal.ai\/wp-content\/uploads\/2024\/03\/Talkpal-Logo-Icon.png","contentUrl":"https:\/\/talkpal.ai\/wp-content\/uploads\/2024\/03\/Talkpal-Logo-Icon.png","width":2880,"height":2880,"caption":"Talkpal, Inc."},"image":{"@id":"https:\/\/talkpal.ai\/cs\/#\/schema\/logo\/image\/"},"sameAs":["https:\/\/www.facebook.com\/profile.php?id=100090733639311","https:\/\/x.com\/talkpalai","https:\/\/www.linkedin.com\/company\/talkpal\/","https:\/\/www.youtube.com\/@TalkPal\/","https:\/\/www.tiktok.com\/@talkpal","https:\/\/www.instagram.com\/talkpal_ai\/","https:\/\/www.crunchbase.com\/organization\/talkpal-9cde","https:\/\/www.g2.com\/products\/talkpal-for-business\/","https:\/\/www.trustpilot.com\/review\/talkpal.ai","https:\/\/www.capterra.com\/p\/10006800\/TalkPal\/"],"description":"Talkpal is a language learning web and mobile education app, powered by the latest AI technologies, that provides engaging experiences to its customers in many different languages to help them improve their language skills. Users can chat about unlimited amount of topics with the app and use other modes to practice their language learning.","email":"support@talkpal.ai","legalName":"Talkpal, Inc.","foundingDate":"2023-04-03","duns":"118989042","numberOfEmployees":{"@type":"QuantitativeValue","minValue":"11","maxValue":"50"},"publishingPrinciples":"https:\/\/talkpal.ai\/publishing-principles\/","actionableFeedbackPolicy":"https:\/\/talkpal.ai\/actionable-feedback-policy\/","correctionsPolicy":"https:\/\/talkpal.ai\/corrections-policy\/","ethicsPolicy":"https:\/\/talkpal.ai\/ethics-policy\/","diversityPolicy":"https:\/\/talkpal.ai\/diversity-policy\/","diversityStaffingReport":"https:\/\/talkpal.ai\/diversity-policy\/"}]}},"_links":{"self":[{"href":"https:\/\/talkpal.ai\/cs\/wp-json\/wp\/v2\/pages\/165716","targetHints":{"allow":["GET"]}}],"collection":[{"href":"https:\/\/talkpal.ai\/cs\/wp-json\/wp\/v2\/pages"}],"about":[{"href":"https:\/\/talkpal.ai\/cs\/wp-json\/wp\/v2\/types\/page"}],"author":[{"embeddable":true,"href":"https:\/\/talkpal.ai\/cs\/wp-json\/wp\/v2\/users\/6"}],"replies":[{"embeddable":true,"href":"https:\/\/talkpal.ai\/cs\/wp-json\/wp\/v2\/comments?post=165716"}],"version-history":[{"count":0,"href":"https:\/\/talkpal.ai\/cs\/wp-json\/wp\/v2\/pages\/165716\/revisions"}],"wp:featuredmedia":[{"embeddable":true,"href":"https:\/\/talkpal.ai\/cs\/wp-json\/wp\/v2\/media\/110549"}],"wp:attachment":[{"href":"https:\/\/talkpal.ai\/cs\/wp-json\/wp\/v2\/media?parent=165716"}],"curies":[{"name":"wp","href":"https:\/\/api.w.org\/{rel}","templated":true}]}}