{"id":164700,"date":"2023-06-16T12:39:48","date_gmt":"2023-06-16T12:39:48","guid":{"rendered":"http:\/\/talkpal.ai\/bulharska-gramaticka-cviceni\/"},"modified":"2025-05-23T12:00:26","modified_gmt":"2025-05-23T12:00:26","slug":"bulharska-gramaticka-cviceni","status":"publish","type":"page","link":"https:\/\/talkpal.ai\/cs\/bulharska-gramaticka-cviceni\/","title":{"rendered":"Bulharsk\u00e1 gramatick\u00e1 cvi\u010den\u00ed"},"content":{"rendered":"\r\n\r\n\r\n<section class=\"languageChallengeSection\">\r\n    <div class=\"languageInfoWrapper\">\r\n        \r\n        <h1>Bulharsk\u00e1 gramatick\u00e1 cvi\u010den\u00ed<\/h1>\r\n        <p>Chcete si zlep\u0161it znalosti bulhar\u0161tiny? Procvi\u010dov\u00e1n\u00ed gramatick\u00fdch cvi\u010den\u00ed je vynikaj\u00edc\u00edm zp\u016fsobem, jak si osvojit strukturu v\u011bty, slovesn\u00e9 tvary a jedine\u010dn\u00e9 vzorce bulharsk\u00e9ho jazyka. Za\u010dn\u011bte pracovat na bulharsk\u00e9 gramatice je\u0161t\u011b dnes a sledujte, jak s ka\u017ed\u00fdm cvi\u010den\u00edm roste va\u0161e sebev\u011bdom\u00ed a plynulost!<\/p>\r\n\r\n                            <a class=\"getStartedHidden\" href=\"https:\/\/app.talkpal.ai\/cs\/signup?lng=\">Za\u010dni<\/a>\r\n        \r\n    <\/div>\r\n\r\n    <figure>\r\n    <img decoding=\"async\" width=\"768\" height=\"768\" src=\"https:\/\/talkpal.ai\/wp-content\/uploads\/2023\/06\/bulgarian-768x768.png\" class=\"languageImage no-lazy\" alt=\"Language learning for deeper cultural understanding\" fetchpriority=\"high\" sizes=\"(max-width: 768px) 150px, 768px\" srcset=\"https:\/\/talkpal.ai\/wp-content\/uploads\/2023\/06\/bulgarian-768x768.png 768w, https:\/\/talkpal.ai\/wp-content\/uploads\/2023\/06\/bulgarian-300x300.png 300w\" \/>\r\n    \r\n\r\n    <\/figure>\r\n\r\n            <a class=\"getStartedVisible\" href=\"https:\/\/app.talkpal.ai\/cs\/signup?lng=\">Za\u010dni<\/a>\r\n    \r\n<\/section>\r\n\r\n\r\n<!-- <section class=\"grammarSection\">\r\n    <div class=\"grammarLinks\">\r\n            <\/div>\r\n<\/section> -->\r\n\r\n\r\n\r\n\r\n<section class=\"promotionalBanner\">\r\n    <p class=\"promotionalText\">Nejefektivn\u011bj\u0161\u00ed <a href=\"https:\/\/talkpal.ai\/best-way-to-learn\/\">zp\u016fsob<\/a>, jak se nau\u010dit jazyk<\/p>\r\n    <a class=\"promotionalLink\" href=\"https:\/\/app.talkpal.ai\/cs\/signup?lng=\">Vyzkou\u0161ejte Talkpal zdarma<\/a>\r\n<\/section>\n<div class=\"wp-block-group pageContainerStyle\"><div class=\"wp-block-group__inner-container is-layout-constrained wp-block-group-is-layout-constrained\">\n<h2 class=\"wp-block-heading\" id=\"h-bulgarian-grammar-topics\">T\u00e9mata bulharsk\u00e9 gramatiky<\/h2>\n\n\n\n<p>Bulhar\u0161tina je jihoslovansk\u00fd jazyk, kter\u00fdm se mluv\u00ed p\u0159edev\u0161\u00edm v Bulharsku a bulharsk\u00fdmi komunitami v sousedn\u00edch zem\u00edch. Jako \u00fa\u0159edn\u00ed jazyk Bulharska hraje d\u016fle\u017eitou roli v kultu\u0159e, historii i ka\u017edodenn\u00edm \u017eivot\u011b zem\u011b. U\u010den\u00ed bulhar\u0161tiny m\u016f\u017ee b\u00fdt obohacuj\u00edc\u00edm z\u00e1\u017eitkem, proto\u017ee v\u00e1m umo\u017en\u00ed prozkoumat bohatou literaturu, kr\u00e1snou krajinu a chutnou kuchyni zem\u011b. Pro zvl\u00e1dnut\u00ed bulhar\u0161tiny je nezbytn\u00e9 porozum\u011bt jej\u00ed gramatice, kter\u00e1 m\u00e1 sv\u00e9 jedine\u010dn\u00e9 rysy a struktury. V t\u00e9to p\u0159\u00edru\u010dce prozkoum\u00e1me kl\u00ed\u010dov\u00e1 t\u00e9mata bulharsk\u00e9 gramatiky, kter\u00e1 byste se m\u011bli postupn\u011b nau\u010dit, abyste dos\u00e1hli pevn\u00fdch z\u00e1klad\u016f v jazyce.<\/p>\n\n\n\n<h3 class=\"wp-block-heading\" id=\"h-1-nouns\">1. Podstatn\u00e1 jm\u00e9na:<\/h3>\n\n\n\n<p>Bulharsk\u00e1 podstatn\u00e1 jm\u00e9na maj\u00ed rod (mu\u017esk\u00fd, \u017eensk\u00fd a st\u0159edn\u00ed), co\u017e je d\u016fle\u017eit\u00e9 v\u011bd\u011bt, proto\u017ee ovliv\u0148uje tvar jin\u00fdch slov ve v\u011bt\u011b, jako jsou p\u0159\u00eddavn\u00e1 jm\u00e9na a \u010dleny. Maj\u00ed tak\u00e9 tvary jednotn\u00e9ho a mno\u017en\u00e9ho \u010d\u00edsla, ale na rozd\u00edl od angli\u010dtiny neexistuj\u00ed \u017e\u00e1dn\u00e9 p\u00e1dy.<\/p>\n\n\n\n<h3 class=\"wp-block-heading\" id=\"h-2-articles\">2. \u010cl\u00e1nky:<\/h3>\n\n\n\n<p>V bulhar\u0161tin\u011b se \u010dleny p\u0159ipojuj\u00ed na konec podstatn\u00e9ho jm\u00e9na, kter\u00e9 modifikuj\u00ed. Existuj\u00ed ur\u010dit\u00e9 a neur\u010dit\u00e9 \u010dleny, kter\u00e9 se m\u011bn\u00ed podle rodu a \u010d\u00edsla podstatn\u00e9ho jm\u00e9na.<\/p>\n\n\n\n<h3 class=\"wp-block-heading\" id=\"h-3-pronouns-determiners\">3. Z\u00e1jmena\/determinanty:<\/h3>\n\n\n\n<p>Bulhar\u0161tina m\u00e1 osobn\u00ed, p\u0159ivlast\u0148ovac\u00ed, ukazovac\u00ed, t\u00e1zac\u00ed a <a href=\"https:\/\/talkpal.ai\/cs\/grammar_exercises\/cviceni-vztazna-zajmena-pro-anglickou-gramatiku\/\">vzta\u017en\u00e1 z\u00e1jmena<\/a>. Shoduj\u00ed se v rod\u011b a \u010d\u00edsle s podstatn\u00fdm jm\u00e9nem, kter\u00e9 nahrazuj\u00ed nebo upravuj\u00ed. Determin\u00e1tory se pou\u017e\u00edvaj\u00ed ke specifikaci nebo kvantifikaci podstatn\u00fdch jmen.<\/p>\n\n\n\n<h3 class=\"wp-block-heading\" id=\"h-4-adjectives\">4. P\u0159\u00eddavn\u00e1 jm\u00e9na:<\/h3>\n\n\n\n<p>P\u0159\u00eddavn\u00e1 jm\u00e9na v bulhar\u0161tin\u011b se shoduj\u00ed v rod\u011b, \u010d\u00edsle a ur\u010ditosti s podstatn\u00fdm jm\u00e9nem, kter\u00e9 modifikuj\u00ed. Maj\u00ed t\u0159i stupn\u011b srovn\u00e1n\u00ed &#8211; pozitivn\u00ed, komparativn\u00ed a superlativn\u00ed.<\/p>\n\n\n\n<h3 class=\"wp-block-heading\" id=\"h-5-adverbs\">5. P\u0159\u00edslovce:<\/h3>\n\n\n\n<p>P\u0159\u00edslovce modifikuj\u00ed slovesa, p\u0159\u00eddavn\u00e1 jm\u00e9na nebo jin\u00e1 p\u0159\u00edslovce. Jejich forma se nem\u011bn\u00ed a jsou nezbytn\u00e9 pro vyj\u00e1d\u0159en\u00ed \u010dasu, m\u00edsta, zp\u016fsobu a stupn\u011b.<\/p>\n\n\n\n<h3 class=\"wp-block-heading\" id=\"h-6-verbs\">6. Slovesa:<\/h3>\n\n\n\n<p>Bulharsk\u00e1 slovesa maj\u00ed t\u0159i hlavn\u00ed \u010dasov\u00e1n\u00ed a sklo\u0148uj\u00ed se pro osobu, \u010d\u00edslo, \u010das, zp\u016fsob a hlas. Nau\u010dit se spr\u00e1vn\u00e9 \u010dasov\u00e1n\u00ed a porozum\u011bt r\u016fzn\u00fdm slovesn\u00fdm aspekt\u016fm je z\u00e1sadn\u00ed pro spr\u00e1vnou komunikaci.<\/p>\n\n\n\n<h3 class=\"wp-block-heading\" id=\"h-7-tenses\">7. \u010casy:<\/h3>\n\n\n\n<p>Bulhar\u0161tina m\u00e1 t\u0159i hlavn\u00ed \u010dasy &#8211; minul\u00fd, p\u0159\u00edtomn\u00fd a budouc\u00ed. Nau\u010dit se tvo\u0159it a pou\u017e\u00edvat tyto \u010dasy je nezbytn\u00e9 pro pochopen\u00ed a vyjad\u0159ov\u00e1n\u00ed \u010dasu v bulhar\u0161tin\u011b.<\/p>\n\n\n\n<h3 class=\"wp-block-heading\" id=\"h-8-tense-comparison\">8. Srovn\u00e1n\u00ed \u010das\u016f:<\/h3>\n\n\n\n<p>Schopnost porovn\u00e1vat r\u016fzn\u00e9 \u010dasy je d\u016fle\u017eit\u00e1 pro pochopen\u00ed slo\u017eit\u00fdch souv\u011bt\u00ed a vyjad\u0159ov\u00e1n\u00ed r\u016fzn\u00fdch \u010dasov\u00fdch vztah\u016f v bulhar\u0161tin\u011b.<\/p>\n\n\n\n<h3 class=\"wp-block-heading\" id=\"h-9-progressive\">9. Progresivn\u00ed:<\/h3>\n\n\n\n<p>Progresivn\u00ed aspekt se v bulhar\u0161tin\u011b pou\u017e\u00edv\u00e1 k popisu prob\u00edhaj\u00edc\u00edch akc\u00ed. Lze jej tvo\u0159it pomocn\u00fdmi slovesy a p\u0159\u00ed\u010dest\u00edm p\u0159\u00edtomn\u00fdm hlavn\u00edho slovesa.<\/p>\n\n\n\n<h3 class=\"wp-block-heading\" id=\"h-10-perfect-progressive\">10. Perfektn\u00ed progresivn\u00ed:<\/h3>\n\n\n\n<p>Dokonal\u00fd progresivn\u00ed aspekt kombinuje dokonal\u00e9 a progresivn\u00ed aspekty k vyj\u00e1d\u0159en\u00ed akc\u00ed, kter\u00e9 za\u010daly v minulosti, pokra\u010duj\u00ed v p\u0159\u00edtomnosti a mohou pokra\u010dovat v budoucnosti.<\/p>\n\n\n\n<h3 class=\"wp-block-heading\" id=\"h-11-conditionals\">11. Kondicion\u00e1ly:<\/h3>\n\n\n\n<p>Bulhar\u0161tina m\u00e1 t\u0159i typy kondicion\u00e1lu &#8211; re\u00e1ln\u00fd, nere\u00e1ln\u00fd a potenci\u00e1ln\u00ed. Pou\u017e\u00edvaj\u00ed se k vyj\u00e1d\u0159en\u00ed hypotetick\u00fdch situac\u00ed nebo situac\u00ed, kter\u00e9 jsou v rozporu se skute\u010dnost\u00ed, a tak\u00e9 k p\u0159edpov\u00edd\u00e1n\u00ed nebo poskytov\u00e1n\u00ed rad.<\/p>\n\n\n\n<h3 class=\"wp-block-heading\" id=\"h-12-prepositions\">12. P\u0159edlo\u017eky:<\/h3>\n\n\n\n<p>P\u0159edlo\u017eky jsou nezbytn\u00e9 pro vyj\u00e1d\u0159en\u00ed vztah\u016f mezi slovy ve v\u011bt\u011b. Pou\u017e\u00edvaj\u00ed se k ozna\u010den\u00ed m\u00edsta, \u010dasu, sm\u011bru, p\u0159\u00ed\u010diny a dal\u0161\u00edch vztah\u016f.<\/p>\n\n\n\n<h3 class=\"wp-block-heading\" id=\"h-13-sentences\">13. V\u011bty:<\/h3>\n\n\n\n<p>Nau\u010dit se tvo\u0159it jednoduch\u00e9 a slo\u017eit\u00e9 v\u011bty v bulhar\u0161tin\u011b je z\u00e1sadn\u00ed pro efektivn\u00ed komunikaci. To zahrnuje pochopen\u00ed spr\u00e1vn\u00e9ho slovosledu, shody podm\u011btu a slovesa a pou\u017e\u00edv\u00e1n\u00ed spojek a dal\u0161\u00edch v\u011btn\u00fdch struktur.<\/p>\n<\/div><\/div>\n\r\n<section class=\"learnNavigationSection\">\r\n            \r\n        <a href=\"https:\/\/talkpal.ai\/cs\/naucte-se-bulharsky\/\">\r\n            <div class=\"learnNavigationWrapper\">\r\n                <div class=\"learnNavigationContent\">\r\n                    <img decoding=\"async\" src=\"https:\/\/talkpal.ai\/wp-content\/uploads\/2024\/08\/Bulgarian.jpg\" alt=\"Bulgarian Flag\">\r\n                    <div>\r\n                        <h4>O studiu bulhar\u0161tiny<\/h4>\r\n                        <p>Zjist\u011bte v\u0161e o bulharsk\u00e9 gramatice.<\/p>\r\n                    <\/div>\r\n                <\/div>\r\n            <\/div>\r\n        <\/a>\r\n\r\n        \r\n        <a href=\"https:\/\/talkpal.ai\/cs\/bulharska-gramatika\/\">\r\n            <div class=\"learnNavigationWrapper\">\r\n                <div class=\"learnNavigationContent\">\r\n                    <img decoding=\"async\" src=\"https:\/\/talkpal.ai\/wp-content\/uploads\/2024\/08\/Bulgarian.jpg\" alt=\"Bulgarian Flag\">\r\n                    <div>\r\n                        <h4>Lekce bulharsk\u00e9 gramatiky<\/h4>\r\n                        <p>Procvi\u010dte si bulharskou gramatiku.<\/p>\r\n                    <\/div>\r\n                <\/div>\r\n            <\/div>\r\n        <\/a>\r\n\r\n        \r\n        <a href=\"https:\/\/talkpal.ai\/vocabulary_language\/bulgarian\/\">\r\n            <div class=\"learnNavigationWrapper\">\r\n                <div class=\"learnNavigationContent\">\r\n                    <img decoding=\"async\" src=\"https:\/\/talkpal.ai\/wp-content\/uploads\/2024\/08\/Bulgarian.jpg\" alt=\"Bulgarian Flag\">\r\n                    <div>\r\n                        <h4>Bulharsk\u00e1 slovn\u00ed z\u00e1soba<\/h4>\r\n                        <p>Roz\u0161i\u0159te si slovn\u00ed z\u00e1sobu bulhar\u0161tiny.<\/p>\r\n                    <\/div>\r\n                <\/div>\r\n            <\/div>\r\n        <\/a>\r\n\r\n            <\/section>","protected":false},"excerpt":{"rendered":"<p>T\u00e9mata bulharsk\u00e9 gramatiky Bulhar\u0161tina je jihoslovansk\u00fd jazyk, kter\u00fdm se mluv\u00ed p\u0159edev\u0161\u00edm v Bulharsku a bulharsk\u00fdmi komunitami v sousedn\u00edch zem\u00edch. Jako \u00fa\u0159edn\u00ed jazyk Bulharska hraje d\u016fle\u017eitou roli v kultu\u0159e, historii i ka\u017edodenn\u00edm \u017eivot\u011b zem\u011b. U\u010den\u00ed bulhar\u0161tiny m\u016f\u017ee b\u00fdt obohacuj\u00edc\u00edm z\u00e1\u017eitkem, proto\u017ee v\u00e1m umo\u017en\u00ed prozkoumat bohatou literaturu, kr\u00e1snou krajinu a chutnou kuchyni zem\u011b. Pro zvl\u00e1dnut\u00ed bulhar\u0161tiny je [&hellip;]<\/p>\n","protected":false},"author":6,"featured_media":111155,"parent":0,"menu_order":0,"comment_status":"closed","ping_status":"closed","template":"LearningContentPage.php","meta":{"_acf_changed":false,"footnotes":""},"class_list":["post-164700","page","type-page","status-publish","has-post-thumbnail","hentry"],"acf":[],"yoast_head":"<!-- This site is optimized with the Yoast SEO Premium plugin v27.2 (Yoast SEO v27.2) - https:\/\/yoast.com\/product\/yoast-seo-premium-wordpress\/ -->\n<title>Bulharsk\u00e1 gramatick\u00e1 cvi\u010den\u00ed - Talkpal<\/title>\n<meta name=\"description\" content=\"Zlep\u0161ete sv\u00e9 jazykov\u00e9 dovednosti pomoc\u00ed cvi\u010den\u00ed bulharsk\u00e9 gramatiky. Zvl\u00e1dn\u011bte gramatiku a z\u00edskejte pevn\u00e9 z\u00e1klady bulhar\u0161tiny.\" \/>\n<meta name=\"robots\" content=\"index, follow, max-snippet:-1, max-image-preview:large, max-video-preview:-1\" \/>\n<link rel=\"canonical\" href=\"https:\/\/talkpal.ai\/cs\/bulharska-gramaticka-cviceni\/\" \/>\n<meta property=\"og:locale\" content=\"cs_CZ\" \/>\n<meta property=\"og:type\" content=\"article\" \/>\n<meta property=\"og:title\" content=\"Bulharsk\u00e1 gramatick\u00e1 cvi\u010den\u00ed\" \/>\n<meta property=\"og:description\" content=\"T\u00e9mata bulharsk\u00e9 gramatiky Bulhar\u0161tina je jihoslovansk\u00fd jazyk, kter\u00fdm se mluv\u00ed p\u0159edev\u0161\u00edm v Bulharsku a bulharsk\u00fdmi komunitami v sousedn\u00edch zem\u00edch. Jako\" \/>\n<meta property=\"og:url\" content=\"https:\/\/talkpal.ai\/cs\/bulharska-gramaticka-cviceni\/\" \/>\n<meta property=\"og:site_name\" content=\"Talkpal\" \/>\n<meta property=\"article:publisher\" content=\"https:\/\/www.facebook.com\/profile.php?id=100090733639311\" \/>\n<meta property=\"article:modified_time\" content=\"2025-05-23T12:00:26+00:00\" \/>\n<meta property=\"og:image\" content=\"https:\/\/talkpal.ai\/wp-content\/uploads\/2023\/05\/bulgaria.png\" \/>\n\t<meta property=\"og:image:width\" content=\"512\" \/>\n\t<meta property=\"og:image:height\" content=\"512\" \/>\n\t<meta property=\"og:image:type\" content=\"image\/png\" \/>\n<meta name=\"twitter:card\" content=\"summary_large_image\" \/>\n<meta name=\"twitter:site\" content=\"@talkpalai\" \/>\n<meta name=\"twitter:label1\" content=\"Odhadovan\u00e1 doba \u010dten\u00ed\" \/>\n\t<meta name=\"twitter:data1\" content=\"3 minuty\" \/>\n<script type=\"application\/ld+json\" class=\"yoast-schema-graph\">{\"@context\":\"https:\/\/schema.org\",\"@graph\":[{\"@type\":\"WebPage\",\"@id\":\"https:\/\/talkpal.ai\/cs\/bulharska-gramaticka-cviceni\/\",\"url\":\"https:\/\/talkpal.ai\/cs\/bulharska-gramaticka-cviceni\/\",\"name\":\"Bulharsk\u00e1 gramatick\u00e1 cvi\u010den\u00ed - Talkpal\",\"isPartOf\":{\"@id\":\"https:\/\/talkpal.ai\/cs\/#website\"},\"primaryImageOfPage\":{\"@id\":\"https:\/\/talkpal.ai\/cs\/bulharska-gramaticka-cviceni\/#primaryimage\"},\"image\":{\"@id\":\"https:\/\/talkpal.ai\/cs\/bulharska-gramaticka-cviceni\/#primaryimage\"},\"thumbnailUrl\":\"https:\/\/talkpal.ai\/wp-content\/uploads\/2023\/05\/bulgaria.png\",\"datePublished\":\"2023-06-16T12:39:48+00:00\",\"dateModified\":\"2025-05-23T12:00:26+00:00\",\"description\":\"Zlep\u0161ete sv\u00e9 jazykov\u00e9 dovednosti pomoc\u00ed cvi\u010den\u00ed bulharsk\u00e9 gramatiky. Zvl\u00e1dn\u011bte gramatiku a z\u00edskejte pevn\u00e9 z\u00e1klady bulhar\u0161tiny.\",\"breadcrumb\":{\"@id\":\"https:\/\/talkpal.ai\/cs\/bulharska-gramaticka-cviceni\/#breadcrumb\"},\"inLanguage\":\"cs\",\"potentialAction\":[{\"@type\":\"ReadAction\",\"target\":[\"https:\/\/talkpal.ai\/cs\/bulharska-gramaticka-cviceni\/\"]}]},{\"@type\":\"ImageObject\",\"inLanguage\":\"cs\",\"@id\":\"https:\/\/talkpal.ai\/cs\/bulharska-gramaticka-cviceni\/#primaryimage\",\"url\":\"https:\/\/talkpal.ai\/wp-content\/uploads\/2023\/05\/bulgaria.png\",\"contentUrl\":\"https:\/\/talkpal.ai\/wp-content\/uploads\/2023\/05\/bulgaria.png\",\"width\":512,\"height\":512},{\"@type\":\"BreadcrumbList\",\"@id\":\"https:\/\/talkpal.ai\/cs\/bulharska-gramaticka-cviceni\/#breadcrumb\",\"itemListElement\":[{\"@type\":\"ListItem\",\"position\":1,\"name\":\"Homepage\",\"item\":\"https:\/\/talkpal.ai\/cs\/\"},{\"@type\":\"ListItem\",\"position\":2,\"name\":\"Bulharsk\u00e1 gramatick\u00e1 cvi\u010den\u00ed\"}]},{\"@type\":\"WebSite\",\"@id\":\"https:\/\/talkpal.ai\/cs\/#website\",\"url\":\"https:\/\/talkpal.ai\/cs\/\",\"name\":\"Talkpal\",\"description\":\"AI Language Learning\",\"publisher\":{\"@id\":\"https:\/\/talkpal.ai\/cs\/#organization\"},\"alternateName\":\"Talkpal AI\",\"potentialAction\":[{\"@type\":\"SearchAction\",\"target\":{\"@type\":\"EntryPoint\",\"urlTemplate\":\"https:\/\/talkpal.ai\/cs\/?s={search_term_string}\"},\"query-input\":{\"@type\":\"PropertyValueSpecification\",\"valueRequired\":true,\"valueName\":\"search_term_string\"}}],\"inLanguage\":\"cs\"},{\"@type\":\"Organization\",\"@id\":\"https:\/\/talkpal.ai\/cs\/#organization\",\"name\":\"Talkpal, Inc.\",\"alternateName\":\"Talkpal AI\",\"url\":\"https:\/\/talkpal.ai\/cs\/\",\"logo\":{\"@type\":\"ImageObject\",\"inLanguage\":\"cs\",\"@id\":\"https:\/\/talkpal.ai\/cs\/#\/schema\/logo\/image\/\",\"url\":\"https:\/\/talkpal.ai\/wp-content\/uploads\/2024\/03\/Talkpal-Logo-Icon.png\",\"contentUrl\":\"https:\/\/talkpal.ai\/wp-content\/uploads\/2024\/03\/Talkpal-Logo-Icon.png\",\"width\":2880,\"height\":2880,\"caption\":\"Talkpal, Inc.\"},\"image\":{\"@id\":\"https:\/\/talkpal.ai\/cs\/#\/schema\/logo\/image\/\"},\"sameAs\":[\"https:\/\/www.facebook.com\/profile.php?id=100090733639311\",\"https:\/\/x.com\/talkpalai\",\"https:\/\/www.linkedin.com\/company\/talkpal\/\",\"https:\/\/www.youtube.com\/@TalkPal\/\",\"https:\/\/www.tiktok.com\/@talkpal\",\"https:\/\/www.instagram.com\/talkpal_ai\/\",\"https:\/\/www.crunchbase.com\/organization\/talkpal-9cde\",\"https:\/\/www.g2.com\/products\/talkpal-for-business\/\",\"https:\/\/www.trustpilot.com\/review\/talkpal.ai\",\"https:\/\/www.capterra.com\/p\/10006800\/TalkPal\/\"],\"description\":\"Talkpal is a language learning web and mobile education app, powered by the latest AI technologies, that provides engaging experiences to its customers in many different languages to help them improve their language skills. Users can chat about unlimited amount of topics with the app and use other modes to practice their language learning.\",\"email\":\"support@talkpal.ai\",\"legalName\":\"Talkpal, Inc.\",\"foundingDate\":\"2023-04-03\",\"duns\":\"118989042\",\"numberOfEmployees\":{\"@type\":\"QuantitativeValue\",\"minValue\":\"11\",\"maxValue\":\"50\"},\"publishingPrinciples\":\"https:\/\/talkpal.ai\/publishing-principles\/\",\"actionableFeedbackPolicy\":\"https:\/\/talkpal.ai\/actionable-feedback-policy\/\",\"correctionsPolicy\":\"https:\/\/talkpal.ai\/corrections-policy\/\",\"ethicsPolicy\":\"https:\/\/talkpal.ai\/ethics-policy\/\",\"diversityPolicy\":\"https:\/\/talkpal.ai\/diversity-policy\/\",\"diversityStaffingReport\":\"https:\/\/talkpal.ai\/diversity-policy\/\"}]}<\/script>\n<!-- \/ Yoast SEO Premium plugin. -->","yoast_head_json":{"title":"Bulharsk\u00e1 gramatick\u00e1 cvi\u010den\u00ed - Talkpal","description":"Zlep\u0161ete sv\u00e9 jazykov\u00e9 dovednosti pomoc\u00ed cvi\u010den\u00ed bulharsk\u00e9 gramatiky. Zvl\u00e1dn\u011bte gramatiku a z\u00edskejte pevn\u00e9 z\u00e1klady bulhar\u0161tiny.","robots":{"index":"index","follow":"follow","max-snippet":"max-snippet:-1","max-image-preview":"max-image-preview:large","max-video-preview":"max-video-preview:-1"},"canonical":"https:\/\/talkpal.ai\/cs\/bulharska-gramaticka-cviceni\/","og_locale":"cs_CZ","og_type":"article","og_title":"Bulharsk\u00e1 gramatick\u00e1 cvi\u010den\u00ed","og_description":"T\u00e9mata bulharsk\u00e9 gramatiky Bulhar\u0161tina je jihoslovansk\u00fd jazyk, kter\u00fdm se mluv\u00ed p\u0159edev\u0161\u00edm v Bulharsku a bulharsk\u00fdmi komunitami v sousedn\u00edch zem\u00edch. Jako","og_url":"https:\/\/talkpal.ai\/cs\/bulharska-gramaticka-cviceni\/","og_site_name":"Talkpal","article_publisher":"https:\/\/www.facebook.com\/profile.php?id=100090733639311","article_modified_time":"2025-05-23T12:00:26+00:00","og_image":[{"width":512,"height":512,"url":"https:\/\/talkpal.ai\/wp-content\/uploads\/2023\/05\/bulgaria.png","type":"image\/png"}],"twitter_card":"summary_large_image","twitter_site":"@talkpalai","twitter_misc":{"Odhadovan\u00e1 doba \u010dten\u00ed":"3 minuty"},"schema":{"@context":"https:\/\/schema.org","@graph":[{"@type":"WebPage","@id":"https:\/\/talkpal.ai\/cs\/bulharska-gramaticka-cviceni\/","url":"https:\/\/talkpal.ai\/cs\/bulharska-gramaticka-cviceni\/","name":"Bulharsk\u00e1 gramatick\u00e1 cvi\u010den\u00ed - Talkpal","isPartOf":{"@id":"https:\/\/talkpal.ai\/cs\/#website"},"primaryImageOfPage":{"@id":"https:\/\/talkpal.ai\/cs\/bulharska-gramaticka-cviceni\/#primaryimage"},"image":{"@id":"https:\/\/talkpal.ai\/cs\/bulharska-gramaticka-cviceni\/#primaryimage"},"thumbnailUrl":"https:\/\/talkpal.ai\/wp-content\/uploads\/2023\/05\/bulgaria.png","datePublished":"2023-06-16T12:39:48+00:00","dateModified":"2025-05-23T12:00:26+00:00","description":"Zlep\u0161ete sv\u00e9 jazykov\u00e9 dovednosti pomoc\u00ed cvi\u010den\u00ed bulharsk\u00e9 gramatiky. Zvl\u00e1dn\u011bte gramatiku a z\u00edskejte pevn\u00e9 z\u00e1klady bulhar\u0161tiny.","breadcrumb":{"@id":"https:\/\/talkpal.ai\/cs\/bulharska-gramaticka-cviceni\/#breadcrumb"},"inLanguage":"cs","potentialAction":[{"@type":"ReadAction","target":["https:\/\/talkpal.ai\/cs\/bulharska-gramaticka-cviceni\/"]}]},{"@type":"ImageObject","inLanguage":"cs","@id":"https:\/\/talkpal.ai\/cs\/bulharska-gramaticka-cviceni\/#primaryimage","url":"https:\/\/talkpal.ai\/wp-content\/uploads\/2023\/05\/bulgaria.png","contentUrl":"https:\/\/talkpal.ai\/wp-content\/uploads\/2023\/05\/bulgaria.png","width":512,"height":512},{"@type":"BreadcrumbList","@id":"https:\/\/talkpal.ai\/cs\/bulharska-gramaticka-cviceni\/#breadcrumb","itemListElement":[{"@type":"ListItem","position":1,"name":"Homepage","item":"https:\/\/talkpal.ai\/cs\/"},{"@type":"ListItem","position":2,"name":"Bulharsk\u00e1 gramatick\u00e1 cvi\u010den\u00ed"}]},{"@type":"WebSite","@id":"https:\/\/talkpal.ai\/cs\/#website","url":"https:\/\/talkpal.ai\/cs\/","name":"Talkpal","description":"AI Language Learning","publisher":{"@id":"https:\/\/talkpal.ai\/cs\/#organization"},"alternateName":"Talkpal AI","potentialAction":[{"@type":"SearchAction","target":{"@type":"EntryPoint","urlTemplate":"https:\/\/talkpal.ai\/cs\/?s={search_term_string}"},"query-input":{"@type":"PropertyValueSpecification","valueRequired":true,"valueName":"search_term_string"}}],"inLanguage":"cs"},{"@type":"Organization","@id":"https:\/\/talkpal.ai\/cs\/#organization","name":"Talkpal, Inc.","alternateName":"Talkpal AI","url":"https:\/\/talkpal.ai\/cs\/","logo":{"@type":"ImageObject","inLanguage":"cs","@id":"https:\/\/talkpal.ai\/cs\/#\/schema\/logo\/image\/","url":"https:\/\/talkpal.ai\/wp-content\/uploads\/2024\/03\/Talkpal-Logo-Icon.png","contentUrl":"https:\/\/talkpal.ai\/wp-content\/uploads\/2024\/03\/Talkpal-Logo-Icon.png","width":2880,"height":2880,"caption":"Talkpal, Inc."},"image":{"@id":"https:\/\/talkpal.ai\/cs\/#\/schema\/logo\/image\/"},"sameAs":["https:\/\/www.facebook.com\/profile.php?id=100090733639311","https:\/\/x.com\/talkpalai","https:\/\/www.linkedin.com\/company\/talkpal\/","https:\/\/www.youtube.com\/@TalkPal\/","https:\/\/www.tiktok.com\/@talkpal","https:\/\/www.instagram.com\/talkpal_ai\/","https:\/\/www.crunchbase.com\/organization\/talkpal-9cde","https:\/\/www.g2.com\/products\/talkpal-for-business\/","https:\/\/www.trustpilot.com\/review\/talkpal.ai","https:\/\/www.capterra.com\/p\/10006800\/TalkPal\/"],"description":"Talkpal is a language learning web and mobile education app, powered by the latest AI technologies, that provides engaging experiences to its customers in many different languages to help them improve their language skills. Users can chat about unlimited amount of topics with the app and use other modes to practice their language learning.","email":"support@talkpal.ai","legalName":"Talkpal, Inc.","foundingDate":"2023-04-03","duns":"118989042","numberOfEmployees":{"@type":"QuantitativeValue","minValue":"11","maxValue":"50"},"publishingPrinciples":"https:\/\/talkpal.ai\/publishing-principles\/","actionableFeedbackPolicy":"https:\/\/talkpal.ai\/actionable-feedback-policy\/","correctionsPolicy":"https:\/\/talkpal.ai\/corrections-policy\/","ethicsPolicy":"https:\/\/talkpal.ai\/ethics-policy\/","diversityPolicy":"https:\/\/talkpal.ai\/diversity-policy\/","diversityStaffingReport":"https:\/\/talkpal.ai\/diversity-policy\/"}]}},"_links":{"self":[{"href":"https:\/\/talkpal.ai\/cs\/wp-json\/wp\/v2\/pages\/164700","targetHints":{"allow":["GET"]}}],"collection":[{"href":"https:\/\/talkpal.ai\/cs\/wp-json\/wp\/v2\/pages"}],"about":[{"href":"https:\/\/talkpal.ai\/cs\/wp-json\/wp\/v2\/types\/page"}],"author":[{"embeddable":true,"href":"https:\/\/talkpal.ai\/cs\/wp-json\/wp\/v2\/users\/6"}],"replies":[{"embeddable":true,"href":"https:\/\/talkpal.ai\/cs\/wp-json\/wp\/v2\/comments?post=164700"}],"version-history":[{"count":0,"href":"https:\/\/talkpal.ai\/cs\/wp-json\/wp\/v2\/pages\/164700\/revisions"}],"wp:featuredmedia":[{"embeddable":true,"href":"https:\/\/talkpal.ai\/cs\/wp-json\/wp\/v2\/media\/111155"}],"wp:attachment":[{"href":"https:\/\/talkpal.ai\/cs\/wp-json\/wp\/v2\/media?parent=164700"}],"curies":[{"name":"wp","href":"https:\/\/api.w.org\/{rel}","templated":true}]}}