{"id":164412,"date":"2023-06-16T12:49:04","date_gmt":"2023-06-16T12:49:04","guid":{"rendered":"http:\/\/talkpal.ai\/cviceni-z-katalanske-gramatiky\/"},"modified":"2025-05-23T13:32:51","modified_gmt":"2025-05-23T13:32:51","slug":"cviceni-z-katalanske-gramatiky","status":"publish","type":"page","link":"https:\/\/talkpal.ai\/cs\/cviceni-z-katalanske-gramatiky\/","title":{"rendered":"Cvi\u010den\u00ed z katal\u00e1nsk\u00e9 gramatiky"},"content":{"rendered":"\r\n\r\n\r\n<section class=\"languageChallengeSection\">\r\n    <div class=\"languageInfoWrapper\">\r\n        \r\n        <h1>Cvi\u010den\u00ed z katal\u00e1nsk\u00e9 gramatiky<\/h1>\r\n        <p>Chcete si b\u00fdt jist\u011bj\u0161\u00ed v katal\u00e1n\u0161tin\u011b? Procvi\u010dov\u00e1n\u00ed gramatick\u00fdch cvi\u010den\u00ed je skv\u011bl\u00fdm zp\u016fsobem, jak si osvojit strukturu v\u011bt, slovesn\u00e9 tvary a charakteristick\u00e9 vzorce katal\u00e1n\u0161tiny. Za\u010dn\u011bte pracovat na katal\u00e1nsk\u00e9 gramatice je\u0161t\u011b dnes a sledujte, jak s ka\u017ed\u00fdm cvi\u010den\u00edm roste va\u0161e porozum\u011bn\u00ed a plynulost!<\/p>\r\n\r\n                            <a class=\"getStartedHidden\" href=\"https:\/\/app.talkpal.ai\/cs\/signup?lng=\">Za\u010dni<\/a>\r\n        \r\n    <\/div>\r\n\r\n    <figure>\r\n    <img decoding=\"async\" width=\"768\" height=\"768\" src=\"https:\/\/talkpal.ai\/wp-content\/uploads\/2023\/06\/catalan-768x768.png\" class=\"languageImage no-lazy\" alt=\"Language learning techniques for fast learning\" fetchpriority=\"high\" sizes=\"(max-width: 768px) 150px, 768px\" srcset=\"https:\/\/talkpal.ai\/wp-content\/uploads\/2023\/06\/catalan-768x768.png 768w, https:\/\/talkpal.ai\/wp-content\/uploads\/2023\/06\/catalan-300x300.png 300w\" \/>\r\n    \r\n\r\n    <\/figure>\r\n\r\n            <a class=\"getStartedVisible\" href=\"https:\/\/app.talkpal.ai\/cs\/signup?lng=\">Za\u010dni<\/a>\r\n    \r\n<\/section>\r\n\r\n\r\n<!-- <section class=\"grammarSection\">\r\n    <div class=\"grammarLinks\">\r\n            <\/div>\r\n<\/section> -->\r\n\r\n\r\n\r\n\r\n<section class=\"promotionalBanner\">\r\n    <p class=\"promotionalText\">Nejefektivn\u011bj\u0161\u00ed <a href=\"https:\/\/talkpal.ai\/best-way-to-learn\/\">zp\u016fsob<\/a>, jak se nau\u010dit jazyk<\/p>\r\n    <a class=\"promotionalLink\" href=\"https:\/\/app.talkpal.ai\/cs\/signup?lng=\">Vyzkou\u0161ejte Talkpal zdarma<\/a>\r\n<\/section>\n<div class=\"wp-block-group pageContainerStyle\"><div class=\"wp-block-group__inner-container is-layout-constrained wp-block-group-is-layout-constrained\">\n<h2 class=\"wp-block-heading\" id=\"h-catalan-grammar-topics\">T\u00e9mata katal\u00e1nsk\u00e9 gramatiky<\/h2>\n\n\n\n<p><a href=\"https:\/\/talkpal.ai\/learn-catalan\/\">Katal\u00e1n\u0161tina<\/a>, rom\u00e1nsk\u00fd jazyk, kter\u00fdm mluv\u00ed miliony lid\u00ed v Katal\u00e1nsku ve \u0160pan\u011blsku a \u010d\u00e1stech It\u00e1lie a Francie, je kr\u00e1sn\u00fd a \u017eiv\u00fd jazyk s bohatou histori\u00ed. Studium katal\u00e1n\u0161tiny m\u016f\u017ee b\u00fdt p\u0159\u00edjemnou a obohacuj\u00edc\u00ed zku\u0161enost\u00ed, kter\u00e1 otev\u00edr\u00e1 nov\u00e9 kulturn\u00ed a jazykov\u00e9 obzory. Pro spr\u00e1vn\u00e9 nau\u010den\u00ed se tohoto jazyka je nezbytn\u00e9 zvl\u00e1dnout jeho gramatiku. <a href=\"https:\/\/talkpal.ai\/catalan-grammar\/\">Katal\u00e1nsk\u00e1 gramatika<\/a>, stejn\u011b jako <a href=\"https:\/\/talkpal.ai\/sq\/gramatika\/\">gramatika<\/a> jak\u00e9hokoli jin\u00e9ho jazyka, je syst\u00e9m pravidel, kter\u00fdmi se \u0159\u00edd\u00ed stavba fr\u00e1z\u00ed a v\u011bt. V tomto \u010dl\u00e1nku prozkoum\u00e1me kl\u00ed\u010dov\u00e9 aspekty katal\u00e1nsk\u00e9 gramatiky v logick\u00e9m sledu a poskytneme v\u00e1m pevn\u00fd z\u00e1klad pro va\u0161i cestu za u\u010den\u00edm se jazyk\u016fm.<\/p>\n\n\n\n<h3 class=\"wp-block-heading\" id=\"h-1-nouns-and-articles\">1. Podstatn\u00e1 jm\u00e9na a \u010dleny:<\/h3>\n\n\n\n<p>Za\u010dn\u011bte t\u00edm, \u017ee se nau\u010d\u00edte katal\u00e1nsk\u00e1 podstatn\u00e1 jm\u00e9na, kter\u00e1 maj\u00ed rod (mu\u017esk\u00fd nebo \u017eensk\u00fd) a \u010d\u00edsla (jednotn\u00e9 nebo mno\u017en\u00e9 \u010d\u00edslo). Ur\u010dit\u00e9 a neur\u010dit\u00e9 \u010dleny v katal\u00e1n\u0161tin\u011b se tak\u00e9 m\u011bn\u00ed podle rodu a \u010d\u00edsla, co\u017e z nich \u010din\u00ed z\u00e1kladn\u00ed v\u00fdchoz\u00ed bod pro stavbu v\u011bt.<\/p>\n\n\n\n<h3 class=\"wp-block-heading\" id=\"h-2-adjectives\">2. P\u0159\u00eddavn\u00e1 jm\u00e9na:<\/h3>\n\n\n\n<p>P\u0159\u00eddavn\u00e1 jm\u00e9na v katal\u00e1n\u0161tin\u011b souhlas\u00ed s podstatn\u00fdmi jm\u00e9ny, kter\u00e1 modifikuj\u00ed v rod\u011b a \u010d\u00edsle. Nau\u010dte se tvo\u0159it a umis\u0165ovat p\u0159\u00eddavn\u00e1 jm\u00e9na, abyste p\u0159esn\u011b popsali vlastnosti podstatn\u00fdch jmen.<\/p>\n\n\n\n<h3 class=\"wp-block-heading\" id=\"h-3-pronouns-determiners\">3. Z\u00e1jmena\/determinanty:<\/h3>\n\n\n\n<p>Z\u00e1jmena nahrazuj\u00ed podstatn\u00e1 jm\u00e9na, aby se zabr\u00e1nilo opakov\u00e1n\u00ed, zat\u00edmco determinanty je specifikuj\u00ed nebo kvantifikuj\u00ed. Osvojte si r\u016fzn\u00e9 typy z\u00e1jmen (podm\u011bt, p\u0159edm\u011bt, zvrat) a determinant\u016f (ukazovac\u00ed, p\u0159ivlast\u0148ovac\u00ed, t\u00e1zac\u00ed), abyste sv\u00e9 v\u011bty zpest\u0159ili.<\/p>\n\n\n\n<h3 class=\"wp-block-heading\" id=\"h-4-verbs-and-tenses\">4. Slovesa a \u010dasy:<\/h3>\n\n\n\n<p>Katal\u00e1nsk\u00e1 slovesa se \u010dasuj\u00ed podle \u010dasu, n\u00e1lady a osoby. Nau\u010dte se pravideln\u00e9 a nepravideln\u00e9 slovesn\u00e9 tvary v p\u0159\u00edtomn\u00e9m, minul\u00e9m a budouc\u00edm \u010dase a tak\u00e9 rozkazovac\u00ed zp\u016fsob pro zad\u00e1v\u00e1n\u00ed p\u0159\u00edkaz\u016f.<\/p>\n\n\n\n<h3 class=\"wp-block-heading\" id=\"h-5-tense-comparison\">5. Srovn\u00e1n\u00ed \u010das\u016f:<\/h3>\n\n\n\n<p>Pochopte, jak porovn\u00e1vat r\u016fzn\u00e9 \u010dasy v katal\u00e1n\u0161tin\u011b, abyste vyj\u00e1d\u0159ili akce nebo stavy, kter\u00e9 se vyskytuj\u00ed v r\u016fzn\u00fdch \u010dasech.<\/p>\n\n\n\n<h3 class=\"wp-block-heading\" id=\"h-6-progressive-and-perfect-progressive\">6. Progresivn\u00ed a dokonale progresivn\u00ed:<\/h3>\n\n\n\n<p>Progresivn\u00ed forma nazna\u010duje prob\u00edhaj\u00edc\u00ed \u010dinnost, zat\u00edmco dokonal\u00e1 progresivn\u00ed forma kombinuje progresivn\u00ed a dokonal\u00e9 aspekty. Nau\u010dte se, jak tyto konstrukce formulovat a pou\u017e\u00edvat k vyj\u00e1d\u0159en\u00ed prob\u00edhaj\u00edc\u00edch nebo dokon\u010den\u00fdch akc\u00ed s trvalou relevanc\u00ed.<\/p>\n\n\n\n<h3 class=\"wp-block-heading\" id=\"h-7-adverbs\">7. P\u0159\u00edslovce:<\/h3>\n\n\n\n<p>P\u0159\u00edslovce upravuj\u00ed slovesa, p\u0159\u00eddavn\u00e1 jm\u00e9na nebo jin\u00e1 p\u0159\u00edslovce tak, aby poskytovala dal\u0161\u00ed informace o d\u011bj\u00edch nebo vlastnostech. Nau\u010dte se r\u016fzn\u00e9 typy p\u0159\u00edslovc\u00ed a jejich um\u00edst\u011bn\u00ed ve v\u011bt\u00e1ch.<\/p>\n\n\n\n<h3 class=\"wp-block-heading\" id=\"h-8-prepositions\">8. P\u0159edlo\u017eky:<\/h3>\n\n\n\n<p>P\u0159edlo\u017eky spojuj\u00ed podstatn\u00e1 jm\u00e9na, z\u00e1jmena nebo jin\u00e9 prvky ve v\u011bt\u011b a ozna\u010duj\u00ed vztahy, jako je m\u00edsto, \u010das nebo sm\u011br. Seznamte se s nej\u010dast\u011bj\u0161\u00edmi katal\u00e1nsk\u00fdmi p\u0159edlo\u017ekami a jejich pou\u017eit\u00edm.<\/p>\n\n\n\n<h3 class=\"wp-block-heading\" id=\"h-9-conditionals\">9. Kondicion\u00e1ly:<\/h3>\n\n\n\n<p>Podmi\u0148ovac\u00ed zp\u016fsob vyjad\u0159uje hypotetick\u00e9 situace nebo podm\u00ednky a jejich d\u016fsledky. Nau\u010dte se r\u016fzn\u00e9 typy kondicion\u00e1l\u016f (nula, prvn\u00ed, druh\u00fd, t\u0159et\u00ed) a jak je spr\u00e1vn\u011b tvo\u0159it a pou\u017e\u00edvat.<\/p>\n\n\n\n<h3 class=\"wp-block-heading\" id=\"h-10-sentences\">10. V\u011bty:<\/h3>\n\n\n\n<p>Nakonec si procvi\u010dte kombinov\u00e1n\u00ed v\u0161ech prvk\u016f, kter\u00e9 jste se nau\u010dili, abyste vytvo\u0159ili \u00fapln\u00e9, souvisl\u00e9 v\u011bty v katal\u00e1n\u0161tin\u011b. Experimentujte s r\u016fzn\u00fdmi v\u011btn\u00fdmi strukturami a procvi\u010dujte si vytv\u00e1\u0159en\u00ed r\u016fzn\u00fdch typ\u016f v\u011bt, jako jsou oznamovac\u00ed, t\u00e1zac\u00ed a zvolac\u00ed.<\/p>\n\n\n\n<p>T\u00edm, \u017ee se tato t\u00e9mata nau\u010d\u00edte v navrhovan\u00e9m po\u0159ad\u00ed, si vyvinete pevn\u00e9 z\u00e1klady katal\u00e1nsk\u00e9 gramatiky, co\u017e v\u00e1m umo\u017en\u00ed efektivn\u011b a sebev\u011bdom\u011b komunikovat v tomto fascinuj\u00edc\u00edm jazyce.<\/p>\n<\/div><\/div>\n\r\n<section class=\"learnNavigationSection\">\r\n            \r\n        <a href=\"https:\/\/talkpal.ai\/cs\/naucte-se-katalansky\/\">\r\n            <div class=\"learnNavigationWrapper\">\r\n                <div class=\"learnNavigationContent\">\r\n                    <img decoding=\"async\" src=\"https:\/\/talkpal.ai\/wp-content\/uploads\/2024\/08\/Catalan.jpg\" alt=\"Catalan Flag\">\r\n                    <div>\r\n                        <h4>O katal\u00e1nsk\u00e9 v\u00fduce<\/h4>\r\n                        <p>Zjist\u011bte v\u0161e o katal\u00e1nsk\u00e9 gramatice.<\/p>\r\n                    <\/div>\r\n                <\/div>\r\n            <\/div>\r\n        <\/a>\r\n\r\n        \r\n        <a href=\"https:\/\/talkpal.ai\/cs\/katalanska-gramatika\/\">\r\n            <div class=\"learnNavigationWrapper\">\r\n                <div class=\"learnNavigationContent\">\r\n                    <img decoding=\"async\" src=\"https:\/\/talkpal.ai\/wp-content\/uploads\/2024\/08\/Catalan.jpg\" alt=\"Catalan Flag\">\r\n                    <div>\r\n                        <h4>Lekce katal\u00e1nsk\u00e9 gramatiky<\/h4>\r\n                        <p>Procvi\u010dte si katal\u00e1nskou gramatiku.<\/p>\r\n                    <\/div>\r\n                <\/div>\r\n            <\/div>\r\n        <\/a>\r\n\r\n        \r\n        <a href=\"https:\/\/talkpal.ai\/vocabulary_language\/catalan\/\">\r\n            <div class=\"learnNavigationWrapper\">\r\n                <div class=\"learnNavigationContent\">\r\n                    <img decoding=\"async\" src=\"https:\/\/talkpal.ai\/wp-content\/uploads\/2024\/08\/Catalan.jpg\" alt=\"Catalan Flag\">\r\n                    <div>\r\n                        <h4>Slovn\u00ed z\u00e1soba katal\u00e1n\u0161tiny<\/h4>\r\n                        <p>Roz\u0161i\u0159te si slovn\u00ed z\u00e1sobu katal\u00e1n\u0161tiny.<\/p>\r\n                    <\/div>\r\n                <\/div>\r\n            <\/div>\r\n        <\/a>\r\n\r\n            <\/section>","protected":false},"excerpt":{"rendered":"<p>T\u00e9mata katal\u00e1nsk\u00e9 gramatiky Katal\u00e1n\u0161tina, rom\u00e1nsk\u00fd jazyk, kter\u00fdm mluv\u00ed miliony lid\u00ed v Katal\u00e1nsku ve \u0160pan\u011blsku a \u010d\u00e1stech It\u00e1lie a Francie, je kr\u00e1sn\u00fd a \u017eiv\u00fd jazyk s bohatou histori\u00ed. Studium katal\u00e1n\u0161tiny m\u016f\u017ee b\u00fdt p\u0159\u00edjemnou a obohacuj\u00edc\u00ed zku\u0161enost\u00ed, kter\u00e1 otev\u00edr\u00e1 nov\u00e9 kulturn\u00ed a jazykov\u00e9 obzory. Pro spr\u00e1vn\u00e9 nau\u010den\u00ed se tohoto jazyka je nezbytn\u00e9 zvl\u00e1dnout jeho gramatiku. Katal\u00e1nsk\u00e1 gramatika, [&hellip;]<\/p>\n","protected":false},"author":6,"featured_media":142112,"parent":0,"menu_order":0,"comment_status":"closed","ping_status":"closed","template":"LearningContentPage.php","meta":{"_acf_changed":false,"footnotes":""},"class_list":["post-164412","page","type-page","status-publish","has-post-thumbnail","hentry"],"acf":[],"yoast_head":"<!-- This site is optimized with the Yoast SEO Premium plugin v27.2 (Yoast SEO v27.2) - https:\/\/yoast.com\/product\/yoast-seo-premium-wordpress\/ -->\n<title>Cvi\u010den\u00ed z katal\u00e1nsk\u00e9 gramatiky - Talkpal<\/title>\n<meta name=\"description\" content=\"Prozkoumejte z\u00e1kladn\u00ed cvi\u010den\u00ed z katal\u00e1nsk\u00e9 gramatiky, abyste l\u00e9pe porozum\u011bli tomuto kr\u00e1sn\u00e9mu jazyku a jeho struktu\u0159e.\" \/>\n<meta name=\"robots\" content=\"index, follow, max-snippet:-1, max-image-preview:large, max-video-preview:-1\" \/>\n<link rel=\"canonical\" href=\"https:\/\/talkpal.ai\/cs\/cviceni-z-katalanske-gramatiky\/\" \/>\n<meta property=\"og:locale\" content=\"cs_CZ\" \/>\n<meta property=\"og:type\" content=\"article\" \/>\n<meta property=\"og:title\" content=\"Cvi\u010den\u00ed z katal\u00e1nsk\u00e9 gramatiky\" \/>\n<meta property=\"og:description\" content=\"T\u00e9mata katal\u00e1nsk\u00e9 gramatiky Katal\u00e1n\u0161tina, rom\u00e1nsk\u00fd jazyk, kter\u00fdm mluv\u00ed miliony lid\u00ed v Katal\u00e1nsku ve \u0160pan\u011blsku a \u010d\u00e1stech It\u00e1lie a Francie, je kr\u00e1sn\u00fd a \u017eiv\u00fd\" \/>\n<meta property=\"og:url\" content=\"https:\/\/talkpal.ai\/cs\/cviceni-z-katalanske-gramatiky\/\" \/>\n<meta property=\"og:site_name\" content=\"Talkpal\" \/>\n<meta property=\"article:publisher\" content=\"https:\/\/www.facebook.com\/profile.php?id=100090733639311\" \/>\n<meta property=\"article:modified_time\" content=\"2025-05-23T13:32:51+00:00\" \/>\n<meta property=\"og:image\" content=\"https:\/\/talkpal.ai\/wp-content\/uploads\/2023\/08\/Catalan.png\" \/>\n\t<meta property=\"og:image:width\" content=\"479\" \/>\n\t<meta property=\"og:image:height\" content=\"479\" \/>\n\t<meta property=\"og:image:type\" content=\"image\/png\" \/>\n<meta name=\"twitter:card\" content=\"summary_large_image\" \/>\n<meta name=\"twitter:site\" content=\"@talkpalai\" \/>\n<meta name=\"twitter:label1\" content=\"Odhadovan\u00e1 doba \u010dten\u00ed\" \/>\n\t<meta name=\"twitter:data1\" content=\"3 minuty\" \/>\n<script type=\"application\/ld+json\" class=\"yoast-schema-graph\">{\"@context\":\"https:\/\/schema.org\",\"@graph\":[{\"@type\":\"WebPage\",\"@id\":\"https:\/\/talkpal.ai\/cs\/cviceni-z-katalanske-gramatiky\/\",\"url\":\"https:\/\/talkpal.ai\/cs\/cviceni-z-katalanske-gramatiky\/\",\"name\":\"Cvi\u010den\u00ed z katal\u00e1nsk\u00e9 gramatiky - Talkpal\",\"isPartOf\":{\"@id\":\"https:\/\/talkpal.ai\/cs\/#website\"},\"primaryImageOfPage\":{\"@id\":\"https:\/\/talkpal.ai\/cs\/cviceni-z-katalanske-gramatiky\/#primaryimage\"},\"image\":{\"@id\":\"https:\/\/talkpal.ai\/cs\/cviceni-z-katalanske-gramatiky\/#primaryimage\"},\"thumbnailUrl\":\"https:\/\/talkpal.ai\/wp-content\/uploads\/2023\/08\/Catalan.png\",\"datePublished\":\"2023-06-16T12:49:04+00:00\",\"dateModified\":\"2025-05-23T13:32:51+00:00\",\"description\":\"Prozkoumejte z\u00e1kladn\u00ed cvi\u010den\u00ed z katal\u00e1nsk\u00e9 gramatiky, abyste l\u00e9pe porozum\u011bli tomuto kr\u00e1sn\u00e9mu jazyku a jeho struktu\u0159e.\",\"breadcrumb\":{\"@id\":\"https:\/\/talkpal.ai\/cs\/cviceni-z-katalanske-gramatiky\/#breadcrumb\"},\"inLanguage\":\"cs\",\"potentialAction\":[{\"@type\":\"ReadAction\",\"target\":[\"https:\/\/talkpal.ai\/cs\/cviceni-z-katalanske-gramatiky\/\"]}]},{\"@type\":\"ImageObject\",\"inLanguage\":\"cs\",\"@id\":\"https:\/\/talkpal.ai\/cs\/cviceni-z-katalanske-gramatiky\/#primaryimage\",\"url\":\"https:\/\/talkpal.ai\/wp-content\/uploads\/2023\/08\/Catalan.png\",\"contentUrl\":\"https:\/\/talkpal.ai\/wp-content\/uploads\/2023\/08\/Catalan.png\",\"width\":479,\"height\":479},{\"@type\":\"BreadcrumbList\",\"@id\":\"https:\/\/talkpal.ai\/cs\/cviceni-z-katalanske-gramatiky\/#breadcrumb\",\"itemListElement\":[{\"@type\":\"ListItem\",\"position\":1,\"name\":\"Homepage\",\"item\":\"https:\/\/talkpal.ai\/cs\/\"},{\"@type\":\"ListItem\",\"position\":2,\"name\":\"Cvi\u010den\u00ed z katal\u00e1nsk\u00e9 gramatiky\"}]},{\"@type\":\"WebSite\",\"@id\":\"https:\/\/talkpal.ai\/cs\/#website\",\"url\":\"https:\/\/talkpal.ai\/cs\/\",\"name\":\"Talkpal\",\"description\":\"AI Language Learning\",\"publisher\":{\"@id\":\"https:\/\/talkpal.ai\/cs\/#organization\"},\"alternateName\":\"Talkpal AI\",\"potentialAction\":[{\"@type\":\"SearchAction\",\"target\":{\"@type\":\"EntryPoint\",\"urlTemplate\":\"https:\/\/talkpal.ai\/cs\/?s={search_term_string}\"},\"query-input\":{\"@type\":\"PropertyValueSpecification\",\"valueRequired\":true,\"valueName\":\"search_term_string\"}}],\"inLanguage\":\"cs\"},{\"@type\":\"Organization\",\"@id\":\"https:\/\/talkpal.ai\/cs\/#organization\",\"name\":\"Talkpal, Inc.\",\"alternateName\":\"Talkpal AI\",\"url\":\"https:\/\/talkpal.ai\/cs\/\",\"logo\":{\"@type\":\"ImageObject\",\"inLanguage\":\"cs\",\"@id\":\"https:\/\/talkpal.ai\/cs\/#\/schema\/logo\/image\/\",\"url\":\"https:\/\/talkpal.ai\/wp-content\/uploads\/2024\/03\/Talkpal-Logo-Icon.png\",\"contentUrl\":\"https:\/\/talkpal.ai\/wp-content\/uploads\/2024\/03\/Talkpal-Logo-Icon.png\",\"width\":2880,\"height\":2880,\"caption\":\"Talkpal, Inc.\"},\"image\":{\"@id\":\"https:\/\/talkpal.ai\/cs\/#\/schema\/logo\/image\/\"},\"sameAs\":[\"https:\/\/www.facebook.com\/profile.php?id=100090733639311\",\"https:\/\/x.com\/talkpalai\",\"https:\/\/www.linkedin.com\/company\/talkpal\/\",\"https:\/\/www.youtube.com\/@TalkPal\/\",\"https:\/\/www.tiktok.com\/@talkpal\",\"https:\/\/www.instagram.com\/talkpal_ai\/\",\"https:\/\/www.crunchbase.com\/organization\/talkpal-9cde\",\"https:\/\/www.g2.com\/products\/talkpal-for-business\/\",\"https:\/\/www.trustpilot.com\/review\/talkpal.ai\",\"https:\/\/www.capterra.com\/p\/10006800\/TalkPal\/\"],\"description\":\"Talkpal is a language learning web and mobile education app, powered by the latest AI technologies, that provides engaging experiences to its customers in many different languages to help them improve their language skills. Users can chat about unlimited amount of topics with the app and use other modes to practice their language learning.\",\"email\":\"support@talkpal.ai\",\"legalName\":\"Talkpal, Inc.\",\"foundingDate\":\"2023-04-03\",\"duns\":\"118989042\",\"numberOfEmployees\":{\"@type\":\"QuantitativeValue\",\"minValue\":\"11\",\"maxValue\":\"50\"},\"publishingPrinciples\":\"https:\/\/talkpal.ai\/publishing-principles\/\",\"actionableFeedbackPolicy\":\"https:\/\/talkpal.ai\/actionable-feedback-policy\/\",\"correctionsPolicy\":\"https:\/\/talkpal.ai\/corrections-policy\/\",\"ethicsPolicy\":\"https:\/\/talkpal.ai\/ethics-policy\/\",\"diversityPolicy\":\"https:\/\/talkpal.ai\/diversity-policy\/\",\"diversityStaffingReport\":\"https:\/\/talkpal.ai\/diversity-policy\/\"}]}<\/script>\n<!-- \/ Yoast SEO Premium plugin. -->","yoast_head_json":{"title":"Cvi\u010den\u00ed z katal\u00e1nsk\u00e9 gramatiky - Talkpal","description":"Prozkoumejte z\u00e1kladn\u00ed cvi\u010den\u00ed z katal\u00e1nsk\u00e9 gramatiky, abyste l\u00e9pe porozum\u011bli tomuto kr\u00e1sn\u00e9mu jazyku a jeho struktu\u0159e.","robots":{"index":"index","follow":"follow","max-snippet":"max-snippet:-1","max-image-preview":"max-image-preview:large","max-video-preview":"max-video-preview:-1"},"canonical":"https:\/\/talkpal.ai\/cs\/cviceni-z-katalanske-gramatiky\/","og_locale":"cs_CZ","og_type":"article","og_title":"Cvi\u010den\u00ed z katal\u00e1nsk\u00e9 gramatiky","og_description":"T\u00e9mata katal\u00e1nsk\u00e9 gramatiky Katal\u00e1n\u0161tina, rom\u00e1nsk\u00fd jazyk, kter\u00fdm mluv\u00ed miliony lid\u00ed v Katal\u00e1nsku ve \u0160pan\u011blsku a \u010d\u00e1stech It\u00e1lie a Francie, je kr\u00e1sn\u00fd a \u017eiv\u00fd","og_url":"https:\/\/talkpal.ai\/cs\/cviceni-z-katalanske-gramatiky\/","og_site_name":"Talkpal","article_publisher":"https:\/\/www.facebook.com\/profile.php?id=100090733639311","article_modified_time":"2025-05-23T13:32:51+00:00","og_image":[{"width":479,"height":479,"url":"https:\/\/talkpal.ai\/wp-content\/uploads\/2023\/08\/Catalan.png","type":"image\/png"}],"twitter_card":"summary_large_image","twitter_site":"@talkpalai","twitter_misc":{"Odhadovan\u00e1 doba \u010dten\u00ed":"3 minuty"},"schema":{"@context":"https:\/\/schema.org","@graph":[{"@type":"WebPage","@id":"https:\/\/talkpal.ai\/cs\/cviceni-z-katalanske-gramatiky\/","url":"https:\/\/talkpal.ai\/cs\/cviceni-z-katalanske-gramatiky\/","name":"Cvi\u010den\u00ed z katal\u00e1nsk\u00e9 gramatiky - Talkpal","isPartOf":{"@id":"https:\/\/talkpal.ai\/cs\/#website"},"primaryImageOfPage":{"@id":"https:\/\/talkpal.ai\/cs\/cviceni-z-katalanske-gramatiky\/#primaryimage"},"image":{"@id":"https:\/\/talkpal.ai\/cs\/cviceni-z-katalanske-gramatiky\/#primaryimage"},"thumbnailUrl":"https:\/\/talkpal.ai\/wp-content\/uploads\/2023\/08\/Catalan.png","datePublished":"2023-06-16T12:49:04+00:00","dateModified":"2025-05-23T13:32:51+00:00","description":"Prozkoumejte z\u00e1kladn\u00ed cvi\u010den\u00ed z katal\u00e1nsk\u00e9 gramatiky, abyste l\u00e9pe porozum\u011bli tomuto kr\u00e1sn\u00e9mu jazyku a jeho struktu\u0159e.","breadcrumb":{"@id":"https:\/\/talkpal.ai\/cs\/cviceni-z-katalanske-gramatiky\/#breadcrumb"},"inLanguage":"cs","potentialAction":[{"@type":"ReadAction","target":["https:\/\/talkpal.ai\/cs\/cviceni-z-katalanske-gramatiky\/"]}]},{"@type":"ImageObject","inLanguage":"cs","@id":"https:\/\/talkpal.ai\/cs\/cviceni-z-katalanske-gramatiky\/#primaryimage","url":"https:\/\/talkpal.ai\/wp-content\/uploads\/2023\/08\/Catalan.png","contentUrl":"https:\/\/talkpal.ai\/wp-content\/uploads\/2023\/08\/Catalan.png","width":479,"height":479},{"@type":"BreadcrumbList","@id":"https:\/\/talkpal.ai\/cs\/cviceni-z-katalanske-gramatiky\/#breadcrumb","itemListElement":[{"@type":"ListItem","position":1,"name":"Homepage","item":"https:\/\/talkpal.ai\/cs\/"},{"@type":"ListItem","position":2,"name":"Cvi\u010den\u00ed z katal\u00e1nsk\u00e9 gramatiky"}]},{"@type":"WebSite","@id":"https:\/\/talkpal.ai\/cs\/#website","url":"https:\/\/talkpal.ai\/cs\/","name":"Talkpal","description":"AI Language Learning","publisher":{"@id":"https:\/\/talkpal.ai\/cs\/#organization"},"alternateName":"Talkpal AI","potentialAction":[{"@type":"SearchAction","target":{"@type":"EntryPoint","urlTemplate":"https:\/\/talkpal.ai\/cs\/?s={search_term_string}"},"query-input":{"@type":"PropertyValueSpecification","valueRequired":true,"valueName":"search_term_string"}}],"inLanguage":"cs"},{"@type":"Organization","@id":"https:\/\/talkpal.ai\/cs\/#organization","name":"Talkpal, Inc.","alternateName":"Talkpal AI","url":"https:\/\/talkpal.ai\/cs\/","logo":{"@type":"ImageObject","inLanguage":"cs","@id":"https:\/\/talkpal.ai\/cs\/#\/schema\/logo\/image\/","url":"https:\/\/talkpal.ai\/wp-content\/uploads\/2024\/03\/Talkpal-Logo-Icon.png","contentUrl":"https:\/\/talkpal.ai\/wp-content\/uploads\/2024\/03\/Talkpal-Logo-Icon.png","width":2880,"height":2880,"caption":"Talkpal, Inc."},"image":{"@id":"https:\/\/talkpal.ai\/cs\/#\/schema\/logo\/image\/"},"sameAs":["https:\/\/www.facebook.com\/profile.php?id=100090733639311","https:\/\/x.com\/talkpalai","https:\/\/www.linkedin.com\/company\/talkpal\/","https:\/\/www.youtube.com\/@TalkPal\/","https:\/\/www.tiktok.com\/@talkpal","https:\/\/www.instagram.com\/talkpal_ai\/","https:\/\/www.crunchbase.com\/organization\/talkpal-9cde","https:\/\/www.g2.com\/products\/talkpal-for-business\/","https:\/\/www.trustpilot.com\/review\/talkpal.ai","https:\/\/www.capterra.com\/p\/10006800\/TalkPal\/"],"description":"Talkpal is a language learning web and mobile education app, powered by the latest AI technologies, that provides engaging experiences to its customers in many different languages to help them improve their language skills. Users can chat about unlimited amount of topics with the app and use other modes to practice their language learning.","email":"support@talkpal.ai","legalName":"Talkpal, Inc.","foundingDate":"2023-04-03","duns":"118989042","numberOfEmployees":{"@type":"QuantitativeValue","minValue":"11","maxValue":"50"},"publishingPrinciples":"https:\/\/talkpal.ai\/publishing-principles\/","actionableFeedbackPolicy":"https:\/\/talkpal.ai\/actionable-feedback-policy\/","correctionsPolicy":"https:\/\/talkpal.ai\/corrections-policy\/","ethicsPolicy":"https:\/\/talkpal.ai\/ethics-policy\/","diversityPolicy":"https:\/\/talkpal.ai\/diversity-policy\/","diversityStaffingReport":"https:\/\/talkpal.ai\/diversity-policy\/"}]}},"_links":{"self":[{"href":"https:\/\/talkpal.ai\/cs\/wp-json\/wp\/v2\/pages\/164412","targetHints":{"allow":["GET"]}}],"collection":[{"href":"https:\/\/talkpal.ai\/cs\/wp-json\/wp\/v2\/pages"}],"about":[{"href":"https:\/\/talkpal.ai\/cs\/wp-json\/wp\/v2\/types\/page"}],"author":[{"embeddable":true,"href":"https:\/\/talkpal.ai\/cs\/wp-json\/wp\/v2\/users\/6"}],"replies":[{"embeddable":true,"href":"https:\/\/talkpal.ai\/cs\/wp-json\/wp\/v2\/comments?post=164412"}],"version-history":[{"count":0,"href":"https:\/\/talkpal.ai\/cs\/wp-json\/wp\/v2\/pages\/164412\/revisions"}],"wp:featuredmedia":[{"embeddable":true,"href":"https:\/\/talkpal.ai\/cs\/wp-json\/wp\/v2\/media\/142112"}],"wp:attachment":[{"href":"https:\/\/talkpal.ai\/cs\/wp-json\/wp\/v2\/media?parent=164412"}],"curies":[{"name":"wp","href":"https:\/\/api.w.org\/{rel}","templated":true}]}}