{"id":164049,"date":"2023-06-16T13:02:09","date_gmt":"2023-06-16T13:02:09","guid":{"rendered":"http:\/\/talkpal.ai\/cviceni-chorvatske-gramatiky\/"},"modified":"2025-12-17T16:27:03","modified_gmt":"2025-12-17T16:27:03","slug":"cviceni-chorvatske-gramatiky","status":"publish","type":"page","link":"https:\/\/talkpal.ai\/cs\/cviceni-chorvatske-gramatiky\/","title":{"rendered":"Cvi\u010den\u00ed chorvatsk\u00e9 gramatiky"},"content":{"rendered":"\r\n\r\n\r\n<section class=\"languageChallengeSection\">\r\n    <div class=\"languageInfoWrapper\">\r\n        \r\n        <h1>Cvi\u010den\u00ed chorvatsk\u00e9 gramatiky<\/h1>\r\n        <p>Chcete si b\u00fdt jist\u011bj\u0161\u00ed v chorvat\u0161tin\u011b? Procvi\u010dov\u00e1n\u00ed gramatick\u00fdch cvi\u010den\u00ed v\u00e1m pom\u016f\u017ee osvojit si stavbu v\u011bty, slovesn\u00e9 tvary a jedine\u010dn\u00e9 rysy chorvatsk\u00e9ho jazyka. Za\u010dn\u011bte zkoumat chorvatskou gramatiku je\u0161t\u011b dnes a sledujte, jak se va\u0161e dovednosti a plynulost zlep\u0161uj\u00ed s ka\u017ed\u00fdm nov\u00fdm cvi\u010den\u00edm!\n\n<\/p>\r\n\r\n                            <a class=\"getStartedHidden\" href=\"https:\/\/app.talkpal.ai\/cs\/signup?lng=\">Za\u010dni<\/a>\r\n        \r\n    <\/div>\r\n\r\n    <figure>\r\n    <img decoding=\"async\" width=\"768\" height=\"768\" src=\"https:\/\/talkpal.ai\/wp-content\/uploads\/2023\/06\/croatian-768x768.png\" class=\"languageImage no-lazy\" alt=\"Language learning for successful interaction\" fetchpriority=\"high\" sizes=\"(max-width: 768px) 150px, 768px\" srcset=\"https:\/\/talkpal.ai\/wp-content\/uploads\/2023\/06\/croatian-768x768.png 768w, https:\/\/talkpal.ai\/wp-content\/uploads\/2023\/06\/croatian-300x300.png 300w\" \/>\r\n    \r\n\r\n    <\/figure>\r\n\r\n            <a class=\"getStartedVisible\" href=\"https:\/\/app.talkpal.ai\/cs\/signup?lng=\">Za\u010dni<\/a>\r\n    \r\n<\/section>\r\n\r\n\r\n<!-- <section class=\"grammarSection\">\r\n    <div class=\"grammarLinks\">\r\n            <\/div>\r\n<\/section> -->\r\n\r\n\r\n\r\n\r\n<section class=\"promotionalBanner\">\r\n    <p class=\"promotionalText\">Nejefektivn\u011bj\u0161\u00ed <a href=\"https:\/\/talkpal.ai\/best-way-to-learn\/\">zp\u016fsob<\/a>, jak se nau\u010dit jazyk<\/p>\r\n    <a class=\"promotionalLink\" href=\"https:\/\/app.talkpal.ai\/cs\/signup?lng=\">Vyzkou\u0161ejte Talkpal zdarma<\/a>\r\n<\/section>\n<div class=\"wp-block-group pageContainerStyle\"><div class=\"wp-block-group__inner-container is-layout-constrained wp-block-group-is-layout-constrained\">\n<h2 class=\"wp-block-heading\" id=\"h-croatian-grammar-topics\">T\u00e9mata chorvatsk\u00e9 gramatiky<\/h2>\n\n\n\n<p>Chorvat\u0161tina, jihoslovansk\u00fd jazyk, je \u00fa\u0159edn\u00edm jazykem Chorvatska a jedn\u00edm z \u00fa\u0159edn\u00edch jazyk\u016f Bosny a Hercegoviny. Je to slo\u017eit\u00fd a bohat\u00fd jazyk s dlouhou histori\u00ed a jedine\u010dn\u00fdm gramatick\u00fdm syst\u00e9mem. Pro studenty je nezbytn\u00e9 porozum\u011bt z\u00e1kladn\u00edm aspekt\u016fm chorvatsk\u00e9 gramatiky, aby se v jazyce zdokonalili. Tato p\u0159\u00edru\u010dka v\u00e1m pom\u016f\u017ee orientovat se v kl\u00ed\u010dov\u00fdch gramatick\u00fdch t\u00e9matech, jako jsou \u010dasy, slovesa, podstatn\u00e1 jm\u00e9na a dal\u0161\u00ed, v po\u0159ad\u00ed, kter\u00e9 v\u00e1m usnadn\u00ed proces u\u010den\u00ed a poskytne pevn\u00fd z\u00e1klad pro zvl\u00e1dnut\u00ed tohoto kr\u00e1sn\u00e9ho jazyka.<\/p>\n\n\n\n<h3 class=\"wp-block-heading\" id=\"h-1-nouns\">1. Podstatn\u00e1 jm\u00e9na:<\/h3>\n\n\n\n<p>Podstatn\u00e1 jm\u00e9na jsou prvn\u00edm stavebn\u00edm kamenem ka\u017ed\u00e9ho jazyka a chorvatsk\u00e1 podstatn\u00e1 jm\u00e9na maj\u00ed t\u0159i rody &#8211; mu\u017esk\u00fd, \u017eensk\u00fd a st\u0159edn\u00ed, kter\u00e9 ovliv\u0148uj\u00ed sklo\u0148ov\u00e1n\u00ed a shodu s p\u0159\u00eddavn\u00fdmi jm\u00e9ny a z\u00e1jmeny. Seznamte se s r\u016fzn\u00fdmi pohlav\u00edmi a jejich p\u0159\u00edslu\u0161n\u00fdmi koncovkami.<\/p>\n\n\n\n<h3 class=\"wp-block-heading\" id=\"h-2-articles\">2. \u010cl\u00e1nky:<\/h3>\n\n\n\n<p>Chorvat\u0161tina nem\u00e1 \u010dleny jako &#8222;the&#8220; nebo &#8222;a&#8220; v \u010de\u0161tin\u011b, co\u017e za\u010d\u00e1te\u010dn\u00edk\u016fm usnad\u0148uje <a href=\"https:\/\/talkpal.ai\/ko\/ai-%ec%96%b8%ec%96%b4-%ea%b5%90%ec%82%ac\/\">za\u010d\u00edt<\/a> tvo\u0159it jednoduch\u00e9 v\u011bty bez obav o pou\u017eit\u00ed \u010dlen\u016f.<\/p>\n\n\n\n<h3 class=\"wp-block-heading\" id=\"h-3-pronouns-determiners\">3. Z\u00e1jmena\/determinanty:<\/h3>\n\n\n\n<p>Z\u00e1jmena se pou\u017e\u00edvaj\u00ed k nahrazen\u00ed podstatn\u00fdch jmen ve v\u011bt\u00e1ch, zat\u00edmco determin\u00e1tory ozna\u010duj\u00ed specifi\u010dnost podstatn\u00e9ho jm\u00e9na. Nau\u010dte se r\u016fzn\u00e9 typy z\u00e1jmen (osobn\u00ed, p\u0159ivlast\u0148ovac\u00ed, ukazovac\u00ed atd.) a jejich sklo\u0148ov\u00e1n\u00ed podle rodu, \u010d\u00edsla a p\u00e1du.<\/p>\n\n\n\n<h3 class=\"wp-block-heading\" id=\"h-4-adjectives\">4. P\u0159\u00eddavn\u00e1 jm\u00e9na:<\/h3>\n\n\n\n<p>P\u0159\u00eddavn\u00e1 jm\u00e9na popisuj\u00ed vlastnosti podstatn\u00fdch jmen a shoduj\u00ed se s rodem, \u010d\u00edslem a p\u00e1dem podstatn\u00e9ho jm\u00e9na, kter\u00e9 modifikuj\u00ed. Nau\u010dte se z\u00e1kladn\u00ed tvary a sklo\u0148ov\u00e1n\u00ed p\u0159\u00eddavn\u00fdch jmen.<\/p>\n\n\n\n<h3 class=\"wp-block-heading\" id=\"h-5-verbs\">5. Slovesa:<\/h3>\n\n\n\n<p>Slovesa jsou j\u00e1drem ka\u017ed\u00e9 v\u011bty, vyjad\u0159uj\u00ed d\u011bj nebo stav. Chorvatsk\u00e1 slovesa se \u010dasuj\u00ed podle \u010dasu, n\u00e1lady, hlasu a osoby. Za\u010dn\u011bte nejb\u011b\u017en\u011bj\u0161\u00edmi pravideln\u00fdmi slovesy a jejich \u010dasov\u00e1n\u00edm v p\u0159\u00edtomn\u00e9m \u010dase.<\/p>\n\n\n\n<h3 class=\"wp-block-heading\" id=\"h-6-tenses\">6. \u010casy:<\/h3>\n\n\n\n<p>Chorvat\u0161tina m\u00e1 sedm \u010das\u016f &#8211; p\u0159\u00edtomn\u00fd, budouc\u00ed I, budouc\u00ed II, minul\u00fd, pr\u016fb\u011bhov\u00fd, aorist a imperfektum. Za\u010dn\u011bte s p\u0159\u00edtomn\u00fdm \u010dasem a pot\u00e9 p\u0159ejd\u011bte k minul\u00e9mu a budouc\u00edmu \u010dasu a nau\u010dte se vzorce \u010dasov\u00e1n\u00ed pro ka\u017ed\u00fd z nich.<\/p>\n\n\n\n<h3 class=\"wp-block-heading\" id=\"h-7-tense-comparison\">7. Srovn\u00e1n\u00ed \u010das\u016f:<\/h3>\n\n\n\n<p>Pochopen\u00ed rozd\u00edl\u016f a podobnost\u00ed mezi \u010dasy je pro zvl\u00e1dnut\u00ed chorvat\u0161tiny kl\u00ed\u010dov\u00e9. Porovnejte \u010dasy a procvi\u010dte si jejich pou\u017e\u00edv\u00e1n\u00ed v kontextu.<\/p>\n\n\n\n<h3 class=\"wp-block-heading\" id=\"h-8-progressive\">8. Progresivn\u00ed:<\/h3>\n\n\n\n<p>Progresivn\u00ed aspekt vyjad\u0159uje \u010dinnosti, kter\u00e9 jsou prob\u00edhaj\u00edc\u00ed nebo nep\u0159etr\u017eit\u00e9. Chorvat\u0161tina nem\u00e1 samostatnou progresivn\u00ed formu jako <a href=\"https:\/\/talkpal.ai\/learn-english-with-ai\/\">angli\u010dtina<\/a>, ale progresivn\u00ed v\u00fdznam m\u016f\u017eete vyj\u00e1d\u0159it pomoc\u00ed specifick\u00fdch slovesn\u00fdch tvar\u016f, p\u0159\u00edslovc\u00ed nebo konstrukc\u00ed.<\/p>\n\n\n\n<h3 class=\"wp-block-heading\" id=\"h-9-perfect-progressive\">9. Perfektn\u00ed progresivn\u00ed:<\/h3>\n\n\n\n<p>Tento aspekt kombinuje dokonal\u00fd a progresivn\u00ed v\u00fdznam. V chorvat\u0161tin\u011b se vyjad\u0159uje pomoc\u00ed p\u0159edminul\u00e9ho \u010dasu se specifick\u00fdm slovesn\u00fdm tvarem nebo konstrukc\u00ed, kter\u00e1 ozna\u010duje souvisl\u00fd d\u011bj.<\/p>\n\n\n\n<h3 class=\"wp-block-heading\" id=\"h-10-adverbs\">10. P\u0159\u00edslovce:<\/h3>\n\n\n\n<p>P\u0159\u00edslovce modifikuj\u00ed slovesa, p\u0159\u00eddavn\u00e1 jm\u00e9na nebo jin\u00e1 p\u0159\u00edslovce a obvykle ozna\u010duj\u00ed zp\u016fsob, m\u00edsto, \u010das nebo stupe\u0148. Nau\u010dte se nejb\u011b\u017en\u011bj\u0161\u00ed chorvatsk\u00e1 p\u0159\u00edslovce a jejich um\u00edst\u011bn\u00ed ve v\u011bt\u00e1ch.<\/p>\n\n\n\n<h3 class=\"wp-block-heading\" id=\"h-11-prepositions\">11. P\u0159edlo\u017eky:<\/h3>\n\n\n\n<p>P\u0159edlo\u017eky se pou\u017e\u00edvaj\u00ed k ozna\u010den\u00ed vztah\u016f mezi slovy, jako je m\u00edsto, sm\u011br, \u010das nebo vlastnictv\u00ed. Seznamte se s nej\u010dast\u011bj\u0161\u00edmi chorvatsk\u00fdmi p\u0159edlo\u017ekami a p\u00e1dy, kter\u00fdmi se \u0159\u00edd\u00ed.<\/p>\n\n\n\n<h3 class=\"wp-block-heading\" id=\"h-12-conditionals\">12. Podm\u00ednkov\u00e9 v\u011bty:<\/h3>\n\n\n\n<p>Podmi\u0148ovac\u00ed zp\u016fsob vyjad\u0159uje hypotetick\u00e9 situace nebo podm\u00ednky a jejich d\u016fsledky. Chorvat\u0161tina m\u00e1 t\u0159i typy kondicion\u00e1lu &#8211; re\u00e1ln\u00fd, nere\u00e1ln\u00fd a sm\u00ed\u0161en\u00fd. Nau\u010dte se vznik a pou\u017eit\u00ed jednotliv\u00fdch typ\u016f.<\/p>\n\n\n\n<h3 class=\"wp-block-heading\" id=\"h-13-sentences\">13. V\u011bty:<\/h3>\n\n\n\n<p>Nakonec si procvi\u010dte kombinaci v\u0161ech gramatick\u00fdch prvk\u016f, kter\u00e9 jste se nau\u010dili, a vytvo\u0159te jednoduch\u00e9 a slo\u017eit\u00e9 v\u011bty v chorvat\u0161tin\u011b. To v\u00e1m pom\u016f\u017ee rozv\u00edjet jazykovou plynulost a porozum\u011bn\u00ed chorvatsk\u00e9 gramatice jako celku.<\/p>\n<\/div><\/div>\n\r\n<section class=\"learnNavigationSection\">\r\n            \r\n        <a href=\"https:\/\/talkpal.ai\/cs\/naucte-se-chorvatsky\/\">\r\n            <div class=\"learnNavigationWrapper\">\r\n                <div class=\"learnNavigationContent\">\r\n                    <img decoding=\"async\" src=\"https:\/\/talkpal.ai\/wp-content\/uploads\/2024\/08\/Croatian.jpg\" alt=\"Croatian Flag\">\r\n                    <div>\r\n                        <h4>O v\u00fduce chorvat\u0161tiny<\/h4>\r\n                        <p>Zjist\u011bte v\u0161e o chorvatsk\u00e9 gramatice.<\/p>\r\n                    <\/div>\r\n                <\/div>\r\n            <\/div>\r\n        <\/a>\r\n\r\n        \r\n        <a href=\"https:\/\/talkpal.ai\/cs\/chorvatska-gramatika\/\">\r\n            <div class=\"learnNavigationWrapper\">\r\n                <div class=\"learnNavigationContent\">\r\n                    <img decoding=\"async\" src=\"https:\/\/talkpal.ai\/wp-content\/uploads\/2024\/08\/Croatian.jpg\" alt=\"Croatian Flag\">\r\n                    <div>\r\n                        <h4>Lekce chorvatsk\u00e9 gramatiky<\/h4>\r\n                        <p>Procvi\u010dte si chorvatskou gramatiku.<\/p>\r\n                    <\/div>\r\n                <\/div>\r\n            <\/div>\r\n        <\/a>\r\n\r\n        \r\n        <a href=\"https:\/\/talkpal.ai\/vocabulary_language\/croatian\/\">\r\n            <div class=\"learnNavigationWrapper\">\r\n                <div class=\"learnNavigationContent\">\r\n                    <img decoding=\"async\" src=\"https:\/\/talkpal.ai\/wp-content\/uploads\/2024\/08\/Croatian.jpg\" alt=\"Croatian Flag\">\r\n                    <div>\r\n                        <h4>Chorvatsk\u00e1 slovn\u00ed z\u00e1soba<\/h4>\r\n                        <p>Roz\u0161i\u0159te si slovn\u00ed z\u00e1sobu chorvat\u0161tiny.<\/p>\r\n                    <\/div>\r\n                <\/div>\r\n            <\/div>\r\n        <\/a>\r\n\r\n            <\/section>","protected":false},"excerpt":{"rendered":"<p>T\u00e9mata chorvatsk\u00e9 gramatiky Chorvat\u0161tina, jihoslovansk\u00fd jazyk, je \u00fa\u0159edn\u00edm jazykem Chorvatska a jedn\u00edm z \u00fa\u0159edn\u00edch jazyk\u016f Bosny a Hercegoviny. Je to slo\u017eit\u00fd a bohat\u00fd jazyk s dlouhou histori\u00ed a jedine\u010dn\u00fdm gramatick\u00fdm syst\u00e9mem. Pro studenty je nezbytn\u00e9 porozum\u011bt z\u00e1kladn\u00edm aspekt\u016fm chorvatsk\u00e9 gramatiky, aby se v jazyce zdokonalili. Tato p\u0159\u00edru\u010dka v\u00e1m pom\u016f\u017ee orientovat se v kl\u00ed\u010dov\u00fdch gramatick\u00fdch t\u00e9matech, [&hellip;]<\/p>\n","protected":false},"author":6,"featured_media":110083,"parent":0,"menu_order":0,"comment_status":"closed","ping_status":"closed","template":"LearningContentPage.php","meta":{"_acf_changed":false,"footnotes":""},"class_list":["post-164049","page","type-page","status-publish","has-post-thumbnail","hentry"],"acf":[],"yoast_head":"<!-- This site is optimized with the Yoast SEO Premium plugin v27.2 (Yoast SEO v27.2) - https:\/\/yoast.com\/product\/yoast-seo-premium-wordpress\/ -->\n<title>Cvi\u010den\u00ed chorvatsk\u00e9 gramatiky - Talkpal<\/title>\n<meta name=\"description\" content=\"Ovl\u00e1dn\u011bte chorvat\u0161tinu pomoc\u00ed efektivn\u00edch cvi\u010den\u00ed z chorvatsk\u00e9 gramatiky, kter\u00e1 u\u017eivatel\u016fm zjednodu\u0161uj\u00ed v\u00fduku \u010das\u016f, sloves a podstatn\u00fdch jmen.\" \/>\n<meta name=\"robots\" content=\"index, follow, max-snippet:-1, max-image-preview:large, max-video-preview:-1\" \/>\n<link rel=\"canonical\" href=\"https:\/\/talkpal.ai\/cs\/cviceni-chorvatske-gramatiky\/\" \/>\n<meta property=\"og:locale\" content=\"cs_CZ\" \/>\n<meta property=\"og:type\" content=\"article\" \/>\n<meta property=\"og:title\" content=\"Cvi\u010den\u00ed chorvatsk\u00e9 gramatiky\" \/>\n<meta property=\"og:description\" content=\"T\u00e9mata chorvatsk\u00e9 gramatiky Chorvat\u0161tina, jihoslovansk\u00fd jazyk, je \u00fa\u0159edn\u00edm jazykem Chorvatska a jedn\u00edm z \u00fa\u0159edn\u00edch jazyk\u016f Bosny a Hercegoviny. Je to slo\u017eit\u00fd\" \/>\n<meta property=\"og:url\" content=\"https:\/\/talkpal.ai\/cs\/cviceni-chorvatske-gramatiky\/\" \/>\n<meta property=\"og:site_name\" content=\"Talkpal\" \/>\n<meta property=\"article:publisher\" content=\"https:\/\/www.facebook.com\/profile.php?id=100090733639311\" \/>\n<meta property=\"article:modified_time\" content=\"2025-12-17T16:27:03+00:00\" \/>\n<meta property=\"og:image\" content=\"https:\/\/talkpal.ai\/wp-content\/uploads\/2023\/05\/croatia.png\" \/>\n\t<meta property=\"og:image:width\" content=\"512\" \/>\n\t<meta property=\"og:image:height\" content=\"512\" \/>\n\t<meta property=\"og:image:type\" content=\"image\/png\" \/>\n<meta name=\"twitter:card\" content=\"summary_large_image\" \/>\n<meta name=\"twitter:site\" content=\"@talkpalai\" \/>\n<meta name=\"twitter:label1\" content=\"Odhadovan\u00e1 doba \u010dten\u00ed\" \/>\n\t<meta name=\"twitter:data1\" content=\"3 minuty\" \/>\n<script type=\"application\/ld+json\" class=\"yoast-schema-graph\">{\"@context\":\"https:\/\/schema.org\",\"@graph\":[{\"@type\":\"WebPage\",\"@id\":\"https:\/\/talkpal.ai\/cs\/cviceni-chorvatske-gramatiky\/\",\"url\":\"https:\/\/talkpal.ai\/cs\/cviceni-chorvatske-gramatiky\/\",\"name\":\"Cvi\u010den\u00ed chorvatsk\u00e9 gramatiky - Talkpal\",\"isPartOf\":{\"@id\":\"https:\/\/talkpal.ai\/cs\/#website\"},\"primaryImageOfPage\":{\"@id\":\"https:\/\/talkpal.ai\/cs\/cviceni-chorvatske-gramatiky\/#primaryimage\"},\"image\":{\"@id\":\"https:\/\/talkpal.ai\/cs\/cviceni-chorvatske-gramatiky\/#primaryimage\"},\"thumbnailUrl\":\"https:\/\/talkpal.ai\/wp-content\/uploads\/2023\/05\/croatia.png\",\"datePublished\":\"2023-06-16T13:02:09+00:00\",\"dateModified\":\"2025-12-17T16:27:03+00:00\",\"description\":\"Ovl\u00e1dn\u011bte chorvat\u0161tinu pomoc\u00ed efektivn\u00edch cvi\u010den\u00ed z chorvatsk\u00e9 gramatiky, kter\u00e1 u\u017eivatel\u016fm zjednodu\u0161uj\u00ed v\u00fduku \u010das\u016f, sloves a podstatn\u00fdch jmen.\",\"breadcrumb\":{\"@id\":\"https:\/\/talkpal.ai\/cs\/cviceni-chorvatske-gramatiky\/#breadcrumb\"},\"inLanguage\":\"cs\",\"potentialAction\":[{\"@type\":\"ReadAction\",\"target\":[\"https:\/\/talkpal.ai\/cs\/cviceni-chorvatske-gramatiky\/\"]}]},{\"@type\":\"ImageObject\",\"inLanguage\":\"cs\",\"@id\":\"https:\/\/talkpal.ai\/cs\/cviceni-chorvatske-gramatiky\/#primaryimage\",\"url\":\"https:\/\/talkpal.ai\/wp-content\/uploads\/2023\/05\/croatia.png\",\"contentUrl\":\"https:\/\/talkpal.ai\/wp-content\/uploads\/2023\/05\/croatia.png\",\"width\":512,\"height\":512},{\"@type\":\"BreadcrumbList\",\"@id\":\"https:\/\/talkpal.ai\/cs\/cviceni-chorvatske-gramatiky\/#breadcrumb\",\"itemListElement\":[{\"@type\":\"ListItem\",\"position\":1,\"name\":\"Homepage\",\"item\":\"https:\/\/talkpal.ai\/cs\/\"},{\"@type\":\"ListItem\",\"position\":2,\"name\":\"Cvi\u010den\u00ed chorvatsk\u00e9 gramatiky\"}]},{\"@type\":\"WebSite\",\"@id\":\"https:\/\/talkpal.ai\/cs\/#website\",\"url\":\"https:\/\/talkpal.ai\/cs\/\",\"name\":\"Talkpal\",\"description\":\"AI Language Learning\",\"publisher\":{\"@id\":\"https:\/\/talkpal.ai\/cs\/#organization\"},\"alternateName\":\"Talkpal AI\",\"potentialAction\":[{\"@type\":\"SearchAction\",\"target\":{\"@type\":\"EntryPoint\",\"urlTemplate\":\"https:\/\/talkpal.ai\/cs\/?s={search_term_string}\"},\"query-input\":{\"@type\":\"PropertyValueSpecification\",\"valueRequired\":true,\"valueName\":\"search_term_string\"}}],\"inLanguage\":\"cs\"},{\"@type\":\"Organization\",\"@id\":\"https:\/\/talkpal.ai\/cs\/#organization\",\"name\":\"Talkpal, Inc.\",\"alternateName\":\"Talkpal AI\",\"url\":\"https:\/\/talkpal.ai\/cs\/\",\"logo\":{\"@type\":\"ImageObject\",\"inLanguage\":\"cs\",\"@id\":\"https:\/\/talkpal.ai\/cs\/#\/schema\/logo\/image\/\",\"url\":\"https:\/\/talkpal.ai\/wp-content\/uploads\/2024\/03\/Talkpal-Logo-Icon.png\",\"contentUrl\":\"https:\/\/talkpal.ai\/wp-content\/uploads\/2024\/03\/Talkpal-Logo-Icon.png\",\"width\":2880,\"height\":2880,\"caption\":\"Talkpal, Inc.\"},\"image\":{\"@id\":\"https:\/\/talkpal.ai\/cs\/#\/schema\/logo\/image\/\"},\"sameAs\":[\"https:\/\/www.facebook.com\/profile.php?id=100090733639311\",\"https:\/\/x.com\/talkpalai\",\"https:\/\/www.linkedin.com\/company\/talkpal\/\",\"https:\/\/www.youtube.com\/@TalkPal\/\",\"https:\/\/www.tiktok.com\/@talkpal\",\"https:\/\/www.instagram.com\/talkpal_ai\/\",\"https:\/\/www.crunchbase.com\/organization\/talkpal-9cde\",\"https:\/\/www.g2.com\/products\/talkpal-for-business\/\",\"https:\/\/www.trustpilot.com\/review\/talkpal.ai\",\"https:\/\/www.capterra.com\/p\/10006800\/TalkPal\/\"],\"description\":\"Talkpal is a language learning web and mobile education app, powered by the latest AI technologies, that provides engaging experiences to its customers in many different languages to help them improve their language skills. Users can chat about unlimited amount of topics with the app and use other modes to practice their language learning.\",\"email\":\"support@talkpal.ai\",\"legalName\":\"Talkpal, Inc.\",\"foundingDate\":\"2023-04-03\",\"duns\":\"118989042\",\"numberOfEmployees\":{\"@type\":\"QuantitativeValue\",\"minValue\":\"11\",\"maxValue\":\"50\"},\"publishingPrinciples\":\"https:\/\/talkpal.ai\/publishing-principles\/\",\"actionableFeedbackPolicy\":\"https:\/\/talkpal.ai\/actionable-feedback-policy\/\",\"correctionsPolicy\":\"https:\/\/talkpal.ai\/corrections-policy\/\",\"ethicsPolicy\":\"https:\/\/talkpal.ai\/ethics-policy\/\",\"diversityPolicy\":\"https:\/\/talkpal.ai\/diversity-policy\/\",\"diversityStaffingReport\":\"https:\/\/talkpal.ai\/diversity-policy\/\"}]}<\/script>\n<!-- \/ Yoast SEO Premium plugin. -->","yoast_head_json":{"title":"Cvi\u010den\u00ed chorvatsk\u00e9 gramatiky - Talkpal","description":"Ovl\u00e1dn\u011bte chorvat\u0161tinu pomoc\u00ed efektivn\u00edch cvi\u010den\u00ed z chorvatsk\u00e9 gramatiky, kter\u00e1 u\u017eivatel\u016fm zjednodu\u0161uj\u00ed v\u00fduku \u010das\u016f, sloves a podstatn\u00fdch jmen.","robots":{"index":"index","follow":"follow","max-snippet":"max-snippet:-1","max-image-preview":"max-image-preview:large","max-video-preview":"max-video-preview:-1"},"canonical":"https:\/\/talkpal.ai\/cs\/cviceni-chorvatske-gramatiky\/","og_locale":"cs_CZ","og_type":"article","og_title":"Cvi\u010den\u00ed chorvatsk\u00e9 gramatiky","og_description":"T\u00e9mata chorvatsk\u00e9 gramatiky Chorvat\u0161tina, jihoslovansk\u00fd jazyk, je \u00fa\u0159edn\u00edm jazykem Chorvatska a jedn\u00edm z \u00fa\u0159edn\u00edch jazyk\u016f Bosny a Hercegoviny. Je to slo\u017eit\u00fd","og_url":"https:\/\/talkpal.ai\/cs\/cviceni-chorvatske-gramatiky\/","og_site_name":"Talkpal","article_publisher":"https:\/\/www.facebook.com\/profile.php?id=100090733639311","article_modified_time":"2025-12-17T16:27:03+00:00","og_image":[{"width":512,"height":512,"url":"https:\/\/talkpal.ai\/wp-content\/uploads\/2023\/05\/croatia.png","type":"image\/png"}],"twitter_card":"summary_large_image","twitter_site":"@talkpalai","twitter_misc":{"Odhadovan\u00e1 doba \u010dten\u00ed":"3 minuty"},"schema":{"@context":"https:\/\/schema.org","@graph":[{"@type":"WebPage","@id":"https:\/\/talkpal.ai\/cs\/cviceni-chorvatske-gramatiky\/","url":"https:\/\/talkpal.ai\/cs\/cviceni-chorvatske-gramatiky\/","name":"Cvi\u010den\u00ed chorvatsk\u00e9 gramatiky - Talkpal","isPartOf":{"@id":"https:\/\/talkpal.ai\/cs\/#website"},"primaryImageOfPage":{"@id":"https:\/\/talkpal.ai\/cs\/cviceni-chorvatske-gramatiky\/#primaryimage"},"image":{"@id":"https:\/\/talkpal.ai\/cs\/cviceni-chorvatske-gramatiky\/#primaryimage"},"thumbnailUrl":"https:\/\/talkpal.ai\/wp-content\/uploads\/2023\/05\/croatia.png","datePublished":"2023-06-16T13:02:09+00:00","dateModified":"2025-12-17T16:27:03+00:00","description":"Ovl\u00e1dn\u011bte chorvat\u0161tinu pomoc\u00ed efektivn\u00edch cvi\u010den\u00ed z chorvatsk\u00e9 gramatiky, kter\u00e1 u\u017eivatel\u016fm zjednodu\u0161uj\u00ed v\u00fduku \u010das\u016f, sloves a podstatn\u00fdch jmen.","breadcrumb":{"@id":"https:\/\/talkpal.ai\/cs\/cviceni-chorvatske-gramatiky\/#breadcrumb"},"inLanguage":"cs","potentialAction":[{"@type":"ReadAction","target":["https:\/\/talkpal.ai\/cs\/cviceni-chorvatske-gramatiky\/"]}]},{"@type":"ImageObject","inLanguage":"cs","@id":"https:\/\/talkpal.ai\/cs\/cviceni-chorvatske-gramatiky\/#primaryimage","url":"https:\/\/talkpal.ai\/wp-content\/uploads\/2023\/05\/croatia.png","contentUrl":"https:\/\/talkpal.ai\/wp-content\/uploads\/2023\/05\/croatia.png","width":512,"height":512},{"@type":"BreadcrumbList","@id":"https:\/\/talkpal.ai\/cs\/cviceni-chorvatske-gramatiky\/#breadcrumb","itemListElement":[{"@type":"ListItem","position":1,"name":"Homepage","item":"https:\/\/talkpal.ai\/cs\/"},{"@type":"ListItem","position":2,"name":"Cvi\u010den\u00ed chorvatsk\u00e9 gramatiky"}]},{"@type":"WebSite","@id":"https:\/\/talkpal.ai\/cs\/#website","url":"https:\/\/talkpal.ai\/cs\/","name":"Talkpal","description":"AI Language Learning","publisher":{"@id":"https:\/\/talkpal.ai\/cs\/#organization"},"alternateName":"Talkpal AI","potentialAction":[{"@type":"SearchAction","target":{"@type":"EntryPoint","urlTemplate":"https:\/\/talkpal.ai\/cs\/?s={search_term_string}"},"query-input":{"@type":"PropertyValueSpecification","valueRequired":true,"valueName":"search_term_string"}}],"inLanguage":"cs"},{"@type":"Organization","@id":"https:\/\/talkpal.ai\/cs\/#organization","name":"Talkpal, Inc.","alternateName":"Talkpal AI","url":"https:\/\/talkpal.ai\/cs\/","logo":{"@type":"ImageObject","inLanguage":"cs","@id":"https:\/\/talkpal.ai\/cs\/#\/schema\/logo\/image\/","url":"https:\/\/talkpal.ai\/wp-content\/uploads\/2024\/03\/Talkpal-Logo-Icon.png","contentUrl":"https:\/\/talkpal.ai\/wp-content\/uploads\/2024\/03\/Talkpal-Logo-Icon.png","width":2880,"height":2880,"caption":"Talkpal, Inc."},"image":{"@id":"https:\/\/talkpal.ai\/cs\/#\/schema\/logo\/image\/"},"sameAs":["https:\/\/www.facebook.com\/profile.php?id=100090733639311","https:\/\/x.com\/talkpalai","https:\/\/www.linkedin.com\/company\/talkpal\/","https:\/\/www.youtube.com\/@TalkPal\/","https:\/\/www.tiktok.com\/@talkpal","https:\/\/www.instagram.com\/talkpal_ai\/","https:\/\/www.crunchbase.com\/organization\/talkpal-9cde","https:\/\/www.g2.com\/products\/talkpal-for-business\/","https:\/\/www.trustpilot.com\/review\/talkpal.ai","https:\/\/www.capterra.com\/p\/10006800\/TalkPal\/"],"description":"Talkpal is a language learning web and mobile education app, powered by the latest AI technologies, that provides engaging experiences to its customers in many different languages to help them improve their language skills. Users can chat about unlimited amount of topics with the app and use other modes to practice their language learning.","email":"support@talkpal.ai","legalName":"Talkpal, Inc.","foundingDate":"2023-04-03","duns":"118989042","numberOfEmployees":{"@type":"QuantitativeValue","minValue":"11","maxValue":"50"},"publishingPrinciples":"https:\/\/talkpal.ai\/publishing-principles\/","actionableFeedbackPolicy":"https:\/\/talkpal.ai\/actionable-feedback-policy\/","correctionsPolicy":"https:\/\/talkpal.ai\/corrections-policy\/","ethicsPolicy":"https:\/\/talkpal.ai\/ethics-policy\/","diversityPolicy":"https:\/\/talkpal.ai\/diversity-policy\/","diversityStaffingReport":"https:\/\/talkpal.ai\/diversity-policy\/"}]}},"_links":{"self":[{"href":"https:\/\/talkpal.ai\/cs\/wp-json\/wp\/v2\/pages\/164049","targetHints":{"allow":["GET"]}}],"collection":[{"href":"https:\/\/talkpal.ai\/cs\/wp-json\/wp\/v2\/pages"}],"about":[{"href":"https:\/\/talkpal.ai\/cs\/wp-json\/wp\/v2\/types\/page"}],"author":[{"embeddable":true,"href":"https:\/\/talkpal.ai\/cs\/wp-json\/wp\/v2\/users\/6"}],"replies":[{"embeddable":true,"href":"https:\/\/talkpal.ai\/cs\/wp-json\/wp\/v2\/comments?post=164049"}],"version-history":[{"count":0,"href":"https:\/\/talkpal.ai\/cs\/wp-json\/wp\/v2\/pages\/164049\/revisions"}],"wp:featuredmedia":[{"embeddable":true,"href":"https:\/\/talkpal.ai\/cs\/wp-json\/wp\/v2\/media\/110083"}],"wp:attachment":[{"href":"https:\/\/talkpal.ai\/cs\/wp-json\/wp\/v2\/media?parent=164049"}],"curies":[{"name":"wp","href":"https:\/\/api.w.org\/{rel}","templated":true}]}}