{"id":163435,"date":"2023-06-16T13:19:10","date_gmt":"2023-06-16T13:19:10","guid":{"rendered":"http:\/\/talkpal.ai\/danska-gramaticka-cviceni\/"},"modified":"2025-12-17T16:32:10","modified_gmt":"2025-12-17T16:32:10","slug":"danska-gramaticka-cviceni","status":"publish","type":"page","link":"https:\/\/talkpal.ai\/cs\/danska-gramaticka-cviceni\/","title":{"rendered":"D\u00e1nsk\u00e1 gramatick\u00e1 cvi\u010den\u00ed"},"content":{"rendered":"\r\n\r\n\r\n<section class=\"languageChallengeSection\">\r\n    <div class=\"languageInfoWrapper\">\r\n        \r\n        <h1>D\u00e1nsk\u00e1 gramatick\u00e1 cvi\u010den\u00ed<\/h1>\r\n        <p>Jste p\u0159ipraveni zlep\u0161it svou d\u00e1n\u0161tinu? Procvi\u010dov\u00e1n\u00ed gramatick\u00fdch cvi\u010den\u00ed je skv\u011bl\u00fd <a href=\"https:\/\/talkpal.ai\/best-way-to-learn\/\">zp\u016fsob<\/a>, jak si osvojit strukturu v\u011bt, \u010dasov\u00e1n\u00ed sloves a zvl\u00e1\u0161tnosti d\u00e1nsk\u00e9ho jazyka. Za\u010dn\u011bte pracovat na d\u00e1nsk\u00e9 gramatice je\u0161t\u011b dnes a sledujte, jak va\u0161e dovednosti a sebed\u016fv\u011bra rostou s ka\u017ed\u00fdm cvi\u010den\u00edm!\n\n<\/p>\r\n\r\n                            <a class=\"getStartedHidden\" href=\"https:\/\/app.talkpal.ai\/cs\/signup?lng=\">Za\u010dni<\/a>\r\n        \r\n    <\/div>\r\n\r\n    <figure>\r\n    <img decoding=\"async\" width=\"768\" height=\"768\" src=\"https:\/\/talkpal.ai\/wp-content\/uploads\/2023\/06\/danish-768x768.png\" class=\"languageImage no-lazy\" alt=\"Language learning for career enhancement\" fetchpriority=\"high\" sizes=\"(max-width: 768px) 150px, 768px\" srcset=\"https:\/\/talkpal.ai\/wp-content\/uploads\/2023\/06\/danish-768x768.png 768w, https:\/\/talkpal.ai\/wp-content\/uploads\/2023\/06\/danish-300x300.png 300w\" \/>\r\n    \r\n\r\n    <\/figure>\r\n\r\n            <a class=\"getStartedVisible\" href=\"https:\/\/app.talkpal.ai\/cs\/signup?lng=\">Za\u010dni<\/a>\r\n    \r\n<\/section>\r\n\r\n\r\n<!-- <section class=\"grammarSection\">\r\n    <div class=\"grammarLinks\">\r\n            <\/div>\r\n<\/section> -->\r\n\r\n\r\n\r\n\r\n<section class=\"promotionalBanner\">\r\n    <p class=\"promotionalText\">Nejefektivn\u011bj\u0161\u00ed zp\u016fsob, jak se nau\u010dit jazyk<\/p>\r\n    <a class=\"promotionalLink\" href=\"https:\/\/app.talkpal.ai\/cs\/signup?lng=\">Vyzkou\u0161ejte Talkpal zdarma<\/a>\r\n<\/section>\n<div class=\"wp-block-group pageContainerStyle\"><div class=\"wp-block-group__inner-container is-layout-constrained wp-block-group-is-layout-constrained\">\n<h2 class=\"wp-block-heading\" id=\"h-danish-grammar-topics\">T\u00e9mata d\u00e1nsk\u00e9 gramatiky<\/h2>\n\n\n\n<p>Studium d\u00e1n\u0161tiny m\u016f\u017ee b\u00fdt obohacuj\u00edc\u00ed a p\u0159\u00edjemnou zku\u0161enost\u00ed pro ty, kte\u0159\u00ed maj\u00ed z\u00e1jem poznat bohatou kulturu a historii D\u00e1nska. <a href=\"https:\/\/talkpal.ai\/learn-danish\/\">D\u00e1n\u0161tina<\/a> je severogerm\u00e1nsk\u00fd jazyk, kter\u00fd sd\u00edl\u00ed mnoho podobnost\u00ed s jin\u00fdmi skandin\u00e1vsk\u00fdmi <a href=\"https:\/\/talkpal.ai\/what-language-is-spoken-on-the-international-space-station\/\">jazyky<\/a>, jako je \u0161v\u00e9d\u0161tina a <a href=\"https:\/\/talkpal.ai\/learn-norwegian\/\">nor\u0161tina<\/a>. Zvl\u00e1dnut\u00edm d\u00e1n\u0161tiny se v\u00e1m otev\u0159ou mo\u017enosti nav\u00e1zat <a href=\"https:\/\/talkpal.ai\/contact\/\">kontakt<\/a> s rodil\u00fdmi mluv\u010d\u00edmi, u\u017e\u00edt si d\u00e1nskou literaturu a prohloubit sv\u00e9 porozum\u011bn\u00ed d\u00e1nsk\u00e9 spole\u010dnosti. Pro dosa\u017een\u00ed plynulosti v d\u00e1n\u0161tin\u011b je nezbytn\u00e9 sezn\u00e1mit se s r\u016fzn\u00fdmi gramatick\u00fdmi t\u00e9maty, kter\u00e1 jsou stavebn\u00edmi kameny jazyka. V t\u00e9to p\u0159\u00edru\u010dce prozkoum\u00e1me po\u0159ad\u00ed, kter\u00e9 byste m\u011bli dodr\u017eovat p\u0159i v\u00fduce d\u00e1nsk\u00e9 gramatiky, a pokryjeme t\u00e9mata, jako jsou \u010dasy, slovesa, podstatn\u00e1 jm\u00e9na a dal\u0161\u00ed.<\/p>\n\n\n\n<h3 class=\"wp-block-heading\" id=\"h-1-nouns-articles-and-pronouns-determiners\">1. Podstatn\u00e1 jm\u00e9na, \u010dleny a z\u00e1jmena\/determinanty:<\/h3>\n\n\n\n<p>Za\u010dn\u011bte t\u00edm, \u017ee se nau\u010d\u00edte z\u00e1klady d\u00e1nsk\u00fdch podstatn\u00fdch jmen, v\u010detn\u011b jejich rodu a \u010d\u00edsla. Seznamte se s ur\u010dit\u00fdmi a neur\u010dit\u00fdmi \u010dleny, stejn\u011b jako s r\u016fzn\u00fdmi typy z\u00e1jmen a determinanty. To v\u00e1m pom\u016f\u017ee vybudovat pevn\u00fd z\u00e1klad pro tvo\u0159en\u00ed jednoduch\u00fdch v\u011bt.<\/p>\n\n\n\n<h3 class=\"wp-block-heading\" id=\"h-2-adjectives-and-adverbs\">2. P\u0159\u00eddavn\u00e1 jm\u00e9na a p\u0159\u00edslovce:<\/h3>\n\n\n\n<p>Po pochopen\u00ed z\u00e1klad\u016f podstatn\u00fdch jmen a z\u00e1jmen p\u0159ejd\u011bte k p\u0159\u00eddavn\u00fdm jm\u00e9n\u016fm a p\u0159\u00edslovc\u00edm. Nau\u010dte se popisovat podstatn\u00e1 jm\u00e9na se spr\u00e1vnou shodou p\u0159\u00eddavn\u00fdch jmen a pou\u017e\u00edvat p\u0159\u00edslovce k \u00faprav\u011b sloves, p\u0159\u00eddavn\u00fdch jmen a dal\u0161\u00edch p\u0159\u00edslovc\u00ed.<\/p>\n\n\n\n<h3 class=\"wp-block-heading\" id=\"h-3-verbs-and-tenses\">3. Slovesa a \u010dasy:<\/h3>\n\n\n\n<p>Osvojte si \u010dasov\u00e1n\u00ed pravideln\u00fdch a nepravideln\u00fdch sloves v p\u0159\u00edtomn\u00e9m, minul\u00e9m a budouc\u00edm \u010dase. Pochopen\u00ed porovn\u00e1v\u00e1n\u00ed \u010das\u016f v\u00e1m pom\u016f\u017ee vyj\u00e1d\u0159it akce nebo ud\u00e1losti, ke kter\u00fdm doch\u00e1z\u00ed v r\u016fzn\u00fdch \u010dasech.<\/p>\n\n\n\n<h3 class=\"wp-block-heading\" id=\"h-4-progressive-and-perfect-progressive\">4. Progresivn\u00ed a dokonale progresivn\u00ed:<\/h3>\n\n\n\n<p>Tyto aspekty d\u00e1nsk\u00e9 gramatiky v\u00e1m umo\u017e\u0148uj\u00ed popsat prob\u00edhaj\u00edc\u00ed akce nebo ud\u00e1losti a akce, kter\u00e9 byly dokon\u010deny, ale jsou st\u00e1le relevantn\u00ed. Nau\u010dte se vhodn\u00e9 slovesn\u00e9 tvary a pomocn\u00e1 slovesa pou\u017e\u00edvan\u00e1 v pr\u016fb\u011bhov\u00e9m a p\u0159edkonav\u00e9m pr\u016fb\u011bhov\u00e9m \u010dase.<\/p>\n\n\n\n<h3 class=\"wp-block-heading\" id=\"h-5-prepositions\">5. P\u0159edlo\u017eky:<\/h3>\n\n\n\n<p>Prostudujte si pou\u017e\u00edv\u00e1n\u00ed p\u0159edlo\u017eek k vyj\u00e1d\u0159en\u00ed vztah\u016f mezi slovy, jako je m\u00edsto, sm\u011br, \u010das a p\u0159\u00ed\u010dina.<\/p>\n\n\n\n<h3 class=\"wp-block-heading\" id=\"h-6-sentences\">6. V\u011bty:<\/h3>\n\n\n\n<p>Nau\u010dte se sestavovat jednoduch\u00e9 i slo\u017eit\u00e9 v\u011bty pomoc\u00ed spr\u00e1vn\u00e9ho slovosledu, kter\u00fd je nezbytn\u00fd pro jasnou a efektivn\u00ed komunikaci v d\u00e1n\u0161tin\u011b.<\/p>\n\n\n\n<h3 class=\"wp-block-heading\" id=\"h-7-conditionals\">7. Podmi\u0148ovac\u00ed zp\u016fsob:<\/h3>\n\n\n\n<p>Nakonec se seznamte s r\u016fzn\u00fdmi typy kondicion\u00e1l\u016f pou\u017e\u00edvan\u00fdch v d\u00e1n\u0161tin\u011b k vyj\u00e1d\u0159en\u00ed hypotetick\u00fdch situac\u00ed a jejich d\u016fsledk\u016f.<\/p>\n\n\n\n<p>Dodr\u017eov\u00e1n\u00edm t\u00e9to posloupnosti m\u016f\u017eete systematicky budovat sv\u00e9 znalosti d\u00e1nsk\u00e9 gramatiky a rozv\u00edjet dovednosti pot\u0159ebn\u00e9 k efektivn\u00ed komunikaci v jazyce. Nezapome\u0148te pravideln\u011b cvi\u010dit a co nejv\u00edce se pono\u0159it do jazyka, abyste dos\u00e1hli co nejlep\u0161\u00edch v\u00fdsledk\u016f.<\/p>\n<\/div><\/div>\n\r\n<section class=\"learnNavigationSection\">\r\n            \r\n        <a href=\"https:\/\/talkpal.ai\/cs\/naucte-se-dansky\/\">\r\n            <div class=\"learnNavigationWrapper\">\r\n                <div class=\"learnNavigationContent\">\r\n                    <img decoding=\"async\" src=\"https:\/\/talkpal.ai\/wp-content\/uploads\/2024\/08\/Danish.jpg\" alt=\"Danish Flag\">\r\n                    <div>\r\n                        <h4>O d\u00e1nsk\u00e9m vzd\u011bl\u00e1v\u00e1n\u00ed<\/h4>\r\n                        <p>Zjist\u011bte v\u0161e o d\u00e1nsk\u00e9 gramatice.<\/p>\r\n                    <\/div>\r\n                <\/div>\r\n            <\/div>\r\n        <\/a>\r\n\r\n        \r\n        <a href=\"https:\/\/talkpal.ai\/cs\/danska-gramatika\/\">\r\n            <div class=\"learnNavigationWrapper\">\r\n                <div class=\"learnNavigationContent\">\r\n                    <img decoding=\"async\" src=\"https:\/\/talkpal.ai\/wp-content\/uploads\/2024\/08\/Danish.jpg\" alt=\"Danish Flag\">\r\n                    <div>\r\n                        <h4>Lekce d\u00e1nsk\u00e9 gramatiky<\/h4>\r\n                        <p>Procvi\u010dte si d\u00e1nskou gramatiku.<\/p>\r\n                    <\/div>\r\n                <\/div>\r\n            <\/div>\r\n        <\/a>\r\n\r\n        \r\n        <a href=\"https:\/\/talkpal.ai\/vocabulary_language\/danish\/\">\r\n            <div class=\"learnNavigationWrapper\">\r\n                <div class=\"learnNavigationContent\">\r\n                    <img decoding=\"async\" src=\"https:\/\/talkpal.ai\/wp-content\/uploads\/2024\/08\/Danish.jpg\" alt=\"Danish Flag\">\r\n                    <div>\r\n                        <h4>D\u00e1nsk\u00e1 slovn\u00ed z\u00e1soba<\/h4>\r\n                        <p>Roz\u0161i\u0159te si slovn\u00ed z\u00e1sobu d\u00e1n\u0161tiny.<\/p>\r\n                    <\/div>\r\n                <\/div>\r\n            <\/div>\r\n        <\/a>\r\n\r\n            <\/section>","protected":false},"excerpt":{"rendered":"<p>T\u00e9mata d\u00e1nsk\u00e9 gramatiky Studium d\u00e1n\u0161tiny m\u016f\u017ee b\u00fdt obohacuj\u00edc\u00ed a p\u0159\u00edjemnou zku\u0161enost\u00ed pro ty, kte\u0159\u00ed maj\u00ed z\u00e1jem poznat bohatou kulturu a historii D\u00e1nska. D\u00e1n\u0161tina je severogerm\u00e1nsk\u00fd jazyk, kter\u00fd sd\u00edl\u00ed mnoho podobnost\u00ed s jin\u00fdmi skandin\u00e1vsk\u00fdmi jazyky, jako je \u0161v\u00e9d\u0161tina a nor\u0161tina. Zvl\u00e1dnut\u00edm d\u00e1n\u0161tiny se v\u00e1m otev\u0159ou mo\u017enosti nav\u00e1zat kontakt s rodil\u00fdmi mluv\u010d\u00edmi, u\u017e\u00edt si d\u00e1nskou literaturu a [&hellip;]<\/p>\n","protected":false},"author":6,"featured_media":110912,"parent":0,"menu_order":0,"comment_status":"closed","ping_status":"closed","template":"LearningContentPage.php","meta":{"_acf_changed":false,"footnotes":""},"class_list":["post-163435","page","type-page","status-publish","has-post-thumbnail","hentry"],"acf":[],"yoast_head":"<!-- This site is optimized with the Yoast SEO Premium plugin v27.2 (Yoast SEO v27.2) - https:\/\/yoast.com\/product\/yoast-seo-premium-wordpress\/ -->\n<title>D\u00e1nsk\u00e1 gramatick\u00e1 cvi\u010den\u00ed - Talkpal<\/title>\n<meta name=\"description\" content=\"Odhalte tajemstv\u00ed d\u00e1nsk\u00fdch gramatick\u00fdch cvi\u010den\u00ed, abyste zlep\u0161ili sv\u00e9 jazykov\u00e9 dovednosti a efektivn\u011b se sbl\u00ed\u017eili s d\u00e1nskou kulturou.\" \/>\n<meta name=\"robots\" content=\"index, follow, max-snippet:-1, max-image-preview:large, max-video-preview:-1\" \/>\n<link rel=\"canonical\" href=\"https:\/\/talkpal.ai\/cs\/danska-gramaticka-cviceni\/\" \/>\n<meta property=\"og:locale\" content=\"cs_CZ\" \/>\n<meta property=\"og:type\" content=\"article\" \/>\n<meta property=\"og:title\" content=\"D\u00e1nsk\u00e1 gramatick\u00e1 cvi\u010den\u00ed\" \/>\n<meta property=\"og:description\" content=\"T\u00e9mata d\u00e1nsk\u00e9 gramatiky Studium d\u00e1n\u0161tiny m\u016f\u017ee b\u00fdt obohacuj\u00edc\u00ed a p\u0159\u00edjemnou zku\u0161enost\u00ed pro ty, kte\u0159\u00ed maj\u00ed z\u00e1jem poznat bohatou kulturu a historii D\u00e1nska.\" \/>\n<meta property=\"og:url\" content=\"https:\/\/talkpal.ai\/cs\/danska-gramaticka-cviceni\/\" \/>\n<meta property=\"og:site_name\" content=\"Talkpal\" \/>\n<meta property=\"article:publisher\" content=\"https:\/\/www.facebook.com\/profile.php?id=100090733639311\" \/>\n<meta property=\"article:modified_time\" content=\"2025-12-17T16:32:10+00:00\" \/>\n<meta property=\"og:image\" content=\"https:\/\/talkpal.ai\/wp-content\/uploads\/2023\/05\/denmark.png\" \/>\n\t<meta property=\"og:image:width\" content=\"512\" \/>\n\t<meta property=\"og:image:height\" content=\"512\" \/>\n\t<meta property=\"og:image:type\" content=\"image\/png\" \/>\n<meta name=\"twitter:card\" content=\"summary_large_image\" \/>\n<meta name=\"twitter:site\" content=\"@talkpalai\" \/>\n<meta name=\"twitter:label1\" content=\"Odhadovan\u00e1 doba \u010dten\u00ed\" \/>\n\t<meta name=\"twitter:data1\" content=\"3 minuty\" \/>\n<script type=\"application\/ld+json\" class=\"yoast-schema-graph\">{\"@context\":\"https:\/\/schema.org\",\"@graph\":[{\"@type\":\"WebPage\",\"@id\":\"https:\/\/talkpal.ai\/cs\/danska-gramaticka-cviceni\/\",\"url\":\"https:\/\/talkpal.ai\/cs\/danska-gramaticka-cviceni\/\",\"name\":\"D\u00e1nsk\u00e1 gramatick\u00e1 cvi\u010den\u00ed - Talkpal\",\"isPartOf\":{\"@id\":\"https:\/\/talkpal.ai\/cs\/#website\"},\"primaryImageOfPage\":{\"@id\":\"https:\/\/talkpal.ai\/cs\/danska-gramaticka-cviceni\/#primaryimage\"},\"image\":{\"@id\":\"https:\/\/talkpal.ai\/cs\/danska-gramaticka-cviceni\/#primaryimage\"},\"thumbnailUrl\":\"https:\/\/talkpal.ai\/wp-content\/uploads\/2023\/05\/denmark.png\",\"datePublished\":\"2023-06-16T13:19:10+00:00\",\"dateModified\":\"2025-12-17T16:32:10+00:00\",\"description\":\"Odhalte tajemstv\u00ed d\u00e1nsk\u00fdch gramatick\u00fdch cvi\u010den\u00ed, abyste zlep\u0161ili sv\u00e9 jazykov\u00e9 dovednosti a efektivn\u011b se sbl\u00ed\u017eili s d\u00e1nskou kulturou.\",\"breadcrumb\":{\"@id\":\"https:\/\/talkpal.ai\/cs\/danska-gramaticka-cviceni\/#breadcrumb\"},\"inLanguage\":\"cs\",\"potentialAction\":[{\"@type\":\"ReadAction\",\"target\":[\"https:\/\/talkpal.ai\/cs\/danska-gramaticka-cviceni\/\"]}]},{\"@type\":\"ImageObject\",\"inLanguage\":\"cs\",\"@id\":\"https:\/\/talkpal.ai\/cs\/danska-gramaticka-cviceni\/#primaryimage\",\"url\":\"https:\/\/talkpal.ai\/wp-content\/uploads\/2023\/05\/denmark.png\",\"contentUrl\":\"https:\/\/talkpal.ai\/wp-content\/uploads\/2023\/05\/denmark.png\",\"width\":512,\"height\":512},{\"@type\":\"BreadcrumbList\",\"@id\":\"https:\/\/talkpal.ai\/cs\/danska-gramaticka-cviceni\/#breadcrumb\",\"itemListElement\":[{\"@type\":\"ListItem\",\"position\":1,\"name\":\"Homepage\",\"item\":\"https:\/\/talkpal.ai\/cs\/\"},{\"@type\":\"ListItem\",\"position\":2,\"name\":\"D\u00e1nsk\u00e1 gramatick\u00e1 cvi\u010den\u00ed\"}]},{\"@type\":\"WebSite\",\"@id\":\"https:\/\/talkpal.ai\/cs\/#website\",\"url\":\"https:\/\/talkpal.ai\/cs\/\",\"name\":\"Talkpal\",\"description\":\"AI Language Learning\",\"publisher\":{\"@id\":\"https:\/\/talkpal.ai\/cs\/#organization\"},\"alternateName\":\"Talkpal AI\",\"potentialAction\":[{\"@type\":\"SearchAction\",\"target\":{\"@type\":\"EntryPoint\",\"urlTemplate\":\"https:\/\/talkpal.ai\/cs\/?s={search_term_string}\"},\"query-input\":{\"@type\":\"PropertyValueSpecification\",\"valueRequired\":true,\"valueName\":\"search_term_string\"}}],\"inLanguage\":\"cs\"},{\"@type\":\"Organization\",\"@id\":\"https:\/\/talkpal.ai\/cs\/#organization\",\"name\":\"Talkpal, Inc.\",\"alternateName\":\"Talkpal AI\",\"url\":\"https:\/\/talkpal.ai\/cs\/\",\"logo\":{\"@type\":\"ImageObject\",\"inLanguage\":\"cs\",\"@id\":\"https:\/\/talkpal.ai\/cs\/#\/schema\/logo\/image\/\",\"url\":\"https:\/\/talkpal.ai\/wp-content\/uploads\/2024\/03\/Talkpal-Logo-Icon.png\",\"contentUrl\":\"https:\/\/talkpal.ai\/wp-content\/uploads\/2024\/03\/Talkpal-Logo-Icon.png\",\"width\":2880,\"height\":2880,\"caption\":\"Talkpal, Inc.\"},\"image\":{\"@id\":\"https:\/\/talkpal.ai\/cs\/#\/schema\/logo\/image\/\"},\"sameAs\":[\"https:\/\/www.facebook.com\/profile.php?id=100090733639311\",\"https:\/\/x.com\/talkpalai\",\"https:\/\/www.linkedin.com\/company\/talkpal\/\",\"https:\/\/www.youtube.com\/@TalkPal\/\",\"https:\/\/www.tiktok.com\/@talkpal\",\"https:\/\/www.instagram.com\/talkpal_ai\/\",\"https:\/\/www.crunchbase.com\/organization\/talkpal-9cde\",\"https:\/\/www.g2.com\/products\/talkpal-for-business\/\",\"https:\/\/www.trustpilot.com\/review\/talkpal.ai\",\"https:\/\/www.capterra.com\/p\/10006800\/TalkPal\/\"],\"description\":\"Talkpal is a language learning web and mobile education app, powered by the latest AI technologies, that provides engaging experiences to its customers in many different languages to help them improve their language skills. Users can chat about unlimited amount of topics with the app and use other modes to practice their language learning.\",\"email\":\"support@talkpal.ai\",\"legalName\":\"Talkpal, Inc.\",\"foundingDate\":\"2023-04-03\",\"duns\":\"118989042\",\"numberOfEmployees\":{\"@type\":\"QuantitativeValue\",\"minValue\":\"11\",\"maxValue\":\"50\"},\"publishingPrinciples\":\"https:\/\/talkpal.ai\/publishing-principles\/\",\"actionableFeedbackPolicy\":\"https:\/\/talkpal.ai\/actionable-feedback-policy\/\",\"correctionsPolicy\":\"https:\/\/talkpal.ai\/corrections-policy\/\",\"ethicsPolicy\":\"https:\/\/talkpal.ai\/ethics-policy\/\",\"diversityPolicy\":\"https:\/\/talkpal.ai\/diversity-policy\/\",\"diversityStaffingReport\":\"https:\/\/talkpal.ai\/diversity-policy\/\"}]}<\/script>\n<!-- \/ Yoast SEO Premium plugin. -->","yoast_head_json":{"title":"D\u00e1nsk\u00e1 gramatick\u00e1 cvi\u010den\u00ed - Talkpal","description":"Odhalte tajemstv\u00ed d\u00e1nsk\u00fdch gramatick\u00fdch cvi\u010den\u00ed, abyste zlep\u0161ili sv\u00e9 jazykov\u00e9 dovednosti a efektivn\u011b se sbl\u00ed\u017eili s d\u00e1nskou kulturou.","robots":{"index":"index","follow":"follow","max-snippet":"max-snippet:-1","max-image-preview":"max-image-preview:large","max-video-preview":"max-video-preview:-1"},"canonical":"https:\/\/talkpal.ai\/cs\/danska-gramaticka-cviceni\/","og_locale":"cs_CZ","og_type":"article","og_title":"D\u00e1nsk\u00e1 gramatick\u00e1 cvi\u010den\u00ed","og_description":"T\u00e9mata d\u00e1nsk\u00e9 gramatiky Studium d\u00e1n\u0161tiny m\u016f\u017ee b\u00fdt obohacuj\u00edc\u00ed a p\u0159\u00edjemnou zku\u0161enost\u00ed pro ty, kte\u0159\u00ed maj\u00ed z\u00e1jem poznat bohatou kulturu a historii D\u00e1nska.","og_url":"https:\/\/talkpal.ai\/cs\/danska-gramaticka-cviceni\/","og_site_name":"Talkpal","article_publisher":"https:\/\/www.facebook.com\/profile.php?id=100090733639311","article_modified_time":"2025-12-17T16:32:10+00:00","og_image":[{"width":512,"height":512,"url":"https:\/\/talkpal.ai\/wp-content\/uploads\/2023\/05\/denmark.png","type":"image\/png"}],"twitter_card":"summary_large_image","twitter_site":"@talkpalai","twitter_misc":{"Odhadovan\u00e1 doba \u010dten\u00ed":"3 minuty"},"schema":{"@context":"https:\/\/schema.org","@graph":[{"@type":"WebPage","@id":"https:\/\/talkpal.ai\/cs\/danska-gramaticka-cviceni\/","url":"https:\/\/talkpal.ai\/cs\/danska-gramaticka-cviceni\/","name":"D\u00e1nsk\u00e1 gramatick\u00e1 cvi\u010den\u00ed - Talkpal","isPartOf":{"@id":"https:\/\/talkpal.ai\/cs\/#website"},"primaryImageOfPage":{"@id":"https:\/\/talkpal.ai\/cs\/danska-gramaticka-cviceni\/#primaryimage"},"image":{"@id":"https:\/\/talkpal.ai\/cs\/danska-gramaticka-cviceni\/#primaryimage"},"thumbnailUrl":"https:\/\/talkpal.ai\/wp-content\/uploads\/2023\/05\/denmark.png","datePublished":"2023-06-16T13:19:10+00:00","dateModified":"2025-12-17T16:32:10+00:00","description":"Odhalte tajemstv\u00ed d\u00e1nsk\u00fdch gramatick\u00fdch cvi\u010den\u00ed, abyste zlep\u0161ili sv\u00e9 jazykov\u00e9 dovednosti a efektivn\u011b se sbl\u00ed\u017eili s d\u00e1nskou kulturou.","breadcrumb":{"@id":"https:\/\/talkpal.ai\/cs\/danska-gramaticka-cviceni\/#breadcrumb"},"inLanguage":"cs","potentialAction":[{"@type":"ReadAction","target":["https:\/\/talkpal.ai\/cs\/danska-gramaticka-cviceni\/"]}]},{"@type":"ImageObject","inLanguage":"cs","@id":"https:\/\/talkpal.ai\/cs\/danska-gramaticka-cviceni\/#primaryimage","url":"https:\/\/talkpal.ai\/wp-content\/uploads\/2023\/05\/denmark.png","contentUrl":"https:\/\/talkpal.ai\/wp-content\/uploads\/2023\/05\/denmark.png","width":512,"height":512},{"@type":"BreadcrumbList","@id":"https:\/\/talkpal.ai\/cs\/danska-gramaticka-cviceni\/#breadcrumb","itemListElement":[{"@type":"ListItem","position":1,"name":"Homepage","item":"https:\/\/talkpal.ai\/cs\/"},{"@type":"ListItem","position":2,"name":"D\u00e1nsk\u00e1 gramatick\u00e1 cvi\u010den\u00ed"}]},{"@type":"WebSite","@id":"https:\/\/talkpal.ai\/cs\/#website","url":"https:\/\/talkpal.ai\/cs\/","name":"Talkpal","description":"AI Language Learning","publisher":{"@id":"https:\/\/talkpal.ai\/cs\/#organization"},"alternateName":"Talkpal AI","potentialAction":[{"@type":"SearchAction","target":{"@type":"EntryPoint","urlTemplate":"https:\/\/talkpal.ai\/cs\/?s={search_term_string}"},"query-input":{"@type":"PropertyValueSpecification","valueRequired":true,"valueName":"search_term_string"}}],"inLanguage":"cs"},{"@type":"Organization","@id":"https:\/\/talkpal.ai\/cs\/#organization","name":"Talkpal, Inc.","alternateName":"Talkpal AI","url":"https:\/\/talkpal.ai\/cs\/","logo":{"@type":"ImageObject","inLanguage":"cs","@id":"https:\/\/talkpal.ai\/cs\/#\/schema\/logo\/image\/","url":"https:\/\/talkpal.ai\/wp-content\/uploads\/2024\/03\/Talkpal-Logo-Icon.png","contentUrl":"https:\/\/talkpal.ai\/wp-content\/uploads\/2024\/03\/Talkpal-Logo-Icon.png","width":2880,"height":2880,"caption":"Talkpal, Inc."},"image":{"@id":"https:\/\/talkpal.ai\/cs\/#\/schema\/logo\/image\/"},"sameAs":["https:\/\/www.facebook.com\/profile.php?id=100090733639311","https:\/\/x.com\/talkpalai","https:\/\/www.linkedin.com\/company\/talkpal\/","https:\/\/www.youtube.com\/@TalkPal\/","https:\/\/www.tiktok.com\/@talkpal","https:\/\/www.instagram.com\/talkpal_ai\/","https:\/\/www.crunchbase.com\/organization\/talkpal-9cde","https:\/\/www.g2.com\/products\/talkpal-for-business\/","https:\/\/www.trustpilot.com\/review\/talkpal.ai","https:\/\/www.capterra.com\/p\/10006800\/TalkPal\/"],"description":"Talkpal is a language learning web and mobile education app, powered by the latest AI technologies, that provides engaging experiences to its customers in many different languages to help them improve their language skills. Users can chat about unlimited amount of topics with the app and use other modes to practice their language learning.","email":"support@talkpal.ai","legalName":"Talkpal, Inc.","foundingDate":"2023-04-03","duns":"118989042","numberOfEmployees":{"@type":"QuantitativeValue","minValue":"11","maxValue":"50"},"publishingPrinciples":"https:\/\/talkpal.ai\/publishing-principles\/","actionableFeedbackPolicy":"https:\/\/talkpal.ai\/actionable-feedback-policy\/","correctionsPolicy":"https:\/\/talkpal.ai\/corrections-policy\/","ethicsPolicy":"https:\/\/talkpal.ai\/ethics-policy\/","diversityPolicy":"https:\/\/talkpal.ai\/diversity-policy\/","diversityStaffingReport":"https:\/\/talkpal.ai\/diversity-policy\/"}]}},"_links":{"self":[{"href":"https:\/\/talkpal.ai\/cs\/wp-json\/wp\/v2\/pages\/163435","targetHints":{"allow":["GET"]}}],"collection":[{"href":"https:\/\/talkpal.ai\/cs\/wp-json\/wp\/v2\/pages"}],"about":[{"href":"https:\/\/talkpal.ai\/cs\/wp-json\/wp\/v2\/types\/page"}],"author":[{"embeddable":true,"href":"https:\/\/talkpal.ai\/cs\/wp-json\/wp\/v2\/users\/6"}],"replies":[{"embeddable":true,"href":"https:\/\/talkpal.ai\/cs\/wp-json\/wp\/v2\/comments?post=163435"}],"version-history":[{"count":0,"href":"https:\/\/talkpal.ai\/cs\/wp-json\/wp\/v2\/pages\/163435\/revisions"}],"wp:featuredmedia":[{"embeddable":true,"href":"https:\/\/talkpal.ai\/cs\/wp-json\/wp\/v2\/media\/110912"}],"wp:attachment":[{"href":"https:\/\/talkpal.ai\/cs\/wp-json\/wp\/v2\/media?parent=163435"}],"curies":[{"name":"wp","href":"https:\/\/api.w.org\/{rel}","templated":true}]}}