{"id":163141,"date":"2023-06-16T13:25:56","date_gmt":"2023-06-16T13:25:56","guid":{"rendered":"http:\/\/talkpal.ai\/estonska-gramaticka-cviceni\/"},"modified":"2025-12-17T15:58:38","modified_gmt":"2025-12-17T15:58:38","slug":"estonska-gramaticka-cviceni","status":"publish","type":"page","link":"https:\/\/talkpal.ai\/cs\/estonska-gramaticka-cviceni\/","title":{"rendered":"Estonsk\u00e1 gramatick\u00e1 cvi\u010den\u00ed"},"content":{"rendered":"\r\n\r\n\r\n<section class=\"languageChallengeSection\">\r\n    <div class=\"languageInfoWrapper\">\r\n        \r\n        <h1>Estonsk\u00e1 gramatick\u00e1 cvi\u010den\u00ed<\/h1>\r\n        <p>Chcete se nau\u010dit estonsky? Soust\u0159ed\u011bn\u00e1 gramatick\u00e1 cvi\u010den\u00ed jsou dokonal\u00fdm zp\u016fsobem, jak pochopit strukturu v\u011bty, slovesn\u00e9 tvary a kl\u00ed\u010dov\u00e9 vzory, kter\u00e9 jsou pro eston\u0161tinu jedine\u010dn\u00e9. Za\u010dn\u011bte procvi\u010dovat estonskou gramatiku je\u0161t\u011b dnes a sledujte, jak va\u0161e dovednosti a sebed\u016fv\u011bra rostou s ka\u017ed\u00fdm dal\u0161\u00edm lekc\u00ed!<\/p>\r\n\r\n                            <a class=\"getStartedHidden\" href=\"https:\/\/app.talkpal.ai\/cs\/signup?lng=\">Za\u010dni<\/a>\r\n        \r\n    <\/div>\r\n\r\n    <figure>\r\n    <img decoding=\"async\" width=\"768\" height=\"768\" src=\"https:\/\/talkpal.ai\/wp-content\/uploads\/2023\/06\/Estonian-768x768.png\" class=\"languageImage no-lazy\" alt=\"Secret tricks of language learning\" fetchpriority=\"high\" sizes=\"(max-width: 768px) 150px, 768px\" srcset=\"https:\/\/talkpal.ai\/wp-content\/uploads\/2023\/06\/Estonian-768x768.png 768w, https:\/\/talkpal.ai\/wp-content\/uploads\/2023\/06\/Estonian-300x300.png 300w\" \/>\r\n    \r\n\r\n    <\/figure>\r\n\r\n            <a class=\"getStartedVisible\" href=\"https:\/\/app.talkpal.ai\/cs\/signup?lng=\">Za\u010dni<\/a>\r\n    \r\n<\/section>\r\n\r\n\r\n<!-- <section class=\"grammarSection\">\r\n    <div class=\"grammarLinks\">\r\n            <\/div>\r\n<\/section> -->\r\n\r\n\r\n\r\n\r\n<section class=\"promotionalBanner\">\r\n    <p class=\"promotionalText\">Nejefektivn\u011bj\u0161\u00ed <a href=\"https:\/\/talkpal.ai\/best-way-to-learn\/\">zp\u016fsob<\/a>, jak se nau\u010dit jazyk<\/p>\r\n    <a class=\"promotionalLink\" href=\"https:\/\/app.talkpal.ai\/cs\/signup?lng=\">Vyzkou\u0161ejte Talkpal zdarma<\/a>\r\n<\/section>\n<div class=\"wp-block-group pageContainerStyle\"><div class=\"wp-block-group__inner-container is-layout-constrained wp-block-group-is-layout-constrained\">\n<h2 class=\"wp-block-heading\" id=\"h-estonian-grammar-topics\">T\u00e9mata estonsk\u00e9 gramatiky<\/h2>\n\n\n\n<p>U\u010den\u00ed se nov\u00e9mu jazyku m\u016f\u017ee b\u00fdt vzru\u0161uj\u00edc\u00ed a obohacuj\u00edc\u00ed cesta, kter\u00e1 otev\u00edr\u00e1 nov\u00e9 p\u0159\u00edle\u017eitosti k osobn\u00edmu r\u016fstu, kulturn\u00edmu pozn\u00e1v\u00e1n\u00ed a profesn\u00edmu postupu. <a href=\"https:\/\/talkpal.ai\/learn-estonian\/\">Eston\u0161tina<\/a> jako uralsk\u00fd jazyk nab\u00edz\u00ed jedine\u010dnou a fascinuj\u00edc\u00ed jazykovou zku\u0161enost pro studenty, kte\u0159\u00ed mohou b\u00fdt l\u00e9pe obezn\u00e1meni s indoevropsk\u00fdmi <a href=\"https:\/\/talkpal.ai\/what-language-is-spoken-on-the-international-space-station\/\">jazyky<\/a>. D\u00edky slo\u017eit\u00e9mu gramatick\u00e9mu syst\u00e9mu a bohat\u00e9 slovn\u00ed z\u00e1sob\u011b p\u0159edstavuje <a href=\"https:\/\/talkpal.ai\/learn-estonian\/\">eston\u0161tina<\/a> n\u00e1ro\u010dnou a poutavou p\u0159\u00edle\u017eitost pro jazykov\u00e9 nad\u0161ence. Abyste ze sv\u00e9 v\u00fduky eston\u0161tiny vyt\u011b\u017eili maximum, je nezbytn\u00e9 m\u00edt strukturovan\u00fd p\u0159\u00edstup, kter\u00fd se zam\u011b\u0159uje na gramatick\u00e1 t\u00e9mata v po\u0159ad\u00ed, kter\u00e9 v\u00e1m pom\u016f\u017ee vybudovat pevn\u00e9 z\u00e1klady a postupn\u011b rozv\u00edjet sv\u00e9 dovednosti.<\/p>\n\n\n\n<h3 class=\"wp-block-heading\" id=\"h-1-nouns-and-pronouns-determiners\">1. Podstatn\u00e1 jm\u00e9na a z\u00e1jmena\/determinanty:<\/h3>\n\n\n\n<p>Za\u010dn\u011bte t\u00edm, \u017ee se nau\u010d\u00edte z\u00e1klady estonsk\u00fdch podstatn\u00fdch jmen, v\u010detn\u011b jejich sklo\u0148ov\u00e1n\u00ed a p\u00e1d\u016f. Seznamte se se z\u00e1jmeny a determinanty, kter\u00e9 maj\u00ed stejn\u00e9 tvary jako podstatn\u00e1 jm\u00e9na, proto\u017ee jsou nezbytn\u00e9 pro stavbu jednoduch\u00fdch v\u011bt.<\/p>\n\n\n\n<h3 class=\"wp-block-heading\" id=\"h-2-adjectives-and-adverbs\">2. P\u0159\u00eddavn\u00e1 jm\u00e9na a p\u0159\u00edslovce:<\/h3>\n\n\n\n<p>P\u0159ejd\u011bte k p\u0159\u00eddavn\u00fdm jm\u00e9n\u016fm a nau\u010dte se, jak souhlas\u00ed s podstatn\u00fdmi jm\u00e9ny, kter\u00e1 modifikuj\u00ed, a jak je sklo\u0148ovat. P\u0159\u00edslovce, kter\u00e1 poskytuj\u00ed dal\u0161\u00ed informace o slovesech, p\u0159\u00eddavn\u00fdch jm\u00e9nech a dal\u0161\u00edch p\u0159\u00edslovc\u00edch, v\u00e1m pomohou vytvo\u0159it slo\u017eit\u011bj\u0161\u00ed a popisn\u011bj\u0161\u00ed v\u011bty.<\/p>\n\n\n\n<h3 class=\"wp-block-heading\" id=\"h-3-verbs\">3. Slovesa:<\/h3>\n\n\n\n<p>\u010casov\u00e1n\u00ed estonsk\u00fdch sloves m\u016f\u017ee b\u00fdt slo\u017eit\u00e9, ale je nezbytn\u00e9 pro zvl\u00e1dnut\u00ed jazyka. Studujte r\u016fzn\u00e9 typy sloves, jejich vzorce \u010dasov\u00e1n\u00ed a r\u016fzn\u00e9 \u010dasy k vyj\u00e1d\u0159en\u00ed d\u011bj\u016f a ud\u00e1lost\u00ed v p\u0159\u00edtomnosti, minulosti a budoucnosti.<\/p>\n\n\n\n<h3 class=\"wp-block-heading\" id=\"h-4-tenses-and-tense-comparison\">4. \u010casy a srovn\u00e1n\u00ed \u010das\u016f:<\/h3>\n\n\n\n<p>Prohlubte sv\u00e9 porozum\u011bn\u00ed \u010das\u016fm porovn\u00e1n\u00edm jejich pou\u017eit\u00ed v r\u016fzn\u00fdch kontextech. To v\u00e1m pom\u016f\u017ee vybrat vhodn\u00fd \u010das, abyste p\u0159esn\u011b vyj\u00e1d\u0159ili zam\u00fd\u0161len\u00fd v\u00fdznam.<\/p>\n\n\n\n<h3 class=\"wp-block-heading\" id=\"h-5-progressive-and-perfect-progressive\">5. Progresivn\u00ed a dokonal\u00e1 progresivn\u00ed:<\/h3>\n\n\n\n<p>Tyto aspekty estonsk\u00fdch sloves vyjad\u0159uj\u00ed prob\u00edhaj\u00edc\u00ed nebo pr\u016fb\u011b\u017en\u00fd d\u011bj. Nau\u010dte se, jak je formulovat a pou\u017e\u00edvat k p\u0159id\u00e1n\u00ed nuanc\u00ed do va\u0161\u00ed komunikace.<\/p>\n\n\n\n<h3 class=\"wp-block-heading\" id=\"h-6-articles\">6. \u010cl\u00e1nky:<\/h3>\n\n\n\n<p>Eston\u0161tina nem\u00e1 ur\u010dit\u00e9 nebo neur\u010dit\u00e9 \u010dleny jako <a href=\"https:\/\/talkpal.ai\/learn-english-with-ai\/\">angli\u010dtina<\/a>, ale je nezbytn\u00e9 pochopit, jak vyj\u00e1d\u0159it stejn\u00fd v\u00fdznam pomoc\u00ed jin\u00fdch jazykov\u00fdch n\u00e1stroj\u016f.<\/p>\n\n\n\n<h3 class=\"wp-block-heading\" id=\"h-7-prepositions\">7. P\u0159edlo\u017eky:<\/h3>\n\n\n\n<p>Nau\u010dte se estonsk\u00e9 p\u0159edlo\u017eky k vyj\u00e1d\u0159en\u00ed vztah\u016f mezi slovy ve v\u011bt\u011b, jako je m\u00edsto, sm\u011br a \u010das.<\/p>\n\n\n\n<h3 class=\"wp-block-heading\" id=\"h-8-conditionals\">8. Podm\u00ednkov\u00e9 v\u011bty:<\/h3>\n\n\n\n<p>Osvojte si podm\u00edn\u011bn\u00fd zp\u016fsob k vyj\u00e1d\u0159en\u00ed hypotetick\u00fdch situac\u00ed nebo akc\u00ed z\u00e1visl\u00fdch na konkr\u00e9tn\u00edch podm\u00ednk\u00e1ch.<\/p>\n\n\n\n<h3 class=\"wp-block-heading\" id=\"h-9-sentences\">9. V\u011bty:<\/h3>\n\n\n\n<p>Nakonec si procvi\u010dte vytv\u00e1\u0159en\u00ed r\u016fzn\u00fdch typ\u016f v\u011bt \u2013 jednoduch\u00fdch, slo\u017een\u00fdch i slo\u017eit\u00fdch \u2013 pomoc\u00ed v\u0161ech gramatick\u00fdch t\u00e9mat, kter\u00e1 jste se nau\u010dili. To v\u00e1m pom\u016f\u017ee st\u00e1t se plynulej\u0161\u00edmi a sebev\u011bdom\u011bj\u0161\u00edmi ve sv\u00fdch estonsk\u00fdch komunika\u010dn\u00edch dovednostech.<\/p>\n<\/div><\/div>\n\r\n<section class=\"learnNavigationSection\">\r\n            \r\n        <a href=\"https:\/\/talkpal.ai\/cs\/naucte-se-estonsky\/\">\r\n            <div class=\"learnNavigationWrapper\">\r\n                <div class=\"learnNavigationContent\">\r\n                    <img decoding=\"async\" src=\"https:\/\/talkpal.ai\/wp-content\/uploads\/2024\/08\/Estonian.jpg\" alt=\"Estonian Flag\">\r\n                    <div>\r\n                        <h4>O studiu eston\u0161tiny<\/h4>\r\n                        <p>Zjist\u011bte v\u0161e o estonsk\u00e9 gramatice.<\/p>\r\n                    <\/div>\r\n                <\/div>\r\n            <\/div>\r\n        <\/a>\r\n\r\n        \r\n        <a href=\"https:\/\/talkpal.ai\/cs\/estonska-gramatika\/\">\r\n            <div class=\"learnNavigationWrapper\">\r\n                <div class=\"learnNavigationContent\">\r\n                    <img decoding=\"async\" src=\"https:\/\/talkpal.ai\/wp-content\/uploads\/2024\/08\/Estonian.jpg\" alt=\"Estonian Flag\">\r\n                    <div>\r\n                        <h4>Lekce estonsk\u00e9 gramatiky<\/h4>\r\n                        <p>Procvi\u010dte si estonskou gramatiku.<\/p>\r\n                    <\/div>\r\n                <\/div>\r\n            <\/div>\r\n        <\/a>\r\n\r\n        \r\n        <a href=\"https:\/\/talkpal.ai\/vocabulary_language\/estonian\/\">\r\n            <div class=\"learnNavigationWrapper\">\r\n                <div class=\"learnNavigationContent\">\r\n                    <img decoding=\"async\" src=\"https:\/\/talkpal.ai\/wp-content\/uploads\/2024\/08\/Estonian.jpg\" alt=\"Estonian Flag\">\r\n                    <div>\r\n                        <h4>Estonsk\u00e1 slovn\u00ed z\u00e1soba<\/h4>\r\n                        <p>Roz\u0161i\u0159te si slovn\u00ed z\u00e1sobu eston\u0161tiny.<\/p>\r\n                    <\/div>\r\n                <\/div>\r\n            <\/div>\r\n        <\/a>\r\n\r\n            <\/section>","protected":false},"excerpt":{"rendered":"<p>T\u00e9mata estonsk\u00e9 gramatiky U\u010den\u00ed se nov\u00e9mu jazyku m\u016f\u017ee b\u00fdt vzru\u0161uj\u00edc\u00ed a obohacuj\u00edc\u00ed cesta, kter\u00e1 otev\u00edr\u00e1 nov\u00e9 p\u0159\u00edle\u017eitosti k osobn\u00edmu r\u016fstu, kulturn\u00edmu pozn\u00e1v\u00e1n\u00ed a profesn\u00edmu postupu. Eston\u0161tina jako uralsk\u00fd jazyk nab\u00edz\u00ed jedine\u010dnou a fascinuj\u00edc\u00ed jazykovou zku\u0161enost pro studenty, kte\u0159\u00ed mohou b\u00fdt l\u00e9pe obezn\u00e1meni s indoevropsk\u00fdmi jazyky. D\u00edky slo\u017eit\u00e9mu gramatick\u00e9mu syst\u00e9mu a bohat\u00e9 slovn\u00ed z\u00e1sob\u011b p\u0159edstavuje eston\u0161tina [&hellip;]<\/p>\n","protected":false},"author":6,"featured_media":112430,"parent":0,"menu_order":0,"comment_status":"closed","ping_status":"closed","template":"LearningContentPage.php","meta":{"_acf_changed":false,"footnotes":""},"class_list":["post-163141","page","type-page","status-publish","has-post-thumbnail","hentry"],"acf":[],"yoast_head":"<!-- This site is optimized with the Yoast SEO Premium plugin v27.2 (Yoast SEO v27.2) - https:\/\/yoast.com\/product\/yoast-seo-premium-wordpress\/ -->\n<title>Estonsk\u00e1 gramatick\u00e1 cvi\u010den\u00ed - Talkpal<\/title>\n<meta name=\"description\" content=\"Procvi\u010dte si estonskou gramatiku pomoc\u00ed interaktivn\u00edch cvi\u010den\u00ed navr\u017een\u00fdch tak, abyste rychle a efektivn\u011b zlep\u0161ili sv\u00e9 jazykov\u00e9 znalosti.\" \/>\n<meta name=\"robots\" content=\"index, follow, max-snippet:-1, max-image-preview:large, max-video-preview:-1\" \/>\n<link rel=\"canonical\" href=\"https:\/\/talkpal.ai\/cs\/estonska-gramaticka-cviceni\/\" \/>\n<meta property=\"og:locale\" content=\"cs_CZ\" \/>\n<meta property=\"og:type\" content=\"article\" \/>\n<meta property=\"og:title\" content=\"Estonsk\u00e1 gramatick\u00e1 cvi\u010den\u00ed\" \/>\n<meta property=\"og:description\" content=\"T\u00e9mata estonsk\u00e9 gramatiky U\u010den\u00ed se nov\u00e9mu jazyku m\u016f\u017ee b\u00fdt vzru\u0161uj\u00edc\u00ed a obohacuj\u00edc\u00ed cesta, kter\u00e1 otev\u00edr\u00e1 nov\u00e9 p\u0159\u00edle\u017eitosti k osobn\u00edmu r\u016fstu, kulturn\u00edmu\" \/>\n<meta property=\"og:url\" content=\"https:\/\/talkpal.ai\/cs\/estonska-gramaticka-cviceni\/\" \/>\n<meta property=\"og:site_name\" content=\"Talkpal\" \/>\n<meta property=\"article:publisher\" content=\"https:\/\/www.facebook.com\/profile.php?id=100090733639311\" \/>\n<meta property=\"article:modified_time\" content=\"2025-12-17T15:58:38+00:00\" \/>\n<meta property=\"og:image\" content=\"https:\/\/talkpal.ai\/wp-content\/uploads\/2023\/05\/estonia.png\" \/>\n\t<meta property=\"og:image:width\" content=\"512\" \/>\n\t<meta property=\"og:image:height\" content=\"512\" \/>\n\t<meta property=\"og:image:type\" content=\"image\/png\" \/>\n<meta name=\"twitter:card\" content=\"summary_large_image\" \/>\n<meta name=\"twitter:site\" content=\"@talkpalai\" \/>\n<meta name=\"twitter:label1\" content=\"Odhadovan\u00e1 doba \u010dten\u00ed\" \/>\n\t<meta name=\"twitter:data1\" content=\"3 minuty\" \/>\n<script type=\"application\/ld+json\" class=\"yoast-schema-graph\">{\"@context\":\"https:\/\/schema.org\",\"@graph\":[{\"@type\":\"WebPage\",\"@id\":\"https:\/\/talkpal.ai\/cs\/estonska-gramaticka-cviceni\/\",\"url\":\"https:\/\/talkpal.ai\/cs\/estonska-gramaticka-cviceni\/\",\"name\":\"Estonsk\u00e1 gramatick\u00e1 cvi\u010den\u00ed - Talkpal\",\"isPartOf\":{\"@id\":\"https:\/\/talkpal.ai\/cs\/#website\"},\"primaryImageOfPage\":{\"@id\":\"https:\/\/talkpal.ai\/cs\/estonska-gramaticka-cviceni\/#primaryimage\"},\"image\":{\"@id\":\"https:\/\/talkpal.ai\/cs\/estonska-gramaticka-cviceni\/#primaryimage\"},\"thumbnailUrl\":\"https:\/\/talkpal.ai\/wp-content\/uploads\/2023\/05\/estonia.png\",\"datePublished\":\"2023-06-16T13:25:56+00:00\",\"dateModified\":\"2025-12-17T15:58:38+00:00\",\"description\":\"Procvi\u010dte si estonskou gramatiku pomoc\u00ed interaktivn\u00edch cvi\u010den\u00ed navr\u017een\u00fdch tak, abyste rychle a efektivn\u011b zlep\u0161ili sv\u00e9 jazykov\u00e9 znalosti.\",\"breadcrumb\":{\"@id\":\"https:\/\/talkpal.ai\/cs\/estonska-gramaticka-cviceni\/#breadcrumb\"},\"inLanguage\":\"cs\",\"potentialAction\":[{\"@type\":\"ReadAction\",\"target\":[\"https:\/\/talkpal.ai\/cs\/estonska-gramaticka-cviceni\/\"]}]},{\"@type\":\"ImageObject\",\"inLanguage\":\"cs\",\"@id\":\"https:\/\/talkpal.ai\/cs\/estonska-gramaticka-cviceni\/#primaryimage\",\"url\":\"https:\/\/talkpal.ai\/wp-content\/uploads\/2023\/05\/estonia.png\",\"contentUrl\":\"https:\/\/talkpal.ai\/wp-content\/uploads\/2023\/05\/estonia.png\",\"width\":512,\"height\":512},{\"@type\":\"BreadcrumbList\",\"@id\":\"https:\/\/talkpal.ai\/cs\/estonska-gramaticka-cviceni\/#breadcrumb\",\"itemListElement\":[{\"@type\":\"ListItem\",\"position\":1,\"name\":\"Homepage\",\"item\":\"https:\/\/talkpal.ai\/cs\/\"},{\"@type\":\"ListItem\",\"position\":2,\"name\":\"Estonsk\u00e1 gramatick\u00e1 cvi\u010den\u00ed\"}]},{\"@type\":\"WebSite\",\"@id\":\"https:\/\/talkpal.ai\/cs\/#website\",\"url\":\"https:\/\/talkpal.ai\/cs\/\",\"name\":\"Talkpal\",\"description\":\"AI Language Learning\",\"publisher\":{\"@id\":\"https:\/\/talkpal.ai\/cs\/#organization\"},\"alternateName\":\"Talkpal AI\",\"potentialAction\":[{\"@type\":\"SearchAction\",\"target\":{\"@type\":\"EntryPoint\",\"urlTemplate\":\"https:\/\/talkpal.ai\/cs\/?s={search_term_string}\"},\"query-input\":{\"@type\":\"PropertyValueSpecification\",\"valueRequired\":true,\"valueName\":\"search_term_string\"}}],\"inLanguage\":\"cs\"},{\"@type\":\"Organization\",\"@id\":\"https:\/\/talkpal.ai\/cs\/#organization\",\"name\":\"Talkpal, Inc.\",\"alternateName\":\"Talkpal AI\",\"url\":\"https:\/\/talkpal.ai\/cs\/\",\"logo\":{\"@type\":\"ImageObject\",\"inLanguage\":\"cs\",\"@id\":\"https:\/\/talkpal.ai\/cs\/#\/schema\/logo\/image\/\",\"url\":\"https:\/\/talkpal.ai\/wp-content\/uploads\/2024\/03\/Talkpal-Logo-Icon.png\",\"contentUrl\":\"https:\/\/talkpal.ai\/wp-content\/uploads\/2024\/03\/Talkpal-Logo-Icon.png\",\"width\":2880,\"height\":2880,\"caption\":\"Talkpal, Inc.\"},\"image\":{\"@id\":\"https:\/\/talkpal.ai\/cs\/#\/schema\/logo\/image\/\"},\"sameAs\":[\"https:\/\/www.facebook.com\/profile.php?id=100090733639311\",\"https:\/\/x.com\/talkpalai\",\"https:\/\/www.linkedin.com\/company\/talkpal\/\",\"https:\/\/www.youtube.com\/@TalkPal\/\",\"https:\/\/www.tiktok.com\/@talkpal\",\"https:\/\/www.instagram.com\/talkpal_ai\/\",\"https:\/\/www.crunchbase.com\/organization\/talkpal-9cde\",\"https:\/\/www.g2.com\/products\/talkpal-for-business\/\",\"https:\/\/www.trustpilot.com\/review\/talkpal.ai\",\"https:\/\/www.capterra.com\/p\/10006800\/TalkPal\/\"],\"description\":\"Talkpal is a language learning web and mobile education app, powered by the latest AI technologies, that provides engaging experiences to its customers in many different languages to help them improve their language skills. Users can chat about unlimited amount of topics with the app and use other modes to practice their language learning.\",\"email\":\"support@talkpal.ai\",\"legalName\":\"Talkpal, Inc.\",\"foundingDate\":\"2023-04-03\",\"duns\":\"118989042\",\"numberOfEmployees\":{\"@type\":\"QuantitativeValue\",\"minValue\":\"11\",\"maxValue\":\"50\"},\"publishingPrinciples\":\"https:\/\/talkpal.ai\/publishing-principles\/\",\"actionableFeedbackPolicy\":\"https:\/\/talkpal.ai\/actionable-feedback-policy\/\",\"correctionsPolicy\":\"https:\/\/talkpal.ai\/corrections-policy\/\",\"ethicsPolicy\":\"https:\/\/talkpal.ai\/ethics-policy\/\",\"diversityPolicy\":\"https:\/\/talkpal.ai\/diversity-policy\/\",\"diversityStaffingReport\":\"https:\/\/talkpal.ai\/diversity-policy\/\"}]}<\/script>\n<!-- \/ Yoast SEO Premium plugin. -->","yoast_head_json":{"title":"Estonsk\u00e1 gramatick\u00e1 cvi\u010den\u00ed - Talkpal","description":"Procvi\u010dte si estonskou gramatiku pomoc\u00ed interaktivn\u00edch cvi\u010den\u00ed navr\u017een\u00fdch tak, abyste rychle a efektivn\u011b zlep\u0161ili sv\u00e9 jazykov\u00e9 znalosti.","robots":{"index":"index","follow":"follow","max-snippet":"max-snippet:-1","max-image-preview":"max-image-preview:large","max-video-preview":"max-video-preview:-1"},"canonical":"https:\/\/talkpal.ai\/cs\/estonska-gramaticka-cviceni\/","og_locale":"cs_CZ","og_type":"article","og_title":"Estonsk\u00e1 gramatick\u00e1 cvi\u010den\u00ed","og_description":"T\u00e9mata estonsk\u00e9 gramatiky U\u010den\u00ed se nov\u00e9mu jazyku m\u016f\u017ee b\u00fdt vzru\u0161uj\u00edc\u00ed a obohacuj\u00edc\u00ed cesta, kter\u00e1 otev\u00edr\u00e1 nov\u00e9 p\u0159\u00edle\u017eitosti k osobn\u00edmu r\u016fstu, kulturn\u00edmu","og_url":"https:\/\/talkpal.ai\/cs\/estonska-gramaticka-cviceni\/","og_site_name":"Talkpal","article_publisher":"https:\/\/www.facebook.com\/profile.php?id=100090733639311","article_modified_time":"2025-12-17T15:58:38+00:00","og_image":[{"width":512,"height":512,"url":"https:\/\/talkpal.ai\/wp-content\/uploads\/2023\/05\/estonia.png","type":"image\/png"}],"twitter_card":"summary_large_image","twitter_site":"@talkpalai","twitter_misc":{"Odhadovan\u00e1 doba \u010dten\u00ed":"3 minuty"},"schema":{"@context":"https:\/\/schema.org","@graph":[{"@type":"WebPage","@id":"https:\/\/talkpal.ai\/cs\/estonska-gramaticka-cviceni\/","url":"https:\/\/talkpal.ai\/cs\/estonska-gramaticka-cviceni\/","name":"Estonsk\u00e1 gramatick\u00e1 cvi\u010den\u00ed - Talkpal","isPartOf":{"@id":"https:\/\/talkpal.ai\/cs\/#website"},"primaryImageOfPage":{"@id":"https:\/\/talkpal.ai\/cs\/estonska-gramaticka-cviceni\/#primaryimage"},"image":{"@id":"https:\/\/talkpal.ai\/cs\/estonska-gramaticka-cviceni\/#primaryimage"},"thumbnailUrl":"https:\/\/talkpal.ai\/wp-content\/uploads\/2023\/05\/estonia.png","datePublished":"2023-06-16T13:25:56+00:00","dateModified":"2025-12-17T15:58:38+00:00","description":"Procvi\u010dte si estonskou gramatiku pomoc\u00ed interaktivn\u00edch cvi\u010den\u00ed navr\u017een\u00fdch tak, abyste rychle a efektivn\u011b zlep\u0161ili sv\u00e9 jazykov\u00e9 znalosti.","breadcrumb":{"@id":"https:\/\/talkpal.ai\/cs\/estonska-gramaticka-cviceni\/#breadcrumb"},"inLanguage":"cs","potentialAction":[{"@type":"ReadAction","target":["https:\/\/talkpal.ai\/cs\/estonska-gramaticka-cviceni\/"]}]},{"@type":"ImageObject","inLanguage":"cs","@id":"https:\/\/talkpal.ai\/cs\/estonska-gramaticka-cviceni\/#primaryimage","url":"https:\/\/talkpal.ai\/wp-content\/uploads\/2023\/05\/estonia.png","contentUrl":"https:\/\/talkpal.ai\/wp-content\/uploads\/2023\/05\/estonia.png","width":512,"height":512},{"@type":"BreadcrumbList","@id":"https:\/\/talkpal.ai\/cs\/estonska-gramaticka-cviceni\/#breadcrumb","itemListElement":[{"@type":"ListItem","position":1,"name":"Homepage","item":"https:\/\/talkpal.ai\/cs\/"},{"@type":"ListItem","position":2,"name":"Estonsk\u00e1 gramatick\u00e1 cvi\u010den\u00ed"}]},{"@type":"WebSite","@id":"https:\/\/talkpal.ai\/cs\/#website","url":"https:\/\/talkpal.ai\/cs\/","name":"Talkpal","description":"AI Language Learning","publisher":{"@id":"https:\/\/talkpal.ai\/cs\/#organization"},"alternateName":"Talkpal AI","potentialAction":[{"@type":"SearchAction","target":{"@type":"EntryPoint","urlTemplate":"https:\/\/talkpal.ai\/cs\/?s={search_term_string}"},"query-input":{"@type":"PropertyValueSpecification","valueRequired":true,"valueName":"search_term_string"}}],"inLanguage":"cs"},{"@type":"Organization","@id":"https:\/\/talkpal.ai\/cs\/#organization","name":"Talkpal, Inc.","alternateName":"Talkpal AI","url":"https:\/\/talkpal.ai\/cs\/","logo":{"@type":"ImageObject","inLanguage":"cs","@id":"https:\/\/talkpal.ai\/cs\/#\/schema\/logo\/image\/","url":"https:\/\/talkpal.ai\/wp-content\/uploads\/2024\/03\/Talkpal-Logo-Icon.png","contentUrl":"https:\/\/talkpal.ai\/wp-content\/uploads\/2024\/03\/Talkpal-Logo-Icon.png","width":2880,"height":2880,"caption":"Talkpal, Inc."},"image":{"@id":"https:\/\/talkpal.ai\/cs\/#\/schema\/logo\/image\/"},"sameAs":["https:\/\/www.facebook.com\/profile.php?id=100090733639311","https:\/\/x.com\/talkpalai","https:\/\/www.linkedin.com\/company\/talkpal\/","https:\/\/www.youtube.com\/@TalkPal\/","https:\/\/www.tiktok.com\/@talkpal","https:\/\/www.instagram.com\/talkpal_ai\/","https:\/\/www.crunchbase.com\/organization\/talkpal-9cde","https:\/\/www.g2.com\/products\/talkpal-for-business\/","https:\/\/www.trustpilot.com\/review\/talkpal.ai","https:\/\/www.capterra.com\/p\/10006800\/TalkPal\/"],"description":"Talkpal is a language learning web and mobile education app, powered by the latest AI technologies, that provides engaging experiences to its customers in many different languages to help them improve their language skills. Users can chat about unlimited amount of topics with the app and use other modes to practice their language learning.","email":"support@talkpal.ai","legalName":"Talkpal, Inc.","foundingDate":"2023-04-03","duns":"118989042","numberOfEmployees":{"@type":"QuantitativeValue","minValue":"11","maxValue":"50"},"publishingPrinciples":"https:\/\/talkpal.ai\/publishing-principles\/","actionableFeedbackPolicy":"https:\/\/talkpal.ai\/actionable-feedback-policy\/","correctionsPolicy":"https:\/\/talkpal.ai\/corrections-policy\/","ethicsPolicy":"https:\/\/talkpal.ai\/ethics-policy\/","diversityPolicy":"https:\/\/talkpal.ai\/diversity-policy\/","diversityStaffingReport":"https:\/\/talkpal.ai\/diversity-policy\/"}]}},"_links":{"self":[{"href":"https:\/\/talkpal.ai\/cs\/wp-json\/wp\/v2\/pages\/163141","targetHints":{"allow":["GET"]}}],"collection":[{"href":"https:\/\/talkpal.ai\/cs\/wp-json\/wp\/v2\/pages"}],"about":[{"href":"https:\/\/talkpal.ai\/cs\/wp-json\/wp\/v2\/types\/page"}],"author":[{"embeddable":true,"href":"https:\/\/talkpal.ai\/cs\/wp-json\/wp\/v2\/users\/6"}],"replies":[{"embeddable":true,"href":"https:\/\/talkpal.ai\/cs\/wp-json\/wp\/v2\/comments?post=163141"}],"version-history":[{"count":0,"href":"https:\/\/talkpal.ai\/cs\/wp-json\/wp\/v2\/pages\/163141\/revisions"}],"wp:featuredmedia":[{"embeddable":true,"href":"https:\/\/talkpal.ai\/cs\/wp-json\/wp\/v2\/media\/112430"}],"wp:attachment":[{"href":"https:\/\/talkpal.ai\/cs\/wp-json\/wp\/v2\/media?parent=163141"}],"curies":[{"name":"wp","href":"https:\/\/api.w.org\/{rel}","templated":true}]}}