{"id":162850,"date":"2023-06-21T14:01:18","date_gmt":"2023-06-21T14:01:18","guid":{"rendered":"http:\/\/talkpal.ai\/galicijska-gramaticka-cviceni\/"},"modified":"2025-12-17T16:03:06","modified_gmt":"2025-12-17T16:03:06","slug":"galicijska-gramaticka-cviceni","status":"publish","type":"page","link":"https:\/\/talkpal.ai\/cs\/galicijska-gramaticka-cviceni\/","title":{"rendered":"Galicijsk\u00e1 gramatick\u00e1 cvi\u010den\u00ed"},"content":{"rendered":"\r\n\r\n\r\n<section class=\"languageChallengeSection\">\r\n    <div class=\"languageInfoWrapper\">\r\n        \r\n        <h1>Galicijsk\u00e1 gramatick\u00e1 cvi\u010den\u00ed<\/h1>\r\n        <p>Chcete zlep\u0161it sv\u00e9 znalosti galicij\u0161tiny? Procvi\u010dov\u00e1n\u00ed gramatick\u00fdch cvi\u010den\u00ed je skv\u011bl\u00fdm zp\u016fsobem, jak si osvojit strukturu v\u011bt, slovesn\u00e9 tvary a charakteristick\u00e9 rysy galicij\u0161tiny. Za\u010dn\u011bte pracovat na galicijsk\u00e9 gramatice je\u0161t\u011b dnes a sledujte, jak s ka\u017ed\u00fdm cvi\u010den\u00edm roste va\u0161e porozum\u011bn\u00ed a sebed\u016fv\u011bra!<\/p>\r\n\r\n                            <a class=\"getStartedHidden\" href=\"https:\/\/app.talkpal.ai\/cs\/signup?lng=\">Za\u010dni<\/a>\r\n        \r\n    <\/div>\r\n\r\n    <figure>\r\n    <img decoding=\"async\" width=\"768\" height=\"768\" src=\"https:\/\/talkpal.ai\/wp-content\/uploads\/2023\/06\/galician-768x768.png\" class=\"languageImage no-lazy\" alt=\"Language immersion powerful learning method\" fetchpriority=\"high\" sizes=\"(max-width: 768px) 150px, 768px\" srcset=\"https:\/\/talkpal.ai\/wp-content\/uploads\/2023\/06\/galician-768x768.png 768w, https:\/\/talkpal.ai\/wp-content\/uploads\/2023\/06\/galician-300x300.png 300w\" \/>\r\n    \r\n\r\n    <\/figure>\r\n\r\n            <a class=\"getStartedVisible\" href=\"https:\/\/app.talkpal.ai\/cs\/signup?lng=\">Za\u010dni<\/a>\r\n    \r\n<\/section>\r\n\r\n\r\n<!-- <section class=\"grammarSection\">\r\n    <div class=\"grammarLinks\">\r\n            <\/div>\r\n<\/section> -->\r\n\r\n\r\n\r\n\r\n<section class=\"promotionalBanner\">\r\n    <p class=\"promotionalText\">Nejefektivn\u011bj\u0161\u00ed zp\u016fsob, jak se nau\u010dit jazyk<\/p>\r\n    <a class=\"promotionalLink\" href=\"https:\/\/app.talkpal.ai\/cs\/signup?lng=\">Vyzkou\u0161ejte Talkpal zdarma<\/a>\r\n<\/section>\n<div class=\"wp-block-group pageContainerStyle\"><div class=\"wp-block-group__inner-container is-layout-constrained wp-block-group-is-layout-constrained\">\n<h2 class=\"wp-block-heading\" id=\"h-galician-grammar-topics\">T\u00e9mata galicijsk\u00e9 gramatiky<\/h2>\n\n\n\n<p><a href=\"https:\/\/talkpal.ai\/galician-grammar\/\">Galicijsk\u00e1 gramatika<\/a> je nauka o jazykov\u00e9 struktu\u0159e, pravidlech a slo\u017ek\u00e1ch galicijsk\u00e9ho jazyka, rom\u00e1nsk\u00e9ho jazyka, kter\u00fdm se mluv\u00ed v autonomn\u00edm spole\u010denstv\u00ed Galicie v severoz\u00e1padn\u00edm \u0160pan\u011blsku. Galicijsk\u00e1 gramatika, kter\u00e1 sd\u00edl\u00ed bl\u00edzk\u00fd vztah s portugal\u0161tinou, se skl\u00e1d\u00e1 z r\u016fzn\u00fdch prvk\u016f, kter\u00e9 pom\u00e1haj\u00ed p\u0159i tvorb\u011b a porozum\u011bn\u00ed jazyku, jako je \u010dasov\u00e1n\u00ed sloves, shoda podstatn\u00fdch a p\u0159\u00eddavn\u00fdch jmen a pou\u017e\u00edv\u00e1n\u00ed \u010dlen\u016f, z\u00e1jmen, p\u0159\u00edslovc\u00ed a p\u0159edlo\u017eek. Strukturovan\u00e9 u\u010den\u00ed galicijsk\u00e9 gramatiky zajist\u00ed hladk\u00fd a efektivn\u00ed proces u\u010den\u00ed a z\u00e1rove\u0148 poskytne hlubok\u00e9 porozum\u011bn\u00ed tomuto bohat\u00e9mu a \u017eiv\u00e9mu jazyku.<\/p>\n\n\n\n<h3 class=\"wp-block-heading\" id=\"h-1-nouns\">1. Podstatn\u00e1 jm\u00e9na:<\/h3>\n\n\n\n<p>Za\u010dn\u011bte pochopen\u00edm pojmu podstatn\u00e1 jm\u00e9na v galicij\u0161tin\u011b, kter\u00e1 se d\u011bl\u00ed na dva rody (mu\u017esk\u00fd a \u017eensk\u00fd) a mohou b\u00fdt v jednotn\u00e9m nebo mno\u017en\u00e9m \u010d\u00edsle. Nau\u010dte se, jak je spr\u00e1vn\u011b identifikovat a pou\u017e\u00edvat ve v\u011bt\u00e1ch.<\/p>\n\n\n\n<h3 class=\"wp-block-heading\" id=\"h-2-articles\">2. \u010cl\u00e1nky:<\/h3>\n\n\n\n<p>Studujte ur\u010dit\u00e9 a neur\u010dit\u00e9 \u010dleny v galicij\u0161tin\u011b, kter\u00e9 se shoduj\u00ed rodem a \u010d\u00edslem s podstatn\u00fdmi jm\u00e9ny, kter\u00e1 doprov\u00e1zej\u00ed. To pom\u016f\u017ee efektivn\u011bji tvo\u0159it fr\u00e1ze a z\u00e1kladn\u00ed v\u011bty.<\/p>\n\n\n\n<h3 class=\"wp-block-heading\" id=\"h-3-adjectives\">3. P\u0159\u00eddavn\u00e1 jm\u00e9na:<\/h3>\n\n\n\n<p>Seznamte se s p\u0159\u00eddavn\u00fdmi jm\u00e9ny v galicij\u0161tin\u011b, kter\u00e1 se rodem a \u010d\u00edslem shoduj\u00ed s podstatn\u00fdmi jm\u00e9ny, kter\u00e1 modifikuj\u00ed. Pochopen\u00ed pravidel pro um\u00edst\u011bn\u00ed a dohody v\u00e1m umo\u017en\u00ed p\u0159esn\u011b popsat objekty a osoby.<\/p>\n\n\n\n<h3 class=\"wp-block-heading\" id=\"h-4-pronouns-determiners\">4. Z\u00e1jmena\/determinanty:<\/h3>\n\n\n\n<p>Studujte r\u016fzn\u00e9 typy z\u00e1jmen a determinant\u016f v galicij\u0161tin\u011b, kter\u00e9 mohou nahradit nebo nazna\u010dit podstatn\u00e1 jm\u00e9na ve v\u011bt\u011b. Pat\u0159\u00ed sem mimo jin\u00e9 osobn\u00ed, ukazovac\u00ed, p\u0159ivlast\u0148ovac\u00ed a t\u00e1zac\u00ed z\u00e1jmena.<\/p>\n\n\n\n<h3 class=\"wp-block-heading\" id=\"h-5-verbs\">5. Slovesa:<\/h3>\n\n\n\n<p>Zam\u011b\u0159te se na \u010dasov\u00e1n\u00ed sloves, kter\u00e9 je z\u00e1sadn\u00edm aspektem galicijsk\u00e9 gramatiky. Nau\u010dte se r\u016fzn\u00e9 \u010dasy a n\u00e1lady a procvi\u010dte si \u010dasov\u00e1n\u00ed pravideln\u00fdch a nepravideln\u00fdch sloves.<\/p>\n\n\n\n<h3 class=\"wp-block-heading\" id=\"h-6-tense-comparison\">6. Srovn\u00e1n\u00ed \u010das\u016f:<\/h3>\n\n\n\n<p>Pochopte rozd\u00edly mezi r\u016fzn\u00fdmi \u010dasy v galicij\u0161tin\u011b a nau\u010dte se, jak je spr\u00e1vn\u011b pou\u017e\u00edvat k vyj\u00e1d\u0159en\u00ed vhodn\u00e9ho \u010dasov\u00e9ho odkazu ve va\u0161em projevu nebo psan\u00ed.<\/p>\n\n\n\n<h3 class=\"wp-block-heading\" id=\"h-7-progressive\">7. Progresivn\u00ed:<\/h3>\n\n\n\n<p>Prostudujte si pr\u016fb\u011bhov\u00fd aspekt v galicij\u0161tin\u011b, kter\u00fd ozna\u010duje prob\u00edhaj\u00edc\u00ed d\u011bj, a nau\u010dte se jej tvo\u0159it a pou\u017e\u00edvat v r\u016fzn\u00fdch \u010dasech.<\/p>\n\n\n\n<h3 class=\"wp-block-heading\" id=\"h-8-perfect-progressive\">8. Perfektn\u00ed progresivn\u00ed:<\/h3>\n\n\n\n<p>Seznamte se s dokonal\u00fdm progresivn\u00edm aspektem, kter\u00fd kombinuje dokonal\u00e9 a progresivn\u00ed aspekty a vyjad\u0159uje \u010dinnost, kter\u00e1 prob\u00edh\u00e1 a m\u016f\u017ee pokra\u010dovat i v budoucnu.<\/p>\n\n\n\n<h3 class=\"wp-block-heading\" id=\"h-9-adverbs\">9. P\u0159\u00edslovce:<\/h3>\n\n\n\n<p>Prozkoumejte galicijsk\u00e1 p\u0159\u00edslovce, kter\u00e1 poskytuj\u00ed dal\u0161\u00ed informace o slovesech, p\u0159\u00eddavn\u00fdch jm\u00e9nech nebo jin\u00fdch p\u0159\u00edslovc\u00edch. Nau\u010dte se r\u016fzn\u00e9 typy a jejich pravidla pro um\u00edst\u011bn\u00ed ve v\u011bt\u00e1ch.<\/p>\n\n\n\n<h3 class=\"wp-block-heading\" id=\"h-10-prepositions\">10. P\u0159edlo\u017eky:<\/h3>\n\n\n\n<p>Prostudujte si r\u016fzn\u00e9 p\u0159edlo\u017eky v galicij\u0161tin\u011b, kter\u00e9 ukazuj\u00ed vztah mezi prvky ve v\u011bt\u011b, jako je m\u00edsto, sm\u011br, \u010das nebo p\u0159\u00ed\u010dina.<\/p>\n\n\n\n<h3 class=\"wp-block-heading\" id=\"h-11-conditionals\">11. Kondicion\u00e1ly:<\/h3>\n\n\n\n<p>Seznamte se s podm\u00ednkov\u00fdmi v\u011btami v galicij\u0161tin\u011b, kter\u00e9 vyjad\u0159uj\u00ed hypotetick\u00e9 nebo nere\u00e1ln\u00e9 situace a jejich d\u016fsledky. Studujte tvorbu a pou\u017eit\u00ed r\u016fzn\u00fdch typ\u016f kondicion\u00e1l\u016f.<\/p>\n\n\n\n<h3 class=\"wp-block-heading\" id=\"h-12-sentences\">12. V\u011bty:<\/h3>\n\n\n\n<p>Nakonec si procvi\u010dte kombinov\u00e1n\u00ed v\u0161ech d\u0159\u00edve nau\u010den\u00fdch gramatick\u00fdch slo\u017eek a vytvo\u0159te jednoduch\u00e9 a slo\u017eit\u00e9 v\u011bty v galicij\u0161tin\u011b. To v\u00e1m pom\u016f\u017ee pos\u00edlit porozum\u011bn\u00ed jazyku a vybudovat si plynulost.<\/p>\n<\/div><\/div>\n\r\n<section class=\"learnNavigationSection\">\r\n            \r\n        <a href=\"https:\/\/talkpal.ai\/cs\/naucte-se-galicijsky\/\">\r\n            <div class=\"learnNavigationWrapper\">\r\n                <div class=\"learnNavigationContent\">\r\n                    <img decoding=\"async\" src=\"https:\/\/talkpal.ai\/wp-content\/uploads\/2024\/08\/Galician.jpg\" alt=\"Galicia Flag\">\r\n                    <div>\r\n                        <h4>O v\u00fduce galicij\u0161tiny<\/h4>\r\n                        <p>Zjist\u011bte v\u0161e o galicijsk\u00e9 gramatice.<\/p>\r\n                    <\/div>\r\n                <\/div>\r\n            <\/div>\r\n        <\/a>\r\n\r\n        \r\n        <a href=\"https:\/\/talkpal.ai\/cs\/galicijska-gramatika\/\">\r\n            <div class=\"learnNavigationWrapper\">\r\n                <div class=\"learnNavigationContent\">\r\n                    <img decoding=\"async\" src=\"https:\/\/talkpal.ai\/wp-content\/uploads\/2024\/08\/Galician.jpg\" alt=\"Galicia Flag\">\r\n                    <div>\r\n                        <h4>Lekce galicijsk\u00e9 gramatiky<\/h4>\r\n                        <p>Procvi\u010dte si galicijskou gramatiku.<\/p>\r\n                    <\/div>\r\n                <\/div>\r\n            <\/div>\r\n        <\/a>\r\n\r\n        \r\n        <a href=\"https:\/\/talkpal.ai\/vocabulary_language\/galician\/\">\r\n            <div class=\"learnNavigationWrapper\">\r\n                <div class=\"learnNavigationContent\">\r\n                    <img decoding=\"async\" src=\"https:\/\/talkpal.ai\/wp-content\/uploads\/2024\/08\/Galician.jpg\" alt=\"Galicia Flag\">\r\n                    <div>\r\n                        <h4>Galicijsk\u00e1 slovn\u00ed z\u00e1soba<\/h4>\r\n                        <p>Roz\u0161i\u0159te si slovn\u00ed z\u00e1sobu galicij\u0161tiny.<\/p>\r\n                    <\/div>\r\n                <\/div>\r\n            <\/div>\r\n        <\/a>\r\n\r\n            <\/section>","protected":false},"excerpt":{"rendered":"<p>T\u00e9mata galicijsk\u00e9 gramatiky Galicijsk\u00e1 gramatika je nauka o jazykov\u00e9 struktu\u0159e, pravidlech a slo\u017ek\u00e1ch galicijsk\u00e9ho jazyka, rom\u00e1nsk\u00e9ho jazyka, kter\u00fdm se mluv\u00ed v autonomn\u00edm spole\u010denstv\u00ed Galicie v severoz\u00e1padn\u00edm \u0160pan\u011blsku. Galicijsk\u00e1 gramatika, kter\u00e1 sd\u00edl\u00ed bl\u00edzk\u00fd vztah s portugal\u0161tinou, se skl\u00e1d\u00e1 z r\u016fzn\u00fdch prvk\u016f, kter\u00e9 pom\u00e1haj\u00ed p\u0159i tvorb\u011b a porozum\u011bn\u00ed jazyku, jako je \u010dasov\u00e1n\u00ed sloves, shoda podstatn\u00fdch a p\u0159\u00eddavn\u00fdch [&hellip;]<\/p>\n","protected":false},"author":6,"featured_media":111941,"parent":0,"menu_order":0,"comment_status":"closed","ping_status":"closed","template":"LearningContentPage.php","meta":{"_acf_changed":false,"footnotes":""},"class_list":["post-162850","page","type-page","status-publish","has-post-thumbnail","hentry"],"acf":[],"yoast_head":"<!-- This site is optimized with the Yoast SEO Premium plugin v27.2 (Yoast SEO v27.2) - https:\/\/yoast.com\/product\/yoast-seo-premium-wordpress\/ -->\n<title>Galicijsk\u00e1 gramatick\u00e1 cvi\u010den\u00ed - Talkpal<\/title>\n<meta name=\"description\" content=\"Snadn\u00e9 procvi\u010dov\u00e1n\u00ed galicijsk\u00e9 gramatiky - rychl\u00e9 zlep\u0161en\u00ed, zapojen\u00ed do jasn\u00fdch interaktivn\u00edch cvi\u010den\u00ed a z\u00edsk\u00e1n\u00ed jazykov\u00e9 jistoty\" \/>\n<meta name=\"robots\" content=\"index, follow, max-snippet:-1, max-image-preview:large, max-video-preview:-1\" \/>\n<link rel=\"canonical\" href=\"https:\/\/talkpal.ai\/cs\/galicijska-gramaticka-cviceni\/\" \/>\n<meta property=\"og:locale\" content=\"cs_CZ\" \/>\n<meta property=\"og:type\" content=\"article\" \/>\n<meta property=\"og:title\" content=\"Galicijsk\u00e1 gramatick\u00e1 cvi\u010den\u00ed\" \/>\n<meta property=\"og:description\" content=\"T\u00e9mata galicijsk\u00e9 gramatiky Galicijsk\u00e1 gramatika je nauka o jazykov\u00e9 struktu\u0159e, pravidlech a slo\u017ek\u00e1ch galicijsk\u00e9ho jazyka, rom\u00e1nsk\u00e9ho jazyka, kter\u00fdm se\" \/>\n<meta property=\"og:url\" content=\"https:\/\/talkpal.ai\/cs\/galicijska-gramaticka-cviceni\/\" \/>\n<meta property=\"og:site_name\" content=\"Talkpal\" \/>\n<meta property=\"article:publisher\" content=\"https:\/\/www.facebook.com\/profile.php?id=100090733639311\" \/>\n<meta property=\"article:modified_time\" content=\"2025-12-17T16:03:06+00:00\" \/>\n<meta property=\"og:image\" content=\"https:\/\/talkpal.ai\/wp-content\/uploads\/2023\/05\/Galician-spain.png\" \/>\n\t<meta property=\"og:image:width\" content=\"512\" \/>\n\t<meta property=\"og:image:height\" content=\"512\" \/>\n\t<meta property=\"og:image:type\" content=\"image\/png\" \/>\n<meta name=\"twitter:card\" content=\"summary_large_image\" \/>\n<meta name=\"twitter:site\" content=\"@talkpalai\" \/>\n<meta name=\"twitter:label1\" content=\"Odhadovan\u00e1 doba \u010dten\u00ed\" \/>\n\t<meta name=\"twitter:data1\" content=\"3 minuty\" \/>\n<script type=\"application\/ld+json\" class=\"yoast-schema-graph\">{\"@context\":\"https:\/\/schema.org\",\"@graph\":[{\"@type\":\"WebPage\",\"@id\":\"https:\/\/talkpal.ai\/cs\/galicijska-gramaticka-cviceni\/\",\"url\":\"https:\/\/talkpal.ai\/cs\/galicijska-gramaticka-cviceni\/\",\"name\":\"Galicijsk\u00e1 gramatick\u00e1 cvi\u010den\u00ed - Talkpal\",\"isPartOf\":{\"@id\":\"https:\/\/talkpal.ai\/cs\/#website\"},\"primaryImageOfPage\":{\"@id\":\"https:\/\/talkpal.ai\/cs\/galicijska-gramaticka-cviceni\/#primaryimage\"},\"image\":{\"@id\":\"https:\/\/talkpal.ai\/cs\/galicijska-gramaticka-cviceni\/#primaryimage\"},\"thumbnailUrl\":\"https:\/\/talkpal.ai\/wp-content\/uploads\/2023\/05\/Galician-spain.png\",\"datePublished\":\"2023-06-21T14:01:18+00:00\",\"dateModified\":\"2025-12-17T16:03:06+00:00\",\"description\":\"Snadn\u00e9 procvi\u010dov\u00e1n\u00ed galicijsk\u00e9 gramatiky - rychl\u00e9 zlep\u0161en\u00ed, zapojen\u00ed do jasn\u00fdch interaktivn\u00edch cvi\u010den\u00ed a z\u00edsk\u00e1n\u00ed jazykov\u00e9 jistoty\",\"breadcrumb\":{\"@id\":\"https:\/\/talkpal.ai\/cs\/galicijska-gramaticka-cviceni\/#breadcrumb\"},\"inLanguage\":\"cs\",\"potentialAction\":[{\"@type\":\"ReadAction\",\"target\":[\"https:\/\/talkpal.ai\/cs\/galicijska-gramaticka-cviceni\/\"]}]},{\"@type\":\"ImageObject\",\"inLanguage\":\"cs\",\"@id\":\"https:\/\/talkpal.ai\/cs\/galicijska-gramaticka-cviceni\/#primaryimage\",\"url\":\"https:\/\/talkpal.ai\/wp-content\/uploads\/2023\/05\/Galician-spain.png\",\"contentUrl\":\"https:\/\/talkpal.ai\/wp-content\/uploads\/2023\/05\/Galician-spain.png\",\"width\":512,\"height\":512},{\"@type\":\"BreadcrumbList\",\"@id\":\"https:\/\/talkpal.ai\/cs\/galicijska-gramaticka-cviceni\/#breadcrumb\",\"itemListElement\":[{\"@type\":\"ListItem\",\"position\":1,\"name\":\"Homepage\",\"item\":\"https:\/\/talkpal.ai\/cs\/\"},{\"@type\":\"ListItem\",\"position\":2,\"name\":\"Galicijsk\u00e1 gramatick\u00e1 cvi\u010den\u00ed\"}]},{\"@type\":\"WebSite\",\"@id\":\"https:\/\/talkpal.ai\/cs\/#website\",\"url\":\"https:\/\/talkpal.ai\/cs\/\",\"name\":\"Talkpal\",\"description\":\"AI Language Learning\",\"publisher\":{\"@id\":\"https:\/\/talkpal.ai\/cs\/#organization\"},\"alternateName\":\"Talkpal AI\",\"potentialAction\":[{\"@type\":\"SearchAction\",\"target\":{\"@type\":\"EntryPoint\",\"urlTemplate\":\"https:\/\/talkpal.ai\/cs\/?s={search_term_string}\"},\"query-input\":{\"@type\":\"PropertyValueSpecification\",\"valueRequired\":true,\"valueName\":\"search_term_string\"}}],\"inLanguage\":\"cs\"},{\"@type\":\"Organization\",\"@id\":\"https:\/\/talkpal.ai\/cs\/#organization\",\"name\":\"Talkpal, Inc.\",\"alternateName\":\"Talkpal AI\",\"url\":\"https:\/\/talkpal.ai\/cs\/\",\"logo\":{\"@type\":\"ImageObject\",\"inLanguage\":\"cs\",\"@id\":\"https:\/\/talkpal.ai\/cs\/#\/schema\/logo\/image\/\",\"url\":\"https:\/\/talkpal.ai\/wp-content\/uploads\/2024\/03\/Talkpal-Logo-Icon.png\",\"contentUrl\":\"https:\/\/talkpal.ai\/wp-content\/uploads\/2024\/03\/Talkpal-Logo-Icon.png\",\"width\":2880,\"height\":2880,\"caption\":\"Talkpal, Inc.\"},\"image\":{\"@id\":\"https:\/\/talkpal.ai\/cs\/#\/schema\/logo\/image\/\"},\"sameAs\":[\"https:\/\/www.facebook.com\/profile.php?id=100090733639311\",\"https:\/\/x.com\/talkpalai\",\"https:\/\/www.linkedin.com\/company\/talkpal\/\",\"https:\/\/www.youtube.com\/@TalkPal\/\",\"https:\/\/www.tiktok.com\/@talkpal\",\"https:\/\/www.instagram.com\/talkpal_ai\/\",\"https:\/\/www.crunchbase.com\/organization\/talkpal-9cde\",\"https:\/\/www.g2.com\/products\/talkpal-for-business\/\",\"https:\/\/www.trustpilot.com\/review\/talkpal.ai\",\"https:\/\/www.capterra.com\/p\/10006800\/TalkPal\/\"],\"description\":\"Talkpal is a language learning web and mobile education app, powered by the latest AI technologies, that provides engaging experiences to its customers in many different languages to help them improve their language skills. Users can chat about unlimited amount of topics with the app and use other modes to practice their language learning.\",\"email\":\"support@talkpal.ai\",\"legalName\":\"Talkpal, Inc.\",\"foundingDate\":\"2023-04-03\",\"duns\":\"118989042\",\"numberOfEmployees\":{\"@type\":\"QuantitativeValue\",\"minValue\":\"11\",\"maxValue\":\"50\"},\"publishingPrinciples\":\"https:\/\/talkpal.ai\/publishing-principles\/\",\"actionableFeedbackPolicy\":\"https:\/\/talkpal.ai\/actionable-feedback-policy\/\",\"correctionsPolicy\":\"https:\/\/talkpal.ai\/corrections-policy\/\",\"ethicsPolicy\":\"https:\/\/talkpal.ai\/ethics-policy\/\",\"diversityPolicy\":\"https:\/\/talkpal.ai\/diversity-policy\/\",\"diversityStaffingReport\":\"https:\/\/talkpal.ai\/diversity-policy\/\"}]}<\/script>\n<!-- \/ Yoast SEO Premium plugin. -->","yoast_head_json":{"title":"Galicijsk\u00e1 gramatick\u00e1 cvi\u010den\u00ed - Talkpal","description":"Snadn\u00e9 procvi\u010dov\u00e1n\u00ed galicijsk\u00e9 gramatiky - rychl\u00e9 zlep\u0161en\u00ed, zapojen\u00ed do jasn\u00fdch interaktivn\u00edch cvi\u010den\u00ed a z\u00edsk\u00e1n\u00ed jazykov\u00e9 jistoty","robots":{"index":"index","follow":"follow","max-snippet":"max-snippet:-1","max-image-preview":"max-image-preview:large","max-video-preview":"max-video-preview:-1"},"canonical":"https:\/\/talkpal.ai\/cs\/galicijska-gramaticka-cviceni\/","og_locale":"cs_CZ","og_type":"article","og_title":"Galicijsk\u00e1 gramatick\u00e1 cvi\u010den\u00ed","og_description":"T\u00e9mata galicijsk\u00e9 gramatiky Galicijsk\u00e1 gramatika je nauka o jazykov\u00e9 struktu\u0159e, pravidlech a slo\u017ek\u00e1ch galicijsk\u00e9ho jazyka, rom\u00e1nsk\u00e9ho jazyka, kter\u00fdm se","og_url":"https:\/\/talkpal.ai\/cs\/galicijska-gramaticka-cviceni\/","og_site_name":"Talkpal","article_publisher":"https:\/\/www.facebook.com\/profile.php?id=100090733639311","article_modified_time":"2025-12-17T16:03:06+00:00","og_image":[{"width":512,"height":512,"url":"https:\/\/talkpal.ai\/wp-content\/uploads\/2023\/05\/Galician-spain.png","type":"image\/png"}],"twitter_card":"summary_large_image","twitter_site":"@talkpalai","twitter_misc":{"Odhadovan\u00e1 doba \u010dten\u00ed":"3 minuty"},"schema":{"@context":"https:\/\/schema.org","@graph":[{"@type":"WebPage","@id":"https:\/\/talkpal.ai\/cs\/galicijska-gramaticka-cviceni\/","url":"https:\/\/talkpal.ai\/cs\/galicijska-gramaticka-cviceni\/","name":"Galicijsk\u00e1 gramatick\u00e1 cvi\u010den\u00ed - Talkpal","isPartOf":{"@id":"https:\/\/talkpal.ai\/cs\/#website"},"primaryImageOfPage":{"@id":"https:\/\/talkpal.ai\/cs\/galicijska-gramaticka-cviceni\/#primaryimage"},"image":{"@id":"https:\/\/talkpal.ai\/cs\/galicijska-gramaticka-cviceni\/#primaryimage"},"thumbnailUrl":"https:\/\/talkpal.ai\/wp-content\/uploads\/2023\/05\/Galician-spain.png","datePublished":"2023-06-21T14:01:18+00:00","dateModified":"2025-12-17T16:03:06+00:00","description":"Snadn\u00e9 procvi\u010dov\u00e1n\u00ed galicijsk\u00e9 gramatiky - rychl\u00e9 zlep\u0161en\u00ed, zapojen\u00ed do jasn\u00fdch interaktivn\u00edch cvi\u010den\u00ed a z\u00edsk\u00e1n\u00ed jazykov\u00e9 jistoty","breadcrumb":{"@id":"https:\/\/talkpal.ai\/cs\/galicijska-gramaticka-cviceni\/#breadcrumb"},"inLanguage":"cs","potentialAction":[{"@type":"ReadAction","target":["https:\/\/talkpal.ai\/cs\/galicijska-gramaticka-cviceni\/"]}]},{"@type":"ImageObject","inLanguage":"cs","@id":"https:\/\/talkpal.ai\/cs\/galicijska-gramaticka-cviceni\/#primaryimage","url":"https:\/\/talkpal.ai\/wp-content\/uploads\/2023\/05\/Galician-spain.png","contentUrl":"https:\/\/talkpal.ai\/wp-content\/uploads\/2023\/05\/Galician-spain.png","width":512,"height":512},{"@type":"BreadcrumbList","@id":"https:\/\/talkpal.ai\/cs\/galicijska-gramaticka-cviceni\/#breadcrumb","itemListElement":[{"@type":"ListItem","position":1,"name":"Homepage","item":"https:\/\/talkpal.ai\/cs\/"},{"@type":"ListItem","position":2,"name":"Galicijsk\u00e1 gramatick\u00e1 cvi\u010den\u00ed"}]},{"@type":"WebSite","@id":"https:\/\/talkpal.ai\/cs\/#website","url":"https:\/\/talkpal.ai\/cs\/","name":"Talkpal","description":"AI Language Learning","publisher":{"@id":"https:\/\/talkpal.ai\/cs\/#organization"},"alternateName":"Talkpal AI","potentialAction":[{"@type":"SearchAction","target":{"@type":"EntryPoint","urlTemplate":"https:\/\/talkpal.ai\/cs\/?s={search_term_string}"},"query-input":{"@type":"PropertyValueSpecification","valueRequired":true,"valueName":"search_term_string"}}],"inLanguage":"cs"},{"@type":"Organization","@id":"https:\/\/talkpal.ai\/cs\/#organization","name":"Talkpal, Inc.","alternateName":"Talkpal AI","url":"https:\/\/talkpal.ai\/cs\/","logo":{"@type":"ImageObject","inLanguage":"cs","@id":"https:\/\/talkpal.ai\/cs\/#\/schema\/logo\/image\/","url":"https:\/\/talkpal.ai\/wp-content\/uploads\/2024\/03\/Talkpal-Logo-Icon.png","contentUrl":"https:\/\/talkpal.ai\/wp-content\/uploads\/2024\/03\/Talkpal-Logo-Icon.png","width":2880,"height":2880,"caption":"Talkpal, Inc."},"image":{"@id":"https:\/\/talkpal.ai\/cs\/#\/schema\/logo\/image\/"},"sameAs":["https:\/\/www.facebook.com\/profile.php?id=100090733639311","https:\/\/x.com\/talkpalai","https:\/\/www.linkedin.com\/company\/talkpal\/","https:\/\/www.youtube.com\/@TalkPal\/","https:\/\/www.tiktok.com\/@talkpal","https:\/\/www.instagram.com\/talkpal_ai\/","https:\/\/www.crunchbase.com\/organization\/talkpal-9cde","https:\/\/www.g2.com\/products\/talkpal-for-business\/","https:\/\/www.trustpilot.com\/review\/talkpal.ai","https:\/\/www.capterra.com\/p\/10006800\/TalkPal\/"],"description":"Talkpal is a language learning web and mobile education app, powered by the latest AI technologies, that provides engaging experiences to its customers in many different languages to help them improve their language skills. Users can chat about unlimited amount of topics with the app and use other modes to practice their language learning.","email":"support@talkpal.ai","legalName":"Talkpal, Inc.","foundingDate":"2023-04-03","duns":"118989042","numberOfEmployees":{"@type":"QuantitativeValue","minValue":"11","maxValue":"50"},"publishingPrinciples":"https:\/\/talkpal.ai\/publishing-principles\/","actionableFeedbackPolicy":"https:\/\/talkpal.ai\/actionable-feedback-policy\/","correctionsPolicy":"https:\/\/talkpal.ai\/corrections-policy\/","ethicsPolicy":"https:\/\/talkpal.ai\/ethics-policy\/","diversityPolicy":"https:\/\/talkpal.ai\/diversity-policy\/","diversityStaffingReport":"https:\/\/talkpal.ai\/diversity-policy\/"}]}},"_links":{"self":[{"href":"https:\/\/talkpal.ai\/cs\/wp-json\/wp\/v2\/pages\/162850","targetHints":{"allow":["GET"]}}],"collection":[{"href":"https:\/\/talkpal.ai\/cs\/wp-json\/wp\/v2\/pages"}],"about":[{"href":"https:\/\/talkpal.ai\/cs\/wp-json\/wp\/v2\/types\/page"}],"author":[{"embeddable":true,"href":"https:\/\/talkpal.ai\/cs\/wp-json\/wp\/v2\/users\/6"}],"replies":[{"embeddable":true,"href":"https:\/\/talkpal.ai\/cs\/wp-json\/wp\/v2\/comments?post=162850"}],"version-history":[{"count":0,"href":"https:\/\/talkpal.ai\/cs\/wp-json\/wp\/v2\/pages\/162850\/revisions"}],"wp:featuredmedia":[{"embeddable":true,"href":"https:\/\/talkpal.ai\/cs\/wp-json\/wp\/v2\/media\/111941"}],"wp:attachment":[{"href":"https:\/\/talkpal.ai\/cs\/wp-json\/wp\/v2\/media?parent=162850"}],"curies":[{"name":"wp","href":"https:\/\/api.w.org\/{rel}","templated":true}]}}