{"id":162563,"date":"2023-06-21T14:18:43","date_gmt":"2023-06-21T14:18:43","guid":{"rendered":"http:\/\/talkpal.ai\/cviceni-recke-gramatiky\/"},"modified":"2025-12-17T16:05:26","modified_gmt":"2025-12-17T16:05:26","slug":"cviceni-recke-gramatiky","status":"publish","type":"page","link":"https:\/\/talkpal.ai\/cs\/cviceni-recke-gramatiky\/","title":{"rendered":"Cvi\u010den\u00ed \u0159eck\u00e9 gramatiky"},"content":{"rendered":"\r\n\r\n\r\n<section class=\"languageChallengeSection\">\r\n    <div class=\"languageInfoWrapper\">\r\n        \r\n        <h1>Cvi\u010den\u00ed \u0159eck\u00e9 gramatiky<\/h1>\r\n        <p>U\u010dte se \u0159ecky snadno a z\u00e1bavn\u011b! Vyzkou\u0161ejte tato jednoduch\u00e1 cvi\u010den\u00ed, abyste si procvi\u010dili z\u00e1klady \u0159eck\u00e9 gramatiky a zah\u00e1jili svou jazykovou cestu.<\/p>\r\n\r\n                            <a class=\"getStartedHidden\" href=\"https:\/\/app.talkpal.ai\/cs\/signup?lng=\">Za\u010dni<\/a>\r\n        \r\n    <\/div>\r\n\r\n    <figure>\r\n    <img decoding=\"async\" width=\"768\" height=\"768\" src=\"https:\/\/talkpal.ai\/wp-content\/uploads\/2023\/06\/greek-768x768.png\" class=\"languageImage no-lazy\" alt=\"Language learning to boost personal capability\" fetchpriority=\"high\" sizes=\"(max-width: 768px) 150px, 768px\" srcset=\"https:\/\/talkpal.ai\/wp-content\/uploads\/2023\/06\/greek-768x768.png 768w, https:\/\/talkpal.ai\/wp-content\/uploads\/2023\/06\/greek-300x300.png 300w\" \/>\r\n    \r\n\r\n    <\/figure>\r\n\r\n            <a class=\"getStartedVisible\" href=\"https:\/\/app.talkpal.ai\/cs\/signup?lng=\">Za\u010dni<\/a>\r\n    \r\n<\/section>\r\n\r\n\r\n<!-- <section class=\"grammarSection\">\r\n    <div class=\"grammarLinks\">\r\n            <\/div>\r\n<\/section> -->\r\n\r\n\r\n\r\n\r\n<section class=\"promotionalBanner\">\r\n    <p class=\"promotionalText\">Nejefektivn\u011bj\u0161\u00ed <a href=\"https:\/\/talkpal.ai\/best-way-to-learn\/\">zp\u016fsob<\/a>, jak se nau\u010dit jazyk<\/p>\r\n    <a class=\"promotionalLink\" href=\"https:\/\/app.talkpal.ai\/cs\/signup?lng=\">Vyzkou\u0161ejte Talkpal zdarma<\/a>\r\n<\/section>\n<div class=\"wp-block-group pageContainerStyle\"><div class=\"wp-block-group__inner-container is-layout-constrained wp-block-group-is-layout-constrained\">\n<h2 class=\"wp-block-heading\" id=\"h-greek-grammar-topics\">T\u00e9mata \u0159eck\u00e9 gramatiky<\/h2>\n\n\n\n<p>Studium \u0159e\u010dtiny m\u016f\u017ee b\u00fdt neuv\u011b\u0159iteln\u011b obohacuj\u00edc\u00edm z\u00e1\u017eitkem, proto\u017ee poskytuje br\u00e1nu k bohat\u00e9 a rozmanit\u00e9 kultu\u0159e, literatu\u0159e a historii. \u0158e\u010dtina m\u00e1 jedine\u010dnou gramatickou strukturu, kterou m\u016f\u017ee b\u00fdt fascinuj\u00edc\u00ed prozkoumat. Sezn\u00e1men\u00ed se s \u0159eckou gramatikou je nezbytn\u00e9 pro zvl\u00e1dnut\u00ed jazyka, proto\u017ee v\u00e1m umo\u017en\u00ed efektivn\u011b a p\u0159esn\u011b komunikovat. Tato p\u0159\u00edru\u010dka v\u00e1m poskytne p\u0159ehled n\u011bkter\u00fdch kl\u00ed\u010dov\u00fdch t\u00e9mat \u0159eck\u00e9 gramatiky, seskupen\u00fdch v po\u0159ad\u00ed, kter\u00e9 p\u0159isp\u00edv\u00e1 k u\u010den\u00ed jazyka. Od \u010das\u016f a sloves a\u017e po p\u0159edlo\u017eky a v\u011bty, tato p\u0159\u00edru\u010dka v\u00e1s nasm\u011bruje na cestu ke zdokonalov\u00e1n\u00ed se v \u0159e\u010dtin\u011b.<\/p>\n\n\n\n<h3 class=\"wp-block-heading\" id=\"h-1-nouns\">1. Podstatn\u00e1 jm\u00e9na:<\/h3>\n\n\n\n<p>Podstatn\u00e1 jm\u00e9na jsou stavebn\u00edmi kameny ka\u017ed\u00e9ho jazyka a \u0159e\u010dtina nen\u00ed v\u00fdjimkou. Pou\u017e\u00edvaj\u00ed se k reprezentaci lid\u00ed, m\u00edst, v\u011bc\u00ed nebo my\u0161lenek. V \u0159e\u010dtin\u011b maj\u00ed podstatn\u00e1 jm\u00e9na rod (mu\u017esk\u00fd, \u017eensk\u00fd nebo st\u0159edn\u00ed), \u010d\u00edslo (jednotn\u00e9 nebo mno\u017en\u00e9 \u010d\u00edslo) a p\u00e1d (nominativ, genitiv, akuzativ nebo vokativ). Pochopen\u00ed t\u011bchto vlastnost\u00ed a jejich sklo\u0148ov\u00e1n\u00ed je z\u00e1sadn\u00ed pro tvo\u0159en\u00ed v\u011bt.<\/p>\n\n\n\n<h3 class=\"wp-block-heading\" id=\"h-2-articles\">2. \u010cl\u00e1nky:<\/h3>\n\n\n\n<p>\u010cleny v \u0159e\u010dtin\u011b jsou nezbytn\u00e9 pro up\u0159esn\u011bn\u00ed ur\u010ditosti podstatn\u00e9ho jm\u00e9na. Souhlas\u00ed s podstatn\u00fdm jm\u00e9nem v rod\u011b, \u010d\u00edsle a p\u00e1du. Existuj\u00ed \u010dleny ur\u010dit\u00e9 (odpov\u00eddaj\u00edc\u00ed slovu &#8222;the&#8220;) a neur\u010dit\u00e9 (odpov\u00eddaj\u00edc\u00ed slov\u016fm &#8222;a&#8220; nebo &#8222;an&#8220;), kter\u00e9 je t\u0159eba se nau\u010dit spr\u00e1vn\u011b pou\u017e\u00edvat.<\/p>\n\n\n\n<h3 class=\"wp-block-heading\" id=\"h-3-adjectives\">3. P\u0159\u00eddavn\u00e1 jm\u00e9na:<\/h3>\n\n\n\n<p>P\u0159\u00eddavn\u00e1 jm\u00e9na popisuj\u00ed nebo modifikuj\u00ed podstatn\u00e1 jm\u00e9na a poskytuj\u00ed dal\u0161\u00ed informace o jejich vlastnostech nebo vlastnostech. V \u0159e\u010dtin\u011b se p\u0159\u00eddavn\u00e1 jm\u00e9na shoduj\u00ed s podstatn\u00fdmi jm\u00e9ny, kter\u00e1 modifikuj\u00ed v rod\u011b, \u010d\u00edsle a p\u00e1du, a maj\u00ed r\u016fzn\u00e9 sklo\u0148ov\u00e1n\u00ed v z\u00e1vislosti na t\u011bchto vlastnostech.<\/p>\n\n\n\n<h3 class=\"wp-block-heading\" id=\"h-4-pronouns-determiners\">4. Z\u00e1jmena\/determinanty:<\/h3>\n\n\n\n<p>Z\u00e1jmena se pou\u017e\u00edvaj\u00ed k nahrazen\u00ed podstatn\u00fdch jmen, zat\u00edmco determinanty je specifikuj\u00ed nebo kvantifikuj\u00ed. V \u0159e\u010dtin\u011b se z\u00e1jmena i determinanty sklo\u0148uj\u00ed pro rod, \u010d\u00edslo a p\u00e1d, stejn\u011b jako podstatn\u00e1 jm\u00e9na a p\u0159\u00eddavn\u00e1 jm\u00e9na. N\u011bkter\u00e9 p\u0159\u00edklady zahrnuj\u00ed osobn\u00ed z\u00e1jmena (j\u00e1, ty, on, ona atd.), ukazovac\u00ed z\u00e1jmena (toto, tamto) a p\u0159ivlast\u0148ovac\u00ed z\u00e1jmena (m\u016fj, tv\u016fj, jeho, ona atd.).<\/p>\n\n\n\n<h3 class=\"wp-block-heading\" id=\"h-5-verbs\">5. Slovesa:<\/h3>\n\n\n\n<p>Slovesa vyjad\u0159uj\u00ed d\u011bje, ud\u00e1losti nebo stavy. \u0158eck\u00e1 slovesa maj\u00ed r\u016fzn\u00e9 tvary v z\u00e1vislosti na \u010dase, n\u00e1lad\u011b, hlasu a osob\u011b. Pochopen\u00ed r\u016fzn\u00fdch konjugac\u00ed a jejich pou\u017eit\u00ed je z\u00e1sadn\u00ed pro konstrukci a pochopen\u00ed v\u011bt.<\/p>\n\n\n\n<h3 class=\"wp-block-heading\" id=\"h-6-tenses\">6. \u010casy:<\/h3>\n\n\n\n<p>\u0158e\u010dtina m\u00e1 n\u011bkolik \u010das\u016f, nap\u0159\u00edklad p\u0159\u00edtomn\u00fd, minul\u00fd a budouc\u00ed. Ka\u017ed\u00fd \u010das se pou\u017e\u00edv\u00e1 k ozna\u010den\u00ed \u010dasu akce, ud\u00e1losti nebo stavu. U\u010den\u00ed se r\u016fzn\u00fdm \u010das\u016fm a jejich \u010dasov\u00e1n\u00ed v\u00e1m pom\u016f\u017ee p\u0159esn\u011b se vyjad\u0159ovat a porozum\u011bt ostatn\u00edm.<\/p>\n\n\n\n<h3 class=\"wp-block-heading\" id=\"h-7-tense-comparison\">7. Srovn\u00e1n\u00ed \u010das\u016f:<\/h3>\n\n\n\n<p>Porovn\u00e1v\u00e1n\u00ed \u010das\u016f v \u0159e\u010dtin\u011b je d\u016fle\u017eit\u00e9 pro pochopen\u00ed nuanc\u00ed jazyka. To zahrnuje nau\u010dit se, jak vyj\u00e1d\u0159it akce nebo stavy, kter\u00e9 se vyskytuj\u00ed sou\u010dasn\u011b, postupn\u011b nebo podm\u00edn\u011bn\u011b.<\/p>\n\n\n\n<h3 class=\"wp-block-heading\" id=\"h-8-progressive\">8. Progresivn\u00ed:<\/h3>\n\n\n\n<p>Progresivn\u00ed aspekt se v \u0159e\u010dtin\u011b pou\u017e\u00edv\u00e1 k ozna\u010den\u00ed prob\u00edhaj\u00edc\u00edch nebo nep\u0159etr\u017eit\u00fdch akc\u00ed. Nau\u010dit se, jak formovat a pou\u017e\u00edvat progresivn\u00ed aspekt, v\u00e1m pom\u016f\u017ee zprost\u0159edkovat akce, kter\u00e9 se d\u011bj\u00ed v dan\u00e9m okam\u017eiku nebo se d\u011bly v minulosti.<\/p>\n\n\n\n<h3 class=\"wp-block-heading\" id=\"h-9-perfect-progressive\">9. Perfektn\u00ed progresivn\u00ed:<\/h3>\n\n\n\n<p>Dokonal\u00fd progresivn\u00ed aspekt v \u0159e\u010dtin\u011b kombinuje pojmy dokon\u010den\u00ed a kontinuity. Pou\u017e\u00edv\u00e1 se k vyj\u00e1d\u0159en\u00ed akc\u00ed nebo stav\u016f, kter\u00e9 za\u010daly v minulosti a pokra\u010dovaly a\u017e do ur\u010dit\u00e9ho \u010dasov\u00e9ho okam\u017eiku.<\/p>\n\n\n\n<h3 class=\"wp-block-heading\" id=\"h-10-adverbs\">10. P\u0159\u00edslovce:<\/h3>\n\n\n\n<p>P\u0159\u00edslovce poskytuj\u00ed dal\u0161\u00ed informace o slovesech, p\u0159\u00eddavn\u00fdch jm\u00e9nech nebo jin\u00fdch p\u0159\u00edslovc\u00edch. Mohou vyjad\u0159ovat zp\u016fsob, frekvenci, stupe\u0148, \u010das nebo m\u00edsto. U\u010den\u00ed r\u016fzn\u00fdch typ\u016f p\u0159\u00edslovc\u00ed a jejich spr\u00e1vn\u00e9 um\u00edst\u011bn\u00ed ve v\u011bt\u011b zlep\u0161\u00ed va\u0161i celkovou plynulost v \u0159e\u010dtin\u011b.<\/p>\n\n\n\n<h3 class=\"wp-block-heading\" id=\"h-11-conditionals\">11. Kondicion\u00e1ly:<\/h3>\n\n\n\n<p>Podmi\u0148ovac\u00ed zp\u016fsob se pou\u017e\u00edv\u00e1 k vyj\u00e1d\u0159en\u00ed hypotetick\u00fdch situac\u00ed a jejich d\u016fsledk\u016f. \u0158e\u010dtina m\u00e1 n\u011bkolik typ\u016f kondicion\u00e1l\u016f, v\u010detn\u011b re\u00e1ln\u00fdch, nere\u00e1ln\u00fdch a sm\u00ed\u0161en\u00fdch. Pochopen\u00ed a pou\u017e\u00edv\u00e1n\u00ed kondicion\u00e1l\u016f je nezbytn\u00e9 pro vyj\u00e1d\u0159en\u00ed slo\u017eit\u00fdch my\u0161lenek a n\u00e1pad\u016f.<\/p>\n\n\n\n<h3 class=\"wp-block-heading\" id=\"h-12-prepositions\">12. P\u0159edlo\u017eky:<\/h3>\n\n\n\n<p>P\u0159edlo\u017eky jsou mal\u00e1 slova, kter\u00e1 ozna\u010duj\u00ed vztahy mezi podstatn\u00fdmi jm\u00e9ny, z\u00e1jmeny nebo jin\u00fdmi slovy ve v\u011bt\u011b. Mohou vyjad\u0159ovat polohu, \u010das, sm\u011br, p\u0159\u00ed\u010dinu a dal\u0161\u00ed. U\u010den\u00ed r\u016fzn\u00fdch p\u0159edlo\u017eek a jejich spr\u00e1vn\u00e9 pou\u017e\u00edv\u00e1n\u00ed v\u00e1m pom\u016f\u017ee tvo\u0159it p\u0159esn\u011bj\u0161\u00ed a souvislej\u0161\u00ed v\u011bty.<\/p>\n\n\n\n<h3 class=\"wp-block-heading\" id=\"h-13-sentences\">13. V\u011bty:<\/h3>\n\n\n\n<p>A kone\u010dn\u011b, zvl\u00e1dnut\u00ed v\u011btn\u00e9 struktury je nezbytn\u00e9 pro efektivn\u00ed komunikaci v \u0159e\u010dtin\u011b. To zahrnuje pochopen\u00ed spr\u00e1vn\u00e9ho slovosledu a pou\u017e\u00edv\u00e1n\u00ed r\u016fzn\u00fdch gramatick\u00fdch prvk\u016f, jako je podm\u011bt, sloveso a p\u0159edm\u011bt. T\u00edm, \u017ee se nau\u010d\u00edte vytv\u00e1\u0159et r\u016fzn\u00e9 typy v\u011bt, budete na dobr\u00e9 cest\u011b k tomu, abyste se stali zdatn\u00fdmi v \u0159e\u010dtin\u011b.<\/p>\n<\/div><\/div>\n\r\n<section class=\"learnNavigationSection\">\r\n            \r\n        <a href=\"https:\/\/talkpal.ai\/cs\/naucte-se-recky\/\">\r\n            <div class=\"learnNavigationWrapper\">\r\n                <div class=\"learnNavigationContent\">\r\n                    <img decoding=\"async\" src=\"https:\/\/talkpal.ai\/wp-content\/uploads\/2024\/08\/Greek.jpg\" alt=\"Greek Flag\">\r\n                    <div>\r\n                        <h4>O \u0159eck\u00e9m vzd\u011bl\u00e1v\u00e1n\u00ed<\/h4>\r\n                        <p>Zjist\u011bte v\u0161e o \u0159eck\u00e9 gramatice.<\/p>\r\n                    <\/div>\r\n                <\/div>\r\n            <\/div>\r\n        <\/a>\r\n\r\n        \r\n        <a href=\"https:\/\/talkpal.ai\/cs\/recka-gramatika\/\">\r\n            <div class=\"learnNavigationWrapper\">\r\n                <div class=\"learnNavigationContent\">\r\n                    <img decoding=\"async\" src=\"https:\/\/talkpal.ai\/wp-content\/uploads\/2024\/08\/Greek.jpg\" alt=\"Greek Flag\">\r\n                    <div>\r\n                        <h4>Lekce \u0159eck\u00e9 gramatiky<\/h4>\r\n                        <p>Procvi\u010dte si \u0159eckou gramatiku.<\/p>\r\n                    <\/div>\r\n                <\/div>\r\n            <\/div>\r\n        <\/a>\r\n\r\n        \r\n        <a href=\"https:\/\/talkpal.ai\/vocabulary_language\/greek\/\">\r\n            <div class=\"learnNavigationWrapper\">\r\n                <div class=\"learnNavigationContent\">\r\n                    <img decoding=\"async\" src=\"https:\/\/talkpal.ai\/wp-content\/uploads\/2024\/08\/Greek.jpg\" alt=\"Greek Flag\">\r\n                    <div>\r\n                        <h4>\u0158eck\u00e1 slovn\u00ed z\u00e1soba<\/h4>\r\n                        <p>Roz\u0161i\u0159te si \u0159eckou slovn\u00ed z\u00e1sobu.<\/p>\r\n                    <\/div>\r\n                <\/div>\r\n            <\/div>\r\n        <\/a>\r\n\r\n            <\/section>","protected":false},"excerpt":{"rendered":"<p>T\u00e9mata \u0159eck\u00e9 gramatiky Studium \u0159e\u010dtiny m\u016f\u017ee b\u00fdt neuv\u011b\u0159iteln\u011b obohacuj\u00edc\u00edm z\u00e1\u017eitkem, proto\u017ee poskytuje br\u00e1nu k bohat\u00e9 a rozmanit\u00e9 kultu\u0159e, literatu\u0159e a historii. \u0158e\u010dtina m\u00e1 jedine\u010dnou gramatickou strukturu, kterou m\u016f\u017ee b\u00fdt fascinuj\u00edc\u00ed prozkoumat. Sezn\u00e1men\u00ed se s \u0159eckou gramatikou je nezbytn\u00e9 pro zvl\u00e1dnut\u00ed jazyka, proto\u017ee v\u00e1m umo\u017en\u00ed efektivn\u011b a p\u0159esn\u011b komunikovat. Tato p\u0159\u00edru\u010dka v\u00e1m poskytne p\u0159ehled n\u011bkter\u00fdch kl\u00ed\u010dov\u00fdch [&hellip;]<\/p>\n","protected":false},"author":6,"featured_media":112673,"parent":0,"menu_order":0,"comment_status":"closed","ping_status":"closed","template":"LearningContentPage.php","meta":{"_acf_changed":false,"footnotes":""},"class_list":["post-162563","page","type-page","status-publish","has-post-thumbnail","hentry"],"acf":[],"yoast_head":"<!-- This site is optimized with the Yoast SEO Premium plugin v27.2 (Yoast SEO v27.2) - https:\/\/yoast.com\/product\/yoast-seo-premium-wordpress\/ -->\n<title>Cvi\u010den\u00ed \u0159eck\u00e9 gramatiky - Talkpal<\/title>\n<meta name=\"description\" content=\"Zlep\u0161ete si snadno sv\u00e9 znalosti \u0159eck\u00e9 gramatiky - procvi\u010dujte interaktivn\u00ed cvi\u010den\u00ed, rychle se zlep\u0161ujte a budujte si sebed\u016fv\u011bru pomoc\u00ed Talkpal AI.\" \/>\n<meta name=\"robots\" content=\"index, follow, max-snippet:-1, max-image-preview:large, max-video-preview:-1\" \/>\n<link rel=\"canonical\" href=\"https:\/\/talkpal.ai\/cs\/cviceni-recke-gramatiky\/\" \/>\n<meta property=\"og:locale\" content=\"cs_CZ\" \/>\n<meta property=\"og:type\" content=\"article\" \/>\n<meta property=\"og:title\" content=\"Cvi\u010den\u00ed \u0159eck\u00e9 gramatiky\" \/>\n<meta property=\"og:description\" content=\"T\u00e9mata \u0159eck\u00e9 gramatiky Studium \u0159e\u010dtiny m\u016f\u017ee b\u00fdt neuv\u011b\u0159iteln\u011b obohacuj\u00edc\u00edm z\u00e1\u017eitkem, proto\u017ee poskytuje br\u00e1nu k bohat\u00e9 a rozmanit\u00e9 kultu\u0159e, literatu\u0159e a\" \/>\n<meta property=\"og:url\" content=\"https:\/\/talkpal.ai\/cs\/cviceni-recke-gramatiky\/\" \/>\n<meta property=\"og:site_name\" content=\"Talkpal\" \/>\n<meta property=\"article:publisher\" content=\"https:\/\/www.facebook.com\/profile.php?id=100090733639311\" \/>\n<meta property=\"article:modified_time\" content=\"2025-12-17T16:05:26+00:00\" \/>\n<meta property=\"og:image\" content=\"https:\/\/talkpal.ai\/wp-content\/uploads\/2023\/05\/greece.png\" \/>\n\t<meta property=\"og:image:width\" content=\"512\" \/>\n\t<meta property=\"og:image:height\" content=\"512\" \/>\n\t<meta property=\"og:image:type\" content=\"image\/png\" \/>\n<meta name=\"twitter:card\" content=\"summary_large_image\" \/>\n<meta name=\"twitter:site\" content=\"@talkpalai\" \/>\n<meta name=\"twitter:label1\" content=\"Odhadovan\u00e1 doba \u010dten\u00ed\" \/>\n\t<meta name=\"twitter:data1\" content=\"4 minuty\" \/>\n<script type=\"application\/ld+json\" class=\"yoast-schema-graph\">{\"@context\":\"https:\/\/schema.org\",\"@graph\":[{\"@type\":\"WebPage\",\"@id\":\"https:\/\/talkpal.ai\/cs\/cviceni-recke-gramatiky\/\",\"url\":\"https:\/\/talkpal.ai\/cs\/cviceni-recke-gramatiky\/\",\"name\":\"Cvi\u010den\u00ed \u0159eck\u00e9 gramatiky - Talkpal\",\"isPartOf\":{\"@id\":\"https:\/\/talkpal.ai\/cs\/#website\"},\"primaryImageOfPage\":{\"@id\":\"https:\/\/talkpal.ai\/cs\/cviceni-recke-gramatiky\/#primaryimage\"},\"image\":{\"@id\":\"https:\/\/talkpal.ai\/cs\/cviceni-recke-gramatiky\/#primaryimage\"},\"thumbnailUrl\":\"https:\/\/talkpal.ai\/wp-content\/uploads\/2023\/05\/greece.png\",\"datePublished\":\"2023-06-21T14:18:43+00:00\",\"dateModified\":\"2025-12-17T16:05:26+00:00\",\"description\":\"Zlep\u0161ete si snadno sv\u00e9 znalosti \u0159eck\u00e9 gramatiky - procvi\u010dujte interaktivn\u00ed cvi\u010den\u00ed, rychle se zlep\u0161ujte a budujte si sebed\u016fv\u011bru pomoc\u00ed Talkpal AI.\",\"breadcrumb\":{\"@id\":\"https:\/\/talkpal.ai\/cs\/cviceni-recke-gramatiky\/#breadcrumb\"},\"inLanguage\":\"cs\",\"potentialAction\":[{\"@type\":\"ReadAction\",\"target\":[\"https:\/\/talkpal.ai\/cs\/cviceni-recke-gramatiky\/\"]}]},{\"@type\":\"ImageObject\",\"inLanguage\":\"cs\",\"@id\":\"https:\/\/talkpal.ai\/cs\/cviceni-recke-gramatiky\/#primaryimage\",\"url\":\"https:\/\/talkpal.ai\/wp-content\/uploads\/2023\/05\/greece.png\",\"contentUrl\":\"https:\/\/talkpal.ai\/wp-content\/uploads\/2023\/05\/greece.png\",\"width\":512,\"height\":512},{\"@type\":\"BreadcrumbList\",\"@id\":\"https:\/\/talkpal.ai\/cs\/cviceni-recke-gramatiky\/#breadcrumb\",\"itemListElement\":[{\"@type\":\"ListItem\",\"position\":1,\"name\":\"Homepage\",\"item\":\"https:\/\/talkpal.ai\/cs\/\"},{\"@type\":\"ListItem\",\"position\":2,\"name\":\"Cvi\u010den\u00ed \u0159eck\u00e9 gramatiky\"}]},{\"@type\":\"WebSite\",\"@id\":\"https:\/\/talkpal.ai\/cs\/#website\",\"url\":\"https:\/\/talkpal.ai\/cs\/\",\"name\":\"Talkpal\",\"description\":\"AI Language Learning\",\"publisher\":{\"@id\":\"https:\/\/talkpal.ai\/cs\/#organization\"},\"alternateName\":\"Talkpal AI\",\"potentialAction\":[{\"@type\":\"SearchAction\",\"target\":{\"@type\":\"EntryPoint\",\"urlTemplate\":\"https:\/\/talkpal.ai\/cs\/?s={search_term_string}\"},\"query-input\":{\"@type\":\"PropertyValueSpecification\",\"valueRequired\":true,\"valueName\":\"search_term_string\"}}],\"inLanguage\":\"cs\"},{\"@type\":\"Organization\",\"@id\":\"https:\/\/talkpal.ai\/cs\/#organization\",\"name\":\"Talkpal, Inc.\",\"alternateName\":\"Talkpal AI\",\"url\":\"https:\/\/talkpal.ai\/cs\/\",\"logo\":{\"@type\":\"ImageObject\",\"inLanguage\":\"cs\",\"@id\":\"https:\/\/talkpal.ai\/cs\/#\/schema\/logo\/image\/\",\"url\":\"https:\/\/talkpal.ai\/wp-content\/uploads\/2024\/03\/Talkpal-Logo-Icon.png\",\"contentUrl\":\"https:\/\/talkpal.ai\/wp-content\/uploads\/2024\/03\/Talkpal-Logo-Icon.png\",\"width\":2880,\"height\":2880,\"caption\":\"Talkpal, Inc.\"},\"image\":{\"@id\":\"https:\/\/talkpal.ai\/cs\/#\/schema\/logo\/image\/\"},\"sameAs\":[\"https:\/\/www.facebook.com\/profile.php?id=100090733639311\",\"https:\/\/x.com\/talkpalai\",\"https:\/\/www.linkedin.com\/company\/talkpal\/\",\"https:\/\/www.youtube.com\/@TalkPal\/\",\"https:\/\/www.tiktok.com\/@talkpal\",\"https:\/\/www.instagram.com\/talkpal_ai\/\",\"https:\/\/www.crunchbase.com\/organization\/talkpal-9cde\",\"https:\/\/www.g2.com\/products\/talkpal-for-business\/\",\"https:\/\/www.trustpilot.com\/review\/talkpal.ai\",\"https:\/\/www.capterra.com\/p\/10006800\/TalkPal\/\"],\"description\":\"Talkpal is a language learning web and mobile education app, powered by the latest AI technologies, that provides engaging experiences to its customers in many different languages to help them improve their language skills. Users can chat about unlimited amount of topics with the app and use other modes to practice their language learning.\",\"email\":\"support@talkpal.ai\",\"legalName\":\"Talkpal, Inc.\",\"foundingDate\":\"2023-04-03\",\"duns\":\"118989042\",\"numberOfEmployees\":{\"@type\":\"QuantitativeValue\",\"minValue\":\"11\",\"maxValue\":\"50\"},\"publishingPrinciples\":\"https:\/\/talkpal.ai\/publishing-principles\/\",\"actionableFeedbackPolicy\":\"https:\/\/talkpal.ai\/actionable-feedback-policy\/\",\"correctionsPolicy\":\"https:\/\/talkpal.ai\/corrections-policy\/\",\"ethicsPolicy\":\"https:\/\/talkpal.ai\/ethics-policy\/\",\"diversityPolicy\":\"https:\/\/talkpal.ai\/diversity-policy\/\",\"diversityStaffingReport\":\"https:\/\/talkpal.ai\/diversity-policy\/\"}]}<\/script>\n<!-- \/ Yoast SEO Premium plugin. -->","yoast_head_json":{"title":"Cvi\u010den\u00ed \u0159eck\u00e9 gramatiky - Talkpal","description":"Zlep\u0161ete si snadno sv\u00e9 znalosti \u0159eck\u00e9 gramatiky - procvi\u010dujte interaktivn\u00ed cvi\u010den\u00ed, rychle se zlep\u0161ujte a budujte si sebed\u016fv\u011bru pomoc\u00ed Talkpal AI.","robots":{"index":"index","follow":"follow","max-snippet":"max-snippet:-1","max-image-preview":"max-image-preview:large","max-video-preview":"max-video-preview:-1"},"canonical":"https:\/\/talkpal.ai\/cs\/cviceni-recke-gramatiky\/","og_locale":"cs_CZ","og_type":"article","og_title":"Cvi\u010den\u00ed \u0159eck\u00e9 gramatiky","og_description":"T\u00e9mata \u0159eck\u00e9 gramatiky Studium \u0159e\u010dtiny m\u016f\u017ee b\u00fdt neuv\u011b\u0159iteln\u011b obohacuj\u00edc\u00edm z\u00e1\u017eitkem, proto\u017ee poskytuje br\u00e1nu k bohat\u00e9 a rozmanit\u00e9 kultu\u0159e, literatu\u0159e a","og_url":"https:\/\/talkpal.ai\/cs\/cviceni-recke-gramatiky\/","og_site_name":"Talkpal","article_publisher":"https:\/\/www.facebook.com\/profile.php?id=100090733639311","article_modified_time":"2025-12-17T16:05:26+00:00","og_image":[{"width":512,"height":512,"url":"https:\/\/talkpal.ai\/wp-content\/uploads\/2023\/05\/greece.png","type":"image\/png"}],"twitter_card":"summary_large_image","twitter_site":"@talkpalai","twitter_misc":{"Odhadovan\u00e1 doba \u010dten\u00ed":"4 minuty"},"schema":{"@context":"https:\/\/schema.org","@graph":[{"@type":"WebPage","@id":"https:\/\/talkpal.ai\/cs\/cviceni-recke-gramatiky\/","url":"https:\/\/talkpal.ai\/cs\/cviceni-recke-gramatiky\/","name":"Cvi\u010den\u00ed \u0159eck\u00e9 gramatiky - Talkpal","isPartOf":{"@id":"https:\/\/talkpal.ai\/cs\/#website"},"primaryImageOfPage":{"@id":"https:\/\/talkpal.ai\/cs\/cviceni-recke-gramatiky\/#primaryimage"},"image":{"@id":"https:\/\/talkpal.ai\/cs\/cviceni-recke-gramatiky\/#primaryimage"},"thumbnailUrl":"https:\/\/talkpal.ai\/wp-content\/uploads\/2023\/05\/greece.png","datePublished":"2023-06-21T14:18:43+00:00","dateModified":"2025-12-17T16:05:26+00:00","description":"Zlep\u0161ete si snadno sv\u00e9 znalosti \u0159eck\u00e9 gramatiky - procvi\u010dujte interaktivn\u00ed cvi\u010den\u00ed, rychle se zlep\u0161ujte a budujte si sebed\u016fv\u011bru pomoc\u00ed Talkpal AI.","breadcrumb":{"@id":"https:\/\/talkpal.ai\/cs\/cviceni-recke-gramatiky\/#breadcrumb"},"inLanguage":"cs","potentialAction":[{"@type":"ReadAction","target":["https:\/\/talkpal.ai\/cs\/cviceni-recke-gramatiky\/"]}]},{"@type":"ImageObject","inLanguage":"cs","@id":"https:\/\/talkpal.ai\/cs\/cviceni-recke-gramatiky\/#primaryimage","url":"https:\/\/talkpal.ai\/wp-content\/uploads\/2023\/05\/greece.png","contentUrl":"https:\/\/talkpal.ai\/wp-content\/uploads\/2023\/05\/greece.png","width":512,"height":512},{"@type":"BreadcrumbList","@id":"https:\/\/talkpal.ai\/cs\/cviceni-recke-gramatiky\/#breadcrumb","itemListElement":[{"@type":"ListItem","position":1,"name":"Homepage","item":"https:\/\/talkpal.ai\/cs\/"},{"@type":"ListItem","position":2,"name":"Cvi\u010den\u00ed \u0159eck\u00e9 gramatiky"}]},{"@type":"WebSite","@id":"https:\/\/talkpal.ai\/cs\/#website","url":"https:\/\/talkpal.ai\/cs\/","name":"Talkpal","description":"AI Language Learning","publisher":{"@id":"https:\/\/talkpal.ai\/cs\/#organization"},"alternateName":"Talkpal AI","potentialAction":[{"@type":"SearchAction","target":{"@type":"EntryPoint","urlTemplate":"https:\/\/talkpal.ai\/cs\/?s={search_term_string}"},"query-input":{"@type":"PropertyValueSpecification","valueRequired":true,"valueName":"search_term_string"}}],"inLanguage":"cs"},{"@type":"Organization","@id":"https:\/\/talkpal.ai\/cs\/#organization","name":"Talkpal, Inc.","alternateName":"Talkpal AI","url":"https:\/\/talkpal.ai\/cs\/","logo":{"@type":"ImageObject","inLanguage":"cs","@id":"https:\/\/talkpal.ai\/cs\/#\/schema\/logo\/image\/","url":"https:\/\/talkpal.ai\/wp-content\/uploads\/2024\/03\/Talkpal-Logo-Icon.png","contentUrl":"https:\/\/talkpal.ai\/wp-content\/uploads\/2024\/03\/Talkpal-Logo-Icon.png","width":2880,"height":2880,"caption":"Talkpal, Inc."},"image":{"@id":"https:\/\/talkpal.ai\/cs\/#\/schema\/logo\/image\/"},"sameAs":["https:\/\/www.facebook.com\/profile.php?id=100090733639311","https:\/\/x.com\/talkpalai","https:\/\/www.linkedin.com\/company\/talkpal\/","https:\/\/www.youtube.com\/@TalkPal\/","https:\/\/www.tiktok.com\/@talkpal","https:\/\/www.instagram.com\/talkpal_ai\/","https:\/\/www.crunchbase.com\/organization\/talkpal-9cde","https:\/\/www.g2.com\/products\/talkpal-for-business\/","https:\/\/www.trustpilot.com\/review\/talkpal.ai","https:\/\/www.capterra.com\/p\/10006800\/TalkPal\/"],"description":"Talkpal is a language learning web and mobile education app, powered by the latest AI technologies, that provides engaging experiences to its customers in many different languages to help them improve their language skills. Users can chat about unlimited amount of topics with the app and use other modes to practice their language learning.","email":"support@talkpal.ai","legalName":"Talkpal, Inc.","foundingDate":"2023-04-03","duns":"118989042","numberOfEmployees":{"@type":"QuantitativeValue","minValue":"11","maxValue":"50"},"publishingPrinciples":"https:\/\/talkpal.ai\/publishing-principles\/","actionableFeedbackPolicy":"https:\/\/talkpal.ai\/actionable-feedback-policy\/","correctionsPolicy":"https:\/\/talkpal.ai\/corrections-policy\/","ethicsPolicy":"https:\/\/talkpal.ai\/ethics-policy\/","diversityPolicy":"https:\/\/talkpal.ai\/diversity-policy\/","diversityStaffingReport":"https:\/\/talkpal.ai\/diversity-policy\/"}]}},"_links":{"self":[{"href":"https:\/\/talkpal.ai\/cs\/wp-json\/wp\/v2\/pages\/162563","targetHints":{"allow":["GET"]}}],"collection":[{"href":"https:\/\/talkpal.ai\/cs\/wp-json\/wp\/v2\/pages"}],"about":[{"href":"https:\/\/talkpal.ai\/cs\/wp-json\/wp\/v2\/types\/page"}],"author":[{"embeddable":true,"href":"https:\/\/talkpal.ai\/cs\/wp-json\/wp\/v2\/users\/6"}],"replies":[{"embeddable":true,"href":"https:\/\/talkpal.ai\/cs\/wp-json\/wp\/v2\/comments?post=162563"}],"version-history":[{"count":0,"href":"https:\/\/talkpal.ai\/cs\/wp-json\/wp\/v2\/pages\/162563\/revisions"}],"wp:featuredmedia":[{"embeddable":true,"href":"https:\/\/talkpal.ai\/cs\/wp-json\/wp\/v2\/media\/112673"}],"wp:attachment":[{"href":"https:\/\/talkpal.ai\/cs\/wp-json\/wp\/v2\/media?parent=162563"}],"curies":[{"name":"wp","href":"https:\/\/api.w.org\/{rel}","templated":true}]}}