{"id":162287,"date":"2023-06-21T14:25:56","date_gmt":"2023-06-21T14:25:56","guid":{"rendered":"http:\/\/talkpal.ai\/cviceni-hebrejske-gramatiky\/"},"modified":"2025-12-17T15:49:25","modified_gmt":"2025-12-17T15:49:25","slug":"cviceni-hebrejske-gramatiky","status":"publish","type":"page","link":"https:\/\/talkpal.ai\/cs\/cviceni-hebrejske-gramatiky\/","title":{"rendered":"Cvi\u010den\u00ed hebrejsk\u00e9 gramatiky"},"content":{"rendered":"\r\n\r\n\r\n<section class=\"languageChallengeSection\">\r\n    <div class=\"languageInfoWrapper\">\r\n        \r\n        <h1>Cvi\u010den\u00ed hebrejsk\u00e9 gramatiky<\/h1>\r\n        <p>Jste p\u0159ipraveni pono\u0159it se do hebrejsk\u00e9 gramatiky? Tato jednoduch\u00e1 cvi\u010den\u00ed v\u00e1m pomohou osvojit si z\u00e1klady a pos\u00edlit sebev\u011bdom\u00ed p\u0159i u\u010den\u00ed tohoto kr\u00e1sn\u00e9ho jazyka.<\/p>\r\n\r\n                            <a class=\"getStartedHidden\" href=\"https:\/\/app.talkpal.ai\/cs\/signup?lng=\">Za\u010dni<\/a>\r\n        \r\n    <\/div>\r\n\r\n    <figure>\r\n    <img decoding=\"async\" width=\"768\" height=\"768\" src=\"https:\/\/talkpal.ai\/wp-content\/uploads\/2023\/06\/hebrew-768x768.png\" class=\"languageImage no-lazy\" alt=\"Language learning for proficient communication\" fetchpriority=\"high\" sizes=\"(max-width: 768px) 150px, 768px\" srcset=\"https:\/\/talkpal.ai\/wp-content\/uploads\/2023\/06\/hebrew-768x768.png 768w, https:\/\/talkpal.ai\/wp-content\/uploads\/2023\/06\/hebrew-300x300.png 300w\" \/>\r\n    \r\n\r\n    <\/figure>\r\n\r\n            <a class=\"getStartedVisible\" href=\"https:\/\/app.talkpal.ai\/cs\/signup?lng=\">Za\u010dni<\/a>\r\n    \r\n<\/section>\r\n\r\n\r\n<!-- <section class=\"grammarSection\">\r\n    <div class=\"grammarLinks\">\r\n            <\/div>\r\n<\/section> -->\r\n\r\n\r\n\r\n\r\n<section class=\"promotionalBanner\">\r\n    <p class=\"promotionalText\">Nejefektivn\u011bj\u0161\u00ed zp\u016fsob, jak se nau\u010dit jazyk<\/p>\r\n    <a class=\"promotionalLink\" href=\"https:\/\/app.talkpal.ai\/cs\/signup?lng=\">Vyzkou\u0161ejte Talkpal zdarma<\/a>\r\n<\/section>\n<div class=\"wp-block-group pageContainerStyle\"><div class=\"wp-block-group__inner-container is-layout-constrained wp-block-group-is-layout-constrained\">\n<h2 class=\"wp-block-heading\" id=\"h-hebrew-grammar-topics\">T\u00e9mata hebrejsk\u00e9 gramatiky<\/h2>\n\n\n\n<p><a href=\"https:\/\/talkpal.ai\/learn-hebrew\/\">Hebrej\u0161tina<\/a> je fascinuj\u00edc\u00ed a starobyl\u00fd jazyk, kter\u00fd m\u00e1 velk\u00fd historick\u00fd a kulturn\u00ed v\u00fdznam. Jako jeden z nejstar\u0161\u00edch jazyk\u016f na sv\u011bt\u011b se v pr\u016fb\u011bhu \u010dasu vyv\u00edjel a p\u0159izp\u016fsoboval, co\u017e z n\u011bj \u010din\u00ed n\u00e1ro\u010dn\u00fd i obohacuj\u00edc\u00ed jazyk. A\u0165 u\u017e se u\u010d\u00edte hebrejsky z n\u00e1bo\u017eensk\u00fdch d\u016fvod\u016f, abyste se spojili se sv\u00fdm d\u011bdictv\u00edm, nebo prost\u011b jen kv\u016fli osobn\u00edmu r\u016fstu, porozum\u011bn\u00ed gramatice je nezbytn\u00e9 pro efektivn\u00ed komunikaci. V t\u00e9to p\u0159\u00edru\u010dce prozkoum\u00e1me kl\u00ed\u010dov\u00e1 t\u00e9mata hebrejsk\u00e9 gramatiky, kter\u00e1 pot\u0159ebujete zvl\u00e1dnout, v logick\u00e9m sledu a poskytneme v\u00e1m pevn\u00fd z\u00e1klad pro va\u0161i cestu za u\u010den\u00edm se jazyk\u016fm.<\/p>\n\n\n\n<h3 class=\"wp-block-heading\" id=\"h-1-nouns\">1. Podstatn\u00e1 jm\u00e9na:<\/h3>\n\n\n\n<p>Jako stavebn\u00ed kameny ka\u017ed\u00e9ho jazyka je porozum\u011bn\u00ed hebrejsk\u00fdm podstatn\u00fdm jm\u00e9n\u016fm z\u00e1sadn\u00ed. Podstatn\u00e1 jm\u00e9na v hebrej\u0161tin\u011b maj\u00ed rod (mu\u017esk\u00fd nebo \u017eensk\u00fd) a \u010d\u00edslo (jednotn\u00e9 \u010d\u00edslo, mno\u017en\u00e9 \u010d\u00edslo a n\u011bkdy du\u00e1ln\u00ed). Osvojen\u00ed si vzor\u016f pro shodu pohlav\u00ed a \u010d\u00edsel v\u00e1m pom\u016f\u017ee tvo\u0159it z\u00e1kladn\u00ed v\u011bty a porozum\u011bt jazykov\u00e9 struktu\u0159e.<\/p>\n\n\n\n<h3 class=\"wp-block-heading\" id=\"h-2-articles\">2. \u010cl\u00e1nky:<\/h3>\n\n\n\n<p>Hebrej\u0161tina m\u00e1 ur\u010dit\u00fd \u010dlen, &#8222;\u05d4&#8220; (ha), kter\u00fd se p\u0159ipojuje na za\u010d\u00e1tek podstatn\u00e9ho jm\u00e9na, aby nazna\u010dil, \u017ee je konkr\u00e9tn\u00ed nebo zn\u00e1m\u00e9. V hebrej\u0161tin\u011b neexistuje neur\u010dit\u00fd \u010dlen, tak\u017ee pro spr\u00e1vnou komunikaci je nezbytn\u00e9 nau\u010dit se, kdy a jak ur\u010dit\u00fd \u010dlen pou\u017e\u00edvat.<\/p>\n\n\n\n<h3 class=\"wp-block-heading\" id=\"h-3-adjectives\">3. P\u0159\u00eddavn\u00e1 jm\u00e9na:<\/h3>\n\n\n\n<p>Hebrejsk\u00e1 p\u0159\u00eddavn\u00e1 jm\u00e9na, stejn\u011b jako podstatn\u00e1 jm\u00e9na, maj\u00ed shodu rodu a \u010d\u00edsla. \u0158\u00edd\u00ed se podstatn\u00fdm jm\u00e9nem, kter\u00e9 upravuj\u00ed, a mus\u00ed se shodovat v rod\u011b a \u010d\u00edsle. Pochopen\u00ed vzorc\u016f a pravidel pro shodu p\u0159\u00eddavn\u00fdch jmen v\u00e1m pom\u016f\u017ee p\u0159esn\u011b popsat p\u0159edm\u011bty a my\u0161lenky v hebrej\u0161tin\u011b.<\/p>\n\n\n\n<h3 class=\"wp-block-heading\" id=\"h-4-pronouns-determiners\">4. Z\u00e1jmena\/determinanty:<\/h3>\n\n\n\n<p>Z\u00e1jmena nahrazuj\u00ed podstatn\u00e1 jm\u00e9na ve v\u011bt\u00e1ch, zat\u00edmco determinanty je up\u0159es\u0148uj\u00ed nebo kvantifikuj\u00ed. Oboj\u00ed hraje kl\u00ed\u010dovou roli v tom, aby va\u0161e hebrej\u0161tina byla plynulej\u0161\u00ed a p\u0159irozen\u011bj\u0161\u00ed. Zvl\u00e1dnut\u00ed r\u016fzn\u00fdch z\u00e1jmen (podm\u011bt, p\u0159edm\u011bt, p\u0159ivlast\u0148ovac\u00ed z\u00e1jmeno) a determinant\u016f (ukazovac\u00ed, t\u00e1zac\u00ed, neur\u010dit\u00e9) v\u00e1m pom\u016f\u017ee vytv\u00e1\u0159et slo\u017eit\u011bj\u0161\u00ed v\u011bty a efektivn\u011bji sd\u011blovat sv\u00e9 my\u0161lenky.<\/p>\n\n\n\n<h3 class=\"wp-block-heading\" id=\"h-5-verbs\">5. Slovesa:<\/h3>\n\n\n\n<p>Hebrejsk\u00e1 slovesa jsou z\u00e1kladem gramatiky tohoto jazyka. Jsou zalo\u017eeny na ko\u0159enov\u00e9m syst\u00e9mu skl\u00e1daj\u00edc\u00edm se ze t\u0159\u00ed nebo \u010dty\u0159 souhl\u00e1sek a \u010dasuj\u00ed se podle \u010dasu, osoby, rodu a \u010d\u00edsla. Sezn\u00e1men\u00ed se s r\u016fzn\u00fdmi slovesn\u00fdmi tvary a \u010dasy v\u00e1m umo\u017en\u00ed efektivn\u011b vyjad\u0159ovat akce a stavy.<\/p>\n\n\n\n<h3 class=\"wp-block-heading\" id=\"h-6-tenses\">6. \u010casy:<\/h3>\n\n\n\n<p>Hebrej\u0161tina m\u00e1 t\u0159i hlavn\u00ed \u010dasy: minul\u00fd, p\u0159\u00edtomn\u00fd a budouc\u00ed. Ka\u017ed\u00fd \u010das m\u00e1 specifick\u00e1 pravidla \u010dasov\u00e1n\u00ed, kter\u00e1 z\u00e1vis\u00ed na ko\u0159eni slovesa a na rod\u011b a \u010d\u00edsle p\u0159edm\u011btu. Pochopen\u00ed t\u011bchto pravidel v\u00e1m umo\u017en\u00ed p\u0159esn\u011b zprost\u0159edkovat na\u010dasov\u00e1n\u00ed akc\u00ed.<\/p>\n\n\n\n<h3 class=\"wp-block-heading\" id=\"h-7-tense-comparison\">7. Srovn\u00e1n\u00ed \u010das\u016f:<\/h3>\n\n\n\n<p>Je nezbytn\u00e9 v\u011bd\u011bt, kdy a jak pou\u017e\u00edvat ka\u017ed\u00fd hebrejsk\u00fd \u010das k efektivn\u00ed komunikaci. Porovn\u00e1v\u00e1n\u00ed a kontrastov\u00e1n\u00ed r\u016fzn\u00fdch \u010das\u016f v\u00e1m pom\u016f\u017ee pochopit nuance jazyka a umo\u017en\u00ed v\u00e1m p\u0159esn\u011bji se vyj\u00e1d\u0159it.<\/p>\n\n\n\n<h3 class=\"wp-block-heading\" id=\"h-8-progressive-and-perfect-progressive\">8. Progresivn\u00ed a dokonale progresivn\u00ed:<\/h3>\n\n\n\n<p>Tyto slovesn\u00e9 tvary se pou\u017e\u00edvaj\u00ed k ozna\u010den\u00ed prob\u00edhaj\u00edc\u00edch nebo dokon\u010den\u00fdch akc\u00ed. Progresivn\u00ed forma se pou\u017e\u00edv\u00e1 pro akce, kter\u00e9 st\u00e1le prob\u00edhaj\u00ed, zat\u00edmco perfektn\u00ed progresivn\u00ed forma klade d\u016fraz na dokon\u010den\u00ed akce. Pochopen\u00ed t\u011bchto forem zlep\u0161\u00ed va\u0161i schopnost vyjad\u0159ovat slo\u017eit\u00e9 my\u0161lenky a \u010diny.<\/p>\n\n\n\n<h3 class=\"wp-block-heading\" id=\"h-9-adverbs\">9. P\u0159\u00edslovce:<\/h3>\n\n\n\n<p>P\u0159\u00edslovce modifikuj\u00ed slovesa, p\u0159\u00eddavn\u00e1 jm\u00e9na nebo jin\u00e1 p\u0159\u00edslovce a poskytuj\u00ed dal\u0161\u00ed informace o popisovan\u00e9m d\u011bji nebo vlastnosti. U\u010den\u00ed se r\u016fzn\u00fdm typ\u016fm hebrejsk\u00fdch p\u0159\u00edslovc\u00ed a jejich spr\u00e1vn\u00e9mu pou\u017e\u00edv\u00e1n\u00ed dod\u00e1 va\u0161im jazykov\u00fdm dovednostem rozmanitost a hloubku.<\/p>\n\n\n\n<h3 class=\"wp-block-heading\" id=\"h-10-prepositions\">10. P\u0159edlo\u017eky:<\/h3>\n\n\n\n<p>P\u0159edlo\u017eky spojuj\u00ed podstatn\u00e1 jm\u00e9na, z\u00e1jmena nebo jin\u00e1 slova, aby uk\u00e1zaly vztahy v \u010dase, m\u00edst\u011b nebo jin\u00fdch kontextech. Zvl\u00e1dnut\u00ed hebrejsk\u00fdch p\u0159edlo\u017eek v\u00e1m pom\u016f\u017ee vytv\u00e1\u0159et slo\u017eit\u011bj\u0161\u00ed v\u011bty a jasn\u011bji vyjad\u0159ovat vztahy mezi my\u0161lenkami.<\/p>\n\n\n\n<h3 class=\"wp-block-heading\" id=\"h-11-conditionals\">11. Kondicion\u00e1ly:<\/h3>\n\n\n\n<p>Hebrejsk\u00e9 kondicion\u00e1ly se pou\u017e\u00edvaj\u00ed k vyj\u00e1d\u0159en\u00ed hypotetick\u00fdch situac\u00ed a jejich d\u016fsledk\u016f. Osvojen\u00ed si r\u016fzn\u00fdch podm\u00edn\u011bn\u00fdch struktur (p\u0159\u00edkaz\u016f if\/then) v\u00e1m umo\u017en\u00ed efektivn\u011b komunikovat v hypotetick\u00fdch nebo nejist\u00fdch situac\u00edch.<\/p>\n\n\n\n<h3 class=\"wp-block-heading\" id=\"h-12-sentences\">12. V\u011bty:<\/h3>\n\n\n\n<p>A kone\u010dn\u011b, kone\u010dn\u00fdm c\u00edlem v\u00fduky hebrej\u0161tiny je spojit v\u0161echny gramatick\u00e9 slo\u017eky do \u00fapln\u00fdch a souvisl\u00fdch v\u011bt. Procvi\u010dte si kombinov\u00e1n\u00ed podstatn\u00fdch jmen, sloves, p\u0159\u00eddavn\u00fdch jmen a dal\u0161\u00edch prvk\u016f, abyste vytvo\u0159ili v\u011bty, kter\u00e9 p\u0159esn\u011b vyjad\u0159uj\u00ed va\u0161e my\u0161lenky a n\u00e1pady v hebrejsk\u00e9m jazyce.<\/p>\n<\/div><\/div>\n\r\n<section class=\"learnNavigationSection\">\r\n            \r\n        <a href=\"https:\/\/talkpal.ai\/cs\/naucte-se-hebrejsky\/\">\r\n            <div class=\"learnNavigationWrapper\">\r\n                <div class=\"learnNavigationContent\">\r\n                    <img decoding=\"async\" src=\"https:\/\/talkpal.ai\/wp-content\/uploads\/2024\/08\/Hebrew.jpg\" alt=\"Israel Flag\">\r\n                    <div>\r\n                        <h4>O u\u010den\u00ed hebrej\u0161tiny<\/h4>\r\n                        <p>Zjist\u011bte v\u0161e o hebrejsk\u00e9 gramatice.<\/p>\r\n                    <\/div>\r\n                <\/div>\r\n            <\/div>\r\n        <\/a>\r\n\r\n        \r\n        <a href=\"https:\/\/talkpal.ai\/cs\/hebrejska-gramatika\/\">\r\n            <div class=\"learnNavigationWrapper\">\r\n                <div class=\"learnNavigationContent\">\r\n                    <img decoding=\"async\" src=\"https:\/\/talkpal.ai\/wp-content\/uploads\/2024\/08\/Hebrew.jpg\" alt=\"Israel Flag\">\r\n                    <div>\r\n                        <h4>Lekce hebrejsk\u00e9 gramatiky<\/h4>\r\n                        <p>Procvi\u010dte si hebrejskou gramatiku.<\/p>\r\n                    <\/div>\r\n                <\/div>\r\n            <\/div>\r\n        <\/a>\r\n\r\n        \r\n        <a href=\"https:\/\/talkpal.ai\/vocabulary_language\/hebrew\/\">\r\n            <div class=\"learnNavigationWrapper\">\r\n                <div class=\"learnNavigationContent\">\r\n                    <img decoding=\"async\" src=\"https:\/\/talkpal.ai\/wp-content\/uploads\/2024\/08\/Hebrew.jpg\" alt=\"Israel Flag\">\r\n                    <div>\r\n                        <h4>Hebrejsk\u00e1 slovn\u00ed z\u00e1soba<\/h4>\r\n                        <p>Roz\u0161i\u0159te si hebrejskou slovn\u00ed z\u00e1sobu.<\/p>\r\n                    <\/div>\r\n                <\/div>\r\n            <\/div>\r\n        <\/a>\r\n\r\n            <\/section>","protected":false},"excerpt":{"rendered":"<p>T\u00e9mata hebrejsk\u00e9 gramatiky Hebrej\u0161tina je fascinuj\u00edc\u00ed a starobyl\u00fd jazyk, kter\u00fd m\u00e1 velk\u00fd historick\u00fd a kulturn\u00ed v\u00fdznam. Jako jeden z nejstar\u0161\u00edch jazyk\u016f na sv\u011bt\u011b se v pr\u016fb\u011bhu \u010dasu vyv\u00edjel a p\u0159izp\u016fsoboval, co\u017e z n\u011bj \u010din\u00ed n\u00e1ro\u010dn\u00fd i obohacuj\u00edc\u00ed jazyk. A\u0165 u\u017e se u\u010d\u00edte hebrejsky z n\u00e1bo\u017eensk\u00fdch d\u016fvod\u016f, abyste se spojili se sv\u00fdm d\u011bdictv\u00edm, nebo prost\u011b jen [&hellip;]<\/p>\n","protected":false},"author":6,"featured_media":112912,"parent":0,"menu_order":0,"comment_status":"closed","ping_status":"closed","template":"LearningContentPage.php","meta":{"_acf_changed":false,"footnotes":""},"class_list":["post-162287","page","type-page","status-publish","has-post-thumbnail","hentry"],"acf":[],"yoast_head":"<!-- This site is optimized with the Yoast SEO Premium plugin v27.2 (Yoast SEO v27.2) - https:\/\/yoast.com\/product\/yoast-seo-premium-wordpress\/ -->\n<title>Cvi\u010den\u00ed hebrejsk\u00e9 gramatiky - Talkpal<\/title>\n<meta name=\"description\" content=\"Zlep\u0161ete si hebrejskou gramatiku - zapojte se do jasn\u00fdch a praktick\u00fdch cvi\u010den\u00ed, abyste snadno pos\u00edlili sv\u00e9 jazykov\u00e9 dovednosti pomoc\u00ed Talkpal AI.\" \/>\n<meta name=\"robots\" content=\"index, follow, max-snippet:-1, max-image-preview:large, max-video-preview:-1\" \/>\n<link rel=\"canonical\" href=\"https:\/\/talkpal.ai\/cs\/cviceni-hebrejske-gramatiky\/\" \/>\n<meta property=\"og:locale\" content=\"cs_CZ\" \/>\n<meta property=\"og:type\" content=\"article\" \/>\n<meta property=\"og:title\" content=\"Cvi\u010den\u00ed hebrejsk\u00e9 gramatiky\" \/>\n<meta property=\"og:description\" content=\"T\u00e9mata hebrejsk\u00e9 gramatiky Hebrej\u0161tina je fascinuj\u00edc\u00ed a starobyl\u00fd jazyk, kter\u00fd m\u00e1 velk\u00fd historick\u00fd a kulturn\u00ed v\u00fdznam. Jako jeden z nejstar\u0161\u00edch jazyk\u016f na\" \/>\n<meta property=\"og:url\" content=\"https:\/\/talkpal.ai\/cs\/cviceni-hebrejske-gramatiky\/\" \/>\n<meta property=\"og:site_name\" content=\"Talkpal\" \/>\n<meta property=\"article:publisher\" content=\"https:\/\/www.facebook.com\/profile.php?id=100090733639311\" \/>\n<meta property=\"article:modified_time\" content=\"2025-12-17T15:49:25+00:00\" \/>\n<meta property=\"og:image\" content=\"https:\/\/talkpal.ai\/wp-content\/uploads\/2023\/05\/israel.png\" \/>\n\t<meta property=\"og:image:width\" content=\"512\" \/>\n\t<meta property=\"og:image:height\" content=\"512\" \/>\n\t<meta property=\"og:image:type\" content=\"image\/png\" \/>\n<meta name=\"twitter:card\" content=\"summary_large_image\" \/>\n<meta name=\"twitter:site\" content=\"@talkpalai\" \/>\n<meta name=\"twitter:label1\" content=\"Odhadovan\u00e1 doba \u010dten\u00ed\" \/>\n\t<meta name=\"twitter:data1\" content=\"4 minuty\" \/>\n<script type=\"application\/ld+json\" class=\"yoast-schema-graph\">{\"@context\":\"https:\/\/schema.org\",\"@graph\":[{\"@type\":\"WebPage\",\"@id\":\"https:\/\/talkpal.ai\/cs\/cviceni-hebrejske-gramatiky\/\",\"url\":\"https:\/\/talkpal.ai\/cs\/cviceni-hebrejske-gramatiky\/\",\"name\":\"Cvi\u010den\u00ed hebrejsk\u00e9 gramatiky - Talkpal\",\"isPartOf\":{\"@id\":\"https:\/\/talkpal.ai\/cs\/#website\"},\"primaryImageOfPage\":{\"@id\":\"https:\/\/talkpal.ai\/cs\/cviceni-hebrejske-gramatiky\/#primaryimage\"},\"image\":{\"@id\":\"https:\/\/talkpal.ai\/cs\/cviceni-hebrejske-gramatiky\/#primaryimage\"},\"thumbnailUrl\":\"https:\/\/talkpal.ai\/wp-content\/uploads\/2023\/05\/israel.png\",\"datePublished\":\"2023-06-21T14:25:56+00:00\",\"dateModified\":\"2025-12-17T15:49:25+00:00\",\"description\":\"Zlep\u0161ete si hebrejskou gramatiku - zapojte se do jasn\u00fdch a praktick\u00fdch cvi\u010den\u00ed, abyste snadno pos\u00edlili sv\u00e9 jazykov\u00e9 dovednosti pomoc\u00ed Talkpal AI.\",\"breadcrumb\":{\"@id\":\"https:\/\/talkpal.ai\/cs\/cviceni-hebrejske-gramatiky\/#breadcrumb\"},\"inLanguage\":\"cs\",\"potentialAction\":[{\"@type\":\"ReadAction\",\"target\":[\"https:\/\/talkpal.ai\/cs\/cviceni-hebrejske-gramatiky\/\"]}]},{\"@type\":\"ImageObject\",\"inLanguage\":\"cs\",\"@id\":\"https:\/\/talkpal.ai\/cs\/cviceni-hebrejske-gramatiky\/#primaryimage\",\"url\":\"https:\/\/talkpal.ai\/wp-content\/uploads\/2023\/05\/israel.png\",\"contentUrl\":\"https:\/\/talkpal.ai\/wp-content\/uploads\/2023\/05\/israel.png\",\"width\":512,\"height\":512},{\"@type\":\"BreadcrumbList\",\"@id\":\"https:\/\/talkpal.ai\/cs\/cviceni-hebrejske-gramatiky\/#breadcrumb\",\"itemListElement\":[{\"@type\":\"ListItem\",\"position\":1,\"name\":\"Homepage\",\"item\":\"https:\/\/talkpal.ai\/cs\/\"},{\"@type\":\"ListItem\",\"position\":2,\"name\":\"Cvi\u010den\u00ed hebrejsk\u00e9 gramatiky\"}]},{\"@type\":\"WebSite\",\"@id\":\"https:\/\/talkpal.ai\/cs\/#website\",\"url\":\"https:\/\/talkpal.ai\/cs\/\",\"name\":\"Talkpal\",\"description\":\"AI Language Learning\",\"publisher\":{\"@id\":\"https:\/\/talkpal.ai\/cs\/#organization\"},\"alternateName\":\"Talkpal AI\",\"potentialAction\":[{\"@type\":\"SearchAction\",\"target\":{\"@type\":\"EntryPoint\",\"urlTemplate\":\"https:\/\/talkpal.ai\/cs\/?s={search_term_string}\"},\"query-input\":{\"@type\":\"PropertyValueSpecification\",\"valueRequired\":true,\"valueName\":\"search_term_string\"}}],\"inLanguage\":\"cs\"},{\"@type\":\"Organization\",\"@id\":\"https:\/\/talkpal.ai\/cs\/#organization\",\"name\":\"Talkpal, Inc.\",\"alternateName\":\"Talkpal AI\",\"url\":\"https:\/\/talkpal.ai\/cs\/\",\"logo\":{\"@type\":\"ImageObject\",\"inLanguage\":\"cs\",\"@id\":\"https:\/\/talkpal.ai\/cs\/#\/schema\/logo\/image\/\",\"url\":\"https:\/\/talkpal.ai\/wp-content\/uploads\/2024\/03\/Talkpal-Logo-Icon.png\",\"contentUrl\":\"https:\/\/talkpal.ai\/wp-content\/uploads\/2024\/03\/Talkpal-Logo-Icon.png\",\"width\":2880,\"height\":2880,\"caption\":\"Talkpal, Inc.\"},\"image\":{\"@id\":\"https:\/\/talkpal.ai\/cs\/#\/schema\/logo\/image\/\"},\"sameAs\":[\"https:\/\/www.facebook.com\/profile.php?id=100090733639311\",\"https:\/\/x.com\/talkpalai\",\"https:\/\/www.linkedin.com\/company\/talkpal\/\",\"https:\/\/www.youtube.com\/@TalkPal\/\",\"https:\/\/www.tiktok.com\/@talkpal\",\"https:\/\/www.instagram.com\/talkpal_ai\/\",\"https:\/\/www.crunchbase.com\/organization\/talkpal-9cde\",\"https:\/\/www.g2.com\/products\/talkpal-for-business\/\",\"https:\/\/www.trustpilot.com\/review\/talkpal.ai\",\"https:\/\/www.capterra.com\/p\/10006800\/TalkPal\/\"],\"description\":\"Talkpal is a language learning web and mobile education app, powered by the latest AI technologies, that provides engaging experiences to its customers in many different languages to help them improve their language skills. Users can chat about unlimited amount of topics with the app and use other modes to practice their language learning.\",\"email\":\"support@talkpal.ai\",\"legalName\":\"Talkpal, Inc.\",\"foundingDate\":\"2023-04-03\",\"duns\":\"118989042\",\"numberOfEmployees\":{\"@type\":\"QuantitativeValue\",\"minValue\":\"11\",\"maxValue\":\"50\"},\"publishingPrinciples\":\"https:\/\/talkpal.ai\/publishing-principles\/\",\"actionableFeedbackPolicy\":\"https:\/\/talkpal.ai\/actionable-feedback-policy\/\",\"correctionsPolicy\":\"https:\/\/talkpal.ai\/corrections-policy\/\",\"ethicsPolicy\":\"https:\/\/talkpal.ai\/ethics-policy\/\",\"diversityPolicy\":\"https:\/\/talkpal.ai\/diversity-policy\/\",\"diversityStaffingReport\":\"https:\/\/talkpal.ai\/diversity-policy\/\"}]}<\/script>\n<!-- \/ Yoast SEO Premium plugin. -->","yoast_head_json":{"title":"Cvi\u010den\u00ed hebrejsk\u00e9 gramatiky - Talkpal","description":"Zlep\u0161ete si hebrejskou gramatiku - zapojte se do jasn\u00fdch a praktick\u00fdch cvi\u010den\u00ed, abyste snadno pos\u00edlili sv\u00e9 jazykov\u00e9 dovednosti pomoc\u00ed Talkpal AI.","robots":{"index":"index","follow":"follow","max-snippet":"max-snippet:-1","max-image-preview":"max-image-preview:large","max-video-preview":"max-video-preview:-1"},"canonical":"https:\/\/talkpal.ai\/cs\/cviceni-hebrejske-gramatiky\/","og_locale":"cs_CZ","og_type":"article","og_title":"Cvi\u010den\u00ed hebrejsk\u00e9 gramatiky","og_description":"T\u00e9mata hebrejsk\u00e9 gramatiky Hebrej\u0161tina je fascinuj\u00edc\u00ed a starobyl\u00fd jazyk, kter\u00fd m\u00e1 velk\u00fd historick\u00fd a kulturn\u00ed v\u00fdznam. Jako jeden z nejstar\u0161\u00edch jazyk\u016f na","og_url":"https:\/\/talkpal.ai\/cs\/cviceni-hebrejske-gramatiky\/","og_site_name":"Talkpal","article_publisher":"https:\/\/www.facebook.com\/profile.php?id=100090733639311","article_modified_time":"2025-12-17T15:49:25+00:00","og_image":[{"width":512,"height":512,"url":"https:\/\/talkpal.ai\/wp-content\/uploads\/2023\/05\/israel.png","type":"image\/png"}],"twitter_card":"summary_large_image","twitter_site":"@talkpalai","twitter_misc":{"Odhadovan\u00e1 doba \u010dten\u00ed":"4 minuty"},"schema":{"@context":"https:\/\/schema.org","@graph":[{"@type":"WebPage","@id":"https:\/\/talkpal.ai\/cs\/cviceni-hebrejske-gramatiky\/","url":"https:\/\/talkpal.ai\/cs\/cviceni-hebrejske-gramatiky\/","name":"Cvi\u010den\u00ed hebrejsk\u00e9 gramatiky - Talkpal","isPartOf":{"@id":"https:\/\/talkpal.ai\/cs\/#website"},"primaryImageOfPage":{"@id":"https:\/\/talkpal.ai\/cs\/cviceni-hebrejske-gramatiky\/#primaryimage"},"image":{"@id":"https:\/\/talkpal.ai\/cs\/cviceni-hebrejske-gramatiky\/#primaryimage"},"thumbnailUrl":"https:\/\/talkpal.ai\/wp-content\/uploads\/2023\/05\/israel.png","datePublished":"2023-06-21T14:25:56+00:00","dateModified":"2025-12-17T15:49:25+00:00","description":"Zlep\u0161ete si hebrejskou gramatiku - zapojte se do jasn\u00fdch a praktick\u00fdch cvi\u010den\u00ed, abyste snadno pos\u00edlili sv\u00e9 jazykov\u00e9 dovednosti pomoc\u00ed Talkpal AI.","breadcrumb":{"@id":"https:\/\/talkpal.ai\/cs\/cviceni-hebrejske-gramatiky\/#breadcrumb"},"inLanguage":"cs","potentialAction":[{"@type":"ReadAction","target":["https:\/\/talkpal.ai\/cs\/cviceni-hebrejske-gramatiky\/"]}]},{"@type":"ImageObject","inLanguage":"cs","@id":"https:\/\/talkpal.ai\/cs\/cviceni-hebrejske-gramatiky\/#primaryimage","url":"https:\/\/talkpal.ai\/wp-content\/uploads\/2023\/05\/israel.png","contentUrl":"https:\/\/talkpal.ai\/wp-content\/uploads\/2023\/05\/israel.png","width":512,"height":512},{"@type":"BreadcrumbList","@id":"https:\/\/talkpal.ai\/cs\/cviceni-hebrejske-gramatiky\/#breadcrumb","itemListElement":[{"@type":"ListItem","position":1,"name":"Homepage","item":"https:\/\/talkpal.ai\/cs\/"},{"@type":"ListItem","position":2,"name":"Cvi\u010den\u00ed hebrejsk\u00e9 gramatiky"}]},{"@type":"WebSite","@id":"https:\/\/talkpal.ai\/cs\/#website","url":"https:\/\/talkpal.ai\/cs\/","name":"Talkpal","description":"AI Language Learning","publisher":{"@id":"https:\/\/talkpal.ai\/cs\/#organization"},"alternateName":"Talkpal AI","potentialAction":[{"@type":"SearchAction","target":{"@type":"EntryPoint","urlTemplate":"https:\/\/talkpal.ai\/cs\/?s={search_term_string}"},"query-input":{"@type":"PropertyValueSpecification","valueRequired":true,"valueName":"search_term_string"}}],"inLanguage":"cs"},{"@type":"Organization","@id":"https:\/\/talkpal.ai\/cs\/#organization","name":"Talkpal, Inc.","alternateName":"Talkpal AI","url":"https:\/\/talkpal.ai\/cs\/","logo":{"@type":"ImageObject","inLanguage":"cs","@id":"https:\/\/talkpal.ai\/cs\/#\/schema\/logo\/image\/","url":"https:\/\/talkpal.ai\/wp-content\/uploads\/2024\/03\/Talkpal-Logo-Icon.png","contentUrl":"https:\/\/talkpal.ai\/wp-content\/uploads\/2024\/03\/Talkpal-Logo-Icon.png","width":2880,"height":2880,"caption":"Talkpal, Inc."},"image":{"@id":"https:\/\/talkpal.ai\/cs\/#\/schema\/logo\/image\/"},"sameAs":["https:\/\/www.facebook.com\/profile.php?id=100090733639311","https:\/\/x.com\/talkpalai","https:\/\/www.linkedin.com\/company\/talkpal\/","https:\/\/www.youtube.com\/@TalkPal\/","https:\/\/www.tiktok.com\/@talkpal","https:\/\/www.instagram.com\/talkpal_ai\/","https:\/\/www.crunchbase.com\/organization\/talkpal-9cde","https:\/\/www.g2.com\/products\/talkpal-for-business\/","https:\/\/www.trustpilot.com\/review\/talkpal.ai","https:\/\/www.capterra.com\/p\/10006800\/TalkPal\/"],"description":"Talkpal is a language learning web and mobile education app, powered by the latest AI technologies, that provides engaging experiences to its customers in many different languages to help them improve their language skills. Users can chat about unlimited amount of topics with the app and use other modes to practice their language learning.","email":"support@talkpal.ai","legalName":"Talkpal, Inc.","foundingDate":"2023-04-03","duns":"118989042","numberOfEmployees":{"@type":"QuantitativeValue","minValue":"11","maxValue":"50"},"publishingPrinciples":"https:\/\/talkpal.ai\/publishing-principles\/","actionableFeedbackPolicy":"https:\/\/talkpal.ai\/actionable-feedback-policy\/","correctionsPolicy":"https:\/\/talkpal.ai\/corrections-policy\/","ethicsPolicy":"https:\/\/talkpal.ai\/ethics-policy\/","diversityPolicy":"https:\/\/talkpal.ai\/diversity-policy\/","diversityStaffingReport":"https:\/\/talkpal.ai\/diversity-policy\/"}]}},"_links":{"self":[{"href":"https:\/\/talkpal.ai\/cs\/wp-json\/wp\/v2\/pages\/162287","targetHints":{"allow":["GET"]}}],"collection":[{"href":"https:\/\/talkpal.ai\/cs\/wp-json\/wp\/v2\/pages"}],"about":[{"href":"https:\/\/talkpal.ai\/cs\/wp-json\/wp\/v2\/types\/page"}],"author":[{"embeddable":true,"href":"https:\/\/talkpal.ai\/cs\/wp-json\/wp\/v2\/users\/6"}],"replies":[{"embeddable":true,"href":"https:\/\/talkpal.ai\/cs\/wp-json\/wp\/v2\/comments?post=162287"}],"version-history":[{"count":0,"href":"https:\/\/talkpal.ai\/cs\/wp-json\/wp\/v2\/pages\/162287\/revisions"}],"wp:featuredmedia":[{"embeddable":true,"href":"https:\/\/talkpal.ai\/cs\/wp-json\/wp\/v2\/media\/112912"}],"wp:attachment":[{"href":"https:\/\/talkpal.ai\/cs\/wp-json\/wp\/v2\/media?parent=162287"}],"curies":[{"name":"wp","href":"https:\/\/api.w.org\/{rel}","templated":true}]}}