{"id":162009,"date":"2023-06-21T14:29:48","date_gmt":"2023-06-21T14:29:48","guid":{"rendered":"http:\/\/talkpal.ai\/cviceni-z-madarske-gramatiky\/"},"modified":"2025-12-17T16:07:42","modified_gmt":"2025-12-17T16:07:42","slug":"cviceni-z-madarske-gramatiky","status":"publish","type":"page","link":"https:\/\/talkpal.ai\/cs\/cviceni-z-madarske-gramatiky\/","title":{"rendered":"Cvi\u010den\u00ed z ma\u010farsk\u00e9 gramatiky"},"content":{"rendered":"\r\n\r\n\r\n<section class=\"languageChallengeSection\">\r\n    <div class=\"languageInfoWrapper\">\r\n        \r\n        <h1>Cvi\u010den\u00ed z ma\u010farsk\u00e9 gramatiky<\/h1>\r\n        <p>Jste p\u0159ipraveni pos\u00edlit sv\u00e9 znalosti ma\u010far\u0161tiny? Procvi\u010dov\u00e1n\u00ed gramatick\u00fdch cvi\u010den\u00ed je skv\u011bl\u00fd <a href=\"https:\/\/talkpal.ai\/best-way-to-learn\/\">zp\u016fsob<\/a>, jak si osvojit po\u0159\u00e1dek slov, koncovky sloves a jedine\u010dnou strukturu ma\u010far\u0161tiny. Pono\u0159te se do ma\u010farsk\u00e9 gramatiky je\u0161t\u011b dnes a s ka\u017ed\u00fdm cvi\u010den\u00edm uvid\u00edte, jak roste va\u0161e sebev\u011bdom\u00ed a plynulost!<\/p>\r\n\r\n                            <a class=\"getStartedHidden\" href=\"https:\/\/app.talkpal.ai\/cs\/signup?lng=\">Za\u010dni<\/a>\r\n        \r\n    <\/div>\r\n\r\n    <figure>\r\n    <img decoding=\"async\" width=\"768\" height=\"768\" src=\"https:\/\/talkpal.ai\/wp-content\/uploads\/2023\/06\/hungarian-768x768.png\" class=\"languageImage no-lazy\" alt=\"Language learning strategies for advanced learners\" fetchpriority=\"high\" sizes=\"(max-width: 768px) 150px, 768px\" srcset=\"https:\/\/talkpal.ai\/wp-content\/uploads\/2023\/06\/hungarian-768x768.png 768w, https:\/\/talkpal.ai\/wp-content\/uploads\/2023\/06\/hungarian-300x300.png 300w\" \/>\r\n    \r\n\r\n    <\/figure>\r\n\r\n            <a class=\"getStartedVisible\" href=\"https:\/\/app.talkpal.ai\/cs\/signup?lng=\">Za\u010dni<\/a>\r\n    \r\n<\/section>\r\n\r\n\r\n<!-- <section class=\"grammarSection\">\r\n    <div class=\"grammarLinks\">\r\n            <\/div>\r\n<\/section> -->\r\n\r\n\r\n\r\n\r\n<section class=\"promotionalBanner\">\r\n    <p class=\"promotionalText\">Nejefektivn\u011bj\u0161\u00ed zp\u016fsob, jak se nau\u010dit jazyk<\/p>\r\n    <a class=\"promotionalLink\" href=\"https:\/\/app.talkpal.ai\/cs\/signup?lng=\">Vyzkou\u0161ejte Talkpal zdarma<\/a>\r\n<\/section>\n<div class=\"wp-block-group pageContainerStyle\"><div class=\"wp-block-group__inner-container is-layout-constrained wp-block-group-is-layout-constrained\">\n<h2 class=\"wp-block-heading\" id=\"h-hungarian-grammar-topics\">T\u00e9mata ma\u010farsk\u00e9 gramatiky<\/h2>\n\n\n\n<p>U\u010den\u00ed se nov\u00e9mu jazyku m\u016f\u017ee b\u00fdt vzru\u0161uj\u00edc\u00ed a obohacuj\u00edc\u00ed zku\u0161enost. M\u016f\u017ee to v\u0161ak b\u00fdt tak\u00e9 docela zdrcuj\u00edc\u00ed, zejm\u00e9na pokud jde o pochopen\u00ed a zvl\u00e1dnut\u00ed gramatick\u00fdch t\u00e9mat. Dob\u0159e strukturovan\u00fd p\u0159\u00edstup k u\u010den\u00ed gramatiky je z\u00e1sadn\u00ed pro \u00fasp\u011bch p\u0159i osvojov\u00e1n\u00ed nov\u00e9ho jazyka. V t\u00e9to p\u0159\u00edru\u010dce jsme gramatick\u00e1 t\u00e9mata seskupili do sekvence, kter\u00e1 v\u00e1m pom\u016f\u017ee nau\u010dit se jazyk efektivn\u011bji. Pochopen\u00edm a zvl\u00e1dnut\u00edm t\u011bchto t\u00e9mat budete na dobr\u00e9 cest\u011b k tomu, abyste se stali zdatn\u00fdmi ve sv\u00e9m c\u00edlov\u00e9m jazyce.<\/p>\n\n\n\n<h3 class=\"wp-block-heading\" id=\"h-1-nouns-and-articles\">1. Podstatn\u00e1 jm\u00e9na a \u010dleny<\/h3>\n\n\n\n<p>Za\u010dn\u011bte svou cestu za v\u00fdukou jazyk\u016f t\u00edm, \u017ee porozum\u00edte z\u00e1klad\u016fm podstatn\u00fdch jmen a \u010dlen\u016f. Podstatn\u00e1 jm\u00e9na jsou slova, kter\u00e1 p\u0159edstavuj\u00ed lidi, m\u00edsta, v\u011bci nebo my\u0161lenky. \u010cleny se pou\u017e\u00edvaj\u00ed k ozna\u010den\u00ed specifi\u010dnosti podstatn\u00e9ho jm\u00e9na. Jejich osvojen\u00ed v\u00e1m pom\u016f\u017ee tvo\u0159it jednoduch\u00e9 v\u011bty a porozum\u011bt struktu\u0159e jazyka.<\/p>\n\n\n\n<h3 class=\"wp-block-heading\" id=\"h-2-pronouns-determiners\">2. Z\u00e1jmena\/determinanty<\/h3>\n\n\n\n<p>Z\u00e1jmena nahrazuj\u00ed podstatn\u00e1 jm\u00e9na ve v\u011bt\u011b a pom\u00e1haj\u00ed zamezit opakov\u00e1n\u00ed, zat\u00edmco ur\u010dovatel\u00e9 poskytuj\u00ed informace o mno\u017estv\u00ed nebo ur\u010ditosti podstatn\u00e9ho jm\u00e9na. Zvl\u00e1dnut\u00ed t\u011bchto t\u00e9mat zlep\u0161\u00ed va\u0161i plynulost a porozum\u011bn\u00ed.<\/p>\n\n\n\n<h3 class=\"wp-block-heading\" id=\"h-3-adjectives-and-adverbs\">3. P\u0159\u00eddavn\u00e1 jm\u00e9na a p\u0159\u00edslovce<\/h3>\n\n\n\n<p>P\u0159\u00eddavn\u00e1 jm\u00e9na popisuj\u00ed podstatn\u00e1 jm\u00e9na, zat\u00edmco p\u0159\u00edslovce modifikuj\u00ed slovesa, p\u0159\u00eddavn\u00e1 jm\u00e9na nebo jin\u00e1 p\u0159\u00edslovce. Kdy\u017e se je nau\u010d\u00edte, m\u016f\u017eete do sv\u00fdch v\u011bt p\u0159idat v\u00edce detail\u016f a jasnosti, d\u00edky \u010demu\u017e budou va\u0161e <a href=\"https:\/\/talkpal.ai\/cs\/procvicovani-cestiny-nejlepsi-zpusoby-jak-zlepsit-sve-jazykove-dovednosti\/\">jazykov\u00e9 dovednosti<\/a> v\u00fdrazn\u011bj\u0161\u00ed a poutav\u011bj\u0161\u00ed.<\/p>\n\n\n\n<h3 class=\"wp-block-heading\" id=\"h-4-verbs-tenses-and-tense-comparison\">4. Slovesa, \u010dasy a srovn\u00e1n\u00ed \u010das\u016f<\/h3>\n\n\n\n<p>Slovesa vyjad\u0159uj\u00ed akce nebo stavy byt\u00ed a \u010dasy ozna\u010duj\u00ed \u010das, kdy se d\u011bj odehr\u00e1v\u00e1. Pochopen\u00ed porovn\u00e1v\u00e1n\u00ed \u010das\u016f v\u00e1m umo\u017en\u00ed p\u0159esn\u011b diskutovat o minul\u00fdch, sou\u010dasn\u00fdch a budouc\u00edch akc\u00edch.<\/p>\n\n\n\n<h3 class=\"wp-block-heading\" id=\"h-5-progressive-and-perfect-progressive\">5. Progresivn\u00ed a dokonal\u00fd progresivn\u00ed<\/h3>\n\n\n\n<p>Progresivn\u00ed \u010das se zam\u011b\u0159uje na prob\u00edhaj\u00edc\u00ed akce, zat\u00edmco perfektov\u00fd pr\u016fb\u011bhov\u00fd \u010das zd\u016fraz\u0148uje trv\u00e1n\u00ed akce a\u017e do ur\u010dit\u00e9ho \u010dasov\u00e9ho okam\u017eiku. Tyto \u010dasy zlep\u0161uj\u00ed va\u0161i schopnost vyjad\u0159ovat slo\u017eit\u00e9 my\u0161lenky a n\u00e1pady v jazyce.<\/p>\n\n\n\n<h3 class=\"wp-block-heading\" id=\"h-6-conditionals\">6. Podm\u00ednkov\u00e9 v\u011bty<\/h3>\n\n\n\n<p>Podmi\u0148ovac\u00ed zp\u016fsob popisuje hypotetick\u00e9 nebo mo\u017en\u00e9 situace a jejich d\u016fsledky. Zvl\u00e1dnut\u00ed podmi\u0148ovac\u00edch podm\u00ednek v\u00e1m pom\u016f\u017ee vyj\u00e1d\u0159it jemn\u011bj\u0161\u00ed a podrobn\u011bj\u0161\u00ed my\u0161lenky v c\u00edlov\u00e9m jazyce.<\/p>\n\n\n\n<h3 class=\"wp-block-heading\" id=\"h-7-prepositions\">7. P\u0159edlo\u017eky<\/h3>\n\n\n\n<p>P\u0159edlo\u017eky ukazuj\u00ed vztahy mezi slovy ve v\u011bt\u011b, jako je m\u00edsto, sm\u011br nebo \u010das. Tato mal\u00e1 slova hraj\u00ed v\u00fdznamnou roli p\u0159i utv\u00e1\u0159en\u00ed v\u00fdznamu v\u011bty.<\/p>\n\n\n\n<h3 class=\"wp-block-heading\" id=\"h-8-sentences\">8. V\u011bty<\/h3>\n\n\n\n<p>A kone\u010dn\u011b, porozum\u011bn\u00ed v\u011btn\u00e9 struktu\u0159e a schopnost konstruovat r\u016fzn\u00e9 typy v\u011bt je nezbytn\u00e9 pro jasnou a efektivn\u00ed komunikaci v jak\u00e9mkoli jazyce. Nau\u010dte se tvo\u0159it jednoduch\u00e9, slo\u017een\u00e9 a slo\u017eit\u00e9 v\u011bty a procvi\u010dte si pou\u017e\u00edv\u00e1n\u00ed r\u016fzn\u00fdch v\u011btn\u00fdch struktur, abyste p\u0159esn\u011b vyj\u00e1d\u0159ili sv\u00e9 my\u0161lenky.<\/p>\n<\/div><\/div>\n\r\n<section class=\"learnNavigationSection\">\r\n            \r\n        <a href=\"https:\/\/talkpal.ai\/cs\/naucte-se-madarsky\/\">\r\n            <div class=\"learnNavigationWrapper\">\r\n                <div class=\"learnNavigationContent\">\r\n                    <img decoding=\"async\" src=\"https:\/\/talkpal.ai\/wp-content\/uploads\/2024\/08\/Hungarian.jpg\" alt=\"Hungarian Flag\">\r\n                    <div>\r\n                        <h4>O ma\u010farsk\u00e9m vzd\u011bl\u00e1v\u00e1n\u00ed<\/h4>\r\n                        <p>Zjist\u011bte v\u0161e o ma\u010farsk\u00e9 gramatice.<\/p>\r\n                    <\/div>\r\n                <\/div>\r\n            <\/div>\r\n        <\/a>\r\n\r\n        \r\n        <a href=\"https:\/\/talkpal.ai\/cs\/madarska-gramatika\/\">\r\n            <div class=\"learnNavigationWrapper\">\r\n                <div class=\"learnNavigationContent\">\r\n                    <img decoding=\"async\" src=\"https:\/\/talkpal.ai\/wp-content\/uploads\/2024\/08\/Hungarian.jpg\" alt=\"Hungarian Flag\">\r\n                    <div>\r\n                        <h4>Lekce ma\u010farsk\u00e9 gramatiky<\/h4>\r\n                        <p>Procvi\u010dte si ma\u010farskou gramatiku.<\/p>\r\n                    <\/div>\r\n                <\/div>\r\n            <\/div>\r\n        <\/a>\r\n\r\n        \r\n        <a href=\"https:\/\/talkpal.ai\/vocabulary_language\/hungarian\/\">\r\n            <div class=\"learnNavigationWrapper\">\r\n                <div class=\"learnNavigationContent\">\r\n                    <img decoding=\"async\" src=\"https:\/\/talkpal.ai\/wp-content\/uploads\/2024\/08\/Hungarian.jpg\" alt=\"Hungarian Flag\">\r\n                    <div>\r\n                        <h4>Ma\u010farsk\u00e1 slovn\u00ed z\u00e1soba<\/h4>\r\n                        <p>Roz\u0161i\u0159te si slovn\u00ed z\u00e1sobu ma\u010far\u0161tiny.<\/p>\r\n                    <\/div>\r\n                <\/div>\r\n            <\/div>\r\n        <\/a>\r\n\r\n            <\/section>","protected":false},"excerpt":{"rendered":"<p>T\u00e9mata ma\u010farsk\u00e9 gramatiky U\u010den\u00ed se nov\u00e9mu jazyku m\u016f\u017ee b\u00fdt vzru\u0161uj\u00edc\u00ed a obohacuj\u00edc\u00ed zku\u0161enost. M\u016f\u017ee to v\u0161ak b\u00fdt tak\u00e9 docela zdrcuj\u00edc\u00ed, zejm\u00e9na pokud jde o pochopen\u00ed a zvl\u00e1dnut\u00ed gramatick\u00fdch t\u00e9mat. Dob\u0159e strukturovan\u00fd p\u0159\u00edstup k u\u010den\u00ed gramatiky je z\u00e1sadn\u00ed pro \u00fasp\u011bch p\u0159i osvojov\u00e1n\u00ed nov\u00e9ho jazyka. V t\u00e9to p\u0159\u00edru\u010dce jsme gramatick\u00e1 t\u00e9mata seskupili do sekvence, kter\u00e1 v\u00e1m pom\u016f\u017ee [&hellip;]<\/p>\n","protected":false},"author":6,"featured_media":113155,"parent":0,"menu_order":0,"comment_status":"closed","ping_status":"closed","template":"LearningContentPage.php","meta":{"_acf_changed":false,"footnotes":""},"class_list":["post-162009","page","type-page","status-publish","has-post-thumbnail","hentry"],"acf":[],"yoast_head":"<!-- This site is optimized with the Yoast SEO Premium plugin v27.2 (Yoast SEO v27.2) - https:\/\/yoast.com\/product\/yoast-seo-premium-wordpress\/ -->\n<title>Cvi\u010den\u00ed z ma\u010farsk\u00e9 gramatiky - Talkpal<\/title>\n<meta name=\"description\" content=\"Zlep\u0161ete si snadno sv\u00e9 znalosti ma\u010farsk\u00e9 gramatiky - dokon\u010dete praktick\u00e1 cvi\u010den\u00ed, interaktivn\u00ed cvi\u010den\u00ed a z\u00edskejte osobn\u00ed zp\u011btnou vazbu.\" \/>\n<meta name=\"robots\" content=\"index, follow, max-snippet:-1, max-image-preview:large, max-video-preview:-1\" \/>\n<link rel=\"canonical\" href=\"https:\/\/talkpal.ai\/cs\/cviceni-z-madarske-gramatiky\/\" \/>\n<meta property=\"og:locale\" content=\"cs_CZ\" \/>\n<meta property=\"og:type\" content=\"article\" \/>\n<meta property=\"og:title\" content=\"Cvi\u010den\u00ed z ma\u010farsk\u00e9 gramatiky\" \/>\n<meta property=\"og:description\" content=\"T\u00e9mata ma\u010farsk\u00e9 gramatiky U\u010den\u00ed se nov\u00e9mu jazyku m\u016f\u017ee b\u00fdt vzru\u0161uj\u00edc\u00ed a obohacuj\u00edc\u00ed zku\u0161enost. M\u016f\u017ee to v\u0161ak b\u00fdt tak\u00e9 docela zdrcuj\u00edc\u00ed, zejm\u00e9na pokud jde o\" \/>\n<meta property=\"og:url\" content=\"https:\/\/talkpal.ai\/cs\/cviceni-z-madarske-gramatiky\/\" \/>\n<meta property=\"og:site_name\" content=\"Talkpal\" \/>\n<meta property=\"article:publisher\" content=\"https:\/\/www.facebook.com\/profile.php?id=100090733639311\" \/>\n<meta property=\"article:modified_time\" content=\"2025-12-17T16:07:42+00:00\" \/>\n<meta property=\"og:image\" content=\"https:\/\/talkpal.ai\/wp-content\/uploads\/2023\/05\/Hungarian.png\" \/>\n\t<meta property=\"og:image:width\" content=\"512\" \/>\n\t<meta property=\"og:image:height\" content=\"512\" \/>\n\t<meta property=\"og:image:type\" content=\"image\/png\" \/>\n<meta name=\"twitter:card\" content=\"summary_large_image\" \/>\n<meta name=\"twitter:site\" content=\"@talkpalai\" \/>\n<meta name=\"twitter:label1\" content=\"Odhadovan\u00e1 doba \u010dten\u00ed\" \/>\n\t<meta name=\"twitter:data1\" content=\"3 minuty\" \/>\n<script type=\"application\/ld+json\" class=\"yoast-schema-graph\">{\"@context\":\"https:\/\/schema.org\",\"@graph\":[{\"@type\":\"WebPage\",\"@id\":\"https:\/\/talkpal.ai\/cs\/cviceni-z-madarske-gramatiky\/\",\"url\":\"https:\/\/talkpal.ai\/cs\/cviceni-z-madarske-gramatiky\/\",\"name\":\"Cvi\u010den\u00ed z ma\u010farsk\u00e9 gramatiky - Talkpal\",\"isPartOf\":{\"@id\":\"https:\/\/talkpal.ai\/cs\/#website\"},\"primaryImageOfPage\":{\"@id\":\"https:\/\/talkpal.ai\/cs\/cviceni-z-madarske-gramatiky\/#primaryimage\"},\"image\":{\"@id\":\"https:\/\/talkpal.ai\/cs\/cviceni-z-madarske-gramatiky\/#primaryimage\"},\"thumbnailUrl\":\"https:\/\/talkpal.ai\/wp-content\/uploads\/2023\/05\/Hungarian.png\",\"datePublished\":\"2023-06-21T14:29:48+00:00\",\"dateModified\":\"2025-12-17T16:07:42+00:00\",\"description\":\"Zlep\u0161ete si snadno sv\u00e9 znalosti ma\u010farsk\u00e9 gramatiky - dokon\u010dete praktick\u00e1 cvi\u010den\u00ed, interaktivn\u00ed cvi\u010den\u00ed a z\u00edskejte osobn\u00ed zp\u011btnou vazbu.\",\"breadcrumb\":{\"@id\":\"https:\/\/talkpal.ai\/cs\/cviceni-z-madarske-gramatiky\/#breadcrumb\"},\"inLanguage\":\"cs\",\"potentialAction\":[{\"@type\":\"ReadAction\",\"target\":[\"https:\/\/talkpal.ai\/cs\/cviceni-z-madarske-gramatiky\/\"]}]},{\"@type\":\"ImageObject\",\"inLanguage\":\"cs\",\"@id\":\"https:\/\/talkpal.ai\/cs\/cviceni-z-madarske-gramatiky\/#primaryimage\",\"url\":\"https:\/\/talkpal.ai\/wp-content\/uploads\/2023\/05\/Hungarian.png\",\"contentUrl\":\"https:\/\/talkpal.ai\/wp-content\/uploads\/2023\/05\/Hungarian.png\",\"width\":512,\"height\":512},{\"@type\":\"BreadcrumbList\",\"@id\":\"https:\/\/talkpal.ai\/cs\/cviceni-z-madarske-gramatiky\/#breadcrumb\",\"itemListElement\":[{\"@type\":\"ListItem\",\"position\":1,\"name\":\"Homepage\",\"item\":\"https:\/\/talkpal.ai\/cs\/\"},{\"@type\":\"ListItem\",\"position\":2,\"name\":\"Cvi\u010den\u00ed z ma\u010farsk\u00e9 gramatiky\"}]},{\"@type\":\"WebSite\",\"@id\":\"https:\/\/talkpal.ai\/cs\/#website\",\"url\":\"https:\/\/talkpal.ai\/cs\/\",\"name\":\"Talkpal\",\"description\":\"AI Language Learning\",\"publisher\":{\"@id\":\"https:\/\/talkpal.ai\/cs\/#organization\"},\"alternateName\":\"Talkpal AI\",\"potentialAction\":[{\"@type\":\"SearchAction\",\"target\":{\"@type\":\"EntryPoint\",\"urlTemplate\":\"https:\/\/talkpal.ai\/cs\/?s={search_term_string}\"},\"query-input\":{\"@type\":\"PropertyValueSpecification\",\"valueRequired\":true,\"valueName\":\"search_term_string\"}}],\"inLanguage\":\"cs\"},{\"@type\":\"Organization\",\"@id\":\"https:\/\/talkpal.ai\/cs\/#organization\",\"name\":\"Talkpal, Inc.\",\"alternateName\":\"Talkpal AI\",\"url\":\"https:\/\/talkpal.ai\/cs\/\",\"logo\":{\"@type\":\"ImageObject\",\"inLanguage\":\"cs\",\"@id\":\"https:\/\/talkpal.ai\/cs\/#\/schema\/logo\/image\/\",\"url\":\"https:\/\/talkpal.ai\/wp-content\/uploads\/2024\/03\/Talkpal-Logo-Icon.png\",\"contentUrl\":\"https:\/\/talkpal.ai\/wp-content\/uploads\/2024\/03\/Talkpal-Logo-Icon.png\",\"width\":2880,\"height\":2880,\"caption\":\"Talkpal, Inc.\"},\"image\":{\"@id\":\"https:\/\/talkpal.ai\/cs\/#\/schema\/logo\/image\/\"},\"sameAs\":[\"https:\/\/www.facebook.com\/profile.php?id=100090733639311\",\"https:\/\/x.com\/talkpalai\",\"https:\/\/www.linkedin.com\/company\/talkpal\/\",\"https:\/\/www.youtube.com\/@TalkPal\/\",\"https:\/\/www.tiktok.com\/@talkpal\",\"https:\/\/www.instagram.com\/talkpal_ai\/\",\"https:\/\/www.crunchbase.com\/organization\/talkpal-9cde\",\"https:\/\/www.g2.com\/products\/talkpal-for-business\/\",\"https:\/\/www.trustpilot.com\/review\/talkpal.ai\",\"https:\/\/www.capterra.com\/p\/10006800\/TalkPal\/\"],\"description\":\"Talkpal is a language learning web and mobile education app, powered by the latest AI technologies, that provides engaging experiences to its customers in many different languages to help them improve their language skills. Users can chat about unlimited amount of topics with the app and use other modes to practice their language learning.\",\"email\":\"support@talkpal.ai\",\"legalName\":\"Talkpal, Inc.\",\"foundingDate\":\"2023-04-03\",\"duns\":\"118989042\",\"numberOfEmployees\":{\"@type\":\"QuantitativeValue\",\"minValue\":\"11\",\"maxValue\":\"50\"},\"publishingPrinciples\":\"https:\/\/talkpal.ai\/publishing-principles\/\",\"actionableFeedbackPolicy\":\"https:\/\/talkpal.ai\/actionable-feedback-policy\/\",\"correctionsPolicy\":\"https:\/\/talkpal.ai\/corrections-policy\/\",\"ethicsPolicy\":\"https:\/\/talkpal.ai\/ethics-policy\/\",\"diversityPolicy\":\"https:\/\/talkpal.ai\/diversity-policy\/\",\"diversityStaffingReport\":\"https:\/\/talkpal.ai\/diversity-policy\/\"}]}<\/script>\n<!-- \/ Yoast SEO Premium plugin. -->","yoast_head_json":{"title":"Cvi\u010den\u00ed z ma\u010farsk\u00e9 gramatiky - Talkpal","description":"Zlep\u0161ete si snadno sv\u00e9 znalosti ma\u010farsk\u00e9 gramatiky - dokon\u010dete praktick\u00e1 cvi\u010den\u00ed, interaktivn\u00ed cvi\u010den\u00ed a z\u00edskejte osobn\u00ed zp\u011btnou vazbu.","robots":{"index":"index","follow":"follow","max-snippet":"max-snippet:-1","max-image-preview":"max-image-preview:large","max-video-preview":"max-video-preview:-1"},"canonical":"https:\/\/talkpal.ai\/cs\/cviceni-z-madarske-gramatiky\/","og_locale":"cs_CZ","og_type":"article","og_title":"Cvi\u010den\u00ed z ma\u010farsk\u00e9 gramatiky","og_description":"T\u00e9mata ma\u010farsk\u00e9 gramatiky U\u010den\u00ed se nov\u00e9mu jazyku m\u016f\u017ee b\u00fdt vzru\u0161uj\u00edc\u00ed a obohacuj\u00edc\u00ed zku\u0161enost. M\u016f\u017ee to v\u0161ak b\u00fdt tak\u00e9 docela zdrcuj\u00edc\u00ed, zejm\u00e9na pokud jde o","og_url":"https:\/\/talkpal.ai\/cs\/cviceni-z-madarske-gramatiky\/","og_site_name":"Talkpal","article_publisher":"https:\/\/www.facebook.com\/profile.php?id=100090733639311","article_modified_time":"2025-12-17T16:07:42+00:00","og_image":[{"width":512,"height":512,"url":"https:\/\/talkpal.ai\/wp-content\/uploads\/2023\/05\/Hungarian.png","type":"image\/png"}],"twitter_card":"summary_large_image","twitter_site":"@talkpalai","twitter_misc":{"Odhadovan\u00e1 doba \u010dten\u00ed":"3 minuty"},"schema":{"@context":"https:\/\/schema.org","@graph":[{"@type":"WebPage","@id":"https:\/\/talkpal.ai\/cs\/cviceni-z-madarske-gramatiky\/","url":"https:\/\/talkpal.ai\/cs\/cviceni-z-madarske-gramatiky\/","name":"Cvi\u010den\u00ed z ma\u010farsk\u00e9 gramatiky - Talkpal","isPartOf":{"@id":"https:\/\/talkpal.ai\/cs\/#website"},"primaryImageOfPage":{"@id":"https:\/\/talkpal.ai\/cs\/cviceni-z-madarske-gramatiky\/#primaryimage"},"image":{"@id":"https:\/\/talkpal.ai\/cs\/cviceni-z-madarske-gramatiky\/#primaryimage"},"thumbnailUrl":"https:\/\/talkpal.ai\/wp-content\/uploads\/2023\/05\/Hungarian.png","datePublished":"2023-06-21T14:29:48+00:00","dateModified":"2025-12-17T16:07:42+00:00","description":"Zlep\u0161ete si snadno sv\u00e9 znalosti ma\u010farsk\u00e9 gramatiky - dokon\u010dete praktick\u00e1 cvi\u010den\u00ed, interaktivn\u00ed cvi\u010den\u00ed a z\u00edskejte osobn\u00ed zp\u011btnou vazbu.","breadcrumb":{"@id":"https:\/\/talkpal.ai\/cs\/cviceni-z-madarske-gramatiky\/#breadcrumb"},"inLanguage":"cs","potentialAction":[{"@type":"ReadAction","target":["https:\/\/talkpal.ai\/cs\/cviceni-z-madarske-gramatiky\/"]}]},{"@type":"ImageObject","inLanguage":"cs","@id":"https:\/\/talkpal.ai\/cs\/cviceni-z-madarske-gramatiky\/#primaryimage","url":"https:\/\/talkpal.ai\/wp-content\/uploads\/2023\/05\/Hungarian.png","contentUrl":"https:\/\/talkpal.ai\/wp-content\/uploads\/2023\/05\/Hungarian.png","width":512,"height":512},{"@type":"BreadcrumbList","@id":"https:\/\/talkpal.ai\/cs\/cviceni-z-madarske-gramatiky\/#breadcrumb","itemListElement":[{"@type":"ListItem","position":1,"name":"Homepage","item":"https:\/\/talkpal.ai\/cs\/"},{"@type":"ListItem","position":2,"name":"Cvi\u010den\u00ed z ma\u010farsk\u00e9 gramatiky"}]},{"@type":"WebSite","@id":"https:\/\/talkpal.ai\/cs\/#website","url":"https:\/\/talkpal.ai\/cs\/","name":"Talkpal","description":"AI Language Learning","publisher":{"@id":"https:\/\/talkpal.ai\/cs\/#organization"},"alternateName":"Talkpal AI","potentialAction":[{"@type":"SearchAction","target":{"@type":"EntryPoint","urlTemplate":"https:\/\/talkpal.ai\/cs\/?s={search_term_string}"},"query-input":{"@type":"PropertyValueSpecification","valueRequired":true,"valueName":"search_term_string"}}],"inLanguage":"cs"},{"@type":"Organization","@id":"https:\/\/talkpal.ai\/cs\/#organization","name":"Talkpal, Inc.","alternateName":"Talkpal AI","url":"https:\/\/talkpal.ai\/cs\/","logo":{"@type":"ImageObject","inLanguage":"cs","@id":"https:\/\/talkpal.ai\/cs\/#\/schema\/logo\/image\/","url":"https:\/\/talkpal.ai\/wp-content\/uploads\/2024\/03\/Talkpal-Logo-Icon.png","contentUrl":"https:\/\/talkpal.ai\/wp-content\/uploads\/2024\/03\/Talkpal-Logo-Icon.png","width":2880,"height":2880,"caption":"Talkpal, Inc."},"image":{"@id":"https:\/\/talkpal.ai\/cs\/#\/schema\/logo\/image\/"},"sameAs":["https:\/\/www.facebook.com\/profile.php?id=100090733639311","https:\/\/x.com\/talkpalai","https:\/\/www.linkedin.com\/company\/talkpal\/","https:\/\/www.youtube.com\/@TalkPal\/","https:\/\/www.tiktok.com\/@talkpal","https:\/\/www.instagram.com\/talkpal_ai\/","https:\/\/www.crunchbase.com\/organization\/talkpal-9cde","https:\/\/www.g2.com\/products\/talkpal-for-business\/","https:\/\/www.trustpilot.com\/review\/talkpal.ai","https:\/\/www.capterra.com\/p\/10006800\/TalkPal\/"],"description":"Talkpal is a language learning web and mobile education app, powered by the latest AI technologies, that provides engaging experiences to its customers in many different languages to help them improve their language skills. Users can chat about unlimited amount of topics with the app and use other modes to practice their language learning.","email":"support@talkpal.ai","legalName":"Talkpal, Inc.","foundingDate":"2023-04-03","duns":"118989042","numberOfEmployees":{"@type":"QuantitativeValue","minValue":"11","maxValue":"50"},"publishingPrinciples":"https:\/\/talkpal.ai\/publishing-principles\/","actionableFeedbackPolicy":"https:\/\/talkpal.ai\/actionable-feedback-policy\/","correctionsPolicy":"https:\/\/talkpal.ai\/corrections-policy\/","ethicsPolicy":"https:\/\/talkpal.ai\/ethics-policy\/","diversityPolicy":"https:\/\/talkpal.ai\/diversity-policy\/","diversityStaffingReport":"https:\/\/talkpal.ai\/diversity-policy\/"}]}},"_links":{"self":[{"href":"https:\/\/talkpal.ai\/cs\/wp-json\/wp\/v2\/pages\/162009","targetHints":{"allow":["GET"]}}],"collection":[{"href":"https:\/\/talkpal.ai\/cs\/wp-json\/wp\/v2\/pages"}],"about":[{"href":"https:\/\/talkpal.ai\/cs\/wp-json\/wp\/v2\/types\/page"}],"author":[{"embeddable":true,"href":"https:\/\/talkpal.ai\/cs\/wp-json\/wp\/v2\/users\/6"}],"replies":[{"embeddable":true,"href":"https:\/\/talkpal.ai\/cs\/wp-json\/wp\/v2\/comments?post=162009"}],"version-history":[{"count":0,"href":"https:\/\/talkpal.ai\/cs\/wp-json\/wp\/v2\/pages\/162009\/revisions"}],"wp:featuredmedia":[{"embeddable":true,"href":"https:\/\/talkpal.ai\/cs\/wp-json\/wp\/v2\/media\/113155"}],"wp:attachment":[{"href":"https:\/\/talkpal.ai\/cs\/wp-json\/wp\/v2\/media?parent=162009"}],"curies":[{"name":"wp","href":"https:\/\/api.w.org\/{rel}","templated":true}]}}