{"id":161694,"date":"2023-06-21T14:50:44","date_gmt":"2023-06-21T14:50:44","guid":{"rendered":"http:\/\/talkpal.ai\/cviceni-islandske-gramatiky\/"},"modified":"2025-12-17T16:10:19","modified_gmt":"2025-12-17T16:10:19","slug":"cviceni-islandske-gramatiky","status":"publish","type":"page","link":"https:\/\/talkpal.ai\/cs\/cviceni-islandske-gramatiky\/","title":{"rendered":"Cvi\u010den\u00ed islandsk\u00e9 gramatiky"},"content":{"rendered":"\r\n\r\n\r\n<section class=\"languageChallengeSection\">\r\n    <div class=\"languageInfoWrapper\">\r\n        \r\n        <h1>Cvi\u010den\u00ed islandsk\u00e9 gramatiky<\/h1>\r\n        <p>Jste p\u0159ipraveni pos\u00edlit sv\u00e9 islandsk\u00e9 dovednosti? Procvi\u010dov\u00e1n\u00ed gramatick\u00fdch cvi\u010den\u00ed je skv\u011bl\u00fdm zp\u016fsobem, jak si osvojit strukturu v\u011bt, slovesn\u00e9 tvary a jedine\u010dn\u00e9 rysy islandsk\u00e9ho jazyka. Za\u010dn\u011bte zkoumat islandskou gramatiku je\u0161t\u011b dnes a sledujte, jak s ka\u017ed\u00fdm cvi\u010den\u00edm roste va\u0161e jistota a plynulost!\n\n<\/p>\r\n\r\n                            <a class=\"getStartedHidden\" href=\"https:\/\/app.talkpal.ai\/cs\/signup?lng=\">Za\u010dni<\/a>\r\n        \r\n    <\/div>\r\n\r\n    <figure>\r\n    <img decoding=\"async\" width=\"768\" height=\"768\" src=\"https:\/\/talkpal.ai\/wp-content\/uploads\/2023\/06\/Icelandic-768x768.png\" class=\"languageImage no-lazy\" alt=\"Language learning for better job opportunities\" fetchpriority=\"high\" sizes=\"(max-width: 768px) 150px, 768px\" srcset=\"https:\/\/talkpal.ai\/wp-content\/uploads\/2023\/06\/Icelandic-768x768.png 768w, https:\/\/talkpal.ai\/wp-content\/uploads\/2023\/06\/Icelandic-300x300.png 300w\" \/>\r\n    \r\n\r\n    <\/figure>\r\n\r\n            <a class=\"getStartedVisible\" href=\"https:\/\/app.talkpal.ai\/cs\/signup?lng=\">Za\u010dni<\/a>\r\n    \r\n<\/section>\r\n\r\n\r\n<!-- <section class=\"grammarSection\">\r\n    <div class=\"grammarLinks\">\r\n            <\/div>\r\n<\/section> -->\r\n\r\n\r\n\r\n\r\n<section class=\"promotionalBanner\">\r\n    <p class=\"promotionalText\">Nejefektivn\u011bj\u0161\u00ed <a href=\"https:\/\/talkpal.ai\/best-way-to-learn\/\">zp\u016fsob<\/a>, jak se nau\u010dit jazyk<\/p>\r\n    <a class=\"promotionalLink\" href=\"https:\/\/app.talkpal.ai\/cs\/signup?lng=\">Vyzkou\u0161ejte Talkpal zdarma<\/a>\r\n<\/section>\n<div class=\"wp-block-group pageContainerStyle\"><div class=\"wp-block-group__inner-container is-layout-constrained wp-block-group-is-layout-constrained\">\n<h2 class=\"wp-block-heading\" id=\"h-icelandic-grammar-topics\">T\u00e9mata islandsk\u00e9 gramatiky<\/h2>\n\n\n\n<p>Island\u0161tina, severogerm\u00e1nsk\u00fd jazyk, kter\u00fdm mluv\u00ed v\u00edce ne\u017e 300 000 lid\u00ed, je \u00fa\u0159edn\u00edm jazykem Islandu. Island\u0161tina, zn\u00e1m\u00e1 svou slo\u017eitou gramatikou a bohatou slovn\u00ed z\u00e1sobou, m\u00e1 jedine\u010dn\u00e9 kouzlo, kter\u00e9 p\u0159itahuje studenty jazyk\u016f z cel\u00e9ho sv\u011bta. Island\u0161tina m\u00e1 sv\u00e9 ko\u0159eny ve star\u00e9 sever\u0161tin\u011b a m\u00e1 silnou liter\u00e1rn\u00ed tradici, kter\u00e1 sah\u00e1 a\u017e do doby vikinsk\u00e9. V tomto \u010dl\u00e1nku se sezn\u00e1m\u00edme s kl\u00ed\u010dov\u00fdmi t\u00e9maty islandsk\u00e9 gramatiky, kter\u00e1 v\u00e1m pomohou pochopit a zvl\u00e1dnout tento fascinuj\u00edc\u00ed jazyk, od z\u00e1klad\u016f, jako jsou podstatn\u00e1 jm\u00e9na a slovesa, a\u017e po slo\u017eit\u011bj\u0161\u00ed struktury, jako jsou kondicion\u00e1ly a p\u0159edlo\u017eky.<\/p>\n\n\n\n<h3 class=\"wp-block-heading\" id=\"h-1-nouns\">1. Podstatn\u00e1 jm\u00e9na<\/h3>\n\n\n\n<p>Za\u010dn\u011bte t\u00edm, \u017ee se nau\u010d\u00edte z\u00e1klady islandsk\u00fdch podstatn\u00fdch jmen, kter\u00e1 zahrnuj\u00ed lidi, m\u00edsta a v\u011bci. Island\u0161tina m\u00e1 t\u0159i gramatick\u00e9 rody (mu\u017esk\u00fd, \u017eensk\u00fd a st\u0159edn\u00ed) a \u010dty\u0159i p\u00e1dy (nominativ, akuzativ, dativ a genitiv). Pochopen\u00ed t\u011bchto aspekt\u016f je nezbytn\u00e9 pro spr\u00e1vn\u00e9 sklo\u0148ov\u00e1n\u00ed a shodu s ostatn\u00edmi slovn\u00edmi druhy.<\/p>\n\n\n\n<h3 class=\"wp-block-heading\" id=\"h-2-articles\">2. \u010cl\u00e1nky<\/h3>\n\n\n\n<p>Island\u0161tina nem\u00e1 neur\u010dit\u00e9 \u010dleny, ale m\u00e1 ur\u010dit\u00e9 \u010dleny, kter\u00e9 se p\u0159ipojuj\u00ed na konec podstatn\u00e9ho jm\u00e9na. Nau\u010dte se, jak tvo\u0159it ur\u010dit\u00fd \u010dlen pro ka\u017ed\u00fd rod a p\u00e1d, proto\u017ee to pom\u016f\u017ee se spr\u00e1vn\u00fdm pou\u017e\u00edv\u00e1n\u00edm podstatn\u00fdch jmen.<\/p>\n\n\n\n<h3 class=\"wp-block-heading\" id=\"h-3-pronouns-determiners\">3. Z\u00e1jmena\/determinanty<\/h3>\n\n\n\n<p>Island\u0161tina m\u00e1 osobn\u00ed, p\u0159ivlast\u0148ovac\u00ed, zvratn\u00e1 a ukazovac\u00ed z\u00e1jmena, stejn\u011b jako kvantifik\u00e1tory a t\u00e1zac\u00ed determinanty. Seznamte se s t\u011bmito z\u00e1jmeny a determinanty a jejich p\u0159\u00edslu\u0161n\u00fdmi sklo\u0148ov\u00e1n\u00edmi, abyste zajistili spr\u00e1vnou shodu a pou\u017eit\u00ed ve v\u011bt\u00e1ch.<\/p>\n\n\n\n<h3 class=\"wp-block-heading\" id=\"h-4-adjectives\">4. P\u0159\u00eddavn\u00e1 jm\u00e9na<\/h3>\n\n\n\n<p>P\u0159\u00eddavn\u00e1 jm\u00e9na v island\u0161tin\u011b se mus\u00ed shodovat v rod\u011b, \u010d\u00edsle a p\u00e1d\u011b s podstatn\u00fdm jm\u00e9nem, kter\u00e9 modifikuj\u00ed. Nau\u010dte se r\u016fzn\u00e9 vzorce sklo\u0148ov\u00e1n\u00ed p\u0159\u00eddavn\u00fdch jmen a jak se m\u011bn\u00ed v z\u00e1vislosti na rodu a p\u00e1du podstatn\u00e9ho jm\u00e9na.<\/p>\n\n\n\n<h3 class=\"wp-block-heading\" id=\"h-5-verbs\">5. Slovesa<\/h3>\n\n\n\n<p>Islandsk\u00e1 slovesa se \u010dasuj\u00ed podle \u010dasu, n\u00e1lady a hlasu. Za\u010dn\u011bte t\u00edm, \u017ee se nau\u010d\u00edte p\u0159\u00edtomn\u00fd, minul\u00fd a budouc\u00ed \u010das, stejn\u011b jako indikativn\u00ed, konjunktivn\u00ed a rozkazovac\u00ed zp\u016fsob. Seznamte se tak\u00e9 se vzorci \u010dasov\u00e1n\u00ed pravideln\u00fdch a nepravideln\u00fdch sloves.<\/p>\n\n\n\n<h3 class=\"wp-block-heading\" id=\"h-6-tense-comparison\">6. Srovn\u00e1n\u00ed \u010das\u016f<\/h3>\n\n\n\n<p>Pochopte rozd\u00edl mezi jednoduch\u00fdmi a pr\u016fb\u011bhov\u00fdmi tvary ka\u017ed\u00e9ho \u010dasu. Island\u0161tina nem\u00e1 progresivn\u00ed aspekt jako <a href=\"https:\/\/talkpal.ai\/learn-english-with-ai\/\">angli\u010dtina<\/a>, tak\u017ee se nau\u010dte, jak vyj\u00e1d\u0159it prob\u00edhaj\u00edc\u00ed akce pomoc\u00ed jin\u00fdch struktur.<\/p>\n\n\n\n<h3 class=\"wp-block-heading\" id=\"h-7-perfect-progressive\">7. Perfektn\u00ed progresivn\u00ed<\/h3>\n\n\n\n<p>Island\u0161tina nem\u00e1 p\u0159\u00edm\u00fd ekvivalent anglick\u00e9ho p\u0159edkonav\u00e9ho pr\u016fb\u011bhov\u00e9ho \u010dasu. M\u016f\u017eete se v\u0161ak nau\u010dit vyjad\u0159ovat podobn\u00e9 my\u0161lenky pomoc\u00ed perifrastick\u00fdch konstrukc\u00ed s pomocn\u00fdmi slovesy a p\u0159\u00ed\u010dest\u00edmi.<\/p>\n\n\n\n<h3 class=\"wp-block-heading\" id=\"h-8-adverbs\">8. P\u0159\u00edslovce<\/h3>\n\n\n\n<p>P\u0159\u00edslovce modifikuj\u00ed slovesa, p\u0159\u00eddavn\u00e1 jm\u00e9na a dal\u0161\u00ed p\u0159\u00edslovce. Nau\u010dte se r\u016fzn\u00e9 typy p\u0159\u00edslovc\u00ed v island\u0161tin\u011b a tak\u00e9 jejich um\u00edst\u011bn\u00ed ve v\u011bt\u00e1ch.<\/p>\n\n\n\n<h3 class=\"wp-block-heading\" id=\"h-9-prepositions\">9. P\u0159edlo\u017eky<\/h3>\n\n\n\n<p>P\u0159edlo\u017eky ukazuj\u00ed vztah mezi podstatn\u00fdm jm\u00e9nem nebo z\u00e1jmenem a jin\u00fdm prvkem ve v\u011bt\u011b. Prostudujte si nejb\u011b\u017en\u011bj\u0161\u00ed islandsk\u00e9 p\u0159edlo\u017eky a jejich p\u00e1dy, abyste je mohli spr\u00e1vn\u011b pou\u017e\u00edvat.<\/p>\n\n\n\n<h3 class=\"wp-block-heading\" id=\"h-10-conditionals\">10. Podmi\u0148ovac\u00ed zp\u016fsob<\/h3>\n\n\n\n<p>Island\u0161tina m\u00e1 t\u0159i typy podm\u00ednkov\u00fdch v\u011bt: re\u00e1ln\u00e9, nere\u00e1ln\u00e9 a minul\u00e9 neskute\u010dn\u00e9. Porozum\u011bt struktu\u0159e a pou\u017eit\u00ed t\u011bchto kondicion\u00e1l\u016f k vyj\u00e1d\u0159en\u00ed hypotetick\u00fdch situac\u00ed a jejich mo\u017en\u00fdch v\u00fdsledk\u016f.<\/p>\n\n\n\n<h3 class=\"wp-block-heading\" id=\"h-11-sentences\">11. V\u011bty<\/h3>\n\n\n\n<p>Nakonec si procvi\u010dte vytv\u00e1\u0159en\u00ed r\u016fzn\u00fdch typ\u016f islandsk\u00fdch v\u011bt, jako je oznamovac\u00ed, t\u00e1zac\u00ed, rozkazovac\u00ed a zvolac\u00ed. To v\u00e1m pom\u016f\u017ee vytvo\u0159it si pevn\u00e9 z\u00e1klady islandsk\u00e9 syntaxe a celkov\u00e9 jazykov\u00e9 znalosti.<\/p>\n<\/div><\/div>\n\r\n<section class=\"learnNavigationSection\">\r\n            \r\n        <a href=\"https:\/\/talkpal.ai\/cs\/naucte-se-islandsky\/\">\r\n            <div class=\"learnNavigationWrapper\">\r\n                <div class=\"learnNavigationContent\">\r\n                    <img decoding=\"async\" src=\"https:\/\/talkpal.ai\/wp-content\/uploads\/2024\/08\/Icelandic.jpg\" alt=\"Iceland Flag\">\r\n                    <div>\r\n                        <h4>O islandsk\u00e9m vzd\u011bl\u00e1v\u00e1n\u00ed<\/h4>\r\n                        <p>Zjist\u011bte v\u0161e o islandsk\u00e9 gramatice.<\/p>\r\n                    <\/div>\r\n                <\/div>\r\n            <\/div>\r\n        <\/a>\r\n\r\n        \r\n        <a href=\"https:\/\/talkpal.ai\/cs\/islandska-gramatika\/\">\r\n            <div class=\"learnNavigationWrapper\">\r\n                <div class=\"learnNavigationContent\">\r\n                    <img decoding=\"async\" src=\"https:\/\/talkpal.ai\/wp-content\/uploads\/2024\/08\/Icelandic.jpg\" alt=\"Iceland Flag\">\r\n                    <div>\r\n                        <h4>Lekce islandsk\u00e9 gramatiky<\/h4>\r\n                        <p>Procvi\u010dte si islandskou gramatiku.<\/p>\r\n                    <\/div>\r\n                <\/div>\r\n            <\/div>\r\n        <\/a>\r\n\r\n        \r\n        <a href=\"https:\/\/talkpal.ai\/vocabulary_language\/icelandic\/\">\r\n            <div class=\"learnNavigationWrapper\">\r\n                <div class=\"learnNavigationContent\">\r\n                    <img decoding=\"async\" src=\"https:\/\/talkpal.ai\/wp-content\/uploads\/2024\/08\/Icelandic.jpg\" alt=\"Iceland Flag\">\r\n                    <div>\r\n                        <h4>Islandsk\u00e1 slovn\u00ed z\u00e1soba<\/h4>\r\n                        <p>Roz\u0161i\u0159te si islandskou slovn\u00ed z\u00e1sobu.<\/p>\r\n                    <\/div>\r\n                <\/div>\r\n            <\/div>\r\n        <\/a>\r\n\r\n            <\/section>","protected":false},"excerpt":{"rendered":"<p>T\u00e9mata islandsk\u00e9 gramatiky Island\u0161tina, severogerm\u00e1nsk\u00fd jazyk, kter\u00fdm mluv\u00ed v\u00edce ne\u017e 300 000 lid\u00ed, je \u00fa\u0159edn\u00edm jazykem Islandu. Island\u0161tina, zn\u00e1m\u00e1 svou slo\u017eitou gramatikou a bohatou slovn\u00ed z\u00e1sobou, m\u00e1 jedine\u010dn\u00e9 kouzlo, kter\u00e9 p\u0159itahuje studenty jazyk\u016f z cel\u00e9ho sv\u011bta. Island\u0161tina m\u00e1 sv\u00e9 ko\u0159eny ve star\u00e9 sever\u0161tin\u011b a m\u00e1 silnou liter\u00e1rn\u00ed tradici, kter\u00e1 sah\u00e1 a\u017e do doby vikinsk\u00e9. V [&hellip;]<\/p>\n","protected":false},"author":6,"featured_media":113387,"parent":0,"menu_order":0,"comment_status":"closed","ping_status":"closed","template":"LearningContentPage.php","meta":{"_acf_changed":false,"footnotes":""},"class_list":["post-161694","page","type-page","status-publish","has-post-thumbnail","hentry"],"acf":[],"yoast_head":"<!-- This site is optimized with the Yoast SEO Premium plugin v27.2 (Yoast SEO v27.2) - https:\/\/yoast.com\/product\/yoast-seo-premium-wordpress\/ -->\n<title>Cvi\u010den\u00ed islandsk\u00e9 gramatiky - Talkpal<\/title>\n<meta name=\"description\" content=\"Snadn\u00e9 procvi\u010dov\u00e1n\u00ed islandsk\u00e9 gramatiky - posilte sv\u00e9 dovednosti pomoc\u00ed cvi\u010den\u00ed, interaktivn\u00edho procvi\u010dov\u00e1n\u00ed a okam\u017eit\u00e9 zp\u011btn\u00e9 vazby s Talkpal AI.\" \/>\n<meta name=\"robots\" content=\"index, follow, max-snippet:-1, max-image-preview:large, max-video-preview:-1\" \/>\n<link rel=\"canonical\" href=\"https:\/\/talkpal.ai\/cs\/cviceni-islandske-gramatiky\/\" \/>\n<meta property=\"og:locale\" content=\"cs_CZ\" \/>\n<meta property=\"og:type\" content=\"article\" \/>\n<meta property=\"og:title\" content=\"Cvi\u010den\u00ed islandsk\u00e9 gramatiky\" \/>\n<meta property=\"og:description\" content=\"T\u00e9mata islandsk\u00e9 gramatiky Island\u0161tina, severogerm\u00e1nsk\u00fd jazyk, kter\u00fdm mluv\u00ed v\u00edce ne\u017e 300 000 lid\u00ed, je \u00fa\u0159edn\u00edm jazykem Islandu. Island\u0161tina, zn\u00e1m\u00e1 svou\" \/>\n<meta property=\"og:url\" content=\"https:\/\/talkpal.ai\/cs\/cviceni-islandske-gramatiky\/\" \/>\n<meta property=\"og:site_name\" content=\"Talkpal\" \/>\n<meta property=\"article:publisher\" content=\"https:\/\/www.facebook.com\/profile.php?id=100090733639311\" \/>\n<meta property=\"article:modified_time\" content=\"2025-12-17T16:10:19+00:00\" \/>\n<meta property=\"og:image\" content=\"https:\/\/talkpal.ai\/wp-content\/uploads\/2023\/05\/iceland.png\" \/>\n\t<meta property=\"og:image:width\" content=\"512\" \/>\n\t<meta property=\"og:image:height\" content=\"512\" \/>\n\t<meta property=\"og:image:type\" content=\"image\/png\" \/>\n<meta name=\"twitter:card\" content=\"summary_large_image\" \/>\n<meta name=\"twitter:site\" content=\"@talkpalai\" \/>\n<meta name=\"twitter:label1\" content=\"Odhadovan\u00e1 doba \u010dten\u00ed\" \/>\n\t<meta name=\"twitter:data1\" content=\"3 minuty\" \/>\n<script type=\"application\/ld+json\" class=\"yoast-schema-graph\">{\"@context\":\"https:\/\/schema.org\",\"@graph\":[{\"@type\":\"WebPage\",\"@id\":\"https:\/\/talkpal.ai\/cs\/cviceni-islandske-gramatiky\/\",\"url\":\"https:\/\/talkpal.ai\/cs\/cviceni-islandske-gramatiky\/\",\"name\":\"Cvi\u010den\u00ed islandsk\u00e9 gramatiky - Talkpal\",\"isPartOf\":{\"@id\":\"https:\/\/talkpal.ai\/cs\/#website\"},\"primaryImageOfPage\":{\"@id\":\"https:\/\/talkpal.ai\/cs\/cviceni-islandske-gramatiky\/#primaryimage\"},\"image\":{\"@id\":\"https:\/\/talkpal.ai\/cs\/cviceni-islandske-gramatiky\/#primaryimage\"},\"thumbnailUrl\":\"https:\/\/talkpal.ai\/wp-content\/uploads\/2023\/05\/iceland.png\",\"datePublished\":\"2023-06-21T14:50:44+00:00\",\"dateModified\":\"2025-12-17T16:10:19+00:00\",\"description\":\"Snadn\u00e9 procvi\u010dov\u00e1n\u00ed islandsk\u00e9 gramatiky - posilte sv\u00e9 dovednosti pomoc\u00ed cvi\u010den\u00ed, interaktivn\u00edho procvi\u010dov\u00e1n\u00ed a okam\u017eit\u00e9 zp\u011btn\u00e9 vazby s Talkpal AI.\",\"breadcrumb\":{\"@id\":\"https:\/\/talkpal.ai\/cs\/cviceni-islandske-gramatiky\/#breadcrumb\"},\"inLanguage\":\"cs\",\"potentialAction\":[{\"@type\":\"ReadAction\",\"target\":[\"https:\/\/talkpal.ai\/cs\/cviceni-islandske-gramatiky\/\"]}]},{\"@type\":\"ImageObject\",\"inLanguage\":\"cs\",\"@id\":\"https:\/\/talkpal.ai\/cs\/cviceni-islandske-gramatiky\/#primaryimage\",\"url\":\"https:\/\/talkpal.ai\/wp-content\/uploads\/2023\/05\/iceland.png\",\"contentUrl\":\"https:\/\/talkpal.ai\/wp-content\/uploads\/2023\/05\/iceland.png\",\"width\":512,\"height\":512},{\"@type\":\"BreadcrumbList\",\"@id\":\"https:\/\/talkpal.ai\/cs\/cviceni-islandske-gramatiky\/#breadcrumb\",\"itemListElement\":[{\"@type\":\"ListItem\",\"position\":1,\"name\":\"Homepage\",\"item\":\"https:\/\/talkpal.ai\/cs\/\"},{\"@type\":\"ListItem\",\"position\":2,\"name\":\"Cvi\u010den\u00ed islandsk\u00e9 gramatiky\"}]},{\"@type\":\"WebSite\",\"@id\":\"https:\/\/talkpal.ai\/cs\/#website\",\"url\":\"https:\/\/talkpal.ai\/cs\/\",\"name\":\"Talkpal\",\"description\":\"AI Language Learning\",\"publisher\":{\"@id\":\"https:\/\/talkpal.ai\/cs\/#organization\"},\"alternateName\":\"Talkpal AI\",\"potentialAction\":[{\"@type\":\"SearchAction\",\"target\":{\"@type\":\"EntryPoint\",\"urlTemplate\":\"https:\/\/talkpal.ai\/cs\/?s={search_term_string}\"},\"query-input\":{\"@type\":\"PropertyValueSpecification\",\"valueRequired\":true,\"valueName\":\"search_term_string\"}}],\"inLanguage\":\"cs\"},{\"@type\":\"Organization\",\"@id\":\"https:\/\/talkpal.ai\/cs\/#organization\",\"name\":\"Talkpal, Inc.\",\"alternateName\":\"Talkpal AI\",\"url\":\"https:\/\/talkpal.ai\/cs\/\",\"logo\":{\"@type\":\"ImageObject\",\"inLanguage\":\"cs\",\"@id\":\"https:\/\/talkpal.ai\/cs\/#\/schema\/logo\/image\/\",\"url\":\"https:\/\/talkpal.ai\/wp-content\/uploads\/2024\/03\/Talkpal-Logo-Icon.png\",\"contentUrl\":\"https:\/\/talkpal.ai\/wp-content\/uploads\/2024\/03\/Talkpal-Logo-Icon.png\",\"width\":2880,\"height\":2880,\"caption\":\"Talkpal, Inc.\"},\"image\":{\"@id\":\"https:\/\/talkpal.ai\/cs\/#\/schema\/logo\/image\/\"},\"sameAs\":[\"https:\/\/www.facebook.com\/profile.php?id=100090733639311\",\"https:\/\/x.com\/talkpalai\",\"https:\/\/www.linkedin.com\/company\/talkpal\/\",\"https:\/\/www.youtube.com\/@TalkPal\/\",\"https:\/\/www.tiktok.com\/@talkpal\",\"https:\/\/www.instagram.com\/talkpal_ai\/\",\"https:\/\/www.crunchbase.com\/organization\/talkpal-9cde\",\"https:\/\/www.g2.com\/products\/talkpal-for-business\/\",\"https:\/\/www.trustpilot.com\/review\/talkpal.ai\",\"https:\/\/www.capterra.com\/p\/10006800\/TalkPal\/\"],\"description\":\"Talkpal is a language learning web and mobile education app, powered by the latest AI technologies, that provides engaging experiences to its customers in many different languages to help them improve their language skills. Users can chat about unlimited amount of topics with the app and use other modes to practice their language learning.\",\"email\":\"support@talkpal.ai\",\"legalName\":\"Talkpal, Inc.\",\"foundingDate\":\"2023-04-03\",\"duns\":\"118989042\",\"numberOfEmployees\":{\"@type\":\"QuantitativeValue\",\"minValue\":\"11\",\"maxValue\":\"50\"},\"publishingPrinciples\":\"https:\/\/talkpal.ai\/publishing-principles\/\",\"actionableFeedbackPolicy\":\"https:\/\/talkpal.ai\/actionable-feedback-policy\/\",\"correctionsPolicy\":\"https:\/\/talkpal.ai\/corrections-policy\/\",\"ethicsPolicy\":\"https:\/\/talkpal.ai\/ethics-policy\/\",\"diversityPolicy\":\"https:\/\/talkpal.ai\/diversity-policy\/\",\"diversityStaffingReport\":\"https:\/\/talkpal.ai\/diversity-policy\/\"}]}<\/script>\n<!-- \/ Yoast SEO Premium plugin. -->","yoast_head_json":{"title":"Cvi\u010den\u00ed islandsk\u00e9 gramatiky - Talkpal","description":"Snadn\u00e9 procvi\u010dov\u00e1n\u00ed islandsk\u00e9 gramatiky - posilte sv\u00e9 dovednosti pomoc\u00ed cvi\u010den\u00ed, interaktivn\u00edho procvi\u010dov\u00e1n\u00ed a okam\u017eit\u00e9 zp\u011btn\u00e9 vazby s Talkpal AI.","robots":{"index":"index","follow":"follow","max-snippet":"max-snippet:-1","max-image-preview":"max-image-preview:large","max-video-preview":"max-video-preview:-1"},"canonical":"https:\/\/talkpal.ai\/cs\/cviceni-islandske-gramatiky\/","og_locale":"cs_CZ","og_type":"article","og_title":"Cvi\u010den\u00ed islandsk\u00e9 gramatiky","og_description":"T\u00e9mata islandsk\u00e9 gramatiky Island\u0161tina, severogerm\u00e1nsk\u00fd jazyk, kter\u00fdm mluv\u00ed v\u00edce ne\u017e 300 000 lid\u00ed, je \u00fa\u0159edn\u00edm jazykem Islandu. Island\u0161tina, zn\u00e1m\u00e1 svou","og_url":"https:\/\/talkpal.ai\/cs\/cviceni-islandske-gramatiky\/","og_site_name":"Talkpal","article_publisher":"https:\/\/www.facebook.com\/profile.php?id=100090733639311","article_modified_time":"2025-12-17T16:10:19+00:00","og_image":[{"width":512,"height":512,"url":"https:\/\/talkpal.ai\/wp-content\/uploads\/2023\/05\/iceland.png","type":"image\/png"}],"twitter_card":"summary_large_image","twitter_site":"@talkpalai","twitter_misc":{"Odhadovan\u00e1 doba \u010dten\u00ed":"3 minuty"},"schema":{"@context":"https:\/\/schema.org","@graph":[{"@type":"WebPage","@id":"https:\/\/talkpal.ai\/cs\/cviceni-islandske-gramatiky\/","url":"https:\/\/talkpal.ai\/cs\/cviceni-islandske-gramatiky\/","name":"Cvi\u010den\u00ed islandsk\u00e9 gramatiky - Talkpal","isPartOf":{"@id":"https:\/\/talkpal.ai\/cs\/#website"},"primaryImageOfPage":{"@id":"https:\/\/talkpal.ai\/cs\/cviceni-islandske-gramatiky\/#primaryimage"},"image":{"@id":"https:\/\/talkpal.ai\/cs\/cviceni-islandske-gramatiky\/#primaryimage"},"thumbnailUrl":"https:\/\/talkpal.ai\/wp-content\/uploads\/2023\/05\/iceland.png","datePublished":"2023-06-21T14:50:44+00:00","dateModified":"2025-12-17T16:10:19+00:00","description":"Snadn\u00e9 procvi\u010dov\u00e1n\u00ed islandsk\u00e9 gramatiky - posilte sv\u00e9 dovednosti pomoc\u00ed cvi\u010den\u00ed, interaktivn\u00edho procvi\u010dov\u00e1n\u00ed a okam\u017eit\u00e9 zp\u011btn\u00e9 vazby s Talkpal AI.","breadcrumb":{"@id":"https:\/\/talkpal.ai\/cs\/cviceni-islandske-gramatiky\/#breadcrumb"},"inLanguage":"cs","potentialAction":[{"@type":"ReadAction","target":["https:\/\/talkpal.ai\/cs\/cviceni-islandske-gramatiky\/"]}]},{"@type":"ImageObject","inLanguage":"cs","@id":"https:\/\/talkpal.ai\/cs\/cviceni-islandske-gramatiky\/#primaryimage","url":"https:\/\/talkpal.ai\/wp-content\/uploads\/2023\/05\/iceland.png","contentUrl":"https:\/\/talkpal.ai\/wp-content\/uploads\/2023\/05\/iceland.png","width":512,"height":512},{"@type":"BreadcrumbList","@id":"https:\/\/talkpal.ai\/cs\/cviceni-islandske-gramatiky\/#breadcrumb","itemListElement":[{"@type":"ListItem","position":1,"name":"Homepage","item":"https:\/\/talkpal.ai\/cs\/"},{"@type":"ListItem","position":2,"name":"Cvi\u010den\u00ed islandsk\u00e9 gramatiky"}]},{"@type":"WebSite","@id":"https:\/\/talkpal.ai\/cs\/#website","url":"https:\/\/talkpal.ai\/cs\/","name":"Talkpal","description":"AI Language Learning","publisher":{"@id":"https:\/\/talkpal.ai\/cs\/#organization"},"alternateName":"Talkpal AI","potentialAction":[{"@type":"SearchAction","target":{"@type":"EntryPoint","urlTemplate":"https:\/\/talkpal.ai\/cs\/?s={search_term_string}"},"query-input":{"@type":"PropertyValueSpecification","valueRequired":true,"valueName":"search_term_string"}}],"inLanguage":"cs"},{"@type":"Organization","@id":"https:\/\/talkpal.ai\/cs\/#organization","name":"Talkpal, Inc.","alternateName":"Talkpal AI","url":"https:\/\/talkpal.ai\/cs\/","logo":{"@type":"ImageObject","inLanguage":"cs","@id":"https:\/\/talkpal.ai\/cs\/#\/schema\/logo\/image\/","url":"https:\/\/talkpal.ai\/wp-content\/uploads\/2024\/03\/Talkpal-Logo-Icon.png","contentUrl":"https:\/\/talkpal.ai\/wp-content\/uploads\/2024\/03\/Talkpal-Logo-Icon.png","width":2880,"height":2880,"caption":"Talkpal, Inc."},"image":{"@id":"https:\/\/talkpal.ai\/cs\/#\/schema\/logo\/image\/"},"sameAs":["https:\/\/www.facebook.com\/profile.php?id=100090733639311","https:\/\/x.com\/talkpalai","https:\/\/www.linkedin.com\/company\/talkpal\/","https:\/\/www.youtube.com\/@TalkPal\/","https:\/\/www.tiktok.com\/@talkpal","https:\/\/www.instagram.com\/talkpal_ai\/","https:\/\/www.crunchbase.com\/organization\/talkpal-9cde","https:\/\/www.g2.com\/products\/talkpal-for-business\/","https:\/\/www.trustpilot.com\/review\/talkpal.ai","https:\/\/www.capterra.com\/p\/10006800\/TalkPal\/"],"description":"Talkpal is a language learning web and mobile education app, powered by the latest AI technologies, that provides engaging experiences to its customers in many different languages to help them improve their language skills. Users can chat about unlimited amount of topics with the app and use other modes to practice their language learning.","email":"support@talkpal.ai","legalName":"Talkpal, Inc.","foundingDate":"2023-04-03","duns":"118989042","numberOfEmployees":{"@type":"QuantitativeValue","minValue":"11","maxValue":"50"},"publishingPrinciples":"https:\/\/talkpal.ai\/publishing-principles\/","actionableFeedbackPolicy":"https:\/\/talkpal.ai\/actionable-feedback-policy\/","correctionsPolicy":"https:\/\/talkpal.ai\/corrections-policy\/","ethicsPolicy":"https:\/\/talkpal.ai\/ethics-policy\/","diversityPolicy":"https:\/\/talkpal.ai\/diversity-policy\/","diversityStaffingReport":"https:\/\/talkpal.ai\/diversity-policy\/"}]}},"_links":{"self":[{"href":"https:\/\/talkpal.ai\/cs\/wp-json\/wp\/v2\/pages\/161694","targetHints":{"allow":["GET"]}}],"collection":[{"href":"https:\/\/talkpal.ai\/cs\/wp-json\/wp\/v2\/pages"}],"about":[{"href":"https:\/\/talkpal.ai\/cs\/wp-json\/wp\/v2\/types\/page"}],"author":[{"embeddable":true,"href":"https:\/\/talkpal.ai\/cs\/wp-json\/wp\/v2\/users\/6"}],"replies":[{"embeddable":true,"href":"https:\/\/talkpal.ai\/cs\/wp-json\/wp\/v2\/comments?post=161694"}],"version-history":[{"count":0,"href":"https:\/\/talkpal.ai\/cs\/wp-json\/wp\/v2\/pages\/161694\/revisions"}],"wp:featuredmedia":[{"embeddable":true,"href":"https:\/\/talkpal.ai\/cs\/wp-json\/wp\/v2\/media\/113387"}],"wp:attachment":[{"href":"https:\/\/talkpal.ai\/cs\/wp-json\/wp\/v2\/media?parent=161694"}],"curies":[{"name":"wp","href":"https:\/\/api.w.org\/{rel}","templated":true}]}}