{"id":161387,"date":"2023-06-22T07:25:42","date_gmt":"2023-06-22T07:25:42","guid":{"rendered":"http:\/\/talkpal.ai\/indoneska-gramaticka-cviceni\/"},"modified":"2025-12-17T15:09:22","modified_gmt":"2025-12-17T15:09:22","slug":"indoneska-gramaticka-cviceni","status":"publish","type":"page","link":"https:\/\/talkpal.ai\/cs\/indoneska-gramaticka-cviceni\/","title":{"rendered":"Indon\u00e9sk\u00e1 gramatick\u00e1 cvi\u010den\u00ed"},"content":{"rendered":"\r\n\r\n\r\n<section class=\"languageChallengeSection\">\r\n    <div class=\"languageInfoWrapper\">\r\n        \r\n        <h1>Indon\u00e9sk\u00e1 gramatick\u00e1 cvi\u010den\u00ed<\/h1>\r\n        <p>Chcete si zv\u00fd\u0161it sebev\u011bdom\u00ed v indon\u00e9\u0161tin\u011b? Gramatick\u00e1 cvi\u010den\u00ed jsou skv\u011bl\u00fdm zp\u016fsobem, jak si osvojit stavbu v\u011bty, slovesn\u00e9 tvary a kl\u00ed\u010dov\u00e9 vzorce, kter\u00e9 v\u00e1m pomohou p\u0159irozen\u011bji komunikovat. Za\u010dn\u011bte procvi\u010dovat indon\u00e9skou gramatiku je\u0161t\u011b dnes a sledujte, jak va\u0161e dovednosti a znalosti rostou s ka\u017ed\u00fdm dal\u0161\u00edm lekc\u00ed!<\/p>\r\n\r\n                            <a class=\"getStartedHidden\" href=\"https:\/\/app.talkpal.ai\/cs\/signup?lng=\">Za\u010dni<\/a>\r\n        \r\n    <\/div>\r\n\r\n    <figure>\r\n    <img decoding=\"async\" width=\"768\" height=\"768\" src=\"https:\/\/talkpal.ai\/wp-content\/uploads\/2023\/06\/indonesia-768x768.png\" class=\"languageImage no-lazy\" alt=\"Language learning for personal achievement\" fetchpriority=\"high\" sizes=\"(max-width: 768px) 150px, 768px\" srcset=\"https:\/\/talkpal.ai\/wp-content\/uploads\/2023\/06\/indonesia-768x768.png 768w, https:\/\/talkpal.ai\/wp-content\/uploads\/2023\/06\/indonesia-300x300.png 300w\" \/>\r\n    \r\n\r\n    <\/figure>\r\n\r\n            <a class=\"getStartedVisible\" href=\"https:\/\/app.talkpal.ai\/cs\/signup?lng=\">Za\u010dni<\/a>\r\n    \r\n<\/section>\r\n\r\n\r\n<!-- <section class=\"grammarSection\">\r\n    <div class=\"grammarLinks\">\r\n            <\/div>\r\n<\/section> -->\r\n\r\n\r\n\r\n\r\n<section class=\"promotionalBanner\">\r\n    <p class=\"promotionalText\">Nejefektivn\u011bj\u0161\u00ed <a href=\"https:\/\/talkpal.ai\/best-way-to-learn\/\">zp\u016fsob<\/a>, jak se nau\u010dit jazyk<\/p>\r\n    <a class=\"promotionalLink\" href=\"https:\/\/app.talkpal.ai\/cs\/signup?lng=\">Vyzkou\u0161ejte Talkpal zdarma<\/a>\r\n<\/section>\n<div class=\"wp-block-group pageContainerStyle\"><div class=\"wp-block-group__inner-container is-layout-constrained wp-block-group-is-layout-constrained\">\n<h2 class=\"wp-block-heading\" id=\"h-indonesian-grammar-topics\">T\u00e9mata indon\u00e9sk\u00e9 gramatiky<\/h2>\n\n\n\n<p><a href=\"https:\/\/talkpal.ai\/learn-indonesian\/\">Indon\u00e9\u0161tina<\/a> neboli <a href=\"https:\/\/talkpal.ai\/id\/belajar-bahasa-indonesia\/\">Bahasa Indonesia<\/a> je \u00fa\u0159edn\u00edm jazykem Indon\u00e9sie a slou\u017e\u00ed jako sjednocuj\u00edc\u00ed jazyk v zemi s v\u00edce ne\u017e 700 mluven\u00fdmi <a href=\"https:\/\/talkpal.ai\/what-language-is-spoken-on-the-international-space-station\/\">jazyky<\/a>. Jako standardizovan\u00fd registr malaj\u0161tiny se jedn\u00e1 o austron\u00e9sk\u00fd jazyk se snadno nau\u010diteln\u00fdm gramatick\u00fdm syst\u00e9mem. P\u0159i v\u00fduce indon\u00e9\u0161tiny je pro efektivn\u00ed komunikaci nezbytn\u00e9 porozum\u011bt jej\u00edm gramatick\u00fdm pravidl\u016fm a struktu\u0159e. V t\u00e9to p\u0159\u00edru\u010dce se zam\u011b\u0159\u00edme na posloupnost u\u010den\u00ed r\u016fzn\u00fdch t\u00e9mat indon\u00e9sk\u00e9 gramatiky, jako jsou \u010dasy, slovesa, podstatn\u00e1 jm\u00e9na, \u010dleny, z\u00e1jmena, p\u0159\u00eddavn\u00e1 jm\u00e9na, p\u0159\u00edslovce, kondicion\u00e1ly, p\u0159edlo\u017eky a v\u011btn\u00e1 struktura.<\/p>\n\n\n\n<h3 class=\"wp-block-heading\" id=\"h-1-nouns\">1. Podstatn\u00e1 jm\u00e9na<\/h3>\n\n\n\n<p>Za\u010dn\u011bte t\u00edm, \u017ee se nau\u010d\u00edte indon\u00e9sk\u00e1 podstatn\u00e1 jm\u00e9na, proto\u017ee jsou nejjednodu\u0161\u0161\u00edmi stavebn\u00edmi kameny jazyka. Indon\u00e9sk\u00e1 podstatn\u00e1 jm\u00e9na nejsou rodov\u00e1 ani v mno\u017en\u00e9m \u010d\u00edsle, tak\u017ee jsou snadno uchopiteln\u00e1. Seznamte se s obecn\u00fdmi podstatn\u00fdmi jm\u00e9ny a jejich pou\u017eit\u00edm v kontextu.<\/p>\n\n\n\n<h3 class=\"wp-block-heading\" id=\"h-2-pronouns-determiners\">2. Z\u00e1jmena\/determinanty<\/h3>\n\n\n\n<p>Po pochopen\u00ed podstatn\u00fdch jmen se nau\u010dte z\u00e1jmena a determinanty. Indon\u00e9\u0161tina m\u00e1 r\u016fzn\u00e1 osobn\u00ed z\u00e1jmena a p\u0159ivlast\u0148ovac\u00ed determinanty, kter\u00e9 odpov\u00eddaj\u00ed anglick\u00fdm ekvivalent\u016fm. Procvi\u010dte si jejich pou\u017e\u00edv\u00e1n\u00ed v r\u016fzn\u00fdch kontextech, abyste si vybudovali z\u00e1klady ve stavb\u011b v\u011bt.<\/p>\n\n\n\n<h3 class=\"wp-block-heading\" id=\"h-3-adjectives\">3. P\u0159\u00eddavn\u00e1 jm\u00e9na<\/h3>\n\n\n\n<p>P\u0159\u00eddavn\u00e1 jm\u00e9na jsou nezbytn\u00e1 k popisu a rozli\u0161en\u00ed podstatn\u00fdch jmen v indon\u00e9\u0161tin\u011b. Nau\u010dte se pou\u017e\u00edvat p\u0159\u00eddavn\u00e1 jm\u00e9na v jednoduch\u00fdch v\u011bt\u00e1ch a pochopte jejich um\u00edst\u011bn\u00ed ve vztahu k podstatn\u00fdm jm\u00e9n\u016fm.<\/p>\n\n\n\n<h3 class=\"wp-block-heading\" id=\"h-4-verbs\">4. Slovesa<\/h3>\n\n\n\n<p>Indon\u00e9sk\u00e1 slovesa se ne\u010dasuj\u00ed, tak\u017ee se je ve srovn\u00e1n\u00ed s jin\u00fdmi jazyky u\u010d\u00ed relativn\u011b snadn\u011bji. Studium z\u00e1kladn\u00edch slovesn\u00fdch tvar\u016f a jejich pou\u017eit\u00ed ve v\u011bt\u00e1ch.<\/p>\n\n\n\n<h3 class=\"wp-block-heading\" id=\"h-5-tenses\">5. \u010casy<\/h3>\n\n\n\n<p>Indon\u00e9\u0161tina nem\u00e1 p\u0159\u00edm\u00fd ekvivalent anglick\u00fdch \u010das\u016f. M\u00edsto toho je \u010das vyj\u00e1d\u0159en kontextem nebo pomoc\u00ed konkr\u00e9tn\u00edch slov. Nau\u010dte se vyjad\u0159ovat minul\u00e9, sou\u010dasn\u00e9 a budouc\u00ed ud\u00e1losti v indon\u00e9\u0161tin\u011b pomoc\u00ed r\u016fzn\u00fdch p\u0159\u00edslovc\u00ed a fr\u00e1z\u00ed.<\/p>\n\n\n\n<h3 class=\"wp-block-heading\" id=\"h-6-tense-comparison-progressive-perfect-progressive\">6. Srovn\u00e1n\u00ed \u010das\u016f, progresivn\u00ed, perfektum pr\u016fb\u011bhov\u00e9<\/h3>\n\n\n\n<p>Vzhledem k tomu, \u017ee indon\u00e9\u0161tina nem\u00e1 syst\u00e9m \u010das\u016f, je z\u00e1sadn\u00ed pochopit koncept porovn\u00e1v\u00e1n\u00ed \u010das\u016f, progresivn\u00edho a dokonal\u00e9ho pr\u016fb\u011bhu. Nau\u010dte se, jak tyto aspekty vyj\u00e1d\u0159it pomoc\u00ed r\u016fzn\u00fdch slov a fr\u00e1z\u00ed.<\/p>\n\n\n\n<h3 class=\"wp-block-heading\" id=\"h-7-adverbs\">7. P\u0159\u00edslovce<\/h3>\n\n\n\n<p>Za\u0159a\u010fte do sv\u00e9 indon\u00e9sk\u00e9 slovn\u00ed z\u00e1soby p\u0159\u00edslovce, abyste sv\u00fdm v\u011bt\u00e1m dodali v\u00edce detail\u016f a hloubky. Seznamte se s pravidly, kter\u00fdmi se \u0159\u00edd\u00ed um\u00edst\u011bn\u00ed a pou\u017e\u00edv\u00e1n\u00ed p\u0159\u00edslovc\u00ed.<\/p>\n\n\n\n<h3 class=\"wp-block-heading\" id=\"h-8-prepositions\">8. P\u0159edlo\u017eky<\/h3>\n\n\n\n<p>P\u0159edlo\u017eky se pou\u017e\u00edvaj\u00ed k ozna\u010den\u00ed vztah\u016f mezi slovy ve v\u011bt\u011b. Nau\u010dte se b\u011b\u017en\u00e9 indon\u00e9sk\u00e9 p\u0159edlo\u017eky a jejich pou\u017eit\u00ed v r\u016fzn\u00fdch kontextech.<\/p>\n\n\n\n<h3 class=\"wp-block-heading\" id=\"h-9-conditionals\">9. Podmi\u0148ovac\u00ed zp\u016fsob<\/h3>\n\n\n\n<p>Studujte podm\u00ednkov\u00e9 v\u011bty v indon\u00e9\u0161tin\u011b, kter\u00e9 vyjad\u0159uj\u00ed hypotetick\u00e9 situace a jejich d\u016fsledky. Nau\u010dte se tvo\u0159it a pou\u017e\u00edvat v\u011bty &#8222;jestli\u017ee&#8220; a dal\u0161\u00ed podm\u00ednkov\u00e9 konstrukce.<\/p>\n\n\n\n<h3 class=\"wp-block-heading\" id=\"h-10-sentences\">10. V\u011bty<\/h3>\n\n\n\n<p>Nakonec si procvi\u010dte vytv\u00e1\u0159en\u00ed v\u011bt pomoc\u00ed v\u00fd\u0161e uveden\u00fdch gramatick\u00fdch pravidel a t\u00e9mat. Seznamte se s r\u016fzn\u00fdmi typy indon\u00e9sk\u00fdch v\u011bt, jako jsou oznamovac\u00ed, t\u00e1zac\u00ed, rozkazovac\u00ed a zvolac\u00ed, abyste zlep\u0161ili sv\u00e9 celkov\u00e9 komunika\u010dn\u00ed dovednosti v jazyce.<\/p>\n<\/div><\/div>\n\r\n<section class=\"learnNavigationSection\">\r\n            \r\n        <a href=\"https:\/\/talkpal.ai\/cs\/naucte-se-indonesky\/\">\r\n            <div class=\"learnNavigationWrapper\">\r\n                <div class=\"learnNavigationContent\">\r\n                    <img decoding=\"async\" src=\"https:\/\/talkpal.ai\/wp-content\/uploads\/2024\/08\/Indonesian.jpg\" alt=\"Indonesian Flag\">\r\n                    <div>\r\n                        <h4>O u\u010den\u00ed indon\u00e9\u0161tiny<\/h4>\r\n                        <p>Zjist\u011bte v\u0161e o indon\u00e9sk\u00e9 gramatice.<\/p>\r\n                    <\/div>\r\n                <\/div>\r\n            <\/div>\r\n        <\/a>\r\n\r\n        \r\n        <a href=\"https:\/\/talkpal.ai\/cs\/indoneska-gramatika\/\">\r\n            <div class=\"learnNavigationWrapper\">\r\n                <div class=\"learnNavigationContent\">\r\n                    <img decoding=\"async\" src=\"https:\/\/talkpal.ai\/wp-content\/uploads\/2024\/08\/Indonesian.jpg\" alt=\"Indonesian Flag\">\r\n                    <div>\r\n                        <h4>Lekce indon\u00e9sk\u00e9 gramatiky<\/h4>\r\n                        <p>Procvi\u010dte si indon\u00e9skou gramatiku.<\/p>\r\n                    <\/div>\r\n                <\/div>\r\n            <\/div>\r\n        <\/a>\r\n\r\n        \r\n        <a href=\"https:\/\/talkpal.ai\/vocabulary_language\/indonesian\/\">\r\n            <div class=\"learnNavigationWrapper\">\r\n                <div class=\"learnNavigationContent\">\r\n                    <img decoding=\"async\" src=\"https:\/\/talkpal.ai\/wp-content\/uploads\/2024\/08\/Indonesian.jpg\" alt=\"Indonesian Flag\">\r\n                    <div>\r\n                        <h4>Indon\u00e9sk\u00e1 slovn\u00ed z\u00e1soba<\/h4>\r\n                        <p>Roz\u0161i\u0159te si slovn\u00ed z\u00e1sobu indon\u00e9\u0161tiny.<\/p>\r\n                    <\/div>\r\n                <\/div>\r\n            <\/div>\r\n        <\/a>\r\n\r\n            <\/section>","protected":false},"excerpt":{"rendered":"<p>T\u00e9mata indon\u00e9sk\u00e9 gramatiky Indon\u00e9\u0161tina neboli Bahasa Indonesia je \u00fa\u0159edn\u00edm jazykem Indon\u00e9sie a slou\u017e\u00ed jako sjednocuj\u00edc\u00ed jazyk v zemi s v\u00edce ne\u017e 700 mluven\u00fdmi jazyky. Jako standardizovan\u00fd registr malaj\u0161tiny se jedn\u00e1 o austron\u00e9sk\u00fd jazyk se snadno nau\u010diteln\u00fdm gramatick\u00fdm syst\u00e9mem. P\u0159i v\u00fduce indon\u00e9\u0161tiny je pro efektivn\u00ed komunikaci nezbytn\u00e9 porozum\u011bt jej\u00edm gramatick\u00fdm pravidl\u016fm a struktu\u0159e. V t\u00e9to p\u0159\u00edru\u010dce [&hellip;]<\/p>\n","protected":false},"author":6,"featured_media":113900,"parent":0,"menu_order":0,"comment_status":"closed","ping_status":"closed","template":"LearningContentPage.php","meta":{"_acf_changed":false,"footnotes":""},"class_list":["post-161387","page","type-page","status-publish","has-post-thumbnail","hentry"],"acf":[],"yoast_head":"<!-- This site is optimized with the Yoast SEO Premium plugin v27.2 (Yoast SEO v27.2) - https:\/\/yoast.com\/product\/yoast-seo-premium-wordpress\/ -->\n<title>Indon\u00e9sk\u00e1 gramatick\u00e1 cvi\u010den\u00ed - Talkpal<\/title>\n<meta name=\"description\" content=\"Zlep\u0161ete si indon\u00e9skou gramatiku - procvi\u010dujte pomoc\u00ed jednoduch\u00fdch cvi\u010den\u00ed, interaktivn\u00edch p\u0159\u00edklad\u016f a jasn\u00e9 zp\u011btn\u00e9 vazby. Talkpal AI.\" \/>\n<meta name=\"robots\" content=\"index, follow, max-snippet:-1, max-image-preview:large, max-video-preview:-1\" \/>\n<link rel=\"canonical\" href=\"https:\/\/talkpal.ai\/cs\/indoneska-gramaticka-cviceni\/\" \/>\n<meta property=\"og:locale\" content=\"cs_CZ\" \/>\n<meta property=\"og:type\" content=\"article\" \/>\n<meta property=\"og:title\" content=\"Indon\u00e9sk\u00e1 gramatick\u00e1 cvi\u010den\u00ed\" \/>\n<meta property=\"og:description\" content=\"T\u00e9mata indon\u00e9sk\u00e9 gramatiky Indon\u00e9\u0161tina neboli Bahasa Indonesia je \u00fa\u0159edn\u00edm jazykem Indon\u00e9sie a slou\u017e\u00ed jako sjednocuj\u00edc\u00ed jazyk v zemi s v\u00edce ne\u017e 700\" \/>\n<meta property=\"og:url\" content=\"https:\/\/talkpal.ai\/cs\/indoneska-gramaticka-cviceni\/\" \/>\n<meta property=\"og:site_name\" content=\"Talkpal\" \/>\n<meta property=\"article:publisher\" content=\"https:\/\/www.facebook.com\/profile.php?id=100090733639311\" \/>\n<meta property=\"article:modified_time\" content=\"2025-12-17T15:09:22+00:00\" \/>\n<meta property=\"og:image\" content=\"https:\/\/talkpal.ai\/wp-content\/uploads\/2023\/05\/indonesia.png\" \/>\n\t<meta property=\"og:image:width\" content=\"512\" \/>\n\t<meta property=\"og:image:height\" content=\"512\" \/>\n\t<meta property=\"og:image:type\" content=\"image\/png\" \/>\n<meta name=\"twitter:card\" content=\"summary_large_image\" \/>\n<meta name=\"twitter:site\" content=\"@talkpalai\" \/>\n<meta name=\"twitter:label1\" content=\"Odhadovan\u00e1 doba \u010dten\u00ed\" \/>\n\t<meta name=\"twitter:data1\" content=\"3 minuty\" \/>\n<script type=\"application\/ld+json\" class=\"yoast-schema-graph\">{\"@context\":\"https:\/\/schema.org\",\"@graph\":[{\"@type\":\"WebPage\",\"@id\":\"https:\/\/talkpal.ai\/cs\/indoneska-gramaticka-cviceni\/\",\"url\":\"https:\/\/talkpal.ai\/cs\/indoneska-gramaticka-cviceni\/\",\"name\":\"Indon\u00e9sk\u00e1 gramatick\u00e1 cvi\u010den\u00ed - Talkpal\",\"isPartOf\":{\"@id\":\"https:\/\/talkpal.ai\/cs\/#website\"},\"primaryImageOfPage\":{\"@id\":\"https:\/\/talkpal.ai\/cs\/indoneska-gramaticka-cviceni\/#primaryimage\"},\"image\":{\"@id\":\"https:\/\/talkpal.ai\/cs\/indoneska-gramaticka-cviceni\/#primaryimage\"},\"thumbnailUrl\":\"https:\/\/talkpal.ai\/wp-content\/uploads\/2023\/05\/indonesia.png\",\"datePublished\":\"2023-06-22T07:25:42+00:00\",\"dateModified\":\"2025-12-17T15:09:22+00:00\",\"description\":\"Zlep\u0161ete si indon\u00e9skou gramatiku - procvi\u010dujte pomoc\u00ed jednoduch\u00fdch cvi\u010den\u00ed, interaktivn\u00edch p\u0159\u00edklad\u016f a jasn\u00e9 zp\u011btn\u00e9 vazby. Talkpal AI.\",\"breadcrumb\":{\"@id\":\"https:\/\/talkpal.ai\/cs\/indoneska-gramaticka-cviceni\/#breadcrumb\"},\"inLanguage\":\"cs\",\"potentialAction\":[{\"@type\":\"ReadAction\",\"target\":[\"https:\/\/talkpal.ai\/cs\/indoneska-gramaticka-cviceni\/\"]}]},{\"@type\":\"ImageObject\",\"inLanguage\":\"cs\",\"@id\":\"https:\/\/talkpal.ai\/cs\/indoneska-gramaticka-cviceni\/#primaryimage\",\"url\":\"https:\/\/talkpal.ai\/wp-content\/uploads\/2023\/05\/indonesia.png\",\"contentUrl\":\"https:\/\/talkpal.ai\/wp-content\/uploads\/2023\/05\/indonesia.png\",\"width\":512,\"height\":512},{\"@type\":\"BreadcrumbList\",\"@id\":\"https:\/\/talkpal.ai\/cs\/indoneska-gramaticka-cviceni\/#breadcrumb\",\"itemListElement\":[{\"@type\":\"ListItem\",\"position\":1,\"name\":\"Homepage\",\"item\":\"https:\/\/talkpal.ai\/cs\/\"},{\"@type\":\"ListItem\",\"position\":2,\"name\":\"Indon\u00e9sk\u00e1 gramatick\u00e1 cvi\u010den\u00ed\"}]},{\"@type\":\"WebSite\",\"@id\":\"https:\/\/talkpal.ai\/cs\/#website\",\"url\":\"https:\/\/talkpal.ai\/cs\/\",\"name\":\"Talkpal\",\"description\":\"AI Language Learning\",\"publisher\":{\"@id\":\"https:\/\/talkpal.ai\/cs\/#organization\"},\"alternateName\":\"Talkpal AI\",\"potentialAction\":[{\"@type\":\"SearchAction\",\"target\":{\"@type\":\"EntryPoint\",\"urlTemplate\":\"https:\/\/talkpal.ai\/cs\/?s={search_term_string}\"},\"query-input\":{\"@type\":\"PropertyValueSpecification\",\"valueRequired\":true,\"valueName\":\"search_term_string\"}}],\"inLanguage\":\"cs\"},{\"@type\":\"Organization\",\"@id\":\"https:\/\/talkpal.ai\/cs\/#organization\",\"name\":\"Talkpal, Inc.\",\"alternateName\":\"Talkpal AI\",\"url\":\"https:\/\/talkpal.ai\/cs\/\",\"logo\":{\"@type\":\"ImageObject\",\"inLanguage\":\"cs\",\"@id\":\"https:\/\/talkpal.ai\/cs\/#\/schema\/logo\/image\/\",\"url\":\"https:\/\/talkpal.ai\/wp-content\/uploads\/2024\/03\/Talkpal-Logo-Icon.png\",\"contentUrl\":\"https:\/\/talkpal.ai\/wp-content\/uploads\/2024\/03\/Talkpal-Logo-Icon.png\",\"width\":2880,\"height\":2880,\"caption\":\"Talkpal, Inc.\"},\"image\":{\"@id\":\"https:\/\/talkpal.ai\/cs\/#\/schema\/logo\/image\/\"},\"sameAs\":[\"https:\/\/www.facebook.com\/profile.php?id=100090733639311\",\"https:\/\/x.com\/talkpalai\",\"https:\/\/www.linkedin.com\/company\/talkpal\/\",\"https:\/\/www.youtube.com\/@TalkPal\/\",\"https:\/\/www.tiktok.com\/@talkpal\",\"https:\/\/www.instagram.com\/talkpal_ai\/\",\"https:\/\/www.crunchbase.com\/organization\/talkpal-9cde\",\"https:\/\/www.g2.com\/products\/talkpal-for-business\/\",\"https:\/\/www.trustpilot.com\/review\/talkpal.ai\",\"https:\/\/www.capterra.com\/p\/10006800\/TalkPal\/\"],\"description\":\"Talkpal is a language learning web and mobile education app, powered by the latest AI technologies, that provides engaging experiences to its customers in many different languages to help them improve their language skills. Users can chat about unlimited amount of topics with the app and use other modes to practice their language learning.\",\"email\":\"support@talkpal.ai\",\"legalName\":\"Talkpal, Inc.\",\"foundingDate\":\"2023-04-03\",\"duns\":\"118989042\",\"numberOfEmployees\":{\"@type\":\"QuantitativeValue\",\"minValue\":\"11\",\"maxValue\":\"50\"},\"publishingPrinciples\":\"https:\/\/talkpal.ai\/publishing-principles\/\",\"actionableFeedbackPolicy\":\"https:\/\/talkpal.ai\/actionable-feedback-policy\/\",\"correctionsPolicy\":\"https:\/\/talkpal.ai\/corrections-policy\/\",\"ethicsPolicy\":\"https:\/\/talkpal.ai\/ethics-policy\/\",\"diversityPolicy\":\"https:\/\/talkpal.ai\/diversity-policy\/\",\"diversityStaffingReport\":\"https:\/\/talkpal.ai\/diversity-policy\/\"}]}<\/script>\n<!-- \/ Yoast SEO Premium plugin. -->","yoast_head_json":{"title":"Indon\u00e9sk\u00e1 gramatick\u00e1 cvi\u010den\u00ed - Talkpal","description":"Zlep\u0161ete si indon\u00e9skou gramatiku - procvi\u010dujte pomoc\u00ed jednoduch\u00fdch cvi\u010den\u00ed, interaktivn\u00edch p\u0159\u00edklad\u016f a jasn\u00e9 zp\u011btn\u00e9 vazby. Talkpal AI.","robots":{"index":"index","follow":"follow","max-snippet":"max-snippet:-1","max-image-preview":"max-image-preview:large","max-video-preview":"max-video-preview:-1"},"canonical":"https:\/\/talkpal.ai\/cs\/indoneska-gramaticka-cviceni\/","og_locale":"cs_CZ","og_type":"article","og_title":"Indon\u00e9sk\u00e1 gramatick\u00e1 cvi\u010den\u00ed","og_description":"T\u00e9mata indon\u00e9sk\u00e9 gramatiky Indon\u00e9\u0161tina neboli Bahasa Indonesia je \u00fa\u0159edn\u00edm jazykem Indon\u00e9sie a slou\u017e\u00ed jako sjednocuj\u00edc\u00ed jazyk v zemi s v\u00edce ne\u017e 700","og_url":"https:\/\/talkpal.ai\/cs\/indoneska-gramaticka-cviceni\/","og_site_name":"Talkpal","article_publisher":"https:\/\/www.facebook.com\/profile.php?id=100090733639311","article_modified_time":"2025-12-17T15:09:22+00:00","og_image":[{"width":512,"height":512,"url":"https:\/\/talkpal.ai\/wp-content\/uploads\/2023\/05\/indonesia.png","type":"image\/png"}],"twitter_card":"summary_large_image","twitter_site":"@talkpalai","twitter_misc":{"Odhadovan\u00e1 doba \u010dten\u00ed":"3 minuty"},"schema":{"@context":"https:\/\/schema.org","@graph":[{"@type":"WebPage","@id":"https:\/\/talkpal.ai\/cs\/indoneska-gramaticka-cviceni\/","url":"https:\/\/talkpal.ai\/cs\/indoneska-gramaticka-cviceni\/","name":"Indon\u00e9sk\u00e1 gramatick\u00e1 cvi\u010den\u00ed - Talkpal","isPartOf":{"@id":"https:\/\/talkpal.ai\/cs\/#website"},"primaryImageOfPage":{"@id":"https:\/\/talkpal.ai\/cs\/indoneska-gramaticka-cviceni\/#primaryimage"},"image":{"@id":"https:\/\/talkpal.ai\/cs\/indoneska-gramaticka-cviceni\/#primaryimage"},"thumbnailUrl":"https:\/\/talkpal.ai\/wp-content\/uploads\/2023\/05\/indonesia.png","datePublished":"2023-06-22T07:25:42+00:00","dateModified":"2025-12-17T15:09:22+00:00","description":"Zlep\u0161ete si indon\u00e9skou gramatiku - procvi\u010dujte pomoc\u00ed jednoduch\u00fdch cvi\u010den\u00ed, interaktivn\u00edch p\u0159\u00edklad\u016f a jasn\u00e9 zp\u011btn\u00e9 vazby. Talkpal AI.","breadcrumb":{"@id":"https:\/\/talkpal.ai\/cs\/indoneska-gramaticka-cviceni\/#breadcrumb"},"inLanguage":"cs","potentialAction":[{"@type":"ReadAction","target":["https:\/\/talkpal.ai\/cs\/indoneska-gramaticka-cviceni\/"]}]},{"@type":"ImageObject","inLanguage":"cs","@id":"https:\/\/talkpal.ai\/cs\/indoneska-gramaticka-cviceni\/#primaryimage","url":"https:\/\/talkpal.ai\/wp-content\/uploads\/2023\/05\/indonesia.png","contentUrl":"https:\/\/talkpal.ai\/wp-content\/uploads\/2023\/05\/indonesia.png","width":512,"height":512},{"@type":"BreadcrumbList","@id":"https:\/\/talkpal.ai\/cs\/indoneska-gramaticka-cviceni\/#breadcrumb","itemListElement":[{"@type":"ListItem","position":1,"name":"Homepage","item":"https:\/\/talkpal.ai\/cs\/"},{"@type":"ListItem","position":2,"name":"Indon\u00e9sk\u00e1 gramatick\u00e1 cvi\u010den\u00ed"}]},{"@type":"WebSite","@id":"https:\/\/talkpal.ai\/cs\/#website","url":"https:\/\/talkpal.ai\/cs\/","name":"Talkpal","description":"AI Language Learning","publisher":{"@id":"https:\/\/talkpal.ai\/cs\/#organization"},"alternateName":"Talkpal AI","potentialAction":[{"@type":"SearchAction","target":{"@type":"EntryPoint","urlTemplate":"https:\/\/talkpal.ai\/cs\/?s={search_term_string}"},"query-input":{"@type":"PropertyValueSpecification","valueRequired":true,"valueName":"search_term_string"}}],"inLanguage":"cs"},{"@type":"Organization","@id":"https:\/\/talkpal.ai\/cs\/#organization","name":"Talkpal, Inc.","alternateName":"Talkpal AI","url":"https:\/\/talkpal.ai\/cs\/","logo":{"@type":"ImageObject","inLanguage":"cs","@id":"https:\/\/talkpal.ai\/cs\/#\/schema\/logo\/image\/","url":"https:\/\/talkpal.ai\/wp-content\/uploads\/2024\/03\/Talkpal-Logo-Icon.png","contentUrl":"https:\/\/talkpal.ai\/wp-content\/uploads\/2024\/03\/Talkpal-Logo-Icon.png","width":2880,"height":2880,"caption":"Talkpal, Inc."},"image":{"@id":"https:\/\/talkpal.ai\/cs\/#\/schema\/logo\/image\/"},"sameAs":["https:\/\/www.facebook.com\/profile.php?id=100090733639311","https:\/\/x.com\/talkpalai","https:\/\/www.linkedin.com\/company\/talkpal\/","https:\/\/www.youtube.com\/@TalkPal\/","https:\/\/www.tiktok.com\/@talkpal","https:\/\/www.instagram.com\/talkpal_ai\/","https:\/\/www.crunchbase.com\/organization\/talkpal-9cde","https:\/\/www.g2.com\/products\/talkpal-for-business\/","https:\/\/www.trustpilot.com\/review\/talkpal.ai","https:\/\/www.capterra.com\/p\/10006800\/TalkPal\/"],"description":"Talkpal is a language learning web and mobile education app, powered by the latest AI technologies, that provides engaging experiences to its customers in many different languages to help them improve their language skills. Users can chat about unlimited amount of topics with the app and use other modes to practice their language learning.","email":"support@talkpal.ai","legalName":"Talkpal, Inc.","foundingDate":"2023-04-03","duns":"118989042","numberOfEmployees":{"@type":"QuantitativeValue","minValue":"11","maxValue":"50"},"publishingPrinciples":"https:\/\/talkpal.ai\/publishing-principles\/","actionableFeedbackPolicy":"https:\/\/talkpal.ai\/actionable-feedback-policy\/","correctionsPolicy":"https:\/\/talkpal.ai\/corrections-policy\/","ethicsPolicy":"https:\/\/talkpal.ai\/ethics-policy\/","diversityPolicy":"https:\/\/talkpal.ai\/diversity-policy\/","diversityStaffingReport":"https:\/\/talkpal.ai\/diversity-policy\/"}]}},"_links":{"self":[{"href":"https:\/\/talkpal.ai\/cs\/wp-json\/wp\/v2\/pages\/161387","targetHints":{"allow":["GET"]}}],"collection":[{"href":"https:\/\/talkpal.ai\/cs\/wp-json\/wp\/v2\/pages"}],"about":[{"href":"https:\/\/talkpal.ai\/cs\/wp-json\/wp\/v2\/types\/page"}],"author":[{"embeddable":true,"href":"https:\/\/talkpal.ai\/cs\/wp-json\/wp\/v2\/users\/6"}],"replies":[{"embeddable":true,"href":"https:\/\/talkpal.ai\/cs\/wp-json\/wp\/v2\/comments?post=161387"}],"version-history":[{"count":0,"href":"https:\/\/talkpal.ai\/cs\/wp-json\/wp\/v2\/pages\/161387\/revisions"}],"wp:featuredmedia":[{"embeddable":true,"href":"https:\/\/talkpal.ai\/cs\/wp-json\/wp\/v2\/media\/113900"}],"wp:attachment":[{"href":"https:\/\/talkpal.ai\/cs\/wp-json\/wp\/v2\/media?parent=161387"}],"curies":[{"name":"wp","href":"https:\/\/api.w.org\/{rel}","templated":true}]}}