{"id":161100,"date":"2023-06-22T07:53:19","date_gmt":"2023-06-22T07:53:19","guid":{"rendered":"http:\/\/talkpal.ai\/cviceni-na-gramatiku-kannadstiny\/"},"modified":"2025-12-17T15:22:44","modified_gmt":"2025-12-17T15:22:44","slug":"cviceni-na-gramatiku-kannadstiny","status":"publish","type":"page","link":"https:\/\/talkpal.ai\/cs\/cviceni-na-gramatiku-kannadstiny\/","title":{"rendered":"Cvi\u010den\u00ed na gramatiku kannad\u0161tiny"},"content":{"rendered":"\r\n\r\n\r\n<section class=\"languageChallengeSection\">\r\n    <div class=\"languageInfoWrapper\">\r\n        \r\n        <h1>Cvi\u010den\u00ed na gramatiku kannad\u0161tiny<\/h1>\r\n        <p>Chcete se zdokonalit v kannad\u0161tin\u011b? Procvi\u010dov\u00e1n\u00ed gramatick\u00fdch cvi\u010den\u00ed je skv\u011bl\u00fd <a href=\"https:\/\/talkpal.ai\/best-way-to-learn\/\">zp\u016fsob<\/a>, jak se nau\u010dit strukturu v\u011bt, slovesn\u00e9 tvary a jedine\u010dn\u00e9 rysy kannad\u0161tiny. Za\u010dn\u011bte pracovat na kannadsk\u00e9 gramatice je\u0161t\u011b dnes a s ka\u017ed\u00fdm nov\u00fdm cvi\u010den\u00edm uvid\u00edte, jak roste va\u0161e sebev\u011bdom\u00ed a plynulost!<\/p>\r\n\r\n                            <a class=\"getStartedHidden\" href=\"https:\/\/app.talkpal.ai\/cs\/signup?lng=\">Za\u010dni<\/a>\r\n        \r\n    <\/div>\r\n\r\n    <figure>\r\n    <img decoding=\"async\" width=\"768\" height=\"768\" src=\"https:\/\/talkpal.ai\/wp-content\/uploads\/2023\/06\/Kannada-768x768.png\" class=\"languageImage no-lazy\" alt=\"Language learning for increased mental flexibility\" fetchpriority=\"high\" sizes=\"(max-width: 768px) 150px, 768px\" srcset=\"https:\/\/talkpal.ai\/wp-content\/uploads\/2023\/06\/Kannada-768x768.png 768w, https:\/\/talkpal.ai\/wp-content\/uploads\/2023\/06\/Kannada-300x300.png 300w\" \/>\r\n    \r\n\r\n    <\/figure>\r\n\r\n            <a class=\"getStartedVisible\" href=\"https:\/\/app.talkpal.ai\/cs\/signup?lng=\">Za\u010dni<\/a>\r\n    \r\n<\/section>\r\n\r\n\r\n<!-- <section class=\"grammarSection\">\r\n    <div class=\"grammarLinks\">\r\n            <\/div>\r\n<\/section> -->\r\n\r\n\r\n\r\n\r\n<section class=\"promotionalBanner\">\r\n    <p class=\"promotionalText\">Nejefektivn\u011bj\u0161\u00ed zp\u016fsob, jak se nau\u010dit jazyk<\/p>\r\n    <a class=\"promotionalLink\" href=\"https:\/\/app.talkpal.ai\/cs\/signup?lng=\">Vyzkou\u0161ejte Talkpal zdarma<\/a>\r\n<\/section>\n<div class=\"wp-block-group pageContainerStyle\"><div class=\"wp-block-group__inner-container is-layout-constrained wp-block-group-is-layout-constrained\">\n<h2 class=\"wp-block-heading\" id=\"h-kannada-grammar-topics\">T\u00e9mata kannadsk\u00e9 gramatiky<\/h2>\n\n\n\n<p><a href=\"https:\/\/talkpal.ai\/learn-kannada\/\">Kannad\u0161tina<\/a> je dr\u00e1vidsk\u00fd jazyk, kter\u00fdm v indick\u00e9m st\u00e1t\u011b Karn\u00e1taka mluv\u00ed p\u0159ev\u00e1\u017en\u011b p\u0159ibli\u017en\u011b 44 milion\u016f lid\u00ed. Je to jeden z 22 pl\u00e1novan\u00fdch jazyk\u016f Indie a ofici\u00e1ln\u00ed jazyk st\u00e1tu Karnataka. U\u010den\u00ed kannad\u0161tiny je nejen nezbytn\u00e9 pro pochopen\u00ed bohat\u00e9 kultury a historie Karn\u00e1taky, ale tak\u00e9 pom\u00e1h\u00e1 p\u0159i efektivn\u00ed komunikaci s m\u00edstn\u00edm obyvatelstvem. Tento \u010dl\u00e1nek si klade za c\u00edl poskytnout strukturovan\u00fd p\u0159\u00edstup k u\u010den\u00ed r\u016fzn\u00fdch t\u00e9mat kannadsk\u00e9 gramatiky, kter\u00fd v\u00e1m pom\u016f\u017ee vybudovat pevn\u00e9 z\u00e1klady jazyka.<\/p>\n\n\n\n<h3 class=\"wp-block-heading\" id=\"h-1-nouns\">1. Podstatn\u00e1 jm\u00e9na<\/h3>\n\n\n\n<p>Jako stavebn\u00ed kameny ka\u017ed\u00e9ho jazyka je nezbytn\u00e9 se podstatn\u00e1 jm\u00e9na v kannad\u0161tin\u011b nejprve nau\u010dit. Kannadsk\u00e1 podstatn\u00e1 jm\u00e9na maj\u00ed r\u016fzn\u00e9 tvary zalo\u017een\u00e9 na rodu, \u010d\u00edsle a p\u00e1du, kter\u00e9 ovliv\u0148uj\u00ed tvar podstatn\u00e9ho jm\u00e9na. Za\u010dn\u011bte t\u00edm, \u017ee pochop\u00edte z\u00e1kladn\u00ed pojmy tvar\u016f podstatn\u00fdch jmen a jejich pou\u017eit\u00ed v jazyce.<\/p>\n\n\n\n<h3 class=\"wp-block-heading\" id=\"h-2-pronouns-determiners\">2. Z\u00e1jmena\/determinanty<\/h3>\n\n\n\n<p>Z\u00e1jmena jsou slova, kter\u00e1 nahrazuj\u00ed podstatn\u00e1 jm\u00e9na ve v\u011bt\u00e1ch, zat\u00edmco determinanty podstatn\u00e1 jm\u00e9na upravuj\u00ed. Seznamte se s r\u016fzn\u00fdmi typy z\u00e1jmen a determinant\u016f v kannad\u0161tin\u011b, jejich pou\u017eit\u00edm a t\u00edm, jak se m\u011bn\u00ed v z\u00e1vislosti na pohlav\u00ed, \u010d\u00edsle a p\u00e1du.<\/p>\n\n\n\n<h3 class=\"wp-block-heading\" id=\"h-3-articles\">3. \u010cl\u00e1nky<\/h3>\n\n\n\n<p>Kannad\u0161tina nem\u00e1 \u010dleny jako <a href=\"https:\/\/talkpal.ai\/learn-english-with-ai\/\">angli\u010dtina<\/a>, ale m\u00e1 podobn\u00e1 slova, kter\u00e1 pom\u00e1haj\u00ed ur\u010dit ur\u010ditost podstatn\u00e9ho jm\u00e9na. Seznamte se s t\u011bmito slovy a jejich pou\u017eit\u00edm v kannad\u0161tin\u011b.<\/p>\n\n\n\n<h3 class=\"wp-block-heading\" id=\"h-4-adjectives\">4. P\u0159\u00eddavn\u00e1 jm\u00e9na<\/h3>\n\n\n\n<p>P\u0159\u00eddavn\u00e1 jm\u00e9na popisuj\u00ed podstatn\u00e1 jm\u00e9na a poskytuj\u00ed o nich v\u00edce informac\u00ed. Nau\u010dte se tvo\u0159it a pou\u017e\u00edvat p\u0159\u00eddavn\u00e1 jm\u00e9na v kannad\u0161tin\u011b a tak\u00e9 jejich pravidla shody s podstatn\u00fdmi jm\u00e9ny.<\/p>\n\n\n\n<h3 class=\"wp-block-heading\" id=\"h-5-verbs\">5. Slovesa<\/h3>\n\n\n\n<p>Slovesa jsou ak\u010dn\u00ed slova, kter\u00e1 ozna\u010duj\u00ed, co subjekt d\u011bl\u00e1. Seznamte se s r\u016fzn\u00fdmi typy sloves v kannad\u0161tin\u011b, jejich tvary a pravidly \u010dasov\u00e1n\u00ed podle \u010dasu, vidu a n\u00e1lady.<\/p>\n\n\n\n<h3 class=\"wp-block-heading\" id=\"h-6-tenses\">6. \u010casy<\/h3>\n\n\n\n<p>\u010casy v kannad\u0161tin\u011b pom\u00e1haj\u00ed vyj\u00e1d\u0159it, kdy do\u0161lo k akci. Seznamte se se t\u0159emi hlavn\u00edmi \u010dasy &#8211; minul\u00fdm, p\u0159\u00edtomn\u00fdm a budouc\u00edm &#8211; a jejich r\u016fzn\u00fdmi tvary.<\/p>\n\n\n\n<h3 class=\"wp-block-heading\" id=\"h-7-tense-comparison\">7. Srovn\u00e1n\u00ed \u010das\u016f<\/h3>\n\n\n\n<p>Pochopte, jak porovn\u00e1vat akce v r\u016fzn\u00fdch \u010dasech v kannad\u0161tin\u011b. To v\u00e1m pom\u016f\u017ee sestavit slo\u017eit\u011bj\u0161\u00ed v\u011bty a p\u0159esn\u011bji vyj\u00e1d\u0159it sv\u00e9 my\u0161lenky.<\/p>\n\n\n\n<h3 class=\"wp-block-heading\" id=\"h-8-progressive-and-perfect-progressive\">8. Progresivn\u00ed a dokonal\u00fd pokrok<\/h3>\n\n\n\n<p>Tyto aspekty kannadsk\u00fdch sloves ozna\u010duj\u00ed prob\u00edhaj\u00edc\u00ed akce nebo akce, kter\u00e9 prob\u00edhaly, ale nyn\u00ed jsou dokon\u010deny. Nau\u010dte se tvo\u0159it a pou\u017e\u00edvat pr\u016fb\u011b\u017en\u00e1 a perfektn\u00ed pr\u016fb\u011b\u017en\u00e1 slovesa v kannad\u0161tin\u011b.<\/p>\n\n\n\n<h3 class=\"wp-block-heading\" id=\"h-9-adverbs\">9. P\u0159\u00edslovce<\/h3>\n\n\n\n<p>P\u0159\u00edslovce poskytuj\u00ed dal\u0161\u00ed informace o slovesech, p\u0159\u00eddavn\u00fdch jm\u00e9nech nebo jin\u00fdch p\u0159\u00edslovc\u00edch. Nau\u010dte se r\u016fzn\u00e9 typy p\u0159\u00edslovc\u00ed v kannad\u0161tin\u011b a jejich um\u00edst\u011bn\u00ed ve v\u011bt\u00e1ch.<\/p>\n\n\n\n<h3 class=\"wp-block-heading\" id=\"h-10-conditionals\">10. Podmi\u0148ovac\u00ed zp\u016fsob<\/h3>\n\n\n\n<p>Podmi\u0148ovac\u00ed zp\u016fsob jsou v\u011bty, kter\u00e9 vyjad\u0159uj\u00ed podm\u00ednku a jej\u00ed mo\u017en\u00fd v\u00fdsledek. Nau\u010dte se tvo\u0159it a pou\u017e\u00edvat podm\u00ednkov\u00e9 v\u011bty v kannad\u0161tin\u011b pomoc\u00ed vhodn\u00fdch slovesn\u00fdch tvar\u016f a spojek.<\/p>\n\n\n\n<h3 class=\"wp-block-heading\" id=\"h-11-prepositions\">11. P\u0159edlo\u017eky<\/h3>\n\n\n\n<p>P\u0159edlo\u017eky jsou slova, kter\u00e1 ukazuj\u00ed vztahy mezi podstatn\u00fdmi jm\u00e9ny nebo z\u00e1jmeny a jin\u00fdmi slovy ve v\u011bt\u011b. Nau\u010dte se b\u011b\u017en\u00e9 kannadsk\u00e9 p\u0159edlo\u017eky a jejich pou\u017eit\u00ed.<\/p>\n\n\n\n<h3 class=\"wp-block-heading\" id=\"h-12-sentences\">12. V\u011bty<\/h3>\n\n\n\n<p>Nakonec si procvi\u010dte kombinaci v\u0161ech gramatick\u00fdch t\u00e9mat, kter\u00e1 jste se nau\u010dili, a vytvo\u0159te \u00fapln\u00e9 v\u011bty v kannad\u0161tin\u011b. To v\u00e1m pom\u016f\u017ee zlep\u0161it va\u0161e celkov\u00e9 jazykov\u00e9 znalosti a komunika\u010dn\u00ed dovednosti.<\/p>\n<\/div><\/div>\n\r\n<section class=\"learnNavigationSection\">\r\n            \r\n        <a href=\"https:\/\/talkpal.ai\/cs\/naucte-se-kannadsky\/\">\r\n            <div class=\"learnNavigationWrapper\">\r\n                <div class=\"learnNavigationContent\">\r\n                    <img decoding=\"async\" src=\"https:\/\/talkpal.ai\/wp-content\/uploads\/2024\/08\/Kannada.jpg\" alt=\"Indian Simplified Flag\">\r\n                    <div>\r\n                        <h4>O u\u010den\u00ed kannad\u0161tiny<\/h4>\r\n                        <p>Zjist\u011bte v\u0161e o kannadsk\u00e9 gramatice.<\/p>\r\n                    <\/div>\r\n                <\/div>\r\n            <\/div>\r\n        <\/a>\r\n\r\n        \r\n        <a href=\"https:\/\/talkpal.ai\/cs\/kannadska-gramatika\/\">\r\n            <div class=\"learnNavigationWrapper\">\r\n                <div class=\"learnNavigationContent\">\r\n                    <img decoding=\"async\" src=\"https:\/\/talkpal.ai\/wp-content\/uploads\/2024\/08\/Kannada.jpg\" alt=\"Indian Simplified Flag\">\r\n                    <div>\r\n                        <h4>Lekce kannadsk\u00e9 gramatiky<\/h4>\r\n                        <p>Procvi\u010dte si gramatiku kannad\u0161tiny .<\/p>\r\n                    <\/div>\r\n                <\/div>\r\n            <\/div>\r\n        <\/a>\r\n\r\n        \r\n        <a href=\"https:\/\/talkpal.ai\/vocabulary_language\/kannada\/\">\r\n            <div class=\"learnNavigationWrapper\">\r\n                <div class=\"learnNavigationContent\">\r\n                    <img decoding=\"async\" src=\"https:\/\/talkpal.ai\/wp-content\/uploads\/2024\/08\/Kannada.jpg\" alt=\"Indian Simplified Flag\">\r\n                    <div>\r\n                        <h4>Kannadsk\u00e1 slovn\u00ed z\u00e1soba<\/h4>\r\n                        <p>Roz\u0161i\u0159te si slovn\u00ed z\u00e1sobu v kannad\u0161tin\u011b.<\/p>\r\n                    <\/div>\r\n                <\/div>\r\n            <\/div>\r\n        <\/a>\r\n\r\n            <\/section>","protected":false},"excerpt":{"rendered":"<p>T\u00e9mata kannadsk\u00e9 gramatiky Kannad\u0161tina je dr\u00e1vidsk\u00fd jazyk, kter\u00fdm v indick\u00e9m st\u00e1t\u011b Karn\u00e1taka mluv\u00ed p\u0159ev\u00e1\u017en\u011b p\u0159ibli\u017en\u011b 44 milion\u016f lid\u00ed. Je to jeden z 22 pl\u00e1novan\u00fdch jazyk\u016f Indie a ofici\u00e1ln\u00ed jazyk st\u00e1tu Karnataka. U\u010den\u00ed kannad\u0161tiny je nejen nezbytn\u00e9 pro pochopen\u00ed bohat\u00e9 kultury a historie Karn\u00e1taky, ale tak\u00e9 pom\u00e1h\u00e1 p\u0159i efektivn\u00ed komunikaci s m\u00edstn\u00edm obyvatelstvem. Tento \u010dl\u00e1nek si [&hellip;]<\/p>\n","protected":false},"author":6,"featured_media":113670,"parent":0,"menu_order":0,"comment_status":"closed","ping_status":"closed","template":"LearningContentPage.php","meta":{"_acf_changed":false,"footnotes":""},"class_list":["post-161100","page","type-page","status-publish","has-post-thumbnail","hentry"],"acf":[],"yoast_head":"<!-- This site is optimized with the Yoast SEO Premium plugin v27.2 (Yoast SEO v27.2) - https:\/\/yoast.com\/product\/yoast-seo-premium-wordpress\/ -->\n<title>Cvi\u010den\u00ed na gramatiku kannad\u0161tiny - Talkpal<\/title>\n<meta name=\"description\" content=\"Posilte svou kannadskou gramatiku - zapojte se do interaktivn\u00edch cvi\u010den\u00ed, osvojte si vzory v\u011bt a zlep\u0161ete plynulost pomoc\u00ed Talkpals u\u010ditelem s um\u011blou inteligenc\u00ed.\" \/>\n<meta name=\"robots\" content=\"index, follow, max-snippet:-1, max-image-preview:large, max-video-preview:-1\" \/>\n<link rel=\"canonical\" href=\"https:\/\/talkpal.ai\/cs\/cviceni-na-gramatiku-kannadstiny\/\" \/>\n<meta property=\"og:locale\" content=\"cs_CZ\" \/>\n<meta property=\"og:type\" content=\"article\" \/>\n<meta property=\"og:title\" content=\"Cvi\u010den\u00ed na gramatiku kannad\u0161tiny\" \/>\n<meta property=\"og:description\" content=\"T\u00e9mata kannadsk\u00e9 gramatiky Kannad\u0161tina je dr\u00e1vidsk\u00fd jazyk, kter\u00fdm v indick\u00e9m st\u00e1t\u011b Karn\u00e1taka mluv\u00ed p\u0159ev\u00e1\u017en\u011b p\u0159ibli\u017en\u011b 44 milion\u016f lid\u00ed. Je to jeden z 22\" \/>\n<meta property=\"og:url\" content=\"https:\/\/talkpal.ai\/cs\/cviceni-na-gramatiku-kannadstiny\/\" \/>\n<meta property=\"og:site_name\" content=\"Talkpal\" \/>\n<meta property=\"article:publisher\" content=\"https:\/\/www.facebook.com\/profile.php?id=100090733639311\" \/>\n<meta property=\"article:modified_time\" content=\"2025-12-17T15:22:44+00:00\" \/>\n<meta property=\"og:image\" content=\"https:\/\/talkpal.ai\/wp-content\/uploads\/2023\/05\/Kannada-india.png\" \/>\n\t<meta property=\"og:image:width\" content=\"512\" \/>\n\t<meta property=\"og:image:height\" content=\"512\" \/>\n\t<meta property=\"og:image:type\" content=\"image\/png\" \/>\n<meta name=\"twitter:card\" content=\"summary_large_image\" \/>\n<meta name=\"twitter:site\" content=\"@talkpalai\" \/>\n<meta name=\"twitter:label1\" content=\"Odhadovan\u00e1 doba \u010dten\u00ed\" \/>\n\t<meta name=\"twitter:data1\" content=\"3 minuty\" \/>\n<script type=\"application\/ld+json\" class=\"yoast-schema-graph\">{\"@context\":\"https:\/\/schema.org\",\"@graph\":[{\"@type\":\"WebPage\",\"@id\":\"https:\/\/talkpal.ai\/cs\/cviceni-na-gramatiku-kannadstiny\/\",\"url\":\"https:\/\/talkpal.ai\/cs\/cviceni-na-gramatiku-kannadstiny\/\",\"name\":\"Cvi\u010den\u00ed na gramatiku kannad\u0161tiny - Talkpal\",\"isPartOf\":{\"@id\":\"https:\/\/talkpal.ai\/cs\/#website\"},\"primaryImageOfPage\":{\"@id\":\"https:\/\/talkpal.ai\/cs\/cviceni-na-gramatiku-kannadstiny\/#primaryimage\"},\"image\":{\"@id\":\"https:\/\/talkpal.ai\/cs\/cviceni-na-gramatiku-kannadstiny\/#primaryimage\"},\"thumbnailUrl\":\"https:\/\/talkpal.ai\/wp-content\/uploads\/2023\/05\/Kannada-india.png\",\"datePublished\":\"2023-06-22T07:53:19+00:00\",\"dateModified\":\"2025-12-17T15:22:44+00:00\",\"description\":\"Posilte svou kannadskou gramatiku - zapojte se do interaktivn\u00edch cvi\u010den\u00ed, osvojte si vzory v\u011bt a zlep\u0161ete plynulost pomoc\u00ed Talkpals u\u010ditelem s um\u011blou inteligenc\u00ed.\",\"breadcrumb\":{\"@id\":\"https:\/\/talkpal.ai\/cs\/cviceni-na-gramatiku-kannadstiny\/#breadcrumb\"},\"inLanguage\":\"cs\",\"potentialAction\":[{\"@type\":\"ReadAction\",\"target\":[\"https:\/\/talkpal.ai\/cs\/cviceni-na-gramatiku-kannadstiny\/\"]}]},{\"@type\":\"ImageObject\",\"inLanguage\":\"cs\",\"@id\":\"https:\/\/talkpal.ai\/cs\/cviceni-na-gramatiku-kannadstiny\/#primaryimage\",\"url\":\"https:\/\/talkpal.ai\/wp-content\/uploads\/2023\/05\/Kannada-india.png\",\"contentUrl\":\"https:\/\/talkpal.ai\/wp-content\/uploads\/2023\/05\/Kannada-india.png\",\"width\":512,\"height\":512},{\"@type\":\"BreadcrumbList\",\"@id\":\"https:\/\/talkpal.ai\/cs\/cviceni-na-gramatiku-kannadstiny\/#breadcrumb\",\"itemListElement\":[{\"@type\":\"ListItem\",\"position\":1,\"name\":\"Homepage\",\"item\":\"https:\/\/talkpal.ai\/cs\/\"},{\"@type\":\"ListItem\",\"position\":2,\"name\":\"Cvi\u010den\u00ed na gramatiku kannad\u0161tiny\"}]},{\"@type\":\"WebSite\",\"@id\":\"https:\/\/talkpal.ai\/cs\/#website\",\"url\":\"https:\/\/talkpal.ai\/cs\/\",\"name\":\"Talkpal\",\"description\":\"AI Language Learning\",\"publisher\":{\"@id\":\"https:\/\/talkpal.ai\/cs\/#organization\"},\"alternateName\":\"Talkpal AI\",\"potentialAction\":[{\"@type\":\"SearchAction\",\"target\":{\"@type\":\"EntryPoint\",\"urlTemplate\":\"https:\/\/talkpal.ai\/cs\/?s={search_term_string}\"},\"query-input\":{\"@type\":\"PropertyValueSpecification\",\"valueRequired\":true,\"valueName\":\"search_term_string\"}}],\"inLanguage\":\"cs\"},{\"@type\":\"Organization\",\"@id\":\"https:\/\/talkpal.ai\/cs\/#organization\",\"name\":\"Talkpal, Inc.\",\"alternateName\":\"Talkpal AI\",\"url\":\"https:\/\/talkpal.ai\/cs\/\",\"logo\":{\"@type\":\"ImageObject\",\"inLanguage\":\"cs\",\"@id\":\"https:\/\/talkpal.ai\/cs\/#\/schema\/logo\/image\/\",\"url\":\"https:\/\/talkpal.ai\/wp-content\/uploads\/2024\/03\/Talkpal-Logo-Icon.png\",\"contentUrl\":\"https:\/\/talkpal.ai\/wp-content\/uploads\/2024\/03\/Talkpal-Logo-Icon.png\",\"width\":2880,\"height\":2880,\"caption\":\"Talkpal, Inc.\"},\"image\":{\"@id\":\"https:\/\/talkpal.ai\/cs\/#\/schema\/logo\/image\/\"},\"sameAs\":[\"https:\/\/www.facebook.com\/profile.php?id=100090733639311\",\"https:\/\/x.com\/talkpalai\",\"https:\/\/www.linkedin.com\/company\/talkpal\/\",\"https:\/\/www.youtube.com\/@TalkPal\/\",\"https:\/\/www.tiktok.com\/@talkpal\",\"https:\/\/www.instagram.com\/talkpal_ai\/\",\"https:\/\/www.crunchbase.com\/organization\/talkpal-9cde\",\"https:\/\/www.g2.com\/products\/talkpal-for-business\/\",\"https:\/\/www.trustpilot.com\/review\/talkpal.ai\",\"https:\/\/www.capterra.com\/p\/10006800\/TalkPal\/\"],\"description\":\"Talkpal is a language learning web and mobile education app, powered by the latest AI technologies, that provides engaging experiences to its customers in many different languages to help them improve their language skills. Users can chat about unlimited amount of topics with the app and use other modes to practice their language learning.\",\"email\":\"support@talkpal.ai\",\"legalName\":\"Talkpal, Inc.\",\"foundingDate\":\"2023-04-03\",\"duns\":\"118989042\",\"numberOfEmployees\":{\"@type\":\"QuantitativeValue\",\"minValue\":\"11\",\"maxValue\":\"50\"},\"publishingPrinciples\":\"https:\/\/talkpal.ai\/publishing-principles\/\",\"actionableFeedbackPolicy\":\"https:\/\/talkpal.ai\/actionable-feedback-policy\/\",\"correctionsPolicy\":\"https:\/\/talkpal.ai\/corrections-policy\/\",\"ethicsPolicy\":\"https:\/\/talkpal.ai\/ethics-policy\/\",\"diversityPolicy\":\"https:\/\/talkpal.ai\/diversity-policy\/\",\"diversityStaffingReport\":\"https:\/\/talkpal.ai\/diversity-policy\/\"}]}<\/script>\n<!-- \/ Yoast SEO Premium plugin. -->","yoast_head_json":{"title":"Cvi\u010den\u00ed na gramatiku kannad\u0161tiny - Talkpal","description":"Posilte svou kannadskou gramatiku - zapojte se do interaktivn\u00edch cvi\u010den\u00ed, osvojte si vzory v\u011bt a zlep\u0161ete plynulost pomoc\u00ed Talkpals u\u010ditelem s um\u011blou inteligenc\u00ed.","robots":{"index":"index","follow":"follow","max-snippet":"max-snippet:-1","max-image-preview":"max-image-preview:large","max-video-preview":"max-video-preview:-1"},"canonical":"https:\/\/talkpal.ai\/cs\/cviceni-na-gramatiku-kannadstiny\/","og_locale":"cs_CZ","og_type":"article","og_title":"Cvi\u010den\u00ed na gramatiku kannad\u0161tiny","og_description":"T\u00e9mata kannadsk\u00e9 gramatiky Kannad\u0161tina je dr\u00e1vidsk\u00fd jazyk, kter\u00fdm v indick\u00e9m st\u00e1t\u011b Karn\u00e1taka mluv\u00ed p\u0159ev\u00e1\u017en\u011b p\u0159ibli\u017en\u011b 44 milion\u016f lid\u00ed. Je to jeden z 22","og_url":"https:\/\/talkpal.ai\/cs\/cviceni-na-gramatiku-kannadstiny\/","og_site_name":"Talkpal","article_publisher":"https:\/\/www.facebook.com\/profile.php?id=100090733639311","article_modified_time":"2025-12-17T15:22:44+00:00","og_image":[{"width":512,"height":512,"url":"https:\/\/talkpal.ai\/wp-content\/uploads\/2023\/05\/Kannada-india.png","type":"image\/png"}],"twitter_card":"summary_large_image","twitter_site":"@talkpalai","twitter_misc":{"Odhadovan\u00e1 doba \u010dten\u00ed":"3 minuty"},"schema":{"@context":"https:\/\/schema.org","@graph":[{"@type":"WebPage","@id":"https:\/\/talkpal.ai\/cs\/cviceni-na-gramatiku-kannadstiny\/","url":"https:\/\/talkpal.ai\/cs\/cviceni-na-gramatiku-kannadstiny\/","name":"Cvi\u010den\u00ed na gramatiku kannad\u0161tiny - Talkpal","isPartOf":{"@id":"https:\/\/talkpal.ai\/cs\/#website"},"primaryImageOfPage":{"@id":"https:\/\/talkpal.ai\/cs\/cviceni-na-gramatiku-kannadstiny\/#primaryimage"},"image":{"@id":"https:\/\/talkpal.ai\/cs\/cviceni-na-gramatiku-kannadstiny\/#primaryimage"},"thumbnailUrl":"https:\/\/talkpal.ai\/wp-content\/uploads\/2023\/05\/Kannada-india.png","datePublished":"2023-06-22T07:53:19+00:00","dateModified":"2025-12-17T15:22:44+00:00","description":"Posilte svou kannadskou gramatiku - zapojte se do interaktivn\u00edch cvi\u010den\u00ed, osvojte si vzory v\u011bt a zlep\u0161ete plynulost pomoc\u00ed Talkpals u\u010ditelem s um\u011blou inteligenc\u00ed.","breadcrumb":{"@id":"https:\/\/talkpal.ai\/cs\/cviceni-na-gramatiku-kannadstiny\/#breadcrumb"},"inLanguage":"cs","potentialAction":[{"@type":"ReadAction","target":["https:\/\/talkpal.ai\/cs\/cviceni-na-gramatiku-kannadstiny\/"]}]},{"@type":"ImageObject","inLanguage":"cs","@id":"https:\/\/talkpal.ai\/cs\/cviceni-na-gramatiku-kannadstiny\/#primaryimage","url":"https:\/\/talkpal.ai\/wp-content\/uploads\/2023\/05\/Kannada-india.png","contentUrl":"https:\/\/talkpal.ai\/wp-content\/uploads\/2023\/05\/Kannada-india.png","width":512,"height":512},{"@type":"BreadcrumbList","@id":"https:\/\/talkpal.ai\/cs\/cviceni-na-gramatiku-kannadstiny\/#breadcrumb","itemListElement":[{"@type":"ListItem","position":1,"name":"Homepage","item":"https:\/\/talkpal.ai\/cs\/"},{"@type":"ListItem","position":2,"name":"Cvi\u010den\u00ed na gramatiku kannad\u0161tiny"}]},{"@type":"WebSite","@id":"https:\/\/talkpal.ai\/cs\/#website","url":"https:\/\/talkpal.ai\/cs\/","name":"Talkpal","description":"AI Language Learning","publisher":{"@id":"https:\/\/talkpal.ai\/cs\/#organization"},"alternateName":"Talkpal AI","potentialAction":[{"@type":"SearchAction","target":{"@type":"EntryPoint","urlTemplate":"https:\/\/talkpal.ai\/cs\/?s={search_term_string}"},"query-input":{"@type":"PropertyValueSpecification","valueRequired":true,"valueName":"search_term_string"}}],"inLanguage":"cs"},{"@type":"Organization","@id":"https:\/\/talkpal.ai\/cs\/#organization","name":"Talkpal, Inc.","alternateName":"Talkpal AI","url":"https:\/\/talkpal.ai\/cs\/","logo":{"@type":"ImageObject","inLanguage":"cs","@id":"https:\/\/talkpal.ai\/cs\/#\/schema\/logo\/image\/","url":"https:\/\/talkpal.ai\/wp-content\/uploads\/2024\/03\/Talkpal-Logo-Icon.png","contentUrl":"https:\/\/talkpal.ai\/wp-content\/uploads\/2024\/03\/Talkpal-Logo-Icon.png","width":2880,"height":2880,"caption":"Talkpal, Inc."},"image":{"@id":"https:\/\/talkpal.ai\/cs\/#\/schema\/logo\/image\/"},"sameAs":["https:\/\/www.facebook.com\/profile.php?id=100090733639311","https:\/\/x.com\/talkpalai","https:\/\/www.linkedin.com\/company\/talkpal\/","https:\/\/www.youtube.com\/@TalkPal\/","https:\/\/www.tiktok.com\/@talkpal","https:\/\/www.instagram.com\/talkpal_ai\/","https:\/\/www.crunchbase.com\/organization\/talkpal-9cde","https:\/\/www.g2.com\/products\/talkpal-for-business\/","https:\/\/www.trustpilot.com\/review\/talkpal.ai","https:\/\/www.capterra.com\/p\/10006800\/TalkPal\/"],"description":"Talkpal is a language learning web and mobile education app, powered by the latest AI technologies, that provides engaging experiences to its customers in many different languages to help them improve their language skills. Users can chat about unlimited amount of topics with the app and use other modes to practice their language learning.","email":"support@talkpal.ai","legalName":"Talkpal, Inc.","foundingDate":"2023-04-03","duns":"118989042","numberOfEmployees":{"@type":"QuantitativeValue","minValue":"11","maxValue":"50"},"publishingPrinciples":"https:\/\/talkpal.ai\/publishing-principles\/","actionableFeedbackPolicy":"https:\/\/talkpal.ai\/actionable-feedback-policy\/","correctionsPolicy":"https:\/\/talkpal.ai\/corrections-policy\/","ethicsPolicy":"https:\/\/talkpal.ai\/ethics-policy\/","diversityPolicy":"https:\/\/talkpal.ai\/diversity-policy\/","diversityStaffingReport":"https:\/\/talkpal.ai\/diversity-policy\/"}]}},"_links":{"self":[{"href":"https:\/\/talkpal.ai\/cs\/wp-json\/wp\/v2\/pages\/161100","targetHints":{"allow":["GET"]}}],"collection":[{"href":"https:\/\/talkpal.ai\/cs\/wp-json\/wp\/v2\/pages"}],"about":[{"href":"https:\/\/talkpal.ai\/cs\/wp-json\/wp\/v2\/types\/page"}],"author":[{"embeddable":true,"href":"https:\/\/talkpal.ai\/cs\/wp-json\/wp\/v2\/users\/6"}],"replies":[{"embeddable":true,"href":"https:\/\/talkpal.ai\/cs\/wp-json\/wp\/v2\/comments?post=161100"}],"version-history":[{"count":0,"href":"https:\/\/talkpal.ai\/cs\/wp-json\/wp\/v2\/pages\/161100\/revisions"}],"wp:featuredmedia":[{"embeddable":true,"href":"https:\/\/talkpal.ai\/cs\/wp-json\/wp\/v2\/media\/113670"}],"wp:attachment":[{"href":"https:\/\/talkpal.ai\/cs\/wp-json\/wp\/v2\/media?parent=161100"}],"curies":[{"name":"wp","href":"https:\/\/api.w.org\/{rel}","templated":true}]}}