{"id":160806,"date":"2023-06-22T08:01:09","date_gmt":"2023-06-22T08:01:09","guid":{"rendered":"http:\/\/talkpal.ai\/cviceni-na-kazasskou-gramatiku\/"},"modified":"2025-12-17T14:51:57","modified_gmt":"2025-12-17T14:51:57","slug":"cviceni-na-kazasskou-gramatiku","status":"publish","type":"page","link":"https:\/\/talkpal.ai\/cs\/cviceni-na-kazasskou-gramatiku\/","title":{"rendered":"Cvi\u010den\u00ed na kaza\u0161skou gramatiku"},"content":{"rendered":"\r\n\r\n\r\n<section class=\"languageChallengeSection\">\r\n    <div class=\"languageInfoWrapper\">\r\n        \r\n        <h1>Cvi\u010den\u00ed na kaza\u0161skou gramatiku<\/h1>\r\n        <p>Jste p\u0159ipraveni zv\u00fd\u0161it svou d\u016fv\u011bru v kaza\u0161tinu? Zam\u011b\u0159en\u00ed na gramatick\u00e1 cvi\u010den\u00ed je skv\u011bl\u00fd <a href=\"https:\/\/talkpal.ai\/best-way-to-learn\/\">zp\u016fsob<\/a>, jak si osvojit stavbu v\u011bty, slovesn\u00e9 tvary a z\u00e1kladn\u00ed jazykov\u00e9 vzorce. Za\u010dn\u011bte cvi\u010dit kaza\u0161skou gramatiku dnes a uvid\u00edte skute\u010dn\u00fd pokrok, jakmile krok za krokem pos\u00edl\u00edte sv\u00e9 znalosti!<\/p>\r\n\r\n                            <a class=\"getStartedHidden\" href=\"https:\/\/app.talkpal.ai\/cs\/signup?lng=\">Za\u010dni<\/a>\r\n        \r\n    <\/div>\r\n\r\n    <figure>\r\n    <img decoding=\"async\" width=\"768\" height=\"768\" src=\"https:\/\/talkpal.ai\/wp-content\/uploads\/2023\/06\/Khazak-768x768.png\" class=\"languageImage no-lazy\" alt=\"Language learning for increased negotiation skills\" fetchpriority=\"high\" sizes=\"(max-width: 768px) 150px, 768px\" srcset=\"https:\/\/talkpal.ai\/wp-content\/uploads\/2023\/06\/Khazak-768x768.png 768w, https:\/\/talkpal.ai\/wp-content\/uploads\/2023\/06\/Khazak-300x300.png 300w\" \/>\r\n    \r\n\r\n    <\/figure>\r\n\r\n            <a class=\"getStartedVisible\" href=\"https:\/\/app.talkpal.ai\/cs\/signup?lng=\">Za\u010dni<\/a>\r\n    \r\n<\/section>\r\n\r\n\r\n<!-- <section class=\"grammarSection\">\r\n    <div class=\"grammarLinks\">\r\n            <\/div>\r\n<\/section> -->\r\n\r\n\r\n\r\n\r\n<section class=\"promotionalBanner\">\r\n    <p class=\"promotionalText\">Nejefektivn\u011bj\u0161\u00ed zp\u016fsob, jak se nau\u010dit jazyk<\/p>\r\n    <a class=\"promotionalLink\" href=\"https:\/\/app.talkpal.ai\/cs\/signup?lng=\">Vyzkou\u0161ejte Talkpal zdarma<\/a>\r\n<\/section>\n<div class=\"wp-block-group pageContainerStyle\"><div class=\"wp-block-group__inner-container is-layout-constrained wp-block-group-is-layout-constrained\">\n<h2 class=\"wp-block-heading\" id=\"h-kazakh-grammar-topics\">T\u00e9mata kaza\u0161sk\u00e9 gramatiky<\/h2>\n\n\n\n<p>U\u010den\u00ed se nov\u00e9mu jazyku m\u016f\u017ee b\u00fdt n\u00e1ro\u010dn\u00e1, ale obohacuj\u00edc\u00ed zku\u0161enost, kter\u00e1 otev\u00edr\u00e1 p\u0159\u00edle\u017eitosti k osobn\u00edmu a profesn\u00edmu r\u016fstu. Jedn\u00edm z jazyk\u016f, kter\u00fd si z\u00edsk\u00e1v\u00e1 oblibu mezi studenty jazyk\u016f, je <a href=\"https:\/\/talkpal.ai\/learn-kazakh\/\">kaza\u0161tina<\/a>, turkick\u00fd jazyk, kter\u00fdm mluv\u00ed miliony lid\u00ed v Kazachst\u00e1nu a okoln\u00edch regionech. <a href=\"https:\/\/talkpal.ai\/kazakh-grammar\/\">Kaza\u0161sk\u00e1 gramatika<\/a> je jedine\u010dn\u00e1, s bohatou strukturou a r\u016fzn\u00fdmi prvky, kter\u00e9 vy\u017eaduj\u00ed systematick\u00fd p\u0159\u00edstup k u\u010den\u00ed. V t\u00e9to p\u0159\u00edru\u010dce se budeme zab\u00fdvat n\u011bkolika z\u00e1kladn\u00edmi t\u00e9maty kaza\u0161sk\u00e9 gramatiky, v\u010detn\u011b \u010das\u016f, podstatn\u00fdch jmen, sloves, \u010dlen\u016f, z\u00e1jmen, p\u0159\u00eddavn\u00fdch jmen, p\u0159\u00edslovc\u00ed, podm\u00ednkov\u00fdch v\u011bt, p\u0159edlo\u017eek a v\u011btn\u00fdch struktur. Pochopen\u00edm posloupnosti u\u010den\u00ed t\u011bchto t\u00e9mat m\u016f\u017eete efektivn\u011b pokro\u010dit na sv\u00e9 cest\u011b ke zvl\u00e1dnut\u00ed kaza\u0161sk\u00e9ho jazyka.<\/p>\n\n\n\n<h3 class=\"wp-block-heading\" id=\"h-1-nouns\">1. Podstatn\u00e1 jm\u00e9na:<\/h3>\n\n\n\n<p>Z\u00e1klady ka\u017ed\u00e9ho jazyka za\u010d\u00ednaj\u00ed u\u010den\u00edm se jeho podstatn\u00fdch jmen. V kaza\u0161tin\u011b podstatn\u00e1 jm\u00e9na nemaj\u00ed rod, ale maj\u00ed p\u00e1dy. Porozum\u011bn\u00ed r\u016fzn\u00fdm p\u00e1d\u016fm a jejich funkc\u00edm je z\u00e1sadn\u00ed pro budov\u00e1n\u00ed slovn\u00ed z\u00e1soby a tvo\u0159en\u00ed z\u00e1kladn\u00edch v\u011bt.<\/p>\n\n\n\n<h3 class=\"wp-block-heading\" id=\"h-2-articles\">2. \u010cl\u00e1nky:<\/h3>\n\n\n\n<p>\u010cl\u00e1nky nejsou p\u0159\u00edtomny v kaza\u0161sk\u00e9m jazyce, co\u017e student\u016fm usnad\u0148uje soust\u0159edit se na jin\u00e9 gramatick\u00e9 aspekty.<\/p>\n\n\n\n<h3 class=\"wp-block-heading\" id=\"h-3-pronouns-determiners\">3. Z\u00e1jmena\/determinanty:<\/h3>\n\n\n\n<p>Ty jsou nezbytn\u00e9 pro nahrazov\u00e1n\u00ed podstatn\u00fdch jmen a specifikaci jejich mno\u017estv\u00ed nebo identity. U\u010den\u00ed z\u00e1jmen a determin\u00e1tor\u016f v\u00e1m pom\u016f\u017ee vytv\u00e1\u0159et slo\u017eit\u011bj\u0161\u00ed v\u011bty a zlep\u0161it va\u0161i celkovou plynulost.<\/p>\n\n\n\n<h3 class=\"wp-block-heading\" id=\"h-4-verbs\">4. Slovesa:<\/h3>\n\n\n\n<p>Slovesa jsou p\u00e1te\u0159\u00ed ka\u017ed\u00e9ho jazyka a nau\u010dit se jejich vzorce \u010dasov\u00e1n\u00ed je z\u00e1sadn\u00ed. V kaza\u0161tin\u011b se slovesa \u010dasuj\u00ed na z\u00e1klad\u011b \u010dasu, n\u00e1lady a hlasu. Kdy\u017e se sezn\u00e1m\u00edte s t\u011bmito konjugacemi, umo\u017en\u00ed v\u00e1m to p\u0159esn\u011b vyj\u00e1d\u0159it akce a ud\u00e1losti.<\/p>\n\n\n\n<h3 class=\"wp-block-heading\" id=\"h-5-tenses\">5. \u010casy:<\/h3>\n\n\n\n<p><a href=\"https:\/\/talkpal.ai\/learn-kazakh\/\">Kaza\u0161tina<\/a> m\u00e1 n\u011bkolik \u010das\u016f, v\u010detn\u011b minulosti, p\u0159\u00edtomnosti a budoucnosti. Nau\u010dit se, jak spr\u00e1vn\u011b tvo\u0159it a pou\u017e\u00edvat tyto \u010dasy, je nezbytn\u00e9 pro vyj\u00e1d\u0159en\u00ed \u010dasu d\u011bj\u016f a ud\u00e1lost\u00ed.<\/p>\n\n\n\n<h3 class=\"wp-block-heading\" id=\"h-6-tense-comparison\">6. Srovn\u00e1n\u00ed \u010das\u016f:<\/h3>\n\n\n\n<p>Pochopen\u00ed rozd\u00edlu mezi \u010dasy a jejich vz\u00e1jemnou interakc\u00ed prohloub\u00ed va\u0161e porozum\u011bn\u00ed kaza\u0161sk\u00e9 gramatice.<\/p>\n\n\n\n<h3 class=\"wp-block-heading\" id=\"h-7-progressive\">7. Progresivn\u00ed:<\/h3>\n\n\n\n<p>Tento aspekt ozna\u010duje prob\u00edhaj\u00edc\u00ed akce. Nau\u010dit se progresivn\u00ed formu v kaza\u0161tin\u011b v\u00e1m pom\u016f\u017ee vyj\u00e1d\u0159it akce, kter\u00e9 se v sou\u010dasn\u00e9 dob\u011b d\u011bj\u00ed nebo se d\u011bly v ur\u010dit\u00e9m \u010dasov\u00e9m okam\u017eiku.<\/p>\n\n\n\n<h3 class=\"wp-block-heading\" id=\"h-8-perfect-progressive\">8. Perfektn\u00ed progresivn\u00ed:<\/h3>\n\n\n\n<p>Dokonal\u00fd pokrok kombinuje dokonal\u00e9 a progresivn\u00ed aspekty, aby nazna\u010dil akci, kter\u00e1 za\u010dala v minulosti a st\u00e1le prob\u00edh\u00e1. Zvl\u00e1dnut\u00ed tohoto aspektu zlep\u0161\u00ed va\u0161i schopnost vyjad\u0159ovat slo\u017eit\u00e9 my\u0161lenky v kaza\u0161tin\u011b.<\/p>\n\n\n\n<h3 class=\"wp-block-heading\" id=\"h-9-adjectives\">9. P\u0159\u00eddavn\u00e1 jm\u00e9na:<\/h3>\n\n\n\n<p>P\u0159\u00eddavn\u00e1 jm\u00e9na popisuj\u00ed vlastnosti a rysy podstatn\u00fdch jmen. Kdy\u017e se nau\u010d\u00edte spr\u00e1vn\u011b pou\u017e\u00edvat p\u0159\u00eddavn\u00e1 jm\u00e9na v kaza\u0161tin\u011b, obohat\u00edte svou slovn\u00ed z\u00e1sobu a budete moci poskytovat podrobn\u011bj\u0161\u00ed popisy.<\/p>\n\n\n\n<h3 class=\"wp-block-heading\" id=\"h-10-adverbs\">10. P\u0159\u00edslovce:<\/h3>\n\n\n\n<p>P\u0159\u00edslovce modifikuj\u00ed slovesa, p\u0159\u00eddavn\u00e1 jm\u00e9na a dal\u0161\u00ed p\u0159\u00edslovce. Z\u00edsk\u00e1n\u00ed znalost\u00ed kaza\u0161sk\u00fdch p\u0159\u00edslovc\u00ed a jejich pou\u017e\u00edv\u00e1n\u00ed zlep\u0161\u00ed va\u0161i schopnost p\u0159esn\u011bji vyj\u00e1d\u0159it d\u011bj a ud\u00e1losti.<\/p>\n\n\n\n<h3 class=\"wp-block-heading\" id=\"h-11-conditionals\">11. Kondicion\u00e1ly:<\/h3>\n\n\n\n<p>Podmi\u0148ovac\u00ed zp\u016fsob se pou\u017e\u00edv\u00e1 k vyj\u00e1d\u0159en\u00ed hypotetick\u00fdch situac\u00ed a jejich mo\u017en\u00fdch d\u016fsledk\u016f. Zvl\u00e1dnut\u00ed pou\u017e\u00edv\u00e1n\u00ed kondicion\u00e1l\u016f v kaza\u0161tin\u011b v\u00e1m pom\u016f\u017ee zprost\u0159edkovat slo\u017eit\u00e9 my\u0161lenky a hypotetick\u00e9 sc\u00e9n\u00e1\u0159e.<\/p>\n\n\n\n<h3 class=\"wp-block-heading\" id=\"h-12-prepositions\">12. P\u0159edlo\u017eky:<\/h3>\n\n\n\n<p>P\u0159edlo\u017eky ozna\u010duj\u00ed vztah mezi podstatn\u00fdmi jm\u00e9ny ve v\u011bt\u011b. U\u010den\u00ed kaza\u0161sk\u00fdch p\u0159edlo\u017eek a jejich funkc\u00ed v\u00e1m umo\u017en\u00ed konstruovat slo\u017eit\u011bj\u0161\u00ed v\u011bty.<\/p>\n\n\n\n<h3 class=\"wp-block-heading\" id=\"h-13-sentences\">13. V\u011bty:<\/h3>\n\n\n\n<p>A kone\u010dn\u011b, pochopen\u00ed v\u011btn\u00fdch struktur a pravidel pro kombinov\u00e1n\u00ed r\u016fzn\u00fdch gramatick\u00fdch prvk\u016f je nezbytn\u00e9 pro zvl\u00e1dnut\u00ed kaza\u0161sk\u00e9ho jazyka. Tyto znalosti v\u00e1m umo\u017en\u00ed efektivn\u011b a p\u0159esn\u011b komunikovat v r\u016fzn\u00fdch situac\u00edch.<\/p>\n<\/div><\/div>\n\r\n<section class=\"learnNavigationSection\">\r\n            \r\n        <a href=\"https:\/\/talkpal.ai\/cs\/naucte-se-kazastinu\/\">\r\n            <div class=\"learnNavigationWrapper\">\r\n                <div class=\"learnNavigationContent\">\r\n                    <img decoding=\"async\" src=\"https:\/\/talkpal.ai\/wp-content\/uploads\/2024\/08\/Kazakh.jpg\" alt=\"Kazakh Flag\">\r\n                    <div>\r\n                        <h4>O kaza\u0161sk\u00e9m vzd\u011bl\u00e1v\u00e1n\u00ed<\/h4>\r\n                        <p>Zjist\u011bte v\u0161e o kaza\u0161sk\u00e9 gramatice.<\/p>\r\n                    <\/div>\r\n                <\/div>\r\n            <\/div>\r\n        <\/a>\r\n\r\n        \r\n        <a href=\"https:\/\/talkpal.ai\/cs\/kazasska-gramatika\/\">\r\n            <div class=\"learnNavigationWrapper\">\r\n                <div class=\"learnNavigationContent\">\r\n                    <img decoding=\"async\" src=\"https:\/\/talkpal.ai\/wp-content\/uploads\/2024\/08\/Kazakh.jpg\" alt=\"Kazakh Flag\">\r\n                    <div>\r\n                        <h4>Lekce kaza\u0161sk\u00e9 gramatiky<\/h4>\r\n                        <p>Procvi\u010dte si kaza\u0161skou gramatiku.<\/p>\r\n                    <\/div>\r\n                <\/div>\r\n            <\/div>\r\n        <\/a>\r\n\r\n        \r\n        <a href=\"https:\/\/talkpal.ai\/vocabulary_language\/kazakh\/\">\r\n            <div class=\"learnNavigationWrapper\">\r\n                <div class=\"learnNavigationContent\">\r\n                    <img decoding=\"async\" src=\"https:\/\/talkpal.ai\/wp-content\/uploads\/2024\/08\/Kazakh.jpg\" alt=\"Kazakh Flag\">\r\n                    <div>\r\n                        <h4>Kaza\u0161sk\u00e1 slovn\u00ed z\u00e1soba<\/h4>\r\n                        <p>Roz\u0161i\u0159te si kaza\u0161skou slovn\u00ed z\u00e1sobu.<\/p>\r\n                    <\/div>\r\n                <\/div>\r\n            <\/div>\r\n        <\/a>\r\n\r\n            <\/section>","protected":false},"excerpt":{"rendered":"<p>T\u00e9mata kaza\u0161sk\u00e9 gramatiky U\u010den\u00ed se nov\u00e9mu jazyku m\u016f\u017ee b\u00fdt n\u00e1ro\u010dn\u00e1, ale obohacuj\u00edc\u00ed zku\u0161enost, kter\u00e1 otev\u00edr\u00e1 p\u0159\u00edle\u017eitosti k osobn\u00edmu a profesn\u00edmu r\u016fstu. Jedn\u00edm z jazyk\u016f, kter\u00fd si z\u00edsk\u00e1v\u00e1 oblibu mezi studenty jazyk\u016f, je kaza\u0161tina, turkick\u00fd jazyk, kter\u00fdm mluv\u00ed miliony lid\u00ed v Kazachst\u00e1nu a okoln\u00edch regionech. Kaza\u0161sk\u00e1 gramatika je jedine\u010dn\u00e1, s bohatou strukturou a r\u016fzn\u00fdmi prvky, kter\u00e9 [&hellip;]<\/p>\n","protected":false},"author":6,"featured_media":114246,"parent":0,"menu_order":0,"comment_status":"closed","ping_status":"closed","template":"LearningContentPage.php","meta":{"_acf_changed":false,"footnotes":""},"class_list":["post-160806","page","type-page","status-publish","has-post-thumbnail","hentry"],"acf":[],"yoast_head":"<!-- This site is optimized with the Yoast SEO Premium plugin v27.2 (Yoast SEO v27.2) - https:\/\/yoast.com\/product\/yoast-seo-premium-wordpress\/ -->\n<title>Cvi\u010den\u00ed na kaza\u0161skou gramatiku - Talkpal<\/title>\n<meta name=\"description\" content=\"Zlep\u0161ete sv\u00e9 znalosti kaza\u0161sk\u00e9 gramatiky efektivn\u011b - zlep\u0161ete p\u0159esnost, procvi\u010dte interaktivn\u00ed cvi\u010den\u00ed a zdokonalte pou\u017eit\u00ed!\" \/>\n<meta name=\"robots\" content=\"index, follow, max-snippet:-1, max-image-preview:large, max-video-preview:-1\" \/>\n<link rel=\"canonical\" href=\"https:\/\/talkpal.ai\/cs\/cviceni-na-kazasskou-gramatiku\/\" \/>\n<meta property=\"og:locale\" content=\"cs_CZ\" \/>\n<meta property=\"og:type\" content=\"article\" \/>\n<meta property=\"og:title\" content=\"Cvi\u010den\u00ed na kaza\u0161skou gramatiku\" \/>\n<meta property=\"og:description\" content=\"T\u00e9mata kaza\u0161sk\u00e9 gramatiky U\u010den\u00ed se nov\u00e9mu jazyku m\u016f\u017ee b\u00fdt n\u00e1ro\u010dn\u00e1, ale obohacuj\u00edc\u00ed zku\u0161enost, kter\u00e1 otev\u00edr\u00e1 p\u0159\u00edle\u017eitosti k osobn\u00edmu a profesn\u00edmu r\u016fstu.\" \/>\n<meta property=\"og:url\" content=\"https:\/\/talkpal.ai\/cs\/cviceni-na-kazasskou-gramatiku\/\" \/>\n<meta property=\"og:site_name\" content=\"Talkpal\" \/>\n<meta property=\"article:publisher\" content=\"https:\/\/www.facebook.com\/profile.php?id=100090733639311\" \/>\n<meta property=\"article:modified_time\" content=\"2025-12-17T14:51:57+00:00\" \/>\n<meta property=\"og:image\" content=\"https:\/\/talkpal.ai\/wp-content\/uploads\/2023\/05\/kazakhstan.png\" \/>\n\t<meta property=\"og:image:width\" content=\"512\" \/>\n\t<meta property=\"og:image:height\" content=\"512\" \/>\n\t<meta property=\"og:image:type\" content=\"image\/png\" \/>\n<meta name=\"twitter:card\" content=\"summary_large_image\" \/>\n<meta name=\"twitter:site\" content=\"@talkpalai\" \/>\n<meta name=\"twitter:label1\" content=\"Odhadovan\u00e1 doba \u010dten\u00ed\" \/>\n\t<meta name=\"twitter:data1\" content=\"4 minuty\" \/>\n<script type=\"application\/ld+json\" class=\"yoast-schema-graph\">{\"@context\":\"https:\/\/schema.org\",\"@graph\":[{\"@type\":\"WebPage\",\"@id\":\"https:\/\/talkpal.ai\/cs\/cviceni-na-kazasskou-gramatiku\/\",\"url\":\"https:\/\/talkpal.ai\/cs\/cviceni-na-kazasskou-gramatiku\/\",\"name\":\"Cvi\u010den\u00ed na kaza\u0161skou gramatiku - Talkpal\",\"isPartOf\":{\"@id\":\"https:\/\/talkpal.ai\/cs\/#website\"},\"primaryImageOfPage\":{\"@id\":\"https:\/\/talkpal.ai\/cs\/cviceni-na-kazasskou-gramatiku\/#primaryimage\"},\"image\":{\"@id\":\"https:\/\/talkpal.ai\/cs\/cviceni-na-kazasskou-gramatiku\/#primaryimage\"},\"thumbnailUrl\":\"https:\/\/talkpal.ai\/wp-content\/uploads\/2023\/05\/kazakhstan.png\",\"datePublished\":\"2023-06-22T08:01:09+00:00\",\"dateModified\":\"2025-12-17T14:51:57+00:00\",\"description\":\"Zlep\u0161ete sv\u00e9 znalosti kaza\u0161sk\u00e9 gramatiky efektivn\u011b - zlep\u0161ete p\u0159esnost, procvi\u010dte interaktivn\u00ed cvi\u010den\u00ed a zdokonalte pou\u017eit\u00ed!\",\"breadcrumb\":{\"@id\":\"https:\/\/talkpal.ai\/cs\/cviceni-na-kazasskou-gramatiku\/#breadcrumb\"},\"inLanguage\":\"cs\",\"potentialAction\":[{\"@type\":\"ReadAction\",\"target\":[\"https:\/\/talkpal.ai\/cs\/cviceni-na-kazasskou-gramatiku\/\"]}]},{\"@type\":\"ImageObject\",\"inLanguage\":\"cs\",\"@id\":\"https:\/\/talkpal.ai\/cs\/cviceni-na-kazasskou-gramatiku\/#primaryimage\",\"url\":\"https:\/\/talkpal.ai\/wp-content\/uploads\/2023\/05\/kazakhstan.png\",\"contentUrl\":\"https:\/\/talkpal.ai\/wp-content\/uploads\/2023\/05\/kazakhstan.png\",\"width\":512,\"height\":512},{\"@type\":\"BreadcrumbList\",\"@id\":\"https:\/\/talkpal.ai\/cs\/cviceni-na-kazasskou-gramatiku\/#breadcrumb\",\"itemListElement\":[{\"@type\":\"ListItem\",\"position\":1,\"name\":\"Homepage\",\"item\":\"https:\/\/talkpal.ai\/cs\/\"},{\"@type\":\"ListItem\",\"position\":2,\"name\":\"Cvi\u010den\u00ed na kaza\u0161skou gramatiku\"}]},{\"@type\":\"WebSite\",\"@id\":\"https:\/\/talkpal.ai\/cs\/#website\",\"url\":\"https:\/\/talkpal.ai\/cs\/\",\"name\":\"Talkpal\",\"description\":\"AI Language Learning\",\"publisher\":{\"@id\":\"https:\/\/talkpal.ai\/cs\/#organization\"},\"alternateName\":\"Talkpal AI\",\"potentialAction\":[{\"@type\":\"SearchAction\",\"target\":{\"@type\":\"EntryPoint\",\"urlTemplate\":\"https:\/\/talkpal.ai\/cs\/?s={search_term_string}\"},\"query-input\":{\"@type\":\"PropertyValueSpecification\",\"valueRequired\":true,\"valueName\":\"search_term_string\"}}],\"inLanguage\":\"cs\"},{\"@type\":\"Organization\",\"@id\":\"https:\/\/talkpal.ai\/cs\/#organization\",\"name\":\"Talkpal, Inc.\",\"alternateName\":\"Talkpal AI\",\"url\":\"https:\/\/talkpal.ai\/cs\/\",\"logo\":{\"@type\":\"ImageObject\",\"inLanguage\":\"cs\",\"@id\":\"https:\/\/talkpal.ai\/cs\/#\/schema\/logo\/image\/\",\"url\":\"https:\/\/talkpal.ai\/wp-content\/uploads\/2024\/03\/Talkpal-Logo-Icon.png\",\"contentUrl\":\"https:\/\/talkpal.ai\/wp-content\/uploads\/2024\/03\/Talkpal-Logo-Icon.png\",\"width\":2880,\"height\":2880,\"caption\":\"Talkpal, Inc.\"},\"image\":{\"@id\":\"https:\/\/talkpal.ai\/cs\/#\/schema\/logo\/image\/\"},\"sameAs\":[\"https:\/\/www.facebook.com\/profile.php?id=100090733639311\",\"https:\/\/x.com\/talkpalai\",\"https:\/\/www.linkedin.com\/company\/talkpal\/\",\"https:\/\/www.youtube.com\/@TalkPal\/\",\"https:\/\/www.tiktok.com\/@talkpal\",\"https:\/\/www.instagram.com\/talkpal_ai\/\",\"https:\/\/www.crunchbase.com\/organization\/talkpal-9cde\",\"https:\/\/www.g2.com\/products\/talkpal-for-business\/\",\"https:\/\/www.trustpilot.com\/review\/talkpal.ai\",\"https:\/\/www.capterra.com\/p\/10006800\/TalkPal\/\"],\"description\":\"Talkpal is a language learning web and mobile education app, powered by the latest AI technologies, that provides engaging experiences to its customers in many different languages to help them improve their language skills. Users can chat about unlimited amount of topics with the app and use other modes to practice their language learning.\",\"email\":\"support@talkpal.ai\",\"legalName\":\"Talkpal, Inc.\",\"foundingDate\":\"2023-04-03\",\"duns\":\"118989042\",\"numberOfEmployees\":{\"@type\":\"QuantitativeValue\",\"minValue\":\"11\",\"maxValue\":\"50\"},\"publishingPrinciples\":\"https:\/\/talkpal.ai\/publishing-principles\/\",\"actionableFeedbackPolicy\":\"https:\/\/talkpal.ai\/actionable-feedback-policy\/\",\"correctionsPolicy\":\"https:\/\/talkpal.ai\/corrections-policy\/\",\"ethicsPolicy\":\"https:\/\/talkpal.ai\/ethics-policy\/\",\"diversityPolicy\":\"https:\/\/talkpal.ai\/diversity-policy\/\",\"diversityStaffingReport\":\"https:\/\/talkpal.ai\/diversity-policy\/\"}]}<\/script>\n<!-- \/ Yoast SEO Premium plugin. -->","yoast_head_json":{"title":"Cvi\u010den\u00ed na kaza\u0161skou gramatiku - Talkpal","description":"Zlep\u0161ete sv\u00e9 znalosti kaza\u0161sk\u00e9 gramatiky efektivn\u011b - zlep\u0161ete p\u0159esnost, procvi\u010dte interaktivn\u00ed cvi\u010den\u00ed a zdokonalte pou\u017eit\u00ed!","robots":{"index":"index","follow":"follow","max-snippet":"max-snippet:-1","max-image-preview":"max-image-preview:large","max-video-preview":"max-video-preview:-1"},"canonical":"https:\/\/talkpal.ai\/cs\/cviceni-na-kazasskou-gramatiku\/","og_locale":"cs_CZ","og_type":"article","og_title":"Cvi\u010den\u00ed na kaza\u0161skou gramatiku","og_description":"T\u00e9mata kaza\u0161sk\u00e9 gramatiky U\u010den\u00ed se nov\u00e9mu jazyku m\u016f\u017ee b\u00fdt n\u00e1ro\u010dn\u00e1, ale obohacuj\u00edc\u00ed zku\u0161enost, kter\u00e1 otev\u00edr\u00e1 p\u0159\u00edle\u017eitosti k osobn\u00edmu a profesn\u00edmu r\u016fstu.","og_url":"https:\/\/talkpal.ai\/cs\/cviceni-na-kazasskou-gramatiku\/","og_site_name":"Talkpal","article_publisher":"https:\/\/www.facebook.com\/profile.php?id=100090733639311","article_modified_time":"2025-12-17T14:51:57+00:00","og_image":[{"width":512,"height":512,"url":"https:\/\/talkpal.ai\/wp-content\/uploads\/2023\/05\/kazakhstan.png","type":"image\/png"}],"twitter_card":"summary_large_image","twitter_site":"@talkpalai","twitter_misc":{"Odhadovan\u00e1 doba \u010dten\u00ed":"4 minuty"},"schema":{"@context":"https:\/\/schema.org","@graph":[{"@type":"WebPage","@id":"https:\/\/talkpal.ai\/cs\/cviceni-na-kazasskou-gramatiku\/","url":"https:\/\/talkpal.ai\/cs\/cviceni-na-kazasskou-gramatiku\/","name":"Cvi\u010den\u00ed na kaza\u0161skou gramatiku - Talkpal","isPartOf":{"@id":"https:\/\/talkpal.ai\/cs\/#website"},"primaryImageOfPage":{"@id":"https:\/\/talkpal.ai\/cs\/cviceni-na-kazasskou-gramatiku\/#primaryimage"},"image":{"@id":"https:\/\/talkpal.ai\/cs\/cviceni-na-kazasskou-gramatiku\/#primaryimage"},"thumbnailUrl":"https:\/\/talkpal.ai\/wp-content\/uploads\/2023\/05\/kazakhstan.png","datePublished":"2023-06-22T08:01:09+00:00","dateModified":"2025-12-17T14:51:57+00:00","description":"Zlep\u0161ete sv\u00e9 znalosti kaza\u0161sk\u00e9 gramatiky efektivn\u011b - zlep\u0161ete p\u0159esnost, procvi\u010dte interaktivn\u00ed cvi\u010den\u00ed a zdokonalte pou\u017eit\u00ed!","breadcrumb":{"@id":"https:\/\/talkpal.ai\/cs\/cviceni-na-kazasskou-gramatiku\/#breadcrumb"},"inLanguage":"cs","potentialAction":[{"@type":"ReadAction","target":["https:\/\/talkpal.ai\/cs\/cviceni-na-kazasskou-gramatiku\/"]}]},{"@type":"ImageObject","inLanguage":"cs","@id":"https:\/\/talkpal.ai\/cs\/cviceni-na-kazasskou-gramatiku\/#primaryimage","url":"https:\/\/talkpal.ai\/wp-content\/uploads\/2023\/05\/kazakhstan.png","contentUrl":"https:\/\/talkpal.ai\/wp-content\/uploads\/2023\/05\/kazakhstan.png","width":512,"height":512},{"@type":"BreadcrumbList","@id":"https:\/\/talkpal.ai\/cs\/cviceni-na-kazasskou-gramatiku\/#breadcrumb","itemListElement":[{"@type":"ListItem","position":1,"name":"Homepage","item":"https:\/\/talkpal.ai\/cs\/"},{"@type":"ListItem","position":2,"name":"Cvi\u010den\u00ed na kaza\u0161skou gramatiku"}]},{"@type":"WebSite","@id":"https:\/\/talkpal.ai\/cs\/#website","url":"https:\/\/talkpal.ai\/cs\/","name":"Talkpal","description":"AI Language Learning","publisher":{"@id":"https:\/\/talkpal.ai\/cs\/#organization"},"alternateName":"Talkpal AI","potentialAction":[{"@type":"SearchAction","target":{"@type":"EntryPoint","urlTemplate":"https:\/\/talkpal.ai\/cs\/?s={search_term_string}"},"query-input":{"@type":"PropertyValueSpecification","valueRequired":true,"valueName":"search_term_string"}}],"inLanguage":"cs"},{"@type":"Organization","@id":"https:\/\/talkpal.ai\/cs\/#organization","name":"Talkpal, Inc.","alternateName":"Talkpal AI","url":"https:\/\/talkpal.ai\/cs\/","logo":{"@type":"ImageObject","inLanguage":"cs","@id":"https:\/\/talkpal.ai\/cs\/#\/schema\/logo\/image\/","url":"https:\/\/talkpal.ai\/wp-content\/uploads\/2024\/03\/Talkpal-Logo-Icon.png","contentUrl":"https:\/\/talkpal.ai\/wp-content\/uploads\/2024\/03\/Talkpal-Logo-Icon.png","width":2880,"height":2880,"caption":"Talkpal, Inc."},"image":{"@id":"https:\/\/talkpal.ai\/cs\/#\/schema\/logo\/image\/"},"sameAs":["https:\/\/www.facebook.com\/profile.php?id=100090733639311","https:\/\/x.com\/talkpalai","https:\/\/www.linkedin.com\/company\/talkpal\/","https:\/\/www.youtube.com\/@TalkPal\/","https:\/\/www.tiktok.com\/@talkpal","https:\/\/www.instagram.com\/talkpal_ai\/","https:\/\/www.crunchbase.com\/organization\/talkpal-9cde","https:\/\/www.g2.com\/products\/talkpal-for-business\/","https:\/\/www.trustpilot.com\/review\/talkpal.ai","https:\/\/www.capterra.com\/p\/10006800\/TalkPal\/"],"description":"Talkpal is a language learning web and mobile education app, powered by the latest AI technologies, that provides engaging experiences to its customers in many different languages to help them improve their language skills. Users can chat about unlimited amount of topics with the app and use other modes to practice their language learning.","email":"support@talkpal.ai","legalName":"Talkpal, Inc.","foundingDate":"2023-04-03","duns":"118989042","numberOfEmployees":{"@type":"QuantitativeValue","minValue":"11","maxValue":"50"},"publishingPrinciples":"https:\/\/talkpal.ai\/publishing-principles\/","actionableFeedbackPolicy":"https:\/\/talkpal.ai\/actionable-feedback-policy\/","correctionsPolicy":"https:\/\/talkpal.ai\/corrections-policy\/","ethicsPolicy":"https:\/\/talkpal.ai\/ethics-policy\/","diversityPolicy":"https:\/\/talkpal.ai\/diversity-policy\/","diversityStaffingReport":"https:\/\/talkpal.ai\/diversity-policy\/"}]}},"_links":{"self":[{"href":"https:\/\/talkpal.ai\/cs\/wp-json\/wp\/v2\/pages\/160806","targetHints":{"allow":["GET"]}}],"collection":[{"href":"https:\/\/talkpal.ai\/cs\/wp-json\/wp\/v2\/pages"}],"about":[{"href":"https:\/\/talkpal.ai\/cs\/wp-json\/wp\/v2\/types\/page"}],"author":[{"embeddable":true,"href":"https:\/\/talkpal.ai\/cs\/wp-json\/wp\/v2\/users\/6"}],"replies":[{"embeddable":true,"href":"https:\/\/talkpal.ai\/cs\/wp-json\/wp\/v2\/comments?post=160806"}],"version-history":[{"count":0,"href":"https:\/\/talkpal.ai\/cs\/wp-json\/wp\/v2\/pages\/160806\/revisions"}],"wp:featuredmedia":[{"embeddable":true,"href":"https:\/\/talkpal.ai\/cs\/wp-json\/wp\/v2\/media\/114246"}],"wp:attachment":[{"href":"https:\/\/talkpal.ai\/cs\/wp-json\/wp\/v2\/media?parent=160806"}],"curies":[{"name":"wp","href":"https:\/\/api.w.org\/{rel}","templated":true}]}}