{"id":160500,"date":"2023-06-22T08:07:24","date_gmt":"2023-06-22T08:07:24","guid":{"rendered":"http:\/\/talkpal.ai\/cviceni-lotysske-gramatiky\/"},"modified":"2025-12-17T15:51:54","modified_gmt":"2025-12-17T15:51:54","slug":"cviceni-lotysske-gramatiky","status":"publish","type":"page","link":"https:\/\/talkpal.ai\/cs\/cviceni-lotysske-gramatiky\/","title":{"rendered":"Cvi\u010den\u00ed loty\u0161sk\u00e9 gramatiky"},"content":{"rendered":"\r\n\r\n\r\n<section class=\"languageChallengeSection\">\r\n    <div class=\"languageInfoWrapper\">\r\n        \r\n        <h1>Cvi\u010den\u00ed loty\u0161sk\u00e9 gramatiky<\/h1>\r\n        <p>Chcete se c\u00edtit jist\u011bji p\u0159i pou\u017e\u00edv\u00e1n\u00ed loty\u0161tiny? Procvi\u010dov\u00e1n\u00ed gramatick\u00fdch cvi\u010den\u00ed je skv\u011bl\u00fdm zp\u016fsobem, jak si osvojit strukturu v\u011bt, slovesn\u00e9 tvary a charakteristick\u00e9 vzorce loty\u0161tiny. Za\u010dn\u011bte zkoumat loty\u0161skou gramatiku je\u0161t\u011b dnes a s ka\u017ed\u00fdm cvi\u010den\u00edm uvid\u00edte, jak se va\u0161e dovednosti a plynulost zlep\u0161uj\u00ed!<\/p>\r\n\r\n                            <a class=\"getStartedHidden\" href=\"https:\/\/app.talkpal.ai\/cs\/signup?lng=\">Za\u010dni<\/a>\r\n        \r\n    <\/div>\r\n\r\n    <figure>\r\n    <img decoding=\"async\" width=\"768\" height=\"768\" src=\"https:\/\/talkpal.ai\/wp-content\/uploads\/2023\/06\/latvian-768x768.png\" class=\"languageImage no-lazy\" alt=\"Language learning to access more cultures\" fetchpriority=\"high\" sizes=\"(max-width: 768px) 150px, 768px\" srcset=\"https:\/\/talkpal.ai\/wp-content\/uploads\/2023\/06\/latvian-768x768.png 768w, https:\/\/talkpal.ai\/wp-content\/uploads\/2023\/06\/latvian-300x300.png 300w\" \/>\r\n    \r\n\r\n    <\/figure>\r\n\r\n            <a class=\"getStartedVisible\" href=\"https:\/\/app.talkpal.ai\/cs\/signup?lng=\">Za\u010dni<\/a>\r\n    \r\n<\/section>\r\n\r\n\r\n<!-- <section class=\"grammarSection\">\r\n    <div class=\"grammarLinks\">\r\n            <\/div>\r\n<\/section> -->\r\n\r\n\r\n\r\n\r\n<section class=\"promotionalBanner\">\r\n    <p class=\"promotionalText\">Nejefektivn\u011bj\u0161\u00ed <a href=\"https:\/\/talkpal.ai\/best-way-to-learn\/\">zp\u016fsob<\/a>, jak se nau\u010dit jazyk<\/p>\r\n    <a class=\"promotionalLink\" href=\"https:\/\/app.talkpal.ai\/cs\/signup?lng=\">Vyzkou\u0161ejte Talkpal zdarma<\/a>\r\n<\/section>\n<div class=\"wp-block-group pageContainerStyle\"><div class=\"wp-block-group__inner-container is-layout-constrained wp-block-group-is-layout-constrained\">\n<h2 class=\"wp-block-heading\" id=\"h-latvian-grammar-topics\">T\u00e9mata loty\u0161sk\u00e9 gramatiky<\/h2>\n\n\n\n<p>U\u010den\u00ed se nov\u00e9mu jazyku m\u016f\u017ee b\u00fdt vzru\u0161uj\u00edc\u00ed a obohacuj\u00edc\u00ed zku\u0161enost a <a href=\"https:\/\/talkpal.ai\/learn-latvian\/\">loty\u0161tina<\/a> nen\u00ed v\u00fdjimkou. Jako \u00fa\u0159edn\u00ed jazyk Loty\u0161ska a jeden z baltsk\u00fdch jazyk\u016f m\u00e1 loty\u0161tina svou vlastn\u00ed jedine\u010dnou gramatickou strukturu a pravidla, kter\u00e1 ji odli\u0161uj\u00ed od ostatn\u00edch evropsk\u00fdch jazyk\u016f. Pro efektivn\u00ed v\u00fduku loty\u0161tiny je d\u016fle\u017eit\u00e9 porozum\u011bt a zvl\u00e1dnout r\u016fzn\u00e1 gramatick\u00e1 t\u00e9mata v logick\u00e9m sledu. Tato p\u0159\u00edru\u010dka v\u00e1m poskytne p\u0159ehled kl\u00ed\u010dov\u00fdch t\u00e9mat loty\u0161sk\u00e9 gramatiky, v\u010detn\u011b \u010das\u016f, sloves, podstatn\u00fdch jmen, \u010dlen\u016f, z\u00e1jmen, determinant\u016f, p\u0159\u00eddavn\u00fdch jmen, p\u0159\u00edslovc\u00ed, podmi\u0148ovac\u00edch v\u011bt, p\u0159edlo\u017eek a v\u011btn\u00e9 struktury, kter\u00e9 v\u00e1m pomohou vybudovat pevn\u00e9 z\u00e1klady jazyka.<\/p>\n\n\n\n<h3 class=\"wp-block-heading\" id=\"h-1-nouns-and-articles\">1. Podstatn\u00e1 jm\u00e9na a \u010dleny:<\/h3>\n\n\n\n<p>V loty\u0161tin\u011b maj\u00ed podstatn\u00e1 jm\u00e9na dva rody: mu\u017esk\u00fd a \u017eensk\u00fd. Maj\u00ed tak\u00e9 sedm p\u00e1d\u016f, kter\u00e9 ur\u010duj\u00ed funkci podstatn\u00e9ho jm\u00e9na ve v\u011bt\u011b. \u010cleny nejsou p\u0159\u00edtomny v loty\u0161tin\u011b, tak\u017ee pochopen\u00ed podstatn\u00fdch jmen, rod\u016f a p\u00e1d\u016f je pro spr\u00e1vnou komunikaci kl\u00ed\u010dov\u00e9.<\/p>\n\n\n\n<h3 class=\"wp-block-heading\" id=\"h-2-adjectives\">2. P\u0159\u00eddavn\u00e1 jm\u00e9na:<\/h3>\n\n\n\n<p>P\u0159\u00eddavn\u00e1 jm\u00e9na v loty\u0161tin\u011b souhlas\u00ed s podstatn\u00fdmi jm\u00e9ny, kter\u00e1 modifikuj\u00ed v rod\u011b, \u010d\u00edsle a p\u00e1du. U\u010den\u00ed sklo\u0148ov\u00e1n\u00ed p\u0159\u00eddavn\u00fdch jmen je d\u016fle\u017eit\u00e9 pro vytv\u00e1\u0159en\u00ed p\u0159esn\u00fdch popis\u016f a srovn\u00e1n\u00ed.<\/p>\n\n\n\n<h3 class=\"wp-block-heading\" id=\"h-3-pronouns-and-determiners\">3. Z\u00e1jmena a determinanty:<\/h3>\n\n\n\n<p>Z\u00e1jmena nahrazuj\u00ed podstatn\u00e1 jm\u00e9na ve v\u011bt\u00e1ch, zat\u00edmco determinanty ur\u010duj\u00ed nebo kvantifikuj\u00ed podstatn\u00e1 jm\u00e9na. Oba jsou z\u00e1kladn\u00edmi prvky loty\u0161sk\u00e9 gramatiky a m\u011bli byste se je nau\u010dit brzy, abyste mohli tvo\u0159it p\u0159esn\u00e9 v\u011bty.<\/p>\n\n\n\n<h3 class=\"wp-block-heading\" id=\"h-4-verbs-and-tenses\">4. Slovesa a \u010dasy:<\/h3>\n\n\n\n<p>Loty\u0161sk\u00e1 slovesa maj\u00ed t\u0159i \u010dasy: minul\u00fd, p\u0159\u00edtomn\u00fd a budouc\u00ed. Pochopen\u00ed toho, jak \u010dasovat slovesa v t\u011bchto \u010dasech, je nezbytn\u00e9 pro vyjad\u0159ov\u00e1n\u00ed d\u011bj\u016f a ud\u00e1lost\u00ed. Krom\u011b toho maj\u00ed slovesa t\u0159i zp\u016fsoby: indikativ, rozkazovac\u00ed zp\u016fsob a <a href=\"https:\/\/talkpal.ai\/ja\/grammar_exercises\/konjunktiv-%e3%83%89%e3%82%a4%e3%83%84%e6%96%87%e6%b3%95%e3%81%ae%e6%bc%94%e7%bf%92\/\">konjunktiv<\/a>.<\/p>\n\n\n\n<h3 class=\"wp-block-heading\" id=\"h-5-progressive-and-perfect-progressive\">5. Progresivn\u00ed a dokonal\u00e1 progresivn\u00ed:<\/h3>\n\n\n\n<p>Tyto aspekty vyjad\u0159uj\u00ed prob\u00edhaj\u00edc\u00ed nebo nep\u0159etr\u017eit\u00e9 \u010dinnosti. Jejich nau\u010den\u00ed v\u00e1m pom\u016f\u017ee popsat \u010dinnosti, kter\u00e9 prob\u00edhaj\u00ed nebo prob\u00edhaly po ur\u010ditou dobu.<\/p>\n\n\n\n<h3 class=\"wp-block-heading\" id=\"h-6-tense-comparison\">6. Srovn\u00e1n\u00ed \u010das\u016f:<\/h3>\n\n\n\n<p>Pochopen\u00ed toho, jak spolu \u010dasy souvis\u00ed, je nezbytn\u00e9 pro p\u0159esn\u00e9 vyj\u00e1d\u0159en\u00ed akc\u00ed a ud\u00e1lost\u00ed v r\u016fzn\u00fdch \u010dasov\u00fdch r\u00e1mc\u00edch.<\/p>\n\n\n\n<h3 class=\"wp-block-heading\" id=\"h-7-adverbs\">7. P\u0159\u00edslovce:<\/h3>\n\n\n\n<p>P\u0159\u00edslovce modifikuj\u00ed slovesa, p\u0159\u00eddavn\u00e1 jm\u00e9na nebo jin\u00e1 p\u0159\u00edslovce a poskytuj\u00ed dal\u0161\u00ed informace o popisovan\u00e9m d\u011bji nebo vlastnosti. Jsou nezbytn\u00e9 pro p\u0159id\u00e1n\u00ed detail\u016f a nuanc\u00ed do va\u0161ich v\u011bt.<\/p>\n\n\n\n<h3 class=\"wp-block-heading\" id=\"h-8-prepositions\">8. P\u0159edlo\u017eky:<\/h3>\n\n\n\n<p>P\u0159edlo\u017eky ukazuj\u00ed vztah mezi slovy ve v\u011bt\u011b, jako je m\u00edsto, sm\u011br nebo \u010das. Zvl\u00e1dnut\u00ed p\u0159edlo\u017eek je z\u00e1sadn\u00ed pro konstrukci souvisl\u00fdch a smyslupln\u00fdch v\u011bt.<\/p>\n\n\n\n<h3 class=\"wp-block-heading\" id=\"h-9-conditionals\">9. Kondicion\u00e1ly:<\/h3>\n\n\n\n<p>Podmi\u0148ovac\u00ed v\u011bty vyjad\u0159uj\u00ed hypotetick\u00e9 situace a jejich mo\u017en\u00e9 v\u00fdsledky. Nau\u010dit se tvo\u0159it a pou\u017e\u00edvat kondicion\u00e1ly je nezbytn\u00e9 pro vyj\u00e1d\u0159en\u00ed slo\u017eit\u00fdch my\u0161lenek a mo\u017enost\u00ed.<\/p>\n\n\n\n<h3 class=\"wp-block-heading\" id=\"h-10-sentences\">10. V\u011bty:<\/h3>\n\n\n\n<p>Porozum\u011bn\u00ed loty\u0161sk\u00e9 v\u011btn\u00e9 struktu\u0159e, slovosledu a interpunkci je z\u00e1sadn\u00ed pro vytv\u00e1\u0159en\u00ed jasn\u00fdch a p\u0159esn\u00fdch v\u00fdrok\u016f, ot\u00e1zek a p\u0159\u00edkaz\u016f. Zvl\u00e1dnut\u00edm v\u0161ech v\u00fd\u0161e uveden\u00fdch gramatick\u00fdch t\u00e9mat budete na dobr\u00e9 cest\u011b k tomu, abyste se stali zdatn\u00fdmi v loty\u0161tin\u011b.<\/p>\n<\/div><\/div>\n\r\n<section class=\"learnNavigationSection\">\r\n            \r\n        <a href=\"https:\/\/talkpal.ai\/cs\/naucte-se-lotyssky\/\">\r\n            <div class=\"learnNavigationWrapper\">\r\n                <div class=\"learnNavigationContent\">\r\n                    <img decoding=\"async\" src=\"https:\/\/talkpal.ai\/wp-content\/uploads\/2024\/08\/Latvian.jpg\" alt=\"Latvian Flag\">\r\n                    <div>\r\n                        <h4>O v\u00fduce loty\u0161tiny<\/h4>\r\n                        <p>Zjist\u011bte v\u0161e o loty\u0161sk\u00e9 gramatice.<\/p>\r\n                    <\/div>\r\n                <\/div>\r\n            <\/div>\r\n        <\/a>\r\n\r\n        \r\n        <a href=\"https:\/\/talkpal.ai\/cs\/lotysska-gramatika\/\">\r\n            <div class=\"learnNavigationWrapper\">\r\n                <div class=\"learnNavigationContent\">\r\n                    <img decoding=\"async\" src=\"https:\/\/talkpal.ai\/wp-content\/uploads\/2024\/08\/Latvian.jpg\" alt=\"Latvian Flag\">\r\n                    <div>\r\n                        <h4>Lekce loty\u0161sk\u00e9 gramatiky<\/h4>\r\n                        <p>Procvi\u010dte si loty\u0161skou gramatiku.<\/p>\r\n                    <\/div>\r\n                <\/div>\r\n            <\/div>\r\n        <\/a>\r\n\r\n        \r\n        <a href=\"https:\/\/talkpal.ai\/vocabulary_language\/latvian\/\">\r\n            <div class=\"learnNavigationWrapper\">\r\n                <div class=\"learnNavigationContent\">\r\n                    <img decoding=\"async\" src=\"https:\/\/talkpal.ai\/wp-content\/uploads\/2024\/08\/Latvian.jpg\" alt=\"Latvian Flag\">\r\n                    <div>\r\n                        <h4>Loty\u0161sk\u00e1 slovn\u00ed z\u00e1soba<\/h4>\r\n                        <p>Roz\u0161i\u0159te si loty\u0161skou slovn\u00ed z\u00e1sobu.<\/p>\r\n                    <\/div>\r\n                <\/div>\r\n            <\/div>\r\n        <\/a>\r\n\r\n            <\/section>","protected":false},"excerpt":{"rendered":"<p>T\u00e9mata loty\u0161sk\u00e9 gramatiky U\u010den\u00ed se nov\u00e9mu jazyku m\u016f\u017ee b\u00fdt vzru\u0161uj\u00edc\u00ed a obohacuj\u00edc\u00ed zku\u0161enost a loty\u0161tina nen\u00ed v\u00fdjimkou. Jako \u00fa\u0159edn\u00ed jazyk Loty\u0161ska a jeden z baltsk\u00fdch jazyk\u016f m\u00e1 loty\u0161tina svou vlastn\u00ed jedine\u010dnou gramatickou strukturu a pravidla, kter\u00e1 ji odli\u0161uj\u00ed od ostatn\u00edch evropsk\u00fdch jazyk\u016f. Pro efektivn\u00ed v\u00fduku loty\u0161tiny je d\u016fle\u017eit\u00e9 porozum\u011bt a zvl\u00e1dnout r\u016fzn\u00e1 gramatick\u00e1 t\u00e9mata v [&hellip;]<\/p>\n","protected":false},"author":6,"featured_media":115058,"parent":0,"menu_order":0,"comment_status":"closed","ping_status":"closed","template":"LearningContentPage.php","meta":{"_acf_changed":false,"footnotes":""},"class_list":["post-160500","page","type-page","status-publish","has-post-thumbnail","hentry"],"acf":[],"yoast_head":"<!-- This site is optimized with the Yoast SEO Premium plugin v27.2 (Yoast SEO v27.2) - https:\/\/yoast.com\/product\/yoast-seo-premium-wordpress\/ -->\n<title>Cvi\u010den\u00ed loty\u0161sk\u00e9 gramatiky - Talkpal<\/title>\n<meta name=\"description\" content=\"Zdokonalte si loty\u0161skou gramatiku prost\u0159ednictv\u00edm zapojen\u00ed Talkpal zlep\u0161ujte p\u0159esnost a zvy\u0161ujte efektivn\u011b sv\u00e9 dovednosti pomoc\u00ed interaktivn\u00edch lekc\u00ed s um\u011blou inteligenc\u00ed.\" \/>\n<meta name=\"robots\" content=\"index, follow, max-snippet:-1, max-image-preview:large, max-video-preview:-1\" \/>\n<link rel=\"canonical\" href=\"https:\/\/talkpal.ai\/cs\/cviceni-lotysske-gramatiky\/\" \/>\n<meta property=\"og:locale\" content=\"cs_CZ\" \/>\n<meta property=\"og:type\" content=\"article\" \/>\n<meta property=\"og:title\" content=\"Cvi\u010den\u00ed loty\u0161sk\u00e9 gramatiky\" \/>\n<meta property=\"og:description\" content=\"T\u00e9mata loty\u0161sk\u00e9 gramatiky U\u010den\u00ed se nov\u00e9mu jazyku m\u016f\u017ee b\u00fdt vzru\u0161uj\u00edc\u00ed a obohacuj\u00edc\u00ed zku\u0161enost a loty\u0161tina nen\u00ed v\u00fdjimkou. Jako \u00fa\u0159edn\u00ed jazyk Loty\u0161ska a jeden\" \/>\n<meta property=\"og:url\" content=\"https:\/\/talkpal.ai\/cs\/cviceni-lotysske-gramatiky\/\" \/>\n<meta property=\"og:site_name\" content=\"Talkpal\" \/>\n<meta property=\"article:publisher\" content=\"https:\/\/www.facebook.com\/profile.php?id=100090733639311\" \/>\n<meta property=\"article:modified_time\" content=\"2025-12-17T15:51:54+00:00\" \/>\n<meta property=\"og:image\" content=\"https:\/\/talkpal.ai\/wp-content\/uploads\/2023\/05\/latvia.png\" \/>\n\t<meta property=\"og:image:width\" content=\"512\" \/>\n\t<meta property=\"og:image:height\" content=\"512\" \/>\n\t<meta property=\"og:image:type\" content=\"image\/png\" \/>\n<meta name=\"twitter:card\" content=\"summary_large_image\" \/>\n<meta name=\"twitter:site\" content=\"@talkpalai\" \/>\n<meta name=\"twitter:label1\" content=\"Odhadovan\u00e1 doba \u010dten\u00ed\" \/>\n\t<meta name=\"twitter:data1\" content=\"3 minuty\" \/>\n<script type=\"application\/ld+json\" class=\"yoast-schema-graph\">{\"@context\":\"https:\/\/schema.org\",\"@graph\":[{\"@type\":\"WebPage\",\"@id\":\"https:\/\/talkpal.ai\/cs\/cviceni-lotysske-gramatiky\/\",\"url\":\"https:\/\/talkpal.ai\/cs\/cviceni-lotysske-gramatiky\/\",\"name\":\"Cvi\u010den\u00ed loty\u0161sk\u00e9 gramatiky - Talkpal\",\"isPartOf\":{\"@id\":\"https:\/\/talkpal.ai\/cs\/#website\"},\"primaryImageOfPage\":{\"@id\":\"https:\/\/talkpal.ai\/cs\/cviceni-lotysske-gramatiky\/#primaryimage\"},\"image\":{\"@id\":\"https:\/\/talkpal.ai\/cs\/cviceni-lotysske-gramatiky\/#primaryimage\"},\"thumbnailUrl\":\"https:\/\/talkpal.ai\/wp-content\/uploads\/2023\/05\/latvia.png\",\"datePublished\":\"2023-06-22T08:07:24+00:00\",\"dateModified\":\"2025-12-17T15:51:54+00:00\",\"description\":\"Zdokonalte si loty\u0161skou gramatiku prost\u0159ednictv\u00edm zapojen\u00ed Talkpal zlep\u0161ujte p\u0159esnost a zvy\u0161ujte efektivn\u011b sv\u00e9 dovednosti pomoc\u00ed interaktivn\u00edch lekc\u00ed s um\u011blou inteligenc\u00ed.\",\"breadcrumb\":{\"@id\":\"https:\/\/talkpal.ai\/cs\/cviceni-lotysske-gramatiky\/#breadcrumb\"},\"inLanguage\":\"cs\",\"potentialAction\":[{\"@type\":\"ReadAction\",\"target\":[\"https:\/\/talkpal.ai\/cs\/cviceni-lotysske-gramatiky\/\"]}]},{\"@type\":\"ImageObject\",\"inLanguage\":\"cs\",\"@id\":\"https:\/\/talkpal.ai\/cs\/cviceni-lotysske-gramatiky\/#primaryimage\",\"url\":\"https:\/\/talkpal.ai\/wp-content\/uploads\/2023\/05\/latvia.png\",\"contentUrl\":\"https:\/\/talkpal.ai\/wp-content\/uploads\/2023\/05\/latvia.png\",\"width\":512,\"height\":512},{\"@type\":\"BreadcrumbList\",\"@id\":\"https:\/\/talkpal.ai\/cs\/cviceni-lotysske-gramatiky\/#breadcrumb\",\"itemListElement\":[{\"@type\":\"ListItem\",\"position\":1,\"name\":\"Homepage\",\"item\":\"https:\/\/talkpal.ai\/cs\/\"},{\"@type\":\"ListItem\",\"position\":2,\"name\":\"Cvi\u010den\u00ed loty\u0161sk\u00e9 gramatiky\"}]},{\"@type\":\"WebSite\",\"@id\":\"https:\/\/talkpal.ai\/cs\/#website\",\"url\":\"https:\/\/talkpal.ai\/cs\/\",\"name\":\"Talkpal\",\"description\":\"AI Language Learning\",\"publisher\":{\"@id\":\"https:\/\/talkpal.ai\/cs\/#organization\"},\"alternateName\":\"Talkpal AI\",\"potentialAction\":[{\"@type\":\"SearchAction\",\"target\":{\"@type\":\"EntryPoint\",\"urlTemplate\":\"https:\/\/talkpal.ai\/cs\/?s={search_term_string}\"},\"query-input\":{\"@type\":\"PropertyValueSpecification\",\"valueRequired\":true,\"valueName\":\"search_term_string\"}}],\"inLanguage\":\"cs\"},{\"@type\":\"Organization\",\"@id\":\"https:\/\/talkpal.ai\/cs\/#organization\",\"name\":\"Talkpal, Inc.\",\"alternateName\":\"Talkpal AI\",\"url\":\"https:\/\/talkpal.ai\/cs\/\",\"logo\":{\"@type\":\"ImageObject\",\"inLanguage\":\"cs\",\"@id\":\"https:\/\/talkpal.ai\/cs\/#\/schema\/logo\/image\/\",\"url\":\"https:\/\/talkpal.ai\/wp-content\/uploads\/2024\/03\/Talkpal-Logo-Icon.png\",\"contentUrl\":\"https:\/\/talkpal.ai\/wp-content\/uploads\/2024\/03\/Talkpal-Logo-Icon.png\",\"width\":2880,\"height\":2880,\"caption\":\"Talkpal, Inc.\"},\"image\":{\"@id\":\"https:\/\/talkpal.ai\/cs\/#\/schema\/logo\/image\/\"},\"sameAs\":[\"https:\/\/www.facebook.com\/profile.php?id=100090733639311\",\"https:\/\/x.com\/talkpalai\",\"https:\/\/www.linkedin.com\/company\/talkpal\/\",\"https:\/\/www.youtube.com\/@TalkPal\/\",\"https:\/\/www.tiktok.com\/@talkpal\",\"https:\/\/www.instagram.com\/talkpal_ai\/\",\"https:\/\/www.crunchbase.com\/organization\/talkpal-9cde\",\"https:\/\/www.g2.com\/products\/talkpal-for-business\/\",\"https:\/\/www.trustpilot.com\/review\/talkpal.ai\",\"https:\/\/www.capterra.com\/p\/10006800\/TalkPal\/\"],\"description\":\"Talkpal is a language learning web and mobile education app, powered by the latest AI technologies, that provides engaging experiences to its customers in many different languages to help them improve their language skills. Users can chat about unlimited amount of topics with the app and use other modes to practice their language learning.\",\"email\":\"support@talkpal.ai\",\"legalName\":\"Talkpal, Inc.\",\"foundingDate\":\"2023-04-03\",\"duns\":\"118989042\",\"numberOfEmployees\":{\"@type\":\"QuantitativeValue\",\"minValue\":\"11\",\"maxValue\":\"50\"},\"publishingPrinciples\":\"https:\/\/talkpal.ai\/publishing-principles\/\",\"actionableFeedbackPolicy\":\"https:\/\/talkpal.ai\/actionable-feedback-policy\/\",\"correctionsPolicy\":\"https:\/\/talkpal.ai\/corrections-policy\/\",\"ethicsPolicy\":\"https:\/\/talkpal.ai\/ethics-policy\/\",\"diversityPolicy\":\"https:\/\/talkpal.ai\/diversity-policy\/\",\"diversityStaffingReport\":\"https:\/\/talkpal.ai\/diversity-policy\/\"}]}<\/script>\n<!-- \/ Yoast SEO Premium plugin. -->","yoast_head_json":{"title":"Cvi\u010den\u00ed loty\u0161sk\u00e9 gramatiky - Talkpal","description":"Zdokonalte si loty\u0161skou gramatiku prost\u0159ednictv\u00edm zapojen\u00ed Talkpal zlep\u0161ujte p\u0159esnost a zvy\u0161ujte efektivn\u011b sv\u00e9 dovednosti pomoc\u00ed interaktivn\u00edch lekc\u00ed s um\u011blou inteligenc\u00ed.","robots":{"index":"index","follow":"follow","max-snippet":"max-snippet:-1","max-image-preview":"max-image-preview:large","max-video-preview":"max-video-preview:-1"},"canonical":"https:\/\/talkpal.ai\/cs\/cviceni-lotysske-gramatiky\/","og_locale":"cs_CZ","og_type":"article","og_title":"Cvi\u010den\u00ed loty\u0161sk\u00e9 gramatiky","og_description":"T\u00e9mata loty\u0161sk\u00e9 gramatiky U\u010den\u00ed se nov\u00e9mu jazyku m\u016f\u017ee b\u00fdt vzru\u0161uj\u00edc\u00ed a obohacuj\u00edc\u00ed zku\u0161enost a loty\u0161tina nen\u00ed v\u00fdjimkou. Jako \u00fa\u0159edn\u00ed jazyk Loty\u0161ska a jeden","og_url":"https:\/\/talkpal.ai\/cs\/cviceni-lotysske-gramatiky\/","og_site_name":"Talkpal","article_publisher":"https:\/\/www.facebook.com\/profile.php?id=100090733639311","article_modified_time":"2025-12-17T15:51:54+00:00","og_image":[{"width":512,"height":512,"url":"https:\/\/talkpal.ai\/wp-content\/uploads\/2023\/05\/latvia.png","type":"image\/png"}],"twitter_card":"summary_large_image","twitter_site":"@talkpalai","twitter_misc":{"Odhadovan\u00e1 doba \u010dten\u00ed":"3 minuty"},"schema":{"@context":"https:\/\/schema.org","@graph":[{"@type":"WebPage","@id":"https:\/\/talkpal.ai\/cs\/cviceni-lotysske-gramatiky\/","url":"https:\/\/talkpal.ai\/cs\/cviceni-lotysske-gramatiky\/","name":"Cvi\u010den\u00ed loty\u0161sk\u00e9 gramatiky - Talkpal","isPartOf":{"@id":"https:\/\/talkpal.ai\/cs\/#website"},"primaryImageOfPage":{"@id":"https:\/\/talkpal.ai\/cs\/cviceni-lotysske-gramatiky\/#primaryimage"},"image":{"@id":"https:\/\/talkpal.ai\/cs\/cviceni-lotysske-gramatiky\/#primaryimage"},"thumbnailUrl":"https:\/\/talkpal.ai\/wp-content\/uploads\/2023\/05\/latvia.png","datePublished":"2023-06-22T08:07:24+00:00","dateModified":"2025-12-17T15:51:54+00:00","description":"Zdokonalte si loty\u0161skou gramatiku prost\u0159ednictv\u00edm zapojen\u00ed Talkpal zlep\u0161ujte p\u0159esnost a zvy\u0161ujte efektivn\u011b sv\u00e9 dovednosti pomoc\u00ed interaktivn\u00edch lekc\u00ed s um\u011blou inteligenc\u00ed.","breadcrumb":{"@id":"https:\/\/talkpal.ai\/cs\/cviceni-lotysske-gramatiky\/#breadcrumb"},"inLanguage":"cs","potentialAction":[{"@type":"ReadAction","target":["https:\/\/talkpal.ai\/cs\/cviceni-lotysske-gramatiky\/"]}]},{"@type":"ImageObject","inLanguage":"cs","@id":"https:\/\/talkpal.ai\/cs\/cviceni-lotysske-gramatiky\/#primaryimage","url":"https:\/\/talkpal.ai\/wp-content\/uploads\/2023\/05\/latvia.png","contentUrl":"https:\/\/talkpal.ai\/wp-content\/uploads\/2023\/05\/latvia.png","width":512,"height":512},{"@type":"BreadcrumbList","@id":"https:\/\/talkpal.ai\/cs\/cviceni-lotysske-gramatiky\/#breadcrumb","itemListElement":[{"@type":"ListItem","position":1,"name":"Homepage","item":"https:\/\/talkpal.ai\/cs\/"},{"@type":"ListItem","position":2,"name":"Cvi\u010den\u00ed loty\u0161sk\u00e9 gramatiky"}]},{"@type":"WebSite","@id":"https:\/\/talkpal.ai\/cs\/#website","url":"https:\/\/talkpal.ai\/cs\/","name":"Talkpal","description":"AI Language Learning","publisher":{"@id":"https:\/\/talkpal.ai\/cs\/#organization"},"alternateName":"Talkpal AI","potentialAction":[{"@type":"SearchAction","target":{"@type":"EntryPoint","urlTemplate":"https:\/\/talkpal.ai\/cs\/?s={search_term_string}"},"query-input":{"@type":"PropertyValueSpecification","valueRequired":true,"valueName":"search_term_string"}}],"inLanguage":"cs"},{"@type":"Organization","@id":"https:\/\/talkpal.ai\/cs\/#organization","name":"Talkpal, Inc.","alternateName":"Talkpal AI","url":"https:\/\/talkpal.ai\/cs\/","logo":{"@type":"ImageObject","inLanguage":"cs","@id":"https:\/\/talkpal.ai\/cs\/#\/schema\/logo\/image\/","url":"https:\/\/talkpal.ai\/wp-content\/uploads\/2024\/03\/Talkpal-Logo-Icon.png","contentUrl":"https:\/\/talkpal.ai\/wp-content\/uploads\/2024\/03\/Talkpal-Logo-Icon.png","width":2880,"height":2880,"caption":"Talkpal, Inc."},"image":{"@id":"https:\/\/talkpal.ai\/cs\/#\/schema\/logo\/image\/"},"sameAs":["https:\/\/www.facebook.com\/profile.php?id=100090733639311","https:\/\/x.com\/talkpalai","https:\/\/www.linkedin.com\/company\/talkpal\/","https:\/\/www.youtube.com\/@TalkPal\/","https:\/\/www.tiktok.com\/@talkpal","https:\/\/www.instagram.com\/talkpal_ai\/","https:\/\/www.crunchbase.com\/organization\/talkpal-9cde","https:\/\/www.g2.com\/products\/talkpal-for-business\/","https:\/\/www.trustpilot.com\/review\/talkpal.ai","https:\/\/www.capterra.com\/p\/10006800\/TalkPal\/"],"description":"Talkpal is a language learning web and mobile education app, powered by the latest AI technologies, that provides engaging experiences to its customers in many different languages to help them improve their language skills. Users can chat about unlimited amount of topics with the app and use other modes to practice their language learning.","email":"support@talkpal.ai","legalName":"Talkpal, Inc.","foundingDate":"2023-04-03","duns":"118989042","numberOfEmployees":{"@type":"QuantitativeValue","minValue":"11","maxValue":"50"},"publishingPrinciples":"https:\/\/talkpal.ai\/publishing-principles\/","actionableFeedbackPolicy":"https:\/\/talkpal.ai\/actionable-feedback-policy\/","correctionsPolicy":"https:\/\/talkpal.ai\/corrections-policy\/","ethicsPolicy":"https:\/\/talkpal.ai\/ethics-policy\/","diversityPolicy":"https:\/\/talkpal.ai\/diversity-policy\/","diversityStaffingReport":"https:\/\/talkpal.ai\/diversity-policy\/"}]}},"_links":{"self":[{"href":"https:\/\/talkpal.ai\/cs\/wp-json\/wp\/v2\/pages\/160500","targetHints":{"allow":["GET"]}}],"collection":[{"href":"https:\/\/talkpal.ai\/cs\/wp-json\/wp\/v2\/pages"}],"about":[{"href":"https:\/\/talkpal.ai\/cs\/wp-json\/wp\/v2\/types\/page"}],"author":[{"embeddable":true,"href":"https:\/\/talkpal.ai\/cs\/wp-json\/wp\/v2\/users\/6"}],"replies":[{"embeddable":true,"href":"https:\/\/talkpal.ai\/cs\/wp-json\/wp\/v2\/comments?post=160500"}],"version-history":[{"count":0,"href":"https:\/\/talkpal.ai\/cs\/wp-json\/wp\/v2\/pages\/160500\/revisions"}],"wp:featuredmedia":[{"embeddable":true,"href":"https:\/\/talkpal.ai\/cs\/wp-json\/wp\/v2\/media\/115058"}],"wp:attachment":[{"href":"https:\/\/talkpal.ai\/cs\/wp-json\/wp\/v2\/media?parent=160500"}],"curies":[{"name":"wp","href":"https:\/\/api.w.org\/{rel}","templated":true}]}}