{"id":160214,"date":"2023-06-22T08:12:52","date_gmt":"2023-06-22T08:12:52","guid":{"rendered":"http:\/\/talkpal.ai\/cviceni-z-litevske-gramatiky\/"},"modified":"2025-12-17T15:54:36","modified_gmt":"2025-12-17T15:54:36","slug":"cviceni-z-litevske-gramatiky","status":"publish","type":"page","link":"https:\/\/talkpal.ai\/cs\/cviceni-z-litevske-gramatiky\/","title":{"rendered":"Cvi\u010den\u00ed z litevsk\u00e9 gramatiky"},"content":{"rendered":"\r\n\r\n\r\n<section class=\"languageChallengeSection\">\r\n    <div class=\"languageInfoWrapper\">\r\n        \r\n        <h1>Cvi\u010den\u00ed z litevsk\u00e9 gramatiky<\/h1>\r\n        <p>Jste p\u0159ipraveni posunout svou litev\u0161tinu na vy\u0161\u0161\u00ed \u00farove\u0148? Procvi\u010dov\u00e1n\u00ed gramatick\u00fdch cvi\u010den\u00ed je vynikaj\u00edc\u00edm zp\u016fsobem, jak si osvojit strukturu v\u011bt, slovesn\u00e9 tvary a jedine\u010dn\u00e9 vzorce litevsk\u00e9ho jazyka. Za\u010dn\u011bte zkoumat litevskou gramatiku je\u0161t\u011b dnes a sledujte, jak va\u0161e dovednosti a sebed\u016fv\u011bra rostou s ka\u017ed\u00fdm cvi\u010den\u00edm!<\/p>\r\n\r\n                            <a class=\"getStartedHidden\" href=\"https:\/\/app.talkpal.ai\/cs\/signup?lng=\">Za\u010dni<\/a>\r\n        \r\n    <\/div>\r\n\r\n    <figure>\r\n    <img decoding=\"async\" width=\"768\" height=\"768\" src=\"https:\/\/talkpal.ai\/wp-content\/uploads\/2023\/06\/lithuenian-768x768.png\" class=\"languageImage no-lazy\" alt=\"Language learning for boosting creativity\" fetchpriority=\"high\" sizes=\"(max-width: 768px) 150px, 768px\" srcset=\"https:\/\/talkpal.ai\/wp-content\/uploads\/2023\/06\/lithuenian-768x768.png 768w, https:\/\/talkpal.ai\/wp-content\/uploads\/2023\/06\/lithuenian-300x300.png 300w\" \/>\r\n    \r\n\r\n    <\/figure>\r\n\r\n            <a class=\"getStartedVisible\" href=\"https:\/\/app.talkpal.ai\/cs\/signup?lng=\">Za\u010dni<\/a>\r\n    \r\n<\/section>\r\n\r\n\r\n<!-- <section class=\"grammarSection\">\r\n    <div class=\"grammarLinks\">\r\n            <\/div>\r\n<\/section> -->\r\n\r\n\r\n\r\n\r\n<section class=\"promotionalBanner\">\r\n    <p class=\"promotionalText\">Nejefektivn\u011bj\u0161\u00ed <a href=\"https:\/\/talkpal.ai\/best-way-to-learn\/\">zp\u016fsob<\/a>, jak se nau\u010dit jazyk<\/p>\r\n    <a class=\"promotionalLink\" href=\"https:\/\/app.talkpal.ai\/cs\/signup?lng=\">Vyzkou\u0161ejte Talkpal zdarma<\/a>\r\n<\/section>\n<div class=\"wp-block-group pageContainerStyle\"><div class=\"wp-block-group__inner-container is-layout-constrained wp-block-group-is-layout-constrained\">\n<h2 class=\"wp-block-heading\" id=\"h-lithuanian-grammar-topics\">T\u00e9mata litevsk\u00e9 gramatiky<\/h2>\n\n\n\n<p>Studium litev\u0161tiny je nejen jedine\u010dnou a obohacuj\u00edc\u00ed zku\u0161enost\u00ed, ale tak\u00e9 otev\u00edr\u00e1 zcela nov\u00fd sv\u011bt kulturn\u00edho pozn\u00e1v\u00e1n\u00ed. <a href=\"https:\/\/talkpal.ai\/learn-lithuanian\/\">Litev\u0161tina<\/a> jako baltsk\u00fd jazyk si zachovala mnoho rys\u016f starov\u011bk\u00fdch indoevropsk\u00fdch jazyk\u016f, co\u017e z n\u00ed \u010din\u00ed d\u016fle\u017eit\u00fd jazyk pro historick\u00e1 a lingvistick\u00e1 studia. <a href=\"https:\/\/talkpal.ai\/sq\/gramatika\/\">Gramatika<\/a> litev\u0161tiny se m\u016f\u017ee zd\u00e1t slo\u017eit\u00e1, ale kdy\u017e si ji rozd\u011bl\u00edte na men\u0161\u00ed t\u00e9mata a nau\u010d\u00edte se je v logick\u00e9m sledu, bude va\u0161e cesta plynulej\u0161\u00ed a p\u0159\u00edjemn\u011bj\u0161\u00ed. V t\u00e9to p\u0159\u00edru\u010dce p\u0159edstav\u00edme t\u00e9mata litevsk\u00e9 gramatiky v po\u0159ad\u00ed, v jak\u00e9m byste se je m\u011bli nau\u010dit, a poskytneme stru\u010dn\u00fd p\u0159ehled ka\u017ed\u00e9ho t\u00e9matu.<\/p>\n\n\n\n<h3 class=\"wp-block-heading\" id=\"h-1-nouns\">1. Podstatn\u00e1 jm\u00e9na:<\/h3>\n\n\n\n<p>Podstatn\u00e1 jm\u00e9na tvo\u0159\u00ed p\u00e1te\u0159 v\u011bt\u0161iny v\u011bt, tak\u017ee za\u010dn\u011bte t\u00edm, \u017ee se nau\u010d\u00edte syst\u00e9m sklo\u0148ov\u00e1n\u00ed podstatn\u00fdch jmen v litev\u0161tin\u011b. Existuje p\u011bt sklo\u0148ov\u00e1n\u00ed podstatn\u00fdch jmen, z nich\u017e ka\u017ed\u00e9 m\u00e1 svou vlastn\u00ed sadu koncovek pro tvary jednotn\u00e9ho a mno\u017en\u00e9ho \u010d\u00edsla. V\u011bnujte pozornost rodu podstatn\u00fdch jmen, proto\u017ee to ovlivn\u00ed koncovky pou\u017e\u00edvan\u00e9 p\u0159i sklo\u0148ov\u00e1n\u00ed.<\/p>\n\n\n\n<h3 class=\"wp-block-heading\" id=\"h-2-articles\">2. \u010cl\u00e1nky:<\/h3>\n\n\n\n<p>Na rozd\u00edl od angli\u010dtiny nem\u00e1 <a href=\"https:\/\/talkpal.ai\/learn-lithuanian\/\">litev\u0161tina<\/a> \u010dleny ur\u010dit\u00e9 ani neur\u010dit\u00e9, tak\u017ee m\u00e1te o jednu gramatickou slo\u017eku m\u00e9n\u011b!<\/p>\n\n\n\n<h3 class=\"wp-block-heading\" id=\"h-3-adjectives\">3. P\u0159\u00eddavn\u00e1 jm\u00e9na:<\/h3>\n\n\n\n<p>P\u0159\u00eddavn\u00e1 jm\u00e9na se shoduj\u00ed s podstatn\u00fdmi jm\u00e9ny v rod\u011b, p\u00e1d\u011b a \u010d\u00edsle. Nau\u010dte se r\u016fzn\u00e9 koncovky p\u0159\u00eddavn\u00fdch jmen a jak se m\u011bn\u00ed v z\u00e1vislosti na podstatn\u00e9m jm\u00e9nu, kter\u00e9 modifikuj\u00ed.<\/p>\n\n\n\n<h3 class=\"wp-block-heading\" id=\"h-4-pronouns-determiners\">4. Z\u00e1jmena\/determinanty:<\/h3>\n\n\n\n<p>Stejn\u011b jako v jin\u00fdch jazyc\u00edch pom\u00e1haj\u00ed z\u00e1jmena a determinanty zajistit jasnost a specifi\u010dnost ve v\u011bt\u00e1ch. Nau\u010dte se r\u016fzn\u00e9 typy z\u00e1jmen a determinant\u016f a jejich r\u016fzn\u00e9 tvary a pou\u017eit\u00ed v litev\u0161tin\u011b.<\/p>\n\n\n\n<h3 class=\"wp-block-heading\" id=\"h-5-verbs\">5. Slovesa:<\/h3>\n\n\n\n<p>Slovesa jsou nezbytn\u00e1 pro vyj\u00e1d\u0159en\u00ed d\u011bj\u016f a stav\u016f byt\u00ed. Za\u010dn\u011bte p\u0159\u00edtomn\u00fdm \u010dasem a pot\u00e9 p\u0159ejd\u011bte k minul\u00e9mu a budouc\u00edmu \u010dasu. V\u011bnujte pozornost vzorc\u016fm \u010dasov\u00e1n\u00ed a tak\u00e9 nepravideln\u00fdm sloves\u016fm.<\/p>\n\n\n\n<h3 class=\"wp-block-heading\" id=\"h-6-tense-comparison\">6. Srovn\u00e1n\u00ed \u010das\u016f:<\/h3>\n\n\n\n<p>Po zvl\u00e1dnut\u00ed z\u00e1kladn\u00edch \u010das\u016f se nau\u010dte, jak je porovn\u00e1vat a porozum\u011bt nuanc\u00edm jejich pou\u017eit\u00ed. To zahrnuje pochopen\u00ed rozd\u00edl\u016f mezi jednoduch\u00fdmi a slo\u017een\u00fdmi \u010dasy, stejn\u011b jako perfektn\u00edho pr\u016fb\u011bhov\u00e9ho \u010dasu.<\/p>\n\n\n\n<h3 class=\"wp-block-heading\" id=\"h-7-progressive-and-perfect-progressive\">7. Progresivn\u00ed a dokonal\u00e1 progresivita:<\/h3>\n\n\n\n<p>Litev\u0161tina nem\u00e1 specifick\u00e9 progresivn\u00ed formy jako <a href=\"https:\/\/talkpal.ai\/learn-english-with-ai\/\">angli\u010dtina<\/a>, ale m\u016f\u017eete vyj\u00e1d\u0159it prob\u00edhaj\u00edc\u00ed a dokon\u010den\u00e9 akce pomoc\u00ed specifick\u00fdch konstrukc\u00ed. Nau\u010dte se tyto konstrukce a jak je efektivn\u011b vyu\u017e\u00edvat.<\/p>\n\n\n\n<h3 class=\"wp-block-heading\" id=\"h-8-adverbs\">8. P\u0159\u00edslovce:<\/h3>\n\n\n\n<p>P\u0159\u00eddavn\u00e1 jm\u00e9na modifikuj\u00ed podstatn\u00e1 jm\u00e9na, zat\u00edmco p\u0159\u00edslovce modifikuj\u00ed slovesa, p\u0159\u00eddavn\u00e1 jm\u00e9na nebo jin\u00e1 p\u0159\u00edslovce. Nau\u010dte se r\u016fzn\u00e9 typy p\u0159\u00edslovc\u00ed a jejich um\u00edst\u011bn\u00ed ve v\u011bt\u00e1ch.<\/p>\n\n\n\n<h3 class=\"wp-block-heading\" id=\"h-9-prepositions\">9. P\u0159edlo\u017eky:<\/h3>\n\n\n\n<p>P\u0159edlo\u017eky ukazuj\u00ed vztah mezi slovy ve v\u011bt\u011b. Nau\u010dte se r\u016fzn\u00e9 p\u0159edlo\u017eky a jejich pou\u017eit\u00ed v r\u016fzn\u00fdch kontextech.<\/p>\n\n\n\n<h3 class=\"wp-block-heading\" id=\"h-10-conditionals\">10. Kondicion\u00e1ly:<\/h3>\n\n\n\n<p>Podmi\u0148ovac\u00ed zp\u016fsob vyjad\u0159uje hypotetick\u00e9 nebo nere\u00e1ln\u00e9 situace. Nau\u010dte se r\u016fzn\u00e9 typy kondicion\u00e1l\u016f a jejich p\u0159\u00edslu\u0161n\u00e9 konstrukce v litev\u0161tin\u011b.<\/p>\n\n\n\n<h3 class=\"wp-block-heading\" id=\"h-11-sentences\">11. V\u011bty:<\/h3>\n\n\n\n<p>Nakonec v\u0161e spojte dohromady t\u00edm, \u017ee se sezn\u00e1m\u00edte se strukturou v\u011bt v litev\u0161tin\u011b. Pochopte z\u00e1kladn\u00ed slovosled a to, jak jej lze upravit pro zd\u016frazn\u011bn\u00ed nebo srozumitelnost. Procvi\u010dte si tvorbu v\u011bt s pou\u017eit\u00edm v\u0161ech gramatick\u00fdch prvk\u016f, kter\u00e9 jste se dosud nau\u010dili.<\/p>\n\n\n\n<p>Dodr\u017eov\u00e1n\u00edm tohoto sledu t\u00e9mat z\u00edsk\u00e1te solidn\u00ed znalosti litevsk\u00e9 gramatiky a budete na dobr\u00e9 cest\u011b k plynul\u00e9 znalosti jazyka.<\/p>\n<\/div><\/div>\n\r\n<section class=\"learnNavigationSection\">\r\n            \r\n        <a href=\"https:\/\/talkpal.ai\/cs\/naucte-se-litevsky\/\">\r\n            <div class=\"learnNavigationWrapper\">\r\n                <div class=\"learnNavigationContent\">\r\n                    <img decoding=\"async\" src=\"https:\/\/talkpal.ai\/wp-content\/uploads\/2024\/08\/Lithuanian.jpg\" alt=\"Lithuanian Flag\">\r\n                    <div>\r\n                        <h4>O v\u00fduce litev\u0161tiny<\/h4>\r\n                        <p>Zjist\u011bte v\u0161e o litevsk\u00e9 gramatice.<\/p>\r\n                    <\/div>\r\n                <\/div>\r\n            <\/div>\r\n        <\/a>\r\n\r\n        \r\n        <a href=\"https:\/\/talkpal.ai\/cs\/litevska-gramatika\/\">\r\n            <div class=\"learnNavigationWrapper\">\r\n                <div class=\"learnNavigationContent\">\r\n                    <img decoding=\"async\" src=\"https:\/\/talkpal.ai\/wp-content\/uploads\/2024\/08\/Lithuanian.jpg\" alt=\"Lithuanian Flag\">\r\n                    <div>\r\n                        <h4>Lekce litevsk\u00e9 gramatiky<\/h4>\r\n                        <p>Procvi\u010dte si litevskou gramatiku.<\/p>\r\n                    <\/div>\r\n                <\/div>\r\n            <\/div>\r\n        <\/a>\r\n\r\n        \r\n        <a href=\"https:\/\/talkpal.ai\/vocabulary_language\/lithuanian\/\">\r\n            <div class=\"learnNavigationWrapper\">\r\n                <div class=\"learnNavigationContent\">\r\n                    <img decoding=\"async\" src=\"https:\/\/talkpal.ai\/wp-content\/uploads\/2024\/08\/Lithuanian.jpg\" alt=\"Lithuanian Flag\">\r\n                    <div>\r\n                        <h4>Litevsk\u00e1 slovn\u00ed z\u00e1soba<\/h4>\r\n                        <p>Roz\u0161i\u0159te si slovn\u00ed z\u00e1sobu litev\u0161tiny.<\/p>\r\n                    <\/div>\r\n                <\/div>\r\n            <\/div>\r\n        <\/a>\r\n\r\n            <\/section>","protected":false},"excerpt":{"rendered":"<p>T\u00e9mata litevsk\u00e9 gramatiky Studium litev\u0161tiny je nejen jedine\u010dnou a obohacuj\u00edc\u00ed zku\u0161enost\u00ed, ale tak\u00e9 otev\u00edr\u00e1 zcela nov\u00fd sv\u011bt kulturn\u00edho pozn\u00e1v\u00e1n\u00ed. Litev\u0161tina jako baltsk\u00fd jazyk si zachovala mnoho rys\u016f starov\u011bk\u00fdch indoevropsk\u00fdch jazyk\u016f, co\u017e z n\u00ed \u010din\u00ed d\u016fle\u017eit\u00fd jazyk pro historick\u00e1 a lingvistick\u00e1 studia. Gramatika litev\u0161tiny se m\u016f\u017ee zd\u00e1t slo\u017eit\u00e1, ale kdy\u017e si ji rozd\u011bl\u00edte na men\u0161\u00ed t\u00e9mata [&hellip;]<\/p>\n","protected":false},"author":6,"featured_media":114826,"parent":0,"menu_order":0,"comment_status":"closed","ping_status":"closed","template":"LearningContentPage.php","meta":{"_acf_changed":false,"footnotes":""},"class_list":["post-160214","page","type-page","status-publish","has-post-thumbnail","hentry"],"acf":[],"yoast_head":"<!-- This site is optimized with the Yoast SEO Premium plugin v27.2 (Yoast SEO v27.2) - https:\/\/yoast.com\/product\/yoast-seo-premium-wordpress\/ -->\n<title>Cvi\u010den\u00ed z litevsk\u00e9 gramatiky - Talkpal<\/title>\n<meta name=\"description\" content=\"Zvl\u00e1dn\u011bte slo\u017eitosti jazyka pomoc\u00ed poutav\u00fdch cvi\u010den\u00ed litevsk\u00e9 gramatiky, kter\u00e1 zv\u00fd\u0161\u00ed va\u0161i \u00farove\u0148 znalost\u00ed.\" \/>\n<meta name=\"robots\" content=\"index, follow, max-snippet:-1, max-image-preview:large, max-video-preview:-1\" \/>\n<link rel=\"canonical\" href=\"https:\/\/talkpal.ai\/cs\/cviceni-z-litevske-gramatiky\/\" \/>\n<meta property=\"og:locale\" content=\"cs_CZ\" \/>\n<meta property=\"og:type\" content=\"article\" \/>\n<meta property=\"og:title\" content=\"Cvi\u010den\u00ed z litevsk\u00e9 gramatiky\" \/>\n<meta property=\"og:description\" content=\"T\u00e9mata litevsk\u00e9 gramatiky Studium litev\u0161tiny je nejen jedine\u010dnou a obohacuj\u00edc\u00ed zku\u0161enost\u00ed, ale tak\u00e9 otev\u00edr\u00e1 zcela nov\u00fd sv\u011bt kulturn\u00edho pozn\u00e1v\u00e1n\u00ed.\" \/>\n<meta property=\"og:url\" content=\"https:\/\/talkpal.ai\/cs\/cviceni-z-litevske-gramatiky\/\" \/>\n<meta property=\"og:site_name\" content=\"Talkpal\" \/>\n<meta property=\"article:publisher\" content=\"https:\/\/www.facebook.com\/profile.php?id=100090733639311\" \/>\n<meta property=\"article:modified_time\" content=\"2025-12-17T15:54:36+00:00\" \/>\n<meta property=\"og:image\" content=\"https:\/\/talkpal.ai\/wp-content\/uploads\/2023\/05\/Lithuanian.png\" \/>\n\t<meta property=\"og:image:width\" content=\"512\" \/>\n\t<meta property=\"og:image:height\" content=\"512\" \/>\n\t<meta property=\"og:image:type\" content=\"image\/png\" \/>\n<meta name=\"twitter:card\" content=\"summary_large_image\" \/>\n<meta name=\"twitter:site\" content=\"@talkpalai\" \/>\n<meta name=\"twitter:label1\" content=\"Odhadovan\u00e1 doba \u010dten\u00ed\" \/>\n\t<meta name=\"twitter:data1\" content=\"3 minuty\" \/>\n<script type=\"application\/ld+json\" class=\"yoast-schema-graph\">{\"@context\":\"https:\/\/schema.org\",\"@graph\":[{\"@type\":\"WebPage\",\"@id\":\"https:\/\/talkpal.ai\/cs\/cviceni-z-litevske-gramatiky\/\",\"url\":\"https:\/\/talkpal.ai\/cs\/cviceni-z-litevske-gramatiky\/\",\"name\":\"Cvi\u010den\u00ed z litevsk\u00e9 gramatiky - Talkpal\",\"isPartOf\":{\"@id\":\"https:\/\/talkpal.ai\/cs\/#website\"},\"primaryImageOfPage\":{\"@id\":\"https:\/\/talkpal.ai\/cs\/cviceni-z-litevske-gramatiky\/#primaryimage\"},\"image\":{\"@id\":\"https:\/\/talkpal.ai\/cs\/cviceni-z-litevske-gramatiky\/#primaryimage\"},\"thumbnailUrl\":\"https:\/\/talkpal.ai\/wp-content\/uploads\/2023\/05\/Lithuanian.png\",\"datePublished\":\"2023-06-22T08:12:52+00:00\",\"dateModified\":\"2025-12-17T15:54:36+00:00\",\"description\":\"Zvl\u00e1dn\u011bte slo\u017eitosti jazyka pomoc\u00ed poutav\u00fdch cvi\u010den\u00ed litevsk\u00e9 gramatiky, kter\u00e1 zv\u00fd\u0161\u00ed va\u0161i \u00farove\u0148 znalost\u00ed.\",\"breadcrumb\":{\"@id\":\"https:\/\/talkpal.ai\/cs\/cviceni-z-litevske-gramatiky\/#breadcrumb\"},\"inLanguage\":\"cs\",\"potentialAction\":[{\"@type\":\"ReadAction\",\"target\":[\"https:\/\/talkpal.ai\/cs\/cviceni-z-litevske-gramatiky\/\"]}]},{\"@type\":\"ImageObject\",\"inLanguage\":\"cs\",\"@id\":\"https:\/\/talkpal.ai\/cs\/cviceni-z-litevske-gramatiky\/#primaryimage\",\"url\":\"https:\/\/talkpal.ai\/wp-content\/uploads\/2023\/05\/Lithuanian.png\",\"contentUrl\":\"https:\/\/talkpal.ai\/wp-content\/uploads\/2023\/05\/Lithuanian.png\",\"width\":512,\"height\":512},{\"@type\":\"BreadcrumbList\",\"@id\":\"https:\/\/talkpal.ai\/cs\/cviceni-z-litevske-gramatiky\/#breadcrumb\",\"itemListElement\":[{\"@type\":\"ListItem\",\"position\":1,\"name\":\"Homepage\",\"item\":\"https:\/\/talkpal.ai\/cs\/\"},{\"@type\":\"ListItem\",\"position\":2,\"name\":\"Cvi\u010den\u00ed z litevsk\u00e9 gramatiky\"}]},{\"@type\":\"WebSite\",\"@id\":\"https:\/\/talkpal.ai\/cs\/#website\",\"url\":\"https:\/\/talkpal.ai\/cs\/\",\"name\":\"Talkpal\",\"description\":\"AI Language Learning\",\"publisher\":{\"@id\":\"https:\/\/talkpal.ai\/cs\/#organization\"},\"alternateName\":\"Talkpal AI\",\"potentialAction\":[{\"@type\":\"SearchAction\",\"target\":{\"@type\":\"EntryPoint\",\"urlTemplate\":\"https:\/\/talkpal.ai\/cs\/?s={search_term_string}\"},\"query-input\":{\"@type\":\"PropertyValueSpecification\",\"valueRequired\":true,\"valueName\":\"search_term_string\"}}],\"inLanguage\":\"cs\"},{\"@type\":\"Organization\",\"@id\":\"https:\/\/talkpal.ai\/cs\/#organization\",\"name\":\"Talkpal, Inc.\",\"alternateName\":\"Talkpal AI\",\"url\":\"https:\/\/talkpal.ai\/cs\/\",\"logo\":{\"@type\":\"ImageObject\",\"inLanguage\":\"cs\",\"@id\":\"https:\/\/talkpal.ai\/cs\/#\/schema\/logo\/image\/\",\"url\":\"https:\/\/talkpal.ai\/wp-content\/uploads\/2024\/03\/Talkpal-Logo-Icon.png\",\"contentUrl\":\"https:\/\/talkpal.ai\/wp-content\/uploads\/2024\/03\/Talkpal-Logo-Icon.png\",\"width\":2880,\"height\":2880,\"caption\":\"Talkpal, Inc.\"},\"image\":{\"@id\":\"https:\/\/talkpal.ai\/cs\/#\/schema\/logo\/image\/\"},\"sameAs\":[\"https:\/\/www.facebook.com\/profile.php?id=100090733639311\",\"https:\/\/x.com\/talkpalai\",\"https:\/\/www.linkedin.com\/company\/talkpal\/\",\"https:\/\/www.youtube.com\/@TalkPal\/\",\"https:\/\/www.tiktok.com\/@talkpal\",\"https:\/\/www.instagram.com\/talkpal_ai\/\",\"https:\/\/www.crunchbase.com\/organization\/talkpal-9cde\",\"https:\/\/www.g2.com\/products\/talkpal-for-business\/\",\"https:\/\/www.trustpilot.com\/review\/talkpal.ai\",\"https:\/\/www.capterra.com\/p\/10006800\/TalkPal\/\"],\"description\":\"Talkpal is a language learning web and mobile education app, powered by the latest AI technologies, that provides engaging experiences to its customers in many different languages to help them improve their language skills. Users can chat about unlimited amount of topics with the app and use other modes to practice their language learning.\",\"email\":\"support@talkpal.ai\",\"legalName\":\"Talkpal, Inc.\",\"foundingDate\":\"2023-04-03\",\"duns\":\"118989042\",\"numberOfEmployees\":{\"@type\":\"QuantitativeValue\",\"minValue\":\"11\",\"maxValue\":\"50\"},\"publishingPrinciples\":\"https:\/\/talkpal.ai\/publishing-principles\/\",\"actionableFeedbackPolicy\":\"https:\/\/talkpal.ai\/actionable-feedback-policy\/\",\"correctionsPolicy\":\"https:\/\/talkpal.ai\/corrections-policy\/\",\"ethicsPolicy\":\"https:\/\/talkpal.ai\/ethics-policy\/\",\"diversityPolicy\":\"https:\/\/talkpal.ai\/diversity-policy\/\",\"diversityStaffingReport\":\"https:\/\/talkpal.ai\/diversity-policy\/\"}]}<\/script>\n<!-- \/ Yoast SEO Premium plugin. -->","yoast_head_json":{"title":"Cvi\u010den\u00ed z litevsk\u00e9 gramatiky - Talkpal","description":"Zvl\u00e1dn\u011bte slo\u017eitosti jazyka pomoc\u00ed poutav\u00fdch cvi\u010den\u00ed litevsk\u00e9 gramatiky, kter\u00e1 zv\u00fd\u0161\u00ed va\u0161i \u00farove\u0148 znalost\u00ed.","robots":{"index":"index","follow":"follow","max-snippet":"max-snippet:-1","max-image-preview":"max-image-preview:large","max-video-preview":"max-video-preview:-1"},"canonical":"https:\/\/talkpal.ai\/cs\/cviceni-z-litevske-gramatiky\/","og_locale":"cs_CZ","og_type":"article","og_title":"Cvi\u010den\u00ed z litevsk\u00e9 gramatiky","og_description":"T\u00e9mata litevsk\u00e9 gramatiky Studium litev\u0161tiny je nejen jedine\u010dnou a obohacuj\u00edc\u00ed zku\u0161enost\u00ed, ale tak\u00e9 otev\u00edr\u00e1 zcela nov\u00fd sv\u011bt kulturn\u00edho pozn\u00e1v\u00e1n\u00ed.","og_url":"https:\/\/talkpal.ai\/cs\/cviceni-z-litevske-gramatiky\/","og_site_name":"Talkpal","article_publisher":"https:\/\/www.facebook.com\/profile.php?id=100090733639311","article_modified_time":"2025-12-17T15:54:36+00:00","og_image":[{"width":512,"height":512,"url":"https:\/\/talkpal.ai\/wp-content\/uploads\/2023\/05\/Lithuanian.png","type":"image\/png"}],"twitter_card":"summary_large_image","twitter_site":"@talkpalai","twitter_misc":{"Odhadovan\u00e1 doba \u010dten\u00ed":"3 minuty"},"schema":{"@context":"https:\/\/schema.org","@graph":[{"@type":"WebPage","@id":"https:\/\/talkpal.ai\/cs\/cviceni-z-litevske-gramatiky\/","url":"https:\/\/talkpal.ai\/cs\/cviceni-z-litevske-gramatiky\/","name":"Cvi\u010den\u00ed z litevsk\u00e9 gramatiky - Talkpal","isPartOf":{"@id":"https:\/\/talkpal.ai\/cs\/#website"},"primaryImageOfPage":{"@id":"https:\/\/talkpal.ai\/cs\/cviceni-z-litevske-gramatiky\/#primaryimage"},"image":{"@id":"https:\/\/talkpal.ai\/cs\/cviceni-z-litevske-gramatiky\/#primaryimage"},"thumbnailUrl":"https:\/\/talkpal.ai\/wp-content\/uploads\/2023\/05\/Lithuanian.png","datePublished":"2023-06-22T08:12:52+00:00","dateModified":"2025-12-17T15:54:36+00:00","description":"Zvl\u00e1dn\u011bte slo\u017eitosti jazyka pomoc\u00ed poutav\u00fdch cvi\u010den\u00ed litevsk\u00e9 gramatiky, kter\u00e1 zv\u00fd\u0161\u00ed va\u0161i \u00farove\u0148 znalost\u00ed.","breadcrumb":{"@id":"https:\/\/talkpal.ai\/cs\/cviceni-z-litevske-gramatiky\/#breadcrumb"},"inLanguage":"cs","potentialAction":[{"@type":"ReadAction","target":["https:\/\/talkpal.ai\/cs\/cviceni-z-litevske-gramatiky\/"]}]},{"@type":"ImageObject","inLanguage":"cs","@id":"https:\/\/talkpal.ai\/cs\/cviceni-z-litevske-gramatiky\/#primaryimage","url":"https:\/\/talkpal.ai\/wp-content\/uploads\/2023\/05\/Lithuanian.png","contentUrl":"https:\/\/talkpal.ai\/wp-content\/uploads\/2023\/05\/Lithuanian.png","width":512,"height":512},{"@type":"BreadcrumbList","@id":"https:\/\/talkpal.ai\/cs\/cviceni-z-litevske-gramatiky\/#breadcrumb","itemListElement":[{"@type":"ListItem","position":1,"name":"Homepage","item":"https:\/\/talkpal.ai\/cs\/"},{"@type":"ListItem","position":2,"name":"Cvi\u010den\u00ed z litevsk\u00e9 gramatiky"}]},{"@type":"WebSite","@id":"https:\/\/talkpal.ai\/cs\/#website","url":"https:\/\/talkpal.ai\/cs\/","name":"Talkpal","description":"AI Language Learning","publisher":{"@id":"https:\/\/talkpal.ai\/cs\/#organization"},"alternateName":"Talkpal AI","potentialAction":[{"@type":"SearchAction","target":{"@type":"EntryPoint","urlTemplate":"https:\/\/talkpal.ai\/cs\/?s={search_term_string}"},"query-input":{"@type":"PropertyValueSpecification","valueRequired":true,"valueName":"search_term_string"}}],"inLanguage":"cs"},{"@type":"Organization","@id":"https:\/\/talkpal.ai\/cs\/#organization","name":"Talkpal, Inc.","alternateName":"Talkpal AI","url":"https:\/\/talkpal.ai\/cs\/","logo":{"@type":"ImageObject","inLanguage":"cs","@id":"https:\/\/talkpal.ai\/cs\/#\/schema\/logo\/image\/","url":"https:\/\/talkpal.ai\/wp-content\/uploads\/2024\/03\/Talkpal-Logo-Icon.png","contentUrl":"https:\/\/talkpal.ai\/wp-content\/uploads\/2024\/03\/Talkpal-Logo-Icon.png","width":2880,"height":2880,"caption":"Talkpal, Inc."},"image":{"@id":"https:\/\/talkpal.ai\/cs\/#\/schema\/logo\/image\/"},"sameAs":["https:\/\/www.facebook.com\/profile.php?id=100090733639311","https:\/\/x.com\/talkpalai","https:\/\/www.linkedin.com\/company\/talkpal\/","https:\/\/www.youtube.com\/@TalkPal\/","https:\/\/www.tiktok.com\/@talkpal","https:\/\/www.instagram.com\/talkpal_ai\/","https:\/\/www.crunchbase.com\/organization\/talkpal-9cde","https:\/\/www.g2.com\/products\/talkpal-for-business\/","https:\/\/www.trustpilot.com\/review\/talkpal.ai","https:\/\/www.capterra.com\/p\/10006800\/TalkPal\/"],"description":"Talkpal is a language learning web and mobile education app, powered by the latest AI technologies, that provides engaging experiences to its customers in many different languages to help them improve their language skills. Users can chat about unlimited amount of topics with the app and use other modes to practice their language learning.","email":"support@talkpal.ai","legalName":"Talkpal, Inc.","foundingDate":"2023-04-03","duns":"118989042","numberOfEmployees":{"@type":"QuantitativeValue","minValue":"11","maxValue":"50"},"publishingPrinciples":"https:\/\/talkpal.ai\/publishing-principles\/","actionableFeedbackPolicy":"https:\/\/talkpal.ai\/actionable-feedback-policy\/","correctionsPolicy":"https:\/\/talkpal.ai\/corrections-policy\/","ethicsPolicy":"https:\/\/talkpal.ai\/ethics-policy\/","diversityPolicy":"https:\/\/talkpal.ai\/diversity-policy\/","diversityStaffingReport":"https:\/\/talkpal.ai\/diversity-policy\/"}]}},"_links":{"self":[{"href":"https:\/\/talkpal.ai\/cs\/wp-json\/wp\/v2\/pages\/160214","targetHints":{"allow":["GET"]}}],"collection":[{"href":"https:\/\/talkpal.ai\/cs\/wp-json\/wp\/v2\/pages"}],"about":[{"href":"https:\/\/talkpal.ai\/cs\/wp-json\/wp\/v2\/types\/page"}],"author":[{"embeddable":true,"href":"https:\/\/talkpal.ai\/cs\/wp-json\/wp\/v2\/users\/6"}],"replies":[{"embeddable":true,"href":"https:\/\/talkpal.ai\/cs\/wp-json\/wp\/v2\/comments?post=160214"}],"version-history":[{"count":0,"href":"https:\/\/talkpal.ai\/cs\/wp-json\/wp\/v2\/pages\/160214\/revisions"}],"wp:featuredmedia":[{"embeddable":true,"href":"https:\/\/talkpal.ai\/cs\/wp-json\/wp\/v2\/media\/114826"}],"wp:attachment":[{"href":"https:\/\/talkpal.ai\/cs\/wp-json\/wp\/v2\/media?parent=160214"}],"curies":[{"name":"wp","href":"https:\/\/api.w.org\/{rel}","templated":true}]}}