{"id":159913,"date":"2023-06-22T08:24:14","date_gmt":"2023-06-22T08:24:14","guid":{"rendered":"http:\/\/talkpal.ai\/cviceni-na-makedonskou-gramatiku\/"},"modified":"2025-12-17T15:56:34","modified_gmt":"2025-12-17T15:56:34","slug":"cviceni-na-makedonskou-gramatiku","status":"publish","type":"page","link":"https:\/\/talkpal.ai\/cs\/cviceni-na-makedonskou-gramatiku\/","title":{"rendered":"Cvi\u010den\u00ed na makedonskou gramatiku"},"content":{"rendered":"\r\n\r\n\r\n<section class=\"languageChallengeSection\">\r\n    <div class=\"languageInfoWrapper\">\r\n        \r\n        <h1>Cvi\u010den\u00ed na makedonskou gramatiku<\/h1>\r\n        <p>Chcete si upevnit sebev\u011bdom\u00ed v makedon\u0161tin\u011b? Procvi\u010dov\u00e1n\u00ed gramatick\u00fdch cvi\u010den\u00ed je skv\u011bl\u00fdm zp\u016fsobem, jak pochopit strukturu v\u011bty, slovesn\u00e9 tvary a jedine\u010dn\u00e9 rysy makedon\u0161tiny. Za\u010dn\u011bte zkoumat makedonskou gramatiku je\u0161t\u011b dnes a s ka\u017ed\u00fdm cvi\u010den\u00edm uvid\u00edte, jak se va\u0161e dovednosti a plynulost rozv\u00edjej\u00ed!<\/p>\r\n\r\n                            <a class=\"getStartedHidden\" href=\"https:\/\/app.talkpal.ai\/cs\/signup?lng=\">Za\u010dni<\/a>\r\n        \r\n    <\/div>\r\n\r\n    <figure>\r\n    <img decoding=\"async\" width=\"768\" height=\"768\" src=\"https:\/\/talkpal.ai\/wp-content\/uploads\/2023\/06\/macedonian-768x768.png\" class=\"languageImage no-lazy\" alt=\"Language learning through conversational practice\" fetchpriority=\"high\" sizes=\"(max-width: 768px) 150px, 768px\" srcset=\"https:\/\/talkpal.ai\/wp-content\/uploads\/2023\/06\/macedonian-768x768.png 768w, https:\/\/talkpal.ai\/wp-content\/uploads\/2023\/06\/macedonian-300x300.png 300w\" \/>\r\n    \r\n\r\n    <\/figure>\r\n\r\n            <a class=\"getStartedVisible\" href=\"https:\/\/app.talkpal.ai\/cs\/signup?lng=\">Za\u010dni<\/a>\r\n    \r\n<\/section>\r\n\r\n\r\n<!-- <section class=\"grammarSection\">\r\n    <div class=\"grammarLinks\">\r\n            <\/div>\r\n<\/section> -->\r\n\r\n\r\n\r\n\r\n<section class=\"promotionalBanner\">\r\n    <p class=\"promotionalText\">Nejefektivn\u011bj\u0161\u00ed zp\u016fsob, jak se nau\u010dit jazyk<\/p>\r\n    <a class=\"promotionalLink\" href=\"https:\/\/app.talkpal.ai\/cs\/signup?lng=\">Vyzkou\u0161ejte Talkpal zdarma<\/a>\r\n<\/section>\n<div class=\"wp-block-group pageContainerStyle\"><div class=\"wp-block-group__inner-container is-layout-constrained wp-block-group-is-layout-constrained\">\n<h2 class=\"wp-block-heading\" id=\"h-macedonian-grammar-topics\">T\u00e9mata makedonsk\u00e9 gramatiky<\/h2>\n\n\n\n<header id=\"main-header\" data-height-onload=\"80\" data-height-loaded=\"true\" data-fixed-height-onload=\"80\">\n<p><a href=\"https:\/\/talkpal.ai\/learn-macedonian\/\">Makedon\u0161tina<\/a>, jihoslovansk\u00fd jazyk, je \u00fa\u0159edn\u00edm jazykem Severn\u00ed Makedonie. Mluv\u00ed j\u00edm v\u00edce ne\u017e dva miliony lid\u00ed na cel\u00e9m sv\u011bt\u011b a d\u00edky specifick\u00fdm gramatick\u00fdm pravidl\u016fm a bohat\u00e9 slovn\u00ed z\u00e1sob\u011b nab\u00edz\u00ed jedine\u010dn\u00fd jazykov\u00fd z\u00e1\u017eitek. Tato p\u0159\u00edru\u010dka v\u00e1m poskytne p\u0159ehled z\u00e1kladn\u00edch t\u00e9mat makedonsk\u00e9 gramatiky uspo\u0159\u00e1dan\u00fdch v po\u0159ad\u00ed, kter\u00e9 v\u00e1m usnadn\u00ed proces u\u010den\u00ed. Od \u010das\u016f a\u017e po v\u011btn\u00e9 struktury pokryjeme v\u0161echny pot\u0159ebn\u00e9 informace, kter\u00e9 v\u00e1m pomohou <a href=\"https:\/\/talkpal.ai\/ko\/ai-%ec%96%b8%ec%96%b4-%ea%b5%90%ec%82%ac\/\">za\u010d\u00edt<\/a> na va\u0161\u00ed cest\u011b ke zvl\u00e1dnut\u00ed makedonsk\u00e9ho jazyka.<\/p>\n<h3>1. Podstatn\u00e1 jm\u00e9na:<\/h3>\n<p>Stejn\u011b jako ostatn\u00ed slovansk\u00e9 <a href=\"https:\/\/talkpal.ai\/what-language-is-spoken-on-the-international-space-station\/\">jazyky<\/a> maj\u00ed makedonsk\u00e1 podstatn\u00e1 jm\u00e9na t\u0159i rody (mu\u017esk\u00fd, \u017eensk\u00fd a st\u0159edn\u00ed) a sklo\u0148uj\u00ed se pro p\u00e1d a \u010d\u00edslo. Nau\u010dit se rod a spr\u00e1vn\u00e9 sklo\u0148ov\u00e1n\u00ed je z\u00e1sadn\u00ed pro tvo\u0159en\u00ed gramaticky spr\u00e1vn\u00fdch v\u011bt.<\/p>\n<h3>2. \u010cl\u00e1nky:<\/h3>\n<p><a href=\"https:\/\/talkpal.ai\/learn-macedonian\/\">makedon\u0161tina<\/a> m\u00e1 pouze jeden ur\u010dit\u00fd \u010dlen, kter\u00fd se li\u0161\u00ed podle pohlav\u00ed a velikosti p\u00edsmen. V makedon\u0161tin\u011b neexistuj\u00ed neur\u010dit\u00e9 \u010dleny, ale \u010d\u00edslovku &#8222;jedna&#8220; lze pou\u017e\u00edt podobn\u011b.<\/p>\n<h3>3. P\u0159\u00eddavn\u00e1 jm\u00e9na:<\/h3>\n<p>P\u0159\u00eddavn\u00e1 jm\u00e9na v makedon\u0161tin\u011b souhlas\u00ed s podstatn\u00fdmi jm\u00e9ny, kter\u00e1 modifikuj\u00ed v rod\u011b, \u010d\u00edsle a p\u00e1du. Maj\u00ed dlouhou i kr\u00e1tkou formu, kter\u00e9 se pou\u017e\u00edvaj\u00ed v r\u016fzn\u00fdch kontextech.<\/p>\n<h3>4. Z\u00e1jmena\/determinanty:<\/h3>\n<p>Makedon\u0161tina m\u00e1 \u0159adu z\u00e1jmen a determinant\u016f, kter\u00e9 jsou nezbytn\u00e9 p\u0159i tvo\u0159en\u00ed v\u011bt. Nahrazuj\u00ed nebo upravuj\u00ed podstatn\u00e1 jm\u00e9na a shoduj\u00ed se s nimi v rod\u011b, \u010d\u00edsle a p\u00e1du.<\/p>\n<h3>5. Slovesa:<\/h3>\n<p>Slovesa jsou \u00fast\u0159edn\u00edm bodem makedonsk\u00e9 gramatiky. \u010casuj\u00ed se pro osobu a \u010d\u00edslo a maj\u00ed r\u016fzn\u00e9 \u010dasy, aspekty a n\u00e1lady.<\/p>\n<h3>6. \u010casy:<\/h3>\n<p>Makedon\u0161tina m\u00e1 t\u0159i z\u00e1kladn\u00ed \u010dasy \u2013 minul\u00fd, p\u0159\u00edtomn\u00fd a budouc\u00ed. Tvo\u0159\u00ed se pomoc\u00ed r\u016fzn\u00fdch \u010dasov\u00e1n\u00ed sloves a pomocn\u00fdch sloves. Pro p\u0159esn\u00e9 vyj\u00e1d\u0159en\u00ed d\u011bj\u016f a ud\u00e1lost\u00ed je nezbytn\u00e9 porozum\u011bt vzniku a pou\u017eit\u00ed ka\u017ed\u00e9ho \u010dasu.<\/p>\n<h3>7. Srovn\u00e1n\u00ed \u010das\u016f:<\/h3>\n<p>Porovn\u00e1v\u00e1n\u00ed d\u011bj\u016f a ud\u00e1lost\u00ed v r\u016fzn\u00fdch \u010dasech je nezbytn\u00e9 pro vyj\u00e1d\u0159en\u00ed v\u00fdznamu. V makedon\u0161tin\u011b se tohoto srovn\u00e1n\u00ed dosahuje pou\u017eit\u00edm specifick\u00fdch slovesn\u00fdch tvar\u016f a pomocn\u00fdch sloves.<\/p>\n<h3>8. Progresivn\u00ed:<\/h3>\n<p>Progresivn\u00ed aspekt se v makedon\u0161tin\u011b pou\u017e\u00edv\u00e1 k ozna\u010den\u00ed prob\u00edhaj\u00edc\u00edch akc\u00ed. Tvo\u0159\u00ed se pomoc\u00ed p\u0159\u00edtomn\u00e9ho \u010dasu slovesa &#8222;b\u00fdt&#8220; a p\u0159\u00edtomn\u00e9ho \u010dinn\u00e9ho p\u0159\u00ed\u010dest\u00ed hlavn\u00edho slovesa.<\/p>\n<h3>9. Perfektn\u00ed progresivn\u00ed:<\/h3>\n<p>Tento aspekt kombinuje progresivn\u00ed a dokonal\u00e9 aspekty, aby popsal akce, kter\u00e9 prob\u00edhaly v minulosti a maj\u00ed souvislost se sou\u010dasnost\u00ed. Tvo\u0159\u00ed se pomoc\u00ed p\u0159\u00edtomn\u00e9ho \u010dasu slovesa &#8222;b\u00fdt&#8220; a minul\u00e9ho \u010dinn\u00e9ho p\u0159\u00ed\u010dest\u00ed hlavn\u00edho slovesa.<\/p>\n<h3>10. P\u0159\u00edslovce:<\/h3>\n<p>P\u0159\u00edslovce se v makedon\u0161tin\u011b pou\u017e\u00edvaj\u00ed k \u00faprav\u011b sloves, p\u0159\u00eddavn\u00fdch jmen nebo jin\u00fdch p\u0159\u00edslovc\u00ed. Obvykle nem\u011bn\u00ed svou podobu a lze je snadno rozpoznat podle typick\u00e9ho zakon\u010den\u00ed.<\/p>\n<h3>11. Kondicion\u00e1ly:<\/h3>\n<p>Makedon\u0161tina m\u00e1 t\u0159i typy kondicion\u00e1l\u016f \u2013 re\u00e1ln\u00e9, nere\u00e1ln\u00e9 a potenci\u00e1ln\u00ed. Pou\u017e\u00edvaj\u00ed se k vyj\u00e1d\u0159en\u00ed hypotetick\u00fdch situac\u00ed a jejich d\u016fsledk\u016f.<\/p>\n<h3>12. P\u0159edlo\u017eky:<\/h3>\n<p>P\u0159edlo\u017eky v makedon\u0161tin\u011b jsou nezbytn\u00e9 p\u0159i tvo\u0159en\u00ed fr\u00e1z\u00ed a v\u011bt. Ozna\u010duj\u00ed r\u016fzn\u00e9 vztahy mezi slovy, jako je m\u00edsto, sm\u011br, \u010das nebo p\u0159\u00ed\u010dina.<\/p>\n<h3>13. V\u011bty:<\/h3>\n<p>Pochopen\u00ed struktury makedonsk\u00fdch v\u011bt je kl\u00ed\u010dov\u00e9 pro efektivn\u00ed komunikaci. Makedonsk\u00e9 v\u011bty se obvykle \u0159\u00edd\u00ed slovosledem podm\u011bt-sloveso-p\u0159edm\u011bt (SVO), ale v z\u00e1vislosti na d\u016frazu a kontextu se mohou vyskytnout odchylky.<\/p>\n<\/header>\n\n\n\n<footer> <\/footer>\n<\/div><\/div>\n\r\n<section class=\"learnNavigationSection\">\r\n            \r\n        <a href=\"https:\/\/talkpal.ai\/cs\/naucte-se-makedonsky\/\">\r\n            <div class=\"learnNavigationWrapper\">\r\n                <div class=\"learnNavigationContent\">\r\n                    <img decoding=\"async\" src=\"https:\/\/talkpal.ai\/wp-content\/uploads\/2024\/08\/Macedonian.jpg\" alt=\"Macedonian Flag\">\r\n                    <div>\r\n                        <h4>O makedonsk\u00e9m vzd\u011bl\u00e1v\u00e1n\u00ed<\/h4>\r\n                        <p>Zjist\u011bte v\u0161e o makedonsk\u00e9 gramatice.<\/p>\r\n                    <\/div>\r\n                <\/div>\r\n            <\/div>\r\n        <\/a>\r\n\r\n        \r\n        <a href=\"https:\/\/talkpal.ai\/cs\/makedonska-gramatika\/\">\r\n            <div class=\"learnNavigationWrapper\">\r\n                <div class=\"learnNavigationContent\">\r\n                    <img decoding=\"async\" src=\"https:\/\/talkpal.ai\/wp-content\/uploads\/2024\/08\/Macedonian.jpg\" alt=\"Macedonian Flag\">\r\n                    <div>\r\n                        <h4>Lekce makedonsk\u00e9 gramatiky<\/h4>\r\n                        <p>Procvi\u010dte si makedonskou gramatiku.<\/p>\r\n                    <\/div>\r\n                <\/div>\r\n            <\/div>\r\n        <\/a>\r\n\r\n        \r\n        <a href=\"https:\/\/talkpal.ai\/vocabulary_language\/macedonian\/\">\r\n            <div class=\"learnNavigationWrapper\">\r\n                <div class=\"learnNavigationContent\">\r\n                    <img decoding=\"async\" src=\"https:\/\/talkpal.ai\/wp-content\/uploads\/2024\/08\/Macedonian.jpg\" alt=\"Macedonian Flag\">\r\n                    <div>\r\n                        <h4>Makedonsk\u00e1 slovn\u00ed z\u00e1soba<\/h4>\r\n                        <p>Roz\u0161i\u0159te si slovn\u00ed z\u00e1sobu makedon\u0161tiny.<\/p>\r\n                    <\/div>\r\n                <\/div>\r\n            <\/div>\r\n        <\/a>\r\n\r\n            <\/section>","protected":false},"excerpt":{"rendered":"<p>T\u00e9mata makedonsk\u00e9 gramatiky Makedon\u0161tina, jihoslovansk\u00fd jazyk, je \u00fa\u0159edn\u00edm jazykem Severn\u00ed Makedonie. Mluv\u00ed j\u00edm v\u00edce ne\u017e dva miliony lid\u00ed na cel\u00e9m sv\u011bt\u011b a d\u00edky specifick\u00fdm gramatick\u00fdm pravidl\u016fm a bohat\u00e9 slovn\u00ed z\u00e1sob\u011b nab\u00edz\u00ed jedine\u010dn\u00fd jazykov\u00fd z\u00e1\u017eitek. Tato p\u0159\u00edru\u010dka v\u00e1m poskytne p\u0159ehled z\u00e1kladn\u00edch t\u00e9mat makedonsk\u00e9 gramatiky uspo\u0159\u00e1dan\u00fdch v po\u0159ad\u00ed, kter\u00e9 v\u00e1m usnadn\u00ed proces u\u010den\u00ed. Od \u010das\u016f a\u017e po [&hellip;]<\/p>\n","protected":false},"author":6,"featured_media":115337,"parent":0,"menu_order":0,"comment_status":"closed","ping_status":"closed","template":"LearningContentPage.php","meta":{"_acf_changed":false,"footnotes":""},"class_list":["post-159913","page","type-page","status-publish","has-post-thumbnail","hentry"],"acf":[],"yoast_head":"<!-- This site is optimized with the Yoast SEO Premium plugin v27.2 (Yoast SEO v27.2) - https:\/\/yoast.com\/product\/yoast-seo-premium-wordpress\/ -->\n<title>Cvi\u010den\u00ed na makedonskou gramatiku - Talkpal<\/title>\n<meta name=\"description\" content=\"Zvl\u00e1dn\u011bte makedonskou gramatiku pomoc\u00ed interaktivn\u00edch cvi\u010den\u00ed z makedonsk\u00e9 gramatiky z Talkpal, va\u0161eho jazykov\u00e9ho u\u010ditele s um\u011blou inteligenc\u00ed.\" \/>\n<meta name=\"robots\" content=\"index, follow, max-snippet:-1, max-image-preview:large, max-video-preview:-1\" \/>\n<link rel=\"canonical\" href=\"https:\/\/talkpal.ai\/cs\/cviceni-na-makedonskou-gramatiku\/\" \/>\n<meta property=\"og:locale\" content=\"cs_CZ\" \/>\n<meta property=\"og:type\" content=\"article\" \/>\n<meta property=\"og:title\" content=\"Cvi\u010den\u00ed na makedonskou gramatiku\" \/>\n<meta property=\"og:description\" content=\"T\u00e9mata makedonsk\u00e9 gramatiky Makedon\u0161tina, jihoslovansk\u00fd jazyk, je \u00fa\u0159edn\u00edm jazykem Severn\u00ed Makedonie. Mluv\u00ed j\u00edm v\u00edce ne\u017e dva miliony lid\u00ed na cel\u00e9m sv\u011bt\u011b a\" \/>\n<meta property=\"og:url\" content=\"https:\/\/talkpal.ai\/cs\/cviceni-na-makedonskou-gramatiku\/\" \/>\n<meta property=\"og:site_name\" content=\"Talkpal\" \/>\n<meta property=\"article:publisher\" content=\"https:\/\/www.facebook.com\/profile.php?id=100090733639311\" \/>\n<meta property=\"article:modified_time\" content=\"2025-12-17T15:56:34+00:00\" \/>\n<meta property=\"og:image\" content=\"https:\/\/talkpal.ai\/wp-content\/uploads\/2023\/05\/republic-of-macedonia.png\" \/>\n\t<meta property=\"og:image:width\" content=\"512\" \/>\n\t<meta property=\"og:image:height\" content=\"512\" \/>\n\t<meta property=\"og:image:type\" content=\"image\/png\" \/>\n<meta name=\"twitter:card\" content=\"summary_large_image\" \/>\n<meta name=\"twitter:site\" content=\"@talkpalai\" \/>\n<meta name=\"twitter:label1\" content=\"Odhadovan\u00e1 doba \u010dten\u00ed\" \/>\n\t<meta name=\"twitter:data1\" content=\"3 minuty\" \/>\n<script type=\"application\/ld+json\" class=\"yoast-schema-graph\">{\"@context\":\"https:\/\/schema.org\",\"@graph\":[{\"@type\":\"WebPage\",\"@id\":\"https:\/\/talkpal.ai\/cs\/cviceni-na-makedonskou-gramatiku\/\",\"url\":\"https:\/\/talkpal.ai\/cs\/cviceni-na-makedonskou-gramatiku\/\",\"name\":\"Cvi\u010den\u00ed na makedonskou gramatiku - Talkpal\",\"isPartOf\":{\"@id\":\"https:\/\/talkpal.ai\/cs\/#website\"},\"primaryImageOfPage\":{\"@id\":\"https:\/\/talkpal.ai\/cs\/cviceni-na-makedonskou-gramatiku\/#primaryimage\"},\"image\":{\"@id\":\"https:\/\/talkpal.ai\/cs\/cviceni-na-makedonskou-gramatiku\/#primaryimage\"},\"thumbnailUrl\":\"https:\/\/talkpal.ai\/wp-content\/uploads\/2023\/05\/republic-of-macedonia.png\",\"datePublished\":\"2023-06-22T08:24:14+00:00\",\"dateModified\":\"2025-12-17T15:56:34+00:00\",\"description\":\"Zvl\u00e1dn\u011bte makedonskou gramatiku pomoc\u00ed interaktivn\u00edch cvi\u010den\u00ed z makedonsk\u00e9 gramatiky z Talkpal, va\u0161eho jazykov\u00e9ho u\u010ditele s um\u011blou inteligenc\u00ed.\",\"breadcrumb\":{\"@id\":\"https:\/\/talkpal.ai\/cs\/cviceni-na-makedonskou-gramatiku\/#breadcrumb\"},\"inLanguage\":\"cs\",\"potentialAction\":[{\"@type\":\"ReadAction\",\"target\":[\"https:\/\/talkpal.ai\/cs\/cviceni-na-makedonskou-gramatiku\/\"]}]},{\"@type\":\"ImageObject\",\"inLanguage\":\"cs\",\"@id\":\"https:\/\/talkpal.ai\/cs\/cviceni-na-makedonskou-gramatiku\/#primaryimage\",\"url\":\"https:\/\/talkpal.ai\/wp-content\/uploads\/2023\/05\/republic-of-macedonia.png\",\"contentUrl\":\"https:\/\/talkpal.ai\/wp-content\/uploads\/2023\/05\/republic-of-macedonia.png\",\"width\":512,\"height\":512},{\"@type\":\"BreadcrumbList\",\"@id\":\"https:\/\/talkpal.ai\/cs\/cviceni-na-makedonskou-gramatiku\/#breadcrumb\",\"itemListElement\":[{\"@type\":\"ListItem\",\"position\":1,\"name\":\"Homepage\",\"item\":\"https:\/\/talkpal.ai\/cs\/\"},{\"@type\":\"ListItem\",\"position\":2,\"name\":\"Cvi\u010den\u00ed na makedonskou gramatiku\"}]},{\"@type\":\"WebSite\",\"@id\":\"https:\/\/talkpal.ai\/cs\/#website\",\"url\":\"https:\/\/talkpal.ai\/cs\/\",\"name\":\"Talkpal\",\"description\":\"AI Language Learning\",\"publisher\":{\"@id\":\"https:\/\/talkpal.ai\/cs\/#organization\"},\"alternateName\":\"Talkpal AI\",\"potentialAction\":[{\"@type\":\"SearchAction\",\"target\":{\"@type\":\"EntryPoint\",\"urlTemplate\":\"https:\/\/talkpal.ai\/cs\/?s={search_term_string}\"},\"query-input\":{\"@type\":\"PropertyValueSpecification\",\"valueRequired\":true,\"valueName\":\"search_term_string\"}}],\"inLanguage\":\"cs\"},{\"@type\":\"Organization\",\"@id\":\"https:\/\/talkpal.ai\/cs\/#organization\",\"name\":\"Talkpal, Inc.\",\"alternateName\":\"Talkpal AI\",\"url\":\"https:\/\/talkpal.ai\/cs\/\",\"logo\":{\"@type\":\"ImageObject\",\"inLanguage\":\"cs\",\"@id\":\"https:\/\/talkpal.ai\/cs\/#\/schema\/logo\/image\/\",\"url\":\"https:\/\/talkpal.ai\/wp-content\/uploads\/2024\/03\/Talkpal-Logo-Icon.png\",\"contentUrl\":\"https:\/\/talkpal.ai\/wp-content\/uploads\/2024\/03\/Talkpal-Logo-Icon.png\",\"width\":2880,\"height\":2880,\"caption\":\"Talkpal, Inc.\"},\"image\":{\"@id\":\"https:\/\/talkpal.ai\/cs\/#\/schema\/logo\/image\/\"},\"sameAs\":[\"https:\/\/www.facebook.com\/profile.php?id=100090733639311\",\"https:\/\/x.com\/talkpalai\",\"https:\/\/www.linkedin.com\/company\/talkpal\/\",\"https:\/\/www.youtube.com\/@TalkPal\/\",\"https:\/\/www.tiktok.com\/@talkpal\",\"https:\/\/www.instagram.com\/talkpal_ai\/\",\"https:\/\/www.crunchbase.com\/organization\/talkpal-9cde\",\"https:\/\/www.g2.com\/products\/talkpal-for-business\/\",\"https:\/\/www.trustpilot.com\/review\/talkpal.ai\",\"https:\/\/www.capterra.com\/p\/10006800\/TalkPal\/\"],\"description\":\"Talkpal is a language learning web and mobile education app, powered by the latest AI technologies, that provides engaging experiences to its customers in many different languages to help them improve their language skills. Users can chat about unlimited amount of topics with the app and use other modes to practice their language learning.\",\"email\":\"support@talkpal.ai\",\"legalName\":\"Talkpal, Inc.\",\"foundingDate\":\"2023-04-03\",\"duns\":\"118989042\",\"numberOfEmployees\":{\"@type\":\"QuantitativeValue\",\"minValue\":\"11\",\"maxValue\":\"50\"},\"publishingPrinciples\":\"https:\/\/talkpal.ai\/publishing-principles\/\",\"actionableFeedbackPolicy\":\"https:\/\/talkpal.ai\/actionable-feedback-policy\/\",\"correctionsPolicy\":\"https:\/\/talkpal.ai\/corrections-policy\/\",\"ethicsPolicy\":\"https:\/\/talkpal.ai\/ethics-policy\/\",\"diversityPolicy\":\"https:\/\/talkpal.ai\/diversity-policy\/\",\"diversityStaffingReport\":\"https:\/\/talkpal.ai\/diversity-policy\/\"}]}<\/script>\n<!-- \/ Yoast SEO Premium plugin. -->","yoast_head_json":{"title":"Cvi\u010den\u00ed na makedonskou gramatiku - Talkpal","description":"Zvl\u00e1dn\u011bte makedonskou gramatiku pomoc\u00ed interaktivn\u00edch cvi\u010den\u00ed z makedonsk\u00e9 gramatiky z Talkpal, va\u0161eho jazykov\u00e9ho u\u010ditele s um\u011blou inteligenc\u00ed.","robots":{"index":"index","follow":"follow","max-snippet":"max-snippet:-1","max-image-preview":"max-image-preview:large","max-video-preview":"max-video-preview:-1"},"canonical":"https:\/\/talkpal.ai\/cs\/cviceni-na-makedonskou-gramatiku\/","og_locale":"cs_CZ","og_type":"article","og_title":"Cvi\u010den\u00ed na makedonskou gramatiku","og_description":"T\u00e9mata makedonsk\u00e9 gramatiky Makedon\u0161tina, jihoslovansk\u00fd jazyk, je \u00fa\u0159edn\u00edm jazykem Severn\u00ed Makedonie. Mluv\u00ed j\u00edm v\u00edce ne\u017e dva miliony lid\u00ed na cel\u00e9m sv\u011bt\u011b a","og_url":"https:\/\/talkpal.ai\/cs\/cviceni-na-makedonskou-gramatiku\/","og_site_name":"Talkpal","article_publisher":"https:\/\/www.facebook.com\/profile.php?id=100090733639311","article_modified_time":"2025-12-17T15:56:34+00:00","og_image":[{"width":512,"height":512,"url":"https:\/\/talkpal.ai\/wp-content\/uploads\/2023\/05\/republic-of-macedonia.png","type":"image\/png"}],"twitter_card":"summary_large_image","twitter_site":"@talkpalai","twitter_misc":{"Odhadovan\u00e1 doba \u010dten\u00ed":"3 minuty"},"schema":{"@context":"https:\/\/schema.org","@graph":[{"@type":"WebPage","@id":"https:\/\/talkpal.ai\/cs\/cviceni-na-makedonskou-gramatiku\/","url":"https:\/\/talkpal.ai\/cs\/cviceni-na-makedonskou-gramatiku\/","name":"Cvi\u010den\u00ed na makedonskou gramatiku - Talkpal","isPartOf":{"@id":"https:\/\/talkpal.ai\/cs\/#website"},"primaryImageOfPage":{"@id":"https:\/\/talkpal.ai\/cs\/cviceni-na-makedonskou-gramatiku\/#primaryimage"},"image":{"@id":"https:\/\/talkpal.ai\/cs\/cviceni-na-makedonskou-gramatiku\/#primaryimage"},"thumbnailUrl":"https:\/\/talkpal.ai\/wp-content\/uploads\/2023\/05\/republic-of-macedonia.png","datePublished":"2023-06-22T08:24:14+00:00","dateModified":"2025-12-17T15:56:34+00:00","description":"Zvl\u00e1dn\u011bte makedonskou gramatiku pomoc\u00ed interaktivn\u00edch cvi\u010den\u00ed z makedonsk\u00e9 gramatiky z Talkpal, va\u0161eho jazykov\u00e9ho u\u010ditele s um\u011blou inteligenc\u00ed.","breadcrumb":{"@id":"https:\/\/talkpal.ai\/cs\/cviceni-na-makedonskou-gramatiku\/#breadcrumb"},"inLanguage":"cs","potentialAction":[{"@type":"ReadAction","target":["https:\/\/talkpal.ai\/cs\/cviceni-na-makedonskou-gramatiku\/"]}]},{"@type":"ImageObject","inLanguage":"cs","@id":"https:\/\/talkpal.ai\/cs\/cviceni-na-makedonskou-gramatiku\/#primaryimage","url":"https:\/\/talkpal.ai\/wp-content\/uploads\/2023\/05\/republic-of-macedonia.png","contentUrl":"https:\/\/talkpal.ai\/wp-content\/uploads\/2023\/05\/republic-of-macedonia.png","width":512,"height":512},{"@type":"BreadcrumbList","@id":"https:\/\/talkpal.ai\/cs\/cviceni-na-makedonskou-gramatiku\/#breadcrumb","itemListElement":[{"@type":"ListItem","position":1,"name":"Homepage","item":"https:\/\/talkpal.ai\/cs\/"},{"@type":"ListItem","position":2,"name":"Cvi\u010den\u00ed na makedonskou gramatiku"}]},{"@type":"WebSite","@id":"https:\/\/talkpal.ai\/cs\/#website","url":"https:\/\/talkpal.ai\/cs\/","name":"Talkpal","description":"AI Language Learning","publisher":{"@id":"https:\/\/talkpal.ai\/cs\/#organization"},"alternateName":"Talkpal AI","potentialAction":[{"@type":"SearchAction","target":{"@type":"EntryPoint","urlTemplate":"https:\/\/talkpal.ai\/cs\/?s={search_term_string}"},"query-input":{"@type":"PropertyValueSpecification","valueRequired":true,"valueName":"search_term_string"}}],"inLanguage":"cs"},{"@type":"Organization","@id":"https:\/\/talkpal.ai\/cs\/#organization","name":"Talkpal, Inc.","alternateName":"Talkpal AI","url":"https:\/\/talkpal.ai\/cs\/","logo":{"@type":"ImageObject","inLanguage":"cs","@id":"https:\/\/talkpal.ai\/cs\/#\/schema\/logo\/image\/","url":"https:\/\/talkpal.ai\/wp-content\/uploads\/2024\/03\/Talkpal-Logo-Icon.png","contentUrl":"https:\/\/talkpal.ai\/wp-content\/uploads\/2024\/03\/Talkpal-Logo-Icon.png","width":2880,"height":2880,"caption":"Talkpal, Inc."},"image":{"@id":"https:\/\/talkpal.ai\/cs\/#\/schema\/logo\/image\/"},"sameAs":["https:\/\/www.facebook.com\/profile.php?id=100090733639311","https:\/\/x.com\/talkpalai","https:\/\/www.linkedin.com\/company\/talkpal\/","https:\/\/www.youtube.com\/@TalkPal\/","https:\/\/www.tiktok.com\/@talkpal","https:\/\/www.instagram.com\/talkpal_ai\/","https:\/\/www.crunchbase.com\/organization\/talkpal-9cde","https:\/\/www.g2.com\/products\/talkpal-for-business\/","https:\/\/www.trustpilot.com\/review\/talkpal.ai","https:\/\/www.capterra.com\/p\/10006800\/TalkPal\/"],"description":"Talkpal is a language learning web and mobile education app, powered by the latest AI technologies, that provides engaging experiences to its customers in many different languages to help them improve their language skills. Users can chat about unlimited amount of topics with the app and use other modes to practice their language learning.","email":"support@talkpal.ai","legalName":"Talkpal, Inc.","foundingDate":"2023-04-03","duns":"118989042","numberOfEmployees":{"@type":"QuantitativeValue","minValue":"11","maxValue":"50"},"publishingPrinciples":"https:\/\/talkpal.ai\/publishing-principles\/","actionableFeedbackPolicy":"https:\/\/talkpal.ai\/actionable-feedback-policy\/","correctionsPolicy":"https:\/\/talkpal.ai\/corrections-policy\/","ethicsPolicy":"https:\/\/talkpal.ai\/ethics-policy\/","diversityPolicy":"https:\/\/talkpal.ai\/diversity-policy\/","diversityStaffingReport":"https:\/\/talkpal.ai\/diversity-policy\/"}]}},"_links":{"self":[{"href":"https:\/\/talkpal.ai\/cs\/wp-json\/wp\/v2\/pages\/159913","targetHints":{"allow":["GET"]}}],"collection":[{"href":"https:\/\/talkpal.ai\/cs\/wp-json\/wp\/v2\/pages"}],"about":[{"href":"https:\/\/talkpal.ai\/cs\/wp-json\/wp\/v2\/types\/page"}],"author":[{"embeddable":true,"href":"https:\/\/talkpal.ai\/cs\/wp-json\/wp\/v2\/users\/6"}],"replies":[{"embeddable":true,"href":"https:\/\/talkpal.ai\/cs\/wp-json\/wp\/v2\/comments?post=159913"}],"version-history":[{"count":0,"href":"https:\/\/talkpal.ai\/cs\/wp-json\/wp\/v2\/pages\/159913\/revisions"}],"wp:featuredmedia":[{"embeddable":true,"href":"https:\/\/talkpal.ai\/cs\/wp-json\/wp\/v2\/media\/115337"}],"wp:attachment":[{"href":"https:\/\/talkpal.ai\/cs\/wp-json\/wp\/v2\/media?parent=159913"}],"curies":[{"name":"wp","href":"https:\/\/api.w.org\/{rel}","templated":true}]}}