{"id":159614,"date":"2023-06-22T08:29:59","date_gmt":"2023-06-22T08:29:59","guid":{"rendered":"http:\/\/talkpal.ai\/cviceni-malajske-gramatiky\/"},"modified":"2025-12-17T15:23:27","modified_gmt":"2025-12-17T15:23:27","slug":"cviceni-malajske-gramatiky","status":"publish","type":"page","link":"https:\/\/talkpal.ai\/cs\/cviceni-malajske-gramatiky\/","title":{"rendered":"Cvi\u010den\u00ed malajsk\u00e9 gramatiky"},"content":{"rendered":"\r\n\r\n\r\n<section class=\"languageChallengeSection\">\r\n    <div class=\"languageInfoWrapper\">\r\n        \r\n        <h1>Cvi\u010den\u00ed malajsk\u00e9 gramatiky<\/h1>\r\n        <p>Jste p\u0159ipraveni na to, abyste se s malaj\u0161tinou l\u00e9pe s\u017eili? Procvi\u010dov\u00e1n\u00ed gramatick\u00fdch cvi\u010den\u00ed je skv\u011bl\u00fdm zp\u016fsobem, jak si osvojit stavbu v\u011bty, slovesn\u00e9 tvary a jedine\u010dn\u00e9 vlastnosti jazyka. Za\u010dn\u011bte zkoumat malajskou gramatiku je\u0161t\u011b dnes a s ka\u017ed\u00fdm cvi\u010den\u00edm uvid\u00edte, jak va\u0161e dovednosti a sebed\u016fv\u011bra rostou!<\/p>\r\n\r\n                            <a class=\"getStartedHidden\" href=\"https:\/\/app.talkpal.ai\/cs\/signup?lng=\">Za\u010dni<\/a>\r\n        \r\n    <\/div>\r\n\r\n    <figure>\r\n    <img decoding=\"async\" width=\"768\" height=\"768\" src=\"https:\/\/talkpal.ai\/wp-content\/uploads\/2023\/06\/malay-768x768.png\" class=\"languageImage no-lazy\" alt=\"Language learning for personal accomplishments\" fetchpriority=\"high\" sizes=\"(max-width: 768px) 150px, 768px\" srcset=\"https:\/\/talkpal.ai\/wp-content\/uploads\/2023\/06\/malay-768x768.png 768w, https:\/\/talkpal.ai\/wp-content\/uploads\/2023\/06\/malay-300x300.png 300w\" \/>\r\n    \r\n\r\n    <\/figure>\r\n\r\n            <a class=\"getStartedVisible\" href=\"https:\/\/app.talkpal.ai\/cs\/signup?lng=\">Za\u010dni<\/a>\r\n    \r\n<\/section>\r\n\r\n\r\n<!-- <section class=\"grammarSection\">\r\n    <div class=\"grammarLinks\">\r\n            <\/div>\r\n<\/section> -->\r\n\r\n\r\n\r\n\r\n<section class=\"promotionalBanner\">\r\n    <p class=\"promotionalText\">Nejefektivn\u011bj\u0161\u00ed <a href=\"https:\/\/talkpal.ai\/best-way-to-learn\/\">zp\u016fsob<\/a>, jak se nau\u010dit jazyk<\/p>\r\n    <a class=\"promotionalLink\" href=\"https:\/\/app.talkpal.ai\/cs\/signup?lng=\">Vyzkou\u0161ejte Talkpal zdarma<\/a>\r\n<\/section>\n<div class=\"wp-block-group pageContainerStyle\"><div class=\"wp-block-group__inner-container is-layout-constrained wp-block-group-is-layout-constrained\">\n<h2 class=\"wp-block-heading\" id=\"h-malay-grammar-topics\">T\u00e9mata malajsk\u00e9 gramatiky<\/h2>\n\n\n\n<p>U\u010den\u00ed se malaj\u0161tin\u011b m\u016f\u017ee b\u00fdt obohacuj\u00edc\u00ed zku\u0161enost\u00ed, kter\u00e1 otev\u00edr\u00e1 p\u0159\u00edle\u017eitosti k pochopen\u00ed bohat\u00e9ho kulturn\u00edho d\u011bdictv\u00ed Malajsie, Indon\u00e9sie a sousedn\u00edch zem\u00ed. Jazyk pat\u0159\u00ed do austron\u00e9sk\u00e9 rodiny a mluv\u00ed j\u00edm miliony lid\u00ed v jihov\u00fdchodn\u00ed Asii. Jeho <a href=\"https:\/\/talkpal.ai\/sq\/gramatika\/\">gramatika<\/a> je ve srovn\u00e1n\u00ed s mnoha evropsk\u00fdmi <a href=\"https:\/\/talkpal.ai\/what-language-is-spoken-on-the-international-space-station\/\">jazyky<\/a> pom\u011brn\u011b jednoduch\u00e1, co\u017e z n\u011bj \u010din\u00ed atraktivn\u00ed volbu pro studenty jazyk\u016f. Ne\u017e se pono\u0159\u00edte do r\u016fzn\u00fdch aspekt\u016f malajsk\u00e9 gramatiky, je d\u016fle\u017eit\u00e9 sezn\u00e1mit se se z\u00e1kladn\u00edmi stavebn\u00edmi kameny, kter\u00e9 tvo\u0159\u00ed jazyk. V t\u00e9to p\u0159\u00edru\u010dce prozkoum\u00e1me tato t\u00e9mata v po\u0159ad\u00ed, kter\u00e9 v\u00e1m pom\u016f\u017ee nau\u010dit se jazyk efektivn\u011b.<\/p>\n\n\n\n<h3 class=\"wp-block-heading\" id=\"h-1-nouns\">1. Podstatn\u00e1 jm\u00e9na:<\/h3>\n\n\n\n<p>Za\u010dn\u011bte t\u00edm, \u017ee se nau\u010d\u00edte malajsk\u00e1 podstatn\u00e1 jm\u00e9na, slova, kter\u00e1 p\u0159edstavuj\u00ed lidi, m\u00edsta, v\u011bci a my\u0161lenky. V malaj\u0161tin\u011b nemaj\u00ed podstatn\u00e1 jm\u00e9na rod ani mno\u017en\u00e9 \u010d\u00edslo jako v mnoha jin\u00fdch jazyc\u00edch, tak\u017ee je jednodu\u0161\u0161\u00ed se je nau\u010dit. Zam\u011b\u0159te se na budov\u00e1n\u00ed slovn\u00ed z\u00e1soby t\u00edm, \u017ee si zapamatujete b\u011b\u017en\u00e1 podstatn\u00e1 jm\u00e9na a jejich v\u00fdznamy.<\/p>\n\n\n\n<h3 class=\"wp-block-heading\" id=\"h-2-pronouns-determiners\">2. Z\u00e1jmena\/determinanty:<\/h3>\n\n\n\n<p>D\u00e1le se nau\u010dte malajsk\u00e1 z\u00e1jmena a determinanty, kter\u00e9 se pou\u017e\u00edvaj\u00ed k ozna\u010den\u00ed podstatn\u00fdch jmen. Z\u00e1jmena nahrazuj\u00ed podstatn\u00e1 jm\u00e9na ve v\u011bt\u00e1ch, zat\u00edmco determinanty poskytuj\u00ed informace o podstatn\u00e9m jm\u00e9nu, jako je mno\u017estv\u00ed nebo vlastnictv\u00ed. Seznamte se s osobn\u00edmi z\u00e1jmeny (nap\u0159. saya pro &#8222;j\u00e1&#8220; a kamu pro &#8222;ty&#8220;) a p\u0159ivlast\u0148ovac\u00edmi z\u00e1jmeny (nap\u0159. ini pro &#8222;tento&#8220; a <a href=\"https:\/\/talkpal.ai\/locations\/language-courses-in-itu\/\">itu<\/a> pro &#8222;ten&#8220;).<\/p>\n\n\n\n<h3 class=\"wp-block-heading\" id=\"h-3-articles\">3. \u010cl\u00e1nky:<\/h3>\n\n\n\n<p>Na rozd\u00edl od angli\u010dtiny nem\u00e1 <a href=\"https:\/\/talkpal.ai\/learn-malay\/\">malaj\u0161tina<\/a> \u010dleny ur\u010dit\u00e9 a neur\u010dit\u00e9 (nap\u0159. &#8222;the&#8220; nebo &#8222;a\/an&#8220;). St\u00e1le je v\u0161ak d\u016fle\u017eit\u00e9 pochopit, jak jazyk ve v\u011bt\u00e1ch ozna\u010duje konkr\u00e9tnost a obecnost.<\/p>\n\n\n\n<h3 class=\"wp-block-heading\" id=\"h-4-verbs\">4. Slovesa:<\/h3>\n\n\n\n<p>Slovesa jsou v malaj\u0161tin\u011b kl\u00ed\u010dov\u00e1, proto\u017ee vyjad\u0159uj\u00ed d\u011bje, stavy nebo ud\u00e1losti. Nau\u010dte se z\u00e1kladn\u00ed slovesn\u00e9 tvary a jak je \u010dasovat podle \u010dasu, osoby a \u010d\u00edsla.<\/p>\n\n\n\n<h3 class=\"wp-block-heading\" id=\"h-5-tenses\">5. \u010casy:<\/h3>\n\n\n\n<p><a href=\"https:\/\/talkpal.ai\/learn-malay\/\">Malaj\u0161tina<\/a> m\u00e1 m\u00e9n\u011b \u010das\u016f ne\u017e <a href=\"https:\/\/talkpal.ai\/learn-english-with-ai\/\">angli\u010dtina<\/a> a klade hlavn\u00ed d\u016fraz na minul\u00e9, sou\u010dasn\u00e9 a budouc\u00ed akce. Nau\u010dte se vyjad\u0159ovat \u010das v malaj\u0161tin\u011b t\u00edm, \u017ee pochop\u00edte rozd\u00edly mezi jednoduch\u00fdm, pr\u016fb\u011bhov\u00fdm a dokonal\u00fdm \u010dasem.<\/p>\n\n\n\n<h3 class=\"wp-block-heading\" id=\"h-6-adjectives\">6. P\u0159\u00eddavn\u00e1 jm\u00e9na:<\/h3>\n\n\n\n<p>P\u0159\u00eddavn\u00e1 jm\u00e9na popisuj\u00ed nebo modifikuj\u00ed podstatn\u00e1 jm\u00e9na a poskytuj\u00ed dal\u0161\u00ed informace o jejich vlastnostech nebo vlastnostech. Nau\u010dte se b\u011b\u017en\u00e1 malajsk\u00e1 p\u0159\u00eddavn\u00e1 jm\u00e9na a jak se m\u011bn\u00ed ve v\u011bt\u00e1ch podle podstatn\u00e9ho jm\u00e9na, kter\u00e9 modifikuj\u00ed.<\/p>\n\n\n\n<h3 class=\"wp-block-heading\" id=\"h-7-adverbs\">7. P\u0159\u00edslovce:<\/h3>\n\n\n\n<p>P\u0159\u00edslovce modifikuj\u00ed slovesa, p\u0159\u00eddavn\u00e1 jm\u00e9na nebo jin\u00e1 p\u0159\u00edslovce a poskytuj\u00ed informace o \u010dase, zp\u016fsobu, m\u00edst\u011b nebo stupni. Studujte b\u011b\u017en\u00e1 malajsk\u00e1 p\u0159\u00edslovce a jejich um\u00edst\u011bn\u00ed ve v\u011bt\u00e1ch.<\/p>\n\n\n\n<h3 class=\"wp-block-heading\" id=\"h-8-prepositions\">8. P\u0159edlo\u017eky:<\/h3>\n\n\n\n<p>P\u0159edlo\u017eky se pou\u017e\u00edvaj\u00ed ke spojen\u00ed podstatn\u00fdch jmen, z\u00e1jmen nebo fr\u00e1z\u00ed s jin\u00fdmi slovy ve v\u011bt\u011b a ukazuj\u00ed vztahy, jako je m\u00edsto, sm\u011br nebo \u010das. Nau\u010dte se b\u011b\u017en\u00e9 malajsk\u00e9 p\u0159edlo\u017eky a jejich fungov\u00e1n\u00ed ve v\u011bt\u00e1ch.<\/p>\n\n\n\n<h3 class=\"wp-block-heading\" id=\"h-9-conditionals\">9. Kondicion\u00e1ly:<\/h3>\n\n\n\n<p>Podmi\u0148ovac\u00ed zp\u016fsob vyjad\u0159uje hypotetick\u00e9 situace nebo podm\u00ednky a jejich mo\u017en\u00e9 v\u00fdsledky. Nau\u010dte se tvo\u0159it podm\u00ednkov\u00e9 v\u011bty v malaj\u0161tin\u011b pomoc\u00ed vhodn\u00fdch slovesn\u00fdch tvar\u016f a spojek.<\/p>\n\n\n\n<h3 class=\"wp-block-heading\" id=\"h-10-sentences\">10. V\u011bty:<\/h3>\n\n\n\n<p>Nakonec si procvi\u010dte vytv\u00e1\u0159en\u00ed malajsk\u00fdch v\u011bt kombinov\u00e1n\u00edm podstatn\u00fdch jmen, z\u00e1jmen, sloves, p\u0159\u00eddavn\u00fdch jmen, p\u0159\u00edslovc\u00ed a p\u0159edlo\u017eek. Pochopte z\u00e1kladn\u00ed v\u011btnou strukturu, jako je podm\u011bt-sloveso-p\u0159edm\u011bt, a procvi\u010dte si vytv\u00e1\u0159en\u00ed slo\u017eit\u00fdch v\u011bt pomoc\u00ed spojek a vzta\u017en\u00fdch v\u011bt.<\/p>\n\n\n\n<p>Dodr\u017eov\u00e1n\u00edm t\u00e9to posloupnosti a v\u011bnov\u00e1n\u00edm \u010dasu procvi\u010dov\u00e1n\u00ed ka\u017ed\u00e9ho t\u00e9matu si vybudujete pevn\u00e9 z\u00e1klady malajsk\u00e9 gramatiky a budete na dobr\u00e9 cest\u011b st\u00e1t se zdatn\u00fdm mluv\u010d\u00edm jazyka.<\/p>\n<\/div><\/div>\n\r\n<section class=\"learnNavigationSection\">\r\n            \r\n        <a href=\"https:\/\/talkpal.ai\/cs\/naucte-se-malajsky\/\">\r\n            <div class=\"learnNavigationWrapper\">\r\n                <div class=\"learnNavigationContent\">\r\n                    <img decoding=\"async\" src=\"https:\/\/talkpal.ai\/wp-content\/uploads\/2024\/08\/Malay.jpg\" alt=\"Malaysian Flag\">\r\n                    <div>\r\n                        <h4>O malajsk\u00e9m u\u010den\u00ed<\/h4>\r\n                        <p>Zjist\u011bte v\u0161e o malajsk\u00e9 gramatice.<\/p>\r\n                    <\/div>\r\n                <\/div>\r\n            <\/div>\r\n        <\/a>\r\n\r\n        \r\n        <a href=\"https:\/\/talkpal.ai\/cs\/malajska-gramatika\/\">\r\n            <div class=\"learnNavigationWrapper\">\r\n                <div class=\"learnNavigationContent\">\r\n                    <img decoding=\"async\" src=\"https:\/\/talkpal.ai\/wp-content\/uploads\/2024\/08\/Malay.jpg\" alt=\"Malaysian Flag\">\r\n                    <div>\r\n                        <h4>Lekce malajsk\u00e9 gramatiky<\/h4>\r\n                        <p>Procvi\u010dte si malajskou gramatiku.<\/p>\r\n                    <\/div>\r\n                <\/div>\r\n            <\/div>\r\n        <\/a>\r\n\r\n        \r\n        <a href=\"https:\/\/talkpal.ai\/vocabulary_language\/malay\/\">\r\n            <div class=\"learnNavigationWrapper\">\r\n                <div class=\"learnNavigationContent\">\r\n                    <img decoding=\"async\" src=\"https:\/\/talkpal.ai\/wp-content\/uploads\/2024\/08\/Malay.jpg\" alt=\"Malaysian Flag\">\r\n                    <div>\r\n                        <h4>Malajsk\u00e1 slovn\u00ed z\u00e1soba<\/h4>\r\n                        <p>Roz\u0161i\u0159te si slovn\u00ed z\u00e1sobu malaj\u0161tiny.<\/p>\r\n                    <\/div>\r\n                <\/div>\r\n            <\/div>\r\n        <\/a>\r\n\r\n            <\/section>","protected":false},"excerpt":{"rendered":"<p>T\u00e9mata malajsk\u00e9 gramatiky U\u010den\u00ed se malaj\u0161tin\u011b m\u016f\u017ee b\u00fdt obohacuj\u00edc\u00ed zku\u0161enost\u00ed, kter\u00e1 otev\u00edr\u00e1 p\u0159\u00edle\u017eitosti k pochopen\u00ed bohat\u00e9ho kulturn\u00edho d\u011bdictv\u00ed Malajsie, Indon\u00e9sie a sousedn\u00edch zem\u00ed. Jazyk pat\u0159\u00ed do austron\u00e9sk\u00e9 rodiny a mluv\u00ed j\u00edm miliony lid\u00ed v jihov\u00fdchodn\u00ed Asii. Jeho gramatika je ve srovn\u00e1n\u00ed s mnoha evropsk\u00fdmi jazyky pom\u011brn\u011b jednoduch\u00e1, co\u017e z n\u011bj \u010din\u00ed atraktivn\u00ed volbu pro studenty [&hellip;]<\/p>\n","protected":false},"author":6,"featured_media":115938,"parent":0,"menu_order":0,"comment_status":"closed","ping_status":"closed","template":"LearningContentPage.php","meta":{"_acf_changed":false,"footnotes":""},"class_list":["post-159614","page","type-page","status-publish","has-post-thumbnail","hentry"],"acf":[],"yoast_head":"<!-- This site is optimized with the Yoast SEO Premium plugin v27.2 (Yoast SEO v27.2) - https:\/\/yoast.com\/product\/yoast-seo-premium-wordpress\/ -->\n<title>Cvi\u010den\u00ed malajsk\u00e9 gramatiky - Talkpal<\/title>\n<meta name=\"description\" content=\"Zlep\u0161ete sv\u00e9 jazykov\u00e9 dovednosti pomoc\u00ed cvi\u010den\u00ed z malajsk\u00e9 gramatiky. Nau\u010dte se z\u00e1klady pro lep\u0161\u00ed porozum\u011bn\u00ed malaj\u0161tin\u011b.\" \/>\n<meta name=\"robots\" content=\"index, follow, max-snippet:-1, max-image-preview:large, max-video-preview:-1\" \/>\n<link rel=\"canonical\" href=\"https:\/\/talkpal.ai\/cs\/cviceni-malajske-gramatiky\/\" \/>\n<meta property=\"og:locale\" content=\"cs_CZ\" \/>\n<meta property=\"og:type\" content=\"article\" \/>\n<meta property=\"og:title\" content=\"Cvi\u010den\u00ed malajsk\u00e9 gramatiky\" \/>\n<meta property=\"og:description\" content=\"T\u00e9mata malajsk\u00e9 gramatiky U\u010den\u00ed se malaj\u0161tin\u011b m\u016f\u017ee b\u00fdt obohacuj\u00edc\u00ed zku\u0161enost\u00ed, kter\u00e1 otev\u00edr\u00e1 p\u0159\u00edle\u017eitosti k pochopen\u00ed bohat\u00e9ho kulturn\u00edho d\u011bdictv\u00ed\" \/>\n<meta property=\"og:url\" content=\"https:\/\/talkpal.ai\/cs\/cviceni-malajske-gramatiky\/\" \/>\n<meta property=\"og:site_name\" content=\"Talkpal\" \/>\n<meta property=\"article:publisher\" content=\"https:\/\/www.facebook.com\/profile.php?id=100090733639311\" \/>\n<meta property=\"article:modified_time\" content=\"2025-12-17T15:23:27+00:00\" \/>\n<meta property=\"og:image\" content=\"https:\/\/talkpal.ai\/wp-content\/uploads\/2023\/05\/malaysia.png\" \/>\n\t<meta property=\"og:image:width\" content=\"512\" \/>\n\t<meta property=\"og:image:height\" content=\"512\" \/>\n\t<meta property=\"og:image:type\" content=\"image\/png\" \/>\n<meta name=\"twitter:card\" content=\"summary_large_image\" \/>\n<meta name=\"twitter:site\" content=\"@talkpalai\" \/>\n<meta name=\"twitter:label1\" content=\"Odhadovan\u00e1 doba \u010dten\u00ed\" \/>\n\t<meta name=\"twitter:data1\" content=\"3 minuty\" \/>\n<script type=\"application\/ld+json\" class=\"yoast-schema-graph\">{\"@context\":\"https:\/\/schema.org\",\"@graph\":[{\"@type\":\"WebPage\",\"@id\":\"https:\/\/talkpal.ai\/cs\/cviceni-malajske-gramatiky\/\",\"url\":\"https:\/\/talkpal.ai\/cs\/cviceni-malajske-gramatiky\/\",\"name\":\"Cvi\u010den\u00ed malajsk\u00e9 gramatiky - Talkpal\",\"isPartOf\":{\"@id\":\"https:\/\/talkpal.ai\/cs\/#website\"},\"primaryImageOfPage\":{\"@id\":\"https:\/\/talkpal.ai\/cs\/cviceni-malajske-gramatiky\/#primaryimage\"},\"image\":{\"@id\":\"https:\/\/talkpal.ai\/cs\/cviceni-malajske-gramatiky\/#primaryimage\"},\"thumbnailUrl\":\"https:\/\/talkpal.ai\/wp-content\/uploads\/2023\/05\/malaysia.png\",\"datePublished\":\"2023-06-22T08:29:59+00:00\",\"dateModified\":\"2025-12-17T15:23:27+00:00\",\"description\":\"Zlep\u0161ete sv\u00e9 jazykov\u00e9 dovednosti pomoc\u00ed cvi\u010den\u00ed z malajsk\u00e9 gramatiky. Nau\u010dte se z\u00e1klady pro lep\u0161\u00ed porozum\u011bn\u00ed malaj\u0161tin\u011b.\",\"breadcrumb\":{\"@id\":\"https:\/\/talkpal.ai\/cs\/cviceni-malajske-gramatiky\/#breadcrumb\"},\"inLanguage\":\"cs\",\"potentialAction\":[{\"@type\":\"ReadAction\",\"target\":[\"https:\/\/talkpal.ai\/cs\/cviceni-malajske-gramatiky\/\"]}]},{\"@type\":\"ImageObject\",\"inLanguage\":\"cs\",\"@id\":\"https:\/\/talkpal.ai\/cs\/cviceni-malajske-gramatiky\/#primaryimage\",\"url\":\"https:\/\/talkpal.ai\/wp-content\/uploads\/2023\/05\/malaysia.png\",\"contentUrl\":\"https:\/\/talkpal.ai\/wp-content\/uploads\/2023\/05\/malaysia.png\",\"width\":512,\"height\":512},{\"@type\":\"BreadcrumbList\",\"@id\":\"https:\/\/talkpal.ai\/cs\/cviceni-malajske-gramatiky\/#breadcrumb\",\"itemListElement\":[{\"@type\":\"ListItem\",\"position\":1,\"name\":\"Homepage\",\"item\":\"https:\/\/talkpal.ai\/cs\/\"},{\"@type\":\"ListItem\",\"position\":2,\"name\":\"Cvi\u010den\u00ed malajsk\u00e9 gramatiky\"}]},{\"@type\":\"WebSite\",\"@id\":\"https:\/\/talkpal.ai\/cs\/#website\",\"url\":\"https:\/\/talkpal.ai\/cs\/\",\"name\":\"Talkpal\",\"description\":\"AI Language Learning\",\"publisher\":{\"@id\":\"https:\/\/talkpal.ai\/cs\/#organization\"},\"alternateName\":\"Talkpal AI\",\"potentialAction\":[{\"@type\":\"SearchAction\",\"target\":{\"@type\":\"EntryPoint\",\"urlTemplate\":\"https:\/\/talkpal.ai\/cs\/?s={search_term_string}\"},\"query-input\":{\"@type\":\"PropertyValueSpecification\",\"valueRequired\":true,\"valueName\":\"search_term_string\"}}],\"inLanguage\":\"cs\"},{\"@type\":\"Organization\",\"@id\":\"https:\/\/talkpal.ai\/cs\/#organization\",\"name\":\"Talkpal, Inc.\",\"alternateName\":\"Talkpal AI\",\"url\":\"https:\/\/talkpal.ai\/cs\/\",\"logo\":{\"@type\":\"ImageObject\",\"inLanguage\":\"cs\",\"@id\":\"https:\/\/talkpal.ai\/cs\/#\/schema\/logo\/image\/\",\"url\":\"https:\/\/talkpal.ai\/wp-content\/uploads\/2024\/03\/Talkpal-Logo-Icon.png\",\"contentUrl\":\"https:\/\/talkpal.ai\/wp-content\/uploads\/2024\/03\/Talkpal-Logo-Icon.png\",\"width\":2880,\"height\":2880,\"caption\":\"Talkpal, Inc.\"},\"image\":{\"@id\":\"https:\/\/talkpal.ai\/cs\/#\/schema\/logo\/image\/\"},\"sameAs\":[\"https:\/\/www.facebook.com\/profile.php?id=100090733639311\",\"https:\/\/x.com\/talkpalai\",\"https:\/\/www.linkedin.com\/company\/talkpal\/\",\"https:\/\/www.youtube.com\/@TalkPal\/\",\"https:\/\/www.tiktok.com\/@talkpal\",\"https:\/\/www.instagram.com\/talkpal_ai\/\",\"https:\/\/www.crunchbase.com\/organization\/talkpal-9cde\",\"https:\/\/www.g2.com\/products\/talkpal-for-business\/\",\"https:\/\/www.trustpilot.com\/review\/talkpal.ai\",\"https:\/\/www.capterra.com\/p\/10006800\/TalkPal\/\"],\"description\":\"Talkpal is a language learning web and mobile education app, powered by the latest AI technologies, that provides engaging experiences to its customers in many different languages to help them improve their language skills. Users can chat about unlimited amount of topics with the app and use other modes to practice their language learning.\",\"email\":\"support@talkpal.ai\",\"legalName\":\"Talkpal, Inc.\",\"foundingDate\":\"2023-04-03\",\"duns\":\"118989042\",\"numberOfEmployees\":{\"@type\":\"QuantitativeValue\",\"minValue\":\"11\",\"maxValue\":\"50\"},\"publishingPrinciples\":\"https:\/\/talkpal.ai\/publishing-principles\/\",\"actionableFeedbackPolicy\":\"https:\/\/talkpal.ai\/actionable-feedback-policy\/\",\"correctionsPolicy\":\"https:\/\/talkpal.ai\/corrections-policy\/\",\"ethicsPolicy\":\"https:\/\/talkpal.ai\/ethics-policy\/\",\"diversityPolicy\":\"https:\/\/talkpal.ai\/diversity-policy\/\",\"diversityStaffingReport\":\"https:\/\/talkpal.ai\/diversity-policy\/\"}]}<\/script>\n<!-- \/ Yoast SEO Premium plugin. -->","yoast_head_json":{"title":"Cvi\u010den\u00ed malajsk\u00e9 gramatiky - Talkpal","description":"Zlep\u0161ete sv\u00e9 jazykov\u00e9 dovednosti pomoc\u00ed cvi\u010den\u00ed z malajsk\u00e9 gramatiky. Nau\u010dte se z\u00e1klady pro lep\u0161\u00ed porozum\u011bn\u00ed malaj\u0161tin\u011b.","robots":{"index":"index","follow":"follow","max-snippet":"max-snippet:-1","max-image-preview":"max-image-preview:large","max-video-preview":"max-video-preview:-1"},"canonical":"https:\/\/talkpal.ai\/cs\/cviceni-malajske-gramatiky\/","og_locale":"cs_CZ","og_type":"article","og_title":"Cvi\u010den\u00ed malajsk\u00e9 gramatiky","og_description":"T\u00e9mata malajsk\u00e9 gramatiky U\u010den\u00ed se malaj\u0161tin\u011b m\u016f\u017ee b\u00fdt obohacuj\u00edc\u00ed zku\u0161enost\u00ed, kter\u00e1 otev\u00edr\u00e1 p\u0159\u00edle\u017eitosti k pochopen\u00ed bohat\u00e9ho kulturn\u00edho d\u011bdictv\u00ed","og_url":"https:\/\/talkpal.ai\/cs\/cviceni-malajske-gramatiky\/","og_site_name":"Talkpal","article_publisher":"https:\/\/www.facebook.com\/profile.php?id=100090733639311","article_modified_time":"2025-12-17T15:23:27+00:00","og_image":[{"width":512,"height":512,"url":"https:\/\/talkpal.ai\/wp-content\/uploads\/2023\/05\/malaysia.png","type":"image\/png"}],"twitter_card":"summary_large_image","twitter_site":"@talkpalai","twitter_misc":{"Odhadovan\u00e1 doba \u010dten\u00ed":"3 minuty"},"schema":{"@context":"https:\/\/schema.org","@graph":[{"@type":"WebPage","@id":"https:\/\/talkpal.ai\/cs\/cviceni-malajske-gramatiky\/","url":"https:\/\/talkpal.ai\/cs\/cviceni-malajske-gramatiky\/","name":"Cvi\u010den\u00ed malajsk\u00e9 gramatiky - Talkpal","isPartOf":{"@id":"https:\/\/talkpal.ai\/cs\/#website"},"primaryImageOfPage":{"@id":"https:\/\/talkpal.ai\/cs\/cviceni-malajske-gramatiky\/#primaryimage"},"image":{"@id":"https:\/\/talkpal.ai\/cs\/cviceni-malajske-gramatiky\/#primaryimage"},"thumbnailUrl":"https:\/\/talkpal.ai\/wp-content\/uploads\/2023\/05\/malaysia.png","datePublished":"2023-06-22T08:29:59+00:00","dateModified":"2025-12-17T15:23:27+00:00","description":"Zlep\u0161ete sv\u00e9 jazykov\u00e9 dovednosti pomoc\u00ed cvi\u010den\u00ed z malajsk\u00e9 gramatiky. Nau\u010dte se z\u00e1klady pro lep\u0161\u00ed porozum\u011bn\u00ed malaj\u0161tin\u011b.","breadcrumb":{"@id":"https:\/\/talkpal.ai\/cs\/cviceni-malajske-gramatiky\/#breadcrumb"},"inLanguage":"cs","potentialAction":[{"@type":"ReadAction","target":["https:\/\/talkpal.ai\/cs\/cviceni-malajske-gramatiky\/"]}]},{"@type":"ImageObject","inLanguage":"cs","@id":"https:\/\/talkpal.ai\/cs\/cviceni-malajske-gramatiky\/#primaryimage","url":"https:\/\/talkpal.ai\/wp-content\/uploads\/2023\/05\/malaysia.png","contentUrl":"https:\/\/talkpal.ai\/wp-content\/uploads\/2023\/05\/malaysia.png","width":512,"height":512},{"@type":"BreadcrumbList","@id":"https:\/\/talkpal.ai\/cs\/cviceni-malajske-gramatiky\/#breadcrumb","itemListElement":[{"@type":"ListItem","position":1,"name":"Homepage","item":"https:\/\/talkpal.ai\/cs\/"},{"@type":"ListItem","position":2,"name":"Cvi\u010den\u00ed malajsk\u00e9 gramatiky"}]},{"@type":"WebSite","@id":"https:\/\/talkpal.ai\/cs\/#website","url":"https:\/\/talkpal.ai\/cs\/","name":"Talkpal","description":"AI Language Learning","publisher":{"@id":"https:\/\/talkpal.ai\/cs\/#organization"},"alternateName":"Talkpal AI","potentialAction":[{"@type":"SearchAction","target":{"@type":"EntryPoint","urlTemplate":"https:\/\/talkpal.ai\/cs\/?s={search_term_string}"},"query-input":{"@type":"PropertyValueSpecification","valueRequired":true,"valueName":"search_term_string"}}],"inLanguage":"cs"},{"@type":"Organization","@id":"https:\/\/talkpal.ai\/cs\/#organization","name":"Talkpal, Inc.","alternateName":"Talkpal AI","url":"https:\/\/talkpal.ai\/cs\/","logo":{"@type":"ImageObject","inLanguage":"cs","@id":"https:\/\/talkpal.ai\/cs\/#\/schema\/logo\/image\/","url":"https:\/\/talkpal.ai\/wp-content\/uploads\/2024\/03\/Talkpal-Logo-Icon.png","contentUrl":"https:\/\/talkpal.ai\/wp-content\/uploads\/2024\/03\/Talkpal-Logo-Icon.png","width":2880,"height":2880,"caption":"Talkpal, Inc."},"image":{"@id":"https:\/\/talkpal.ai\/cs\/#\/schema\/logo\/image\/"},"sameAs":["https:\/\/www.facebook.com\/profile.php?id=100090733639311","https:\/\/x.com\/talkpalai","https:\/\/www.linkedin.com\/company\/talkpal\/","https:\/\/www.youtube.com\/@TalkPal\/","https:\/\/www.tiktok.com\/@talkpal","https:\/\/www.instagram.com\/talkpal_ai\/","https:\/\/www.crunchbase.com\/organization\/talkpal-9cde","https:\/\/www.g2.com\/products\/talkpal-for-business\/","https:\/\/www.trustpilot.com\/review\/talkpal.ai","https:\/\/www.capterra.com\/p\/10006800\/TalkPal\/"],"description":"Talkpal is a language learning web and mobile education app, powered by the latest AI technologies, that provides engaging experiences to its customers in many different languages to help them improve their language skills. Users can chat about unlimited amount of topics with the app and use other modes to practice their language learning.","email":"support@talkpal.ai","legalName":"Talkpal, Inc.","foundingDate":"2023-04-03","duns":"118989042","numberOfEmployees":{"@type":"QuantitativeValue","minValue":"11","maxValue":"50"},"publishingPrinciples":"https:\/\/talkpal.ai\/publishing-principles\/","actionableFeedbackPolicy":"https:\/\/talkpal.ai\/actionable-feedback-policy\/","correctionsPolicy":"https:\/\/talkpal.ai\/corrections-policy\/","ethicsPolicy":"https:\/\/talkpal.ai\/ethics-policy\/","diversityPolicy":"https:\/\/talkpal.ai\/diversity-policy\/","diversityStaffingReport":"https:\/\/talkpal.ai\/diversity-policy\/"}]}},"_links":{"self":[{"href":"https:\/\/talkpal.ai\/cs\/wp-json\/wp\/v2\/pages\/159614","targetHints":{"allow":["GET"]}}],"collection":[{"href":"https:\/\/talkpal.ai\/cs\/wp-json\/wp\/v2\/pages"}],"about":[{"href":"https:\/\/talkpal.ai\/cs\/wp-json\/wp\/v2\/types\/page"}],"author":[{"embeddable":true,"href":"https:\/\/talkpal.ai\/cs\/wp-json\/wp\/v2\/users\/6"}],"replies":[{"embeddable":true,"href":"https:\/\/talkpal.ai\/cs\/wp-json\/wp\/v2\/comments?post=159614"}],"version-history":[{"count":0,"href":"https:\/\/talkpal.ai\/cs\/wp-json\/wp\/v2\/pages\/159614\/revisions"}],"wp:featuredmedia":[{"embeddable":true,"href":"https:\/\/talkpal.ai\/cs\/wp-json\/wp\/v2\/media\/115938"}],"wp:attachment":[{"href":"https:\/\/talkpal.ai\/cs\/wp-json\/wp\/v2\/media?parent=159614"}],"curies":[{"name":"wp","href":"https:\/\/api.w.org\/{rel}","templated":true}]}}