{"id":159358,"date":"2023-06-22T08:37:16","date_gmt":"2023-06-22T08:37:16","guid":{"rendered":"http:\/\/talkpal.ai\/cviceni-na-marathskou-gramatiku\/"},"modified":"2025-12-17T15:25:42","modified_gmt":"2025-12-17T15:25:42","slug":"cviceni-na-marathskou-gramatiku","status":"publish","type":"page","link":"https:\/\/talkpal.ai\/cs\/cviceni-na-marathskou-gramatiku\/","title":{"rendered":"Cvi\u010den\u00ed na mar\u00e1thskou gramatiku"},"content":{"rendered":"\r\n\r\n\r\n<section class=\"languageChallengeSection\">\r\n    <div class=\"languageInfoWrapper\">\r\n        \r\n        <h1>Cvi\u010den\u00ed na mar\u00e1thskou gramatiku<\/h1>\r\n        <p>Jste p\u0159ipraveni pos\u00edlit sv\u00e9 znalosti mar\u00e1th\u0161tiny? Procvi\u010dov\u00e1n\u00ed gramatick\u00fdch cvi\u010den\u00ed je vynikaj\u00edc\u00edm zp\u016fsobem, jak si osvojit stavbu v\u011bty, slovesn\u00e9 tvary a kl\u00ed\u010dov\u00e9 gramatick\u00e9 vzorce jazyka. Za\u010dn\u011bte zkoumat mar\u00e1thskou gramatiku je\u0161t\u011b dnes a sledujte, jak s ka\u017ed\u00fdm cvi\u010den\u00edm roste va\u0161e sebev\u011bdom\u00ed a plynulost!<\/p>\r\n\r\n                            <a class=\"getStartedHidden\" href=\"https:\/\/app.talkpal.ai\/cs\/signup?lng=\">Za\u010dni<\/a>\r\n        \r\n    <\/div>\r\n\r\n    <figure>\r\n    <img decoding=\"async\" width=\"768\" height=\"768\" src=\"https:\/\/talkpal.ai\/wp-content\/uploads\/2023\/06\/marathi-768x768.png\" class=\"languageImage no-lazy\" alt=\"Fun ways to make language learning interesting\" fetchpriority=\"high\" sizes=\"(max-width: 768px) 150px, 768px\" srcset=\"https:\/\/talkpal.ai\/wp-content\/uploads\/2023\/06\/marathi-768x768.png 768w, https:\/\/talkpal.ai\/wp-content\/uploads\/2023\/06\/marathi-300x300.png 300w\" \/>\r\n    \r\n\r\n    <\/figure>\r\n\r\n            <a class=\"getStartedVisible\" href=\"https:\/\/app.talkpal.ai\/cs\/signup?lng=\">Za\u010dni<\/a>\r\n    \r\n<\/section>\r\n\r\n\r\n<!-- <section class=\"grammarSection\">\r\n    <div class=\"grammarLinks\">\r\n            <\/div>\r\n<\/section> -->\r\n\r\n\r\n\r\n\r\n<section class=\"promotionalBanner\">\r\n    <p class=\"promotionalText\">Nejefektivn\u011bj\u0161\u00ed <a href=\"https:\/\/talkpal.ai\/best-way-to-learn\/\">zp\u016fsob<\/a>, jak se nau\u010dit jazyk<\/p>\r\n    <a class=\"promotionalLink\" href=\"https:\/\/app.talkpal.ai\/cs\/signup?lng=\">Vyzkou\u0161ejte Talkpal zdarma<\/a>\r\n<\/section>\n<div class=\"wp-block-group pageContainerStyle\"><div class=\"wp-block-group__inner-container is-layout-constrained wp-block-group-is-layout-constrained\">\n<h2 class=\"wp-block-heading\" id=\"h-marathi-grammar-topics\">Mar\u00e1th\u0161tina Gramatick\u00e1 t\u00e9mata<\/h2>\n\n\n\n<p><a href=\"https:\/\/talkpal.ai\/learn-marathi\/\">Mar\u00e1th\u0161tina<\/a>, indo\u00e1rijsk\u00fd jazyk, se pou\u017e\u00edv\u00e1 p\u0159ev\u00e1\u017en\u011b v indick\u00e9m st\u00e1t\u011b Mah\u00e1r\u00e1\u0161tra a je ofici\u00e1ln\u00edm jazykem regionu. Studium mar\u00e1th\u0161tiny m\u016f\u017ee b\u00fdt obohacuj\u00edc\u00edm z\u00e1\u017eitkem, proto\u017ee otev\u00edr\u00e1 dve\u0159e bohat\u00e9 kultu\u0159e, historii a literatu\u0159e. Chcete-li se efektivn\u011b u\u010dit mar\u00e1th\u0161tinu, je d\u016fle\u017eit\u00e9 m\u00edt strukturovan\u00fd p\u0159\u00edstup, kter\u00fd se zam\u011b\u0159uje na r\u016fzn\u00e9 aspekty jazyka, jako je <a href=\"https:\/\/talkpal.ai\/sq\/gramatika\/\">gramatika<\/a>, <a href=\"https:\/\/talkpal.ai\/cs\/jak-si-zlepsit-slovni-zasobu-rychle-a-efektivne\/\">slovn\u00ed z\u00e1soba<\/a> a v\u00fdslovnost. Tento \u010dl\u00e1nek v\u00e1s provede posloupnost\u00ed v\u00fduky t\u00e9mat mar\u00e1thsk\u00e9 gramatiky, po\u010d\u00ednaje \u010dasy, slovesy, podstatn\u00fdmi jm\u00e9ny a p\u0159echodem k pokro\u010dilej\u0161\u00edm pojm\u016fm, jako jsou kondicion\u00e1ly a p\u0159edlo\u017eky.<\/p>\n\n\n\n<h3 class=\"wp-block-heading\" id=\"h-1-tenses\">1. \u010casy:<\/h3>\n\n\n\n<p>\u010casy jsou p\u00e1te\u0159\u00ed ka\u017ed\u00e9ho jazyka, proto\u017ee pom\u00e1haj\u00ed vyj\u00e1d\u0159it akce nebo stavy ve vztahu k \u010dasu. V mar\u00e1th\u0161tin\u011b existuj\u00ed t\u0159i z\u00e1kladn\u00ed \u010dasy \u2013 minul\u00fd, p\u0159\u00edtomn\u00fd a budouc\u00ed. Ka\u017ed\u00fd \u010das m\u00e1 r\u016fzn\u00e9 tvary podle typu d\u011bje (prost\u00fd, pr\u016fb\u011bhov\u00fd, perfektum nebo perfektum pr\u016fb\u011bhov\u00fd). Za\u010dn\u011bte t\u00edm, \u017ee se nau\u010d\u00edte jednoduch\u00e9 \u010dasy a pot\u00e9 p\u0159ejd\u011bte ke slo\u017eit\u011bj\u0161\u00edm.<\/p>\n\n\n\n<h3 class=\"wp-block-heading\" id=\"h-2-tense-comparison\">2. Srovn\u00e1n\u00ed \u010das\u016f:<\/h3>\n\n\n\n<p>Po pochopen\u00ed z\u00e1kladn\u00edch \u010das\u016f je d\u016fle\u017eit\u00e9 nau\u010dit se je porovn\u00e1vat. Porovn\u00e1v\u00e1n\u00ed \u010das\u016f v\u00e1m umo\u017e\u0148uje mluvit o v\u00edce akc\u00edch nebo ud\u00e1lostech, kter\u00e9 se odehr\u00e1vaj\u00ed sou\u010dasn\u011b nebo v r\u016fzn\u00fdch \u010dasov\u00fdch r\u00e1mc\u00edch. To pom\u00e1h\u00e1 p\u0159i tvo\u0159en\u00ed slo\u017eit\u00fdch v\u011bt a vyjad\u0159ov\u00e1n\u00ed \u0161ir\u0161\u00edho spektra my\u0161lenek.<\/p>\n\n\n\n<h3 class=\"wp-block-heading\" id=\"h-3-verbs\">3. Slovesa:<\/h3>\n\n\n\n<p>Slovesa jsou ak\u010dn\u00ed slova, kter\u00e1 p\u0159edstavuj\u00ed d\u011bj nebo stav ve v\u011bt\u011b. V mar\u00e1th\u0161tin\u011b se slovesa sklo\u0148uj\u00ed k ozna\u010den\u00ed \u010dasu, vidu, n\u00e1lady a hlasu. Nau\u010dte se z\u00e1kladn\u00ed pravidla \u010dasov\u00e1n\u00ed sloves a r\u016fzn\u00e9 slovesn\u00e9 tvary, abyste zlep\u0161ili sv\u00e9 dovednosti p\u0159i stavb\u011b v\u011bt.<\/p>\n\n\n\n<h3 class=\"wp-block-heading\" id=\"h-4-nouns\">4. Podstatn\u00e1 jm\u00e9na:<\/h3>\n\n\n\n<p>Podstatn\u00e1 jm\u00e9na jsou slova, kter\u00e1 p\u0159edstavuj\u00ed lidi, m\u00edsta, v\u011bci nebo my\u0161lenky. Mar\u00e1thsk\u00e1 podstatn\u00e1 jm\u00e9na maj\u00ed rod (mu\u017esk\u00fd, \u017eensk\u00fd nebo st\u0159edn\u00ed) a sklo\u0148uj\u00ed se pro \u010d\u00edslo (jednotn\u00e9 nebo mno\u017en\u00e9 \u010d\u00edslo) a p\u00e1d (p\u0159\u00edm\u00fd, \u0161ikm\u00fd nebo p\u0159ivlast\u0148ovac\u00ed). Seznamte se s r\u016fzn\u00fdmi tvary podstatn\u00fdch jmen a jejich pou\u017eit\u00edm ve v\u011bt\u00e1ch.<\/p>\n\n\n\n<h3 class=\"wp-block-heading\" id=\"h-5-articles\">5. \u010cl\u00e1nky:<\/h3>\n\n\n\n<p>Mar\u00e1th\u0161tina nem\u00e1 \u010dleny jako &#8222;a&#8220;, &#8222;an&#8220; nebo &#8222;the&#8220;. Existuj\u00ed v\u0161ak ukazovac\u00ed z\u00e1jmena a determinanty, kter\u00e9 slou\u017e\u00ed podobn\u00e9mu \u00fa\u010delu. Nau\u010dte se pou\u017e\u00edvat tato z\u00e1jmena a determinanty k up\u0159esn\u011bn\u00ed nebo identifikaci podstatn\u00fdch jmen ve v\u011bt\u011b.<\/p>\n\n\n\n<h3 class=\"wp-block-heading\" id=\"h-6-pronouns-determiners\">6. Z\u00e1jmena\/determinanty:<\/h3>\n\n\n\n<p>Z\u00e1jmena nahrazuj\u00ed podstatn\u00e1 jm\u00e9na, aby se zabr\u00e1nilo opakov\u00e1n\u00ed, zat\u00edmco determinanty ur\u010duj\u00ed nebo omezuj\u00ed v\u00fdznam podstatn\u00fdch jmen. V mar\u00e1th\u0161tin\u011b se z\u00e1jmena a determinanty shoduj\u00ed v rod\u011b a \u010d\u00edsle s podstatn\u00fdm jm\u00e9nem, kter\u00e9 nahrazuj\u00ed nebo upravuj\u00ed. Nau\u010dte se r\u016fzn\u00e9 tvary a jejich vhodn\u00e9 pou\u017eit\u00ed, abyste zlep\u0161ili stavbu v\u011bt.<\/p>\n\n\n\n<h3 class=\"wp-block-heading\" id=\"h-7-adjectives\">7. P\u0159\u00eddavn\u00e1 jm\u00e9na:<\/h3>\n\n\n\n<p>P\u0159\u00eddavn\u00e1 jm\u00e9na popisuj\u00ed nebo modifikuj\u00ed podstatn\u00e1 jm\u00e9na a poskytuj\u00ed dal\u0161\u00ed informace o jejich vlastnostech nebo atributech. V mar\u00e1th\u0161tin\u011b se p\u0159\u00eddavn\u00e1 jm\u00e9na shoduj\u00ed v rod\u011b a \u010d\u00edsle s podstatn\u00fdm jm\u00e9nem, kter\u00e9 modifikuj\u00ed. Nau\u010dte se r\u016fzn\u00e9 tvary p\u0159\u00eddavn\u00fdch jmen a jejich spr\u00e1vn\u00e9 pou\u017eit\u00ed ve v\u011bt\u00e1ch.<\/p>\n\n\n\n<h3 class=\"wp-block-heading\" id=\"h-8-adverbs\">8. P\u0159\u00edslovce:<\/h3>\n\n\n\n<p>P\u0159\u00edslovce poskytuj\u00ed dal\u0161\u00ed informace o slovesech, p\u0159\u00eddavn\u00fdch jm\u00e9nech nebo jin\u00fdch p\u0159\u00edslovc\u00edch a popisuj\u00ed, jak, kdy, kde nebo do jak\u00e9 m\u00edry se n\u011bco d\u011bje. Nau\u010dte se r\u016fzn\u00e9 typy p\u0159\u00edslovc\u00ed a jejich um\u00edst\u011bn\u00ed ve v\u011bt\u00e1ch, abyste zlep\u0161ili sv\u00e9 <a href=\"https:\/\/talkpal.ai\/cs\/procvicovani-cestiny-nejlepsi-zpusoby-jak-zlepsit-sve-jazykove-dovednosti\/\">jazykov\u00e9 dovednosti<\/a>.<\/p>\n\n\n\n<h3 class=\"wp-block-heading\" id=\"h-9-conditionals\">9. Kondicion\u00e1ly:<\/h3>\n\n\n\n<p>Podmi\u0148ovac\u00ed zp\u016fsob vyjad\u0159uje hypotetick\u00e9 situace nebo podm\u00ednky a jejich mo\u017en\u00e9 d\u016fsledky. V mar\u00e1th\u0161tin\u011b existuj\u00ed t\u0159i typy kondicion\u00e1l\u016f \u2013 re\u00e1ln\u00e9, nere\u00e1ln\u00e9 a sm\u00ed\u0161en\u00e9. Nau\u010dte se strukturu a pou\u017eit\u00ed ka\u017ed\u00e9ho typu k vyj\u00e1d\u0159en\u00ed slo\u017eit\u00fdch my\u0161lenek a situac\u00ed.<\/p>\n\n\n\n<h3 class=\"wp-block-heading\" id=\"h-10-prepositions\">10. P\u0159edlo\u017eky:<\/h3>\n\n\n\n<p>P\u0159edlo\u017eky jsou slova, kter\u00e1 ukazuj\u00ed vztah mezi podstatn\u00fdmi jm\u00e9ny (nebo z\u00e1jmeny) a jin\u00fdmi slovy ve v\u011bt\u011b. Ozna\u010duj\u00ed polohu, sm\u011br, \u010das nebo jin\u00e9 vztahy. Nau\u010dte se b\u011b\u017en\u00e9 p\u0159edlo\u017eky v mar\u00e1th\u0161tin\u011b a jejich pou\u017eit\u00ed ve v\u011bt\u00e1ch.<\/p>\n\n\n\n<h3 class=\"wp-block-heading\" id=\"h-11-sentences\">11. V\u011bty:<\/h3>\n\n\n\n<p>Nakonec si procvi\u010dte tvo\u0159en\u00ed jednoduch\u00fdch i slo\u017eit\u00fdch v\u011bt pomoc\u00ed gramatick\u00fdch pravidel a slovn\u00ed z\u00e1soby, kterou jste se nau\u010dili. Zam\u011b\u0159te se na strukturu v\u011bty.<\/p>\n<\/div><\/div>\n\r\n<section class=\"learnNavigationSection\">\r\n            \r\n        <a href=\"https:\/\/talkpal.ai\/cs\/naucte-se-marathsky\/\">\r\n            <div class=\"learnNavigationWrapper\">\r\n                <div class=\"learnNavigationContent\">\r\n                    <img decoding=\"async\" src=\"https:\/\/talkpal.ai\/wp-content\/uploads\/2023\/05\/Marathi-india.png\" alt=\"TalkPal Marathi Flag\">\r\n                    <div>\r\n                        <h4>O u\u010den\u00ed mar\u00e1th\u0161tiny<\/h4>\r\n                        <p>Zjist\u011bte v\u0161e o mar\u00e1thsk\u00e9 gramatice.<\/p>\r\n                    <\/div>\r\n                <\/div>\r\n            <\/div>\r\n        <\/a>\r\n\r\n        \r\n        <a href=\"https:\/\/talkpal.ai\/cs\/marathska-gramatika\/\">\r\n            <div class=\"learnNavigationWrapper\">\r\n                <div class=\"learnNavigationContent\">\r\n                    <img decoding=\"async\" src=\"https:\/\/talkpal.ai\/wp-content\/uploads\/2023\/05\/Marathi-india.png\" alt=\"TalkPal Marathi Flag\">\r\n                    <div>\r\n                        <h4>Lekce mar\u00e1thsk\u00e9 gramatiky<\/h4>\r\n                        <p>Procvi\u010dte si mar\u00e1thskou gramatiku.<\/p>\r\n                    <\/div>\r\n                <\/div>\r\n            <\/div>\r\n        <\/a>\r\n\r\n        \r\n        <a href=\"https:\/\/talkpal.ai\/vocabulary_language\/marathi\/\">\r\n            <div class=\"learnNavigationWrapper\">\r\n                <div class=\"learnNavigationContent\">\r\n                    <img decoding=\"async\" src=\"https:\/\/talkpal.ai\/wp-content\/uploads\/2023\/05\/Marathi-india.png\" alt=\"TalkPal Marathi Flag\">\r\n                    <div>\r\n                        <h4>Slovn\u00ed z\u00e1soba mar\u00e1th\u0161tiny<\/h4>\r\n                        <p>Roz\u0161i\u0159te si slovn\u00ed z\u00e1sobu mar\u00e1th\u0161tiny.<\/p>\r\n                    <\/div>\r\n                <\/div>\r\n            <\/div>\r\n        <\/a>\r\n\r\n            <\/section>","protected":false},"excerpt":{"rendered":"<p>Mar\u00e1th\u0161tina Gramatick\u00e1 t\u00e9mata Mar\u00e1th\u0161tina, indo\u00e1rijsk\u00fd jazyk, se pou\u017e\u00edv\u00e1 p\u0159ev\u00e1\u017en\u011b v indick\u00e9m st\u00e1t\u011b Mah\u00e1r\u00e1\u0161tra a je ofici\u00e1ln\u00edm jazykem regionu. Studium mar\u00e1th\u0161tiny m\u016f\u017ee b\u00fdt obohacuj\u00edc\u00edm z\u00e1\u017eitkem, proto\u017ee otev\u00edr\u00e1 dve\u0159e bohat\u00e9 kultu\u0159e, historii a literatu\u0159e. Chcete-li se efektivn\u011b u\u010dit mar\u00e1th\u0161tinu, je d\u016fle\u017eit\u00e9 m\u00edt strukturovan\u00fd p\u0159\u00edstup, kter\u00fd se zam\u011b\u0159uje na r\u016fzn\u00e9 aspekty jazyka, jako je gramatika, slovn\u00ed z\u00e1soba a [&hellip;]<\/p>\n","protected":false},"author":6,"featured_media":116373,"parent":0,"menu_order":0,"comment_status":"closed","ping_status":"closed","template":"LearningContentPage.php","meta":{"_acf_changed":false,"footnotes":""},"class_list":["post-159358","page","type-page","status-publish","has-post-thumbnail","hentry"],"acf":[],"yoast_head":"<!-- This site is optimized with the Yoast SEO Premium plugin v27.2 (Yoast SEO v27.2) - https:\/\/yoast.com\/product\/yoast-seo-premium-wordpress\/ -->\n<title>Cvi\u010den\u00ed na mar\u00e1thskou gramatiku - Talkpal<\/title>\n<meta name=\"description\" content=\"Zlep\u0161ete sv\u00e9 znalosti mar\u00e1th\u0161tiny pomoc\u00ed poutav\u00fdch cvi\u010den\u00ed mar\u00e1thsk\u00e9 gramatiky ur\u010den\u00fdch pro studenty v\u0161ech \u00farovn\u00ed.\" \/>\n<meta name=\"robots\" content=\"index, follow, max-snippet:-1, max-image-preview:large, max-video-preview:-1\" \/>\n<link rel=\"canonical\" href=\"https:\/\/talkpal.ai\/cs\/cviceni-na-marathskou-gramatiku\/\" \/>\n<meta property=\"og:locale\" content=\"cs_CZ\" \/>\n<meta property=\"og:type\" content=\"article\" \/>\n<meta property=\"og:title\" content=\"Cvi\u010den\u00ed na mar\u00e1thskou gramatiku\" \/>\n<meta property=\"og:description\" content=\"Mar\u00e1th\u0161tina Gramatick\u00e1 t\u00e9mata Mar\u00e1th\u0161tina, indo\u00e1rijsk\u00fd jazyk, se pou\u017e\u00edv\u00e1 p\u0159ev\u00e1\u017en\u011b v indick\u00e9m st\u00e1t\u011b Mah\u00e1r\u00e1\u0161tra a je ofici\u00e1ln\u00edm jazykem regionu. Studium\" \/>\n<meta property=\"og:url\" content=\"https:\/\/talkpal.ai\/cs\/cviceni-na-marathskou-gramatiku\/\" \/>\n<meta property=\"og:site_name\" content=\"Talkpal\" \/>\n<meta property=\"article:publisher\" content=\"https:\/\/www.facebook.com\/profile.php?id=100090733639311\" \/>\n<meta property=\"article:modified_time\" content=\"2025-12-17T15:25:42+00:00\" \/>\n<meta property=\"og:image\" content=\"https:\/\/talkpal.ai\/wp-content\/uploads\/2023\/05\/Marathi-india.png\" \/>\n\t<meta property=\"og:image:width\" content=\"512\" \/>\n\t<meta property=\"og:image:height\" content=\"512\" \/>\n\t<meta property=\"og:image:type\" content=\"image\/png\" \/>\n<meta name=\"twitter:card\" content=\"summary_large_image\" \/>\n<meta name=\"twitter:site\" content=\"@talkpalai\" \/>\n<meta name=\"twitter:label1\" content=\"Odhadovan\u00e1 doba \u010dten\u00ed\" \/>\n\t<meta name=\"twitter:data1\" content=\"4 minuty\" \/>\n<script type=\"application\/ld+json\" class=\"yoast-schema-graph\">{\"@context\":\"https:\/\/schema.org\",\"@graph\":[{\"@type\":\"WebPage\",\"@id\":\"https:\/\/talkpal.ai\/cs\/cviceni-na-marathskou-gramatiku\/\",\"url\":\"https:\/\/talkpal.ai\/cs\/cviceni-na-marathskou-gramatiku\/\",\"name\":\"Cvi\u010den\u00ed na mar\u00e1thskou gramatiku - Talkpal\",\"isPartOf\":{\"@id\":\"https:\/\/talkpal.ai\/cs\/#website\"},\"primaryImageOfPage\":{\"@id\":\"https:\/\/talkpal.ai\/cs\/cviceni-na-marathskou-gramatiku\/#primaryimage\"},\"image\":{\"@id\":\"https:\/\/talkpal.ai\/cs\/cviceni-na-marathskou-gramatiku\/#primaryimage\"},\"thumbnailUrl\":\"https:\/\/talkpal.ai\/wp-content\/uploads\/2023\/05\/Marathi-india.png\",\"datePublished\":\"2023-06-22T08:37:16+00:00\",\"dateModified\":\"2025-12-17T15:25:42+00:00\",\"description\":\"Zlep\u0161ete sv\u00e9 znalosti mar\u00e1th\u0161tiny pomoc\u00ed poutav\u00fdch cvi\u010den\u00ed mar\u00e1thsk\u00e9 gramatiky ur\u010den\u00fdch pro studenty v\u0161ech \u00farovn\u00ed.\",\"breadcrumb\":{\"@id\":\"https:\/\/talkpal.ai\/cs\/cviceni-na-marathskou-gramatiku\/#breadcrumb\"},\"inLanguage\":\"cs\",\"potentialAction\":[{\"@type\":\"ReadAction\",\"target\":[\"https:\/\/talkpal.ai\/cs\/cviceni-na-marathskou-gramatiku\/\"]}]},{\"@type\":\"ImageObject\",\"inLanguage\":\"cs\",\"@id\":\"https:\/\/talkpal.ai\/cs\/cviceni-na-marathskou-gramatiku\/#primaryimage\",\"url\":\"https:\/\/talkpal.ai\/wp-content\/uploads\/2023\/05\/Marathi-india.png\",\"contentUrl\":\"https:\/\/talkpal.ai\/wp-content\/uploads\/2023\/05\/Marathi-india.png\",\"width\":512,\"height\":512},{\"@type\":\"BreadcrumbList\",\"@id\":\"https:\/\/talkpal.ai\/cs\/cviceni-na-marathskou-gramatiku\/#breadcrumb\",\"itemListElement\":[{\"@type\":\"ListItem\",\"position\":1,\"name\":\"Homepage\",\"item\":\"https:\/\/talkpal.ai\/cs\/\"},{\"@type\":\"ListItem\",\"position\":2,\"name\":\"Cvi\u010den\u00ed na mar\u00e1thskou gramatiku\"}]},{\"@type\":\"WebSite\",\"@id\":\"https:\/\/talkpal.ai\/cs\/#website\",\"url\":\"https:\/\/talkpal.ai\/cs\/\",\"name\":\"Talkpal\",\"description\":\"AI Language Learning\",\"publisher\":{\"@id\":\"https:\/\/talkpal.ai\/cs\/#organization\"},\"alternateName\":\"Talkpal AI\",\"potentialAction\":[{\"@type\":\"SearchAction\",\"target\":{\"@type\":\"EntryPoint\",\"urlTemplate\":\"https:\/\/talkpal.ai\/cs\/?s={search_term_string}\"},\"query-input\":{\"@type\":\"PropertyValueSpecification\",\"valueRequired\":true,\"valueName\":\"search_term_string\"}}],\"inLanguage\":\"cs\"},{\"@type\":\"Organization\",\"@id\":\"https:\/\/talkpal.ai\/cs\/#organization\",\"name\":\"Talkpal, Inc.\",\"alternateName\":\"Talkpal AI\",\"url\":\"https:\/\/talkpal.ai\/cs\/\",\"logo\":{\"@type\":\"ImageObject\",\"inLanguage\":\"cs\",\"@id\":\"https:\/\/talkpal.ai\/cs\/#\/schema\/logo\/image\/\",\"url\":\"https:\/\/talkpal.ai\/wp-content\/uploads\/2024\/03\/Talkpal-Logo-Icon.png\",\"contentUrl\":\"https:\/\/talkpal.ai\/wp-content\/uploads\/2024\/03\/Talkpal-Logo-Icon.png\",\"width\":2880,\"height\":2880,\"caption\":\"Talkpal, Inc.\"},\"image\":{\"@id\":\"https:\/\/talkpal.ai\/cs\/#\/schema\/logo\/image\/\"},\"sameAs\":[\"https:\/\/www.facebook.com\/profile.php?id=100090733639311\",\"https:\/\/x.com\/talkpalai\",\"https:\/\/www.linkedin.com\/company\/talkpal\/\",\"https:\/\/www.youtube.com\/@TalkPal\/\",\"https:\/\/www.tiktok.com\/@talkpal\",\"https:\/\/www.instagram.com\/talkpal_ai\/\",\"https:\/\/www.crunchbase.com\/organization\/talkpal-9cde\",\"https:\/\/www.g2.com\/products\/talkpal-for-business\/\",\"https:\/\/www.trustpilot.com\/review\/talkpal.ai\",\"https:\/\/www.capterra.com\/p\/10006800\/TalkPal\/\"],\"description\":\"Talkpal is a language learning web and mobile education app, powered by the latest AI technologies, that provides engaging experiences to its customers in many different languages to help them improve their language skills. Users can chat about unlimited amount of topics with the app and use other modes to practice their language learning.\",\"email\":\"support@talkpal.ai\",\"legalName\":\"Talkpal, Inc.\",\"foundingDate\":\"2023-04-03\",\"duns\":\"118989042\",\"numberOfEmployees\":{\"@type\":\"QuantitativeValue\",\"minValue\":\"11\",\"maxValue\":\"50\"},\"publishingPrinciples\":\"https:\/\/talkpal.ai\/publishing-principles\/\",\"actionableFeedbackPolicy\":\"https:\/\/talkpal.ai\/actionable-feedback-policy\/\",\"correctionsPolicy\":\"https:\/\/talkpal.ai\/corrections-policy\/\",\"ethicsPolicy\":\"https:\/\/talkpal.ai\/ethics-policy\/\",\"diversityPolicy\":\"https:\/\/talkpal.ai\/diversity-policy\/\",\"diversityStaffingReport\":\"https:\/\/talkpal.ai\/diversity-policy\/\"}]}<\/script>\n<!-- \/ Yoast SEO Premium plugin. -->","yoast_head_json":{"title":"Cvi\u010den\u00ed na mar\u00e1thskou gramatiku - Talkpal","description":"Zlep\u0161ete sv\u00e9 znalosti mar\u00e1th\u0161tiny pomoc\u00ed poutav\u00fdch cvi\u010den\u00ed mar\u00e1thsk\u00e9 gramatiky ur\u010den\u00fdch pro studenty v\u0161ech \u00farovn\u00ed.","robots":{"index":"index","follow":"follow","max-snippet":"max-snippet:-1","max-image-preview":"max-image-preview:large","max-video-preview":"max-video-preview:-1"},"canonical":"https:\/\/talkpal.ai\/cs\/cviceni-na-marathskou-gramatiku\/","og_locale":"cs_CZ","og_type":"article","og_title":"Cvi\u010den\u00ed na mar\u00e1thskou gramatiku","og_description":"Mar\u00e1th\u0161tina Gramatick\u00e1 t\u00e9mata Mar\u00e1th\u0161tina, indo\u00e1rijsk\u00fd jazyk, se pou\u017e\u00edv\u00e1 p\u0159ev\u00e1\u017en\u011b v indick\u00e9m st\u00e1t\u011b Mah\u00e1r\u00e1\u0161tra a je ofici\u00e1ln\u00edm jazykem regionu. Studium","og_url":"https:\/\/talkpal.ai\/cs\/cviceni-na-marathskou-gramatiku\/","og_site_name":"Talkpal","article_publisher":"https:\/\/www.facebook.com\/profile.php?id=100090733639311","article_modified_time":"2025-12-17T15:25:42+00:00","og_image":[{"width":512,"height":512,"url":"https:\/\/talkpal.ai\/wp-content\/uploads\/2023\/05\/Marathi-india.png","type":"image\/png"}],"twitter_card":"summary_large_image","twitter_site":"@talkpalai","twitter_misc":{"Odhadovan\u00e1 doba \u010dten\u00ed":"4 minuty"},"schema":{"@context":"https:\/\/schema.org","@graph":[{"@type":"WebPage","@id":"https:\/\/talkpal.ai\/cs\/cviceni-na-marathskou-gramatiku\/","url":"https:\/\/talkpal.ai\/cs\/cviceni-na-marathskou-gramatiku\/","name":"Cvi\u010den\u00ed na mar\u00e1thskou gramatiku - Talkpal","isPartOf":{"@id":"https:\/\/talkpal.ai\/cs\/#website"},"primaryImageOfPage":{"@id":"https:\/\/talkpal.ai\/cs\/cviceni-na-marathskou-gramatiku\/#primaryimage"},"image":{"@id":"https:\/\/talkpal.ai\/cs\/cviceni-na-marathskou-gramatiku\/#primaryimage"},"thumbnailUrl":"https:\/\/talkpal.ai\/wp-content\/uploads\/2023\/05\/Marathi-india.png","datePublished":"2023-06-22T08:37:16+00:00","dateModified":"2025-12-17T15:25:42+00:00","description":"Zlep\u0161ete sv\u00e9 znalosti mar\u00e1th\u0161tiny pomoc\u00ed poutav\u00fdch cvi\u010den\u00ed mar\u00e1thsk\u00e9 gramatiky ur\u010den\u00fdch pro studenty v\u0161ech \u00farovn\u00ed.","breadcrumb":{"@id":"https:\/\/talkpal.ai\/cs\/cviceni-na-marathskou-gramatiku\/#breadcrumb"},"inLanguage":"cs","potentialAction":[{"@type":"ReadAction","target":["https:\/\/talkpal.ai\/cs\/cviceni-na-marathskou-gramatiku\/"]}]},{"@type":"ImageObject","inLanguage":"cs","@id":"https:\/\/talkpal.ai\/cs\/cviceni-na-marathskou-gramatiku\/#primaryimage","url":"https:\/\/talkpal.ai\/wp-content\/uploads\/2023\/05\/Marathi-india.png","contentUrl":"https:\/\/talkpal.ai\/wp-content\/uploads\/2023\/05\/Marathi-india.png","width":512,"height":512},{"@type":"BreadcrumbList","@id":"https:\/\/talkpal.ai\/cs\/cviceni-na-marathskou-gramatiku\/#breadcrumb","itemListElement":[{"@type":"ListItem","position":1,"name":"Homepage","item":"https:\/\/talkpal.ai\/cs\/"},{"@type":"ListItem","position":2,"name":"Cvi\u010den\u00ed na mar\u00e1thskou gramatiku"}]},{"@type":"WebSite","@id":"https:\/\/talkpal.ai\/cs\/#website","url":"https:\/\/talkpal.ai\/cs\/","name":"Talkpal","description":"AI Language Learning","publisher":{"@id":"https:\/\/talkpal.ai\/cs\/#organization"},"alternateName":"Talkpal AI","potentialAction":[{"@type":"SearchAction","target":{"@type":"EntryPoint","urlTemplate":"https:\/\/talkpal.ai\/cs\/?s={search_term_string}"},"query-input":{"@type":"PropertyValueSpecification","valueRequired":true,"valueName":"search_term_string"}}],"inLanguage":"cs"},{"@type":"Organization","@id":"https:\/\/talkpal.ai\/cs\/#organization","name":"Talkpal, Inc.","alternateName":"Talkpal AI","url":"https:\/\/talkpal.ai\/cs\/","logo":{"@type":"ImageObject","inLanguage":"cs","@id":"https:\/\/talkpal.ai\/cs\/#\/schema\/logo\/image\/","url":"https:\/\/talkpal.ai\/wp-content\/uploads\/2024\/03\/Talkpal-Logo-Icon.png","contentUrl":"https:\/\/talkpal.ai\/wp-content\/uploads\/2024\/03\/Talkpal-Logo-Icon.png","width":2880,"height":2880,"caption":"Talkpal, Inc."},"image":{"@id":"https:\/\/talkpal.ai\/cs\/#\/schema\/logo\/image\/"},"sameAs":["https:\/\/www.facebook.com\/profile.php?id=100090733639311","https:\/\/x.com\/talkpalai","https:\/\/www.linkedin.com\/company\/talkpal\/","https:\/\/www.youtube.com\/@TalkPal\/","https:\/\/www.tiktok.com\/@talkpal","https:\/\/www.instagram.com\/talkpal_ai\/","https:\/\/www.crunchbase.com\/organization\/talkpal-9cde","https:\/\/www.g2.com\/products\/talkpal-for-business\/","https:\/\/www.trustpilot.com\/review\/talkpal.ai","https:\/\/www.capterra.com\/p\/10006800\/TalkPal\/"],"description":"Talkpal is a language learning web and mobile education app, powered by the latest AI technologies, that provides engaging experiences to its customers in many different languages to help them improve their language skills. Users can chat about unlimited amount of topics with the app and use other modes to practice their language learning.","email":"support@talkpal.ai","legalName":"Talkpal, Inc.","foundingDate":"2023-04-03","duns":"118989042","numberOfEmployees":{"@type":"QuantitativeValue","minValue":"11","maxValue":"50"},"publishingPrinciples":"https:\/\/talkpal.ai\/publishing-principles\/","actionableFeedbackPolicy":"https:\/\/talkpal.ai\/actionable-feedback-policy\/","correctionsPolicy":"https:\/\/talkpal.ai\/corrections-policy\/","ethicsPolicy":"https:\/\/talkpal.ai\/ethics-policy\/","diversityPolicy":"https:\/\/talkpal.ai\/diversity-policy\/","diversityStaffingReport":"https:\/\/talkpal.ai\/diversity-policy\/"}]}},"_links":{"self":[{"href":"https:\/\/talkpal.ai\/cs\/wp-json\/wp\/v2\/pages\/159358","targetHints":{"allow":["GET"]}}],"collection":[{"href":"https:\/\/talkpal.ai\/cs\/wp-json\/wp\/v2\/pages"}],"about":[{"href":"https:\/\/talkpal.ai\/cs\/wp-json\/wp\/v2\/types\/page"}],"author":[{"embeddable":true,"href":"https:\/\/talkpal.ai\/cs\/wp-json\/wp\/v2\/users\/6"}],"replies":[{"embeddable":true,"href":"https:\/\/talkpal.ai\/cs\/wp-json\/wp\/v2\/comments?post=159358"}],"version-history":[{"count":0,"href":"https:\/\/talkpal.ai\/cs\/wp-json\/wp\/v2\/pages\/159358\/revisions"}],"wp:featuredmedia":[{"embeddable":true,"href":"https:\/\/talkpal.ai\/cs\/wp-json\/wp\/v2\/media\/116373"}],"wp:attachment":[{"href":"https:\/\/talkpal.ai\/cs\/wp-json\/wp\/v2\/media?parent=159358"}],"curies":[{"name":"wp","href":"https:\/\/api.w.org\/{rel}","templated":true}]}}