{"id":159053,"date":"2023-06-22T08:43:13","date_gmt":"2023-06-22T08:43:13","guid":{"rendered":"http:\/\/talkpal.ai\/cviceni-na-maorskou-gramatiku\/"},"modified":"2025-12-17T14:40:50","modified_gmt":"2025-12-17T14:40:50","slug":"cviceni-na-maorskou-gramatiku","status":"publish","type":"page","link":"https:\/\/talkpal.ai\/cs\/cviceni-na-maorskou-gramatiku\/","title":{"rendered":"Cvi\u010den\u00ed na maorskou gramatiku"},"content":{"rendered":"\r\n\r\n\r\n<section class=\"languageChallengeSection\">\r\n    <div class=\"languageInfoWrapper\">\r\n        \r\n        <h1>Cvi\u010den\u00ed na maorskou gramatiku<\/h1>\r\n        <p>Chcete pos\u00edlit sv\u00e9 znalosti te reo <a href=\"https:\/\/talkpal.ai\/learn-maori\/\">maori<\/a>? Procvi\u010dov\u00e1n\u00ed gramatick\u00fdch cvi\u010den\u00ed je skv\u011bl\u00fd <a href=\"https:\/\/talkpal.ai\/best-way-to-learn\/\">zp\u016fsob<\/a>, jak pochopit stavbu v\u011bty, slovesn\u00e9 tvary a kl\u00ed\u010dov\u00e9 vzorce jazyka. Za\u010dn\u011bte zkoumat maorskou gramatiku je\u0161t\u011b dnes a sledujte, jak s ka\u017ed\u00fdm nov\u00fdm cvi\u010den\u00edm roste va\u0161e sebev\u011bdom\u00ed a schopnosti!<\/p>\r\n\r\n                            <a class=\"getStartedHidden\" href=\"https:\/\/app.talkpal.ai\/cs\/signup?lng=\">Za\u010dni<\/a>\r\n        \r\n    <\/div>\r\n\r\n    <figure>\r\n    <img decoding=\"async\" width=\"768\" height=\"768\" src=\"https:\/\/talkpal.ai\/wp-content\/uploads\/2023\/06\/maori-768x768.png\" class=\"languageImage no-lazy\" alt=\"Language learning for social and professional settings\" fetchpriority=\"high\" sizes=\"(max-width: 768px) 150px, 768px\" srcset=\"https:\/\/talkpal.ai\/wp-content\/uploads\/2023\/06\/maori-768x768.png 768w, https:\/\/talkpal.ai\/wp-content\/uploads\/2023\/06\/maori-300x300.png 300w\" \/>\r\n    \r\n\r\n    <\/figure>\r\n\r\n            <a class=\"getStartedVisible\" href=\"https:\/\/app.talkpal.ai\/cs\/signup?lng=\">Za\u010dni<\/a>\r\n    \r\n<\/section>\r\n\r\n\r\n<!-- <section class=\"grammarSection\">\r\n    <div class=\"grammarLinks\">\r\n            <\/div>\r\n<\/section> -->\r\n\r\n\r\n\r\n\r\n<section class=\"promotionalBanner\">\r\n    <p class=\"promotionalText\">Nejefektivn\u011bj\u0161\u00ed zp\u016fsob, jak se nau\u010dit jazyk<\/p>\r\n    <a class=\"promotionalLink\" href=\"https:\/\/app.talkpal.ai\/cs\/signup?lng=\">Vyzkou\u0161ejte Talkpal zdarma<\/a>\r\n<\/section>\n<div class=\"wp-block-group pageContainerStyle\"><div class=\"wp-block-group__inner-container is-layout-constrained wp-block-group-is-layout-constrained\">\n<h2 class=\"wp-block-heading\" id=\"h-maori-grammar-topics\">T\u00e9mata maorsk\u00e9 gramatiky<\/h2>\n\n\n\n<p><a href=\"https:\/\/talkpal.ai\/learn-maori\/\">Maor\u0161tina<\/a>, zn\u00e1m\u00e1 jako te reo Maori, je jazyk v\u00fdchodn\u00ed Polyn\u00e9sie poch\u00e1zej\u00edc\u00ed z Nov\u00e9ho Z\u00e9landu. Jako \u00fa\u0159edn\u00ed jazyk zem\u011b nese bohat\u00e9 kulturn\u00ed d\u011bdictv\u00ed a jedine\u010dn\u00e9 jazykov\u00e9 rysy. U\u010den\u00ed se maorsk\u00e9 gramatice je nezbytn\u00e9 pro porozum\u011bn\u00ed a efektivn\u00ed komunikaci v jazyce. Tato p\u0159\u00edru\u010dka poskytuje p\u0159ehled z\u00e1sadn\u00edch t\u00e9mat maorsk\u00e9 gramatiky, uspo\u0159\u00e1dan\u00fdch v po\u0159ad\u00ed navr\u017een\u00e9m tak, aby v\u00e1m usnadnil proces u\u010den\u00ed. Od \u010das\u016f a sloves a\u017e po p\u0159\u00eddavn\u00e1 jm\u00e9na a p\u0159edlo\u017eky, tato p\u0159\u00edru\u010dka v\u00e1m pom\u016f\u017ee pochopit z\u00e1kladn\u00ed prvky maorsk\u00e9 gramatiky a vydat se na cestu u\u010den\u00ed se jazyk\u016fm.<\/p>\n\n\n\n<h3 class=\"wp-block-heading\" id=\"h-1-tenses\">1. \u010casy:<\/h3>\n\n\n\n<p>V maor\u0161tin\u011b existuj\u00ed dva z\u00e1kladn\u00ed \u010dasy \u2013 minul\u00fd a neminul\u00fd. Minul\u00fd \u010das ozna\u010duje akce nebo ud\u00e1losti, kter\u00e9 se ji\u017e staly, zat\u00edmco neminul\u00fd \u010das zahrnuje sou\u010dasn\u00e9 i budouc\u00ed akce. Porozum\u011bn\u00ed t\u011bmto \u010das\u016fm je z\u00e1sadn\u00ed pro tvo\u0159en\u00ed v\u011bt a p\u0159esn\u00e9 vyj\u00e1d\u0159en\u00ed v\u00fdznamu.<\/p>\n\n\n\n<h3 class=\"wp-block-heading\" id=\"h-2-tense-comparison\">2. Srovn\u00e1n\u00ed \u010das\u016f:<\/h3>\n\n\n\n<p>P\u0159i porovn\u00e1v\u00e1n\u00ed \u010das\u016f v maor\u0161tin\u011b je d\u016fle\u017eit\u00e9 pochopit, jak tvo\u0159it v\u011bty s pou\u017eit\u00edm r\u016fzn\u00fdch \u010das\u016f a jak je vhodn\u011b porovn\u00e1vat. Tyto znalosti v\u00e1m pomohou vyj\u00e1d\u0159it \u010diny a ud\u00e1losti v r\u016fzn\u00fdch \u010dasov\u00fdch kontextech.<\/p>\n\n\n\n<h3 class=\"wp-block-heading\" id=\"h-3-progressive\">3. Progresivn\u00ed:<\/h3>\n\n\n\n<p>Progresivn\u00ed aspekt v maor\u0161tin\u011b ozna\u010duje prob\u00edhaj\u00edc\u00ed nebo nep\u0159etr\u017eit\u00e9 \u010dinnosti. Nau\u010d\u00edte-li se pou\u017e\u00edvat progresivn\u00ed aspekt, umo\u017en\u00ed v\u00e1m to popsat akce, kter\u00e9 se pr\u00e1v\u011b d\u011bj\u00ed, a dod\u00e1 va\u0161\u00ed komunikaci hloubku.<\/p>\n\n\n\n<h3 class=\"wp-block-heading\" id=\"h-4-perfect-progressive\">4. Perfektn\u00ed progresivn\u00ed:<\/h3>\n\n\n\n<p>Dokonal\u00fd progresivn\u00ed aspekt kombinuje prvky dokonal\u00e9ho i progresivn\u00edho aspektu a ozna\u010duje \u010dinnosti, kter\u00e9 prob\u00edhaly, ale nyn\u00ed jsou dokon\u010deny. Zvl\u00e1dnut\u00ed tohoto aspektu v\u00e1m pom\u016f\u017ee zprost\u0159edkovat slo\u017eit\u011bj\u0161\u00ed my\u0161lenky a situace.<\/p>\n\n\n\n<h3 class=\"wp-block-heading\" id=\"h-5-verbs\">5. Slovesa:<\/h3>\n\n\n\n<p>Slovesa jsou v maor\u0161tin\u011b kl\u00ed\u010dov\u00e1 pro stavbu v\u011bt a vyjad\u0159ov\u00e1n\u00ed \u010din\u016f nebo stav\u016f byt\u00ed. Sezn\u00e1men\u00ed se s \u010dasov\u00e1n\u00edm sloves, b\u011b\u017en\u00fdmi slovesy a jejich pou\u017e\u00edv\u00e1n\u00edm je nezbytn\u00e9 pro efektivn\u00ed komunikaci.<\/p>\n\n\n\n<h3 class=\"wp-block-heading\" id=\"h-6-nouns\">6. Podstatn\u00e1 jm\u00e9na:<\/h3>\n\n\n\n<p>Podstatn\u00e1 jm\u00e9na jsou z\u00e1kladem ka\u017ed\u00e9ho jazyka, p\u0159edstavuj\u00ed lidi, m\u00edsta, v\u011bci nebo my\u0161lenky. U\u010den\u00ed maorsk\u00fdch podstatn\u00fdch jmen v\u00e1m pom\u016f\u017ee roz\u0161\u00ed\u0159it slovn\u00ed z\u00e1sobu a zlep\u0161it celkov\u00e9 porozum\u011bn\u00ed jazyku.<\/p>\n\n\n\n<h3 class=\"wp-block-heading\" id=\"h-7-articles\">7. \u010cl\u00e1nky:<\/h3>\n\n\n\n<p>Maor\u0161tina pou\u017e\u00edv\u00e1 \u010dleny k ur\u010den\u00ed ur\u010ditosti nebo neur\u010ditosti podstatn\u00e9ho jm\u00e9na. Pochopen\u00ed pou\u017eit\u00ed \u010dlen\u016f v\u00e1m pom\u016f\u017ee sestavit v\u011bty jasn\u011b a p\u0159esn\u011b.<\/p>\n\n\n\n<h3 class=\"wp-block-heading\" id=\"h-8-pronouns-determiners\">8. Z\u00e1jmena\/determinanty:<\/h3>\n\n\n\n<p>Z\u00e1jmena a determinanty hraj\u00ed v maorsk\u00e9 gramatice z\u00e1sadn\u00ed roli, proto\u017ee pom\u00e1haj\u00ed identifikovat nebo specifikovat podstatn\u00e9 jm\u00e9no. Seznamte se s r\u016fzn\u00fdmi z\u00e1jmeny a determinanty, abyste zlep\u0161ili sv\u00e9 <a href=\"https:\/\/talkpal.ai\/cs\/procvicovani-cestiny-nejlepsi-zpusoby-jak-zlepsit-sve-jazykove-dovednosti\/\">jazykov\u00e9 dovednosti<\/a>.<\/p>\n\n\n\n<h3 class=\"wp-block-heading\" id=\"h-9-adjectives\">9. P\u0159\u00eddavn\u00e1 jm\u00e9na:<\/h3>\n\n\n\n<p>P\u0159\u00eddavn\u00e1 jm\u00e9na poskytuj\u00ed popisy, vlastnosti nebo atributy podstatn\u00fdch jmen. U\u010den\u00ed se maorsk\u00fdm p\u0159\u00eddavn\u00fdm jm\u00e9n\u016fm v\u00e1m umo\u017en\u00ed vyj\u00e1d\u0159it podrobn\u011bj\u0161\u00ed a nuancovan\u011bj\u0161\u00ed my\u0161lenky.<\/p>\n\n\n\n<h3 class=\"wp-block-heading\" id=\"h-10-adverbs\">10. P\u0159\u00edslovce:<\/h3>\n\n\n\n<p>P\u0159\u00edslovce modifikuj\u00ed slovesa, p\u0159\u00eddavn\u00e1 jm\u00e9na nebo jin\u00e1 p\u0159\u00edslovce a poskytuj\u00ed dal\u0161\u00ed informace o d\u011bj\u00edch nebo vlastnostech. Zvl\u00e1dnut\u00ed maorsk\u00fdch p\u0159\u00edslovc\u00ed v\u00e1m pom\u016f\u017ee efektivn\u011bji sd\u011blit v\u00fdznam a zpest\u0159it va\u0161e v\u011bty.<\/p>\n\n\n\n<h3 class=\"wp-block-heading\" id=\"h-11-conditionals\">11. Kondicion\u00e1ly:<\/h3>\n\n\n\n<p>Podmi\u0148ovac\u00ed zp\u016fsob se v maor\u0161tin\u011b pou\u017e\u00edv\u00e1 k vyj\u00e1d\u0159en\u00ed hypotetick\u00fdch situac\u00ed nebo d\u016fsledk\u016f. Porozum\u011bn\u00ed podm\u00ednkov\u00fdm form\u00e1m v\u00e1m pom\u016f\u017ee sd\u011blit slo\u017eit\u00e9 my\u0161lenky a mo\u017enosti.<\/p>\n\n\n\n<h3 class=\"wp-block-heading\" id=\"h-12-prepositions\">12. P\u0159edlo\u017eky:<\/h3>\n\n\n\n<p>P\u0159edlo\u017eky jsou nezbytn\u00e9 pro ozna\u010den\u00ed vztah\u016f mezi slovy, jako je m\u00edsto, sm\u011br nebo \u010das. U\u010den\u00ed maorsk\u00fdch p\u0159edlo\u017eek v\u00e1m pom\u016f\u017ee sestavit slo\u017eit\u011bj\u0161\u00ed a smyslupln\u011bj\u0161\u00ed v\u011bty.<\/p>\n\n\n\n<h3 class=\"wp-block-heading\" id=\"h-13-sentences\">13. V\u011bty:<\/h3>\n\n\n\n<p>A kone\u010dn\u011b, pochopen\u00ed v\u011btn\u00e9 struktury a slovosledu je z\u00e1sadn\u00ed pro efektivn\u00ed komunikaci v maor\u0161tin\u011b. Seznamte se s r\u016fzn\u00fdmi vzory v\u011bt a procvi\u010dte si vytv\u00e1\u0159en\u00ed v\u011bt pomoc\u00ed gramatick\u00fdch t\u00e9mat uveden\u00fdch v t\u00e9to p\u0159\u00edru\u010dce.<\/p>\n<\/div><\/div>\n\r\n<section class=\"learnNavigationSection\">\r\n            \r\n        <a href=\"https:\/\/talkpal.ai\/cs\/naucte-se-maorsky\/\">\r\n            <div class=\"learnNavigationWrapper\">\r\n                <div class=\"learnNavigationContent\">\r\n                    <img decoding=\"async\" src=\"https:\/\/talkpal.ai\/wp-content\/uploads\/2024\/08\/Maori.jpg\" alt=\"New Zealand Flag\">\r\n                    <div>\r\n                        <h4>Lekce maorsk\u00e9 gramatiky<\/h4>\r\n                        <p>Zjist\u011bte v\u00edce o maorsk\u00e9 gramatice.<\/p>\r\n                    <\/div>\r\n                <\/div>\r\n            <\/div>\r\n        <\/a>\r\n\r\n        \r\n        <a href=\"https:\/\/talkpal.ai\/cs\/maorska-gramatika\/\">\r\n            <div class=\"learnNavigationWrapper\">\r\n                <div class=\"learnNavigationContent\">\r\n                    <img decoding=\"async\" src=\"https:\/\/talkpal.ai\/wp-content\/uploads\/2024\/08\/Maori.jpg\" alt=\"New Zealand Flag\">\r\n                    <div>\r\n                        <h4>Lekce maorsk\u00e9 gramatiky<\/h4>\r\n                        <p>Procvi\u010dte si maorskou gramatiku.<\/p>\r\n                    <\/div>\r\n                <\/div>\r\n            <\/div>\r\n        <\/a>\r\n\r\n        \r\n        <a href=\"https:\/\/talkpal.ai\/vocabulary_language\/maori\/\">\r\n            <div class=\"learnNavigationWrapper\">\r\n                <div class=\"learnNavigationContent\">\r\n                    <img decoding=\"async\" src=\"https:\/\/talkpal.ai\/wp-content\/uploads\/2024\/08\/Maori.jpg\" alt=\"New Zealand Flag\">\r\n                    <div>\r\n                        <h4>Maorsk\u00e1 slovn\u00ed z\u00e1soba<\/h4>\r\n                        <p>Roz\u0161i\u0159te si maorskou slovn\u00ed z\u00e1sobu.<\/p>\r\n                    <\/div>\r\n                <\/div>\r\n            <\/div>\r\n        <\/a>\r\n\r\n            <\/section>","protected":false},"excerpt":{"rendered":"<p>T\u00e9mata maorsk\u00e9 gramatiky Maor\u0161tina, zn\u00e1m\u00e1 jako te reo Maori, je jazyk v\u00fdchodn\u00ed Polyn\u00e9sie poch\u00e1zej\u00edc\u00ed z Nov\u00e9ho Z\u00e9landu. Jako \u00fa\u0159edn\u00ed jazyk zem\u011b nese bohat\u00e9 kulturn\u00ed d\u011bdictv\u00ed a jedine\u010dn\u00e9 jazykov\u00e9 rysy. U\u010den\u00ed se maorsk\u00e9 gramatice je nezbytn\u00e9 pro porozum\u011bn\u00ed a efektivn\u00ed komunikaci v jazyce. Tato p\u0159\u00edru\u010dka poskytuje p\u0159ehled z\u00e1sadn\u00edch t\u00e9mat maorsk\u00e9 gramatiky, uspo\u0159\u00e1dan\u00fdch v po\u0159ad\u00ed navr\u017een\u00e9m tak, [&hellip;]<\/p>\n","protected":false},"author":6,"featured_media":116664,"parent":0,"menu_order":0,"comment_status":"closed","ping_status":"closed","template":"LearningContentPage.php","meta":{"_acf_changed":false,"footnotes":""},"class_list":["post-159053","page","type-page","status-publish","has-post-thumbnail","hentry"],"acf":[],"yoast_head":"<!-- This site is optimized with the Yoast SEO Premium plugin v27.2 (Yoast SEO v27.2) - https:\/\/yoast.com\/product\/yoast-seo-premium-wordpress\/ -->\n<title>Cvi\u010den\u00ed na maorskou gramatiku - Talkpal<\/title>\n<meta name=\"description\" content=\"Zlep\u0161ete sv\u00e9 jazykov\u00e9 dovednosti pomoc\u00ed maorsk\u00fdch gramatick\u00fdch cvi\u010den\u00ed, kter\u00e1 jsou navr\u017eena tak, aby zlep\u0161ila va\u0161e porozum\u011bn\u00ed a plynulost maor\u0161tiny.\" \/>\n<meta name=\"robots\" content=\"index, follow, max-snippet:-1, max-image-preview:large, max-video-preview:-1\" \/>\n<link rel=\"canonical\" href=\"https:\/\/talkpal.ai\/cs\/cviceni-na-maorskou-gramatiku\/\" \/>\n<meta property=\"og:locale\" content=\"cs_CZ\" \/>\n<meta property=\"og:type\" content=\"article\" \/>\n<meta property=\"og:title\" content=\"Cvi\u010den\u00ed na maorskou gramatiku\" \/>\n<meta property=\"og:description\" content=\"T\u00e9mata maorsk\u00e9 gramatiky Maor\u0161tina, zn\u00e1m\u00e1 jako te reo Maori, je jazyk v\u00fdchodn\u00ed Polyn\u00e9sie poch\u00e1zej\u00edc\u00ed z Nov\u00e9ho Z\u00e9landu. Jako \u00fa\u0159edn\u00ed jazyk zem\u011b nese bohat\u00e9\" \/>\n<meta property=\"og:url\" content=\"https:\/\/talkpal.ai\/cs\/cviceni-na-maorskou-gramatiku\/\" \/>\n<meta property=\"og:site_name\" content=\"Talkpal\" \/>\n<meta property=\"article:publisher\" content=\"https:\/\/www.facebook.com\/profile.php?id=100090733639311\" \/>\n<meta property=\"article:modified_time\" content=\"2025-12-17T14:40:50+00:00\" \/>\n<meta property=\"og:image\" content=\"https:\/\/talkpal.ai\/wp-content\/uploads\/2023\/05\/Maori-new-zealand.png\" \/>\n\t<meta property=\"og:image:width\" content=\"512\" \/>\n\t<meta property=\"og:image:height\" content=\"512\" \/>\n\t<meta property=\"og:image:type\" content=\"image\/png\" \/>\n<meta name=\"twitter:card\" content=\"summary_large_image\" \/>\n<meta name=\"twitter:site\" content=\"@talkpalai\" \/>\n<meta name=\"twitter:label1\" content=\"Odhadovan\u00e1 doba \u010dten\u00ed\" \/>\n\t<meta name=\"twitter:data1\" content=\"4 minuty\" \/>\n<script type=\"application\/ld+json\" class=\"yoast-schema-graph\">{\"@context\":\"https:\/\/schema.org\",\"@graph\":[{\"@type\":\"WebPage\",\"@id\":\"https:\/\/talkpal.ai\/cs\/cviceni-na-maorskou-gramatiku\/\",\"url\":\"https:\/\/talkpal.ai\/cs\/cviceni-na-maorskou-gramatiku\/\",\"name\":\"Cvi\u010den\u00ed na maorskou gramatiku - Talkpal\",\"isPartOf\":{\"@id\":\"https:\/\/talkpal.ai\/cs\/#website\"},\"primaryImageOfPage\":{\"@id\":\"https:\/\/talkpal.ai\/cs\/cviceni-na-maorskou-gramatiku\/#primaryimage\"},\"image\":{\"@id\":\"https:\/\/talkpal.ai\/cs\/cviceni-na-maorskou-gramatiku\/#primaryimage\"},\"thumbnailUrl\":\"https:\/\/talkpal.ai\/wp-content\/uploads\/2023\/05\/Maori-new-zealand.png\",\"datePublished\":\"2023-06-22T08:43:13+00:00\",\"dateModified\":\"2025-12-17T14:40:50+00:00\",\"description\":\"Zlep\u0161ete sv\u00e9 jazykov\u00e9 dovednosti pomoc\u00ed maorsk\u00fdch gramatick\u00fdch cvi\u010den\u00ed, kter\u00e1 jsou navr\u017eena tak, aby zlep\u0161ila va\u0161e porozum\u011bn\u00ed a plynulost maor\u0161tiny.\",\"breadcrumb\":{\"@id\":\"https:\/\/talkpal.ai\/cs\/cviceni-na-maorskou-gramatiku\/#breadcrumb\"},\"inLanguage\":\"cs\",\"potentialAction\":[{\"@type\":\"ReadAction\",\"target\":[\"https:\/\/talkpal.ai\/cs\/cviceni-na-maorskou-gramatiku\/\"]}]},{\"@type\":\"ImageObject\",\"inLanguage\":\"cs\",\"@id\":\"https:\/\/talkpal.ai\/cs\/cviceni-na-maorskou-gramatiku\/#primaryimage\",\"url\":\"https:\/\/talkpal.ai\/wp-content\/uploads\/2023\/05\/Maori-new-zealand.png\",\"contentUrl\":\"https:\/\/talkpal.ai\/wp-content\/uploads\/2023\/05\/Maori-new-zealand.png\",\"width\":512,\"height\":512},{\"@type\":\"BreadcrumbList\",\"@id\":\"https:\/\/talkpal.ai\/cs\/cviceni-na-maorskou-gramatiku\/#breadcrumb\",\"itemListElement\":[{\"@type\":\"ListItem\",\"position\":1,\"name\":\"Homepage\",\"item\":\"https:\/\/talkpal.ai\/cs\/\"},{\"@type\":\"ListItem\",\"position\":2,\"name\":\"Cvi\u010den\u00ed na maorskou gramatiku\"}]},{\"@type\":\"WebSite\",\"@id\":\"https:\/\/talkpal.ai\/cs\/#website\",\"url\":\"https:\/\/talkpal.ai\/cs\/\",\"name\":\"Talkpal\",\"description\":\"AI Language Learning\",\"publisher\":{\"@id\":\"https:\/\/talkpal.ai\/cs\/#organization\"},\"alternateName\":\"Talkpal AI\",\"potentialAction\":[{\"@type\":\"SearchAction\",\"target\":{\"@type\":\"EntryPoint\",\"urlTemplate\":\"https:\/\/talkpal.ai\/cs\/?s={search_term_string}\"},\"query-input\":{\"@type\":\"PropertyValueSpecification\",\"valueRequired\":true,\"valueName\":\"search_term_string\"}}],\"inLanguage\":\"cs\"},{\"@type\":\"Organization\",\"@id\":\"https:\/\/talkpal.ai\/cs\/#organization\",\"name\":\"Talkpal, Inc.\",\"alternateName\":\"Talkpal AI\",\"url\":\"https:\/\/talkpal.ai\/cs\/\",\"logo\":{\"@type\":\"ImageObject\",\"inLanguage\":\"cs\",\"@id\":\"https:\/\/talkpal.ai\/cs\/#\/schema\/logo\/image\/\",\"url\":\"https:\/\/talkpal.ai\/wp-content\/uploads\/2024\/03\/Talkpal-Logo-Icon.png\",\"contentUrl\":\"https:\/\/talkpal.ai\/wp-content\/uploads\/2024\/03\/Talkpal-Logo-Icon.png\",\"width\":2880,\"height\":2880,\"caption\":\"Talkpal, Inc.\"},\"image\":{\"@id\":\"https:\/\/talkpal.ai\/cs\/#\/schema\/logo\/image\/\"},\"sameAs\":[\"https:\/\/www.facebook.com\/profile.php?id=100090733639311\",\"https:\/\/x.com\/talkpalai\",\"https:\/\/www.linkedin.com\/company\/talkpal\/\",\"https:\/\/www.youtube.com\/@TalkPal\/\",\"https:\/\/www.tiktok.com\/@talkpal\",\"https:\/\/www.instagram.com\/talkpal_ai\/\",\"https:\/\/www.crunchbase.com\/organization\/talkpal-9cde\",\"https:\/\/www.g2.com\/products\/talkpal-for-business\/\",\"https:\/\/www.trustpilot.com\/review\/talkpal.ai\",\"https:\/\/www.capterra.com\/p\/10006800\/TalkPal\/\"],\"description\":\"Talkpal is a language learning web and mobile education app, powered by the latest AI technologies, that provides engaging experiences to its customers in many different languages to help them improve their language skills. Users can chat about unlimited amount of topics with the app and use other modes to practice their language learning.\",\"email\":\"support@talkpal.ai\",\"legalName\":\"Talkpal, Inc.\",\"foundingDate\":\"2023-04-03\",\"duns\":\"118989042\",\"numberOfEmployees\":{\"@type\":\"QuantitativeValue\",\"minValue\":\"11\",\"maxValue\":\"50\"},\"publishingPrinciples\":\"https:\/\/talkpal.ai\/publishing-principles\/\",\"actionableFeedbackPolicy\":\"https:\/\/talkpal.ai\/actionable-feedback-policy\/\",\"correctionsPolicy\":\"https:\/\/talkpal.ai\/corrections-policy\/\",\"ethicsPolicy\":\"https:\/\/talkpal.ai\/ethics-policy\/\",\"diversityPolicy\":\"https:\/\/talkpal.ai\/diversity-policy\/\",\"diversityStaffingReport\":\"https:\/\/talkpal.ai\/diversity-policy\/\"}]}<\/script>\n<!-- \/ Yoast SEO Premium plugin. -->","yoast_head_json":{"title":"Cvi\u010den\u00ed na maorskou gramatiku - Talkpal","description":"Zlep\u0161ete sv\u00e9 jazykov\u00e9 dovednosti pomoc\u00ed maorsk\u00fdch gramatick\u00fdch cvi\u010den\u00ed, kter\u00e1 jsou navr\u017eena tak, aby zlep\u0161ila va\u0161e porozum\u011bn\u00ed a plynulost maor\u0161tiny.","robots":{"index":"index","follow":"follow","max-snippet":"max-snippet:-1","max-image-preview":"max-image-preview:large","max-video-preview":"max-video-preview:-1"},"canonical":"https:\/\/talkpal.ai\/cs\/cviceni-na-maorskou-gramatiku\/","og_locale":"cs_CZ","og_type":"article","og_title":"Cvi\u010den\u00ed na maorskou gramatiku","og_description":"T\u00e9mata maorsk\u00e9 gramatiky Maor\u0161tina, zn\u00e1m\u00e1 jako te reo Maori, je jazyk v\u00fdchodn\u00ed Polyn\u00e9sie poch\u00e1zej\u00edc\u00ed z Nov\u00e9ho Z\u00e9landu. Jako \u00fa\u0159edn\u00ed jazyk zem\u011b nese bohat\u00e9","og_url":"https:\/\/talkpal.ai\/cs\/cviceni-na-maorskou-gramatiku\/","og_site_name":"Talkpal","article_publisher":"https:\/\/www.facebook.com\/profile.php?id=100090733639311","article_modified_time":"2025-12-17T14:40:50+00:00","og_image":[{"width":512,"height":512,"url":"https:\/\/talkpal.ai\/wp-content\/uploads\/2023\/05\/Maori-new-zealand.png","type":"image\/png"}],"twitter_card":"summary_large_image","twitter_site":"@talkpalai","twitter_misc":{"Odhadovan\u00e1 doba \u010dten\u00ed":"4 minuty"},"schema":{"@context":"https:\/\/schema.org","@graph":[{"@type":"WebPage","@id":"https:\/\/talkpal.ai\/cs\/cviceni-na-maorskou-gramatiku\/","url":"https:\/\/talkpal.ai\/cs\/cviceni-na-maorskou-gramatiku\/","name":"Cvi\u010den\u00ed na maorskou gramatiku - Talkpal","isPartOf":{"@id":"https:\/\/talkpal.ai\/cs\/#website"},"primaryImageOfPage":{"@id":"https:\/\/talkpal.ai\/cs\/cviceni-na-maorskou-gramatiku\/#primaryimage"},"image":{"@id":"https:\/\/talkpal.ai\/cs\/cviceni-na-maorskou-gramatiku\/#primaryimage"},"thumbnailUrl":"https:\/\/talkpal.ai\/wp-content\/uploads\/2023\/05\/Maori-new-zealand.png","datePublished":"2023-06-22T08:43:13+00:00","dateModified":"2025-12-17T14:40:50+00:00","description":"Zlep\u0161ete sv\u00e9 jazykov\u00e9 dovednosti pomoc\u00ed maorsk\u00fdch gramatick\u00fdch cvi\u010den\u00ed, kter\u00e1 jsou navr\u017eena tak, aby zlep\u0161ila va\u0161e porozum\u011bn\u00ed a plynulost maor\u0161tiny.","breadcrumb":{"@id":"https:\/\/talkpal.ai\/cs\/cviceni-na-maorskou-gramatiku\/#breadcrumb"},"inLanguage":"cs","potentialAction":[{"@type":"ReadAction","target":["https:\/\/talkpal.ai\/cs\/cviceni-na-maorskou-gramatiku\/"]}]},{"@type":"ImageObject","inLanguage":"cs","@id":"https:\/\/talkpal.ai\/cs\/cviceni-na-maorskou-gramatiku\/#primaryimage","url":"https:\/\/talkpal.ai\/wp-content\/uploads\/2023\/05\/Maori-new-zealand.png","contentUrl":"https:\/\/talkpal.ai\/wp-content\/uploads\/2023\/05\/Maori-new-zealand.png","width":512,"height":512},{"@type":"BreadcrumbList","@id":"https:\/\/talkpal.ai\/cs\/cviceni-na-maorskou-gramatiku\/#breadcrumb","itemListElement":[{"@type":"ListItem","position":1,"name":"Homepage","item":"https:\/\/talkpal.ai\/cs\/"},{"@type":"ListItem","position":2,"name":"Cvi\u010den\u00ed na maorskou gramatiku"}]},{"@type":"WebSite","@id":"https:\/\/talkpal.ai\/cs\/#website","url":"https:\/\/talkpal.ai\/cs\/","name":"Talkpal","description":"AI Language Learning","publisher":{"@id":"https:\/\/talkpal.ai\/cs\/#organization"},"alternateName":"Talkpal AI","potentialAction":[{"@type":"SearchAction","target":{"@type":"EntryPoint","urlTemplate":"https:\/\/talkpal.ai\/cs\/?s={search_term_string}"},"query-input":{"@type":"PropertyValueSpecification","valueRequired":true,"valueName":"search_term_string"}}],"inLanguage":"cs"},{"@type":"Organization","@id":"https:\/\/talkpal.ai\/cs\/#organization","name":"Talkpal, Inc.","alternateName":"Talkpal AI","url":"https:\/\/talkpal.ai\/cs\/","logo":{"@type":"ImageObject","inLanguage":"cs","@id":"https:\/\/talkpal.ai\/cs\/#\/schema\/logo\/image\/","url":"https:\/\/talkpal.ai\/wp-content\/uploads\/2024\/03\/Talkpal-Logo-Icon.png","contentUrl":"https:\/\/talkpal.ai\/wp-content\/uploads\/2024\/03\/Talkpal-Logo-Icon.png","width":2880,"height":2880,"caption":"Talkpal, Inc."},"image":{"@id":"https:\/\/talkpal.ai\/cs\/#\/schema\/logo\/image\/"},"sameAs":["https:\/\/www.facebook.com\/profile.php?id=100090733639311","https:\/\/x.com\/talkpalai","https:\/\/www.linkedin.com\/company\/talkpal\/","https:\/\/www.youtube.com\/@TalkPal\/","https:\/\/www.tiktok.com\/@talkpal","https:\/\/www.instagram.com\/talkpal_ai\/","https:\/\/www.crunchbase.com\/organization\/talkpal-9cde","https:\/\/www.g2.com\/products\/talkpal-for-business\/","https:\/\/www.trustpilot.com\/review\/talkpal.ai","https:\/\/www.capterra.com\/p\/10006800\/TalkPal\/"],"description":"Talkpal is a language learning web and mobile education app, powered by the latest AI technologies, that provides engaging experiences to its customers in many different languages to help them improve their language skills. Users can chat about unlimited amount of topics with the app and use other modes to practice their language learning.","email":"support@talkpal.ai","legalName":"Talkpal, Inc.","foundingDate":"2023-04-03","duns":"118989042","numberOfEmployees":{"@type":"QuantitativeValue","minValue":"11","maxValue":"50"},"publishingPrinciples":"https:\/\/talkpal.ai\/publishing-principles\/","actionableFeedbackPolicy":"https:\/\/talkpal.ai\/actionable-feedback-policy\/","correctionsPolicy":"https:\/\/talkpal.ai\/corrections-policy\/","ethicsPolicy":"https:\/\/talkpal.ai\/ethics-policy\/","diversityPolicy":"https:\/\/talkpal.ai\/diversity-policy\/","diversityStaffingReport":"https:\/\/talkpal.ai\/diversity-policy\/"}]}},"_links":{"self":[{"href":"https:\/\/talkpal.ai\/cs\/wp-json\/wp\/v2\/pages\/159053","targetHints":{"allow":["GET"]}}],"collection":[{"href":"https:\/\/talkpal.ai\/cs\/wp-json\/wp\/v2\/pages"}],"about":[{"href":"https:\/\/talkpal.ai\/cs\/wp-json\/wp\/v2\/types\/page"}],"author":[{"embeddable":true,"href":"https:\/\/talkpal.ai\/cs\/wp-json\/wp\/v2\/users\/6"}],"replies":[{"embeddable":true,"href":"https:\/\/talkpal.ai\/cs\/wp-json\/wp\/v2\/comments?post=159053"}],"version-history":[{"count":0,"href":"https:\/\/talkpal.ai\/cs\/wp-json\/wp\/v2\/pages\/159053\/revisions"}],"wp:featuredmedia":[{"embeddable":true,"href":"https:\/\/talkpal.ai\/cs\/wp-json\/wp\/v2\/media\/116664"}],"wp:attachment":[{"href":"https:\/\/talkpal.ai\/cs\/wp-json\/wp\/v2\/media?parent=159053"}],"curies":[{"name":"wp","href":"https:\/\/api.w.org\/{rel}","templated":true}]}}