{"id":158765,"date":"2023-06-22T08:52:21","date_gmt":"2023-06-22T08:52:21","guid":{"rendered":"http:\/\/talkpal.ai\/cviceni-nepalske-gramatiky\/"},"modified":"2025-12-17T14:36:38","modified_gmt":"2025-12-17T14:36:38","slug":"cviceni-nepalske-gramatiky","status":"publish","type":"page","link":"https:\/\/talkpal.ai\/cs\/cviceni-nepalske-gramatiky\/","title":{"rendered":"Cvi\u010den\u00ed nep\u00e1lsk\u00e9 gramatiky"},"content":{"rendered":"\r\n\r\n\r\n<section class=\"languageChallengeSection\">\r\n    <div class=\"languageInfoWrapper\">\r\n        \r\n        <h1>Cvi\u010den\u00ed nep\u00e1lsk\u00e9 gramatiky<\/h1>\r\n        <p>Chcete si b\u00fdt jist\u011bj\u0161\u00ed v nep\u00e1l\u0161tin\u011b? Procvi\u010dov\u00e1n\u00ed gramatick\u00fdch cvi\u010den\u00ed je skv\u011bl\u00fd zp\u016fsob, jak pochopit stavbu v\u011bty, slovesn\u00e9 tvary a jedine\u010dn\u00e9 vzorce jazyka. Za\u010dn\u011bte pracovat na nep\u00e1lsk\u00e9 gramatice dnes a sledujte, jak se va\u0161e dovednosti a plynulost rozv\u00edjej\u00ed s ka\u017ed\u00fdm cvi\u010den\u00edm!<\/p>\r\n\r\n                            <a class=\"getStartedHidden\" href=\"https:\/\/app.talkpal.ai\/cs\/signup?lng=\">Za\u010dni<\/a>\r\n        \r\n    <\/div>\r\n\r\n    <figure>\r\n    <img decoding=\"async\" width=\"768\" height=\"768\" src=\"https:\/\/talkpal.ai\/wp-content\/uploads\/2023\/06\/nepali-768x768.png\" class=\"languageImage no-lazy\" alt=\"Practical language learning for real-life application\" fetchpriority=\"high\" sizes=\"(max-width: 768px) 150px, 768px\" srcset=\"https:\/\/talkpal.ai\/wp-content\/uploads\/2023\/06\/nepali-768x768.png 768w, https:\/\/talkpal.ai\/wp-content\/uploads\/2023\/06\/nepali-300x300.png 300w\" \/>\r\n    \r\n\r\n    <\/figure>\r\n\r\n            <a class=\"getStartedVisible\" href=\"https:\/\/app.talkpal.ai\/cs\/signup?lng=\">Za\u010dni<\/a>\r\n    \r\n<\/section>\r\n\r\n\r\n<!-- <section class=\"grammarSection\">\r\n    <div class=\"grammarLinks\">\r\n            <\/div>\r\n<\/section> -->\r\n\r\n\r\n\r\n\r\n<section class=\"promotionalBanner\">\r\n    <p class=\"promotionalText\">Nejefektivn\u011bj\u0161\u00ed zp\u016fsob, jak se nau\u010dit jazyk<\/p>\r\n    <a class=\"promotionalLink\" href=\"https:\/\/app.talkpal.ai\/cs\/signup?lng=\">Vyzkou\u0161ejte Talkpal zdarma<\/a>\r\n<\/section>\n<div class=\"wp-block-group pageContainerStyle\"><div class=\"wp-block-group__inner-container is-layout-constrained wp-block-group-is-layout-constrained\">\n<h2 class=\"wp-block-heading\" id=\"h-nepali-grammar-topics\">Nep\u00e1l\u0161tina Gramatick\u00e1 t\u00e9mata<\/h2>\n\n\n\n<p>U\u010den\u00ed se nep\u00e1lsk\u00e9mu jazyku m\u016f\u017ee b\u00fdt fascinuj\u00edc\u00edm a obohacuj\u00edc\u00edm z\u00e1\u017eitkem pro ka\u017ed\u00e9ho, kdo se chce pono\u0159it do bohat\u00e9 kultury a historie Nep\u00e1lu. Stejn\u011b jako u ka\u017ed\u00e9ho jazyka je zvl\u00e1dnut\u00ed nep\u00e1lsk\u00e9 gramatiky z\u00e1sadn\u00ed pro efektivn\u00ed komunikaci. Tento \u010dl\u00e1nek v\u00e1s provede t\u00e9maty nep\u00e1lsk\u00e9 gramatiky seskupen\u00fdmi do sekvence, kter\u00e1 v\u00e1m usnadn\u00ed cestu za u\u010den\u00edm se jazyk\u016fm. Od \u010das\u016f a\u017e po v\u011btn\u00e9 struktury v\u00e1m tato p\u0159\u00edru\u010dka poskytne p\u0159ehled d\u016fle\u017eit\u00fdch gramatick\u00fdch pojm\u016f, kter\u00e9 polo\u017e\u00ed pevn\u00fd z\u00e1klad pro va\u0161e znalosti nep\u00e1l\u0161tiny.<\/p>\n\n\n\n<h3 class=\"wp-block-heading\" id=\"h-1-tenses\">1. \u010casy:<\/h3>\n\n\n\n<p>Porozum\u011bn\u00ed \u010das\u016fm je nezbytn\u00e9 p\u0159i u\u010den\u00ed jak\u00e9hokoli jazyka, proto\u017ee pom\u00e1haj\u00ed vyj\u00e1d\u0159it \u010das akce nebo ud\u00e1losti. V nep\u00e1l\u0161tin\u011b existuj\u00ed t\u0159i hlavn\u00ed \u010dasy: minulost, p\u0159\u00edtomnost a budoucnost. Ka\u017ed\u00fd \u010das m\u00e1 sv\u016fj vlastn\u00ed soubor pravidel \u010dasov\u00e1n\u00ed sloves, se kter\u00fdmi byste se m\u011bli sezn\u00e1mit, abyste mohli p\u0159esn\u011b popsat d\u011bje v r\u016fzn\u00fdch \u010dasov\u00fdch r\u00e1mc\u00edch.<\/p>\n\n\n\n<h3 class=\"wp-block-heading\" id=\"h-2-tense-comparison\">2. Srovn\u00e1n\u00ed \u010das\u016f:<\/h3>\n\n\n\n<p>Porovn\u00e1v\u00e1n\u00ed \u010das\u016f v nep\u00e1l\u0161tin\u011b je z\u00e1sadn\u00edm aspektem zvl\u00e1dnut\u00ed jazyka. To zahrnuje pochopen\u00ed toho, jak spolu r\u016fzn\u00e9 \u010dasy souvisej\u00ed a jak je pou\u017e\u00edvat ve spojen\u00ed pro jasnou komunikaci. To v\u00e1m pom\u016f\u017ee vyhnout se zmatk\u016fm p\u0159i diskusi o ud\u00e1lostech, kter\u00e9 se odehr\u00e1ly v minulosti, p\u0159\u00edtomnosti nebo budoucnosti.<\/p>\n\n\n\n<h3 class=\"wp-block-heading\" id=\"h-3-progressive\">3. Progresivn\u00ed:<\/h3>\n\n\n\n<p>Progresivn\u00ed aspekt v nep\u00e1lsk\u00e9 gramatice nazna\u010duje prob\u00edhaj\u00edc\u00ed akce. Nau\u010dit se progresivn\u00ed tvar sloves je d\u016fle\u017eit\u00e9 pro vyj\u00e1d\u0159en\u00ed d\u011bj\u016f, kter\u00e9 se pr\u00e1v\u011b d\u011bj\u00ed nebo se d\u011bly v ur\u010dit\u00e9m \u010dasov\u00e9m okam\u017eiku. To v\u00e1m pom\u016f\u017ee vytvo\u0159it dynami\u010dt\u011bj\u0161\u00ed a poutav\u011bj\u0161\u00ed <a href=\"https:\/\/talkpal.ai\/cs\/nemcina-konverzace-naucte-se-plynule-mluvit-rychle-a-snadno\/\">konverzace<\/a> v nep\u00e1l\u0161tin\u011b.<\/p>\n\n\n\n<h3 class=\"wp-block-heading\" id=\"h-4-perfect-progressive\">4. Perfektn\u00ed progresivn\u00ed:<\/h3>\n\n\n\n<p>Tento \u010das kombinuje pojmy dokonav\u00fd a pr\u016fb\u011bhov\u00fd \u010das. P\u0159edkonav\u00fd pr\u016fb\u011bhov\u00fd \u010das se pou\u017e\u00edv\u00e1 k popisu d\u011bje, kter\u00fd za\u010dal v minulosti a pokra\u010doval a\u017e do jin\u00e9ho bodu v minulosti. Zvl\u00e1dnut\u00ed tohoto \u010dasu v\u00e1m umo\u017en\u00ed poskytnout podrobn\u00e9 informace o minul\u00fdch akc\u00edch a jejich trv\u00e1n\u00ed.<\/p>\n\n\n\n<h3 class=\"wp-block-heading\" id=\"h-5-verbs\">5. Slovesa:<\/h3>\n\n\n\n<p>Slovesa jsou p\u00e1te\u0159\u00ed ka\u017ed\u00e9ho jazyka a <a href=\"https:\/\/talkpal.ai\/learn-nepali\/\">nep\u00e1l\u0161tina<\/a> nen\u00ed v\u00fdjimkou. Abyste mohli efektivn\u011b mluvit a rozum\u011bt nep\u00e1l\u0161tin\u011b, je nezbytn\u00e9 nau\u010dit se r\u016fzn\u00e9 tvary sloves, jejich \u010dasov\u00e1n\u00ed a jejich fungov\u00e1n\u00ed ve v\u011bt\u00e1ch.<\/p>\n\n\n\n<h3 class=\"wp-block-heading\" id=\"h-6-nouns\">6. Podstatn\u00e1 jm\u00e9na:<\/h3>\n\n\n\n<p>Dobr\u00e1 znalost nep\u00e1lsk\u00fdch podstatn\u00fdch jmen je nezbytn\u00e1 pro vybudov\u00e1n\u00ed solidn\u00ed slovn\u00ed z\u00e1soby. U\u010den\u00ed o obecn\u00fdch a vlastn\u00edch podstatn\u00fdch jm\u00e9nech, stejn\u011b jako o po\u010ditateln\u00fdch a nepo\u010ditateln\u00fdch podstatn\u00fdch jm\u00e9nech, v\u00e1m pom\u016f\u017ee spr\u00e1vn\u011b identifikovat a pou\u017e\u00edvat tyto z\u00e1kladn\u00ed slovn\u00ed druhy ve va\u0161ich konverzac\u00edch.<\/p>\n\n\n\n<h3 class=\"wp-block-heading\" id=\"h-7-articles\">7. \u010cl\u00e1nky:<\/h3>\n\n\n\n<p>V nep\u00e1l\u0161tin\u011b nejsou \u010dl\u00e1nky tak v\u00fdrazn\u00e9 jako v angli\u010dtin\u011b, ale i tak je nezbytn\u00e9 nau\u010dit se jejich pou\u017e\u00edv\u00e1n\u00ed. Zvl\u00e1dnut\u00ed pou\u017e\u00edv\u00e1n\u00ed \u010dl\u00e1nk\u016f v\u00e1m pom\u016f\u017ee p\u0159esn\u011b identifikovat a popsat p\u0159edm\u011bty, lidi a pojmy ve va\u0161ich konverzac\u00edch.<\/p>\n\n\n\n<h3 class=\"wp-block-heading\" id=\"h-8-pronouns-determiners\">8. Z\u00e1jmena\/determinanty:<\/h3>\n\n\n\n<p>Sezn\u00e1men\u00ed se s nep\u00e1lsk\u00fdmi z\u00e1jmeny a determinanty je z\u00e1sadn\u00ed pro jasnou a stru\u010dnou komunikaci. Tyto slovn\u00ed druhy pom\u00e1haj\u00ed nahrazovat nebo specifikovat podstatn\u00e1 jm\u00e9na ve v\u011bt\u00e1ch, d\u00edky \u010demu\u017e je va\u0161e konverzace efektivn\u011bj\u0161\u00ed a p\u0159irozen\u011bj\u0161\u00ed.<\/p>\n\n\n\n<h3 class=\"wp-block-heading\" id=\"h-9-adjectives\">9. P\u0159\u00eddavn\u00e1 jm\u00e9na:<\/h3>\n\n\n\n<p>P\u0159\u00eddavn\u00e1 jm\u00e9na jsou nezbytn\u00e1 pro p\u0159id\u00e1n\u00ed hloubky a detail\u016f do va\u0161ich nep\u00e1lsk\u00fdch konverzac\u00ed. Nau\u010d\u00edte-li se spr\u00e1vn\u011b pou\u017e\u00edvat p\u0159\u00eddavn\u00e1 jm\u00e9na, umo\u017en\u00ed v\u00e1m to p\u0159esn\u011b popsat lidi, m\u00edsta a v\u011bci, d\u00edky \u010demu\u017e bude va\u0161e \u0159e\u010d poutav\u011bj\u0161\u00ed a informativn\u011bj\u0161\u00ed.<\/p>\n\n\n\n<h3 class=\"wp-block-heading\" id=\"h-10-adverbs\">10. P\u0159\u00edslovce<\/h3>\n\n\n\n<p>: V nep\u00e1l\u0161tin\u011b hraj\u00ed p\u0159\u00edslovce kl\u00ed\u010dovou roli p\u0159i \u00faprav\u011b sloves, p\u0159\u00eddavn\u00fdch jmen nebo jin\u00fdch p\u0159\u00edslovc\u00ed. Kdy\u017e pochop\u00edte, jak pou\u017e\u00edvat p\u0159\u00edslovce, budete moci v konverzaci poskytovat dal\u0161\u00ed informace o akc\u00edch, stavech nebo vlastnostech.<\/p>\n\n\n\n<h3 class=\"wp-block-heading\" id=\"h-11-conditionals\">11. Kondicion\u00e1ly:<\/h3>\n\n\n\n<p>Zvl\u00e1dnut\u00ed nep\u00e1lsk\u00fdch kondicion\u00e1l\u016f v\u00e1m umo\u017en\u00ed vyj\u00e1d\u0159it hypotetick\u00e9 situace a jejich d\u016fsledky. To je d\u016fle\u017eit\u00e9 pro vytv\u00e1\u0159en\u00ed slo\u017eit\u00fdch a nuancovan\u00fdch diskus\u00ed v jazyce.<\/p>\n\n\n\n<h3 class=\"wp-block-heading\" id=\"h-12-prepositions\">12. P\u0159edlo\u017eky:<\/h3>\n\n\n\n<p>P\u0159edlo\u017eky jsou nezbytn\u00e9 pro ozna\u010den\u00ed vztah\u016f mezi slovy ve v\u011bt\u011b. Nau\u010dit se spr\u00e1vn\u011b pou\u017e\u00edvat p\u0159edlo\u017eky v\u00e1m pom\u016f\u017ee vytv\u00e1\u0159et jasn\u00e9 a souvisl\u00e9 v\u011bty v nep\u00e1l\u0161tin\u011b.<\/p>\n\n\n\n<h3 class=\"wp-block-heading\" id=\"h-13-sentences\">13. V\u011bty:<\/h3>\n\n\n\n<p>A kone\u010dn\u011b, pochopen\u00ed struktury a typ\u016f nep\u00e1lsk\u00fdch v\u011bt je z\u00e1sadn\u00ed pro efektivn\u00ed komunikaci. Seznamte se s jednoduch\u00fdmi, slo\u017een\u00fdmi i slo\u017eit\u00fdmi v\u011btami a nau\u010dte se, jak je spr\u00e1vn\u011b sestavit, abyste v jazyce vyj\u00e1d\u0159ili sv\u00e9 my\u0161lenky a n\u00e1pady.<\/p>\n<\/div><\/div>\n\r\n<section class=\"learnNavigationSection\">\r\n            \r\n        <a href=\"https:\/\/talkpal.ai\/cs\/naucte-se-nepalsky\/\">\r\n            <div class=\"learnNavigationWrapper\">\r\n                <div class=\"learnNavigationContent\">\r\n                    <img decoding=\"async\" src=\"https:\/\/talkpal.ai\/wp-content\/uploads\/2024\/08\/Nepali.jpg\" alt=\"Nepali Flag\">\r\n                    <div>\r\n                        <h4>O u\u010den\u00ed nep\u00e1l\u0161tiny<\/h4>\r\n                        <p>Zjist\u011bte v\u0161e o nep\u00e1lsk\u00e9 gramatice.<\/p>\r\n                    <\/div>\r\n                <\/div>\r\n            <\/div>\r\n        <\/a>\r\n\r\n        \r\n        <a href=\"https:\/\/talkpal.ai\/cs\/nepalska-gramatika\/\">\r\n            <div class=\"learnNavigationWrapper\">\r\n                <div class=\"learnNavigationContent\">\r\n                    <img decoding=\"async\" src=\"https:\/\/talkpal.ai\/wp-content\/uploads\/2024\/08\/Nepali.jpg\" alt=\"Nepali Flag\">\r\n                    <div>\r\n                        <h4>Lekce nep\u00e1lsk\u00e9 gramatiky<\/h4>\r\n                        <p>Procvi\u010dov\u00e1n\u00ed nep\u00e1lsk\u00e9 gramatiky.<\/p>\r\n                    <\/div>\r\n                <\/div>\r\n            <\/div>\r\n        <\/a>\r\n\r\n        \r\n        <a href=\"https:\/\/talkpal.ai\/vocabulary_language\/nepali\/\">\r\n            <div class=\"learnNavigationWrapper\">\r\n                <div class=\"learnNavigationContent\">\r\n                    <img decoding=\"async\" src=\"https:\/\/talkpal.ai\/wp-content\/uploads\/2024\/08\/Nepali.jpg\" alt=\"Nepali Flag\">\r\n                    <div>\r\n                        <h4>Nep\u00e1lsk\u00e1 slovn\u00ed z\u00e1soba<\/h4>\r\n                        <p>Roz\u0161i\u0159te si nep\u00e1lskou slovn\u00ed z\u00e1sobu.<\/p>\r\n                    <\/div>\r\n                <\/div>\r\n            <\/div>\r\n        <\/a>\r\n\r\n            <\/section>","protected":false},"excerpt":{"rendered":"<p>Nep\u00e1l\u0161tina Gramatick\u00e1 t\u00e9mata U\u010den\u00ed se nep\u00e1lsk\u00e9mu jazyku m\u016f\u017ee b\u00fdt fascinuj\u00edc\u00edm a obohacuj\u00edc\u00edm z\u00e1\u017eitkem pro ka\u017ed\u00e9ho, kdo se chce pono\u0159it do bohat\u00e9 kultury a historie Nep\u00e1lu. Stejn\u011b jako u ka\u017ed\u00e9ho jazyka je zvl\u00e1dnut\u00ed nep\u00e1lsk\u00e9 gramatiky z\u00e1sadn\u00ed pro efektivn\u00ed komunikaci. Tento \u010dl\u00e1nek v\u00e1s provede t\u00e9maty nep\u00e1lsk\u00e9 gramatiky seskupen\u00fdmi do sekvence, kter\u00e1 v\u00e1m usnadn\u00ed cestu za u\u010den\u00edm se [&hellip;]<\/p>\n","protected":false},"author":6,"featured_media":116118,"parent":0,"menu_order":0,"comment_status":"closed","ping_status":"closed","template":"LearningContentPage.php","meta":{"_acf_changed":false,"footnotes":""},"class_list":["post-158765","page","type-page","status-publish","has-post-thumbnail","hentry"],"acf":[],"yoast_head":"<!-- This site is optimized with the Yoast SEO Premium plugin v27.2 (Yoast SEO v27.2) - https:\/\/yoast.com\/product\/yoast-seo-premium-wordpress\/ -->\n<title>Cvi\u010den\u00ed nep\u00e1lsk\u00e9 gramatiky - Talkpal<\/title>\n<meta name=\"description\" content=\"Cvi\u010den\u00ed z nep\u00e1lsk\u00e9 gramatiky pro efektivn\u00ed komunikaci. Prozkoumejte \u010dasy a struktury v\u011bt pro plynul\u00e9 ovl\u00e1d\u00e1n\u00ed jazyka.\" \/>\n<meta name=\"robots\" content=\"index, follow, max-snippet:-1, max-image-preview:large, max-video-preview:-1\" \/>\n<link rel=\"canonical\" href=\"https:\/\/talkpal.ai\/cs\/cviceni-nepalske-gramatiky\/\" \/>\n<meta property=\"og:locale\" content=\"cs_CZ\" \/>\n<meta property=\"og:type\" content=\"article\" \/>\n<meta property=\"og:title\" content=\"Cvi\u010den\u00ed nep\u00e1lsk\u00e9 gramatiky\" \/>\n<meta property=\"og:description\" content=\"Nep\u00e1l\u0161tina Gramatick\u00e1 t\u00e9mata U\u010den\u00ed se nep\u00e1lsk\u00e9mu jazyku m\u016f\u017ee b\u00fdt fascinuj\u00edc\u00edm a obohacuj\u00edc\u00edm z\u00e1\u017eitkem pro ka\u017ed\u00e9ho, kdo se chce pono\u0159it do bohat\u00e9 kultury a\" \/>\n<meta property=\"og:url\" content=\"https:\/\/talkpal.ai\/cs\/cviceni-nepalske-gramatiky\/\" \/>\n<meta property=\"og:site_name\" content=\"Talkpal\" \/>\n<meta property=\"article:publisher\" content=\"https:\/\/www.facebook.com\/profile.php?id=100090733639311\" \/>\n<meta property=\"article:modified_time\" content=\"2025-12-17T14:36:38+00:00\" \/>\n<meta property=\"og:image\" content=\"https:\/\/talkpal.ai\/wp-content\/uploads\/2023\/05\/nepal.png\" \/>\n\t<meta property=\"og:image:width\" content=\"512\" \/>\n\t<meta property=\"og:image:height\" content=\"512\" \/>\n\t<meta property=\"og:image:type\" content=\"image\/png\" \/>\n<meta name=\"twitter:card\" content=\"summary_large_image\" \/>\n<meta name=\"twitter:site\" content=\"@talkpalai\" \/>\n<meta name=\"twitter:label1\" content=\"Odhadovan\u00e1 doba \u010dten\u00ed\" \/>\n\t<meta name=\"twitter:data1\" content=\"4 minuty\" \/>\n<script type=\"application\/ld+json\" class=\"yoast-schema-graph\">{\"@context\":\"https:\/\/schema.org\",\"@graph\":[{\"@type\":\"WebPage\",\"@id\":\"https:\/\/talkpal.ai\/cs\/cviceni-nepalske-gramatiky\/\",\"url\":\"https:\/\/talkpal.ai\/cs\/cviceni-nepalske-gramatiky\/\",\"name\":\"Cvi\u010den\u00ed nep\u00e1lsk\u00e9 gramatiky - Talkpal\",\"isPartOf\":{\"@id\":\"https:\/\/talkpal.ai\/cs\/#website\"},\"primaryImageOfPage\":{\"@id\":\"https:\/\/talkpal.ai\/cs\/cviceni-nepalske-gramatiky\/#primaryimage\"},\"image\":{\"@id\":\"https:\/\/talkpal.ai\/cs\/cviceni-nepalske-gramatiky\/#primaryimage\"},\"thumbnailUrl\":\"https:\/\/talkpal.ai\/wp-content\/uploads\/2023\/05\/nepal.png\",\"datePublished\":\"2023-06-22T08:52:21+00:00\",\"dateModified\":\"2025-12-17T14:36:38+00:00\",\"description\":\"Cvi\u010den\u00ed z nep\u00e1lsk\u00e9 gramatiky pro efektivn\u00ed komunikaci. Prozkoumejte \u010dasy a struktury v\u011bt pro plynul\u00e9 ovl\u00e1d\u00e1n\u00ed jazyka.\",\"breadcrumb\":{\"@id\":\"https:\/\/talkpal.ai\/cs\/cviceni-nepalske-gramatiky\/#breadcrumb\"},\"inLanguage\":\"cs\",\"potentialAction\":[{\"@type\":\"ReadAction\",\"target\":[\"https:\/\/talkpal.ai\/cs\/cviceni-nepalske-gramatiky\/\"]}]},{\"@type\":\"ImageObject\",\"inLanguage\":\"cs\",\"@id\":\"https:\/\/talkpal.ai\/cs\/cviceni-nepalske-gramatiky\/#primaryimage\",\"url\":\"https:\/\/talkpal.ai\/wp-content\/uploads\/2023\/05\/nepal.png\",\"contentUrl\":\"https:\/\/talkpal.ai\/wp-content\/uploads\/2023\/05\/nepal.png\",\"width\":512,\"height\":512},{\"@type\":\"BreadcrumbList\",\"@id\":\"https:\/\/talkpal.ai\/cs\/cviceni-nepalske-gramatiky\/#breadcrumb\",\"itemListElement\":[{\"@type\":\"ListItem\",\"position\":1,\"name\":\"Homepage\",\"item\":\"https:\/\/talkpal.ai\/cs\/\"},{\"@type\":\"ListItem\",\"position\":2,\"name\":\"Cvi\u010den\u00ed nep\u00e1lsk\u00e9 gramatiky\"}]},{\"@type\":\"WebSite\",\"@id\":\"https:\/\/talkpal.ai\/cs\/#website\",\"url\":\"https:\/\/talkpal.ai\/cs\/\",\"name\":\"Talkpal\",\"description\":\"AI Language Learning\",\"publisher\":{\"@id\":\"https:\/\/talkpal.ai\/cs\/#organization\"},\"alternateName\":\"Talkpal AI\",\"potentialAction\":[{\"@type\":\"SearchAction\",\"target\":{\"@type\":\"EntryPoint\",\"urlTemplate\":\"https:\/\/talkpal.ai\/cs\/?s={search_term_string}\"},\"query-input\":{\"@type\":\"PropertyValueSpecification\",\"valueRequired\":true,\"valueName\":\"search_term_string\"}}],\"inLanguage\":\"cs\"},{\"@type\":\"Organization\",\"@id\":\"https:\/\/talkpal.ai\/cs\/#organization\",\"name\":\"Talkpal, Inc.\",\"alternateName\":\"Talkpal AI\",\"url\":\"https:\/\/talkpal.ai\/cs\/\",\"logo\":{\"@type\":\"ImageObject\",\"inLanguage\":\"cs\",\"@id\":\"https:\/\/talkpal.ai\/cs\/#\/schema\/logo\/image\/\",\"url\":\"https:\/\/talkpal.ai\/wp-content\/uploads\/2024\/03\/Talkpal-Logo-Icon.png\",\"contentUrl\":\"https:\/\/talkpal.ai\/wp-content\/uploads\/2024\/03\/Talkpal-Logo-Icon.png\",\"width\":2880,\"height\":2880,\"caption\":\"Talkpal, Inc.\"},\"image\":{\"@id\":\"https:\/\/talkpal.ai\/cs\/#\/schema\/logo\/image\/\"},\"sameAs\":[\"https:\/\/www.facebook.com\/profile.php?id=100090733639311\",\"https:\/\/x.com\/talkpalai\",\"https:\/\/www.linkedin.com\/company\/talkpal\/\",\"https:\/\/www.youtube.com\/@TalkPal\/\",\"https:\/\/www.tiktok.com\/@talkpal\",\"https:\/\/www.instagram.com\/talkpal_ai\/\",\"https:\/\/www.crunchbase.com\/organization\/talkpal-9cde\",\"https:\/\/www.g2.com\/products\/talkpal-for-business\/\",\"https:\/\/www.trustpilot.com\/review\/talkpal.ai\",\"https:\/\/www.capterra.com\/p\/10006800\/TalkPal\/\"],\"description\":\"Talkpal is a language learning web and mobile education app, powered by the latest AI technologies, that provides engaging experiences to its customers in many different languages to help them improve their language skills. Users can chat about unlimited amount of topics with the app and use other modes to practice their language learning.\",\"email\":\"support@talkpal.ai\",\"legalName\":\"Talkpal, Inc.\",\"foundingDate\":\"2023-04-03\",\"duns\":\"118989042\",\"numberOfEmployees\":{\"@type\":\"QuantitativeValue\",\"minValue\":\"11\",\"maxValue\":\"50\"},\"publishingPrinciples\":\"https:\/\/talkpal.ai\/publishing-principles\/\",\"actionableFeedbackPolicy\":\"https:\/\/talkpal.ai\/actionable-feedback-policy\/\",\"correctionsPolicy\":\"https:\/\/talkpal.ai\/corrections-policy\/\",\"ethicsPolicy\":\"https:\/\/talkpal.ai\/ethics-policy\/\",\"diversityPolicy\":\"https:\/\/talkpal.ai\/diversity-policy\/\",\"diversityStaffingReport\":\"https:\/\/talkpal.ai\/diversity-policy\/\"}]}<\/script>\n<!-- \/ Yoast SEO Premium plugin. -->","yoast_head_json":{"title":"Cvi\u010den\u00ed nep\u00e1lsk\u00e9 gramatiky - Talkpal","description":"Cvi\u010den\u00ed z nep\u00e1lsk\u00e9 gramatiky pro efektivn\u00ed komunikaci. Prozkoumejte \u010dasy a struktury v\u011bt pro plynul\u00e9 ovl\u00e1d\u00e1n\u00ed jazyka.","robots":{"index":"index","follow":"follow","max-snippet":"max-snippet:-1","max-image-preview":"max-image-preview:large","max-video-preview":"max-video-preview:-1"},"canonical":"https:\/\/talkpal.ai\/cs\/cviceni-nepalske-gramatiky\/","og_locale":"cs_CZ","og_type":"article","og_title":"Cvi\u010den\u00ed nep\u00e1lsk\u00e9 gramatiky","og_description":"Nep\u00e1l\u0161tina Gramatick\u00e1 t\u00e9mata U\u010den\u00ed se nep\u00e1lsk\u00e9mu jazyku m\u016f\u017ee b\u00fdt fascinuj\u00edc\u00edm a obohacuj\u00edc\u00edm z\u00e1\u017eitkem pro ka\u017ed\u00e9ho, kdo se chce pono\u0159it do bohat\u00e9 kultury a","og_url":"https:\/\/talkpal.ai\/cs\/cviceni-nepalske-gramatiky\/","og_site_name":"Talkpal","article_publisher":"https:\/\/www.facebook.com\/profile.php?id=100090733639311","article_modified_time":"2025-12-17T14:36:38+00:00","og_image":[{"width":512,"height":512,"url":"https:\/\/talkpal.ai\/wp-content\/uploads\/2023\/05\/nepal.png","type":"image\/png"}],"twitter_card":"summary_large_image","twitter_site":"@talkpalai","twitter_misc":{"Odhadovan\u00e1 doba \u010dten\u00ed":"4 minuty"},"schema":{"@context":"https:\/\/schema.org","@graph":[{"@type":"WebPage","@id":"https:\/\/talkpal.ai\/cs\/cviceni-nepalske-gramatiky\/","url":"https:\/\/talkpal.ai\/cs\/cviceni-nepalske-gramatiky\/","name":"Cvi\u010den\u00ed nep\u00e1lsk\u00e9 gramatiky - Talkpal","isPartOf":{"@id":"https:\/\/talkpal.ai\/cs\/#website"},"primaryImageOfPage":{"@id":"https:\/\/talkpal.ai\/cs\/cviceni-nepalske-gramatiky\/#primaryimage"},"image":{"@id":"https:\/\/talkpal.ai\/cs\/cviceni-nepalske-gramatiky\/#primaryimage"},"thumbnailUrl":"https:\/\/talkpal.ai\/wp-content\/uploads\/2023\/05\/nepal.png","datePublished":"2023-06-22T08:52:21+00:00","dateModified":"2025-12-17T14:36:38+00:00","description":"Cvi\u010den\u00ed z nep\u00e1lsk\u00e9 gramatiky pro efektivn\u00ed komunikaci. Prozkoumejte \u010dasy a struktury v\u011bt pro plynul\u00e9 ovl\u00e1d\u00e1n\u00ed jazyka.","breadcrumb":{"@id":"https:\/\/talkpal.ai\/cs\/cviceni-nepalske-gramatiky\/#breadcrumb"},"inLanguage":"cs","potentialAction":[{"@type":"ReadAction","target":["https:\/\/talkpal.ai\/cs\/cviceni-nepalske-gramatiky\/"]}]},{"@type":"ImageObject","inLanguage":"cs","@id":"https:\/\/talkpal.ai\/cs\/cviceni-nepalske-gramatiky\/#primaryimage","url":"https:\/\/talkpal.ai\/wp-content\/uploads\/2023\/05\/nepal.png","contentUrl":"https:\/\/talkpal.ai\/wp-content\/uploads\/2023\/05\/nepal.png","width":512,"height":512},{"@type":"BreadcrumbList","@id":"https:\/\/talkpal.ai\/cs\/cviceni-nepalske-gramatiky\/#breadcrumb","itemListElement":[{"@type":"ListItem","position":1,"name":"Homepage","item":"https:\/\/talkpal.ai\/cs\/"},{"@type":"ListItem","position":2,"name":"Cvi\u010den\u00ed nep\u00e1lsk\u00e9 gramatiky"}]},{"@type":"WebSite","@id":"https:\/\/talkpal.ai\/cs\/#website","url":"https:\/\/talkpal.ai\/cs\/","name":"Talkpal","description":"AI Language Learning","publisher":{"@id":"https:\/\/talkpal.ai\/cs\/#organization"},"alternateName":"Talkpal AI","potentialAction":[{"@type":"SearchAction","target":{"@type":"EntryPoint","urlTemplate":"https:\/\/talkpal.ai\/cs\/?s={search_term_string}"},"query-input":{"@type":"PropertyValueSpecification","valueRequired":true,"valueName":"search_term_string"}}],"inLanguage":"cs"},{"@type":"Organization","@id":"https:\/\/talkpal.ai\/cs\/#organization","name":"Talkpal, Inc.","alternateName":"Talkpal AI","url":"https:\/\/talkpal.ai\/cs\/","logo":{"@type":"ImageObject","inLanguage":"cs","@id":"https:\/\/talkpal.ai\/cs\/#\/schema\/logo\/image\/","url":"https:\/\/talkpal.ai\/wp-content\/uploads\/2024\/03\/Talkpal-Logo-Icon.png","contentUrl":"https:\/\/talkpal.ai\/wp-content\/uploads\/2024\/03\/Talkpal-Logo-Icon.png","width":2880,"height":2880,"caption":"Talkpal, Inc."},"image":{"@id":"https:\/\/talkpal.ai\/cs\/#\/schema\/logo\/image\/"},"sameAs":["https:\/\/www.facebook.com\/profile.php?id=100090733639311","https:\/\/x.com\/talkpalai","https:\/\/www.linkedin.com\/company\/talkpal\/","https:\/\/www.youtube.com\/@TalkPal\/","https:\/\/www.tiktok.com\/@talkpal","https:\/\/www.instagram.com\/talkpal_ai\/","https:\/\/www.crunchbase.com\/organization\/talkpal-9cde","https:\/\/www.g2.com\/products\/talkpal-for-business\/","https:\/\/www.trustpilot.com\/review\/talkpal.ai","https:\/\/www.capterra.com\/p\/10006800\/TalkPal\/"],"description":"Talkpal is a language learning web and mobile education app, powered by the latest AI technologies, that provides engaging experiences to its customers in many different languages to help them improve their language skills. Users can chat about unlimited amount of topics with the app and use other modes to practice their language learning.","email":"support@talkpal.ai","legalName":"Talkpal, Inc.","foundingDate":"2023-04-03","duns":"118989042","numberOfEmployees":{"@type":"QuantitativeValue","minValue":"11","maxValue":"50"},"publishingPrinciples":"https:\/\/talkpal.ai\/publishing-principles\/","actionableFeedbackPolicy":"https:\/\/talkpal.ai\/actionable-feedback-policy\/","correctionsPolicy":"https:\/\/talkpal.ai\/corrections-policy\/","ethicsPolicy":"https:\/\/talkpal.ai\/ethics-policy\/","diversityPolicy":"https:\/\/talkpal.ai\/diversity-policy\/","diversityStaffingReport":"https:\/\/talkpal.ai\/diversity-policy\/"}]}},"_links":{"self":[{"href":"https:\/\/talkpal.ai\/cs\/wp-json\/wp\/v2\/pages\/158765","targetHints":{"allow":["GET"]}}],"collection":[{"href":"https:\/\/talkpal.ai\/cs\/wp-json\/wp\/v2\/pages"}],"about":[{"href":"https:\/\/talkpal.ai\/cs\/wp-json\/wp\/v2\/types\/page"}],"author":[{"embeddable":true,"href":"https:\/\/talkpal.ai\/cs\/wp-json\/wp\/v2\/users\/6"}],"replies":[{"embeddable":true,"href":"https:\/\/talkpal.ai\/cs\/wp-json\/wp\/v2\/comments?post=158765"}],"version-history":[{"count":0,"href":"https:\/\/talkpal.ai\/cs\/wp-json\/wp\/v2\/pages\/158765\/revisions"}],"wp:featuredmedia":[{"embeddable":true,"href":"https:\/\/talkpal.ai\/cs\/wp-json\/wp\/v2\/media\/116118"}],"wp:attachment":[{"href":"https:\/\/talkpal.ai\/cs\/wp-json\/wp\/v2\/media?parent=158765"}],"curies":[{"name":"wp","href":"https:\/\/api.w.org\/{rel}","templated":true}]}}