{"id":158461,"date":"2023-06-27T08:41:59","date_gmt":"2023-06-27T08:41:59","guid":{"rendered":"http:\/\/talkpal.ai\/cviceni-z-norske-gramatiky\/"},"modified":"2025-12-17T14:38:55","modified_gmt":"2025-12-17T14:38:55","slug":"cviceni-z-norske-gramatiky","status":"publish","type":"page","link":"https:\/\/talkpal.ai\/cs\/cviceni-z-norske-gramatiky\/","title":{"rendered":"Cvi\u010den\u00ed z norsk\u00e9 gramatiky"},"content":{"rendered":"\r\n\r\n\r\n<section class=\"languageChallengeSection\">\r\n    <div class=\"languageInfoWrapper\">\r\n        \r\n        <h1>Cvi\u010den\u00ed z norsk\u00e9 gramatiky<\/h1>\r\n        <p>Chcete si b\u00fdt jist\u011bj\u0161\u00ed v nor\u0161tin\u011b? Procvi\u010dov\u00e1n\u00ed gramatick\u00fdch cvi\u010den\u00ed je skv\u011bl\u00fdm zp\u016fsobem, jak si osvojit strukturu v\u011bt, slovesn\u00e9 tvary a jedine\u010dn\u00e9 vzorce norsk\u00e9ho jazyka. Za\u010dn\u011bte pracovat na norsk\u00e9 gramatice je\u0161t\u011b dnes a sledujte, jak s ka\u017ed\u00fdm cvi\u010den\u00edm rostou va\u0161e dovednosti a plynulost!\n\n<\/p>\r\n\r\n                            <a class=\"getStartedHidden\" href=\"https:\/\/app.talkpal.ai\/cs\/signup?lng=\">Za\u010dni<\/a>\r\n        \r\n    <\/div>\r\n\r\n    <figure>\r\n    <img decoding=\"async\" width=\"768\" height=\"768\" src=\"https:\/\/talkpal.ai\/wp-content\/uploads\/2023\/06\/norwegian-768x768.png\" class=\"languageImage no-lazy\" alt=\"Language learning for extensive vocabulary\" fetchpriority=\"high\" sizes=\"(max-width: 768px) 150px, 768px\" srcset=\"https:\/\/talkpal.ai\/wp-content\/uploads\/2023\/06\/norwegian-768x768.png 768w, https:\/\/talkpal.ai\/wp-content\/uploads\/2023\/06\/norwegian-300x300.png 300w\" \/>\r\n    \r\n\r\n    <\/figure>\r\n\r\n            <a class=\"getStartedVisible\" href=\"https:\/\/app.talkpal.ai\/cs\/signup?lng=\">Za\u010dni<\/a>\r\n    \r\n<\/section>\r\n\r\n\r\n<!-- <section class=\"grammarSection\">\r\n    <div class=\"grammarLinks\">\r\n            <\/div>\r\n<\/section> -->\r\n\r\n\r\n\r\n\r\n<section class=\"promotionalBanner\">\r\n    <p class=\"promotionalText\">Nejefektivn\u011bj\u0161\u00ed <a href=\"https:\/\/talkpal.ai\/best-way-to-learn\/\">zp\u016fsob<\/a>, jak se nau\u010dit jazyk<\/p>\r\n    <a class=\"promotionalLink\" href=\"https:\/\/app.talkpal.ai\/cs\/signup?lng=\">Vyzkou\u0161ejte Talkpal zdarma<\/a>\r\n<\/section>\n<div class=\"wp-block-group pageContainerStyle\"><div class=\"wp-block-group__inner-container is-layout-constrained wp-block-group-is-layout-constrained\">\n<h2 class=\"wp-block-heading\" id=\"h-norwegian-grammar-topics\">T\u00e9mata norsk\u00e9 gramatiky<\/h2>\n\n\n\n<p>Studium nor\u0161tiny m\u016f\u017ee b\u00fdt vzru\u0161uj\u00edc\u00ed a obohacuj\u00edc\u00ed zku\u0161enost\u00ed, proto\u017ee otev\u00edr\u00e1 dve\u0159e k bohat\u00e9 kulturn\u00ed historii, \u00fachvatn\u00e9 krajin\u011b a jedine\u010dn\u00e9mu zp\u016fsobu \u017eivota v Norsku. Jako severogerm\u00e1nsk\u00fd jazyk sd\u00edl\u00ed <a href=\"https:\/\/talkpal.ai\/learn-norwegian\/\">nor\u0161tina<\/a> mnoho podobnost\u00ed se sousedn\u00edmi <a href=\"https:\/\/talkpal.ai\/what-language-is-spoken-on-the-international-space-station\/\">jazyky<\/a>, \u0161v\u00e9d\u0161tinou a d\u00e1n\u0161tinou. M\u016f\u017ee se v\u0161ak pochlubit vlastn\u00ed v\u00fdraznou gramatikou, v\u00fdslovnost\u00ed a slovn\u00ed z\u00e1sobou. Pro zvl\u00e1dnut\u00ed tohoto kr\u00e1sn\u00e9ho jazyka je nezbytn\u00e9 porozum\u011bt norsk\u00e9 gramatice a jej\u00edm r\u016fzn\u00fdm slo\u017ek\u00e1m. V t\u00e9to p\u0159\u00edru\u010dce se sezn\u00e1m\u00edme s kl\u00ed\u010dov\u00fdmi aspekty norsk\u00e9 gramatiky, v\u010detn\u011b \u010das\u016f, sloves, podstatn\u00fdch jmen, \u010dlen\u016f, z\u00e1jmen, p\u0159\u00eddavn\u00fdch jmen, p\u0159\u00edslovc\u00ed, podmi\u0148ovac\u00edho zp\u016fsobu, p\u0159edlo\u017eek a v\u011bt, kter\u00e9 v\u00e1m pomohou vybudovat pevn\u00e9 z\u00e1klady pro va\u0161e <a href=\"https:\/\/talkpal.ai\/cs\/jazykove-vzdelavani-pro-univerzity\/\">jazykov\u00e9 vzd\u011bl\u00e1v\u00e1n\u00ed<\/a>.<\/p>\n\n\n\n<h3 class=\"wp-block-heading\" id=\"h-1-tenses\">1. \u010casy:<\/h3>\n\n\n\n<p>Jako v\u00fdchoz\u00ed bod se zam\u011b\u0159te na porozum\u011bn\u00ed norsk\u00fdm \u010das\u016fm. <a href=\"https:\/\/talkpal.ai\/learn-norwegian\/\">Nor\u0161tina<\/a> m\u00e1 t\u0159i hlavn\u00ed \u010dasy: p\u0159\u00edtomn\u00fd, minul\u00fd a budouc\u00ed, kter\u00e9 jsou kl\u00ed\u010dov\u00e9 pro vyj\u00e1d\u0159en\u00ed d\u011bj\u016f a ud\u00e1lost\u00ed v r\u016fzn\u00fdch \u010dasov\u00fdch okam\u017eic\u00edch. Seznamte se se zp\u016fsobem \u010dasov\u00e1n\u00ed sloves a jak se m\u011bn\u00ed v r\u016fzn\u00fdch \u010dasech.<\/p>\n\n\n\n<h3 class=\"wp-block-heading\" id=\"h-2-tense-comparison\">2. Srovn\u00e1n\u00ed \u010das\u016f:<\/h3>\n\n\n\n<p>Jakmile pochop\u00edte z\u00e1kladn\u00ed \u010dasy, prozkoumejte, jak se vz\u00e1jemn\u011b porovn\u00e1vaj\u00ed a kontrastuj\u00ed. To v\u00e1m pom\u016f\u017ee pochopit v\u00fdznamov\u00e9 nuance a zlep\u0161it va\u0161e porozum\u011bn\u00ed a komunika\u010dn\u00ed dovednosti.<\/p>\n\n\n\n<h3 class=\"wp-block-heading\" id=\"h-3-verbs\">3. Slovesa:<\/h3>\n\n\n\n<p>Norsk\u00e1 slovesa jsou \u017eivotn\u011b d\u016fle\u017eit\u00e1 pro stavbu v\u011bt a p\u0159ed\u00e1v\u00e1n\u00ed v\u00fdznamu. Seznamte se s r\u016fzn\u00fdmi typy sloves a s t\u00edm, jak interaguj\u00ed s podm\u011bty a p\u0159edm\u011bty ve v\u011bt\u011b. Krom\u011b toho pochopte koncept mod\u00e1ln\u00edch sloves a to, jak vyjad\u0159uj\u00ed nutnost, mo\u017enost a z\u00e1vazek.<\/p>\n\n\n\n<h3 class=\"wp-block-heading\" id=\"h-4-nouns\">4. Podstatn\u00e1 jm\u00e9na:<\/h3>\n\n\n\n<p>Norsk\u00e1 podstatn\u00e1 jm\u00e9na se d\u011bl\u00ed na t\u0159i rody: mu\u017esk\u00fd, \u017eensk\u00fd a st\u0159edn\u00ed. To ovliv\u0148uje zp\u016fsob, jak\u00fdm se s nimi pou\u017e\u00edvaj\u00ed \u010dleny, p\u0159\u00eddavn\u00e1 jm\u00e9na a z\u00e1jmena. Nau\u010dte se pravidla pro tvo\u0159en\u00ed mno\u017en\u00e9ho \u010d\u00edsla a ur\u010dit\u00e9 a neur\u010dit\u00e9 tvary podstatn\u00fdch jmen.<\/p>\n\n\n\n<h3 class=\"wp-block-heading\" id=\"h-5-articles\">5. \u010cl\u00e1nky:<\/h3>\n\n\n\n<p>\u010cleny jsou kr\u00e1tk\u00e1 slova, kter\u00e1 doprov\u00e1zej\u00ed podstatn\u00e1 jm\u00e9na a ozna\u010duj\u00ed jejich rod a \u010d\u00edslo. Nor\u0161tina m\u00e1 ur\u010dit\u00e9 a neur\u010dit\u00e9 \u010dleny, kter\u00e9 jsou kl\u00ed\u010dov\u00e9 pro spr\u00e1vn\u00e9 tvo\u0159en\u00ed v\u011bt.<\/p>\n\n\n\n<h3 class=\"wp-block-heading\" id=\"h-6-pronouns-determiners\">6. Z\u00e1jmena\/determinanty:<\/h3>\n\n\n\n<p>Tato slova nahrazuj\u00ed nebo upravuj\u00ed podstatn\u00e1 jm\u00e9na a mus\u00ed se shodovat v rod\u011b a \u010d\u00edsle s podstatn\u00fdm jm\u00e9nem, na kter\u00e9 odkazuj\u00ed. Prostudujte si r\u016fzn\u00e9 typy z\u00e1jmen a determinant\u016f, v\u010detn\u011b osobn\u00edch, p\u0159ivlast\u0148ovac\u00edch, ukazovac\u00edch a vzta\u017en\u00fdch z\u00e1jmen.<\/p>\n\n\n\n<h3 class=\"wp-block-heading\" id=\"h-7-adjectives\">7. P\u0159\u00eddavn\u00e1 jm\u00e9na:<\/h3>\n\n\n\n<p>P\u0159\u00eddavn\u00e1 jm\u00e9na popisuj\u00ed nebo modifikuj\u00ed podstatn\u00e1 jm\u00e9na a z\u00e1jmena. Nau\u010dte se spr\u00e1vn\u011b pou\u017e\u00edvat p\u0159\u00eddavn\u00e1 jm\u00e9na t\u00edm, \u017ee porozum\u00edte jejich pravidl\u016fm shody s rodem a po\u010dtem podstatn\u00fdch jmen, kter\u00e1 upravuj\u00ed.<\/p>\n\n\n\n<h3 class=\"wp-block-heading\" id=\"h-8-adverbs\">8. P\u0159\u00edslovce:<\/h3>\n\n\n\n<p>P\u0159\u00edslovce modifikuj\u00ed slovesa, p\u0159\u00eddavn\u00e1 jm\u00e9na nebo jin\u00e1 p\u0159\u00edslovce a poskytuj\u00ed dal\u0161\u00ed informace o d\u011bj\u00edch nebo vlastnostech. Nau\u010dte se r\u016fzn\u00e9 typy p\u0159\u00edslovc\u00ed a nau\u010dte se, jak je efektivn\u011b pou\u017e\u00edvat ve v\u011bt\u00e1ch.<\/p>\n\n\n\n<h3 class=\"wp-block-heading\" id=\"h-9-conditionals\">9. Kondicion\u00e1ly:<\/h3>\n\n\n\n<p>Podmi\u0148ovac\u00ed zp\u016fsob se pou\u017e\u00edv\u00e1 k vyj\u00e1d\u0159en\u00ed hypotetick\u00fdch situac\u00ed a jejich d\u016fsledk\u016f. Prostudujte si r\u016fzn\u00e9 typy kondicion\u00e1l\u016f a jak je tvo\u0159it pomoc\u00ed spr\u00e1vn\u00fdch slovesn\u00fdch tvar\u016f a spojek.<\/p>\n\n\n\n<h3 class=\"wp-block-heading\" id=\"h-10-prepositions\">10. P\u0159edlo\u017eky:<\/h3>\n\n\n\n<p>P\u0159edlo\u017eky jsou kr\u00e1tk\u00e1 slova, kter\u00e1 ozna\u010duj\u00ed vztahy mezi podstatn\u00fdmi jm\u00e9ny, z\u00e1jmeny a dal\u0161\u00edmi slovy ve v\u011bt\u011b. Zvl\u00e1dnut\u00ed pou\u017e\u00edv\u00e1n\u00ed p\u0159edlo\u017eek je z\u00e1sadn\u00ed pro pochopen\u00ed a tvo\u0159en\u00ed p\u0159esn\u00fdch v\u011bt v nor\u0161tin\u011b.<\/p>\n\n\n\n<h3 class=\"wp-block-heading\" id=\"h-11-sentences\">11. V\u011bty:<\/h3>\n\n\n\n<p>Nakonec si procvi\u010dte vytv\u00e1\u0159en\u00ed v\u011bt v nor\u0161tin\u011b t\u00edm, \u017ee spoj\u00edte sv\u00e9 znalosti sloves, podstatn\u00fdch jmen, \u010dlen\u016f, z\u00e1jmen, p\u0159\u00eddavn\u00fdch jmen, p\u0159\u00edslovc\u00ed, kondicion\u00e1l\u016f a p\u0159edlo\u017eek. Experimentujte s r\u016fzn\u00fdmi v\u011btn\u00fdmi strukturami a procvi\u010dujte si vytv\u00e1\u0159en\u00ed ot\u00e1zek, v\u00fdrok\u016f a p\u0159\u00edkaz\u016f, abyste se stali zb\u011bhl\u00fdmi v jazyce.<\/p>\n<\/div><\/div>\n\r\n<section class=\"learnNavigationSection\">\r\n            \r\n        <a href=\"https:\/\/talkpal.ai\/cs\/naucte-se-norsky\/\">\r\n            <div class=\"learnNavigationWrapper\">\r\n                <div class=\"learnNavigationContent\">\r\n                    <img decoding=\"async\" src=\"https:\/\/talkpal.ai\/wp-content\/uploads\/2024\/08\/Norwegian.jpg\" alt=\"Norwegian Flag\">\r\n                    <div>\r\n                        <h4>O norsk\u00e9m vzd\u011bl\u00e1v\u00e1n\u00ed<\/h4>\r\n                        <p>Zjist\u011bte v\u0161e o norsk\u00e9 gramatice.<\/p>\r\n                    <\/div>\r\n                <\/div>\r\n            <\/div>\r\n        <\/a>\r\n\r\n        \r\n        <a href=\"https:\/\/talkpal.ai\/cs\/norska-gramatika\/\">\r\n            <div class=\"learnNavigationWrapper\">\r\n                <div class=\"learnNavigationContent\">\r\n                    <img decoding=\"async\" src=\"https:\/\/talkpal.ai\/wp-content\/uploads\/2024\/08\/Norwegian.jpg\" alt=\"Norwegian Flag\">\r\n                    <div>\r\n                        <h4>Lekce norsk\u00e9 gramatiky<\/h4>\r\n                        <p>Procvi\u010dte si norskou gramatiku.<\/p>\r\n                    <\/div>\r\n                <\/div>\r\n            <\/div>\r\n        <\/a>\r\n\r\n        \r\n        <a href=\"https:\/\/talkpal.ai\/vocabulary_language\/norwegian\/\">\r\n            <div class=\"learnNavigationWrapper\">\r\n                <div class=\"learnNavigationContent\">\r\n                    <img decoding=\"async\" src=\"https:\/\/talkpal.ai\/wp-content\/uploads\/2024\/08\/Norwegian.jpg\" alt=\"Norwegian Flag\">\r\n                    <div>\r\n                        <h4>Norsk\u00e1 slovn\u00ed z\u00e1soba<\/h4>\r\n                        <p>Roz\u0161i\u0159te svou norskou slovn\u00ed z\u00e1sobu.<\/p>\r\n                    <\/div>\r\n                <\/div>\r\n            <\/div>\r\n        <\/a>\r\n\r\n            <\/section>","protected":false},"excerpt":{"rendered":"<p>T\u00e9mata norsk\u00e9 gramatiky Studium nor\u0161tiny m\u016f\u017ee b\u00fdt vzru\u0161uj\u00edc\u00ed a obohacuj\u00edc\u00ed zku\u0161enost\u00ed, proto\u017ee otev\u00edr\u00e1 dve\u0159e k bohat\u00e9 kulturn\u00ed historii, \u00fachvatn\u00e9 krajin\u011b a jedine\u010dn\u00e9mu zp\u016fsobu \u017eivota v Norsku. Jako severogerm\u00e1nsk\u00fd jazyk sd\u00edl\u00ed nor\u0161tina mnoho podobnost\u00ed se sousedn\u00edmi jazyky, \u0161v\u00e9d\u0161tinou a d\u00e1n\u0161tinou. M\u016f\u017ee se v\u0161ak pochlubit vlastn\u00ed v\u00fdraznou gramatikou, v\u00fdslovnost\u00ed a slovn\u00ed z\u00e1sobou. Pro zvl\u00e1dnut\u00ed tohoto kr\u00e1sn\u00e9ho jazyka [&hellip;]<\/p>\n","protected":false},"author":6,"featured_media":116867,"parent":0,"menu_order":0,"comment_status":"closed","ping_status":"closed","template":"LearningContentPage.php","meta":{"_acf_changed":false,"footnotes":""},"class_list":["post-158461","page","type-page","status-publish","has-post-thumbnail","hentry"],"acf":[],"yoast_head":"<!-- This site is optimized with the Yoast SEO Premium plugin v27.2 (Yoast SEO v27.2) - https:\/\/yoast.com\/product\/yoast-seo-premium-wordpress\/ -->\n<title>Cvi\u010den\u00ed z norsk\u00e9 gramatiky - Talkpal<\/title>\n<meta name=\"description\" content=\"Zlep\u0161ete sv\u00e9 dovednosti pomoc\u00ed poutav\u00fdch cvi\u010den\u00ed z norsk\u00e9 gramatiky. Ide\u00e1ln\u00ed pro efektivn\u00ed procvi\u010dov\u00e1n\u00ed pro studenty na v\u0161ech \u00farovn\u00edch.\" \/>\n<meta name=\"robots\" content=\"index, follow, max-snippet:-1, max-image-preview:large, max-video-preview:-1\" \/>\n<link rel=\"canonical\" href=\"https:\/\/talkpal.ai\/cs\/cviceni-z-norske-gramatiky\/\" \/>\n<meta property=\"og:locale\" content=\"cs_CZ\" \/>\n<meta property=\"og:type\" content=\"article\" \/>\n<meta property=\"og:title\" content=\"Cvi\u010den\u00ed z norsk\u00e9 gramatiky\" \/>\n<meta property=\"og:description\" content=\"T\u00e9mata norsk\u00e9 gramatiky Studium nor\u0161tiny m\u016f\u017ee b\u00fdt vzru\u0161uj\u00edc\u00ed a obohacuj\u00edc\u00ed zku\u0161enost\u00ed, proto\u017ee otev\u00edr\u00e1 dve\u0159e k bohat\u00e9 kulturn\u00ed historii, \u00fachvatn\u00e9 krajin\u011b\" \/>\n<meta property=\"og:url\" content=\"https:\/\/talkpal.ai\/cs\/cviceni-z-norske-gramatiky\/\" \/>\n<meta property=\"og:site_name\" content=\"Talkpal\" \/>\n<meta property=\"article:publisher\" content=\"https:\/\/www.facebook.com\/profile.php?id=100090733639311\" \/>\n<meta property=\"article:modified_time\" content=\"2025-12-17T14:38:55+00:00\" \/>\n<meta property=\"og:image\" content=\"https:\/\/talkpal.ai\/wp-content\/uploads\/2023\/05\/norway.png\" \/>\n\t<meta property=\"og:image:width\" content=\"512\" \/>\n\t<meta property=\"og:image:height\" content=\"512\" \/>\n\t<meta property=\"og:image:type\" content=\"image\/png\" \/>\n<meta name=\"twitter:card\" content=\"summary_large_image\" \/>\n<meta name=\"twitter:site\" content=\"@talkpalai\" \/>\n<meta name=\"twitter:label1\" content=\"Odhadovan\u00e1 doba \u010dten\u00ed\" \/>\n\t<meta name=\"twitter:data1\" content=\"4 minuty\" \/>\n<script type=\"application\/ld+json\" class=\"yoast-schema-graph\">{\"@context\":\"https:\/\/schema.org\",\"@graph\":[{\"@type\":\"WebPage\",\"@id\":\"https:\/\/talkpal.ai\/cs\/cviceni-z-norske-gramatiky\/\",\"url\":\"https:\/\/talkpal.ai\/cs\/cviceni-z-norske-gramatiky\/\",\"name\":\"Cvi\u010den\u00ed z norsk\u00e9 gramatiky - Talkpal\",\"isPartOf\":{\"@id\":\"https:\/\/talkpal.ai\/cs\/#website\"},\"primaryImageOfPage\":{\"@id\":\"https:\/\/talkpal.ai\/cs\/cviceni-z-norske-gramatiky\/#primaryimage\"},\"image\":{\"@id\":\"https:\/\/talkpal.ai\/cs\/cviceni-z-norske-gramatiky\/#primaryimage\"},\"thumbnailUrl\":\"https:\/\/talkpal.ai\/wp-content\/uploads\/2023\/05\/norway.png\",\"datePublished\":\"2023-06-27T08:41:59+00:00\",\"dateModified\":\"2025-12-17T14:38:55+00:00\",\"description\":\"Zlep\u0161ete sv\u00e9 dovednosti pomoc\u00ed poutav\u00fdch cvi\u010den\u00ed z norsk\u00e9 gramatiky. Ide\u00e1ln\u00ed pro efektivn\u00ed procvi\u010dov\u00e1n\u00ed pro studenty na v\u0161ech \u00farovn\u00edch.\",\"breadcrumb\":{\"@id\":\"https:\/\/talkpal.ai\/cs\/cviceni-z-norske-gramatiky\/#breadcrumb\"},\"inLanguage\":\"cs\",\"potentialAction\":[{\"@type\":\"ReadAction\",\"target\":[\"https:\/\/talkpal.ai\/cs\/cviceni-z-norske-gramatiky\/\"]}]},{\"@type\":\"ImageObject\",\"inLanguage\":\"cs\",\"@id\":\"https:\/\/talkpal.ai\/cs\/cviceni-z-norske-gramatiky\/#primaryimage\",\"url\":\"https:\/\/talkpal.ai\/wp-content\/uploads\/2023\/05\/norway.png\",\"contentUrl\":\"https:\/\/talkpal.ai\/wp-content\/uploads\/2023\/05\/norway.png\",\"width\":512,\"height\":512},{\"@type\":\"BreadcrumbList\",\"@id\":\"https:\/\/talkpal.ai\/cs\/cviceni-z-norske-gramatiky\/#breadcrumb\",\"itemListElement\":[{\"@type\":\"ListItem\",\"position\":1,\"name\":\"Homepage\",\"item\":\"https:\/\/talkpal.ai\/cs\/\"},{\"@type\":\"ListItem\",\"position\":2,\"name\":\"Cvi\u010den\u00ed z norsk\u00e9 gramatiky\"}]},{\"@type\":\"WebSite\",\"@id\":\"https:\/\/talkpal.ai\/cs\/#website\",\"url\":\"https:\/\/talkpal.ai\/cs\/\",\"name\":\"Talkpal\",\"description\":\"AI Language Learning\",\"publisher\":{\"@id\":\"https:\/\/talkpal.ai\/cs\/#organization\"},\"alternateName\":\"Talkpal AI\",\"potentialAction\":[{\"@type\":\"SearchAction\",\"target\":{\"@type\":\"EntryPoint\",\"urlTemplate\":\"https:\/\/talkpal.ai\/cs\/?s={search_term_string}\"},\"query-input\":{\"@type\":\"PropertyValueSpecification\",\"valueRequired\":true,\"valueName\":\"search_term_string\"}}],\"inLanguage\":\"cs\"},{\"@type\":\"Organization\",\"@id\":\"https:\/\/talkpal.ai\/cs\/#organization\",\"name\":\"Talkpal, Inc.\",\"alternateName\":\"Talkpal AI\",\"url\":\"https:\/\/talkpal.ai\/cs\/\",\"logo\":{\"@type\":\"ImageObject\",\"inLanguage\":\"cs\",\"@id\":\"https:\/\/talkpal.ai\/cs\/#\/schema\/logo\/image\/\",\"url\":\"https:\/\/talkpal.ai\/wp-content\/uploads\/2024\/03\/Talkpal-Logo-Icon.png\",\"contentUrl\":\"https:\/\/talkpal.ai\/wp-content\/uploads\/2024\/03\/Talkpal-Logo-Icon.png\",\"width\":2880,\"height\":2880,\"caption\":\"Talkpal, Inc.\"},\"image\":{\"@id\":\"https:\/\/talkpal.ai\/cs\/#\/schema\/logo\/image\/\"},\"sameAs\":[\"https:\/\/www.facebook.com\/profile.php?id=100090733639311\",\"https:\/\/x.com\/talkpalai\",\"https:\/\/www.linkedin.com\/company\/talkpal\/\",\"https:\/\/www.youtube.com\/@TalkPal\/\",\"https:\/\/www.tiktok.com\/@talkpal\",\"https:\/\/www.instagram.com\/talkpal_ai\/\",\"https:\/\/www.crunchbase.com\/organization\/talkpal-9cde\",\"https:\/\/www.g2.com\/products\/talkpal-for-business\/\",\"https:\/\/www.trustpilot.com\/review\/talkpal.ai\",\"https:\/\/www.capterra.com\/p\/10006800\/TalkPal\/\"],\"description\":\"Talkpal is a language learning web and mobile education app, powered by the latest AI technologies, that provides engaging experiences to its customers in many different languages to help them improve their language skills. Users can chat about unlimited amount of topics with the app and use other modes to practice their language learning.\",\"email\":\"support@talkpal.ai\",\"legalName\":\"Talkpal, Inc.\",\"foundingDate\":\"2023-04-03\",\"duns\":\"118989042\",\"numberOfEmployees\":{\"@type\":\"QuantitativeValue\",\"minValue\":\"11\",\"maxValue\":\"50\"},\"publishingPrinciples\":\"https:\/\/talkpal.ai\/publishing-principles\/\",\"actionableFeedbackPolicy\":\"https:\/\/talkpal.ai\/actionable-feedback-policy\/\",\"correctionsPolicy\":\"https:\/\/talkpal.ai\/corrections-policy\/\",\"ethicsPolicy\":\"https:\/\/talkpal.ai\/ethics-policy\/\",\"diversityPolicy\":\"https:\/\/talkpal.ai\/diversity-policy\/\",\"diversityStaffingReport\":\"https:\/\/talkpal.ai\/diversity-policy\/\"}]}<\/script>\n<!-- \/ Yoast SEO Premium plugin. -->","yoast_head_json":{"title":"Cvi\u010den\u00ed z norsk\u00e9 gramatiky - Talkpal","description":"Zlep\u0161ete sv\u00e9 dovednosti pomoc\u00ed poutav\u00fdch cvi\u010den\u00ed z norsk\u00e9 gramatiky. Ide\u00e1ln\u00ed pro efektivn\u00ed procvi\u010dov\u00e1n\u00ed pro studenty na v\u0161ech \u00farovn\u00edch.","robots":{"index":"index","follow":"follow","max-snippet":"max-snippet:-1","max-image-preview":"max-image-preview:large","max-video-preview":"max-video-preview:-1"},"canonical":"https:\/\/talkpal.ai\/cs\/cviceni-z-norske-gramatiky\/","og_locale":"cs_CZ","og_type":"article","og_title":"Cvi\u010den\u00ed z norsk\u00e9 gramatiky","og_description":"T\u00e9mata norsk\u00e9 gramatiky Studium nor\u0161tiny m\u016f\u017ee b\u00fdt vzru\u0161uj\u00edc\u00ed a obohacuj\u00edc\u00ed zku\u0161enost\u00ed, proto\u017ee otev\u00edr\u00e1 dve\u0159e k bohat\u00e9 kulturn\u00ed historii, \u00fachvatn\u00e9 krajin\u011b","og_url":"https:\/\/talkpal.ai\/cs\/cviceni-z-norske-gramatiky\/","og_site_name":"Talkpal","article_publisher":"https:\/\/www.facebook.com\/profile.php?id=100090733639311","article_modified_time":"2025-12-17T14:38:55+00:00","og_image":[{"width":512,"height":512,"url":"https:\/\/talkpal.ai\/wp-content\/uploads\/2023\/05\/norway.png","type":"image\/png"}],"twitter_card":"summary_large_image","twitter_site":"@talkpalai","twitter_misc":{"Odhadovan\u00e1 doba \u010dten\u00ed":"4 minuty"},"schema":{"@context":"https:\/\/schema.org","@graph":[{"@type":"WebPage","@id":"https:\/\/talkpal.ai\/cs\/cviceni-z-norske-gramatiky\/","url":"https:\/\/talkpal.ai\/cs\/cviceni-z-norske-gramatiky\/","name":"Cvi\u010den\u00ed z norsk\u00e9 gramatiky - Talkpal","isPartOf":{"@id":"https:\/\/talkpal.ai\/cs\/#website"},"primaryImageOfPage":{"@id":"https:\/\/talkpal.ai\/cs\/cviceni-z-norske-gramatiky\/#primaryimage"},"image":{"@id":"https:\/\/talkpal.ai\/cs\/cviceni-z-norske-gramatiky\/#primaryimage"},"thumbnailUrl":"https:\/\/talkpal.ai\/wp-content\/uploads\/2023\/05\/norway.png","datePublished":"2023-06-27T08:41:59+00:00","dateModified":"2025-12-17T14:38:55+00:00","description":"Zlep\u0161ete sv\u00e9 dovednosti pomoc\u00ed poutav\u00fdch cvi\u010den\u00ed z norsk\u00e9 gramatiky. Ide\u00e1ln\u00ed pro efektivn\u00ed procvi\u010dov\u00e1n\u00ed pro studenty na v\u0161ech \u00farovn\u00edch.","breadcrumb":{"@id":"https:\/\/talkpal.ai\/cs\/cviceni-z-norske-gramatiky\/#breadcrumb"},"inLanguage":"cs","potentialAction":[{"@type":"ReadAction","target":["https:\/\/talkpal.ai\/cs\/cviceni-z-norske-gramatiky\/"]}]},{"@type":"ImageObject","inLanguage":"cs","@id":"https:\/\/talkpal.ai\/cs\/cviceni-z-norske-gramatiky\/#primaryimage","url":"https:\/\/talkpal.ai\/wp-content\/uploads\/2023\/05\/norway.png","contentUrl":"https:\/\/talkpal.ai\/wp-content\/uploads\/2023\/05\/norway.png","width":512,"height":512},{"@type":"BreadcrumbList","@id":"https:\/\/talkpal.ai\/cs\/cviceni-z-norske-gramatiky\/#breadcrumb","itemListElement":[{"@type":"ListItem","position":1,"name":"Homepage","item":"https:\/\/talkpal.ai\/cs\/"},{"@type":"ListItem","position":2,"name":"Cvi\u010den\u00ed z norsk\u00e9 gramatiky"}]},{"@type":"WebSite","@id":"https:\/\/talkpal.ai\/cs\/#website","url":"https:\/\/talkpal.ai\/cs\/","name":"Talkpal","description":"AI Language Learning","publisher":{"@id":"https:\/\/talkpal.ai\/cs\/#organization"},"alternateName":"Talkpal AI","potentialAction":[{"@type":"SearchAction","target":{"@type":"EntryPoint","urlTemplate":"https:\/\/talkpal.ai\/cs\/?s={search_term_string}"},"query-input":{"@type":"PropertyValueSpecification","valueRequired":true,"valueName":"search_term_string"}}],"inLanguage":"cs"},{"@type":"Organization","@id":"https:\/\/talkpal.ai\/cs\/#organization","name":"Talkpal, Inc.","alternateName":"Talkpal AI","url":"https:\/\/talkpal.ai\/cs\/","logo":{"@type":"ImageObject","inLanguage":"cs","@id":"https:\/\/talkpal.ai\/cs\/#\/schema\/logo\/image\/","url":"https:\/\/talkpal.ai\/wp-content\/uploads\/2024\/03\/Talkpal-Logo-Icon.png","contentUrl":"https:\/\/talkpal.ai\/wp-content\/uploads\/2024\/03\/Talkpal-Logo-Icon.png","width":2880,"height":2880,"caption":"Talkpal, Inc."},"image":{"@id":"https:\/\/talkpal.ai\/cs\/#\/schema\/logo\/image\/"},"sameAs":["https:\/\/www.facebook.com\/profile.php?id=100090733639311","https:\/\/x.com\/talkpalai","https:\/\/www.linkedin.com\/company\/talkpal\/","https:\/\/www.youtube.com\/@TalkPal\/","https:\/\/www.tiktok.com\/@talkpal","https:\/\/www.instagram.com\/talkpal_ai\/","https:\/\/www.crunchbase.com\/organization\/talkpal-9cde","https:\/\/www.g2.com\/products\/talkpal-for-business\/","https:\/\/www.trustpilot.com\/review\/talkpal.ai","https:\/\/www.capterra.com\/p\/10006800\/TalkPal\/"],"description":"Talkpal is a language learning web and mobile education app, powered by the latest AI technologies, that provides engaging experiences to its customers in many different languages to help them improve their language skills. Users can chat about unlimited amount of topics with the app and use other modes to practice their language learning.","email":"support@talkpal.ai","legalName":"Talkpal, Inc.","foundingDate":"2023-04-03","duns":"118989042","numberOfEmployees":{"@type":"QuantitativeValue","minValue":"11","maxValue":"50"},"publishingPrinciples":"https:\/\/talkpal.ai\/publishing-principles\/","actionableFeedbackPolicy":"https:\/\/talkpal.ai\/actionable-feedback-policy\/","correctionsPolicy":"https:\/\/talkpal.ai\/corrections-policy\/","ethicsPolicy":"https:\/\/talkpal.ai\/ethics-policy\/","diversityPolicy":"https:\/\/talkpal.ai\/diversity-policy\/","diversityStaffingReport":"https:\/\/talkpal.ai\/diversity-policy\/"}]}},"_links":{"self":[{"href":"https:\/\/talkpal.ai\/cs\/wp-json\/wp\/v2\/pages\/158461","targetHints":{"allow":["GET"]}}],"collection":[{"href":"https:\/\/talkpal.ai\/cs\/wp-json\/wp\/v2\/pages"}],"about":[{"href":"https:\/\/talkpal.ai\/cs\/wp-json\/wp\/v2\/types\/page"}],"author":[{"embeddable":true,"href":"https:\/\/talkpal.ai\/cs\/wp-json\/wp\/v2\/users\/6"}],"replies":[{"embeddable":true,"href":"https:\/\/talkpal.ai\/cs\/wp-json\/wp\/v2\/comments?post=158461"}],"version-history":[{"count":0,"href":"https:\/\/talkpal.ai\/cs\/wp-json\/wp\/v2\/pages\/158461\/revisions"}],"wp:featuredmedia":[{"embeddable":true,"href":"https:\/\/talkpal.ai\/cs\/wp-json\/wp\/v2\/media\/116867"}],"wp:attachment":[{"href":"https:\/\/talkpal.ai\/cs\/wp-json\/wp\/v2\/media?parent=158461"}],"curies":[{"name":"wp","href":"https:\/\/api.w.org\/{rel}","templated":true}]}}