{"id":158193,"date":"2023-06-27T08:51:37","date_gmt":"2023-06-27T08:51:37","guid":{"rendered":"http:\/\/talkpal.ai\/cviceni-perske-gramatiky\/"},"modified":"2025-12-17T15:26:24","modified_gmt":"2025-12-17T15:26:24","slug":"cviceni-perske-gramatiky","status":"publish","type":"page","link":"https:\/\/talkpal.ai\/cs\/cviceni-perske-gramatiky\/","title":{"rendered":"Cvi\u010den\u00ed persk\u00e9 gramatiky"},"content":{"rendered":"\r\n\r\n\r\n<section class=\"languageChallengeSection\">\r\n    <div class=\"languageInfoWrapper\">\r\n        \r\n        <h1>Cvi\u010den\u00ed persk\u00e9 gramatiky<\/h1>\r\n        <p>Jste p\u0159ipraveni zlep\u0161it sv\u00e9 znalosti per\u0161tiny? Procvi\u010dov\u00e1n\u00ed gramatick\u00fdch cvi\u010den\u00ed je vynikaj\u00edc\u00edm zp\u016fsobem, jak si osvojit strukturu v\u011bty, slovesn\u00e9 tvary a kl\u00ed\u010dov\u00e9 vzorce persk\u00e9ho jazyka. Za\u010dn\u011bte pracovat na persk\u00e9 gramatice je\u0161t\u011b dnes a sledujte, jak s ka\u017ed\u00fdm nov\u00fdm cvi\u010den\u00edm roste va\u0161e porozum\u011bn\u00ed a sebed\u016fv\u011bra!<\/p>\r\n\r\n                            <a class=\"getStartedHidden\" href=\"https:\/\/app.talkpal.ai\/cs\/signup?lng=\">Za\u010dni<\/a>\r\n        \r\n    <\/div>\r\n\r\n    <figure>\r\n    <img decoding=\"async\" width=\"768\" height=\"768\" src=\"https:\/\/talkpal.ai\/wp-content\/uploads\/2023\/06\/persian-768x768.png\" class=\"languageImage no-lazy\" alt=\"Language learning to comprehend global news\" fetchpriority=\"high\" sizes=\"(max-width: 768px) 150px, 768px\" srcset=\"https:\/\/talkpal.ai\/wp-content\/uploads\/2023\/06\/persian-768x768.png 768w, https:\/\/talkpal.ai\/wp-content\/uploads\/2023\/06\/persian-300x300.png 300w\" \/>\r\n    \r\n\r\n    <\/figure>\r\n\r\n            <a class=\"getStartedVisible\" href=\"https:\/\/app.talkpal.ai\/cs\/signup?lng=\">Za\u010dni<\/a>\r\n    \r\n<\/section>\r\n\r\n\r\n<!-- <section class=\"grammarSection\">\r\n    <div class=\"grammarLinks\">\r\n            <\/div>\r\n<\/section> -->\r\n\r\n\r\n\r\n\r\n<section class=\"promotionalBanner\">\r\n    <p class=\"promotionalText\">Nejefektivn\u011bj\u0161\u00ed <a href=\"https:\/\/talkpal.ai\/best-way-to-learn\/\">zp\u016fsob<\/a>, jak se nau\u010dit jazyk<\/p>\r\n    <a class=\"promotionalLink\" href=\"https:\/\/app.talkpal.ai\/cs\/signup?lng=\">Vyzkou\u0161ejte Talkpal zdarma<\/a>\r\n<\/section>\n<div class=\"wp-block-group pageContainerStyle\"><div class=\"wp-block-group__inner-container is-layout-constrained wp-block-group-is-layout-constrained\">\n<h2 class=\"wp-block-heading\" id=\"h-persian-grammar-topics\">T\u00e9mata persk\u00e9 gramatiky<\/h2>\n\n\n\n<p>Studium per\u0161tiny, zn\u00e1m\u00e9 tak\u00e9 jako per\u0161tina, m\u016f\u017ee b\u00fdt vzru\u0161uj\u00edc\u00ed a obohacuj\u00edc\u00ed cestou, kter\u00e1 otev\u00edr\u00e1 nov\u00e9 p\u0159\u00edle\u017eitosti k pochopen\u00ed bohat\u00e9 kultury a historie \u00cdr\u00e1nu a dal\u0161\u00edch persky mluv\u00edc\u00edch region\u016f. Pro studenta je zvl\u00e1dnut\u00ed r\u016fzn\u00fdch aspekt\u016f persk\u00e9 gramatiky z\u00e1sadn\u00ed pro vybudov\u00e1n\u00ed pevn\u00fdch z\u00e1klad\u016f jazyka. V t\u00e9to p\u0159\u00edru\u010dce prozkoum\u00e1me r\u016fzn\u00e9 aspekty persk\u00e9 gramatiky, v\u010detn\u011b \u010das\u016f, sloves, podstatn\u00fdch jmen, \u010dlen\u016f a dal\u0161\u00edch z\u00e1kladn\u00edch prvk\u016f, kter\u00e9 v\u00e1m pomohou systematicky a efektivn\u011b strukturovat proces u\u010den\u00ed.<\/p>\n\n\n\n<h3 class=\"wp-block-heading\" id=\"h-1-nouns\">1. Podstatn\u00e1 jm\u00e9na:<\/h3>\n\n\n\n<p>Nejprve se nau\u010dte z\u00e1klady persk\u00fdch podstatn\u00fdch jmen, v\u010detn\u011b jejich rodu (v\u0161echna persk\u00e1 podstatn\u00e1 jm\u00e9na jsou rodov\u011b neutr\u00e1ln\u00ed), jednotn\u00e9ho a mno\u017en\u00e9ho \u010d\u00edsla a pou\u017e\u00edv\u00e1n\u00ed &#8222;ezafe&#8220; pro vyj\u00e1d\u0159en\u00ed vlastnictv\u00ed a vztah\u016f mezi podstatn\u00fdmi jm\u00e9ny.<\/p>\n\n\n\n<h3 class=\"wp-block-heading\" id=\"h-2-pronouns-determiners\">2. Z\u00e1jmena\/determinanty:<\/h3>\n\n\n\n<p>Jakmile se sezn\u00e1m\u00edte s podstatn\u00fdmi jm\u00e9ny, p\u0159ejd\u011bte k u\u010den\u00ed z\u00e1jmen a determinant\u016f. To v\u00e1m pom\u016f\u017ee pochopit, jak v per\u0161tin\u011b ozna\u010dovat lidi a p\u0159edm\u011bty a pou\u017e\u00edvat ukazovac\u00ed z\u00e1jmena, p\u0159ivlast\u0148ovac\u00ed z\u00e1jmena a kvantifik\u00e1tory.<\/p>\n\n\n\n<h3 class=\"wp-block-heading\" id=\"h-3-adjectives\">3. P\u0159\u00eddavn\u00e1 jm\u00e9na:<\/h3>\n\n\n\n<p>Nau\u010dte se popisovat podstatn\u00e1 jm\u00e9na pomoc\u00ed p\u0159\u00eddavn\u00fdch jmen, v\u010detn\u011b jejich um\u00edst\u011bn\u00ed ve v\u011bt\u011b a toho, jak souhlas\u00ed s podstatn\u00fdmi jm\u00e9ny, kter\u00e1 upravuj\u00ed.<\/p>\n\n\n\n<h3 class=\"wp-block-heading\" id=\"h-4-verbs\">4. Slovesa:<\/h3>\n\n\n\n<p>Slovesa jsou p\u00e1te\u0159\u00ed ka\u017ed\u00e9ho jazyka a per\u0161tina nen\u00ed v\u00fdjimkou. Za\u010dn\u011bte pochopen\u00edm persk\u00e9 slovesn\u00e9 struktury a jednoduch\u00e9ho p\u0159\u00edtomn\u00e9ho \u010dasu, ne\u017e p\u0159ejdete k dal\u0161\u00edm \u010das\u016fm a n\u00e1lad\u00e1m.<\/p>\n\n\n\n<h3 class=\"wp-block-heading\" id=\"h-5-tense-comparison\">5. Srovn\u00e1n\u00ed \u010das\u016f:<\/h3>\n\n\n\n<p>Pot\u00e9, co se nau\u010d\u00edte z\u00e1klady sloves a jednoduch\u00e9ho p\u0159\u00edtomn\u00e9ho \u010dasu, porovnejte a kontrastujte r\u016fzn\u00e9 \u010dasy, abyste pochopili, jak se pou\u017e\u00edvaj\u00ed v per\u0161tin\u011b. To zahrnuje minul\u00fd, budouc\u00ed a podmi\u0148ovac\u00ed zp\u016fsob.<\/p>\n\n\n\n<h3 class=\"wp-block-heading\" id=\"h-6-progressive-and-perfect-progressive\">6. Progresivn\u00ed a dokonale progresivn\u00ed:<\/h3>\n\n\n\n<p>Nau\u010dte se progresivn\u00ed a persk\u00e1 pr\u016fb\u011bhov\u00e1 slovesa k vyj\u00e1d\u0159en\u00ed prob\u00edhaj\u00edc\u00edch nebo dokon\u010den\u00fdch d\u011bj\u016f.<\/p>\n\n\n\n<h3 class=\"wp-block-heading\" id=\"h-7-adverbs\">7. P\u0159\u00edslovce:<\/h3>\n\n\n\n<p>P\u0159\u00edslovce jsou nezbytn\u00e1 pro p\u0159id\u00e1n\u00ed nuanc\u00ed a kontextu do va\u0161ich persk\u00fdch v\u011bt. Nau\u010dte se jejich um\u00edst\u011bn\u00ed a jak upravuj\u00ed slovesa, p\u0159\u00eddavn\u00e1 jm\u00e9na a dal\u0161\u00ed p\u0159\u00edslovce.<\/p>\n\n\n\n<h3 class=\"wp-block-heading\" id=\"h-8-conditionals\">8. Podm\u00ednkov\u00e9 v\u011bty:<\/h3>\n\n\n\n<p>Pochopit, jak vyj\u00e1d\u0159it hypotetick\u00e9 situace a d\u016fsledky u\u010den\u00edm persk\u00fdch podm\u00ednkov\u00fdch v\u011bt.<\/p>\n\n\n\n<h3 class=\"wp-block-heading\" id=\"h-9-prepositions\">9. P\u0159edlo\u017eky:<\/h3>\n\n\n\n<p>P\u0159edlo\u017eky jsou nezbytn\u00e9 pro zobrazen\u00ed vztah\u016f mezi slovy a fr\u00e1zemi ve v\u011bt\u011b. Nau\u010dte se nejb\u011b\u017en\u011bj\u0161\u00ed persk\u00e9 p\u0159edlo\u017eky a jak je spr\u00e1vn\u011b pou\u017e\u00edvat.<\/p>\n\n\n\n<h3 class=\"wp-block-heading\" id=\"h-10-sentences\">10. V\u011bty:<\/h3>\n\n\n\n<p>Nakonec si procvi\u010dte skl\u00e1d\u00e1n\u00ed v\u0161ech prvk\u016f persk\u00e9 gramatiky dohromady tvo\u0159en\u00edm cel\u00fdch v\u011bt. Zam\u011b\u0159te se na r\u016fzn\u00e9 v\u011btn\u00e9 struktury, v\u010detn\u011b jednoduch\u00fdch, slo\u017een\u00fdch a slo\u017eit\u00fdch v\u011bt, stejn\u011b jako na ot\u00e1zky a rozkazovac\u00ed p\u0159\u00edkazy.<\/p>\n\n\n\n<p>Dodr\u017eov\u00e1n\u00edm t\u00e9to posloupnosti u\u010den\u00ed t\u00e9mat persk\u00e9 gramatiky si vybudujete pevn\u00e9 z\u00e1klady jazyka, kter\u00e9 v\u00e1m umo\u017en\u00ed efektivn\u011b komunikovat a ocenit kr\u00e1su persk\u00e9 literatury a kultury.<\/p>\n<\/div><\/div>\n\r\n<section class=\"learnNavigationSection\">\r\n            \r\n        <a href=\"https:\/\/talkpal.ai\/cs\/naucte-se-persky\/\">\r\n            <div class=\"learnNavigationWrapper\">\r\n                <div class=\"learnNavigationContent\">\r\n                    <img decoding=\"async\" src=\"https:\/\/talkpal.ai\/wp-content\/uploads\/2024\/08\/Persian.jpg\" alt=\"Persian Flag\">\r\n                    <div>\r\n                        <h4>O persk\u00e9m u\u010den\u00ed<\/h4>\r\n                        <p>Zjist\u011bte v\u0161e o persk\u00e9 gramatice.<\/p>\r\n                    <\/div>\r\n                <\/div>\r\n            <\/div>\r\n        <\/a>\r\n\r\n        \r\n        <a href=\"https:\/\/talkpal.ai\/cs\/perska-gramatika\/\">\r\n            <div class=\"learnNavigationWrapper\">\r\n                <div class=\"learnNavigationContent\">\r\n                    <img decoding=\"async\" src=\"https:\/\/talkpal.ai\/wp-content\/uploads\/2024\/08\/Persian.jpg\" alt=\"Persian Flag\">\r\n                    <div>\r\n                        <h4>Lekce persk\u00e9 gramatiky<\/h4>\r\n                        <p>Procvi\u010dte si perskou gramatiku.<\/p>\r\n                    <\/div>\r\n                <\/div>\r\n            <\/div>\r\n        <\/a>\r\n\r\n        \r\n        <a href=\"https:\/\/talkpal.ai\/vocabulary_language\/persian\/\">\r\n            <div class=\"learnNavigationWrapper\">\r\n                <div class=\"learnNavigationContent\">\r\n                    <img decoding=\"async\" src=\"https:\/\/talkpal.ai\/wp-content\/uploads\/2024\/08\/Persian.jpg\" alt=\"Persian Flag\">\r\n                    <div>\r\n                        <h4>Persk\u00e1 slovn\u00ed z\u00e1soba<\/h4>\r\n                        <p>Roz\u0161i\u0159te si slovn\u00ed z\u00e1sobu per\u0161tiny.<\/p>\r\n                    <\/div>\r\n                <\/div>\r\n            <\/div>\r\n        <\/a>\r\n\r\n            <\/section>","protected":false},"excerpt":{"rendered":"<p>T\u00e9mata persk\u00e9 gramatiky Studium per\u0161tiny, zn\u00e1m\u00e9 tak\u00e9 jako per\u0161tina, m\u016f\u017ee b\u00fdt vzru\u0161uj\u00edc\u00ed a obohacuj\u00edc\u00ed cestou, kter\u00e1 otev\u00edr\u00e1 nov\u00e9 p\u0159\u00edle\u017eitosti k pochopen\u00ed bohat\u00e9 kultury a historie \u00cdr\u00e1nu a dal\u0161\u00edch persky mluv\u00edc\u00edch region\u016f. Pro studenta je zvl\u00e1dnut\u00ed r\u016fzn\u00fdch aspekt\u016f persk\u00e9 gramatiky z\u00e1sadn\u00ed pro vybudov\u00e1n\u00ed pevn\u00fdch z\u00e1klad\u016f jazyka. V t\u00e9to p\u0159\u00edru\u010dce prozkoum\u00e1me r\u016fzn\u00e9 aspekty persk\u00e9 gramatiky, v\u010detn\u011b \u010das\u016f, [&hellip;]<\/p>\n","protected":false},"author":6,"featured_media":117138,"parent":0,"menu_order":0,"comment_status":"closed","ping_status":"closed","template":"LearningContentPage.php","meta":{"_acf_changed":false,"footnotes":""},"class_list":["post-158193","page","type-page","status-publish","has-post-thumbnail","hentry"],"acf":[],"yoast_head":"<!-- This site is optimized with the Yoast SEO Premium plugin v27.2 (Yoast SEO v27.2) - https:\/\/yoast.com\/product\/yoast-seo-premium-wordpress\/ -->\n<title>Cvi\u010den\u00ed persk\u00e9 gramatiky - Talkpal<\/title>\n<meta name=\"description\" content=\"Zvl\u00e1dn\u011bte cvi\u010den\u00ed persk\u00e9 gramatiky, abyste pos\u00edlili sv\u00e9 jazykov\u00e9 dovednosti a poznali kulturu persky mluv\u00edc\u00edch oblast\u00ed.\" \/>\n<meta name=\"robots\" content=\"index, follow, max-snippet:-1, max-image-preview:large, max-video-preview:-1\" \/>\n<link rel=\"canonical\" href=\"https:\/\/talkpal.ai\/cs\/cviceni-perske-gramatiky\/\" \/>\n<meta property=\"og:locale\" content=\"cs_CZ\" \/>\n<meta property=\"og:type\" content=\"article\" \/>\n<meta property=\"og:title\" content=\"Cvi\u010den\u00ed persk\u00e9 gramatiky\" \/>\n<meta property=\"og:description\" content=\"T\u00e9mata persk\u00e9 gramatiky Studium per\u0161tiny, zn\u00e1m\u00e9 tak\u00e9 jako per\u0161tina, m\u016f\u017ee b\u00fdt vzru\u0161uj\u00edc\u00ed a obohacuj\u00edc\u00ed cestou, kter\u00e1 otev\u00edr\u00e1 nov\u00e9 p\u0159\u00edle\u017eitosti k pochopen\u00ed\" \/>\n<meta property=\"og:url\" content=\"https:\/\/talkpal.ai\/cs\/cviceni-perske-gramatiky\/\" \/>\n<meta property=\"og:site_name\" content=\"Talkpal\" \/>\n<meta property=\"article:publisher\" content=\"https:\/\/www.facebook.com\/profile.php?id=100090733639311\" \/>\n<meta property=\"article:modified_time\" content=\"2025-12-17T15:26:24+00:00\" \/>\n<meta property=\"og:image\" content=\"https:\/\/talkpal.ai\/wp-content\/uploads\/2023\/05\/Persian-iran.png\" \/>\n\t<meta property=\"og:image:width\" content=\"512\" \/>\n\t<meta property=\"og:image:height\" content=\"512\" \/>\n\t<meta property=\"og:image:type\" content=\"image\/png\" \/>\n<meta name=\"twitter:card\" content=\"summary_large_image\" \/>\n<meta name=\"twitter:site\" content=\"@talkpalai\" \/>\n<meta name=\"twitter:label1\" content=\"Odhadovan\u00e1 doba \u010dten\u00ed\" \/>\n\t<meta name=\"twitter:data1\" content=\"3 minuty\" \/>\n<script type=\"application\/ld+json\" class=\"yoast-schema-graph\">{\"@context\":\"https:\/\/schema.org\",\"@graph\":[{\"@type\":\"WebPage\",\"@id\":\"https:\/\/talkpal.ai\/cs\/cviceni-perske-gramatiky\/\",\"url\":\"https:\/\/talkpal.ai\/cs\/cviceni-perske-gramatiky\/\",\"name\":\"Cvi\u010den\u00ed persk\u00e9 gramatiky - Talkpal\",\"isPartOf\":{\"@id\":\"https:\/\/talkpal.ai\/cs\/#website\"},\"primaryImageOfPage\":{\"@id\":\"https:\/\/talkpal.ai\/cs\/cviceni-perske-gramatiky\/#primaryimage\"},\"image\":{\"@id\":\"https:\/\/talkpal.ai\/cs\/cviceni-perske-gramatiky\/#primaryimage\"},\"thumbnailUrl\":\"https:\/\/talkpal.ai\/wp-content\/uploads\/2023\/05\/Persian-iran.png\",\"datePublished\":\"2023-06-27T08:51:37+00:00\",\"dateModified\":\"2025-12-17T15:26:24+00:00\",\"description\":\"Zvl\u00e1dn\u011bte cvi\u010den\u00ed persk\u00e9 gramatiky, abyste pos\u00edlili sv\u00e9 jazykov\u00e9 dovednosti a poznali kulturu persky mluv\u00edc\u00edch oblast\u00ed.\",\"breadcrumb\":{\"@id\":\"https:\/\/talkpal.ai\/cs\/cviceni-perske-gramatiky\/#breadcrumb\"},\"inLanguage\":\"cs\",\"potentialAction\":[{\"@type\":\"ReadAction\",\"target\":[\"https:\/\/talkpal.ai\/cs\/cviceni-perske-gramatiky\/\"]}]},{\"@type\":\"ImageObject\",\"inLanguage\":\"cs\",\"@id\":\"https:\/\/talkpal.ai\/cs\/cviceni-perske-gramatiky\/#primaryimage\",\"url\":\"https:\/\/talkpal.ai\/wp-content\/uploads\/2023\/05\/Persian-iran.png\",\"contentUrl\":\"https:\/\/talkpal.ai\/wp-content\/uploads\/2023\/05\/Persian-iran.png\",\"width\":512,\"height\":512},{\"@type\":\"BreadcrumbList\",\"@id\":\"https:\/\/talkpal.ai\/cs\/cviceni-perske-gramatiky\/#breadcrumb\",\"itemListElement\":[{\"@type\":\"ListItem\",\"position\":1,\"name\":\"Homepage\",\"item\":\"https:\/\/talkpal.ai\/cs\/\"},{\"@type\":\"ListItem\",\"position\":2,\"name\":\"Cvi\u010den\u00ed persk\u00e9 gramatiky\"}]},{\"@type\":\"WebSite\",\"@id\":\"https:\/\/talkpal.ai\/cs\/#website\",\"url\":\"https:\/\/talkpal.ai\/cs\/\",\"name\":\"Talkpal\",\"description\":\"AI Language Learning\",\"publisher\":{\"@id\":\"https:\/\/talkpal.ai\/cs\/#organization\"},\"alternateName\":\"Talkpal AI\",\"potentialAction\":[{\"@type\":\"SearchAction\",\"target\":{\"@type\":\"EntryPoint\",\"urlTemplate\":\"https:\/\/talkpal.ai\/cs\/?s={search_term_string}\"},\"query-input\":{\"@type\":\"PropertyValueSpecification\",\"valueRequired\":true,\"valueName\":\"search_term_string\"}}],\"inLanguage\":\"cs\"},{\"@type\":\"Organization\",\"@id\":\"https:\/\/talkpal.ai\/cs\/#organization\",\"name\":\"Talkpal, Inc.\",\"alternateName\":\"Talkpal AI\",\"url\":\"https:\/\/talkpal.ai\/cs\/\",\"logo\":{\"@type\":\"ImageObject\",\"inLanguage\":\"cs\",\"@id\":\"https:\/\/talkpal.ai\/cs\/#\/schema\/logo\/image\/\",\"url\":\"https:\/\/talkpal.ai\/wp-content\/uploads\/2024\/03\/Talkpal-Logo-Icon.png\",\"contentUrl\":\"https:\/\/talkpal.ai\/wp-content\/uploads\/2024\/03\/Talkpal-Logo-Icon.png\",\"width\":2880,\"height\":2880,\"caption\":\"Talkpal, Inc.\"},\"image\":{\"@id\":\"https:\/\/talkpal.ai\/cs\/#\/schema\/logo\/image\/\"},\"sameAs\":[\"https:\/\/www.facebook.com\/profile.php?id=100090733639311\",\"https:\/\/x.com\/talkpalai\",\"https:\/\/www.linkedin.com\/company\/talkpal\/\",\"https:\/\/www.youtube.com\/@TalkPal\/\",\"https:\/\/www.tiktok.com\/@talkpal\",\"https:\/\/www.instagram.com\/talkpal_ai\/\",\"https:\/\/www.crunchbase.com\/organization\/talkpal-9cde\",\"https:\/\/www.g2.com\/products\/talkpal-for-business\/\",\"https:\/\/www.trustpilot.com\/review\/talkpal.ai\",\"https:\/\/www.capterra.com\/p\/10006800\/TalkPal\/\"],\"description\":\"Talkpal is a language learning web and mobile education app, powered by the latest AI technologies, that provides engaging experiences to its customers in many different languages to help them improve their language skills. Users can chat about unlimited amount of topics with the app and use other modes to practice their language learning.\",\"email\":\"support@talkpal.ai\",\"legalName\":\"Talkpal, Inc.\",\"foundingDate\":\"2023-04-03\",\"duns\":\"118989042\",\"numberOfEmployees\":{\"@type\":\"QuantitativeValue\",\"minValue\":\"11\",\"maxValue\":\"50\"},\"publishingPrinciples\":\"https:\/\/talkpal.ai\/publishing-principles\/\",\"actionableFeedbackPolicy\":\"https:\/\/talkpal.ai\/actionable-feedback-policy\/\",\"correctionsPolicy\":\"https:\/\/talkpal.ai\/corrections-policy\/\",\"ethicsPolicy\":\"https:\/\/talkpal.ai\/ethics-policy\/\",\"diversityPolicy\":\"https:\/\/talkpal.ai\/diversity-policy\/\",\"diversityStaffingReport\":\"https:\/\/talkpal.ai\/diversity-policy\/\"}]}<\/script>\n<!-- \/ Yoast SEO Premium plugin. -->","yoast_head_json":{"title":"Cvi\u010den\u00ed persk\u00e9 gramatiky - Talkpal","description":"Zvl\u00e1dn\u011bte cvi\u010den\u00ed persk\u00e9 gramatiky, abyste pos\u00edlili sv\u00e9 jazykov\u00e9 dovednosti a poznali kulturu persky mluv\u00edc\u00edch oblast\u00ed.","robots":{"index":"index","follow":"follow","max-snippet":"max-snippet:-1","max-image-preview":"max-image-preview:large","max-video-preview":"max-video-preview:-1"},"canonical":"https:\/\/talkpal.ai\/cs\/cviceni-perske-gramatiky\/","og_locale":"cs_CZ","og_type":"article","og_title":"Cvi\u010den\u00ed persk\u00e9 gramatiky","og_description":"T\u00e9mata persk\u00e9 gramatiky Studium per\u0161tiny, zn\u00e1m\u00e9 tak\u00e9 jako per\u0161tina, m\u016f\u017ee b\u00fdt vzru\u0161uj\u00edc\u00ed a obohacuj\u00edc\u00ed cestou, kter\u00e1 otev\u00edr\u00e1 nov\u00e9 p\u0159\u00edle\u017eitosti k pochopen\u00ed","og_url":"https:\/\/talkpal.ai\/cs\/cviceni-perske-gramatiky\/","og_site_name":"Talkpal","article_publisher":"https:\/\/www.facebook.com\/profile.php?id=100090733639311","article_modified_time":"2025-12-17T15:26:24+00:00","og_image":[{"width":512,"height":512,"url":"https:\/\/talkpal.ai\/wp-content\/uploads\/2023\/05\/Persian-iran.png","type":"image\/png"}],"twitter_card":"summary_large_image","twitter_site":"@talkpalai","twitter_misc":{"Odhadovan\u00e1 doba \u010dten\u00ed":"3 minuty"},"schema":{"@context":"https:\/\/schema.org","@graph":[{"@type":"WebPage","@id":"https:\/\/talkpal.ai\/cs\/cviceni-perske-gramatiky\/","url":"https:\/\/talkpal.ai\/cs\/cviceni-perske-gramatiky\/","name":"Cvi\u010den\u00ed persk\u00e9 gramatiky - Talkpal","isPartOf":{"@id":"https:\/\/talkpal.ai\/cs\/#website"},"primaryImageOfPage":{"@id":"https:\/\/talkpal.ai\/cs\/cviceni-perske-gramatiky\/#primaryimage"},"image":{"@id":"https:\/\/talkpal.ai\/cs\/cviceni-perske-gramatiky\/#primaryimage"},"thumbnailUrl":"https:\/\/talkpal.ai\/wp-content\/uploads\/2023\/05\/Persian-iran.png","datePublished":"2023-06-27T08:51:37+00:00","dateModified":"2025-12-17T15:26:24+00:00","description":"Zvl\u00e1dn\u011bte cvi\u010den\u00ed persk\u00e9 gramatiky, abyste pos\u00edlili sv\u00e9 jazykov\u00e9 dovednosti a poznali kulturu persky mluv\u00edc\u00edch oblast\u00ed.","breadcrumb":{"@id":"https:\/\/talkpal.ai\/cs\/cviceni-perske-gramatiky\/#breadcrumb"},"inLanguage":"cs","potentialAction":[{"@type":"ReadAction","target":["https:\/\/talkpal.ai\/cs\/cviceni-perske-gramatiky\/"]}]},{"@type":"ImageObject","inLanguage":"cs","@id":"https:\/\/talkpal.ai\/cs\/cviceni-perske-gramatiky\/#primaryimage","url":"https:\/\/talkpal.ai\/wp-content\/uploads\/2023\/05\/Persian-iran.png","contentUrl":"https:\/\/talkpal.ai\/wp-content\/uploads\/2023\/05\/Persian-iran.png","width":512,"height":512},{"@type":"BreadcrumbList","@id":"https:\/\/talkpal.ai\/cs\/cviceni-perske-gramatiky\/#breadcrumb","itemListElement":[{"@type":"ListItem","position":1,"name":"Homepage","item":"https:\/\/talkpal.ai\/cs\/"},{"@type":"ListItem","position":2,"name":"Cvi\u010den\u00ed persk\u00e9 gramatiky"}]},{"@type":"WebSite","@id":"https:\/\/talkpal.ai\/cs\/#website","url":"https:\/\/talkpal.ai\/cs\/","name":"Talkpal","description":"AI Language Learning","publisher":{"@id":"https:\/\/talkpal.ai\/cs\/#organization"},"alternateName":"Talkpal AI","potentialAction":[{"@type":"SearchAction","target":{"@type":"EntryPoint","urlTemplate":"https:\/\/talkpal.ai\/cs\/?s={search_term_string}"},"query-input":{"@type":"PropertyValueSpecification","valueRequired":true,"valueName":"search_term_string"}}],"inLanguage":"cs"},{"@type":"Organization","@id":"https:\/\/talkpal.ai\/cs\/#organization","name":"Talkpal, Inc.","alternateName":"Talkpal AI","url":"https:\/\/talkpal.ai\/cs\/","logo":{"@type":"ImageObject","inLanguage":"cs","@id":"https:\/\/talkpal.ai\/cs\/#\/schema\/logo\/image\/","url":"https:\/\/talkpal.ai\/wp-content\/uploads\/2024\/03\/Talkpal-Logo-Icon.png","contentUrl":"https:\/\/talkpal.ai\/wp-content\/uploads\/2024\/03\/Talkpal-Logo-Icon.png","width":2880,"height":2880,"caption":"Talkpal, Inc."},"image":{"@id":"https:\/\/talkpal.ai\/cs\/#\/schema\/logo\/image\/"},"sameAs":["https:\/\/www.facebook.com\/profile.php?id=100090733639311","https:\/\/x.com\/talkpalai","https:\/\/www.linkedin.com\/company\/talkpal\/","https:\/\/www.youtube.com\/@TalkPal\/","https:\/\/www.tiktok.com\/@talkpal","https:\/\/www.instagram.com\/talkpal_ai\/","https:\/\/www.crunchbase.com\/organization\/talkpal-9cde","https:\/\/www.g2.com\/products\/talkpal-for-business\/","https:\/\/www.trustpilot.com\/review\/talkpal.ai","https:\/\/www.capterra.com\/p\/10006800\/TalkPal\/"],"description":"Talkpal is a language learning web and mobile education app, powered by the latest AI technologies, that provides engaging experiences to its customers in many different languages to help them improve their language skills. Users can chat about unlimited amount of topics with the app and use other modes to practice their language learning.","email":"support@talkpal.ai","legalName":"Talkpal, Inc.","foundingDate":"2023-04-03","duns":"118989042","numberOfEmployees":{"@type":"QuantitativeValue","minValue":"11","maxValue":"50"},"publishingPrinciples":"https:\/\/talkpal.ai\/publishing-principles\/","actionableFeedbackPolicy":"https:\/\/talkpal.ai\/actionable-feedback-policy\/","correctionsPolicy":"https:\/\/talkpal.ai\/corrections-policy\/","ethicsPolicy":"https:\/\/talkpal.ai\/ethics-policy\/","diversityPolicy":"https:\/\/talkpal.ai\/diversity-policy\/","diversityStaffingReport":"https:\/\/talkpal.ai\/diversity-policy\/"}]}},"_links":{"self":[{"href":"https:\/\/talkpal.ai\/cs\/wp-json\/wp\/v2\/pages\/158193","targetHints":{"allow":["GET"]}}],"collection":[{"href":"https:\/\/talkpal.ai\/cs\/wp-json\/wp\/v2\/pages"}],"about":[{"href":"https:\/\/talkpal.ai\/cs\/wp-json\/wp\/v2\/types\/page"}],"author":[{"embeddable":true,"href":"https:\/\/talkpal.ai\/cs\/wp-json\/wp\/v2\/users\/6"}],"replies":[{"embeddable":true,"href":"https:\/\/talkpal.ai\/cs\/wp-json\/wp\/v2\/comments?post=158193"}],"version-history":[{"count":0,"href":"https:\/\/talkpal.ai\/cs\/wp-json\/wp\/v2\/pages\/158193\/revisions"}],"wp:featuredmedia":[{"embeddable":true,"href":"https:\/\/talkpal.ai\/cs\/wp-json\/wp\/v2\/media\/117138"}],"wp:attachment":[{"href":"https:\/\/talkpal.ai\/cs\/wp-json\/wp\/v2\/media?parent=158193"}],"curies":[{"name":"wp","href":"https:\/\/api.w.org\/{rel}","templated":true}]}}