{"id":157900,"date":"2023-06-27T09:07:34","date_gmt":"2023-06-27T09:07:34","guid":{"rendered":"http:\/\/talkpal.ai\/cviceni-z-polske-gramatiky\/"},"modified":"2025-12-17T09:55:00","modified_gmt":"2025-12-17T09:55:00","slug":"cviceni-z-polske-gramatiky","status":"publish","type":"page","link":"https:\/\/talkpal.ai\/cs\/cviceni-z-polske-gramatiky\/","title":{"rendered":"Cvi\u010den\u00ed z polsk\u00e9 gramatiky"},"content":{"rendered":"\r\n\r\n\r\n<section class=\"languageChallengeSection\">\r\n    <div class=\"languageInfoWrapper\">\r\n        \r\n        <h1>Cvi\u010den\u00ed z polsk\u00e9 gramatiky<\/h1>\r\n        <p>Jste p\u0159ipraveni zdokonalit sv\u00e9 znalosti pol\u0161tiny? Procvi\u010dov\u00e1n\u00ed gramatick\u00fdch cvi\u010den\u00ed je skv\u011bl\u00fdm zp\u016fsobem, jak si osvojit strukturu v\u011bt, \u010dasov\u00e1n\u00ed sloves a jedine\u010dn\u00e9 vzory pol\u0161tiny. Za\u010dn\u011bte pracovat na polsk\u00e9 gramatice je\u0161t\u011b dnes a uvid\u00edte, jak se s ka\u017ed\u00fdm cvi\u010den\u00edm zlep\u0161\u00ed va\u0161e sebev\u011bdom\u00ed a plynulost!\n\n<\/p>\r\n\r\n                            <a class=\"getStartedHidden\" href=\"https:\/\/app.talkpal.ai\/cs\/signup?lng=\">Za\u010dni<\/a>\r\n        \r\n    <\/div>\r\n\r\n    <figure>\r\n    <img decoding=\"async\" width=\"768\" height=\"768\" src=\"https:\/\/talkpal.ai\/wp-content\/uploads\/2023\/06\/polish-768x768.png\" class=\"languageImage no-lazy\" alt=\"Practical tips on language learning techniques\" fetchpriority=\"high\" sizes=\"(max-width: 768px) 150px, 768px\" srcset=\"https:\/\/talkpal.ai\/wp-content\/uploads\/2023\/06\/polish-768x768.png 768w, https:\/\/talkpal.ai\/wp-content\/uploads\/2023\/06\/polish-300x300.png 300w\" \/>\r\n    \r\n\r\n    <\/figure>\r\n\r\n            <a class=\"getStartedVisible\" href=\"https:\/\/app.talkpal.ai\/cs\/signup?lng=\">Za\u010dni<\/a>\r\n    \r\n<\/section>\r\n\r\n\r\n<!-- <section class=\"grammarSection\">\r\n    <div class=\"grammarLinks\">\r\n            <\/div>\r\n<\/section> -->\r\n\r\n\r\n\r\n\r\n<section class=\"promotionalBanner\">\r\n    <p class=\"promotionalText\">Nejefektivn\u011bj\u0161\u00ed <a href=\"https:\/\/talkpal.ai\/best-way-to-learn\/\">zp\u016fsob<\/a>, jak se nau\u010dit jazyk<\/p>\r\n    <a class=\"promotionalLink\" href=\"https:\/\/app.talkpal.ai\/cs\/signup?lng=\">Vyzkou\u0161ejte Talkpal zdarma<\/a>\r\n<\/section>\n<div class=\"wp-block-group pageContainerStyle\"><div class=\"wp-block-group__inner-container is-layout-constrained wp-block-group-is-layout-constrained\">\n<h2 class=\"wp-block-heading\" id=\"h-polish-grammar-topics\">T\u00e9mata polsk\u00e9 gramatiky<\/h2>\n\n\n\n<p><a href=\"https:\/\/talkpal.ai\/learn-polish\/\">Pol\u0161tina<\/a>, z\u00e1padoslovansk\u00fd jazyk, je rodn\u00fdm jazykem <a href=\"https:\/\/talkpal.ai\/learn-polish\/\">Polska<\/a> a mluv\u00ed j\u00edm miliony lid\u00ed po cel\u00e9m sv\u011bt\u011b. D\u00edky slo\u017eit\u00e9mu gramatick\u00e9mu syst\u00e9mu a jedine\u010dn\u00e9 v\u00fdslovnosti m\u016f\u017ee b\u00fdt v\u00fduka pol\u0161tiny pom\u011brn\u011b n\u00e1ro\u010dn\u00e1, ale tak\u00e9 obohacuj\u00edc\u00ed. Pro dobr\u00e9 pochopen\u00ed a zvl\u00e1dnut\u00ed jazyka je nezbytn\u00e9 nau\u010dit se jeho gramatick\u00e1 pravidla ve strukturovan\u00e9m a logick\u00e9m sledu. V t\u00e9to p\u0159\u00edru\u010dce se sezn\u00e1m\u00edme s hlavn\u00edmi gramatick\u00fdmi t\u00e9maty v pol\u0161tin\u011b, jako jsou \u010dasy, slovesa, podstatn\u00e1 jm\u00e9na, \u010dleny, z\u00e1jmena, p\u0159\u00eddavn\u00e1 jm\u00e9na, p\u0159\u00edslovce, kondicion\u00e1ly, p\u0159edlo\u017eky a v\u011btn\u00e9 struktury. Dodr\u017eov\u00e1n\u00edm t\u00e9to sekvence budete moci postupn\u011b budovat sv\u00e9 znalosti polsk\u00e9ho jazyka a efektivn\u011b komunikovat.<\/p>\n\n\n\n<h3 class=\"wp-block-heading\" id=\"h-1-nouns\">1. Podstatn\u00e1 jm\u00e9na:<\/h3>\n\n\n\n<p>V pol\u0161tin\u011b se podstatn\u00e1 jm\u00e9na d\u011bl\u00ed na t\u0159i rody: mu\u017esk\u00fd, \u017eensk\u00fd a st\u0159edn\u00ed. Maj\u00ed tak\u00e9 sedm p\u00e1d\u016f: nominativ, genitiv, dativ, akuzativ, instrument\u00e1l, lokativ a vokativ. Osvojen\u00ed si rodu a p\u00e1dov\u00e9ho syst\u00e9mu je z\u00e1sadn\u00ed pro pochopen\u00ed v\u011btn\u00fdch struktur a pou\u017e\u00edv\u00e1n\u00ed spr\u00e1vn\u00fdch tvar\u016f dal\u0161\u00edch gramatick\u00fdch prvk\u016f, jako jsou p\u0159\u00eddavn\u00e1 jm\u00e9na a z\u00e1jmena.<\/p>\n\n\n\n<h3 class=\"wp-block-heading\" id=\"h-2-pronouns-determiners\">2. Z\u00e1jmena\/determinanty:<\/h3>\n\n\n\n<p>Polsk\u00e1 z\u00e1jmena a determinanty se shoduj\u00ed s podstatn\u00fdmi jm\u00e9ny v rod\u011b, \u010d\u00edsle a p\u00e1du. Pat\u0159\u00ed mezi n\u011b osobn\u00ed, p\u0159ivlast\u0148ovac\u00ed, ukazovac\u00ed, t\u00e1zac\u00ed a <a href=\"https:\/\/talkpal.ai\/cs\/grammar_exercises\/cviceni-vztazna-zajmena-pro-anglickou-gramatiku\/\">vzta\u017en\u00e1 z\u00e1jmena<\/a>. Zvl\u00e1dnut\u00ed pou\u017e\u00edv\u00e1n\u00ed z\u00e1jmen a determinant\u016f pom\u00e1h\u00e1 p\u0159i vytv\u00e1\u0159en\u00ed slo\u017eit\u011bj\u0161\u00edch v\u011bt a vyjad\u0159ov\u00e1n\u00ed r\u016fzn\u00fdch vztah\u016f mezi slovy.<\/p>\n\n\n\n<h3 class=\"wp-block-heading\" id=\"h-3-adjectives\">3. P\u0159\u00eddavn\u00e1 jm\u00e9na:<\/h3>\n\n\n\n<p>P\u0159\u00eddavn\u00e1 jm\u00e9na v pol\u0161tin\u011b souhlas\u00ed s podstatn\u00fdmi jm\u00e9ny v rod\u011b, \u010d\u00edsle a p\u00e1du. Na z\u00e1klad\u011b t\u011bchto faktor\u016f maj\u00ed r\u016fzn\u00e9 tvary, tak\u017ee pro spr\u00e1vn\u00e9 pou\u017e\u00edv\u00e1n\u00ed a pochopen\u00ed popisn\u00fdch fr\u00e1z\u00ed je nezbytn\u00e9 nau\u010dit se sklo\u0148ov\u00e1n\u00ed p\u0159\u00eddavn\u00fdch jmen.<\/p>\n\n\n\n<h3 class=\"wp-block-heading\" id=\"h-4-verbs\">4. Slovesa:<\/h3>\n\n\n\n<p>Polsk\u00fd slovesn\u00fd syst\u00e9m se skl\u00e1d\u00e1 ze t\u0159\u00ed \u010das\u016f: minul\u00e9ho, p\u0159\u00edtomn\u00e9ho a budouc\u00edho. Slovesa maj\u00ed tak\u00e9 r\u016fzn\u00e9 tvary v z\u00e1vislosti na vidu (dokonav\u00fd nebo nedokonav\u00fd) a vzorc\u00edch \u010dasov\u00e1n\u00ed. Osvojen\u00ed si z\u00e1klad\u016f \u010dasov\u00e1n\u00ed a vidu sloves je z\u00e1sadn\u00ed pro vyjad\u0159ov\u00e1n\u00ed d\u011bj\u016f, ud\u00e1lost\u00ed a stav\u016f v r\u016fzn\u00fdch \u010dasov\u00fdch r\u00e1mc\u00edch.<\/p>\n\n\n\n<h3 class=\"wp-block-heading\" id=\"h-5-tense-comparison\">5. Srovn\u00e1n\u00ed \u010das\u016f:<\/h3>\n\n\n\n<p>Pochopen\u00ed rozd\u00edl\u016f a podobnost\u00ed mezi t\u0159emi \u010dasy v pol\u0161tin\u011b v\u00e1m umo\u017en\u00ed p\u0159esn\u011b vyj\u00e1d\u0159it \u010dasov\u00e9 vztahy. To zahrnuje vytv\u00e1\u0159en\u00ed a pou\u017e\u00edv\u00e1n\u00ed jednoduch\u00fdch, progresivn\u00edch a dokonal\u00fdch progresivn\u00edch forem.<\/p>\n\n\n\n<h3 class=\"wp-block-heading\" id=\"h-6-adverbs\">6. P\u0159\u00edslovce:<\/h3>\n\n\n\n<p>P\u0159\u00edslovce v pol\u0161tin\u011b poskytuj\u00ed dal\u0161\u00ed informace o slovesech, p\u0159\u00eddavn\u00fdch jm\u00e9nech nebo jin\u00fdch p\u0159\u00edslovc\u00edch. Obvykle nem\u011bn\u00ed svou podobu, tak\u017ee je pom\u011brn\u011b snadn\u00e9 se je nau\u010dit. Znalost spr\u00e1vn\u00e9ho pou\u017e\u00edv\u00e1n\u00ed p\u0159\u00edslovc\u00ed zvy\u0161uje expresivitu va\u0161eho jazyka.<\/p>\n\n\n\n<h3 class=\"wp-block-heading\" id=\"h-7-prepositions\">7. P\u0159edlo\u017eky:<\/h3>\n\n\n\n<p>Polsk\u00e9 p\u0159edlo\u017eky ur\u010duj\u00ed konkr\u00e9tn\u00ed p\u00e1dy a ukazuj\u00ed vztahy mezi slovy ve v\u011bt\u011b. Nau\u010dit se spr\u00e1vn\u011b pou\u017e\u00edvat p\u0159edlo\u017eky a jejich p\u00e1dy je z\u00e1sadn\u00ed pro vytv\u00e1\u0159en\u00ed slo\u017eit\u011bj\u0161\u00edch v\u011bt a vyjad\u0159ov\u00e1n\u00ed r\u016fzn\u00fdch vztah\u016f mezi slovy.<\/p>\n\n\n\n<h3 class=\"wp-block-heading\" id=\"h-8-conditionals\">8. Podm\u00ednkov\u00e9 v\u011bty:<\/h3>\n\n\n\n<p>Podmi\u0148ovac\u00ed zp\u016fsob v pol\u0161tin\u011b vyjad\u0159uje hypotetick\u00e9 situace a jejich d\u016fsledky. Obvykle se skl\u00e1daj\u00ed ze dvou klauzul\u00ed: podm\u00ednky (v\u011bta if) a v\u00fdsledku (v\u011bta hlavn\u00ed). Nau\u010dit se tvo\u0159it a pou\u017e\u00edvat kondicion\u00e1ly v\u00e1m umo\u017en\u00ed p\u0159esn\u011b vyj\u00e1d\u0159it hypotetick\u00e9 situace a jejich d\u016fsledky.<\/p>\n\n\n\n<h3 class=\"wp-block-heading\" id=\"h-9-sentences\">9. V\u011bty:<\/h3>\n\n\n\n<p>Pro efektivn\u00ed komunikaci v pol\u0161tin\u011b je nezbytn\u00e9 porozum\u011bt z\u00e1kladn\u00edm v\u011btn\u00fdm struktur\u00e1m, v\u010detn\u011b oznamovac\u00edch, t\u00e1zac\u00edch, rozkazovac\u00edch a vyk\u0159i\u010dn\u00edkov\u00fdch v\u011bt. Zvl\u00e1dnut\u00ed v\u011btn\u00fdch struktur pom\u00e1h\u00e1 p\u0159i vyjad\u0159ov\u00e1n\u00ed my\u0161lenek, kladen\u00ed ot\u00e1zek, vyd\u00e1v\u00e1n\u00ed rozkaz\u016f a vyjad\u0159ov\u00e1n\u00ed emoc\u00ed v pol\u0161tin\u011b.<\/p>\n<\/div><\/div>\n\r\n<section class=\"learnNavigationSection\">\r\n            \r\n        <a href=\"https:\/\/talkpal.ai\/cs\/naucte-se-polsky\/\">\r\n            <div class=\"learnNavigationWrapper\">\r\n                <div class=\"learnNavigationContent\">\r\n                    <img decoding=\"async\" src=\"https:\/\/talkpal.ai\/wp-content\/uploads\/2024\/08\/Polish.jpg\" alt=\"Polish Flag\">\r\n                    <div>\r\n                        <h4>O polsk\u00e9m vzd\u011bl\u00e1v\u00e1n\u00ed<\/h4>\r\n                        <p>Zjist\u011bte v\u0161e o polsk\u00e9 gramatice.<\/p>\r\n                    <\/div>\r\n                <\/div>\r\n            <\/div>\r\n        <\/a>\r\n\r\n        \r\n        <a href=\"https:\/\/talkpal.ai\/cs\/polska-gramatika\/\">\r\n            <div class=\"learnNavigationWrapper\">\r\n                <div class=\"learnNavigationContent\">\r\n                    <img decoding=\"async\" src=\"https:\/\/talkpal.ai\/wp-content\/uploads\/2024\/08\/Polish.jpg\" alt=\"Polish Flag\">\r\n                    <div>\r\n                        <h4>Lekce polsk\u00e9 gramatiky<\/h4>\r\n                        <p>Procvi\u010dte si polskou gramatiku.<\/p>\r\n                    <\/div>\r\n                <\/div>\r\n            <\/div>\r\n        <\/a>\r\n\r\n        \r\n        <a href=\"https:\/\/talkpal.ai\/vocabulary_language\/polish\/\">\r\n            <div class=\"learnNavigationWrapper\">\r\n                <div class=\"learnNavigationContent\">\r\n                    <img decoding=\"async\" src=\"https:\/\/talkpal.ai\/wp-content\/uploads\/2024\/08\/Polish.jpg\" alt=\"Polish Flag\">\r\n                    <div>\r\n                        <h4>Polsk\u00e1 slovn\u00ed z\u00e1soba<\/h4>\r\n                        <p>Roz\u0161i\u0159te si polskou slovn\u00ed z\u00e1sobu.<\/p>\r\n                    <\/div>\r\n                <\/div>\r\n            <\/div>\r\n        <\/a>\r\n\r\n            <\/section>","protected":false},"excerpt":{"rendered":"<p>T\u00e9mata polsk\u00e9 gramatiky Pol\u0161tina, z\u00e1padoslovansk\u00fd jazyk, je rodn\u00fdm jazykem Polska a mluv\u00ed j\u00edm miliony lid\u00ed po cel\u00e9m sv\u011bt\u011b. D\u00edky slo\u017eit\u00e9mu gramatick\u00e9mu syst\u00e9mu a jedine\u010dn\u00e9 v\u00fdslovnosti m\u016f\u017ee b\u00fdt v\u00fduka pol\u0161tiny pom\u011brn\u011b n\u00e1ro\u010dn\u00e1, ale tak\u00e9 obohacuj\u00edc\u00ed. Pro dobr\u00e9 pochopen\u00ed a zvl\u00e1dnut\u00ed jazyka je nezbytn\u00e9 nau\u010dit se jeho gramatick\u00e1 pravidla ve strukturovan\u00e9m a logick\u00e9m sledu. V t\u00e9to p\u0159\u00edru\u010dce [&hellip;]<\/p>\n","protected":false},"author":6,"featured_media":117417,"parent":0,"menu_order":0,"comment_status":"closed","ping_status":"closed","template":"LearningContentPage.php","meta":{"_acf_changed":false,"footnotes":""},"class_list":["post-157900","page","type-page","status-publish","has-post-thumbnail","hentry"],"acf":[],"yoast_head":"<!-- This site is optimized with the Yoast SEO Premium plugin v27.2 (Yoast SEO v27.2) - https:\/\/yoast.com\/product\/yoast-seo-premium-wordpress\/ -->\n<title>Cvi\u010den\u00ed z polsk\u00e9 gramatiky - Talkpal<\/title>\n<meta name=\"description\" content=\"Zvl\u00e1dn\u011bte polskou gramatiku pomoc\u00ed interaktivn\u00edch cvi\u010den\u00ed ur\u010den\u00fdch pro v\u0161echny \u00farovn\u011b. Procvi\u010dte si a zlep\u0161ete sv\u00e9 jazykov\u00e9 znalosti!\" \/>\n<meta name=\"robots\" content=\"index, follow, max-snippet:-1, max-image-preview:large, max-video-preview:-1\" \/>\n<link rel=\"canonical\" href=\"https:\/\/talkpal.ai\/cs\/cviceni-z-polske-gramatiky\/\" \/>\n<meta property=\"og:locale\" content=\"cs_CZ\" \/>\n<meta property=\"og:type\" content=\"article\" \/>\n<meta property=\"og:title\" content=\"Cvi\u010den\u00ed z polsk\u00e9 gramatiky\" \/>\n<meta property=\"og:description\" content=\"T\u00e9mata polsk\u00e9 gramatiky Pol\u0161tina, z\u00e1padoslovansk\u00fd jazyk, je rodn\u00fdm jazykem Polska a mluv\u00ed j\u00edm miliony lid\u00ed po cel\u00e9m sv\u011bt\u011b. D\u00edky slo\u017eit\u00e9mu gramatick\u00e9mu\" \/>\n<meta property=\"og:url\" content=\"https:\/\/talkpal.ai\/cs\/cviceni-z-polske-gramatiky\/\" \/>\n<meta property=\"og:site_name\" content=\"Talkpal\" \/>\n<meta property=\"article:publisher\" content=\"https:\/\/www.facebook.com\/profile.php?id=100090733639311\" \/>\n<meta property=\"article:modified_time\" content=\"2025-12-17T09:55:00+00:00\" \/>\n<meta property=\"og:image\" content=\"https:\/\/talkpal.ai\/wp-content\/uploads\/2023\/05\/poland.png\" \/>\n\t<meta property=\"og:image:width\" content=\"512\" \/>\n\t<meta property=\"og:image:height\" content=\"512\" \/>\n\t<meta property=\"og:image:type\" content=\"image\/png\" \/>\n<meta name=\"twitter:card\" content=\"summary_large_image\" \/>\n<meta name=\"twitter:site\" content=\"@talkpalai\" \/>\n<meta name=\"twitter:label1\" content=\"Odhadovan\u00e1 doba \u010dten\u00ed\" \/>\n\t<meta name=\"twitter:data1\" content=\"3 minuty\" \/>\n<script type=\"application\/ld+json\" class=\"yoast-schema-graph\">{\"@context\":\"https:\/\/schema.org\",\"@graph\":[{\"@type\":\"WebPage\",\"@id\":\"https:\/\/talkpal.ai\/cs\/cviceni-z-polske-gramatiky\/\",\"url\":\"https:\/\/talkpal.ai\/cs\/cviceni-z-polske-gramatiky\/\",\"name\":\"Cvi\u010den\u00ed z polsk\u00e9 gramatiky - Talkpal\",\"isPartOf\":{\"@id\":\"https:\/\/talkpal.ai\/cs\/#website\"},\"primaryImageOfPage\":{\"@id\":\"https:\/\/talkpal.ai\/cs\/cviceni-z-polske-gramatiky\/#primaryimage\"},\"image\":{\"@id\":\"https:\/\/talkpal.ai\/cs\/cviceni-z-polske-gramatiky\/#primaryimage\"},\"thumbnailUrl\":\"https:\/\/talkpal.ai\/wp-content\/uploads\/2023\/05\/poland.png\",\"datePublished\":\"2023-06-27T09:07:34+00:00\",\"dateModified\":\"2025-12-17T09:55:00+00:00\",\"description\":\"Zvl\u00e1dn\u011bte polskou gramatiku pomoc\u00ed interaktivn\u00edch cvi\u010den\u00ed ur\u010den\u00fdch pro v\u0161echny \u00farovn\u011b. Procvi\u010dte si a zlep\u0161ete sv\u00e9 jazykov\u00e9 znalosti!\",\"breadcrumb\":{\"@id\":\"https:\/\/talkpal.ai\/cs\/cviceni-z-polske-gramatiky\/#breadcrumb\"},\"inLanguage\":\"cs\",\"potentialAction\":[{\"@type\":\"ReadAction\",\"target\":[\"https:\/\/talkpal.ai\/cs\/cviceni-z-polske-gramatiky\/\"]}]},{\"@type\":\"ImageObject\",\"inLanguage\":\"cs\",\"@id\":\"https:\/\/talkpal.ai\/cs\/cviceni-z-polske-gramatiky\/#primaryimage\",\"url\":\"https:\/\/talkpal.ai\/wp-content\/uploads\/2023\/05\/poland.png\",\"contentUrl\":\"https:\/\/talkpal.ai\/wp-content\/uploads\/2023\/05\/poland.png\",\"width\":512,\"height\":512},{\"@type\":\"BreadcrumbList\",\"@id\":\"https:\/\/talkpal.ai\/cs\/cviceni-z-polske-gramatiky\/#breadcrumb\",\"itemListElement\":[{\"@type\":\"ListItem\",\"position\":1,\"name\":\"Homepage\",\"item\":\"https:\/\/talkpal.ai\/cs\/\"},{\"@type\":\"ListItem\",\"position\":2,\"name\":\"Cvi\u010den\u00ed z polsk\u00e9 gramatiky\"}]},{\"@type\":\"WebSite\",\"@id\":\"https:\/\/talkpal.ai\/cs\/#website\",\"url\":\"https:\/\/talkpal.ai\/cs\/\",\"name\":\"Talkpal\",\"description\":\"AI Language Learning\",\"publisher\":{\"@id\":\"https:\/\/talkpal.ai\/cs\/#organization\"},\"alternateName\":\"Talkpal AI\",\"potentialAction\":[{\"@type\":\"SearchAction\",\"target\":{\"@type\":\"EntryPoint\",\"urlTemplate\":\"https:\/\/talkpal.ai\/cs\/?s={search_term_string}\"},\"query-input\":{\"@type\":\"PropertyValueSpecification\",\"valueRequired\":true,\"valueName\":\"search_term_string\"}}],\"inLanguage\":\"cs\"},{\"@type\":\"Organization\",\"@id\":\"https:\/\/talkpal.ai\/cs\/#organization\",\"name\":\"Talkpal, Inc.\",\"alternateName\":\"Talkpal AI\",\"url\":\"https:\/\/talkpal.ai\/cs\/\",\"logo\":{\"@type\":\"ImageObject\",\"inLanguage\":\"cs\",\"@id\":\"https:\/\/talkpal.ai\/cs\/#\/schema\/logo\/image\/\",\"url\":\"https:\/\/talkpal.ai\/wp-content\/uploads\/2024\/03\/Talkpal-Logo-Icon.png\",\"contentUrl\":\"https:\/\/talkpal.ai\/wp-content\/uploads\/2024\/03\/Talkpal-Logo-Icon.png\",\"width\":2880,\"height\":2880,\"caption\":\"Talkpal, Inc.\"},\"image\":{\"@id\":\"https:\/\/talkpal.ai\/cs\/#\/schema\/logo\/image\/\"},\"sameAs\":[\"https:\/\/www.facebook.com\/profile.php?id=100090733639311\",\"https:\/\/x.com\/talkpalai\",\"https:\/\/www.linkedin.com\/company\/talkpal\/\",\"https:\/\/www.youtube.com\/@TalkPal\/\",\"https:\/\/www.tiktok.com\/@talkpal\",\"https:\/\/www.instagram.com\/talkpal_ai\/\",\"https:\/\/www.crunchbase.com\/organization\/talkpal-9cde\",\"https:\/\/www.g2.com\/products\/talkpal-for-business\/\",\"https:\/\/www.trustpilot.com\/review\/talkpal.ai\",\"https:\/\/www.capterra.com\/p\/10006800\/TalkPal\/\"],\"description\":\"Talkpal is a language learning web and mobile education app, powered by the latest AI technologies, that provides engaging experiences to its customers in many different languages to help them improve their language skills. Users can chat about unlimited amount of topics with the app and use other modes to practice their language learning.\",\"email\":\"support@talkpal.ai\",\"legalName\":\"Talkpal, Inc.\",\"foundingDate\":\"2023-04-03\",\"duns\":\"118989042\",\"numberOfEmployees\":{\"@type\":\"QuantitativeValue\",\"minValue\":\"11\",\"maxValue\":\"50\"},\"publishingPrinciples\":\"https:\/\/talkpal.ai\/publishing-principles\/\",\"actionableFeedbackPolicy\":\"https:\/\/talkpal.ai\/actionable-feedback-policy\/\",\"correctionsPolicy\":\"https:\/\/talkpal.ai\/corrections-policy\/\",\"ethicsPolicy\":\"https:\/\/talkpal.ai\/ethics-policy\/\",\"diversityPolicy\":\"https:\/\/talkpal.ai\/diversity-policy\/\",\"diversityStaffingReport\":\"https:\/\/talkpal.ai\/diversity-policy\/\"}]}<\/script>\n<!-- \/ Yoast SEO Premium plugin. -->","yoast_head_json":{"title":"Cvi\u010den\u00ed z polsk\u00e9 gramatiky - Talkpal","description":"Zvl\u00e1dn\u011bte polskou gramatiku pomoc\u00ed interaktivn\u00edch cvi\u010den\u00ed ur\u010den\u00fdch pro v\u0161echny \u00farovn\u011b. Procvi\u010dte si a zlep\u0161ete sv\u00e9 jazykov\u00e9 znalosti!","robots":{"index":"index","follow":"follow","max-snippet":"max-snippet:-1","max-image-preview":"max-image-preview:large","max-video-preview":"max-video-preview:-1"},"canonical":"https:\/\/talkpal.ai\/cs\/cviceni-z-polske-gramatiky\/","og_locale":"cs_CZ","og_type":"article","og_title":"Cvi\u010den\u00ed z polsk\u00e9 gramatiky","og_description":"T\u00e9mata polsk\u00e9 gramatiky Pol\u0161tina, z\u00e1padoslovansk\u00fd jazyk, je rodn\u00fdm jazykem Polska a mluv\u00ed j\u00edm miliony lid\u00ed po cel\u00e9m sv\u011bt\u011b. D\u00edky slo\u017eit\u00e9mu gramatick\u00e9mu","og_url":"https:\/\/talkpal.ai\/cs\/cviceni-z-polske-gramatiky\/","og_site_name":"Talkpal","article_publisher":"https:\/\/www.facebook.com\/profile.php?id=100090733639311","article_modified_time":"2025-12-17T09:55:00+00:00","og_image":[{"width":512,"height":512,"url":"https:\/\/talkpal.ai\/wp-content\/uploads\/2023\/05\/poland.png","type":"image\/png"}],"twitter_card":"summary_large_image","twitter_site":"@talkpalai","twitter_misc":{"Odhadovan\u00e1 doba \u010dten\u00ed":"3 minuty"},"schema":{"@context":"https:\/\/schema.org","@graph":[{"@type":"WebPage","@id":"https:\/\/talkpal.ai\/cs\/cviceni-z-polske-gramatiky\/","url":"https:\/\/talkpal.ai\/cs\/cviceni-z-polske-gramatiky\/","name":"Cvi\u010den\u00ed z polsk\u00e9 gramatiky - Talkpal","isPartOf":{"@id":"https:\/\/talkpal.ai\/cs\/#website"},"primaryImageOfPage":{"@id":"https:\/\/talkpal.ai\/cs\/cviceni-z-polske-gramatiky\/#primaryimage"},"image":{"@id":"https:\/\/talkpal.ai\/cs\/cviceni-z-polske-gramatiky\/#primaryimage"},"thumbnailUrl":"https:\/\/talkpal.ai\/wp-content\/uploads\/2023\/05\/poland.png","datePublished":"2023-06-27T09:07:34+00:00","dateModified":"2025-12-17T09:55:00+00:00","description":"Zvl\u00e1dn\u011bte polskou gramatiku pomoc\u00ed interaktivn\u00edch cvi\u010den\u00ed ur\u010den\u00fdch pro v\u0161echny \u00farovn\u011b. Procvi\u010dte si a zlep\u0161ete sv\u00e9 jazykov\u00e9 znalosti!","breadcrumb":{"@id":"https:\/\/talkpal.ai\/cs\/cviceni-z-polske-gramatiky\/#breadcrumb"},"inLanguage":"cs","potentialAction":[{"@type":"ReadAction","target":["https:\/\/talkpal.ai\/cs\/cviceni-z-polske-gramatiky\/"]}]},{"@type":"ImageObject","inLanguage":"cs","@id":"https:\/\/talkpal.ai\/cs\/cviceni-z-polske-gramatiky\/#primaryimage","url":"https:\/\/talkpal.ai\/wp-content\/uploads\/2023\/05\/poland.png","contentUrl":"https:\/\/talkpal.ai\/wp-content\/uploads\/2023\/05\/poland.png","width":512,"height":512},{"@type":"BreadcrumbList","@id":"https:\/\/talkpal.ai\/cs\/cviceni-z-polske-gramatiky\/#breadcrumb","itemListElement":[{"@type":"ListItem","position":1,"name":"Homepage","item":"https:\/\/talkpal.ai\/cs\/"},{"@type":"ListItem","position":2,"name":"Cvi\u010den\u00ed z polsk\u00e9 gramatiky"}]},{"@type":"WebSite","@id":"https:\/\/talkpal.ai\/cs\/#website","url":"https:\/\/talkpal.ai\/cs\/","name":"Talkpal","description":"AI Language Learning","publisher":{"@id":"https:\/\/talkpal.ai\/cs\/#organization"},"alternateName":"Talkpal AI","potentialAction":[{"@type":"SearchAction","target":{"@type":"EntryPoint","urlTemplate":"https:\/\/talkpal.ai\/cs\/?s={search_term_string}"},"query-input":{"@type":"PropertyValueSpecification","valueRequired":true,"valueName":"search_term_string"}}],"inLanguage":"cs"},{"@type":"Organization","@id":"https:\/\/talkpal.ai\/cs\/#organization","name":"Talkpal, Inc.","alternateName":"Talkpal AI","url":"https:\/\/talkpal.ai\/cs\/","logo":{"@type":"ImageObject","inLanguage":"cs","@id":"https:\/\/talkpal.ai\/cs\/#\/schema\/logo\/image\/","url":"https:\/\/talkpal.ai\/wp-content\/uploads\/2024\/03\/Talkpal-Logo-Icon.png","contentUrl":"https:\/\/talkpal.ai\/wp-content\/uploads\/2024\/03\/Talkpal-Logo-Icon.png","width":2880,"height":2880,"caption":"Talkpal, Inc."},"image":{"@id":"https:\/\/talkpal.ai\/cs\/#\/schema\/logo\/image\/"},"sameAs":["https:\/\/www.facebook.com\/profile.php?id=100090733639311","https:\/\/x.com\/talkpalai","https:\/\/www.linkedin.com\/company\/talkpal\/","https:\/\/www.youtube.com\/@TalkPal\/","https:\/\/www.tiktok.com\/@talkpal","https:\/\/www.instagram.com\/talkpal_ai\/","https:\/\/www.crunchbase.com\/organization\/talkpal-9cde","https:\/\/www.g2.com\/products\/talkpal-for-business\/","https:\/\/www.trustpilot.com\/review\/talkpal.ai","https:\/\/www.capterra.com\/p\/10006800\/TalkPal\/"],"description":"Talkpal is a language learning web and mobile education app, powered by the latest AI technologies, that provides engaging experiences to its customers in many different languages to help them improve their language skills. Users can chat about unlimited amount of topics with the app and use other modes to practice their language learning.","email":"support@talkpal.ai","legalName":"Talkpal, Inc.","foundingDate":"2023-04-03","duns":"118989042","numberOfEmployees":{"@type":"QuantitativeValue","minValue":"11","maxValue":"50"},"publishingPrinciples":"https:\/\/talkpal.ai\/publishing-principles\/","actionableFeedbackPolicy":"https:\/\/talkpal.ai\/actionable-feedback-policy\/","correctionsPolicy":"https:\/\/talkpal.ai\/corrections-policy\/","ethicsPolicy":"https:\/\/talkpal.ai\/ethics-policy\/","diversityPolicy":"https:\/\/talkpal.ai\/diversity-policy\/","diversityStaffingReport":"https:\/\/talkpal.ai\/diversity-policy\/"}]}},"_links":{"self":[{"href":"https:\/\/talkpal.ai\/cs\/wp-json\/wp\/v2\/pages\/157900","targetHints":{"allow":["GET"]}}],"collection":[{"href":"https:\/\/talkpal.ai\/cs\/wp-json\/wp\/v2\/pages"}],"about":[{"href":"https:\/\/talkpal.ai\/cs\/wp-json\/wp\/v2\/types\/page"}],"author":[{"embeddable":true,"href":"https:\/\/talkpal.ai\/cs\/wp-json\/wp\/v2\/users\/6"}],"replies":[{"embeddable":true,"href":"https:\/\/talkpal.ai\/cs\/wp-json\/wp\/v2\/comments?post=157900"}],"version-history":[{"count":0,"href":"https:\/\/talkpal.ai\/cs\/wp-json\/wp\/v2\/pages\/157900\/revisions"}],"wp:featuredmedia":[{"embeddable":true,"href":"https:\/\/talkpal.ai\/cs\/wp-json\/wp\/v2\/media\/117417"}],"wp:attachment":[{"href":"https:\/\/talkpal.ai\/cs\/wp-json\/wp\/v2\/media?parent=157900"}],"curies":[{"name":"wp","href":"https:\/\/api.w.org\/{rel}","templated":true}]}}